{"id":2763,"date":"2024-08-13T15:57:11","date_gmt":"2024-08-13T07:57:11","guid":{"rendered":"https:\/\/rmvapebang.com\/?post_type=product&#038;p=2763"},"modified":"2024-12-14T16:07:02","modified_gmt":"2024-12-14T08:07:02","slug":"mrvi-puffing-15k-puffs-wholesale-price-15000","status":"publish","type":"product","link":"https:\/\/rmvapebang.com\/lt\/product\/mrvi-puffing-15k-puffs-wholesale-price-15000\/","title":{"rendered":"MRVI PUFFING 15K Puffs didmenin\u0117 kaina, 15000 garintuv\u0173"},"content":{"rendered":"<h1>MRVI PUFFING 15K Puffs didmenin\u0117 kaina, 15000 garintuv\u0173<\/h1>\n<div class=\"flex-1 overflow-hidden\">\n<div class=\"react-scroll-to-bottom--css-rkeqe-79elbk h-full\">\n<div class=\"react-scroll-to-bottom--css-rkeqe-1n7m0yu\">\n<div class=\"flex flex-col text-sm pb-9\">\n<div class=\"w-full text-token-text-primary\" data-testid=\"conversation-turn-7\">\n<div class=\"px-4 py-2 justify-center text-base md:gap-6 m-auto\">\n<div class=\"flex flex-1 text-base mx-auto gap-3 md:px-5 lg:px-1 xl:px-5 md:max-w-3xl lg:max-w-[40rem] xl:max-w-[48rem] group final-completion\">\n<div class=\"relative flex w-full flex-col agent-turn\">\n<div class=\"flex-col gap-1 md:gap-3\">\n<div class=\"flex flex-grow flex-col max-w-full\">\n<div class=\"min-h-[20px] text-message flex flex-col items-start gap-3 whitespace-pre-wrap break-words [.text-message+&amp;]:mt-5 overflow-x-auto\" data-message-author-role=\"assistant\" data-message-id=\"a1f3b89f-a1c9-497d-a989-579b96e752e6\">\n<div class=\"markdown prose w-full break-words dark:prose-invert light\">\n<p>MRVI PUFFING 15K \u012ftraukim\u0173 didmenin\u0117 kaina 15000 vape yra puikus vienkartinis \u012fkraunamas vape, skirtas tiems, kurie ie\u0161ko patogumo ir patvarumo. MRVI 15k \u012ftraukimai suteikia patenkinam\u0105 15 000 \u012ftraukim\u0173 ir 750 mAh \u012fkraunam\u0105 baterij\u0105, kuri palaiko ilg\u0105 naudojim\u0105 be da\u017eno \u012fkrovimo. Be to, didel\u0117 25 ml talpa u\u017etikrina, kad vartotojai gal\u0117t\u0173 m\u0117gautis ilgalaike \u012ftraukim\u0173 patirtimi, o \u012fprastas Type-C \u012fkrovimo prievadas suteikia greit\u0105 ir efektyv\u0173 \u012fkrovimo b\u016bd\u0105.<\/p>\n<p>15k MRVI Puffing \u012ftraukim\u0173 si\u016blo 2 nikotino lygius: 2% ir 5%, o e-skys\u010dio ir galios ekrano rodymas leid\u017eia vartotojams nuolat steb\u0117ti \u012frenginio naudojimo b\u016bsen\u0105. MRVI 15000 \u012ftraukim\u0173 Puffing vape virvel\u0117 leid\u017eia vartotojams lengvai ne\u0161iotis \u012ftraukimus, kad ir kur jie eit\u0173. MRVI 15K vape \u012ftraukimai yra idealus pasirinkimas tiems, kurie nori sklandaus ir didelio na\u0161umo \u012ftraukim\u0173 patirties.<\/p>\n<p><img loading=\"lazy\" decoding=\"async\" class=\"alignnone wp-image-2760\" src=\"http:\/\/rmvapebang.com\/wp-content\/uploads\/2024\/08\/MRVI-vape-puffing-15k-puffs-good-price.jpg\" alt=\"MRVI vape puffing 15k \u012fp\u016btim\u0173 gera kaina\" width=\"684\" height=\"684\" srcset=\"https:\/\/rmvapebang.com\/wp-content\/uploads\/2024\/08\/MRVI-vape-puffing-15k-puffs-good-price.jpg 1000w, https:\/\/rmvapebang.com\/wp-content\/uploads\/2024\/08\/MRVI-vape-puffing-15k-puffs-good-price-300x300.jpg 300w, https:\/\/rmvapebang.com\/wp-content\/uploads\/2024\/08\/MRVI-vape-puffing-15k-puffs-good-price-150x150.jpg 150w, https:\/\/rmvapebang.com\/wp-content\/uploads\/2024\/08\/MRVI-vape-puffing-15k-puffs-good-price-768x768.jpg 768w, https:\/\/rmvapebang.com\/wp-content\/uploads\/2024\/08\/MRVI-vape-puffing-15k-puffs-good-price-600x600.jpg 600w, https:\/\/rmvapebang.com\/wp-content\/uploads\/2024\/08\/MRVI-vape-puffing-15k-puffs-good-price-100x100.jpg 100w\" sizes=\"auto, (max-width: 684px) 100vw, 684px\" \/><\/p>\n<p>&nbsp;<\/p>\n<\/div>\n<\/div>\n<\/div>\n<\/div>\n<\/div>\n<\/div>\n<\/div>\n<\/div>\n<\/div>\n<\/div>\n<\/div>\n<\/div>\n<h2><strong>Kokie yra MRVI PUFFING vape 15K \u012ftraukim\u0173 skoniai?<\/strong><\/h2>\n<p>1. M\u0116LYN\u0116S SU LEDU<br \/>\n2. BANAN\u0172 KOKTEILIS<br \/>\n3. BRA\u0160KI\u0172 ARB\u016aZAS<br \/>\n4. MELION\u0172 LEDAI<br \/>\n5. RAUDON\u0172 OBULI\u0172 LEDAS<br \/>\n6. PERSIK\u0172 MANGAS<br \/>\n7. M\u0116LYNI\u0172 GUMA<br \/>\n8. SODRUS LEDAS<br \/>\n9. ANANAS\u0172 LEDAS<br \/>\n10. RO\u017dINIS SPROGIMAS<\/p>\n<p><span style=\"font-size: 1.7em;font-weight: bold\">MARI PUFFING 15K \u012ftraukim\u0173 specifikacijos:<\/span><\/p>\n<p>\u2013 15 t\u016bkst. \u012fkv\u0117pim\u0173<br \/>\n\u2013 10 skoni\u0173<br \/>\n\u2013 2% \/ 5% nikotino stiprumas<br \/>\n\u2013 25 ml elektroninio skys\u010dio talpa<br \/>\n\u2013 Baterijos talpa 750 mAh<\/p>\n<h3>DUK:<\/h3>\n<p>K: Koks yra MARI 15k PUFFING vape minimalus u\u017esakymo kiekis?<\/p>\n<p>A: MARI VAPE 15000 \u012ftraukim\u0173 minimalus u\u017esakymo kiekis (MOQ) yra 100 vienet\u0173.<\/p>\n<p>K: Koks yra mano u\u017esakyto MARI PUFFING 15K \u012ftraukim\u0173 Vape pristatymo laikas?<\/p>\n<p>A: Paprastai MARI PUFFING 15000 \u012fp\u016btim\u0173 garintuv\u0173 pristatymo laikas yra 10\u201315 dien\u0173 po i\u0161siuntimo.<\/p>\n<p>K: Kiek kainuoja mrvi puffing 15000 garintuv\u0173 siuntimas?<\/p>\n<p>A: Pristatymo kaina priklauso nuo u\u017esakymo svorio. Skirtingi kiekiai gali tur\u0117ti skirtingas pristatymo i\u0161laidas. Nor\u0117dami patvirtinti savo konkretaus u\u017esakymo pristatymo kain\u0105, susisiekite su mumis.<\/p>\n<p>K: Ar MARI 15000 \u012fp\u016btim\u0173 PUFFING Vape garintuv\u0105 galima i\u0161si\u0173sti \u012f mano \u0161al\u012f?<\/p>\n<p>A: Taip, mes galime i\u0161si\u0173sti MARI Vape PUFFING 15000 \u012fp\u016btim\u0173 garintuv\u0105 \u012f daugum\u0105 Europos \u0161ali\u0173, \u012fskaitant, bet neapsiribojant Nyderlandus, Vokietij\u0105, Pranc\u016bzij\u0105, Ispanij\u0105, Italij\u0105, Belgij\u0105, Liuksemburg\u0105, Austrij\u0105, \u010cekij\u0105, Slovakij\u0105, Vengrij\u0105, Slov\u0117nij\u0105, Rumunij\u0105, Bulgarij\u0105, Graikij\u0105, Lenkij\u0105, \u0160vedij\u0105, Airij\u0105, Portugalij\u0105, Suomij\u0105, Estij\u0105, Latvij\u0105 ir Lietuv\u0105. Jei turite konkre\u010di\u0173 klausim\u0173 d\u0117l siuntimo \u012f j\u016bs\u0173 \u0161al\u012f, nedvejodami kreipkit\u0117s \u012f mus d\u0117l tolesn\u0117s pagalbos.<\/p>\n<p><strong>Nor\u0117dami gauti daugiau produkt\u0173 vaizdo \u012fra\u0161\u0173, susisiekite su Lyn!<\/strong><\/p>\n<p><a href=\"https:\/\/wa.me\/8617840853976\"><span style=\"color: #ff6600\"><strong><em>Whatsapp:+86 17840853976<\/em><\/strong><\/span><\/a><\/p>\n<p><img loading=\"lazy\" decoding=\"async\" class=\"alignnone size-medium wp-image-1905\" src=\"http:\/\/rmvapebang.com\/wp-content\/uploads\/2024\/03\/whatsapp-vape-2-202x300.jpg\" alt=\"\" width=\"202\" height=\"300\" \/><\/p>\n<p>Raskite daugiau produkt\u0173, kurie jums gali patikti:<a href=\"https:\/\/rmvapebang.com\/lt\/shop-page\/\"><strong><em>Pirkti dabar<\/em><\/strong><\/a><\/p>\n<p>kiti jums galintys patikti \u012ftraukimai:<a href=\"https:\/\/rmvapebang.com\/lt\/product\/aivono-15k-puffs-bulk-price-15000-vapes\/\">aivono 15k vape<\/a>\/<a href=\"https:\/\/rmvapebang.com\/lt\/product\/elf-box-bar-600-puffs-wholesale-price-vapes\/\">ELF BAR 600 D\u016aM\u0172<\/a><\/p>\n<p><span style=\"color: #ff0000\"><strong>Pastaba: \u012f visus produktus ne\u012fskai\u010diuotos siuntimo i\u0161laidos!!!<\/strong><\/span><\/p>","protected":false},"excerpt":{"rendered":"<p>MRVI 15000 \u012ftraukim\u0173 didmenin\u0117 kaina, \u012fkraunamas, su virvele<\/p>\n<p>MRVI PUFFING VAPE 15K yra didel\u0117s talpos \u012fkraunamas vape \u012frenginys, si\u016blantis 15000 \u012ftraukim\u0173 su 10 skoni\u0173 ir 2%\/5% nikotino lygiu.<\/p>\n<p><strong><em>Whatsapp:<a href=\"https:\/\/wa.me\/8617840853976\">+86 17840853976<\/a><\/em><\/strong><\/p>\n<p>Nuskaitykite \u201eWhatsApp\u201c naujo kliento kupon\u0105<\/p>\n<p><img loading=\"lazy\" decoding=\"async\" class=\"alignnone size-medium wp-image-1905\" src=\"http:\/\/rmvapebang.com\/wp-content\/uploads\/2024\/03\/whatsapp-vape-2-202x300.jpg\" alt=\"\" width=\"202\" height=\"300\" \/><\/p>","protected":false},"featured_media":2755,"comment_status":"open","ping_status":"closed","template":"","meta":{"_uag_custom_page_level_css":"","_lmt_disableupdate":"no","_lmt_disable":"","site-sidebar-layout":"no-sidebar","site-content-layout":"boxed-container","ast-site-content-layout":"normal-width-container","site-content-style":"boxed","site-sidebar-style":"boxed","ast-global-header-display":"","ast-banner-title-visibility":"","ast-main-header-display":"","ast-hfb-above-header-display":"","ast-hfb-below-header-display":"","ast-hfb-mobile-header-display":"","site-post-title":"","ast-breadcrumbs-content":"","ast-featured-img":"","footer-sml-layout":"","theme-transparent-header-meta":"default","adv-header-id-meta":"","stick-header-meta":"","header-above-stick-meta":"","header-main-stick-meta":"","header-below-stick-meta":"","astra-migrate-meta-layouts":"set","ast-page-background-enabled":"default","ast-page-background-meta":{"desktop":{"background-color":"","background-image":"","background-repeat":"repeat","background-position":"center center","background-size":"auto","background-attachment":"scroll","background-type":"","background-media":"","overlay-type":"","overlay-color":"","overlay-gradient":""},"tablet":{"background-color":"","background-image":"","background-repeat":"repeat","background-position":"center center","background-size":"auto","background-attachment":"scroll","background-type":"","background-media":"","overlay-type":"","overlay-color":"","overlay-gradient":""},"mobile":{"background-color":"","background-image":"","background-repeat":"repeat","background-position":"center center","background-size":"auto","background-attachment":"scroll","background-type":"","background-media":"","overlay-type":"","overlay-color":"","overlay-gradient":""}},"ast-content-background-meta":{"desktop":{"background-color":"var(--ast-global-color-5)","background-image":"","background-repeat":"repeat","background-position":"center center","background-size":"auto","background-attachment":"scroll","background-type":"","background-media":"","overlay-type":"","overlay-color":"","overlay-gradient":""},"tablet":{"background-color":"var(--ast-global-color-5)","background-image":"","background-repeat":"repeat","background-position":"center center","background-size":"auto","background-attachment":"scroll","background-type":"","background-media":"","overlay-type":"","overlay-color":"","overlay-gradient":""},"mobile":{"background-color":"var(--ast-global-color-5)","background-image":"","background-repeat":"repeat","background-position":"center center","background-size":"auto","background-attachment":"scroll","background-type":"","background-media":"","overlay-type":"","overlay-color":"","overlay-gradient":""}},"_joinchat":[]},"product_brand":[],"product_cat":[39,41,42,40,75,43],"product_tag":[66,65,50,51,67,49,53,52],"class_list":{"0":"post-2763","1":"product","2":"type-product","3":"status-publish","4":"has-post-thumbnail","6":"product_cat-france-wholesale-vape","7":"product_cat-netherlands-wholesale-vape","8":"product_cat-spain-wholesale-vape","9":"product_cat-germany-wholesale-vape","10":"product_cat-vape-15000-puffs","11":"product_cat-vape-shop","12":"product_tag-15000-puffs","13":"product_tag-15k-puffs","14":"product_tag-bulk-price-vape-shop","15":"product_tag-disposable-vape","16":"product_tag-fast-price-sales","17":"product_tag-minimum-order-quantity-100pcs","18":"product_tag-rechargeable-vape","19":"product_tag-vape-wholesasle-price","20":"desktop-align-left","21":"tablet-align-left","22":"mobile-align-left","24":"first","25":"instock","26":"sale","27":"shipping-taxable","28":"purchasable","29":"product-type-simple"},"yoast_head":"<!-- This site is optimized with the Yoast SEO plugin v23.0 - https:\/\/yoast.com\/wordpress\/plugins\/seo\/ -->\n<title>MRVI PUFFING 15K Puffs Wholesale Price 15000 vapes - rmvapebang.com<\/title>\n<meta name=\"description\" content=\"MRVI PUFFING 15K Puffs Wholesale Price\uff0c2% and 5% nicotine to choose. Contact now to get Wholesale Fast Price of MARI PUFFING 15000 vape!min order is 100pcs\" \/>\n<meta name=\"robots\" content=\"index, follow, max-snippet:-1, max-image-preview:large, max-video-preview:-1\" \/>\n<link rel=\"canonical\" href=\"https:\/\/rmvapebang.com\/lt\/product\/mrvi-puffing-15k-puffs-wholesale-price-15000\/\" \/>\n<meta property=\"og:locale\" content=\"lt_LT\" \/>\n<meta property=\"og:type\" content=\"article\" \/>\n<meta property=\"og:title\" content=\"MRVI PUFFING 15K Puffs Wholesale Price 15000 vapes - rmvapebang.com\" \/>\n<meta property=\"og:description\" content=\"MRVI PUFFING 15K Puffs Wholesale Price\uff0c2% and 5% nicotine to choose. Contact now to get Wholesale Fast Price of MARI PUFFING 15000 vape!min order is 100pcs\" \/>\n<meta property=\"og:url\" content=\"https:\/\/rmvapebang.com\/lt\/product\/mrvi-puffing-15k-puffs-wholesale-price-15000\/\" \/>\n<meta property=\"og:site_name\" content=\"rmvapebang.com\" \/>\n<meta property=\"article:modified_time\" content=\"2024-12-14T08:07:02+00:00\" \/>\n<meta property=\"og:image\" content=\"https:\/\/rmvapebang.com\/wp-content\/uploads\/2024\/08\/MRVI-PUFFING-vape-15k-puffs-best-price.png\" \/>\n\t<meta property=\"og:image:width\" content=\"857\" \/>\n\t<meta property=\"og:image:height\" content=\"857\" \/>\n\t<meta property=\"og:image:type\" content=\"image\/png\" \/>\n<meta name=\"twitter:card\" content=\"summary_large_image\" \/>\n<meta name=\"twitter:label1\" content=\"Est. reading time\" \/>\n\t<meta name=\"twitter:data1\" content=\"3 minut\u0117s\" \/>\n<script type=\"application\/ld+json\" class=\"yoast-schema-graph\">{\"@context\":\"https:\/\/schema.org\",\"@graph\":[{\"@type\":\"WebPage\",\"@id\":\"https:\/\/rmvapebang.com\/product\/mrvi-puffing-15k-puffs-wholesale-price-15000\/\",\"url\":\"https:\/\/rmvapebang.com\/product\/mrvi-puffing-15k-puffs-wholesale-price-15000\/\",\"name\":\"MRVI PUFFING 15K Puffs Wholesale Price 15000 vapes - rmvapebang.com\",\"isPartOf\":{\"@id\":\"https:\/\/rmvapebang.com\/#website\"},\"primaryImageOfPage\":{\"@id\":\"https:\/\/rmvapebang.com\/product\/mrvi-puffing-15k-puffs-wholesale-price-15000\/#primaryimage\"},\"image\":{\"@id\":\"https:\/\/rmvapebang.com\/product\/mrvi-puffing-15k-puffs-wholesale-price-15000\/#primaryimage\"},\"thumbnailUrl\":\"https:\/\/rmvapebang.com\/wp-content\/uploads\/2024\/08\/MRVI-PUFFING-vape-15k-puffs-best-price.png\",\"datePublished\":\"2024-08-13T07:57:11+00:00\",\"dateModified\":\"2024-12-14T08:07:02+00:00\",\"description\":\"MRVI PUFFING 15K Puffs Wholesale Price\uff0c2% and 5% nicotine to choose. Contact now to get Wholesale Fast Price of MARI PUFFING 15000 vape!min order is 100pcs\",\"breadcrumb\":{\"@id\":\"https:\/\/rmvapebang.com\/product\/mrvi-puffing-15k-puffs-wholesale-price-15000\/#breadcrumb\"},\"inLanguage\":\"lt-LT\",\"potentialAction\":[{\"@type\":\"ReadAction\",\"target\":[\"https:\/\/rmvapebang.com\/product\/mrvi-puffing-15k-puffs-wholesale-price-15000\/\"]}]},{\"@type\":\"ImageObject\",\"inLanguage\":\"lt-LT\",\"@id\":\"https:\/\/rmvapebang.com\/product\/mrvi-puffing-15k-puffs-wholesale-price-15000\/#primaryimage\",\"url\":\"https:\/\/rmvapebang.com\/wp-content\/uploads\/2024\/08\/MRVI-PUFFING-vape-15k-puffs-best-price.png\",\"contentUrl\":\"https:\/\/rmvapebang.com\/wp-content\/uploads\/2024\/08\/MRVI-PUFFING-vape-15k-puffs-best-price.png\",\"width\":857,\"height\":857,\"caption\":\"MRVI PUFFING vape 15k puffs best price\"},{\"@type\":\"BreadcrumbList\",\"@id\":\"https:\/\/rmvapebang.com\/product\/mrvi-puffing-15k-puffs-wholesale-price-15000\/#breadcrumb\",\"itemListElement\":[{\"@type\":\"ListItem\",\"position\":1,\"name\":\"Home\",\"item\":\"https:\/\/rmvapebang.com\/\"},{\"@type\":\"ListItem\",\"position\":2,\"name\":\"Hot Vape Shop\",\"item\":\"https:\/\/rmvapebang.com\/shop-page\/\"},{\"@type\":\"ListItem\",\"position\":3,\"name\":\"MRVI PUFFING 15K Puffs Wholesale Price 15000 vapes\"}]},{\"@type\":\"WebSite\",\"@id\":\"https:\/\/rmvapebang.com\/#website\",\"url\":\"https:\/\/rmvapebang.com\/\",\"name\":\"rmvapebang.com\",\"description\":\"buy vape cheap\",\"publisher\":{\"@id\":\"https:\/\/rmvapebang.com\/#organization\"},\"potentialAction\":[{\"@type\":\"SearchAction\",\"target\":{\"@type\":\"EntryPoint\",\"urlTemplate\":\"https:\/\/rmvapebang.com\/?s={search_term_string}\"},\"query-input\":\"required name=search_term_string\"}],\"inLanguage\":\"lt-LT\"},{\"@type\":\"Organization\",\"@id\":\"https:\/\/rmvapebang.com\/#organization\",\"name\":\"rmvapebang.com\",\"url\":\"https:\/\/rmvapebang.com\/\",\"logo\":{\"@type\":\"ImageObject\",\"inLanguage\":\"lt-LT\",\"@id\":\"https:\/\/rmvapebang.com\/#\/schema\/logo\/image\/\",\"url\":\"https:\/\/rmvapebang.com\/wp-content\/uploads\/2024\/03\/cropped-RVBlogo.png\",\"contentUrl\":\"https:\/\/rmvapebang.com\/wp-content\/uploads\/2024\/03\/cropped-RVBlogo.png\",\"width\":507,\"height\":169,\"caption\":\"rmvapebang.com\"},\"image\":{\"@id\":\"https:\/\/rmvapebang.com\/#\/schema\/logo\/image\/\"}}]}<\/script>\n<!-- \/ Yoast SEO plugin. -->","yoast_head_json":{"title":"MRVI PUFFING 15K Puffs Wholesale Price 15000 vapes - rmvapebang.com","description":"MRVI PUFFING 15K Puffs Wholesale Price\uff0c2% and 5% nicotine to choose. Contact now to get Wholesale Fast Price of MARI PUFFING 15000 vape!min order is 100pcs","robots":{"index":"index","follow":"follow","max-snippet":"max-snippet:-1","max-image-preview":"max-image-preview:large","max-video-preview":"max-video-preview:-1"},"canonical":"https:\/\/rmvapebang.com\/lt\/product\/mrvi-puffing-15k-puffs-wholesale-price-15000\/","og_locale":"lt_LT","og_type":"article","og_title":"MRVI PUFFING 15K Puffs Wholesale Price 15000 vapes - rmvapebang.com","og_description":"MRVI PUFFING 15K Puffs Wholesale Price\uff0c2% and 5% nicotine to choose. Contact now to get Wholesale Fast Price of MARI PUFFING 15000 vape!min order is 100pcs","og_url":"https:\/\/rmvapebang.com\/lt\/product\/mrvi-puffing-15k-puffs-wholesale-price-15000\/","og_site_name":"rmvapebang.com","article_modified_time":"2024-12-14T08:07:02+00:00","og_image":[{"width":857,"height":857,"url":"https:\/\/rmvapebang.com\/wp-content\/uploads\/2024\/08\/MRVI-PUFFING-vape-15k-puffs-best-price.png","type":"image\/png"}],"twitter_card":"summary_large_image","twitter_misc":{"Est. reading time":"3 minut\u0117s"},"schema":{"@context":"https:\/\/schema.org","@graph":[{"@type":"WebPage","@id":"https:\/\/rmvapebang.com\/product\/mrvi-puffing-15k-puffs-wholesale-price-15000\/","url":"https:\/\/rmvapebang.com\/product\/mrvi-puffing-15k-puffs-wholesale-price-15000\/","name":"MRVI PUFFING 15K Puffs Wholesale Price 15000 vapes - rmvapebang.com","isPartOf":{"@id":"https:\/\/rmvapebang.com\/#website"},"primaryImageOfPage":{"@id":"https:\/\/rmvapebang.com\/product\/mrvi-puffing-15k-puffs-wholesale-price-15000\/#primaryimage"},"image":{"@id":"https:\/\/rmvapebang.com\/product\/mrvi-puffing-15k-puffs-wholesale-price-15000\/#primaryimage"},"thumbnailUrl":"https:\/\/rmvapebang.com\/wp-content\/uploads\/2024\/08\/MRVI-PUFFING-vape-15k-puffs-best-price.png","datePublished":"2024-08-13T07:57:11+00:00","dateModified":"2024-12-14T08:07:02+00:00","description":"MRVI PUFFING 15K Puffs Wholesale Price\uff0c2% and 5% nicotine to choose. Contact now to get Wholesale Fast Price of MARI PUFFING 15000 vape!min order is 100pcs","breadcrumb":{"@id":"https:\/\/rmvapebang.com\/product\/mrvi-puffing-15k-puffs-wholesale-price-15000\/#breadcrumb"},"inLanguage":"lt-LT","potentialAction":[{"@type":"ReadAction","target":["https:\/\/rmvapebang.com\/product\/mrvi-puffing-15k-puffs-wholesale-price-15000\/"]}]},{"@type":"ImageObject","inLanguage":"lt-LT","@id":"https:\/\/rmvapebang.com\/product\/mrvi-puffing-15k-puffs-wholesale-price-15000\/#primaryimage","url":"https:\/\/rmvapebang.com\/wp-content\/uploads\/2024\/08\/MRVI-PUFFING-vape-15k-puffs-best-price.png","contentUrl":"https:\/\/rmvapebang.com\/wp-content\/uploads\/2024\/08\/MRVI-PUFFING-vape-15k-puffs-best-price.png","width":857,"height":857,"caption":"MRVI PUFFING vape 15k puffs best price"},{"@type":"BreadcrumbList","@id":"https:\/\/rmvapebang.com\/product\/mrvi-puffing-15k-puffs-wholesale-price-15000\/#breadcrumb","itemListElement":[{"@type":"ListItem","position":1,"name":"Home","item":"https:\/\/rmvapebang.com\/"},{"@type":"ListItem","position":2,"name":"Hot Vape Shop","item":"https:\/\/rmvapebang.com\/shop-page\/"},{"@type":"ListItem","position":3,"name":"MRVI PUFFING 15K Puffs Wholesale Price 15000 vapes"}]},{"@type":"WebSite","@id":"https:\/\/rmvapebang.com\/#website","url":"https:\/\/rmvapebang.com\/","name":"rmvapebang.com","description":"buy vape cheap","publisher":{"@id":"https:\/\/rmvapebang.com\/#organization"},"potentialAction":[{"@type":"SearchAction","target":{"@type":"EntryPoint","urlTemplate":"https:\/\/rmvapebang.com\/?s={search_term_string}"},"query-input":"required name=search_term_string"}],"inLanguage":"lt-LT"},{"@type":"Organization","@id":"https:\/\/rmvapebang.com\/#organization","name":"rmvapebang.com","url":"https:\/\/rmvapebang.com\/","logo":{"@type":"ImageObject","inLanguage":"lt-LT","@id":"https:\/\/rmvapebang.com\/#\/schema\/logo\/image\/","url":"https:\/\/rmvapebang.com\/wp-content\/uploads\/2024\/03\/cropped-RVBlogo.png","contentUrl":"https:\/\/rmvapebang.com\/wp-content\/uploads\/2024\/03\/cropped-RVBlogo.png","width":507,"height":169,"caption":"rmvapebang.com"},"image":{"@id":"https:\/\/rmvapebang.com\/#\/schema\/logo\/image\/"}}]}},"uagb_featured_image_src":{"full":["https:\/\/rmvapebang.com\/wp-content\/uploads\/2024\/08\/MRVI-PUFFING-vape-15k-puffs-best-price.png",857,857,false],"thumbnail":["https:\/\/rmvapebang.com\/wp-content\/uploads\/2024\/08\/MRVI-PUFFING-vape-15k-puffs-best-price-150x150.png",150,150,true],"medium":["https:\/\/rmvapebang.com\/wp-content\/uploads\/2024\/08\/MRVI-PUFFING-vape-15k-puffs-best-price-300x300.png",300,300,true],"medium_large":["https:\/\/rmvapebang.com\/wp-content\/uploads\/2024\/08\/MRVI-PUFFING-vape-15k-puffs-best-price-768x768.png",768,768,true],"large":["https:\/\/rmvapebang.com\/wp-content\/uploads\/2024\/08\/MRVI-PUFFING-vape-15k-puffs-best-price.png",857,857,false],"1536x1536":["https:\/\/rmvapebang.com\/wp-content\/uploads\/2024\/08\/MRVI-PUFFING-vape-15k-puffs-best-price.png",857,857,false],"2048x2048":["https:\/\/rmvapebang.com\/wp-content\/uploads\/2024\/08\/MRVI-PUFFING-vape-15k-puffs-best-price.png",857,857,false],"trp-custom-language-flag":["https:\/\/rmvapebang.com\/wp-content\/uploads\/2024\/08\/MRVI-PUFFING-vape-15k-puffs-best-price.png",12,12,false],"woocommerce_thumbnail":["https:\/\/rmvapebang.com\/wp-content\/uploads\/2024\/08\/MRVI-PUFFING-vape-15k-puffs-best-price-300x300.png",300,300,true],"woocommerce_single":["https:\/\/rmvapebang.com\/wp-content\/uploads\/2024\/08\/MRVI-PUFFING-vape-15k-puffs-best-price-600x600.png",600,600,true],"woocommerce_gallery_thumbnail":["https:\/\/rmvapebang.com\/wp-content\/uploads\/2024\/08\/MRVI-PUFFING-vape-15k-puffs-best-price-100x100.png",100,100,true],"wcpr-photo-reviews":["https:\/\/rmvapebang.com\/wp-content\/uploads\/2024\/08\/MRVI-PUFFING-vape-15k-puffs-best-price.png",500,500,false]},"uagb_author_info":{"display_name":"Lyn","author_link":"https:\/\/rmvapebang.com\/lt\/author\/"},"uagb_comment_info":0,"uagb_excerpt":"MRVI 15000 Puffs Wholesale Price Vape Rechargeable,comes with a lanyard MRVI PUFFING VAPE 15K\u00a0 is a high-capacity rechargeable vape device offering 15000 puffs with 10 flavors and 2%\/5% nicotine levels. Whatsapp:+86 17840853976 Scan on whatsapp for New Client coupon","_links":{"self":[{"href":"https:\/\/rmvapebang.com\/lt\/wp-json\/wp\/v2\/product\/2763","targetHints":{"allow":["GET"]}}],"collection":[{"href":"https:\/\/rmvapebang.com\/lt\/wp-json\/wp\/v2\/product"}],"about":[{"href":"https:\/\/rmvapebang.com\/lt\/wp-json\/wp\/v2\/types\/product"}],"replies":[{"embeddable":true,"href":"https:\/\/rmvapebang.com\/lt\/wp-json\/wp\/v2\/comments?post=2763"}],"wp:featuredmedia":[{"embeddable":true,"href":"https:\/\/rmvapebang.com\/lt\/wp-json\/wp\/v2\/media\/2755"}],"wp:attachment":[{"href":"https:\/\/rmvapebang.com\/lt\/wp-json\/wp\/v2\/media?parent=2763"}],"wp:term":[{"taxonomy":"product_brand","embeddable":true,"href":"https:\/\/rmvapebang.com\/lt\/wp-json\/wp\/v2\/product_brand?post=2763"},{"taxonomy":"product_cat","embeddable":true,"href":"https:\/\/rmvapebang.com\/lt\/wp-json\/wp\/v2\/product_cat?post=2763"},{"taxonomy":"product_tag","embeddable":true,"href":"https:\/\/rmvapebang.com\/lt\/wp-json\/wp\/v2\/product_tag?post=2763"}],"curies":[{"name":"wp","href":"https:\/\/api.w.org\/{rel}","templated":true}]}}