{"id":2509,"date":"2024-07-05T14:28:07","date_gmt":"2024-07-05T06:28:07","guid":{"rendered":"https:\/\/rmvapebang.com\/?post_type=product&#038;p=2509"},"modified":"2024-12-14T17:03:05","modified_gmt":"2024-12-14T09:03:05","slug":"aivono-aim-star-6500-puffs-vape-bulk-sales","status":"publish","type":"product","link":"https:\/\/rmvapebang.com\/lt\/product\/aivono-aim-star-6500-puffs-vape-bulk-sales\/","title":{"rendered":"AIVONO AIM STAR 6500 d\u016bm\u0173 garintuv\u0173 didmenin\u0117 prekyba"},"content":{"rendered":"<h1>AIVONO AIM STAR 6500 d\u016bm\u0173 garintuv\u0173 didmenin\u0117 prekyba<\/h1>\n<div class=\"flex-1 overflow-hidden\">\n<div class=\"react-scroll-to-bottom--css-rkeqe-79elbk h-full\">\n<div class=\"react-scroll-to-bottom--css-rkeqe-1n7m0yu\">\n<div class=\"flex flex-col text-sm pb-9\">\n<div class=\"w-full text-token-text-primary\" data-testid=\"conversation-turn-7\">\n<div class=\"px-4 py-2 justify-center text-base md:gap-6 m-auto\">\n<div class=\"flex flex-1 text-base mx-auto gap-3 md:px-5 lg:px-1 xl:px-5 md:max-w-3xl lg:max-w-[40rem] xl:max-w-[48rem] group final-completion\">\n<div class=\"relative flex w-full flex-col agent-turn\">\n<div class=\"flex-col gap-1 md:gap-3\">\n<div class=\"flex flex-grow flex-col max-w-full\">\n<div class=\"min-h-[20px] text-message flex flex-col items-start gap-3 whitespace-pre-wrap break-words [.text-message+&amp;]:mt-5 overflow-x-auto\" data-message-author-role=\"assistant\" data-message-id=\"a1f3b89f-a1c9-497d-a989-579b96e752e6\">\n<div class=\"markdown prose w-full break-words dark:prose-invert light\">\n<p>AIVONO AIM STAR 6500 \u012ftraukim\u0173 vienkartinis garintuvas yra auk\u0161tos kokyb\u0117s ir patogus garinimo prietaisas, kuris suteikia iki 6 500 \u012ftraukim\u0173. 6500 \u201eAivono Star\u201c \u012ftraukim\u0173 turi 13 ml e. skys\u010dio t\u016brio, nikotino kiek\u012f galima pasirinkti 2% ir 5%, o pasirinkimas yra lankstus, galima rinktis i\u0161 10 skani\u0173 skoni\u0173, kurie gali patenkinti vartotojo elektronini\u0173 cigare\u010di\u0173 pageidavimus, \u0161ioje elektronin\u0117je cigaret\u0117je yra 650 mAh baterija, o \u012fkrovimo \u012frenginys gali naudoti C tipo \u012fkrovikl\u012f. AIVONO garintuv\u0173 AIM STAR 6500 \u012ftraukim\u0173 i\u0161vaizdos dizainas yra kaip ma\u017ea d\u0117\u017eut\u0117, kuri\u0105 patogu \u012fkrauti ir ne\u0161iotis, tod\u0117l ji labai tinka naudoti i\u0161einant. Pasirinkite vienkartinius garintuvus, kaip b\u016bt\u0173 i\u0161bandyti \u201eaivono 6500\u201c \u012ftraukim\u0173 garintuv\u0105?<\/p>\n<p><img loading=\"lazy\" decoding=\"async\" class=\"alignnone wp-image-2508\" src=\"http:\/\/rmvapebang.com\/wp-content\/uploads\/2024\/07\/aivono-aim-6500-vapes-star.png\" alt=\"aivono aim 6500 vape \u017evaig\u017ed\u0117\" width=\"654\" height=\"523\" srcset=\"https:\/\/rmvapebang.com\/wp-content\/uploads\/2024\/07\/aivono-aim-6500-vapes-star.png 1000w, https:\/\/rmvapebang.com\/wp-content\/uploads\/2024\/07\/aivono-aim-6500-vapes-star-300x240.png 300w, https:\/\/rmvapebang.com\/wp-content\/uploads\/2024\/07\/aivono-aim-6500-vapes-star-768x614.png 768w, https:\/\/rmvapebang.com\/wp-content\/uploads\/2024\/07\/aivono-aim-6500-vapes-star-600x479.png 600w\" sizes=\"auto, (max-width: 654px) 100vw, 654px\" \/><\/p>\n<\/div>\n<\/div>\n<\/div>\n<\/div>\n<\/div>\n<\/div>\n<\/div>\n<\/div>\n<\/div>\n<\/div>\n<\/div>\n<\/div>\n<h2><strong>Kokie yra AIVONO 6500 \u012ftraukim\u0173 garintuvo skoniai?<\/strong><\/h2>\n<fieldset class=\"variant-picker__option no-js:hidden\">\n<div>\n<div class=\"variant-picker__option-values wrap gap-2\" data-option-selector=\"\">1. Mi\u0161rios uogos<br \/>\n2. Mentolio saldainis<br \/>\n3. Bra\u0161ki\u0173 kiviai<br \/>\n4. Mi\u0161rus mangas<br \/>\n5. Arb\u016bzas<br \/>\n6. Bra\u0161ki\u0173 ledai<br \/>\n7. Energinis g\u0117rimas<br \/>\n8. M\u0117lyna avie\u010di\u0173 uoga<br \/>\n9. Kokoso melionas<br \/>\n10. Persik\u0173 sultys<\/div>\n<\/div>\n<\/fieldset>\n<fieldset class=\"variant-picker__option no-js:hidden\"><\/fieldset>\n<p><span style=\"font-size: 1.7em;font-weight: bold\">AIVONO AIM STAR 6500 \u012ftraukim\u0173 specifikacijos:<\/span><\/p>\n<p>\u2013 6500 \u012ftraukim\u0173<br \/>\n\u2013 10 skoni\u0173<br \/>\n\u2013 2% \/ 5% nikotino stiprumas<br \/>\n\u2013 13 ml e. skys\u010dio talpa<br \/>\n\u2013 Baterijos talpa 650 mAh<\/p>\n<h3>DUK:<\/h3>\n<p>K: Koks yra AIVONO 6500 \u012ftraukim\u0173 AIM STAR garintuvo minimalus u\u017esakymo kiekis?<\/p>\n<p>A: Minimalus u\u017esakymo kiekis (MOQ) \u201eAivono Aim Star\u201c 6500 \u012ftraukim\u0173 garintuvui yra 100 vienet\u0173.<\/p>\n<p>K: Koks yra mano u\u017esakyto \u201eaivono star 6500\u201c \u012ftraukim\u0173 garintuvo pristatymo laikas?<\/p>\n<p>A: Paprastai \u201eaivono 6500 Puff\u201c garintuv\u0173 talpyklos pristatymo laikas yra 10\u201315 dien\u0173 po i\u0161siuntimo.<\/p>\n<p>K: Kiek kainuoja \u201eaivono 6500\u201c \u012ftraukim\u0173 garintuv\u0173 pristatymas?<\/p>\n<p>A: Pristatymo kaina priklauso nuo u\u017esakymo svorio. Skirtingi kiekiai gali tur\u0117ti skirtingas pristatymo i\u0161laidas. Nor\u0117dami patvirtinti savo konkretaus u\u017esakymo pristatymo kain\u0105, susisiekite su mumis.<\/p>\n<p>K: Ar \u201eAIVONO 6500 Puffs aim star Vape\u201c galima i\u0161si\u0173sti \u012f mano \u0161al\u012f?<\/p>\n<p>A: Taip, mes galime i\u0161si\u0173sti \u201eAivono star vape\u201c \u201eaivono 6500 Puffs\u201c \u012f daugum\u0105 Europos \u0161ali\u0173, \u012fskaitant, bet neapsiribojant Nyderlandais, Vokietija, Pranc\u016bzija, Ispanija, Italija, Belgija, Liuksemburgu, Austrija, \u010cekija, Slovakija, Vengrija, Slov\u0117nija, Rumunija, Bulgarija, Graikija, Lenkija, \u0160vedija, Airija, Portugalija, Suomija, Estija, Latvija ir Lietuva. Jei turite konkre\u010di\u0173 klausim\u0173 d\u0117l siuntimo \u012f j\u016bs\u0173 \u0161al\u012f, nedvejodami kreipkit\u0117s \u012f mus d\u0117l tolesn\u0117s pagalbos.<\/p>\n<p><strong>Nor\u0117dami gauti daugiau produkt\u0173 vaizdo \u012fra\u0161\u0173, susisiekite su Lyn!<\/strong><\/p>\n<p><a href=\"https:\/\/wa.me\/8617840853976\"><span style=\"color: #ff6600\"><strong><em>Whatsapp:+86 17840853976<\/em><\/strong><\/span><\/a><\/p>\n<p><img loading=\"lazy\" decoding=\"async\" class=\"alignnone size-medium wp-image-1905\" src=\"http:\/\/rmvapebang.com\/wp-content\/uploads\/2024\/03\/whatsapp-vape-2-202x300.jpg\" alt=\"\" width=\"202\" height=\"300\" \/><\/p>\n<p>Raskite daugiau produkt\u0173, kurie jums gali patikti:<a href=\"https:\/\/rmvapebang.com\/lt\/shop-page\/\"><strong><em>Pirkti dabar<\/em><\/strong><\/a><\/p>\n<p>kiti jums galintys patikti \u012ftraukimai:<a href=\"https:\/\/rmvapebang.com\/lt\/product\/randm-tornado-7000-puffs-hot-sales-wholesale-price-7k-vape\/\">vapsulo tornadas 12k pro<\/a> \/<a href=\"https:\/\/rmvapebang.com\/lt\/product\/aivono-15k-puffs-bulk-price-15000-vapes\/\">aivono 15k vape<\/a>\/<a href=\"https:\/\/rmvapebang.com\/lt\/product\/bang-with-a-vape-30k-puffs-bulk-price\/\">bang 30k d\u016bm\u0173 vape<\/a><\/p>\n<p><span style=\"color: #ff0000\"><strong>Pastaba: \u012f visus produktus ne\u012fskai\u010diuotos siuntimo i\u0161laidos!!!<\/strong><\/span><\/p>","protected":false},"excerpt":{"rendered":"<p>AIVONO aim star 6500 \u012fkv\u0117pim\u0173 didmenin\u0117 kaina \u012fkraunamas vape<\/p>\n<p>AIVONO aim star vape yra didel\u0117s talpos \u012fkraunamas vape \u012frenginys, si\u016blantis 6500 \u012fkv\u0117pim\u0173 su 10 skoni\u0173 ir 2%\/5% nikotino lygiu.<\/p>\n<p><strong><em>Whatsapp:<a href=\"https:\/\/wa.me\/8617840853976\">+86 17840853976<\/a><\/em><\/strong><\/p>\n<p>Nuskaitykite \u201eWhatsApp\u201c naujo kliento kupon\u0105<\/p>\n<p><img loading=\"lazy\" decoding=\"async\" class=\"alignnone size-medium wp-image-1905\" src=\"http:\/\/rmvapebang.com\/wp-content\/uploads\/2024\/03\/whatsapp-vape-2-202x300.jpg\" alt=\"\" width=\"202\" height=\"300\" \/><\/p>","protected":false},"featured_media":2503,"comment_status":"open","ping_status":"closed","template":"","meta":{"_uag_custom_page_level_css":"","_lmt_disableupdate":"no","_lmt_disable":"","site-sidebar-layout":"no-sidebar","site-content-layout":"boxed-container","ast-site-content-layout":"normal-width-container","site-content-style":"boxed","site-sidebar-style":"boxed","ast-global-header-display":"","ast-banner-title-visibility":"","ast-main-header-display":"","ast-hfb-above-header-display":"","ast-hfb-below-header-display":"","ast-hfb-mobile-header-display":"","site-post-title":"","ast-breadcrumbs-content":"","ast-featured-img":"","footer-sml-layout":"","theme-transparent-header-meta":"default","adv-header-id-meta":"","stick-header-meta":"","header-above-stick-meta":"","header-main-stick-meta":"","header-below-stick-meta":"","astra-migrate-meta-layouts":"set","ast-page-background-enabled":"default","ast-page-background-meta":{"desktop":{"background-color":"","background-image":"","background-repeat":"repeat","background-position":"center center","background-size":"auto","background-attachment":"scroll","background-type":"","background-media":"","overlay-type":"","overlay-color":"","overlay-gradient":""},"tablet":{"background-color":"","background-image":"","background-repeat":"repeat","background-position":"center center","background-size":"auto","background-attachment":"scroll","background-type":"","background-media":"","overlay-type":"","overlay-color":"","overlay-gradient":""},"mobile":{"background-color":"","background-image":"","background-repeat":"repeat","background-position":"center center","background-size":"auto","background-attachment":"scroll","background-type":"","background-media":"","overlay-type":"","overlay-color":"","overlay-gradient":""}},"ast-content-background-meta":{"desktop":{"background-color":"var(--ast-global-color-5)","background-image":"","background-repeat":"repeat","background-position":"center center","background-size":"auto","background-attachment":"scroll","background-type":"","background-media":"","overlay-type":"","overlay-color":"","overlay-gradient":""},"tablet":{"background-color":"var(--ast-global-color-5)","background-image":"","background-repeat":"repeat","background-position":"center center","background-size":"auto","background-attachment":"scroll","background-type":"","background-media":"","overlay-type":"","overlay-color":"","overlay-gradient":""},"mobile":{"background-color":"var(--ast-global-color-5)","background-image":"","background-repeat":"repeat","background-position":"center center","background-size":"auto","background-attachment":"scroll","background-type":"","background-media":"","overlay-type":"","overlay-color":"","overlay-gradient":""}},"_joinchat":[]},"product_brand":[],"product_cat":[99,39,41,42,40,43],"product_tag":[108,50,51,67,49,53,52],"class_list":{"0":"post-2509","1":"product","2":"type-product","3":"status-publish","4":"has-post-thumbnail","6":"product_cat-aivono-vape","7":"product_cat-france-wholesale-vape","8":"product_cat-netherlands-wholesale-vape","9":"product_cat-spain-wholesale-vape","10":"product_cat-germany-wholesale-vape","11":"product_cat-vape-shop","12":"product_tag-6500-puffs","13":"product_tag-bulk-price-vape-shop","14":"product_tag-disposable-vape","15":"product_tag-fast-price-sales","16":"product_tag-minimum-order-quantity-100pcs","17":"product_tag-rechargeable-vape","18":"product_tag-vape-wholesasle-price","19":"desktop-align-left","20":"tablet-align-left","21":"mobile-align-left","23":"first","24":"instock","25":"sale","26":"shipping-taxable","27":"purchasable","28":"product-type-simple"},"yoast_head":"<!-- This site is optimized with the Yoast SEO plugin v23.0 - https:\/\/yoast.com\/wordpress\/plugins\/seo\/ -->\n<title>AIVONO AIM STAR 6500 Puffs Vape Bulk Sales - rmvapebang.com<\/title>\n<meta name=\"description\" content=\"AIVONO AIM STAR 6500 Puffs Wholesale Price 6500 Puffs Vape\uff0c2% and 5% nicotine to choose. Contact now to get Wholesale Factory Price of AIVONO 6500 vapes!\" \/>\n<meta name=\"robots\" content=\"index, follow, max-snippet:-1, max-image-preview:large, max-video-preview:-1\" \/>\n<link rel=\"canonical\" href=\"https:\/\/rmvapebang.com\/lt\/product\/aivono-aim-star-6500-puffs-vape-bulk-sales\/\" \/>\n<meta property=\"og:locale\" content=\"lt_LT\" \/>\n<meta property=\"og:type\" content=\"article\" \/>\n<meta property=\"og:title\" content=\"AIVONO AIM STAR 6500 Puffs Vape Bulk Sales - rmvapebang.com\" \/>\n<meta property=\"og:description\" content=\"AIVONO AIM STAR 6500 Puffs Wholesale Price 6500 Puffs Vape\uff0c2% and 5% nicotine to choose. Contact now to get Wholesale Factory Price of AIVONO 6500 vapes!\" \/>\n<meta property=\"og:url\" content=\"https:\/\/rmvapebang.com\/lt\/product\/aivono-aim-star-6500-puffs-vape-bulk-sales\/\" \/>\n<meta property=\"og:site_name\" content=\"rmvapebang.com\" \/>\n<meta property=\"article:modified_time\" content=\"2024-12-14T09:03:05+00:00\" \/>\n<meta property=\"og:image\" content=\"https:\/\/rmvapebang.com\/wp-content\/uploads\/2024\/07\/aivono-aim-6500-puffs-star-disposable-price.png\" \/>\n\t<meta property=\"og:image:width\" content=\"1000\" \/>\n\t<meta property=\"og:image:height\" content=\"1000\" \/>\n\t<meta property=\"og:image:type\" content=\"image\/png\" \/>\n<meta name=\"twitter:card\" content=\"summary_large_image\" \/>\n<meta name=\"twitter:label1\" content=\"Est. reading time\" \/>\n\t<meta name=\"twitter:data1\" content=\"3 minut\u0117s\" \/>\n<script type=\"application\/ld+json\" class=\"yoast-schema-graph\">{\"@context\":\"https:\/\/schema.org\",\"@graph\":[{\"@type\":\"WebPage\",\"@id\":\"https:\/\/rmvapebang.com\/product\/aivono-aim-star-6500-puffs-vape-bulk-sales\/\",\"url\":\"https:\/\/rmvapebang.com\/product\/aivono-aim-star-6500-puffs-vape-bulk-sales\/\",\"name\":\"AIVONO AIM STAR 6500 Puffs Vape Bulk Sales - rmvapebang.com\",\"isPartOf\":{\"@id\":\"https:\/\/rmvapebang.com\/#website\"},\"primaryImageOfPage\":{\"@id\":\"https:\/\/rmvapebang.com\/product\/aivono-aim-star-6500-puffs-vape-bulk-sales\/#primaryimage\"},\"image\":{\"@id\":\"https:\/\/rmvapebang.com\/product\/aivono-aim-star-6500-puffs-vape-bulk-sales\/#primaryimage\"},\"thumbnailUrl\":\"https:\/\/rmvapebang.com\/wp-content\/uploads\/2024\/07\/aivono-aim-6500-puffs-star-disposable-price.png\",\"datePublished\":\"2024-07-05T06:28:07+00:00\",\"dateModified\":\"2024-12-14T09:03:05+00:00\",\"description\":\"AIVONO AIM STAR 6500 Puffs Wholesale Price 6500 Puffs Vape\uff0c2% and 5% nicotine to choose. Contact now to get Wholesale Factory Price of AIVONO 6500 vapes!\",\"breadcrumb\":{\"@id\":\"https:\/\/rmvapebang.com\/product\/aivono-aim-star-6500-puffs-vape-bulk-sales\/#breadcrumb\"},\"inLanguage\":\"lt-LT\",\"potentialAction\":[{\"@type\":\"ReadAction\",\"target\":[\"https:\/\/rmvapebang.com\/product\/aivono-aim-star-6500-puffs-vape-bulk-sales\/\"]}]},{\"@type\":\"ImageObject\",\"inLanguage\":\"lt-LT\",\"@id\":\"https:\/\/rmvapebang.com\/product\/aivono-aim-star-6500-puffs-vape-bulk-sales\/#primaryimage\",\"url\":\"https:\/\/rmvapebang.com\/wp-content\/uploads\/2024\/07\/aivono-aim-6500-puffs-star-disposable-price.png\",\"contentUrl\":\"https:\/\/rmvapebang.com\/wp-content\/uploads\/2024\/07\/aivono-aim-6500-puffs-star-disposable-price.png\",\"width\":1000,\"height\":1000,\"caption\":\"aivono aim 6500 puffs star disposable price\"},{\"@type\":\"BreadcrumbList\",\"@id\":\"https:\/\/rmvapebang.com\/product\/aivono-aim-star-6500-puffs-vape-bulk-sales\/#breadcrumb\",\"itemListElement\":[{\"@type\":\"ListItem\",\"position\":1,\"name\":\"Home\",\"item\":\"https:\/\/rmvapebang.com\/\"},{\"@type\":\"ListItem\",\"position\":2,\"name\":\"Hot Vape Shop\",\"item\":\"https:\/\/rmvapebang.com\/shop-page\/\"},{\"@type\":\"ListItem\",\"position\":3,\"name\":\"AIVONO AIM STAR 6500 Puffs Vape Bulk Sales\"}]},{\"@type\":\"WebSite\",\"@id\":\"https:\/\/rmvapebang.com\/#website\",\"url\":\"https:\/\/rmvapebang.com\/\",\"name\":\"rmvapebang.com\",\"description\":\"buy vape cheap\",\"publisher\":{\"@id\":\"https:\/\/rmvapebang.com\/#organization\"},\"potentialAction\":[{\"@type\":\"SearchAction\",\"target\":{\"@type\":\"EntryPoint\",\"urlTemplate\":\"https:\/\/rmvapebang.com\/?s={search_term_string}\"},\"query-input\":\"required name=search_term_string\"}],\"inLanguage\":\"lt-LT\"},{\"@type\":\"Organization\",\"@id\":\"https:\/\/rmvapebang.com\/#organization\",\"name\":\"rmvapebang.com\",\"url\":\"https:\/\/rmvapebang.com\/\",\"logo\":{\"@type\":\"ImageObject\",\"inLanguage\":\"lt-LT\",\"@id\":\"https:\/\/rmvapebang.com\/#\/schema\/logo\/image\/\",\"url\":\"https:\/\/rmvapebang.com\/wp-content\/uploads\/2024\/03\/cropped-RVBlogo.png\",\"contentUrl\":\"https:\/\/rmvapebang.com\/wp-content\/uploads\/2024\/03\/cropped-RVBlogo.png\",\"width\":507,\"height\":169,\"caption\":\"rmvapebang.com\"},\"image\":{\"@id\":\"https:\/\/rmvapebang.com\/#\/schema\/logo\/image\/\"}}]}<\/script>\n<!-- \/ Yoast SEO plugin. -->","yoast_head_json":{"title":"AIVONO AIM STAR 6500 Puffs Vape Bulk Sales - rmvapebang.com","description":"AIVONO AIM STAR 6500 Puffs Wholesale Price 6500 Puffs Vape\uff0c2% and 5% nicotine to choose. Contact now to get Wholesale Factory Price of AIVONO 6500 vapes!","robots":{"index":"index","follow":"follow","max-snippet":"max-snippet:-1","max-image-preview":"max-image-preview:large","max-video-preview":"max-video-preview:-1"},"canonical":"https:\/\/rmvapebang.com\/lt\/product\/aivono-aim-star-6500-puffs-vape-bulk-sales\/","og_locale":"lt_LT","og_type":"article","og_title":"AIVONO AIM STAR 6500 Puffs Vape Bulk Sales - rmvapebang.com","og_description":"AIVONO AIM STAR 6500 Puffs Wholesale Price 6500 Puffs Vape\uff0c2% and 5% nicotine to choose. Contact now to get Wholesale Factory Price of AIVONO 6500 vapes!","og_url":"https:\/\/rmvapebang.com\/lt\/product\/aivono-aim-star-6500-puffs-vape-bulk-sales\/","og_site_name":"rmvapebang.com","article_modified_time":"2024-12-14T09:03:05+00:00","og_image":[{"width":1000,"height":1000,"url":"https:\/\/rmvapebang.com\/wp-content\/uploads\/2024\/07\/aivono-aim-6500-puffs-star-disposable-price.png","type":"image\/png"}],"twitter_card":"summary_large_image","twitter_misc":{"Est. reading time":"3 minut\u0117s"},"schema":{"@context":"https:\/\/schema.org","@graph":[{"@type":"WebPage","@id":"https:\/\/rmvapebang.com\/product\/aivono-aim-star-6500-puffs-vape-bulk-sales\/","url":"https:\/\/rmvapebang.com\/product\/aivono-aim-star-6500-puffs-vape-bulk-sales\/","name":"AIVONO AIM STAR 6500 Puffs Vape Bulk Sales - rmvapebang.com","isPartOf":{"@id":"https:\/\/rmvapebang.com\/#website"},"primaryImageOfPage":{"@id":"https:\/\/rmvapebang.com\/product\/aivono-aim-star-6500-puffs-vape-bulk-sales\/#primaryimage"},"image":{"@id":"https:\/\/rmvapebang.com\/product\/aivono-aim-star-6500-puffs-vape-bulk-sales\/#primaryimage"},"thumbnailUrl":"https:\/\/rmvapebang.com\/wp-content\/uploads\/2024\/07\/aivono-aim-6500-puffs-star-disposable-price.png","datePublished":"2024-07-05T06:28:07+00:00","dateModified":"2024-12-14T09:03:05+00:00","description":"AIVONO AIM STAR 6500 Puffs Wholesale Price 6500 Puffs Vape\uff0c2% and 5% nicotine to choose. Contact now to get Wholesale Factory Price of AIVONO 6500 vapes!","breadcrumb":{"@id":"https:\/\/rmvapebang.com\/product\/aivono-aim-star-6500-puffs-vape-bulk-sales\/#breadcrumb"},"inLanguage":"lt-LT","potentialAction":[{"@type":"ReadAction","target":["https:\/\/rmvapebang.com\/product\/aivono-aim-star-6500-puffs-vape-bulk-sales\/"]}]},{"@type":"ImageObject","inLanguage":"lt-LT","@id":"https:\/\/rmvapebang.com\/product\/aivono-aim-star-6500-puffs-vape-bulk-sales\/#primaryimage","url":"https:\/\/rmvapebang.com\/wp-content\/uploads\/2024\/07\/aivono-aim-6500-puffs-star-disposable-price.png","contentUrl":"https:\/\/rmvapebang.com\/wp-content\/uploads\/2024\/07\/aivono-aim-6500-puffs-star-disposable-price.png","width":1000,"height":1000,"caption":"aivono aim 6500 puffs star disposable price"},{"@type":"BreadcrumbList","@id":"https:\/\/rmvapebang.com\/product\/aivono-aim-star-6500-puffs-vape-bulk-sales\/#breadcrumb","itemListElement":[{"@type":"ListItem","position":1,"name":"Home","item":"https:\/\/rmvapebang.com\/"},{"@type":"ListItem","position":2,"name":"Hot Vape Shop","item":"https:\/\/rmvapebang.com\/shop-page\/"},{"@type":"ListItem","position":3,"name":"AIVONO AIM STAR 6500 Puffs Vape Bulk Sales"}]},{"@type":"WebSite","@id":"https:\/\/rmvapebang.com\/#website","url":"https:\/\/rmvapebang.com\/","name":"rmvapebang.com","description":"buy vape cheap","publisher":{"@id":"https:\/\/rmvapebang.com\/#organization"},"potentialAction":[{"@type":"SearchAction","target":{"@type":"EntryPoint","urlTemplate":"https:\/\/rmvapebang.com\/?s={search_term_string}"},"query-input":"required name=search_term_string"}],"inLanguage":"lt-LT"},{"@type":"Organization","@id":"https:\/\/rmvapebang.com\/#organization","name":"rmvapebang.com","url":"https:\/\/rmvapebang.com\/","logo":{"@type":"ImageObject","inLanguage":"lt-LT","@id":"https:\/\/rmvapebang.com\/#\/schema\/logo\/image\/","url":"https:\/\/rmvapebang.com\/wp-content\/uploads\/2024\/03\/cropped-RVBlogo.png","contentUrl":"https:\/\/rmvapebang.com\/wp-content\/uploads\/2024\/03\/cropped-RVBlogo.png","width":507,"height":169,"caption":"rmvapebang.com"},"image":{"@id":"https:\/\/rmvapebang.com\/#\/schema\/logo\/image\/"}}]}},"uagb_featured_image_src":{"full":["https:\/\/rmvapebang.com\/wp-content\/uploads\/2024\/07\/aivono-aim-6500-puffs-star-disposable-price.png",1000,1000,false],"thumbnail":["https:\/\/rmvapebang.com\/wp-content\/uploads\/2024\/07\/aivono-aim-6500-puffs-star-disposable-price-150x150.png",150,150,true],"medium":["https:\/\/rmvapebang.com\/wp-content\/uploads\/2024\/07\/aivono-aim-6500-puffs-star-disposable-price-300x300.png",300,300,true],"medium_large":["https:\/\/rmvapebang.com\/wp-content\/uploads\/2024\/07\/aivono-aim-6500-puffs-star-disposable-price-768x768.png",768,768,true],"large":["https:\/\/rmvapebang.com\/wp-content\/uploads\/2024\/07\/aivono-aim-6500-puffs-star-disposable-price.png",1000,1000,false],"1536x1536":["https:\/\/rmvapebang.com\/wp-content\/uploads\/2024\/07\/aivono-aim-6500-puffs-star-disposable-price.png",1000,1000,false],"2048x2048":["https:\/\/rmvapebang.com\/wp-content\/uploads\/2024\/07\/aivono-aim-6500-puffs-star-disposable-price.png",1000,1000,false],"trp-custom-language-flag":["https:\/\/rmvapebang.com\/wp-content\/uploads\/2024\/07\/aivono-aim-6500-puffs-star-disposable-price.png",12,12,false],"woocommerce_thumbnail":["https:\/\/rmvapebang.com\/wp-content\/uploads\/2024\/07\/aivono-aim-6500-puffs-star-disposable-price-300x300.png",300,300,true],"woocommerce_single":["https:\/\/rmvapebang.com\/wp-content\/uploads\/2024\/07\/aivono-aim-6500-puffs-star-disposable-price-600x600.png",600,600,true],"woocommerce_gallery_thumbnail":["https:\/\/rmvapebang.com\/wp-content\/uploads\/2024\/07\/aivono-aim-6500-puffs-star-disposable-price-100x100.png",100,100,true],"wcpr-photo-reviews":["https:\/\/rmvapebang.com\/wp-content\/uploads\/2024\/07\/aivono-aim-6500-puffs-star-disposable-price.png",500,500,false]},"uagb_author_info":{"display_name":"Lyn","author_link":"https:\/\/rmvapebang.com\/lt\/author\/"},"uagb_comment_info":0,"uagb_excerpt":"AIVONO aim star 6500 Puffs Wholesale Price Vape Rechargeable AIVONO aim star vape\u00a0 is a high-capacity rechargeable vape device offering 6500 puffs with 10 flavors and 2%\/5% nicotine levels. Whatsapp:+86 17840853976 Scan on whatsapp for New Client coupon","_links":{"self":[{"href":"https:\/\/rmvapebang.com\/lt\/wp-json\/wp\/v2\/product\/2509","targetHints":{"allow":["GET"]}}],"collection":[{"href":"https:\/\/rmvapebang.com\/lt\/wp-json\/wp\/v2\/product"}],"about":[{"href":"https:\/\/rmvapebang.com\/lt\/wp-json\/wp\/v2\/types\/product"}],"replies":[{"embeddable":true,"href":"https:\/\/rmvapebang.com\/lt\/wp-json\/wp\/v2\/comments?post=2509"}],"wp:featuredmedia":[{"embeddable":true,"href":"https:\/\/rmvapebang.com\/lt\/wp-json\/wp\/v2\/media\/2503"}],"wp:attachment":[{"href":"https:\/\/rmvapebang.com\/lt\/wp-json\/wp\/v2\/media?parent=2509"}],"wp:term":[{"taxonomy":"product_brand","embeddable":true,"href":"https:\/\/rmvapebang.com\/lt\/wp-json\/wp\/v2\/product_brand?post=2509"},{"taxonomy":"product_cat","embeddable":true,"href":"https:\/\/rmvapebang.com\/lt\/wp-json\/wp\/v2\/product_cat?post=2509"},{"taxonomy":"product_tag","embeddable":true,"href":"https:\/\/rmvapebang.com\/lt\/wp-json\/wp\/v2\/product_tag?post=2509"}],"curies":[{"name":"wp","href":"https:\/\/api.w.org\/{rel}","templated":true}]}}