{"id":2124,"date":"2024-04-17T15:41:17","date_gmt":"2024-04-17T07:41:17","guid":{"rendered":"https:\/\/rmvapebang.com\/?post_type=product&#038;p=2124"},"modified":"2024-12-14T17:15:04","modified_gmt":"2024-12-14T09:15:04","slug":"utco-e-cigarette-9000-puffs-wholesale-price-9k-vape","status":"publish","type":"product","link":"https:\/\/rmvapebang.com\/lt\/product\/utco-e-cigarette-9000-puffs-wholesale-price-9k-vape\/","title":{"rendered":"UTCO E-cigarette 9000 PUFFS didmenin\u0117 kaina 9k Vape"},"content":{"rendered":"<h1>UTCO E-cigarette 9000 PUFFS didmenin\u0117 kaina 9k Vape<\/h1>\n<div class=\"flex-1 overflow-hidden\">\n<div class=\"react-scroll-to-bottom--css-rkeqe-79elbk h-full\">\n<div class=\"react-scroll-to-bottom--css-rkeqe-1n7m0yu\">\n<div class=\"flex flex-col text-sm pb-9\">\n<div class=\"w-full text-token-text-primary\" data-testid=\"conversation-turn-7\">\n<div class=\"px-4 py-2 justify-center text-base md:gap-6 m-auto\">\n<div class=\"flex flex-1 text-base mx-auto gap-3 md:px-5 lg:px-1 xl:px-5 md:max-w-3xl lg:max-w-[40rem] xl:max-w-[48rem] group final-completion\">\n<div class=\"relative flex w-full flex-col agent-turn\">\n<div class=\"flex-col gap-1 md:gap-3\">\n<div class=\"flex flex-grow flex-col max-w-full\">\n<div class=\"min-h-[20px] text-message flex flex-col items-start gap-3 whitespace-pre-wrap break-words [.text-message+&amp;]:mt-5 overflow-x-auto\" data-message-author-role=\"assistant\" data-message-id=\"a1f3b89f-a1c9-497d-a989-579b96e752e6\">\n<div class=\"markdown prose w-full break-words dark:prose-invert light\">\n<p>UTCO E-cigarette 9000 PUFFS Kar\u0161ti pardavimai 9k Vape, UTCO pagrindin\u0117 technologija yra auk\u0161tos kokyb\u0117s nikotino druskos formul\u0117, prieinama 2% ir 5% koncentracij\u0173 pasirinkimuose, u\u017etikrinanti skland\u0173 ir patog\u0173 potyr\u012f did\u017ei\u0105ja dalimi. UTCO 850mAh baterija ir didel\u0117 18ml e-skys\u010dio talpa leid\u017eia ilgai m\u0117gautis r\u016bkymu, nepridedant problem\u0173 d\u0117l e-skys\u010dio keitimo ir \u012fkrovimo laiko. Leiskite m\u0117gautis r\u016bkymo patirtimi su daugiau ramyb\u0117s.<\/p>\n<p>Reguliuojama oro srauto sistema, kuri kontroliuoja UTCO, gali b\u016bti reguliuojama b\u016btent pagal j\u016bs\u0173 r\u016bkymo \u012fpro\u010dius, leid\u017eianti vartotojams pritaikyti savo traukimo stili\u0173. Be to, 6 spalv\u0173 RGB ap\u0161vietimas prideda j\u016bs\u0173 prietaisui asmeni\u0161kumo ir stiliaus. \u0160is taip pat turi 50 skoni\u0173 pasirinkim\u0105. Tai naujausias stilius ir dabar yra labai populiarus rinkoje.<\/p>\n<p><img loading=\"lazy\" decoding=\"async\" class=\"size-medium wp-image-2128\" src=\"http:\/\/rmvapebang.com\/wp-content\/uploads\/2024\/04\/UTCO-e-cigarette-PUFF-9000-good-price-300x235.jpg\" alt=\"UTCO vape PUFF 9K gera kaina\" width=\"300\" height=\"235\" srcset=\"https:\/\/rmvapebang.com\/wp-content\/uploads\/2024\/04\/UTCO-e-cigarette-PUFF-9000-good-price-300x235.jpg 300w, https:\/\/rmvapebang.com\/wp-content\/uploads\/2024\/04\/UTCO-e-cigarette-PUFF-9000-good-price-1024x801.jpg 1024w, https:\/\/rmvapebang.com\/wp-content\/uploads\/2024\/04\/UTCO-e-cigarette-PUFF-9000-good-price-768x601.jpg 768w, https:\/\/rmvapebang.com\/wp-content\/uploads\/2024\/04\/UTCO-e-cigarette-PUFF-9000-good-price-1536x1202.jpg 1536w, https:\/\/rmvapebang.com\/wp-content\/uploads\/2024\/04\/UTCO-e-cigarette-PUFF-9000-good-price-2048x1603.jpg 2048w, https:\/\/rmvapebang.com\/wp-content\/uploads\/2024\/04\/UTCO-e-cigarette-PUFF-9000-good-price-600x470.jpg 600w\" sizes=\"auto, (max-width: 300px) 100vw, 300px\" \/><\/p>\n<\/div>\n<\/div>\n<\/div>\n<\/div>\n<\/div>\n<\/div>\n<\/div>\n<\/div>\n<\/div>\n<\/div>\n<\/div>\n<\/div>\n<h2><strong>Kokie skoniai yra 9K p\u016bst\u0173 vape su 2% ir 5% nikotino?<\/strong><\/h2>\n<p>1 M\u0117lyni\u0173 Aviet\u0117<br \/>\n2 Ponas M\u0117lynas<br \/>\n3 Bra\u0161ki\u0173 Arb\u016bzas<br \/>\n4 Apelsin\u0173 Soda<br \/>\n5 Arb\u016bz\u0173 Burbul\u0173 Guma<br \/>\n6 Vaivoryk\u0161t\u0117s Saldainiai<br \/>\n7 Rausvas Limonadas<br \/>\n8 Persik\u0173 Mango Ananasas<br \/>\n9 Bra\u0161ki\u0173 Bananas<br \/>\n10 Arb\u016bz\u0173 Ledas<br \/>\n11 Juodojo Drakono Ledas<br \/>\n12 Alavij\u0173 Vynuog\u0117<br \/>\n13 Bra\u0161ki\u0173 Vynuog\u0117<br \/>\n14 Citrin\u0173 Laimas<br \/>\n15 Ledo L\u016bpas<br \/>\n16 \u0160aldytos m\u0117lyn\u0117s<br \/>\n17 \u0160aldytas m\u0117lynasis avietinis<br \/>\n18 Mi\u0161rios uogos<br \/>\n19 Vy\u0161ni\u0173 kola<br \/>\n20 Bra\u0161ki\u0173 mangas<br \/>\n21 Kiviai, pasifloros ir gvajavos<br \/>\n22 Juodasis ledas<\/p>\n<p><span style=\"font-size: 1.7em;font-weight: bold\">UTCO E-cigaret\u0117s 9K p\u016btim\u0173 specifikacijos:<\/span><\/p>\n<p>\u2013 9k D\u016bmai<br \/>\n\u201350 skoni\u0173<br \/>\n\u2013 2% \/ 5% nikotino stiprumas<br \/>\n\u2013 18 ml E-skys\u010dio talpa<br \/>\n\u2013 Baterijos talpa 850 mAh<\/p>\n<h3>DUK:<\/h3>\n<p>K: Koks yra minimalus u\u017esakymo kiekis (MOQ)?<\/p>\n<p>A: Minimalus UTCO E-cigaret\u0117s 9000 P\u016btim\u0173 Veipo u\u017esakymo kiekis (MOQ) yra 50 vienet\u0173.<\/p>\n<p>K: Koks yra mano u\u017esakytos UTCO E-cigaret\u0117s 9K P\u016btim\u0173 Veipo pristatymo laikas?<\/p>\n<p>A: Paprastai UTCO E-cigaret\u0117s 9K P\u016btim\u0173 Veipo pristatymo laikas yra 10\u201315 dien\u0173 po i\u0161siuntimo.<\/p>\n<p>K: Kiek kainuoja UTCO E-cigaret\u0117s 9000 Veipo siuntimo kaina?<\/p>\n<p>A: Pristatymo kaina priklauso nuo u\u017esakymo svorio. Skirtingi kiekiai gali tur\u0117ti skirtingas pristatymo i\u0161laidas. Nor\u0117dami patvirtinti savo konkretaus u\u017esakymo pristatymo kain\u0105, susisiekite su mumis.<\/p>\n<p>K: Ar UTCO E-cigaret\u0117 9000 P\u016btim\u0173 Veipas gali b\u016bti siun\u010diamas \u012f mano \u0161al\u012f?<\/p>\n<p>A: Taip, mes galime si\u0173sti UTCO E-cigaret\u0119 9000 P\u016btim\u0173 Veip\u0105 \u012f daugum\u0105 Europos \u0161ali\u0173, \u012fskaitant, bet neapsiribojant, Nyderlandus, Vokietij\u0105, Pranc\u016bzij\u0105, Ispanij\u0105, Italij\u0105, Belgij\u0105, Liuksemburg\u0105, Austrij\u0105, \u010cekij\u0105, Slovakij\u0105, Vengrij\u0105, Slov\u0117nij\u0105, Rumunij\u0105, Bulgarij\u0105, Graikij\u0105, Lenkij\u0105, \u0160vedij\u0105, Airij\u0105, Portugalij\u0105, Suomij\u0105, Estij\u0105, Latvij\u0105 ir Lietuv\u0105. Jei turite koki\u0173 nors konkre\u010di\u0173 klausim\u0173 d\u0117l siuntimo \u012f savo \u0161al\u012f, susisiekite su mumis.<\/p>\n<p><strong>Nor\u0117dami gauti daugiau produkt\u0173 vaizdo \u012fra\u0161\u0173, susisiekite su Lyn!<\/strong><\/p>\n<p><a href=\"https:\/\/wa.me\/8617840853976\"><span style=\"color: #ff6600\"><strong><em>Whatsapp:+86 17840853976<\/em><\/strong><\/span><\/a><\/p>\n<p><img loading=\"lazy\" decoding=\"async\" class=\"alignnone size-medium wp-image-1905\" src=\"http:\/\/rmvapebang.com\/wp-content\/uploads\/2024\/03\/whatsapp-vape-2-202x300.jpg\" alt=\"\" width=\"202\" height=\"300\" \/><\/p>\n<p>Raskite daugiau produkt\u0173, kurie jums gali patikti:<a href=\"https:\/\/rmvapebang.com\/lt\/shop-page\/\"><strong><em>Pirkti dabar<\/em><\/strong><\/a><\/p>\n<p>kiti jums galintys patikti \u012ftraukimai:<\/p>\n<p><span style=\"color: #ff0000\"><strong>Pastaba: \u012f visus produktus ne\u012fskai\u010diuotos siuntimo i\u0161laidos!!!<\/strong><\/span><\/p>","protected":false},"excerpt":{"rendered":"<p>UTCO E-cigarette 9000 Puffs Didmenin\u0117 kaina \u012ekraunamas Vape<\/p>\n<p>UTCO E-cigarette 9000 Puffs yra didel\u0117s talpos \u012fkraunamas vape prietaisas, si\u016blantis 9000 d\u016bm\u0173 su 50 skoni\u0173 ir 2% \/ 5% nikotino lygiu.<\/p>\n<p><strong><em>Whatsapp:<a href=\"https:\/\/wa.me\/8617840853976\">+86 17840853976<\/a><\/em><\/strong><\/p>\n<p>Nuskaitykite \u201eWhatsApp\u201c naujo kliento kupon\u0105<\/p>\n<p><img loading=\"lazy\" decoding=\"async\" class=\"alignnone size-medium wp-image-1905\" src=\"http:\/\/rmvapebang.com\/wp-content\/uploads\/2024\/03\/whatsapp-vape-2-202x300.jpg\" alt=\"\" width=\"202\" height=\"300\" \/><\/p>","protected":false},"featured_media":2126,"comment_status":"open","ping_status":"closed","template":"","meta":{"_uag_custom_page_level_css":"","_lmt_disableupdate":"no","_lmt_disable":"","site-sidebar-layout":"no-sidebar","site-content-layout":"boxed-container","ast-site-content-layout":"normal-width-container","site-content-style":"boxed","site-sidebar-style":"boxed","ast-global-header-display":"","ast-banner-title-visibility":"","ast-main-header-display":"","ast-hfb-above-header-display":"","ast-hfb-below-header-display":"","ast-hfb-mobile-header-display":"","site-post-title":"","ast-breadcrumbs-content":"","ast-featured-img":"","footer-sml-layout":"","theme-transparent-header-meta":"default","adv-header-id-meta":"","stick-header-meta":"","header-above-stick-meta":"","header-main-stick-meta":"","header-below-stick-meta":"","astra-migrate-meta-layouts":"set","ast-page-background-enabled":"default","ast-page-background-meta":{"desktop":{"background-color":"","background-image":"","background-repeat":"repeat","background-position":"center center","background-size":"auto","background-attachment":"scroll","background-type":"","background-media":"","overlay-type":"","overlay-color":"","overlay-gradient":""},"tablet":{"background-color":"","background-image":"","background-repeat":"repeat","background-position":"center center","background-size":"auto","background-attachment":"scroll","background-type":"","background-media":"","overlay-type":"","overlay-color":"","overlay-gradient":""},"mobile":{"background-color":"","background-image":"","background-repeat":"repeat","background-position":"center center","background-size":"auto","background-attachment":"scroll","background-type":"","background-media":"","overlay-type":"","overlay-color":"","overlay-gradient":""}},"ast-content-background-meta":{"desktop":{"background-color":"var(--ast-global-color-5)","background-image":"","background-repeat":"repeat","background-position":"center center","background-size":"auto","background-attachment":"scroll","background-type":"","background-media":"","overlay-type":"","overlay-color":"","overlay-gradient":""},"tablet":{"background-color":"var(--ast-global-color-5)","background-image":"","background-repeat":"repeat","background-position":"center center","background-size":"auto","background-attachment":"scroll","background-type":"","background-media":"","overlay-type":"","overlay-color":"","overlay-gradient":""},"mobile":{"background-color":"var(--ast-global-color-5)","background-image":"","background-repeat":"repeat","background-position":"center center","background-size":"auto","background-attachment":"scroll","background-type":"","background-media":"","overlay-type":"","overlay-color":"","overlay-gradient":""}},"_joinchat":[]},"product_brand":[],"product_cat":[15],"product_tag":[],"class_list":{"0":"post-2124","1":"product","2":"type-product","3":"status-publish","4":"has-post-thumbnail","6":"product_cat-eu-warehouse","7":"desktop-align-left","8":"tablet-align-left","9":"mobile-align-left","11":"first","12":"outofstock","13":"sale","14":"shipping-taxable","15":"purchasable","16":"product-type-simple"},"yoast_head":"<!-- This site is optimized with the Yoast SEO plugin v23.0 - https:\/\/yoast.com\/wordpress\/plugins\/seo\/ -->\n<title>UTCO E-cigarette 9000 PUFFS Wholesale Price 9k Vape - rmvapebang.com<\/title>\n<meta name=\"description\" content=\"UTCO E-cigarette 9000 Puffs Wholesale Price 9K Puffs Vape\uff0c2% and 5% nicotine to choose. Contact now to get Wholesale Fast Price of UTCO 9000 vape!\" \/>\n<meta name=\"robots\" content=\"index, follow, max-snippet:-1, max-image-preview:large, max-video-preview:-1\" \/>\n<link rel=\"canonical\" href=\"https:\/\/rmvapebang.com\/lt\/product\/utco-e-cigarette-9000-puffs-wholesale-price-9k-vape\/\" \/>\n<meta property=\"og:locale\" content=\"lt_LT\" \/>\n<meta property=\"og:type\" content=\"article\" \/>\n<meta property=\"og:title\" content=\"UTCO E-cigarette 9000 PUFFS Wholesale Price 9k Vape - rmvapebang.com\" \/>\n<meta property=\"og:description\" content=\"UTCO E-cigarette 9000 Puffs Wholesale Price 9K Puffs Vape\uff0c2% and 5% nicotine to choose. Contact now to get Wholesale Fast Price of UTCO 9000 vape!\" \/>\n<meta property=\"og:url\" content=\"https:\/\/rmvapebang.com\/lt\/product\/utco-e-cigarette-9000-puffs-wholesale-price-9k-vape\/\" \/>\n<meta property=\"og:site_name\" content=\"rmvapebang.com\" \/>\n<meta property=\"article:modified_time\" content=\"2024-12-14T09:15:04+00:00\" \/>\n<meta property=\"og:image\" content=\"https:\/\/rmvapebang.com\/wp-content\/uploads\/2024\/04\/UTCO-e-cigarette-9000-PUFFS-good-price.jpg\" \/>\n\t<meta property=\"og:image:width\" content=\"1600\" \/>\n\t<meta property=\"og:image:height\" content=\"1600\" \/>\n\t<meta property=\"og:image:type\" content=\"image\/jpeg\" \/>\n<meta name=\"twitter:card\" content=\"summary_large_image\" \/>\n<meta name=\"twitter:label1\" content=\"Est. reading time\" \/>\n\t<meta name=\"twitter:data1\" content=\"3 minut\u0117s\" \/>\n<script type=\"application\/ld+json\" class=\"yoast-schema-graph\">{\"@context\":\"https:\/\/schema.org\",\"@graph\":[{\"@type\":\"WebPage\",\"@id\":\"https:\/\/rmvapebang.com\/product\/utco-e-cigarette-9000-puffs-wholesale-price-9k-vape\/\",\"url\":\"https:\/\/rmvapebang.com\/product\/utco-e-cigarette-9000-puffs-wholesale-price-9k-vape\/\",\"name\":\"UTCO E-cigarette 9000 PUFFS Wholesale Price 9k Vape - rmvapebang.com\",\"isPartOf\":{\"@id\":\"https:\/\/rmvapebang.com\/#website\"},\"primaryImageOfPage\":{\"@id\":\"https:\/\/rmvapebang.com\/product\/utco-e-cigarette-9000-puffs-wholesale-price-9k-vape\/#primaryimage\"},\"image\":{\"@id\":\"https:\/\/rmvapebang.com\/product\/utco-e-cigarette-9000-puffs-wholesale-price-9k-vape\/#primaryimage\"},\"thumbnailUrl\":\"https:\/\/rmvapebang.com\/wp-content\/uploads\/2024\/04\/UTCO-e-cigarette-9000-PUFFS-good-price.jpg\",\"datePublished\":\"2024-04-17T07:41:17+00:00\",\"dateModified\":\"2024-12-14T09:15:04+00:00\",\"description\":\"UTCO E-cigarette 9000 Puffs Wholesale Price 9K Puffs Vape\uff0c2% and 5% nicotine to choose. Contact now to get Wholesale Fast Price of UTCO 9000 vape!\",\"breadcrumb\":{\"@id\":\"https:\/\/rmvapebang.com\/product\/utco-e-cigarette-9000-puffs-wholesale-price-9k-vape\/#breadcrumb\"},\"inLanguage\":\"lt-LT\",\"potentialAction\":[{\"@type\":\"ReadAction\",\"target\":[\"https:\/\/rmvapebang.com\/product\/utco-e-cigarette-9000-puffs-wholesale-price-9k-vape\/\"]}]},{\"@type\":\"ImageObject\",\"inLanguage\":\"lt-LT\",\"@id\":\"https:\/\/rmvapebang.com\/product\/utco-e-cigarette-9000-puffs-wholesale-price-9k-vape\/#primaryimage\",\"url\":\"https:\/\/rmvapebang.com\/wp-content\/uploads\/2024\/04\/UTCO-e-cigarette-9000-PUFFS-good-price.jpg\",\"contentUrl\":\"https:\/\/rmvapebang.com\/wp-content\/uploads\/2024\/04\/UTCO-e-cigarette-9000-PUFFS-good-price.jpg\",\"width\":1600,\"height\":1600,\"caption\":\"UTCO e-cigarette 9000 PUFFS good price\"},{\"@type\":\"BreadcrumbList\",\"@id\":\"https:\/\/rmvapebang.com\/product\/utco-e-cigarette-9000-puffs-wholesale-price-9k-vape\/#breadcrumb\",\"itemListElement\":[{\"@type\":\"ListItem\",\"position\":1,\"name\":\"Home\",\"item\":\"https:\/\/rmvapebang.com\/\"},{\"@type\":\"ListItem\",\"position\":2,\"name\":\"Hot Vape Shop\",\"item\":\"https:\/\/rmvapebang.com\/shop-page\/\"},{\"@type\":\"ListItem\",\"position\":3,\"name\":\"UTCO E-cigarette 9000 PUFFS Wholesale Price 9k Vape\"}]},{\"@type\":\"WebSite\",\"@id\":\"https:\/\/rmvapebang.com\/#website\",\"url\":\"https:\/\/rmvapebang.com\/\",\"name\":\"rmvapebang.com\",\"description\":\"buy vape cheap\",\"publisher\":{\"@id\":\"https:\/\/rmvapebang.com\/#organization\"},\"potentialAction\":[{\"@type\":\"SearchAction\",\"target\":{\"@type\":\"EntryPoint\",\"urlTemplate\":\"https:\/\/rmvapebang.com\/?s={search_term_string}\"},\"query-input\":\"required name=search_term_string\"}],\"inLanguage\":\"lt-LT\"},{\"@type\":\"Organization\",\"@id\":\"https:\/\/rmvapebang.com\/#organization\",\"name\":\"rmvapebang.com\",\"url\":\"https:\/\/rmvapebang.com\/\",\"logo\":{\"@type\":\"ImageObject\",\"inLanguage\":\"lt-LT\",\"@id\":\"https:\/\/rmvapebang.com\/#\/schema\/logo\/image\/\",\"url\":\"https:\/\/rmvapebang.com\/wp-content\/uploads\/2024\/03\/cropped-RVBlogo.png\",\"contentUrl\":\"https:\/\/rmvapebang.com\/wp-content\/uploads\/2024\/03\/cropped-RVBlogo.png\",\"width\":507,\"height\":169,\"caption\":\"rmvapebang.com\"},\"image\":{\"@id\":\"https:\/\/rmvapebang.com\/#\/schema\/logo\/image\/\"}}]}<\/script>\n<!-- \/ Yoast SEO plugin. -->","yoast_head_json":{"title":"UTCO E-cigarette 9000 PUFFS Wholesale Price 9k Vape - rmvapebang.com","description":"UTCO E-cigarette 9000 Puffs Wholesale Price 9K Puffs Vape\uff0c2% and 5% nicotine to choose. Contact now to get Wholesale Fast Price of UTCO 9000 vape!","robots":{"index":"index","follow":"follow","max-snippet":"max-snippet:-1","max-image-preview":"max-image-preview:large","max-video-preview":"max-video-preview:-1"},"canonical":"https:\/\/rmvapebang.com\/lt\/product\/utco-e-cigarette-9000-puffs-wholesale-price-9k-vape\/","og_locale":"lt_LT","og_type":"article","og_title":"UTCO E-cigarette 9000 PUFFS Wholesale Price 9k Vape - rmvapebang.com","og_description":"UTCO E-cigarette 9000 Puffs Wholesale Price 9K Puffs Vape\uff0c2% and 5% nicotine to choose. Contact now to get Wholesale Fast Price of UTCO 9000 vape!","og_url":"https:\/\/rmvapebang.com\/lt\/product\/utco-e-cigarette-9000-puffs-wholesale-price-9k-vape\/","og_site_name":"rmvapebang.com","article_modified_time":"2024-12-14T09:15:04+00:00","og_image":[{"width":1600,"height":1600,"url":"https:\/\/rmvapebang.com\/wp-content\/uploads\/2024\/04\/UTCO-e-cigarette-9000-PUFFS-good-price.jpg","type":"image\/jpeg"}],"twitter_card":"summary_large_image","twitter_misc":{"Est. reading time":"3 minut\u0117s"},"schema":{"@context":"https:\/\/schema.org","@graph":[{"@type":"WebPage","@id":"https:\/\/rmvapebang.com\/product\/utco-e-cigarette-9000-puffs-wholesale-price-9k-vape\/","url":"https:\/\/rmvapebang.com\/product\/utco-e-cigarette-9000-puffs-wholesale-price-9k-vape\/","name":"UTCO E-cigarette 9000 PUFFS Wholesale Price 9k Vape - rmvapebang.com","isPartOf":{"@id":"https:\/\/rmvapebang.com\/#website"},"primaryImageOfPage":{"@id":"https:\/\/rmvapebang.com\/product\/utco-e-cigarette-9000-puffs-wholesale-price-9k-vape\/#primaryimage"},"image":{"@id":"https:\/\/rmvapebang.com\/product\/utco-e-cigarette-9000-puffs-wholesale-price-9k-vape\/#primaryimage"},"thumbnailUrl":"https:\/\/rmvapebang.com\/wp-content\/uploads\/2024\/04\/UTCO-e-cigarette-9000-PUFFS-good-price.jpg","datePublished":"2024-04-17T07:41:17+00:00","dateModified":"2024-12-14T09:15:04+00:00","description":"UTCO E-cigarette 9000 Puffs Wholesale Price 9K Puffs Vape\uff0c2% and 5% nicotine to choose. Contact now to get Wholesale Fast Price of UTCO 9000 vape!","breadcrumb":{"@id":"https:\/\/rmvapebang.com\/product\/utco-e-cigarette-9000-puffs-wholesale-price-9k-vape\/#breadcrumb"},"inLanguage":"lt-LT","potentialAction":[{"@type":"ReadAction","target":["https:\/\/rmvapebang.com\/product\/utco-e-cigarette-9000-puffs-wholesale-price-9k-vape\/"]}]},{"@type":"ImageObject","inLanguage":"lt-LT","@id":"https:\/\/rmvapebang.com\/product\/utco-e-cigarette-9000-puffs-wholesale-price-9k-vape\/#primaryimage","url":"https:\/\/rmvapebang.com\/wp-content\/uploads\/2024\/04\/UTCO-e-cigarette-9000-PUFFS-good-price.jpg","contentUrl":"https:\/\/rmvapebang.com\/wp-content\/uploads\/2024\/04\/UTCO-e-cigarette-9000-PUFFS-good-price.jpg","width":1600,"height":1600,"caption":"UTCO e-cigarette 9000 PUFFS good price"},{"@type":"BreadcrumbList","@id":"https:\/\/rmvapebang.com\/product\/utco-e-cigarette-9000-puffs-wholesale-price-9k-vape\/#breadcrumb","itemListElement":[{"@type":"ListItem","position":1,"name":"Home","item":"https:\/\/rmvapebang.com\/"},{"@type":"ListItem","position":2,"name":"Hot Vape Shop","item":"https:\/\/rmvapebang.com\/shop-page\/"},{"@type":"ListItem","position":3,"name":"UTCO E-cigarette 9000 PUFFS Wholesale Price 9k Vape"}]},{"@type":"WebSite","@id":"https:\/\/rmvapebang.com\/#website","url":"https:\/\/rmvapebang.com\/","name":"rmvapebang.com","description":"buy vape cheap","publisher":{"@id":"https:\/\/rmvapebang.com\/#organization"},"potentialAction":[{"@type":"SearchAction","target":{"@type":"EntryPoint","urlTemplate":"https:\/\/rmvapebang.com\/?s={search_term_string}"},"query-input":"required name=search_term_string"}],"inLanguage":"lt-LT"},{"@type":"Organization","@id":"https:\/\/rmvapebang.com\/#organization","name":"rmvapebang.com","url":"https:\/\/rmvapebang.com\/","logo":{"@type":"ImageObject","inLanguage":"lt-LT","@id":"https:\/\/rmvapebang.com\/#\/schema\/logo\/image\/","url":"https:\/\/rmvapebang.com\/wp-content\/uploads\/2024\/03\/cropped-RVBlogo.png","contentUrl":"https:\/\/rmvapebang.com\/wp-content\/uploads\/2024\/03\/cropped-RVBlogo.png","width":507,"height":169,"caption":"rmvapebang.com"},"image":{"@id":"https:\/\/rmvapebang.com\/#\/schema\/logo\/image\/"}}]}},"uagb_featured_image_src":{"full":["https:\/\/rmvapebang.com\/wp-content\/uploads\/2024\/04\/UTCO-e-cigarette-9000-PUFFS-good-price.jpg",1600,1600,false],"thumbnail":["https:\/\/rmvapebang.com\/wp-content\/uploads\/2024\/04\/UTCO-e-cigarette-9000-PUFFS-good-price-150x150.jpg",150,150,true],"medium":["https:\/\/rmvapebang.com\/wp-content\/uploads\/2024\/04\/UTCO-e-cigarette-9000-PUFFS-good-price-300x300.jpg",300,300,true],"medium_large":["https:\/\/rmvapebang.com\/wp-content\/uploads\/2024\/04\/UTCO-e-cigarette-9000-PUFFS-good-price-768x768.jpg",768,768,true],"large":["https:\/\/rmvapebang.com\/wp-content\/uploads\/2024\/04\/UTCO-e-cigarette-9000-PUFFS-good-price-1024x1024.jpg",1024,1024,true],"1536x1536":["https:\/\/rmvapebang.com\/wp-content\/uploads\/2024\/04\/UTCO-e-cigarette-9000-PUFFS-good-price-1536x1536.jpg",1536,1536,true],"2048x2048":["https:\/\/rmvapebang.com\/wp-content\/uploads\/2024\/04\/UTCO-e-cigarette-9000-PUFFS-good-price.jpg",1600,1600,false],"trp-custom-language-flag":["https:\/\/rmvapebang.com\/wp-content\/uploads\/2024\/04\/UTCO-e-cigarette-9000-PUFFS-good-price.jpg",12,12,false],"woocommerce_thumbnail":["https:\/\/rmvapebang.com\/wp-content\/uploads\/2024\/04\/UTCO-e-cigarette-9000-PUFFS-good-price-300x300.jpg",300,300,true],"woocommerce_single":["https:\/\/rmvapebang.com\/wp-content\/uploads\/2024\/04\/UTCO-e-cigarette-9000-PUFFS-good-price-600x600.jpg",600,600,true],"woocommerce_gallery_thumbnail":["https:\/\/rmvapebang.com\/wp-content\/uploads\/2024\/04\/UTCO-e-cigarette-9000-PUFFS-good-price-100x100.jpg",100,100,true],"wcpr-photo-reviews":["https:\/\/rmvapebang.com\/wp-content\/uploads\/2024\/04\/UTCO-e-cigarette-9000-PUFFS-good-price.jpg",500,500,false]},"uagb_author_info":{"display_name":"Lyn","author_link":"https:\/\/rmvapebang.com\/lt\/author\/"},"uagb_comment_info":0,"uagb_excerpt":"UTCO E-cigarette 9000 Puffs Wholesale Price Vape Rechargeable UTCO E-cigarette 9000 Puff is a high-capacity rechargeable vape device offering 9000 puffs with 50 flavors and 2%\/5% nicotine levels. Whatsapp:+86 17840853976 Scan on whatsapp for New Client coupon","_links":{"self":[{"href":"https:\/\/rmvapebang.com\/lt\/wp-json\/wp\/v2\/product\/2124","targetHints":{"allow":["GET"]}}],"collection":[{"href":"https:\/\/rmvapebang.com\/lt\/wp-json\/wp\/v2\/product"}],"about":[{"href":"https:\/\/rmvapebang.com\/lt\/wp-json\/wp\/v2\/types\/product"}],"replies":[{"embeddable":true,"href":"https:\/\/rmvapebang.com\/lt\/wp-json\/wp\/v2\/comments?post=2124"}],"wp:featuredmedia":[{"embeddable":true,"href":"https:\/\/rmvapebang.com\/lt\/wp-json\/wp\/v2\/media\/2126"}],"wp:attachment":[{"href":"https:\/\/rmvapebang.com\/lt\/wp-json\/wp\/v2\/media?parent=2124"}],"wp:term":[{"taxonomy":"product_brand","embeddable":true,"href":"https:\/\/rmvapebang.com\/lt\/wp-json\/wp\/v2\/product_brand?post=2124"},{"taxonomy":"product_cat","embeddable":true,"href":"https:\/\/rmvapebang.com\/lt\/wp-json\/wp\/v2\/product_cat?post=2124"},{"taxonomy":"product_tag","embeddable":true,"href":"https:\/\/rmvapebang.com\/lt\/wp-json\/wp\/v2\/product_tag?post=2124"}],"curies":[{"name":"wp","href":"https:\/\/api.w.org\/{rel}","templated":true}]}}