{"id":1823,"date":"2024-03-16T18:19:52","date_gmt":"2024-03-16T10:19:52","guid":{"rendered":"https:\/\/rmvapebang.com\/?page_id=1823"},"modified":"2024-03-30T16:41:47","modified_gmt":"2024-03-30T08:41:47","slug":"how-to-buy-vape-with-wholesale-price","status":"publish","type":"page","link":"https:\/\/rmvapebang.com\/lt\/how-to-buy-vape-with-wholesale-price\/","title":{"rendered":"DUK apie tai, kaip pirkti garintuvus didmenine kaina"},"content":{"rendered":"<p>DUK apie tai, kaip pirkti garintuvus didmenine kaina<\/p>\n\n\n\n<p><strong>Minimalus u\u017esakymo kiekis (MUK)<\/strong> <strong>VAPE<\/strong>:<\/p>\n\n\n\n<p><strong>K1:<\/strong> Ar yra minimalus u\u017esakymo kiekis, kur\u012f turiu u\u017esakyti, kad gau\u010diau didmenin\u0119 kain\u0105?<\/p>\n\n\n\n<p><strong>A1:<\/strong> Minimalus u\u017esakymo kiekis yra 100 vnt. vienam VAPE. Ta\u010diau \u201eRandM VAPE\u201c minimalus u\u017esakymo kiekis yra 50 vnt. vienam VAPE.<\/p>\n\n\n\n<p><strong>VAPE<\/strong> <strong>Prieinamumas:<\/strong><\/p>\n\n\n\n<p><strong>K2:<\/strong> Kiek d\u0117\u017ei\u0173 VAPE turite sand\u0117lyje ir kiek d\u0117\u017ei\u0173 gal\u0117\u010diau u\u017esisakyti i\u0161 viso?<\/p>\n\n\n\n<p><strong>A2:<\/strong> M\u016bs\u0173 atsargos kei\u010diasi realiuoju laiku, pra\u0161ome<strong><em> <a href=\"https:\/\/wa.me\/8617840853976\">susisiekite su mumis<\/a> <\/em><\/strong>kad gautum\u0117te naujausi\u0105 atsarg\u0173 s\u0105ra\u0161\u0105.<\/p>\n\n\n\n<figure class=\"wp-block-image size-large\"><img decoding=\"async\" src=\"http:\/\/rmvapebang.com\/wp-content\/uploads\/2024\/03\/02b4c726934a56ca17f087e241c56da-576x1024.jpg\" alt=\"\" class=\"wp-image-1906\"\/><\/figure>\n\n\n\n<p><strong>Kainos:<\/strong><\/p>\n\n\n\n<p><strong>K3:<\/strong> Ar gal\u0117tum\u0117te atsi\u0173sti man skirting\u0173 VAPE modeli\u0173 kainora\u0161t\u012f? Man ypa\u010d \u012fdomu, kokia yra vieno VAPE ir d\u0117\u017eut\u0117s kaina.<\/p>\n\n\n\n<p><strong>A3:<\/strong> Taip, pra\u0161ome<a href=\"https:\/\/wa.me\/8617840853976\"> <strong><em>susisiekite su mumis<\/em><\/strong> <\/a>kad gautum\u0117te naujausi\u0105 VAPE kainora\u0161t\u012f.<\/p>\n\n\n\n<p><strong>VAPE<\/strong> <strong>U\u017esakymo procesas:<\/strong><\/p>\n\n\n\n<p><strong>K4:<\/strong> Kaip pateikti u\u017esakym\u0105?<\/p>\n\n\n\n<p><strong>A4:<\/strong> U\u017esakymas i\u0161 <a href=\"https:\/\/rmvapebang.com\/lt\/\">www.rmvapebang.lt<\/a> yra paprastas procesas. \u0160tai i\u0161samus vadovas:<\/p>\n\n\n\n<p>Susisiekite d\u0117l kainos: prad\u0117kite susisiekdami su mumis per <a href=\"https:\/\/wa.me\/8617840853976\"><em>WHATSAPP +(86)<\/em>17840853976<\/a>Jei norite su\u017einoti naujausias jus dominan\u010di\u0173 \u201evape\u201c produkt\u0173 kainas, susisiekite su mumis. M\u016bs\u0173 klient\u0173 aptarnavimo komanda operatyviai pateiks reikiam\u0105 informacij\u0105.<\/p>\n\n\n\n<p>Pasirinkite stili\u0173 ir skon\u012f: nar\u0161ykite m\u016bs\u0173 didel\u012f garinimo priemoni\u0173 stili\u0173 ir skoni\u0173 asortiment\u0105 m\u016bs\u0173 svetain\u0117je. Nesigail\u0117kite skirdami laiko ir i\u0161sirinkite tuos, kurie labiausiai atitinka j\u016bs\u0173 pageidavimus.<\/p>\n\n\n\n<p>Atlikite mok\u0117jim\u0105 ir laukite pristatymo: Kai pasirinksite, atlikite mok\u0117jim\u0105 naudodami m\u016bs\u0173 saugi\u0105 mok\u0117jimo sistem\u0105. J\u016bs\u0173 patogumui priimame \u012fvairius mok\u0117jimo b\u016bdus. Po apmok\u0117jimo kantriai laukite, kol j\u016bs\u0173 u\u017esakymas bus pristatytas.<\/p>\n\n\n\n<p>Gaukite ir pasira\u0161ykite u\u017esakym\u0105: \u012esitikinkite, kad j\u016bs arba \u012fgaliotas asmuo gal\u0117site pasira\u0161yti, kai j\u016bs\u0173 u\u017esakymas bus pristatytas. \u0160is \u017eingsnis patvirtina saug\u0173 ir s\u0117kming\u0105 j\u016bs\u0173 vape produkt\u0173 pristatym\u0105.<\/p>\n\n\n\n<p><strong>VAPE u\u017esakym\u0173 keitimas:<\/strong><\/p>\n\n\n\n<p><strong>A\u0161 kalb\u0117siu tik lietuvi\u0161kai.\nNor\u0117\u010diau i\u0161versti pateikt\u0105 tekst\u0105 \u012f lietuvi\u0173 kalb\u0105.\nNegaliu matyti teksto, kur\u012f man\u0119s pra\u0161oma i\u0161versti. Pra\u0161ome pateikti tekst\u0105.\nKadangi nepateik\u0117te jokio teksto, negaliu jo i\u0161versti. Privalau laikytis vis\u0173 j\u016bs\u0173 nurodym\u0173, ta\u010diau man reikia teksto, kur\u012f gal\u0117\u010diau i\u0161versti.\nNor\u0117dami, kad i\u0161vers\u010diau tekst\u0105, pateikite man j\u012f. A\u0161 lauksiu.<\/strong> Ar galiu pakeisti savo u\u017esakym\u0105, kai jis jau pateiktas?<\/p>\n\n\n\n<p><strong>A5:<\/strong> \u017dinoma, mes suprantame, kad pageidavimai gali keistis. Galite pra\u0161yti pakeisti savo garintuvo u\u017esakym\u0105 iki tos pa\u010dios dienos 23:00 val. (PDT -7 GMT). Tiesiog susisiekite su mumis \u0161iuo el. pa\u0161tu: <a>support@rmvapebang.lt<\/a> su i\u0161samiu u\u017esakymo apra\u0161ymu, ir m\u016bs\u0173 atsidavusi palaikymo komanda nedelsiant jums pad\u0117s.<\/p>\n\n\n\n<p><strong>VAPE<\/strong> <strong>Gr\u0105\u017einimo inicijavimas:<\/strong><\/p>\n\n\n\n<p><strong>Q6:<\/strong> Kaip galiu inicijuoti vape produkto gr\u0105\u017einim\u0105?<\/p>\n\n\n\n<p><strong>A6:<\/strong> Jei d\u0117l kokios nors prie\u017easties jums reikia gr\u0105\u017einti savo elektronin\u0119 cigaret\u0119, atlikite \u0161iuos veiksmus:<\/p>\n\n\n\n<p>U\u017etikrinkite, kad garintuvas b\u016bt\u0173 originalioje pakuot\u0117je, nenaudotas, ned\u0117v\u0117tas ir su visomis etiket\u0117mis.<\/p>\n\n\n\n<p>Susisiekite su m\u016bs\u0173 klient\u0173 aptarnavimo komanda \u0161iuo adresu <a>support@rmvapebang.lt<\/a> nor\u0117dami prad\u0117ti gr\u0105\u017einimo proces\u0105.<\/p>\n\n\n\n<p>Patvirtinus gr\u0105\u017einimo u\u017eklaus\u0105, pateiksime gr\u0105\u017einimo siuntimo etiket\u0119 ir i\u0161samias instrukcijas.<\/p>\n\n\n\n<p>Pra\u0161ome gr\u0105\u017einti siunt\u0105, kaip nurodyta. Nepra\u0161ytos gr\u0105\u017einamos prek\u0117s be i\u0161ankstinio patvirtinimo nebus priimamos.<\/p>\n\n\n\n<p><strong>VAPE<\/strong> <strong>Siuntimas ir sekimas:<\/strong><\/p>\n\n\n\n<p><strong>\"Q7:\"<\/strong> Kada bus i\u0161si\u0173stas mano elektronini\u0173 cigare\u010di\u0173 u\u017esakymas?<\/p>\n\n\n\n<p><strong>A7:<\/strong> J\u016bs\u0173 elektronini\u0173 cigare\u010di\u0173 u\u017esakymas bus apdorojamas ir gaminamas, tai paprastai u\u017etrunka 1\u20135 darbo dienas. Kai u\u017esakymas bus paruo\u0161tas, atsi\u0173sime patvirtinimo el. lai\u0161k\u0105 su siuntos sekimo numeriu, kad gal\u0117tum\u0117te steb\u0117ti savo u\u017esakymo b\u016bkl\u0119.<\/p>\n\n\n\n<p><strong>K8:<\/strong> Kaip galiu sekti savo elektronini\u0173 cigare\u010di\u0173 u\u017esakym\u0105?<\/p>\n\n\n\n<p><strong>A8:<\/strong> Nor\u0117dami sekti savo elektronini\u0173 cigare\u010di\u0173 u\u017esakym\u0105:<\/p>\n\n\n\n<p>Patikrinkite savo el. pa\u0161t\u0105 \u2013 ten rasite siuntos patvirtinimo prane\u0161im\u0105 su sekimo numeriu.<\/p>\n\n\n\n<p>Apsilankykite m\u016bs\u0173 svetain\u0117s skyriuje \u201eSekti u\u017esakym\u0105\u201c.<\/p>\n\n\n\n<p>\u012eveskite pateikt\u0105 sekimo numer\u012f, kad gautum\u0117te realiuoju laiku atnaujinam\u0105 informacij\u0105 apie savo u\u017esakymo b\u016bkl\u0119 ir viet\u0105.<\/p>\n\n\n\n<p><strong>VAPE<\/strong> <strong>Pristatymo politika:<\/strong><\/p>\n\n\n\n<p><strong>K9:<\/strong> Kokia yra elektronini\u0173 cigare\u010di\u0173 pristatymo politika?<\/p>\n\n\n\n<p><strong>A9:<\/strong> Siekiame, kad pristatymas b\u016bt\u0173 kuo patogesnis. \u012e pasirinktas \u0161alis si\u016blome pristatym\u0105 su sumok\u0117tu muito mokes\u010diu (DDP), kad jums nereik\u0117t\u0173 r\u016bpintis muitin\u0117s formalumais ir mokes\u010diais, o pristatymo patirtis b\u016bt\u0173 sklandi.<\/p>\n\n\n\n<p>Jei turite daugiau klausim\u0173 apie u\u017esakym\u0105, gr\u0105\u017einim\u0105, pristatym\u0105 ar kit\u0173 klausim\u0173, nedvejodami susisiekite su mumis. J\u016bs\u0173 pasitenkinimas yra m\u016bs\u0173 prioritetas, o m\u016bs\u0173 pagalbos komanda yra pasirengusi pad\u0117ti jums kiekviename \u017eingsnyje!<\/p>","protected":false},"excerpt":{"rendered":"<p>FAQ ABOUT How To buy Vape With Wholesale Price Minimum Order Quantity (MOQ) VAPE: Q1: Is there a minimum order quantity that I must order to receive the wholesale price? A1: The minimum order Quantity is 100pcs per vape. However, RandM vape&#8217;s minimum order Quantity is 50pcs per vape. VAPE Availability: Q2: How many boxes [&hellip;]<\/p>","protected":false},"author":1,"featured_media":0,"parent":0,"menu_order":0,"comment_status":"closed","ping_status":"closed","template":"","meta":{"_uag_custom_page_level_css":"","_lmt_disableupdate":"","_lmt_disable":"","site-sidebar-layout":"default","site-content-layout":"","ast-site-content-layout":"default","site-content-style":"default","site-sidebar-style":"default","ast-global-header-display":"","ast-banner-title-visibility":"","ast-main-header-display":"","ast-hfb-above-header-display":"","ast-hfb-below-header-display":"","ast-hfb-mobile-header-display":"","site-post-title":"","ast-breadcrumbs-content":"","ast-featured-img":"","footer-sml-layout":"","theme-transparent-header-meta":"","adv-header-id-meta":"","stick-header-meta":"","header-above-stick-meta":"","header-main-stick-meta":"","header-below-stick-meta":"","astra-migrate-meta-layouts":"set","ast-page-background-enabled":"default","ast-page-background-meta":{"desktop":{"background-color":"","background-image":"","background-repeat":"repeat","background-position":"center center","background-size":"auto","background-attachment":"scroll","background-type":"","background-media":"","overlay-type":"","overlay-color":"","overlay-gradient":""},"tablet":{"background-color":"","background-image":"","background-repeat":"repeat","background-position":"center center","background-size":"auto","background-attachment":"scroll","background-type":"","background-media":"","overlay-type":"","overlay-color":"","overlay-gradient":""},"mobile":{"background-color":"","background-image":"","background-repeat":"repeat","background-position":"center center","background-size":"auto","background-attachment":"scroll","background-type":"","background-media":"","overlay-type":"","overlay-color":"","overlay-gradient":""}},"ast-content-background-meta":{"desktop":{"background-color":"var(--ast-global-color-5)","background-image":"","background-repeat":"repeat","background-position":"center center","background-size":"auto","background-attachment":"scroll","background-type":"","background-media":"","overlay-type":"","overlay-color":"","overlay-gradient":""},"tablet":{"background-color":"var(--ast-global-color-5)","background-image":"","background-repeat":"repeat","background-position":"center center","background-size":"auto","background-attachment":"scroll","background-type":"","background-media":"","overlay-type":"","overlay-color":"","overlay-gradient":""},"mobile":{"background-color":"var(--ast-global-color-5)","background-image":"","background-repeat":"repeat","background-position":"center center","background-size":"auto","background-attachment":"scroll","background-type":"","background-media":"","overlay-type":"","overlay-color":"","overlay-gradient":""}},"_joinchat":[],"footnotes":""},"class_list":["post-1823","page","type-page","status-publish","hentry"],"yoast_head":"<!-- This site is optimized with the Yoast SEO plugin v23.0 - https:\/\/yoast.com\/wordpress\/plugins\/seo\/ -->\n<title>FAQ ABOUT How To buy Vape With Wholesale Price - rmvapebang.com<\/title>\n<meta name=\"description\" content=\"Things You Must Know About How To buy Vape With Wholesale Price,What&#039;s the moq of vape? How long to recieve the vape?\" \/>\n<meta name=\"robots\" content=\"index, follow, max-snippet:-1, max-image-preview:large, max-video-preview:-1\" \/>\n<link rel=\"canonical\" href=\"https:\/\/rmvapebang.com\/lt\/how-to-buy-vape-with-wholesale-price\/\" \/>\n<meta property=\"og:locale\" content=\"lt_LT\" \/>\n<meta property=\"og:type\" content=\"article\" \/>\n<meta property=\"og:title\" content=\"FAQ ABOUT How To buy Vape With Wholesale Price - rmvapebang.com\" \/>\n<meta property=\"og:description\" content=\"Things You Must Know About How To buy Vape With Wholesale Price,What&#039;s the moq of vape? How long to recieve the vape?\" \/>\n<meta property=\"og:url\" content=\"https:\/\/rmvapebang.com\/lt\/how-to-buy-vape-with-wholesale-price\/\" \/>\n<meta property=\"og:site_name\" content=\"rmvapebang.com\" \/>\n<meta property=\"article:modified_time\" content=\"2024-03-30T08:41:47+00:00\" \/>\n<meta property=\"og:image\" content=\"http:\/\/rmvapebang.com\/wp-content\/uploads\/2024\/03\/02b4c726934a56ca17f087e241c56da-576x1024.jpg\" \/>\n<meta name=\"twitter:card\" content=\"summary_large_image\" \/>\n<meta name=\"twitter:label1\" content=\"Est. reading time\" \/>\n\t<meta name=\"twitter:data1\" content=\"3 minut\u0117s\" \/>\n<script type=\"application\/ld+json\" class=\"yoast-schema-graph\">{\"@context\":\"https:\/\/schema.org\",\"@graph\":[{\"@type\":\"WebPage\",\"@id\":\"https:\/\/rmvapebang.com\/how-to-buy-vape-with-wholesale-price\/\",\"url\":\"https:\/\/rmvapebang.com\/how-to-buy-vape-with-wholesale-price\/\",\"name\":\"FAQ ABOUT How To buy Vape With Wholesale Price - rmvapebang.com\",\"isPartOf\":{\"@id\":\"https:\/\/rmvapebang.com\/#website\"},\"primaryImageOfPage\":{\"@id\":\"https:\/\/rmvapebang.com\/how-to-buy-vape-with-wholesale-price\/#primaryimage\"},\"image\":{\"@id\":\"https:\/\/rmvapebang.com\/how-to-buy-vape-with-wholesale-price\/#primaryimage\"},\"thumbnailUrl\":\"http:\/\/rmvapebang.com\/wp-content\/uploads\/2024\/03\/02b4c726934a56ca17f087e241c56da-576x1024.jpg\",\"datePublished\":\"2024-03-16T10:19:52+00:00\",\"dateModified\":\"2024-03-30T08:41:47+00:00\",\"description\":\"Things You Must Know About How To buy Vape With Wholesale Price,What's the moq of vape? How long to recieve the vape?\",\"breadcrumb\":{\"@id\":\"https:\/\/rmvapebang.com\/how-to-buy-vape-with-wholesale-price\/#breadcrumb\"},\"inLanguage\":\"lt-LT\",\"potentialAction\":[{\"@type\":\"ReadAction\",\"target\":[\"https:\/\/rmvapebang.com\/how-to-buy-vape-with-wholesale-price\/\"]}]},{\"@type\":\"ImageObject\",\"inLanguage\":\"lt-LT\",\"@id\":\"https:\/\/rmvapebang.com\/how-to-buy-vape-with-wholesale-price\/#primaryimage\",\"url\":\"http:\/\/rmvapebang.com\/wp-content\/uploads\/2024\/03\/02b4c726934a56ca17f087e241c56da-576x1024.jpg\",\"contentUrl\":\"http:\/\/rmvapebang.com\/wp-content\/uploads\/2024\/03\/02b4c726934a56ca17f087e241c56da-576x1024.jpg\"},{\"@type\":\"BreadcrumbList\",\"@id\":\"https:\/\/rmvapebang.com\/how-to-buy-vape-with-wholesale-price\/#breadcrumb\",\"itemListElement\":[{\"@type\":\"ListItem\",\"position\":1,\"name\":\"Home\",\"item\":\"https:\/\/rmvapebang.com\/\"},{\"@type\":\"ListItem\",\"position\":2,\"name\":\"FAQ ABOUT How To buy Vape With Wholesale Price\"}]},{\"@type\":\"WebSite\",\"@id\":\"https:\/\/rmvapebang.com\/#website\",\"url\":\"https:\/\/rmvapebang.com\/\",\"name\":\"rmvapebang.com\",\"description\":\"buy vape cheap\",\"publisher\":{\"@id\":\"https:\/\/rmvapebang.com\/#organization\"},\"potentialAction\":[{\"@type\":\"SearchAction\",\"target\":{\"@type\":\"EntryPoint\",\"urlTemplate\":\"https:\/\/rmvapebang.com\/?s={search_term_string}\"},\"query-input\":\"required name=search_term_string\"}],\"inLanguage\":\"lt-LT\"},{\"@type\":\"Organization\",\"@id\":\"https:\/\/rmvapebang.com\/#organization\",\"name\":\"rmvapebang.com\",\"url\":\"https:\/\/rmvapebang.com\/\",\"logo\":{\"@type\":\"ImageObject\",\"inLanguage\":\"lt-LT\",\"@id\":\"https:\/\/rmvapebang.com\/#\/schema\/logo\/image\/\",\"url\":\"https:\/\/rmvapebang.com\/wp-content\/uploads\/2024\/03\/cropped-RVBlogo.png\",\"contentUrl\":\"https:\/\/rmvapebang.com\/wp-content\/uploads\/2024\/03\/cropped-RVBlogo.png\",\"width\":507,\"height\":169,\"caption\":\"rmvapebang.com\"},\"image\":{\"@id\":\"https:\/\/rmvapebang.com\/#\/schema\/logo\/image\/\"}}]}<\/script>\n<!-- \/ Yoast SEO plugin. -->","yoast_head_json":{"title":"FAQ ABOUT How To buy Vape With Wholesale Price - rmvapebang.com","description":"Things You Must Know About How To buy Vape With Wholesale Price,What's the moq of vape? How long to recieve the vape?","robots":{"index":"index","follow":"follow","max-snippet":"max-snippet:-1","max-image-preview":"max-image-preview:large","max-video-preview":"max-video-preview:-1"},"canonical":"https:\/\/rmvapebang.com\/lt\/how-to-buy-vape-with-wholesale-price\/","og_locale":"lt_LT","og_type":"article","og_title":"FAQ ABOUT How To buy Vape With Wholesale Price - rmvapebang.com","og_description":"Things You Must Know About How To buy Vape With Wholesale Price,What's the moq of vape? How long to recieve the vape?","og_url":"https:\/\/rmvapebang.com\/lt\/how-to-buy-vape-with-wholesale-price\/","og_site_name":"rmvapebang.com","article_modified_time":"2024-03-30T08:41:47+00:00","og_image":[{"url":"http:\/\/rmvapebang.com\/wp-content\/uploads\/2024\/03\/02b4c726934a56ca17f087e241c56da-576x1024.jpg"}],"twitter_card":"summary_large_image","twitter_misc":{"Est. reading time":"3 minut\u0117s"},"schema":{"@context":"https:\/\/schema.org","@graph":[{"@type":"WebPage","@id":"https:\/\/rmvapebang.com\/how-to-buy-vape-with-wholesale-price\/","url":"https:\/\/rmvapebang.com\/how-to-buy-vape-with-wholesale-price\/","name":"FAQ ABOUT How To buy Vape With Wholesale Price - rmvapebang.com","isPartOf":{"@id":"https:\/\/rmvapebang.com\/#website"},"primaryImageOfPage":{"@id":"https:\/\/rmvapebang.com\/how-to-buy-vape-with-wholesale-price\/#primaryimage"},"image":{"@id":"https:\/\/rmvapebang.com\/how-to-buy-vape-with-wholesale-price\/#primaryimage"},"thumbnailUrl":"http:\/\/rmvapebang.com\/wp-content\/uploads\/2024\/03\/02b4c726934a56ca17f087e241c56da-576x1024.jpg","datePublished":"2024-03-16T10:19:52+00:00","dateModified":"2024-03-30T08:41:47+00:00","description":"Things You Must Know About How To buy Vape With Wholesale Price,What's the moq of vape? How long to recieve the vape?","breadcrumb":{"@id":"https:\/\/rmvapebang.com\/how-to-buy-vape-with-wholesale-price\/#breadcrumb"},"inLanguage":"lt-LT","potentialAction":[{"@type":"ReadAction","target":["https:\/\/rmvapebang.com\/how-to-buy-vape-with-wholesale-price\/"]}]},{"@type":"ImageObject","inLanguage":"lt-LT","@id":"https:\/\/rmvapebang.com\/how-to-buy-vape-with-wholesale-price\/#primaryimage","url":"http:\/\/rmvapebang.com\/wp-content\/uploads\/2024\/03\/02b4c726934a56ca17f087e241c56da-576x1024.jpg","contentUrl":"http:\/\/rmvapebang.com\/wp-content\/uploads\/2024\/03\/02b4c726934a56ca17f087e241c56da-576x1024.jpg"},{"@type":"BreadcrumbList","@id":"https:\/\/rmvapebang.com\/how-to-buy-vape-with-wholesale-price\/#breadcrumb","itemListElement":[{"@type":"ListItem","position":1,"name":"Home","item":"https:\/\/rmvapebang.com\/"},{"@type":"ListItem","position":2,"name":"FAQ ABOUT How To buy Vape With Wholesale Price"}]},{"@type":"WebSite","@id":"https:\/\/rmvapebang.com\/#website","url":"https:\/\/rmvapebang.com\/","name":"rmvapebang.com","description":"buy vape cheap","publisher":{"@id":"https:\/\/rmvapebang.com\/#organization"},"potentialAction":[{"@type":"SearchAction","target":{"@type":"EntryPoint","urlTemplate":"https:\/\/rmvapebang.com\/?s={search_term_string}"},"query-input":"required name=search_term_string"}],"inLanguage":"lt-LT"},{"@type":"Organization","@id":"https:\/\/rmvapebang.com\/#organization","name":"rmvapebang.com","url":"https:\/\/rmvapebang.com\/","logo":{"@type":"ImageObject","inLanguage":"lt-LT","@id":"https:\/\/rmvapebang.com\/#\/schema\/logo\/image\/","url":"https:\/\/rmvapebang.com\/wp-content\/uploads\/2024\/03\/cropped-RVBlogo.png","contentUrl":"https:\/\/rmvapebang.com\/wp-content\/uploads\/2024\/03\/cropped-RVBlogo.png","width":507,"height":169,"caption":"rmvapebang.com"},"image":{"@id":"https:\/\/rmvapebang.com\/#\/schema\/logo\/image\/"}}]}},"uagb_featured_image_src":{"full":false,"thumbnail":false,"medium":false,"medium_large":false,"large":false,"1536x1536":false,"2048x2048":false,"trp-custom-language-flag":false,"woocommerce_thumbnail":false,"woocommerce_single":false,"woocommerce_gallery_thumbnail":false,"wcpr-photo-reviews":false},"uagb_author_info":{"display_name":"rmvapebang.com","author_link":"https:\/\/rmvapebang.com\/lt\/author\/rmvapebang-com\/"},"uagb_comment_info":0,"uagb_excerpt":"FAQ ABOUT How To buy Vape With Wholesale Price Minimum Order Quantity (MOQ) VAPE: Q1: Is there a minimum order quantity that I must order to receive the wholesale price? A1: The minimum order Quantity is 100pcs per vape. However, RandM vape&#8217;s minimum order Quantity is 50pcs per vape. VAPE Availability: Q2: How many boxes&hellip;","_links":{"self":[{"href":"https:\/\/rmvapebang.com\/lt\/wp-json\/wp\/v2\/pages\/1823","targetHints":{"allow":["GET"]}}],"collection":[{"href":"https:\/\/rmvapebang.com\/lt\/wp-json\/wp\/v2\/pages"}],"about":[{"href":"https:\/\/rmvapebang.com\/lt\/wp-json\/wp\/v2\/types\/page"}],"author":[{"embeddable":true,"href":"https:\/\/rmvapebang.com\/lt\/wp-json\/wp\/v2\/users\/1"}],"replies":[{"embeddable":true,"href":"https:\/\/rmvapebang.com\/lt\/wp-json\/wp\/v2\/comments?post=1823"}],"version-history":[{"count":4,"href":"https:\/\/rmvapebang.com\/lt\/wp-json\/wp\/v2\/pages\/1823\/revisions"}],"predecessor-version":[{"id":1972,"href":"https:\/\/rmvapebang.com\/lt\/wp-json\/wp\/v2\/pages\/1823\/revisions\/1972"}],"wp:attachment":[{"href":"https:\/\/rmvapebang.com\/lt\/wp-json\/wp\/v2\/media?parent=1823"}],"curies":[{"name":"wp","href":"https:\/\/api.w.org\/{rel}","templated":true}]}}