{"id":2247,"date":"2024-04-29T17:06:00","date_gmt":"2024-04-29T09:06:00","guid":{"rendered":"https:\/\/rmvapebang.com\/?post_type=product&#038;p=2247"},"modified":"2024-12-14T10:55:58","modified_gmt":"2024-12-14T02:55:58","slug":"vopk-tornado-15k-puffs-wholesale-price-15000-vapes","status":"publish","type":"product","link":"https:\/\/rmvapebang.com\/it\/product\/vopk-tornado-15k-puffs-wholesale-price-15000-vapes\/","title":{"rendered":"VOPK tornado 15k puffs Prezzo all'ingrosso 15000 vapes"},"content":{"rendered":"<h1>VOPK tornado 15k puffs Prezzo all'ingrosso 15000 vapes<\/h1>\n<div class=\"flex-1 overflow-hidden\">\n<div class=\"react-scroll-to-bottom--css-rkeqe-79elbk h-full\">\n<div class=\"react-scroll-to-bottom--css-rkeqe-1n7m0yu\">\n<div class=\"flex flex-col text-sm pb-9\">\n<div class=\"w-full text-token-text-primary\" data-testid=\"conversation-turn-7\">\n<div class=\"px-4 py-2 justify-center text-base md:gap-6 m-auto\">\n<div class=\"flex flex-1 text-base mx-auto gap-3 md:px-5 lg:px-1 xl:px-5 md:max-w-3xl lg:max-w-[40rem] xl:max-w-[48rem] group final-completion\">\n<div class=\"relative flex w-full flex-col agent-turn\">\n<div class=\"flex-col gap-1 md:gap-3\">\n<div class=\"flex flex-grow flex-col max-w-full\">\n<div class=\"min-h-[20px] text-message flex flex-col items-start gap-3 whitespace-pre-wrap break-words [.text-message+&amp;]:mt-5 overflow-x-auto\" data-message-author-role=\"assistant\" data-message-id=\"a1f3b89f-a1c9-497d-a989-579b96e752e6\">\n<div class=\"markdown prose w-full break-words dark:prose-invert light\">\n<p>VOPK Tornado \u00e8 una nuova sigaretta elettronica usa e getta ricaricabile. Ha un aspetto molto simile ad altre marche di Tornado. Ha una batteria da 850mAh e una capacit\u00e0 di e-liquid di 25ml che consente agli utenti di prolungare l'uso delle sigarette elettroniche.<\/p>\n<p>L'interfaccia del caricabatterie della sigaretta elettronica VOPK 15k \u00e8 un comune Type-C. Quando il dispositivo \u00e8 scarico, \u00e8 facile trovare un caricabatterie adatto. Ha anche 15.000 puff, e la capacit\u00e0 di inalazione polmonare e la durata di ogni persona influenzeranno il numero di puff per il prodotto. Ognuno apprezza il gusto e la nicotina del VOPK 15k Tornado in modo diverso. Quindi ci sono 10 gusti e nicotina (21mg\/50mg) diversi tra cui scegliere.<\/p>\n<p>La nuova sigaretta elettronica VOPK vale la pena provare.<\/p>\n<p><img loading=\"lazy\" decoding=\"async\" class=\"size-medium wp-image-2244\" src=\"http:\/\/rmvapebang.com\/wp-content\/uploads\/2024\/04\/VOPK-vape-TORANDO-15000-puff-bulk-price-300x300.png\" alt=\"VOPK vape TORANDO 15000 puff prezzo all&#039;ingrosso\" width=\"300\" height=\"300\" srcset=\"https:\/\/rmvapebang.com\/wp-content\/uploads\/2024\/04\/VOPK-vape-TORANDO-15000-puff-bulk-price-300x300.png 300w, https:\/\/rmvapebang.com\/wp-content\/uploads\/2024\/04\/VOPK-vape-TORANDO-15000-puff-bulk-price-1024x1024.png 1024w, https:\/\/rmvapebang.com\/wp-content\/uploads\/2024\/04\/VOPK-vape-TORANDO-15000-puff-bulk-price-150x150.png 150w, https:\/\/rmvapebang.com\/wp-content\/uploads\/2024\/04\/VOPK-vape-TORANDO-15000-puff-bulk-price-768x768.png 768w, https:\/\/rmvapebang.com\/wp-content\/uploads\/2024\/04\/VOPK-vape-TORANDO-15000-puff-bulk-price-1536x1536.png 1536w, https:\/\/rmvapebang.com\/wp-content\/uploads\/2024\/04\/VOPK-vape-TORANDO-15000-puff-bulk-price-600x600.png 600w, https:\/\/rmvapebang.com\/wp-content\/uploads\/2024\/04\/VOPK-vape-TORANDO-15000-puff-bulk-price-100x100.png 100w, https:\/\/rmvapebang.com\/wp-content\/uploads\/2024\/04\/VOPK-vape-TORANDO-15000-puff-bulk-price.png 2000w\" sizes=\"auto, (max-width: 300px) 100vw, 300px\" \/><\/p>\n<\/div>\n<\/div>\n<\/div>\n<\/div>\n<\/div>\n<\/div>\n<\/div>\n<\/div>\n<\/div>\n<\/div>\n<\/div>\n<\/div>\n<h2><strong>Quali sono i gusti per il vape 15K tiri con 2% e 5% di Nicotina?<\/strong><\/h2>\n<p>1.Fragola Lampone<br \/>\n2. Fragola Anguria<br \/>\n3.Anguria Ghiacciata<br \/>\n4.Mirtillo Lampone<br \/>\n5.Limonata Bluerazz<br \/>\n6.Kiwi Frutto della Passione Guava<br \/>\n7.Frutti di Bosco Misti<br \/>\n8.Limonata Rosa<br \/>\n9.Pesca Mango<br \/>\n10.Mela Verde Aspra<\/p>\n<p><span style=\"font-size: 1.7em;font-weight: bold\">Specifiche per VOPK tornado 15k Puffs:<\/span><\/p>\n<p>\u2013 15k Tiri<br \/>\n\u2013 10 Gusti<br \/>\n\u2013 Gradazione di nicotina 2%\/5%<br \/>\n\u201325 mL di capacit\u00e0 E-liquid<br \/>\n\u2013 capacit\u00e0 della batteria 850 mAh<\/p>\n<h3>FAQ:<\/h3>\n<p>D: Qual \u00e8 il MOQ del vaporizzatore?<\/p>\n<p>R: La quantit\u00e0 minima d'ordine (MOQ) per la Vape VOPK tornado 15k Puffs \u00e8 di 100 pezzi.<\/p>\n<p>D: Qual \u00e8 il tempo di consegna per la Vape VOPK tornado 15k Puffs che ho ordinato?<\/p>\n<p>R: In genere, il tempo di consegna per la Vape VOPK tornado E-cigarette 15k \u00e8 di 10-15 giorni dopo la spedizione.<\/p>\n<p>D: Quanto costa la spedizione per la Vape VOPK tornado 15000?<\/p>\n<p>A: Il costo di spedizione varia a seconda del peso dell'ordine. Quantit\u00e0 diverse possono avere costi di spedizione differenti. Ti preghiamo di contattarci per confermare il costo di spedizione per il tuo ordine specifico.<\/p>\n<p>Q: Il Vape da 15000 Puff VOPK pu\u00f2 essere spedito nel mio paese?<\/p>\n<p>A: S\u00ec, possiamo spedire VOPK 15k Puffs Vape nella maggior parte dei paesi europei, inclusi ma non limitati a Paesi Bassi, Germania, Francia, Spagna, Italia, Belgio, Lussemburgo, Austria, Repubblica Ceca, Slovacchia, Ungheria, Slovenia, Romania, Bulgaria, Grecia, Polonia, Svezia, Irlanda, Portogallo, Finlandia, Estonia, Lettonia e Lituania. Se hai domande specifiche sulla spedizione nel tuo paese, non esitare a contattarci.<\/p>\n<p><strong>Contatta Lyn per altri video sui prodotti!<\/strong><\/p>\n<p><a href=\"https:\/\/wa.me\/8617840853976\"><span style=\"color: #ff6600\"><strong><em>Whatsapp:+39 17840853976<\/em><\/strong><\/span><\/a><\/p>\n<p><img loading=\"lazy\" decoding=\"async\" class=\"alignnone size-medium wp-image-1905\" src=\"http:\/\/rmvapebang.com\/wp-content\/uploads\/2024\/03\/whatsapp-vape-2-202x300.jpg\" alt=\"\" width=\"202\" height=\"300\" \/><\/p>\n<p>Trova altri prodotti che potrebbero piacerti:<a href=\"https:\/\/rmvapebang.com\/it\/shop-page\/\"><strong><em>Acquista ora<\/em><\/strong><\/a><\/p>\n<p>altre sigarette elettroniche usa e getta che potrebbero piacerti:<a href=\"https:\/\/rmvapebang.com\/it\/product\/bang-digital-15k-puffs-hot-price-15000-vapes\/\">Bang digital 15000 tiri\/<\/a><a href=\"https:\/\/rmvapebang.com\/it\/product\/bang-15k-puffs-shisha-15000-vapes\/\">Bang shisha 15k\/<\/a><a href=\"https:\/\/rmvapebang.com\/it\/product\/fluum-box-15000-puffs-digital-15k-vape\/\">scatola fluum 15ooo vape\/<\/a><a href=\"https:\/\/rmvapebang.com\/it\/product\/bang-rocket-18000-puffs-with-low-18k-vapes\/\">Sigarette elettroniche Vapme Crown Bar 18000<\/a><\/p>\n<p><span style=\"color: #ff0000\"><strong>Nota: Tutti i prodotti non includono le spese di spedizione!!!<\/strong><\/span><\/p>","protected":false},"excerpt":{"rendered":"<p>Sigaretta elettronica VOPK tornado 15000 Puffs Prezzo all'ingrosso Vape Ricaricabile<\/p>\n<p>La sigaretta elettronica VOPK tornado 15000 Puff \u00e8 un dispositivo vape ricaricabile ad alta capacit\u00e0 che offre 15000 puff con 10 gusti e livelli di nicotina 21mg\/50mg.<\/p>\n<p><strong><em>Whatsapp:<a href=\"https:\/\/wa.me\/8617840853976\">+86 17840853976<\/a><\/em><\/strong><\/p>\n<p>Scansiona su whatsapp per il coupon Nuovo Cliente<\/p>\n<p><img loading=\"lazy\" decoding=\"async\" class=\"alignnone size-medium wp-image-1905\" src=\"http:\/\/rmvapebang.com\/wp-content\/uploads\/2024\/03\/whatsapp-vape-2-202x300.jpg\" alt=\"\" width=\"202\" height=\"300\" \/><\/p>","protected":false},"featured_media":2242,"comment_status":"open","ping_status":"closed","template":"","meta":{"_uag_custom_page_level_css":"","_lmt_disableupdate":"","_lmt_disable":"","site-sidebar-layout":"no-sidebar","site-content-layout":"boxed-container","ast-site-content-layout":"normal-width-container","site-content-style":"boxed","site-sidebar-style":"boxed","ast-global-header-display":"","ast-banner-title-visibility":"","ast-main-header-display":"","ast-hfb-above-header-display":"","ast-hfb-below-header-display":"","ast-hfb-mobile-header-display":"","site-post-title":"","ast-breadcrumbs-content":"","ast-featured-img":"","footer-sml-layout":"","theme-transparent-header-meta":"default","adv-header-id-meta":"","stick-header-meta":"","header-above-stick-meta":"","header-main-stick-meta":"","header-below-stick-meta":"","astra-migrate-meta-layouts":"set","ast-page-background-enabled":"default","ast-page-background-meta":{"desktop":{"background-color":"","background-image":"","background-repeat":"repeat","background-position":"center center","background-size":"auto","background-attachment":"scroll","background-type":"","background-media":"","overlay-type":"","overlay-color":"","overlay-gradient":""},"tablet":{"background-color":"","background-image":"","background-repeat":"repeat","background-position":"center center","background-size":"auto","background-attachment":"scroll","background-type":"","background-media":"","overlay-type":"","overlay-color":"","overlay-gradient":""},"mobile":{"background-color":"","background-image":"","background-repeat":"repeat","background-position":"center center","background-size":"auto","background-attachment":"scroll","background-type":"","background-media":"","overlay-type":"","overlay-color":"","overlay-gradient":""}},"ast-content-background-meta":{"desktop":{"background-color":"var(--ast-global-color-5)","background-image":"","background-repeat":"repeat","background-position":"center center","background-size":"auto","background-attachment":"scroll","background-type":"","background-media":"","overlay-type":"","overlay-color":"","overlay-gradient":""},"tablet":{"background-color":"var(--ast-global-color-5)","background-image":"","background-repeat":"repeat","background-position":"center center","background-size":"auto","background-attachment":"scroll","background-type":"","background-media":"","overlay-type":"","overlay-color":"","overlay-gradient":""},"mobile":{"background-color":"var(--ast-global-color-5)","background-image":"","background-repeat":"repeat","background-position":"center center","background-size":"auto","background-attachment":"scroll","background-type":"","background-media":"","overlay-type":"","overlay-color":"","overlay-gradient":""}},"_joinchat":[]},"product_brand":[],"product_cat":[39,41,42,40,75,43],"product_tag":[66,65,50,51,67,57,58,73,53,52],"class_list":{"0":"post-2247","1":"product","2":"type-product","3":"status-publish","4":"has-post-thumbnail","6":"product_cat-france-wholesale-vape","7":"product_cat-netherlands-wholesale-vape","8":"product_cat-spain-wholesale-vape","9":"product_cat-germany-wholesale-vape","10":"product_cat-vape-15000-puffs","11":"product_cat-vape-shop","12":"product_tag-15000-puffs","13":"product_tag-15k-puffs","14":"product_tag-bulk-price-vape-shop","15":"product_tag-disposable-vape","16":"product_tag-fast-price-sales","17":"product_tag-minimum-order-quantity-50pcs","18":"product_tag-moq-50pcs","19":"product_tag-new-product","20":"product_tag-rechargeable-vape","21":"product_tag-vape-wholesasle-price","22":"desktop-align-left","23":"tablet-align-left","24":"mobile-align-left","26":"first","27":"instock","28":"sale","29":"shipping-taxable","30":"purchasable","31":"product-type-simple"},"yoast_head":"<!-- This site is optimized with the Yoast SEO plugin v23.0 - https:\/\/yoast.com\/wordpress\/plugins\/seo\/ -->\n<title>VOPK tornado 15k puffs Wholesale Price 15000 vapes - rmvapebang.com<\/title>\n<meta name=\"description\" content=\"VOPK tornado 15000 Puffs Wholesale Price 15K Puffs Vape,2% and 5% nicotine to choose. Contact now to get Wholesale Price of VOPK 15k vape! moq is 100pcs.\" \/>\n<meta name=\"robots\" content=\"index, follow, max-snippet:-1, max-image-preview:large, max-video-preview:-1\" \/>\n<link rel=\"canonical\" href=\"https:\/\/rmvapebang.com\/it\/product\/vopk-tornado-15k-puffs-wholesale-price-15000-vapes\/\" \/>\n<meta property=\"og:locale\" content=\"it_IT\" \/>\n<meta property=\"og:type\" content=\"article\" \/>\n<meta property=\"og:title\" content=\"VOPK tornado 15k puffs Wholesale Price 15000 vapes - rmvapebang.com\" \/>\n<meta property=\"og:description\" content=\"VOPK tornado 15000 Puffs Wholesale Price 15K Puffs Vape,2% and 5% nicotine to choose. Contact now to get Wholesale Price of VOPK 15k vape! moq is 100pcs.\" \/>\n<meta property=\"og:url\" content=\"https:\/\/rmvapebang.com\/it\/product\/vopk-tornado-15k-puffs-wholesale-price-15000-vapes\/\" \/>\n<meta property=\"og:site_name\" content=\"rmvapebang.com\" \/>\n<meta property=\"article:modified_time\" content=\"2024-12-14T02:55:58+00:00\" \/>\n<meta property=\"og:image\" content=\"https:\/\/rmvapebang.com\/wp-content\/uploads\/2024\/04\/VOPK-vape-TORANDO-15K-puffs-bulk-price.png\" \/>\n\t<meta property=\"og:image:width\" content=\"454\" \/>\n\t<meta property=\"og:image:height\" content=\"647\" \/>\n\t<meta property=\"og:image:type\" content=\"image\/png\" \/>\n<meta name=\"twitter:card\" content=\"summary_large_image\" \/>\n<meta name=\"twitter:label1\" content=\"Tempo di lettura stimato\" \/>\n\t<meta name=\"twitter:data1\" content=\"3 minuti\" \/>\n<script type=\"application\/ld+json\" class=\"yoast-schema-graph\">{\"@context\":\"https:\/\/schema.org\",\"@graph\":[{\"@type\":\"WebPage\",\"@id\":\"https:\/\/rmvapebang.com\/product\/vopk-tornado-15k-puffs-wholesale-price-15000-vapes\/\",\"url\":\"https:\/\/rmvapebang.com\/product\/vopk-tornado-15k-puffs-wholesale-price-15000-vapes\/\",\"name\":\"VOPK tornado 15k puffs Wholesale Price 15000 vapes - rmvapebang.com\",\"isPartOf\":{\"@id\":\"https:\/\/rmvapebang.com\/#website\"},\"primaryImageOfPage\":{\"@id\":\"https:\/\/rmvapebang.com\/product\/vopk-tornado-15k-puffs-wholesale-price-15000-vapes\/#primaryimage\"},\"image\":{\"@id\":\"https:\/\/rmvapebang.com\/product\/vopk-tornado-15k-puffs-wholesale-price-15000-vapes\/#primaryimage\"},\"thumbnailUrl\":\"https:\/\/rmvapebang.com\/wp-content\/uploads\/2024\/04\/VOPK-vape-TORANDO-15K-puffs-bulk-price.png\",\"datePublished\":\"2024-04-29T09:06:00+00:00\",\"dateModified\":\"2024-12-14T02:55:58+00:00\",\"description\":\"VOPK tornado 15000 Puffs Wholesale Price 15K Puffs Vape,2% and 5% nicotine to choose. Contact now to get Wholesale Price of VOPK 15k vape! moq is 100pcs.\",\"breadcrumb\":{\"@id\":\"https:\/\/rmvapebang.com\/product\/vopk-tornado-15k-puffs-wholesale-price-15000-vapes\/#breadcrumb\"},\"inLanguage\":\"it-IT\",\"potentialAction\":[{\"@type\":\"ReadAction\",\"target\":[\"https:\/\/rmvapebang.com\/product\/vopk-tornado-15k-puffs-wholesale-price-15000-vapes\/\"]}]},{\"@type\":\"ImageObject\",\"inLanguage\":\"it-IT\",\"@id\":\"https:\/\/rmvapebang.com\/product\/vopk-tornado-15k-puffs-wholesale-price-15000-vapes\/#primaryimage\",\"url\":\"https:\/\/rmvapebang.com\/wp-content\/uploads\/2024\/04\/VOPK-vape-TORANDO-15K-puffs-bulk-price.png\",\"contentUrl\":\"https:\/\/rmvapebang.com\/wp-content\/uploads\/2024\/04\/VOPK-vape-TORANDO-15K-puffs-bulk-price.png\",\"width\":454,\"height\":647,\"caption\":\"VOPK vape TORANDO 15K puffs bulk price\"},{\"@type\":\"BreadcrumbList\",\"@id\":\"https:\/\/rmvapebang.com\/product\/vopk-tornado-15k-puffs-wholesale-price-15000-vapes\/#breadcrumb\",\"itemListElement\":[{\"@type\":\"ListItem\",\"position\":1,\"name\":\"Home\",\"item\":\"https:\/\/rmvapebang.com\/\"},{\"@type\":\"ListItem\",\"position\":2,\"name\":\"Hot Vape Shop\",\"item\":\"https:\/\/rmvapebang.com\/shop-page\/\"},{\"@type\":\"ListItem\",\"position\":3,\"name\":\"VOPK tornado 15k puffs Wholesale Price 15000 vapes\"}]},{\"@type\":\"WebSite\",\"@id\":\"https:\/\/rmvapebang.com\/#website\",\"url\":\"https:\/\/rmvapebang.com\/\",\"name\":\"rmvapebang.com\",\"description\":\"buy vape cheap\",\"publisher\":{\"@id\":\"https:\/\/rmvapebang.com\/#organization\"},\"potentialAction\":[{\"@type\":\"SearchAction\",\"target\":{\"@type\":\"EntryPoint\",\"urlTemplate\":\"https:\/\/rmvapebang.com\/?s={search_term_string}\"},\"query-input\":\"required name=search_term_string\"}],\"inLanguage\":\"it-IT\"},{\"@type\":\"Organization\",\"@id\":\"https:\/\/rmvapebang.com\/#organization\",\"name\":\"rmvapebang.com\",\"url\":\"https:\/\/rmvapebang.com\/\",\"logo\":{\"@type\":\"ImageObject\",\"inLanguage\":\"it-IT\",\"@id\":\"https:\/\/rmvapebang.com\/#\/schema\/logo\/image\/\",\"url\":\"https:\/\/rmvapebang.com\/wp-content\/uploads\/2024\/03\/cropped-RVBlogo.png\",\"contentUrl\":\"https:\/\/rmvapebang.com\/wp-content\/uploads\/2024\/03\/cropped-RVBlogo.png\",\"width\":507,\"height\":169,\"caption\":\"rmvapebang.com\"},\"image\":{\"@id\":\"https:\/\/rmvapebang.com\/#\/schema\/logo\/image\/\"}}]}<\/script>\n<!-- \/ Yoast SEO plugin. -->","yoast_head_json":{"title":"VOPK tornado 15k puffs Wholesale Price 15000 vapes - rmvapebang.com","description":"VOPK tornado 15000 Puffs Wholesale Price 15K Puffs Vape,2% and 5% nicotine to choose. Contact now to get Wholesale Price of VOPK 15k vape! moq is 100pcs.","robots":{"index":"index","follow":"follow","max-snippet":"max-snippet:-1","max-image-preview":"max-image-preview:large","max-video-preview":"max-video-preview:-1"},"canonical":"https:\/\/rmvapebang.com\/it\/product\/vopk-tornado-15k-puffs-wholesale-price-15000-vapes\/","og_locale":"it_IT","og_type":"article","og_title":"VOPK tornado 15k puffs Wholesale Price 15000 vapes - rmvapebang.com","og_description":"VOPK tornado 15000 Puffs Wholesale Price 15K Puffs Vape,2% and 5% nicotine to choose. Contact now to get Wholesale Price of VOPK 15k vape! moq is 100pcs.","og_url":"https:\/\/rmvapebang.com\/it\/product\/vopk-tornado-15k-puffs-wholesale-price-15000-vapes\/","og_site_name":"rmvapebang.com","article_modified_time":"2024-12-14T02:55:58+00:00","og_image":[{"width":454,"height":647,"url":"https:\/\/rmvapebang.com\/wp-content\/uploads\/2024\/04\/VOPK-vape-TORANDO-15K-puffs-bulk-price.png","type":"image\/png"}],"twitter_card":"summary_large_image","twitter_misc":{"Tempo di lettura stimato":"3 minuti"},"schema":{"@context":"https:\/\/schema.org","@graph":[{"@type":"WebPage","@id":"https:\/\/rmvapebang.com\/product\/vopk-tornado-15k-puffs-wholesale-price-15000-vapes\/","url":"https:\/\/rmvapebang.com\/product\/vopk-tornado-15k-puffs-wholesale-price-15000-vapes\/","name":"VOPK tornado 15k puffs Wholesale Price 15000 vapes - rmvapebang.com","isPartOf":{"@id":"https:\/\/rmvapebang.com\/#website"},"primaryImageOfPage":{"@id":"https:\/\/rmvapebang.com\/product\/vopk-tornado-15k-puffs-wholesale-price-15000-vapes\/#primaryimage"},"image":{"@id":"https:\/\/rmvapebang.com\/product\/vopk-tornado-15k-puffs-wholesale-price-15000-vapes\/#primaryimage"},"thumbnailUrl":"https:\/\/rmvapebang.com\/wp-content\/uploads\/2024\/04\/VOPK-vape-TORANDO-15K-puffs-bulk-price.png","datePublished":"2024-04-29T09:06:00+00:00","dateModified":"2024-12-14T02:55:58+00:00","description":"VOPK tornado 15000 Puffs Wholesale Price 15K Puffs Vape,2% and 5% nicotine to choose. Contact now to get Wholesale Price of VOPK 15k vape! moq is 100pcs.","breadcrumb":{"@id":"https:\/\/rmvapebang.com\/product\/vopk-tornado-15k-puffs-wholesale-price-15000-vapes\/#breadcrumb"},"inLanguage":"it-IT","potentialAction":[{"@type":"ReadAction","target":["https:\/\/rmvapebang.com\/product\/vopk-tornado-15k-puffs-wholesale-price-15000-vapes\/"]}]},{"@type":"ImageObject","inLanguage":"it-IT","@id":"https:\/\/rmvapebang.com\/product\/vopk-tornado-15k-puffs-wholesale-price-15000-vapes\/#primaryimage","url":"https:\/\/rmvapebang.com\/wp-content\/uploads\/2024\/04\/VOPK-vape-TORANDO-15K-puffs-bulk-price.png","contentUrl":"https:\/\/rmvapebang.com\/wp-content\/uploads\/2024\/04\/VOPK-vape-TORANDO-15K-puffs-bulk-price.png","width":454,"height":647,"caption":"VOPK vape TORANDO 15K puffs bulk price"},{"@type":"BreadcrumbList","@id":"https:\/\/rmvapebang.com\/product\/vopk-tornado-15k-puffs-wholesale-price-15000-vapes\/#breadcrumb","itemListElement":[{"@type":"ListItem","position":1,"name":"Home","item":"https:\/\/rmvapebang.com\/"},{"@type":"ListItem","position":2,"name":"Hot Vape Shop","item":"https:\/\/rmvapebang.com\/shop-page\/"},{"@type":"ListItem","position":3,"name":"VOPK tornado 15k puffs Wholesale Price 15000 vapes"}]},{"@type":"WebSite","@id":"https:\/\/rmvapebang.com\/#website","url":"https:\/\/rmvapebang.com\/","name":"rmvapebang.com","description":"buy vape cheap","publisher":{"@id":"https:\/\/rmvapebang.com\/#organization"},"potentialAction":[{"@type":"SearchAction","target":{"@type":"EntryPoint","urlTemplate":"https:\/\/rmvapebang.com\/?s={search_term_string}"},"query-input":"required name=search_term_string"}],"inLanguage":"it-IT"},{"@type":"Organization","@id":"https:\/\/rmvapebang.com\/#organization","name":"rmvapebang.com","url":"https:\/\/rmvapebang.com\/","logo":{"@type":"ImageObject","inLanguage":"it-IT","@id":"https:\/\/rmvapebang.com\/#\/schema\/logo\/image\/","url":"https:\/\/rmvapebang.com\/wp-content\/uploads\/2024\/03\/cropped-RVBlogo.png","contentUrl":"https:\/\/rmvapebang.com\/wp-content\/uploads\/2024\/03\/cropped-RVBlogo.png","width":507,"height":169,"caption":"rmvapebang.com"},"image":{"@id":"https:\/\/rmvapebang.com\/#\/schema\/logo\/image\/"}}]}},"uagb_featured_image_src":{"full":["https:\/\/rmvapebang.com\/wp-content\/uploads\/2024\/04\/VOPK-vape-TORANDO-15K-puffs-bulk-price.png",454,647,false],"thumbnail":["https:\/\/rmvapebang.com\/wp-content\/uploads\/2024\/04\/VOPK-vape-TORANDO-15K-puffs-bulk-price-150x150.png",150,150,true],"medium":["https:\/\/rmvapebang.com\/wp-content\/uploads\/2024\/04\/VOPK-vape-TORANDO-15K-puffs-bulk-price-211x300.png",211,300,true],"medium_large":["https:\/\/rmvapebang.com\/wp-content\/uploads\/2024\/04\/VOPK-vape-TORANDO-15K-puffs-bulk-price.png",454,647,false],"large":["https:\/\/rmvapebang.com\/wp-content\/uploads\/2024\/04\/VOPK-vape-TORANDO-15K-puffs-bulk-price.png",454,647,false],"1536x1536":["https:\/\/rmvapebang.com\/wp-content\/uploads\/2024\/04\/VOPK-vape-TORANDO-15K-puffs-bulk-price.png",454,647,false],"2048x2048":["https:\/\/rmvapebang.com\/wp-content\/uploads\/2024\/04\/VOPK-vape-TORANDO-15K-puffs-bulk-price.png",454,647,false],"trp-custom-language-flag":["https:\/\/rmvapebang.com\/wp-content\/uploads\/2024\/04\/VOPK-vape-TORANDO-15K-puffs-bulk-price.png",8,12,false],"woocommerce_thumbnail":["https:\/\/rmvapebang.com\/wp-content\/uploads\/2024\/04\/VOPK-vape-TORANDO-15K-puffs-bulk-price-300x300.png",300,300,true],"woocommerce_single":["https:\/\/rmvapebang.com\/wp-content\/uploads\/2024\/04\/VOPK-vape-TORANDO-15K-puffs-bulk-price.png",454,647,false],"woocommerce_gallery_thumbnail":["https:\/\/rmvapebang.com\/wp-content\/uploads\/2024\/04\/VOPK-vape-TORANDO-15K-puffs-bulk-price-100x100.png",100,100,true],"wcpr-photo-reviews":["https:\/\/rmvapebang.com\/wp-content\/uploads\/2024\/04\/VOPK-vape-TORANDO-15K-puffs-bulk-price.png",351,500,false]},"uagb_author_info":{"display_name":"Lyn","author_link":"https:\/\/rmvapebang.com\/it\/author\/"},"uagb_comment_info":0,"uagb_excerpt":"VOPK tornado E-cigarette 15000 Puffs Wholesale Price Vape Rechargeable VOPK tornado E-cigarette 15000 Puff is a high-capacity rechargeable vape device offering 15000 puffs with 10 flavors and 2%\/5% nicotine levels. Whatsapp:+86 17840853976 Scan on whatsapp for New Client coupon","_links":{"self":[{"href":"https:\/\/rmvapebang.com\/it\/wp-json\/wp\/v2\/product\/2247","targetHints":{"allow":["GET"]}}],"collection":[{"href":"https:\/\/rmvapebang.com\/it\/wp-json\/wp\/v2\/product"}],"about":[{"href":"https:\/\/rmvapebang.com\/it\/wp-json\/wp\/v2\/types\/product"}],"replies":[{"embeddable":true,"href":"https:\/\/rmvapebang.com\/it\/wp-json\/wp\/v2\/comments?post=2247"}],"wp:featuredmedia":[{"embeddable":true,"href":"https:\/\/rmvapebang.com\/it\/wp-json\/wp\/v2\/media\/2242"}],"wp:attachment":[{"href":"https:\/\/rmvapebang.com\/it\/wp-json\/wp\/v2\/media?parent=2247"}],"wp:term":[{"taxonomy":"product_brand","embeddable":true,"href":"https:\/\/rmvapebang.com\/it\/wp-json\/wp\/v2\/product_brand?post=2247"},{"taxonomy":"product_cat","embeddable":true,"href":"https:\/\/rmvapebang.com\/it\/wp-json\/wp\/v2\/product_cat?post=2247"},{"taxonomy":"product_tag","embeddable":true,"href":"https:\/\/rmvapebang.com\/it\/wp-json\/wp\/v2\/product_tag?post=2247"}],"curies":[{"name":"wp","href":"https:\/\/api.w.org\/{rel}","templated":true}]}}