{"id":545,"date":"2020-08-26T03:14:50","date_gmt":"2020-08-26T03:14:50","guid":{"rendered":"https:\/\/rmvapebang.com\/about\/"},"modified":"2024-12-14T15:37:37","modified_gmt":"2024-12-14T07:37:37","slug":"about","status":"publish","type":"page","link":"https:\/\/rmvapebang.com\/it\/about\/","title":{"rendered":"Informazioni"},"content":{"rendered":"<div class=\"wp-block-uagb-container uagb-block-42e70927 alignfull uagb-is-root-container\">\r\n<div class=\"uagb-container-inner-blocks-wrap\">\r\n<div class=\"wp-block-uagb-container uagb-block-672c2967\">\r\n<div class=\"wp-block-uagb-info-box uagb-block-b380b427 uagb-infobox__content-wrap  uagb-infobox-icon-above-title uagb-infobox-image-valign-top\">\r\n<div class=\"uagb-ifb-content\">\r\n<div class=\"uagb-ifb-title-wrap\"><span class=\"uagb-ifb-title-prefix\">Aiutarti ad avviare la tua attivit\u00e0 di vape<\/span>\r\n<h3 class=\"uagb-ifb-title\">Aumenta il tuo profitto<\/h3>\r\n<\/div>\r\n<p class=\"uagb-ifb-desc\">Vendiamo vape alla moda che generano buoni profitti per il tuo negozio. Il nostro obiettivo \u00e8 aiutare la tua attivit\u00e0 ad avere successo offrendo prodotti di vape eleganti che fanno fare molti soldi. Abbiamo una variet\u00e0 di opzioni, prezzi equi, partnership affidabili e conosciamo molto bene il settore per aiutarti a crescere. Grazie per averci scelto per lavorare insieme.<\/p>\r\n<\/div>\r\n<\/div>\r\n\r\n\r\n\r\n<div class=\"wp-block-uagb-advanced-heading uagb-block-7015a766\">\r\n<h5 class=\"uagb-heading-text\">Caratteristiche del nostro negozio<\/h5>\r\n<\/div>\r\n\r\n\r\n\r\n<div class=\"wp-block-uagb-container uagb-block-3256fd02\">\r\n<div class=\"wp-block-uagb-icon-list uagb-block-3fc83715\">\r\n<div class=\"uagb-icon-list__wrap\">\r\n<div class=\"wp-block-uagb-icon-list-child uagb-block-18a2d0c4\"><span class=\"uagb-icon-list__label\"><strong>Qualit\u00e0 eccezionale e prestazioni ineguagliabili<\/strong><\/span><\/div>\r\n\r\n\r\n\r\n<div class=\"wp-block-uagb-icon-list-child uagb-block-45ecd513\"><span class=\"uagb-icon-list__label\"><strong>Prezzi competitivi con valore immediato<\/strong><\/span><\/div>\r\n\r\n\r\n\r\n<div class=\"wp-block-uagb-icon-list-child uagb-block-b3e713ab\"><span class=\"uagb-icon-list__label\"><strong>Servizio clienti<\/strong>l <strong>Professionale<\/strong><\/span><\/div>\r\n<\/div>\r\n<\/div>\r\n\r\n\r\n\r\n<div class=\"wp-block-uagb-icon-list uagb-block-dd6c0902\">\r\n<div class=\"uagb-icon-list__wrap\">\r\n<div class=\"wp-block-uagb-icon-list-child uagb-block-8e73d032\"><span class=\"uagb-icon-list__label\"><strong>Estetica accattivante e distintivit\u00e0<\/strong><\/span><\/div>\r\n\r\n\r\n\r\n<div class=\"wp-block-uagb-icon-list-child uagb-block-614fee06\"><span class=\"uagb-icon-list__label\"><strong>Scelte multiple consegnate prontamente<\/strong><\/span><\/div>\r\n\r\n\r\n\r\n<div class=\"wp-block-uagb-icon-list-child uagb-block-acad93e7\"><span class=\"uagb-icon-list__label\"><strong>Consegna veloce<\/strong><\/span><\/div>\r\n<div>\u00a0<\/div>\r\n<\/div>\r\n<\/div>\r\n<\/div>\r\n<\/div>\r\n\r\n\r\n\r\n<div class=\"wp-block-uagb-container uagb-block-2d237b00\"><\/div>\r\n<\/div>\r\n<\/div>\r\n\r\n\r\n\r\n\r\n\r\n<div class=\"wp-block-uagb-container uagb-block-0aab5cee alignfull uagb-is-root-container\">\r\n<div class=\"uagb-container-inner-blocks-wrap\">\r\n<figure class=\"wp-block-image size-full\"><img loading=\"lazy\" decoding=\"async\" width=\"1920\" height=\"1080\" class=\"wp-image-1852\" src=\"http:\/\/rmvapebang.com\/wp-content\/uploads\/2024\/03\/vape-wholesale-price-stock.jpg\" alt=\"prezzo all&#039;ingrosso vape in stock\" srcset=\"https:\/\/rmvapebang.com\/wp-content\/uploads\/2024\/03\/vape-wholesale-price-stock.jpg 1920w, https:\/\/rmvapebang.com\/wp-content\/uploads\/2024\/03\/vape-wholesale-price-stock-300x169.jpg 300w, https:\/\/rmvapebang.com\/wp-content\/uploads\/2024\/03\/vape-wholesale-price-stock-1024x576.jpg 1024w, https:\/\/rmvapebang.com\/wp-content\/uploads\/2024\/03\/vape-wholesale-price-stock-768x432.jpg 768w, https:\/\/rmvapebang.com\/wp-content\/uploads\/2024\/03\/vape-wholesale-price-stock-1536x864.jpg 1536w, https:\/\/rmvapebang.com\/wp-content\/uploads\/2024\/03\/vape-wholesale-price-stock-600x338.jpg 600w\" sizes=\"auto, (max-width: 1920px) 100vw, 1920px\" \/><\/figure>\r\n<\/div>\r\n<\/div>\r\n\r\n\r\n\n<div class=\"wp-block-uagb-container uagb-block-43264245 alignfull uagb-is-root-container\"><div class=\"uagb-container-inner-blocks-wrap\">\n<div class=\"wp-block-uagb-info-box uagb-block-a680fad0 uagb-infobox__content-wrap  uagb-infobox-icon-above-title uagb-infobox-image-valign-top\"><div class=\"uagb-ifb-content\"><div class=\"uagb-ifb-icon-wrap\"><svg xmlns=\"https:\/\/www.w3.org\/2000\/svg\" viewbox=\"0 0 320 512\"><path d=\"M0 64C0 28.65 28.65 0 64 0H256C291.3 0 320 28.65 320 64V448C320 483.3 291.3 512 256 512H64C28.65 512 0 483.3 0 448V64zM64 232C64 245.3 74.75 256 88 256H232C245.3 256 256 245.3 256 232V152C256 138.7 245.3 128 232 128H88C74.75 128 64 138.7 64 152V232zM80 352C93.25 352 104 341.3 104 328C104 314.7 93.25 304 80 304C66.75 304 56 314.7 56 328C56 341.3 66.75 352 80 352zM80 384C66.75 384 56 394.7 56 408C56 421.3 66.75 432 80 432C93.25 432 104 421.3 104 408C104 394.7 93.25 384 80 384zM160 352C173.3 352 184 341.3 184 328C184 314.7 173.3 304 160 304C146.7 304 136 314.7 136 328C136 341.3 146.7 352 160 352zM160 384C146.7 384 136 394.7 136 408C136 421.3 146.7 432 160 432C173.3 432 184 421.3 184 408C184 394.7 173.3 384 160 384zM240 352C253.3 352 264 341.3 264 328C264 314.7 253.3 304 240 304C226.7 304 216 314.7 216 328C216 341.3 226.7 352 240 352zM240 384C226.7 384 216 394.7 216 408C216 421.3 226.7 432 240 432C253.3 432 264 421.3 264 408C264 394.7 253.3 384 240 384zM128 48C119.2 48 112 55.16 112 64C112 72.84 119.2 80 128 80H192C200.8 80 208 72.84 208 64C208 55.16 200.8 48 192 48H128z\"><\/path><\/svg><\/div><div class=\"uagb-ifb-title-wrap\"><h4 class=\"uagb-ifb-title\">TRACCIA ORDINE<\/h4><\/div><p class=\"uagb-ifb-desc\"> Aggiornamento quotidiano dell'ordine<\/p><\/div><\/div>\n\n\n\n<div class=\"wp-block-uagb-info-box uagb-block-40eae897 uagb-infobox__content-wrap  uagb-infobox-icon-above-title uagb-infobox-image-valign-top\"><div class=\"uagb-ifb-content\"><div class=\"uagb-ifb-icon-wrap\"><svg xmlns=\"https:\/\/www.w3.org\/2000\/svg\" viewbox=\"0 0 640 512\"><path d=\"M368 0C394.5 0 416 21.49 416 48V96H466.7C483.7 96 499.1 102.7 512 114.7L589.3 192C601.3 204 608 220.3 608 237.3V352C625.7 352 640 366.3 640 384C640 401.7 625.7 416 608 416H576C576 469 533 512 480 512C426.1 512 384 469 384 416H256C256 469 213 512 160 512C106.1 512 64 469 64 416H48C21.49 416 0 394.5 0 368V48C0 21.49 21.49 0 48 0H368zM416 160V256H544V237.3L466.7 160H416zM160 368C133.5 368 112 389.5 112 416C112 442.5 133.5 464 160 464C186.5 464 208 442.5 208 416C208 389.5 186.5 368 160 368zM480 464C506.5 464 528 442.5 528 416C528 389.5 506.5 368 480 368C453.5 368 432 389.5 432 416C432 442.5 453.5 464 480 464z\"><\/path><\/svg><\/div><div class=\"uagb-ifb-title-wrap\"><h4 class=\"uagb-ifb-title\"> CONSEGNA VELOCE<\/h4><\/div><p class=\"uagb-ifb-desc\"> 3-5 giorni a casa tua<\/p><\/div><\/div>\n\n\n\n<div class=\"wp-block-uagb-info-box uagb-block-6c7db1f7 uagb-infobox__content-wrap  uagb-infobox-icon-above-title uagb-infobox-image-valign-top\"><div class=\"uagb-ifb-content\"><div class=\"uagb-ifb-icon-wrap\"><svg xmlns=\"https:\/\/www.w3.org\/2000\/svg\" viewbox=\"0 0 448 512\"><path d=\"M144 192H384C419.3 192 448 220.7 448 256V448C448 483.3 419.3 512 384 512H64C28.65 512 0 483.3 0 448V256C0 220.7 28.65 192 64 192H80V144C80 64.47 144.5 0 224 0C281.5 0 331 33.69 354.1 82.27C361.7 98.23 354.9 117.3 338.1 124.9C322.1 132.5 303.9 125.7 296.3 109.7C283.4 82.63 255.9 64 224 64C179.8 64 144 99.82 144 144L144 192z\"><\/path><\/svg><\/div><div class=\"uagb-ifb-title-wrap\"><h4 class=\"uagb-ifb-title\"> PAGAMENTO FACILE<\/h4><\/div><p class=\"uagb-ifb-desc\"> Supporta oltre 99 portafogli elettronici<\/p><\/div><\/div>\n\n\n\n<div class=\"wp-block-uagb-info-box uagb-block-a784b96f uagb-infobox__content-wrap  uagb-infobox-icon-above-title uagb-infobox-image-valign-top\"><div class=\"uagb-ifb-content\"><div class=\"uagb-ifb-icon-wrap\"><svg xmlns=\"https:\/\/www.w3.org\/2000\/svg\" viewbox=\"0 0 640 512\"><path d=\"M622.3 271.1l-115.1-45.01c-4.125-1.629-12.62-3.754-22.25 0L369.8 271.1C359 275.2 352 285.1 352 295.1c0 111.6 68.75 188.8 132.9 213.9c9.625 3.75 18 1.625 22.25 0C558.4 489.9 640 420.5 640 295.1C640 285.1 633 275.2 622.3 271.1zM496 462.4V273.2l95.5 37.38C585.9 397.8 530.6 446 496 462.4zM224 256c70.7 0 128-57.31 128-128S294.7 0 224 0C153.3 0 96 57.31 96 128S153.3 256 224 256zM320.6 310.3C305.9 306.3 290.6 304 274.7 304H173.3C77.61 304 0 381.7 0 477.4C0 496.5 15.52 512 34.66 512H413.3c3.143 0 5.967-1.004 8.861-1.789C369.7 469.8 324.1 400.3 320.6 310.3z\"><\/path><\/svg><\/div><div class=\"uagb-ifb-title-wrap\"><h4 class=\"uagb-ifb-title\"> COME ORDINARE?<\/h4><\/div><p class=\"uagb-ifb-desc\"> <a href=\"https:\/\/wa.me\/8618377127724\">contattaci<\/a><\/p><\/div><\/div>\n<\/div><\/div>","protected":false},"excerpt":{"rendered":"<p>Caratteristiche del nostro negozio<\/p>","protected":false},"author":1,"featured_media":0,"parent":0,"menu_order":0,"comment_status":"closed","ping_status":"closed","template":"","meta":{"_uag_custom_page_level_css":"","_lmt_disableupdate":"no","_lmt_disable":"","site-sidebar-layout":"no-sidebar","site-content-layout":"plain-container","ast-site-content-layout":"normal-width-container","site-content-style":"unboxed","site-sidebar-style":"unboxed","ast-global-header-display":"","ast-banner-title-visibility":"","ast-main-header-display":"","ast-hfb-above-header-display":"","ast-hfb-below-header-display":"","ast-hfb-mobile-header-display":"","site-post-title":"disabled","ast-breadcrumbs-content":"disabled","ast-featured-img":"disabled","footer-sml-layout":"","theme-transparent-header-meta":"enabled","adv-header-id-meta":"","stick-header-meta":"","header-above-stick-meta":"","header-main-stick-meta":"","header-below-stick-meta":"","astra-migrate-meta-layouts":"set","ast-page-background-enabled":"default","ast-page-background-meta":{"desktop":{"background-color":"","background-image":"","background-repeat":"repeat","background-position":"center center","background-size":"auto","background-attachment":"scroll","background-type":"","background-media":"","overlay-type":"","overlay-color":"","overlay-gradient":""},"tablet":{"background-color":"","background-image":"","background-repeat":"repeat","background-position":"center center","background-size":"auto","background-attachment":"scroll","background-type":"","background-media":"","overlay-type":"","overlay-color":"","overlay-gradient":""},"mobile":{"background-color":"","background-image":"","background-repeat":"repeat","background-position":"center center","background-size":"auto","background-attachment":"scroll","background-type":"","background-media":"","overlay-type":"","overlay-color":"","overlay-gradient":""}},"ast-content-background-meta":{"desktop":{"background-color":"var(--ast-global-color-5)","background-image":"","background-repeat":"repeat","background-position":"center center","background-size":"auto","background-attachment":"scroll","background-type":"","background-media":"","overlay-type":"","overlay-color":"","overlay-gradient":""},"tablet":{"background-color":"var(--ast-global-color-5)","background-image":"","background-repeat":"repeat","background-position":"center center","background-size":"auto","background-attachment":"scroll","background-type":"","background-media":"","overlay-type":"","overlay-color":"","overlay-gradient":""},"mobile":{"background-color":"var(--ast-global-color-5)","background-image":"","background-repeat":"repeat","background-position":"center center","background-size":"auto","background-attachment":"scroll","background-type":"","background-media":"","overlay-type":"","overlay-color":"","overlay-gradient":""}},"_joinchat":[],"footnotes":""},"class_list":["post-545","page","type-page","status-publish","hentry"],"yoast_head":"<!-- This site is optimized with the Yoast SEO plugin v23.0 - https:\/\/yoast.com\/wordpress\/plugins\/seo\/ -->\n<title>About - rmvapebang.com<\/title>\n<meta name=\"robots\" content=\"index, follow, max-snippet:-1, max-image-preview:large, max-video-preview:-1\" \/>\n<link rel=\"canonical\" href=\"https:\/\/rmvapebang.com\/it\/about\/\" \/>\n<meta property=\"og:locale\" content=\"it_IT\" \/>\n<meta property=\"og:type\" content=\"article\" \/>\n<meta property=\"og:title\" content=\"About - rmvapebang.com\" \/>\n<meta property=\"og:description\" content=\"Features of Our Shop\" \/>\n<meta property=\"og:url\" content=\"https:\/\/rmvapebang.com\/it\/about\/\" \/>\n<meta property=\"og:site_name\" content=\"rmvapebang.com\" \/>\n<meta property=\"article:modified_time\" content=\"2024-12-14T07:37:37+00:00\" \/>\n<meta property=\"og:image\" content=\"http:\/\/rmvapebang.com\/wp-content\/uploads\/2024\/03\/vape-wholesale-price-stock.jpg\" \/>\n<meta name=\"twitter:card\" content=\"summary_large_image\" \/>\n<meta name=\"twitter:label1\" content=\"Tempo di lettura stimato\" \/>\n\t<meta name=\"twitter:data1\" content=\"1 minuto\" \/>\n<script type=\"application\/ld+json\" class=\"yoast-schema-graph\">{\"@context\":\"https:\/\/schema.org\",\"@graph\":[{\"@type\":\"WebPage\",\"@id\":\"https:\/\/rmvapebang.com\/about\/\",\"url\":\"https:\/\/rmvapebang.com\/about\/\",\"name\":\"About - rmvapebang.com\",\"isPartOf\":{\"@id\":\"https:\/\/rmvapebang.com\/#website\"},\"primaryImageOfPage\":{\"@id\":\"https:\/\/rmvapebang.com\/about\/#primaryimage\"},\"image\":{\"@id\":\"https:\/\/rmvapebang.com\/about\/#primaryimage\"},\"thumbnailUrl\":\"http:\/\/rmvapebang.com\/wp-content\/uploads\/2024\/03\/vape-wholesale-price-stock.jpg\",\"datePublished\":\"2020-08-26T03:14:50+00:00\",\"dateModified\":\"2024-12-14T07:37:37+00:00\",\"breadcrumb\":{\"@id\":\"https:\/\/rmvapebang.com\/about\/#breadcrumb\"},\"inLanguage\":\"it-IT\",\"potentialAction\":[{\"@type\":\"ReadAction\",\"target\":[\"https:\/\/rmvapebang.com\/about\/\"]}]},{\"@type\":\"ImageObject\",\"inLanguage\":\"it-IT\",\"@id\":\"https:\/\/rmvapebang.com\/about\/#primaryimage\",\"url\":\"http:\/\/rmvapebang.com\/wp-content\/uploads\/2024\/03\/vape-wholesale-price-stock.jpg\",\"contentUrl\":\"http:\/\/rmvapebang.com\/wp-content\/uploads\/2024\/03\/vape-wholesale-price-stock.jpg\"},{\"@type\":\"BreadcrumbList\",\"@id\":\"https:\/\/rmvapebang.com\/about\/#breadcrumb\",\"itemListElement\":[{\"@type\":\"ListItem\",\"position\":1,\"name\":\"Home\",\"item\":\"https:\/\/rmvapebang.com\/\"},{\"@type\":\"ListItem\",\"position\":2,\"name\":\"About\"}]},{\"@type\":\"WebSite\",\"@id\":\"https:\/\/rmvapebang.com\/#website\",\"url\":\"https:\/\/rmvapebang.com\/\",\"name\":\"rmvapebang.com\",\"description\":\"buy vape cheap\",\"publisher\":{\"@id\":\"https:\/\/rmvapebang.com\/#organization\"},\"potentialAction\":[{\"@type\":\"SearchAction\",\"target\":{\"@type\":\"EntryPoint\",\"urlTemplate\":\"https:\/\/rmvapebang.com\/?s={search_term_string}\"},\"query-input\":\"required name=search_term_string\"}],\"inLanguage\":\"it-IT\"},{\"@type\":\"Organization\",\"@id\":\"https:\/\/rmvapebang.com\/#organization\",\"name\":\"rmvapebang.com\",\"url\":\"https:\/\/rmvapebang.com\/\",\"logo\":{\"@type\":\"ImageObject\",\"inLanguage\":\"it-IT\",\"@id\":\"https:\/\/rmvapebang.com\/#\/schema\/logo\/image\/\",\"url\":\"https:\/\/rmvapebang.com\/wp-content\/uploads\/2024\/03\/cropped-RVBlogo.png\",\"contentUrl\":\"https:\/\/rmvapebang.com\/wp-content\/uploads\/2024\/03\/cropped-RVBlogo.png\",\"width\":507,\"height\":169,\"caption\":\"rmvapebang.com\"},\"image\":{\"@id\":\"https:\/\/rmvapebang.com\/#\/schema\/logo\/image\/\"}}]}<\/script>\n<!-- \/ Yoast SEO plugin. -->","yoast_head_json":{"title":"About - rmvapebang.com","robots":{"index":"index","follow":"follow","max-snippet":"max-snippet:-1","max-image-preview":"max-image-preview:large","max-video-preview":"max-video-preview:-1"},"canonical":"https:\/\/rmvapebang.com\/it\/about\/","og_locale":"it_IT","og_type":"article","og_title":"About - rmvapebang.com","og_description":"Features of Our Shop","og_url":"https:\/\/rmvapebang.com\/it\/about\/","og_site_name":"rmvapebang.com","article_modified_time":"2024-12-14T07:37:37+00:00","og_image":[{"url":"http:\/\/rmvapebang.com\/wp-content\/uploads\/2024\/03\/vape-wholesale-price-stock.jpg"}],"twitter_card":"summary_large_image","twitter_misc":{"Tempo di lettura stimato":"1 minuto"},"schema":{"@context":"https:\/\/schema.org","@graph":[{"@type":"WebPage","@id":"https:\/\/rmvapebang.com\/about\/","url":"https:\/\/rmvapebang.com\/about\/","name":"About - rmvapebang.com","isPartOf":{"@id":"https:\/\/rmvapebang.com\/#website"},"primaryImageOfPage":{"@id":"https:\/\/rmvapebang.com\/about\/#primaryimage"},"image":{"@id":"https:\/\/rmvapebang.com\/about\/#primaryimage"},"thumbnailUrl":"http:\/\/rmvapebang.com\/wp-content\/uploads\/2024\/03\/vape-wholesale-price-stock.jpg","datePublished":"2020-08-26T03:14:50+00:00","dateModified":"2024-12-14T07:37:37+00:00","breadcrumb":{"@id":"https:\/\/rmvapebang.com\/about\/#breadcrumb"},"inLanguage":"it-IT","potentialAction":[{"@type":"ReadAction","target":["https:\/\/rmvapebang.com\/about\/"]}]},{"@type":"ImageObject","inLanguage":"it-IT","@id":"https:\/\/rmvapebang.com\/about\/#primaryimage","url":"http:\/\/rmvapebang.com\/wp-content\/uploads\/2024\/03\/vape-wholesale-price-stock.jpg","contentUrl":"http:\/\/rmvapebang.com\/wp-content\/uploads\/2024\/03\/vape-wholesale-price-stock.jpg"},{"@type":"BreadcrumbList","@id":"https:\/\/rmvapebang.com\/about\/#breadcrumb","itemListElement":[{"@type":"ListItem","position":1,"name":"Home","item":"https:\/\/rmvapebang.com\/"},{"@type":"ListItem","position":2,"name":"About"}]},{"@type":"WebSite","@id":"https:\/\/rmvapebang.com\/#website","url":"https:\/\/rmvapebang.com\/","name":"rmvapebang.com","description":"buy vape cheap","publisher":{"@id":"https:\/\/rmvapebang.com\/#organization"},"potentialAction":[{"@type":"SearchAction","target":{"@type":"EntryPoint","urlTemplate":"https:\/\/rmvapebang.com\/?s={search_term_string}"},"query-input":"required name=search_term_string"}],"inLanguage":"it-IT"},{"@type":"Organization","@id":"https:\/\/rmvapebang.com\/#organization","name":"rmvapebang.com","url":"https:\/\/rmvapebang.com\/","logo":{"@type":"ImageObject","inLanguage":"it-IT","@id":"https:\/\/rmvapebang.com\/#\/schema\/logo\/image\/","url":"https:\/\/rmvapebang.com\/wp-content\/uploads\/2024\/03\/cropped-RVBlogo.png","contentUrl":"https:\/\/rmvapebang.com\/wp-content\/uploads\/2024\/03\/cropped-RVBlogo.png","width":507,"height":169,"caption":"rmvapebang.com"},"image":{"@id":"https:\/\/rmvapebang.com\/#\/schema\/logo\/image\/"}}]}},"uagb_featured_image_src":{"full":false,"thumbnail":false,"medium":false,"medium_large":false,"large":false,"1536x1536":false,"2048x2048":false,"trp-custom-language-flag":false,"woocommerce_thumbnail":false,"woocommerce_single":false,"woocommerce_gallery_thumbnail":false,"wcpr-photo-reviews":false},"uagb_author_info":{"display_name":"rmvapebang.com","author_link":"https:\/\/rmvapebang.com\/it\/author\/rmvapebang-com\/"},"uagb_comment_info":0,"uagb_excerpt":"Features of Our Shop","_links":{"self":[{"href":"https:\/\/rmvapebang.com\/it\/wp-json\/wp\/v2\/pages\/545","targetHints":{"allow":["GET"]}}],"collection":[{"href":"https:\/\/rmvapebang.com\/it\/wp-json\/wp\/v2\/pages"}],"about":[{"href":"https:\/\/rmvapebang.com\/it\/wp-json\/wp\/v2\/types\/page"}],"author":[{"embeddable":true,"href":"https:\/\/rmvapebang.com\/it\/wp-json\/wp\/v2\/users\/1"}],"replies":[{"embeddable":true,"href":"https:\/\/rmvapebang.com\/it\/wp-json\/wp\/v2\/comments?post=545"}],"version-history":[{"count":6,"href":"https:\/\/rmvapebang.com\/it\/wp-json\/wp\/v2\/pages\/545\/revisions"}],"predecessor-version":[{"id":3276,"href":"https:\/\/rmvapebang.com\/it\/wp-json\/wp\/v2\/pages\/545\/revisions\/3276"}],"wp:attachment":[{"href":"https:\/\/rmvapebang.com\/it\/wp-json\/wp\/v2\/media?parent=545"}],"curies":[{"name":"wp","href":"https:\/\/api.w.org\/{rel}","templated":true}]}}