{"id":5714,"date":"2026-02-26T00:33:39","date_gmt":"2026-02-25T16:33:39","guid":{"rendered":"https:\/\/rmvapebang.com\/?post_type=product&#038;p=5714"},"modified":"2026-04-06T19:39:04","modified_gmt":"2026-04-06T11:39:04","slug":"hifancy-twin-max-60k-puffs-dual-flavor-rechargeable-disposable-vape","status":"publish","type":"product","link":"https:\/\/rmvapebang.com\/hu\/product\/hifancy-twin-max-60k-puffs-dual-flavor-rechargeable-disposable-vape\/","title":{"rendered":"HIFANCY Twin Max 60K Puffs Kett\u0151s \u00cdz\u0171 \u00dajrat\u00f6lthet\u0151 Egyszer haszn\u00e1latos Vape"},"content":{"rendered":"<h2 data-pm-slice=\"1 1 []\">HIFANCY Twin Max 60K Puffs Kett\u0151s \u00cdz\u0171 \u00dajrat\u00f6lthet\u0151 Egyszer haszn\u00e1latos Vape<\/h2>\n<p>HIFANCY Twin Max 60K Puffs Kett\u0151s \u00cdz\u0171 \u00dajrat\u00f6lthet\u0151 Egyszer haszn\u00e1latos Vape er\u0151teljes \u00e9lm\u00e9nyt ny\u00fajt <a href=\"https:\/\/rmvapebang.com\/hu\/shop-page\/?filter_puff=60000-puff\"><em><strong>60000 slukkos eldobhat\u00f3 vape<\/strong> <\/em><\/a>sima teljes\u00edtm\u00e9nnyel \u00e9s hossz\u00fa \u00e9lettartam\u00fa haszn\u00e1lattal. <a href=\"https:\/\/rmvapebang.com\/hu\/product-category\/hifancy-vapes\/\"><em><strong>HIFANCYH vape<\/strong><\/em><\/a>\u00a0kett\u0151s tart\u00e1ly rendszerrel \u00e9s k\u00f6nnyen forgathat\u00f3 \u00edzv\u00e1lt\u00f3val tervezve, ez a kett\u0151s \u00edz\u0171 egyszer haszn\u00e1latos vape lehet\u0151v\u00e9 teszi a felhaszn\u00e1l\u00f3k sz\u00e1m\u00e1ra, hogy k\u00e9t \u00edzt \u00e9lvezzenek egy eszk\u00f6zben.<\/p>\n<p><a href=\"https:\/\/rmvapebang.com\/hu\/shop-page\/?filter_puff=60000-puff\"><em><strong>60 000 puffs egyszer haszn\u00e1latos vape<\/strong> <\/em><\/a>650mAh Type-C \u00fajrat\u00f6lthet\u0151 akkumul\u00e1torral t\u00e1mogatja a stabil kimenetet, mik\u00f6zben <a href=\"https:\/\/rmvapebang.com\/hu\/product-category\/smart-display\/\"><strong><em>LED kijelz\u0151<\/em> <\/strong><\/a>egyszer\u0171en \u00e1ttekinthet\u0151v\u00e9 teszi az akkumul\u00e1tor \u00e1llapot\u00e1t. Feln\u0151tt felhaszn\u00e1l\u00f3k sz\u00e1m\u00e1ra k\u00e9sz\u00fclt, akik magas puff sz\u00e1m\u00fa egyszer haszn\u00e1latos vape eszk\u00f6z\u00f6ket prefer\u00e1lnak, a Twin Max 60K \u00f6tv\u00f6zi a h\u00e1l\u00f3s tekercs hat\u00e9konys\u00e1g\u00e1t, a k\u00f6vetkezetes g\u0151zk\u00e9pz\u00e9st \u00e9s a modern, kompakt kialak\u00edt\u00e1st, amely megfelel a mindennapi vaping ig\u00e9nyeinek.<\/p>\n<figure id=\"attachment_5683\" aria-describedby=\"caption-attachment-5683\" style=\"width: 800px\" class=\"wp-caption alignnone\"><img loading=\"lazy\" decoding=\"async\" class=\"wp-image-5683 size-full\" src=\"http:\/\/rmvapebang.com\/wp-content\/uploads\/2026\/02\/HIFANCY-Twin-Max-60000-Puffs-Dual-Flavor-Vape.webp\" alt=\"HIFANCY Twin Max 60K Puffs K\u00e9t \u00cdz\u0171 \u00dajrat\u00f6lthet\u0151 Eldobhat\u00f3 Vape Eszk\u00f6z\" width=\"800\" height=\"800\" srcset=\"https:\/\/rmvapebang.com\/wp-content\/uploads\/2026\/02\/HIFANCY-Twin-Max-60000-Puffs-Dual-Flavor-Vape.webp 800w, https:\/\/rmvapebang.com\/wp-content\/uploads\/2026\/02\/HIFANCY-Twin-Max-60000-Puffs-Dual-Flavor-Vape-300x300.webp 300w, https:\/\/rmvapebang.com\/wp-content\/uploads\/2026\/02\/HIFANCY-Twin-Max-60000-Puffs-Dual-Flavor-Vape-150x150.webp 150w, https:\/\/rmvapebang.com\/wp-content\/uploads\/2026\/02\/HIFANCY-Twin-Max-60000-Puffs-Dual-Flavor-Vape-768x768.webp 768w, https:\/\/rmvapebang.com\/wp-content\/uploads\/2026\/02\/HIFANCY-Twin-Max-60000-Puffs-Dual-Flavor-Vape-12x12.webp 12w, https:\/\/rmvapebang.com\/wp-content\/uploads\/2026\/02\/HIFANCY-Twin-Max-60000-Puffs-Dual-Flavor-Vape-600x600.webp 600w, https:\/\/rmvapebang.com\/wp-content\/uploads\/2026\/02\/HIFANCY-Twin-Max-60000-Puffs-Dual-Flavor-Vape-100x100.webp 100w\" sizes=\"auto, (max-width: 800px) 100vw, 800px\" \/><figcaption id=\"caption-attachment-5683\" class=\"wp-caption-text\">60K puffos \u00fajrat\u00f6lthet\u0151 egyszer haszn\u00e1latos vape kett\u0151s \u00edzv\u00e1lt\u00f3 kialak\u00edt\u00e1ssal.<\/figcaption><\/figure>\n<h2 data-start=\"815\" data-end=\"866\">Okos Kett\u0151s \u00cdz\u0171 Forr\u00f3 Elad\u00e1si Vape \u00cdzlist\u00e1ja<\/h2>\n<p>1. K\u00e9k Razz Lemonade\u2014Lush Ice<br \/>\n2. Narancs Mang\u00f3 G\u00f6r\u00f6gdinnye\u2014Eper Ice<br \/>\n3. Citrom Lime\u2014Triple Melon<br \/>\n4. \u00c1fonya M\u00e1lna Cseresznye\u2014K\u00f3la Ice<br \/>\n5. Eper G\u00f6r\u00f6gdinnye\u2014Dupla Alma<br \/>\n6. Anan\u00e1sz Mang\u00f3 S\u00e1rgabarack\u2014Ny\u00e1ri \u00c1lom<br \/>\n7. Kaktusz Dragon Fruit\u2014Red Bull Ice<br \/>\n8. G\u00f6r\u00f6gdinnye Bubor\u00e9kf\u00faj\u00f3\u2014Vegyes Bogy\u00f3s<br \/>\n9. Kivi Passion Gy\u00fcm\u00f6lcs Guava\u2014\u00c1fonya Ice<br \/>\n10. Dragon Fruit Ban\u00e1n Cseresznye\u2014Love 66<\/p>\n<h2 data-start=\"1030\" data-end=\"1085\">Kulcs Nagykereskedelmi Egyszer haszn\u00e1latos 60K Vape<\/h2>\n<ul>\n<li>\ud83d\udd04 Forgat\u00e1s a \u00edzv\u00e1lt\u00e1shoz \u2013 sima kett\u0151s \u00edzv\u00e1lt\u00f3 rendszer<\/li>\n<li>\ud83e\uddca 60000 Szippant\u00e1s Kapacit\u00e1s \u2013 hossz\u00fa \u00e9lettartam\u00fa magas szippant\u00e1s\u00fa egyszer haszn\u00e1latos vape<\/li>\n<li>\ud83d\udd0b 650mAh Akkumul\u00e1tor \u2013 stabil teljes\u00edtm\u00e9ny Type-C t\u00f6lt\u00e9ssel<\/li>\n<li>\u26a1 Type-C T\u00f6lt\u00e9s \u2013 gyors \u00e9s k\u00e9nyelmes mindennapi haszn\u00e1lat<\/li>\n<li>\ud83e\uddea Kett\u0151s Tart\u00e1ly Tervez\u00e9s \u2013 k\u00e9t \u00edz egy kompakt eszk\u00f6zben<\/li>\n<li>\ud83d\udca8 Kett\u0151s Szita Tekercs \u2013 egyenletes g\u0151z \u00e9s kiegyens\u00falyozott \u00edz<\/li>\n<li>\ud83d\udcca LED Kijelz\u0151 \u2013 tiszta akkumul\u00e1tor \u00e9s haszn\u00e1lati jelz\u00e9s<\/li>\n<li>\ud83c\udf00 K\u00e9tcsatorn\u00e1s Max Strukt\u00fara \u2013 kompakt kialak\u00edt\u00e1s er\u0151s l\u00e9g\u00e1raml\u00e1ssal<\/li>\n<li>\ud83c\udf53 Pr\u00e9mium \u00cdz P\u00e1ros\u00edt\u00e1s \u2013 gy\u00fcm\u00f6lcs \u00e9s j\u00e9g kombin\u00e1ci\u00f3k feln\u0151ttek sz\u00e1m\u00e1ra<\/li>\n<\/ul>\n<h2 data-start=\"1650\" data-end=\"1703\">Mi\u00e9rt V\u00e1lassza az EU Rakt\u00e1r 60000 Szippant\u00e1s Vape-et<\/h2>\n<ul>\n<li>Gyorsabb sz\u00e1ll\u00edt\u00e1s Eur\u00f3p\u00e1ban, cs\u00f6kkentett v\u00e1rakoz\u00e1si id\u0151vel.<\/li>\n<li>Stabil k\u00e9szletell\u00e1t\u00e1s kiskereskedelmi \u00e9s nagykereskedelmi v\u00e1s\u00e1rl\u00f3knak.<\/li>\n<li>Alacsonyabb sz\u00e1ll\u00edt\u00e1si kock\u00e1zat \u00e9s g\u00f6rd\u00fcl\u00e9keny logisztika kezel\u00e9se.<\/li>\n<li>Feln\u0151tt felhaszn\u00e1l\u00f3knak sz\u00f3l, akik hossz\u00fa \u00e9lettartam\u00fa magas szippant\u00e1s\u00fa eszk\u00f6z\u00f6ket keresnek.<\/li>\n<\/ul>\n<h2 data-start=\"1978\" data-end=\"2027\">GYIK a Magas Szippant\u00e1s\u00fa Egyszer haszn\u00e1latos 60000 Vape-r\u0151l<\/h2>\n<p><strong>Q1: Mi teszi ezt magas szippant\u00e1s\u00fa egyszer haszn\u00e1latos vape-\u00e9?<\/strong><br \/>\nA1: Nagy e-liquid kapacit\u00e1s, h\u00e1l\u00f3s tekercstechnol\u00f3gia \u00e9s hat\u00e9kony akkumul\u00e1tor kimenet.<\/p>\n<p><strong>Q2: \u00dajra t\u00f6lthetem a Twin Max 60K HIFANCY-t?<\/strong><br \/>\nA2: Igen, a LED kijelz\u0151vel ell\u00e1tott 60k szippant\u00e1s\u00fa vape tartalmaz egy Type-C \u00fajrat\u00f6lthet\u0151 650mAh akkumul\u00e1tort a t\u00f6bbsz\u00f6ri haszn\u00e1lathoz.<\/p>\n<p><strong>Q3: Hogyan m\u0171k\u00f6dik a HIFANCY vape k\u00e9t \u00edzv\u00e1lt\u00f3 kapcsol\u00f3ja?<\/strong><br \/>\nA3: Egyszer\u0171en ford\u00edtsa el a sz\u00e1jr\u00e9szt, hogy azonnal v\u00e1ltson a k\u00e9t \u00edz k\u00f6z\u00f6tt.<\/p>\n<p><strong>Q4: Hasznos az LED kijelz\u0151 a HIFANCY eldobhat\u00f3 eszk\u00f6z\u00f6n?<\/strong><br \/>\nA4: Az LED kijelz\u0151 egy\u00e9rtelm\u0171en mutatja az akkumul\u00e1tor szintj\u00e9t \u00e9s a m\u0171k\u00f6d\u00e9si \u00e1llapotot.<\/p>\n<p><strong>Tov\u00e1bbi term\u00e9kvide\u00f3k\u00e9rt l\u00e9pj kapcsolatba Lyn-nel!<\/strong><\/p>\n<p><a href=\"https:\/\/wa.me\/8617840853976\"><span style=\"color: #ff6600\"><strong><em>Whatsapp: +86 17840853976<\/em><\/strong><\/span><\/a><\/p>\n<p><img loading=\"lazy\" decoding=\"async\" class=\"alignnone size-medium wp-image-1905\" src=\"http:\/\/rmvapebang.com\/wp-content\/uploads\/2024\/03\/whatsapp-vape-2-202x300.jpg\" alt=\"\" width=\"202\" height=\"300\" \/><\/p>\n<p>Tov\u00e1bbi term\u00e9kek, amelyek tetszhetnek:<a href=\"https:\/\/rmvapebang.com\/hu\/shop-page\/\"><strong><em>V\u00e1s\u00e1rolj most<\/em><\/strong><\/a><\/p>\n<p>Egy\u00e9b puff, ami tetszhet:<\/p>\n<p><a href=\"https:\/\/rmvapebang.com\/hu\/product\/al-fakher-8000-puffs-disposable-vape-2026-best-sale\/\"><em>Al Fakher 8000 Puffs Eldobhat\u00f3 Vape EU rakt\u00e1rki\u00e1rus\u00edt\u00e1s kedvezm\u00e9nyes \u00e1ron<\/em><\/a><\/p>\n<p><a href=\"https:\/\/rmvapebang.com\/hu\/product\/al-fakher-ice-adjust-15000-puffs-disposable-vape-2026-edition\/\"><em>Vape toll torn\u00e1d\u00f3 15000 sz\u00edv\u00e1s Al fakher eldobhat\u00f3 EU legjobb elad\u00e1s<\/em><\/a><\/p>\n<p><a href=\"https:\/\/rmvapebang.com\/hu\/product\/50000-puffs-dual-flavor-disposable-vape-with-smart-screen-type-c-charging\/\"><em>50000 Sz\u00edv\u00e1s Kett\u0151s \u00cdz Eldobhat\u00f3 Vape forr\u00f3 elad\u00e1s Eur\u00f3p\u00e1ban<\/em><\/a><\/p>","protected":false},"excerpt":{"rendered":"<p><span style=\"color: #ff0000\"><strong>MEGJEGYZ\u00c9S<\/strong>:\u00a0<em>\u00c1rak<\/em>A weboldalon felt\u00fcntetett \u00e1rak nem tartalmazz\u00e1k a sz\u00e1ll\u00edt\u00e1si k\u00f6lts\u00e9get. K\u00e9rj\u00fck, k\u00fcldje el ir\u00e1ny\u00edt\u00f3sz\u00e1m\u00e1t \u00e9s c\u00edm\u00e9t, hogy ellen\u0151rizni tudjuk a sz\u00e1ll\u00edt\u00e1si k\u00f6lts\u00e9geket.<\/span><\/p>\n<p data-start=\"126\" data-end=\"385\">HIFANCY Twin Max 60K Puffs Kett\u0151s \u00cdz\u0171 Egyszer haszn\u00e1latos Vape, amely kett\u0151s tart\u00e1ly kialak\u00edt\u00e1ssal, LED kijelz\u0151vel \u00e9s Type-C \u00fajrat\u00f6lthet\u0151 akkumul\u00e1torral rendelkezik. Feln\u0151tt felhaszn\u00e1l\u00f3k sz\u00e1m\u00e1ra k\u00e9sz\u00fclt, akik hossz\u00fa t\u00e1v\u00fa teljes\u00edtm\u00e9nyt, sima g\u0151zk\u00e9pz\u00e9st \u00e9s k\u00e9nyelmes \u00edzv\u00e1lt\u00e1st szeretn\u00e9nek egy kompakt eszk\u00f6zben.<\/p>\n<p><a href=\"https:\/\/wa.me\/8617840853976\"><strong><em>Whatsapp: +86 17840853976<\/em><\/strong><\/a><br \/>\nSzkennelje be a WhatsApp-ot az \u00faj \u00fcgyf\u00e9lkupon\u00e9rt<\/p>\n<p><img loading=\"lazy\" decoding=\"async\" class=\"alignnone size-medium wp-image-1905\" src=\"http:\/\/rmvapebang.com\/wp-content\/uploads\/2024\/03\/whatsapp-vape-2-202x300.jpg\" alt=\"\" width=\"202\" height=\"300\" \/><\/p>","protected":false},"featured_media":5679,"comment_status":"open","ping_status":"closed","template":"","meta":{"_uag_custom_page_level_css":"","_lmt_disableupdate":"no","_lmt_disable":"","site-sidebar-layout":"no-sidebar","site-content-layout":"boxed-container","ast-site-content-layout":"normal-width-container","site-content-style":"boxed","site-sidebar-style":"boxed","ast-global-header-display":"","ast-banner-title-visibility":"","ast-main-header-display":"","ast-hfb-above-header-display":"","ast-hfb-below-header-display":"","ast-hfb-mobile-header-display":"","site-post-title":"","ast-breadcrumbs-content":"","ast-featured-img":"","footer-sml-layout":"","theme-transparent-header-meta":"default","adv-header-id-meta":"","stick-header-meta":"","header-above-stick-meta":"","header-main-stick-meta":"","header-below-stick-meta":"","astra-migrate-meta-layouts":"set","ast-page-background-enabled":"default","ast-page-background-meta":{"desktop":{"background-color":"","background-image":"","background-repeat":"repeat","background-position":"center center","background-size":"auto","background-attachment":"scroll","background-type":"","background-media":"","overlay-type":"","overlay-color":"","overlay-gradient":""},"tablet":{"background-color":"","background-image":"","background-repeat":"repeat","background-position":"center center","background-size":"auto","background-attachment":"scroll","background-type":"","background-media":"","overlay-type":"","overlay-color":"","overlay-gradient":""},"mobile":{"background-color":"","background-image":"","background-repeat":"repeat","background-position":"center center","background-size":"auto","background-attachment":"scroll","background-type":"","background-media":"","overlay-type":"","overlay-color":"","overlay-gradient":""}},"ast-content-background-meta":{"desktop":{"background-color":"var(--ast-global-color-5)","background-image":"","background-repeat":"repeat","background-position":"center center","background-size":"auto","background-attachment":"scroll","background-type":"","background-media":"","overlay-type":"","overlay-color":"","overlay-gradient":""},"tablet":{"background-color":"var(--ast-global-color-5)","background-image":"","background-repeat":"repeat","background-position":"center center","background-size":"auto","background-attachment":"scroll","background-type":"","background-media":"","overlay-type":"","overlay-color":"","overlay-gradient":""},"mobile":{"background-color":"var(--ast-global-color-5)","background-image":"","background-repeat":"repeat","background-position":"center center","background-size":"auto","background-attachment":"scroll","background-type":"","background-media":"","overlay-type":"","overlay-color":"","overlay-gradient":""}},"_joinchat":{"telephone":"+8617840853976"}},"product_brand":[],"product_cat":[15,130,39,293,41,128,42,40,179,43],"product_tag":[178,183,50,61,58,53,52],"class_list":{"0":"post-5714","1":"product","2":"type-product","3":"status-publish","4":"has-post-thumbnail","6":"product_cat-eu-warehouse","7":"product_cat-digital-vapes-in-discount-price","8":"product_cat-france-wholesale-vape","9":"product_cat-hifancy-vapes","10":"product_cat-netherlands-wholesale-vape","11":"product_cat-smart-display","12":"product_cat-spain-wholesale-vape","13":"product_cat-germany-wholesale-vape","14":"product_cat-vape-60000-puffs","15":"product_cat-vape-shop","16":"product_tag-60000-puffs","17":"product_tag-60k-puffs","18":"product_tag-bulk-price-vape-shop","19":"product_tag-good-sales-vape","20":"product_tag-moq-50pcs","21":"product_tag-rechargeable-vape","22":"product_tag-vape-wholesasle-price","23":"desktop-align-left","24":"tablet-align-left","25":"mobile-align-left","27":"first","28":"instock","29":"sale","30":"shipping-taxable","31":"purchasable","32":"product-type-simple"},"yoast_head":"<!-- This site is optimized with the Yoast SEO plugin v23.0 - https:\/\/yoast.com\/wordpress\/plugins\/seo\/ -->\n<title>HIFANCY Twin Max 60K Puffs Dual Flavor Rechargeable Disposable Vape - rmvapebang.com<\/title>\n<meta name=\"description\" content=\"HIFANCY Twin Max 60K dual flavor rechargeable disposable vape with 60000 puffs, LED display, dual tank system and premium high puff performance.\" \/>\n<meta name=\"robots\" content=\"index, follow, max-snippet:-1, max-image-preview:large, max-video-preview:-1\" \/>\n<link rel=\"canonical\" href=\"https:\/\/rmvapebang.com\/hu\/product\/hifancy-twin-max-60k-puffs-dual-flavor-rechargeable-disposable-vape\/\" \/>\n<meta property=\"og:locale\" content=\"hu_HU\" \/>\n<meta property=\"og:type\" content=\"article\" \/>\n<meta property=\"og:title\" content=\"HIFANCY Twin Max 60K Puffs Dual Flavor Rechargeable Disposable Vape - rmvapebang.com\" \/>\n<meta property=\"og:description\" content=\"HIFANCY Twin Max 60K dual flavor rechargeable disposable vape with 60000 puffs, LED display, dual tank system and premium high puff performance.\" \/>\n<meta property=\"og:url\" content=\"https:\/\/rmvapebang.com\/hu\/product\/hifancy-twin-max-60k-puffs-dual-flavor-rechargeable-disposable-vape\/\" \/>\n<meta property=\"og:site_name\" content=\"rmvapebang.com\" \/>\n<meta property=\"article:modified_time\" content=\"2026-04-06T11:39:04+00:00\" \/>\n<meta property=\"og:image\" content=\"http:\/\/rmvapebang.com\/wp-content\/uploads\/2026\/02\/Rotate-Flavor-Dual-Tank-Vape-60K.webp\" \/>\n\t<meta property=\"og:image:width\" content=\"800\" \/>\n\t<meta property=\"og:image:height\" content=\"800\" \/>\n\t<meta property=\"og:image:type\" content=\"image\/webp\" \/>\n<meta name=\"twitter:card\" content=\"summary_large_image\" \/>\n<meta name=\"twitter:label1\" content=\"Becs\u00fclt olvas\u00e1si id\u0151\" \/>\n\t<meta name=\"twitter:data1\" content=\"3 perc\" \/>\n<script type=\"application\/ld+json\" class=\"yoast-schema-graph\">{\"@context\":\"https:\/\/schema.org\",\"@graph\":[{\"@type\":\"WebPage\",\"@id\":\"https:\/\/rmvapebang.com\/product\/hifancy-twin-max-60k-puffs-dual-flavor-rechargeable-disposable-vape\/\",\"url\":\"https:\/\/rmvapebang.com\/product\/hifancy-twin-max-60k-puffs-dual-flavor-rechargeable-disposable-vape\/\",\"name\":\"HIFANCY Twin Max 60K Puffs Dual Flavor Rechargeable Disposable Vape - rmvapebang.com\",\"isPartOf\":{\"@id\":\"https:\/\/rmvapebang.com\/#website\"},\"primaryImageOfPage\":{\"@id\":\"https:\/\/rmvapebang.com\/product\/hifancy-twin-max-60k-puffs-dual-flavor-rechargeable-disposable-vape\/#primaryimage\"},\"image\":{\"@id\":\"https:\/\/rmvapebang.com\/product\/hifancy-twin-max-60k-puffs-dual-flavor-rechargeable-disposable-vape\/#primaryimage\"},\"thumbnailUrl\":\"https:\/\/rmvapebang.com\/wp-content\/uploads\/2026\/02\/Rotate-Flavor-Dual-Tank-Vape-60K.webp\",\"datePublished\":\"2026-02-25T16:33:39+00:00\",\"dateModified\":\"2026-04-06T11:39:04+00:00\",\"description\":\"HIFANCY Twin Max 60K dual flavor rechargeable disposable vape with 60000 puffs, LED display, dual tank system and premium high puff performance.\",\"breadcrumb\":{\"@id\":\"https:\/\/rmvapebang.com\/product\/hifancy-twin-max-60k-puffs-dual-flavor-rechargeable-disposable-vape\/#breadcrumb\"},\"inLanguage\":\"hu\",\"potentialAction\":[{\"@type\":\"ReadAction\",\"target\":[\"https:\/\/rmvapebang.com\/product\/hifancy-twin-max-60k-puffs-dual-flavor-rechargeable-disposable-vape\/\"]}]},{\"@type\":\"ImageObject\",\"inLanguage\":\"hu\",\"@id\":\"https:\/\/rmvapebang.com\/product\/hifancy-twin-max-60k-puffs-dual-flavor-rechargeable-disposable-vape\/#primaryimage\",\"url\":\"https:\/\/rmvapebang.com\/wp-content\/uploads\/2026\/02\/Rotate-Flavor-Dual-Tank-Vape-60K.webp\",\"contentUrl\":\"https:\/\/rmvapebang.com\/wp-content\/uploads\/2026\/02\/Rotate-Flavor-Dual-Tank-Vape-60K.webp\",\"width\":800,\"height\":800,\"caption\":\"Two flavors in one device with easy rotation switching.\"},{\"@type\":\"BreadcrumbList\",\"@id\":\"https:\/\/rmvapebang.com\/product\/hifancy-twin-max-60k-puffs-dual-flavor-rechargeable-disposable-vape\/#breadcrumb\",\"itemListElement\":[{\"@type\":\"ListItem\",\"position\":1,\"name\":\"Home\",\"item\":\"https:\/\/rmvapebang.com\/\"},{\"@type\":\"ListItem\",\"position\":2,\"name\":\"Hot Vape Shop\",\"item\":\"https:\/\/rmvapebang.com\/shop-page\/\"},{\"@type\":\"ListItem\",\"position\":3,\"name\":\"HIFANCY Twin Max 60K Puffs Dual Flavor Rechargeable Disposable Vape\"}]},{\"@type\":\"WebSite\",\"@id\":\"https:\/\/rmvapebang.com\/#website\",\"url\":\"https:\/\/rmvapebang.com\/\",\"name\":\"rmvapebang.com\",\"description\":\"buy vape cheap\",\"publisher\":{\"@id\":\"https:\/\/rmvapebang.com\/#organization\"},\"potentialAction\":[{\"@type\":\"SearchAction\",\"target\":{\"@type\":\"EntryPoint\",\"urlTemplate\":\"https:\/\/rmvapebang.com\/?s={search_term_string}\"},\"query-input\":\"required name=search_term_string\"}],\"inLanguage\":\"hu\"},{\"@type\":\"Organization\",\"@id\":\"https:\/\/rmvapebang.com\/#organization\",\"name\":\"rmvapebang.com\",\"url\":\"https:\/\/rmvapebang.com\/\",\"logo\":{\"@type\":\"ImageObject\",\"inLanguage\":\"hu\",\"@id\":\"https:\/\/rmvapebang.com\/#\/schema\/logo\/image\/\",\"url\":\"https:\/\/rmvapebang.com\/wp-content\/uploads\/2024\/03\/cropped-RVBlogo.png\",\"contentUrl\":\"https:\/\/rmvapebang.com\/wp-content\/uploads\/2024\/03\/cropped-RVBlogo.png\",\"width\":507,\"height\":169,\"caption\":\"rmvapebang.com\"},\"image\":{\"@id\":\"https:\/\/rmvapebang.com\/#\/schema\/logo\/image\/\"}}]}<\/script>\n<!-- \/ Yoast SEO plugin. -->","yoast_head_json":{"title":"HIFANCY Twin Max 60K Puffs Dual Flavor Rechargeable Disposable Vape - rmvapebang.com","description":"HIFANCY Twin Max 60K dual flavor rechargeable disposable vape with 60000 puffs, LED display, dual tank system and premium high puff performance.","robots":{"index":"index","follow":"follow","max-snippet":"max-snippet:-1","max-image-preview":"max-image-preview:large","max-video-preview":"max-video-preview:-1"},"canonical":"https:\/\/rmvapebang.com\/hu\/product\/hifancy-twin-max-60k-puffs-dual-flavor-rechargeable-disposable-vape\/","og_locale":"hu_HU","og_type":"article","og_title":"HIFANCY Twin Max 60K Puffs Dual Flavor Rechargeable Disposable Vape - rmvapebang.com","og_description":"HIFANCY Twin Max 60K dual flavor rechargeable disposable vape with 60000 puffs, LED display, dual tank system and premium high puff performance.","og_url":"https:\/\/rmvapebang.com\/hu\/product\/hifancy-twin-max-60k-puffs-dual-flavor-rechargeable-disposable-vape\/","og_site_name":"rmvapebang.com","article_modified_time":"2026-04-06T11:39:04+00:00","og_image":[{"width":800,"height":800,"url":"http:\/\/rmvapebang.com\/wp-content\/uploads\/2026\/02\/Rotate-Flavor-Dual-Tank-Vape-60K.webp","type":"image\/webp"}],"twitter_card":"summary_large_image","twitter_misc":{"Becs\u00fclt olvas\u00e1si id\u0151":"3 perc"},"schema":{"@context":"https:\/\/schema.org","@graph":[{"@type":"WebPage","@id":"https:\/\/rmvapebang.com\/product\/hifancy-twin-max-60k-puffs-dual-flavor-rechargeable-disposable-vape\/","url":"https:\/\/rmvapebang.com\/product\/hifancy-twin-max-60k-puffs-dual-flavor-rechargeable-disposable-vape\/","name":"HIFANCY Twin Max 60K Puffs Dual Flavor Rechargeable Disposable Vape - rmvapebang.com","isPartOf":{"@id":"https:\/\/rmvapebang.com\/#website"},"primaryImageOfPage":{"@id":"https:\/\/rmvapebang.com\/product\/hifancy-twin-max-60k-puffs-dual-flavor-rechargeable-disposable-vape\/#primaryimage"},"image":{"@id":"https:\/\/rmvapebang.com\/product\/hifancy-twin-max-60k-puffs-dual-flavor-rechargeable-disposable-vape\/#primaryimage"},"thumbnailUrl":"https:\/\/rmvapebang.com\/wp-content\/uploads\/2026\/02\/Rotate-Flavor-Dual-Tank-Vape-60K.webp","datePublished":"2026-02-25T16:33:39+00:00","dateModified":"2026-04-06T11:39:04+00:00","description":"HIFANCY Twin Max 60K dual flavor rechargeable disposable vape with 60000 puffs, LED display, dual tank system and premium high puff performance.","breadcrumb":{"@id":"https:\/\/rmvapebang.com\/product\/hifancy-twin-max-60k-puffs-dual-flavor-rechargeable-disposable-vape\/#breadcrumb"},"inLanguage":"hu","potentialAction":[{"@type":"ReadAction","target":["https:\/\/rmvapebang.com\/product\/hifancy-twin-max-60k-puffs-dual-flavor-rechargeable-disposable-vape\/"]}]},{"@type":"ImageObject","inLanguage":"hu","@id":"https:\/\/rmvapebang.com\/product\/hifancy-twin-max-60k-puffs-dual-flavor-rechargeable-disposable-vape\/#primaryimage","url":"https:\/\/rmvapebang.com\/wp-content\/uploads\/2026\/02\/Rotate-Flavor-Dual-Tank-Vape-60K.webp","contentUrl":"https:\/\/rmvapebang.com\/wp-content\/uploads\/2026\/02\/Rotate-Flavor-Dual-Tank-Vape-60K.webp","width":800,"height":800,"caption":"Two flavors in one device with easy rotation switching."},{"@type":"BreadcrumbList","@id":"https:\/\/rmvapebang.com\/product\/hifancy-twin-max-60k-puffs-dual-flavor-rechargeable-disposable-vape\/#breadcrumb","itemListElement":[{"@type":"ListItem","position":1,"name":"Home","item":"https:\/\/rmvapebang.com\/"},{"@type":"ListItem","position":2,"name":"Hot Vape Shop","item":"https:\/\/rmvapebang.com\/shop-page\/"},{"@type":"ListItem","position":3,"name":"HIFANCY Twin Max 60K Puffs Dual Flavor Rechargeable Disposable Vape"}]},{"@type":"WebSite","@id":"https:\/\/rmvapebang.com\/#website","url":"https:\/\/rmvapebang.com\/","name":"rmvapebang.com","description":"buy vape cheap","publisher":{"@id":"https:\/\/rmvapebang.com\/#organization"},"potentialAction":[{"@type":"SearchAction","target":{"@type":"EntryPoint","urlTemplate":"https:\/\/rmvapebang.com\/?s={search_term_string}"},"query-input":"required name=search_term_string"}],"inLanguage":"hu"},{"@type":"Organization","@id":"https:\/\/rmvapebang.com\/#organization","name":"rmvapebang.com","url":"https:\/\/rmvapebang.com\/","logo":{"@type":"ImageObject","inLanguage":"hu","@id":"https:\/\/rmvapebang.com\/#\/schema\/logo\/image\/","url":"https:\/\/rmvapebang.com\/wp-content\/uploads\/2024\/03\/cropped-RVBlogo.png","contentUrl":"https:\/\/rmvapebang.com\/wp-content\/uploads\/2024\/03\/cropped-RVBlogo.png","width":507,"height":169,"caption":"rmvapebang.com"},"image":{"@id":"https:\/\/rmvapebang.com\/#\/schema\/logo\/image\/"}}]}},"uagb_featured_image_src":{"full":["https:\/\/rmvapebang.com\/wp-content\/uploads\/2026\/02\/Rotate-Flavor-Dual-Tank-Vape-60K.webp",800,800,false],"thumbnail":["https:\/\/rmvapebang.com\/wp-content\/uploads\/2026\/02\/Rotate-Flavor-Dual-Tank-Vape-60K-150x150.webp",150,150,true],"medium":["https:\/\/rmvapebang.com\/wp-content\/uploads\/2026\/02\/Rotate-Flavor-Dual-Tank-Vape-60K-300x300.webp",300,300,true],"medium_large":["https:\/\/rmvapebang.com\/wp-content\/uploads\/2026\/02\/Rotate-Flavor-Dual-Tank-Vape-60K-768x768.webp",768,768,true],"large":["https:\/\/rmvapebang.com\/wp-content\/uploads\/2026\/02\/Rotate-Flavor-Dual-Tank-Vape-60K.webp",800,800,false],"1536x1536":["https:\/\/rmvapebang.com\/wp-content\/uploads\/2026\/02\/Rotate-Flavor-Dual-Tank-Vape-60K.webp",800,800,false],"2048x2048":["https:\/\/rmvapebang.com\/wp-content\/uploads\/2026\/02\/Rotate-Flavor-Dual-Tank-Vape-60K.webp",800,800,false],"trp-custom-language-flag":["https:\/\/rmvapebang.com\/wp-content\/uploads\/2026\/02\/Rotate-Flavor-Dual-Tank-Vape-60K-12x12.webp",12,12,true],"woocommerce_thumbnail":["https:\/\/rmvapebang.com\/wp-content\/uploads\/2026\/02\/Rotate-Flavor-Dual-Tank-Vape-60K-300x300.webp",300,300,true],"woocommerce_single":["https:\/\/rmvapebang.com\/wp-content\/uploads\/2026\/02\/Rotate-Flavor-Dual-Tank-Vape-60K-600x600.webp",600,600,true],"woocommerce_gallery_thumbnail":["https:\/\/rmvapebang.com\/wp-content\/uploads\/2026\/02\/Rotate-Flavor-Dual-Tank-Vape-60K-100x100.webp",100,100,true],"wcpr-photo-reviews":["https:\/\/rmvapebang.com\/wp-content\/uploads\/2026\/02\/Rotate-Flavor-Dual-Tank-Vape-60K.webp",500,500,false]},"uagb_author_info":{"display_name":"Lyn","author_link":"https:\/\/rmvapebang.com\/hu\/author\/"},"uagb_comment_info":0,"uagb_excerpt":"NOTE:\u00a0Prices on the website don\u2019t include shipping fee. Please send your zip code and address that we can check shipping costs for you. HIFANCY Twin Max 60K Puffs Dual Flavor Disposable Vape features a dual tank design, LED display and Type-C rechargeable battery. Built for adult users who want long lasting performance, smooth vapor production&hellip;","_links":{"self":[{"href":"https:\/\/rmvapebang.com\/hu\/wp-json\/wp\/v2\/product\/5714","targetHints":{"allow":["GET"]}}],"collection":[{"href":"https:\/\/rmvapebang.com\/hu\/wp-json\/wp\/v2\/product"}],"about":[{"href":"https:\/\/rmvapebang.com\/hu\/wp-json\/wp\/v2\/types\/product"}],"replies":[{"embeddable":true,"href":"https:\/\/rmvapebang.com\/hu\/wp-json\/wp\/v2\/comments?post=5714"}],"wp:featuredmedia":[{"embeddable":true,"href":"https:\/\/rmvapebang.com\/hu\/wp-json\/wp\/v2\/media\/5679"}],"wp:attachment":[{"href":"https:\/\/rmvapebang.com\/hu\/wp-json\/wp\/v2\/media?parent=5714"}],"wp:term":[{"taxonomy":"product_brand","embeddable":true,"href":"https:\/\/rmvapebang.com\/hu\/wp-json\/wp\/v2\/product_brand?post=5714"},{"taxonomy":"product_cat","embeddable":true,"href":"https:\/\/rmvapebang.com\/hu\/wp-json\/wp\/v2\/product_cat?post=5714"},{"taxonomy":"product_tag","embeddable":true,"href":"https:\/\/rmvapebang.com\/hu\/wp-json\/wp\/v2\/product_tag?post=5714"}],"curies":[{"name":"wp","href":"https:\/\/api.w.org\/{rel}","templated":true}]}}