{"id":5712,"date":"2026-02-22T21:32:11","date_gmt":"2026-02-22T13:32:11","guid":{"rendered":"https:\/\/rmvapebang.com\/?post_type=product&#038;p=5712"},"modified":"2026-04-06T19:38:25","modified_gmt":"2026-04-06T11:38:25","slug":"hifancy-luxury-box-18k-smart-screen-disposable-vape","status":"publish","type":"product","link":"https:\/\/rmvapebang.com\/hu\/product\/hifancy-luxury-box-18k-smart-screen-disposable-vape\/","title":{"rendered":"HIFANCY Luxus Doboz 18K Okos K\u00e9perny\u0151s Egyszer haszn\u00e1latos Vape"},"content":{"rendered":"<h2 data-pm-slice=\"1 1 []\">HIFANCY Luxus Doboz 18K Okos K\u00e9perny\u0151s Egyszer haszn\u00e1latos Vape<\/h2>\n<p>HIFANCY Luxus Doboz 18K Okos K\u00e9perny\u0151s Egyszer haszn\u00e1latos Vape, amelyet a magas puff rajong\u00f3knak terveztek. Ez<a href=\"https:\/\/rmvapebang.com\/hu\/product-category\/vape-18000-puffs\/\"><em><strong> 18000 puffos egyszer haszn\u00e1latos vape<\/strong> <\/em><\/a>hossz\u00fa t\u00e1v\u00fa teljes\u00edtm\u00e9nyt ny\u00fajt, 28 ml e-liquid kapacit\u00e1ssal \u00e9s n\u00e9gy f\u0171t\u00e9si m\u00f3ddal a szem\u00e9lyre szabott \u00edzintenzit\u00e1shoz.<\/p>\n<p>Egyszer haszn\u00e1latos HIFANCY vape teljes <a href=\"https:\/\/rmvapebang.com\/hu\/product-category\/smart-display\/\"><em><strong>intelligens k\u00e9perny\u0151<\/strong> <\/em><\/a>val\u00f3s idej\u0171 akkumul\u00e1tor- \u00e9s haszn\u00e1lati inform\u00e1ci\u00f3kat biztos\u00edt, m\u00edg a 650mAh \u00fajrat\u00f6lthet\u0151 akkumul\u00e1tor Type-C csatlakoz\u00f3val biztos\u00edtja a megszak\u00edt\u00e1s n\u00e9lk\u00fcli \u00e9lm\u00e9nyt.<\/p>\n<p>T\u00f6k\u00e9letes feln\u0151ttek sz\u00e1m\u00e1ra, akik pr\u00e9mium, magas puff sz\u00e1m\u00fa <a href=\"https:\/\/rmvapebang.com\/hu\/product-category\/hifancy-vapes\/\"><em><strong>egyszer haszn\u00e1latos HIFANCY vape<\/strong><\/em><\/a>, ez az eszk\u00f6z az innov\u00e1ci\u00f3t, a k\u00e9nyelmet \u00e9s a luxust egy eleg\u00e1ns kialak\u00edt\u00e1sban \u00f6tv\u00f6zi, \u00edgy a legjobb v\u00e1laszt\u00e1s eur\u00f3pai vaperek sz\u00e1m\u00e1ra.<\/p>\n<figure id=\"attachment_5663\" aria-describedby=\"caption-attachment-5663\" style=\"width: 800px\" class=\"wp-caption alignnone\"><img loading=\"lazy\" decoding=\"async\" class=\"wp-image-5663 size-full\" src=\"http:\/\/rmvapebang.com\/wp-content\/uploads\/2026\/02\/HIFANCY-Luxury-Box-Flavor-Series.webp\" alt=\"HIFANCY Luxus Doboz 18K eldobhat\u00f3 vape \u00edzgy\u0171jtem\u00e9ny\" width=\"800\" height=\"565\" srcset=\"https:\/\/rmvapebang.com\/wp-content\/uploads\/2026\/02\/HIFANCY-Luxury-Box-Flavor-Series.webp 800w, https:\/\/rmvapebang.com\/wp-content\/uploads\/2026\/02\/HIFANCY-Luxury-Box-Flavor-Series-300x212.webp 300w, https:\/\/rmvapebang.com\/wp-content\/uploads\/2026\/02\/HIFANCY-Luxury-Box-Flavor-Series-768x542.webp 768w, https:\/\/rmvapebang.com\/wp-content\/uploads\/2026\/02\/HIFANCY-Luxury-Box-Flavor-Series-18x12.webp 18w, https:\/\/rmvapebang.com\/wp-content\/uploads\/2026\/02\/HIFANCY-Luxury-Box-Flavor-Series-600x424.webp 600w\" sizes=\"auto, (max-width: 800px) 100vw, 800px\" \/><figcaption id=\"caption-attachment-5663\" class=\"wp-caption-text\">N\u00e9pszer\u0171 gy\u00fcm\u00f6lcs- \u00e9s j\u00e9g \u00edzv\u00e1laszt\u00e9kok.<\/figcaption><\/figure>\n<h2 data-start=\"815\" data-end=\"866\">\u00cdzlist\u00e1k az egyszer haszn\u00e1latos 18k Luxus Doboz Vape-hez<\/h2>\n<p>1. K\u00e9k m\u00e1lna j\u00e9g<br \/>\n2. \u0150szibarackl\u00e9<br \/>\n3. Anan\u00e1sz K\u00f3kusz J\u00e9g<br \/>\n4. Watermelon Ice<br \/>\n5. \u00c1fonya Savany\u00fa Alma J\u00e9g<br \/>\n6. Eper G\u00f6r\u00f6gdinnye<br \/>\n7. Vegyes Bogy\u00f3s Gy\u00fcm\u00f6lcs<br \/>\n8. Mamba<br \/>\n9. \u00c1fonya j\u00e9g<br \/>\n10. Eper M\u00e1lna Cseresznye<\/p>\n<h2 data-start=\"1030\" data-end=\"1085\">Kulcsfontoss\u00e1g\u00fa jellemz\u0151k az Okos K\u00e9perny\u0151s Egyszer haszn\u00e1latos Vape 18K Puff-hoz<\/h2>\n<ul>\n<li>\u26a1 18000 Puff \u2013 Hossz\u00fa t\u00e1v\u00fa vaping a kiterjedt \u00e9lvezet\u00e9rt<\/li>\n<li>\ud83d\udd0b 650mAh \u00dajrat\u00f6lthet\u0151 Akkumul\u00e1tor \u2013 Type-C gyors t\u00f6lt\u00e9s t\u00e1mogat\u00e1s<\/li>\n<li>\ud83c\udf21\ufe0f N\u00e9gy F\u0171t\u00e9si M\u00f3d \u2013 \u00cdzintenzit\u00e1s testreszab\u00e1sa<\/li>\n<li>\ud83d\udda5\ufe0f Teljes Okos K\u00e9perny\u0151 \u2013 Val\u00f3s idej\u0171 akkumul\u00e1tor- \u00e9s haszn\u00e1lat kijelz\u00e9s<\/li>\n<li>\ud83d\udca7 28ml Nagy E-Liquid Kapacit\u00e1s \u2013 Sima \u00e9s k\u00f6vetkezetes \u00edz<\/li>\n<li>\ud83d\udd04 Kett\u0151s H\u00e1l\u00f3s Tekercs Rendszer \u2013 Egyens\u00falyozott g\u0151zk\u00e9pz\u00e9s<\/li>\n<\/ul>\n<h2 data-start=\"1650\" data-end=\"1703\">Mi\u00e9rt v\u00e1lassza a HIFANCY Luxus Doboz 18000 Puffs Vape-et<\/h2>\n<ul>\n<li>Pr\u00e9mium kialak\u00edt\u00e1s \u2013 Eleg\u00e1ns \u00e9s modern megjelen\u00e9s<\/li>\n<li>Testreszabhat\u00f3 h\u0151m\u00e9rs\u00e9klet \u2013 N\u00e9gy m\u00f3d szem\u00e9lyre szabott vapinghez<\/li>\n<li>Hossz\u00fa akkumul\u00e1tor-\u00fczemid\u0151 \u2013 Megb\u00edzhat\u00f3 Type-C \u00fajrat\u00f6lthet\u0151 akkumul\u00e1tor<\/li>\n<li>Simogat\u00f3 g\u0151zkibocs\u00e1t\u00e1s \u2013 Dupla h\u00e1l\u00f3s tekercs biztos\u00edtja az \u00e1lland\u00f3 \u00edzt<\/li>\n<\/ul>\n<h2 data-start=\"1978\" data-end=\"2027\">GYIK a N\u00e9gy F\u0171t\u00e9si M\u00f3d\u00fa Egyszer haszn\u00e1latos Vape-hez<\/h2>\n<p><strong>Q1: Mennyi ideig tart az akkumul\u00e1tor a HIFANCY Luxus Doboz 18K-n\u00e1l?<\/strong><br \/>\nA1: A 650mAh \u00fajrat\u00f6lthet\u0151 akkumul\u00e1tor hosszabb haszn\u00e1latot t\u00e1mogat, \u00e9s gyorsan felt\u00f6lthet\u0151 a Type-C t\u00f6lt\u0151porton kereszt\u00fcl.<\/p>\n<p><strong>Q2: Mutat-e a okos k\u00e9perny\u0151 val\u00f3s idej\u0171 inform\u00e1ci\u00f3kat?<\/strong><br \/>\nA2: Igen. A teljes k\u00e9perny\u0151 mutatja az akkumul\u00e1tor szintj\u00e9t \u00e9s a haszn\u00e1lati \u00e1llapotot, \u00edgy k\u00f6nnyen nyomon k\u00f6vetheti vaping \u00e9lm\u00e9ny\u00e9t.<\/p>\n<p><strong>Q3: Mekkora az e-liquid kapacit\u00e1sa ennek a vape-nek?<\/strong><br \/>\nA3: Nagy, 28ml-es e-liquid kapacit\u00e1ssal rendelkezik, amely hossz\u00fa t\u00e1v\u00fa \u00edzt \u00e9s \u00e1lland\u00f3 g\u0151zk\u00e9pz\u00e9st biztos\u00edt.<\/p>\n<p><strong>Q4: Mit csin\u00e1lnak a n\u00e9gy f\u0171t\u00e9si m\u00f3d?<\/strong><br \/>\nA4: A n\u00e9gy f\u0171t\u00e9si szint lehet\u0151v\u00e9 teszi a g\u0151z intenzit\u00e1s\u00e1nak \u00e9s az \u00edz er\u0151ss\u00e9g\u00e9nek be\u00e1ll\u00edt\u00e1s\u00e1t az \u00d6n preferenci\u00e1i szerint.<\/p>\n<p><strong>Tov\u00e1bbi term\u00e9kvide\u00f3k\u00e9rt l\u00e9pj kapcsolatba Lyn-nel!<\/strong><\/p>\n<p><a href=\"https:\/\/wa.me\/8617840853976\"><span style=\"color: #ff6600\"><strong><em>Whatsapp: +86 17840853976<\/em><\/strong><\/span><\/a><\/p>\n<p><img loading=\"lazy\" decoding=\"async\" class=\"alignnone size-medium wp-image-1905\" src=\"http:\/\/rmvapebang.com\/wp-content\/uploads\/2024\/03\/whatsapp-vape-2-202x300.jpg\" alt=\"\" width=\"202\" height=\"300\" \/><\/p>\n<p>Tov\u00e1bbi term\u00e9kek, amelyek tetszhetnek:<a href=\"https:\/\/rmvapebang.com\/hu\/shop-page\/\"><strong><em>V\u00e1s\u00e1rolj most<\/em><\/strong><\/a><\/p>\n<p>Egy\u00e9b puff, ami tetszhet:<\/p>\n<p><em><a href=\"https:\/\/rmvapebang.com\/hu\/product\/fizzy-smart-150k-puffs-15-in-1-disposable-vape\/\">FIZZY Smart 150K eldobhat\u00f3 vape 15 \u00edz, n\u00e9pszer\u0171 akci\u00f3s \u00e1r<\/a><\/em><\/p>\n<p><a href=\"https:\/\/rmvapebang.com\/hu\/product\/vapme-crystal-30000-puffs-vape-bulk-sale-price-for-eu-vape-shops\/\"><em>Vapme Crystal 30K Tornado vape magas puff-elsz\u00edv\u00f3 egyszer haszn\u00e1latos eszk\u00f6z<\/em><\/a><\/p>\n<p><em><a href=\"https:\/\/rmvapebang.com\/hu\/product\/uzy-150000-puffs-disposable-vape-six-flavors-wholesale-price\/\">150K UZY 6-in-1 \u00edzekkel, forr\u00f3 akci\u00f3 az eur\u00f3pai rakt\u00e1rban<\/a><\/em><\/p>","protected":false},"excerpt":{"rendered":"<p><span style=\"color: #ff0000\"><strong>MEGJEGYZ\u00c9S<\/strong>:\u00a0<em>\u00c1rak<\/em>A weboldalon felt\u00fcntetett \u00e1rak nem tartalmazz\u00e1k a sz\u00e1ll\u00edt\u00e1si k\u00f6lts\u00e9get. K\u00e9rj\u00fck, k\u00fcldje el ir\u00e1ny\u00edt\u00f3sz\u00e1m\u00e1t \u00e9s c\u00edm\u00e9t, hogy ellen\u0151rizni tudjuk a sz\u00e1ll\u00edt\u00e1si k\u00f6lts\u00e9geket.<\/span><\/p>\n<p data-start=\"126\" data-end=\"385\">HIFANCY Luxus Doboz 18K t\u00f6k\u00e9letes eur\u00f3pai feln\u0151ttek sz\u00e1m\u00e1ra, ez a magas pufi eldobhat\u00f3 vape intelligens k\u00e9perny\u0151vel, kett\u0151s h\u00e1l\u00f3s tekercsel \u00e9s \u00fajrat\u00f6lthet\u0151 Type-C akkumul\u00e1torral rendelkezik. Ide\u00e1lis pr\u00e9mium vapinghez vagy nagykereskedelmi 18K puff ell\u00e1t\u00e1shoz, sima \u00edzt \u00e9s hossz\u00fa t\u00e1v\u00fa \u00e9lvezetet ny\u00fajt.<\/p>\n<p><a href=\"https:\/\/wa.me\/8617840853976\"><strong><em>Whatsapp: +86 17840853976<\/em><\/strong><\/a><br \/>\nSzkennelje be a WhatsApp-ot az \u00faj \u00fcgyf\u00e9lkupon\u00e9rt<\/p>\n<p><img loading=\"lazy\" decoding=\"async\" class=\"alignnone size-medium wp-image-1905\" src=\"http:\/\/rmvapebang.com\/wp-content\/uploads\/2024\/03\/whatsapp-vape-2-202x300.jpg\" alt=\"\" width=\"202\" height=\"300\" \/><\/p>","protected":false},"featured_media":5667,"comment_status":"open","ping_status":"closed","template":"","meta":{"_uag_custom_page_level_css":"","_lmt_disableupdate":"no","_lmt_disable":"","site-sidebar-layout":"no-sidebar","site-content-layout":"boxed-container","ast-site-content-layout":"normal-width-container","site-content-style":"boxed","site-sidebar-style":"boxed","ast-global-header-display":"","ast-banner-title-visibility":"","ast-main-header-display":"","ast-hfb-above-header-display":"","ast-hfb-below-header-display":"","ast-hfb-mobile-header-display":"","site-post-title":"","ast-breadcrumbs-content":"","ast-featured-img":"","footer-sml-layout":"","theme-transparent-header-meta":"default","adv-header-id-meta":"","stick-header-meta":"","header-above-stick-meta":"","header-main-stick-meta":"","header-below-stick-meta":"","astra-migrate-meta-layouts":"set","ast-page-background-enabled":"default","ast-page-background-meta":{"desktop":{"background-color":"","background-image":"","background-repeat":"repeat","background-position":"center center","background-size":"auto","background-attachment":"scroll","background-type":"","background-media":"","overlay-type":"","overlay-color":"","overlay-gradient":""},"tablet":{"background-color":"","background-image":"","background-repeat":"repeat","background-position":"center center","background-size":"auto","background-attachment":"scroll","background-type":"","background-media":"","overlay-type":"","overlay-color":"","overlay-gradient":""},"mobile":{"background-color":"","background-image":"","background-repeat":"repeat","background-position":"center center","background-size":"auto","background-attachment":"scroll","background-type":"","background-media":"","overlay-type":"","overlay-color":"","overlay-gradient":""}},"ast-content-background-meta":{"desktop":{"background-color":"var(--ast-global-color-5)","background-image":"","background-repeat":"repeat","background-position":"center center","background-size":"auto","background-attachment":"scroll","background-type":"","background-media":"","overlay-type":"","overlay-color":"","overlay-gradient":""},"tablet":{"background-color":"var(--ast-global-color-5)","background-image":"","background-repeat":"repeat","background-position":"center center","background-size":"auto","background-attachment":"scroll","background-type":"","background-media":"","overlay-type":"","overlay-color":"","overlay-gradient":""},"mobile":{"background-color":"var(--ast-global-color-5)","background-image":"","background-repeat":"repeat","background-position":"center center","background-size":"auto","background-attachment":"scroll","background-type":"","background-media":"","overlay-type":"","overlay-color":"","overlay-gradient":""}},"_joinchat":{"telephone":"+8617840853976"}},"product_brand":[],"product_cat":[15,130,39,293,41,128,42,40,78,43],"product_tag":[71,72,50,61,58,53,52],"class_list":{"0":"post-5712","1":"product","2":"type-product","3":"status-publish","4":"has-post-thumbnail","6":"product_cat-eu-warehouse","7":"product_cat-digital-vapes-in-discount-price","8":"product_cat-france-wholesale-vape","9":"product_cat-hifancy-vapes","10":"product_cat-netherlands-wholesale-vape","11":"product_cat-smart-display","12":"product_cat-spain-wholesale-vape","13":"product_cat-germany-wholesale-vape","14":"product_cat-vape-18000-puffs","15":"product_cat-vape-shop","16":"product_tag-18000-puffs","17":"product_tag-18k-puffs","18":"product_tag-bulk-price-vape-shop","19":"product_tag-good-sales-vape","20":"product_tag-moq-50pcs","21":"product_tag-rechargeable-vape","22":"product_tag-vape-wholesasle-price","23":"desktop-align-left","24":"tablet-align-left","25":"mobile-align-left","27":"first","28":"instock","29":"sale","30":"shipping-taxable","31":"purchasable","32":"product-type-simple"},"yoast_head":"<!-- This site is optimized with the Yoast SEO plugin v23.0 - https:\/\/yoast.com\/wordpress\/plugins\/seo\/ -->\n<title>HIFANCY Luxury Box 18K Smart Screen Disposable Vape - rmvapebang.com<\/title>\n<meta name=\"description\" content=\"HIFANCY Luxury Box 18K Smart Screen Disposable Vape \u2013 18000 puffs, rechargeable, dual mesh coil, 28ml e-liquid, four heating modes.\" \/>\n<meta name=\"robots\" content=\"index, follow, max-snippet:-1, max-image-preview:large, max-video-preview:-1\" \/>\n<link rel=\"canonical\" href=\"https:\/\/rmvapebang.com\/hu\/product\/hifancy-luxury-box-18k-smart-screen-disposable-vape\/\" \/>\n<meta property=\"og:locale\" content=\"hu_HU\" \/>\n<meta property=\"og:type\" content=\"article\" \/>\n<meta property=\"og:title\" content=\"HIFANCY Luxury Box 18K Smart Screen Disposable Vape - rmvapebang.com\" \/>\n<meta property=\"og:description\" content=\"HIFANCY Luxury Box 18K Smart Screen Disposable Vape \u2013 18000 puffs, rechargeable, dual mesh coil, 28ml e-liquid, four heating modes.\" \/>\n<meta property=\"og:url\" content=\"https:\/\/rmvapebang.com\/hu\/product\/hifancy-luxury-box-18k-smart-screen-disposable-vape\/\" \/>\n<meta property=\"og:site_name\" content=\"rmvapebang.com\" \/>\n<meta property=\"article:modified_time\" content=\"2026-04-06T11:38:25+00:00\" \/>\n<meta property=\"og:image\" content=\"http:\/\/rmvapebang.com\/wp-content\/uploads\/2026\/02\/HIFANCY-Luxury-Box-18K-Disposable-Vape.webp\" \/>\n\t<meta property=\"og:image:width\" content=\"800\" \/>\n\t<meta property=\"og:image:height\" content=\"800\" \/>\n\t<meta property=\"og:image:type\" content=\"image\/webp\" \/>\n<meta name=\"twitter:card\" content=\"summary_large_image\" \/>\n<meta name=\"twitter:label1\" content=\"Becs\u00fclt olvas\u00e1si id\u0151\" \/>\n\t<meta name=\"twitter:data1\" content=\"3 perc\" \/>\n<script type=\"application\/ld+json\" class=\"yoast-schema-graph\">{\"@context\":\"https:\/\/schema.org\",\"@graph\":[{\"@type\":\"WebPage\",\"@id\":\"https:\/\/rmvapebang.com\/product\/hifancy-luxury-box-18k-smart-screen-disposable-vape\/\",\"url\":\"https:\/\/rmvapebang.com\/product\/hifancy-luxury-box-18k-smart-screen-disposable-vape\/\",\"name\":\"HIFANCY Luxury Box 18K Smart Screen Disposable Vape - rmvapebang.com\",\"isPartOf\":{\"@id\":\"https:\/\/rmvapebang.com\/#website\"},\"primaryImageOfPage\":{\"@id\":\"https:\/\/rmvapebang.com\/product\/hifancy-luxury-box-18k-smart-screen-disposable-vape\/#primaryimage\"},\"image\":{\"@id\":\"https:\/\/rmvapebang.com\/product\/hifancy-luxury-box-18k-smart-screen-disposable-vape\/#primaryimage\"},\"thumbnailUrl\":\"https:\/\/rmvapebang.com\/wp-content\/uploads\/2026\/02\/HIFANCY-Luxury-Box-18K-Disposable-Vape.webp\",\"datePublished\":\"2026-02-22T13:32:11+00:00\",\"dateModified\":\"2026-04-06T11:38:25+00:00\",\"description\":\"HIFANCY Luxury Box 18K Smart Screen Disposable Vape \u2013 18000 puffs, rechargeable, dual mesh coil, 28ml e-liquid, four heating modes.\",\"breadcrumb\":{\"@id\":\"https:\/\/rmvapebang.com\/product\/hifancy-luxury-box-18k-smart-screen-disposable-vape\/#breadcrumb\"},\"inLanguage\":\"hu\",\"potentialAction\":[{\"@type\":\"ReadAction\",\"target\":[\"https:\/\/rmvapebang.com\/product\/hifancy-luxury-box-18k-smart-screen-disposable-vape\/\"]}]},{\"@type\":\"ImageObject\",\"inLanguage\":\"hu\",\"@id\":\"https:\/\/rmvapebang.com\/product\/hifancy-luxury-box-18k-smart-screen-disposable-vape\/#primaryimage\",\"url\":\"https:\/\/rmvapebang.com\/wp-content\/uploads\/2026\/02\/HIFANCY-Luxury-Box-18K-Disposable-Vape.webp\",\"contentUrl\":\"https:\/\/rmvapebang.com\/wp-content\/uploads\/2026\/02\/HIFANCY-Luxury-Box-18K-Disposable-Vape.webp\",\"width\":800,\"height\":800,\"caption\":\"18000 puffs smart screen rechargeable vape.\"},{\"@type\":\"BreadcrumbList\",\"@id\":\"https:\/\/rmvapebang.com\/product\/hifancy-luxury-box-18k-smart-screen-disposable-vape\/#breadcrumb\",\"itemListElement\":[{\"@type\":\"ListItem\",\"position\":1,\"name\":\"Home\",\"item\":\"https:\/\/rmvapebang.com\/\"},{\"@type\":\"ListItem\",\"position\":2,\"name\":\"Hot Vape Shop\",\"item\":\"https:\/\/rmvapebang.com\/shop-page\/\"},{\"@type\":\"ListItem\",\"position\":3,\"name\":\"HIFANCY Luxury Box 18K Smart Screen Disposable Vape\"}]},{\"@type\":\"WebSite\",\"@id\":\"https:\/\/rmvapebang.com\/#website\",\"url\":\"https:\/\/rmvapebang.com\/\",\"name\":\"rmvapebang.com\",\"description\":\"buy vape cheap\",\"publisher\":{\"@id\":\"https:\/\/rmvapebang.com\/#organization\"},\"potentialAction\":[{\"@type\":\"SearchAction\",\"target\":{\"@type\":\"EntryPoint\",\"urlTemplate\":\"https:\/\/rmvapebang.com\/?s={search_term_string}\"},\"query-input\":\"required name=search_term_string\"}],\"inLanguage\":\"hu\"},{\"@type\":\"Organization\",\"@id\":\"https:\/\/rmvapebang.com\/#organization\",\"name\":\"rmvapebang.com\",\"url\":\"https:\/\/rmvapebang.com\/\",\"logo\":{\"@type\":\"ImageObject\",\"inLanguage\":\"hu\",\"@id\":\"https:\/\/rmvapebang.com\/#\/schema\/logo\/image\/\",\"url\":\"https:\/\/rmvapebang.com\/wp-content\/uploads\/2024\/03\/cropped-RVBlogo.png\",\"contentUrl\":\"https:\/\/rmvapebang.com\/wp-content\/uploads\/2024\/03\/cropped-RVBlogo.png\",\"width\":507,\"height\":169,\"caption\":\"rmvapebang.com\"},\"image\":{\"@id\":\"https:\/\/rmvapebang.com\/#\/schema\/logo\/image\/\"}}]}<\/script>\n<!-- \/ Yoast SEO plugin. -->","yoast_head_json":{"title":"HIFANCY Luxury Box 18K Smart Screen Disposable Vape - rmvapebang.com","description":"HIFANCY Luxury Box 18K Smart Screen Disposable Vape \u2013 18000 puffs, rechargeable, dual mesh coil, 28ml e-liquid, four heating modes.","robots":{"index":"index","follow":"follow","max-snippet":"max-snippet:-1","max-image-preview":"max-image-preview:large","max-video-preview":"max-video-preview:-1"},"canonical":"https:\/\/rmvapebang.com\/hu\/product\/hifancy-luxury-box-18k-smart-screen-disposable-vape\/","og_locale":"hu_HU","og_type":"article","og_title":"HIFANCY Luxury Box 18K Smart Screen Disposable Vape - rmvapebang.com","og_description":"HIFANCY Luxury Box 18K Smart Screen Disposable Vape \u2013 18000 puffs, rechargeable, dual mesh coil, 28ml e-liquid, four heating modes.","og_url":"https:\/\/rmvapebang.com\/hu\/product\/hifancy-luxury-box-18k-smart-screen-disposable-vape\/","og_site_name":"rmvapebang.com","article_modified_time":"2026-04-06T11:38:25+00:00","og_image":[{"width":800,"height":800,"url":"http:\/\/rmvapebang.com\/wp-content\/uploads\/2026\/02\/HIFANCY-Luxury-Box-18K-Disposable-Vape.webp","type":"image\/webp"}],"twitter_card":"summary_large_image","twitter_misc":{"Becs\u00fclt olvas\u00e1si id\u0151":"3 perc"},"schema":{"@context":"https:\/\/schema.org","@graph":[{"@type":"WebPage","@id":"https:\/\/rmvapebang.com\/product\/hifancy-luxury-box-18k-smart-screen-disposable-vape\/","url":"https:\/\/rmvapebang.com\/product\/hifancy-luxury-box-18k-smart-screen-disposable-vape\/","name":"HIFANCY Luxury Box 18K Smart Screen Disposable Vape - rmvapebang.com","isPartOf":{"@id":"https:\/\/rmvapebang.com\/#website"},"primaryImageOfPage":{"@id":"https:\/\/rmvapebang.com\/product\/hifancy-luxury-box-18k-smart-screen-disposable-vape\/#primaryimage"},"image":{"@id":"https:\/\/rmvapebang.com\/product\/hifancy-luxury-box-18k-smart-screen-disposable-vape\/#primaryimage"},"thumbnailUrl":"https:\/\/rmvapebang.com\/wp-content\/uploads\/2026\/02\/HIFANCY-Luxury-Box-18K-Disposable-Vape.webp","datePublished":"2026-02-22T13:32:11+00:00","dateModified":"2026-04-06T11:38:25+00:00","description":"HIFANCY Luxury Box 18K Smart Screen Disposable Vape \u2013 18000 puffs, rechargeable, dual mesh coil, 28ml e-liquid, four heating modes.","breadcrumb":{"@id":"https:\/\/rmvapebang.com\/product\/hifancy-luxury-box-18k-smart-screen-disposable-vape\/#breadcrumb"},"inLanguage":"hu","potentialAction":[{"@type":"ReadAction","target":["https:\/\/rmvapebang.com\/product\/hifancy-luxury-box-18k-smart-screen-disposable-vape\/"]}]},{"@type":"ImageObject","inLanguage":"hu","@id":"https:\/\/rmvapebang.com\/product\/hifancy-luxury-box-18k-smart-screen-disposable-vape\/#primaryimage","url":"https:\/\/rmvapebang.com\/wp-content\/uploads\/2026\/02\/HIFANCY-Luxury-Box-18K-Disposable-Vape.webp","contentUrl":"https:\/\/rmvapebang.com\/wp-content\/uploads\/2026\/02\/HIFANCY-Luxury-Box-18K-Disposable-Vape.webp","width":800,"height":800,"caption":"18000 puffs smart screen rechargeable vape."},{"@type":"BreadcrumbList","@id":"https:\/\/rmvapebang.com\/product\/hifancy-luxury-box-18k-smart-screen-disposable-vape\/#breadcrumb","itemListElement":[{"@type":"ListItem","position":1,"name":"Home","item":"https:\/\/rmvapebang.com\/"},{"@type":"ListItem","position":2,"name":"Hot Vape Shop","item":"https:\/\/rmvapebang.com\/shop-page\/"},{"@type":"ListItem","position":3,"name":"HIFANCY Luxury Box 18K Smart Screen Disposable Vape"}]},{"@type":"WebSite","@id":"https:\/\/rmvapebang.com\/#website","url":"https:\/\/rmvapebang.com\/","name":"rmvapebang.com","description":"buy vape cheap","publisher":{"@id":"https:\/\/rmvapebang.com\/#organization"},"potentialAction":[{"@type":"SearchAction","target":{"@type":"EntryPoint","urlTemplate":"https:\/\/rmvapebang.com\/?s={search_term_string}"},"query-input":"required name=search_term_string"}],"inLanguage":"hu"},{"@type":"Organization","@id":"https:\/\/rmvapebang.com\/#organization","name":"rmvapebang.com","url":"https:\/\/rmvapebang.com\/","logo":{"@type":"ImageObject","inLanguage":"hu","@id":"https:\/\/rmvapebang.com\/#\/schema\/logo\/image\/","url":"https:\/\/rmvapebang.com\/wp-content\/uploads\/2024\/03\/cropped-RVBlogo.png","contentUrl":"https:\/\/rmvapebang.com\/wp-content\/uploads\/2024\/03\/cropped-RVBlogo.png","width":507,"height":169,"caption":"rmvapebang.com"},"image":{"@id":"https:\/\/rmvapebang.com\/#\/schema\/logo\/image\/"}}]}},"uagb_featured_image_src":{"full":["https:\/\/rmvapebang.com\/wp-content\/uploads\/2026\/02\/HIFANCY-Luxury-Box-18K-Disposable-Vape.webp",800,800,false],"thumbnail":["https:\/\/rmvapebang.com\/wp-content\/uploads\/2026\/02\/HIFANCY-Luxury-Box-18K-Disposable-Vape-150x150.webp",150,150,true],"medium":["https:\/\/rmvapebang.com\/wp-content\/uploads\/2026\/02\/HIFANCY-Luxury-Box-18K-Disposable-Vape-300x300.webp",300,300,true],"medium_large":["https:\/\/rmvapebang.com\/wp-content\/uploads\/2026\/02\/HIFANCY-Luxury-Box-18K-Disposable-Vape-768x768.webp",768,768,true],"large":["https:\/\/rmvapebang.com\/wp-content\/uploads\/2026\/02\/HIFANCY-Luxury-Box-18K-Disposable-Vape.webp",800,800,false],"1536x1536":["https:\/\/rmvapebang.com\/wp-content\/uploads\/2026\/02\/HIFANCY-Luxury-Box-18K-Disposable-Vape.webp",800,800,false],"2048x2048":["https:\/\/rmvapebang.com\/wp-content\/uploads\/2026\/02\/HIFANCY-Luxury-Box-18K-Disposable-Vape.webp",800,800,false],"trp-custom-language-flag":["https:\/\/rmvapebang.com\/wp-content\/uploads\/2026\/02\/HIFANCY-Luxury-Box-18K-Disposable-Vape-12x12.webp",12,12,true],"woocommerce_thumbnail":["https:\/\/rmvapebang.com\/wp-content\/uploads\/2026\/02\/HIFANCY-Luxury-Box-18K-Disposable-Vape-300x300.webp",300,300,true],"woocommerce_single":["https:\/\/rmvapebang.com\/wp-content\/uploads\/2026\/02\/HIFANCY-Luxury-Box-18K-Disposable-Vape-600x600.webp",600,600,true],"woocommerce_gallery_thumbnail":["https:\/\/rmvapebang.com\/wp-content\/uploads\/2026\/02\/HIFANCY-Luxury-Box-18K-Disposable-Vape-100x100.webp",100,100,true],"wcpr-photo-reviews":["https:\/\/rmvapebang.com\/wp-content\/uploads\/2026\/02\/HIFANCY-Luxury-Box-18K-Disposable-Vape.webp",500,500,false]},"uagb_author_info":{"display_name":"Lyn","author_link":"https:\/\/rmvapebang.com\/hu\/author\/"},"uagb_comment_info":0,"uagb_excerpt":"NOTE:\u00a0Prices on the website don\u2019t include shipping fee. Please send your zip code and address that we can check shipping costs for you. HIFANCY Luxury Box 18K perfect for European adults, this high puff disposable vape features smart screen, dual mesh coil, and rechargeable Type-C battery. Ideal for premium vaping or wholesale 18K puffs supply,&hellip;","_links":{"self":[{"href":"https:\/\/rmvapebang.com\/hu\/wp-json\/wp\/v2\/product\/5712","targetHints":{"allow":["GET"]}}],"collection":[{"href":"https:\/\/rmvapebang.com\/hu\/wp-json\/wp\/v2\/product"}],"about":[{"href":"https:\/\/rmvapebang.com\/hu\/wp-json\/wp\/v2\/types\/product"}],"replies":[{"embeddable":true,"href":"https:\/\/rmvapebang.com\/hu\/wp-json\/wp\/v2\/comments?post=5712"}],"wp:featuredmedia":[{"embeddable":true,"href":"https:\/\/rmvapebang.com\/hu\/wp-json\/wp\/v2\/media\/5667"}],"wp:attachment":[{"href":"https:\/\/rmvapebang.com\/hu\/wp-json\/wp\/v2\/media?parent=5712"}],"wp:term":[{"taxonomy":"product_brand","embeddable":true,"href":"https:\/\/rmvapebang.com\/hu\/wp-json\/wp\/v2\/product_brand?post=5712"},{"taxonomy":"product_cat","embeddable":true,"href":"https:\/\/rmvapebang.com\/hu\/wp-json\/wp\/v2\/product_cat?post=5712"},{"taxonomy":"product_tag","embeddable":true,"href":"https:\/\/rmvapebang.com\/hu\/wp-json\/wp\/v2\/product_tag?post=5712"}],"curies":[{"name":"wp","href":"https:\/\/api.w.org\/{rel}","templated":true}]}}