{"id":5578,"date":"2026-02-06T16:16:59","date_gmt":"2026-02-06T08:16:59","guid":{"rendered":"https:\/\/rmvapebang.com\/?post_type=product&#038;p=5578"},"modified":"2026-02-04T17:35:24","modified_gmt":"2026-02-04T09:35:24","slug":"airmez-160000-puffs-8-in-1-vape-bulk-supply","status":"publish","type":"product","link":"https:\/\/rmvapebang.com\/hu\/product\/airmez-160000-puffs-8-in-1-vape-bulk-supply\/","title":{"rendered":"Airmez 160000 Sz\u00edv\u00e1s 8 az 1-ben Vape Nagybani Sz\u00e1ll\u00edt\u00e1s"},"content":{"rendered":"<h2 data-start=\"499\" data-end=\"563\"><strong data-start=\"499\" data-end=\"563\">Airmez 160K Sz\u00edv\u00e1s 8 az 1-ben egyszer haszn\u00e1latos vape nagykeresked\u0151knek<\/strong><\/h2>\n<p>Airmez 160K Sz\u00edv\u00e1s 8 az 1-ben egyszer haszn\u00e1latos vape, mint n\u00e9pszer\u0171 160K egyszer haszn\u00e1latos vape Eur\u00f3p\u00e1ban, ez az okos <a href=\"https:\/\/rmvapebang.com\/hu\/product-category\/airmez-vapes\/\"><strong><em>Airmez vape<\/em><\/strong><\/a> eszk\u00f6z egy fejlett 8 az 1-ben \u00edzv\u00e1lt\u00f3 rendszert \u00f6tv\u00f6z tiszta <a href=\"https:\/\/rmvapebang.com\/hu\/product-category\/smart-display\/\"><em><strong>intelligens kijelz\u0151<\/strong><\/em><\/a> egyszer\u0171 nyomon k\u00f6vet\u00e9shez.<\/p>\n<p>Vape <strong><em>160k sz\u00edv\u00e1s egyszer haszn\u00e1latos vape<\/em><\/strong> nagy 4\u00d715ml e-liquid kapacit\u00e1ssal t\u00e1mogatja a hosszabb haszn\u00e1lati ciklusokat, m\u00edg a megb\u00edzhat\u00f3 650mAh Type-C \u00fajrat\u00f6lthet\u0151 akkumul\u00e1tor biztos\u00edtja a folyamatos teljes\u00edtm\u00e9nyt. A <a href=\"https:\/\/rmvapebang.com\/hu\/product-category\/smart-display\/\"><em><strong>okos kijelz\u0151s vape<\/strong><\/em><\/a> modern mega puff vape k\u00e9sz\u00fcl\u00e9kk\u00e9nt, ultra hossz\u00fa \u00e9lettartamot ny\u00fajt sima l\u00e9g\u00e1raml\u00e1ssal \u00e9s kiegyens\u00falyozott vaportermel\u00e9ssel feln\u0151tt felhaszn\u00e1l\u00f3k sz\u00e1m\u00e1ra.<\/p>\n<figure id=\"attachment_5572\" aria-describedby=\"caption-attachment-5572\" style=\"width: 800px\" class=\"wp-caption alignnone\"><img loading=\"lazy\" decoding=\"async\" class=\"wp-image-5572 size-full\" src=\"http:\/\/rmvapebang.com\/wp-content\/uploads\/2026\/02\/airmez-160000-puffs-rechargeable-8-in-1-flavor-switch-vape.webp\" alt=\"airmez-160000-sz\u00edv\u00e1s-\u00fajrat\u00f6lthet\u0151-8-in-1-\u00edzv\u00e1lt\u00f3-vape\" width=\"800\" height=\"800\" srcset=\"https:\/\/rmvapebang.com\/wp-content\/uploads\/2026\/02\/airmez-160000-puffs-rechargeable-8-in-1-flavor-switch-vape.webp 800w, https:\/\/rmvapebang.com\/wp-content\/uploads\/2026\/02\/airmez-160000-puffs-rechargeable-8-in-1-flavor-switch-vape-300x300.webp 300w, https:\/\/rmvapebang.com\/wp-content\/uploads\/2026\/02\/airmez-160000-puffs-rechargeable-8-in-1-flavor-switch-vape-150x150.webp 150w, https:\/\/rmvapebang.com\/wp-content\/uploads\/2026\/02\/airmez-160000-puffs-rechargeable-8-in-1-flavor-switch-vape-768x768.webp 768w, https:\/\/rmvapebang.com\/wp-content\/uploads\/2026\/02\/airmez-160000-puffs-rechargeable-8-in-1-flavor-switch-vape-12x12.webp 12w, https:\/\/rmvapebang.com\/wp-content\/uploads\/2026\/02\/airmez-160000-puffs-rechargeable-8-in-1-flavor-switch-vape-600x600.webp 600w, https:\/\/rmvapebang.com\/wp-content\/uploads\/2026\/02\/airmez-160000-puffs-rechargeable-8-in-1-flavor-switch-vape-100x100.webp 100w\" sizes=\"auto, (max-width: 800px) 100vw, 800px\" \/><figcaption id=\"caption-attachment-5572\" class=\"wp-caption-text\">airmez-160000-sz\u00edv\u00e1s-\u00fajrat\u00f6lthet\u0151-8-in-1-\u00edzv\u00e1lt\u00f3-vape<\/figcaption><\/figure>\n<h2>\u00cdzlist\u00e1k Airmez 160k sz\u00edv\u00e1s<\/h2>\n<p data-start=\"638\" data-end=\"689\">1. Bingo Crush\u2014Triple Mango\u2014Mixed Berries\u2014Watermelon Ice<br \/>\n2. Love66\u2014Strawberry Ice\u2014Blue Razz Lemonade\u2014Pineapple Ice<br \/>\n3. Watermelon Ice\u2014Love66\u2014Double Apple\u2014Mango Peach<br \/>\n4. Mixed Berris\u2014Blueberry Raspberry\u2014Watermelon Ice\u2014Cola Ice<br \/>\n5. Mango Peach\u2014Tropical Fruit\u2014Berry Lemonade\u2014Strawberry Watermelon<br \/>\n6. Cherry Ice\u2014Strawberry Dragon Fruit\u2014Triple Mango\u2014Blue Razz<br \/>\n7. Dragon Fruit Ice\u2014Bingo Crush\u2014Love66\u2014Pineapple Mango Peach<br \/>\n8. Dr Blue\u2014Cherry Berry\u2014Eper Dinnye\u2014S\u00e1rgabarack Bogy\u00f3<br \/>\n9. S\u00e1rgabarack J\u00e9g\u2014Vegyes Bogy\u00f3k\u2014Melon Passi\u00f3gy\u00fcm\u00f6lcs\u2014Triple Mang\u00f3<br \/>\n10. Mang\u00f3 J\u00e9g\u2014Sz\u00e9nsavas Cseresznye K\u00f3la\u2014Eper M\u00e1lna\u2014Vegyes Bogy\u00f3k<\/p>\n<h2 data-start=\"638\" data-end=\"689\">Az Airmez 160000 Sz\u00edv\u00e1s 8 az 1-ben Vape f\u0151 jellemz\u0151i<\/h2>\n<p>\ud83d\udca8 160000 Sz\u00edv\u00e1s \u2013 Ultra hossz\u00fa \u00e9lettartam\u00fa, magas sz\u00edv\u00e1s\u00fa eldobhat\u00f3 vape<br \/>\n\ud83d\udca7 4\u00d715ml E-liquid Kapacit\u00e1s \u2013 T\u00f6bb \u00edz kombin\u00e1ci\u00f3s kialak\u00edt\u00e1s<br \/>\n\ud83d\udd0b 650mAh Akkumul\u00e1tor \u2013 Stabil teljes\u00edtm\u00e9ny hosszabb napi haszn\u00e1lathoz<br \/>\n\ud83d\udd0c Type-C \u00dajrat\u00f6lthet\u0151 \u2013 Gyors t\u00f6lt\u00e9s megb\u00edzhat\u00f3 teljes\u00edtm\u00e9nnyel<br \/>\n\ud83d\udcca Okos Kijelz\u0151 K\u00e9perny\u0151 \u2013 Vil\u00e1gos akkumul\u00e1tor- \u00e9s haszn\u00e1lati l\u00e1that\u00f3s\u00e1g<br \/>\n\ud83e\uddea 2% \/ 5% Nikotin Opci\u00f3k \u2013 Rugalmas er\u0151ss\u00e9g v\u00e1laszt\u00e1s<br \/>\n\ud83c\udf9b 8 az 1-ben \u00cdzv\u00e1lt\u00f3 \u2013 T\u00f6bb m\u00f3d\u00fa eldobhat\u00f3 vape \u00e9lm\u00e9ny<\/p>\n<h2>Mi\u00e9rt v\u00e1lassza az Airmez 160K eldobhat\u00f3 vape-t nagy t\u00e9telben t\u00f6rt\u00e9n\u0151 sz\u00e1ll\u00edt\u00e1shoz<\/h2>\n<ul>\n<li>Kifejlesztve nagy t\u00e9tel\u0171 sz\u00e1ll\u00edt\u00e1sra, er\u0151s mega sz\u00edv\u00e1s ig\u00e9nyekhez Eur\u00f3p\u00e1ban<\/li>\n<li>Az 8 az 1-ben \u00edzv\u00e1lt\u00f3 megfelel a jelenlegi t\u00f6bb \u00edz\u0171 eldobhat\u00f3 vape trendeknek<\/li>\n<li>Az okos kijelz\u0151 kialak\u00edt\u00e1s n\u00f6veli a napi k\u00e9nyelmet \u00e9s a k\u00e9sz\u00fcl\u00e9k ir\u00e1ny\u00edt\u00e1s\u00e1t<\/li>\n<\/ul>\n<h2 data-start=\"864\" data-end=\"920\">GYIK az Airmez 160000 Sz\u00edv\u00e1s 8 az 1-ben Eldobhat\u00f3 Vape-r\u0151l<\/h2>\n<p><strong>Q1: H\u00e1ny sz\u00edv\u00e1st biztos\u00edt az Airmez 160K?<\/strong><br \/>\nA1: Egy\u00e9ni haszn\u00e1lati szok\u00e1sokt\u00f3l f\u00fcgg\u0151en ak\u00e1r 160000 sz\u00edv\u00e1st is ny\u00fajt.<\/p>\n<p><strong>Q2: Mi a teljes e-liquid kapacit\u00e1s?<\/strong><br \/>\nA2: Az Airmez 160k k\u00e9sz\u00fcl\u00e9k n\u00e9gy tart\u00e1llyal rendelkezik, mindegyik 20ml e-liquiddel.<\/p>\n<p><strong>K3: Az Airmez 160K \u00fajrat\u00f6lthet\u0151?<\/strong><br \/>\nA3: Igen, egy Type-C \u00fajrat\u00f6lthet\u0151 rendszerrel rendelkezik a hat\u00e9kony t\u00f6lt\u00e9s \u00e9rdek\u00e9ben.<\/p>\n<p><strong>K4: Van-e kijelz\u0151je?<\/strong><br \/>\nA4: Igen, az okos kijelz\u0151 egy\u00e9rtelm\u0171en mutatja az akkumul\u00e1tor \u00e1llapot\u00e1t haszn\u00e1lat k\u00f6zben.<\/p>\n<p><strong>Tov\u00e1bbi term\u00e9kvide\u00f3k\u00e9rt l\u00e9pj kapcsolatba Lyn-nel!<\/strong><\/p>\n<p><a href=\"https:\/\/wa.me\/8617840853976\"><span style=\"color: #ff6600\"><strong><em>Whatsapp: +86 17840853976<\/em><\/strong><\/span><\/a><\/p>\n<p><img loading=\"lazy\" decoding=\"async\" class=\"alignnone size-medium wp-image-1905\" src=\"http:\/\/rmvapebang.com\/wp-content\/uploads\/2024\/03\/whatsapp-vape-2-202x300.jpg\" alt=\"\" width=\"202\" height=\"300\" \/><\/p>\n<p>Tov\u00e1bbi term\u00e9kek, amelyek tetszhetnek:<a href=\"https:\/\/rmvapebang.com\/hu\/shop-page\/\"><strong><em>V\u00e1s\u00e1rolj most<\/em><\/strong><\/a><\/p>\n<p>Egy\u00e9b puff, ami tetszhet:<\/p>\n<p><a href=\"https:\/\/rmvapebang.com\/hu\/product\/al-fakher-ice-adjust-15000-puffs-disposable-vape-2026-edition\/\">AL Fakher Ice Adjust 15000 Puffs Eu forr\u00f3 elad\u00e1s shisha vape<\/a><\/p>\n<p><a href=\"https:\/\/rmvapebang.com\/hu\/product\/waspe-180000-puffs-disposable-vape-crystal\/\">180k szippant\u00e1s eldobhat\u00f3 Waspe Crystal vape t\u00f6meg\u00e1rban Eur\u00f3p\u00e1ban<\/a><\/p>\n<p><a href=\"https:\/\/rmvapebang.com\/hu\/product\/vapme-crystal-48000-puffs-long-lasting-rechargeable-disposable-vape\/\">\u00fajrat\u00f6lthet\u0151 48000 szippant\u00e1s a vapme vape-hez<\/a><\/p>","protected":false},"excerpt":{"rendered":"<p data-start=\"1244\" data-end=\"1417\"><span style=\"color: #ff0000\"><em><strong>MEGJEGYZ\u00c9S<\/strong>: A weboldalon szerepl\u0151 \u00e1rak nem tartalmazz\u00e1k a sz\u00e1ll\u00edt\u00e1si d\u00edjat. K\u00e9rj\u00fck, k\u00fcldje el ir\u00e1ny\u00edt\u00f3sz\u00e1m\u00e1t \u00e9s c\u00edm\u00e9t, hogy ellen\u0151rizhess\u00fck a sz\u00e1ll\u00edt\u00e1si k\u00f6lts\u00e9geket.<\/em><\/span><br \/>\nAirmez 160K egyszer haszn\u00e1latos vape, amely ultra hossz\u00fa \u00e9lettartamot k\u00edn\u00e1l, 8 az 1-ben \u00edzv\u00e1lt\u00f3 kialak\u00edt\u00e1ssal, okos kijelz\u0151 l\u00e1that\u00f3s\u00e1ggal \u00e9s megb\u00edzhat\u00f3 \u00fajrat\u00f6lthet\u0151 akkumul\u00e1torral, \u00edgy alkalmas eur\u00f3pai nagykereskedelmi forgalmaz\u00e1sra \u00e9s t\u00f6meges sz\u00e1ll\u00edt\u00e1si ig\u00e9nyek kiel\u00e9g\u00edt\u00e9s\u00e9re.<\/p>\n<p data-start=\"1244\" data-end=\"1417\"><a href=\"https:\/\/wa.me\/8617840853976\"><strong><em>Whatsapp: +86 17840853976<\/em><\/strong><\/a><br \/>\n<img loading=\"lazy\" decoding=\"async\" class=\"alignnone size-medium wp-image-1905\" src=\"http:\/\/rmvapebang.com\/wp-content\/uploads\/2024\/03\/whatsapp-vape-2-202x300.jpg\" alt=\"\" width=\"202\" height=\"300\" \/><br \/>\n<strong>Szkennelje be a WhatsApp-ot az \u00faj \u00fcgyf\u00e9lkupon\u00e9rt<\/strong><\/p>","protected":false},"featured_media":5570,"comment_status":"open","ping_status":"closed","template":"","meta":{"_uag_custom_page_level_css":"","_lmt_disableupdate":"no","_lmt_disable":"","site-sidebar-layout":"no-sidebar","site-content-layout":"boxed-container","ast-site-content-layout":"normal-width-container","site-content-style":"boxed","site-sidebar-style":"boxed","ast-global-header-display":"","ast-banner-title-visibility":"","ast-main-header-display":"","ast-hfb-above-header-display":"","ast-hfb-below-header-display":"","ast-hfb-mobile-header-display":"","site-post-title":"","ast-breadcrumbs-content":"","ast-featured-img":"","footer-sml-layout":"","theme-transparent-header-meta":"default","adv-header-id-meta":"","stick-header-meta":"","header-above-stick-meta":"","header-main-stick-meta":"","header-below-stick-meta":"","astra-migrate-meta-layouts":"set","ast-page-background-enabled":"default","ast-page-background-meta":{"desktop":{"background-color":"","background-image":"","background-repeat":"repeat","background-position":"center center","background-size":"auto","background-attachment":"scroll","background-type":"","background-media":"","overlay-type":"","overlay-color":"","overlay-gradient":""},"tablet":{"background-color":"","background-image":"","background-repeat":"repeat","background-position":"center center","background-size":"auto","background-attachment":"scroll","background-type":"","background-media":"","overlay-type":"","overlay-color":"","overlay-gradient":""},"mobile":{"background-color":"","background-image":"","background-repeat":"repeat","background-position":"center center","background-size":"auto","background-attachment":"scroll","background-type":"","background-media":"","overlay-type":"","overlay-color":"","overlay-gradient":""}},"ast-content-background-meta":{"desktop":{"background-color":"var(--ast-global-color-5)","background-image":"","background-repeat":"repeat","background-position":"center center","background-size":"auto","background-attachment":"scroll","background-type":"","background-media":"","overlay-type":"","overlay-color":"","overlay-gradient":""},"tablet":{"background-color":"var(--ast-global-color-5)","background-image":"","background-repeat":"repeat","background-position":"center center","background-size":"auto","background-attachment":"scroll","background-type":"","background-media":"","overlay-type":"","overlay-color":"","overlay-gradient":""},"mobile":{"background-color":"var(--ast-global-color-5)","background-image":"","background-repeat":"repeat","background-position":"center center","background-size":"auto","background-attachment":"scroll","background-type":"","background-media":"","overlay-type":"","overlay-color":"","overlay-gradient":""}},"_joinchat":[]},"product_brand":[],"product_cat":[252,130,39,41,128,42,40,289,43],"product_tag":[291,292,50,61,58,53,52],"class_list":{"0":"post-5578","1":"product","2":"type-product","3":"status-publish","4":"has-post-thumbnail","6":"product_cat-airmez-vapes","7":"product_cat-digital-vapes-in-discount-price","8":"product_cat-france-wholesale-vape","9":"product_cat-netherlands-wholesale-vape","10":"product_cat-smart-display","11":"product_cat-spain-wholesale-vape","12":"product_cat-germany-wholesale-vape","13":"product_cat-vape-160000-puffs","14":"product_cat-vape-shop","15":"product_tag-160000-puffs","16":"product_tag-160k-puff","17":"product_tag-bulk-price-vape-shop","18":"product_tag-good-sales-vape","19":"product_tag-moq-50pcs","20":"product_tag-rechargeable-vape","21":"product_tag-vape-wholesasle-price","22":"desktop-align-left","23":"tablet-align-left","24":"mobile-align-left","26":"first","27":"instock","28":"sale","29":"shipping-taxable","30":"purchasable","31":"product-type-simple"},"yoast_head":"<!-- This site is optimized with the Yoast SEO plugin v23.0 - https:\/\/yoast.com\/wordpress\/plugins\/seo\/ -->\n<title>Airmez 160000 Puffs 8 in 1 Vape Bulk Supply - rmvapebang.com<\/title>\n<meta name=\"description\" content=\"Airmez 160K puff 8 in 1 disposable vape bulk supply with smart display, multi flavor mode and Type-C rechargeable design for European wholesale buyers.\" \/>\n<meta name=\"robots\" content=\"index, follow, max-snippet:-1, max-image-preview:large, max-video-preview:-1\" \/>\n<link rel=\"canonical\" href=\"https:\/\/rmvapebang.com\/hu\/product\/airmez-160000-puffs-8-in-1-vape-bulk-supply\/\" \/>\n<meta property=\"og:locale\" content=\"hu_HU\" \/>\n<meta property=\"og:type\" content=\"article\" \/>\n<meta property=\"og:title\" content=\"Airmez 160000 Puffs 8 in 1 Vape Bulk Supply - rmvapebang.com\" \/>\n<meta property=\"og:description\" content=\"Airmez 160K puff 8 in 1 disposable vape bulk supply with smart display, multi flavor mode and Type-C rechargeable design for European wholesale buyers.\" \/>\n<meta property=\"og:url\" content=\"https:\/\/rmvapebang.com\/hu\/product\/airmez-160000-puffs-8-in-1-vape-bulk-supply\/\" \/>\n<meta property=\"og:site_name\" content=\"rmvapebang.com\" \/>\n<meta property=\"article:modified_time\" content=\"2026-02-04T09:35:24+00:00\" \/>\n<meta property=\"og:image\" content=\"https:\/\/rmvapebang.com\/wp-content\/uploads\/2026\/02\/airmez-160k-puff-8-in-1-disposable-vape-adjustable-flavors.webp\" \/>\n\t<meta property=\"og:image:width\" content=\"800\" \/>\n\t<meta property=\"og:image:height\" content=\"800\" \/>\n\t<meta property=\"og:image:type\" content=\"image\/webp\" \/>\n<meta name=\"twitter:card\" content=\"summary_large_image\" \/>\n<meta name=\"twitter:label1\" content=\"Becs\u00fclt olvas\u00e1si id\u0151\" \/>\n\t<meta name=\"twitter:data1\" content=\"3 perc\" \/>\n<script type=\"application\/ld+json\" class=\"yoast-schema-graph\">{\"@context\":\"https:\/\/schema.org\",\"@graph\":[{\"@type\":\"WebPage\",\"@id\":\"https:\/\/rmvapebang.com\/product\/airmez-160000-puffs-8-in-1-vape-bulk-supply\/\",\"url\":\"https:\/\/rmvapebang.com\/product\/airmez-160000-puffs-8-in-1-vape-bulk-supply\/\",\"name\":\"Airmez 160000 Puffs 8 in 1 Vape Bulk Supply - rmvapebang.com\",\"isPartOf\":{\"@id\":\"https:\/\/rmvapebang.com\/#website\"},\"primaryImageOfPage\":{\"@id\":\"https:\/\/rmvapebang.com\/product\/airmez-160000-puffs-8-in-1-vape-bulk-supply\/#primaryimage\"},\"image\":{\"@id\":\"https:\/\/rmvapebang.com\/product\/airmez-160000-puffs-8-in-1-vape-bulk-supply\/#primaryimage\"},\"thumbnailUrl\":\"https:\/\/rmvapebang.com\/wp-content\/uploads\/2026\/02\/airmez-160k-puff-8-in-1-disposable-vape-adjustable-flavors.webp\",\"datePublished\":\"2026-02-06T08:16:59+00:00\",\"dateModified\":\"2026-02-04T09:35:24+00:00\",\"description\":\"Airmez 160K puff 8 in 1 disposable vape bulk supply with smart display, multi flavor mode and Type-C rechargeable design for European wholesale buyers.\",\"breadcrumb\":{\"@id\":\"https:\/\/rmvapebang.com\/product\/airmez-160000-puffs-8-in-1-vape-bulk-supply\/#breadcrumb\"},\"inLanguage\":\"hu\",\"potentialAction\":[{\"@type\":\"ReadAction\",\"target\":[\"https:\/\/rmvapebang.com\/product\/airmez-160000-puffs-8-in-1-vape-bulk-supply\/\"]}]},{\"@type\":\"ImageObject\",\"inLanguage\":\"hu\",\"@id\":\"https:\/\/rmvapebang.com\/product\/airmez-160000-puffs-8-in-1-vape-bulk-supply\/#primaryimage\",\"url\":\"https:\/\/rmvapebang.com\/wp-content\/uploads\/2026\/02\/airmez-160k-puff-8-in-1-disposable-vape-adjustable-flavors.webp\",\"contentUrl\":\"https:\/\/rmvapebang.com\/wp-content\/uploads\/2026\/02\/airmez-160k-puff-8-in-1-disposable-vape-adjustable-flavors.webp\",\"width\":800,\"height\":800,\"caption\":\"airmez-160k-puff-8-in-1-disposable-vape-adjustable-flavors\"},{\"@type\":\"BreadcrumbList\",\"@id\":\"https:\/\/rmvapebang.com\/product\/airmez-160000-puffs-8-in-1-vape-bulk-supply\/#breadcrumb\",\"itemListElement\":[{\"@type\":\"ListItem\",\"position\":1,\"name\":\"Home\",\"item\":\"https:\/\/rmvapebang.com\/\"},{\"@type\":\"ListItem\",\"position\":2,\"name\":\"Hot Vape Shop\",\"item\":\"https:\/\/rmvapebang.com\/shop-page\/\"},{\"@type\":\"ListItem\",\"position\":3,\"name\":\"Airmez 160000 Puffs 8 in 1 Vape Bulk Supply\"}]},{\"@type\":\"WebSite\",\"@id\":\"https:\/\/rmvapebang.com\/#website\",\"url\":\"https:\/\/rmvapebang.com\/\",\"name\":\"rmvapebang.com\",\"description\":\"buy vape cheap\",\"publisher\":{\"@id\":\"https:\/\/rmvapebang.com\/#organization\"},\"potentialAction\":[{\"@type\":\"SearchAction\",\"target\":{\"@type\":\"EntryPoint\",\"urlTemplate\":\"https:\/\/rmvapebang.com\/?s={search_term_string}\"},\"query-input\":\"required name=search_term_string\"}],\"inLanguage\":\"hu\"},{\"@type\":\"Organization\",\"@id\":\"https:\/\/rmvapebang.com\/#organization\",\"name\":\"rmvapebang.com\",\"url\":\"https:\/\/rmvapebang.com\/\",\"logo\":{\"@type\":\"ImageObject\",\"inLanguage\":\"hu\",\"@id\":\"https:\/\/rmvapebang.com\/#\/schema\/logo\/image\/\",\"url\":\"https:\/\/rmvapebang.com\/wp-content\/uploads\/2024\/03\/cropped-RVBlogo.png\",\"contentUrl\":\"https:\/\/rmvapebang.com\/wp-content\/uploads\/2024\/03\/cropped-RVBlogo.png\",\"width\":507,\"height\":169,\"caption\":\"rmvapebang.com\"},\"image\":{\"@id\":\"https:\/\/rmvapebang.com\/#\/schema\/logo\/image\/\"}}]}<\/script>\n<!-- \/ Yoast SEO plugin. -->","yoast_head_json":{"title":"Airmez 160000 Puffs 8 in 1 Vape Bulk Supply - rmvapebang.com","description":"Airmez 160K puff 8 in 1 disposable vape bulk supply with smart display, multi flavor mode and Type-C rechargeable design for European wholesale buyers.","robots":{"index":"index","follow":"follow","max-snippet":"max-snippet:-1","max-image-preview":"max-image-preview:large","max-video-preview":"max-video-preview:-1"},"canonical":"https:\/\/rmvapebang.com\/hu\/product\/airmez-160000-puffs-8-in-1-vape-bulk-supply\/","og_locale":"hu_HU","og_type":"article","og_title":"Airmez 160000 Puffs 8 in 1 Vape Bulk Supply - rmvapebang.com","og_description":"Airmez 160K puff 8 in 1 disposable vape bulk supply with smart display, multi flavor mode and Type-C rechargeable design for European wholesale buyers.","og_url":"https:\/\/rmvapebang.com\/hu\/product\/airmez-160000-puffs-8-in-1-vape-bulk-supply\/","og_site_name":"rmvapebang.com","article_modified_time":"2026-02-04T09:35:24+00:00","og_image":[{"width":800,"height":800,"url":"https:\/\/rmvapebang.com\/wp-content\/uploads\/2026\/02\/airmez-160k-puff-8-in-1-disposable-vape-adjustable-flavors.webp","type":"image\/webp"}],"twitter_card":"summary_large_image","twitter_misc":{"Becs\u00fclt olvas\u00e1si id\u0151":"3 perc"},"schema":{"@context":"https:\/\/schema.org","@graph":[{"@type":"WebPage","@id":"https:\/\/rmvapebang.com\/product\/airmez-160000-puffs-8-in-1-vape-bulk-supply\/","url":"https:\/\/rmvapebang.com\/product\/airmez-160000-puffs-8-in-1-vape-bulk-supply\/","name":"Airmez 160000 Puffs 8 in 1 Vape Bulk Supply - rmvapebang.com","isPartOf":{"@id":"https:\/\/rmvapebang.com\/#website"},"primaryImageOfPage":{"@id":"https:\/\/rmvapebang.com\/product\/airmez-160000-puffs-8-in-1-vape-bulk-supply\/#primaryimage"},"image":{"@id":"https:\/\/rmvapebang.com\/product\/airmez-160000-puffs-8-in-1-vape-bulk-supply\/#primaryimage"},"thumbnailUrl":"https:\/\/rmvapebang.com\/wp-content\/uploads\/2026\/02\/airmez-160k-puff-8-in-1-disposable-vape-adjustable-flavors.webp","datePublished":"2026-02-06T08:16:59+00:00","dateModified":"2026-02-04T09:35:24+00:00","description":"Airmez 160K puff 8 in 1 disposable vape bulk supply with smart display, multi flavor mode and Type-C rechargeable design for European wholesale buyers.","breadcrumb":{"@id":"https:\/\/rmvapebang.com\/product\/airmez-160000-puffs-8-in-1-vape-bulk-supply\/#breadcrumb"},"inLanguage":"hu","potentialAction":[{"@type":"ReadAction","target":["https:\/\/rmvapebang.com\/product\/airmez-160000-puffs-8-in-1-vape-bulk-supply\/"]}]},{"@type":"ImageObject","inLanguage":"hu","@id":"https:\/\/rmvapebang.com\/product\/airmez-160000-puffs-8-in-1-vape-bulk-supply\/#primaryimage","url":"https:\/\/rmvapebang.com\/wp-content\/uploads\/2026\/02\/airmez-160k-puff-8-in-1-disposable-vape-adjustable-flavors.webp","contentUrl":"https:\/\/rmvapebang.com\/wp-content\/uploads\/2026\/02\/airmez-160k-puff-8-in-1-disposable-vape-adjustable-flavors.webp","width":800,"height":800,"caption":"airmez-160k-puff-8-in-1-disposable-vape-adjustable-flavors"},{"@type":"BreadcrumbList","@id":"https:\/\/rmvapebang.com\/product\/airmez-160000-puffs-8-in-1-vape-bulk-supply\/#breadcrumb","itemListElement":[{"@type":"ListItem","position":1,"name":"Home","item":"https:\/\/rmvapebang.com\/"},{"@type":"ListItem","position":2,"name":"Hot Vape Shop","item":"https:\/\/rmvapebang.com\/shop-page\/"},{"@type":"ListItem","position":3,"name":"Airmez 160000 Puffs 8 in 1 Vape Bulk Supply"}]},{"@type":"WebSite","@id":"https:\/\/rmvapebang.com\/#website","url":"https:\/\/rmvapebang.com\/","name":"rmvapebang.com","description":"buy vape cheap","publisher":{"@id":"https:\/\/rmvapebang.com\/#organization"},"potentialAction":[{"@type":"SearchAction","target":{"@type":"EntryPoint","urlTemplate":"https:\/\/rmvapebang.com\/?s={search_term_string}"},"query-input":"required name=search_term_string"}],"inLanguage":"hu"},{"@type":"Organization","@id":"https:\/\/rmvapebang.com\/#organization","name":"rmvapebang.com","url":"https:\/\/rmvapebang.com\/","logo":{"@type":"ImageObject","inLanguage":"hu","@id":"https:\/\/rmvapebang.com\/#\/schema\/logo\/image\/","url":"https:\/\/rmvapebang.com\/wp-content\/uploads\/2024\/03\/cropped-RVBlogo.png","contentUrl":"https:\/\/rmvapebang.com\/wp-content\/uploads\/2024\/03\/cropped-RVBlogo.png","width":507,"height":169,"caption":"rmvapebang.com"},"image":{"@id":"https:\/\/rmvapebang.com\/#\/schema\/logo\/image\/"}}]}},"uagb_featured_image_src":{"full":["https:\/\/rmvapebang.com\/wp-content\/uploads\/2026\/02\/airmez-160k-puff-8-in-1-disposable-vape-adjustable-flavors.webp",800,800,false],"thumbnail":["https:\/\/rmvapebang.com\/wp-content\/uploads\/2026\/02\/airmez-160k-puff-8-in-1-disposable-vape-adjustable-flavors-150x150.webp",150,150,true],"medium":["https:\/\/rmvapebang.com\/wp-content\/uploads\/2026\/02\/airmez-160k-puff-8-in-1-disposable-vape-adjustable-flavors-300x300.webp",300,300,true],"medium_large":["https:\/\/rmvapebang.com\/wp-content\/uploads\/2026\/02\/airmez-160k-puff-8-in-1-disposable-vape-adjustable-flavors-768x768.webp",768,768,true],"large":["https:\/\/rmvapebang.com\/wp-content\/uploads\/2026\/02\/airmez-160k-puff-8-in-1-disposable-vape-adjustable-flavors.webp",800,800,false],"1536x1536":["https:\/\/rmvapebang.com\/wp-content\/uploads\/2026\/02\/airmez-160k-puff-8-in-1-disposable-vape-adjustable-flavors.webp",800,800,false],"2048x2048":["https:\/\/rmvapebang.com\/wp-content\/uploads\/2026\/02\/airmez-160k-puff-8-in-1-disposable-vape-adjustable-flavors.webp",800,800,false],"trp-custom-language-flag":["https:\/\/rmvapebang.com\/wp-content\/uploads\/2026\/02\/airmez-160k-puff-8-in-1-disposable-vape-adjustable-flavors-12x12.webp",12,12,true],"woocommerce_thumbnail":["https:\/\/rmvapebang.com\/wp-content\/uploads\/2026\/02\/airmez-160k-puff-8-in-1-disposable-vape-adjustable-flavors-300x300.webp",300,300,true],"woocommerce_single":["https:\/\/rmvapebang.com\/wp-content\/uploads\/2026\/02\/airmez-160k-puff-8-in-1-disposable-vape-adjustable-flavors-600x600.webp",600,600,true],"woocommerce_gallery_thumbnail":["https:\/\/rmvapebang.com\/wp-content\/uploads\/2026\/02\/airmez-160k-puff-8-in-1-disposable-vape-adjustable-flavors-100x100.webp",100,100,true],"wcpr-photo-reviews":["https:\/\/rmvapebang.com\/wp-content\/uploads\/2026\/02\/airmez-160k-puff-8-in-1-disposable-vape-adjustable-flavors.webp",500,500,false]},"uagb_author_info":{"display_name":"Lyn","author_link":"https:\/\/rmvapebang.com\/hu\/author\/"},"uagb_comment_info":0,"uagb_excerpt":"NOTE: Prices on the website don\u2019t include shipping fee. Please send your zip code and address that we can check shipping costs for you. Airmez 160K disposable vape offers ultra long lasting performance with an 8 in 1 flavor switch design, smart display visibility and reliable rechargeable power, making it suitable for European wholesale distribution&hellip;","_links":{"self":[{"href":"https:\/\/rmvapebang.com\/hu\/wp-json\/wp\/v2\/product\/5578","targetHints":{"allow":["GET"]}}],"collection":[{"href":"https:\/\/rmvapebang.com\/hu\/wp-json\/wp\/v2\/product"}],"about":[{"href":"https:\/\/rmvapebang.com\/hu\/wp-json\/wp\/v2\/types\/product"}],"replies":[{"embeddable":true,"href":"https:\/\/rmvapebang.com\/hu\/wp-json\/wp\/v2\/comments?post=5578"}],"wp:featuredmedia":[{"embeddable":true,"href":"https:\/\/rmvapebang.com\/hu\/wp-json\/wp\/v2\/media\/5570"}],"wp:attachment":[{"href":"https:\/\/rmvapebang.com\/hu\/wp-json\/wp\/v2\/media?parent=5578"}],"wp:term":[{"taxonomy":"product_brand","embeddable":true,"href":"https:\/\/rmvapebang.com\/hu\/wp-json\/wp\/v2\/product_brand?post=5578"},{"taxonomy":"product_cat","embeddable":true,"href":"https:\/\/rmvapebang.com\/hu\/wp-json\/wp\/v2\/product_cat?post=5578"},{"taxonomy":"product_tag","embeddable":true,"href":"https:\/\/rmvapebang.com\/hu\/wp-json\/wp\/v2\/product_tag?post=5578"}],"curies":[{"name":"wp","href":"https:\/\/api.w.org\/{rel}","templated":true}]}}