{"id":5476,"date":"2026-01-13T16:06:29","date_gmt":"2026-01-13T08:06:29","guid":{"rendered":"https:\/\/rmvapebang.com\/?post_type=product&#038;p=5476"},"modified":"2026-01-13T17:24:20","modified_gmt":"2026-01-13T09:24:20","slug":"airmez-matrix-30000-puffs-disposable-vape-with-led-display-touch-screen","status":"publish","type":"product","link":"https:\/\/rmvapebang.com\/hu\/product\/airmez-matrix-30000-puffs-disposable-vape-with-led-display-touch-screen\/","title":{"rendered":"Airmez Matrix 30000 Szippant\u00e1s Eldobhat\u00f3 Vape LED Kijelz\u0151 \u00c9rint\u0151k\u00e9perny\u0151vel"},"content":{"rendered":"<h2 style=\"text-align: left\">Airmez Matrix 30000 Szippant\u00e1s Eldobhat\u00f3 Vape LED Kijelz\u0151 \u00c9rint\u0151k\u00e9perny\u0151vel<\/h2>\n<p>Airmez Matrix 30000 Sz\u00edv\u00e1s Eldobhat\u00f3 Vape LED kijelz\u0151 \u00e9rint\u0151k\u00e9perny\u0151vel, amely ak\u00e1r 30000 sz\u00edv\u00e1st biztos\u00edt, <a href=\"https:\/\/rmvapebang.com\/hu\/product-category\/vape-30000-puffs\/\"><em><strong>eldobhat\u00f3 30k vape<\/strong> <\/em><\/a>cs\u00f6kkenti a cser\u00e9k gyakoris\u00e1g\u00e1t, \u00e9s mind napi haszn\u00e1latra, mind kiskereskedelmi \u00e9rt\u00e9kes\u00edt\u00e9sre alkalmas.<\/p>\n<p>digit\u00e1lis <a href=\"https:\/\/rmvapebang.com\/hu\/product-category\/vape-30000-puffs\/\"><em><strong>30000 puff eldobhat\u00f3 vape<\/strong><\/em><\/a> \u00fajrat\u00f6lthet\u0151, tartalmaz egy \u00e9rz\u00e9keny TFT \u00e9rint\u0151k\u00e9perny\u0151t \u00e9s egy vil\u00e1gos <a href=\"https:\/\/rmvapebang.com\/hu\/product-category\/smart-display\/\"><em><strong>LED kijelz\u0151<\/strong><\/em><\/a> amely val\u00f3s id\u0151ben mutatja az akkumul\u00e1tor \u00e9s az e-liquid szinteket. Emellett egy 800mAh-s Type-C \u00fajrat\u00f6lthet\u0151 akkumul\u00e1torral m\u0171k\u00f6dik, <a href=\"https:\/\/rmvapebang.com\/hu\/product-category\/airmez-vapes\/\"><em><strong>Airmez vape<\/strong><\/em><\/a> 30k stabil kimenetet \u00e9s k\u00f6nny\u0171 teljes\u00edtm\u00e9ny\u00e1ll\u00edt\u00e1st k\u00edn\u00e1l egyszer\u0171 h\u00e1romnyom\u00e1sos vez\u00e9rl\u00e9ssel.<\/p>\n<p>15 \u00edzben \u00e9s 2% vagy 5% nikotinszinteken el\u00e9rhet\u0151, a <strong><em><a href=\"https:\/\/rmvapebang.com\/hu\/product-category\/airmez-vapes\/\">Airmez Matrix eldobhat\u00f3 vape<\/a><\/em><\/strong> egyens\u00falyt teremt a hossz\u00fa t\u00e1v\u00fa teljes\u00edtm\u00e9ny, a felhaszn\u00e1l\u00f3i kontroll \u00e9s a modern diz\u00e1jn k\u00f6z\u00f6tt.<\/p>\n<figure id=\"attachment_5470\" aria-describedby=\"caption-attachment-5470\" style=\"width: 800px\" class=\"wp-caption alignnone\"><img loading=\"lazy\" decoding=\"async\" class=\"wp-image-5470 size-full\" src=\"http:\/\/rmvapebang.com\/wp-content\/uploads\/2026\/01\/airmez-matrix-30k-disposable-vape-multiple-colors.webp\" alt=\"airmez-matrix-30k-eldobhat\u00f3-vape-t\u00f6bb sz\u00ednben\" width=\"800\" height=\"562\" srcset=\"https:\/\/rmvapebang.com\/wp-content\/uploads\/2026\/01\/airmez-matrix-30k-disposable-vape-multiple-colors.webp 800w, https:\/\/rmvapebang.com\/wp-content\/uploads\/2026\/01\/airmez-matrix-30k-disposable-vape-multiple-colors-300x211.webp 300w, https:\/\/rmvapebang.com\/wp-content\/uploads\/2026\/01\/airmez-matrix-30k-disposable-vape-multiple-colors-768x540.webp 768w, https:\/\/rmvapebang.com\/wp-content\/uploads\/2026\/01\/airmez-matrix-30k-disposable-vape-multiple-colors-18x12.webp 18w, https:\/\/rmvapebang.com\/wp-content\/uploads\/2026\/01\/airmez-matrix-30k-disposable-vape-multiple-colors-600x422.webp 600w\" sizes=\"auto, (max-width: 800px) 100vw, 800px\" \/><figcaption id=\"caption-attachment-5470\" class=\"wp-caption-text\">airmez-matrix-30k-eldobhat\u00f3-vape-t\u00f6bb sz\u00ednben<\/figcaption><\/figure>\n<h2>Airmez 30k eldobhat\u00f3 vape funkci\u00f3<\/h2>\n<p>\ud83d\udd0b Ak\u00e1r 30 000 sz\u00edv\u00e1s\u2014Nagy kapacit\u00e1s\u00fa eldobhat\u00f3 vape, hossz\u00fa t\u00e1v\u00fa haszn\u00e1latra tervezve.<br \/>\n\ud83d\udda5\ufe0f TFT \u00c9rint\u0151k\u00e9perny\u0151 fel\u00fclet\u2014Egyszer\u0171 vez\u00e9rl\u00e9s egy \u00e9rz\u00e9keny \u00e9rint\u0151k\u00e9perny\u0151vel.<br \/>\n\ud83d\udcca LED Akkumul\u00e1tor \u00e9s E-Liquid kijelz\u0151\u2014\u00c1tl\u00e1that\u00f3 l\u00e1that\u00f3s\u00e1g a h\u00e1tral\u00e9v\u0151 energi\u00e1r\u00f3l \u00e9s folyad\u00e9kszintekr\u0151l.<br \/>\n\u2699\ufe0f \u00c1ll\u00edthat\u00f3 Teljes\u00edtm\u00e9ny\u2014Kapcsolja \u00e1t a teljes\u00edtm\u00e9ny m\u00f3dokat h\u00e1romszori megnyom\u00e1ssal.<br \/>\n\ud83d\udd0c 800mAh \u00fajrat\u00f6lthet\u0151 akkumul\u00e1tor\u2014Stabil teljes\u00edtm\u00e9ny Type-C gyorst\u00f6lt\u00e9s t\u00e1mogat\u00e1s\u00e1val.<br \/>\n\ud83d\udca8 2% \/ 5% Nikotinv\u00e1laszt\u00e9k\u2014Alkalmas k\u00fcl\u00f6nb\u00f6z\u0151 feln\u0151tt felhaszn\u00e1l\u00f3i preferenci\u00e1khoz.<br \/>\n\ud83c\udf53 15 \u00cdzv\u00e1laszt\u00e9k\u2014Sz\u00e9les \u00edzv\u00e1laszt\u00e9k szem\u00e9lyes haszn\u00e1latra vagy kiskereskedelmi \u00e9rt\u00e9kes\u00edt\u00e9shez.<\/p>\n<h2><strong>Airmez matrix 30000 sz\u00edv\u00e1s \u00edzlista<\/strong><\/h2>\n<p>1. G\u00f6r\u00f6gdinnye j\u00e9g<br \/>\n2. \u00c1fonya J\u00e9gen<br \/>\n3. \u00c1fonya M\u00e1lna<br \/>\n4. Eper J\u00e9g<br \/>\n5. Sz\u0151l\u0151 J\u00e9g<br \/>\n6. Vegyes Bogy\u00f3<br \/>\n7. S\u00e1rk\u00e1nygy\u00fcm\u00f6lcs<br \/>\n8. Eper kivi<br \/>\n9. Kivi Passion Gy\u00fcm\u00f6lcs Guava<br \/>\n10. K\u00e9k Savany\u00fa M\u00e1lna<br \/>\n11. Cseresznye K\u00f3la<br \/>\n12. Citrom \u00e9s Lime<\/p>\n<h2>Airmez 30k sz\u00edv\u00e1s eldobhat\u00f3 vape GYIK<\/h2>\n<p><strong>Q1: H\u00e1ny sz\u00edv\u00e1st biztos\u00edt az Airmez Matrix?<\/strong><br \/>\nA1: Az Airmez Matrix ak\u00e1r 30000 sz\u00edv\u00e1st is k\u00edn\u00e1l, a haszn\u00e1lati szok\u00e1sokt\u00f3l f\u00fcgg\u0151en.<\/p>\n<p><strong>Q2: Az Airmez Matrix \u00fajrat\u00f6lthet\u0151?<\/strong><br \/>\nA2: Igen, egy 800mAh-s akkumul\u00e1torral rendelkezik, Type-C t\u00f6lt\u00e9ssel.<\/p>\n<p><strong>Q3: \u00c1ll\u00edthat\u00f3 a teljes\u00edtm\u00e9ny a digit\u00e1lis vape eset\u00e9ben?<\/strong><br \/>\nA3: Igen, a felhaszn\u00e1l\u00f3k h\u00e1romszori megnyom\u00e1ssal \u00e1ll\u00edthatj\u00e1k a teljes\u00edtm\u00e9ny kimenet\u00e9t.<\/p>\n<p><strong>Q4: Milyen nikotinszintek \u00e9rhet\u0151k el az egyszer haszn\u00e1latos airmez vape-hez?<\/strong><br \/>\nA4: A k\u00e9sz\u00fcl\u00e9k 2% \u00e9s 5% nikotinszintekkel \u00e9rhet\u0151 el.<\/p>\n<p><strong>Tov\u00e1bbi term\u00e9kvide\u00f3k\u00e9rt l\u00e9pj kapcsolatba Lyn-nel!<\/strong><\/p>\n<p><a href=\"https:\/\/wa.me\/8617840853976\"><span style=\"color: #ff6600\"><strong><em>Whatsapp: +86 17840853976<\/em><\/strong><\/span><\/a><\/p>\n<p><img loading=\"lazy\" decoding=\"async\" class=\"alignnone size-medium wp-image-1905\" src=\"http:\/\/rmvapebang.com\/wp-content\/uploads\/2024\/03\/whatsapp-vape-2-202x300.jpg\" alt=\"\" width=\"202\" height=\"300\" \/><\/p>\n<p>Tov\u00e1bbi term\u00e9kek, amelyek tetszhetnek:<a href=\"https:\/\/rmvapebang.com\/hu\/shop-page\/\"><strong><em>V\u00e1s\u00e1rolj most<\/em><\/strong><\/a><\/p>\n<p>Egy\u00e9b puff, ami tetszhet:<\/p>\n<p><a href=\"https:\/\/rmvapebang.com\/hu\/product\/okso-switch-kit-30k-50k-puffs-dual-model-disposable-vape-with-led-display\/\">okso 30\/50k sz\u00edv\u00e1s\u00fa egyszer haszn\u00e1latos kapcsol\u00f3 k\u00e9szlet vape<\/a><\/p>\n<p><a href=\"https:\/\/rmvapebang.com\/hu\/product\/uwin-digital-68000-puffs-disposable-vape-with-smart-screen-type-c-rechargeable\/\">Egyszer haszn\u00e1latos 68000 sz\u00edv\u00e1s\u00fa vape Uwin forr\u00f3 elad\u00e1si \u00e1r<\/a><\/p>\n<p><a href=\"https:\/\/rmvapebang.com\/hu\/product\/runchunfu-200k-puffs-vape-triple-flavor-2026-top-sale\/\">Egyszer haszn\u00e1latos RUNCHUNFU 200000 sz\u00edv\u00e1s\u00fa 3 az 1-ben vape forr\u00f3 elad\u00e1s<\/a><\/p>","protected":false},"excerpt":{"rendered":"<p data-start=\"1244\" data-end=\"1417\"><span style=\"color: #ff0000\"><em><strong>MEGJEGYZ\u00c9S<\/strong>: A weboldalon szerepl\u0151 \u00e1rak nem tartalmazz\u00e1k a sz\u00e1ll\u00edt\u00e1si d\u00edjat. K\u00e9rj\u00fck, k\u00fcldje el ir\u00e1ny\u00edt\u00f3sz\u00e1m\u00e1t \u00e9s c\u00edm\u00e9t, hogy ellen\u0151rizhess\u00fck a sz\u00e1ll\u00edt\u00e1si k\u00f6lts\u00e9geket.<\/em><\/span><br \/>\n<strong data-start=\"3225\" data-end=\"3270\">Airmez Matrix 30000 Sz\u00edv\u00e1s Eldobhat\u00f3 Vape<\/strong> egy <strong data-start=\"3282\" data-end=\"3302\">TFT \u00e9rint\u0151k\u00e9perny\u0151t<\/strong>, LED akkumul\u00e1tor \u00e9s e-liquid kijelz\u0151, \u00e1ll\u00edthat\u00f3 teljes\u00edtm\u00e9ny, \u00e9s <strong data-start=\"3360\" data-end=\"3398\">Type-C \u00fajrat\u00f6lthet\u0151 800mAh-s akkumul\u00e1tor<\/strong>. Vel <strong data-start=\"3405\" data-end=\"3419\">15 \u00edz<\/strong> \u00e9s <strong data-start=\"3424\" data-end=\"3445\">2% vagy 5% nikotinnal<\/strong>, hossz\u00fa t\u00e1v\u00fa \u00e9s megb\u00edzhat\u00f3 teljes\u00edtm\u00e9nyt ny\u00fajt.<\/p>\n<p data-start=\"1244\" data-end=\"1417\"><a href=\"https:\/\/wa.me\/8617840853976\"><strong><em>Whatsapp: +86 17840853976<\/em><\/strong><\/a><br \/>\n<img loading=\"lazy\" decoding=\"async\" class=\"alignnone size-medium wp-image-1905\" src=\"http:\/\/rmvapebang.com\/wp-content\/uploads\/2024\/03\/whatsapp-vape-2-202x300.jpg\" alt=\"\" width=\"202\" height=\"300\" \/><br \/>\n<strong>Szkennelje be a WhatsApp-ot az \u00faj \u00fcgyf\u00e9lkupon\u00e9rt<\/strong><\/p>","protected":false},"featured_media":5473,"comment_status":"open","ping_status":"closed","template":"","meta":{"_uag_custom_page_level_css":"","_lmt_disableupdate":"no","_lmt_disable":"","site-sidebar-layout":"no-sidebar","site-content-layout":"boxed-container","ast-site-content-layout":"normal-width-container","site-content-style":"boxed","site-sidebar-style":"boxed","ast-global-header-display":"","ast-banner-title-visibility":"","ast-main-header-display":"","ast-hfb-above-header-display":"","ast-hfb-below-header-display":"","ast-hfb-mobile-header-display":"","site-post-title":"","ast-breadcrumbs-content":"","ast-featured-img":"","footer-sml-layout":"","theme-transparent-header-meta":"default","adv-header-id-meta":"","stick-header-meta":"","header-above-stick-meta":"","header-main-stick-meta":"","header-below-stick-meta":"","astra-migrate-meta-layouts":"set","ast-page-background-enabled":"default","ast-page-background-meta":{"desktop":{"background-color":"","background-image":"","background-repeat":"repeat","background-position":"center center","background-size":"auto","background-attachment":"scroll","background-type":"","background-media":"","overlay-type":"","overlay-color":"","overlay-gradient":""},"tablet":{"background-color":"","background-image":"","background-repeat":"repeat","background-position":"center center","background-size":"auto","background-attachment":"scroll","background-type":"","background-media":"","overlay-type":"","overlay-color":"","overlay-gradient":""},"mobile":{"background-color":"","background-image":"","background-repeat":"repeat","background-position":"center center","background-size":"auto","background-attachment":"scroll","background-type":"","background-media":"","overlay-type":"","overlay-color":"","overlay-gradient":""}},"ast-content-background-meta":{"desktop":{"background-color":"var(--ast-global-color-5)","background-image":"","background-repeat":"repeat","background-position":"center center","background-size":"auto","background-attachment":"scroll","background-type":"","background-media":"","overlay-type":"","overlay-color":"","overlay-gradient":""},"tablet":{"background-color":"var(--ast-global-color-5)","background-image":"","background-repeat":"repeat","background-position":"center center","background-size":"auto","background-attachment":"scroll","background-type":"","background-media":"","overlay-type":"","overlay-color":"","overlay-gradient":""},"mobile":{"background-color":"var(--ast-global-color-5)","background-image":"","background-repeat":"repeat","background-position":"center center","background-size":"auto","background-attachment":"scroll","background-type":"","background-media":"","overlay-type":"","overlay-color":"","overlay-gradient":""}},"_joinchat":[]},"product_brand":[],"product_cat":[252,130,39,41,128,42,40,101,43],"product_tag":[102,103,50,61,58,53,52],"class_list":{"0":"post-5476","1":"product","2":"type-product","3":"status-publish","4":"has-post-thumbnail","6":"product_cat-airmez-vapes","7":"product_cat-digital-vapes-in-discount-price","8":"product_cat-france-wholesale-vape","9":"product_cat-netherlands-wholesale-vape","10":"product_cat-smart-display","11":"product_cat-spain-wholesale-vape","12":"product_cat-germany-wholesale-vape","13":"product_cat-vape-30000-puffs","14":"product_cat-vape-shop","15":"product_tag-30000-puffs","16":"product_tag-30k-puffs","17":"product_tag-bulk-price-vape-shop","18":"product_tag-good-sales-vape","19":"product_tag-moq-50pcs","20":"product_tag-rechargeable-vape","21":"product_tag-vape-wholesasle-price","22":"desktop-align-left","23":"tablet-align-left","24":"mobile-align-left","26":"first","27":"instock","28":"sale","29":"shipping-taxable","30":"purchasable","31":"product-type-simple"},"yoast_head":"<!-- This site is optimized with the Yoast SEO plugin v23.0 - https:\/\/yoast.com\/wordpress\/plugins\/seo\/ -->\n<title>Airmez Matrix 30000 Puffs Disposable Vape with LED Display Touch Screen - rmvapebang.com<\/title>\n<meta name=\"description\" content=\"Airmez Matrix 30000 Puffs disposable vape with LED display, touch screen control, Type-C rechargeable battery, 2% or 5% nicotine, and 15 flavors.\" \/>\n<meta name=\"robots\" content=\"index, follow, max-snippet:-1, max-image-preview:large, max-video-preview:-1\" \/>\n<link rel=\"canonical\" href=\"https:\/\/rmvapebang.com\/hu\/product\/airmez-matrix-30000-puffs-disposable-vape-with-led-display-touch-screen\/\" \/>\n<meta property=\"og:locale\" content=\"hu_HU\" \/>\n<meta property=\"og:type\" content=\"article\" \/>\n<meta property=\"og:title\" content=\"Airmez Matrix 30000 Puffs Disposable Vape with LED Display Touch Screen - rmvapebang.com\" \/>\n<meta property=\"og:description\" content=\"Airmez Matrix 30000 Puffs disposable vape with LED display, touch screen control, Type-C rechargeable battery, 2% or 5% nicotine, and 15 flavors.\" \/>\n<meta property=\"og:url\" content=\"https:\/\/rmvapebang.com\/hu\/product\/airmez-matrix-30000-puffs-disposable-vape-with-led-display-touch-screen\/\" \/>\n<meta property=\"og:site_name\" content=\"rmvapebang.com\" \/>\n<meta property=\"article:modified_time\" content=\"2026-01-13T09:24:20+00:00\" \/>\n<meta property=\"og:image\" content=\"http:\/\/rmvapebang.com\/wp-content\/uploads\/2026\/01\/airmez-matrix-30000-puffs-disposable-vape.webp\" \/>\n\t<meta property=\"og:image:width\" content=\"800\" \/>\n\t<meta property=\"og:image:height\" content=\"800\" \/>\n\t<meta property=\"og:image:type\" content=\"image\/webp\" \/>\n<meta name=\"twitter:card\" content=\"summary_large_image\" \/>\n<meta name=\"twitter:label1\" content=\"Becs\u00fclt olvas\u00e1si id\u0151\" \/>\n\t<meta name=\"twitter:data1\" content=\"3 perc\" \/>\n<script type=\"application\/ld+json\" class=\"yoast-schema-graph\">{\"@context\":\"https:\/\/schema.org\",\"@graph\":[{\"@type\":\"WebPage\",\"@id\":\"https:\/\/rmvapebang.com\/product\/airmez-matrix-30000-puffs-disposable-vape-with-led-display-touch-screen\/\",\"url\":\"https:\/\/rmvapebang.com\/product\/airmez-matrix-30000-puffs-disposable-vape-with-led-display-touch-screen\/\",\"name\":\"Airmez Matrix 30000 Puffs Disposable Vape with LED Display Touch Screen - rmvapebang.com\",\"isPartOf\":{\"@id\":\"https:\/\/rmvapebang.com\/#website\"},\"primaryImageOfPage\":{\"@id\":\"https:\/\/rmvapebang.com\/product\/airmez-matrix-30000-puffs-disposable-vape-with-led-display-touch-screen\/#primaryimage\"},\"image\":{\"@id\":\"https:\/\/rmvapebang.com\/product\/airmez-matrix-30000-puffs-disposable-vape-with-led-display-touch-screen\/#primaryimage\"},\"thumbnailUrl\":\"https:\/\/rmvapebang.com\/wp-content\/uploads\/2026\/01\/airmez-matrix-30000-puffs-disposable-vape.webp\",\"datePublished\":\"2026-01-13T08:06:29+00:00\",\"dateModified\":\"2026-01-13T09:24:20+00:00\",\"description\":\"Airmez Matrix 30000 Puffs disposable vape with LED display, touch screen control, Type-C rechargeable battery, 2% or 5% nicotine, and 15 flavors.\",\"breadcrumb\":{\"@id\":\"https:\/\/rmvapebang.com\/product\/airmez-matrix-30000-puffs-disposable-vape-with-led-display-touch-screen\/#breadcrumb\"},\"inLanguage\":\"hu\",\"potentialAction\":[{\"@type\":\"ReadAction\",\"target\":[\"https:\/\/rmvapebang.com\/product\/airmez-matrix-30000-puffs-disposable-vape-with-led-display-touch-screen\/\"]}]},{\"@type\":\"ImageObject\",\"inLanguage\":\"hu\",\"@id\":\"https:\/\/rmvapebang.com\/product\/airmez-matrix-30000-puffs-disposable-vape-with-led-display-touch-screen\/#primaryimage\",\"url\":\"https:\/\/rmvapebang.com\/wp-content\/uploads\/2026\/01\/airmez-matrix-30000-puffs-disposable-vape.webp\",\"contentUrl\":\"https:\/\/rmvapebang.com\/wp-content\/uploads\/2026\/01\/airmez-matrix-30000-puffs-disposable-vape.webp\",\"width\":800,\"height\":800,\"caption\":\"airmez-matrix-30000-puffs-disposable-vape\"},{\"@type\":\"BreadcrumbList\",\"@id\":\"https:\/\/rmvapebang.com\/product\/airmez-matrix-30000-puffs-disposable-vape-with-led-display-touch-screen\/#breadcrumb\",\"itemListElement\":[{\"@type\":\"ListItem\",\"position\":1,\"name\":\"Home\",\"item\":\"https:\/\/rmvapebang.com\/\"},{\"@type\":\"ListItem\",\"position\":2,\"name\":\"Hot Vape Shop\",\"item\":\"https:\/\/rmvapebang.com\/shop-page\/\"},{\"@type\":\"ListItem\",\"position\":3,\"name\":\"Airmez Matrix 30000 Puffs Disposable Vape with LED Display Touch Screen\"}]},{\"@type\":\"WebSite\",\"@id\":\"https:\/\/rmvapebang.com\/#website\",\"url\":\"https:\/\/rmvapebang.com\/\",\"name\":\"rmvapebang.com\",\"description\":\"buy vape cheap\",\"publisher\":{\"@id\":\"https:\/\/rmvapebang.com\/#organization\"},\"potentialAction\":[{\"@type\":\"SearchAction\",\"target\":{\"@type\":\"EntryPoint\",\"urlTemplate\":\"https:\/\/rmvapebang.com\/?s={search_term_string}\"},\"query-input\":\"required name=search_term_string\"}],\"inLanguage\":\"hu\"},{\"@type\":\"Organization\",\"@id\":\"https:\/\/rmvapebang.com\/#organization\",\"name\":\"rmvapebang.com\",\"url\":\"https:\/\/rmvapebang.com\/\",\"logo\":{\"@type\":\"ImageObject\",\"inLanguage\":\"hu\",\"@id\":\"https:\/\/rmvapebang.com\/#\/schema\/logo\/image\/\",\"url\":\"https:\/\/rmvapebang.com\/wp-content\/uploads\/2024\/03\/cropped-RVBlogo.png\",\"contentUrl\":\"https:\/\/rmvapebang.com\/wp-content\/uploads\/2024\/03\/cropped-RVBlogo.png\",\"width\":507,\"height\":169,\"caption\":\"rmvapebang.com\"},\"image\":{\"@id\":\"https:\/\/rmvapebang.com\/#\/schema\/logo\/image\/\"}}]}<\/script>\n<!-- \/ Yoast SEO plugin. -->","yoast_head_json":{"title":"Airmez Matrix 30000 Puffs Disposable Vape with LED Display Touch Screen - rmvapebang.com","description":"Airmez Matrix 30000 Puffs disposable vape with LED display, touch screen control, Type-C rechargeable battery, 2% or 5% nicotine, and 15 flavors.","robots":{"index":"index","follow":"follow","max-snippet":"max-snippet:-1","max-image-preview":"max-image-preview:large","max-video-preview":"max-video-preview:-1"},"canonical":"https:\/\/rmvapebang.com\/hu\/product\/airmez-matrix-30000-puffs-disposable-vape-with-led-display-touch-screen\/","og_locale":"hu_HU","og_type":"article","og_title":"Airmez Matrix 30000 Puffs Disposable Vape with LED Display Touch Screen - rmvapebang.com","og_description":"Airmez Matrix 30000 Puffs disposable vape with LED display, touch screen control, Type-C rechargeable battery, 2% or 5% nicotine, and 15 flavors.","og_url":"https:\/\/rmvapebang.com\/hu\/product\/airmez-matrix-30000-puffs-disposable-vape-with-led-display-touch-screen\/","og_site_name":"rmvapebang.com","article_modified_time":"2026-01-13T09:24:20+00:00","og_image":[{"width":800,"height":800,"url":"http:\/\/rmvapebang.com\/wp-content\/uploads\/2026\/01\/airmez-matrix-30000-puffs-disposable-vape.webp","type":"image\/webp"}],"twitter_card":"summary_large_image","twitter_misc":{"Becs\u00fclt olvas\u00e1si id\u0151":"3 perc"},"schema":{"@context":"https:\/\/schema.org","@graph":[{"@type":"WebPage","@id":"https:\/\/rmvapebang.com\/product\/airmez-matrix-30000-puffs-disposable-vape-with-led-display-touch-screen\/","url":"https:\/\/rmvapebang.com\/product\/airmez-matrix-30000-puffs-disposable-vape-with-led-display-touch-screen\/","name":"Airmez Matrix 30000 Puffs Disposable Vape with LED Display Touch Screen - rmvapebang.com","isPartOf":{"@id":"https:\/\/rmvapebang.com\/#website"},"primaryImageOfPage":{"@id":"https:\/\/rmvapebang.com\/product\/airmez-matrix-30000-puffs-disposable-vape-with-led-display-touch-screen\/#primaryimage"},"image":{"@id":"https:\/\/rmvapebang.com\/product\/airmez-matrix-30000-puffs-disposable-vape-with-led-display-touch-screen\/#primaryimage"},"thumbnailUrl":"https:\/\/rmvapebang.com\/wp-content\/uploads\/2026\/01\/airmez-matrix-30000-puffs-disposable-vape.webp","datePublished":"2026-01-13T08:06:29+00:00","dateModified":"2026-01-13T09:24:20+00:00","description":"Airmez Matrix 30000 Puffs disposable vape with LED display, touch screen control, Type-C rechargeable battery, 2% or 5% nicotine, and 15 flavors.","breadcrumb":{"@id":"https:\/\/rmvapebang.com\/product\/airmez-matrix-30000-puffs-disposable-vape-with-led-display-touch-screen\/#breadcrumb"},"inLanguage":"hu","potentialAction":[{"@type":"ReadAction","target":["https:\/\/rmvapebang.com\/product\/airmez-matrix-30000-puffs-disposable-vape-with-led-display-touch-screen\/"]}]},{"@type":"ImageObject","inLanguage":"hu","@id":"https:\/\/rmvapebang.com\/product\/airmez-matrix-30000-puffs-disposable-vape-with-led-display-touch-screen\/#primaryimage","url":"https:\/\/rmvapebang.com\/wp-content\/uploads\/2026\/01\/airmez-matrix-30000-puffs-disposable-vape.webp","contentUrl":"https:\/\/rmvapebang.com\/wp-content\/uploads\/2026\/01\/airmez-matrix-30000-puffs-disposable-vape.webp","width":800,"height":800,"caption":"airmez-matrix-30000-puffs-disposable-vape"},{"@type":"BreadcrumbList","@id":"https:\/\/rmvapebang.com\/product\/airmez-matrix-30000-puffs-disposable-vape-with-led-display-touch-screen\/#breadcrumb","itemListElement":[{"@type":"ListItem","position":1,"name":"Home","item":"https:\/\/rmvapebang.com\/"},{"@type":"ListItem","position":2,"name":"Hot Vape Shop","item":"https:\/\/rmvapebang.com\/shop-page\/"},{"@type":"ListItem","position":3,"name":"Airmez Matrix 30000 Puffs Disposable Vape with LED Display Touch Screen"}]},{"@type":"WebSite","@id":"https:\/\/rmvapebang.com\/#website","url":"https:\/\/rmvapebang.com\/","name":"rmvapebang.com","description":"buy vape cheap","publisher":{"@id":"https:\/\/rmvapebang.com\/#organization"},"potentialAction":[{"@type":"SearchAction","target":{"@type":"EntryPoint","urlTemplate":"https:\/\/rmvapebang.com\/?s={search_term_string}"},"query-input":"required name=search_term_string"}],"inLanguage":"hu"},{"@type":"Organization","@id":"https:\/\/rmvapebang.com\/#organization","name":"rmvapebang.com","url":"https:\/\/rmvapebang.com\/","logo":{"@type":"ImageObject","inLanguage":"hu","@id":"https:\/\/rmvapebang.com\/#\/schema\/logo\/image\/","url":"https:\/\/rmvapebang.com\/wp-content\/uploads\/2024\/03\/cropped-RVBlogo.png","contentUrl":"https:\/\/rmvapebang.com\/wp-content\/uploads\/2024\/03\/cropped-RVBlogo.png","width":507,"height":169,"caption":"rmvapebang.com"},"image":{"@id":"https:\/\/rmvapebang.com\/#\/schema\/logo\/image\/"}}]}},"uagb_featured_image_src":{"full":["https:\/\/rmvapebang.com\/wp-content\/uploads\/2026\/01\/airmez-matrix-30000-puffs-disposable-vape.webp",800,800,false],"thumbnail":["https:\/\/rmvapebang.com\/wp-content\/uploads\/2026\/01\/airmez-matrix-30000-puffs-disposable-vape-150x150.webp",150,150,true],"medium":["https:\/\/rmvapebang.com\/wp-content\/uploads\/2026\/01\/airmez-matrix-30000-puffs-disposable-vape-300x300.webp",300,300,true],"medium_large":["https:\/\/rmvapebang.com\/wp-content\/uploads\/2026\/01\/airmez-matrix-30000-puffs-disposable-vape-768x768.webp",768,768,true],"large":["https:\/\/rmvapebang.com\/wp-content\/uploads\/2026\/01\/airmez-matrix-30000-puffs-disposable-vape.webp",800,800,false],"1536x1536":["https:\/\/rmvapebang.com\/wp-content\/uploads\/2026\/01\/airmez-matrix-30000-puffs-disposable-vape.webp",800,800,false],"2048x2048":["https:\/\/rmvapebang.com\/wp-content\/uploads\/2026\/01\/airmez-matrix-30000-puffs-disposable-vape.webp",800,800,false],"trp-custom-language-flag":["https:\/\/rmvapebang.com\/wp-content\/uploads\/2026\/01\/airmez-matrix-30000-puffs-disposable-vape-12x12.webp",12,12,true],"woocommerce_thumbnail":["https:\/\/rmvapebang.com\/wp-content\/uploads\/2026\/01\/airmez-matrix-30000-puffs-disposable-vape-300x300.webp",300,300,true],"woocommerce_single":["https:\/\/rmvapebang.com\/wp-content\/uploads\/2026\/01\/airmez-matrix-30000-puffs-disposable-vape-600x600.webp",600,600,true],"woocommerce_gallery_thumbnail":["https:\/\/rmvapebang.com\/wp-content\/uploads\/2026\/01\/airmez-matrix-30000-puffs-disposable-vape-100x100.webp",100,100,true],"wcpr-photo-reviews":["https:\/\/rmvapebang.com\/wp-content\/uploads\/2026\/01\/airmez-matrix-30000-puffs-disposable-vape.webp",500,500,false]},"uagb_author_info":{"display_name":"Lyn","author_link":"https:\/\/rmvapebang.com\/hu\/author\/"},"uagb_comment_info":0,"uagb_excerpt":"NOTE: Prices on the website don\u2019t include shipping fee. Please send your zip code and address that we can check shipping costs for you. Airmez Matrix 30000 Puffs Disposable Vape features a TFT touch screen, LED battery and e-liquid display, adjustable power, and Type-C rechargeable 800mAh battery. With 15 flavors and 2% or 5% nicotine,&hellip;","_links":{"self":[{"href":"https:\/\/rmvapebang.com\/hu\/wp-json\/wp\/v2\/product\/5476","targetHints":{"allow":["GET"]}}],"collection":[{"href":"https:\/\/rmvapebang.com\/hu\/wp-json\/wp\/v2\/product"}],"about":[{"href":"https:\/\/rmvapebang.com\/hu\/wp-json\/wp\/v2\/types\/product"}],"replies":[{"embeddable":true,"href":"https:\/\/rmvapebang.com\/hu\/wp-json\/wp\/v2\/comments?post=5476"}],"wp:featuredmedia":[{"embeddable":true,"href":"https:\/\/rmvapebang.com\/hu\/wp-json\/wp\/v2\/media\/5473"}],"wp:attachment":[{"href":"https:\/\/rmvapebang.com\/hu\/wp-json\/wp\/v2\/media?parent=5476"}],"wp:term":[{"taxonomy":"product_brand","embeddable":true,"href":"https:\/\/rmvapebang.com\/hu\/wp-json\/wp\/v2\/product_brand?post=5476"},{"taxonomy":"product_cat","embeddable":true,"href":"https:\/\/rmvapebang.com\/hu\/wp-json\/wp\/v2\/product_cat?post=5476"},{"taxonomy":"product_tag","embeddable":true,"href":"https:\/\/rmvapebang.com\/hu\/wp-json\/wp\/v2\/product_tag?post=5476"}],"curies":[{"name":"wp","href":"https:\/\/api.w.org\/{rel}","templated":true}]}}