{"id":4345,"date":"2025-06-08T15:23:11","date_gmt":"2025-06-08T07:23:11","guid":{"rendered":"https:\/\/rmvapebang.com\/?post_type=product&#038;p=4345"},"modified":"2025-09-03T14:33:06","modified_gmt":"2025-09-03T06:33:06","slug":"buy-disposable-vape-in-bulk-bang-blaze-shisha-40k-puffs-direct-from-manufacturer","status":"publish","type":"product","link":"https:\/\/rmvapebang.com\/hu\/product\/buy-disposable-vape-in-bulk-bang-blaze-shisha-40k-puffs-direct-from-manufacturer\/","title":{"rendered":"V\u00e1s\u00e1roljon eldobhat\u00f3 vape-et \u00f6mlesztve Bang Blaze shisha 40k puffs K\u00f6zvetlen\u00fcl a gy\u00e1rt\u00f3t\u00f3l"},"content":{"rendered":"<h2 style=\"text-align: left\">V\u00e1s\u00e1roljon eldobhat\u00f3 vape-et \u00f6mlesztve Bang Blaze shisha 40k puffs K\u00f6zvetlen\u00fcl a gy\u00e1rt\u00f3t\u00f3l<\/h2>\n<p>V\u00e1s\u00e1roljon eldobhat\u00f3 vape-et \u00f6mlesztve <strong><a href=\"https:\/\/rmvapebang.com\/hu\/product-category\/disposable-bang-blaze-vape\/\">Bang Blaze<\/a><\/strong> A shisha 40k puffs Direct from Manufacturer egy forradalmian \u00fajrat\u00f6lthet\u0151, v\u00edzipipa st\u00edlus\u00fa eldobhat\u00f3 vape, amelyet hosszan tart\u00f3 haszn\u00e1latra \u00e9s maxim\u00e1lis \u00edz\u00e9lm\u00e9nyre terveztek.<\/p>\n<p><a href=\"https:\/\/rmvapebang.com\/hu\/product-category\/vape-40000-puffs\/\"><strong>40000 eldobhat\u00f3 vape szippant\u00e1s<\/strong><\/a> A Bang Blaze er\u0151teljes, 1000 mAh-s akkumul\u00e1torral \u00e9s 40 ml e-liquid kapacit\u00e1ssal van felszerelve, t\u00e1mogatja a ciklikus ut\u00e1nt\u00f6lt\u00e9st, ami k\u00f6lts\u00e9ghat\u00e9kony v\u00e1laszt\u00e1ss\u00e1 teszi a vaperek sz\u00e1m\u00e1ra. 12 v\u00edzipipa-ihlette \u00edzben \u00e9s 2%\/5% nikotintartalommal kaphat\u00f3, a shisha 40k eldobhat\u00f3 vape a st\u00edlust, a teljes\u00edtm\u00e9nyt \u00e9s az \u00e9rt\u00e9ket \u00f6tv\u00f6zi.<\/p>\n<p>A k\u00f6zvetlen\u00fcl a gy\u00e1rt\u00f3t\u00f3l sz\u00e1rmaz\u00f3 \u00e1raz\u00e1s biztos\u00edtja, hogy a viszontelad\u00f3k a legjobb aj\u00e1nlatot kapj\u00e1k a t\u00f6meges megrendel\u00e9sekre, t\u00f6k\u00e9letes kiskereskedelmi \u00fczletek, lounge-ok \u00e9s shisha rajong\u00f3k sz\u00e1m\u00e1ra egyar\u00e1nt.<\/p>\n<p><img loading=\"lazy\" decoding=\"async\" class=\"alignnone wp-image-4328\" src=\"http:\/\/rmvapebang.com\/wp-content\/uploads\/2025\/06\/Bang-Blaze-disposable-vape-40k-puffs-Top-Sale.webp\" alt=\"Bang Blaze eldobhat\u00f3 vape 40k puffs Top Sale\" width=\"750\" height=\"750\" srcset=\"https:\/\/rmvapebang.com\/wp-content\/uploads\/2025\/06\/Bang-Blaze-disposable-vape-40k-puffs-Top-Sale.webp 800w, https:\/\/rmvapebang.com\/wp-content\/uploads\/2025\/06\/Bang-Blaze-disposable-vape-40k-puffs-Top-Sale-300x300.webp 300w, https:\/\/rmvapebang.com\/wp-content\/uploads\/2025\/06\/Bang-Blaze-disposable-vape-40k-puffs-Top-Sale-150x150.webp 150w, https:\/\/rmvapebang.com\/wp-content\/uploads\/2025\/06\/Bang-Blaze-disposable-vape-40k-puffs-Top-Sale-768x768.webp 768w, https:\/\/rmvapebang.com\/wp-content\/uploads\/2025\/06\/Bang-Blaze-disposable-vape-40k-puffs-Top-Sale-600x600.webp 600w, https:\/\/rmvapebang.com\/wp-content\/uploads\/2025\/06\/Bang-Blaze-disposable-vape-40k-puffs-Top-Sale-100x100.webp 100w\" sizes=\"auto, (max-width: 750px) 100vw, 750px\" \/><\/p>\n<h3><strong>Milyen \u00edzekben kaphat\u00f3 a Bang BLAZE shisha 40K vape?<\/strong><\/h3>\n<p>1. G\u00f6r\u00f6gdinnye<br \/>\n2. G\u00f6r\u00f6gdinnye Eper<br \/>\n3. Pina Colada<br \/>\n4. Eper J\u00e9g<br \/>\n5. Red Bull<br \/>\n6. \u0150szibarack J\u00e9g<br \/>\n7. \u00c1fonya J\u00e9g<br \/>\n8. \u00c1fonya M\u00e1lna<br \/>\n9. Cseresznyevir\u00e1g Sz\u0151l\u0151<br \/>\n10. Dupla Alma<br \/>\n11. Vegyes Gy\u00fcm\u00f6lcs<br \/>\n12. Mang\u00f3 \u0150szibarack<\/p>\n<h2>Specifik\u00e1ci\u00f3k vape-hez <strong>Bang blaze tornado vape 40000 <\/strong>Sz\u00edv\u00e1s:<\/h2>\n<p>\u2013 <em><strong><span style=\"color: #ff0000\">40 ezer<\/span><\/strong><\/em> Slukk<br \/>\n\u2013<em><strong><span style=\"color: #ff0000\"> 12<\/span> <\/strong><\/em>\u00cdzek<br \/>\n\u2013 <em><strong><span style=\"color: #ff0000\">2%\/5%<\/span> <\/strong><\/em>Nikotin<br \/>\n\u2013 <em><strong><span style=\"color: #ff0000\">40 ml<\/span><\/strong><\/em> E-liquid kapacit\u00e1s<br \/>\n\u2013 Akkumul\u00e1tor kapacit\u00e1s <em><strong><span style=\"color: #ff0000\">1000 mAh<\/span><\/strong><\/em><\/p>\n<h3>GYIK:<\/h3>\n<p>K\u00e9rd\u00e9s: Mi a minim\u00e1lis rendel\u00e9si mennyis\u00e9g a Bang Blaze eldobhat\u00f3 40k \u00fajrat\u00f6lthet\u0151 Vape-hoz?<\/p>\n<p>V: A BANG blaze vape shisha 40k puffs minim\u00e1lis rendel\u00e9si mennyis\u00e9ge (MOQ) 50 db.<\/p>\n<p>K: Mennyi a sz\u00e1ll\u00edt\u00e1si id\u0151 az \u00e1ltalam rendelt \u00fajrat\u00f6lthet\u0151 Vape-hez?<\/p>\n<p>V: Az \u00fajrat\u00f6lthet\u0151 Vape sz\u00e1ll\u00edt\u00e1si ideje \u00e1ltal\u00e1ban 10-15 nap a kisz\u00e1ll\u00edt\u00e1st k\u00f6vet\u0151en.<\/p>\n<p>K: Mennyibe ker\u00fcl a sz\u00e1ll\u00edt\u00e1si k\u00f6lts\u00e9g a 40000 Puffs v\u00edzipipa vape-hez?<\/p>\n<p>V: A sz\u00e1ll\u00edt\u00e1si k\u00f6lts\u00e9g a rendel\u00e9s s\u00faly\u00e1t\u00f3l f\u00fcgg. K\u00fcl\u00f6nb\u00f6z\u0151 mennyis\u00e9gek elt\u00e9r\u0151 sz\u00e1ll\u00edt\u00e1si k\u00f6lts\u00e9gekkel j\u00e1rhatnak. K\u00e9rj\u00fck, l\u00e9pjen kapcsolatba vel\u00fcnk a konkr\u00e9t rendel\u00e9s\u00e9nek sz\u00e1ll\u00edt\u00e1si k\u00f6lts\u00e9g\u00e9nek meger\u0151s\u00edt\u00e9se \u00e9rdek\u00e9ben.<\/p>\n<p>K: A bang blaze eldobhat\u00f3 40000 Vape \u00f6mlesztett \u00e9rt\u00e9kes\u00edt\u00e9se sz\u00e1ll\u00edthat\u00f3 Magyarorsz\u00e1gra?<\/p>\n<p>V: Igen, a bang blaze tornado v\u00edzipipa 40000 Vape-et a legt\u00f6bb eur\u00f3pai orsz\u00e1gba sz\u00e1ll\u00edtjuk, bele\u00e9rtve t\u00f6bbek k\u00f6z\u00f6tt Hollandi\u00e1t, N\u00e9metorsz\u00e1got, Franciaorsz\u00e1got, Spanyolorsz\u00e1got, Olaszorsz\u00e1got, Belgiumot, Luxemburgot, Ausztri\u00e1t, Csehorsz\u00e1got, Szlov\u00e1ki\u00e1t, Magyarorsz\u00e1got, Szlov\u00e9ni\u00e1t, Rom\u00e1ni\u00e1t, Bulg\u00e1ri\u00e1t, G\u00f6r\u00f6gorsz\u00e1got, Lengyelorsz\u00e1got, Sv\u00e9dorsz\u00e1got, \u00cdrorsz\u00e1got, Portug\u00e1li\u00e1t, Finnorsz\u00e1got, \u00c9sztorsz\u00e1got, Lettorsz\u00e1got \u00e9s Litv\u00e1ni\u00e1t. Ha b\u00e1rmilyen konkr\u00e9t k\u00e9rd\u00e9se van a sz\u00e1ll\u00edt\u00e1sr\u00f3l, forduljon hozz\u00e1nk bizalommal.<\/p>\n<p><strong>Tov\u00e1bbi term\u00e9kvide\u00f3k\u00e9rt l\u00e9pj kapcsolatba Lyn-nel!<\/strong><\/p>\n<p><a href=\"https:\/\/wa.me\/8617840853976\"><span style=\"color: #ff6600\"><strong><em>Whatsapp: +86 17840853976<\/em><\/strong><\/span><\/a><\/p>\n<p><img loading=\"lazy\" decoding=\"async\" class=\"alignnone size-medium wp-image-1905\" src=\"http:\/\/rmvapebang.com\/wp-content\/uploads\/2024\/03\/whatsapp-vape-2-202x300.jpg\" alt=\"\" width=\"202\" height=\"300\" \/><\/p>\n<p>Tov\u00e1bbi term\u00e9kek, amelyek tetszhetnek:<a href=\"https:\/\/rmvapebang.com\/hu\/shop-page\/\"><strong><em>V\u00e1s\u00e1rolj most<\/em><\/strong><\/a><\/p>\n<p>Egy\u00e9b puff, ami tetszhet: <a href=\"https:\/\/rmvapebang.com\/hu\/product\/waspe-crystal-40000-puffs-disposabl-vape-good-price-bulk-sale\/\">waspe 40k kett\u0151s \u00edzek<\/a>\/<a href=\"https:\/\/rmvapebang.com\/hu\/product\/uwin-tornado-music-35k-bulk-price-discount-sale-rgb-lights-vape\/\">Uwin torn\u00e1d\u00f3 35k sz\u00edv\u00e1s<\/a>\/<a href=\"https:\/\/rmvapebang.com\/hu\/product\/uwin-twins-crystal-40k-disposable-vape-top-sale\/\">Uwin ikrek krist\u00e1ly 40k<\/a>\/<a href=\"https:\/\/rmvapebang.com\/hu\/product\/bangking-triple-75k-vapen-wholesale-price-bulk-sale-vape\/\">bangking triple 75k vape<\/a>\/<a href=\"https:\/\/rmvapebang.com\/hu\/product\/wholesale-price-stagbar-triple-60k-puffs-must-have-vape\/\">stagbar triple 60k vape<\/a><\/p>","protected":false},"excerpt":{"rendered":"<p><span style=\"color: #ff0000\"><strong>MEGJEGYZ\u00c9S\uff1a<\/strong><em>A weboldalon felt\u00fcntetett \u00e1rak nem tartalmazz\u00e1k a sz\u00e1ll\u00edt\u00e1si d\u00edjat. K\u00e9rj\u00fck, k\u00fcldje el ir\u00e1ny\u00edt\u00f3sz\u00e1m\u00e1t \u00e9s c\u00edm\u00e9t, hogy ellen\u0151rizni tudjuk a sz\u00e1ll\u00edt\u00e1si k\u00f6lts\u00e9geket.<\/em><\/span><\/p>\n<p>Haszn\u00e1ld ki az \u00fajrat\u00f6lthet\u0151 k\u00e9nyelem \u00e9s a hosszan tart\u00f3 teljes\u00edtm\u00e9ny el\u0151nyeit \u2013 rendelj most k\u00f6zvetlen\u00fcl a gy\u00e1rb\u00f3l a legjobb \u00e1ron, \u00e9s biztos\u00edtsd a v\u00edzipip\u00e1s vape k\u00e9szletedet a legjobb nagykereskedelmi \u00e1ron.<\/p>\n<p><a href=\"https:\/\/wa.me\/8617840853976\"><strong><em>Whatsapp: +86 17840853976<\/em><\/strong><\/a><\/p>\n<p>Szkennelje be a WhatsApp-ot az \u00faj \u00fcgyf\u00e9lkupon\u00e9rt<\/p>\n<p><img loading=\"lazy\" decoding=\"async\" class=\"alignnone size-medium wp-image-1905\" src=\"http:\/\/rmvapebang.com\/wp-content\/uploads\/2024\/03\/whatsapp-vape-2-202x300.jpg\" alt=\"\" width=\"202\" height=\"300\" \/><\/p>","protected":false},"featured_media":4329,"comment_status":"open","ping_status":"closed","template":"","meta":{"_uag_custom_page_level_css":"","_lmt_disableupdate":"no","_lmt_disable":"","site-sidebar-layout":"no-sidebar","site-content-layout":"boxed-container","ast-site-content-layout":"normal-width-container","site-content-style":"boxed","site-sidebar-style":"boxed","ast-global-header-display":"","ast-banner-title-visibility":"","ast-main-header-display":"","ast-hfb-above-header-display":"","ast-hfb-below-header-display":"","ast-hfb-mobile-header-display":"","site-post-title":"","ast-breadcrumbs-content":"","ast-featured-img":"","footer-sml-layout":"","theme-transparent-header-meta":"default","adv-header-id-meta":"","stick-header-meta":"","header-above-stick-meta":"","header-main-stick-meta":"","header-below-stick-meta":"","astra-migrate-meta-layouts":"set","ast-page-background-enabled":"default","ast-page-background-meta":{"desktop":{"background-color":"","background-image":"","background-repeat":"repeat","background-position":"center center","background-size":"auto","background-attachment":"scroll","background-type":"","background-media":"","overlay-type":"","overlay-color":"","overlay-gradient":""},"tablet":{"background-color":"","background-image":"","background-repeat":"repeat","background-position":"center center","background-size":"auto","background-attachment":"scroll","background-type":"","background-media":"","overlay-type":"","overlay-color":"","overlay-gradient":""},"mobile":{"background-color":"","background-image":"","background-repeat":"repeat","background-position":"center center","background-size":"auto","background-attachment":"scroll","background-type":"","background-media":"","overlay-type":"","overlay-color":"","overlay-gradient":""}},"ast-content-background-meta":{"desktop":{"background-color":"var(--ast-global-color-5)","background-image":"","background-repeat":"repeat","background-position":"center center","background-size":"auto","background-attachment":"scroll","background-type":"","background-media":"","overlay-type":"","overlay-color":"","overlay-gradient":""},"tablet":{"background-color":"var(--ast-global-color-5)","background-image":"","background-repeat":"repeat","background-position":"center center","background-size":"auto","background-attachment":"scroll","background-type":"","background-media":"","overlay-type":"","overlay-color":"","overlay-gradient":""},"mobile":{"background-color":"var(--ast-global-color-5)","background-image":"","background-repeat":"repeat","background-position":"center center","background-size":"auto","background-attachment":"scroll","background-type":"","background-media":"","overlay-type":"","overlay-color":"","overlay-gradient":""}},"_joinchat":[]},"product_brand":[],"product_cat":[193,39,41,42,40,131,129,136,43],"product_tag":[137,138,50,61,98,53,52],"class_list":{"0":"post-4345","1":"product","2":"type-product","3":"status-publish","4":"has-post-thumbnail","6":"product_cat-disposable-bang-blaze-vape","7":"product_cat-france-wholesale-vape","8":"product_cat-netherlands-wholesale-vape","9":"product_cat-spain-wholesale-vape","10":"product_cat-germany-wholesale-vape","11":"product_cat-tornado-vape-wholesale-price-hot-sale","12":"product_cat-tornado-vapes","13":"product_cat-vape-40000-puffs","14":"product_cat-vape-shop","15":"product_tag-40000-puffs","16":"product_tag-40k-puffs","17":"product_tag-bulk-price-vape-shop","18":"product_tag-good-sales-vape","19":"product_tag-moq-is-50pcs","20":"product_tag-rechargeable-vape","21":"product_tag-vape-wholesasle-price","22":"desktop-align-left","23":"tablet-align-left","24":"mobile-align-left","26":"first","27":"instock","28":"sale","29":"shipping-taxable","30":"purchasable","31":"product-type-simple"},"yoast_head":"<!-- This site is optimized with the Yoast SEO plugin v23.0 - https:\/\/yoast.com\/wordpress\/plugins\/seo\/ -->\n<title>Buy Disposable Vape in Bulk Bang Blaze shisha 40k puffs Direct from Manufacturer - rmvapebang.com<\/title>\n<meta name=\"description\" content=\"Bang Blaze shisha 40k puffs refillable vape with 40ml e-liquid and 1000mAh battery. 12 flavours, ideal for bulk buyers and resellers in Europe.\" \/>\n<meta name=\"robots\" content=\"index, follow, max-snippet:-1, max-image-preview:large, max-video-preview:-1\" \/>\n<link rel=\"canonical\" href=\"https:\/\/rmvapebang.com\/hu\/product\/buy-disposable-vape-in-bulk-bang-blaze-shisha-40k-puffs-direct-from-manufacturer\/\" \/>\n<meta property=\"og:locale\" content=\"hu_HU\" \/>\n<meta property=\"og:type\" content=\"article\" \/>\n<meta property=\"og:title\" content=\"Buy Disposable Vape in Bulk Bang Blaze shisha 40k puffs Direct from Manufacturer - rmvapebang.com\" \/>\n<meta property=\"og:description\" content=\"Bang Blaze shisha 40k puffs refillable vape with 40ml e-liquid and 1000mAh battery. 12 flavours, ideal for bulk buyers and resellers in Europe.\" \/>\n<meta property=\"og:url\" content=\"https:\/\/rmvapebang.com\/hu\/product\/buy-disposable-vape-in-bulk-bang-blaze-shisha-40k-puffs-direct-from-manufacturer\/\" \/>\n<meta property=\"og:site_name\" content=\"rmvapebang.com\" \/>\n<meta property=\"article:modified_time\" content=\"2025-09-03T06:33:06+00:00\" \/>\n<meta property=\"og:image\" content=\"https:\/\/rmvapebang.com\/wp-content\/uploads\/2025\/06\/Bang-Blaze-disposable-vape-puffs-40000-Cheapest-Price.webp\" \/>\n\t<meta property=\"og:image:width\" content=\"800\" \/>\n\t<meta property=\"og:image:height\" content=\"800\" \/>\n\t<meta property=\"og:image:type\" content=\"image\/webp\" \/>\n<meta name=\"twitter:card\" content=\"summary_large_image\" \/>\n<meta name=\"twitter:label1\" content=\"Becs\u00fclt olvas\u00e1si id\u0151\" \/>\n\t<meta name=\"twitter:data1\" content=\"3 perc\" \/>\n<script type=\"application\/ld+json\" class=\"yoast-schema-graph\">{\"@context\":\"https:\/\/schema.org\",\"@graph\":[{\"@type\":\"WebPage\",\"@id\":\"https:\/\/rmvapebang.com\/pt\/product\/buy-disposable-vape-in-bulk-bang-blaze-shisha-40k-puffs-direct-from-manufacturer\/\",\"url\":\"https:\/\/rmvapebang.com\/pt\/product\/buy-disposable-vape-in-bulk-bang-blaze-shisha-40k-puffs-direct-from-manufacturer\/\",\"name\":\"Buy Disposable Vape in Bulk Bang Blaze shisha 40k puffs Direct from Manufacturer - rmvapebang.com\",\"isPartOf\":{\"@id\":\"https:\/\/rmvapebang.com\/#website\"},\"primaryImageOfPage\":{\"@id\":\"https:\/\/rmvapebang.com\/pt\/product\/buy-disposable-vape-in-bulk-bang-blaze-shisha-40k-puffs-direct-from-manufacturer\/#primaryimage\"},\"image\":{\"@id\":\"https:\/\/rmvapebang.com\/pt\/product\/buy-disposable-vape-in-bulk-bang-blaze-shisha-40k-puffs-direct-from-manufacturer\/#primaryimage\"},\"thumbnailUrl\":\"https:\/\/rmvapebang.com\/wp-content\/uploads\/2025\/06\/Bang-Blaze-disposable-vape-puffs-40000-Cheapest-Price.webp\",\"datePublished\":\"2025-06-08T07:23:11+00:00\",\"dateModified\":\"2025-09-03T06:33:06+00:00\",\"description\":\"Bang Blaze shisha 40k puffs refillable vape with 40ml e-liquid and 1000mAh battery. 12 flavours, ideal for bulk buyers and resellers in Europe.\",\"breadcrumb\":{\"@id\":\"https:\/\/rmvapebang.com\/pt\/product\/buy-disposable-vape-in-bulk-bang-blaze-shisha-40k-puffs-direct-from-manufacturer\/#breadcrumb\"},\"inLanguage\":\"hu\",\"potentialAction\":[{\"@type\":\"ReadAction\",\"target\":[\"https:\/\/rmvapebang.com\/pt\/product\/buy-disposable-vape-in-bulk-bang-blaze-shisha-40k-puffs-direct-from-manufacturer\/\"]}]},{\"@type\":\"ImageObject\",\"inLanguage\":\"hu\",\"@id\":\"https:\/\/rmvapebang.com\/pt\/product\/buy-disposable-vape-in-bulk-bang-blaze-shisha-40k-puffs-direct-from-manufacturer\/#primaryimage\",\"url\":\"https:\/\/rmvapebang.com\/wp-content\/uploads\/2025\/06\/Bang-Blaze-disposable-vape-puffs-40000-Cheapest-Price.webp\",\"contentUrl\":\"https:\/\/rmvapebang.com\/wp-content\/uploads\/2025\/06\/Bang-Blaze-disposable-vape-puffs-40000-Cheapest-Price.webp\",\"width\":800,\"height\":800,\"caption\":\"Bang Blaze disposable vape puffs 40000 Cheapest Price\"},{\"@type\":\"BreadcrumbList\",\"@id\":\"https:\/\/rmvapebang.com\/pt\/product\/buy-disposable-vape-in-bulk-bang-blaze-shisha-40k-puffs-direct-from-manufacturer\/#breadcrumb\",\"itemListElement\":[{\"@type\":\"ListItem\",\"position\":1,\"name\":\"Home\",\"item\":\"https:\/\/rmvapebang.com\/\"},{\"@type\":\"ListItem\",\"position\":2,\"name\":\"Hot Vape Shop\",\"item\":\"https:\/\/rmvapebang.com\/shop-page\/\"},{\"@type\":\"ListItem\",\"position\":3,\"name\":\"Buy Disposable Vape in Bulk Bang Blaze shisha 40k puffs Direct from Manufacturer\"}]},{\"@type\":\"WebSite\",\"@id\":\"https:\/\/rmvapebang.com\/#website\",\"url\":\"https:\/\/rmvapebang.com\/\",\"name\":\"rmvapebang.com\",\"description\":\"buy vape cheap\",\"publisher\":{\"@id\":\"https:\/\/rmvapebang.com\/#organization\"},\"potentialAction\":[{\"@type\":\"SearchAction\",\"target\":{\"@type\":\"EntryPoint\",\"urlTemplate\":\"https:\/\/rmvapebang.com\/?s={search_term_string}\"},\"query-input\":\"required name=search_term_string\"}],\"inLanguage\":\"hu\"},{\"@type\":\"Organization\",\"@id\":\"https:\/\/rmvapebang.com\/#organization\",\"name\":\"rmvapebang.com\",\"url\":\"https:\/\/rmvapebang.com\/\",\"logo\":{\"@type\":\"ImageObject\",\"inLanguage\":\"hu\",\"@id\":\"https:\/\/rmvapebang.com\/#\/schema\/logo\/image\/\",\"url\":\"https:\/\/rmvapebang.com\/wp-content\/uploads\/2024\/03\/cropped-RVBlogo.png\",\"contentUrl\":\"https:\/\/rmvapebang.com\/wp-content\/uploads\/2024\/03\/cropped-RVBlogo.png\",\"width\":507,\"height\":169,\"caption\":\"rmvapebang.com\"},\"image\":{\"@id\":\"https:\/\/rmvapebang.com\/#\/schema\/logo\/image\/\"}}]}<\/script>\n<!-- \/ Yoast SEO plugin. -->","yoast_head_json":{"title":"Buy Disposable Vape in Bulk Bang Blaze shisha 40k puffs Direct from Manufacturer - rmvapebang.com","description":"Bang Blaze shisha 40k puffs refillable vape with 40ml e-liquid and 1000mAh battery. 12 flavours, ideal for bulk buyers and resellers in Europe.","robots":{"index":"index","follow":"follow","max-snippet":"max-snippet:-1","max-image-preview":"max-image-preview:large","max-video-preview":"max-video-preview:-1"},"canonical":"https:\/\/rmvapebang.com\/hu\/product\/buy-disposable-vape-in-bulk-bang-blaze-shisha-40k-puffs-direct-from-manufacturer\/","og_locale":"hu_HU","og_type":"article","og_title":"Buy Disposable Vape in Bulk Bang Blaze shisha 40k puffs Direct from Manufacturer - rmvapebang.com","og_description":"Bang Blaze shisha 40k puffs refillable vape with 40ml e-liquid and 1000mAh battery. 12 flavours, ideal for bulk buyers and resellers in Europe.","og_url":"https:\/\/rmvapebang.com\/hu\/product\/buy-disposable-vape-in-bulk-bang-blaze-shisha-40k-puffs-direct-from-manufacturer\/","og_site_name":"rmvapebang.com","article_modified_time":"2025-09-03T06:33:06+00:00","og_image":[{"width":800,"height":800,"url":"https:\/\/rmvapebang.com\/wp-content\/uploads\/2025\/06\/Bang-Blaze-disposable-vape-puffs-40000-Cheapest-Price.webp","type":"image\/webp"}],"twitter_card":"summary_large_image","twitter_misc":{"Becs\u00fclt olvas\u00e1si id\u0151":"3 perc"},"schema":{"@context":"https:\/\/schema.org","@graph":[{"@type":"WebPage","@id":"https:\/\/rmvapebang.com\/pt\/product\/buy-disposable-vape-in-bulk-bang-blaze-shisha-40k-puffs-direct-from-manufacturer\/","url":"https:\/\/rmvapebang.com\/pt\/product\/buy-disposable-vape-in-bulk-bang-blaze-shisha-40k-puffs-direct-from-manufacturer\/","name":"Buy Disposable Vape in Bulk Bang Blaze shisha 40k puffs Direct from Manufacturer - rmvapebang.com","isPartOf":{"@id":"https:\/\/rmvapebang.com\/#website"},"primaryImageOfPage":{"@id":"https:\/\/rmvapebang.com\/pt\/product\/buy-disposable-vape-in-bulk-bang-blaze-shisha-40k-puffs-direct-from-manufacturer\/#primaryimage"},"image":{"@id":"https:\/\/rmvapebang.com\/pt\/product\/buy-disposable-vape-in-bulk-bang-blaze-shisha-40k-puffs-direct-from-manufacturer\/#primaryimage"},"thumbnailUrl":"https:\/\/rmvapebang.com\/wp-content\/uploads\/2025\/06\/Bang-Blaze-disposable-vape-puffs-40000-Cheapest-Price.webp","datePublished":"2025-06-08T07:23:11+00:00","dateModified":"2025-09-03T06:33:06+00:00","description":"Bang Blaze shisha 40k puffs refillable vape with 40ml e-liquid and 1000mAh battery. 12 flavours, ideal for bulk buyers and resellers in Europe.","breadcrumb":{"@id":"https:\/\/rmvapebang.com\/pt\/product\/buy-disposable-vape-in-bulk-bang-blaze-shisha-40k-puffs-direct-from-manufacturer\/#breadcrumb"},"inLanguage":"hu","potentialAction":[{"@type":"ReadAction","target":["https:\/\/rmvapebang.com\/pt\/product\/buy-disposable-vape-in-bulk-bang-blaze-shisha-40k-puffs-direct-from-manufacturer\/"]}]},{"@type":"ImageObject","inLanguage":"hu","@id":"https:\/\/rmvapebang.com\/pt\/product\/buy-disposable-vape-in-bulk-bang-blaze-shisha-40k-puffs-direct-from-manufacturer\/#primaryimage","url":"https:\/\/rmvapebang.com\/wp-content\/uploads\/2025\/06\/Bang-Blaze-disposable-vape-puffs-40000-Cheapest-Price.webp","contentUrl":"https:\/\/rmvapebang.com\/wp-content\/uploads\/2025\/06\/Bang-Blaze-disposable-vape-puffs-40000-Cheapest-Price.webp","width":800,"height":800,"caption":"Bang Blaze disposable vape puffs 40000 Cheapest Price"},{"@type":"BreadcrumbList","@id":"https:\/\/rmvapebang.com\/pt\/product\/buy-disposable-vape-in-bulk-bang-blaze-shisha-40k-puffs-direct-from-manufacturer\/#breadcrumb","itemListElement":[{"@type":"ListItem","position":1,"name":"Home","item":"https:\/\/rmvapebang.com\/"},{"@type":"ListItem","position":2,"name":"Hot Vape Shop","item":"https:\/\/rmvapebang.com\/shop-page\/"},{"@type":"ListItem","position":3,"name":"Buy Disposable Vape in Bulk Bang Blaze shisha 40k puffs Direct from Manufacturer"}]},{"@type":"WebSite","@id":"https:\/\/rmvapebang.com\/#website","url":"https:\/\/rmvapebang.com\/","name":"rmvapebang.com","description":"buy vape cheap","publisher":{"@id":"https:\/\/rmvapebang.com\/#organization"},"potentialAction":[{"@type":"SearchAction","target":{"@type":"EntryPoint","urlTemplate":"https:\/\/rmvapebang.com\/?s={search_term_string}"},"query-input":"required name=search_term_string"}],"inLanguage":"hu"},{"@type":"Organization","@id":"https:\/\/rmvapebang.com\/#organization","name":"rmvapebang.com","url":"https:\/\/rmvapebang.com\/","logo":{"@type":"ImageObject","inLanguage":"hu","@id":"https:\/\/rmvapebang.com\/#\/schema\/logo\/image\/","url":"https:\/\/rmvapebang.com\/wp-content\/uploads\/2024\/03\/cropped-RVBlogo.png","contentUrl":"https:\/\/rmvapebang.com\/wp-content\/uploads\/2024\/03\/cropped-RVBlogo.png","width":507,"height":169,"caption":"rmvapebang.com"},"image":{"@id":"https:\/\/rmvapebang.com\/#\/schema\/logo\/image\/"}}]}},"uagb_featured_image_src":{"full":["https:\/\/rmvapebang.com\/wp-content\/uploads\/2025\/06\/Bang-Blaze-disposable-vape-puffs-40000-Cheapest-Price.webp",800,800,false],"thumbnail":["https:\/\/rmvapebang.com\/wp-content\/uploads\/2025\/06\/Bang-Blaze-disposable-vape-puffs-40000-Cheapest-Price-150x150.webp",150,150,true],"medium":["https:\/\/rmvapebang.com\/wp-content\/uploads\/2025\/06\/Bang-Blaze-disposable-vape-puffs-40000-Cheapest-Price-300x300.webp",300,300,true],"medium_large":["https:\/\/rmvapebang.com\/wp-content\/uploads\/2025\/06\/Bang-Blaze-disposable-vape-puffs-40000-Cheapest-Price-768x768.webp",768,768,true],"large":["https:\/\/rmvapebang.com\/wp-content\/uploads\/2025\/06\/Bang-Blaze-disposable-vape-puffs-40000-Cheapest-Price.webp",800,800,false],"1536x1536":["https:\/\/rmvapebang.com\/wp-content\/uploads\/2025\/06\/Bang-Blaze-disposable-vape-puffs-40000-Cheapest-Price.webp",800,800,false],"2048x2048":["https:\/\/rmvapebang.com\/wp-content\/uploads\/2025\/06\/Bang-Blaze-disposable-vape-puffs-40000-Cheapest-Price.webp",800,800,false],"trp-custom-language-flag":["https:\/\/rmvapebang.com\/wp-content\/uploads\/2025\/06\/Bang-Blaze-disposable-vape-puffs-40000-Cheapest-Price.webp",12,12,false],"woocommerce_thumbnail":["https:\/\/rmvapebang.com\/wp-content\/uploads\/2025\/06\/Bang-Blaze-disposable-vape-puffs-40000-Cheapest-Price-300x300.webp",300,300,true],"woocommerce_single":["https:\/\/rmvapebang.com\/wp-content\/uploads\/2025\/06\/Bang-Blaze-disposable-vape-puffs-40000-Cheapest-Price-600x600.webp",600,600,true],"woocommerce_gallery_thumbnail":["https:\/\/rmvapebang.com\/wp-content\/uploads\/2025\/06\/Bang-Blaze-disposable-vape-puffs-40000-Cheapest-Price-100x100.webp",100,100,true],"wcpr-photo-reviews":["https:\/\/rmvapebang.com\/wp-content\/uploads\/2025\/06\/Bang-Blaze-disposable-vape-puffs-40000-Cheapest-Price.webp",500,500,false]},"uagb_author_info":{"display_name":"Lyn","author_link":"https:\/\/rmvapebang.com\/hu\/author\/"},"uagb_comment_info":0,"uagb_excerpt":"NOTE\uff1aPrices on the website don\u2019t include shipping fee. Please send your zip code and address that we can check shipping costs for you. Take advantage of refillable convenience and long-lasting performance\u2014order now for direct-from-factory pricing and secure your shisha vape stock at the best wholesale rate. Whatsapp:+86 17840853976 Scan on whatsapp for New Client coupon","_links":{"self":[{"href":"https:\/\/rmvapebang.com\/hu\/wp-json\/wp\/v2\/product\/4345","targetHints":{"allow":["GET"]}}],"collection":[{"href":"https:\/\/rmvapebang.com\/hu\/wp-json\/wp\/v2\/product"}],"about":[{"href":"https:\/\/rmvapebang.com\/hu\/wp-json\/wp\/v2\/types\/product"}],"replies":[{"embeddable":true,"href":"https:\/\/rmvapebang.com\/hu\/wp-json\/wp\/v2\/comments?post=4345"}],"wp:featuredmedia":[{"embeddable":true,"href":"https:\/\/rmvapebang.com\/hu\/wp-json\/wp\/v2\/media\/4329"}],"wp:attachment":[{"href":"https:\/\/rmvapebang.com\/hu\/wp-json\/wp\/v2\/media?parent=4345"}],"wp:term":[{"taxonomy":"product_brand","embeddable":true,"href":"https:\/\/rmvapebang.com\/hu\/wp-json\/wp\/v2\/product_brand?post=4345"},{"taxonomy":"product_cat","embeddable":true,"href":"https:\/\/rmvapebang.com\/hu\/wp-json\/wp\/v2\/product_cat?post=4345"},{"taxonomy":"product_tag","embeddable":true,"href":"https:\/\/rmvapebang.com\/hu\/wp-json\/wp\/v2\/product_tag?post=4345"}],"curies":[{"name":"wp","href":"https:\/\/api.w.org\/{rel}","templated":true}]}}