{"id":4082,"date":"2025-05-01T11:22:50","date_gmt":"2025-05-01T03:22:50","guid":{"rendered":"https:\/\/rmvapebang.com\/?post_type=product&#038;p=4082"},"modified":"2025-09-03T14:27:15","modified_gmt":"2025-09-03T06:27:15","slug":"bang-blaze-42000-puffs-vape-best-seller-bulk-price","status":"publish","type":"product","link":"https:\/\/rmvapebang.com\/hu\/product\/bang-blaze-42000-puffs-vape-best-seller-bulk-price\/","title":{"rendered":"Bang Blaze 42000 Puffs Vape Legjobb elad\u00f3 t\u00f6meges \u00e1r"},"content":{"rendered":"<h2>Bang Blaze 42000 Puffs Vape Legjobb elad\u00f3 t\u00f6meges \u00e1r<\/h2>\n<p>A Bang Blaze 42000 Puffs Vape Legjobb elad\u00f3 t\u00f6meges \u00e1r egy igazi er\u0151m\u0171 az eldobhat\u00f3 vape-ek vil\u00e1g\u00e1ban, hihetetlen teljes\u00edtm\u00e9nyt ny\u00fajt, olyan \u00e1ron, amely vonzza a t\u00f6meges v\u00e1s\u00e1rl\u00f3kat. A Blaze 42k vape kett\u0151s mesh tekerccsel \u00e9s leny\u0171g\u00f6z\u0151, 1000mAh-s akkumul\u00e1torral k\u00e9sz\u00fclt, a 42k puff gondoskodik r\u00f3la, hogy minden szippant\u00e1s gazdag, sima \u00e9s kiel\u00e9g\u00edt\u0151 legyen.<\/p>\n<p>vape 30 ml-es e-liquid kapacit\u00e1ssal \u00e9s 14 \u00edzv\u00e1laszt\u00e9kkal, <strong><a href=\"https:\/\/rmvapebang.com\/hu\/product-category\/vape-40000-puffs\/\">az eldobhat\u00f3 bang blaze 42000 vape<\/a><\/strong> a vape t\u00f6k\u00e9letesen megfelel a nagykereskedelmi piac sokf\u00e9le preferenci\u00e1j\u00e1nak. A 42k puff a <a href=\"https:\/\/rmvapebang.com\/hu\/product-category\/disposable-bang-blaze-vape\/\"><strong>bang blaze vape<\/strong><\/a> nem csak a teljes\u00edtm\u00e9nyr\u0151l sz\u00f3l \u2013 a vape OEM\/ODM-kompatibilis, \u00edgy ide\u00e1lis v\u00e1laszt\u00e1s a saj\u00e1t m\u00e1rkanevet kialak\u00edtani k\u00edv\u00e1n\u00f3 kiskeresked\u0151k sz\u00e1m\u00e1ra. A 0,6 ohmos tekercs fokozza a g\u0151ztermel\u00e9st, mik\u00f6zben az \u00edz ropog\u00f3s \u00e9s autentikus marad.<\/p>\n<p>Ak\u00e1r kiskeresked\u0151, ak\u00e1r forgalmaz\u00f3, a Bang Blaze 42k puffs pr\u00e9mium vaping \u00e9lm\u00e9nyt ny\u00fajt pr\u00e9mium \u00e1r n\u00e9lk\u00fcl.<\/p>\n<p><img loading=\"lazy\" decoding=\"async\" class=\"alignnone wp-image-4068\" src=\"http:\/\/rmvapebang.com\/wp-content\/uploads\/2025\/04\/Bang-vape-Blaze-42k-puffs-promotion-sale.webp\" alt=\"Bang vape Blaze 42k puffos prom\u00f3ci\u00f3s akci\u00f3\" width=\"700\" height=\"700\" srcset=\"https:\/\/rmvapebang.com\/wp-content\/uploads\/2025\/04\/Bang-vape-Blaze-42k-puffs-promotion-sale.webp 800w, https:\/\/rmvapebang.com\/wp-content\/uploads\/2025\/04\/Bang-vape-Blaze-42k-puffs-promotion-sale-300x300.webp 300w, https:\/\/rmvapebang.com\/wp-content\/uploads\/2025\/04\/Bang-vape-Blaze-42k-puffs-promotion-sale-150x150.webp 150w, https:\/\/rmvapebang.com\/wp-content\/uploads\/2025\/04\/Bang-vape-Blaze-42k-puffs-promotion-sale-768x768.webp 768w, https:\/\/rmvapebang.com\/wp-content\/uploads\/2025\/04\/Bang-vape-Blaze-42k-puffs-promotion-sale-600x600.webp 600w, https:\/\/rmvapebang.com\/wp-content\/uploads\/2025\/04\/Bang-vape-Blaze-42k-puffs-promotion-sale-100x100.webp 100w\" sizes=\"auto, (max-width: 700px) 100vw, 700px\" \/><\/p>\n<h3><strong>Milyen \u00edzei vannak a Bang 42k vape-nek?<\/strong><\/h3>\n<p>1. menta<br \/>\n2. \u00e1fonya menta<br \/>\n3. dupla alma<br \/>\n4. barack j\u00e9g<br \/>\n5. \u00e1fonya m\u00e1lna<br \/>\n6. \u00e1fonya j\u00e9g<br \/>\n7. \u00e1fonya barack<br \/>\n8. g\u00f6r\u00f6gdinnye<br \/>\n9.eper g\u00f6r\u00f6gdinnye<br \/>\n10. eper licsi<br \/>\n11. sz\u0151l\u0151 menta<br \/>\n12. vegyes gy\u00fcm\u00f6lcs<br \/>\n13. szerelmem<br \/>\n14. mang\u00f3 j\u00e9g<\/p>\n<h2>Specifik\u00e1ci\u00f3k vape-hez <strong>Bang blaze vape 42000 <\/strong>Sz\u00edv\u00e1s:<\/h2>\n<p>\u2013 <em><strong><span style=\"color: #ff0000\">42 ezer<\/span><\/strong><\/em> Slukk<br \/>\n\u2013<em><strong><span style=\"color: #ff0000\"> 14<\/span> <\/strong><\/em>\u00cdzek<br \/>\n\u2013 <em><strong><span style=\"color: #ff0000\">2%\/5%<\/span> <\/strong><\/em>Nikotin<br \/>\n\u2013 <em><strong><span style=\"color: #ff0000\">30ml<\/span><\/strong><\/em> E-liquid kapacit\u00e1s<br \/>\n\u2013 Akkumul\u00e1tor kapacit\u00e1s <em><strong><span style=\"color: #ff0000\">1000 mAh<\/span><\/strong><\/em><\/p>\n<h3>GYIK:<\/h3>\n<p>K: Mi a Bang 42k t\u00f6lthet\u0151 eldobhat\u00f3 vape minim\u00e1lis rendel\u00e9si mennyis\u00e9ge (MOQ)?<\/p>\n<p>V: A BANG blaze 42k puffos eldobhat\u00f3 vape minim\u00e1lis rendel\u00e9si mennyis\u00e9ge (MOQ) 50 darab.<\/p>\n<p>K: Mennyi a sz\u00e1ll\u00edt\u00e1si id\u0151 az \u00e1ltalam rendelt \u00fajrat\u00f6lthet\u0151 Vape-hez?<\/p>\n<p>V: Az \u00fajrat\u00f6lthet\u0151 Vape sz\u00e1ll\u00edt\u00e1si ideje \u00e1ltal\u00e1ban 10-15 nap a kisz\u00e1ll\u00edt\u00e1st k\u00f6vet\u0151en.<\/p>\n<p>K: Mennyibe ker\u00fcl a sz\u00e1ll\u00edt\u00e1s a k\u00e9t \u00edzes\u00edt\u00e9s\u0171 42000 puffos vape eset\u00e9ben?<\/p>\n<p>V: A sz\u00e1ll\u00edt\u00e1si k\u00f6lts\u00e9g a rendel\u00e9s s\u00faly\u00e1t\u00f3l f\u00fcgg. K\u00fcl\u00f6nb\u00f6z\u0151 mennyis\u00e9gek elt\u00e9r\u0151 sz\u00e1ll\u00edt\u00e1si k\u00f6lts\u00e9gekkel j\u00e1rhatnak. K\u00e9rj\u00fck, l\u00e9pjen kapcsolatba vel\u00fcnk a konkr\u00e9t rendel\u00e9s\u00e9nek sz\u00e1ll\u00edt\u00e1si k\u00f6lts\u00e9g\u00e9nek meger\u0151s\u00edt\u00e9se \u00e9rdek\u00e9ben.<\/p>\n<p>K: Sz\u00e1ll\u00edthat\u00f3 a Bang k\u00e9t \u00edzes\u00edt\u00e9s\u0171 42000 eldobhat\u00f3 vape Magyarorsz\u00e1gra?<\/p>\n<p>V: Igen, a Bang blaze 42000 vape-et a legt\u00f6bb eur\u00f3pai orsz\u00e1gba sz\u00e1ll\u00edtjuk, bele\u00e9rtve t\u00f6bbek k\u00f6z\u00f6tt Hollandi\u00e1t, N\u00e9metorsz\u00e1got, Franciaorsz\u00e1got, Spanyolorsz\u00e1got, Olaszorsz\u00e1got, Belgiumot, Luxemburgot, Ausztri\u00e1t, Csehorsz\u00e1got, Szlov\u00e1ki\u00e1t, Magyarorsz\u00e1got, Szlov\u00e9ni\u00e1t, Rom\u00e1ni\u00e1t, Bulg\u00e1ri\u00e1t, G\u00f6r\u00f6gorsz\u00e1got, Lengyelorsz\u00e1got, Sv\u00e9dorsz\u00e1got, \u00cdrorsz\u00e1got, Portug\u00e1li\u00e1t, Finnorsz\u00e1got, \u00c9sztorsz\u00e1got, Lettorsz\u00e1got \u00e9s Litv\u00e1ni\u00e1t. Ha konkr\u00e9t k\u00e9rd\u00e9sei vannak az \u00d6n orsz\u00e1g\u00e1ba t\u00f6rt\u00e9n\u0151 sz\u00e1ll\u00edt\u00e1ssal kapcsolatban, k\u00e9rj\u00fck, forduljon hozz\u00e1nk bizalommal tov\u00e1bbi seg\u00edts\u00e9g\u00e9rt.<\/p>\n<p><strong>Tov\u00e1bbi term\u00e9kvide\u00f3k\u00e9rt l\u00e9pj kapcsolatba Lyn-nel!<\/strong><\/p>\n<p><a href=\"https:\/\/wa.me\/8617840853976\"><span style=\"color: #ff6600\"><strong><em>Whatsapp: +86 17840853976<\/em><\/strong><\/span><\/a><\/p>\n<p><img loading=\"lazy\" decoding=\"async\" class=\"alignnone size-medium wp-image-1905\" src=\"http:\/\/rmvapebang.com\/wp-content\/uploads\/2024\/03\/whatsapp-vape-2-202x300.jpg\" alt=\"\" width=\"202\" height=\"300\" \/><\/p>\n<p>Tov\u00e1bbi term\u00e9kek, amelyek tetszhetnek:<a href=\"https:\/\/rmvapebang.com\/hu\/shop-page\/\"><strong><em>V\u00e1s\u00e1rolj most<\/em><\/strong><\/a><\/p>\n<p>Egy\u00e9b puff, ami tetszhet: <a href=\"https:\/\/rmvapebang.com\/hu\/product\/vozol-star-disposable-20k-puffs-wholesale-affordable-disposable-vape\/\">VOZOL STAR 20000 PUFF<\/a>\/<a href=\"https:\/\/rmvapebang.com\/hu\/product\/waspe-crystal-40000-puffs-disposabl-vape-good-price-bulk-sale\/\">waspe 40k kett\u0151s \u00edzek<\/a>\/<a href=\"https:\/\/rmvapebang.com\/hu\/product\/uwin-tornado-music-35k-bulk-price-discount-sale-rgb-lights-vape\/\">Uwin torn\u00e1d\u00f3 35k sz\u00edv\u00e1s<\/a>\/<a href=\"https:\/\/rmvapebang.com\/hu\/product\/zooy-cola-bottle-3k-puffs-affordable-good-sale-today\/\">zooy mini k\u00f3la palack 3k vape<\/a>\/<a href=\"https:\/\/rmvapebang.com\/hu\/product\/zooy-shisha-25k-vape-factory-price-best-sale-now\/\">zooy shisha 25k slukk<\/a>\/<a href=\"https:\/\/rmvapebang.com\/hu\/product\/uwin-twins-crystal-40k-disposable-vape-top-sale\/\">Uwin ikrek krist\u00e1ly 40k<\/a><\/p>","protected":false},"excerpt":{"rendered":"<p><span style=\"color: #ff0000\"><strong>MEGJEGYZ\u00c9S\uff1a<\/strong><em>A weboldalon felt\u00fcntetett \u00e1rak nem tartalmazz\u00e1k a sz\u00e1ll\u00edt\u00e1si d\u00edjat. K\u00e9rj\u00fck, k\u00fcldje el ir\u00e1ny\u00edt\u00f3sz\u00e1m\u00e1t \u00e9s c\u00edm\u00e9t, hogy ellen\u0151rizni tudjuk a sz\u00e1ll\u00edt\u00e1si k\u00f6lts\u00e9geket.<\/em><\/span><\/p>\n<p>Tapasztald meg a Bang Blaze 42000 teljes\u00edtm\u00e9ny\u00e9t \u00e9s profitpotenci\u00e1lj\u00e1t. Nagykereskedelmi forgalomra k\u00e9sz, \u00edzgazdag \u00e9s t\u00f6meges \u00e9rt\u00e9kes\u00edt\u00e9sre tervezve \u2014 szerezz be most, am\u00edg a k\u00e9szlet tart!<\/p>\n<p><a href=\"https:\/\/wa.me\/8617840853976\"><strong><em>Whatsapp: +86 17840853976<\/em><\/strong><\/a><\/p>\n<p>Szkennelje be a WhatsApp-ot az \u00faj \u00fcgyf\u00e9lkupon\u00e9rt<\/p>\n<p><img loading=\"lazy\" decoding=\"async\" class=\"alignnone size-medium wp-image-1905\" src=\"http:\/\/rmvapebang.com\/wp-content\/uploads\/2024\/03\/whatsapp-vape-2-202x300.jpg\" alt=\"\" width=\"202\" height=\"300\" \/><\/p>","protected":false},"featured_media":4067,"comment_status":"open","ping_status":"closed","template":"","meta":{"_uag_custom_page_level_css":"","_lmt_disableupdate":"no","_lmt_disable":"","site-sidebar-layout":"no-sidebar","site-content-layout":"boxed-container","ast-site-content-layout":"normal-width-container","site-content-style":"boxed","site-sidebar-style":"boxed","ast-global-header-display":"","ast-banner-title-visibility":"","ast-main-header-display":"","ast-hfb-above-header-display":"","ast-hfb-below-header-display":"","ast-hfb-mobile-header-display":"","site-post-title":"","ast-breadcrumbs-content":"","ast-featured-img":"","footer-sml-layout":"","theme-transparent-header-meta":"default","adv-header-id-meta":"","stick-header-meta":"","header-above-stick-meta":"","header-main-stick-meta":"","header-below-stick-meta":"","astra-migrate-meta-layouts":"set","ast-page-background-enabled":"default","ast-page-background-meta":{"desktop":{"background-color":"","background-image":"","background-repeat":"repeat","background-position":"center center","background-size":"auto","background-attachment":"scroll","background-type":"","background-media":"","overlay-type":"","overlay-color":"","overlay-gradient":""},"tablet":{"background-color":"","background-image":"","background-repeat":"repeat","background-position":"center center","background-size":"auto","background-attachment":"scroll","background-type":"","background-media":"","overlay-type":"","overlay-color":"","overlay-gradient":""},"mobile":{"background-color":"","background-image":"","background-repeat":"repeat","background-position":"center center","background-size":"auto","background-attachment":"scroll","background-type":"","background-media":"","overlay-type":"","overlay-color":"","overlay-gradient":""}},"ast-content-background-meta":{"desktop":{"background-color":"var(--ast-global-color-5)","background-image":"","background-repeat":"repeat","background-position":"center center","background-size":"auto","background-attachment":"scroll","background-type":"","background-media":"","overlay-type":"","overlay-color":"","overlay-gradient":""},"tablet":{"background-color":"var(--ast-global-color-5)","background-image":"","background-repeat":"repeat","background-position":"center center","background-size":"auto","background-attachment":"scroll","background-type":"","background-media":"","overlay-type":"","overlay-color":"","overlay-gradient":""},"mobile":{"background-color":"var(--ast-global-color-5)","background-image":"","background-repeat":"repeat","background-position":"center center","background-size":"auto","background-attachment":"scroll","background-type":"","background-media":"","overlay-type":"","overlay-color":"","overlay-gradient":""}},"_joinchat":[]},"product_brand":[],"product_cat":[193,39,41,42,40,131,129,180,43],"product_tag":[182,181,50,61,98,53,52],"class_list":{"0":"post-4082","1":"product","2":"type-product","3":"status-publish","4":"has-post-thumbnail","6":"product_cat-disposable-bang-blaze-vape","7":"product_cat-france-wholesale-vape","8":"product_cat-netherlands-wholesale-vape","9":"product_cat-spain-wholesale-vape","10":"product_cat-germany-wholesale-vape","11":"product_cat-tornado-vape-wholesale-price-hot-sale","12":"product_cat-tornado-vapes","13":"product_cat-vape-42000-puffs","14":"product_cat-vape-shop","15":"product_tag-42000-puffs","16":"product_tag-42k-puffs","17":"product_tag-bulk-price-vape-shop","18":"product_tag-good-sales-vape","19":"product_tag-moq-is-50pcs","20":"product_tag-rechargeable-vape","21":"product_tag-vape-wholesasle-price","22":"desktop-align-left","23":"tablet-align-left","24":"mobile-align-left","26":"first","27":"instock","28":"sale","29":"shipping-taxable","30":"purchasable","31":"product-type-simple"},"yoast_head":"<!-- This site is optimized with the Yoast SEO plugin v23.0 - https:\/\/yoast.com\/wordpress\/plugins\/seo\/ -->\n<title>Bang Blaze 42000 Puffs Vape Best Seller Bulk Price - rmvapebang.com<\/title>\n<meta name=\"description\" content=\"Bang Blaze 42000 puff vape with dual mesh coil, OEM\/ODM-ready, smooth flavor delivery, and bulk pricing. Ideal for wholesale and retail.\" \/>\n<meta name=\"robots\" content=\"index, follow, max-snippet:-1, max-image-preview:large, max-video-preview:-1\" \/>\n<link rel=\"canonical\" href=\"https:\/\/rmvapebang.com\/hu\/product\/bang-blaze-42000-puffs-vape-best-seller-bulk-price\/\" \/>\n<meta property=\"og:locale\" content=\"hu_HU\" \/>\n<meta property=\"og:type\" content=\"article\" \/>\n<meta property=\"og:title\" content=\"Bang Blaze 42000 Puffs Vape Best Seller Bulk Price - rmvapebang.com\" \/>\n<meta property=\"og:description\" content=\"Bang Blaze 42000 puff vape with dual mesh coil, OEM\/ODM-ready, smooth flavor delivery, and bulk pricing. Ideal for wholesale and retail.\" \/>\n<meta property=\"og:url\" content=\"https:\/\/rmvapebang.com\/hu\/product\/bang-blaze-42000-puffs-vape-best-seller-bulk-price\/\" \/>\n<meta property=\"og:site_name\" content=\"rmvapebang.com\" \/>\n<meta property=\"article:modified_time\" content=\"2025-09-03T06:27:15+00:00\" \/>\n<meta property=\"og:image\" content=\"https:\/\/rmvapebang.com\/wp-content\/uploads\/2025\/04\/Bang-vape-Blaze-42k-puffs-factory-price.webp\" \/>\n\t<meta property=\"og:image:width\" content=\"800\" \/>\n\t<meta property=\"og:image:height\" content=\"800\" \/>\n\t<meta property=\"og:image:type\" content=\"image\/webp\" \/>\n<meta name=\"twitter:card\" content=\"summary_large_image\" \/>\n<meta name=\"twitter:label1\" content=\"Becs\u00fclt olvas\u00e1si id\u0151\" \/>\n\t<meta name=\"twitter:data1\" content=\"3 perc\" \/>\n<script type=\"application\/ld+json\" class=\"yoast-schema-graph\">{\"@context\":\"https:\/\/schema.org\",\"@graph\":[{\"@type\":\"WebPage\",\"@id\":\"https:\/\/rmvapebang.com\/product\/bang-blaze-42000-puffs-vape-best-seller-bulk-price\/\",\"url\":\"https:\/\/rmvapebang.com\/product\/bang-blaze-42000-puffs-vape-best-seller-bulk-price\/\",\"name\":\"Bang Blaze 42000 Puffs Vape Best Seller Bulk Price - rmvapebang.com\",\"isPartOf\":{\"@id\":\"https:\/\/rmvapebang.com\/#website\"},\"primaryImageOfPage\":{\"@id\":\"https:\/\/rmvapebang.com\/product\/bang-blaze-42000-puffs-vape-best-seller-bulk-price\/#primaryimage\"},\"image\":{\"@id\":\"https:\/\/rmvapebang.com\/product\/bang-blaze-42000-puffs-vape-best-seller-bulk-price\/#primaryimage\"},\"thumbnailUrl\":\"https:\/\/rmvapebang.com\/wp-content\/uploads\/2025\/04\/Bang-vape-Blaze-42k-puffs-factory-price.webp\",\"datePublished\":\"2025-05-01T03:22:50+00:00\",\"dateModified\":\"2025-09-03T06:27:15+00:00\",\"description\":\"Bang Blaze 42000 puff vape with dual mesh coil, OEM\/ODM-ready, smooth flavor delivery, and bulk pricing. Ideal for wholesale and retail.\",\"breadcrumb\":{\"@id\":\"https:\/\/rmvapebang.com\/product\/bang-blaze-42000-puffs-vape-best-seller-bulk-price\/#breadcrumb\"},\"inLanguage\":\"hu\",\"potentialAction\":[{\"@type\":\"ReadAction\",\"target\":[\"https:\/\/rmvapebang.com\/product\/bang-blaze-42000-puffs-vape-best-seller-bulk-price\/\"]}]},{\"@type\":\"ImageObject\",\"inLanguage\":\"hu\",\"@id\":\"https:\/\/rmvapebang.com\/product\/bang-blaze-42000-puffs-vape-best-seller-bulk-price\/#primaryimage\",\"url\":\"https:\/\/rmvapebang.com\/wp-content\/uploads\/2025\/04\/Bang-vape-Blaze-42k-puffs-factory-price.webp\",\"contentUrl\":\"https:\/\/rmvapebang.com\/wp-content\/uploads\/2025\/04\/Bang-vape-Blaze-42k-puffs-factory-price.webp\",\"width\":800,\"height\":800,\"caption\":\"Bang vape Blaze 42k puffs factory price\"},{\"@type\":\"BreadcrumbList\",\"@id\":\"https:\/\/rmvapebang.com\/product\/bang-blaze-42000-puffs-vape-best-seller-bulk-price\/#breadcrumb\",\"itemListElement\":[{\"@type\":\"ListItem\",\"position\":1,\"name\":\"Home\",\"item\":\"https:\/\/rmvapebang.com\/\"},{\"@type\":\"ListItem\",\"position\":2,\"name\":\"Hot Vape Shop\",\"item\":\"https:\/\/rmvapebang.com\/shop-page\/\"},{\"@type\":\"ListItem\",\"position\":3,\"name\":\"Bang Blaze 42000 Puffs Vape Best Seller Bulk Price\"}]},{\"@type\":\"WebSite\",\"@id\":\"https:\/\/rmvapebang.com\/#website\",\"url\":\"https:\/\/rmvapebang.com\/\",\"name\":\"rmvapebang.com\",\"description\":\"buy vape cheap\",\"publisher\":{\"@id\":\"https:\/\/rmvapebang.com\/#organization\"},\"potentialAction\":[{\"@type\":\"SearchAction\",\"target\":{\"@type\":\"EntryPoint\",\"urlTemplate\":\"https:\/\/rmvapebang.com\/?s={search_term_string}\"},\"query-input\":\"required name=search_term_string\"}],\"inLanguage\":\"hu\"},{\"@type\":\"Organization\",\"@id\":\"https:\/\/rmvapebang.com\/#organization\",\"name\":\"rmvapebang.com\",\"url\":\"https:\/\/rmvapebang.com\/\",\"logo\":{\"@type\":\"ImageObject\",\"inLanguage\":\"hu\",\"@id\":\"https:\/\/rmvapebang.com\/#\/schema\/logo\/image\/\",\"url\":\"https:\/\/rmvapebang.com\/wp-content\/uploads\/2024\/03\/cropped-RVBlogo.png\",\"contentUrl\":\"https:\/\/rmvapebang.com\/wp-content\/uploads\/2024\/03\/cropped-RVBlogo.png\",\"width\":507,\"height\":169,\"caption\":\"rmvapebang.com\"},\"image\":{\"@id\":\"https:\/\/rmvapebang.com\/#\/schema\/logo\/image\/\"}}]}<\/script>\n<!-- \/ Yoast SEO plugin. -->","yoast_head_json":{"title":"Bang Blaze 42000 Puffs Vape Best Seller Bulk Price - rmvapebang.com","description":"Bang Blaze 42000 puff vape with dual mesh coil, OEM\/ODM-ready, smooth flavor delivery, and bulk pricing. Ideal for wholesale and retail.","robots":{"index":"index","follow":"follow","max-snippet":"max-snippet:-1","max-image-preview":"max-image-preview:large","max-video-preview":"max-video-preview:-1"},"canonical":"https:\/\/rmvapebang.com\/hu\/product\/bang-blaze-42000-puffs-vape-best-seller-bulk-price\/","og_locale":"hu_HU","og_type":"article","og_title":"Bang Blaze 42000 Puffs Vape Best Seller Bulk Price - rmvapebang.com","og_description":"Bang Blaze 42000 puff vape with dual mesh coil, OEM\/ODM-ready, smooth flavor delivery, and bulk pricing. Ideal for wholesale and retail.","og_url":"https:\/\/rmvapebang.com\/hu\/product\/bang-blaze-42000-puffs-vape-best-seller-bulk-price\/","og_site_name":"rmvapebang.com","article_modified_time":"2025-09-03T06:27:15+00:00","og_image":[{"width":800,"height":800,"url":"https:\/\/rmvapebang.com\/wp-content\/uploads\/2025\/04\/Bang-vape-Blaze-42k-puffs-factory-price.webp","type":"image\/webp"}],"twitter_card":"summary_large_image","twitter_misc":{"Becs\u00fclt olvas\u00e1si id\u0151":"3 perc"},"schema":{"@context":"https:\/\/schema.org","@graph":[{"@type":"WebPage","@id":"https:\/\/rmvapebang.com\/product\/bang-blaze-42000-puffs-vape-best-seller-bulk-price\/","url":"https:\/\/rmvapebang.com\/product\/bang-blaze-42000-puffs-vape-best-seller-bulk-price\/","name":"Bang Blaze 42000 Puffs Vape Best Seller Bulk Price - rmvapebang.com","isPartOf":{"@id":"https:\/\/rmvapebang.com\/#website"},"primaryImageOfPage":{"@id":"https:\/\/rmvapebang.com\/product\/bang-blaze-42000-puffs-vape-best-seller-bulk-price\/#primaryimage"},"image":{"@id":"https:\/\/rmvapebang.com\/product\/bang-blaze-42000-puffs-vape-best-seller-bulk-price\/#primaryimage"},"thumbnailUrl":"https:\/\/rmvapebang.com\/wp-content\/uploads\/2025\/04\/Bang-vape-Blaze-42k-puffs-factory-price.webp","datePublished":"2025-05-01T03:22:50+00:00","dateModified":"2025-09-03T06:27:15+00:00","description":"Bang Blaze 42000 puff vape with dual mesh coil, OEM\/ODM-ready, smooth flavor delivery, and bulk pricing. Ideal for wholesale and retail.","breadcrumb":{"@id":"https:\/\/rmvapebang.com\/product\/bang-blaze-42000-puffs-vape-best-seller-bulk-price\/#breadcrumb"},"inLanguage":"hu","potentialAction":[{"@type":"ReadAction","target":["https:\/\/rmvapebang.com\/product\/bang-blaze-42000-puffs-vape-best-seller-bulk-price\/"]}]},{"@type":"ImageObject","inLanguage":"hu","@id":"https:\/\/rmvapebang.com\/product\/bang-blaze-42000-puffs-vape-best-seller-bulk-price\/#primaryimage","url":"https:\/\/rmvapebang.com\/wp-content\/uploads\/2025\/04\/Bang-vape-Blaze-42k-puffs-factory-price.webp","contentUrl":"https:\/\/rmvapebang.com\/wp-content\/uploads\/2025\/04\/Bang-vape-Blaze-42k-puffs-factory-price.webp","width":800,"height":800,"caption":"Bang vape Blaze 42k puffs factory price"},{"@type":"BreadcrumbList","@id":"https:\/\/rmvapebang.com\/product\/bang-blaze-42000-puffs-vape-best-seller-bulk-price\/#breadcrumb","itemListElement":[{"@type":"ListItem","position":1,"name":"Home","item":"https:\/\/rmvapebang.com\/"},{"@type":"ListItem","position":2,"name":"Hot Vape Shop","item":"https:\/\/rmvapebang.com\/shop-page\/"},{"@type":"ListItem","position":3,"name":"Bang Blaze 42000 Puffs Vape Best Seller Bulk Price"}]},{"@type":"WebSite","@id":"https:\/\/rmvapebang.com\/#website","url":"https:\/\/rmvapebang.com\/","name":"rmvapebang.com","description":"buy vape cheap","publisher":{"@id":"https:\/\/rmvapebang.com\/#organization"},"potentialAction":[{"@type":"SearchAction","target":{"@type":"EntryPoint","urlTemplate":"https:\/\/rmvapebang.com\/?s={search_term_string}"},"query-input":"required name=search_term_string"}],"inLanguage":"hu"},{"@type":"Organization","@id":"https:\/\/rmvapebang.com\/#organization","name":"rmvapebang.com","url":"https:\/\/rmvapebang.com\/","logo":{"@type":"ImageObject","inLanguage":"hu","@id":"https:\/\/rmvapebang.com\/#\/schema\/logo\/image\/","url":"https:\/\/rmvapebang.com\/wp-content\/uploads\/2024\/03\/cropped-RVBlogo.png","contentUrl":"https:\/\/rmvapebang.com\/wp-content\/uploads\/2024\/03\/cropped-RVBlogo.png","width":507,"height":169,"caption":"rmvapebang.com"},"image":{"@id":"https:\/\/rmvapebang.com\/#\/schema\/logo\/image\/"}}]}},"uagb_featured_image_src":{"full":["https:\/\/rmvapebang.com\/wp-content\/uploads\/2025\/04\/Bang-vape-Blaze-42k-puffs-factory-price.webp",800,800,false],"thumbnail":["https:\/\/rmvapebang.com\/wp-content\/uploads\/2025\/04\/Bang-vape-Blaze-42k-puffs-factory-price-150x150.webp",150,150,true],"medium":["https:\/\/rmvapebang.com\/wp-content\/uploads\/2025\/04\/Bang-vape-Blaze-42k-puffs-factory-price-300x300.webp",300,300,true],"medium_large":["https:\/\/rmvapebang.com\/wp-content\/uploads\/2025\/04\/Bang-vape-Blaze-42k-puffs-factory-price-768x768.webp",768,768,true],"large":["https:\/\/rmvapebang.com\/wp-content\/uploads\/2025\/04\/Bang-vape-Blaze-42k-puffs-factory-price.webp",800,800,false],"1536x1536":["https:\/\/rmvapebang.com\/wp-content\/uploads\/2025\/04\/Bang-vape-Blaze-42k-puffs-factory-price.webp",800,800,false],"2048x2048":["https:\/\/rmvapebang.com\/wp-content\/uploads\/2025\/04\/Bang-vape-Blaze-42k-puffs-factory-price.webp",800,800,false],"trp-custom-language-flag":["https:\/\/rmvapebang.com\/wp-content\/uploads\/2025\/04\/Bang-vape-Blaze-42k-puffs-factory-price.webp",12,12,false],"woocommerce_thumbnail":["https:\/\/rmvapebang.com\/wp-content\/uploads\/2025\/04\/Bang-vape-Blaze-42k-puffs-factory-price-300x300.webp",300,300,true],"woocommerce_single":["https:\/\/rmvapebang.com\/wp-content\/uploads\/2025\/04\/Bang-vape-Blaze-42k-puffs-factory-price-600x600.webp",600,600,true],"woocommerce_gallery_thumbnail":["https:\/\/rmvapebang.com\/wp-content\/uploads\/2025\/04\/Bang-vape-Blaze-42k-puffs-factory-price-100x100.webp",100,100,true],"wcpr-photo-reviews":["https:\/\/rmvapebang.com\/wp-content\/uploads\/2025\/04\/Bang-vape-Blaze-42k-puffs-factory-price.webp",500,500,false]},"uagb_author_info":{"display_name":"Lyn","author_link":"https:\/\/rmvapebang.com\/hu\/author\/"},"uagb_comment_info":0,"uagb_excerpt":"NOTE\uff1aPrices on the website don\u2019t include shipping fee. Please send your zip code and address that we can check shipping costs for you. Experience the performance and profit potential of Bang Blaze 42000. Wholesale-ready, flavor-rich, and built for bulk \u2014 stock up now while it lasts! Whatsapp:+86 17840853976 Scan on whatsapp for New Client coupon","_links":{"self":[{"href":"https:\/\/rmvapebang.com\/hu\/wp-json\/wp\/v2\/product\/4082","targetHints":{"allow":["GET"]}}],"collection":[{"href":"https:\/\/rmvapebang.com\/hu\/wp-json\/wp\/v2\/product"}],"about":[{"href":"https:\/\/rmvapebang.com\/hu\/wp-json\/wp\/v2\/types\/product"}],"replies":[{"embeddable":true,"href":"https:\/\/rmvapebang.com\/hu\/wp-json\/wp\/v2\/comments?post=4082"}],"wp:featuredmedia":[{"embeddable":true,"href":"https:\/\/rmvapebang.com\/hu\/wp-json\/wp\/v2\/media\/4067"}],"wp:attachment":[{"href":"https:\/\/rmvapebang.com\/hu\/wp-json\/wp\/v2\/media?parent=4082"}],"wp:term":[{"taxonomy":"product_brand","embeddable":true,"href":"https:\/\/rmvapebang.com\/hu\/wp-json\/wp\/v2\/product_brand?post=4082"},{"taxonomy":"product_cat","embeddable":true,"href":"https:\/\/rmvapebang.com\/hu\/wp-json\/wp\/v2\/product_cat?post=4082"},{"taxonomy":"product_tag","embeddable":true,"href":"https:\/\/rmvapebang.com\/hu\/wp-json\/wp\/v2\/product_tag?post=4082"}],"curies":[{"name":"wp","href":"https:\/\/api.w.org\/{rel}","templated":true}]}}