{"id":3556,"date":"2025-01-17T14:59:01","date_gmt":"2025-01-17T06:59:01","guid":{"rendered":"https:\/\/rmvapebang.com\/?post_type=product&#038;p=3556"},"modified":"2026-04-06T19:53:58","modified_gmt":"2026-04-06T11:53:58","slug":"waspe-crystal-40000-puffs-disposabl-vape-good-price-bulk-sale","status":"publish","type":"product","link":"https:\/\/rmvapebang.com\/hu\/product\/waspe-crystal-40000-puffs-disposabl-vape-good-price-bulk-sale\/","title":{"rendered":"Waspe Crystal 40000 Puffs eldobhat\u00f3 Vape j\u00f3 \u00e1r t\u00f6meges elad\u00e1s"},"content":{"rendered":"<h2>Waspe Crystal 40000 Puffs eldobhat\u00f3 Vape j\u00f3 \u00e1r t\u00f6meges elad\u00e1s<\/h2>\n<div class=\"flex-1 overflow-hidden\">\n<div class=\"react-scroll-to-bottom--css-rkeqe-79elbk h-full\">\n<div class=\"react-scroll-to-bottom--css-rkeqe-1n7m0yu\">\n<div class=\"flex flex-col text-sm pb-9\">\n<div class=\"w-full text-token-text-primary\" data-testid=\"conversation-turn-7\">\n<div class=\"px-4 py-2 justify-center text-base md:gap-6 m-auto\">\n<div class=\"flex flex-1 text-base mx-auto gap-3 md:px-5 lg:px-1 xl:px-5 md:max-w-3xl lg:max-w-[40rem] xl:max-w-[48rem] group final-completion\">\n<div class=\"relative flex w-full flex-col agent-turn\">\n<div class=\"flex-col gap-1 md:gap-3\">\n<div class=\"flex flex-grow flex-col max-w-full\">\n<div class=\"min-h-[20px] text-message flex flex-col items-start gap-3 whitespace-pre-wrap break-words [.text-message+&amp;]:mt-5 overflow-x-auto\" data-message-author-role=\"assistant\" data-message-id=\"a1f3b89f-a1c9-497d-a989-579b96e752e6\">\n<div class=\"markdown prose w-full break-words dark:prose-invert light\">\n<p>A Waspe Crystal 40000 Puffs Eldobhat\u00f3 Vape Nagybani Akci\u00f3 a vaping vil\u00e1g \u00faj\u00edt\u00e1sa, leny\u0171g\u00f6z\u0151 32 ml-es e-liquid kapacit\u00e1ssal \u00e9s 12 kett\u0151s \u00edzzel. Hossz\u00fa t\u00e1v\u00fa haszn\u00e1latra tervezt\u00e9k,<a href=\"https:\/\/rmvapebang.com\/hu\/product-category\/waspe-vape-puff\/\"><strong> Waspe vape<\/strong> <\/a>a kett\u0151s \u00edzes\u00edt\u00e9s\u0171 vape lehet\u0151v\u00e9 teszi a felhaszn\u00e1l\u00f3k sz\u00e1m\u00e1ra, hogy minden slukkn\u00e1l z\u00f6kken\u0151mentesen v\u00e1lthassanak az \u00edzek k\u00f6z\u00f6tt. El\u0151re felt\u00f6ltve 2%-os vagy 5%-os s\u00f3-nikotinnal, kiel\u00e9g\u00edti a gyeng\u00e9bb \u00e9s er\u0151sebb nikotinf\u00fcgg\u0151k ig\u00e9nyeit is. A Waspe 40k vape krist\u00e1lytiszta diz\u00e1jnja eleganci\u00e1t k\u00f6lcs\u00f6n\u00f6z, <a href=\"https:\/\/rmvapebang.com\/hu\/product-category\/crystal-vape\/\"><strong>a krist\u00e1lyos vape<\/strong> <\/a>funkcion\u00e1lis \u00e9s st\u00edlusos is.<\/p>\n<p>Egy er\u0151s 850mAh-s akkumul\u00e1torral hajtva a Waspe <strong><a href=\"https:\/\/rmvapebang.com\/hu\/product-category\/vape-40000-puffs\/\">40000 eldobhat\u00f3 vape szippant\u00e1s<\/a> <\/strong>Vape \u00e1lland\u00f3 \u00e9s kiel\u00e9g\u00edt\u0151 \u00e9lm\u00e9nyt biztos\u00edt. A Waspe 40000 slukkos vape fejlett kett\u0151s h\u00e1l\u00f3s tekercs technol\u00f3gi\u00e1ja feler\u0151s\u00edti az \u00edzt \u00e9s a g\u0151ztermel\u00e9st, \u00edgy minden alkalommal sima, s\u0171r\u0171 felh\u0151ket biztos\u00edt. A Waspe 40000 eldobhat\u00f3 vape leny\u0171g\u00f6z\u0151 kapacit\u00e1ssal rendelkezik. A Waspe Crystal 40000 kiv\u00e9teles teljes\u00edtm\u00e9nyt ny\u00fajt szem\u00e9lyes haszn\u00e1latra \u00e9s nagybani \u00e9rt\u00e9kes\u00edt\u00e9sre is.<\/p>\n<p>Rendelje meg nagybani akci\u00f3ban a Waspe 40000 <strong><a href=\"https:\/\/rmvapebang.com\/hu\/product-category\/crystal-vape\/\">krist\u00e1lyos eldobhat\u00f3 vape-t<\/a><\/strong> azoknak, akik kiv\u00e1l\u00f3 min\u0151s\u00e9get keresnek megfizethet\u0151 \u00e1ron.<\/p>\n<p><img loading=\"lazy\" decoding=\"async\" class=\"alignnone wp-image-3553\" src=\"http:\/\/rmvapebang.com\/wp-content\/uploads\/2025\/01\/Waspe-disposable-vape-40000-puff-Top-slae.webp\" alt=\"Waspe eldobhat\u00f3 vape 40000 slukk Legjobb elad\u00e1s\" width=\"700\" height=\"394\" srcset=\"https:\/\/rmvapebang.com\/wp-content\/uploads\/2025\/01\/Waspe-disposable-vape-40000-puff-Top-slae.webp 800w, https:\/\/rmvapebang.com\/wp-content\/uploads\/2025\/01\/Waspe-disposable-vape-40000-puff-Top-slae-300x169.webp 300w, https:\/\/rmvapebang.com\/wp-content\/uploads\/2025\/01\/Waspe-disposable-vape-40000-puff-Top-slae-768x432.webp 768w, https:\/\/rmvapebang.com\/wp-content\/uploads\/2025\/01\/Waspe-disposable-vape-40000-puff-Top-slae-600x338.webp 600w\" sizes=\"auto, (max-width: 700px) 100vw, 700px\" \/><\/p>\n<\/div>\n<\/div>\n<\/div>\n<\/div>\n<\/div>\n<\/div>\n<\/div>\n<\/div>\n<\/div>\n<\/div>\n<\/div>\n<\/div>\n<h2><strong>A Waspe Eldobhat\u00f3 40K Vape \u00cdzei?<\/strong><\/h2>\n<p>1.\u00c1fonya J\u00e9g \/ Ny\u00e1ri \u0150szibarack J\u00e9g<br \/>\n2.Kivi Maracuja Guava \/ \u00c1fonya M\u00e1lna<br \/>\n3.Eper Kivi \/ Sz\u0151l\u0151 J\u00e9g<br \/>\n4.Kivi Maracuja Guava \/ K\u00e9t Alma<br \/>\n5.Eper G\u00f6r\u00f6gdinnye \/ Citrom Lime<br \/>\n6.\u00c1fonya M\u00e1lna \/ Cseresznye J\u00e9g<br \/>\n7.Eper M\u00e1lna Cseresznye \/ Mr K\u00e9k<br \/>\n8.\u0150szibarack Mang\u00f3 Anan\u00e1sz \/ Red Bull<br \/>\n9.G\u00f6r\u00f6gdinnye J\u00e9g \/ Vegyes Bogy\u00f3s Gy\u00fcm\u00f6lcs\u00f6k<br \/>\n10.Eper Ban\u00e1n \/ Szerelem 66 (Maracuja Dinnye J\u00e9g)<\/p>\n<h2>Waspe Duo Flavors Crystal 40K Puffs M\u0171szaki Adatok:<\/h2>\n<p>\u2013\u00a0 <em><span style=\"color: #ff0000\"><strong>40 ezer<\/strong><\/span><\/em> Slukk<br \/>\n\u2013 <span style=\"color: #ff0000\"><em><strong>12<\/strong> <\/em><\/span>\u00cdzek<br \/>\n\u2013 <strong><span style=\"color: #ff0000\">2%<\/span><\/strong>\/<span style=\"color: #ff0000\"><em><strong>5%<\/strong><\/em> <\/span>Nikotin er\u0151ss\u00e9g<br \/>\n\u2013<em><strong><span style=\"color: #ff0000\">32<\/span><\/strong><\/em> ml e-liquid kapacit\u00e1s<br \/>\n\u2013 Akkumul\u00e1tor kapacit\u00e1s <span style=\"color: #ff0000\"><em><strong>850<\/strong><\/em><\/span> mAh<\/p>\n<h3>K\u00e9rd\u00e9s:<\/h3>\n<p>K: Mi a vape MOQ-ja?<\/p>\n<p>V: A minim\u00e1lis rendel\u00e9si mennyis\u00e9g a Waspe 40k Puffs Crystal Vape-hez 50 darab.<\/p>\n<p>K: Mi a sz\u00e1ll\u00edt\u00e1si id\u0151 a rendelt Waspe 40k Vape-hez?<\/p>\n<p>A: \u00c1ltal\u00e1ban a waspe vape 40000 Puffs kisz\u00e1ll\u00edt\u00e1si ideje 10-15 nap a felad\u00e1s ut\u00e1n.<\/p>\n<p>K: Meddig b\u00edrja a 850 mAh-s \u00fajrat\u00f6lthet\u0151 akkumul\u00e1tor folyamatos haszn\u00e1lat mellett?<\/p>\n<p>V: A 850 mAh-s akkumul\u00e1tort hosszabb haszn\u00e1latra tervezt\u00e9k, \u00e9s sz\u00fcks\u00e9g eset\u00e9n \u00fajrat\u00f6ltve t\u00e1mogatja az eldobhat\u00f3 40 000 slukkos kapacit\u00e1s teljes kihaszn\u00e1l\u00e1s\u00e1t.<\/p>\n<p>K: Kinek felel meg legink\u00e1bb a Waspe Crystal 40k Puffs 2% nikotintartalma?<\/p>\n<p>V: A 2% nikotin jobban megfelel a kezd\u0151knek vagy azoknak a vapereknek, akik a gyeng\u00e9bb nikotint kedvelik.<\/p>\n<p><strong>Tov\u00e1bbi term\u00e9kvide\u00f3k\u00e9rt l\u00e9pj kapcsolatba Lyn-nel!<\/strong><\/p>\n<p><a href=\"https:\/\/wa.me\/8617840853976\"><span style=\"color: #ff6600\"><strong><em>Whatsapp: +86 17840853976<\/em><\/strong><\/span><\/a><\/p>\n<p><img loading=\"lazy\" decoding=\"async\" class=\"alignnone size-medium wp-image-1905\" src=\"http:\/\/rmvapebang.com\/wp-content\/uploads\/2024\/03\/whatsapp-vape-2-202x300.jpg\" alt=\"\" width=\"202\" height=\"300\" \/><\/p>\n<p>Tov\u00e1bbi term\u00e9kek, amelyek tetszhetnek:<a href=\"https:\/\/rmvapebang.com\/hu\/shop-page\/\"><strong><em>V\u00e1s\u00e1rolj most<\/em><\/strong><\/a><\/p>\n<p>Egy\u00e9b puff, ami tetszhet:<a href=\"https:\/\/rmvapebang.com\/hu\/product\/bang-digital-15k-puffs-hot-price-15000-vapes\/\">Bang digital 15000 slukk<\/a>\/<a href=\"https:\/\/rmvapebang.com\/hu\/product\/bang-vape-30000-pro-bulk-sale-dual-flavors-full-screen\/\">Dupla \u00edzek 30k durran\u00e1s vape<\/a>\/<a href=\"https:\/\/sigvape.com\/product\/waspe-digital-12k-puffs-wholesale-price-discount-vapes\/\">waspe 12k digit\u00e1lis<\/a>\/<a href=\"https:\/\/rmvapebang.com\/hu\/product\/uwin-crystal-10k-wholesale-vape-good-sale\/\">Uwin Crystal 10k slukk<\/a>\/<a href=\"https:\/\/rmvapebang.com\/hu\/product\/uwin-shisha-hookah-crystal-20000-bulk-vape-hot-sale\/\">Uwin shisha 20k f\u00faj\u00e1s\u00fa vape<\/a><\/p>","protected":false},"excerpt":{"rendered":"<p><em><span style=\"color: #ff0000\"><strong>MEGJEGYZ\u00c9S<\/strong>: A weboldalon felt\u00fcntetett \u00e1rak nem tartalmazz\u00e1k a sz\u00e1ll\u00edt\u00e1si k\u00f6lts\u00e9get. K\u00e9rj\u00fck, k\u00fcldje el ir\u00e1ny\u00edt\u00f3sz\u00e1m\u00e1t \u00e9s c\u00edm\u00e9t, hogy ellen\u0151rizni tudjuk a sz\u00e1ll\u00edt\u00e1si k\u00f6lts\u00e9geket.<\/span><\/em><br \/>\nA legjobb elad\u00e1s\u00fa vape a Waspe crystal 40000 Puffs Eldobhat\u00f3 Vape! 40000 slukkot, 12 kett\u0151s \u00edzt, 2%\/5% nikotinszintet, \u00fajrat\u00f6lthet\u0151 \u00e9s krist\u00e1ly diz\u00e1jnt k\u00edn\u00e1l.<\/p>\n<p><strong><em>Whatsapp:<a href=\"https:\/\/wa.me\/8617840853976\">+86 17840853976<\/a><\/em><\/strong><\/p>\n<p>Szkennelje be a WhatsApp-ot az \u00faj \u00fcgyf\u00e9lkupon\u00e9rt<\/p>\n<p><img loading=\"lazy\" decoding=\"async\" class=\"alignnone size-medium wp-image-1905\" src=\"http:\/\/rmvapebang.com\/wp-content\/uploads\/2024\/03\/whatsapp-vape-2-202x300.jpg\" alt=\"\" width=\"202\" height=\"300\" \/><\/p>","protected":false},"featured_media":3550,"comment_status":"open","ping_status":"closed","template":"","meta":{"_uag_custom_page_level_css":"","_lmt_disableupdate":"no","_lmt_disable":"","site-sidebar-layout":"no-sidebar","site-content-layout":"boxed-container","ast-site-content-layout":"normal-width-container","site-content-style":"boxed","site-sidebar-style":"boxed","ast-global-header-display":"","ast-banner-title-visibility":"","ast-main-header-display":"","ast-hfb-above-header-display":"","ast-hfb-below-header-display":"","ast-hfb-mobile-header-display":"","site-post-title":"","ast-breadcrumbs-content":"","ast-featured-img":"","footer-sml-layout":"","theme-transparent-header-meta":"default","adv-header-id-meta":"","stick-header-meta":"","header-above-stick-meta":"","header-main-stick-meta":"","header-below-stick-meta":"","astra-migrate-meta-layouts":"set","ast-page-background-enabled":"default","ast-page-background-meta":{"desktop":{"background-color":"","background-image":"","background-repeat":"repeat","background-position":"center center","background-size":"auto","background-attachment":"scroll","background-type":"","background-media":"","overlay-type":"","overlay-color":"","overlay-gradient":""},"tablet":{"background-color":"","background-image":"","background-repeat":"repeat","background-position":"center center","background-size":"auto","background-attachment":"scroll","background-type":"","background-media":"","overlay-type":"","overlay-color":"","overlay-gradient":""},"mobile":{"background-color":"","background-image":"","background-repeat":"repeat","background-position":"center center","background-size":"auto","background-attachment":"scroll","background-type":"","background-media":"","overlay-type":"","overlay-color":"","overlay-gradient":""}},"ast-content-background-meta":{"desktop":{"background-color":"var(--ast-global-color-5)","background-image":"","background-repeat":"repeat","background-position":"center center","background-size":"auto","background-attachment":"scroll","background-type":"","background-media":"","overlay-type":"","overlay-color":"","overlay-gradient":""},"tablet":{"background-color":"var(--ast-global-color-5)","background-image":"","background-repeat":"repeat","background-position":"center center","background-size":"auto","background-attachment":"scroll","background-type":"","background-media":"","overlay-type":"","overlay-color":"","overlay-gradient":""},"mobile":{"background-color":"var(--ast-global-color-5)","background-image":"","background-repeat":"repeat","background-position":"center center","background-size":"auto","background-attachment":"scroll","background-type":"","background-media":"","overlay-type":"","overlay-color":"","overlay-gradient":""}},"_joinchat":[]},"product_brand":[],"product_cat":[15,115,39,41,42,40,136,43,38],"product_tag":[137,138,50,51,67,57,58,73,53,52],"class_list":{"0":"post-3556","1":"product","2":"type-product","3":"status-publish","4":"has-post-thumbnail","6":"product_cat-eu-warehouse","7":"product_cat-crystal-vape","8":"product_cat-france-wholesale-vape","9":"product_cat-netherlands-wholesale-vape","10":"product_cat-spain-wholesale-vape","11":"product_cat-germany-wholesale-vape","12":"product_cat-vape-40000-puffs","13":"product_cat-vape-shop","14":"product_cat-waspe-vape-puff","15":"product_tag-40000-puffs","16":"product_tag-40k-puffs","17":"product_tag-bulk-price-vape-shop","18":"product_tag-disposable-vape","19":"product_tag-fast-price-sales","20":"product_tag-minimum-order-quantity-50pcs","21":"product_tag-moq-50pcs","22":"product_tag-new-product","23":"product_tag-rechargeable-vape","24":"product_tag-vape-wholesasle-price","25":"desktop-align-left","26":"tablet-align-left","27":"mobile-align-left","29":"first","30":"instock","31":"sale","32":"shipping-taxable","33":"purchasable","34":"product-type-simple"},"yoast_head":"<!-- This site is optimized with the Yoast SEO plugin v23.0 - https:\/\/yoast.com\/wordpress\/plugins\/seo\/ -->\n<title>Waspe Crystal 40000 Puffs Disposabl Vape Good Price Bulk Sale - rmvapebang.com<\/title>\n<meta name=\"description\" content=\"Look the Waspe crystal 40k Puffs Disposable Bulk sale vape,have 2%\/5% nicotine,which can choose 12 dual flavors and hot sale in market.\" \/>\n<meta name=\"robots\" content=\"index, follow, max-snippet:-1, max-image-preview:large, max-video-preview:-1\" \/>\n<link rel=\"canonical\" href=\"https:\/\/rmvapebang.com\/hu\/product\/waspe-crystal-40000-puffs-disposabl-vape-good-price-bulk-sale\/\" \/>\n<meta property=\"og:locale\" content=\"hu_HU\" \/>\n<meta property=\"og:type\" content=\"article\" \/>\n<meta property=\"og:title\" content=\"Waspe Crystal 40000 Puffs Disposabl Vape Good Price Bulk Sale - rmvapebang.com\" \/>\n<meta property=\"og:description\" content=\"Look the Waspe crystal 40k Puffs Disposable Bulk sale vape,have 2%\/5% nicotine,which can choose 12 dual flavors and hot sale in market.\" \/>\n<meta property=\"og:url\" content=\"https:\/\/rmvapebang.com\/hu\/product\/waspe-crystal-40000-puffs-disposabl-vape-good-price-bulk-sale\/\" \/>\n<meta property=\"og:site_name\" content=\"rmvapebang.com\" \/>\n<meta property=\"article:modified_time\" content=\"2026-04-06T11:53:58+00:00\" \/>\n<meta property=\"og:image\" content=\"http:\/\/rmvapebang.com\/wp-content\/uploads\/2025\/01\/Waspe-Crystal-vape-puffs-40k-Discount-price.webp\" \/>\n\t<meta property=\"og:image:width\" content=\"800\" \/>\n\t<meta property=\"og:image:height\" content=\"800\" \/>\n\t<meta property=\"og:image:type\" content=\"image\/webp\" \/>\n<meta name=\"twitter:card\" content=\"summary_large_image\" \/>\n<meta name=\"twitter:label1\" content=\"Becs\u00fclt olvas\u00e1si id\u0151\" \/>\n\t<meta name=\"twitter:data1\" content=\"3 perc\" \/>\n<script type=\"application\/ld+json\" class=\"yoast-schema-graph\">{\"@context\":\"https:\/\/schema.org\",\"@graph\":[{\"@type\":\"WebPage\",\"@id\":\"https:\/\/rmvapebang.com\/product\/waspe-crystal-40000-puffs-disposabl-vape-good-price-bulk-sale\/\",\"url\":\"https:\/\/rmvapebang.com\/product\/waspe-crystal-40000-puffs-disposabl-vape-good-price-bulk-sale\/\",\"name\":\"Waspe Crystal 40000 Puffs Disposabl Vape Good Price Bulk Sale - rmvapebang.com\",\"isPartOf\":{\"@id\":\"https:\/\/rmvapebang.com\/#website\"},\"primaryImageOfPage\":{\"@id\":\"https:\/\/rmvapebang.com\/product\/waspe-crystal-40000-puffs-disposabl-vape-good-price-bulk-sale\/#primaryimage\"},\"image\":{\"@id\":\"https:\/\/rmvapebang.com\/product\/waspe-crystal-40000-puffs-disposabl-vape-good-price-bulk-sale\/#primaryimage\"},\"thumbnailUrl\":\"https:\/\/rmvapebang.com\/wp-content\/uploads\/2025\/01\/Waspe-Crystal-vape-puffs-40k-Discount-price.webp\",\"datePublished\":\"2025-01-17T06:59:01+00:00\",\"dateModified\":\"2026-04-06T11:53:58+00:00\",\"description\":\"Look the Waspe crystal 40k Puffs Disposable Bulk sale vape,have 2%\/5% nicotine,which can choose 12 dual flavors and hot sale in market.\",\"breadcrumb\":{\"@id\":\"https:\/\/rmvapebang.com\/product\/waspe-crystal-40000-puffs-disposabl-vape-good-price-bulk-sale\/#breadcrumb\"},\"inLanguage\":\"hu\",\"potentialAction\":[{\"@type\":\"ReadAction\",\"target\":[\"https:\/\/rmvapebang.com\/product\/waspe-crystal-40000-puffs-disposabl-vape-good-price-bulk-sale\/\"]}]},{\"@type\":\"ImageObject\",\"inLanguage\":\"hu\",\"@id\":\"https:\/\/rmvapebang.com\/product\/waspe-crystal-40000-puffs-disposabl-vape-good-price-bulk-sale\/#primaryimage\",\"url\":\"https:\/\/rmvapebang.com\/wp-content\/uploads\/2025\/01\/Waspe-Crystal-vape-puffs-40k-Discount-price.webp\",\"contentUrl\":\"https:\/\/rmvapebang.com\/wp-content\/uploads\/2025\/01\/Waspe-Crystal-vape-puffs-40k-Discount-price.webp\",\"width\":800,\"height\":800,\"caption\":\"Waspe Crystal vape puffs 40k Discount price\"},{\"@type\":\"BreadcrumbList\",\"@id\":\"https:\/\/rmvapebang.com\/product\/waspe-crystal-40000-puffs-disposabl-vape-good-price-bulk-sale\/#breadcrumb\",\"itemListElement\":[{\"@type\":\"ListItem\",\"position\":1,\"name\":\"Home\",\"item\":\"https:\/\/rmvapebang.com\/\"},{\"@type\":\"ListItem\",\"position\":2,\"name\":\"Hot Vape Shop\",\"item\":\"https:\/\/rmvapebang.com\/shop-page\/\"},{\"@type\":\"ListItem\",\"position\":3,\"name\":\"Waspe Crystal 40000 Puffs Disposabl Vape Good Price Bulk Sale\"}]},{\"@type\":\"WebSite\",\"@id\":\"https:\/\/rmvapebang.com\/#website\",\"url\":\"https:\/\/rmvapebang.com\/\",\"name\":\"rmvapebang.com\",\"description\":\"buy vape cheap\",\"publisher\":{\"@id\":\"https:\/\/rmvapebang.com\/#organization\"},\"potentialAction\":[{\"@type\":\"SearchAction\",\"target\":{\"@type\":\"EntryPoint\",\"urlTemplate\":\"https:\/\/rmvapebang.com\/?s={search_term_string}\"},\"query-input\":\"required name=search_term_string\"}],\"inLanguage\":\"hu\"},{\"@type\":\"Organization\",\"@id\":\"https:\/\/rmvapebang.com\/#organization\",\"name\":\"rmvapebang.com\",\"url\":\"https:\/\/rmvapebang.com\/\",\"logo\":{\"@type\":\"ImageObject\",\"inLanguage\":\"hu\",\"@id\":\"https:\/\/rmvapebang.com\/#\/schema\/logo\/image\/\",\"url\":\"https:\/\/rmvapebang.com\/wp-content\/uploads\/2024\/03\/cropped-RVBlogo.png\",\"contentUrl\":\"https:\/\/rmvapebang.com\/wp-content\/uploads\/2024\/03\/cropped-RVBlogo.png\",\"width\":507,\"height\":169,\"caption\":\"rmvapebang.com\"},\"image\":{\"@id\":\"https:\/\/rmvapebang.com\/#\/schema\/logo\/image\/\"}}]}<\/script>\n<!-- \/ Yoast SEO plugin. -->","yoast_head_json":{"title":"Waspe Crystal 40000 Puffs Disposabl Vape Good Price Bulk Sale - rmvapebang.com","description":"Look the Waspe crystal 40k Puffs Disposable Bulk sale vape,have 2%\/5% nicotine,which can choose 12 dual flavors and hot sale in market.","robots":{"index":"index","follow":"follow","max-snippet":"max-snippet:-1","max-image-preview":"max-image-preview:large","max-video-preview":"max-video-preview:-1"},"canonical":"https:\/\/rmvapebang.com\/hu\/product\/waspe-crystal-40000-puffs-disposabl-vape-good-price-bulk-sale\/","og_locale":"hu_HU","og_type":"article","og_title":"Waspe Crystal 40000 Puffs Disposabl Vape Good Price Bulk Sale - rmvapebang.com","og_description":"Look the Waspe crystal 40k Puffs Disposable Bulk sale vape,have 2%\/5% nicotine,which can choose 12 dual flavors and hot sale in market.","og_url":"https:\/\/rmvapebang.com\/hu\/product\/waspe-crystal-40000-puffs-disposabl-vape-good-price-bulk-sale\/","og_site_name":"rmvapebang.com","article_modified_time":"2026-04-06T11:53:58+00:00","og_image":[{"width":800,"height":800,"url":"http:\/\/rmvapebang.com\/wp-content\/uploads\/2025\/01\/Waspe-Crystal-vape-puffs-40k-Discount-price.webp","type":"image\/webp"}],"twitter_card":"summary_large_image","twitter_misc":{"Becs\u00fclt olvas\u00e1si id\u0151":"3 perc"},"schema":{"@context":"https:\/\/schema.org","@graph":[{"@type":"WebPage","@id":"https:\/\/rmvapebang.com\/product\/waspe-crystal-40000-puffs-disposabl-vape-good-price-bulk-sale\/","url":"https:\/\/rmvapebang.com\/product\/waspe-crystal-40000-puffs-disposabl-vape-good-price-bulk-sale\/","name":"Waspe Crystal 40000 Puffs Disposabl Vape Good Price Bulk Sale - rmvapebang.com","isPartOf":{"@id":"https:\/\/rmvapebang.com\/#website"},"primaryImageOfPage":{"@id":"https:\/\/rmvapebang.com\/product\/waspe-crystal-40000-puffs-disposabl-vape-good-price-bulk-sale\/#primaryimage"},"image":{"@id":"https:\/\/rmvapebang.com\/product\/waspe-crystal-40000-puffs-disposabl-vape-good-price-bulk-sale\/#primaryimage"},"thumbnailUrl":"https:\/\/rmvapebang.com\/wp-content\/uploads\/2025\/01\/Waspe-Crystal-vape-puffs-40k-Discount-price.webp","datePublished":"2025-01-17T06:59:01+00:00","dateModified":"2026-04-06T11:53:58+00:00","description":"Look the Waspe crystal 40k Puffs Disposable Bulk sale vape,have 2%\/5% nicotine,which can choose 12 dual flavors and hot sale in market.","breadcrumb":{"@id":"https:\/\/rmvapebang.com\/product\/waspe-crystal-40000-puffs-disposabl-vape-good-price-bulk-sale\/#breadcrumb"},"inLanguage":"hu","potentialAction":[{"@type":"ReadAction","target":["https:\/\/rmvapebang.com\/product\/waspe-crystal-40000-puffs-disposabl-vape-good-price-bulk-sale\/"]}]},{"@type":"ImageObject","inLanguage":"hu","@id":"https:\/\/rmvapebang.com\/product\/waspe-crystal-40000-puffs-disposabl-vape-good-price-bulk-sale\/#primaryimage","url":"https:\/\/rmvapebang.com\/wp-content\/uploads\/2025\/01\/Waspe-Crystal-vape-puffs-40k-Discount-price.webp","contentUrl":"https:\/\/rmvapebang.com\/wp-content\/uploads\/2025\/01\/Waspe-Crystal-vape-puffs-40k-Discount-price.webp","width":800,"height":800,"caption":"Waspe Crystal vape puffs 40k Discount price"},{"@type":"BreadcrumbList","@id":"https:\/\/rmvapebang.com\/product\/waspe-crystal-40000-puffs-disposabl-vape-good-price-bulk-sale\/#breadcrumb","itemListElement":[{"@type":"ListItem","position":1,"name":"Home","item":"https:\/\/rmvapebang.com\/"},{"@type":"ListItem","position":2,"name":"Hot Vape Shop","item":"https:\/\/rmvapebang.com\/shop-page\/"},{"@type":"ListItem","position":3,"name":"Waspe Crystal 40000 Puffs Disposabl Vape Good Price Bulk Sale"}]},{"@type":"WebSite","@id":"https:\/\/rmvapebang.com\/#website","url":"https:\/\/rmvapebang.com\/","name":"rmvapebang.com","description":"buy vape cheap","publisher":{"@id":"https:\/\/rmvapebang.com\/#organization"},"potentialAction":[{"@type":"SearchAction","target":{"@type":"EntryPoint","urlTemplate":"https:\/\/rmvapebang.com\/?s={search_term_string}"},"query-input":"required name=search_term_string"}],"inLanguage":"hu"},{"@type":"Organization","@id":"https:\/\/rmvapebang.com\/#organization","name":"rmvapebang.com","url":"https:\/\/rmvapebang.com\/","logo":{"@type":"ImageObject","inLanguage":"hu","@id":"https:\/\/rmvapebang.com\/#\/schema\/logo\/image\/","url":"https:\/\/rmvapebang.com\/wp-content\/uploads\/2024\/03\/cropped-RVBlogo.png","contentUrl":"https:\/\/rmvapebang.com\/wp-content\/uploads\/2024\/03\/cropped-RVBlogo.png","width":507,"height":169,"caption":"rmvapebang.com"},"image":{"@id":"https:\/\/rmvapebang.com\/#\/schema\/logo\/image\/"}}]}},"uagb_featured_image_src":{"full":["https:\/\/rmvapebang.com\/wp-content\/uploads\/2025\/01\/Waspe-Crystal-vape-puffs-40k-Discount-price.webp",800,800,false],"thumbnail":["https:\/\/rmvapebang.com\/wp-content\/uploads\/2025\/01\/Waspe-Crystal-vape-puffs-40k-Discount-price-150x150.webp",150,150,true],"medium":["https:\/\/rmvapebang.com\/wp-content\/uploads\/2025\/01\/Waspe-Crystal-vape-puffs-40k-Discount-price-300x300.webp",300,300,true],"medium_large":["https:\/\/rmvapebang.com\/wp-content\/uploads\/2025\/01\/Waspe-Crystal-vape-puffs-40k-Discount-price-768x768.webp",768,768,true],"large":["https:\/\/rmvapebang.com\/wp-content\/uploads\/2025\/01\/Waspe-Crystal-vape-puffs-40k-Discount-price.webp",800,800,false],"1536x1536":["https:\/\/rmvapebang.com\/wp-content\/uploads\/2025\/01\/Waspe-Crystal-vape-puffs-40k-Discount-price.webp",800,800,false],"2048x2048":["https:\/\/rmvapebang.com\/wp-content\/uploads\/2025\/01\/Waspe-Crystal-vape-puffs-40k-Discount-price.webp",800,800,false],"trp-custom-language-flag":["https:\/\/rmvapebang.com\/wp-content\/uploads\/2025\/01\/Waspe-Crystal-vape-puffs-40k-Discount-price.webp",12,12,false],"woocommerce_thumbnail":["https:\/\/rmvapebang.com\/wp-content\/uploads\/2025\/01\/Waspe-Crystal-vape-puffs-40k-Discount-price-300x300.webp",300,300,true],"woocommerce_single":["https:\/\/rmvapebang.com\/wp-content\/uploads\/2025\/01\/Waspe-Crystal-vape-puffs-40k-Discount-price-600x600.webp",600,600,true],"woocommerce_gallery_thumbnail":["https:\/\/rmvapebang.com\/wp-content\/uploads\/2025\/01\/Waspe-Crystal-vape-puffs-40k-Discount-price-100x100.webp",100,100,true],"wcpr-photo-reviews":["https:\/\/rmvapebang.com\/wp-content\/uploads\/2025\/01\/Waspe-Crystal-vape-puffs-40k-Discount-price.webp",500,500,false]},"uagb_author_info":{"display_name":"Lyn","author_link":"https:\/\/rmvapebang.com\/hu\/author\/"},"uagb_comment_info":0,"uagb_excerpt":"NOTE:\u00a0Prices on the website don\u2019t include shipping fee. Please send your zip code and address that we can check shipping costs for you. Top sale vape for Waspe crystal 40000 Puffs Disposable Vape! Offer 40000 puffs, and 12 dual flavors, 2%\/5% nicotine level, rechargeable and crystal design. Whatsapp:+86 17840853976 Scan on whatsapp for New Client&hellip;","_links":{"self":[{"href":"https:\/\/rmvapebang.com\/hu\/wp-json\/wp\/v2\/product\/3556","targetHints":{"allow":["GET"]}}],"collection":[{"href":"https:\/\/rmvapebang.com\/hu\/wp-json\/wp\/v2\/product"}],"about":[{"href":"https:\/\/rmvapebang.com\/hu\/wp-json\/wp\/v2\/types\/product"}],"replies":[{"embeddable":true,"href":"https:\/\/rmvapebang.com\/hu\/wp-json\/wp\/v2\/comments?post=3556"}],"wp:featuredmedia":[{"embeddable":true,"href":"https:\/\/rmvapebang.com\/hu\/wp-json\/wp\/v2\/media\/3550"}],"wp:attachment":[{"href":"https:\/\/rmvapebang.com\/hu\/wp-json\/wp\/v2\/media?parent=3556"}],"wp:term":[{"taxonomy":"product_brand","embeddable":true,"href":"https:\/\/rmvapebang.com\/hu\/wp-json\/wp\/v2\/product_brand?post=3556"},{"taxonomy":"product_cat","embeddable":true,"href":"https:\/\/rmvapebang.com\/hu\/wp-json\/wp\/v2\/product_cat?post=3556"},{"taxonomy":"product_tag","embeddable":true,"href":"https:\/\/rmvapebang.com\/hu\/wp-json\/wp\/v2\/product_tag?post=3556"}],"curies":[{"name":"wp","href":"https:\/\/api.w.org\/{rel}","templated":true}]}}