{"id":2858,"date":"2024-08-19T15:13:53","date_gmt":"2024-08-19T07:13:53","guid":{"rendered":"https:\/\/rmvapebang.com\/?post_type=product&#038;p=2858"},"modified":"2025-09-01T14:36:55","modified_gmt":"2025-09-01T06:36:55","slug":"bang-box-18000-smart-screen-vape-bulk-price-18k-puffs","status":"publish","type":"product","link":"https:\/\/rmvapebang.com\/hu\/product\/bang-box-18000-smart-screen-vape-bulk-price-18k-puffs\/","title":{"rendered":"Bang Box 18000 Smart Screen Vape Nagykereskedelmi \u00e1r 18k Puffs"},"content":{"rendered":"<h2>Bang Box 18000 Smart Screen Vape Nagykereskedelmi \u00e1r 18k Puffs<\/h2>\n<div class=\"flex-1 overflow-hidden\">\n<div class=\"react-scroll-to-bottom--css-rkeqe-79elbk h-full\">\n<div class=\"react-scroll-to-bottom--css-rkeqe-1n7m0yu\">\n<div class=\"flex flex-col text-sm pb-9\">\n<div class=\"w-full text-token-text-primary\" data-testid=\"conversation-turn-7\">\n<div class=\"px-4 py-2 justify-center text-base md:gap-6 m-auto\">\n<div class=\"flex flex-1 text-base mx-auto gap-3 md:px-5 lg:px-1 xl:px-5 md:max-w-3xl lg:max-w-[40rem] xl:max-w-[48rem] group final-completion\">\n<div class=\"relative flex w-full flex-col agent-turn\">\n<div class=\"flex-col gap-1 md:gap-3\">\n<div class=\"flex flex-grow flex-col max-w-full\">\n<div class=\"min-h-[20px] text-message flex flex-col items-start gap-3 whitespace-pre-wrap break-words [.text-message+&amp;]:mt-5 overflow-x-auto\" data-message-author-role=\"assistant\" data-message-id=\"a1f3b89f-a1c9-497d-a989-579b96e752e6\">\n<div class=\"markdown prose w-full break-words dark:prose-invert light\">\n<p><a href=\"https:\/\/rmvapebang.com\/hu\/product-category\/bang-box-vape\/\">Bang Doboz<\/a> Az 18000 Smart Screen Vape nagykereskedelmi \u00e1ron 18k slukk, okos k\u00e9perny\u0151s teljes\u00edtm\u00e9ny kijelz\u0151vel z\u00f6kken\u0151mentes \u00e9s hat\u00e9kony felhaszn\u00e1l\u00f3i \u00e9lm\u00e9nyt ny\u00fajt. Er\u0151teljes, 850mAh-s akkumul\u00e1tor\u00e1val \u00e9s 5A kis\u00fct\u00e9si sebess\u00e9g\u00e9vel a Bangbox 18000 slukkja folyamatos \u00e9s megb\u00edzhat\u00f3 haszn\u00e1latot biztos\u00edt eg\u00e9sz nap.<\/p>\n<p>Doboz <a href=\"https:\/\/rmvapebang.com\/hu\/product-category\/vape-18000-puffs\/\">vape 18000 slukkhoz<\/a> A Bang 1.0 ohmos mesh tekercses f\u0171t\u0151elemmel rendelkezik, amely minden slukkal egyenletes \u00e9s finom g\u0151zt biztos\u00edt.<\/p>\n<p>Ezenk\u00edv\u00fcl a Bangbox 18k slukkhoz val\u00f3 vape 26 ml e-liquid kapacit\u00e1st, 12 k\u00fcl\u00f6nb\u00f6z\u0151 \u00edzt \u00e9s 2% \u00e9s 5% nikotintartalmi opci\u00f3t k\u00edn\u00e1l, soksz\u00edn\u0171s\u00e9get \u00e9s k\u00e9nyelmet biztos\u00edtva. A Bangbox 18000 slukk Type-C t\u00f6lt\u0151vel t\u00f6lthet\u0151, ami gyors \u00e9s biztons\u00e1gos t\u00f6lt\u00e9st garant\u00e1l.<\/p>\n<p>Ha el\u0151sz\u00f6r pr\u00f3b\u00e1l ki egy eldobhat\u00f3 e-cigarett\u00e1t, a Bangbox 18000 slukk kiv\u00e1l\u00f3 v\u00e1laszt\u00e1s lesz.<\/p>\n<p><img loading=\"lazy\" decoding=\"async\" class=\"wp-image-2846\" src=\"http:\/\/rmvapebang.com\/wp-content\/uploads\/2024\/08\/Bangbox-vape-18000-puffs-good-price-1024x576.jpg\" alt=\"Bangbox vape 18000 slukk j\u00f3 \u00e1r\" width=\"956\" height=\"538\" srcset=\"https:\/\/rmvapebang.com\/wp-content\/uploads\/2024\/08\/Bangbox-vape-18000-puffs-good-price-1024x576.jpg 1024w, https:\/\/rmvapebang.com\/wp-content\/uploads\/2024\/08\/Bangbox-vape-18000-puffs-good-price-300x169.jpg 300w, https:\/\/rmvapebang.com\/wp-content\/uploads\/2024\/08\/Bangbox-vape-18000-puffs-good-price-768x432.jpg 768w, https:\/\/rmvapebang.com\/wp-content\/uploads\/2024\/08\/Bangbox-vape-18000-puffs-good-price-600x338.jpg 600w, https:\/\/rmvapebang.com\/wp-content\/uploads\/2024\/08\/Bangbox-vape-18000-puffs-good-price.jpg 1280w\" sizes=\"auto, (max-width: 956px) 100vw, 956px\" \/><\/p>\n<\/div>\n<\/div>\n<\/div>\n<\/div>\n<\/div>\n<\/div>\n<\/div>\n<\/div>\n<\/div>\n<\/div>\n<\/div>\n<\/div>\n<h2><strong>Milyen \u00edzei vannak a Bang Box 18K slukkos vape-nek?<\/strong><\/h2>\n<p>1.Eper kivi<br \/>\n2. \u00c1fony\u00e1s j\u00e9g<br \/>\n3.Eper G\u00f6r\u00f6gdinnye<br \/>\n4. g\u00f6r\u00f6gdinnye j\u00e9g<br \/>\n5. \u00c1fony\u00e1s-savany\u00fa m\u00e1ln\u00e1s j\u00e9g<br \/>\n6. M\u00e1lna-dinnye<br \/>\n7. Tigrisv\u00e9r<br \/>\n8. Tripla bogy\u00f3s j\u00e9g<br \/>\n9. Barackl\u00e9<br \/>\n10. Eper-mang\u00f3<br \/>\n11. Dupla alma<br \/>\n12. Mang\u00f3-barack-dinnye<\/p>\n<p><span style=\"font-size: 1.7em;font-weight: bold\">Specifik\u00e1ci\u00f3k a Bang Box 18K slukkhoz:<\/span><\/p>\n<p>\u2013\u00a0 <em><strong><span style=\"color: #ff0000\">18k<\/span><\/strong><\/em> Slukk<br \/>\n\u2013<em><strong><span style=\"color: #ff0000\">12<\/span><\/strong><\/em> \u00cdzek<br \/>\n\u2013 <em><strong><span style=\"color: #ff0000\">2%\/5%<\/span><\/strong><\/em> Nikotin er\u0151ss\u00e9g<br \/>\n\u2013 <em><strong><span style=\"color: #ff0000\">26 mL<\/span><\/strong><\/em> E-liquid kapacit\u00e1s<br \/>\n\u2013 Akkumul\u00e1tor kapacit\u00e1s <em><strong><span style=\"color: #ff0000\">850 mAh<\/span><\/strong><\/em><\/p>\n<h3>GYIK:<\/h3>\n<p>K: Mi a minim\u00e1lis rendel\u00e9si mennyis\u00e9g (MOQ) a Bang 18k box vape-hez?<\/p>\n<p>V: A Bang 18000 Puffs vape minim\u00e1lis rendel\u00e9si mennyis\u00e9ge (MOQ) 50 darab.<\/p>\n<p>K: Mennyi a sz\u00e1ll\u00edt\u00e1si id\u0151 a rendelt Bang Box 18K Puffs Vape-hez?<\/p>\n<p>V: \u00c1ltal\u00e1ban a Bang 18000 Puff Vapes sz\u00e1ll\u00edt\u00e1si ideje a kisz\u00e1ll\u00edt\u00e1st\u00f3l sz\u00e1m\u00edtott 10-15 nap.<\/p>\n<p>K: Mennyibe ker\u00fcl a Bang 15000 Vapes sz\u00e1ll\u00edt\u00e1sa?<\/p>\n<p>V: A sz\u00e1ll\u00edt\u00e1si k\u00f6lts\u00e9g a rendel\u00e9s s\u00faly\u00e1t\u00f3l f\u00fcgg. K\u00fcl\u00f6nb\u00f6z\u0151 mennyis\u00e9gek elt\u00e9r\u0151 sz\u00e1ll\u00edt\u00e1si k\u00f6lts\u00e9gekkel j\u00e1rhatnak. K\u00e9rj\u00fck, l\u00e9pjen kapcsolatba vel\u00fcnk a konkr\u00e9t rendel\u00e9s\u00e9nek sz\u00e1ll\u00edt\u00e1si k\u00f6lts\u00e9g\u00e9nek meger\u0151s\u00edt\u00e9se \u00e9rdek\u00e9ben.<\/p>\n<p>K: A Bang 18000 Puffs box Vape sz\u00e1ll\u00edthat\u00f3 az \u00e9n orsz\u00e1gomba?<\/p>\n<p>V: Igen, a Bang Box 18000 Puffs Vape-t a legt\u00f6bb eur\u00f3pai orsz\u00e1gba sz\u00e1ll\u00edtjuk, bele\u00e9rtve t\u00f6bbek k\u00f6z\u00f6tt Hollandi\u00e1t, N\u00e9metorsz\u00e1got, Franciaorsz\u00e1got, Spanyolorsz\u00e1got, Olaszorsz\u00e1got, Belgiumot, Luxemburgot, Ausztri\u00e1t, Csehorsz\u00e1got, Szlov\u00e1ki\u00e1t, Magyarorsz\u00e1got, Szlov\u00e9ni\u00e1t, Rom\u00e1ni\u00e1t, Bulg\u00e1ri\u00e1t, G\u00f6r\u00f6gorsz\u00e1got, Lengyelorsz\u00e1got, Sv\u00e9dorsz\u00e1got, \u00cdrorsz\u00e1got, Portug\u00e1li\u00e1t, Finnorsz\u00e1got, \u00c9sztorsz\u00e1got, Lettorsz\u00e1got \u00e9s Litv\u00e1ni\u00e1t. Ha b\u00e1rmilyen konkr\u00e9t k\u00e9rd\u00e9se van a Magyarorsz\u00e1gra t\u00f6rt\u00e9n\u0151 sz\u00e1ll\u00edt\u00e1ssal kapcsolatban, k\u00e9rj\u00fck, forduljon hozz\u00e1nk tov\u00e1bbi seg\u00edts\u00e9g\u00e9rt.<\/p>\n<p><strong>Tov\u00e1bbi term\u00e9kvide\u00f3k\u00e9rt l\u00e9pj kapcsolatba Lyn-nel!<\/strong><\/p>\n<p><a href=\"https:\/\/wa.me\/8617840853976\"><span style=\"color: #ff6600\"><strong><em>Whatsapp: +86 17840853976<\/em><\/strong><\/span><\/a><\/p>\n<p><img loading=\"lazy\" decoding=\"async\" class=\"alignnone size-medium wp-image-1905\" src=\"http:\/\/rmvapebang.com\/wp-content\/uploads\/2024\/03\/whatsapp-vape-2-202x300.jpg\" alt=\"\" width=\"202\" height=\"300\" \/><\/p>\n<p>Tov\u00e1bbi term\u00e9kek, amelyek tetszhetnek:<a href=\"https:\/\/rmvapebang.com\/hu\/shop-page\/\"><strong><em>V\u00e1s\u00e1rolj most<\/em><\/strong><\/a><\/p>\n<p>Egy\u00e9b puff, ami tetszhet:<a href=\"https:\/\/rmvapebang.com\/hu\/product\/mrvi-puffing-15k-puffs-wholesale-price-15000\/\">MRVI PUFFING 15K VAPE<\/a><a href=\"https:\/\/rmvapebang.com\/hu\/product\/randm-tornado-7000-puffs-hot-sales-wholesale-price-7k-vape\/\">\u00a0\/RM 7K Puffs\u00a0<\/a> \/<a href=\"https:\/\/rmvapebang.com\/hu\/product\/bangbox-9k-18k-puffs-geek-bar-with-bulk-price-vapes\/\">Bang box 9k 18k vape<\/a>\/<a href=\"https:\/\/rmvapebang.com\/hu\/product\/aivono-15k-puffs-bulk-price-15000-vapes\/\">aivono 15k vape<\/a>\/<a href=\"https:\/\/rmvapebang.com\/hu\/product\/elf-box-bar-600-puffs-wholesale-price-vapes\/\">ELF BAR 600 SZIPPANT\u00c1S<\/a><\/p>\n<p><span style=\"color: #ff0000\"><strong>Megjegyz\u00e9s: Minden term\u00e9k \u00e1ra a sz\u00e1ll\u00edt\u00e1si k\u00f6lts\u00e9get nem tartalmazza!!!<\/strong><\/span><\/p>","protected":false},"excerpt":{"rendered":"<p>Bang Box vape 18000 Puffs nagykereskedelmi \u00e1r\u00fa \u00fajrat\u00f6lthet\u0151 vape, doboz kialak\u00edt\u00e1s megegyezik a Bang 20k doboz modellj\u00e9vel<\/p>\n<p>A Bang Box 18K egy nagy kapacit\u00e1s\u00fa, \u00fajrat\u00f6lthet\u0151 vape k\u00e9sz\u00fcl\u00e9k, amely 15000 slukkot, 12 \u00edzt \u00e9s 2% \/ 5% nikotinszintet k\u00edn\u00e1l.<\/p>\n<p><strong><em>Whatsapp:<a href=\"https:\/\/wa.me\/8617840853976\">+86 17840853976<\/a><\/em><\/strong><\/p>\n<p>Szkennelje be a WhatsApp-ot az \u00faj \u00fcgyf\u00e9lkupon\u00e9rt<\/p>\n<p><img loading=\"lazy\" decoding=\"async\" class=\"alignnone size-medium wp-image-1905\" src=\"http:\/\/rmvapebang.com\/wp-content\/uploads\/2024\/03\/whatsapp-vape-2-202x300.jpg\" alt=\"\" width=\"202\" height=\"300\" \/><\/p>","protected":false},"featured_media":2845,"comment_status":"open","ping_status":"closed","template":"","meta":{"_uag_custom_page_level_css":"","_lmt_disableupdate":"no","_lmt_disable":"","site-sidebar-layout":"no-sidebar","site-content-layout":"boxed-container","ast-site-content-layout":"normal-width-container","site-content-style":"boxed","site-sidebar-style":"boxed","ast-global-header-display":"","ast-banner-title-visibility":"","ast-main-header-display":"","ast-hfb-above-header-display":"","ast-hfb-below-header-display":"","ast-hfb-mobile-header-display":"","site-post-title":"","ast-breadcrumbs-content":"","ast-featured-img":"","footer-sml-layout":"","theme-transparent-header-meta":"default","adv-header-id-meta":"","stick-header-meta":"","header-above-stick-meta":"","header-main-stick-meta":"","header-below-stick-meta":"","astra-migrate-meta-layouts":"set","ast-page-background-enabled":"default","ast-page-background-meta":{"desktop":{"background-color":"","background-image":"","background-repeat":"repeat","background-position":"center center","background-size":"auto","background-attachment":"scroll","background-type":"","background-media":"","overlay-type":"","overlay-color":"","overlay-gradient":""},"tablet":{"background-color":"","background-image":"","background-repeat":"repeat","background-position":"center center","background-size":"auto","background-attachment":"scroll","background-type":"","background-media":"","overlay-type":"","overlay-color":"","overlay-gradient":""},"mobile":{"background-color":"","background-image":"","background-repeat":"repeat","background-position":"center center","background-size":"auto","background-attachment":"scroll","background-type":"","background-media":"","overlay-type":"","overlay-color":"","overlay-gradient":""}},"ast-content-background-meta":{"desktop":{"background-color":"var(--ast-global-color-5)","background-image":"","background-repeat":"repeat","background-position":"center center","background-size":"auto","background-attachment":"scroll","background-type":"","background-media":"","overlay-type":"","overlay-color":"","overlay-gradient":""},"tablet":{"background-color":"var(--ast-global-color-5)","background-image":"","background-repeat":"repeat","background-position":"center center","background-size":"auto","background-attachment":"scroll","background-type":"","background-media":"","overlay-type":"","overlay-color":"","overlay-gradient":""},"mobile":{"background-color":"var(--ast-global-color-5)","background-image":"","background-repeat":"repeat","background-position":"center center","background-size":"auto","background-attachment":"scroll","background-type":"","background-media":"","overlay-type":"","overlay-color":"","overlay-gradient":""}},"_joinchat":[]},"product_brand":[],"product_cat":[122,39,41,42,40,78,43],"product_tag":[71,72,50,51,67,57,58,53,52],"class_list":{"0":"post-2858","1":"product","2":"type-product","3":"status-publish","4":"has-post-thumbnail","6":"product_cat-bang-box-vape","7":"product_cat-france-wholesale-vape","8":"product_cat-netherlands-wholesale-vape","9":"product_cat-spain-wholesale-vape","10":"product_cat-germany-wholesale-vape","11":"product_cat-vape-18000-puffs","12":"product_cat-vape-shop","13":"product_tag-18000-puffs","14":"product_tag-18k-puffs","15":"product_tag-bulk-price-vape-shop","16":"product_tag-disposable-vape","17":"product_tag-fast-price-sales","18":"product_tag-minimum-order-quantity-50pcs","19":"product_tag-moq-50pcs","20":"product_tag-rechargeable-vape","21":"product_tag-vape-wholesasle-price","22":"desktop-align-left","23":"tablet-align-left","24":"mobile-align-left","26":"first","27":"instock","28":"sale","29":"shipping-taxable","30":"purchasable","31":"product-type-simple"},"yoast_head":"<!-- This site is optimized with the Yoast SEO plugin v23.0 - https:\/\/yoast.com\/wordpress\/plugins\/seo\/ -->\n<title>Bang Box 18000 Smart Screen Vape Bulk Price 18k Puffs - rmvapebang.com<\/title>\n<meta name=\"description\" content=\"Bang Box 18K Puffs Wholesale Price,2% and 5% nicotine,12 flavors to choose. Contact now to get Wholesale Price of Bang Box 18000 vape! min order is 50pcs\" \/>\n<meta name=\"robots\" content=\"index, follow, max-snippet:-1, max-image-preview:large, max-video-preview:-1\" \/>\n<link rel=\"canonical\" href=\"https:\/\/rmvapebang.com\/hu\/product\/bang-box-18000-smart-screen-vape-bulk-price-18k-puffs\/\" \/>\n<meta property=\"og:locale\" content=\"hu_HU\" \/>\n<meta property=\"og:type\" content=\"article\" \/>\n<meta property=\"og:title\" content=\"Bang Box 18000 Smart Screen Vape Bulk Price 18k Puffs - rmvapebang.com\" \/>\n<meta property=\"og:description\" content=\"Bang Box 18K Puffs Wholesale Price,2% and 5% nicotine,12 flavors to choose. Contact now to get Wholesale Price of Bang Box 18000 vape! min order is 50pcs\" \/>\n<meta property=\"og:url\" content=\"https:\/\/rmvapebang.com\/hu\/product\/bang-box-18000-smart-screen-vape-bulk-price-18k-puffs\/\" \/>\n<meta property=\"og:site_name\" content=\"rmvapebang.com\" \/>\n<meta property=\"article:modified_time\" content=\"2025-09-01T06:36:55+00:00\" \/>\n<meta property=\"og:image\" content=\"https:\/\/rmvapebang.com\/wp-content\/uploads\/2024\/08\/Bangbox-vape-18000-puffs-bulk-price.png\" \/>\n\t<meta property=\"og:image:width\" content=\"1000\" \/>\n\t<meta property=\"og:image:height\" content=\"1000\" \/>\n\t<meta property=\"og:image:type\" content=\"image\/png\" \/>\n<meta name=\"twitter:card\" content=\"summary_large_image\" \/>\n<meta name=\"twitter:label1\" content=\"Becs\u00fclt olvas\u00e1si id\u0151\" \/>\n\t<meta name=\"twitter:data1\" content=\"3 perc\" \/>\n<script type=\"application\/ld+json\" class=\"yoast-schema-graph\">{\"@context\":\"https:\/\/schema.org\",\"@graph\":[{\"@type\":\"WebPage\",\"@id\":\"https:\/\/rmvapebang.com\/hu\/product\/bang-box-18000-smart-screen-vape-bulk-price-18k-puffs\/\",\"url\":\"https:\/\/rmvapebang.com\/hu\/product\/bang-box-18000-smart-screen-vape-bulk-price-18k-puffs\/\",\"name\":\"Bang Box 18000 Smart Screen Vape Bulk Price 18k Puffs - rmvapebang.com\",\"isPartOf\":{\"@id\":\"https:\/\/rmvapebang.com\/#website\"},\"primaryImageOfPage\":{\"@id\":\"https:\/\/rmvapebang.com\/hu\/product\/bang-box-18000-smart-screen-vape-bulk-price-18k-puffs\/#primaryimage\"},\"image\":{\"@id\":\"https:\/\/rmvapebang.com\/hu\/product\/bang-box-18000-smart-screen-vape-bulk-price-18k-puffs\/#primaryimage\"},\"thumbnailUrl\":\"https:\/\/rmvapebang.com\/wp-content\/uploads\/2024\/08\/Bangbox-vape-18000-puffs-bulk-price.png\",\"datePublished\":\"2024-08-19T07:13:53+00:00\",\"dateModified\":\"2025-09-01T06:36:55+00:00\",\"description\":\"Bang Box 18K Puffs Wholesale Price,2% and 5% nicotine,12 flavors to choose. Contact now to get Wholesale Price of Bang Box 18000 vape! min order is 50pcs\",\"breadcrumb\":{\"@id\":\"https:\/\/rmvapebang.com\/hu\/product\/bang-box-18000-smart-screen-vape-bulk-price-18k-puffs\/#breadcrumb\"},\"inLanguage\":\"hu\",\"potentialAction\":[{\"@type\":\"ReadAction\",\"target\":[\"https:\/\/rmvapebang.com\/hu\/product\/bang-box-18000-smart-screen-vape-bulk-price-18k-puffs\/\"]}]},{\"@type\":\"ImageObject\",\"inLanguage\":\"hu\",\"@id\":\"https:\/\/rmvapebang.com\/hu\/product\/bang-box-18000-smart-screen-vape-bulk-price-18k-puffs\/#primaryimage\",\"url\":\"https:\/\/rmvapebang.com\/wp-content\/uploads\/2024\/08\/Bangbox-vape-18000-puffs-bulk-price.png\",\"contentUrl\":\"https:\/\/rmvapebang.com\/wp-content\/uploads\/2024\/08\/Bangbox-vape-18000-puffs-bulk-price.png\",\"width\":1000,\"height\":1000,\"caption\":\"Bangbox vape 18000 puffs bulk price\"},{\"@type\":\"BreadcrumbList\",\"@id\":\"https:\/\/rmvapebang.com\/hu\/product\/bang-box-18000-smart-screen-vape-bulk-price-18k-puffs\/#breadcrumb\",\"itemListElement\":[{\"@type\":\"ListItem\",\"position\":1,\"name\":\"Home\",\"item\":\"https:\/\/rmvapebang.com\/\"},{\"@type\":\"ListItem\",\"position\":2,\"name\":\"Hot Vape Shop\",\"item\":\"https:\/\/rmvapebang.com\/shop-page\/\"},{\"@type\":\"ListItem\",\"position\":3,\"name\":\"Bang Box 18000 Smart Screen Vape Bulk Price 18k Puffs\"}]},{\"@type\":\"WebSite\",\"@id\":\"https:\/\/rmvapebang.com\/#website\",\"url\":\"https:\/\/rmvapebang.com\/\",\"name\":\"rmvapebang.com\",\"description\":\"buy vape cheap\",\"publisher\":{\"@id\":\"https:\/\/rmvapebang.com\/#organization\"},\"potentialAction\":[{\"@type\":\"SearchAction\",\"target\":{\"@type\":\"EntryPoint\",\"urlTemplate\":\"https:\/\/rmvapebang.com\/?s={search_term_string}\"},\"query-input\":\"required name=search_term_string\"}],\"inLanguage\":\"hu\"},{\"@type\":\"Organization\",\"@id\":\"https:\/\/rmvapebang.com\/#organization\",\"name\":\"rmvapebang.com\",\"url\":\"https:\/\/rmvapebang.com\/\",\"logo\":{\"@type\":\"ImageObject\",\"inLanguage\":\"hu\",\"@id\":\"https:\/\/rmvapebang.com\/#\/schema\/logo\/image\/\",\"url\":\"https:\/\/rmvapebang.com\/wp-content\/uploads\/2024\/03\/cropped-RVBlogo.png\",\"contentUrl\":\"https:\/\/rmvapebang.com\/wp-content\/uploads\/2024\/03\/cropped-RVBlogo.png\",\"width\":507,\"height\":169,\"caption\":\"rmvapebang.com\"},\"image\":{\"@id\":\"https:\/\/rmvapebang.com\/#\/schema\/logo\/image\/\"}}]}<\/script>\n<!-- \/ Yoast SEO plugin. -->","yoast_head_json":{"title":"Bang Box 18000 Smart Screen Vape Bulk Price 18k Puffs - rmvapebang.com","description":"Bang Box 18K Puffs Wholesale Price,2% and 5% nicotine,12 flavors to choose. Contact now to get Wholesale Price of Bang Box 18000 vape! min order is 50pcs","robots":{"index":"index","follow":"follow","max-snippet":"max-snippet:-1","max-image-preview":"max-image-preview:large","max-video-preview":"max-video-preview:-1"},"canonical":"https:\/\/rmvapebang.com\/hu\/product\/bang-box-18000-smart-screen-vape-bulk-price-18k-puffs\/","og_locale":"hu_HU","og_type":"article","og_title":"Bang Box 18000 Smart Screen Vape Bulk Price 18k Puffs - rmvapebang.com","og_description":"Bang Box 18K Puffs Wholesale Price,2% and 5% nicotine,12 flavors to choose. Contact now to get Wholesale Price of Bang Box 18000 vape! min order is 50pcs","og_url":"https:\/\/rmvapebang.com\/hu\/product\/bang-box-18000-smart-screen-vape-bulk-price-18k-puffs\/","og_site_name":"rmvapebang.com","article_modified_time":"2025-09-01T06:36:55+00:00","og_image":[{"width":1000,"height":1000,"url":"https:\/\/rmvapebang.com\/wp-content\/uploads\/2024\/08\/Bangbox-vape-18000-puffs-bulk-price.png","type":"image\/png"}],"twitter_card":"summary_large_image","twitter_misc":{"Becs\u00fclt olvas\u00e1si id\u0151":"3 perc"},"schema":{"@context":"https:\/\/schema.org","@graph":[{"@type":"WebPage","@id":"https:\/\/rmvapebang.com\/hu\/product\/bang-box-18000-smart-screen-vape-bulk-price-18k-puffs\/","url":"https:\/\/rmvapebang.com\/hu\/product\/bang-box-18000-smart-screen-vape-bulk-price-18k-puffs\/","name":"Bang Box 18000 Smart Screen Vape Bulk Price 18k Puffs - rmvapebang.com","isPartOf":{"@id":"https:\/\/rmvapebang.com\/#website"},"primaryImageOfPage":{"@id":"https:\/\/rmvapebang.com\/hu\/product\/bang-box-18000-smart-screen-vape-bulk-price-18k-puffs\/#primaryimage"},"image":{"@id":"https:\/\/rmvapebang.com\/hu\/product\/bang-box-18000-smart-screen-vape-bulk-price-18k-puffs\/#primaryimage"},"thumbnailUrl":"https:\/\/rmvapebang.com\/wp-content\/uploads\/2024\/08\/Bangbox-vape-18000-puffs-bulk-price.png","datePublished":"2024-08-19T07:13:53+00:00","dateModified":"2025-09-01T06:36:55+00:00","description":"Bang Box 18K Puffs Wholesale Price,2% and 5% nicotine,12 flavors to choose. Contact now to get Wholesale Price of Bang Box 18000 vape! min order is 50pcs","breadcrumb":{"@id":"https:\/\/rmvapebang.com\/hu\/product\/bang-box-18000-smart-screen-vape-bulk-price-18k-puffs\/#breadcrumb"},"inLanguage":"hu","potentialAction":[{"@type":"ReadAction","target":["https:\/\/rmvapebang.com\/hu\/product\/bang-box-18000-smart-screen-vape-bulk-price-18k-puffs\/"]}]},{"@type":"ImageObject","inLanguage":"hu","@id":"https:\/\/rmvapebang.com\/hu\/product\/bang-box-18000-smart-screen-vape-bulk-price-18k-puffs\/#primaryimage","url":"https:\/\/rmvapebang.com\/wp-content\/uploads\/2024\/08\/Bangbox-vape-18000-puffs-bulk-price.png","contentUrl":"https:\/\/rmvapebang.com\/wp-content\/uploads\/2024\/08\/Bangbox-vape-18000-puffs-bulk-price.png","width":1000,"height":1000,"caption":"Bangbox vape 18000 puffs bulk price"},{"@type":"BreadcrumbList","@id":"https:\/\/rmvapebang.com\/hu\/product\/bang-box-18000-smart-screen-vape-bulk-price-18k-puffs\/#breadcrumb","itemListElement":[{"@type":"ListItem","position":1,"name":"Home","item":"https:\/\/rmvapebang.com\/"},{"@type":"ListItem","position":2,"name":"Hot Vape Shop","item":"https:\/\/rmvapebang.com\/shop-page\/"},{"@type":"ListItem","position":3,"name":"Bang Box 18000 Smart Screen Vape Bulk Price 18k Puffs"}]},{"@type":"WebSite","@id":"https:\/\/rmvapebang.com\/#website","url":"https:\/\/rmvapebang.com\/","name":"rmvapebang.com","description":"buy vape cheap","publisher":{"@id":"https:\/\/rmvapebang.com\/#organization"},"potentialAction":[{"@type":"SearchAction","target":{"@type":"EntryPoint","urlTemplate":"https:\/\/rmvapebang.com\/?s={search_term_string}"},"query-input":"required name=search_term_string"}],"inLanguage":"hu"},{"@type":"Organization","@id":"https:\/\/rmvapebang.com\/#organization","name":"rmvapebang.com","url":"https:\/\/rmvapebang.com\/","logo":{"@type":"ImageObject","inLanguage":"hu","@id":"https:\/\/rmvapebang.com\/#\/schema\/logo\/image\/","url":"https:\/\/rmvapebang.com\/wp-content\/uploads\/2024\/03\/cropped-RVBlogo.png","contentUrl":"https:\/\/rmvapebang.com\/wp-content\/uploads\/2024\/03\/cropped-RVBlogo.png","width":507,"height":169,"caption":"rmvapebang.com"},"image":{"@id":"https:\/\/rmvapebang.com\/#\/schema\/logo\/image\/"}}]}},"uagb_featured_image_src":{"full":["https:\/\/rmvapebang.com\/wp-content\/uploads\/2024\/08\/Bangbox-vape-18000-puffs-bulk-price.png",1000,1000,false],"thumbnail":["https:\/\/rmvapebang.com\/wp-content\/uploads\/2024\/08\/Bangbox-vape-18000-puffs-bulk-price-150x150.png",150,150,true],"medium":["https:\/\/rmvapebang.com\/wp-content\/uploads\/2024\/08\/Bangbox-vape-18000-puffs-bulk-price-300x300.png",300,300,true],"medium_large":["https:\/\/rmvapebang.com\/wp-content\/uploads\/2024\/08\/Bangbox-vape-18000-puffs-bulk-price-768x768.png",768,768,true],"large":["https:\/\/rmvapebang.com\/wp-content\/uploads\/2024\/08\/Bangbox-vape-18000-puffs-bulk-price.png",1000,1000,false],"1536x1536":["https:\/\/rmvapebang.com\/wp-content\/uploads\/2024\/08\/Bangbox-vape-18000-puffs-bulk-price.png",1000,1000,false],"2048x2048":["https:\/\/rmvapebang.com\/wp-content\/uploads\/2024\/08\/Bangbox-vape-18000-puffs-bulk-price.png",1000,1000,false],"trp-custom-language-flag":["https:\/\/rmvapebang.com\/wp-content\/uploads\/2024\/08\/Bangbox-vape-18000-puffs-bulk-price.png",12,12,false],"woocommerce_thumbnail":["https:\/\/rmvapebang.com\/wp-content\/uploads\/2024\/08\/Bangbox-vape-18000-puffs-bulk-price-300x300.png",300,300,true],"woocommerce_single":["https:\/\/rmvapebang.com\/wp-content\/uploads\/2024\/08\/Bangbox-vape-18000-puffs-bulk-price-600x600.png",600,600,true],"woocommerce_gallery_thumbnail":["https:\/\/rmvapebang.com\/wp-content\/uploads\/2024\/08\/Bangbox-vape-18000-puffs-bulk-price-100x100.png",100,100,true],"wcpr-photo-reviews":["https:\/\/rmvapebang.com\/wp-content\/uploads\/2024\/08\/Bangbox-vape-18000-puffs-bulk-price.png",500,500,false]},"uagb_author_info":{"display_name":"Lyn","author_link":"https:\/\/rmvapebang.com\/hu\/author\/"},"uagb_comment_info":0,"uagb_excerpt":"Bang Box vape 18000 Puffs Wholesale Price Vape Rechargeable,box design same model as Bang 20k box 18K of Bang Box is a high-capacity rechargeable vape device offering 15000 puffs with 12 flavors and 2%\/5% nicotine levels. Whatsapp:+86 17840853976 Scan on whatsapp for New Client coupon","_links":{"self":[{"href":"https:\/\/rmvapebang.com\/hu\/wp-json\/wp\/v2\/product\/2858","targetHints":{"allow":["GET"]}}],"collection":[{"href":"https:\/\/rmvapebang.com\/hu\/wp-json\/wp\/v2\/product"}],"about":[{"href":"https:\/\/rmvapebang.com\/hu\/wp-json\/wp\/v2\/types\/product"}],"replies":[{"embeddable":true,"href":"https:\/\/rmvapebang.com\/hu\/wp-json\/wp\/v2\/comments?post=2858"}],"wp:featuredmedia":[{"embeddable":true,"href":"https:\/\/rmvapebang.com\/hu\/wp-json\/wp\/v2\/media\/2845"}],"wp:attachment":[{"href":"https:\/\/rmvapebang.com\/hu\/wp-json\/wp\/v2\/media?parent=2858"}],"wp:term":[{"taxonomy":"product_brand","embeddable":true,"href":"https:\/\/rmvapebang.com\/hu\/wp-json\/wp\/v2\/product_brand?post=2858"},{"taxonomy":"product_cat","embeddable":true,"href":"https:\/\/rmvapebang.com\/hu\/wp-json\/wp\/v2\/product_cat?post=2858"},{"taxonomy":"product_tag","embeddable":true,"href":"https:\/\/rmvapebang.com\/hu\/wp-json\/wp\/v2\/product_tag?post=2858"}],"curies":[{"name":"wp","href":"https:\/\/api.w.org\/{rel}","templated":true}]}}