{"id":5810,"date":"2026-03-20T10:40:56","date_gmt":"2026-03-20T02:40:56","guid":{"rendered":"https:\/\/rmvapebang.com\/?post_type=product&#038;p=5810"},"modified":"2026-03-19T16:18:23","modified_gmt":"2026-03-19T08:18:23","slug":"bnag-king-200k-disposable-vape-8-in-1-rechargeable-bulk-wholesale","status":"publish","type":"product","link":"https:\/\/rmvapebang.com\/hr\/product\/bnag-king-200k-disposable-vape-8-in-1-rechargeable-bulk-wholesale\/","title":{"rendered":"BNAG KING 200K Jednokratni vaporizator 8 u 1 Punjivi Veliki Maloprodaja"},"content":{"rendered":"<h2 style=\"text-align: left\">BNAG KING 200K Jednokratni vaporizator 8 u 1 Punjivi Veliki Maloprodaja<\/h2>\n<p>BNAG KING 200K Jednokratni vaporizator 8 u 1 Punjivi Veliki Maloprodaja namijenjen za tr\u017ei\u0161te visokog zahtjeva u EU, kombiniraju\u0107i ultra-dugi radni vijek s fleksibilnom kontrolom okusa.<\/p>\n<p>Ovaj 8 u 1 jednokratni vaporizator s do 200000 udisaja omogu\u0107ava korisnicima da se prebacuju izme\u0111u vi\u0161e okusa u jednom ure\u0111aju, pru\u017eaju\u0107i jedinstveno vi\u0161estrano iskustvo u vaporiziranju. <a href=\"https:\/\/rmvapebang.com\/hr\/product-category\/bang-vapes\/\"><strong><em>Vape BNAG KING<\/em><\/strong> <\/a>napaja ga punjiva baterija od 650mAh s Type-C punjenjem i opremljen je s<a href=\"https:\/\/rmvapebang.com\/hr\/product-category\/smart-display\/\"> <strong><em>LED prikaz<\/em><\/strong><\/a>, <a href=\"https:\/\/rmvapebang.com\/hr\/product-category\/vape-200000-puffs\/\"><strong><em>200k udisaja vaporizator<\/em> <\/strong><\/a>osigurava dosljedan rad i prakti\u010dnost.<\/p>\n<p><a href=\"https:\/\/rmvapebang.com\/hr\/product-category\/vape-200000-puffs\/\"><em><strong>Jednokratni vaporizator od 200000 udisaja<\/strong> <\/em><\/a>dizajniran za kupce na veliko, ovaj visokopuff jednokratni vaporizator nudi sna\u017ene cijene, stabilnu opskrbu i brzu dostavu iz skladi\u0161ta u EU.<\/p>\n<figure id=\"attachment_5817\" aria-describedby=\"caption-attachment-5817\" style=\"width: 800px\" class=\"wp-caption alignnone\"><img loading=\"lazy\" decoding=\"async\" class=\"wp-image-5817 size-full\" src=\"http:\/\/rmvapebang.com\/wp-content\/uploads\/2026\/03\/BNAG-KING-200K-Flavor-Selection-Overview.webp\" alt=\"Jednokratni vape s vi\u0161e okusa, vo\u0107ni bomboni, ledeni okusi, 200k udisaja vape\" width=\"800\" height=\"653\" srcset=\"https:\/\/rmvapebang.com\/wp-content\/uploads\/2026\/03\/BNAG-KING-200K-Flavor-Selection-Overview.webp 800w, https:\/\/rmvapebang.com\/wp-content\/uploads\/2026\/03\/BNAG-KING-200K-Flavor-Selection-Overview-300x245.webp 300w, https:\/\/rmvapebang.com\/wp-content\/uploads\/2026\/03\/BNAG-KING-200K-Flavor-Selection-Overview-768x627.webp 768w, https:\/\/rmvapebang.com\/wp-content\/uploads\/2026\/03\/BNAG-KING-200K-Flavor-Selection-Overview-15x12.webp 15w, https:\/\/rmvapebang.com\/wp-content\/uploads\/2026\/03\/BNAG-KING-200K-Flavor-Selection-Overview-600x490.webp 600w\" sizes=\"auto, (max-width: 800px) 100vw, 800px\" \/><figcaption id=\"caption-attachment-5817\" class=\"wp-caption-text\">\u0160irok raspon okusa vo\u0107a, slatki\u0161a i leda u sustavu vaporizatora 8 u 1<\/figcaption><\/figure>\n<h3><strong>Popis okusa za Bangking 200k Udisaja\u00a0<\/strong><\/h3>\n<p>1. Plavi Razz Ice \/ Breskva Ice \/ Gro\u017e\u0111e Ice \/ Mango Ice<br \/>\n2. Breskva Mango Lubenica \/ Red Bull \/ Jagoda Red Bull \/ Jagoda Kiwi<br \/>\n3. Jagoda Mango \/ Jagoda Sladoled \/ Banana Ice \/ Jagoda Lje\u0161njak<br \/>\n4. Dvostruka Jabuka \/ Mango Breskva \/ Jagoda Lubenica \/ Jagoda Vanilija Coca-Cola<br \/>\n5. Crni Zmaj Ice \/ Love 66 \/ Gospodin Blue \/ Jagoda Limunada<br \/>\n6. Kiwi Pasijonski Vo\u0107e Guava \/ Gummy Medo \/ Duga\u010dak Slatki\u0161 \/ Pamuk Vata<br \/>\n7. Lubenica Ice \/ Limun &amp; Menta \/ Jagoda Ice \/ Plavi Razz Vi\u0161nja<br \/>\n8. Trostruko Bobi\u010dasto Vo\u0107e \/ Tropsko Vo\u0107e \/ Jagoda Banana \/ Roza Limunada<br \/>\n9. Trostruki dinja \/ Plavi borovnica led \/ Vi\u0161nja bomba \/ Ananas kokos<br \/>\n10. Lubenica \u017evaka\u0107a \/ Plave borovnice maline \/ Malina lubenica \/ Lubenica plava borovnica<br \/>\n11. Hladni menta \/ Breskva vi\u0161nja \/ Breskva bobi\u010dasto vo\u0107e limun \/ Kivi lubenica led<br \/>\n12. Gazirani limun i limeta \/ Jabu\u010dni mojito \/ Ananas led \/ Cola led<\/p>\n<h2>Zna\u010dajke za jednokratni vape s 200.000 udisaja<\/h2>\n<ul>\n<li>\ud83d\udd25 200K Ultra High Puffs: Dugotrajne performanse namijenjene te\u0161kim korisnicima i tr\u017ei\u0161tima s velikim zahtjevima.<\/li>\n<li>\ud83c\udf9b\ufe0f 8 u 1 mijenjanje okusa: Vi\u0161e okusa u jednom ure\u0111aju za fleksibilnije iskustvo pu\u0161enja.<\/li>\n<li>\ud83d\udd0b Puni se + LED zaslon: Punjenje Type-C s jasnim prikazom baterije i kori\u0161tenja.<\/li>\n<li>\u2699\ufe0f \u010cetverostruki kalem za glatki izlaz: Stabilna proizvodnja pare s bogatim i dosljednim okusom.<\/li>\n<li>\ud83d\ude9a Na skladi\u0161tu u EU: Brza dostava s pouzdanim lokalnim skladi\u0161tem.<\/li>\n<\/ul>\n<h3>Za\u0161to odabrati BNAG KING 200K<\/h3>\n<ul>\n<li data-start=\"2486\" data-end=\"2622\">Sna\u017ena prednost veleprodajne cijene: Direktna veleprodaja s konkurentnim cijenama, idealno za distributere i velike kupce.<\/li>\n<li data-start=\"2624\" data-end=\"2745\">Visoka potra\u017enja na tr\u017ei\u0161tu s 200K udisaja: Ultra visoki ure\u0111aji za jednokratno pu\u0161enje brzo dominiraju tr\u017ei\u0161tem EU.<\/li>\n<li data-start=\"2747\" data-end=\"2871\">Inovacija s vi\u0161e okusa (8 u 1): Privla\u010dniji od standardnih ure\u0111aja s jednim okusom, pove\u0107ava prodaju.<\/li>\n<li data-start=\"2873\" data-end=\"2978\">Stabilna EU skladi\u0161na opskrba: Lokalno skladi\u0161te smanjuje vrijeme dostave i pove\u0107ava zadovoljstvo kupaca.<\/li>\n<li data-start=\"2980\" data-end=\"3096\">Visoki potencijal ponovne kupnje: \u0160irok izbor okusa + dugotrajna upotreba = ja\u010da lojalnost kupaca.<\/li>\n<\/ul>\n<h3>\u010cesto postavljana pitanja za BNAG KING 200K 8-u-1 jednokratni vape<\/h3>\n<p><strong>Q1. \u0160to je BNAG KING 200K 8-u-1 jednokratni vape?<\/strong><br \/>\nA1: BNAG KING 200K je visokoudisni jednokratni vape s do 200000 udisaja i sustavom promjene okusa 8 u 1.<\/p>\n<p><strong>PITANJE 2. Je li BNAG KING 200K punjiv?<\/strong><br \/>\nODGOVOR 2: Da. 200 tisu\u0107a udisaja vapea dolazi s ugra\u0111enom punjivom baterijom od 650mAh i Type-C priklju\u010dkom za brzo i jednostavno punjenje.<\/p>\n<p><strong>PITANJE 3. Ima li pametni LED ekran za puff 200k?<\/strong><br \/>\nODGOVOR 3: Da. Ure\u0111aj je opremljen LED zaslonom koji prikazuje status baterije i informacije o kori\u0161tenju za bolju kontrolu i udobnost.<\/p>\n<p><strong>PITANJE 4. Za koga je ovaj proizvod na veliko od 200000 udisaja prikladan?<\/strong><br \/>\nODGOVOR 4: Bang king 200k je idealan za veleprodajne trgovce vape ure\u0111ajima, distributere i maloprodajne trgovce koji tra\u017ee jednokratne vape proizvode s velikim brojem udisaja i sna\u017enim potencijalom tr\u017ei\u0161nog prometa.<\/p>\n<p><strong>Kontaktirajte Lyn za vi\u0161e videozapisa proizvoda!<\/strong><\/p>\n<p><a href=\"https:\/\/wa.me\/8617840853976\"><span style=\"color: #ff6600\"><strong><em>Whatsapp:+385 17840853976<\/em><\/strong><\/span><\/a><\/p>\n<p><img loading=\"lazy\" decoding=\"async\" class=\"alignnone size-medium wp-image-1905\" src=\"http:\/\/rmvapebang.com\/wp-content\/uploads\/2024\/03\/whatsapp-vape-2-202x300.jpg\" alt=\"\" width=\"202\" height=\"300\" \/><\/p>\n<p>Prona\u0111ite vi\u0161e proizvoda koji bi vam se mogli svidjeti:<a href=\"https:\/\/rmvapebang.com\/hr\/shop-page\/\"><strong><em>Kupite sada<\/em><\/strong><\/a><\/p>\n<p>ostali puffovi koji bi vam se mogli svidjeti:<\/p>\n<p><em><a href=\"https:\/\/rmvapebang.com\/hr\/product\/wasbar-60k-rechargeable-disposable-vape-wholesale\/\"><span class=\"BZ_Pyq_fadeIn\">WASBAR\u00a0<\/span><span class=\"BZ_Pyq_fadeIn\">60K udisaja <\/span><span class=\"BZ_Pyq_fadeIn\">Jednokratni\u00a0<\/span><span class=\"BZ_Pyq_fadeIn\">Vape s pametnim zaslonom, hit prodaja u skladi\u0161tu u Europi<\/span><\/a><\/em><\/p>\n<p><em><a href=\"https:\/\/rmvapebang.com\/hr\/product\/vapen-titan-10k-puffs-disposable-vape-wholesale\/\">Jednokratni vape s 10000 udisaja, tornado dizajn, lako za no\u0161enje za svakodnevni \u017eivot<\/a><\/em><\/p>\n<p><em><a href=\"https:\/\/rmvapebang.com\/hr\/product\/bang-leader-350000-puffs-multi-flavor-rechargeable-disposable-vape-8-in-1-high-puff-vape\/\">Bang Leader 350000 Udisaja, 8 u 1 okusa, sni\u017eenje cijene na akciji<\/a><\/em><\/p>","protected":false},"excerpt":{"rendered":"<p><span style=\"color: #ff0000\"><strong>NAPOMENA:<\/strong><em>Cijene na web stranici ne uklju\u010duju tro\u0161kove dostave. Molimo po\u0161aljite svoj po\u0161tanski broj i adresu kako bismo provjerili tro\u0161kove dostave za vas.<\/em><\/span><\/p>\n<p>High puff 200K jednokratni vape s sustavom za mijenjanje okusa 8 u 1, pru\u017ea glatko i prilagodljivo iskustvo pu\u0161enja. Dizajniran za veleprodajno tr\u017ei\u0161te EU s stabilnim radom, punjivom baterijom i brzim isporukama iz skladi\u0161ta.<\/p>\n<p><a href=\"https:\/\/wa.me\/8617840853976\"><strong><em>Whatsapp:+385 17840853976<\/em><\/strong><\/a><br \/>\n<img loading=\"lazy\" decoding=\"async\" class=\"alignnone size-medium wp-image-1905\" src=\"http:\/\/rmvapebang.com\/wp-content\/uploads\/2024\/03\/whatsapp-vape-2-202x300.jpg\" alt=\"\" width=\"202\" height=\"300\" \/><\/p>\n<p>Skenirajte na WhatsAppu za kupon za novog klijenta<\/p>","protected":false},"featured_media":5816,"comment_status":"open","ping_status":"closed","template":"","meta":{"_uag_custom_page_level_css":"","_lmt_disableupdate":"no","_lmt_disable":"","site-sidebar-layout":"no-sidebar","site-content-layout":"boxed-container","ast-site-content-layout":"normal-width-container","site-content-style":"boxed","site-sidebar-style":"boxed","ast-global-header-display":"","ast-banner-title-visibility":"","ast-main-header-display":"","ast-hfb-above-header-display":"","ast-hfb-below-header-display":"","ast-hfb-mobile-header-display":"","site-post-title":"","ast-breadcrumbs-content":"","ast-featured-img":"","footer-sml-layout":"","theme-transparent-header-meta":"default","adv-header-id-meta":"","stick-header-meta":"","header-above-stick-meta":"","header-main-stick-meta":"","header-below-stick-meta":"","astra-migrate-meta-layouts":"set","ast-page-background-enabled":"default","ast-page-background-meta":{"desktop":{"background-color":"","background-image":"","background-repeat":"repeat","background-position":"center center","background-size":"auto","background-attachment":"scroll","background-type":"","background-media":"","overlay-type":"","overlay-color":"","overlay-gradient":""},"tablet":{"background-color":"","background-image":"","background-repeat":"repeat","background-position":"center center","background-size":"auto","background-attachment":"scroll","background-type":"","background-media":"","overlay-type":"","overlay-color":"","overlay-gradient":""},"mobile":{"background-color":"","background-image":"","background-repeat":"repeat","background-position":"center center","background-size":"auto","background-attachment":"scroll","background-type":"","background-media":"","overlay-type":"","overlay-color":"","overlay-gradient":""}},"ast-content-background-meta":{"desktop":{"background-color":"var(--ast-global-color-5)","background-image":"","background-repeat":"repeat","background-position":"center center","background-size":"auto","background-attachment":"scroll","background-type":"","background-media":"","overlay-type":"","overlay-color":"","overlay-gradient":""},"tablet":{"background-color":"var(--ast-global-color-5)","background-image":"","background-repeat":"repeat","background-position":"center center","background-size":"auto","background-attachment":"scroll","background-type":"","background-media":"","overlay-type":"","overlay-color":"","overlay-gradient":""},"mobile":{"background-color":"var(--ast-global-color-5)","background-image":"","background-repeat":"repeat","background-position":"center center","background-size":"auto","background-attachment":"scroll","background-type":"","background-media":"","overlay-type":"","overlay-color":"","overlay-gradient":""}},"_joinchat":[]},"product_brand":[],"product_cat":[76,39,41,128,42,40,131,129,264,43],"product_tag":[265,266,50,67,61,58,98,53,52],"class_list":{"0":"post-5810","1":"product","2":"type-product","3":"status-publish","4":"has-post-thumbnail","6":"product_cat-bang-vapes","7":"product_cat-france-wholesale-vape","8":"product_cat-netherlands-wholesale-vape","9":"product_cat-smart-display","10":"product_cat-spain-wholesale-vape","11":"product_cat-germany-wholesale-vape","12":"product_cat-tornado-vape-wholesale-price-hot-sale","13":"product_cat-tornado-vapes","14":"product_cat-vape-200000-puffs","15":"product_cat-vape-shop","16":"product_tag-200000-puffs","17":"product_tag-200k-puffs","18":"product_tag-bulk-price-vape-shop","19":"product_tag-fast-price-sales","20":"product_tag-good-sales-vape","21":"product_tag-moq-50pcs","22":"product_tag-moq-is-50pcs","23":"product_tag-rechargeable-vape","24":"product_tag-vape-wholesasle-price","25":"desktop-align-left","26":"tablet-align-left","27":"mobile-align-left","29":"first","30":"instock","31":"sale","32":"shipping-taxable","33":"purchasable","34":"product-type-simple"},"yoast_head":"<!-- This site is optimized with the Yoast SEO plugin v23.0 - https:\/\/yoast.com\/wordpress\/plugins\/seo\/ -->\n<title>BNAG KING 200K Disposable Vape 8 in 1 Rechargeable Bulk Wholesale - rmvapebang.com<\/title>\n<meta name=\"description\" content=\"BNAG KING 200K 8 in 1 disposable vape with 200000 puffs, rechargeable battery, LED display, EU wholesale stock and multi flavor system.\" \/>\n<meta name=\"robots\" content=\"index, follow, max-snippet:-1, max-image-preview:large, max-video-preview:-1\" \/>\n<link rel=\"canonical\" href=\"https:\/\/rmvapebang.com\/hr\/product\/bnag-king-200k-disposable-vape-8-in-1-rechargeable-bulk-wholesale\/\" \/>\n<meta property=\"og:locale\" content=\"hr_HR\" \/>\n<meta property=\"og:type\" content=\"article\" \/>\n<meta property=\"og:title\" content=\"BNAG KING 200K Disposable Vape 8 in 1 Rechargeable Bulk Wholesale - rmvapebang.com\" \/>\n<meta property=\"og:description\" content=\"BNAG KING 200K 8 in 1 disposable vape with 200000 puffs, rechargeable battery, LED display, EU wholesale stock and multi flavor system.\" \/>\n<meta property=\"og:url\" content=\"https:\/\/rmvapebang.com\/hr\/product\/bnag-king-200k-disposable-vape-8-in-1-rechargeable-bulk-wholesale\/\" \/>\n<meta property=\"og:site_name\" content=\"rmvapebang.com\" \/>\n<meta property=\"article:modified_time\" content=\"2026-03-19T08:18:23+00:00\" \/>\n<meta property=\"og:image\" content=\"https:\/\/rmvapebang.com\/wp-content\/uploads\/2026\/03\/BNAG-KING-200K-8-in-1-Disposable-Vape-Full-Device-View.webp\" \/>\n\t<meta property=\"og:image:width\" content=\"800\" \/>\n\t<meta property=\"og:image:height\" content=\"800\" \/>\n\t<meta property=\"og:image:type\" content=\"image\/webp\" \/>\n<meta name=\"twitter:card\" content=\"summary_large_image\" \/>\n<meta name=\"twitter:label1\" content=\"Procijenjeno vrijeme \u010ditanja\" \/>\n\t<meta name=\"twitter:data1\" content=\"4 minute\" \/>\n<script type=\"application\/ld+json\" class=\"yoast-schema-graph\">{\"@context\":\"https:\/\/schema.org\",\"@graph\":[{\"@type\":\"WebPage\",\"@id\":\"https:\/\/rmvapebang.com\/product\/bnag-king-200k-disposable-vape-8-in-1-rechargeable-bulk-wholesale\/\",\"url\":\"https:\/\/rmvapebang.com\/product\/bnag-king-200k-disposable-vape-8-in-1-rechargeable-bulk-wholesale\/\",\"name\":\"BNAG KING 200K Disposable Vape 8 in 1 Rechargeable Bulk Wholesale - rmvapebang.com\",\"isPartOf\":{\"@id\":\"https:\/\/rmvapebang.com\/#website\"},\"primaryImageOfPage\":{\"@id\":\"https:\/\/rmvapebang.com\/product\/bnag-king-200k-disposable-vape-8-in-1-rechargeable-bulk-wholesale\/#primaryimage\"},\"image\":{\"@id\":\"https:\/\/rmvapebang.com\/product\/bnag-king-200k-disposable-vape-8-in-1-rechargeable-bulk-wholesale\/#primaryimage\"},\"thumbnailUrl\":\"https:\/\/rmvapebang.com\/wp-content\/uploads\/2026\/03\/BNAG-KING-200K-8-in-1-Disposable-Vape-Full-Device-View.webp\",\"datePublished\":\"2026-03-20T02:40:56+00:00\",\"dateModified\":\"2026-03-19T08:18:23+00:00\",\"description\":\"BNAG KING 200K 8 in 1 disposable vape with 200000 puffs, rechargeable battery, LED display, EU wholesale stock and multi flavor system.\",\"breadcrumb\":{\"@id\":\"https:\/\/rmvapebang.com\/product\/bnag-king-200k-disposable-vape-8-in-1-rechargeable-bulk-wholesale\/#breadcrumb\"},\"inLanguage\":\"hr\",\"potentialAction\":[{\"@type\":\"ReadAction\",\"target\":[\"https:\/\/rmvapebang.com\/product\/bnag-king-200k-disposable-vape-8-in-1-rechargeable-bulk-wholesale\/\"]}]},{\"@type\":\"ImageObject\",\"inLanguage\":\"hr\",\"@id\":\"https:\/\/rmvapebang.com\/product\/bnag-king-200k-disposable-vape-8-in-1-rechargeable-bulk-wholesale\/#primaryimage\",\"url\":\"https:\/\/rmvapebang.com\/wp-content\/uploads\/2026\/03\/BNAG-KING-200K-8-in-1-Disposable-Vape-Full-Device-View.webp\",\"contentUrl\":\"https:\/\/rmvapebang.com\/wp-content\/uploads\/2026\/03\/BNAG-KING-200K-8-in-1-Disposable-Vape-Full-Device-View.webp\",\"width\":800,\"height\":800,\"caption\":\"High puff 200000 disposable vape with 8 in 1 flavor switching system\"},{\"@type\":\"BreadcrumbList\",\"@id\":\"https:\/\/rmvapebang.com\/product\/bnag-king-200k-disposable-vape-8-in-1-rechargeable-bulk-wholesale\/#breadcrumb\",\"itemListElement\":[{\"@type\":\"ListItem\",\"position\":1,\"name\":\"Home\",\"item\":\"https:\/\/rmvapebang.com\/\"},{\"@type\":\"ListItem\",\"position\":2,\"name\":\"Hot Vape Shop\",\"item\":\"https:\/\/rmvapebang.com\/shop-page\/\"},{\"@type\":\"ListItem\",\"position\":3,\"name\":\"BNAG KING 200K Disposable Vape 8 in 1 Rechargeable Bulk Wholesale\"}]},{\"@type\":\"WebSite\",\"@id\":\"https:\/\/rmvapebang.com\/#website\",\"url\":\"https:\/\/rmvapebang.com\/\",\"name\":\"rmvapebang.com\",\"description\":\"buy vape cheap\",\"publisher\":{\"@id\":\"https:\/\/rmvapebang.com\/#organization\"},\"potentialAction\":[{\"@type\":\"SearchAction\",\"target\":{\"@type\":\"EntryPoint\",\"urlTemplate\":\"https:\/\/rmvapebang.com\/?s={search_term_string}\"},\"query-input\":\"required name=search_term_string\"}],\"inLanguage\":\"hr\"},{\"@type\":\"Organization\",\"@id\":\"https:\/\/rmvapebang.com\/#organization\",\"name\":\"rmvapebang.com\",\"url\":\"https:\/\/rmvapebang.com\/\",\"logo\":{\"@type\":\"ImageObject\",\"inLanguage\":\"hr\",\"@id\":\"https:\/\/rmvapebang.com\/#\/schema\/logo\/image\/\",\"url\":\"https:\/\/rmvapebang.com\/wp-content\/uploads\/2024\/03\/cropped-RVBlogo.png\",\"contentUrl\":\"https:\/\/rmvapebang.com\/wp-content\/uploads\/2024\/03\/cropped-RVBlogo.png\",\"width\":507,\"height\":169,\"caption\":\"rmvapebang.com\"},\"image\":{\"@id\":\"https:\/\/rmvapebang.com\/#\/schema\/logo\/image\/\"}}]}<\/script>\n<!-- \/ Yoast SEO plugin. -->","yoast_head_json":{"title":"BNAG KING 200K Disposable Vape 8 in 1 Rechargeable Bulk Wholesale - rmvapebang.com","description":"BNAG KING 200K 8 in 1 disposable vape with 200000 puffs, rechargeable battery, LED display, EU wholesale stock and multi flavor system.","robots":{"index":"index","follow":"follow","max-snippet":"max-snippet:-1","max-image-preview":"max-image-preview:large","max-video-preview":"max-video-preview:-1"},"canonical":"https:\/\/rmvapebang.com\/hr\/product\/bnag-king-200k-disposable-vape-8-in-1-rechargeable-bulk-wholesale\/","og_locale":"hr_HR","og_type":"article","og_title":"BNAG KING 200K Disposable Vape 8 in 1 Rechargeable Bulk Wholesale - rmvapebang.com","og_description":"BNAG KING 200K 8 in 1 disposable vape with 200000 puffs, rechargeable battery, LED display, EU wholesale stock and multi flavor system.","og_url":"https:\/\/rmvapebang.com\/hr\/product\/bnag-king-200k-disposable-vape-8-in-1-rechargeable-bulk-wholesale\/","og_site_name":"rmvapebang.com","article_modified_time":"2026-03-19T08:18:23+00:00","og_image":[{"width":800,"height":800,"url":"https:\/\/rmvapebang.com\/wp-content\/uploads\/2026\/03\/BNAG-KING-200K-8-in-1-Disposable-Vape-Full-Device-View.webp","type":"image\/webp"}],"twitter_card":"summary_large_image","twitter_misc":{"Procijenjeno vrijeme \u010ditanja":"4 minute"},"schema":{"@context":"https:\/\/schema.org","@graph":[{"@type":"WebPage","@id":"https:\/\/rmvapebang.com\/product\/bnag-king-200k-disposable-vape-8-in-1-rechargeable-bulk-wholesale\/","url":"https:\/\/rmvapebang.com\/product\/bnag-king-200k-disposable-vape-8-in-1-rechargeable-bulk-wholesale\/","name":"BNAG KING 200K Disposable Vape 8 in 1 Rechargeable Bulk Wholesale - rmvapebang.com","isPartOf":{"@id":"https:\/\/rmvapebang.com\/#website"},"primaryImageOfPage":{"@id":"https:\/\/rmvapebang.com\/product\/bnag-king-200k-disposable-vape-8-in-1-rechargeable-bulk-wholesale\/#primaryimage"},"image":{"@id":"https:\/\/rmvapebang.com\/product\/bnag-king-200k-disposable-vape-8-in-1-rechargeable-bulk-wholesale\/#primaryimage"},"thumbnailUrl":"https:\/\/rmvapebang.com\/wp-content\/uploads\/2026\/03\/BNAG-KING-200K-8-in-1-Disposable-Vape-Full-Device-View.webp","datePublished":"2026-03-20T02:40:56+00:00","dateModified":"2026-03-19T08:18:23+00:00","description":"BNAG KING 200K 8 in 1 disposable vape with 200000 puffs, rechargeable battery, LED display, EU wholesale stock and multi flavor system.","breadcrumb":{"@id":"https:\/\/rmvapebang.com\/product\/bnag-king-200k-disposable-vape-8-in-1-rechargeable-bulk-wholesale\/#breadcrumb"},"inLanguage":"hr","potentialAction":[{"@type":"ReadAction","target":["https:\/\/rmvapebang.com\/product\/bnag-king-200k-disposable-vape-8-in-1-rechargeable-bulk-wholesale\/"]}]},{"@type":"ImageObject","inLanguage":"hr","@id":"https:\/\/rmvapebang.com\/product\/bnag-king-200k-disposable-vape-8-in-1-rechargeable-bulk-wholesale\/#primaryimage","url":"https:\/\/rmvapebang.com\/wp-content\/uploads\/2026\/03\/BNAG-KING-200K-8-in-1-Disposable-Vape-Full-Device-View.webp","contentUrl":"https:\/\/rmvapebang.com\/wp-content\/uploads\/2026\/03\/BNAG-KING-200K-8-in-1-Disposable-Vape-Full-Device-View.webp","width":800,"height":800,"caption":"High puff 200000 disposable vape with 8 in 1 flavor switching system"},{"@type":"BreadcrumbList","@id":"https:\/\/rmvapebang.com\/product\/bnag-king-200k-disposable-vape-8-in-1-rechargeable-bulk-wholesale\/#breadcrumb","itemListElement":[{"@type":"ListItem","position":1,"name":"Home","item":"https:\/\/rmvapebang.com\/"},{"@type":"ListItem","position":2,"name":"Hot Vape Shop","item":"https:\/\/rmvapebang.com\/shop-page\/"},{"@type":"ListItem","position":3,"name":"BNAG KING 200K Disposable Vape 8 in 1 Rechargeable Bulk Wholesale"}]},{"@type":"WebSite","@id":"https:\/\/rmvapebang.com\/#website","url":"https:\/\/rmvapebang.com\/","name":"rmvapebang.com","description":"buy vape cheap","publisher":{"@id":"https:\/\/rmvapebang.com\/#organization"},"potentialAction":[{"@type":"SearchAction","target":{"@type":"EntryPoint","urlTemplate":"https:\/\/rmvapebang.com\/?s={search_term_string}"},"query-input":"required name=search_term_string"}],"inLanguage":"hr"},{"@type":"Organization","@id":"https:\/\/rmvapebang.com\/#organization","name":"rmvapebang.com","url":"https:\/\/rmvapebang.com\/","logo":{"@type":"ImageObject","inLanguage":"hr","@id":"https:\/\/rmvapebang.com\/#\/schema\/logo\/image\/","url":"https:\/\/rmvapebang.com\/wp-content\/uploads\/2024\/03\/cropped-RVBlogo.png","contentUrl":"https:\/\/rmvapebang.com\/wp-content\/uploads\/2024\/03\/cropped-RVBlogo.png","width":507,"height":169,"caption":"rmvapebang.com"},"image":{"@id":"https:\/\/rmvapebang.com\/#\/schema\/logo\/image\/"}}]}},"uagb_featured_image_src":{"full":["https:\/\/rmvapebang.com\/wp-content\/uploads\/2026\/03\/BNAG-KING-200K-8-in-1-Disposable-Vape-Full-Device-View.webp",800,800,false],"thumbnail":["https:\/\/rmvapebang.com\/wp-content\/uploads\/2026\/03\/BNAG-KING-200K-8-in-1-Disposable-Vape-Full-Device-View-150x150.webp",150,150,true],"medium":["https:\/\/rmvapebang.com\/wp-content\/uploads\/2026\/03\/BNAG-KING-200K-8-in-1-Disposable-Vape-Full-Device-View-300x300.webp",300,300,true],"medium_large":["https:\/\/rmvapebang.com\/wp-content\/uploads\/2026\/03\/BNAG-KING-200K-8-in-1-Disposable-Vape-Full-Device-View-768x768.webp",768,768,true],"large":["https:\/\/rmvapebang.com\/wp-content\/uploads\/2026\/03\/BNAG-KING-200K-8-in-1-Disposable-Vape-Full-Device-View.webp",800,800,false],"1536x1536":["https:\/\/rmvapebang.com\/wp-content\/uploads\/2026\/03\/BNAG-KING-200K-8-in-1-Disposable-Vape-Full-Device-View.webp",800,800,false],"2048x2048":["https:\/\/rmvapebang.com\/wp-content\/uploads\/2026\/03\/BNAG-KING-200K-8-in-1-Disposable-Vape-Full-Device-View.webp",800,800,false],"trp-custom-language-flag":["https:\/\/rmvapebang.com\/wp-content\/uploads\/2026\/03\/BNAG-KING-200K-8-in-1-Disposable-Vape-Full-Device-View-12x12.webp",12,12,true],"woocommerce_thumbnail":["https:\/\/rmvapebang.com\/wp-content\/uploads\/2026\/03\/BNAG-KING-200K-8-in-1-Disposable-Vape-Full-Device-View-300x300.webp",300,300,true],"woocommerce_single":["https:\/\/rmvapebang.com\/wp-content\/uploads\/2026\/03\/BNAG-KING-200K-8-in-1-Disposable-Vape-Full-Device-View-600x600.webp",600,600,true],"woocommerce_gallery_thumbnail":["https:\/\/rmvapebang.com\/wp-content\/uploads\/2026\/03\/BNAG-KING-200K-8-in-1-Disposable-Vape-Full-Device-View-100x100.webp",100,100,true],"wcpr-photo-reviews":["https:\/\/rmvapebang.com\/wp-content\/uploads\/2026\/03\/BNAG-KING-200K-8-in-1-Disposable-Vape-Full-Device-View.webp",500,500,false]},"uagb_author_info":{"display_name":"Lyn","author_link":"https:\/\/rmvapebang.com\/hr\/author\/"},"uagb_comment_info":0,"uagb_excerpt":"NOTE\uff1aPrices on the website don\u2019t include shipping fee. Please send your zip code and address that we can check shipping costs for you. High puff 200K disposable vape with 8 in 1 flavor switching system, delivering a smooth and customizable vaping experience. Designed for EU wholesale market with stable performance, rechargeable power, and fast warehouse&hellip;","_links":{"self":[{"href":"https:\/\/rmvapebang.com\/hr\/wp-json\/wp\/v2\/product\/5810","targetHints":{"allow":["GET"]}}],"collection":[{"href":"https:\/\/rmvapebang.com\/hr\/wp-json\/wp\/v2\/product"}],"about":[{"href":"https:\/\/rmvapebang.com\/hr\/wp-json\/wp\/v2\/types\/product"}],"replies":[{"embeddable":true,"href":"https:\/\/rmvapebang.com\/hr\/wp-json\/wp\/v2\/comments?post=5810"}],"wp:featuredmedia":[{"embeddable":true,"href":"https:\/\/rmvapebang.com\/hr\/wp-json\/wp\/v2\/media\/5816"}],"wp:attachment":[{"href":"https:\/\/rmvapebang.com\/hr\/wp-json\/wp\/v2\/media?parent=5810"}],"wp:term":[{"taxonomy":"product_brand","embeddable":true,"href":"https:\/\/rmvapebang.com\/hr\/wp-json\/wp\/v2\/product_brand?post=5810"},{"taxonomy":"product_cat","embeddable":true,"href":"https:\/\/rmvapebang.com\/hr\/wp-json\/wp\/v2\/product_cat?post=5810"},{"taxonomy":"product_tag","embeddable":true,"href":"https:\/\/rmvapebang.com\/hr\/wp-json\/wp\/v2\/product_tag?post=5810"}],"curies":[{"name":"wp","href":"https:\/\/api.w.org\/{rel}","templated":true}]}}