{"id":5790,"date":"2026-03-18T16:30:33","date_gmt":"2026-03-18T08:30:33","guid":{"rendered":"https:\/\/rmvapebang.com\/?post_type=product&#038;p=5790"},"modified":"2026-03-13T17:48:37","modified_gmt":"2026-03-13T09:48:37","slug":"wasbar-60k-rechargeable-disposable-vape-wholesale","status":"publish","type":"product","link":"https:\/\/rmvapebang.com\/hr\/product\/wasbar-60k-rechargeable-disposable-vape-wholesale\/","title":{"rendered":"WASBAR 60k Punjivi ponovno punjivi ure\u0111aj za jednokratnu upotrebu na veliko"},"content":{"rendered":"<h2 data-pm-slice=\"1 1 []\">WASBAR 60k Punjivi ponovno punjivi ure\u0111aj za jednokratnu upotrebu na veliko<\/h2>\n<p>WASBAR 60000 Dimnih Udisaja Jednokratni Vape isti\u010de se u kategoriji s velikim kapacitetom pouzdanim radom i dugotrajnim okusom.<\/p>\n<p>Ovaj visok dimni <a href=\"https:\/\/rmvapebang.com\/hr\/product-category\/vape-60000-puffs\/\"><em><strong>jednokratni ure\u0111aj za vaping s 60000 dimnih udisaja<\/strong> <\/em><\/a>kapacitetom od 20ml e-teku\u0107ine i 650mAh punjivom baterijom, omogu\u0107ava produ\u017eenu uporabu bez \u010destog zamjenjivanja. Puni kolor <a href=\"https:\/\/rmvapebang.com\/hr\/product-category\/smart-display\/\"><strong><em>zaslon na zaslonu<\/em> <\/strong><\/a>jasno prikazuje razine baterije i e-teku\u0107ine, \u010dine\u0107i svakodnevnu uporabu prakti\u010dnijom.<\/p>\n<p>WASBAR <a href=\"https:\/\/rmvapebang.com\/hr\/product-category\/vape-60000-puffs\/\"><strong><em>60K jednokratnih dimnih udisaja vape<\/em><\/strong><\/a> opremljen dvostrukom mre\u017eastom zavojnicom, pru\u017ea glatki vapor i stabilan okus od prve do posljednje dimne.<\/p>\n<figure id=\"attachment_5797\" aria-describedby=\"caption-attachment-5797\" style=\"width: 800px\" class=\"wp-caption alignnone\"><img loading=\"lazy\" decoding=\"async\" class=\"wp-image-5797 size-full\" src=\"http:\/\/rmvapebang.com\/wp-content\/uploads\/2026\/03\/WASBAR-60000-Puff-Disposable-Vape-High-Capacity-60K-Puff-Device.webp\" alt=\"WASBAR 60000 Dimnih Udisaja Jednokratni Vaporizer Puni Prikaz Ure\u0111aja\" width=\"800\" height=\"800\" srcset=\"https:\/\/rmvapebang.com\/wp-content\/uploads\/2026\/03\/WASBAR-60000-Puff-Disposable-Vape-High-Capacity-60K-Puff-Device.webp 800w, https:\/\/rmvapebang.com\/wp-content\/uploads\/2026\/03\/WASBAR-60000-Puff-Disposable-Vape-High-Capacity-60K-Puff-Device-300x300.webp 300w, https:\/\/rmvapebang.com\/wp-content\/uploads\/2026\/03\/WASBAR-60000-Puff-Disposable-Vape-High-Capacity-60K-Puff-Device-150x150.webp 150w, https:\/\/rmvapebang.com\/wp-content\/uploads\/2026\/03\/WASBAR-60000-Puff-Disposable-Vape-High-Capacity-60K-Puff-Device-768x768.webp 768w, https:\/\/rmvapebang.com\/wp-content\/uploads\/2026\/03\/WASBAR-60000-Puff-Disposable-Vape-High-Capacity-60K-Puff-Device-12x12.webp 12w, https:\/\/rmvapebang.com\/wp-content\/uploads\/2026\/03\/WASBAR-60000-Puff-Disposable-Vape-High-Capacity-60K-Puff-Device-600x600.webp 600w, https:\/\/rmvapebang.com\/wp-content\/uploads\/2026\/03\/WASBAR-60000-Puff-Disposable-Vape-High-Capacity-60K-Puff-Device-100x100.webp 100w\" sizes=\"auto, (max-width: 800px) 100vw, 800px\" \/><figcaption id=\"caption-attachment-5797\" class=\"wp-caption-text\">Puni prikaz WASBAR 60000 dimnih jednokratnih ure\u0111aja s modernim dizajnom i dugotrajnim performansama.<\/figcaption><\/figure>\n<h2 data-start=\"815\" data-end=\"866\"><span class=\"BZ_Pyq_fadeIn\">WASBAR <\/span><span class=\"BZ_Pyq_fadeIn\">60K <\/span><span class=\"BZ_Pyq_fadeIn\">Jednokratni <\/span><span class=\"BZ_Pyq_fadeIn\">Vape <\/span><span class=\"BZ_Pyq_fadeIn\">Okus <\/span><span class=\"BZ_Pyq_fadeIn\">Popis<\/span><\/h2>\n<p>1. Lubenica Led<br \/>\n2. Gro\u017e\u0111e Led<br \/>\n3. Borovnica malina<br \/>\n4. Plavi Razz Led<br \/>\n5. Jagoda Kivi<br \/>\n6. Mije\u0161ano Bobi\u010dasto Vo\u0107e<br \/>\n7. Miami Mint<br \/>\n8. Jagoda Lubenica Led<br \/>\n9. Cherry Cola<br \/>\n10. Jagoda Led<\/p>\n<h2 data-start=\"1030\" data-end=\"1085\"><span class=\"BZ_Pyq_fadeIn\">WASBAR <\/span><span class=\"BZ_Pyq_fadeIn\">60000 <\/span><span class=\"BZ_Pyq_fadeIn\">Udisaji <\/span><span class=\"BZ_Pyq_fadeIn\">Veleprodaja <\/span><span class=\"BZ_Pyq_fadeIn\">Zna\u010dajke<\/span><\/h2>\n<ul>\n<li>\ud83d\udd0b 650mAh punjiva baterija\u2014Dugotrajna snaga s prakti\u010dnim brzim punjenjem Type-C.<\/li>\n<li>\ud83d\udca8 Do 60000 dimova\u2014Ultra visok kapacitet jednokratnog ure\u0111aja za produ\u017eene sesije vapinga.<\/li>\n<li>\ud83e\uddc3 20ML kapaciteta e-teku\u0107ine\u2014Veliki spremnik za e-teku\u0107inu osigurava stabilan okus i dugotrajnu upotrebu.<\/li>\n<li>\ud83d\udda5 Potpuni zaslon u boji\u2014Pametni zaslon jasno prikazuje razinu baterije i status e-teku\u0107ine.<\/li>\n<li>\u26a1 Tehnologija dvostruke mre\u017easte zavojnice\u2014Pobolj\u0161ava proizvodnju pare i pru\u017ea glatki, dosljedan okus.<\/li>\n<li>\ud83d\udd0c Type-C priklju\u010dak za punjenje\u2014Moderni su\u010delje za br\u017ee i pouzdanije punjenje.<\/li>\n<li>\ud83c\udf2c Glatka izvedba pare\u2014Dizajniran za uravnote\u017een protok zraka i stabilnu proizvodnju pare.<\/li>\n<\/ul>\n<h2 data-start=\"1650\" data-end=\"1703\"><span class=\"BZ_Pyq_fadeIn\">Za\u0161to <\/span><span class=\"BZ_Pyq_fadeIn\">Odabrati <\/span><span class=\"BZ_Pyq_fadeIn\">EU <\/span><span class=\"BZ_Pyq_fadeIn\">Skladi\u0161te <\/span><span class=\"BZ_Pyq_fadeIn\">WASBAR <\/span><span class=\"BZ_Pyq_fadeIn\">60000 <\/span><span class=\"BZ_Pyq_fadeIn\">Udisaji <\/span><span class=\"BZ_Pyq_fadeIn\">Vape <\/span><span class=\"BZ_Pyq_fadeIn\">Dobavlja\u010d<\/span><\/h2>\n<ul>\n<li>Brza dostava diljem Europe s lokalnim skladi\u0161tem u EU.<\/li>\n<li>Pouzdano zalihe za distributere, trgovce na malo i veleprodajne kupce.<\/li>\n<li>Manji rizik od isporuke i br\u017ea logistika u usporedbi s inozemnim isporukama.<\/li>\n<li>Visoka potra\u017enja, jednokratni ure\u0111aj s 60000 dimova, popularan na europskom tr\u017ei\u0161tu.<\/li>\n<\/ul>\n<h2 data-start=\"1978\" data-end=\"2027\">FAQ za Eu prodaju WASBAR jednokratni ure\u0111aj 60K Vape<\/h2>\n<p><strong>Pitanje 1: Koliko dimnih udisaja pru\u017ea jednokratni vaporizer WASBAR 60K?<\/strong><br \/>\nJednokratni ure\u0111aj pru\u017ea otprilike 60000 dimnih udisaja, ali broj udisaja ovisi o navikama vapera.<\/p>\n<p><strong>Pitanje 2: Je li vaporizer WASBAR 60000 dimnih udisaja punjiv?<\/strong><br \/>\nDa, vaporizer WASBAR uklju\u010duje punjivu bateriju od 650mAh s Type-C priklju\u010dkom za punjenje.<\/p>\n<p><strong>Pitanje 3: Koji kapacitet e-teku\u0107ine ima pametni proizvod?<\/strong><br \/>\nPrikazni vaporizer sadr\u017ei 20ml unaprijed napunjene e-teku\u0107ine za dugotrajnu uporabu.<\/p>\n<p><strong>Pitanje 4: Ima li ure\u0111aj za 60000 dimnih udisaja zaslon na prikazu?<\/strong><br \/>\nDa, digitalni vaporizer WASBAR s punim zaslonom u boji prikazuje razinu baterije i e-teku\u0107ine.<\/p>\n<p><strong>Kontaktirajte Lyn za vi\u0161e videozapisa proizvoda!<\/strong><\/p>\n<p><a href=\"https:\/\/wa.me\/8617840853976\"><span style=\"color: #ff6600\"><strong><em>Whatsapp:+385 17840853976<\/em><\/strong><\/span><\/a><\/p>\n<p><img loading=\"lazy\" decoding=\"async\" class=\"alignnone size-medium wp-image-1905\" src=\"http:\/\/rmvapebang.com\/wp-content\/uploads\/2024\/03\/whatsapp-vape-2-202x300.jpg\" alt=\"\" width=\"202\" height=\"300\" \/><\/p>\n<p>Prona\u0111ite vi\u0161e proizvoda koji bi vam se mogli svidjeti:<a href=\"https:\/\/rmvapebang.com\/hr\/shop-page\/\"><strong><em>Kupite sada<\/em><\/strong><\/a><\/p>\n<p>ostali puffovi koji bi vam se mogli svidjeti:<\/p>\n<p><em><a href=\"https:\/\/rmvapebang.com\/hr\/product\/vapen-mega-50k-puffs-disposable-vape-bulk-sale-price\/\">VAPEN Mega 50000 dimnih udisaja punjivi kristalni vaporizer Eu Top Sale<\/a><\/em><\/p>\n<p><em><a href=\"https:\/\/rmvapebang.com\/hr\/product\/avn-mate-120000-puffs-disposable-vape-with-dual-flavors\/\">AIVONO AVN MATE 120k Dimnih Udisaja Digitalna Kutija 120000 Vape Popustna Rasprodaja<\/a><\/em><\/p>\n<p><a href=\"https:\/\/rmvapebang.com\/hr\/product\/50000-puffs-dual-flavor-disposable-vape-with-smart-screen-type-c-charging\/\"><em>50000 Udisaja dvostruki okus jednokratni vaporizator, vru\u0107a prodaja u Europi<\/em><\/a><\/p>","protected":false},"excerpt":{"rendered":"<p><span style=\"color: #ff0000\"><strong>NAPOMENA<\/strong>:\u00a0<em>Cijene<\/em>ci na web stranici ne uklju\u010duju tro\u0161kove dostave. Molimo vas da nam po\u0161aljete po\u0161tanski broj i adresu kako bismo provjerili tro\u0161kove dostave za vas.<\/span><\/p>\n<p data-start=\"3180\" data-end=\"3465\"><span class=\"BZ_Pyq_fadeIn\">WASBAR <\/span><span class=\"BZ_Pyq_fadeIn\">60K <\/span><span class=\"BZ_Pyq_fadeIn\">Jednokratni <\/span><span class=\"BZ_Pyq_fadeIn\">Vape<\/span> <span class=\"BZ_Pyq_fadeIn\">nudi <\/span><span class=\"BZ_Pyq_fadeIn\">up <\/span><span class=\"BZ_Pyq_fadeIn\">to <\/span><span class=\"BZ_Pyq_fadeIn\">60000 <\/span><span class=\"BZ_Pyq_fadeIn\">dimova<\/span><span class=\"BZ_Pyq_fadeIn\">, <\/span><span class=\"BZ_Pyq_fadeIn\">a <\/span><span class=\"BZ_Pyq_fadeIn\">20 ml <\/span><span class=\"BZ_Pyq_fadeIn\">e-<\/span><span class=\"BZ_Pyq_fadeIn\">teku\u0107i <\/span><span class=\"BZ_Pyq_fadeIn\">kapacitet<\/span><span class=\"BZ_Pyq_fadeIn\">, <\/span><span class=\"BZ_Pyq_fadeIn\">i <\/span><span class=\"BZ_Pyq_fadeIn\">a <\/span><span class=\"BZ_Pyq_fadeIn\">650 mAh <\/span><span class=\"BZ_Pyq_fadeIn\">punjiv <\/span><span class=\"BZ_Pyq_fadeIn\">baterija<\/span><span class=\"BZ_Pyq_fadeIn\">. <\/span><span class=\"BZ_Pyq_fadeIn\">Sadr\u017ei <\/span><span class=\"BZ_Pyq_fadeIn\">a <\/span><span class=\"BZ_Pyq_fadeIn\">puni <\/span><span class=\"BZ_Pyq_fadeIn\">zaslon <\/span><span class=\"BZ_Pyq_fadeIn\">zaslon <\/span><span class=\"BZ_Pyq_fadeIn\">i <\/span><span class=\"BZ_Pyq_fadeIn\">dvostruko <\/span><span class=\"BZ_Pyq_fadeIn\">mre\u017ea <\/span><span class=\"BZ_Pyq_fadeIn\">namot, <\/span><span class=\"BZ_Pyq_fadeIn\">ova <\/span><span class=\"BZ_Pyq_fadeIn\">visoko-<\/span><span class=\"BZ_Pyq_fadeIn\">dimni <\/span><span class=\"BZ_Pyq_fadeIn\">jednokratno <\/span><span class=\"BZ_Pyq_fadeIn\">vaporizator <\/span><span class=\"BZ_Pyq_fadeIn\">dostavlja <\/span><span class=\"BZ_Pyq_fadeIn\">stabilan <\/span><span class=\"BZ_Pyq_fadeIn\">okus <\/span><span class=\"BZ_Pyq_fadeIn\">i <\/span><span class=\"BZ_Pyq_fadeIn\">sna\u017ean <\/span><span class=\"BZ_Pyq_fadeIn\">performanse <\/span><span class=\"BZ_Pyq_fadeIn\">za <\/span><span class=\"BZ_Pyq_fadeIn\">velika trgovina <\/span><span class=\"BZ_Pyq_fadeIn\">tr\u017ei\u0161tima.<\/span><\/p>\n<p><a href=\"https:\/\/wa.me\/8617840853976\"><strong><em>Whatsapp:+385 17840853976<\/em><\/strong><\/a><br \/>\nSkenirajte na WhatsAppu za kupon za novog klijenta<\/p>\n<p><img loading=\"lazy\" decoding=\"async\" class=\"alignnone size-medium wp-image-1905\" src=\"http:\/\/rmvapebang.com\/wp-content\/uploads\/2024\/03\/whatsapp-vape-2-202x300.jpg\" alt=\"\" width=\"202\" height=\"300\" \/><\/p>","protected":false},"featured_media":5791,"comment_status":"open","ping_status":"closed","template":"","meta":{"_uag_custom_page_level_css":"","_lmt_disableupdate":"no","_lmt_disable":"","site-sidebar-layout":"no-sidebar","site-content-layout":"boxed-container","ast-site-content-layout":"normal-width-container","site-content-style":"boxed","site-sidebar-style":"boxed","ast-global-header-display":"","ast-banner-title-visibility":"","ast-main-header-display":"","ast-hfb-above-header-display":"","ast-hfb-below-header-display":"","ast-hfb-mobile-header-display":"","site-post-title":"","ast-breadcrumbs-content":"","ast-featured-img":"","footer-sml-layout":"","theme-transparent-header-meta":"default","adv-header-id-meta":"","stick-header-meta":"","header-above-stick-meta":"","header-main-stick-meta":"","header-below-stick-meta":"","astra-migrate-meta-layouts":"set","ast-page-background-enabled":"default","ast-page-background-meta":{"desktop":{"background-color":"","background-image":"","background-repeat":"repeat","background-position":"center center","background-size":"auto","background-attachment":"scroll","background-type":"","background-media":"","overlay-type":"","overlay-color":"","overlay-gradient":""},"tablet":{"background-color":"","background-image":"","background-repeat":"repeat","background-position":"center center","background-size":"auto","background-attachment":"scroll","background-type":"","background-media":"","overlay-type":"","overlay-color":"","overlay-gradient":""},"mobile":{"background-color":"","background-image":"","background-repeat":"repeat","background-position":"center center","background-size":"auto","background-attachment":"scroll","background-type":"","background-media":"","overlay-type":"","overlay-color":"","overlay-gradient":""}},"ast-content-background-meta":{"desktop":{"background-color":"var(--ast-global-color-5)","background-image":"","background-repeat":"repeat","background-position":"center center","background-size":"auto","background-attachment":"scroll","background-type":"","background-media":"","overlay-type":"","overlay-color":"","overlay-gradient":""},"tablet":{"background-color":"var(--ast-global-color-5)","background-image":"","background-repeat":"repeat","background-position":"center center","background-size":"auto","background-attachment":"scroll","background-type":"","background-media":"","overlay-type":"","overlay-color":"","overlay-gradient":""},"mobile":{"background-color":"var(--ast-global-color-5)","background-image":"","background-repeat":"repeat","background-position":"center center","background-size":"auto","background-attachment":"scroll","background-type":"","background-media":"","overlay-type":"","overlay-color":"","overlay-gradient":""}},"_joinchat":{"telephone":"+8617840853976"}},"product_brand":[],"product_cat":[130,39,41,128,42,40,179,43,299],"product_tag":[178,183,50,61,58,53,52],"class_list":{"0":"post-5790","1":"product","2":"type-product","3":"status-publish","4":"has-post-thumbnail","6":"product_cat-digital-vapes-in-discount-price","7":"product_cat-france-wholesale-vape","8":"product_cat-netherlands-wholesale-vape","9":"product_cat-smart-display","10":"product_cat-spain-wholesale-vape","11":"product_cat-germany-wholesale-vape","12":"product_cat-vape-60000-puffs","13":"product_cat-vape-shop","14":"product_cat-wasbar-vapes","15":"product_tag-60000-puffs","16":"product_tag-60k-puffs","17":"product_tag-bulk-price-vape-shop","18":"product_tag-good-sales-vape","19":"product_tag-moq-50pcs","20":"product_tag-rechargeable-vape","21":"product_tag-vape-wholesasle-price","22":"desktop-align-left","23":"tablet-align-left","24":"mobile-align-left","26":"first","27":"instock","28":"sale","29":"shipping-taxable","30":"purchasable","31":"product-type-simple"},"yoast_head":"<!-- This site is optimized with the Yoast SEO plugin v23.0 - https:\/\/yoast.com\/wordpress\/plugins\/seo\/ -->\n<title>WASBAR 60k Rechargeable Disposable Vape Wholesale - rmvapebang.com<\/title>\n<meta name=\"description\" content=\"WASBAR 60000 Puffs disposable vape with 20ml e-liquid, dual mesh coil, full screen display and rechargeable 650mAh battery for wholesale buyers.\" \/>\n<meta name=\"robots\" content=\"index, follow, max-snippet:-1, max-image-preview:large, max-video-preview:-1\" \/>\n<link rel=\"canonical\" href=\"https:\/\/rmvapebang.com\/hr\/product\/wasbar-60k-rechargeable-disposable-vape-wholesale\/\" \/>\n<meta property=\"og:locale\" content=\"hr_HR\" \/>\n<meta property=\"og:type\" content=\"article\" \/>\n<meta property=\"og:title\" content=\"WASBAR 60k Rechargeable Disposable Vape Wholesale - rmvapebang.com\" \/>\n<meta property=\"og:description\" content=\"WASBAR 60000 Puffs disposable vape with 20ml e-liquid, dual mesh coil, full screen display and rechargeable 650mAh battery for wholesale buyers.\" \/>\n<meta property=\"og:url\" content=\"https:\/\/rmvapebang.com\/hr\/product\/wasbar-60k-rechargeable-disposable-vape-wholesale\/\" \/>\n<meta property=\"og:site_name\" content=\"rmvapebang.com\" \/>\n<meta property=\"article:modified_time\" content=\"2026-03-13T09:48:37+00:00\" \/>\n<meta property=\"og:image\" content=\"https:\/\/rmvapebang.com\/wp-content\/uploads\/2026\/03\/WASBAR-60000-Puff-Vape-Retail-Packaging.webp\" \/>\n\t<meta property=\"og:image:width\" content=\"800\" \/>\n\t<meta property=\"og:image:height\" content=\"800\" \/>\n\t<meta property=\"og:image:type\" content=\"image\/webp\" \/>\n<meta name=\"twitter:card\" content=\"summary_large_image\" \/>\n<meta name=\"twitter:label1\" content=\"Procijenjeno vrijeme \u010ditanja\" \/>\n\t<meta name=\"twitter:data1\" content=\"3 minute\" \/>\n<script type=\"application\/ld+json\" class=\"yoast-schema-graph\">{\"@context\":\"https:\/\/schema.org\",\"@graph\":[{\"@type\":\"WebPage\",\"@id\":\"https:\/\/rmvapebang.com\/product\/wasbar-60k-rechargeable-disposable-vape-wholesale\/\",\"url\":\"https:\/\/rmvapebang.com\/product\/wasbar-60k-rechargeable-disposable-vape-wholesale\/\",\"name\":\"WASBAR 60k Rechargeable Disposable Vape Wholesale - rmvapebang.com\",\"isPartOf\":{\"@id\":\"https:\/\/rmvapebang.com\/#website\"},\"primaryImageOfPage\":{\"@id\":\"https:\/\/rmvapebang.com\/product\/wasbar-60k-rechargeable-disposable-vape-wholesale\/#primaryimage\"},\"image\":{\"@id\":\"https:\/\/rmvapebang.com\/product\/wasbar-60k-rechargeable-disposable-vape-wholesale\/#primaryimage\"},\"thumbnailUrl\":\"https:\/\/rmvapebang.com\/wp-content\/uploads\/2026\/03\/WASBAR-60000-Puff-Vape-Retail-Packaging.webp\",\"datePublished\":\"2026-03-18T08:30:33+00:00\",\"dateModified\":\"2026-03-13T09:48:37+00:00\",\"description\":\"WASBAR 60000 Puffs disposable vape with 20ml e-liquid, dual mesh coil, full screen display and rechargeable 650mAh battery for wholesale buyers.\",\"breadcrumb\":{\"@id\":\"https:\/\/rmvapebang.com\/product\/wasbar-60k-rechargeable-disposable-vape-wholesale\/#breadcrumb\"},\"inLanguage\":\"hr\",\"potentialAction\":[{\"@type\":\"ReadAction\",\"target\":[\"https:\/\/rmvapebang.com\/product\/wasbar-60k-rechargeable-disposable-vape-wholesale\/\"]}]},{\"@type\":\"ImageObject\",\"inLanguage\":\"hr\",\"@id\":\"https:\/\/rmvapebang.com\/product\/wasbar-60k-rechargeable-disposable-vape-wholesale\/#primaryimage\",\"url\":\"https:\/\/rmvapebang.com\/wp-content\/uploads\/2026\/03\/WASBAR-60000-Puff-Vape-Retail-Packaging.webp\",\"contentUrl\":\"https:\/\/rmvapebang.com\/wp-content\/uploads\/2026\/03\/WASBAR-60000-Puff-Vape-Retail-Packaging.webp\",\"width\":800,\"height\":800,\"caption\":\"Secure retail packaging designed for safe delivery and storage.\"},{\"@type\":\"BreadcrumbList\",\"@id\":\"https:\/\/rmvapebang.com\/product\/wasbar-60k-rechargeable-disposable-vape-wholesale\/#breadcrumb\",\"itemListElement\":[{\"@type\":\"ListItem\",\"position\":1,\"name\":\"Home\",\"item\":\"https:\/\/rmvapebang.com\/\"},{\"@type\":\"ListItem\",\"position\":2,\"name\":\"Hot Vape Shop\",\"item\":\"https:\/\/rmvapebang.com\/shop-page\/\"},{\"@type\":\"ListItem\",\"position\":3,\"name\":\"WASBAR 60k Rechargeable Disposable Vape Wholesale\"}]},{\"@type\":\"WebSite\",\"@id\":\"https:\/\/rmvapebang.com\/#website\",\"url\":\"https:\/\/rmvapebang.com\/\",\"name\":\"rmvapebang.com\",\"description\":\"buy vape cheap\",\"publisher\":{\"@id\":\"https:\/\/rmvapebang.com\/#organization\"},\"potentialAction\":[{\"@type\":\"SearchAction\",\"target\":{\"@type\":\"EntryPoint\",\"urlTemplate\":\"https:\/\/rmvapebang.com\/?s={search_term_string}\"},\"query-input\":\"required name=search_term_string\"}],\"inLanguage\":\"hr\"},{\"@type\":\"Organization\",\"@id\":\"https:\/\/rmvapebang.com\/#organization\",\"name\":\"rmvapebang.com\",\"url\":\"https:\/\/rmvapebang.com\/\",\"logo\":{\"@type\":\"ImageObject\",\"inLanguage\":\"hr\",\"@id\":\"https:\/\/rmvapebang.com\/#\/schema\/logo\/image\/\",\"url\":\"https:\/\/rmvapebang.com\/wp-content\/uploads\/2024\/03\/cropped-RVBlogo.png\",\"contentUrl\":\"https:\/\/rmvapebang.com\/wp-content\/uploads\/2024\/03\/cropped-RVBlogo.png\",\"width\":507,\"height\":169,\"caption\":\"rmvapebang.com\"},\"image\":{\"@id\":\"https:\/\/rmvapebang.com\/#\/schema\/logo\/image\/\"}}]}<\/script>\n<!-- \/ Yoast SEO plugin. -->","yoast_head_json":{"title":"WASBAR 60k Rechargeable Disposable Vape Wholesale - rmvapebang.com","description":"WASBAR 60000 Puffs disposable vape with 20ml e-liquid, dual mesh coil, full screen display and rechargeable 650mAh battery for wholesale buyers.","robots":{"index":"index","follow":"follow","max-snippet":"max-snippet:-1","max-image-preview":"max-image-preview:large","max-video-preview":"max-video-preview:-1"},"canonical":"https:\/\/rmvapebang.com\/hr\/product\/wasbar-60k-rechargeable-disposable-vape-wholesale\/","og_locale":"hr_HR","og_type":"article","og_title":"WASBAR 60k Rechargeable Disposable Vape Wholesale - rmvapebang.com","og_description":"WASBAR 60000 Puffs disposable vape with 20ml e-liquid, dual mesh coil, full screen display and rechargeable 650mAh battery for wholesale buyers.","og_url":"https:\/\/rmvapebang.com\/hr\/product\/wasbar-60k-rechargeable-disposable-vape-wholesale\/","og_site_name":"rmvapebang.com","article_modified_time":"2026-03-13T09:48:37+00:00","og_image":[{"width":800,"height":800,"url":"https:\/\/rmvapebang.com\/wp-content\/uploads\/2026\/03\/WASBAR-60000-Puff-Vape-Retail-Packaging.webp","type":"image\/webp"}],"twitter_card":"summary_large_image","twitter_misc":{"Procijenjeno vrijeme \u010ditanja":"3 minute"},"schema":{"@context":"https:\/\/schema.org","@graph":[{"@type":"WebPage","@id":"https:\/\/rmvapebang.com\/product\/wasbar-60k-rechargeable-disposable-vape-wholesale\/","url":"https:\/\/rmvapebang.com\/product\/wasbar-60k-rechargeable-disposable-vape-wholesale\/","name":"WASBAR 60k Rechargeable Disposable Vape Wholesale - rmvapebang.com","isPartOf":{"@id":"https:\/\/rmvapebang.com\/#website"},"primaryImageOfPage":{"@id":"https:\/\/rmvapebang.com\/product\/wasbar-60k-rechargeable-disposable-vape-wholesale\/#primaryimage"},"image":{"@id":"https:\/\/rmvapebang.com\/product\/wasbar-60k-rechargeable-disposable-vape-wholesale\/#primaryimage"},"thumbnailUrl":"https:\/\/rmvapebang.com\/wp-content\/uploads\/2026\/03\/WASBAR-60000-Puff-Vape-Retail-Packaging.webp","datePublished":"2026-03-18T08:30:33+00:00","dateModified":"2026-03-13T09:48:37+00:00","description":"WASBAR 60000 Puffs disposable vape with 20ml e-liquid, dual mesh coil, full screen display and rechargeable 650mAh battery for wholesale buyers.","breadcrumb":{"@id":"https:\/\/rmvapebang.com\/product\/wasbar-60k-rechargeable-disposable-vape-wholesale\/#breadcrumb"},"inLanguage":"hr","potentialAction":[{"@type":"ReadAction","target":["https:\/\/rmvapebang.com\/product\/wasbar-60k-rechargeable-disposable-vape-wholesale\/"]}]},{"@type":"ImageObject","inLanguage":"hr","@id":"https:\/\/rmvapebang.com\/product\/wasbar-60k-rechargeable-disposable-vape-wholesale\/#primaryimage","url":"https:\/\/rmvapebang.com\/wp-content\/uploads\/2026\/03\/WASBAR-60000-Puff-Vape-Retail-Packaging.webp","contentUrl":"https:\/\/rmvapebang.com\/wp-content\/uploads\/2026\/03\/WASBAR-60000-Puff-Vape-Retail-Packaging.webp","width":800,"height":800,"caption":"Secure retail packaging designed for safe delivery and storage."},{"@type":"BreadcrumbList","@id":"https:\/\/rmvapebang.com\/product\/wasbar-60k-rechargeable-disposable-vape-wholesale\/#breadcrumb","itemListElement":[{"@type":"ListItem","position":1,"name":"Home","item":"https:\/\/rmvapebang.com\/"},{"@type":"ListItem","position":2,"name":"Hot Vape Shop","item":"https:\/\/rmvapebang.com\/shop-page\/"},{"@type":"ListItem","position":3,"name":"WASBAR 60k Rechargeable Disposable Vape Wholesale"}]},{"@type":"WebSite","@id":"https:\/\/rmvapebang.com\/#website","url":"https:\/\/rmvapebang.com\/","name":"rmvapebang.com","description":"buy vape cheap","publisher":{"@id":"https:\/\/rmvapebang.com\/#organization"},"potentialAction":[{"@type":"SearchAction","target":{"@type":"EntryPoint","urlTemplate":"https:\/\/rmvapebang.com\/?s={search_term_string}"},"query-input":"required name=search_term_string"}],"inLanguage":"hr"},{"@type":"Organization","@id":"https:\/\/rmvapebang.com\/#organization","name":"rmvapebang.com","url":"https:\/\/rmvapebang.com\/","logo":{"@type":"ImageObject","inLanguage":"hr","@id":"https:\/\/rmvapebang.com\/#\/schema\/logo\/image\/","url":"https:\/\/rmvapebang.com\/wp-content\/uploads\/2024\/03\/cropped-RVBlogo.png","contentUrl":"https:\/\/rmvapebang.com\/wp-content\/uploads\/2024\/03\/cropped-RVBlogo.png","width":507,"height":169,"caption":"rmvapebang.com"},"image":{"@id":"https:\/\/rmvapebang.com\/#\/schema\/logo\/image\/"}}]}},"uagb_featured_image_src":{"full":["https:\/\/rmvapebang.com\/wp-content\/uploads\/2026\/03\/WASBAR-60000-Puff-Vape-Retail-Packaging.webp",800,800,false],"thumbnail":["https:\/\/rmvapebang.com\/wp-content\/uploads\/2026\/03\/WASBAR-60000-Puff-Vape-Retail-Packaging-150x150.webp",150,150,true],"medium":["https:\/\/rmvapebang.com\/wp-content\/uploads\/2026\/03\/WASBAR-60000-Puff-Vape-Retail-Packaging-300x300.webp",300,300,true],"medium_large":["https:\/\/rmvapebang.com\/wp-content\/uploads\/2026\/03\/WASBAR-60000-Puff-Vape-Retail-Packaging-768x768.webp",768,768,true],"large":["https:\/\/rmvapebang.com\/wp-content\/uploads\/2026\/03\/WASBAR-60000-Puff-Vape-Retail-Packaging.webp",800,800,false],"1536x1536":["https:\/\/rmvapebang.com\/wp-content\/uploads\/2026\/03\/WASBAR-60000-Puff-Vape-Retail-Packaging.webp",800,800,false],"2048x2048":["https:\/\/rmvapebang.com\/wp-content\/uploads\/2026\/03\/WASBAR-60000-Puff-Vape-Retail-Packaging.webp",800,800,false],"trp-custom-language-flag":["https:\/\/rmvapebang.com\/wp-content\/uploads\/2026\/03\/WASBAR-60000-Puff-Vape-Retail-Packaging-12x12.webp",12,12,true],"woocommerce_thumbnail":["https:\/\/rmvapebang.com\/wp-content\/uploads\/2026\/03\/WASBAR-60000-Puff-Vape-Retail-Packaging-300x300.webp",300,300,true],"woocommerce_single":["https:\/\/rmvapebang.com\/wp-content\/uploads\/2026\/03\/WASBAR-60000-Puff-Vape-Retail-Packaging-600x600.webp",600,600,true],"woocommerce_gallery_thumbnail":["https:\/\/rmvapebang.com\/wp-content\/uploads\/2026\/03\/WASBAR-60000-Puff-Vape-Retail-Packaging-100x100.webp",100,100,true],"wcpr-photo-reviews":["https:\/\/rmvapebang.com\/wp-content\/uploads\/2026\/03\/WASBAR-60000-Puff-Vape-Retail-Packaging.webp",500,500,false]},"uagb_author_info":{"display_name":"Lyn","author_link":"https:\/\/rmvapebang.com\/hr\/author\/"},"uagb_comment_info":0,"uagb_excerpt":"NOTE:\u00a0Prices on the website don\u2019t include shipping fee. Please send your zip code and address that we can check shipping costs for you. WASBAR 60K Disposable Vape offers up to 60000 puffs, a 20ml e-liquid capacity, and a 650mAh rechargeable battery. Featuring a full screen display and dual mesh coil, this high-puff disposable vape delivers&hellip;","_links":{"self":[{"href":"https:\/\/rmvapebang.com\/hr\/wp-json\/wp\/v2\/product\/5790","targetHints":{"allow":["GET"]}}],"collection":[{"href":"https:\/\/rmvapebang.com\/hr\/wp-json\/wp\/v2\/product"}],"about":[{"href":"https:\/\/rmvapebang.com\/hr\/wp-json\/wp\/v2\/types\/product"}],"replies":[{"embeddable":true,"href":"https:\/\/rmvapebang.com\/hr\/wp-json\/wp\/v2\/comments?post=5790"}],"wp:featuredmedia":[{"embeddable":true,"href":"https:\/\/rmvapebang.com\/hr\/wp-json\/wp\/v2\/media\/5791"}],"wp:attachment":[{"href":"https:\/\/rmvapebang.com\/hr\/wp-json\/wp\/v2\/media?parent=5790"}],"wp:term":[{"taxonomy":"product_brand","embeddable":true,"href":"https:\/\/rmvapebang.com\/hr\/wp-json\/wp\/v2\/product_brand?post=5790"},{"taxonomy":"product_cat","embeddable":true,"href":"https:\/\/rmvapebang.com\/hr\/wp-json\/wp\/v2\/product_cat?post=5790"},{"taxonomy":"product_tag","embeddable":true,"href":"https:\/\/rmvapebang.com\/hr\/wp-json\/wp\/v2\/product_tag?post=5790"}],"curies":[{"name":"wp","href":"https:\/\/api.w.org\/{rel}","templated":true}]}}