{"id":5766,"date":"2026-03-05T15:27:35","date_gmt":"2026-03-05T07:27:35","guid":{"rendered":"https:\/\/rmvapebang.com\/?post_type=product&#038;p=5766"},"modified":"2026-04-06T19:37:44","modified_gmt":"2026-04-06T11:37:44","slug":"vapen-skywalk-30k-puff-disposable-vape-wholesale","status":"publish","type":"product","link":"https:\/\/rmvapebang.com\/hr\/product\/vapen-skywalk-30k-puff-disposable-vape-wholesale\/","title":{"rendered":"VAPEN SKYWALK 30K Puff Veliki disposable vape na veliko"},"content":{"rendered":"<h2 data-pm-slice=\"1 1 []\">VAPEN SKYWALK 30K Puff Veliki disposable vape na veliko<\/h2>\n<p>VAPEN SKYWALK 30K Puff disposable vape na veliko s do 30000 udisaja, ovaj visok kapacitet <a href=\"https:\/\/rmvapebang.com\/hr\/product-category\/vape-30000-puffs\/\"><em><strong>jednokratna e-cigareta 30000 udisaja<\/strong><\/em><\/a> karakterizira 650mAh punjiva baterija s Type-C punjenjem za pouzdanu svakodnevnu uporabu. Sustav prilagodljivog protoka zraka omogu\u0107ava korisnicima da prilagode vu\u010du od glatkog do ja\u010deg izlaza pare.<\/p>\n<p>A <a href=\"https:\/\/rmvapebang.com\/hr\/product-category\/smart-display\/\"><em><strong>zaslon na pametnom zaslonu<\/strong><\/em><\/a> poma\u017ee jasno pratiti stanje baterije i kori\u0161tenje, tako\u0111er u kombinaciji s stabilnim performansama okusa i popularnim opcijama okusa, <strong><em>VAPEN SKYWALK<\/em> <\/strong>30K postao je konkurentan izbor za trgovce i distributere koji tra\u017ee pouzdanu <a href=\"https:\/\/rmvapebang.com\/hr\/product-category\/vape-30000-puffs\/\"><em><strong>30K puff disposable vape<\/strong> <\/em><\/a>za europsko tr\u017ei\u0161te.<\/p>\n<figure id=\"attachment_5760\" aria-describedby=\"caption-attachment-5760\" style=\"width: 800px\" class=\"wp-caption alignnone\"><img loading=\"lazy\" decoding=\"async\" class=\"wp-image-5760 size-full\" src=\"http:\/\/rmvapebang.com\/wp-content\/uploads\/2026\/03\/VAPEN-SKYWALK-30K-Flavor-Collection.webp\" alt=\"Popis okusa VAPEN SKYWALK 30K najbolji okusi za vape od 30K pufova\" width=\"800\" height=\"800\" srcset=\"https:\/\/rmvapebang.com\/wp-content\/uploads\/2026\/03\/VAPEN-SKYWALK-30K-Flavor-Collection.webp 800w, https:\/\/rmvapebang.com\/wp-content\/uploads\/2026\/03\/VAPEN-SKYWALK-30K-Flavor-Collection-300x300.webp 300w, https:\/\/rmvapebang.com\/wp-content\/uploads\/2026\/03\/VAPEN-SKYWALK-30K-Flavor-Collection-150x150.webp 150w, https:\/\/rmvapebang.com\/wp-content\/uploads\/2026\/03\/VAPEN-SKYWALK-30K-Flavor-Collection-768x768.webp 768w, https:\/\/rmvapebang.com\/wp-content\/uploads\/2026\/03\/VAPEN-SKYWALK-30K-Flavor-Collection-12x12.webp 12w, https:\/\/rmvapebang.com\/wp-content\/uploads\/2026\/03\/VAPEN-SKYWALK-30K-Flavor-Collection-600x600.webp 600w, https:\/\/rmvapebang.com\/wp-content\/uploads\/2026\/03\/VAPEN-SKYWALK-30K-Flavor-Collection-100x100.webp 100w\" sizes=\"auto, (max-width: 800px) 100vw, 800px\" \/><figcaption id=\"caption-attachment-5760\" class=\"wp-caption-text\">Istra\u017eite najprodavanije okuse SKYWALK 30K.<\/figcaption><\/figure>\n<h2 data-start=\"815\" data-end=\"866\">VAPEN SKY WALK 30000 Lista popularnih okusa<\/h2>\n<p>1. BOROVNICA LED<br \/>\n2. MJE\u0160ANI BOBI\u010cASTI VO\u0106E<br \/>\n3. JAGODA KIVI<br \/>\n4. LUBENICA LED<br \/>\n5. JAGODA LUBENICA<br \/>\n6. CRNI ZMAJ LED<br \/>\n7. BIJELI MAMBA<br \/>\n8. PLAVA RASPADE LEMONADA<br \/>\n9. DVOJNO JABUKA<br \/>\n10. BRESKVA MANGO ANANAS<br \/>\n11. LIMUN LIMETA<br \/>\n12. HAWAII<\/p>\n<h2 data-start=\"1030\" data-end=\"1085\">VAPEN SKY WALK 30K specifikacije<\/h2>\n<ul>\n<li data-start=\"870\" data-end=\"939\">\ud83d\udd0b <strong data-start=\"873\" data-end=\"891\">Baterija od 650mAh<\/strong> \u2013 Pouzdana snaga za produ\u017eene sesije vapinga<\/li>\n<li data-start=\"941\" data-end=\"1011\">\u26a1 <strong data-start=\"943\" data-end=\"966\">Type-C punjiv<\/strong> \u2013 Br\u017ee punjenje i prakti\u010dna svakodnevna upotreba<\/li>\n<li data-start=\"1013\" data-end=\"1086\">\ud83d\udca8 <strong data-start=\"1016\" data-end=\"1038\">Podesiva protok zraka<\/strong> \u2013 Glatko ili ja\u010de povla\u010denje prema \u017eelji<\/li>\n<li data-start=\"1088\" data-end=\"1148\">\ud83d\udcfa <strong data-start=\"1091\" data-end=\"1109\">Zaslon prikaza<\/strong> \u2013 Jasno pra\u0107enje baterije i kori\u0161tenja<\/li>\n<li data-start=\"1150\" data-end=\"1219\">\ud83c\udf2c <strong data-start=\"1153\" data-end=\"1176\">Dugotrajan okus<\/strong> \u2013 Stabilan izlaz okusa tijekom 30000 udisaja<\/li>\n<li data-start=\"1221\" data-end=\"1300\">\ud83d\udce6 <strong data-start=\"1224\" data-end=\"1248\">Kapacitet od 30000 udisaja<\/strong> \u2013 Visoko kapacitetni jednokratni ure\u0111aj za dugotrajnu uporabu<\/li>\n<li data-start=\"1302\" data-end=\"1357\">\ud83e\uddea <strong data-start=\"1305\" data-end=\"1325\">Opcije nikotina<\/strong> \u2013 Dostupne ja\u010dine 2% ili 5%<\/li>\n<\/ul>\n<h2 data-start=\"1650\" data-end=\"1703\">Za\u0161to odabrati Best 30K Puff Disposable Vape 2026<\/h2>\n<ul>\n<li data-start=\"1418\" data-end=\"1511\">\ud83d\udd25 <strong data-start=\"1421\" data-end=\"1443\">Veliki kapacitet udisaja\u2014<\/strong>Do 30000 udisaja za dulju uporabu i manje zamjena ure\u0111aja.<\/li>\n<li data-start=\"1513\" data-end=\"1610\">\u2699 <strong data-start=\"1515\" data-end=\"1545\">Pode\u0161avanje kontrole protoka zraka\u2014<\/strong>Fleksibilan protok zraka pobolj\u0161ava udobnost za razli\u010dite stilove vapinga.<\/li>\n<li data-start=\"1612\" data-end=\"1711\">\ud83d\udd0b <strong data-start=\"1615\" data-end=\"1646\">Punjivi sustav baterije\u2014<\/strong>Punjenje Type-C odr\u017eava ure\u0111aj u radu do posljednjeg udisaja.<\/li>\n<li data-start=\"1713\" data-end=\"1823\">\ud83d\udcc8 <strong data-start=\"1716\" data-end=\"1740\">Jak tr\u017ei\u0161ni zahtjev\u2014<\/strong>Visoki-puf jednokratni vape ostaju jedan od najbr\u017ee rastu\u0107ih segmenata u Europi.<\/li>\n<\/ul>\n<h2 data-start=\"1978\" data-end=\"2027\">Pitanja i odgovori \u2013 VAPEN SKYWALK 30K Jednokratni Vape<\/h2>\n<p><strong>P1: Koliko pufova pru\u017ea VAPEN SKYWALK 30K?<\/strong><br \/>\nO: Digitalni vape uglavnom pru\u017ea 30000 pufova, ovisno o navikama pu\u0161enja.<\/p>\n<p><strong>P2: Je li VAPEN SKYWALK 30K punjiv?<\/strong><br \/>\nO: Da, 30k vape uklju\u010duje bateriju od 650mAh s Type-C punjenjem za jednostavno punjenje.<\/p>\n<p><strong>P3: Podr\u017eava li pametni jednokratni ure\u0111aj pode\u0161avanje protoka zraka?<\/strong><br \/>\nO: Da, sustav podesivog protoka zraka omogu\u0107ava korisnicima kontrolu vu\u0161enja i izlaza pare.<\/p>\n<p><strong>P4: Koje nikotine su dostupne za tornado vape?<\/strong><br \/>\nO: Dostupne su dvije opcije: 2% i 5% nikotin.<\/p>\n<p><strong>Kontaktirajte Lyn za vi\u0161e videozapisa proizvoda!<\/strong><\/p>\n<p><a href=\"https:\/\/wa.me\/8617840853976\"><span style=\"color: #ff6600\"><strong><em>Whatsapp:+385 17840853976<\/em><\/strong><\/span><\/a><\/p>\n<p><img loading=\"lazy\" decoding=\"async\" class=\"alignnone size-medium wp-image-1905\" src=\"http:\/\/rmvapebang.com\/wp-content\/uploads\/2024\/03\/whatsapp-vape-2-202x300.jpg\" alt=\"\" width=\"202\" height=\"300\" \/><\/p>\n<p>Prona\u0111ite vi\u0161e proizvoda koji bi vam se mogli svidjeti:<a href=\"https:\/\/rmvapebang.com\/hr\/shop-page\/\"><strong><em>Kupite sada<\/em><\/strong><\/a><\/p>\n<p>ostali puffovi koji bi vam se mogli svidjeti:<\/p>\n<p><em><a href=\"https:\/\/rmvapebang.com\/hr\/product\/bang-leader-350000-puffs-multi-flavor-rechargeable-disposable-vape-8-in-1-high-puff-vape\/\">Puni se i jednokratni vape Bang Leader 350000 pufova<\/a><\/em><\/p>\n<p><a href=\"https:\/\/rmvapebang.com\/hr\/product\/hifancy-twin-max-60k-puffs-dual-flavor-rechargeable-disposable-vape\/\"><em>HIFANCY Twin Max 60K Pufova Dvostruki Okusi Jednokratni Vape na veliko u Europi<\/em><\/a><\/p>\n<p><a href=\"https:\/\/rmvapebang.com\/hr\/product\/50000-puffs-dual-flavor-disposable-vape-with-smart-screen-type-c-charging\/\"><em>50000 Udisaja dvostruki okus jednokratni vaporizator, vru\u0107a prodaja u Europi<\/em><\/a><\/p>","protected":false},"excerpt":{"rendered":"<p><span style=\"color: #ff0000\"><strong>NAPOMENA<\/strong>:\u00a0<em>Cijene<\/em>ci na web stranici ne uklju\u010duju tro\u0161kove dostave. Molimo vas da nam po\u0161aljete po\u0161tanski broj i adresu kako bismo provjerili tro\u0161kove dostave za vas.<\/span><\/p>\n<p data-start=\"126\" data-end=\"385\">VAPEN SKYWALK 30K Puff Disposable Vape nudi do 30000 udisaja, punjenje putem Type-C, podesivu protok zraka i jasni zaslon. Dizajniran za odrasle korisnike, pru\u017ea stabilnu izvedbu okusa i sna\u017enu tr\u017ei\u0161nu potra\u017enju, \u0161to ga \u010dini popularnim visokokapacitetnim jednokratnim ure\u0111ajem za veleprodajne kupce u Europi.<\/p>\n<p><a href=\"https:\/\/wa.me\/8617840853976\"><strong><em>Whatsapp:+385 17840853976<\/em><\/strong><\/a><br \/>\nSkenirajte na WhatsAppu za kupon za novog klijenta<\/p>\n<p><img loading=\"lazy\" decoding=\"async\" class=\"alignnone size-medium wp-image-1905\" src=\"http:\/\/rmvapebang.com\/wp-content\/uploads\/2024\/03\/whatsapp-vape-2-202x300.jpg\" alt=\"\" width=\"202\" height=\"300\" \/><\/p>","protected":false},"featured_media":5761,"comment_status":"open","ping_status":"closed","template":"","meta":{"_uag_custom_page_level_css":"","_lmt_disableupdate":"no","_lmt_disable":"","site-sidebar-layout":"no-sidebar","site-content-layout":"boxed-container","ast-site-content-layout":"normal-width-container","site-content-style":"boxed","site-sidebar-style":"boxed","ast-global-header-display":"","ast-banner-title-visibility":"","ast-main-header-display":"","ast-hfb-above-header-display":"","ast-hfb-below-header-display":"","ast-hfb-mobile-header-display":"","site-post-title":"","ast-breadcrumbs-content":"","ast-featured-img":"","footer-sml-layout":"","theme-transparent-header-meta":"default","adv-header-id-meta":"","stick-header-meta":"","header-above-stick-meta":"","header-main-stick-meta":"","header-below-stick-meta":"","astra-migrate-meta-layouts":"set","ast-page-background-enabled":"default","ast-page-background-meta":{"desktop":{"background-color":"","background-image":"","background-repeat":"repeat","background-position":"center center","background-size":"auto","background-attachment":"scroll","background-type":"","background-media":"","overlay-type":"","overlay-color":"","overlay-gradient":""},"tablet":{"background-color":"","background-image":"","background-repeat":"repeat","background-position":"center center","background-size":"auto","background-attachment":"scroll","background-type":"","background-media":"","overlay-type":"","overlay-color":"","overlay-gradient":""},"mobile":{"background-color":"","background-image":"","background-repeat":"repeat","background-position":"center center","background-size":"auto","background-attachment":"scroll","background-type":"","background-media":"","overlay-type":"","overlay-color":"","overlay-gradient":""}},"ast-content-background-meta":{"desktop":{"background-color":"var(--ast-global-color-5)","background-image":"","background-repeat":"repeat","background-position":"center center","background-size":"auto","background-attachment":"scroll","background-type":"","background-media":"","overlay-type":"","overlay-color":"","overlay-gradient":""},"tablet":{"background-color":"var(--ast-global-color-5)","background-image":"","background-repeat":"repeat","background-position":"center center","background-size":"auto","background-attachment":"scroll","background-type":"","background-media":"","overlay-type":"","overlay-color":"","overlay-gradient":""},"mobile":{"background-color":"var(--ast-global-color-5)","background-image":"","background-repeat":"repeat","background-position":"center center","background-size":"auto","background-attachment":"scroll","background-type":"","background-media":"","overlay-type":"","overlay-color":"","overlay-gradient":""}},"_joinchat":{"telephone":"+8617840853976"}},"product_brand":[],"product_cat":[15,130,39,41,128,42,40,131,129,101,43,298],"product_tag":[102,103,50,61,58,53,52],"class_list":{"0":"post-5766","1":"product","2":"type-product","3":"status-publish","4":"has-post-thumbnail","6":"product_cat-eu-warehouse","7":"product_cat-digital-vapes-in-discount-price","8":"product_cat-france-wholesale-vape","9":"product_cat-netherlands-wholesale-vape","10":"product_cat-smart-display","11":"product_cat-spain-wholesale-vape","12":"product_cat-germany-wholesale-vape","13":"product_cat-tornado-vape-wholesale-price-hot-sale","14":"product_cat-tornado-vapes","15":"product_cat-vape-30000-puffs","16":"product_cat-vape-shop","17":"product_cat-vapen-vapes","18":"product_tag-30000-puffs","19":"product_tag-30k-puffs","20":"product_tag-bulk-price-vape-shop","21":"product_tag-good-sales-vape","22":"product_tag-moq-50pcs","23":"product_tag-rechargeable-vape","24":"product_tag-vape-wholesasle-price","25":"desktop-align-left","26":"tablet-align-left","27":"mobile-align-left","29":"first","30":"instock","31":"sale","32":"shipping-taxable","33":"purchasable","34":"product-type-simple"},"yoast_head":"<!-- This site is optimized with the Yoast SEO plugin v23.0 - https:\/\/yoast.com\/wordpress\/plugins\/seo\/ -->\n<title>VAPEN SKYWALK 30K Puff Disposable Vape Wholesale - rmvapebang.com<\/title>\n<meta name=\"description\" content=\"VAPEN SKYWALK 30K Puff Disposable Vape with 30000 puffs, rechargeable battery, adjustable airflow and screen display. Popular wholesale vape for Europe.\" \/>\n<meta name=\"robots\" content=\"index, follow, max-snippet:-1, max-image-preview:large, max-video-preview:-1\" \/>\n<link rel=\"canonical\" href=\"https:\/\/rmvapebang.com\/hr\/product\/vapen-skywalk-30k-puff-disposable-vape-wholesale\/\" \/>\n<meta property=\"og:locale\" content=\"hr_HR\" \/>\n<meta property=\"og:type\" content=\"article\" \/>\n<meta property=\"og:title\" content=\"VAPEN SKYWALK 30K Puff Disposable Vape Wholesale - rmvapebang.com\" \/>\n<meta property=\"og:description\" content=\"VAPEN SKYWALK 30K Puff Disposable Vape with 30000 puffs, rechargeable battery, adjustable airflow and screen display. Popular wholesale vape for Europe.\" \/>\n<meta property=\"og:url\" content=\"https:\/\/rmvapebang.com\/hr\/product\/vapen-skywalk-30k-puff-disposable-vape-wholesale\/\" \/>\n<meta property=\"og:site_name\" content=\"rmvapebang.com\" \/>\n<meta property=\"article:modified_time\" content=\"2026-04-06T11:37:44+00:00\" \/>\n<meta property=\"og:image\" content=\"http:\/\/rmvapebang.com\/wp-content\/uploads\/2026\/03\/VAPEN-SKYWALK-30K-Puff-Disposable-Vape-30000-Puffs.webp\" \/>\n\t<meta property=\"og:image:width\" content=\"800\" \/>\n\t<meta property=\"og:image:height\" content=\"800\" \/>\n\t<meta property=\"og:image:type\" content=\"image\/webp\" \/>\n<meta name=\"twitter:card\" content=\"summary_large_image\" \/>\n<meta name=\"twitter:label1\" content=\"Procijenjeno vrijeme \u010ditanja\" \/>\n\t<meta name=\"twitter:data1\" content=\"3 minute\" \/>\n<script type=\"application\/ld+json\" class=\"yoast-schema-graph\">{\"@context\":\"https:\/\/schema.org\",\"@graph\":[{\"@type\":\"WebPage\",\"@id\":\"https:\/\/rmvapebang.com\/product\/vapen-skywalk-30k-puff-disposable-vape-wholesale\/\",\"url\":\"https:\/\/rmvapebang.com\/product\/vapen-skywalk-30k-puff-disposable-vape-wholesale\/\",\"name\":\"VAPEN SKYWALK 30K Puff Disposable Vape Wholesale - rmvapebang.com\",\"isPartOf\":{\"@id\":\"https:\/\/rmvapebang.com\/#website\"},\"primaryImageOfPage\":{\"@id\":\"https:\/\/rmvapebang.com\/product\/vapen-skywalk-30k-puff-disposable-vape-wholesale\/#primaryimage\"},\"image\":{\"@id\":\"https:\/\/rmvapebang.com\/product\/vapen-skywalk-30k-puff-disposable-vape-wholesale\/#primaryimage\"},\"thumbnailUrl\":\"https:\/\/rmvapebang.com\/wp-content\/uploads\/2026\/03\/VAPEN-SKYWALK-30K-Puff-Disposable-Vape-30000-Puffs.webp\",\"datePublished\":\"2026-03-05T07:27:35+00:00\",\"dateModified\":\"2026-04-06T11:37:44+00:00\",\"description\":\"VAPEN SKYWALK 30K Puff Disposable Vape with 30000 puffs, rechargeable battery, adjustable airflow and screen display. Popular wholesale vape for Europe.\",\"breadcrumb\":{\"@id\":\"https:\/\/rmvapebang.com\/product\/vapen-skywalk-30k-puff-disposable-vape-wholesale\/#breadcrumb\"},\"inLanguage\":\"hr\",\"potentialAction\":[{\"@type\":\"ReadAction\",\"target\":[\"https:\/\/rmvapebang.com\/product\/vapen-skywalk-30k-puff-disposable-vape-wholesale\/\"]}]},{\"@type\":\"ImageObject\",\"inLanguage\":\"hr\",\"@id\":\"https:\/\/rmvapebang.com\/product\/vapen-skywalk-30k-puff-disposable-vape-wholesale\/#primaryimage\",\"url\":\"https:\/\/rmvapebang.com\/wp-content\/uploads\/2026\/03\/VAPEN-SKYWALK-30K-Puff-Disposable-Vape-30000-Puffs.webp\",\"contentUrl\":\"https:\/\/rmvapebang.com\/wp-content\/uploads\/2026\/03\/VAPEN-SKYWALK-30K-Puff-Disposable-Vape-30000-Puffs.webp\",\"width\":800,\"height\":800,\"caption\":\"Experience the power of a true 30K puff disposable vape.\"},{\"@type\":\"BreadcrumbList\",\"@id\":\"https:\/\/rmvapebang.com\/product\/vapen-skywalk-30k-puff-disposable-vape-wholesale\/#breadcrumb\",\"itemListElement\":[{\"@type\":\"ListItem\",\"position\":1,\"name\":\"Home\",\"item\":\"https:\/\/rmvapebang.com\/\"},{\"@type\":\"ListItem\",\"position\":2,\"name\":\"Hot Vape Shop\",\"item\":\"https:\/\/rmvapebang.com\/shop-page\/\"},{\"@type\":\"ListItem\",\"position\":3,\"name\":\"VAPEN SKYWALK 30K Puff Disposable Vape Wholesale\"}]},{\"@type\":\"WebSite\",\"@id\":\"https:\/\/rmvapebang.com\/#website\",\"url\":\"https:\/\/rmvapebang.com\/\",\"name\":\"rmvapebang.com\",\"description\":\"buy vape cheap\",\"publisher\":{\"@id\":\"https:\/\/rmvapebang.com\/#organization\"},\"potentialAction\":[{\"@type\":\"SearchAction\",\"target\":{\"@type\":\"EntryPoint\",\"urlTemplate\":\"https:\/\/rmvapebang.com\/?s={search_term_string}\"},\"query-input\":\"required name=search_term_string\"}],\"inLanguage\":\"hr\"},{\"@type\":\"Organization\",\"@id\":\"https:\/\/rmvapebang.com\/#organization\",\"name\":\"rmvapebang.com\",\"url\":\"https:\/\/rmvapebang.com\/\",\"logo\":{\"@type\":\"ImageObject\",\"inLanguage\":\"hr\",\"@id\":\"https:\/\/rmvapebang.com\/#\/schema\/logo\/image\/\",\"url\":\"https:\/\/rmvapebang.com\/wp-content\/uploads\/2024\/03\/cropped-RVBlogo.png\",\"contentUrl\":\"https:\/\/rmvapebang.com\/wp-content\/uploads\/2024\/03\/cropped-RVBlogo.png\",\"width\":507,\"height\":169,\"caption\":\"rmvapebang.com\"},\"image\":{\"@id\":\"https:\/\/rmvapebang.com\/#\/schema\/logo\/image\/\"}}]}<\/script>\n<!-- \/ Yoast SEO plugin. -->","yoast_head_json":{"title":"VAPEN SKYWALK 30K Puff Disposable Vape Wholesale - rmvapebang.com","description":"VAPEN SKYWALK 30K Puff Disposable Vape with 30000 puffs, rechargeable battery, adjustable airflow and screen display. Popular wholesale vape for Europe.","robots":{"index":"index","follow":"follow","max-snippet":"max-snippet:-1","max-image-preview":"max-image-preview:large","max-video-preview":"max-video-preview:-1"},"canonical":"https:\/\/rmvapebang.com\/hr\/product\/vapen-skywalk-30k-puff-disposable-vape-wholesale\/","og_locale":"hr_HR","og_type":"article","og_title":"VAPEN SKYWALK 30K Puff Disposable Vape Wholesale - rmvapebang.com","og_description":"VAPEN SKYWALK 30K Puff Disposable Vape with 30000 puffs, rechargeable battery, adjustable airflow and screen display. Popular wholesale vape for Europe.","og_url":"https:\/\/rmvapebang.com\/hr\/product\/vapen-skywalk-30k-puff-disposable-vape-wholesale\/","og_site_name":"rmvapebang.com","article_modified_time":"2026-04-06T11:37:44+00:00","og_image":[{"width":800,"height":800,"url":"http:\/\/rmvapebang.com\/wp-content\/uploads\/2026\/03\/VAPEN-SKYWALK-30K-Puff-Disposable-Vape-30000-Puffs.webp","type":"image\/webp"}],"twitter_card":"summary_large_image","twitter_misc":{"Procijenjeno vrijeme \u010ditanja":"3 minute"},"schema":{"@context":"https:\/\/schema.org","@graph":[{"@type":"WebPage","@id":"https:\/\/rmvapebang.com\/product\/vapen-skywalk-30k-puff-disposable-vape-wholesale\/","url":"https:\/\/rmvapebang.com\/product\/vapen-skywalk-30k-puff-disposable-vape-wholesale\/","name":"VAPEN SKYWALK 30K Puff Disposable Vape Wholesale - rmvapebang.com","isPartOf":{"@id":"https:\/\/rmvapebang.com\/#website"},"primaryImageOfPage":{"@id":"https:\/\/rmvapebang.com\/product\/vapen-skywalk-30k-puff-disposable-vape-wholesale\/#primaryimage"},"image":{"@id":"https:\/\/rmvapebang.com\/product\/vapen-skywalk-30k-puff-disposable-vape-wholesale\/#primaryimage"},"thumbnailUrl":"https:\/\/rmvapebang.com\/wp-content\/uploads\/2026\/03\/VAPEN-SKYWALK-30K-Puff-Disposable-Vape-30000-Puffs.webp","datePublished":"2026-03-05T07:27:35+00:00","dateModified":"2026-04-06T11:37:44+00:00","description":"VAPEN SKYWALK 30K Puff Disposable Vape with 30000 puffs, rechargeable battery, adjustable airflow and screen display. Popular wholesale vape for Europe.","breadcrumb":{"@id":"https:\/\/rmvapebang.com\/product\/vapen-skywalk-30k-puff-disposable-vape-wholesale\/#breadcrumb"},"inLanguage":"hr","potentialAction":[{"@type":"ReadAction","target":["https:\/\/rmvapebang.com\/product\/vapen-skywalk-30k-puff-disposable-vape-wholesale\/"]}]},{"@type":"ImageObject","inLanguage":"hr","@id":"https:\/\/rmvapebang.com\/product\/vapen-skywalk-30k-puff-disposable-vape-wholesale\/#primaryimage","url":"https:\/\/rmvapebang.com\/wp-content\/uploads\/2026\/03\/VAPEN-SKYWALK-30K-Puff-Disposable-Vape-30000-Puffs.webp","contentUrl":"https:\/\/rmvapebang.com\/wp-content\/uploads\/2026\/03\/VAPEN-SKYWALK-30K-Puff-Disposable-Vape-30000-Puffs.webp","width":800,"height":800,"caption":"Experience the power of a true 30K puff disposable vape."},{"@type":"BreadcrumbList","@id":"https:\/\/rmvapebang.com\/product\/vapen-skywalk-30k-puff-disposable-vape-wholesale\/#breadcrumb","itemListElement":[{"@type":"ListItem","position":1,"name":"Home","item":"https:\/\/rmvapebang.com\/"},{"@type":"ListItem","position":2,"name":"Hot Vape Shop","item":"https:\/\/rmvapebang.com\/shop-page\/"},{"@type":"ListItem","position":3,"name":"VAPEN SKYWALK 30K Puff Disposable Vape Wholesale"}]},{"@type":"WebSite","@id":"https:\/\/rmvapebang.com\/#website","url":"https:\/\/rmvapebang.com\/","name":"rmvapebang.com","description":"buy vape cheap","publisher":{"@id":"https:\/\/rmvapebang.com\/#organization"},"potentialAction":[{"@type":"SearchAction","target":{"@type":"EntryPoint","urlTemplate":"https:\/\/rmvapebang.com\/?s={search_term_string}"},"query-input":"required name=search_term_string"}],"inLanguage":"hr"},{"@type":"Organization","@id":"https:\/\/rmvapebang.com\/#organization","name":"rmvapebang.com","url":"https:\/\/rmvapebang.com\/","logo":{"@type":"ImageObject","inLanguage":"hr","@id":"https:\/\/rmvapebang.com\/#\/schema\/logo\/image\/","url":"https:\/\/rmvapebang.com\/wp-content\/uploads\/2024\/03\/cropped-RVBlogo.png","contentUrl":"https:\/\/rmvapebang.com\/wp-content\/uploads\/2024\/03\/cropped-RVBlogo.png","width":507,"height":169,"caption":"rmvapebang.com"},"image":{"@id":"https:\/\/rmvapebang.com\/#\/schema\/logo\/image\/"}}]}},"uagb_featured_image_src":{"full":["https:\/\/rmvapebang.com\/wp-content\/uploads\/2026\/03\/VAPEN-SKYWALK-30K-Puff-Disposable-Vape-30000-Puffs.webp",800,800,false],"thumbnail":["https:\/\/rmvapebang.com\/wp-content\/uploads\/2026\/03\/VAPEN-SKYWALK-30K-Puff-Disposable-Vape-30000-Puffs-150x150.webp",150,150,true],"medium":["https:\/\/rmvapebang.com\/wp-content\/uploads\/2026\/03\/VAPEN-SKYWALK-30K-Puff-Disposable-Vape-30000-Puffs-300x300.webp",300,300,true],"medium_large":["https:\/\/rmvapebang.com\/wp-content\/uploads\/2026\/03\/VAPEN-SKYWALK-30K-Puff-Disposable-Vape-30000-Puffs-768x768.webp",768,768,true],"large":["https:\/\/rmvapebang.com\/wp-content\/uploads\/2026\/03\/VAPEN-SKYWALK-30K-Puff-Disposable-Vape-30000-Puffs.webp",800,800,false],"1536x1536":["https:\/\/rmvapebang.com\/wp-content\/uploads\/2026\/03\/VAPEN-SKYWALK-30K-Puff-Disposable-Vape-30000-Puffs.webp",800,800,false],"2048x2048":["https:\/\/rmvapebang.com\/wp-content\/uploads\/2026\/03\/VAPEN-SKYWALK-30K-Puff-Disposable-Vape-30000-Puffs.webp",800,800,false],"trp-custom-language-flag":["https:\/\/rmvapebang.com\/wp-content\/uploads\/2026\/03\/VAPEN-SKYWALK-30K-Puff-Disposable-Vape-30000-Puffs-12x12.webp",12,12,true],"woocommerce_thumbnail":["https:\/\/rmvapebang.com\/wp-content\/uploads\/2026\/03\/VAPEN-SKYWALK-30K-Puff-Disposable-Vape-30000-Puffs-300x300.webp",300,300,true],"woocommerce_single":["https:\/\/rmvapebang.com\/wp-content\/uploads\/2026\/03\/VAPEN-SKYWALK-30K-Puff-Disposable-Vape-30000-Puffs-600x600.webp",600,600,true],"woocommerce_gallery_thumbnail":["https:\/\/rmvapebang.com\/wp-content\/uploads\/2026\/03\/VAPEN-SKYWALK-30K-Puff-Disposable-Vape-30000-Puffs-100x100.webp",100,100,true],"wcpr-photo-reviews":["https:\/\/rmvapebang.com\/wp-content\/uploads\/2026\/03\/VAPEN-SKYWALK-30K-Puff-Disposable-Vape-30000-Puffs.webp",500,500,false]},"uagb_author_info":{"display_name":"Lyn","author_link":"https:\/\/rmvapebang.com\/hr\/author\/"},"uagb_comment_info":0,"uagb_excerpt":"NOTE:\u00a0Prices on the website don\u2019t include shipping fee. Please send your zip code and address that we can check shipping costs for you. VAPEN SKYWALK 30K Puff Disposable Vape offers up to 30000 puffs, rechargeable Type-C charging, adjustable airflow and a clear screen display. Designed for adult users, it provides stable flavor performance and strong&hellip;","_links":{"self":[{"href":"https:\/\/rmvapebang.com\/hr\/wp-json\/wp\/v2\/product\/5766","targetHints":{"allow":["GET"]}}],"collection":[{"href":"https:\/\/rmvapebang.com\/hr\/wp-json\/wp\/v2\/product"}],"about":[{"href":"https:\/\/rmvapebang.com\/hr\/wp-json\/wp\/v2\/types\/product"}],"replies":[{"embeddable":true,"href":"https:\/\/rmvapebang.com\/hr\/wp-json\/wp\/v2\/comments?post=5766"}],"wp:featuredmedia":[{"embeddable":true,"href":"https:\/\/rmvapebang.com\/hr\/wp-json\/wp\/v2\/media\/5761"}],"wp:attachment":[{"href":"https:\/\/rmvapebang.com\/hr\/wp-json\/wp\/v2\/media?parent=5766"}],"wp:term":[{"taxonomy":"product_brand","embeddable":true,"href":"https:\/\/rmvapebang.com\/hr\/wp-json\/wp\/v2\/product_brand?post=5766"},{"taxonomy":"product_cat","embeddable":true,"href":"https:\/\/rmvapebang.com\/hr\/wp-json\/wp\/v2\/product_cat?post=5766"},{"taxonomy":"product_tag","embeddable":true,"href":"https:\/\/rmvapebang.com\/hr\/wp-json\/wp\/v2\/product_tag?post=5766"}],"curies":[{"name":"wp","href":"https:\/\/api.w.org\/{rel}","templated":true}]}}