{"id":5237,"date":"2025-11-20T15:34:55","date_gmt":"2025-11-20T07:34:55","guid":{"rendered":"https:\/\/rmvapebang.com\/?post_type=product&#038;p=5237"},"modified":"2025-11-12T16:48:08","modified_gmt":"2025-11-12T08:48:08","slug":"merrymi-16000-disposable-vape-puffs-bulk-discount-top-seller","status":"publish","type":"product","link":"https:\/\/rmvapebang.com\/hr\/product\/merrymi-16000-disposable-vape-puffs-bulk-discount-top-seller\/","title":{"rendered":"MERRYMi 16000 Jednokratni Vape Pufovi Velika Koli\u010dina Popust Najprodavanije"},"content":{"rendered":"<h2 style=\"text-align: left\">MERRYMi 16000 Jednokratni Vape Pufovi Velika Koli\u010dina Popust Najprodavanije<\/h2>\n<p>MERRYMi 16000 Jednokratni Vape Pufovi Velika Koli\u010dina Popust imaju kompaktan dizajn s vrhunskim performansama, \u010dine\u0107i digitalni 16k vape prikladnim za pojedina\u010dne korisnike i europske distributere. <a href=\"https:\/\/rmvapebang.com\/hr\/product-category\/vape-16000-puffs\/\"><em><strong>16000 udisaja jednokratnog vape ure\u0111aja<\/strong> <\/em><\/a>nudi trajanje baterije do 16.000 pufova, ugra\u0111enu 620mAh punjivu bateriju i Type-C su\u010delje, osiguravaju\u0107i stabilnu snagu i glatkije iskustvo vapinga.<\/p>\n<p>The <a href=\"https:\/\/rmvapebang.com\/hr\/product-category\/vape-16000-puffs\/\"><em><strong>jednokratni 16000 vape<\/strong><\/em><\/a> ima dizajn s dvostrukim na\u010dinima rada koji omogu\u0107ava korisnicima da fleksibilno biraju izme\u0111u \u010dvrstog otpora povla\u010denja i bogatog izlaza pare, zadovoljavaju\u0107i potrebe MTL i DTL vapinga, a kapacitet od 20ml e-teku\u0107ine osigurava dugotrajno u\u017eivanje vapera.<\/p>\n<p>Osim toga, sva na\u0161a zaliha Merrymi 16000 pufova vape nalazi se u na\u0161em skladi\u0161tu u Europi, u\u010dinite to <em><strong>MERRYMI vape<\/strong><\/em>\u00a0<span style=\"font-size: 20px\">mo\u017ee brzo organizirati dostavu nakon \u0161to naru\u010dite, smanjuju\u0107i vrijeme isporuke i omogu\u0107uju\u0107i vam da prije u\u017eivate u svom savr\u0161enom jednokratnom vapu. Na europskom tr\u017ei\u0161tu, ne samo za osobnu uporabu ili maloprodaju, MERRYMi 16000 je idealan izbor s izvrsnom vrijedno\u0161\u0107u za novac na tr\u017ei\u0161tu jednokratnih vapeova od 16000 pufova.<\/span><\/p>\n<figure id=\"attachment_5206\" aria-describedby=\"caption-attachment-5206\" style=\"width: 800px\" class=\"wp-caption alignnone\"><img loading=\"lazy\" decoding=\"async\" class=\"wp-image-5206 size-full\" src=\"http:\/\/rmvapebang.com\/wp-content\/uploads\/2025\/10\/merrymi-Disposable-vape-puffs-16000-Bulk-Price.webp\" alt=\"merrymi Jednokratni vape pufovi 16000 Velika Koli\u010dina\" width=\"800\" height=\"800\" srcset=\"https:\/\/rmvapebang.com\/wp-content\/uploads\/2025\/10\/merrymi-Disposable-vape-puffs-16000-Bulk-Price.webp 800w, https:\/\/rmvapebang.com\/wp-content\/uploads\/2025\/10\/merrymi-Disposable-vape-puffs-16000-Bulk-Price-300x300.webp 300w, https:\/\/rmvapebang.com\/wp-content\/uploads\/2025\/10\/merrymi-Disposable-vape-puffs-16000-Bulk-Price-150x150.webp 150w, https:\/\/rmvapebang.com\/wp-content\/uploads\/2025\/10\/merrymi-Disposable-vape-puffs-16000-Bulk-Price-768x768.webp 768w, https:\/\/rmvapebang.com\/wp-content\/uploads\/2025\/10\/merrymi-Disposable-vape-puffs-16000-Bulk-Price-12x12.webp 12w, https:\/\/rmvapebang.com\/wp-content\/uploads\/2025\/10\/merrymi-Disposable-vape-puffs-16000-Bulk-Price-600x600.webp 600w, https:\/\/rmvapebang.com\/wp-content\/uploads\/2025\/10\/merrymi-Disposable-vape-puffs-16000-Bulk-Price-100x100.webp 100w\" sizes=\"auto, (max-width: 800px) 100vw, 800px\" \/><figcaption id=\"caption-attachment-5206\" class=\"wp-caption-text\">merrymi Jednokratni vape pufovi 16000 Velika Koli\u010dina<\/figcaption><\/figure>\n<h2>Digitalni vape merrymi 30000 pufova Istaknuto<\/h2>\n<p>\ud83c\udf08 <em><strong><span style=\"color: #ff0000\">16000 udisaja<\/span><\/strong><\/em> \u2014 uravnote\u017een dnevni rad za produ\u017eenu uporabu<br \/>\n\ud83d\udca7 <em><strong><span style=\"color: #ff0000\">20ml e-teku\u0107ine<\/span><\/strong><\/em> \u2014 velikodu\u0161na ponuda okusa u kompaktnom tijelu<br \/>\n\ud83d\udd0b <em><strong><span style=\"color: #ff0000\">620mAh<\/span> <\/strong><\/em>punjiva \u2014 pouzdana baterija s brzim punjenjem Type-C<br \/>\n\u2699\ufe0f Dvostruki na\u010din rada \u2014 lako prebacivanje izme\u0111u MTL i DTL vapinga<br \/>\n\ud83d\udca1 LED zaslon \u2014 jasan prikaz stanja baterije i broja udisaja<\/p>\n<h2><strong>Okusi za MERRYMI 16000 pufova jednokratni vape<\/strong><\/h2>\n<p>1. Jagermaister<br \/>\n2. Miami mint<br \/>\n3. Led od lubenice<br \/>\n4. Jagoda kiwi<br \/>\n5. Gumenkasta medvjed<br \/>\n6. Roza breskva<br \/>\n7. Crna tre\u0161nja Limeta<br \/>\n8. Kaktus karamela<br \/>\n9. Borovnica lubenica<br \/>\n10. Lje\u0161njak led<br \/>\n11. Aloe crna ribizla<br \/>\n12. Mije\u0161ano bobi\u010dasto vo\u0107e<br \/>\n13. Crvena energija<br \/>\n14. Kiwi strast<br \/>\n15. Gro\u017e\u0111e led<br \/>\n16. Kisele jabuke<br \/>\n17. Plavi razz led<br \/>\n18. Tre\u0161nja kola<br \/>\n19. Dragonfruit<br \/>\n20. Kuhani plamen<br \/>\n21. Limunada cucu<br \/>\n22. Georgie breskva<br \/>\n23. Naran\u010da led kiwi<br \/>\n24. Roza limunada<br \/>\n25. Ananas naran\u010da soda<\/p>\n<h2>Pitanja i odgovori:<\/h2>\n<p><strong>Pitanje 1: Je li jednokratni MERRYMi vape od 16000 ispravan za osobnu i maloprodajnu uporabu?<\/strong><br \/>\nOdgovor 1: Da, kapacitet od 16000 udisaja i dvostruki na\u010din rada \u010dine merrymi vape idealnim za osobne vapere i prodava\u010de u trgovinama.<\/p>\n<p><strong>Pitanje 2: Prikazuje li LED zaslon merrymi vapea razinu snage i razinu e-teku\u0107ine?<\/strong><br \/>\nOdgovor 2: Da, pametni LED zaslon poma\u017ee korisnicima pratiti punjenje i kori\u0161tenje vapea radi optimalne udobnosti.<\/p>\n<p><strong>Pitanje 3: Je li jednokratni merrymi od 16000 udisaja punjiv?<\/strong><br \/>\nOdgovor: Naravno. Kapacitet od 16000 udisaja s baterijom od 620mAh podr\u017eava punjenje putem Type-C priklju\u010dka, smanjuju\u0107i vrijeme zastoja tijekom svakodnevne uporabe.<\/p>\n<p><strong>Pitanje 4: Kako radi dualni na\u010din rada vapea merrymi od 16k udisaja?<\/strong><br \/>\nOdgovor 4: Vaperi mogu prebacivati izme\u0111u MTL i DTL iskustava \u2014 jedno za u\u017ei udisaj, drugo za bogatiji vapor.<\/p>\n<p><strong>Kontaktirajte Lyn za vi\u0161e videozapisa proizvoda!<\/strong><\/p>\n<p><a href=\"https:\/\/wa.me\/8617840853976\"><span style=\"color: #ff6600\"><strong><em>Whatsapp:+385 17840853976<\/em><\/strong><\/span><\/a><\/p>\n<p><img loading=\"lazy\" decoding=\"async\" class=\"alignnone size-medium wp-image-1905\" src=\"http:\/\/rmvapebang.com\/wp-content\/uploads\/2024\/03\/whatsapp-vape-2-202x300.jpg\" alt=\"\" width=\"202\" height=\"300\" \/><\/p>\n<p>Prona\u0111ite vi\u0161e proizvoda koji bi vam se mogli svidjeti:<a href=\"https:\/\/rmvapebang.com\/hr\/shop-page\/\"><strong><em>Kupite sada<\/em><\/strong><\/a><\/p>\n<p>ostali puffovi koji bi vam se mogli svidjeti:\u00a0<a href=\"https:\/\/rmvapebang.com\/hr\/product\/top-sale-disposable-bang-leader-vape-110000-puffs\/\">Bang leader 110k udaha vape<\/a>\/ <a href=\"https:\/\/rmvapebang.com\/hr\/product\/adalya-16000-puffs-disposable-top-sale-bulk-price-vape\/\">Adalya jednokratni vape od 16000 udaha<\/a>\/ <a href=\"https:\/\/rmvapebang.com\/hr\/product\/digital-screen-uwin-tornado-60000-puff-vape-bulk-triple-flavor\/\">Digital Uwin 60000 udaha<\/a>\/<a href=\"https:\/\/rmvapebang.com\/hr\/product\/fizzy-pandora-12000-smart-vape-hot-sale-wholesale\/\"> FIZZY Pandora vape od 12000 udisaja<\/a><\/p>","protected":false},"excerpt":{"rendered":"<p data-start=\"1244\" data-end=\"1417\"><span style=\"color: #ff0000\"><em><strong>NAPOMENA<\/strong>: Cijene na web stranici ne uklju\u010duju tro\u0161kove dostave. Molimo po\u0161aljite nam po\u0161tanski broj i adresu kako bismo mogli provjeriti tro\u0161kove dostave za vas.<\/em><\/span><br \/>\n<strong data-start=\"2282\" data-end=\"2299\">MERRYMi 16000<\/strong> izdvaja se snagom, dvostrukim protokom zraka i modernim dizajnom. Pouzdani <strong data-start=\"2366\" data-end=\"2404\">jednokratni vaporizator za veletrgovce u Hrvatskoj<\/strong>, nude\u0107i visoke mar\u017ee i sna\u017ean privla\u010dnost za kupce.<\/p>\n<p><a href=\"https:\/\/wa.me\/8617840853976\"><strong><em>Whatsapp:+385 17840853976<\/em><\/strong><\/a><\/p>\n<p><img loading=\"lazy\" decoding=\"async\" class=\"alignnone size-medium wp-image-1905\" src=\"http:\/\/rmvapebang.com\/wp-content\/uploads\/2024\/03\/whatsapp-vape-2-202x300.jpg\" alt=\"\" width=\"202\" height=\"300\" \/><br \/>\n<strong>Skenirajte na WhatsAppu za kupon za novog klijenta<\/strong><\/p>","protected":false},"featured_media":5208,"comment_status":"open","ping_status":"closed","template":"","meta":{"_uag_custom_page_level_css":"","_lmt_disableupdate":"no","_lmt_disable":"","site-sidebar-layout":"no-sidebar","site-content-layout":"boxed-container","ast-site-content-layout":"normal-width-container","site-content-style":"boxed","site-sidebar-style":"boxed","ast-global-header-display":"","ast-banner-title-visibility":"","ast-main-header-display":"","ast-hfb-above-header-display":"","ast-hfb-below-header-display":"","ast-hfb-mobile-header-display":"","site-post-title":"","ast-breadcrumbs-content":"","ast-featured-img":"","footer-sml-layout":"","theme-transparent-header-meta":"default","adv-header-id-meta":"","stick-header-meta":"","header-above-stick-meta":"","header-main-stick-meta":"","header-below-stick-meta":"","astra-migrate-meta-layouts":"set","ast-page-background-enabled":"default","ast-page-background-meta":{"desktop":{"background-color":"","background-image":"","background-repeat":"repeat","background-position":"center center","background-size":"auto","background-attachment":"scroll","background-type":"","background-media":"","overlay-type":"","overlay-color":"","overlay-gradient":""},"tablet":{"background-color":"","background-image":"","background-repeat":"repeat","background-position":"center center","background-size":"auto","background-attachment":"scroll","background-type":"","background-media":"","overlay-type":"","overlay-color":"","overlay-gradient":""},"mobile":{"background-color":"","background-image":"","background-repeat":"repeat","background-position":"center center","background-size":"auto","background-attachment":"scroll","background-type":"","background-media":"","overlay-type":"","overlay-color":"","overlay-gradient":""}},"ast-content-background-meta":{"desktop":{"background-color":"var(--ast-global-color-5)","background-image":"","background-repeat":"repeat","background-position":"center center","background-size":"auto","background-attachment":"scroll","background-type":"","background-media":"","overlay-type":"","overlay-color":"","overlay-gradient":""},"tablet":{"background-color":"var(--ast-global-color-5)","background-image":"","background-repeat":"repeat","background-position":"center center","background-size":"auto","background-attachment":"scroll","background-type":"","background-media":"","overlay-type":"","overlay-color":"","overlay-gradient":""},"mobile":{"background-color":"var(--ast-global-color-5)","background-image":"","background-repeat":"repeat","background-position":"center center","background-size":"auto","background-attachment":"scroll","background-type":"","background-media":"","overlay-type":"","overlay-color":"","overlay-gradient":""}},"_joinchat":[]},"product_brand":[],"product_cat":[39,255,41,42,40,112,43],"product_tag":[113,114,50,61,58,53,52],"class_list":{"0":"post-5237","1":"product","2":"type-product","3":"status-publish","4":"has-post-thumbnail","6":"product_cat-france-wholesale-vape","7":"product_cat-merrymi-vapes","8":"product_cat-netherlands-wholesale-vape","9":"product_cat-spain-wholesale-vape","10":"product_cat-germany-wholesale-vape","11":"product_cat-vape-16000-puffs","12":"product_cat-vape-shop","13":"product_tag-16000-puffs","14":"product_tag-16k-puffs","15":"product_tag-bulk-price-vape-shop","16":"product_tag-good-sales-vape","17":"product_tag-moq-50pcs","18":"product_tag-rechargeable-vape","19":"product_tag-vape-wholesasle-price","20":"desktop-align-left","21":"tablet-align-left","22":"mobile-align-left","24":"first","25":"instock","26":"sale","27":"shipping-taxable","28":"purchasable","29":"product-type-simple"},"yoast_head":"<!-- This site is optimized with the Yoast SEO plugin v23.0 - https:\/\/yoast.com\/wordpress\/plugins\/seo\/ -->\n<title>MERRYMi 16000 Disposable Vape Puffs Bulk Discount Top Seller - rmvapebang.com<\/title>\n<meta name=\"description\" content=\"Order MERRYMi 16000 Disposable Vape at bulk discount. Dual mode, Type-C charging, and EU fast shipping\u2014perfect for retailers!\" \/>\n<meta name=\"robots\" content=\"index, follow, max-snippet:-1, max-image-preview:large, max-video-preview:-1\" \/>\n<link rel=\"canonical\" href=\"https:\/\/rmvapebang.com\/hr\/product\/merrymi-16000-disposable-vape-puffs-bulk-discount-top-seller\/\" \/>\n<meta property=\"og:locale\" content=\"hr_HR\" \/>\n<meta property=\"og:type\" content=\"article\" \/>\n<meta property=\"og:title\" content=\"MERRYMi 16000 Disposable Vape Puffs Bulk Discount Top Seller - rmvapebang.com\" \/>\n<meta property=\"og:description\" content=\"Order MERRYMi 16000 Disposable Vape at bulk discount. Dual mode, Type-C charging, and EU fast shipping\u2014perfect for retailers!\" \/>\n<meta property=\"og:url\" content=\"https:\/\/rmvapebang.com\/hr\/product\/merrymi-16000-disposable-vape-puffs-bulk-discount-top-seller\/\" \/>\n<meta property=\"og:site_name\" content=\"rmvapebang.com\" \/>\n<meta property=\"article:modified_time\" content=\"2025-11-12T08:48:08+00:00\" \/>\n<meta property=\"og:image\" content=\"https:\/\/rmvapebang.com\/wp-content\/uploads\/2025\/10\/merrymi-Digital-Vape-16000-puffs-Discount-Sale.webp\" \/>\n\t<meta property=\"og:image:width\" content=\"800\" \/>\n\t<meta property=\"og:image:height\" content=\"800\" \/>\n\t<meta property=\"og:image:type\" content=\"image\/webp\" \/>\n<meta name=\"twitter:card\" content=\"summary_large_image\" \/>\n<meta name=\"twitter:label1\" content=\"Procijenjeno vrijeme \u010ditanja\" \/>\n\t<meta name=\"twitter:data1\" content=\"3 minute\" \/>\n<script type=\"application\/ld+json\" class=\"yoast-schema-graph\">{\"@context\":\"https:\/\/schema.org\",\"@graph\":[{\"@type\":\"WebPage\",\"@id\":\"https:\/\/rmvapebang.com\/product\/merrymi-16000-disposable-vape-puffs-bulk-discount-top-seller\/\",\"url\":\"https:\/\/rmvapebang.com\/product\/merrymi-16000-disposable-vape-puffs-bulk-discount-top-seller\/\",\"name\":\"MERRYMi 16000 Disposable Vape Puffs Bulk Discount Top Seller - rmvapebang.com\",\"isPartOf\":{\"@id\":\"https:\/\/rmvapebang.com\/#website\"},\"primaryImageOfPage\":{\"@id\":\"https:\/\/rmvapebang.com\/product\/merrymi-16000-disposable-vape-puffs-bulk-discount-top-seller\/#primaryimage\"},\"image\":{\"@id\":\"https:\/\/rmvapebang.com\/product\/merrymi-16000-disposable-vape-puffs-bulk-discount-top-seller\/#primaryimage\"},\"thumbnailUrl\":\"https:\/\/rmvapebang.com\/wp-content\/uploads\/2025\/10\/merrymi-Digital-Vape-16000-puffs-Discount-Sale.webp\",\"datePublished\":\"2025-11-20T07:34:55+00:00\",\"dateModified\":\"2025-11-12T08:48:08+00:00\",\"description\":\"Order MERRYMi 16000 Disposable Vape at bulk discount. Dual mode, Type-C charging, and EU fast shipping\u2014perfect for retailers!\",\"breadcrumb\":{\"@id\":\"https:\/\/rmvapebang.com\/product\/merrymi-16000-disposable-vape-puffs-bulk-discount-top-seller\/#breadcrumb\"},\"inLanguage\":\"hr\",\"potentialAction\":[{\"@type\":\"ReadAction\",\"target\":[\"https:\/\/rmvapebang.com\/product\/merrymi-16000-disposable-vape-puffs-bulk-discount-top-seller\/\"]}]},{\"@type\":\"ImageObject\",\"inLanguage\":\"hr\",\"@id\":\"https:\/\/rmvapebang.com\/product\/merrymi-16000-disposable-vape-puffs-bulk-discount-top-seller\/#primaryimage\",\"url\":\"https:\/\/rmvapebang.com\/wp-content\/uploads\/2025\/10\/merrymi-Digital-Vape-16000-puffs-Discount-Sale.webp\",\"contentUrl\":\"https:\/\/rmvapebang.com\/wp-content\/uploads\/2025\/10\/merrymi-Digital-Vape-16000-puffs-Discount-Sale.webp\",\"width\":800,\"height\":800,\"caption\":\"merrymi Digital Vape 16000 puffs Discount Sale\"},{\"@type\":\"BreadcrumbList\",\"@id\":\"https:\/\/rmvapebang.com\/product\/merrymi-16000-disposable-vape-puffs-bulk-discount-top-seller\/#breadcrumb\",\"itemListElement\":[{\"@type\":\"ListItem\",\"position\":1,\"name\":\"Home\",\"item\":\"https:\/\/rmvapebang.com\/\"},{\"@type\":\"ListItem\",\"position\":2,\"name\":\"Hot Vape Shop\",\"item\":\"https:\/\/rmvapebang.com\/shop-page\/\"},{\"@type\":\"ListItem\",\"position\":3,\"name\":\"MERRYMi 16000 Disposable Vape Puffs Bulk Discount Top Seller\"}]},{\"@type\":\"WebSite\",\"@id\":\"https:\/\/rmvapebang.com\/#website\",\"url\":\"https:\/\/rmvapebang.com\/\",\"name\":\"rmvapebang.com\",\"description\":\"buy vape cheap\",\"publisher\":{\"@id\":\"https:\/\/rmvapebang.com\/#organization\"},\"potentialAction\":[{\"@type\":\"SearchAction\",\"target\":{\"@type\":\"EntryPoint\",\"urlTemplate\":\"https:\/\/rmvapebang.com\/?s={search_term_string}\"},\"query-input\":\"required name=search_term_string\"}],\"inLanguage\":\"hr\"},{\"@type\":\"Organization\",\"@id\":\"https:\/\/rmvapebang.com\/#organization\",\"name\":\"rmvapebang.com\",\"url\":\"https:\/\/rmvapebang.com\/\",\"logo\":{\"@type\":\"ImageObject\",\"inLanguage\":\"hr\",\"@id\":\"https:\/\/rmvapebang.com\/#\/schema\/logo\/image\/\",\"url\":\"https:\/\/rmvapebang.com\/wp-content\/uploads\/2024\/03\/cropped-RVBlogo.png\",\"contentUrl\":\"https:\/\/rmvapebang.com\/wp-content\/uploads\/2024\/03\/cropped-RVBlogo.png\",\"width\":507,\"height\":169,\"caption\":\"rmvapebang.com\"},\"image\":{\"@id\":\"https:\/\/rmvapebang.com\/#\/schema\/logo\/image\/\"}}]}<\/script>\n<!-- \/ Yoast SEO plugin. -->","yoast_head_json":{"title":"MERRYMi 16000 Disposable Vape Puffs Bulk Discount Top Seller - rmvapebang.com","description":"Order MERRYMi 16000 Disposable Vape at bulk discount. Dual mode, Type-C charging, and EU fast shipping\u2014perfect for retailers!","robots":{"index":"index","follow":"follow","max-snippet":"max-snippet:-1","max-image-preview":"max-image-preview:large","max-video-preview":"max-video-preview:-1"},"canonical":"https:\/\/rmvapebang.com\/hr\/product\/merrymi-16000-disposable-vape-puffs-bulk-discount-top-seller\/","og_locale":"hr_HR","og_type":"article","og_title":"MERRYMi 16000 Disposable Vape Puffs Bulk Discount Top Seller - rmvapebang.com","og_description":"Order MERRYMi 16000 Disposable Vape at bulk discount. Dual mode, Type-C charging, and EU fast shipping\u2014perfect for retailers!","og_url":"https:\/\/rmvapebang.com\/hr\/product\/merrymi-16000-disposable-vape-puffs-bulk-discount-top-seller\/","og_site_name":"rmvapebang.com","article_modified_time":"2025-11-12T08:48:08+00:00","og_image":[{"width":800,"height":800,"url":"https:\/\/rmvapebang.com\/wp-content\/uploads\/2025\/10\/merrymi-Digital-Vape-16000-puffs-Discount-Sale.webp","type":"image\/webp"}],"twitter_card":"summary_large_image","twitter_misc":{"Procijenjeno vrijeme \u010ditanja":"3 minute"},"schema":{"@context":"https:\/\/schema.org","@graph":[{"@type":"WebPage","@id":"https:\/\/rmvapebang.com\/product\/merrymi-16000-disposable-vape-puffs-bulk-discount-top-seller\/","url":"https:\/\/rmvapebang.com\/product\/merrymi-16000-disposable-vape-puffs-bulk-discount-top-seller\/","name":"MERRYMi 16000 Disposable Vape Puffs Bulk Discount Top Seller - rmvapebang.com","isPartOf":{"@id":"https:\/\/rmvapebang.com\/#website"},"primaryImageOfPage":{"@id":"https:\/\/rmvapebang.com\/product\/merrymi-16000-disposable-vape-puffs-bulk-discount-top-seller\/#primaryimage"},"image":{"@id":"https:\/\/rmvapebang.com\/product\/merrymi-16000-disposable-vape-puffs-bulk-discount-top-seller\/#primaryimage"},"thumbnailUrl":"https:\/\/rmvapebang.com\/wp-content\/uploads\/2025\/10\/merrymi-Digital-Vape-16000-puffs-Discount-Sale.webp","datePublished":"2025-11-20T07:34:55+00:00","dateModified":"2025-11-12T08:48:08+00:00","description":"Order MERRYMi 16000 Disposable Vape at bulk discount. Dual mode, Type-C charging, and EU fast shipping\u2014perfect for retailers!","breadcrumb":{"@id":"https:\/\/rmvapebang.com\/product\/merrymi-16000-disposable-vape-puffs-bulk-discount-top-seller\/#breadcrumb"},"inLanguage":"hr","potentialAction":[{"@type":"ReadAction","target":["https:\/\/rmvapebang.com\/product\/merrymi-16000-disposable-vape-puffs-bulk-discount-top-seller\/"]}]},{"@type":"ImageObject","inLanguage":"hr","@id":"https:\/\/rmvapebang.com\/product\/merrymi-16000-disposable-vape-puffs-bulk-discount-top-seller\/#primaryimage","url":"https:\/\/rmvapebang.com\/wp-content\/uploads\/2025\/10\/merrymi-Digital-Vape-16000-puffs-Discount-Sale.webp","contentUrl":"https:\/\/rmvapebang.com\/wp-content\/uploads\/2025\/10\/merrymi-Digital-Vape-16000-puffs-Discount-Sale.webp","width":800,"height":800,"caption":"merrymi Digital Vape 16000 puffs Discount Sale"},{"@type":"BreadcrumbList","@id":"https:\/\/rmvapebang.com\/product\/merrymi-16000-disposable-vape-puffs-bulk-discount-top-seller\/#breadcrumb","itemListElement":[{"@type":"ListItem","position":1,"name":"Home","item":"https:\/\/rmvapebang.com\/"},{"@type":"ListItem","position":2,"name":"Hot Vape Shop","item":"https:\/\/rmvapebang.com\/shop-page\/"},{"@type":"ListItem","position":3,"name":"MERRYMi 16000 Disposable Vape Puffs Bulk Discount Top Seller"}]},{"@type":"WebSite","@id":"https:\/\/rmvapebang.com\/#website","url":"https:\/\/rmvapebang.com\/","name":"rmvapebang.com","description":"buy vape cheap","publisher":{"@id":"https:\/\/rmvapebang.com\/#organization"},"potentialAction":[{"@type":"SearchAction","target":{"@type":"EntryPoint","urlTemplate":"https:\/\/rmvapebang.com\/?s={search_term_string}"},"query-input":"required name=search_term_string"}],"inLanguage":"hr"},{"@type":"Organization","@id":"https:\/\/rmvapebang.com\/#organization","name":"rmvapebang.com","url":"https:\/\/rmvapebang.com\/","logo":{"@type":"ImageObject","inLanguage":"hr","@id":"https:\/\/rmvapebang.com\/#\/schema\/logo\/image\/","url":"https:\/\/rmvapebang.com\/wp-content\/uploads\/2024\/03\/cropped-RVBlogo.png","contentUrl":"https:\/\/rmvapebang.com\/wp-content\/uploads\/2024\/03\/cropped-RVBlogo.png","width":507,"height":169,"caption":"rmvapebang.com"},"image":{"@id":"https:\/\/rmvapebang.com\/#\/schema\/logo\/image\/"}}]}},"uagb_featured_image_src":{"full":["https:\/\/rmvapebang.com\/wp-content\/uploads\/2025\/10\/merrymi-Digital-Vape-16000-puffs-Discount-Sale.webp",800,800,false],"thumbnail":["https:\/\/rmvapebang.com\/wp-content\/uploads\/2025\/10\/merrymi-Digital-Vape-16000-puffs-Discount-Sale-150x150.webp",150,150,true],"medium":["https:\/\/rmvapebang.com\/wp-content\/uploads\/2025\/10\/merrymi-Digital-Vape-16000-puffs-Discount-Sale-300x300.webp",300,300,true],"medium_large":["https:\/\/rmvapebang.com\/wp-content\/uploads\/2025\/10\/merrymi-Digital-Vape-16000-puffs-Discount-Sale-768x768.webp",768,768,true],"large":["https:\/\/rmvapebang.com\/wp-content\/uploads\/2025\/10\/merrymi-Digital-Vape-16000-puffs-Discount-Sale.webp",800,800,false],"1536x1536":["https:\/\/rmvapebang.com\/wp-content\/uploads\/2025\/10\/merrymi-Digital-Vape-16000-puffs-Discount-Sale.webp",800,800,false],"2048x2048":["https:\/\/rmvapebang.com\/wp-content\/uploads\/2025\/10\/merrymi-Digital-Vape-16000-puffs-Discount-Sale.webp",800,800,false],"trp-custom-language-flag":["https:\/\/rmvapebang.com\/wp-content\/uploads\/2025\/10\/merrymi-Digital-Vape-16000-puffs-Discount-Sale-12x12.webp",12,12,true],"woocommerce_thumbnail":["https:\/\/rmvapebang.com\/wp-content\/uploads\/2025\/10\/merrymi-Digital-Vape-16000-puffs-Discount-Sale-300x300.webp",300,300,true],"woocommerce_single":["https:\/\/rmvapebang.com\/wp-content\/uploads\/2025\/10\/merrymi-Digital-Vape-16000-puffs-Discount-Sale-600x600.webp",600,600,true],"woocommerce_gallery_thumbnail":["https:\/\/rmvapebang.com\/wp-content\/uploads\/2025\/10\/merrymi-Digital-Vape-16000-puffs-Discount-Sale-100x100.webp",100,100,true],"wcpr-photo-reviews":["https:\/\/rmvapebang.com\/wp-content\/uploads\/2025\/10\/merrymi-Digital-Vape-16000-puffs-Discount-Sale.webp",500,500,false]},"uagb_author_info":{"display_name":"Lyn","author_link":"https:\/\/rmvapebang.com\/hr\/author\/"},"uagb_comment_info":0,"uagb_excerpt":"NOTE: Prices on the website don\u2019t include shipping fee. Please send your zip code and address that we can check shipping costs for you. MERRYMi 16000 stands out with power, dual airflow, and modern design. A trusted disposable vape for EU wholesalers, offering both high margins and strong customer appeal. Whatsapp:+86 17840853976 Scan on whatsapp&hellip;","_links":{"self":[{"href":"https:\/\/rmvapebang.com\/hr\/wp-json\/wp\/v2\/product\/5237","targetHints":{"allow":["GET"]}}],"collection":[{"href":"https:\/\/rmvapebang.com\/hr\/wp-json\/wp\/v2\/product"}],"about":[{"href":"https:\/\/rmvapebang.com\/hr\/wp-json\/wp\/v2\/types\/product"}],"replies":[{"embeddable":true,"href":"https:\/\/rmvapebang.com\/hr\/wp-json\/wp\/v2\/comments?post=5237"}],"wp:featuredmedia":[{"embeddable":true,"href":"https:\/\/rmvapebang.com\/hr\/wp-json\/wp\/v2\/media\/5208"}],"wp:attachment":[{"href":"https:\/\/rmvapebang.com\/hr\/wp-json\/wp\/v2\/media?parent=5237"}],"wp:term":[{"taxonomy":"product_brand","embeddable":true,"href":"https:\/\/rmvapebang.com\/hr\/wp-json\/wp\/v2\/product_brand?post=5237"},{"taxonomy":"product_cat","embeddable":true,"href":"https:\/\/rmvapebang.com\/hr\/wp-json\/wp\/v2\/product_cat?post=5237"},{"taxonomy":"product_tag","embeddable":true,"href":"https:\/\/rmvapebang.com\/hr\/wp-json\/wp\/v2\/product_tag?post=5237"}],"curies":[{"name":"wp","href":"https:\/\/api.w.org\/{rel}","templated":true}]}}