{"id":5091,"date":"2025-09-25T11:07:55","date_gmt":"2025-09-25T03:07:55","guid":{"rendered":"https:\/\/rmvapebang.com\/?post_type=product&#038;p=5091"},"modified":"2026-04-06T19:45:16","modified_gmt":"2026-04-06T11:45:16","slug":"top-sale-disposable-bang-leader-vape-110000-puffs","status":"publish","type":"product","link":"https:\/\/rmvapebang.com\/hr\/product\/top-sale-disposable-bang-leader-vape-110000-puffs\/","title":{"rendered":"Najprodavaniji jednokratni Bang leader Vape 110000 udisaja"},"content":{"rendered":"<h2>Najprodavaniji jednokratni Bang leader Vape 110000 udisaja<\/h2>\n<p>Vrhunska prodaja Jednokratno <strong><a href=\"https:\/\/rmvapebang.com\/hr\/product-category\/bangleader-vape\/\">Bang Lider Vape<\/a><\/strong> 110000 Udaraca je dizajniran za korisnike koji tra\u017ee maksimalne performanse i trgovce koji trebaju proizvode velike potra\u017enje. Vape za bang leader 110000 udaraca s impresivnim kapacitetom do 110000 udaraca, jednokratni vape 110000 udaraca od bang leader osigurava produ\u017eenu uporabu bez \u010destih zamjena.<\/p>\n<p>Opremljen s 60ML komorom za e-teku\u0107inu, <strong><a href=\"https:\/\/rmvapebang.com\/hr\/product-category\/bangleader-vape\/\">Bang Lider Vape<\/a> <\/strong>pru\u017ea dosljedan okus i gustu paru sa svakim udarcem. bang leader 110k udaraca vape<strong> <a href=\"https:\/\/rmvapebang.com\/hr\/product-category\/smart-display\/\">pametni zaslon<\/a><\/strong> dodaje udobnost tako \u0161to korisnike informira u stvarnom vremenu. Punjiva baterija od 850mAh s Type-C priklju\u010dkom jam\u010di brzo i u\u010dinkovito punjenje, dok 1.0\u03a9 mre\u017ena zavojnica osigurava glatki i stabilni izlaz pare.<\/p>\n<p><img loading=\"lazy\" decoding=\"async\" class=\"alignnone wp-image-5017 size-full\" src=\"http:\/\/rmvapebang.com\/wp-content\/uploads\/2025\/09\/Bang-leader-6-in-1-smart-vape-110000-puffs-Cheaper-sale.webp\" alt=\"Bang leader 6 u 1 pametna e-cigareta 110000 puhova Jeftinija prodaja\" width=\"800\" height=\"800\" srcset=\"https:\/\/rmvapebang.com\/wp-content\/uploads\/2025\/09\/Bang-leader-6-in-1-smart-vape-110000-puffs-Cheaper-sale.webp 800w, https:\/\/rmvapebang.com\/wp-content\/uploads\/2025\/09\/Bang-leader-6-in-1-smart-vape-110000-puffs-Cheaper-sale-300x300.webp 300w, https:\/\/rmvapebang.com\/wp-content\/uploads\/2025\/09\/Bang-leader-6-in-1-smart-vape-110000-puffs-Cheaper-sale-150x150.webp 150w, https:\/\/rmvapebang.com\/wp-content\/uploads\/2025\/09\/Bang-leader-6-in-1-smart-vape-110000-puffs-Cheaper-sale-768x768.webp 768w, https:\/\/rmvapebang.com\/wp-content\/uploads\/2025\/09\/Bang-leader-6-in-1-smart-vape-110000-puffs-Cheaper-sale-12x12.webp 12w, https:\/\/rmvapebang.com\/wp-content\/uploads\/2025\/09\/Bang-leader-6-in-1-smart-vape-110000-puffs-Cheaper-sale-600x600.webp 600w, https:\/\/rmvapebang.com\/wp-content\/uploads\/2025\/09\/Bang-leader-6-in-1-smart-vape-110000-puffs-Cheaper-sale-100x100.webp 100w\" sizes=\"auto, (max-width: 800px) 100vw, 800px\" \/><\/p>\n<hr \/>\n<h2>Istaknuti zna\u010dajke jednokratnog vapea od 110000 udaraca<\/h2>\n<ul>\n<li>\ud83d\udca8 110000 za ultra-dugu uporabu<\/li>\n<li>\ud83c\udf53 60ML za dugotrajan okus<\/li>\n<li>\ud83d\udd0b Punjenje od 850mAh s stabilnim izlazom<\/li>\n<li>\ud83c\udf08 Okusi: 10 okusa \u00d7 6 u 1 ure\u0111aju<\/li>\n<li>\ud83d\udd0c Priklju\u010dak za punjenje: Type-C za u\u010dinkovito punjenje<\/li>\n<\/ul>\n<h2>Opcionalni okusi jednokratnog vapea Bang Leader 110000 udaraca<\/h2>\n<p style=\"padding-left: 40px\">1. Lubenica Led \/ Jagoda Mamba \/ Jagoda Lubenica Led Jagoda Mamba Led Jagoda Lubenica \/ Jagoda Mamba Jagoda Lubenica<br \/>\n2. Fuji Led \/ Jabu\u010dna Gro\u017e\u0111ica \/ Vi\u0161nja Granat \/ Fuji Led Jabu\u010dna Gro\u017e\u0111ica \/ Fuji Led Vi\u0161nja Granat \/ Jabu\u010dna Gro\u017e\u0111ica Vi\u0161nja Granat<br \/>\n3. Borovnica Led \/ Malina Limun \u017dvaka\u0107a guma \/ Borovnica Led Malina Limun \/ Borovnica Led Lubenica \u017dvaka\u0107a guma \/ Malina Limun Lubenica \u017dvaka\u0107a guma<br \/>\n4. Borovnica Malina \/ Kisel Ananas Naran\u010da \/ Malina Lubenica \/ Borovnica Malina Kisel Ananas Naran\u010da \/ Borovnica Malina Malina Lubenica \/ Kisel Ananas Naran\u010da Lubenica<br \/>\n5. Gro\u017e\u0111e Led \/ Mango Breskva \/ Borovnica Lubenica \/ Gro\u017e\u0111e Led Mango Breskva \/ Gro\u017e\u0111e Led Borovnica Lubenica \/ Mango Breskva Borovnica Lubenica<br \/>\n6. Jagoda Led \/ Breskva Limun \/ Kiwi Pasijonski Vo\u0107njak Guava \/ Jagoda Led Breskva Limun \/ Jagoda Led Kiwi Pasijonski Vo\u0107njak Guava \/ Breskva Limun Kiwi Pasijonski Vo\u0107njak Guava<br \/>\n7. Ananas Kokos \/ Borovnica Red Bull Led \/ Ananas Kokos Borovnica Red Bull \/ Ananas Kokos Lubenica Led \/ Borovnica Red Bull Lubenica Led<br \/>\n8. Jagoda Kiwi \/ Borovnica Kokos \/ Mije\u0161ano Bobi\u010dasto Vo\u0107e \/ Jagoda Kiwi Borovnica Kokos \/ Jagoda Kiwi Mije\u0161ano Bobi\u010dasto Vo\u0107e \/ Borovnica Kokos Mije\u0161ano Bobi\u010dasto Vo\u0107e<br \/>\n9. Limunska Romantika \/ Borovnica Malina \/ Breskva Menta \/ Limunska Romantika Borovnica Malina \/ Limunska Romantika Breskva Menta \/ Borovnica Malina Breskva Menta<br \/>\n10. Breskva Led \/ Crni Ribizl Led s Ananasom \/ Zeleni Jabuka Kiwi Led \/ Breskva Led Crni Ribizl Led s Ananasom \/ Breskva Led Zeleni Jabuka Kiwi Led \/ Crni Ribizl Led s Ananasom Zeleni Jabuka Kiwi Led<\/p>\n<h2>Specifikacije za vape <strong>Bang lider 6 u 1 vape 110000 <\/strong>Udisaji:<\/h2>\n<p>Udisaji: <em><strong><span style=\"color: #ff0000\">110000<\/span><\/strong><\/em><\/p>\n<p>E-teku\u0107ina: <span style=\"color: #ff0000\"><em><strong>60ml<\/strong><\/em><\/span><\/p>\n<p>Baterija: <em><strong><span style=\"color: #ff0000\">850mAh<\/span><\/strong><\/em> Punjiva<\/p>\n<p>Otpor: <em><strong><span style=\"color: #ff0000\">1.0\u03a9 Mre\u017ea<\/span><\/strong><\/em><\/p>\n<p>Priklju\u010dak za punjenje: <em><em><strong><span style=\"color: #ff0000\">Tip-C<\/span><\/strong><\/em><\/em><\/p>\n<hr \/>\n<h3>Pitanja i odgovori:<\/h3>\n<p><strong>P: Koji je minimalni nalog za jednokratni Bang lider punjivi vape od 110k?<\/strong><\/p>\n<p>O: Minimalni nalog je 50 komada za jednokratni vape od 110k udisaja Bang lider vape.<\/p>\n<p><strong>P: Mo\u017ee li se jednokratni vape s pametnim zaslonom puniti?<\/strong><\/p>\n<p>O: Da, vape za Bang lider jednokratni sadr\u017ei 850mAh punjivu bateriju i Type-C priklju\u010dak.<\/p>\n<p><strong>P: Koliko traje dostava vape od 110000 udisaja s 6 okusa?<\/strong><\/p>\n<p>O: Uobi\u010dajeno vrijeme dostave je 10~15 radnih dana<\/p>\n<p><strong>P: Nudite li veleprodajne ponude?<br \/>\n<\/strong><\/p>\n<p>O: Da, dostupne su velike narud\u017ebe po konkurentnim cijenama za europske trgovce.<\/p>\n<p><strong>Kontaktirajte Lyn za vi\u0161e videozapisa proizvoda!<\/strong><\/p>\n<p><a href=\"https:\/\/wa.me\/8617840853976\"><span style=\"color: #ff6600\"><strong><em>Whatsapp:+385 17840853976<\/em><\/strong><\/span><\/a><\/p>\n<p><img loading=\"lazy\" decoding=\"async\" class=\"alignnone size-medium wp-image-1905\" src=\"http:\/\/rmvapebang.com\/wp-content\/uploads\/2024\/03\/whatsapp-vape-2-202x300.jpg\" alt=\"\" width=\"202\" height=\"300\" \/><\/p>\n<p>Prona\u0111ite vi\u0161e proizvoda koji bi vam se mogli svidjeti:<a href=\"https:\/\/rmvapebang.com\/hr\/shop-page\/\"><strong><em>Kupite sada<\/em><\/strong><\/a><\/p>\n<p>ostali puffovi koji bi vam se mogli svidjeti: <a href=\"https:\/\/rmvapebang.com\/hr\/product\/waspe-crystal-40000-puffs-disposabl-vape-good-price-bulk-sale\/\">waspe 40k dual okusa<\/a>\/<a href=\"https:\/\/rmvapebang.com\/hr\/product\/uwin-twins-crystal-40k-disposable-vape-top-sale\/\">Uwin dvojke kristal 40k<\/a>\/<a href=\"https:\/\/rmvapebang.com\/hr\/product\/vopk-80000-puff-disposable-vape-4-in-1-flavor-bulk-offer\/\">VOPK 80000 udisaja jednokratni vape<\/a>\/<a href=\"https:\/\/rmvapebang.com\/hr\/product\/bangleader-50000-puffs-double-flavors-vape-wholesale-sale-low-price\/\">Bang lider dva okusa 50000 udisaja<\/a>\/<a href=\"https:\/\/rmvapebang.com\/hr\/product\/bang-box-50k-double-flavors-limited-bulk-today-bangbox-80k-with-smart-power-hit\/\">bang kutija 80000 vapea<\/a><\/p>\n<p><!--more--><\/p>","protected":false},"excerpt":{"rendered":"<p><span style=\"color: #ff0000\"><strong>\u2757 NAPOMENA<\/strong><em><strong>\uff1aCijena<\/strong>s na web stranici ne uklju\u010duju tro\u0161ak dostave. Molimo po\u0161aljite svoj po\u0161tanski broj i adresu kako bismo mogli provjeriti tro\u0161kove dostave za vas.<\/em><\/span><\/p>\n<p><strong data-start=\"1508\" data-end=\"1547\">\ud83d\uded2Bang Leader Jednokratni Vape 110000 Udaraca <\/strong>je obavezno za pojedina\u010dne korisnike i veleprodajne kupce. Sa svojim velikim brojem udaraca, raznim okusima i pouzdanim punjivim dizajnom, pru\u017ea kvalitetu, udobnost i vrijednost. Kontaktirajte nas danas za veleprodajne ponude i brzu dostavu diljem Europe.<\/p>\n<p><a href=\"https:\/\/wa.me\/8617840853976\"><strong><em>Whatsapp:+385 17840853976<\/em><\/strong><\/a><\/p>\n<p><img loading=\"lazy\" decoding=\"async\" class=\"alignnone size-medium wp-image-1905\" src=\"http:\/\/rmvapebang.com\/wp-content\/uploads\/2024\/03\/whatsapp-vape-2-e1734685081725-252x300.jpg\" alt=\"skeniraj whatsapp +86 17840853976\" width=\"252\" height=\"300\" srcset=\"https:\/\/rmvapebang.com\/wp-content\/uploads\/2024\/03\/whatsapp-vape-2-e1734685081725-252x300.jpg 252w, https:\/\/rmvapebang.com\/wp-content\/uploads\/2024\/03\/whatsapp-vape-2-e1734685081725-860x1024.jpg 860w, https:\/\/rmvapebang.com\/wp-content\/uploads\/2024\/03\/whatsapp-vape-2-e1734685081725-768x914.jpg 768w, https:\/\/rmvapebang.com\/wp-content\/uploads\/2024\/03\/whatsapp-vape-2-e1734685081725-600x714.jpg 600w, https:\/\/rmvapebang.com\/wp-content\/uploads\/2024\/03\/whatsapp-vape-2-e1734685081725.jpg 931w\" sizes=\"auto, (max-width: 252px) 100vw, 252px\" \/><\/p>\n<p><span style=\"color: #000000\"><em><strong>Kontaktirajte nas sada za popuste na skupne narud\u017ebe \u2013 Brza dostava diljem Europe!<\/strong><\/em><\/span><\/p>\n<p>&nbsp;<\/p>","protected":false},"featured_media":5016,"comment_status":"open","ping_status":"closed","template":"","meta":{"_uag_custom_page_level_css":"","_lmt_disableupdate":"no","_lmt_disable":"","site-sidebar-layout":"no-sidebar","site-content-layout":"boxed-container","ast-site-content-layout":"normal-width-container","site-content-style":"boxed","site-sidebar-style":"boxed","ast-global-header-display":"","ast-banner-title-visibility":"","ast-main-header-display":"","ast-hfb-above-header-display":"","ast-hfb-below-header-display":"","ast-hfb-mobile-header-display":"","site-post-title":"","ast-breadcrumbs-content":"","ast-featured-img":"","footer-sml-layout":"","theme-transparent-header-meta":"default","adv-header-id-meta":"","stick-header-meta":"","header-above-stick-meta":"","header-main-stick-meta":"","header-below-stick-meta":"","astra-migrate-meta-layouts":"set","ast-page-background-enabled":"default","ast-page-background-meta":{"desktop":{"background-color":"","background-image":"","background-repeat":"repeat","background-position":"center center","background-size":"auto","background-attachment":"scroll","background-type":"","background-media":"","overlay-type":"","overlay-color":"","overlay-gradient":""},"tablet":{"background-color":"","background-image":"","background-repeat":"repeat","background-position":"center center","background-size":"auto","background-attachment":"scroll","background-type":"","background-media":"","overlay-type":"","overlay-color":"","overlay-gradient":""},"mobile":{"background-color":"","background-image":"","background-repeat":"repeat","background-position":"center center","background-size":"auto","background-attachment":"scroll","background-type":"","background-media":"","overlay-type":"","overlay-color":"","overlay-gradient":""}},"ast-content-background-meta":{"desktop":{"background-color":"var(--ast-global-color-5)","background-image":"","background-repeat":"repeat","background-position":"center center","background-size":"auto","background-attachment":"scroll","background-type":"","background-media":"","overlay-type":"","overlay-color":"","overlay-gradient":""},"tablet":{"background-color":"var(--ast-global-color-5)","background-image":"","background-repeat":"repeat","background-position":"center center","background-size":"auto","background-attachment":"scroll","background-type":"","background-media":"","overlay-type":"","overlay-color":"","overlay-gradient":""},"mobile":{"background-color":"var(--ast-global-color-5)","background-image":"","background-repeat":"repeat","background-position":"center center","background-size":"auto","background-attachment":"scroll","background-type":"","background-media":"","overlay-type":"","overlay-color":"","overlay-gradient":""}},"_joinchat":[]},"product_brand":[],"product_cat":[15,167,39,41,128,42,40,131,129,239,43],"product_tag":[242,241,50,61,98,73,53,52],"class_list":{"0":"post-5091","1":"product","2":"type-product","3":"status-publish","4":"has-post-thumbnail","6":"product_cat-eu-warehouse","7":"product_cat-bangleader-vape","8":"product_cat-france-wholesale-vape","9":"product_cat-netherlands-wholesale-vape","10":"product_cat-smart-display","11":"product_cat-spain-wholesale-vape","12":"product_cat-germany-wholesale-vape","13":"product_cat-tornado-vape-wholesale-price-hot-sale","14":"product_cat-tornado-vapes","15":"product_cat-vape-110000-puffs","16":"product_cat-vape-shop","17":"product_tag-110000-puffs","18":"product_tag-110k-puffs","19":"product_tag-bulk-price-vape-shop","20":"product_tag-good-sales-vape","21":"product_tag-moq-is-50pcs","22":"product_tag-new-product","23":"product_tag-rechargeable-vape","24":"product_tag-vape-wholesasle-price","25":"desktop-align-left","26":"tablet-align-left","27":"mobile-align-left","29":"first","30":"instock","31":"sale","32":"shipping-taxable","33":"purchasable","34":"product-type-simple"},"yoast_head":"<!-- This site is optimized with the Yoast SEO plugin v23.0 - https:\/\/yoast.com\/wordpress\/plugins\/seo\/ -->\n<title>Top sale Disposable Bang leader Vape 110000 Puffs - rmvapebang.com<\/title>\n<meta name=\"description\" content=\"Bang Leader Disposable Vape 110000 Puffs with 60ML e-liquid, 10 flavors, Type-C charging. Perfect for wholesale and retail in Europe.\" \/>\n<meta name=\"robots\" content=\"index, follow, max-snippet:-1, max-image-preview:large, max-video-preview:-1\" \/>\n<link rel=\"canonical\" href=\"https:\/\/rmvapebang.com\/hr\/product\/top-sale-disposable-bang-leader-vape-110000-puffs\/\" \/>\n<meta property=\"og:locale\" content=\"hr_HR\" \/>\n<meta property=\"og:type\" content=\"article\" \/>\n<meta property=\"og:title\" content=\"Top sale Disposable Bang leader Vape 110000 Puffs - rmvapebang.com\" \/>\n<meta property=\"og:description\" content=\"Bang Leader Disposable Vape 110000 Puffs with 60ML e-liquid, 10 flavors, Type-C charging. Perfect for wholesale and retail in Europe.\" \/>\n<meta property=\"og:url\" content=\"https:\/\/rmvapebang.com\/hr\/product\/top-sale-disposable-bang-leader-vape-110000-puffs\/\" \/>\n<meta property=\"og:site_name\" content=\"rmvapebang.com\" \/>\n<meta property=\"article:modified_time\" content=\"2026-04-06T11:45:16+00:00\" \/>\n<meta property=\"og:image\" content=\"http:\/\/rmvapebang.com\/wp-content\/uploads\/2025\/09\/Bang-leader-disposable-vape-puffs-110k-Cheaper-sale.webp\" \/>\n\t<meta property=\"og:image:width\" content=\"800\" \/>\n\t<meta property=\"og:image:height\" content=\"800\" \/>\n\t<meta property=\"og:image:type\" content=\"image\/webp\" \/>\n<meta name=\"twitter:card\" content=\"summary_large_image\" \/>\n<meta name=\"twitter:label1\" content=\"Procijenjeno vrijeme \u010ditanja\" \/>\n\t<meta name=\"twitter:data1\" content=\"4 minute\" \/>\n<script type=\"application\/ld+json\" class=\"yoast-schema-graph\">{\"@context\":\"https:\/\/schema.org\",\"@graph\":[{\"@type\":\"WebPage\",\"@id\":\"https:\/\/rmvapebang.com\/product\/top-sale-disposable-bang-leader-vape-110000-puffs\/\",\"url\":\"https:\/\/rmvapebang.com\/product\/top-sale-disposable-bang-leader-vape-110000-puffs\/\",\"name\":\"Top sale Disposable Bang leader Vape 110000 Puffs - rmvapebang.com\",\"isPartOf\":{\"@id\":\"https:\/\/rmvapebang.com\/#website\"},\"primaryImageOfPage\":{\"@id\":\"https:\/\/rmvapebang.com\/product\/top-sale-disposable-bang-leader-vape-110000-puffs\/#primaryimage\"},\"image\":{\"@id\":\"https:\/\/rmvapebang.com\/product\/top-sale-disposable-bang-leader-vape-110000-puffs\/#primaryimage\"},\"thumbnailUrl\":\"https:\/\/rmvapebang.com\/wp-content\/uploads\/2025\/09\/Bang-leader-disposable-vape-puffs-110k-Cheaper-sale.webp\",\"datePublished\":\"2025-09-25T03:07:55+00:00\",\"dateModified\":\"2026-04-06T11:45:16+00:00\",\"description\":\"Bang Leader Disposable Vape 110000 Puffs with 60ML e-liquid, 10 flavors, Type-C charging. Perfect for wholesale and retail in Europe.\",\"breadcrumb\":{\"@id\":\"https:\/\/rmvapebang.com\/product\/top-sale-disposable-bang-leader-vape-110000-puffs\/#breadcrumb\"},\"inLanguage\":\"hr\",\"potentialAction\":[{\"@type\":\"ReadAction\",\"target\":[\"https:\/\/rmvapebang.com\/product\/top-sale-disposable-bang-leader-vape-110000-puffs\/\"]}]},{\"@type\":\"ImageObject\",\"inLanguage\":\"hr\",\"@id\":\"https:\/\/rmvapebang.com\/product\/top-sale-disposable-bang-leader-vape-110000-puffs\/#primaryimage\",\"url\":\"https:\/\/rmvapebang.com\/wp-content\/uploads\/2025\/09\/Bang-leader-disposable-vape-puffs-110k-Cheaper-sale.webp\",\"contentUrl\":\"https:\/\/rmvapebang.com\/wp-content\/uploads\/2025\/09\/Bang-leader-disposable-vape-puffs-110k-Cheaper-sale.webp\",\"width\":800,\"height\":800,\"caption\":\"Bang leader disposable vape puffs 110k Cheaper sale\"},{\"@type\":\"BreadcrumbList\",\"@id\":\"https:\/\/rmvapebang.com\/product\/top-sale-disposable-bang-leader-vape-110000-puffs\/#breadcrumb\",\"itemListElement\":[{\"@type\":\"ListItem\",\"position\":1,\"name\":\"Home\",\"item\":\"https:\/\/rmvapebang.com\/\"},{\"@type\":\"ListItem\",\"position\":2,\"name\":\"Hot Vape Shop\",\"item\":\"https:\/\/rmvapebang.com\/shop-page\/\"},{\"@type\":\"ListItem\",\"position\":3,\"name\":\"Top sale Disposable Bang leader Vape 110000 Puffs\"}]},{\"@type\":\"WebSite\",\"@id\":\"https:\/\/rmvapebang.com\/#website\",\"url\":\"https:\/\/rmvapebang.com\/\",\"name\":\"rmvapebang.com\",\"description\":\"buy vape cheap\",\"publisher\":{\"@id\":\"https:\/\/rmvapebang.com\/#organization\"},\"potentialAction\":[{\"@type\":\"SearchAction\",\"target\":{\"@type\":\"EntryPoint\",\"urlTemplate\":\"https:\/\/rmvapebang.com\/?s={search_term_string}\"},\"query-input\":\"required name=search_term_string\"}],\"inLanguage\":\"hr\"},{\"@type\":\"Organization\",\"@id\":\"https:\/\/rmvapebang.com\/#organization\",\"name\":\"rmvapebang.com\",\"url\":\"https:\/\/rmvapebang.com\/\",\"logo\":{\"@type\":\"ImageObject\",\"inLanguage\":\"hr\",\"@id\":\"https:\/\/rmvapebang.com\/#\/schema\/logo\/image\/\",\"url\":\"https:\/\/rmvapebang.com\/wp-content\/uploads\/2024\/03\/cropped-RVBlogo.png\",\"contentUrl\":\"https:\/\/rmvapebang.com\/wp-content\/uploads\/2024\/03\/cropped-RVBlogo.png\",\"width\":507,\"height\":169,\"caption\":\"rmvapebang.com\"},\"image\":{\"@id\":\"https:\/\/rmvapebang.com\/#\/schema\/logo\/image\/\"}}]}<\/script>\n<!-- \/ Yoast SEO plugin. -->","yoast_head_json":{"title":"Top sale Disposable Bang leader Vape 110000 Puffs - rmvapebang.com","description":"Bang Leader Disposable Vape 110000 Puffs with 60ML e-liquid, 10 flavors, Type-C charging. Perfect for wholesale and retail in Europe.","robots":{"index":"index","follow":"follow","max-snippet":"max-snippet:-1","max-image-preview":"max-image-preview:large","max-video-preview":"max-video-preview:-1"},"canonical":"https:\/\/rmvapebang.com\/hr\/product\/top-sale-disposable-bang-leader-vape-110000-puffs\/","og_locale":"hr_HR","og_type":"article","og_title":"Top sale Disposable Bang leader Vape 110000 Puffs - rmvapebang.com","og_description":"Bang Leader Disposable Vape 110000 Puffs with 60ML e-liquid, 10 flavors, Type-C charging. Perfect for wholesale and retail in Europe.","og_url":"https:\/\/rmvapebang.com\/hr\/product\/top-sale-disposable-bang-leader-vape-110000-puffs\/","og_site_name":"rmvapebang.com","article_modified_time":"2026-04-06T11:45:16+00:00","og_image":[{"width":800,"height":800,"url":"http:\/\/rmvapebang.com\/wp-content\/uploads\/2025\/09\/Bang-leader-disposable-vape-puffs-110k-Cheaper-sale.webp","type":"image\/webp"}],"twitter_card":"summary_large_image","twitter_misc":{"Procijenjeno vrijeme \u010ditanja":"4 minute"},"schema":{"@context":"https:\/\/schema.org","@graph":[{"@type":"WebPage","@id":"https:\/\/rmvapebang.com\/product\/top-sale-disposable-bang-leader-vape-110000-puffs\/","url":"https:\/\/rmvapebang.com\/product\/top-sale-disposable-bang-leader-vape-110000-puffs\/","name":"Top sale Disposable Bang leader Vape 110000 Puffs - rmvapebang.com","isPartOf":{"@id":"https:\/\/rmvapebang.com\/#website"},"primaryImageOfPage":{"@id":"https:\/\/rmvapebang.com\/product\/top-sale-disposable-bang-leader-vape-110000-puffs\/#primaryimage"},"image":{"@id":"https:\/\/rmvapebang.com\/product\/top-sale-disposable-bang-leader-vape-110000-puffs\/#primaryimage"},"thumbnailUrl":"https:\/\/rmvapebang.com\/wp-content\/uploads\/2025\/09\/Bang-leader-disposable-vape-puffs-110k-Cheaper-sale.webp","datePublished":"2025-09-25T03:07:55+00:00","dateModified":"2026-04-06T11:45:16+00:00","description":"Bang Leader Disposable Vape 110000 Puffs with 60ML e-liquid, 10 flavors, Type-C charging. Perfect for wholesale and retail in Europe.","breadcrumb":{"@id":"https:\/\/rmvapebang.com\/product\/top-sale-disposable-bang-leader-vape-110000-puffs\/#breadcrumb"},"inLanguage":"hr","potentialAction":[{"@type":"ReadAction","target":["https:\/\/rmvapebang.com\/product\/top-sale-disposable-bang-leader-vape-110000-puffs\/"]}]},{"@type":"ImageObject","inLanguage":"hr","@id":"https:\/\/rmvapebang.com\/product\/top-sale-disposable-bang-leader-vape-110000-puffs\/#primaryimage","url":"https:\/\/rmvapebang.com\/wp-content\/uploads\/2025\/09\/Bang-leader-disposable-vape-puffs-110k-Cheaper-sale.webp","contentUrl":"https:\/\/rmvapebang.com\/wp-content\/uploads\/2025\/09\/Bang-leader-disposable-vape-puffs-110k-Cheaper-sale.webp","width":800,"height":800,"caption":"Bang leader disposable vape puffs 110k Cheaper sale"},{"@type":"BreadcrumbList","@id":"https:\/\/rmvapebang.com\/product\/top-sale-disposable-bang-leader-vape-110000-puffs\/#breadcrumb","itemListElement":[{"@type":"ListItem","position":1,"name":"Home","item":"https:\/\/rmvapebang.com\/"},{"@type":"ListItem","position":2,"name":"Hot Vape Shop","item":"https:\/\/rmvapebang.com\/shop-page\/"},{"@type":"ListItem","position":3,"name":"Top sale Disposable Bang leader Vape 110000 Puffs"}]},{"@type":"WebSite","@id":"https:\/\/rmvapebang.com\/#website","url":"https:\/\/rmvapebang.com\/","name":"rmvapebang.com","description":"buy vape cheap","publisher":{"@id":"https:\/\/rmvapebang.com\/#organization"},"potentialAction":[{"@type":"SearchAction","target":{"@type":"EntryPoint","urlTemplate":"https:\/\/rmvapebang.com\/?s={search_term_string}"},"query-input":"required name=search_term_string"}],"inLanguage":"hr"},{"@type":"Organization","@id":"https:\/\/rmvapebang.com\/#organization","name":"rmvapebang.com","url":"https:\/\/rmvapebang.com\/","logo":{"@type":"ImageObject","inLanguage":"hr","@id":"https:\/\/rmvapebang.com\/#\/schema\/logo\/image\/","url":"https:\/\/rmvapebang.com\/wp-content\/uploads\/2024\/03\/cropped-RVBlogo.png","contentUrl":"https:\/\/rmvapebang.com\/wp-content\/uploads\/2024\/03\/cropped-RVBlogo.png","width":507,"height":169,"caption":"rmvapebang.com"},"image":{"@id":"https:\/\/rmvapebang.com\/#\/schema\/logo\/image\/"}}]}},"uagb_featured_image_src":{"full":["https:\/\/rmvapebang.com\/wp-content\/uploads\/2025\/09\/Bang-leader-disposable-vape-puffs-110k-Cheaper-sale.webp",800,800,false],"thumbnail":["https:\/\/rmvapebang.com\/wp-content\/uploads\/2025\/09\/Bang-leader-disposable-vape-puffs-110k-Cheaper-sale-150x150.webp",150,150,true],"medium":["https:\/\/rmvapebang.com\/wp-content\/uploads\/2025\/09\/Bang-leader-disposable-vape-puffs-110k-Cheaper-sale-300x300.webp",300,300,true],"medium_large":["https:\/\/rmvapebang.com\/wp-content\/uploads\/2025\/09\/Bang-leader-disposable-vape-puffs-110k-Cheaper-sale-768x768.webp",768,768,true],"large":["https:\/\/rmvapebang.com\/wp-content\/uploads\/2025\/09\/Bang-leader-disposable-vape-puffs-110k-Cheaper-sale.webp",800,800,false],"1536x1536":["https:\/\/rmvapebang.com\/wp-content\/uploads\/2025\/09\/Bang-leader-disposable-vape-puffs-110k-Cheaper-sale.webp",800,800,false],"2048x2048":["https:\/\/rmvapebang.com\/wp-content\/uploads\/2025\/09\/Bang-leader-disposable-vape-puffs-110k-Cheaper-sale.webp",800,800,false],"trp-custom-language-flag":["https:\/\/rmvapebang.com\/wp-content\/uploads\/2025\/09\/Bang-leader-disposable-vape-puffs-110k-Cheaper-sale-12x12.webp",12,12,true],"woocommerce_thumbnail":["https:\/\/rmvapebang.com\/wp-content\/uploads\/2025\/09\/Bang-leader-disposable-vape-puffs-110k-Cheaper-sale-300x300.webp",300,300,true],"woocommerce_single":["https:\/\/rmvapebang.com\/wp-content\/uploads\/2025\/09\/Bang-leader-disposable-vape-puffs-110k-Cheaper-sale-600x600.webp",600,600,true],"woocommerce_gallery_thumbnail":["https:\/\/rmvapebang.com\/wp-content\/uploads\/2025\/09\/Bang-leader-disposable-vape-puffs-110k-Cheaper-sale-100x100.webp",100,100,true],"wcpr-photo-reviews":["https:\/\/rmvapebang.com\/wp-content\/uploads\/2025\/09\/Bang-leader-disposable-vape-puffs-110k-Cheaper-sale.webp",500,500,false]},"uagb_author_info":{"display_name":"Lyn","author_link":"https:\/\/rmvapebang.com\/hr\/author\/"},"uagb_comment_info":0,"uagb_excerpt":"\u2757 NOTE\uff1aPrices on the website don\u2019t include shipping fee. Please send your zip code and address that we can check shipping costs for you. \ud83d\uded2Bang Leader Disposable Vape 110000 Puffs is a must-have for both individual users and wholesale buyers. With its massive puff count, multiple flavors, and reliable rechargeable design, it delivers quality, convenience,&hellip;","_links":{"self":[{"href":"https:\/\/rmvapebang.com\/hr\/wp-json\/wp\/v2\/product\/5091","targetHints":{"allow":["GET"]}}],"collection":[{"href":"https:\/\/rmvapebang.com\/hr\/wp-json\/wp\/v2\/product"}],"about":[{"href":"https:\/\/rmvapebang.com\/hr\/wp-json\/wp\/v2\/types\/product"}],"replies":[{"embeddable":true,"href":"https:\/\/rmvapebang.com\/hr\/wp-json\/wp\/v2\/comments?post=5091"}],"wp:featuredmedia":[{"embeddable":true,"href":"https:\/\/rmvapebang.com\/hr\/wp-json\/wp\/v2\/media\/5016"}],"wp:attachment":[{"href":"https:\/\/rmvapebang.com\/hr\/wp-json\/wp\/v2\/media?parent=5091"}],"wp:term":[{"taxonomy":"product_brand","embeddable":true,"href":"https:\/\/rmvapebang.com\/hr\/wp-json\/wp\/v2\/product_brand?post=5091"},{"taxonomy":"product_cat","embeddable":true,"href":"https:\/\/rmvapebang.com\/hr\/wp-json\/wp\/v2\/product_cat?post=5091"},{"taxonomy":"product_tag","embeddable":true,"href":"https:\/\/rmvapebang.com\/hr\/wp-json\/wp\/v2\/product_tag?post=5091"}],"curies":[{"name":"wp","href":"https:\/\/api.w.org\/{rel}","templated":true}]}}