{"id":4049,"date":"2025-04-24T16:32:58","date_gmt":"2025-04-24T08:32:58","guid":{"rendered":"https:\/\/rmvapebang.com\/?post_type=product&#038;p=4049"},"modified":"2025-09-03T11:27:17","modified_gmt":"2025-09-03T03:27:17","slug":"bang-leader-45000-puffs-dual-flavors-factory-direct-supply-bulk-price","status":"publish","type":"product","link":"https:\/\/rmvapebang.com\/hr\/product\/bang-leader-45000-puffs-dual-flavors-factory-direct-supply-bulk-price\/","title":{"rendered":"Bang Leader 45000 uvla\u010denja Dvostruki okusi Tvorni\u010dka izravna opskrba Veleprodajna cijena"},"content":{"rendered":"<h2>Bang Leader 45000 uvla\u010denja Dvostruki okusi Tvorni\u010dka izravna opskrba Veleprodajna cijena<\/h2>\n<p><a href=\"https:\/\/rmvapebang.com\/hr\/product-category\/bangleader-vape\/\">Voditelj Banga<\/a> 45000 Puffs Dual Flavors Factory Direct Supply Bulk Price pru\u017ea dvostruki u\u017eitak sa svojim sustavom s dvostrukim okusima \u2014 savr\u0161eno za one koji \u017eude za raznoliko\u0161\u0107u.<\/p>\n<p>Bangleader 45000 Puffs s velikim spremnikom e-teku\u0107ine od 60 ml, opcijama nikotina od 2% ili 5%, pru\u017ea slasne pufove, jednokratni vape bangleader 45k puffs stvoren je da traje. Tehnologija dvostruke mre\u017easte zavojnice bangleader 45k osigurava bogatu i dosljednu paru, dok LED zaslon i Type-C punjenje \u010dine ure\u0111aj elegantnim i u\u010dinkovitim.<\/p>\n<p>Vape Bangleader <a href=\"https:\/\/rmvapebang.com\/hr\/product-category\/vape-45000-puffs\/\">45000 puffs jednokratni vape<\/a> Dizajniran i za trgovce i za osobne korisnike, podr\u017eava i OEM\/ODM prilagodbu, \u0161to ga \u010dini idealnim za poslovno brendiranje i masovne ponude, te dostupan u 10 popularnih okusa, bangleader 45k vapes je vrhunac vrijednosti i inovacije.<\/p>\n<p><img loading=\"lazy\" decoding=\"async\" class=\"alignnone wp-image-4041\" src=\"http:\/\/rmvapebang.com\/wp-content\/uploads\/2025\/04\/Bangleader-45000-puffs-dual-flavors-top-sale.webp\" alt=\"Bangleader 45000 puffova dvostruki okusi top prodaja\" width=\"660\" height=\"660\" srcset=\"https:\/\/rmvapebang.com\/wp-content\/uploads\/2025\/04\/Bangleader-45000-puffs-dual-flavors-top-sale.webp 800w, https:\/\/rmvapebang.com\/wp-content\/uploads\/2025\/04\/Bangleader-45000-puffs-dual-flavors-top-sale-300x300.webp 300w, https:\/\/rmvapebang.com\/wp-content\/uploads\/2025\/04\/Bangleader-45000-puffs-dual-flavors-top-sale-150x150.webp 150w, https:\/\/rmvapebang.com\/wp-content\/uploads\/2025\/04\/Bangleader-45000-puffs-dual-flavors-top-sale-768x768.webp 768w, https:\/\/rmvapebang.com\/wp-content\/uploads\/2025\/04\/Bangleader-45000-puffs-dual-flavors-top-sale-600x600.webp 600w, https:\/\/rmvapebang.com\/wp-content\/uploads\/2025\/04\/Bangleader-45000-puffs-dual-flavors-top-sale-100x100.webp 100w\" sizes=\"auto, (max-width: 660px) 100vw, 660px\" \/><\/p>\n<h3><strong>Koji su okusi za BANGLEADER 45k vape?<\/strong><\/h3>\n<p>1. LUBENICA LED, JAGODA I MANGO<br \/>\n2. JAGODA I LUBENICA, KIVI MARAKUJA GUAVA<br \/>\n3. JAGODA I LUBENICA, GRO\u017d\u0110E LED<br \/>\n4. BOROVNICA MALINA, BRESKVA MANGO LUBENICA<br \/>\n5. BOROVNICA LUBENICA, JAGODA MANGO<br \/>\n6. BOROVNICA LED, CRNI ZMAJ LED<br \/>\n7. BOROVNICA LED, JAGODA I BANANA<br \/>\n8. CRVENI BIK, BOROVNICA LUBENICA<br \/>\n9. CRVENI BIK, BUBBLE BOMBONE OD LUBENICE<br \/>\n10. JAGODA KIVI, BRESKVA LED<br \/>\n11. KOLA LED, TRE\u0160NJA BRUSNICA<br \/>\n12. ANANAS LED, TROSTRUKI MANGO<\/p>\n<h2>Specifikacije za vape <strong>Bangleader vape 45000 <\/strong>Udisaji:<\/h2>\n<p>\u2013 <em><strong><span style=\"color: #ff0000\">45k<\/span><\/strong><\/em> Udisaji<br \/>\n\u2013<em><strong><span style=\"color: #ff0000\"> 12<\/span> <\/strong>dvostruko <\/em>Okusi<br \/>\n\u2013 <em><strong><span style=\"color: #ff0000\">2%\/5%<\/span> <\/strong><\/em>Nikotin<br \/>\n\u2013 <span style=\"color: #ff0000\"><b><i>60<\/i><\/b><\/span>Kapacitet e-teku\u0107ine<br \/>\n\u2013 Kapacitet baterije <em><strong><span style=\"color: #ff0000\">650 mAh<\/span><\/strong><\/em><\/p>\n<h3>Pitanja i odgovori:<\/h3>\n<p>P: Koja je minimalna narud\u017eba za BANGLERADER jednokratni 45k punjivi Vape?<\/p>\n<p>O: Minimalna koli\u010dina narud\u017ebe (MOQ) za BANGLERADER jednokratni vape 45k puffova je 50 kom.<\/p>\n<p>P: Koje je vrijeme isporuke za punjivu Vape koju sam naru\u010dio?<\/p>\n<p>O: Uobi\u010dajeno, vrijeme isporuke za Punjivi Vape je 10-15 dana nakon slanja.<\/p>\n<p>P: Koliko ko\u0161ta dostava za jednokratni Vape s dva okusa 50000 Puffs?<\/p>\n<p>O: Tro\u0161ak dostave varira ovisno o te\u017eini narud\u017ebe. Razli\u010dite koli\u010dine mogu imati razli\u010dite tro\u0161kove dostave. Molimo kontaktirajte nas kako biste potvrdili tro\u0161ak dostave za va\u0161u specifi\u010dnu narud\u017ebu.<\/p>\n<p>P: Mo\u017ee li se BANGLEADER jednokratni 45k Vape poslati u moju zemlju?<\/p>\n<p>O: Da, mo\u017eemo poslati BANGLEADER digitalni 50000 Vape u ve\u0107inu europskih zemalja, uklju\u010duju\u0107i, ali ne ograni\u010davaju\u0107i se na Nizozemsku, Njema\u010dku, Francusku, \u0160panjolsku, Italiju, Belgiju, Luksemburg, Austriju, \u010ce\u0161ku, Slova\u010dku, Ma\u0111arsku, Sloveniju, Rumunjsku, Bugarsku, Gr\u010dku, Poljsku, \u0160vedsku, Irsku, Portugal, Finsku, Estoniju, Latviju i Litvu. Ako imate bilo kakvih posebnih pitanja u vezi s otpremom u va\u0161u zemlju, slobodno nam se obratite za daljnju pomo\u0107.<\/p>\n<p><strong>Kontaktirajte Lyn za vi\u0161e videozapisa proizvoda!<\/strong><\/p>\n<p><a href=\"https:\/\/wa.me\/8617840853976\"><span style=\"color: #ff6600\"><strong><em>Whatsapp:+385 17840853976<\/em><\/strong><\/span><\/a><\/p>\n<p><img loading=\"lazy\" decoding=\"async\" class=\"alignnone size-medium wp-image-1905\" src=\"http:\/\/rmvapebang.com\/wp-content\/uploads\/2024\/03\/whatsapp-vape-2-202x300.jpg\" alt=\"\" width=\"202\" height=\"300\" \/><\/p>\n<p>Prona\u0111ite vi\u0161e proizvoda koji bi vam se mogli svidjeti:<a href=\"https:\/\/rmvapebang.com\/hr\/shop-page\/\"><strong><em>Kupite sada<\/em><\/strong><\/a><\/p>\n<p>ostali puffovi koji bi vam se mogli svidjeti: <a href=\"https:\/\/rmvapebang.com\/hr\/product\/vozol-star-disposable-20k-puffs-wholesale-affordable-disposable-vape\/\">VOZOL STAR 20000 PUFA<\/a>\/<a href=\"https:\/\/rmvapebang.com\/hr\/product\/wga-dual-flavors-30000-puffs-crystal-vape-wholesale-price\/\">WGA 30k vape s dvostrukom posudom za ulje<\/a>\/<a href=\"https:\/\/rmvapebang.com\/hr\/product\/waspe-crystal-40000-puffs-disposabl-vape-good-price-bulk-sale\/\">waspe 40k dual okusa<\/a>\/<a href=\"https:\/\/rmvapebang.com\/hr\/product\/uwin-tornado-music-35k-bulk-price-discount-sale-rgb-lights-vape\/\">Uwin tornado 35k udisaja<\/a>\/<a href=\"https:\/\/rmvapebang.com\/hr\/product\/bangleader-20000-puffs-crystal-vape-discount-sale-bulk-price\/\">bang vodstvo kristal 20k udisaja<\/a>\/<a href=\"https:\/\/rmvapebang.com\/hr\/product\/zooy-blaze-25k-puffs-double-screen-premium-quality-best-sale\/\">ZOOY BLAZE 25K VAPES<\/a><\/p>","protected":false},"excerpt":{"rendered":"<p><span style=\"color: #ff0000\"><strong>NAPOMENA:<\/strong><em>Cijene na web stranici ne uklju\u010duju tro\u0161kove dostave. Molimo po\u0161aljite svoj po\u0161tanski broj i adresu kako bismo provjerili tro\u0161kove dostave za vas.<\/em><\/span><\/p>\n<div class=\"dad65929\">\n<div class=\"f9bf7997 d7dc56a8 c05b5566\">\n<div class=\"ds-markdown ds-markdown--block\">\n<p>Bang Leader 45000 dimova vape s 45000 dimova, baterijom od 650 mAh, dvostrukom mre\u017eicom, 12 dvostrukih okusa i opcijama za OEM\/ODM. Dugotrajno i idealno za veleprodajnu distribuciju.<\/p>\n<\/div>\n<\/div>\n<\/div>\n<p><a href=\"https:\/\/wa.me\/8617840853976\"><strong><em>Whatsapp:+385 17840853976<\/em><\/strong><\/a><br \/>\nSkenirajte na WhatsAppu za kupon za novog klijenta<\/p>\n<p><img loading=\"lazy\" decoding=\"async\" class=\"alignnone size-medium wp-image-1905\" src=\"http:\/\/rmvapebang.com\/wp-content\/uploads\/2024\/03\/whatsapp-vape-2-202x300.jpg\" alt=\"\" width=\"202\" height=\"300\" \/><\/p>","protected":false},"featured_media":4038,"comment_status":"open","ping_status":"closed","template":"","meta":{"_uag_custom_page_level_css":"","_lmt_disableupdate":"no","_lmt_disable":"","site-sidebar-layout":"no-sidebar","site-content-layout":"boxed-container","ast-site-content-layout":"normal-width-container","site-content-style":"boxed","site-sidebar-style":"boxed","ast-global-header-display":"","ast-banner-title-visibility":"","ast-main-header-display":"","ast-hfb-above-header-display":"","ast-hfb-below-header-display":"","ast-hfb-mobile-header-display":"","site-post-title":"","ast-breadcrumbs-content":"","ast-featured-img":"","footer-sml-layout":"","theme-transparent-header-meta":"default","adv-header-id-meta":"","stick-header-meta":"","header-above-stick-meta":"","header-main-stick-meta":"","header-below-stick-meta":"","astra-migrate-meta-layouts":"set","ast-page-background-enabled":"default","ast-page-background-meta":{"desktop":{"background-color":"","background-image":"","background-repeat":"repeat","background-position":"center center","background-size":"auto","background-attachment":"scroll","background-type":"","background-media":"","overlay-type":"","overlay-color":"","overlay-gradient":""},"tablet":{"background-color":"","background-image":"","background-repeat":"repeat","background-position":"center center","background-size":"auto","background-attachment":"scroll","background-type":"","background-media":"","overlay-type":"","overlay-color":"","overlay-gradient":""},"mobile":{"background-color":"","background-image":"","background-repeat":"repeat","background-position":"center center","background-size":"auto","background-attachment":"scroll","background-type":"","background-media":"","overlay-type":"","overlay-color":"","overlay-gradient":""}},"ast-content-background-meta":{"desktop":{"background-color":"var(--ast-global-color-5)","background-image":"","background-repeat":"repeat","background-position":"center center","background-size":"auto","background-attachment":"scroll","background-type":"","background-media":"","overlay-type":"","overlay-color":"","overlay-gradient":""},"tablet":{"background-color":"var(--ast-global-color-5)","background-image":"","background-repeat":"repeat","background-position":"center center","background-size":"auto","background-attachment":"scroll","background-type":"","background-media":"","overlay-type":"","overlay-color":"","overlay-gradient":""},"mobile":{"background-color":"var(--ast-global-color-5)","background-image":"","background-repeat":"repeat","background-position":"center center","background-size":"auto","background-attachment":"scroll","background-type":"","background-media":"","overlay-type":"","overlay-color":"","overlay-gradient":""}},"_joinchat":[]},"product_brand":[],"product_cat":[167,130,39,41,128,42,173,43],"product_tag":[174,175,50,61,98,53,52],"class_list":{"0":"post-4049","1":"product","2":"type-product","3":"status-publish","4":"has-post-thumbnail","6":"product_cat-bangleader-vape","7":"product_cat-digital-vapes-in-discount-price","8":"product_cat-france-wholesale-vape","9":"product_cat-netherlands-wholesale-vape","10":"product_cat-smart-display","11":"product_cat-spain-wholesale-vape","12":"product_cat-vape-45000-puffs","13":"product_cat-vape-shop","14":"product_tag-45000-puffs","15":"product_tag-45k-puffs","16":"product_tag-bulk-price-vape-shop","17":"product_tag-good-sales-vape","18":"product_tag-moq-is-50pcs","19":"product_tag-rechargeable-vape","20":"product_tag-vape-wholesasle-price","21":"desktop-align-left","22":"tablet-align-left","23":"mobile-align-left","25":"first","26":"instock","27":"sale","28":"shipping-taxable","29":"purchasable","30":"product-type-simple"},"yoast_head":"<!-- This site is optimized with the Yoast SEO plugin v23.0 - https:\/\/yoast.com\/wordpress\/plugins\/seo\/ -->\n<title>Bang Leader 45000 Puffs Dual Flavors Factory Direct Supply Bulk Price - rmvapebang.com<\/title>\n<meta name=\"description\" content=\"Bang Leader 45000 puff vape with dual mesh, dual flavors, and OEM\/ODM options. Long-lasting and ideal for wholesale distribution.\" \/>\n<meta name=\"robots\" content=\"index, follow, max-snippet:-1, max-image-preview:large, max-video-preview:-1\" \/>\n<link rel=\"canonical\" href=\"https:\/\/rmvapebang.com\/hr\/product\/bang-leader-45000-puffs-dual-flavors-factory-direct-supply-bulk-price\/\" \/>\n<meta property=\"og:locale\" content=\"hr_HR\" \/>\n<meta property=\"og:type\" content=\"article\" \/>\n<meta property=\"og:title\" content=\"Bang Leader 45000 Puffs Dual Flavors Factory Direct Supply Bulk Price - rmvapebang.com\" \/>\n<meta property=\"og:description\" content=\"Bang Leader 45000 puff vape with dual mesh, dual flavors, and OEM\/ODM options. Long-lasting and ideal for wholesale distribution.\" \/>\n<meta property=\"og:url\" content=\"https:\/\/rmvapebang.com\/hr\/product\/bang-leader-45000-puffs-dual-flavors-factory-direct-supply-bulk-price\/\" \/>\n<meta property=\"og:site_name\" content=\"rmvapebang.com\" \/>\n<meta property=\"article:modified_time\" content=\"2025-09-03T03:27:17+00:00\" \/>\n<meta property=\"og:image\" content=\"https:\/\/rmvapebang.com\/wp-content\/uploads\/2025\/04\/Bangleader-45000-puffs-double-taste-hot-price.webp\" \/>\n\t<meta property=\"og:image:width\" content=\"800\" \/>\n\t<meta property=\"og:image:height\" content=\"800\" \/>\n\t<meta property=\"og:image:type\" content=\"image\/webp\" \/>\n<meta name=\"twitter:card\" content=\"summary_large_image\" \/>\n<meta name=\"twitter:label1\" content=\"Procijenjeno vrijeme \u010ditanja\" \/>\n\t<meta name=\"twitter:data1\" content=\"3 minute\" \/>\n<script type=\"application\/ld+json\" class=\"yoast-schema-graph\">{\"@context\":\"https:\/\/schema.org\",\"@graph\":[{\"@type\":\"WebPage\",\"@id\":\"https:\/\/rmvapebang.com\/lv\/product\/bang-leader-45000-puffs-dual-flavors-factory-direct-supply-bulk-price\/\",\"url\":\"https:\/\/rmvapebang.com\/lv\/product\/bang-leader-45000-puffs-dual-flavors-factory-direct-supply-bulk-price\/\",\"name\":\"Bang Leader 45000 Puffs Dual Flavors Factory Direct Supply Bulk Price - rmvapebang.com\",\"isPartOf\":{\"@id\":\"https:\/\/rmvapebang.com\/#website\"},\"primaryImageOfPage\":{\"@id\":\"https:\/\/rmvapebang.com\/lv\/product\/bang-leader-45000-puffs-dual-flavors-factory-direct-supply-bulk-price\/#primaryimage\"},\"image\":{\"@id\":\"https:\/\/rmvapebang.com\/lv\/product\/bang-leader-45000-puffs-dual-flavors-factory-direct-supply-bulk-price\/#primaryimage\"},\"thumbnailUrl\":\"https:\/\/rmvapebang.com\/wp-content\/uploads\/2025\/04\/Bangleader-45000-puffs-double-taste-hot-price.webp\",\"datePublished\":\"2025-04-24T08:32:58+00:00\",\"dateModified\":\"2025-09-03T03:27:17+00:00\",\"description\":\"Bang Leader 45000 puff vape with dual mesh, dual flavors, and OEM\/ODM options. Long-lasting and ideal for wholesale distribution.\",\"breadcrumb\":{\"@id\":\"https:\/\/rmvapebang.com\/lv\/product\/bang-leader-45000-puffs-dual-flavors-factory-direct-supply-bulk-price\/#breadcrumb\"},\"inLanguage\":\"hr\",\"potentialAction\":[{\"@type\":\"ReadAction\",\"target\":[\"https:\/\/rmvapebang.com\/lv\/product\/bang-leader-45000-puffs-dual-flavors-factory-direct-supply-bulk-price\/\"]}]},{\"@type\":\"ImageObject\",\"inLanguage\":\"hr\",\"@id\":\"https:\/\/rmvapebang.com\/lv\/product\/bang-leader-45000-puffs-dual-flavors-factory-direct-supply-bulk-price\/#primaryimage\",\"url\":\"https:\/\/rmvapebang.com\/wp-content\/uploads\/2025\/04\/Bangleader-45000-puffs-double-taste-hot-price.webp\",\"contentUrl\":\"https:\/\/rmvapebang.com\/wp-content\/uploads\/2025\/04\/Bangleader-45000-puffs-double-taste-hot-price.webp\",\"width\":800,\"height\":800,\"caption\":\"Bangleader 45000 puffs double taste hot price\"},{\"@type\":\"BreadcrumbList\",\"@id\":\"https:\/\/rmvapebang.com\/lv\/product\/bang-leader-45000-puffs-dual-flavors-factory-direct-supply-bulk-price\/#breadcrumb\",\"itemListElement\":[{\"@type\":\"ListItem\",\"position\":1,\"name\":\"Home\",\"item\":\"https:\/\/rmvapebang.com\/\"},{\"@type\":\"ListItem\",\"position\":2,\"name\":\"Hot Vape Shop\",\"item\":\"https:\/\/rmvapebang.com\/shop-page\/\"},{\"@type\":\"ListItem\",\"position\":3,\"name\":\"Bang Leader 45000 Puffs Dual Flavors Factory Direct Supply Bulk Price\"}]},{\"@type\":\"WebSite\",\"@id\":\"https:\/\/rmvapebang.com\/#website\",\"url\":\"https:\/\/rmvapebang.com\/\",\"name\":\"rmvapebang.com\",\"description\":\"buy vape cheap\",\"publisher\":{\"@id\":\"https:\/\/rmvapebang.com\/#organization\"},\"potentialAction\":[{\"@type\":\"SearchAction\",\"target\":{\"@type\":\"EntryPoint\",\"urlTemplate\":\"https:\/\/rmvapebang.com\/?s={search_term_string}\"},\"query-input\":\"required name=search_term_string\"}],\"inLanguage\":\"hr\"},{\"@type\":\"Organization\",\"@id\":\"https:\/\/rmvapebang.com\/#organization\",\"name\":\"rmvapebang.com\",\"url\":\"https:\/\/rmvapebang.com\/\",\"logo\":{\"@type\":\"ImageObject\",\"inLanguage\":\"hr\",\"@id\":\"https:\/\/rmvapebang.com\/#\/schema\/logo\/image\/\",\"url\":\"https:\/\/rmvapebang.com\/wp-content\/uploads\/2024\/03\/cropped-RVBlogo.png\",\"contentUrl\":\"https:\/\/rmvapebang.com\/wp-content\/uploads\/2024\/03\/cropped-RVBlogo.png\",\"width\":507,\"height\":169,\"caption\":\"rmvapebang.com\"},\"image\":{\"@id\":\"https:\/\/rmvapebang.com\/#\/schema\/logo\/image\/\"}}]}<\/script>\n<!-- \/ Yoast SEO plugin. -->","yoast_head_json":{"title":"Bang Leader 45000 Puffs Dual Flavors Factory Direct Supply Bulk Price - rmvapebang.com","description":"Bang Leader 45000 puff vape with dual mesh, dual flavors, and OEM\/ODM options. Long-lasting and ideal for wholesale distribution.","robots":{"index":"index","follow":"follow","max-snippet":"max-snippet:-1","max-image-preview":"max-image-preview:large","max-video-preview":"max-video-preview:-1"},"canonical":"https:\/\/rmvapebang.com\/hr\/product\/bang-leader-45000-puffs-dual-flavors-factory-direct-supply-bulk-price\/","og_locale":"hr_HR","og_type":"article","og_title":"Bang Leader 45000 Puffs Dual Flavors Factory Direct Supply Bulk Price - rmvapebang.com","og_description":"Bang Leader 45000 puff vape with dual mesh, dual flavors, and OEM\/ODM options. Long-lasting and ideal for wholesale distribution.","og_url":"https:\/\/rmvapebang.com\/hr\/product\/bang-leader-45000-puffs-dual-flavors-factory-direct-supply-bulk-price\/","og_site_name":"rmvapebang.com","article_modified_time":"2025-09-03T03:27:17+00:00","og_image":[{"width":800,"height":800,"url":"https:\/\/rmvapebang.com\/wp-content\/uploads\/2025\/04\/Bangleader-45000-puffs-double-taste-hot-price.webp","type":"image\/webp"}],"twitter_card":"summary_large_image","twitter_misc":{"Procijenjeno vrijeme \u010ditanja":"3 minute"},"schema":{"@context":"https:\/\/schema.org","@graph":[{"@type":"WebPage","@id":"https:\/\/rmvapebang.com\/lv\/product\/bang-leader-45000-puffs-dual-flavors-factory-direct-supply-bulk-price\/","url":"https:\/\/rmvapebang.com\/lv\/product\/bang-leader-45000-puffs-dual-flavors-factory-direct-supply-bulk-price\/","name":"Bang Leader 45000 Puffs Dual Flavors Factory Direct Supply Bulk Price - rmvapebang.com","isPartOf":{"@id":"https:\/\/rmvapebang.com\/#website"},"primaryImageOfPage":{"@id":"https:\/\/rmvapebang.com\/lv\/product\/bang-leader-45000-puffs-dual-flavors-factory-direct-supply-bulk-price\/#primaryimage"},"image":{"@id":"https:\/\/rmvapebang.com\/lv\/product\/bang-leader-45000-puffs-dual-flavors-factory-direct-supply-bulk-price\/#primaryimage"},"thumbnailUrl":"https:\/\/rmvapebang.com\/wp-content\/uploads\/2025\/04\/Bangleader-45000-puffs-double-taste-hot-price.webp","datePublished":"2025-04-24T08:32:58+00:00","dateModified":"2025-09-03T03:27:17+00:00","description":"Bang Leader 45000 puff vape with dual mesh, dual flavors, and OEM\/ODM options. Long-lasting and ideal for wholesale distribution.","breadcrumb":{"@id":"https:\/\/rmvapebang.com\/lv\/product\/bang-leader-45000-puffs-dual-flavors-factory-direct-supply-bulk-price\/#breadcrumb"},"inLanguage":"hr","potentialAction":[{"@type":"ReadAction","target":["https:\/\/rmvapebang.com\/lv\/product\/bang-leader-45000-puffs-dual-flavors-factory-direct-supply-bulk-price\/"]}]},{"@type":"ImageObject","inLanguage":"hr","@id":"https:\/\/rmvapebang.com\/lv\/product\/bang-leader-45000-puffs-dual-flavors-factory-direct-supply-bulk-price\/#primaryimage","url":"https:\/\/rmvapebang.com\/wp-content\/uploads\/2025\/04\/Bangleader-45000-puffs-double-taste-hot-price.webp","contentUrl":"https:\/\/rmvapebang.com\/wp-content\/uploads\/2025\/04\/Bangleader-45000-puffs-double-taste-hot-price.webp","width":800,"height":800,"caption":"Bangleader 45000 puffs double taste hot price"},{"@type":"BreadcrumbList","@id":"https:\/\/rmvapebang.com\/lv\/product\/bang-leader-45000-puffs-dual-flavors-factory-direct-supply-bulk-price\/#breadcrumb","itemListElement":[{"@type":"ListItem","position":1,"name":"Home","item":"https:\/\/rmvapebang.com\/"},{"@type":"ListItem","position":2,"name":"Hot Vape Shop","item":"https:\/\/rmvapebang.com\/shop-page\/"},{"@type":"ListItem","position":3,"name":"Bang Leader 45000 Puffs Dual Flavors Factory Direct Supply Bulk Price"}]},{"@type":"WebSite","@id":"https:\/\/rmvapebang.com\/#website","url":"https:\/\/rmvapebang.com\/","name":"rmvapebang.com","description":"buy vape cheap","publisher":{"@id":"https:\/\/rmvapebang.com\/#organization"},"potentialAction":[{"@type":"SearchAction","target":{"@type":"EntryPoint","urlTemplate":"https:\/\/rmvapebang.com\/?s={search_term_string}"},"query-input":"required name=search_term_string"}],"inLanguage":"hr"},{"@type":"Organization","@id":"https:\/\/rmvapebang.com\/#organization","name":"rmvapebang.com","url":"https:\/\/rmvapebang.com\/","logo":{"@type":"ImageObject","inLanguage":"hr","@id":"https:\/\/rmvapebang.com\/#\/schema\/logo\/image\/","url":"https:\/\/rmvapebang.com\/wp-content\/uploads\/2024\/03\/cropped-RVBlogo.png","contentUrl":"https:\/\/rmvapebang.com\/wp-content\/uploads\/2024\/03\/cropped-RVBlogo.png","width":507,"height":169,"caption":"rmvapebang.com"},"image":{"@id":"https:\/\/rmvapebang.com\/#\/schema\/logo\/image\/"}}]}},"uagb_featured_image_src":{"full":["https:\/\/rmvapebang.com\/wp-content\/uploads\/2025\/04\/Bangleader-45000-puffs-double-taste-hot-price.webp",800,800,false],"thumbnail":["https:\/\/rmvapebang.com\/wp-content\/uploads\/2025\/04\/Bangleader-45000-puffs-double-taste-hot-price-150x150.webp",150,150,true],"medium":["https:\/\/rmvapebang.com\/wp-content\/uploads\/2025\/04\/Bangleader-45000-puffs-double-taste-hot-price-300x300.webp",300,300,true],"medium_large":["https:\/\/rmvapebang.com\/wp-content\/uploads\/2025\/04\/Bangleader-45000-puffs-double-taste-hot-price-768x768.webp",768,768,true],"large":["https:\/\/rmvapebang.com\/wp-content\/uploads\/2025\/04\/Bangleader-45000-puffs-double-taste-hot-price.webp",800,800,false],"1536x1536":["https:\/\/rmvapebang.com\/wp-content\/uploads\/2025\/04\/Bangleader-45000-puffs-double-taste-hot-price.webp",800,800,false],"2048x2048":["https:\/\/rmvapebang.com\/wp-content\/uploads\/2025\/04\/Bangleader-45000-puffs-double-taste-hot-price.webp",800,800,false],"trp-custom-language-flag":["https:\/\/rmvapebang.com\/wp-content\/uploads\/2025\/04\/Bangleader-45000-puffs-double-taste-hot-price.webp",12,12,false],"woocommerce_thumbnail":["https:\/\/rmvapebang.com\/wp-content\/uploads\/2025\/04\/Bangleader-45000-puffs-double-taste-hot-price-300x300.webp",300,300,true],"woocommerce_single":["https:\/\/rmvapebang.com\/wp-content\/uploads\/2025\/04\/Bangleader-45000-puffs-double-taste-hot-price-600x600.webp",600,600,true],"woocommerce_gallery_thumbnail":["https:\/\/rmvapebang.com\/wp-content\/uploads\/2025\/04\/Bangleader-45000-puffs-double-taste-hot-price-100x100.webp",100,100,true],"wcpr-photo-reviews":["https:\/\/rmvapebang.com\/wp-content\/uploads\/2025\/04\/Bangleader-45000-puffs-double-taste-hot-price.webp",500,500,false]},"uagb_author_info":{"display_name":"Lyn","author_link":"https:\/\/rmvapebang.com\/hr\/author\/"},"uagb_comment_info":0,"uagb_excerpt":"NOTE\uff1aPrices on the website don\u2019t include shipping fee. Please send your zip code and address that we can check shipping costs for you. Bang Leader 45000 puff vape with 45000 puffs, and 650 mAh battery, dual mesh, 12 dual flavors, and OEM\/ODM options. Long-lasting and ideal for wholesale distribution. Whatsapp:+86 17840853976 Scan on whatsapp for&hellip;","_links":{"self":[{"href":"https:\/\/rmvapebang.com\/hr\/wp-json\/wp\/v2\/product\/4049","targetHints":{"allow":["GET"]}}],"collection":[{"href":"https:\/\/rmvapebang.com\/hr\/wp-json\/wp\/v2\/product"}],"about":[{"href":"https:\/\/rmvapebang.com\/hr\/wp-json\/wp\/v2\/types\/product"}],"replies":[{"embeddable":true,"href":"https:\/\/rmvapebang.com\/hr\/wp-json\/wp\/v2\/comments?post=4049"}],"wp:featuredmedia":[{"embeddable":true,"href":"https:\/\/rmvapebang.com\/hr\/wp-json\/wp\/v2\/media\/4038"}],"wp:attachment":[{"href":"https:\/\/rmvapebang.com\/hr\/wp-json\/wp\/v2\/media?parent=4049"}],"wp:term":[{"taxonomy":"product_brand","embeddable":true,"href":"https:\/\/rmvapebang.com\/hr\/wp-json\/wp\/v2\/product_brand?post=4049"},{"taxonomy":"product_cat","embeddable":true,"href":"https:\/\/rmvapebang.com\/hr\/wp-json\/wp\/v2\/product_cat?post=4049"},{"taxonomy":"product_tag","embeddable":true,"href":"https:\/\/rmvapebang.com\/hr\/wp-json\/wp\/v2\/product_tag?post=4049"}],"curies":[{"name":"wp","href":"https:\/\/api.w.org\/{rel}","templated":true}]}}