{"id":3556,"date":"2025-01-17T14:59:01","date_gmt":"2025-01-17T06:59:01","guid":{"rendered":"https:\/\/rmvapebang.com\/?post_type=product&#038;p=3556"},"modified":"2026-04-06T19:53:58","modified_gmt":"2026-04-06T11:53:58","slug":"waspe-crystal-40000-puffs-disposabl-vape-good-price-bulk-sale","status":"publish","type":"product","link":"https:\/\/rmvapebang.com\/hr\/product\/waspe-crystal-40000-puffs-disposabl-vape-good-price-bulk-sale\/","title":{"rendered":"Waspe Crystal 40000 Puffs jednokratni Vape dobra cijena masovna prodaja"},"content":{"rendered":"<h2>Waspe Crystal 40000 Puffs jednokratni Vape dobra cijena masovna prodaja<\/h2>\n<div class=\"flex-1 overflow-hidden\">\n<div class=\"react-scroll-to-bottom--css-rkeqe-79elbk h-full\">\n<div class=\"react-scroll-to-bottom--css-rkeqe-1n7m0yu\">\n<div class=\"flex flex-col text-sm pb-9\">\n<div class=\"w-full text-token-text-primary\" data-testid=\"conversation-turn-7\">\n<div class=\"px-4 py-2 justify-center text-base md:gap-6 m-auto\">\n<div class=\"flex flex-1 text-base mx-auto gap-3 md:px-5 lg:px-1 xl:px-5 md:max-w-3xl lg:max-w-[40rem] xl:max-w-[48rem] group final-completion\">\n<div class=\"relative flex w-full flex-col agent-turn\">\n<div class=\"flex-col gap-1 md:gap-3\">\n<div class=\"flex flex-grow flex-col max-w-full\">\n<div class=\"min-h-[20px] text-message flex flex-col items-start gap-3 whitespace-pre-wrap break-words [.text-message+&amp;]:mt-5 overflow-x-auto\" data-message-author-role=\"assistant\" data-message-id=\"a1f3b89f-a1c9-497d-a989-579b96e752e6\">\n<div class=\"markdown prose w-full break-words dark:prose-invert light\">\n<p>Waspe Crystal 40000 Puffs Disposable Vape po povoljnoj cijeni za masovnu prodaju je prekretnica u svijetu vapinga, nudi impresivan kapacitet od 32 ml teku\u0107ine i raspon od 12 dvostrukih okusa. Dizajniran za dugotrajnu upotrebu,<a href=\"https:\/\/rmvapebang.com\/hr\/product-category\/waspe-vape-puff\/\"><strong> Waspe vape<\/strong> <\/a>vape s dvostrukim okusima omogu\u0107uje korisnicima da u\u017eivaju u besprijekornim prijelazima okusa sa svakim udahom. Napunjen sa soli nikotina na 2% ili 5%, zadovoljava i lagane i te\u0161ke preferencije nikotina. 40k vape s kristalno \u010distim dizajnom Waspe dodaje elegantan dodir, \u010dine\u0107i 40k <a href=\"https:\/\/rmvapebang.com\/hr\/product-category\/crystal-vape\/\"><strong>kristalni vape<\/strong> <\/a>i funkcionalnim i elegantnim.<\/p>\n<p>Pokretan sna\u017enom baterijom od 850 mAh, Waspe <strong><a href=\"https:\/\/rmvapebang.com\/hr\/product-category\/vape-40000-puffs\/\">40000 jednokratni vape udisaji<\/a> <\/strong>Vape osigurava dosljedno i zadovoljavaju\u0107e iskustvo vapinga. Vape waspe 40000 udisaja s naprednom tehnologijom dvostruke mre\u017easte zavojnice poja\u010dava okus i proizvodnju pare, isporu\u010duju\u0107i glatke, guste oblake svaki put. Waspe jednokratni 40000 vape ima impresivan kapacitet. Waspe Crystal 40000 nudi iznimne performanse kako za osobno u\u017eivanje tako i za potrebe masovne prodaje.<\/p>\n<p>Naru\u010dite Vape za masovnu prodaju \u2013 Waspe 40000 <strong><a href=\"https:\/\/rmvapebang.com\/hr\/product-category\/crystal-vape\/\">Kristalni jednokratni vape<\/a><\/strong> za one koji tra\u017ee vrhunsku kvalitetu po pristupa\u010dnoj cijeni.<\/p>\n<p><img loading=\"lazy\" decoding=\"async\" class=\"alignnone wp-image-3553\" src=\"http:\/\/rmvapebang.com\/wp-content\/uploads\/2025\/01\/Waspe-disposable-vape-40000-puff-Top-slae.webp\" alt=\"Waspe jednokratni vape 40000 puff Top prodaja\" width=\"700\" height=\"394\" srcset=\"https:\/\/rmvapebang.com\/wp-content\/uploads\/2025\/01\/Waspe-disposable-vape-40000-puff-Top-slae.webp 800w, https:\/\/rmvapebang.com\/wp-content\/uploads\/2025\/01\/Waspe-disposable-vape-40000-puff-Top-slae-300x169.webp 300w, https:\/\/rmvapebang.com\/wp-content\/uploads\/2025\/01\/Waspe-disposable-vape-40000-puff-Top-slae-768x432.webp 768w, https:\/\/rmvapebang.com\/wp-content\/uploads\/2025\/01\/Waspe-disposable-vape-40000-puff-Top-slae-600x338.webp 600w\" sizes=\"auto, (max-width: 700px) 100vw, 700px\" \/><\/p>\n<\/div>\n<\/div>\n<\/div>\n<\/div>\n<\/div>\n<\/div>\n<\/div>\n<\/div>\n<\/div>\n<\/div>\n<\/div>\n<\/div>\n<h2><strong>Okusi Waspe jednokratnog 40K vapea?<\/strong><\/h2>\n<p>1. Borovnica na ledu\/Ledena ljetna breskva<br \/>\n2. Kivi marakuja guava\/Borovnica malina<br \/>\n3. Jagoda kivi\/Ledeno gro\u017e\u0111e<br \/>\n4. Kivi marakuja guava\/Dvije jabuke<br \/>\n5. Jagoda lubenica\/Limun limeta<br \/>\n6. Borovnica malina\/Ledena tre\u0161nja<br \/>\n7.Jagoda Malina Tre\u0161nja\/Mr Blue<br \/>\n8.Breskva Mango Ananas\/Red Bull<br \/>\n9.Lubenica Led\/Mije\u0161ano Bobi\u010dasto Vo\u0107e<br \/>\n10.Jagoda Banana\/Love 66\uff08Marakuja Dinja Led\uff09<\/p>\n<h2>Specifikacije za Waspe Duo Flavors Crystal 40K Puffs:<\/h2>\n<p>\u2013\u00a0 <em><span style=\"color: #ff0000\"><strong>40k<\/strong><\/span><\/em> Udisaji<br \/>\n\u2013 <span style=\"color: #ff0000\"><em><strong>12<\/strong> <\/em><\/span>Okusi<br \/>\n\u2013 <strong><span style=\"color: #ff0000\">2%<\/span><\/strong>\/<span style=\"color: #ff0000\"><em><strong>5%<\/strong><\/em> <\/span>Ja\u010dina nikotina<br \/>\n\u2013<em><strong><span style=\"color: #ff0000\">32<\/span><\/strong><\/em> mL Kapacitet E-teku\u0107ine<br \/>\n\u2013 Kapacitet baterije <span style=\"color: #ff0000\"><em><strong>850<\/strong><\/em><\/span> mAh<\/p>\n<h3>Pitanje:<\/h3>\n<p>P: Koliki je MOQ za vape?<\/p>\n<p>O: Minimalna narud\u017eba za Waspe 40k Puffs Crystal Vape je 50 kom.<\/p>\n<p>P: Koje je vrijeme isporuke za Waspe 40k Vape koji sam naru\u010dio?<\/p>\n<p>O: Obi\u010dno je vrijeme isporuke za Waspe vape 40000 puffs 10-15 dana nakon slanja.<\/p>\n<p>P: Koliko dugo traje punjiva baterija od 850mAh uz stalnu upotrebu?<\/p>\n<p>O: Baterija od 850mAh dizajnirana je da traje du\u017ee i podr\u017eava potpunu upotrebu kapaciteta od 40.000 puffova kada se po potrebi puni.<\/p>\n<p>P: Kome bi najvi\u0161e odgovarao 2% nikotin u Waspe crystal 40k puffs?<\/p>\n<p>O: 2% nikotin je prikladniji za po\u010detnike ili vapere koji vole blagi nikotin.<\/p>\n<p><strong>Kontaktirajte Lyn za vi\u0161e videozapisa proizvoda!<\/strong><\/p>\n<p><a href=\"https:\/\/wa.me\/8617840853976\"><span style=\"color: #ff6600\"><strong><em>Whatsapp:+385 17840853976<\/em><\/strong><\/span><\/a><\/p>\n<p><img loading=\"lazy\" decoding=\"async\" class=\"alignnone size-medium wp-image-1905\" src=\"http:\/\/rmvapebang.com\/wp-content\/uploads\/2024\/03\/whatsapp-vape-2-202x300.jpg\" alt=\"\" width=\"202\" height=\"300\" \/><\/p>\n<p>Prona\u0111ite vi\u0161e proizvoda koji bi vam se mogli svidjeti:<a href=\"https:\/\/rmvapebang.com\/hr\/shop-page\/\"><strong><em>Kupite sada<\/em><\/strong><\/a><\/p>\n<p>ostali puffovi koji bi vam se mogli svidjeti:<a href=\"https:\/\/rmvapebang.com\/hr\/product\/bang-digital-15k-puffs-hot-price-15000-vapes\/\">Bang digital 15000 udisaja<\/a>\/<a href=\"https:\/\/rmvapebang.com\/hr\/product\/bang-vape-30000-pro-bulk-sale-dual-flavors-full-screen\/\">Dvostruki okusi 30k bang vape<\/a>\/<a href=\"https:\/\/sigvape.com\/product\/waspe-digital-12k-puffs-wholesale-price-discount-vapes\/\">waspe 12k digitalni<\/a>\/<a href=\"https:\/\/rmvapebang.com\/hr\/product\/uwin-crystal-10k-wholesale-vape-good-sale\/\">Uwin crystal 10k uvla\u010denja<\/a>\/<a href=\"https:\/\/rmvapebang.com\/hr\/product\/uwin-shisha-hookah-crystal-20000-bulk-vape-hot-sale\/\">Uwin shisha 20k udisaja vape<\/a><\/p>","protected":false},"excerpt":{"rendered":"<p><em><span style=\"color: #ff0000\"><strong>NAPOMENA<\/strong>: Cijene na web stranici ne uklju\u010duju tro\u0161kove dostave. Molimo po\u0161aljite nam svoj po\u0161tanski broj i adresu kako bismo provjerili tro\u0161kove dostave za vas.<\/span><\/em><br \/>\nTop rasprodaja vape za Waspe crystal 40000 Puffs Disposable Vape! Nudi 40000 udisaja, 12 dvostrukih okusa, 2%\/5% razinu nikotina, punjiv i s kristalnim dizajnom.<\/p>\n<p><strong><em>Whatsapp:<a href=\"https:\/\/wa.me\/8617840853976\">+86 17840853976<\/a><\/em><\/strong><\/p>\n<p>Skenirajte na WhatsAppu za kupon za novog klijenta<\/p>\n<p><img loading=\"lazy\" decoding=\"async\" class=\"alignnone size-medium wp-image-1905\" src=\"http:\/\/rmvapebang.com\/wp-content\/uploads\/2024\/03\/whatsapp-vape-2-202x300.jpg\" alt=\"\" width=\"202\" height=\"300\" \/><\/p>","protected":false},"featured_media":3550,"comment_status":"open","ping_status":"closed","template":"","meta":{"_uag_custom_page_level_css":"","_lmt_disableupdate":"no","_lmt_disable":"","site-sidebar-layout":"no-sidebar","site-content-layout":"boxed-container","ast-site-content-layout":"normal-width-container","site-content-style":"boxed","site-sidebar-style":"boxed","ast-global-header-display":"","ast-banner-title-visibility":"","ast-main-header-display":"","ast-hfb-above-header-display":"","ast-hfb-below-header-display":"","ast-hfb-mobile-header-display":"","site-post-title":"","ast-breadcrumbs-content":"","ast-featured-img":"","footer-sml-layout":"","theme-transparent-header-meta":"default","adv-header-id-meta":"","stick-header-meta":"","header-above-stick-meta":"","header-main-stick-meta":"","header-below-stick-meta":"","astra-migrate-meta-layouts":"set","ast-page-background-enabled":"default","ast-page-background-meta":{"desktop":{"background-color":"","background-image":"","background-repeat":"repeat","background-position":"center center","background-size":"auto","background-attachment":"scroll","background-type":"","background-media":"","overlay-type":"","overlay-color":"","overlay-gradient":""},"tablet":{"background-color":"","background-image":"","background-repeat":"repeat","background-position":"center center","background-size":"auto","background-attachment":"scroll","background-type":"","background-media":"","overlay-type":"","overlay-color":"","overlay-gradient":""},"mobile":{"background-color":"","background-image":"","background-repeat":"repeat","background-position":"center center","background-size":"auto","background-attachment":"scroll","background-type":"","background-media":"","overlay-type":"","overlay-color":"","overlay-gradient":""}},"ast-content-background-meta":{"desktop":{"background-color":"var(--ast-global-color-5)","background-image":"","background-repeat":"repeat","background-position":"center center","background-size":"auto","background-attachment":"scroll","background-type":"","background-media":"","overlay-type":"","overlay-color":"","overlay-gradient":""},"tablet":{"background-color":"var(--ast-global-color-5)","background-image":"","background-repeat":"repeat","background-position":"center center","background-size":"auto","background-attachment":"scroll","background-type":"","background-media":"","overlay-type":"","overlay-color":"","overlay-gradient":""},"mobile":{"background-color":"var(--ast-global-color-5)","background-image":"","background-repeat":"repeat","background-position":"center center","background-size":"auto","background-attachment":"scroll","background-type":"","background-media":"","overlay-type":"","overlay-color":"","overlay-gradient":""}},"_joinchat":[]},"product_brand":[],"product_cat":[15,115,39,41,42,40,136,43,38],"product_tag":[137,138,50,51,67,57,58,73,53,52],"class_list":{"0":"post-3556","1":"product","2":"type-product","3":"status-publish","4":"has-post-thumbnail","6":"product_cat-eu-warehouse","7":"product_cat-crystal-vape","8":"product_cat-france-wholesale-vape","9":"product_cat-netherlands-wholesale-vape","10":"product_cat-spain-wholesale-vape","11":"product_cat-germany-wholesale-vape","12":"product_cat-vape-40000-puffs","13":"product_cat-vape-shop","14":"product_cat-waspe-vape-puff","15":"product_tag-40000-puffs","16":"product_tag-40k-puffs","17":"product_tag-bulk-price-vape-shop","18":"product_tag-disposable-vape","19":"product_tag-fast-price-sales","20":"product_tag-minimum-order-quantity-50pcs","21":"product_tag-moq-50pcs","22":"product_tag-new-product","23":"product_tag-rechargeable-vape","24":"product_tag-vape-wholesasle-price","25":"desktop-align-left","26":"tablet-align-left","27":"mobile-align-left","29":"first","30":"instock","31":"sale","32":"shipping-taxable","33":"purchasable","34":"product-type-simple"},"yoast_head":"<!-- This site is optimized with the Yoast SEO plugin v23.0 - https:\/\/yoast.com\/wordpress\/plugins\/seo\/ -->\n<title>Waspe Crystal 40000 Puffs Disposabl Vape Good Price Bulk Sale - rmvapebang.com<\/title>\n<meta name=\"description\" content=\"Look the Waspe crystal 40k Puffs Disposable Bulk sale vape,have 2%\/5% nicotine,which can choose 12 dual flavors and hot sale in market.\" \/>\n<meta name=\"robots\" content=\"index, follow, max-snippet:-1, max-image-preview:large, max-video-preview:-1\" \/>\n<link rel=\"canonical\" href=\"https:\/\/rmvapebang.com\/hr\/product\/waspe-crystal-40000-puffs-disposabl-vape-good-price-bulk-sale\/\" \/>\n<meta property=\"og:locale\" content=\"hr_HR\" \/>\n<meta property=\"og:type\" content=\"article\" \/>\n<meta property=\"og:title\" content=\"Waspe Crystal 40000 Puffs Disposabl Vape Good Price Bulk Sale - rmvapebang.com\" \/>\n<meta property=\"og:description\" content=\"Look the Waspe crystal 40k Puffs Disposable Bulk sale vape,have 2%\/5% nicotine,which can choose 12 dual flavors and hot sale in market.\" \/>\n<meta property=\"og:url\" content=\"https:\/\/rmvapebang.com\/hr\/product\/waspe-crystal-40000-puffs-disposabl-vape-good-price-bulk-sale\/\" \/>\n<meta property=\"og:site_name\" content=\"rmvapebang.com\" \/>\n<meta property=\"article:modified_time\" content=\"2026-04-06T11:53:58+00:00\" \/>\n<meta property=\"og:image\" content=\"http:\/\/rmvapebang.com\/wp-content\/uploads\/2025\/01\/Waspe-Crystal-vape-puffs-40k-Discount-price.webp\" \/>\n\t<meta property=\"og:image:width\" content=\"800\" \/>\n\t<meta property=\"og:image:height\" content=\"800\" \/>\n\t<meta property=\"og:image:type\" content=\"image\/webp\" \/>\n<meta name=\"twitter:card\" content=\"summary_large_image\" \/>\n<meta name=\"twitter:label1\" content=\"Procijenjeno vrijeme \u010ditanja\" \/>\n\t<meta name=\"twitter:data1\" content=\"3 minute\" \/>\n<script type=\"application\/ld+json\" class=\"yoast-schema-graph\">{\"@context\":\"https:\/\/schema.org\",\"@graph\":[{\"@type\":\"WebPage\",\"@id\":\"https:\/\/rmvapebang.com\/product\/waspe-crystal-40000-puffs-disposabl-vape-good-price-bulk-sale\/\",\"url\":\"https:\/\/rmvapebang.com\/product\/waspe-crystal-40000-puffs-disposabl-vape-good-price-bulk-sale\/\",\"name\":\"Waspe Crystal 40000 Puffs Disposabl Vape Good Price Bulk Sale - rmvapebang.com\",\"isPartOf\":{\"@id\":\"https:\/\/rmvapebang.com\/#website\"},\"primaryImageOfPage\":{\"@id\":\"https:\/\/rmvapebang.com\/product\/waspe-crystal-40000-puffs-disposabl-vape-good-price-bulk-sale\/#primaryimage\"},\"image\":{\"@id\":\"https:\/\/rmvapebang.com\/product\/waspe-crystal-40000-puffs-disposabl-vape-good-price-bulk-sale\/#primaryimage\"},\"thumbnailUrl\":\"https:\/\/rmvapebang.com\/wp-content\/uploads\/2025\/01\/Waspe-Crystal-vape-puffs-40k-Discount-price.webp\",\"datePublished\":\"2025-01-17T06:59:01+00:00\",\"dateModified\":\"2026-04-06T11:53:58+00:00\",\"description\":\"Look the Waspe crystal 40k Puffs Disposable Bulk sale vape,have 2%\/5% nicotine,which can choose 12 dual flavors and hot sale in market.\",\"breadcrumb\":{\"@id\":\"https:\/\/rmvapebang.com\/product\/waspe-crystal-40000-puffs-disposabl-vape-good-price-bulk-sale\/#breadcrumb\"},\"inLanguage\":\"hr\",\"potentialAction\":[{\"@type\":\"ReadAction\",\"target\":[\"https:\/\/rmvapebang.com\/product\/waspe-crystal-40000-puffs-disposabl-vape-good-price-bulk-sale\/\"]}]},{\"@type\":\"ImageObject\",\"inLanguage\":\"hr\",\"@id\":\"https:\/\/rmvapebang.com\/product\/waspe-crystal-40000-puffs-disposabl-vape-good-price-bulk-sale\/#primaryimage\",\"url\":\"https:\/\/rmvapebang.com\/wp-content\/uploads\/2025\/01\/Waspe-Crystal-vape-puffs-40k-Discount-price.webp\",\"contentUrl\":\"https:\/\/rmvapebang.com\/wp-content\/uploads\/2025\/01\/Waspe-Crystal-vape-puffs-40k-Discount-price.webp\",\"width\":800,\"height\":800,\"caption\":\"Waspe Crystal vape puffs 40k Discount price\"},{\"@type\":\"BreadcrumbList\",\"@id\":\"https:\/\/rmvapebang.com\/product\/waspe-crystal-40000-puffs-disposabl-vape-good-price-bulk-sale\/#breadcrumb\",\"itemListElement\":[{\"@type\":\"ListItem\",\"position\":1,\"name\":\"Home\",\"item\":\"https:\/\/rmvapebang.com\/\"},{\"@type\":\"ListItem\",\"position\":2,\"name\":\"Hot Vape Shop\",\"item\":\"https:\/\/rmvapebang.com\/shop-page\/\"},{\"@type\":\"ListItem\",\"position\":3,\"name\":\"Waspe Crystal 40000 Puffs Disposabl Vape Good Price Bulk Sale\"}]},{\"@type\":\"WebSite\",\"@id\":\"https:\/\/rmvapebang.com\/#website\",\"url\":\"https:\/\/rmvapebang.com\/\",\"name\":\"rmvapebang.com\",\"description\":\"buy vape cheap\",\"publisher\":{\"@id\":\"https:\/\/rmvapebang.com\/#organization\"},\"potentialAction\":[{\"@type\":\"SearchAction\",\"target\":{\"@type\":\"EntryPoint\",\"urlTemplate\":\"https:\/\/rmvapebang.com\/?s={search_term_string}\"},\"query-input\":\"required name=search_term_string\"}],\"inLanguage\":\"hr\"},{\"@type\":\"Organization\",\"@id\":\"https:\/\/rmvapebang.com\/#organization\",\"name\":\"rmvapebang.com\",\"url\":\"https:\/\/rmvapebang.com\/\",\"logo\":{\"@type\":\"ImageObject\",\"inLanguage\":\"hr\",\"@id\":\"https:\/\/rmvapebang.com\/#\/schema\/logo\/image\/\",\"url\":\"https:\/\/rmvapebang.com\/wp-content\/uploads\/2024\/03\/cropped-RVBlogo.png\",\"contentUrl\":\"https:\/\/rmvapebang.com\/wp-content\/uploads\/2024\/03\/cropped-RVBlogo.png\",\"width\":507,\"height\":169,\"caption\":\"rmvapebang.com\"},\"image\":{\"@id\":\"https:\/\/rmvapebang.com\/#\/schema\/logo\/image\/\"}}]}<\/script>\n<!-- \/ Yoast SEO plugin. -->","yoast_head_json":{"title":"Waspe Crystal 40000 Puffs Disposabl Vape Good Price Bulk Sale - rmvapebang.com","description":"Look the Waspe crystal 40k Puffs Disposable Bulk sale vape,have 2%\/5% nicotine,which can choose 12 dual flavors and hot sale in market.","robots":{"index":"index","follow":"follow","max-snippet":"max-snippet:-1","max-image-preview":"max-image-preview:large","max-video-preview":"max-video-preview:-1"},"canonical":"https:\/\/rmvapebang.com\/hr\/product\/waspe-crystal-40000-puffs-disposabl-vape-good-price-bulk-sale\/","og_locale":"hr_HR","og_type":"article","og_title":"Waspe Crystal 40000 Puffs Disposabl Vape Good Price Bulk Sale - rmvapebang.com","og_description":"Look the Waspe crystal 40k Puffs Disposable Bulk sale vape,have 2%\/5% nicotine,which can choose 12 dual flavors and hot sale in market.","og_url":"https:\/\/rmvapebang.com\/hr\/product\/waspe-crystal-40000-puffs-disposabl-vape-good-price-bulk-sale\/","og_site_name":"rmvapebang.com","article_modified_time":"2026-04-06T11:53:58+00:00","og_image":[{"width":800,"height":800,"url":"http:\/\/rmvapebang.com\/wp-content\/uploads\/2025\/01\/Waspe-Crystal-vape-puffs-40k-Discount-price.webp","type":"image\/webp"}],"twitter_card":"summary_large_image","twitter_misc":{"Procijenjeno vrijeme \u010ditanja":"3 minute"},"schema":{"@context":"https:\/\/schema.org","@graph":[{"@type":"WebPage","@id":"https:\/\/rmvapebang.com\/product\/waspe-crystal-40000-puffs-disposabl-vape-good-price-bulk-sale\/","url":"https:\/\/rmvapebang.com\/product\/waspe-crystal-40000-puffs-disposabl-vape-good-price-bulk-sale\/","name":"Waspe Crystal 40000 Puffs Disposabl Vape Good Price Bulk Sale - rmvapebang.com","isPartOf":{"@id":"https:\/\/rmvapebang.com\/#website"},"primaryImageOfPage":{"@id":"https:\/\/rmvapebang.com\/product\/waspe-crystal-40000-puffs-disposabl-vape-good-price-bulk-sale\/#primaryimage"},"image":{"@id":"https:\/\/rmvapebang.com\/product\/waspe-crystal-40000-puffs-disposabl-vape-good-price-bulk-sale\/#primaryimage"},"thumbnailUrl":"https:\/\/rmvapebang.com\/wp-content\/uploads\/2025\/01\/Waspe-Crystal-vape-puffs-40k-Discount-price.webp","datePublished":"2025-01-17T06:59:01+00:00","dateModified":"2026-04-06T11:53:58+00:00","description":"Look the Waspe crystal 40k Puffs Disposable Bulk sale vape,have 2%\/5% nicotine,which can choose 12 dual flavors and hot sale in market.","breadcrumb":{"@id":"https:\/\/rmvapebang.com\/product\/waspe-crystal-40000-puffs-disposabl-vape-good-price-bulk-sale\/#breadcrumb"},"inLanguage":"hr","potentialAction":[{"@type":"ReadAction","target":["https:\/\/rmvapebang.com\/product\/waspe-crystal-40000-puffs-disposabl-vape-good-price-bulk-sale\/"]}]},{"@type":"ImageObject","inLanguage":"hr","@id":"https:\/\/rmvapebang.com\/product\/waspe-crystal-40000-puffs-disposabl-vape-good-price-bulk-sale\/#primaryimage","url":"https:\/\/rmvapebang.com\/wp-content\/uploads\/2025\/01\/Waspe-Crystal-vape-puffs-40k-Discount-price.webp","contentUrl":"https:\/\/rmvapebang.com\/wp-content\/uploads\/2025\/01\/Waspe-Crystal-vape-puffs-40k-Discount-price.webp","width":800,"height":800,"caption":"Waspe Crystal vape puffs 40k Discount price"},{"@type":"BreadcrumbList","@id":"https:\/\/rmvapebang.com\/product\/waspe-crystal-40000-puffs-disposabl-vape-good-price-bulk-sale\/#breadcrumb","itemListElement":[{"@type":"ListItem","position":1,"name":"Home","item":"https:\/\/rmvapebang.com\/"},{"@type":"ListItem","position":2,"name":"Hot Vape Shop","item":"https:\/\/rmvapebang.com\/shop-page\/"},{"@type":"ListItem","position":3,"name":"Waspe Crystal 40000 Puffs Disposabl Vape Good Price Bulk Sale"}]},{"@type":"WebSite","@id":"https:\/\/rmvapebang.com\/#website","url":"https:\/\/rmvapebang.com\/","name":"rmvapebang.com","description":"buy vape cheap","publisher":{"@id":"https:\/\/rmvapebang.com\/#organization"},"potentialAction":[{"@type":"SearchAction","target":{"@type":"EntryPoint","urlTemplate":"https:\/\/rmvapebang.com\/?s={search_term_string}"},"query-input":"required name=search_term_string"}],"inLanguage":"hr"},{"@type":"Organization","@id":"https:\/\/rmvapebang.com\/#organization","name":"rmvapebang.com","url":"https:\/\/rmvapebang.com\/","logo":{"@type":"ImageObject","inLanguage":"hr","@id":"https:\/\/rmvapebang.com\/#\/schema\/logo\/image\/","url":"https:\/\/rmvapebang.com\/wp-content\/uploads\/2024\/03\/cropped-RVBlogo.png","contentUrl":"https:\/\/rmvapebang.com\/wp-content\/uploads\/2024\/03\/cropped-RVBlogo.png","width":507,"height":169,"caption":"rmvapebang.com"},"image":{"@id":"https:\/\/rmvapebang.com\/#\/schema\/logo\/image\/"}}]}},"uagb_featured_image_src":{"full":["https:\/\/rmvapebang.com\/wp-content\/uploads\/2025\/01\/Waspe-Crystal-vape-puffs-40k-Discount-price.webp",800,800,false],"thumbnail":["https:\/\/rmvapebang.com\/wp-content\/uploads\/2025\/01\/Waspe-Crystal-vape-puffs-40k-Discount-price-150x150.webp",150,150,true],"medium":["https:\/\/rmvapebang.com\/wp-content\/uploads\/2025\/01\/Waspe-Crystal-vape-puffs-40k-Discount-price-300x300.webp",300,300,true],"medium_large":["https:\/\/rmvapebang.com\/wp-content\/uploads\/2025\/01\/Waspe-Crystal-vape-puffs-40k-Discount-price-768x768.webp",768,768,true],"large":["https:\/\/rmvapebang.com\/wp-content\/uploads\/2025\/01\/Waspe-Crystal-vape-puffs-40k-Discount-price.webp",800,800,false],"1536x1536":["https:\/\/rmvapebang.com\/wp-content\/uploads\/2025\/01\/Waspe-Crystal-vape-puffs-40k-Discount-price.webp",800,800,false],"2048x2048":["https:\/\/rmvapebang.com\/wp-content\/uploads\/2025\/01\/Waspe-Crystal-vape-puffs-40k-Discount-price.webp",800,800,false],"trp-custom-language-flag":["https:\/\/rmvapebang.com\/wp-content\/uploads\/2025\/01\/Waspe-Crystal-vape-puffs-40k-Discount-price.webp",12,12,false],"woocommerce_thumbnail":["https:\/\/rmvapebang.com\/wp-content\/uploads\/2025\/01\/Waspe-Crystal-vape-puffs-40k-Discount-price-300x300.webp",300,300,true],"woocommerce_single":["https:\/\/rmvapebang.com\/wp-content\/uploads\/2025\/01\/Waspe-Crystal-vape-puffs-40k-Discount-price-600x600.webp",600,600,true],"woocommerce_gallery_thumbnail":["https:\/\/rmvapebang.com\/wp-content\/uploads\/2025\/01\/Waspe-Crystal-vape-puffs-40k-Discount-price-100x100.webp",100,100,true],"wcpr-photo-reviews":["https:\/\/rmvapebang.com\/wp-content\/uploads\/2025\/01\/Waspe-Crystal-vape-puffs-40k-Discount-price.webp",500,500,false]},"uagb_author_info":{"display_name":"Lyn","author_link":"https:\/\/rmvapebang.com\/hr\/author\/"},"uagb_comment_info":0,"uagb_excerpt":"NOTE:\u00a0Prices on the website don\u2019t include shipping fee. Please send your zip code and address that we can check shipping costs for you. Top sale vape for Waspe crystal 40000 Puffs Disposable Vape! Offer 40000 puffs, and 12 dual flavors, 2%\/5% nicotine level, rechargeable and crystal design. Whatsapp:+86 17840853976 Scan on whatsapp for New Client&hellip;","_links":{"self":[{"href":"https:\/\/rmvapebang.com\/hr\/wp-json\/wp\/v2\/product\/3556","targetHints":{"allow":["GET"]}}],"collection":[{"href":"https:\/\/rmvapebang.com\/hr\/wp-json\/wp\/v2\/product"}],"about":[{"href":"https:\/\/rmvapebang.com\/hr\/wp-json\/wp\/v2\/types\/product"}],"replies":[{"embeddable":true,"href":"https:\/\/rmvapebang.com\/hr\/wp-json\/wp\/v2\/comments?post=3556"}],"wp:featuredmedia":[{"embeddable":true,"href":"https:\/\/rmvapebang.com\/hr\/wp-json\/wp\/v2\/media\/3550"}],"wp:attachment":[{"href":"https:\/\/rmvapebang.com\/hr\/wp-json\/wp\/v2\/media?parent=3556"}],"wp:term":[{"taxonomy":"product_brand","embeddable":true,"href":"https:\/\/rmvapebang.com\/hr\/wp-json\/wp\/v2\/product_brand?post=3556"},{"taxonomy":"product_cat","embeddable":true,"href":"https:\/\/rmvapebang.com\/hr\/wp-json\/wp\/v2\/product_cat?post=3556"},{"taxonomy":"product_tag","embeddable":true,"href":"https:\/\/rmvapebang.com\/hr\/wp-json\/wp\/v2\/product_tag?post=3556"}],"curies":[{"name":"wp","href":"https:\/\/api.w.org\/{rel}","templated":true}]}}