{"id":2858,"date":"2024-08-19T15:13:53","date_gmt":"2024-08-19T07:13:53","guid":{"rendered":"https:\/\/rmvapebang.com\/?post_type=product&#038;p=2858"},"modified":"2025-09-01T14:36:55","modified_gmt":"2025-09-01T06:36:55","slug":"bang-box-18000-smart-screen-vape-bulk-price-18k-puffs","status":"publish","type":"product","link":"https:\/\/rmvapebang.com\/hr\/product\/bang-box-18000-smart-screen-vape-bulk-price-18k-puffs\/","title":{"rendered":"Bang Box 18000 Smart Screen Vape veleprodajna cijena 18k Puffs"},"content":{"rendered":"<h2>Bang Box 18000 Smart Screen Vape veleprodajna cijena 18k Puffs<\/h2>\n<div class=\"flex-1 overflow-hidden\">\n<div class=\"react-scroll-to-bottom--css-rkeqe-79elbk h-full\">\n<div class=\"react-scroll-to-bottom--css-rkeqe-1n7m0yu\">\n<div class=\"flex flex-col text-sm pb-9\">\n<div class=\"w-full text-token-text-primary\" data-testid=\"conversation-turn-7\">\n<div class=\"px-4 py-2 justify-center text-base md:gap-6 m-auto\">\n<div class=\"flex flex-1 text-base mx-auto gap-3 md:px-5 lg:px-1 xl:px-5 md:max-w-3xl lg:max-w-[40rem] xl:max-w-[48rem] group final-completion\">\n<div class=\"relative flex w-full flex-col agent-turn\">\n<div class=\"flex-col gap-1 md:gap-3\">\n<div class=\"flex flex-grow flex-col max-w-full\">\n<div class=\"min-h-[20px] text-message flex flex-col items-start gap-3 whitespace-pre-wrap break-words [.text-message+&amp;]:mt-5 overflow-x-auto\" data-message-author-role=\"assistant\" data-message-id=\"a1f3b89f-a1c9-497d-a989-579b96e752e6\">\n<div class=\"markdown prose w-full break-words dark:prose-invert light\">\n<p><a href=\"https:\/\/rmvapebang.com\/hr\/product-category\/bang-box-vape\/\">Bang Box<\/a> 18000 Smart Screen Vape Veleprodajna cijena 18k Puffs ima pametni zaslon za prikaz snage koji pru\u017ea besprijekorno i u\u010dinkovito korisni\u010dko iskustvo. Sa svojom sna\u017enom baterijom od 850 mAh i brzinom pra\u017enjenja od 5A, 18000 udisaja Bangboxa osigurava kontinuiranu i pouzdanu upotrebu tijekom cijelog dana.<\/p>\n<p>Kutija <a href=\"https:\/\/rmvapebang.com\/hr\/product-category\/vape-18000-puffs\/\">vape za 18000 udisaja<\/a> Bang ima grija\u0107i element s mre\u017eastom zavojnicom od 1,0 ohma, koji daje dosljednu i ukusnu paru sa svakim udahom.<\/p>\n<p>Dodatno, Bangbox vape za 18k udisaja pru\u017ea kapacitet e-teku\u0107ine od 26 ml, 12 razli\u010ditih okusa i opcije sadr\u017eaja nikotina od 2% i 5%, pru\u017eaju\u0107i raznolikost i prakti\u010dnost. Bangbox 18000puff mo\u017ee se puniti Type-C punja\u010dem, osiguravaju\u0107i brzo i sigurno punjenje.<\/p>\n<p>Ako prvi put isprobavate jednokratnu e-cigaretu, Bangbox 18000 puff bit \u0107e izvrstan izbor.<\/p>\n<p><img loading=\"lazy\" decoding=\"async\" class=\"wp-image-2846\" src=\"http:\/\/rmvapebang.com\/wp-content\/uploads\/2024\/08\/Bangbox-vape-18000-puffs-good-price-1024x576.jpg\" alt=\"Bangbox vape 18000 puffs dobra cijena\" width=\"956\" height=\"538\" srcset=\"https:\/\/rmvapebang.com\/wp-content\/uploads\/2024\/08\/Bangbox-vape-18000-puffs-good-price-1024x576.jpg 1024w, https:\/\/rmvapebang.com\/wp-content\/uploads\/2024\/08\/Bangbox-vape-18000-puffs-good-price-300x169.jpg 300w, https:\/\/rmvapebang.com\/wp-content\/uploads\/2024\/08\/Bangbox-vape-18000-puffs-good-price-768x432.jpg 768w, https:\/\/rmvapebang.com\/wp-content\/uploads\/2024\/08\/Bangbox-vape-18000-puffs-good-price-600x338.jpg 600w, https:\/\/rmvapebang.com\/wp-content\/uploads\/2024\/08\/Bangbox-vape-18000-puffs-good-price.jpg 1280w\" sizes=\"auto, (max-width: 956px) 100vw, 956px\" \/><\/p>\n<\/div>\n<\/div>\n<\/div>\n<\/div>\n<\/div>\n<\/div>\n<\/div>\n<\/div>\n<\/div>\n<\/div>\n<\/div>\n<\/div>\n<h2><strong>Koji su okusi za vape 18K udisaja Bang Box vape?<\/strong><\/h2>\n<p>1.Jagoda kivi<br \/>\n2.Led od borovnice<br \/>\n3.Jagoda lubenica<br \/>\n4.lubenica led<br \/>\n5.Led od kisele borovnice i maline<br \/>\n6.Malina lubenica<br \/>\n7.Tigrova krv<br \/>\n8.Led od trostrukog bobi\u010dastog vo\u0107a<br \/>\n9.Sok od breskve<br \/>\n10.Jagoda mango<br \/>\n11.Dvostruka jabuka<br \/>\n12.Mango breskva lubenica<\/p>\n<p><span style=\"font-size: 1.7em;font-weight: bold\">Specifikacije za Bang Box 18K Puffs:<\/span><\/p>\n<p>\u2013\u00a0 <em><strong><span style=\"color: #ff0000\">18k<\/span><\/strong><\/em> Udisaji<br \/>\n\u2013<em><strong><span style=\"color: #ff0000\">12<\/span><\/strong><\/em> Okusi<br \/>\n\u2013 <em><strong><span style=\"color: #ff0000\">2%\/5%<\/span><\/strong><\/em> Ja\u010dina nikotina<br \/>\n\u2013 <em><strong><span style=\"color: #ff0000\">26 mL<\/span><\/strong><\/em> Kapacitet e-teku\u0107ine<br \/>\n\u2013 Kapacitet baterije <em><strong><span style=\"color: #ff0000\">850 mAh<\/span><\/strong><\/em><\/p>\n<h3>Pitanja i odgovori:<\/h3>\n<p>P: Koji je minimalna koli\u010dina narud\u017ebe za Bang 18k box vape?<\/p>\n<p>O: Minimalna koli\u010dina narud\u017ebe (MOQ) za bang vape 18000 Puffs je 50 komada.<\/p>\n<p>P: Koje je vrijeme isporuke za Bang Box 18K Puffs Vape koji sam naru\u010dio?<\/p>\n<p>O: Obi\u010dno je vrijeme isporuke za 18000 Puff Vapes of bang vape 10-15 dana nakon slanja.<\/p>\n<p>P: Koliko ko\u0161ta dostava za Bang 15000 Vapes?<\/p>\n<p>O: Tro\u0161ak dostave varira ovisno o te\u017eini narud\u017ebe. Razli\u010dite koli\u010dine mogu imati razli\u010dite tro\u0161kove dostave. Molimo kontaktirajte nas kako biste potvrdili tro\u0161ak dostave za va\u0161u specifi\u010dnu narud\u017ebu.<\/p>\n<p>P: Mo\u017ee li se bang puff 18000 Puffs box Vape poslati u moju zemlju?<\/p>\n<p>O: Da, mo\u017eemo poslati box 18000 Puffs of bang Vape u ve\u0107inu europskih zemalja, uklju\u010duju\u0107i, ali ne ograni\u010davaju\u0107i se na Nizozemsku, Njema\u010dku, Francusku, \u0160panjolsku, Italiju, Belgiju, Luksemburg, Austriju, \u010ce\u0161ku, Slova\u010dku, Ma\u0111arsku, Sloveniju, Rumunjsku, Bugarsku, Gr\u010dku, Poljsku, \u0160vedsku, Irsku, Portugal, Finsku, Estoniju, Latviju i Litvu. Ako imate bilo kakvih posebnih upita u vezi dostave u va\u0161u zemlju, slobodno nam se obratite za daljnju pomo\u0107.<\/p>\n<p><strong>Kontaktirajte Lyn za vi\u0161e videozapisa proizvoda!<\/strong><\/p>\n<p><a href=\"https:\/\/wa.me\/8617840853976\"><span style=\"color: #ff6600\"><strong><em>Whatsapp:+385 17840853976<\/em><\/strong><\/span><\/a><\/p>\n<p><img loading=\"lazy\" decoding=\"async\" class=\"alignnone size-medium wp-image-1905\" src=\"http:\/\/rmvapebang.com\/wp-content\/uploads\/2024\/03\/whatsapp-vape-2-202x300.jpg\" alt=\"\" width=\"202\" height=\"300\" \/><\/p>\n<p>Prona\u0111ite vi\u0161e proizvoda koji bi vam se mogli svidjeti:<a href=\"https:\/\/rmvapebang.com\/hr\/shop-page\/\"><strong><em>Kupite sada<\/em><\/strong><\/a><\/p>\n<p>ostali puffovi koji bi vam se mogli svidjeti:<a href=\"https:\/\/rmvapebang.com\/hr\/product\/mrvi-puffing-15k-puffs-wholesale-price-15000\/\">MRVI PUFFING 15K VAPE<\/a><a href=\"https:\/\/rmvapebang.com\/hr\/product\/randm-tornado-7000-puffs-hot-sales-wholesale-price-7k-vape\/\">\u00a0\/RM 7K Udisaja\u00a0<\/a> \/<a href=\"https:\/\/rmvapebang.com\/hr\/product\/bangbox-9k-18k-puffs-geek-bar-with-bulk-price-vapes\/\">Bang box 9k 18k vapori<\/a>\/<a href=\"https:\/\/rmvapebang.com\/hr\/product\/aivono-15k-puffs-bulk-price-15000-vapes\/\">aivono 15k vaporizator<\/a>\/<a href=\"https:\/\/rmvapebang.com\/hr\/product\/elf-box-bar-600-puffs-wholesale-price-vapes\/\">ELF BAR 600 PU\u0160NJA<\/a><\/p>\n<p><span style=\"color: #ff0000\"><strong>Napomena: Svi proizvodi ne uklju\u010duju tro\u0161kove dostave!!!<\/strong><\/span><\/p>","protected":false},"excerpt":{"rendered":"<p>Bang Box vape 18000 Puffs Veleprodajna cijena Vape punjivo, dizajn kutije isti model kao Bang 20k kutija<\/p>\n<p>18K Bang Box je punjivi vape ure\u0111aj velikog kapaciteta koji nudi 15000 udisaja s 12 okusa i 2%\/5% razine nikotina.<\/p>\n<p><strong><em>Whatsapp:<a href=\"https:\/\/wa.me\/8617840853976\">+86 17840853976<\/a><\/em><\/strong><\/p>\n<p>Skenirajte na WhatsAppu za kupon za novog klijenta<\/p>\n<p><img loading=\"lazy\" decoding=\"async\" class=\"alignnone size-medium wp-image-1905\" src=\"http:\/\/rmvapebang.com\/wp-content\/uploads\/2024\/03\/whatsapp-vape-2-202x300.jpg\" alt=\"\" width=\"202\" height=\"300\" \/><\/p>","protected":false},"featured_media":2845,"comment_status":"open","ping_status":"closed","template":"","meta":{"_uag_custom_page_level_css":"","_lmt_disableupdate":"no","_lmt_disable":"","site-sidebar-layout":"no-sidebar","site-content-layout":"boxed-container","ast-site-content-layout":"normal-width-container","site-content-style":"boxed","site-sidebar-style":"boxed","ast-global-header-display":"","ast-banner-title-visibility":"","ast-main-header-display":"","ast-hfb-above-header-display":"","ast-hfb-below-header-display":"","ast-hfb-mobile-header-display":"","site-post-title":"","ast-breadcrumbs-content":"","ast-featured-img":"","footer-sml-layout":"","theme-transparent-header-meta":"default","adv-header-id-meta":"","stick-header-meta":"","header-above-stick-meta":"","header-main-stick-meta":"","header-below-stick-meta":"","astra-migrate-meta-layouts":"set","ast-page-background-enabled":"default","ast-page-background-meta":{"desktop":{"background-color":"","background-image":"","background-repeat":"repeat","background-position":"center center","background-size":"auto","background-attachment":"scroll","background-type":"","background-media":"","overlay-type":"","overlay-color":"","overlay-gradient":""},"tablet":{"background-color":"","background-image":"","background-repeat":"repeat","background-position":"center center","background-size":"auto","background-attachment":"scroll","background-type":"","background-media":"","overlay-type":"","overlay-color":"","overlay-gradient":""},"mobile":{"background-color":"","background-image":"","background-repeat":"repeat","background-position":"center center","background-size":"auto","background-attachment":"scroll","background-type":"","background-media":"","overlay-type":"","overlay-color":"","overlay-gradient":""}},"ast-content-background-meta":{"desktop":{"background-color":"var(--ast-global-color-5)","background-image":"","background-repeat":"repeat","background-position":"center center","background-size":"auto","background-attachment":"scroll","background-type":"","background-media":"","overlay-type":"","overlay-color":"","overlay-gradient":""},"tablet":{"background-color":"var(--ast-global-color-5)","background-image":"","background-repeat":"repeat","background-position":"center center","background-size":"auto","background-attachment":"scroll","background-type":"","background-media":"","overlay-type":"","overlay-color":"","overlay-gradient":""},"mobile":{"background-color":"var(--ast-global-color-5)","background-image":"","background-repeat":"repeat","background-position":"center center","background-size":"auto","background-attachment":"scroll","background-type":"","background-media":"","overlay-type":"","overlay-color":"","overlay-gradient":""}},"_joinchat":[]},"product_brand":[],"product_cat":[122,39,41,42,40,78,43],"product_tag":[71,72,50,51,67,57,58,53,52],"class_list":{"0":"post-2858","1":"product","2":"type-product","3":"status-publish","4":"has-post-thumbnail","6":"product_cat-bang-box-vape","7":"product_cat-france-wholesale-vape","8":"product_cat-netherlands-wholesale-vape","9":"product_cat-spain-wholesale-vape","10":"product_cat-germany-wholesale-vape","11":"product_cat-vape-18000-puffs","12":"product_cat-vape-shop","13":"product_tag-18000-puffs","14":"product_tag-18k-puffs","15":"product_tag-bulk-price-vape-shop","16":"product_tag-disposable-vape","17":"product_tag-fast-price-sales","18":"product_tag-minimum-order-quantity-50pcs","19":"product_tag-moq-50pcs","20":"product_tag-rechargeable-vape","21":"product_tag-vape-wholesasle-price","22":"desktop-align-left","23":"tablet-align-left","24":"mobile-align-left","26":"first","27":"instock","28":"sale","29":"shipping-taxable","30":"purchasable","31":"product-type-simple"},"yoast_head":"<!-- This site is optimized with the Yoast SEO plugin v23.0 - https:\/\/yoast.com\/wordpress\/plugins\/seo\/ -->\n<title>Bang Box 18000 Smart Screen Vape Bulk Price 18k Puffs - rmvapebang.com<\/title>\n<meta name=\"description\" content=\"Bang Box 18K Puffs Wholesale Price,2% and 5% nicotine,12 flavors to choose. Contact now to get Wholesale Price of Bang Box 18000 vape! min order is 50pcs\" \/>\n<meta name=\"robots\" content=\"index, follow, max-snippet:-1, max-image-preview:large, max-video-preview:-1\" \/>\n<link rel=\"canonical\" href=\"https:\/\/rmvapebang.com\/hr\/product\/bang-box-18000-smart-screen-vape-bulk-price-18k-puffs\/\" \/>\n<meta property=\"og:locale\" content=\"hr_HR\" \/>\n<meta property=\"og:type\" content=\"article\" \/>\n<meta property=\"og:title\" content=\"Bang Box 18000 Smart Screen Vape Bulk Price 18k Puffs - rmvapebang.com\" \/>\n<meta property=\"og:description\" content=\"Bang Box 18K Puffs Wholesale Price,2% and 5% nicotine,12 flavors to choose. Contact now to get Wholesale Price of Bang Box 18000 vape! min order is 50pcs\" \/>\n<meta property=\"og:url\" content=\"https:\/\/rmvapebang.com\/hr\/product\/bang-box-18000-smart-screen-vape-bulk-price-18k-puffs\/\" \/>\n<meta property=\"og:site_name\" content=\"rmvapebang.com\" \/>\n<meta property=\"article:modified_time\" content=\"2025-09-01T06:36:55+00:00\" \/>\n<meta property=\"og:image\" content=\"https:\/\/rmvapebang.com\/wp-content\/uploads\/2024\/08\/Bangbox-vape-18000-puffs-bulk-price.png\" \/>\n\t<meta property=\"og:image:width\" content=\"1000\" \/>\n\t<meta property=\"og:image:height\" content=\"1000\" \/>\n\t<meta property=\"og:image:type\" content=\"image\/png\" \/>\n<meta name=\"twitter:card\" content=\"summary_large_image\" \/>\n<meta name=\"twitter:label1\" content=\"Procijenjeno vrijeme \u010ditanja\" \/>\n\t<meta name=\"twitter:data1\" content=\"3 minute\" \/>\n<script type=\"application\/ld+json\" class=\"yoast-schema-graph\">{\"@context\":\"https:\/\/schema.org\",\"@graph\":[{\"@type\":\"WebPage\",\"@id\":\"https:\/\/rmvapebang.com\/hu\/product\/bang-box-18000-smart-screen-vape-bulk-price-18k-puffs\/\",\"url\":\"https:\/\/rmvapebang.com\/hu\/product\/bang-box-18000-smart-screen-vape-bulk-price-18k-puffs\/\",\"name\":\"Bang Box 18000 Smart Screen Vape Bulk Price 18k Puffs - rmvapebang.com\",\"isPartOf\":{\"@id\":\"https:\/\/rmvapebang.com\/#website\"},\"primaryImageOfPage\":{\"@id\":\"https:\/\/rmvapebang.com\/hu\/product\/bang-box-18000-smart-screen-vape-bulk-price-18k-puffs\/#primaryimage\"},\"image\":{\"@id\":\"https:\/\/rmvapebang.com\/hu\/product\/bang-box-18000-smart-screen-vape-bulk-price-18k-puffs\/#primaryimage\"},\"thumbnailUrl\":\"https:\/\/rmvapebang.com\/wp-content\/uploads\/2024\/08\/Bangbox-vape-18000-puffs-bulk-price.png\",\"datePublished\":\"2024-08-19T07:13:53+00:00\",\"dateModified\":\"2025-09-01T06:36:55+00:00\",\"description\":\"Bang Box 18K Puffs Wholesale Price,2% and 5% nicotine,12 flavors to choose. Contact now to get Wholesale Price of Bang Box 18000 vape! min order is 50pcs\",\"breadcrumb\":{\"@id\":\"https:\/\/rmvapebang.com\/hu\/product\/bang-box-18000-smart-screen-vape-bulk-price-18k-puffs\/#breadcrumb\"},\"inLanguage\":\"hr\",\"potentialAction\":[{\"@type\":\"ReadAction\",\"target\":[\"https:\/\/rmvapebang.com\/hu\/product\/bang-box-18000-smart-screen-vape-bulk-price-18k-puffs\/\"]}]},{\"@type\":\"ImageObject\",\"inLanguage\":\"hr\",\"@id\":\"https:\/\/rmvapebang.com\/hu\/product\/bang-box-18000-smart-screen-vape-bulk-price-18k-puffs\/#primaryimage\",\"url\":\"https:\/\/rmvapebang.com\/wp-content\/uploads\/2024\/08\/Bangbox-vape-18000-puffs-bulk-price.png\",\"contentUrl\":\"https:\/\/rmvapebang.com\/wp-content\/uploads\/2024\/08\/Bangbox-vape-18000-puffs-bulk-price.png\",\"width\":1000,\"height\":1000,\"caption\":\"Bangbox vape 18000 puffs bulk price\"},{\"@type\":\"BreadcrumbList\",\"@id\":\"https:\/\/rmvapebang.com\/hu\/product\/bang-box-18000-smart-screen-vape-bulk-price-18k-puffs\/#breadcrumb\",\"itemListElement\":[{\"@type\":\"ListItem\",\"position\":1,\"name\":\"Home\",\"item\":\"https:\/\/rmvapebang.com\/\"},{\"@type\":\"ListItem\",\"position\":2,\"name\":\"Hot Vape Shop\",\"item\":\"https:\/\/rmvapebang.com\/shop-page\/\"},{\"@type\":\"ListItem\",\"position\":3,\"name\":\"Bang Box 18000 Smart Screen Vape Bulk Price 18k Puffs\"}]},{\"@type\":\"WebSite\",\"@id\":\"https:\/\/rmvapebang.com\/#website\",\"url\":\"https:\/\/rmvapebang.com\/\",\"name\":\"rmvapebang.com\",\"description\":\"buy vape cheap\",\"publisher\":{\"@id\":\"https:\/\/rmvapebang.com\/#organization\"},\"potentialAction\":[{\"@type\":\"SearchAction\",\"target\":{\"@type\":\"EntryPoint\",\"urlTemplate\":\"https:\/\/rmvapebang.com\/?s={search_term_string}\"},\"query-input\":\"required name=search_term_string\"}],\"inLanguage\":\"hr\"},{\"@type\":\"Organization\",\"@id\":\"https:\/\/rmvapebang.com\/#organization\",\"name\":\"rmvapebang.com\",\"url\":\"https:\/\/rmvapebang.com\/\",\"logo\":{\"@type\":\"ImageObject\",\"inLanguage\":\"hr\",\"@id\":\"https:\/\/rmvapebang.com\/#\/schema\/logo\/image\/\",\"url\":\"https:\/\/rmvapebang.com\/wp-content\/uploads\/2024\/03\/cropped-RVBlogo.png\",\"contentUrl\":\"https:\/\/rmvapebang.com\/wp-content\/uploads\/2024\/03\/cropped-RVBlogo.png\",\"width\":507,\"height\":169,\"caption\":\"rmvapebang.com\"},\"image\":{\"@id\":\"https:\/\/rmvapebang.com\/#\/schema\/logo\/image\/\"}}]}<\/script>\n<!-- \/ Yoast SEO plugin. -->","yoast_head_json":{"title":"Bang Box 18000 Smart Screen Vape Bulk Price 18k Puffs - rmvapebang.com","description":"Bang Box 18K Puffs Wholesale Price,2% and 5% nicotine,12 flavors to choose. Contact now to get Wholesale Price of Bang Box 18000 vape! min order is 50pcs","robots":{"index":"index","follow":"follow","max-snippet":"max-snippet:-1","max-image-preview":"max-image-preview:large","max-video-preview":"max-video-preview:-1"},"canonical":"https:\/\/rmvapebang.com\/hr\/product\/bang-box-18000-smart-screen-vape-bulk-price-18k-puffs\/","og_locale":"hr_HR","og_type":"article","og_title":"Bang Box 18000 Smart Screen Vape Bulk Price 18k Puffs - rmvapebang.com","og_description":"Bang Box 18K Puffs Wholesale Price,2% and 5% nicotine,12 flavors to choose. Contact now to get Wholesale Price of Bang Box 18000 vape! min order is 50pcs","og_url":"https:\/\/rmvapebang.com\/hr\/product\/bang-box-18000-smart-screen-vape-bulk-price-18k-puffs\/","og_site_name":"rmvapebang.com","article_modified_time":"2025-09-01T06:36:55+00:00","og_image":[{"width":1000,"height":1000,"url":"https:\/\/rmvapebang.com\/wp-content\/uploads\/2024\/08\/Bangbox-vape-18000-puffs-bulk-price.png","type":"image\/png"}],"twitter_card":"summary_large_image","twitter_misc":{"Procijenjeno vrijeme \u010ditanja":"3 minute"},"schema":{"@context":"https:\/\/schema.org","@graph":[{"@type":"WebPage","@id":"https:\/\/rmvapebang.com\/hu\/product\/bang-box-18000-smart-screen-vape-bulk-price-18k-puffs\/","url":"https:\/\/rmvapebang.com\/hu\/product\/bang-box-18000-smart-screen-vape-bulk-price-18k-puffs\/","name":"Bang Box 18000 Smart Screen Vape Bulk Price 18k Puffs - rmvapebang.com","isPartOf":{"@id":"https:\/\/rmvapebang.com\/#website"},"primaryImageOfPage":{"@id":"https:\/\/rmvapebang.com\/hu\/product\/bang-box-18000-smart-screen-vape-bulk-price-18k-puffs\/#primaryimage"},"image":{"@id":"https:\/\/rmvapebang.com\/hu\/product\/bang-box-18000-smart-screen-vape-bulk-price-18k-puffs\/#primaryimage"},"thumbnailUrl":"https:\/\/rmvapebang.com\/wp-content\/uploads\/2024\/08\/Bangbox-vape-18000-puffs-bulk-price.png","datePublished":"2024-08-19T07:13:53+00:00","dateModified":"2025-09-01T06:36:55+00:00","description":"Bang Box 18K Puffs Wholesale Price,2% and 5% nicotine,12 flavors to choose. Contact now to get Wholesale Price of Bang Box 18000 vape! min order is 50pcs","breadcrumb":{"@id":"https:\/\/rmvapebang.com\/hu\/product\/bang-box-18000-smart-screen-vape-bulk-price-18k-puffs\/#breadcrumb"},"inLanguage":"hr","potentialAction":[{"@type":"ReadAction","target":["https:\/\/rmvapebang.com\/hu\/product\/bang-box-18000-smart-screen-vape-bulk-price-18k-puffs\/"]}]},{"@type":"ImageObject","inLanguage":"hr","@id":"https:\/\/rmvapebang.com\/hu\/product\/bang-box-18000-smart-screen-vape-bulk-price-18k-puffs\/#primaryimage","url":"https:\/\/rmvapebang.com\/wp-content\/uploads\/2024\/08\/Bangbox-vape-18000-puffs-bulk-price.png","contentUrl":"https:\/\/rmvapebang.com\/wp-content\/uploads\/2024\/08\/Bangbox-vape-18000-puffs-bulk-price.png","width":1000,"height":1000,"caption":"Bangbox vape 18000 puffs bulk price"},{"@type":"BreadcrumbList","@id":"https:\/\/rmvapebang.com\/hu\/product\/bang-box-18000-smart-screen-vape-bulk-price-18k-puffs\/#breadcrumb","itemListElement":[{"@type":"ListItem","position":1,"name":"Home","item":"https:\/\/rmvapebang.com\/"},{"@type":"ListItem","position":2,"name":"Hot Vape Shop","item":"https:\/\/rmvapebang.com\/shop-page\/"},{"@type":"ListItem","position":3,"name":"Bang Box 18000 Smart Screen Vape Bulk Price 18k Puffs"}]},{"@type":"WebSite","@id":"https:\/\/rmvapebang.com\/#website","url":"https:\/\/rmvapebang.com\/","name":"rmvapebang.com","description":"buy vape cheap","publisher":{"@id":"https:\/\/rmvapebang.com\/#organization"},"potentialAction":[{"@type":"SearchAction","target":{"@type":"EntryPoint","urlTemplate":"https:\/\/rmvapebang.com\/?s={search_term_string}"},"query-input":"required name=search_term_string"}],"inLanguage":"hr"},{"@type":"Organization","@id":"https:\/\/rmvapebang.com\/#organization","name":"rmvapebang.com","url":"https:\/\/rmvapebang.com\/","logo":{"@type":"ImageObject","inLanguage":"hr","@id":"https:\/\/rmvapebang.com\/#\/schema\/logo\/image\/","url":"https:\/\/rmvapebang.com\/wp-content\/uploads\/2024\/03\/cropped-RVBlogo.png","contentUrl":"https:\/\/rmvapebang.com\/wp-content\/uploads\/2024\/03\/cropped-RVBlogo.png","width":507,"height":169,"caption":"rmvapebang.com"},"image":{"@id":"https:\/\/rmvapebang.com\/#\/schema\/logo\/image\/"}}]}},"uagb_featured_image_src":{"full":["https:\/\/rmvapebang.com\/wp-content\/uploads\/2024\/08\/Bangbox-vape-18000-puffs-bulk-price.png",1000,1000,false],"thumbnail":["https:\/\/rmvapebang.com\/wp-content\/uploads\/2024\/08\/Bangbox-vape-18000-puffs-bulk-price-150x150.png",150,150,true],"medium":["https:\/\/rmvapebang.com\/wp-content\/uploads\/2024\/08\/Bangbox-vape-18000-puffs-bulk-price-300x300.png",300,300,true],"medium_large":["https:\/\/rmvapebang.com\/wp-content\/uploads\/2024\/08\/Bangbox-vape-18000-puffs-bulk-price-768x768.png",768,768,true],"large":["https:\/\/rmvapebang.com\/wp-content\/uploads\/2024\/08\/Bangbox-vape-18000-puffs-bulk-price.png",1000,1000,false],"1536x1536":["https:\/\/rmvapebang.com\/wp-content\/uploads\/2024\/08\/Bangbox-vape-18000-puffs-bulk-price.png",1000,1000,false],"2048x2048":["https:\/\/rmvapebang.com\/wp-content\/uploads\/2024\/08\/Bangbox-vape-18000-puffs-bulk-price.png",1000,1000,false],"trp-custom-language-flag":["https:\/\/rmvapebang.com\/wp-content\/uploads\/2024\/08\/Bangbox-vape-18000-puffs-bulk-price.png",12,12,false],"woocommerce_thumbnail":["https:\/\/rmvapebang.com\/wp-content\/uploads\/2024\/08\/Bangbox-vape-18000-puffs-bulk-price-300x300.png",300,300,true],"woocommerce_single":["https:\/\/rmvapebang.com\/wp-content\/uploads\/2024\/08\/Bangbox-vape-18000-puffs-bulk-price-600x600.png",600,600,true],"woocommerce_gallery_thumbnail":["https:\/\/rmvapebang.com\/wp-content\/uploads\/2024\/08\/Bangbox-vape-18000-puffs-bulk-price-100x100.png",100,100,true],"wcpr-photo-reviews":["https:\/\/rmvapebang.com\/wp-content\/uploads\/2024\/08\/Bangbox-vape-18000-puffs-bulk-price.png",500,500,false]},"uagb_author_info":{"display_name":"Lyn","author_link":"https:\/\/rmvapebang.com\/hr\/author\/"},"uagb_comment_info":0,"uagb_excerpt":"Bang Box vape 18000 Puffs Wholesale Price Vape Rechargeable,box design same model as Bang 20k box 18K of Bang Box is a high-capacity rechargeable vape device offering 15000 puffs with 12 flavors and 2%\/5% nicotine levels. Whatsapp:+86 17840853976 Scan on whatsapp for New Client coupon","_links":{"self":[{"href":"https:\/\/rmvapebang.com\/hr\/wp-json\/wp\/v2\/product\/2858","targetHints":{"allow":["GET"]}}],"collection":[{"href":"https:\/\/rmvapebang.com\/hr\/wp-json\/wp\/v2\/product"}],"about":[{"href":"https:\/\/rmvapebang.com\/hr\/wp-json\/wp\/v2\/types\/product"}],"replies":[{"embeddable":true,"href":"https:\/\/rmvapebang.com\/hr\/wp-json\/wp\/v2\/comments?post=2858"}],"wp:featuredmedia":[{"embeddable":true,"href":"https:\/\/rmvapebang.com\/hr\/wp-json\/wp\/v2\/media\/2845"}],"wp:attachment":[{"href":"https:\/\/rmvapebang.com\/hr\/wp-json\/wp\/v2\/media?parent=2858"}],"wp:term":[{"taxonomy":"product_brand","embeddable":true,"href":"https:\/\/rmvapebang.com\/hr\/wp-json\/wp\/v2\/product_brand?post=2858"},{"taxonomy":"product_cat","embeddable":true,"href":"https:\/\/rmvapebang.com\/hr\/wp-json\/wp\/v2\/product_cat?post=2858"},{"taxonomy":"product_tag","embeddable":true,"href":"https:\/\/rmvapebang.com\/hr\/wp-json\/wp\/v2\/product_tag?post=2858"}],"curies":[{"name":"wp","href":"https:\/\/api.w.org\/{rel}","templated":true}]}}