{"id":2213,"date":"2024-04-24T10:36:33","date_gmt":"2024-04-24T02:36:33","guid":{"rendered":"https:\/\/rmvapebang.com\/?post_type=product&#038;p=2213"},"modified":"2025-09-02T17:41:40","modified_gmt":"2025-09-02T09:41:40","slug":"bang-15k-puffs-shisha-wholesale-price-15000-vapes","status":"publish","type":"product","link":"https:\/\/rmvapebang.com\/hr\/product\/bang-15k-puffs-shisha-wholesale-price-15000-vapes\/","title":{"rendered":"Bang 15k Puffs shisha veleprodajna cijena 15000 vapes"},"content":{"rendered":"<h2>Bang 15k Puffs shisha veleprodajna cijena 15000 vapes<\/h2>\n<p><strong data-start=\"78\" data-end=\"110\"><a href=\"https:\/\/rmvapebang.com\/hr\/product-category\/bang-vapes\/\">Eksplozija<\/a> Shisha 15000 vape povla\u010denja<\/strong> nudi vrhunsku opciju za vaping namijenjenu mladim europskim korisnicima koji tra\u017ee i kapacitet i okus. S do <a href=\"https:\/\/rmvapebang.com\/hr\/product-category\/vape-15000-puffs\/\"><strong data-start=\"221\" data-end=\"252\">15000 Puffs jednokratni vape<\/strong><\/a>, osigurava dugotrajno zadovoljstvo bez \u010destih zamjena. Ovaj ure\u0111aj podr\u017eava razine nikotina od 2% i 5%, zadovoljavaju\u0107i razli\u010dite preferencije, dok vi\u0161estruki okusi \u010dine svaku sesiju u\u017eitkom. Izra\u0111en s punjivom baterijom i Type-C punjenjem, <strong data-start=\"516\" data-end=\"548\">punjivi vape s 15000 'povla\u010denja'<\/strong> jam\u010di pouzdane performanse. Za veletrgovce, <strong data-start=\"603\" data-end=\"633\">masovna prodaja vapea s 15000 'povla\u010denja'<\/strong> pru\u017ea izvrsnu vrijednost po konkurentnim cijenama. Moderan i prakti\u010dan, <strong data-start=\"710\" data-end=\"745\">vape tornado shisha s 15000 'povla\u010denja'<\/strong> je sna\u017ean izbor za mu\u0161ke potro\u0161a\u010de u dobi od 25 do 35 godina koji \u017eele trajnost i glatke performanse.<\/p>\n<p><img loading=\"lazy\" decoding=\"async\" class=\"wp-image-2210\" src=\"http:\/\/rmvapebang.com\/wp-content\/uploads\/2024\/04\/Bang-shisha-vape-15k-puffs-good-price-300x300.png\" alt=\"Bang shisha vape 15k uvla\u010denja dobra cijena\" width=\"317\" height=\"317\" srcset=\"https:\/\/rmvapebang.com\/wp-content\/uploads\/2024\/04\/Bang-shisha-vape-15k-puffs-good-price-300x300.png 300w, https:\/\/rmvapebang.com\/wp-content\/uploads\/2024\/04\/Bang-shisha-vape-15k-puffs-good-price-1024x1024.png 1024w, https:\/\/rmvapebang.com\/wp-content\/uploads\/2024\/04\/Bang-shisha-vape-15k-puffs-good-price-150x150.png 150w, https:\/\/rmvapebang.com\/wp-content\/uploads\/2024\/04\/Bang-shisha-vape-15k-puffs-good-price-768x768.png 768w, https:\/\/rmvapebang.com\/wp-content\/uploads\/2024\/04\/Bang-shisha-vape-15k-puffs-good-price-600x600.png 600w, https:\/\/rmvapebang.com\/wp-content\/uploads\/2024\/04\/Bang-shisha-vape-15k-puffs-good-price-100x100.png 100w, https:\/\/rmvapebang.com\/wp-content\/uploads\/2024\/04\/Bang-shisha-vape-15k-puffs-good-price.png 1500w\" sizes=\"auto, (max-width: 317px) 100vw, 317px\" \/><\/p>\n<h3><strong>Koji su okusi za Bang Shisha 15000 Puffs vape?<\/strong><\/h3>\n<p>1, Ledena borovnica<br \/>\n2, Plavi malina led<br \/>\n3, Tre\u0161nja lubenica<br \/>\n4, Ledena jabuka<br \/>\n5, \u017dvaka\u0107a menta<br \/>\n6, Mango banana<br \/>\n7, Mje\u0161avina bobi\u010dastog vo\u0107a s ledom<br \/>\n8, Ananas Kokos<br \/>\n9, Ka\u0161a od Crvenog Vo\u0107a<br \/>\n10, Kivi Marakuja Guava<br \/>\n11, Brusnica Gro\u017e\u0111e<br \/>\n12, Jagoda Led<br \/>\n13, Jagoda Kivi<br \/>\n14, Bombone od Jagode i Maline<br \/>\n15, Lubenica Led<br \/>\n16, So\u010dne Breskve<br \/>\n17, Ljubav 66<br \/>\n18, Breskva Mango<br \/>\n19, Crveni Bik<br \/>\n20, \u017dvaka\u0107a Guma s Lubenicom i Jagodom<\/p>\n<h2>Specifikacije za <strong>Bang Shisha 15000 <\/strong>Udisaji:<\/h2>\n<p>\u2013 15k Udisaja<br \/>\n\u2013 20 Okusa<br \/>\n\u2013 2%\/5% Ja\u010dina Nikotina<br \/>\n\u2013 15 mL Kapaciteta E-teku\u0107ine<br \/>\n\u2013 Kapacitet baterije 600 mAh<\/p>\n<h3>Pitanja i odgovori:<\/h3>\n<p>P: Koji je MOQ (minimalna koli\u010dina narud\u017ebe) bang shisha 15k elektronske cigarete VAPE?<\/p>\n<p>O: Minimalna koli\u010dina narud\u017ebe (MOQ) za bang shisha 15k udisaja je 100 kom.<\/p>\n<p>P: Koje je vrijeme isporuke za punjivu Vape koju sam naru\u010dio?<\/p>\n<p>A: Uobi\u010dajeno, vrijeme isporuke za punjivi vape je 10-15 dana nakon slanja.<\/p>\n<p>Q: Koliko ko\u0161ta dostava za Bang shisha 15000 Puffs Vape?<\/p>\n<p>O: Tro\u0161ak dostave varira ovisno o te\u017eini narud\u017ebe. Razli\u010dite koli\u010dine mogu imati razli\u010dite tro\u0161kove dostave. Molimo kontaktirajte nas kako biste potvrdili tro\u0161ak dostave za va\u0161u specifi\u010dnu narud\u017ebu.<\/p>\n<p>Q: Mo\u017ee li se Bang shisha 15000 puffs vape poslati u moju zemlju?<\/p>\n<p>A: Da, mo\u017eemo poslati Bang shisha 15k puffs u ve\u0107inu europskih zemalja, uklju\u010duju\u0107i, ali ne ograni\u010davaju\u0107i se na Nizozemsku, Njema\u010dku, Francusku, \u0160panjolsku, Italiju, Belgiju, Luksemburg, Austriju, \u010ce\u0161ku, Slova\u010dku, Ma\u0111arsku, Sloveniju, Rumunjsku, Bugarsku, Gr\u010dku, Poljsku, \u0160vedsku, Irsku, Portugal, Finsku, Estoniju, Latviju i Litvu. Ako imate bilo kakvih specifi\u010dnih pitanja o dostavi u va\u0161u zemlju, slobodno nam se obratite za daljnju pomo\u0107.<\/p>\n<p><strong>Kontaktirajte Lyn za vi\u0161e videozapisa proizvoda!<\/strong><\/p>\n<p><a href=\"https:\/\/wa.me\/8617840853976\"><span style=\"color: #ff6600\"><strong><em>Whatsapp:+385 17840853976<\/em><\/strong><\/span><\/a><\/p>\n<p><img loading=\"lazy\" decoding=\"async\" class=\"alignnone size-medium wp-image-1905\" src=\"http:\/\/rmvapebang.com\/wp-content\/uploads\/2024\/03\/whatsapp-vape-2-202x300.jpg\" alt=\"\" width=\"202\" height=\"300\" \/><\/p>\n<p>Prona\u0111ite vi\u0161e proizvoda koji bi vam se mogli svidjeti:<a href=\"https:\/\/rmvapebang.com\/hr\/shop-page\/\"><strong><em>Kupite sada<\/em><\/strong><\/a><\/p>\n<p>ostali puffovi koji bi vam se mogli svidjeti:<a href=\"https:\/\/rmvapebang.com\/hr\/product\/vapme-shisha-15k-puffs-best-price-15000-vapes\/\">Vapme shisha 15k<\/a>,<a href=\"https:\/\/rmvapebang.com\/hr\/product\/wga-crystal-15k-puffs-15000-bulk-price-vapes\/\">WGA Crystal 15000 vapova<\/a>,<a href=\"https:\/\/rmvapebang.com\/hr\/product\/waspe-digital-15k-puffs-hot-price-15000-vapes\/\">Waspe 15k Digital vapova<\/a>,<a href=\"https:\/\/rmvapebang.com\/hr\/product\/bang-king-15000-puffs-smart-screen-fast-price-15k-vape\/\">Bang King Digital 15000 dimnih<\/a><\/p>\n<p><span style=\"color: #ff0000\"><strong>Napomena: Svi proizvodi ne uklju\u010duju tro\u0161kove dostave!!!<\/strong><\/span><\/p>","protected":false},"excerpt":{"rendered":"<p>Bang shisha 15000 Puffs Veleprodajna Cijena Vape Punjivi<\/p>\n<p>Shisha vape elektronska cigareta s 15k 'povla\u010denja' je punjivi vape ure\u0111aj velikog kapaciteta koji nudi 15000 'povla\u010denja' s 20 okusa i razinama nikotina od 2% \/ 5%.<\/p>\n<p><a href=\"https:\/\/wa.me\/8617840853976\"><strong><em>Whatsapp:+385 17840853976<\/em><\/strong><\/a><\/p>\n<p>Skenirajte na WhatsAppu za kupon za novog klijenta<\/p>\n<p><img loading=\"lazy\" decoding=\"async\" class=\"alignnone size-medium wp-image-1905\" src=\"http:\/\/rmvapebang.com\/wp-content\/uploads\/2024\/03\/whatsapp-vape-2-202x300.jpg\" alt=\"\" width=\"202\" height=\"300\" \/><\/p>","protected":false},"featured_media":2206,"comment_status":"open","ping_status":"closed","template":"","meta":{"_uag_custom_page_level_css":"","_lmt_disableupdate":"no","_lmt_disable":"","site-sidebar-layout":"no-sidebar","site-content-layout":"boxed-container","ast-site-content-layout":"normal-width-container","site-content-style":"boxed","site-sidebar-style":"boxed","ast-global-header-display":"","ast-banner-title-visibility":"","ast-main-header-display":"","ast-hfb-above-header-display":"","ast-hfb-below-header-display":"","ast-hfb-mobile-header-display":"","site-post-title":"","ast-breadcrumbs-content":"","ast-featured-img":"","footer-sml-layout":"","theme-transparent-header-meta":"default","adv-header-id-meta":"","stick-header-meta":"","header-above-stick-meta":"","header-main-stick-meta":"","header-below-stick-meta":"","astra-migrate-meta-layouts":"set","ast-page-background-enabled":"default","ast-page-background-meta":{"desktop":{"background-color":"","background-image":"","background-repeat":"repeat","background-position":"center center","background-size":"auto","background-attachment":"scroll","background-type":"","background-media":"","overlay-type":"","overlay-color":"","overlay-gradient":""},"tablet":{"background-color":"","background-image":"","background-repeat":"repeat","background-position":"center center","background-size":"auto","background-attachment":"scroll","background-type":"","background-media":"","overlay-type":"","overlay-color":"","overlay-gradient":""},"mobile":{"background-color":"","background-image":"","background-repeat":"repeat","background-position":"center center","background-size":"auto","background-attachment":"scroll","background-type":"","background-media":"","overlay-type":"","overlay-color":"","overlay-gradient":""}},"ast-content-background-meta":{"desktop":{"background-color":"var(--ast-global-color-5)","background-image":"","background-repeat":"repeat","background-position":"center center","background-size":"auto","background-attachment":"scroll","background-type":"","background-media":"","overlay-type":"","overlay-color":"","overlay-gradient":""},"tablet":{"background-color":"var(--ast-global-color-5)","background-image":"","background-repeat":"repeat","background-position":"center center","background-size":"auto","background-attachment":"scroll","background-type":"","background-media":"","overlay-type":"","overlay-color":"","overlay-gradient":""},"mobile":{"background-color":"var(--ast-global-color-5)","background-image":"","background-repeat":"repeat","background-position":"center center","background-size":"auto","background-attachment":"scroll","background-type":"","background-media":"","overlay-type":"","overlay-color":"","overlay-gradient":""}},"_joinchat":[]},"product_brand":[],"product_cat":[76,39,41,42,40,75,43],"product_tag":[66,65,50,61,49,48,53,52],"class_list":{"0":"post-2213","1":"product","2":"type-product","3":"status-publish","4":"has-post-thumbnail","6":"product_cat-bang-vapes","7":"product_cat-france-wholesale-vape","8":"product_cat-netherlands-wholesale-vape","9":"product_cat-spain-wholesale-vape","10":"product_cat-germany-wholesale-vape","11":"product_cat-vape-15000-puffs","12":"product_cat-vape-shop","13":"product_tag-15000-puffs","14":"product_tag-15k-puffs","15":"product_tag-bulk-price-vape-shop","16":"product_tag-good-sales-vape","17":"product_tag-minimum-order-quantity-100pcs","18":"product_tag-moq-100pcs","19":"product_tag-rechargeable-vape","20":"product_tag-vape-wholesasle-price","21":"desktop-align-left","22":"tablet-align-left","23":"mobile-align-left","25":"first","26":"instock","27":"sale","28":"shipping-taxable","29":"purchasable","30":"product-type-simple"},"yoast_head":"<!-- This site is optimized with the Yoast SEO plugin v23.0 - https:\/\/yoast.com\/wordpress\/plugins\/seo\/ -->\n<title>Bang 15k Puffs shisha Wholesale Price 15000 Vapes - rmvapebang.com<\/title>\n<meta name=\"description\" content=\"Get the Shisha 15000 vape puffs with rechargeable design and rich flavors. Order this bulk sale 15000 puffs vape today at wholesale price.\" \/>\n<meta name=\"robots\" content=\"index, follow, max-snippet:-1, max-image-preview:large, max-video-preview:-1\" \/>\n<link rel=\"canonical\" href=\"https:\/\/rmvapebang.com\/hr\/product\/bang-15k-puffs-shisha-wholesale-price-15000-vapes\/\" \/>\n<meta property=\"og:locale\" content=\"hr_HR\" \/>\n<meta property=\"og:type\" content=\"article\" \/>\n<meta property=\"og:title\" content=\"Bang 15k Puffs shisha Wholesale Price 15000 Vapes - rmvapebang.com\" \/>\n<meta property=\"og:description\" content=\"Get the Shisha 15000 vape puffs with rechargeable design and rich flavors. Order this bulk sale 15000 puffs vape today at wholesale price.\" \/>\n<meta property=\"og:url\" content=\"https:\/\/rmvapebang.com\/hr\/product\/bang-15k-puffs-shisha-wholesale-price-15000-vapes\/\" \/>\n<meta property=\"og:site_name\" content=\"rmvapebang.com\" \/>\n<meta property=\"article:modified_time\" content=\"2025-09-02T09:41:40+00:00\" \/>\n<meta property=\"og:image\" content=\"https:\/\/rmvapebang.com\/wp-content\/uploads\/2024\/04\/Bang-disposable-vape-15k-puffs-good-price-1024x1024.png\" \/>\n\t<meta property=\"og:image:width\" content=\"1024\" \/>\n\t<meta property=\"og:image:height\" content=\"1024\" \/>\n\t<meta property=\"og:image:type\" content=\"image\/png\" \/>\n<meta name=\"twitter:card\" content=\"summary_large_image\" \/>\n<meta name=\"twitter:label1\" content=\"Procijenjeno vrijeme \u010ditanja\" \/>\n\t<meta name=\"twitter:data1\" content=\"3 minute\" \/>\n<script type=\"application\/ld+json\" class=\"yoast-schema-graph\">{\"@context\":\"https:\/\/schema.org\",\"@graph\":[{\"@type\":\"WebPage\",\"@id\":\"https:\/\/rmvapebang.com\/product\/bang-15k-puffs-shisha-wholesale-price-15000-vapes\/\",\"url\":\"https:\/\/rmvapebang.com\/product\/bang-15k-puffs-shisha-wholesale-price-15000-vapes\/\",\"name\":\"Bang 15k Puffs shisha Wholesale Price 15000 Vapes - rmvapebang.com\",\"isPartOf\":{\"@id\":\"https:\/\/rmvapebang.com\/#website\"},\"primaryImageOfPage\":{\"@id\":\"https:\/\/rmvapebang.com\/product\/bang-15k-puffs-shisha-wholesale-price-15000-vapes\/#primaryimage\"},\"image\":{\"@id\":\"https:\/\/rmvapebang.com\/product\/bang-15k-puffs-shisha-wholesale-price-15000-vapes\/#primaryimage\"},\"thumbnailUrl\":\"https:\/\/rmvapebang.com\/wp-content\/uploads\/2024\/04\/Bang-disposable-vape-15k-puffs-good-price.png\",\"datePublished\":\"2024-04-24T02:36:33+00:00\",\"dateModified\":\"2025-09-02T09:41:40+00:00\",\"description\":\"Get the Shisha 15000 vape puffs with rechargeable design and rich flavors. Order this bulk sale 15000 puffs vape today at wholesale price.\",\"breadcrumb\":{\"@id\":\"https:\/\/rmvapebang.com\/product\/bang-15k-puffs-shisha-wholesale-price-15000-vapes\/#breadcrumb\"},\"inLanguage\":\"hr\",\"potentialAction\":[{\"@type\":\"ReadAction\",\"target\":[\"https:\/\/rmvapebang.com\/product\/bang-15k-puffs-shisha-wholesale-price-15000-vapes\/\"]}]},{\"@type\":\"ImageObject\",\"inLanguage\":\"hr\",\"@id\":\"https:\/\/rmvapebang.com\/product\/bang-15k-puffs-shisha-wholesale-price-15000-vapes\/#primaryimage\",\"url\":\"https:\/\/rmvapebang.com\/wp-content\/uploads\/2024\/04\/Bang-disposable-vape-15k-puffs-good-price.png\",\"contentUrl\":\"https:\/\/rmvapebang.com\/wp-content\/uploads\/2024\/04\/Bang-disposable-vape-15k-puffs-good-price.png\",\"width\":1500,\"height\":1500,\"caption\":\"Bang disposable vape 15k puffs good price\"},{\"@type\":\"BreadcrumbList\",\"@id\":\"https:\/\/rmvapebang.com\/product\/bang-15k-puffs-shisha-wholesale-price-15000-vapes\/#breadcrumb\",\"itemListElement\":[{\"@type\":\"ListItem\",\"position\":1,\"name\":\"Home\",\"item\":\"https:\/\/rmvapebang.com\/\"},{\"@type\":\"ListItem\",\"position\":2,\"name\":\"Hot Vape Shop\",\"item\":\"https:\/\/rmvapebang.com\/shop-page\/\"},{\"@type\":\"ListItem\",\"position\":3,\"name\":\"Bang 15k Puffs shisha Wholesale Price 15000 Vapes\"}]},{\"@type\":\"WebSite\",\"@id\":\"https:\/\/rmvapebang.com\/#website\",\"url\":\"https:\/\/rmvapebang.com\/\",\"name\":\"rmvapebang.com\",\"description\":\"buy vape cheap\",\"publisher\":{\"@id\":\"https:\/\/rmvapebang.com\/#organization\"},\"potentialAction\":[{\"@type\":\"SearchAction\",\"target\":{\"@type\":\"EntryPoint\",\"urlTemplate\":\"https:\/\/rmvapebang.com\/?s={search_term_string}\"},\"query-input\":\"required name=search_term_string\"}],\"inLanguage\":\"hr\"},{\"@type\":\"Organization\",\"@id\":\"https:\/\/rmvapebang.com\/#organization\",\"name\":\"rmvapebang.com\",\"url\":\"https:\/\/rmvapebang.com\/\",\"logo\":{\"@type\":\"ImageObject\",\"inLanguage\":\"hr\",\"@id\":\"https:\/\/rmvapebang.com\/#\/schema\/logo\/image\/\",\"url\":\"https:\/\/rmvapebang.com\/wp-content\/uploads\/2024\/03\/cropped-RVBlogo.png\",\"contentUrl\":\"https:\/\/rmvapebang.com\/wp-content\/uploads\/2024\/03\/cropped-RVBlogo.png\",\"width\":507,\"height\":169,\"caption\":\"rmvapebang.com\"},\"image\":{\"@id\":\"https:\/\/rmvapebang.com\/#\/schema\/logo\/image\/\"}}]}<\/script>\n<!-- \/ Yoast SEO plugin. -->","yoast_head_json":{"title":"Bang 15k Puffs shisha Wholesale Price 15000 Vapes - rmvapebang.com","description":"Get the Shisha 15000 vape puffs with rechargeable design and rich flavors. Order this bulk sale 15000 puffs vape today at wholesale price.","robots":{"index":"index","follow":"follow","max-snippet":"max-snippet:-1","max-image-preview":"max-image-preview:large","max-video-preview":"max-video-preview:-1"},"canonical":"https:\/\/rmvapebang.com\/hr\/product\/bang-15k-puffs-shisha-wholesale-price-15000-vapes\/","og_locale":"hr_HR","og_type":"article","og_title":"Bang 15k Puffs shisha Wholesale Price 15000 Vapes - rmvapebang.com","og_description":"Get the Shisha 15000 vape puffs with rechargeable design and rich flavors. Order this bulk sale 15000 puffs vape today at wholesale price.","og_url":"https:\/\/rmvapebang.com\/hr\/product\/bang-15k-puffs-shisha-wholesale-price-15000-vapes\/","og_site_name":"rmvapebang.com","article_modified_time":"2025-09-02T09:41:40+00:00","og_image":[{"width":1024,"height":1024,"url":"https:\/\/rmvapebang.com\/wp-content\/uploads\/2024\/04\/Bang-disposable-vape-15k-puffs-good-price-1024x1024.png","type":"image\/png"}],"twitter_card":"summary_large_image","twitter_misc":{"Procijenjeno vrijeme \u010ditanja":"3 minute"},"schema":{"@context":"https:\/\/schema.org","@graph":[{"@type":"WebPage","@id":"https:\/\/rmvapebang.com\/product\/bang-15k-puffs-shisha-wholesale-price-15000-vapes\/","url":"https:\/\/rmvapebang.com\/product\/bang-15k-puffs-shisha-wholesale-price-15000-vapes\/","name":"Bang 15k Puffs shisha Wholesale Price 15000 Vapes - rmvapebang.com","isPartOf":{"@id":"https:\/\/rmvapebang.com\/#website"},"primaryImageOfPage":{"@id":"https:\/\/rmvapebang.com\/product\/bang-15k-puffs-shisha-wholesale-price-15000-vapes\/#primaryimage"},"image":{"@id":"https:\/\/rmvapebang.com\/product\/bang-15k-puffs-shisha-wholesale-price-15000-vapes\/#primaryimage"},"thumbnailUrl":"https:\/\/rmvapebang.com\/wp-content\/uploads\/2024\/04\/Bang-disposable-vape-15k-puffs-good-price.png","datePublished":"2024-04-24T02:36:33+00:00","dateModified":"2025-09-02T09:41:40+00:00","description":"Get the Shisha 15000 vape puffs with rechargeable design and rich flavors. Order this bulk sale 15000 puffs vape today at wholesale price.","breadcrumb":{"@id":"https:\/\/rmvapebang.com\/product\/bang-15k-puffs-shisha-wholesale-price-15000-vapes\/#breadcrumb"},"inLanguage":"hr","potentialAction":[{"@type":"ReadAction","target":["https:\/\/rmvapebang.com\/product\/bang-15k-puffs-shisha-wholesale-price-15000-vapes\/"]}]},{"@type":"ImageObject","inLanguage":"hr","@id":"https:\/\/rmvapebang.com\/product\/bang-15k-puffs-shisha-wholesale-price-15000-vapes\/#primaryimage","url":"https:\/\/rmvapebang.com\/wp-content\/uploads\/2024\/04\/Bang-disposable-vape-15k-puffs-good-price.png","contentUrl":"https:\/\/rmvapebang.com\/wp-content\/uploads\/2024\/04\/Bang-disposable-vape-15k-puffs-good-price.png","width":1500,"height":1500,"caption":"Bang disposable vape 15k puffs good price"},{"@type":"BreadcrumbList","@id":"https:\/\/rmvapebang.com\/product\/bang-15k-puffs-shisha-wholesale-price-15000-vapes\/#breadcrumb","itemListElement":[{"@type":"ListItem","position":1,"name":"Home","item":"https:\/\/rmvapebang.com\/"},{"@type":"ListItem","position":2,"name":"Hot Vape Shop","item":"https:\/\/rmvapebang.com\/shop-page\/"},{"@type":"ListItem","position":3,"name":"Bang 15k Puffs shisha Wholesale Price 15000 Vapes"}]},{"@type":"WebSite","@id":"https:\/\/rmvapebang.com\/#website","url":"https:\/\/rmvapebang.com\/","name":"rmvapebang.com","description":"buy vape cheap","publisher":{"@id":"https:\/\/rmvapebang.com\/#organization"},"potentialAction":[{"@type":"SearchAction","target":{"@type":"EntryPoint","urlTemplate":"https:\/\/rmvapebang.com\/?s={search_term_string}"},"query-input":"required name=search_term_string"}],"inLanguage":"hr"},{"@type":"Organization","@id":"https:\/\/rmvapebang.com\/#organization","name":"rmvapebang.com","url":"https:\/\/rmvapebang.com\/","logo":{"@type":"ImageObject","inLanguage":"hr","@id":"https:\/\/rmvapebang.com\/#\/schema\/logo\/image\/","url":"https:\/\/rmvapebang.com\/wp-content\/uploads\/2024\/03\/cropped-RVBlogo.png","contentUrl":"https:\/\/rmvapebang.com\/wp-content\/uploads\/2024\/03\/cropped-RVBlogo.png","width":507,"height":169,"caption":"rmvapebang.com"},"image":{"@id":"https:\/\/rmvapebang.com\/#\/schema\/logo\/image\/"}}]}},"uagb_featured_image_src":{"full":["https:\/\/rmvapebang.com\/wp-content\/uploads\/2024\/04\/Bang-disposable-vape-15k-puffs-good-price.png",1500,1500,false],"thumbnail":["https:\/\/rmvapebang.com\/wp-content\/uploads\/2024\/04\/Bang-disposable-vape-15k-puffs-good-price-150x150.png",150,150,true],"medium":["https:\/\/rmvapebang.com\/wp-content\/uploads\/2024\/04\/Bang-disposable-vape-15k-puffs-good-price-300x300.png",300,300,true],"medium_large":["https:\/\/rmvapebang.com\/wp-content\/uploads\/2024\/04\/Bang-disposable-vape-15k-puffs-good-price-768x768.png",768,768,true],"large":["https:\/\/rmvapebang.com\/wp-content\/uploads\/2024\/04\/Bang-disposable-vape-15k-puffs-good-price-1024x1024.png",1024,1024,true],"1536x1536":["https:\/\/rmvapebang.com\/wp-content\/uploads\/2024\/04\/Bang-disposable-vape-15k-puffs-good-price.png",1500,1500,false],"2048x2048":["https:\/\/rmvapebang.com\/wp-content\/uploads\/2024\/04\/Bang-disposable-vape-15k-puffs-good-price.png",1500,1500,false],"trp-custom-language-flag":["https:\/\/rmvapebang.com\/wp-content\/uploads\/2024\/04\/Bang-disposable-vape-15k-puffs-good-price.png",12,12,false],"woocommerce_thumbnail":["https:\/\/rmvapebang.com\/wp-content\/uploads\/2024\/04\/Bang-disposable-vape-15k-puffs-good-price-300x300.png",300,300,true],"woocommerce_single":["https:\/\/rmvapebang.com\/wp-content\/uploads\/2024\/04\/Bang-disposable-vape-15k-puffs-good-price-600x600.png",600,600,true],"woocommerce_gallery_thumbnail":["https:\/\/rmvapebang.com\/wp-content\/uploads\/2024\/04\/Bang-disposable-vape-15k-puffs-good-price-100x100.png",100,100,true],"wcpr-photo-reviews":["https:\/\/rmvapebang.com\/wp-content\/uploads\/2024\/04\/Bang-disposable-vape-15k-puffs-good-price.png",500,500,false]},"uagb_author_info":{"display_name":"Lyn","author_link":"https:\/\/rmvapebang.com\/hr\/author\/"},"uagb_comment_info":0,"uagb_excerpt":"Bang shisha 15000 Puffs Wholesale Price Vape Rechargeable Shisha vape electronic cigarette 15k puffs is a high-capacity rechargeable vape device offering 15000 puffs with 20 flavors and 2%\/5% nicotine levels. Whatsapp:+86 17840853976 Scan on whatsapp for New Client coupon","_links":{"self":[{"href":"https:\/\/rmvapebang.com\/hr\/wp-json\/wp\/v2\/product\/2213","targetHints":{"allow":["GET"]}}],"collection":[{"href":"https:\/\/rmvapebang.com\/hr\/wp-json\/wp\/v2\/product"}],"about":[{"href":"https:\/\/rmvapebang.com\/hr\/wp-json\/wp\/v2\/types\/product"}],"replies":[{"embeddable":true,"href":"https:\/\/rmvapebang.com\/hr\/wp-json\/wp\/v2\/comments?post=2213"}],"wp:featuredmedia":[{"embeddable":true,"href":"https:\/\/rmvapebang.com\/hr\/wp-json\/wp\/v2\/media\/2206"}],"wp:attachment":[{"href":"https:\/\/rmvapebang.com\/hr\/wp-json\/wp\/v2\/media?parent=2213"}],"wp:term":[{"taxonomy":"product_brand","embeddable":true,"href":"https:\/\/rmvapebang.com\/hr\/wp-json\/wp\/v2\/product_brand?post=2213"},{"taxonomy":"product_cat","embeddable":true,"href":"https:\/\/rmvapebang.com\/hr\/wp-json\/wp\/v2\/product_cat?post=2213"},{"taxonomy":"product_tag","embeddable":true,"href":"https:\/\/rmvapebang.com\/hr\/wp-json\/wp\/v2\/product_tag?post=2213"}],"curies":[{"name":"wp","href":"https:\/\/api.w.org\/{rel}","templated":true}]}}