{"id":5810,"date":"2026-03-20T10:40:56","date_gmt":"2026-03-20T02:40:56","guid":{"rendered":"https:\/\/rmvapebang.com\/?post_type=product&#038;p=5810"},"modified":"2026-03-19T16:18:23","modified_gmt":"2026-03-19T08:18:23","slug":"bnag-king-200k-disposable-vape-8-in-1-rechargeable-bulk-wholesale","status":"publish","type":"product","link":"https:\/\/rmvapebang.com\/fr\/product\/bnag-king-200k-disposable-vape-8-in-1-rechargeable-bulk-wholesale\/","title":{"rendered":"BNAG KING 200K Vape Jetable 8 en 1 Rechargeable Vente en Gros en France"},"content":{"rendered":"<h2 style=\"text-align: left\">BNAG KING 200K Vape Jetable 8 en 1 Rechargeable Vente en Gros en France<\/h2>\n<p>BNAG KING 200K Cigarette \u00e9lectronique jetable 8 en 1 Rechargeable en gros pour le march\u00e9 europ\u00e9en \u00e0 forte demande, combinant une performance ultra-longue avec un contr\u00f4le de saveur flexible.<\/p>\n<p>Cette cigarette \u00e9lectronique jetable 8 en 1 avec jusqu'\u00e0 200000 bouff\u00e9es, permet aux utilisateurs de passer entre plusieurs saveurs en un seul appareil, offrant une exp\u00e9rience de vapotage multi-saveurs unique. <a href=\"https:\/\/rmvapebang.com\/fr\/product-category\/bang-vapes\/\"><strong><em>Vape de BNAG KING<\/em><\/strong> <\/a>aliment\u00e9e par une batterie rechargeable de 650mAh avec charge Type-C et \u00e9quip\u00e9e d'une<a href=\"https:\/\/rmvapebang.com\/fr\/product-category\/smart-display\/\"> <strong><em>affichage LED<\/em><\/strong><\/a>, <a href=\"https:\/\/rmvapebang.com\/fr\/product-category\/vape-200000-puffs\/\"><strong><em>200k bouff\u00e9es vape<\/em> <\/strong><\/a>assure des performances constantes et une commodit\u00e9 optimale.<\/p>\n<p><a href=\"https:\/\/rmvapebang.com\/fr\/product-category\/vape-200000-puffs\/\"><em><strong>Cigarette \u00e9lectronique jetable 200000 bouff\u00e9es<\/strong> <\/em><\/a>con\u00e7ue pour les acheteurs en gros, cette cigarette jetable \u00e0 forte puff offre des avantages de prix importants, une fourniture stable et une livraison rapide en entrep\u00f4t en Europe.<\/p>\n<figure id=\"attachment_5817\" aria-describedby=\"caption-attachment-5817\" style=\"width: 800px\" class=\"wp-caption alignnone\"><img loading=\"lazy\" decoding=\"async\" class=\"wp-image-5817 size-full\" src=\"http:\/\/rmvapebang.com\/wp-content\/uploads\/2026\/03\/BNAG-KING-200K-Flavor-Selection-Overview.webp\" alt=\"Vape jetable multi-saveurs, saveurs fruits, bonbons, glace, 200k bouff\u00e9es\" width=\"800\" height=\"653\" srcset=\"https:\/\/rmvapebang.com\/wp-content\/uploads\/2026\/03\/BNAG-KING-200K-Flavor-Selection-Overview.webp 800w, https:\/\/rmvapebang.com\/wp-content\/uploads\/2026\/03\/BNAG-KING-200K-Flavor-Selection-Overview-300x245.webp 300w, https:\/\/rmvapebang.com\/wp-content\/uploads\/2026\/03\/BNAG-KING-200K-Flavor-Selection-Overview-768x627.webp 768w, https:\/\/rmvapebang.com\/wp-content\/uploads\/2026\/03\/BNAG-KING-200K-Flavor-Selection-Overview-15x12.webp 15w, https:\/\/rmvapebang.com\/wp-content\/uploads\/2026\/03\/BNAG-KING-200K-Flavor-Selection-Overview-600x490.webp 600w\" sizes=\"auto, (max-width: 800px) 100vw, 800px\" \/><figcaption id=\"caption-attachment-5817\" class=\"wp-caption-text\">Large gamme de saveurs de fruits, bonbons et glaces dans le syst\u00e8me de vape 8 en 1<\/figcaption><\/figure>\n<h3><strong>Liste de saveurs pour Bangking 200k Puff\u00a0<\/strong><\/h3>\n<p>1. Blue Razz Ice \/ P\u00eache Ice \/ Raisin Ice \/ Mangue Ice<br \/>\n2. P\u00eache Mangue Past\u00e8que \/ Red Bull \/ Fraise Red Bull \/ Fraise Kiwi<br \/>\n3. Fraise Mangue \/ Glace \u00e0 la Fraise \/ Banane Ice \/ Fraise Litchi<br \/>\n4. Double Pomme \/ Mangue P\u00eache \/ Fraise Past\u00e8que \/ Fraise Vanille Coca<br \/>\n5. Dragon Noir Ice \/ Love 66 \/ M. Blue \/ Limonade Fraise<br \/>\n6. Kiwi Fruit de la Passion Goyave \/ Gummy Bear \/ Bonbon Arc-en-ciel \/ Barbe \u00e0 papa<br \/>\n7. Past\u00e8que Ice \/ Citron &amp; Menthe \/ Fraise Ice \/ Cerise Blue Razz<br \/>\n8. Triple Baies \/ Fruit Tropical \/ Fraise Banane \/ Limonade Rose<br \/>\n9. Melon Triple \/ Glace Myrtille \/ Bombe Cerise \/ Ananas Noix de Coco<br \/>\n10. Bubblegum Past\u00e8que \/ Myrtilles Framboises \/ Framboise Past\u00e8que \/ Past\u00e8que Myrtille<br \/>\n11. Menthe Fra\u00eeche \/ P\u00eache Cerise \/ P\u00eache Baie Citron \/ Kiwi Past\u00e8que Glace<br \/>\n12. Citron &amp; Lime P\u00e9tillant \/ Mojito Pomme \/ Ananas Glace \/ Cola Glace<\/p>\n<h2>Fonctionnalit\u00e9s pour vapoteuse jetable 200k bouff\u00e9es<\/h2>\n<ul>\n<li>\ud83d\udd25 200K Bouff\u00e9es Ultra Haute : Performance longue dur\u00e9e con\u00e7ue pour les utilisateurs intensifs et les march\u00e9s \u00e0 forte demande.<\/li>\n<li>\ud83c\udf9b\ufe0f Changement de Saveur 8 en 1 : Plusieurs saveurs dans un seul appareil pour une exp\u00e9rience de vapotage plus flexible.<\/li>\n<li>\ud83d\udd0b Rechargeable + \u00c9cran LED : Charge Type-C avec indication claire de la batterie et de l'utilisation.<\/li>\n<li>\u2699\ufe0f Quatre Bobines pour une Sortie Douce : Production de vapeur stable avec une saveur riche et constante.<\/li>\n<li>\ud83d\ude9a Stock disponible en Europe : Livraison rapide avec approvisionnement fiable depuis l'entrep\u00f4t local.<\/li>\n<\/ul>\n<h3>Pourquoi choisir BNAG KING 200K<\/h3>\n<ul>\n<li data-start=\"2486\" data-end=\"2622\">Avantage de prix de gros fort : Approvisionnement en gros direct avec des prix comp\u00e9titifs, id\u00e9al pour les distributeurs et les acheteurs en gros.<\/li>\n<li data-start=\"2624\" data-end=\"2745\">Tendance du march\u00e9 \u00e0 forte demande de 200K bouff\u00e9es : Les dispositifs jetables ultra haute bouff\u00e9e dominent rapidement le march\u00e9 europ\u00e9en.<\/li>\n<li data-start=\"2747\" data-end=\"2871\">Innovation Multi Saveur (8 en 1) : Plus attrayant que les appareils \u00e0 saveur unique standard, augmentant le taux de vente.<\/li>\n<li data-start=\"2873\" data-end=\"2978\">Approvisionnement stable depuis l'entrep\u00f4t europ\u00e9en : Stock local r\u00e9duit le d\u00e9lai de livraison et am\u00e9liore la satisfaction client.<\/li>\n<li data-start=\"2980\" data-end=\"3096\">Potentiel \u00e9lev\u00e9 de r\u00e9achat : Combinaisons de saveurs vari\u00e9es + utilisation longue dur\u00e9e = fid\u00e9lisation client renforc\u00e9e.<\/li>\n<\/ul>\n<h3>FAQ pour BNAG KING 200K Vape Jetable 8-en-1<\/h3>\n<p><strong>Q1. Qu'est-ce que la vape jetable BNAG KING 200K 8-en-1 ?<\/strong><br \/>\nR1 : BNAG KING 200K est une vape jetable \u00e0 haute bouff\u00e9e avec jusqu'\u00e0 200000 bouff\u00e9es et un syst\u00e8me de changement de saveur 8 en 1.<\/p>\n<p><strong>Q2. Le BNAG KING 200K rechargeable est-il ?<\/strong><br \/>\nA2 : Oui. 200 000 bouff\u00e9es de vapotage sont \u00e9quip\u00e9es d'une batterie rechargeable int\u00e9gr\u00e9e de 650mAh et d'un port de charge Type-C pour une recharge rapide et pratique.<\/p>\n<p><strong>Q3. Le puff 200k smart LED dispose-t-il d'un \u00e9cran d'affichage ?<\/strong><br \/>\nA3 : Oui. L'appareil est \u00e9quip\u00e9 d'un \u00e9cran LED qui affiche le statut de la batterie et les informations d'utilisation pour un meilleur contr\u00f4le et une commodit\u00e9 accrue.<\/p>\n<p><strong>Q4. \u00c0 qui ce produit de vente en gros de 200 000 bouff\u00e9es est-il adapt\u00e9 ?<\/strong><br \/>\nA4 : Le Bang king 200k est id\u00e9al pour les grossistes, distributeurs et d\u00e9taillants de vapotage \u00e0 la recherche de produits jetables \u00e0 haute capacit\u00e9 de bouff\u00e9es, avec un fort potentiel de rotation sur le march\u00e9.<\/p>\n<p><strong>Contactez Lyn pour plus de vid\u00e9os de produits\u00a0!<\/strong><\/p>\n<p><a href=\"https:\/\/wa.me\/8617840853976\"><span style=\"color: #ff6600\"><strong><em>Whatsapp : +86 17840853976<\/em><\/strong><\/span><\/a><\/p>\n<p><img loading=\"lazy\" decoding=\"async\" class=\"alignnone size-medium wp-image-1905\" src=\"http:\/\/rmvapebang.com\/wp-content\/uploads\/2024\/03\/whatsapp-vape-2-202x300.jpg\" alt=\"\" width=\"202\" height=\"300\" \/><\/p>\n<p>Trouvez plus de produits que vous pourriez aimer\u00a0:<a href=\"https:\/\/rmvapebang.com\/fr\/shop-page\/\"><strong><em>Achetez maintenant<\/em><\/strong><\/a><\/p>\n<p>autres bouff\u00e9es que vous pourriez aimer\u00a0:<\/p>\n<p><em><a href=\"https:\/\/rmvapebang.com\/fr\/product\/wasbar-60k-rechargeable-disposable-vape-wholesale\/\"><span class=\"BZ_Pyq_fadeIn\">WASBAR\u00a0<\/span><span class=\"BZ_Pyq_fadeIn\">60K bouff\u00e9es <\/span><span class=\"BZ_Pyq_fadeIn\">Jetable\u00a0<\/span><span class=\"BZ_Pyq_fadeIn\">Vape avec \u00e9cran intelligent, vente chaude dans l'entrep\u00f4t europ\u00e9en<\/span><\/a><\/em><\/p>\n<p><em><a href=\"https:\/\/rmvapebang.com\/fr\/product\/vapen-titan-10k-puffs-disposable-vape-wholesale\/\">Vape jetable de 10 000 bouff\u00e9es, design tornado, facile \u00e0 transporter pour la vie quotidienne<\/a><\/em><\/p>\n<p><em><a href=\"https:\/\/rmvapebang.com\/fr\/product\/bang-leader-350000-puffs-multi-flavor-rechargeable-disposable-vape-8-in-1-high-puff-vape\/\">Bang Leader 350000 bouff\u00e9es, 8 saveurs en promotion \u00e0 prix r\u00e9duit<\/a><\/em><\/p>","protected":false},"excerpt":{"rendered":"<p><span style=\"color: #ff0000\"><strong>REMARQUE :<\/strong><em>Les prix sur le site n'incluent pas les frais de port. Veuillez nous envoyer votre code postal et votre adresse afin que nous puissions v\u00e9rifier les frais de livraison pour vous.<\/em><\/span><\/p>\n<p>High puff 200K cigarette \u00e9lectronique jetable avec syst\u00e8me de changement de saveur 8 en 1, offrant une exp\u00e9rience de vapotage douce et personnalisable. Con\u00e7ue pour le march\u00e9 de gros europ\u00e9en avec des performances stables, une puissance rechargeable et une livraison rapide en entrep\u00f4t.<\/p>\n<p><a href=\"https:\/\/wa.me\/8617840853976\"><strong><em>Whatsapp : +86 17840853976<\/em><\/strong><\/a><br \/>\n<img loading=\"lazy\" decoding=\"async\" class=\"alignnone size-medium wp-image-1905\" src=\"http:\/\/rmvapebang.com\/wp-content\/uploads\/2024\/03\/whatsapp-vape-2-202x300.jpg\" alt=\"\" width=\"202\" height=\"300\" \/><\/p>\n<p>Scannez sur WhatsApp pour un coupon Nouveau Client<\/p>","protected":false},"featured_media":5816,"comment_status":"open","ping_status":"closed","template":"","meta":{"_uag_custom_page_level_css":"","_lmt_disableupdate":"no","_lmt_disable":"","site-sidebar-layout":"no-sidebar","site-content-layout":"boxed-container","ast-site-content-layout":"normal-width-container","site-content-style":"boxed","site-sidebar-style":"boxed","ast-global-header-display":"","ast-banner-title-visibility":"","ast-main-header-display":"","ast-hfb-above-header-display":"","ast-hfb-below-header-display":"","ast-hfb-mobile-header-display":"","site-post-title":"","ast-breadcrumbs-content":"","ast-featured-img":"","footer-sml-layout":"","theme-transparent-header-meta":"default","adv-header-id-meta":"","stick-header-meta":"","header-above-stick-meta":"","header-main-stick-meta":"","header-below-stick-meta":"","astra-migrate-meta-layouts":"set","ast-page-background-enabled":"default","ast-page-background-meta":{"desktop":{"background-color":"","background-image":"","background-repeat":"repeat","background-position":"center center","background-size":"auto","background-attachment":"scroll","background-type":"","background-media":"","overlay-type":"","overlay-color":"","overlay-gradient":""},"tablet":{"background-color":"","background-image":"","background-repeat":"repeat","background-position":"center center","background-size":"auto","background-attachment":"scroll","background-type":"","background-media":"","overlay-type":"","overlay-color":"","overlay-gradient":""},"mobile":{"background-color":"","background-image":"","background-repeat":"repeat","background-position":"center center","background-size":"auto","background-attachment":"scroll","background-type":"","background-media":"","overlay-type":"","overlay-color":"","overlay-gradient":""}},"ast-content-background-meta":{"desktop":{"background-color":"var(--ast-global-color-5)","background-image":"","background-repeat":"repeat","background-position":"center center","background-size":"auto","background-attachment":"scroll","background-type":"","background-media":"","overlay-type":"","overlay-color":"","overlay-gradient":""},"tablet":{"background-color":"var(--ast-global-color-5)","background-image":"","background-repeat":"repeat","background-position":"center center","background-size":"auto","background-attachment":"scroll","background-type":"","background-media":"","overlay-type":"","overlay-color":"","overlay-gradient":""},"mobile":{"background-color":"var(--ast-global-color-5)","background-image":"","background-repeat":"repeat","background-position":"center center","background-size":"auto","background-attachment":"scroll","background-type":"","background-media":"","overlay-type":"","overlay-color":"","overlay-gradient":""}},"_joinchat":[]},"product_brand":[],"product_cat":[76,39,41,128,42,40,131,129,264,43],"product_tag":[265,266,50,67,61,58,98,53,52],"class_list":{"0":"post-5810","1":"product","2":"type-product","3":"status-publish","4":"has-post-thumbnail","6":"product_cat-bang-vapes","7":"product_cat-france-wholesale-vape","8":"product_cat-netherlands-wholesale-vape","9":"product_cat-smart-display","10":"product_cat-spain-wholesale-vape","11":"product_cat-germany-wholesale-vape","12":"product_cat-tornado-vape-wholesale-price-hot-sale","13":"product_cat-tornado-vapes","14":"product_cat-vape-200000-puffs","15":"product_cat-vape-shop","16":"product_tag-200000-puffs","17":"product_tag-200k-puffs","18":"product_tag-bulk-price-vape-shop","19":"product_tag-fast-price-sales","20":"product_tag-good-sales-vape","21":"product_tag-moq-50pcs","22":"product_tag-moq-is-50pcs","23":"product_tag-rechargeable-vape","24":"product_tag-vape-wholesasle-price","25":"desktop-align-left","26":"tablet-align-left","27":"mobile-align-left","29":"first","30":"instock","31":"sale","32":"shipping-taxable","33":"purchasable","34":"product-type-simple"},"yoast_head":"<!-- This site is optimized with the Yoast SEO plugin v23.0 - https:\/\/yoast.com\/wordpress\/plugins\/seo\/ -->\n<title>BNAG KING 200K Disposable Vape 8 in 1 Rechargeable Bulk Wholesale - rmvapebang.com<\/title>\n<meta name=\"description\" content=\"BNAG KING 200K 8 in 1 disposable vape with 200000 puffs, rechargeable battery, LED display, EU wholesale stock and multi flavor system.\" \/>\n<meta name=\"robots\" content=\"index, follow, max-snippet:-1, max-image-preview:large, max-video-preview:-1\" \/>\n<link rel=\"canonical\" href=\"https:\/\/rmvapebang.com\/fr\/product\/bnag-king-200k-disposable-vape-8-in-1-rechargeable-bulk-wholesale\/\" \/>\n<meta property=\"og:locale\" content=\"fr_FR\" \/>\n<meta property=\"og:type\" content=\"article\" \/>\n<meta property=\"og:title\" content=\"BNAG KING 200K Disposable Vape 8 in 1 Rechargeable Bulk Wholesale - rmvapebang.com\" \/>\n<meta property=\"og:description\" content=\"BNAG KING 200K 8 in 1 disposable vape with 200000 puffs, rechargeable battery, LED display, EU wholesale stock and multi flavor system.\" \/>\n<meta property=\"og:url\" content=\"https:\/\/rmvapebang.com\/fr\/product\/bnag-king-200k-disposable-vape-8-in-1-rechargeable-bulk-wholesale\/\" \/>\n<meta property=\"og:site_name\" content=\"rmvapebang.com\" \/>\n<meta property=\"article:modified_time\" content=\"2026-03-19T08:18:23+00:00\" \/>\n<meta property=\"og:image\" content=\"https:\/\/rmvapebang.com\/wp-content\/uploads\/2026\/03\/BNAG-KING-200K-8-in-1-Disposable-Vape-Full-Device-View.webp\" \/>\n\t<meta property=\"og:image:width\" content=\"800\" \/>\n\t<meta property=\"og:image:height\" content=\"800\" \/>\n\t<meta property=\"og:image:type\" content=\"image\/webp\" \/>\n<meta name=\"twitter:card\" content=\"summary_large_image\" \/>\n<meta name=\"twitter:label1\" content=\"Dur\u00e9e de lecture estim\u00e9e\" \/>\n\t<meta name=\"twitter:data1\" content=\"4 minutes\" \/>\n<script type=\"application\/ld+json\" class=\"yoast-schema-graph\">{\"@context\":\"https:\/\/schema.org\",\"@graph\":[{\"@type\":\"WebPage\",\"@id\":\"https:\/\/rmvapebang.com\/product\/bnag-king-200k-disposable-vape-8-in-1-rechargeable-bulk-wholesale\/\",\"url\":\"https:\/\/rmvapebang.com\/product\/bnag-king-200k-disposable-vape-8-in-1-rechargeable-bulk-wholesale\/\",\"name\":\"BNAG KING 200K Disposable Vape 8 in 1 Rechargeable Bulk Wholesale - rmvapebang.com\",\"isPartOf\":{\"@id\":\"https:\/\/rmvapebang.com\/#website\"},\"primaryImageOfPage\":{\"@id\":\"https:\/\/rmvapebang.com\/product\/bnag-king-200k-disposable-vape-8-in-1-rechargeable-bulk-wholesale\/#primaryimage\"},\"image\":{\"@id\":\"https:\/\/rmvapebang.com\/product\/bnag-king-200k-disposable-vape-8-in-1-rechargeable-bulk-wholesale\/#primaryimage\"},\"thumbnailUrl\":\"https:\/\/rmvapebang.com\/wp-content\/uploads\/2026\/03\/BNAG-KING-200K-8-in-1-Disposable-Vape-Full-Device-View.webp\",\"datePublished\":\"2026-03-20T02:40:56+00:00\",\"dateModified\":\"2026-03-19T08:18:23+00:00\",\"description\":\"BNAG KING 200K 8 in 1 disposable vape with 200000 puffs, rechargeable battery, LED display, EU wholesale stock and multi flavor system.\",\"breadcrumb\":{\"@id\":\"https:\/\/rmvapebang.com\/product\/bnag-king-200k-disposable-vape-8-in-1-rechargeable-bulk-wholesale\/#breadcrumb\"},\"inLanguage\":\"fr-FR\",\"potentialAction\":[{\"@type\":\"ReadAction\",\"target\":[\"https:\/\/rmvapebang.com\/product\/bnag-king-200k-disposable-vape-8-in-1-rechargeable-bulk-wholesale\/\"]}]},{\"@type\":\"ImageObject\",\"inLanguage\":\"fr-FR\",\"@id\":\"https:\/\/rmvapebang.com\/product\/bnag-king-200k-disposable-vape-8-in-1-rechargeable-bulk-wholesale\/#primaryimage\",\"url\":\"https:\/\/rmvapebang.com\/wp-content\/uploads\/2026\/03\/BNAG-KING-200K-8-in-1-Disposable-Vape-Full-Device-View.webp\",\"contentUrl\":\"https:\/\/rmvapebang.com\/wp-content\/uploads\/2026\/03\/BNAG-KING-200K-8-in-1-Disposable-Vape-Full-Device-View.webp\",\"width\":800,\"height\":800,\"caption\":\"High puff 200000 disposable vape with 8 in 1 flavor switching system\"},{\"@type\":\"BreadcrumbList\",\"@id\":\"https:\/\/rmvapebang.com\/product\/bnag-king-200k-disposable-vape-8-in-1-rechargeable-bulk-wholesale\/#breadcrumb\",\"itemListElement\":[{\"@type\":\"ListItem\",\"position\":1,\"name\":\"Home\",\"item\":\"https:\/\/rmvapebang.com\/\"},{\"@type\":\"ListItem\",\"position\":2,\"name\":\"Hot Vape Shop\",\"item\":\"https:\/\/rmvapebang.com\/shop-page\/\"},{\"@type\":\"ListItem\",\"position\":3,\"name\":\"BNAG KING 200K Disposable Vape 8 in 1 Rechargeable Bulk Wholesale\"}]},{\"@type\":\"WebSite\",\"@id\":\"https:\/\/rmvapebang.com\/#website\",\"url\":\"https:\/\/rmvapebang.com\/\",\"name\":\"rmvapebang.com\",\"description\":\"buy vape cheap\",\"publisher\":{\"@id\":\"https:\/\/rmvapebang.com\/#organization\"},\"potentialAction\":[{\"@type\":\"SearchAction\",\"target\":{\"@type\":\"EntryPoint\",\"urlTemplate\":\"https:\/\/rmvapebang.com\/?s={search_term_string}\"},\"query-input\":\"required name=search_term_string\"}],\"inLanguage\":\"fr-FR\"},{\"@type\":\"Organization\",\"@id\":\"https:\/\/rmvapebang.com\/#organization\",\"name\":\"rmvapebang.com\",\"url\":\"https:\/\/rmvapebang.com\/\",\"logo\":{\"@type\":\"ImageObject\",\"inLanguage\":\"fr-FR\",\"@id\":\"https:\/\/rmvapebang.com\/#\/schema\/logo\/image\/\",\"url\":\"https:\/\/rmvapebang.com\/wp-content\/uploads\/2024\/03\/cropped-RVBlogo.png\",\"contentUrl\":\"https:\/\/rmvapebang.com\/wp-content\/uploads\/2024\/03\/cropped-RVBlogo.png\",\"width\":507,\"height\":169,\"caption\":\"rmvapebang.com\"},\"image\":{\"@id\":\"https:\/\/rmvapebang.com\/#\/schema\/logo\/image\/\"}}]}<\/script>\n<!-- \/ Yoast SEO plugin. -->","yoast_head_json":{"title":"BNAG KING 200K Disposable Vape 8 in 1 Rechargeable Bulk Wholesale - rmvapebang.com","description":"BNAG KING 200K 8 in 1 disposable vape with 200000 puffs, rechargeable battery, LED display, EU wholesale stock and multi flavor system.","robots":{"index":"index","follow":"follow","max-snippet":"max-snippet:-1","max-image-preview":"max-image-preview:large","max-video-preview":"max-video-preview:-1"},"canonical":"https:\/\/rmvapebang.com\/fr\/product\/bnag-king-200k-disposable-vape-8-in-1-rechargeable-bulk-wholesale\/","og_locale":"fr_FR","og_type":"article","og_title":"BNAG KING 200K Disposable Vape 8 in 1 Rechargeable Bulk Wholesale - rmvapebang.com","og_description":"BNAG KING 200K 8 in 1 disposable vape with 200000 puffs, rechargeable battery, LED display, EU wholesale stock and multi flavor system.","og_url":"https:\/\/rmvapebang.com\/fr\/product\/bnag-king-200k-disposable-vape-8-in-1-rechargeable-bulk-wholesale\/","og_site_name":"rmvapebang.com","article_modified_time":"2026-03-19T08:18:23+00:00","og_image":[{"width":800,"height":800,"url":"https:\/\/rmvapebang.com\/wp-content\/uploads\/2026\/03\/BNAG-KING-200K-8-in-1-Disposable-Vape-Full-Device-View.webp","type":"image\/webp"}],"twitter_card":"summary_large_image","twitter_misc":{"Dur\u00e9e de lecture estim\u00e9e":"4 minutes"},"schema":{"@context":"https:\/\/schema.org","@graph":[{"@type":"WebPage","@id":"https:\/\/rmvapebang.com\/product\/bnag-king-200k-disposable-vape-8-in-1-rechargeable-bulk-wholesale\/","url":"https:\/\/rmvapebang.com\/product\/bnag-king-200k-disposable-vape-8-in-1-rechargeable-bulk-wholesale\/","name":"BNAG KING 200K Disposable Vape 8 in 1 Rechargeable Bulk Wholesale - rmvapebang.com","isPartOf":{"@id":"https:\/\/rmvapebang.com\/#website"},"primaryImageOfPage":{"@id":"https:\/\/rmvapebang.com\/product\/bnag-king-200k-disposable-vape-8-in-1-rechargeable-bulk-wholesale\/#primaryimage"},"image":{"@id":"https:\/\/rmvapebang.com\/product\/bnag-king-200k-disposable-vape-8-in-1-rechargeable-bulk-wholesale\/#primaryimage"},"thumbnailUrl":"https:\/\/rmvapebang.com\/wp-content\/uploads\/2026\/03\/BNAG-KING-200K-8-in-1-Disposable-Vape-Full-Device-View.webp","datePublished":"2026-03-20T02:40:56+00:00","dateModified":"2026-03-19T08:18:23+00:00","description":"BNAG KING 200K 8 in 1 disposable vape with 200000 puffs, rechargeable battery, LED display, EU wholesale stock and multi flavor system.","breadcrumb":{"@id":"https:\/\/rmvapebang.com\/product\/bnag-king-200k-disposable-vape-8-in-1-rechargeable-bulk-wholesale\/#breadcrumb"},"inLanguage":"fr-FR","potentialAction":[{"@type":"ReadAction","target":["https:\/\/rmvapebang.com\/product\/bnag-king-200k-disposable-vape-8-in-1-rechargeable-bulk-wholesale\/"]}]},{"@type":"ImageObject","inLanguage":"fr-FR","@id":"https:\/\/rmvapebang.com\/product\/bnag-king-200k-disposable-vape-8-in-1-rechargeable-bulk-wholesale\/#primaryimage","url":"https:\/\/rmvapebang.com\/wp-content\/uploads\/2026\/03\/BNAG-KING-200K-8-in-1-Disposable-Vape-Full-Device-View.webp","contentUrl":"https:\/\/rmvapebang.com\/wp-content\/uploads\/2026\/03\/BNAG-KING-200K-8-in-1-Disposable-Vape-Full-Device-View.webp","width":800,"height":800,"caption":"High puff 200000 disposable vape with 8 in 1 flavor switching system"},{"@type":"BreadcrumbList","@id":"https:\/\/rmvapebang.com\/product\/bnag-king-200k-disposable-vape-8-in-1-rechargeable-bulk-wholesale\/#breadcrumb","itemListElement":[{"@type":"ListItem","position":1,"name":"Home","item":"https:\/\/rmvapebang.com\/"},{"@type":"ListItem","position":2,"name":"Hot Vape Shop","item":"https:\/\/rmvapebang.com\/shop-page\/"},{"@type":"ListItem","position":3,"name":"BNAG KING 200K Disposable Vape 8 in 1 Rechargeable Bulk Wholesale"}]},{"@type":"WebSite","@id":"https:\/\/rmvapebang.com\/#website","url":"https:\/\/rmvapebang.com\/","name":"rmvapebang.com","description":"buy vape cheap","publisher":{"@id":"https:\/\/rmvapebang.com\/#organization"},"potentialAction":[{"@type":"SearchAction","target":{"@type":"EntryPoint","urlTemplate":"https:\/\/rmvapebang.com\/?s={search_term_string}"},"query-input":"required name=search_term_string"}],"inLanguage":"fr-FR"},{"@type":"Organization","@id":"https:\/\/rmvapebang.com\/#organization","name":"rmvapebang.com","url":"https:\/\/rmvapebang.com\/","logo":{"@type":"ImageObject","inLanguage":"fr-FR","@id":"https:\/\/rmvapebang.com\/#\/schema\/logo\/image\/","url":"https:\/\/rmvapebang.com\/wp-content\/uploads\/2024\/03\/cropped-RVBlogo.png","contentUrl":"https:\/\/rmvapebang.com\/wp-content\/uploads\/2024\/03\/cropped-RVBlogo.png","width":507,"height":169,"caption":"rmvapebang.com"},"image":{"@id":"https:\/\/rmvapebang.com\/#\/schema\/logo\/image\/"}}]}},"uagb_featured_image_src":{"full":["https:\/\/rmvapebang.com\/wp-content\/uploads\/2026\/03\/BNAG-KING-200K-8-in-1-Disposable-Vape-Full-Device-View.webp",800,800,false],"thumbnail":["https:\/\/rmvapebang.com\/wp-content\/uploads\/2026\/03\/BNAG-KING-200K-8-in-1-Disposable-Vape-Full-Device-View-150x150.webp",150,150,true],"medium":["https:\/\/rmvapebang.com\/wp-content\/uploads\/2026\/03\/BNAG-KING-200K-8-in-1-Disposable-Vape-Full-Device-View-300x300.webp",300,300,true],"medium_large":["https:\/\/rmvapebang.com\/wp-content\/uploads\/2026\/03\/BNAG-KING-200K-8-in-1-Disposable-Vape-Full-Device-View-768x768.webp",768,768,true],"large":["https:\/\/rmvapebang.com\/wp-content\/uploads\/2026\/03\/BNAG-KING-200K-8-in-1-Disposable-Vape-Full-Device-View.webp",800,800,false],"1536x1536":["https:\/\/rmvapebang.com\/wp-content\/uploads\/2026\/03\/BNAG-KING-200K-8-in-1-Disposable-Vape-Full-Device-View.webp",800,800,false],"2048x2048":["https:\/\/rmvapebang.com\/wp-content\/uploads\/2026\/03\/BNAG-KING-200K-8-in-1-Disposable-Vape-Full-Device-View.webp",800,800,false],"trp-custom-language-flag":["https:\/\/rmvapebang.com\/wp-content\/uploads\/2026\/03\/BNAG-KING-200K-8-in-1-Disposable-Vape-Full-Device-View-12x12.webp",12,12,true],"woocommerce_thumbnail":["https:\/\/rmvapebang.com\/wp-content\/uploads\/2026\/03\/BNAG-KING-200K-8-in-1-Disposable-Vape-Full-Device-View-300x300.webp",300,300,true],"woocommerce_single":["https:\/\/rmvapebang.com\/wp-content\/uploads\/2026\/03\/BNAG-KING-200K-8-in-1-Disposable-Vape-Full-Device-View-600x600.webp",600,600,true],"woocommerce_gallery_thumbnail":["https:\/\/rmvapebang.com\/wp-content\/uploads\/2026\/03\/BNAG-KING-200K-8-in-1-Disposable-Vape-Full-Device-View-100x100.webp",100,100,true],"wcpr-photo-reviews":["https:\/\/rmvapebang.com\/wp-content\/uploads\/2026\/03\/BNAG-KING-200K-8-in-1-Disposable-Vape-Full-Device-View.webp",500,500,false]},"uagb_author_info":{"display_name":"Lyn","author_link":"https:\/\/rmvapebang.com\/fr\/author\/"},"uagb_comment_info":0,"uagb_excerpt":"NOTE\uff1aPrices on the website don\u2019t include shipping fee. Please send your zip code and address that we can check shipping costs for you. High puff 200K disposable vape with 8 in 1 flavor switching system, delivering a smooth and customizable vaping experience. Designed for EU wholesale market with stable performance, rechargeable power, and fast warehouse\u2026","_links":{"self":[{"href":"https:\/\/rmvapebang.com\/fr\/wp-json\/wp\/v2\/product\/5810","targetHints":{"allow":["GET"]}}],"collection":[{"href":"https:\/\/rmvapebang.com\/fr\/wp-json\/wp\/v2\/product"}],"about":[{"href":"https:\/\/rmvapebang.com\/fr\/wp-json\/wp\/v2\/types\/product"}],"replies":[{"embeddable":true,"href":"https:\/\/rmvapebang.com\/fr\/wp-json\/wp\/v2\/comments?post=5810"}],"wp:featuredmedia":[{"embeddable":true,"href":"https:\/\/rmvapebang.com\/fr\/wp-json\/wp\/v2\/media\/5816"}],"wp:attachment":[{"href":"https:\/\/rmvapebang.com\/fr\/wp-json\/wp\/v2\/media?parent=5810"}],"wp:term":[{"taxonomy":"product_brand","embeddable":true,"href":"https:\/\/rmvapebang.com\/fr\/wp-json\/wp\/v2\/product_brand?post=5810"},{"taxonomy":"product_cat","embeddable":true,"href":"https:\/\/rmvapebang.com\/fr\/wp-json\/wp\/v2\/product_cat?post=5810"},{"taxonomy":"product_tag","embeddable":true,"href":"https:\/\/rmvapebang.com\/fr\/wp-json\/wp\/v2\/product_tag?post=5810"}],"curies":[{"name":"wp","href":"https:\/\/api.w.org\/{rel}","templated":true}]}}