{"id":3637,"date":"2025-02-15T13:35:44","date_gmt":"2025-02-15T05:35:44","guid":{"rendered":"https:\/\/rmvapebang.com\/?post_type=product&#038;p=3637"},"modified":"2025-09-03T17:08:33","modified_gmt":"2025-09-03T09:08:33","slug":"jnr-alien-10000-puffs-low-price-hot-sale-rgb-vape","status":"publish","type":"product","link":"https:\/\/rmvapebang.com\/fr\/product\/jnr-alien-10000-puffs-low-price-hot-sale-rgb-vape\/","title":{"rendered":"JNR Alien 10000 Puffs Bas Prix Vente Chaude Vape RVB"},"content":{"rendered":"<h2>JNR Alien 10000 Puffs Bas Prix Vente Chaude Vape RVB<\/h2>\n<p>Le JNR Alien 10000 Puffs \u00e0 bas prix, une offre tr\u00e8s pris\u00e9e, est l\u00e0 pour \u00e9lectrifier votre exp\u00e9rience de vapotage avec son design audacieux, ses fonctionnalit\u00e9s de pointe et son prix imbattable.<\/p>\n<p>Le JNR Alien 10000 Puffs est con\u00e7u pour les vapoteurs qui recherchent style et substance. Il combine une capacit\u00e9 massive de e-liquide de 20ml avec une batterie de 800mAh, assurant une performance longue dur\u00e9e jusqu'\u00e0 10 000 bouff\u00e9es douces et satisfaisantes. Choisissez parmi 44 saveurs incroyables pour tous les palais.<\/p>\n<p>10000 bouff\u00e9es de <a href=\"https:\/\/rmvapebang.com\/fr\/product-category\/bulk-sale-jnr-vapes-europe\/\"><strong>cigarette \u00e9lectronique JNR<\/strong><\/a> avec 2% et 5% de nicotine, le JNR Alien 10000 Puffs jetable s'adresse aussi bien aux utilisateurs occasionnels qu'\u00e0 ceux qui recherchent un impact plus fort. Mais ce qui distingue vraiment le JNR Alien, c'est son syst\u00e8me de lumi\u00e8re RGB. <strong><a href=\"https:\/\/rmvapebang.com\/fr\/product-category\/vape-10000-puffs\/\">vapotage jetable de JNR 10000 Puffs<\/a><\/strong> L'appareil pulse \u00e0 chaque bouff\u00e9e, ajoutant une touche futuriste \u00e0 vos sessions de vapotage.<\/p>\n<p>Parfait pour les f\u00eates, les sessions nocturnes ou l'utilisation quotidienne, ce vapotage jetable de JNR 10000 Puffs est l\u00e9ger, portable et dot\u00e9 de fonctionnalit\u00e9s haut de gamme. Ne manquez pas cette offre \u00e0 bas prix, achetez le v\u00f4tre d\u00e8s aujourd'hui et rejoignez la r\u00e9volution du vapotage RGB !<\/p>\n<p><img loading=\"lazy\" decoding=\"async\" class=\"alignnone wp-image-3630 size-full\" src=\"http:\/\/rmvapebang.com\/wp-content\/uploads\/2025\/02\/JNR-ALIEN-VAPE-10000-PUFFS-GOOD-PRICE.webp\" alt=\"VAPE JNR ALIEN 10000 BOUFF\u00c9ES BON PRIX\" width=\"800\" height=\"451\" srcset=\"https:\/\/rmvapebang.com\/wp-content\/uploads\/2025\/02\/JNR-ALIEN-VAPE-10000-PUFFS-GOOD-PRICE.webp 800w, https:\/\/rmvapebang.com\/wp-content\/uploads\/2025\/02\/JNR-ALIEN-VAPE-10000-PUFFS-GOOD-PRICE-300x169.webp 300w, https:\/\/rmvapebang.com\/wp-content\/uploads\/2025\/02\/JNR-ALIEN-VAPE-10000-PUFFS-GOOD-PRICE-768x433.webp 768w, https:\/\/rmvapebang.com\/wp-content\/uploads\/2025\/02\/JNR-ALIEN-VAPE-10000-PUFFS-GOOD-PRICE-600x338.webp 600w\" sizes=\"auto, (max-width: 800px) 100vw, 800px\" \/><\/p>\n<h3><strong>Saveurs pour le JNR Alien 10000 Puffs ?<\/strong><\/h3>\n<p>1.Glace au fruit du dragon noir<br \/>\n2.Cerise framboise bleue<br \/>\n3.Glace \u00e0 la framboise bleue<br \/>\n4.Bubble Gum \u00e0 la myrtille<br \/>\n5.Myrtille cerise canneberge<br \/>\n6.Myrtille sur glace<br \/>\n7.Myrtille framboise sure<br \/>\n8.Cola cerise p\u00e9tillant<br \/>\n9.Glace au raisin<br \/>\n10.Glace \u00e0 la goyave<br \/>\n11.Kiwi fruit de la passion goyave<br \/>\n12.Fraise kiwi<br \/>\n13.Citron<br \/>\n14.Baies m\u00e9lang\u00e9es<br \/>\nMonsieur Bleu<br \/>\n16.Fruit de la passion<br \/>\n17.P\u00eache et baies<br \/>\n18.Bonbon p\u00eache et myrtille<br \/>\n19.P\u00eache glac\u00e9e<br \/>\n20.P\u00eache, mangue et ananas<br \/>\n21.Pomme acidul\u00e9e<br \/>\n22.Fraise et banane<br \/>\n23.Fraise glac\u00e9e<br \/>\n24.Glace \u00e0 la fraise, framboise et cerise<br \/>\n25.Glace \u00e0 la fraise et \u00e0 la past\u00e8que<br \/>\n26.Limonade \u00e0 la fraise et \u00e0 la past\u00e8que<br \/>\n27.Chewing-gum \u00e0 la past\u00e8que<br \/>\n28.Past\u00e8que glac\u00e9e<br \/>\n29.Banane glac\u00e9e<br \/>\n30.Myrtille et kiwi<br \/>\n31.Baies et cerise<br \/>\n32.Cola glac\u00e9<br \/>\n33.Menthe Fra\u00eeche<br \/>\n34.Pomme Double<br \/>\n35.Ours Gommeux<br \/>\n36.Glace Luxuriante<br \/>\n37.Past\u00e8que Framboise<br \/>\n38.Bonbon Glac\u00e9 \u00e0 la Fraise<br \/>\n39.Fraise Pinacolada<br \/>\n40.Fraise Grenade<br \/>\n41.Fraise Framboise Glac\u00e9e<br \/>\n42.Punch Tropical<br \/>\n43.Past\u00e8que Brazz Glac\u00e9e<br \/>\n44.Past\u00e8que Litchi<\/p>\n<h2>Sp\u00e9cifications pour <strong>Tornado JNR 10000 <\/strong>Bouff\u00e9es\u00a0:<\/h2>\n<p>\u2013 <span style=\"color: #ff0000\"><em><strong>10k<\/strong><\/em><\/span> Bouff\u00e9es<br \/>\n\u2013 <span style=\"color: #ff0000\"><em><strong>44<\/strong> <\/em><\/span>Saveurs<br \/>\n\u2013 <span style=\"color: #ff0000\"><strong><em>2%\/5%<\/em><\/strong><\/span> Teneur en nicotine<br \/>\n\u2013 <span style=\"color: #ff0000\"><strong><em>20 mL<\/em><\/strong><\/span> de la capacit\u00e9 d'e-liquide<br \/>\n\u2013 Capacit\u00e9 de la batterie <span style=\"color: #ff0000\"><em><strong>850 mAh<\/strong><\/em><\/span><\/p>\n<h3>FAQ\u00a0:<\/h3>\n<p>Q: Quel est le MOQ de la Vape \u00e9lectronique jetable JNR Alien 10k ?<\/p>\n<p>R: La quantit\u00e9 minimale de commande (MOQ) pour la vape JNR 10k puffs est de 50 pi\u00e8ces.<\/p>\n<p>Q: Les vapes jetables Alien JNR 10k puffs sont-elles s\u00fbres ?<\/p>\n<p>R: Oui, la vape JNR Alien 10k est conforme \u00e0 toutes les normes de s\u00e9curit\u00e9, contient une petite quantit\u00e9 de nicotine et doit \u00eatre utilis\u00e9e avec mod\u00e9ration.<\/p>\n<p>Q: Combien de temps dois-je laisser ma cigarette \u00e9lectronique en charge ?<\/p>\n<p>R: G\u00e9n\u00e9ralement, 1 \u00e0 2 heures suffisent. Les vapes jetables comme la JNR 10000 puffs ont g\u00e9n\u00e9ralement besoin d'environ 1 \u00e0 2 heures pour se recharger. \u00c9vitez la surcharge et d\u00e9branchez lorsque le voyant lumineux change.<\/p>\n<p>Q: La vape jetable JNR 10k peut-elle \u00eatre exp\u00e9di\u00e9e dans mon pays ?<\/p>\n<p>R: Oui, nous pouvons exp\u00e9dier la vape Tornado JNR 10000 dans la plupart des pays europ\u00e9ens, y compris, mais sans s'y limiter, la France, les Pays-Bas, l'Allemagne, l'Espagne, l'Italie, la Belgique, le Luxembourg, l'Autriche, la R\u00e9publique tch\u00e8que, la Slovaquie, la Hongrie, la Slov\u00e9nie, la Roumanie, la Bulgarie, la Gr\u00e8ce, la Pologne, la Su\u00e8de, l'Irlande, le Portugal, la Finlande, l'Estonie, la Lettonie et la Lituanie. Si vous avez des questions sp\u00e9cifiques concernant l'exp\u00e9dition vers votre pays, n'h\u00e9sitez pas \u00e0 nous contacter pour obtenir de l'aide.<\/p>\n<p><strong>Contactez Lyn pour plus de vid\u00e9os de produits\u00a0!<\/strong><\/p>\n<p><a href=\"https:\/\/wa.me\/8617840853976\"><span style=\"color: #ff6600\"><strong><em>Whatsapp : +86 17840853976<\/em><\/strong><\/span><\/a><\/p>\n<p><img loading=\"lazy\" decoding=\"async\" class=\"alignnone size-medium wp-image-1905\" src=\"http:\/\/rmvapebang.com\/wp-content\/uploads\/2024\/03\/whatsapp-vape-2-202x300.jpg\" alt=\"\" width=\"202\" height=\"300\" \/><\/p>\n<p>Trouvez plus de produits que vous pourriez aimer\u00a0:<a href=\"https:\/\/rmvapebang.com\/fr\/shop-page\/\"><strong><em>Achetez maintenant<\/em><\/strong><\/a><\/p>\n<p>autres bouff\u00e9es que vous pourriez aimer\u00a0:<a href=\"https:\/\/rmvapebang.com\/fr\/product\/waspe-20000-puffs-wholesale-price-20k-vape\/\">Waspe 20k bouff\u00e9es\/<\/a><a href=\"https:\/\/rmvapebang.com\/fr\/product\/bang-vape-30000-pro-bulk-sale-dual-flavors-full-screen\/\">bang vape 30k doubles saveurs plein \u00e9cran<\/a>\/<a href=\"https:\/\/rmvapebang.com\/fr\/product\/bood-twins-46000-puff-discount-price-disposable-vape-hot-sale\/\">BOOD TWINS 46K PUFFS<\/a>\/<a href=\"https:\/\/rmvapebang.com\/fr\/product\/vopk-cool-bar-9000-puffs-wholesale-price-discount-sale\/\">vopk 9000 bouff\u00e9es<\/a>\/<a href=\"https:\/\/rmvapebang.com\/fr\/product\/uwin-crystal-10k-wholesale-vape-good-sale\/\">Uwin crystal 10000 bouff\u00e9es<\/a><\/p>","protected":false},"excerpt":{"rendered":"<p><span style=\"color: #ff0000\"><strong>REMARQUE<\/strong>:\u00a0<em>Les prix sur le site n'incluent pas les frais de port. Veuillez nous envoyer votre code postal et votre adresse afin que nous puissions v\u00e9rifier les frais de livraison pour vous.<\/em><\/span><\/p>\n<p>La vape JNR Alien 10000 Puffs offre 20 ml d'e-liquide, une batterie de 800 mAh, 44 saveurs, 2 %\/5 % de nicotine et des lumi\u00e8res RVB. Profitez d'une vape vibrante et longue dur\u00e9e \u00e0 un prix avantageux !<\/p>\n<p><a href=\"https:\/\/wa.me\/8617840853976\"><strong><em>Whatsapp : +86 17840853976<\/em><\/strong><\/a><\/p>\n<p>Scannez sur WhatsApp pour un coupon Nouveau Client<\/p>\n<p><img loading=\"lazy\" decoding=\"async\" class=\"alignnone size-medium wp-image-1905\" src=\"http:\/\/rmvapebang.com\/wp-content\/uploads\/2024\/03\/whatsapp-vape-2-202x300.jpg\" alt=\"\" width=\"202\" height=\"300\" \/><\/p>","protected":false},"featured_media":3633,"comment_status":"open","ping_status":"closed","template":"","meta":{"_uag_custom_page_level_css":"","_lmt_disableupdate":"no","_lmt_disable":"","site-sidebar-layout":"no-sidebar","site-content-layout":"boxed-container","ast-site-content-layout":"normal-width-container","site-content-style":"boxed","site-sidebar-style":"boxed","ast-global-header-display":"","ast-banner-title-visibility":"","ast-main-header-display":"","ast-hfb-above-header-display":"","ast-hfb-below-header-display":"","ast-hfb-mobile-header-display":"","site-post-title":"","ast-breadcrumbs-content":"","ast-featured-img":"","footer-sml-layout":"","theme-transparent-header-meta":"default","adv-header-id-meta":"","stick-header-meta":"","header-above-stick-meta":"","header-main-stick-meta":"","header-below-stick-meta":"","astra-migrate-meta-layouts":"set","ast-page-background-enabled":"default","ast-page-background-meta":{"desktop":{"background-color":"","background-image":"","background-repeat":"repeat","background-position":"center center","background-size":"auto","background-attachment":"scroll","background-type":"","background-media":"","overlay-type":"","overlay-color":"","overlay-gradient":""},"tablet":{"background-color":"","background-image":"","background-repeat":"repeat","background-position":"center center","background-size":"auto","background-attachment":"scroll","background-type":"","background-media":"","overlay-type":"","overlay-color":"","overlay-gradient":""},"mobile":{"background-color":"","background-image":"","background-repeat":"repeat","background-position":"center center","background-size":"auto","background-attachment":"scroll","background-type":"","background-media":"","overlay-type":"","overlay-color":"","overlay-gradient":""}},"ast-content-background-meta":{"desktop":{"background-color":"var(--ast-global-color-5)","background-image":"","background-repeat":"repeat","background-position":"center center","background-size":"auto","background-attachment":"scroll","background-type":"","background-media":"","overlay-type":"","overlay-color":"","overlay-gradient":""},"tablet":{"background-color":"var(--ast-global-color-5)","background-image":"","background-repeat":"repeat","background-position":"center center","background-size":"auto","background-attachment":"scroll","background-type":"","background-media":"","overlay-type":"","overlay-color":"","overlay-gradient":""},"mobile":{"background-color":"var(--ast-global-color-5)","background-image":"","background-repeat":"repeat","background-position":"center center","background-size":"auto","background-attachment":"scroll","background-type":"","background-media":"","overlay-type":"","overlay-color":"","overlay-gradient":""}},"_joinchat":{"telephone":"+8617840853976"}},"product_brand":[],"product_cat":[39,135,41,42,40,86,43],"product_tag":[69,68,50,61,49,53,52],"class_list":{"0":"post-3637","1":"product","2":"type-product","3":"status-publish","4":"has-post-thumbnail","6":"product_cat-france-wholesale-vape","7":"product_cat-bulk-sale-jnr-vapes-europe","8":"product_cat-netherlands-wholesale-vape","9":"product_cat-spain-wholesale-vape","10":"product_cat-germany-wholesale-vape","11":"product_cat-vape-10000-puffs","12":"product_cat-vape-shop","13":"product_tag-10000-puffs","14":"product_tag-10k-puffs","15":"product_tag-bulk-price-vape-shop","16":"product_tag-good-sales-vape","17":"product_tag-minimum-order-quantity-100pcs","18":"product_tag-rechargeable-vape","19":"product_tag-vape-wholesasle-price","20":"desktop-align-left","21":"tablet-align-left","22":"mobile-align-left","24":"first","25":"instock","26":"sale","27":"shipping-taxable","28":"purchasable","29":"product-type-simple"},"yoast_head":"<!-- This site is optimized with the Yoast SEO plugin v23.0 - https:\/\/yoast.com\/wordpress\/plugins\/seo\/ -->\n<title>JNR Alien 10000 Puffs Low Price Hot Sale RGB Vape - rmvapebang.com<\/title>\n<meta name=\"description\" content=\"JNR Alien 10000 Puffs vape offers 20ml e-liquid, 850mAh battery, 44 flavors, and RGB light. Enjoy 2%\/5% nicotine at a low price. Buy now!\" \/>\n<meta name=\"robots\" content=\"index, follow, max-snippet:-1, max-image-preview:large, max-video-preview:-1\" \/>\n<link rel=\"canonical\" href=\"https:\/\/rmvapebang.com\/fr\/product\/jnr-alien-10000-puffs-low-price-hot-sale-rgb-vape\/\" \/>\n<meta property=\"og:locale\" content=\"fr_FR\" \/>\n<meta property=\"og:type\" content=\"article\" \/>\n<meta property=\"og:title\" content=\"JNR Alien 10000 Puffs Low Price Hot Sale RGB Vape - rmvapebang.com\" \/>\n<meta property=\"og:description\" content=\"JNR Alien 10000 Puffs vape offers 20ml e-liquid, 850mAh battery, 44 flavors, and RGB light. Enjoy 2%\/5% nicotine at a low price. Buy now!\" \/>\n<meta property=\"og:url\" content=\"https:\/\/rmvapebang.com\/fr\/product\/jnr-alien-10000-puffs-low-price-hot-sale-rgb-vape\/\" \/>\n<meta property=\"og:site_name\" content=\"rmvapebang.com\" \/>\n<meta property=\"article:modified_time\" content=\"2025-09-03T09:08:33+00:00\" \/>\n<meta property=\"og:image\" content=\"https:\/\/rmvapebang.com\/wp-content\/uploads\/2025\/02\/JNR-ALIEN-VAPE-PUFFS-10K-TOP-SALE.webp\" \/>\n\t<meta property=\"og:image:width\" content=\"800\" \/>\n\t<meta property=\"og:image:height\" content=\"800\" \/>\n\t<meta property=\"og:image:type\" content=\"image\/webp\" \/>\n<meta name=\"twitter:card\" content=\"summary_large_image\" \/>\n<meta name=\"twitter:label1\" content=\"Dur\u00e9e de lecture estim\u00e9e\" \/>\n\t<meta name=\"twitter:data1\" content=\"3 minutes\" \/>\n<script type=\"application\/ld+json\" class=\"yoast-schema-graph\">{\"@context\":\"https:\/\/schema.org\",\"@graph\":[{\"@type\":\"WebPage\",\"@id\":\"https:\/\/rmvapebang.com\/hu\/product\/jnr-alien-10000-puffs-low-price-hot-sale-rgb-vape\/\",\"url\":\"https:\/\/rmvapebang.com\/hu\/product\/jnr-alien-10000-puffs-low-price-hot-sale-rgb-vape\/\",\"name\":\"JNR Alien 10000 Puffs Low Price Hot Sale RGB Vape - rmvapebang.com\",\"isPartOf\":{\"@id\":\"https:\/\/rmvapebang.com\/#website\"},\"primaryImageOfPage\":{\"@id\":\"https:\/\/rmvapebang.com\/hu\/product\/jnr-alien-10000-puffs-low-price-hot-sale-rgb-vape\/#primaryimage\"},\"image\":{\"@id\":\"https:\/\/rmvapebang.com\/hu\/product\/jnr-alien-10000-puffs-low-price-hot-sale-rgb-vape\/#primaryimage\"},\"thumbnailUrl\":\"https:\/\/rmvapebang.com\/wp-content\/uploads\/2025\/02\/JNR-ALIEN-VAPE-PUFFS-10K-TOP-SALE.webp\",\"datePublished\":\"2025-02-15T05:35:44+00:00\",\"dateModified\":\"2025-09-03T09:08:33+00:00\",\"description\":\"JNR Alien 10000 Puffs vape offers 20ml e-liquid, 850mAh battery, 44 flavors, and RGB light. Enjoy 2%\/5% nicotine at a low price. Buy now!\",\"breadcrumb\":{\"@id\":\"https:\/\/rmvapebang.com\/hu\/product\/jnr-alien-10000-puffs-low-price-hot-sale-rgb-vape\/#breadcrumb\"},\"inLanguage\":\"fr-FR\",\"potentialAction\":[{\"@type\":\"ReadAction\",\"target\":[\"https:\/\/rmvapebang.com\/hu\/product\/jnr-alien-10000-puffs-low-price-hot-sale-rgb-vape\/\"]}]},{\"@type\":\"ImageObject\",\"inLanguage\":\"fr-FR\",\"@id\":\"https:\/\/rmvapebang.com\/hu\/product\/jnr-alien-10000-puffs-low-price-hot-sale-rgb-vape\/#primaryimage\",\"url\":\"https:\/\/rmvapebang.com\/wp-content\/uploads\/2025\/02\/JNR-ALIEN-VAPE-PUFFS-10K-TOP-SALE.webp\",\"contentUrl\":\"https:\/\/rmvapebang.com\/wp-content\/uploads\/2025\/02\/JNR-ALIEN-VAPE-PUFFS-10K-TOP-SALE.webp\",\"width\":800,\"height\":800,\"caption\":\"JNR ALIEN VAPE PUFFS 10K TOP SALE\"},{\"@type\":\"BreadcrumbList\",\"@id\":\"https:\/\/rmvapebang.com\/hu\/product\/jnr-alien-10000-puffs-low-price-hot-sale-rgb-vape\/#breadcrumb\",\"itemListElement\":[{\"@type\":\"ListItem\",\"position\":1,\"name\":\"Home\",\"item\":\"https:\/\/rmvapebang.com\/\"},{\"@type\":\"ListItem\",\"position\":2,\"name\":\"Hot Vape Shop\",\"item\":\"https:\/\/rmvapebang.com\/shop-page\/\"},{\"@type\":\"ListItem\",\"position\":3,\"name\":\"JNR Alien 10000 Puffs Low Price Hot Sale RGB Vape\"}]},{\"@type\":\"WebSite\",\"@id\":\"https:\/\/rmvapebang.com\/#website\",\"url\":\"https:\/\/rmvapebang.com\/\",\"name\":\"rmvapebang.com\",\"description\":\"buy vape cheap\",\"publisher\":{\"@id\":\"https:\/\/rmvapebang.com\/#organization\"},\"potentialAction\":[{\"@type\":\"SearchAction\",\"target\":{\"@type\":\"EntryPoint\",\"urlTemplate\":\"https:\/\/rmvapebang.com\/?s={search_term_string}\"},\"query-input\":\"required name=search_term_string\"}],\"inLanguage\":\"fr-FR\"},{\"@type\":\"Organization\",\"@id\":\"https:\/\/rmvapebang.com\/#organization\",\"name\":\"rmvapebang.com\",\"url\":\"https:\/\/rmvapebang.com\/\",\"logo\":{\"@type\":\"ImageObject\",\"inLanguage\":\"fr-FR\",\"@id\":\"https:\/\/rmvapebang.com\/#\/schema\/logo\/image\/\",\"url\":\"https:\/\/rmvapebang.com\/wp-content\/uploads\/2024\/03\/cropped-RVBlogo.png\",\"contentUrl\":\"https:\/\/rmvapebang.com\/wp-content\/uploads\/2024\/03\/cropped-RVBlogo.png\",\"width\":507,\"height\":169,\"caption\":\"rmvapebang.com\"},\"image\":{\"@id\":\"https:\/\/rmvapebang.com\/#\/schema\/logo\/image\/\"}}]}<\/script>\n<!-- \/ Yoast SEO plugin. -->","yoast_head_json":{"title":"JNR Alien 10000 Puffs Low Price Hot Sale RGB Vape - rmvapebang.com","description":"JNR Alien 10000 Puffs vape offers 20ml e-liquid, 850mAh battery, 44 flavors, and RGB light. Enjoy 2%\/5% nicotine at a low price. Buy now!","robots":{"index":"index","follow":"follow","max-snippet":"max-snippet:-1","max-image-preview":"max-image-preview:large","max-video-preview":"max-video-preview:-1"},"canonical":"https:\/\/rmvapebang.com\/fr\/product\/jnr-alien-10000-puffs-low-price-hot-sale-rgb-vape\/","og_locale":"fr_FR","og_type":"article","og_title":"JNR Alien 10000 Puffs Low Price Hot Sale RGB Vape - rmvapebang.com","og_description":"JNR Alien 10000 Puffs vape offers 20ml e-liquid, 850mAh battery, 44 flavors, and RGB light. Enjoy 2%\/5% nicotine at a low price. Buy now!","og_url":"https:\/\/rmvapebang.com\/fr\/product\/jnr-alien-10000-puffs-low-price-hot-sale-rgb-vape\/","og_site_name":"rmvapebang.com","article_modified_time":"2025-09-03T09:08:33+00:00","og_image":[{"width":800,"height":800,"url":"https:\/\/rmvapebang.com\/wp-content\/uploads\/2025\/02\/JNR-ALIEN-VAPE-PUFFS-10K-TOP-SALE.webp","type":"image\/webp"}],"twitter_card":"summary_large_image","twitter_misc":{"Dur\u00e9e de lecture estim\u00e9e":"3 minutes"},"schema":{"@context":"https:\/\/schema.org","@graph":[{"@type":"WebPage","@id":"https:\/\/rmvapebang.com\/hu\/product\/jnr-alien-10000-puffs-low-price-hot-sale-rgb-vape\/","url":"https:\/\/rmvapebang.com\/hu\/product\/jnr-alien-10000-puffs-low-price-hot-sale-rgb-vape\/","name":"JNR Alien 10000 Puffs Low Price Hot Sale RGB Vape - rmvapebang.com","isPartOf":{"@id":"https:\/\/rmvapebang.com\/#website"},"primaryImageOfPage":{"@id":"https:\/\/rmvapebang.com\/hu\/product\/jnr-alien-10000-puffs-low-price-hot-sale-rgb-vape\/#primaryimage"},"image":{"@id":"https:\/\/rmvapebang.com\/hu\/product\/jnr-alien-10000-puffs-low-price-hot-sale-rgb-vape\/#primaryimage"},"thumbnailUrl":"https:\/\/rmvapebang.com\/wp-content\/uploads\/2025\/02\/JNR-ALIEN-VAPE-PUFFS-10K-TOP-SALE.webp","datePublished":"2025-02-15T05:35:44+00:00","dateModified":"2025-09-03T09:08:33+00:00","description":"JNR Alien 10000 Puffs vape offers 20ml e-liquid, 850mAh battery, 44 flavors, and RGB light. Enjoy 2%\/5% nicotine at a low price. Buy now!","breadcrumb":{"@id":"https:\/\/rmvapebang.com\/hu\/product\/jnr-alien-10000-puffs-low-price-hot-sale-rgb-vape\/#breadcrumb"},"inLanguage":"fr-FR","potentialAction":[{"@type":"ReadAction","target":["https:\/\/rmvapebang.com\/hu\/product\/jnr-alien-10000-puffs-low-price-hot-sale-rgb-vape\/"]}]},{"@type":"ImageObject","inLanguage":"fr-FR","@id":"https:\/\/rmvapebang.com\/hu\/product\/jnr-alien-10000-puffs-low-price-hot-sale-rgb-vape\/#primaryimage","url":"https:\/\/rmvapebang.com\/wp-content\/uploads\/2025\/02\/JNR-ALIEN-VAPE-PUFFS-10K-TOP-SALE.webp","contentUrl":"https:\/\/rmvapebang.com\/wp-content\/uploads\/2025\/02\/JNR-ALIEN-VAPE-PUFFS-10K-TOP-SALE.webp","width":800,"height":800,"caption":"JNR ALIEN VAPE PUFFS 10K TOP SALE"},{"@type":"BreadcrumbList","@id":"https:\/\/rmvapebang.com\/hu\/product\/jnr-alien-10000-puffs-low-price-hot-sale-rgb-vape\/#breadcrumb","itemListElement":[{"@type":"ListItem","position":1,"name":"Home","item":"https:\/\/rmvapebang.com\/"},{"@type":"ListItem","position":2,"name":"Hot Vape Shop","item":"https:\/\/rmvapebang.com\/shop-page\/"},{"@type":"ListItem","position":3,"name":"JNR Alien 10000 Puffs Low Price Hot Sale RGB Vape"}]},{"@type":"WebSite","@id":"https:\/\/rmvapebang.com\/#website","url":"https:\/\/rmvapebang.com\/","name":"rmvapebang.com","description":"buy vape cheap","publisher":{"@id":"https:\/\/rmvapebang.com\/#organization"},"potentialAction":[{"@type":"SearchAction","target":{"@type":"EntryPoint","urlTemplate":"https:\/\/rmvapebang.com\/?s={search_term_string}"},"query-input":"required name=search_term_string"}],"inLanguage":"fr-FR"},{"@type":"Organization","@id":"https:\/\/rmvapebang.com\/#organization","name":"rmvapebang.com","url":"https:\/\/rmvapebang.com\/","logo":{"@type":"ImageObject","inLanguage":"fr-FR","@id":"https:\/\/rmvapebang.com\/#\/schema\/logo\/image\/","url":"https:\/\/rmvapebang.com\/wp-content\/uploads\/2024\/03\/cropped-RVBlogo.png","contentUrl":"https:\/\/rmvapebang.com\/wp-content\/uploads\/2024\/03\/cropped-RVBlogo.png","width":507,"height":169,"caption":"rmvapebang.com"},"image":{"@id":"https:\/\/rmvapebang.com\/#\/schema\/logo\/image\/"}}]}},"uagb_featured_image_src":{"full":["https:\/\/rmvapebang.com\/wp-content\/uploads\/2025\/02\/JNR-ALIEN-VAPE-PUFFS-10K-TOP-SALE.webp",800,800,false],"thumbnail":["https:\/\/rmvapebang.com\/wp-content\/uploads\/2025\/02\/JNR-ALIEN-VAPE-PUFFS-10K-TOP-SALE-150x150.webp",150,150,true],"medium":["https:\/\/rmvapebang.com\/wp-content\/uploads\/2025\/02\/JNR-ALIEN-VAPE-PUFFS-10K-TOP-SALE-300x300.webp",300,300,true],"medium_large":["https:\/\/rmvapebang.com\/wp-content\/uploads\/2025\/02\/JNR-ALIEN-VAPE-PUFFS-10K-TOP-SALE-768x768.webp",768,768,true],"large":["https:\/\/rmvapebang.com\/wp-content\/uploads\/2025\/02\/JNR-ALIEN-VAPE-PUFFS-10K-TOP-SALE.webp",800,800,false],"1536x1536":["https:\/\/rmvapebang.com\/wp-content\/uploads\/2025\/02\/JNR-ALIEN-VAPE-PUFFS-10K-TOP-SALE.webp",800,800,false],"2048x2048":["https:\/\/rmvapebang.com\/wp-content\/uploads\/2025\/02\/JNR-ALIEN-VAPE-PUFFS-10K-TOP-SALE.webp",800,800,false],"trp-custom-language-flag":["https:\/\/rmvapebang.com\/wp-content\/uploads\/2025\/02\/JNR-ALIEN-VAPE-PUFFS-10K-TOP-SALE.webp",12,12,false],"woocommerce_thumbnail":["https:\/\/rmvapebang.com\/wp-content\/uploads\/2025\/02\/JNR-ALIEN-VAPE-PUFFS-10K-TOP-SALE-300x300.webp",300,300,true],"woocommerce_single":["https:\/\/rmvapebang.com\/wp-content\/uploads\/2025\/02\/JNR-ALIEN-VAPE-PUFFS-10K-TOP-SALE-600x600.webp",600,600,true],"woocommerce_gallery_thumbnail":["https:\/\/rmvapebang.com\/wp-content\/uploads\/2025\/02\/JNR-ALIEN-VAPE-PUFFS-10K-TOP-SALE-100x100.webp",100,100,true],"wcpr-photo-reviews":["https:\/\/rmvapebang.com\/wp-content\/uploads\/2025\/02\/JNR-ALIEN-VAPE-PUFFS-10K-TOP-SALE.webp",500,500,false]},"uagb_author_info":{"display_name":"Lyn","author_link":"https:\/\/rmvapebang.com\/fr\/author\/"},"uagb_comment_info":0,"uagb_excerpt":"NOTE:\u00a0Prices on the website don\u2019t include shipping fee. Please send your zip code and address that we can check shipping costs for you. JNR Alien 10000 Puffs vape offers 20ml e-liquid, 800mAh battery, 44 flavors, 2%\/5% nicotine, and RGB lights. Enjoy vibrant, long-lasting vaping at a low price! Whatsapp:+86 17840853976 Scan on whatsapp for New\u2026","_links":{"self":[{"href":"https:\/\/rmvapebang.com\/fr\/wp-json\/wp\/v2\/product\/3637","targetHints":{"allow":["GET"]}}],"collection":[{"href":"https:\/\/rmvapebang.com\/fr\/wp-json\/wp\/v2\/product"}],"about":[{"href":"https:\/\/rmvapebang.com\/fr\/wp-json\/wp\/v2\/types\/product"}],"replies":[{"embeddable":true,"href":"https:\/\/rmvapebang.com\/fr\/wp-json\/wp\/v2\/comments?post=3637"}],"wp:featuredmedia":[{"embeddable":true,"href":"https:\/\/rmvapebang.com\/fr\/wp-json\/wp\/v2\/media\/3633"}],"wp:attachment":[{"href":"https:\/\/rmvapebang.com\/fr\/wp-json\/wp\/v2\/media?parent=3637"}],"wp:term":[{"taxonomy":"product_brand","embeddable":true,"href":"https:\/\/rmvapebang.com\/fr\/wp-json\/wp\/v2\/product_brand?post=3637"},{"taxonomy":"product_cat","embeddable":true,"href":"https:\/\/rmvapebang.com\/fr\/wp-json\/wp\/v2\/product_cat?post=3637"},{"taxonomy":"product_tag","embeddable":true,"href":"https:\/\/rmvapebang.com\/fr\/wp-json\/wp\/v2\/product_tag?post=3637"}],"curies":[{"name":"wp","href":"https:\/\/api.w.org\/{rel}","templated":true}]}}