{"id":3469,"date":"2025-01-02T16:18:54","date_gmt":"2025-01-02T08:18:54","guid":{"rendered":"https:\/\/rmvapebang.com\/?post_type=product&#038;p=3469"},"modified":"2025-09-03T17:48:32","modified_gmt":"2025-09-03T09:48:32","slug":"jnr-falcon-x-18000-puffs-factory-price-discount-sale","status":"publish","type":"product","link":"https:\/\/rmvapebang.com\/fr\/product\/jnr-falcon-x-18000-puffs-factory-price-discount-sale\/","title":{"rendered":"JNR Falcon-X 18000 PUFFS Vente \u00e0 prix d'usine"},"content":{"rendered":"<h2>JNR Falcon-X 18000 PUFFS Vente \u00e0 prix d'usine<\/h2>\n<p>La cigarette \u00e9lectronique jetable JNR Falcon-X 18000 bouff\u00e9es offre une exp\u00e9rience de vapotage de qualit\u00e9 sup\u00e9rieure avec des fonctionnalit\u00e9s avanc\u00e9es et des performances impressionnantes. La cigarette \u00e9lectronique FALCON-X 18k bouff\u00e9es est dot\u00e9e d'une batterie rechargeable de 950 mAh et fournit jusqu'\u00e0 18000 bouff\u00e9es jetables, elle est parfaite pour une utilisation \u00e0 long terme. L'appareil est \u00e9quip\u00e9 d'un r\u00e9servoir de 24 ml, offrant des saveurs douces et riches \u00e0 chaque bouff\u00e9e. Disponible en 29 saveurs uniques, la cigarette \u00e9lectronique JNR 18000 r\u00e9pond \u00e0 toutes les pr\u00e9f\u00e9rences, garantissant une exp\u00e9rience satisfaisante pour les vapoteurs qui appr\u00e9cient la vari\u00e9t\u00e9 et la qualit\u00e9.<\/p>\n<p>Cette <a href=\"https:\/\/rmvapebang.com\/fr\/product-category\/vape-18000-puffs\/\"><strong>cigarette \u00e9lectronique jetable 18000 bouff\u00e9es<\/strong><\/a> de JNR se distingue par son design \u00e9l\u00e9gant et ses performances fiables, et offre un taux de nicotine de 2%, ce qui la rend tr\u00e8s adapt\u00e9e aux vapoteurs occasionnels et exp\u00e9riment\u00e9s. L\u00e9g\u00e8re et portable, la <a href=\"https:\/\/rmvapebang.com\/fr\/product-category\/bulk-sale-jnr-vapes-europe\/\"><strong>cigarette \u00e9lectronique JNR<\/strong> <\/a>FALCON-X 18k est facile \u00e0 transporter tout en offrant une saveur et une production de vapeur constantes. Le design crystal 18000 ajoute une touche \u00e9l\u00e9gante, rendant la 18000 bouff\u00e9es de JNR aussi attrayante visuellement que fonctionnelle, et adapt\u00e9e aux besoins de vapotage quotidiens.<\/p>\n<p>La vente \u00e0 prix d'usine JNR Falcon-X 18000 bouff\u00e9es est une occasion parfaite de se procurer ces cigarettes \u00e9lectroniques rechargeables 18000 \u00e0 des prix imbattables. La combinaison de performance, de vari\u00e9t\u00e9 et de prix abordable de la cigarette \u00e9lectronique <a href=\"https:\/\/rmvapebang.com\/fr\/product-category\/vape-18000-puffs\/\"><strong>jetable Jnr 18000 bouff\u00e9es<\/strong><\/a> JNR Falcon-X 18000 bouff\u00e9es en fait un indispensable pour quiconque recherche un appareil de vapotage de qualit\u00e9 sup\u00e9rieure.<\/p>\n<p><img loading=\"lazy\" decoding=\"async\" class=\"alignnone wp-image-3465\" src=\"http:\/\/rmvapebang.com\/wp-content\/uploads\/2025\/01\/JNR-disposable-vape-puffs-18k-hot-price.webp\" alt=\"JNR vape jetable 18k bouff\u00e9es prix attractif\" width=\"800\" height=\"605\" srcset=\"https:\/\/rmvapebang.com\/wp-content\/uploads\/2025\/01\/JNR-disposable-vape-puffs-18k-hot-price.webp 800w, https:\/\/rmvapebang.com\/wp-content\/uploads\/2025\/01\/JNR-disposable-vape-puffs-18k-hot-price-300x227.webp 300w, https:\/\/rmvapebang.com\/wp-content\/uploads\/2025\/01\/JNR-disposable-vape-puffs-18k-hot-price-768x581.webp 768w, https:\/\/rmvapebang.com\/wp-content\/uploads\/2025\/01\/JNR-disposable-vape-puffs-18k-hot-price-600x454.webp 600w\" sizes=\"auto, (max-width: 800px) 100vw, 800px\" \/><\/p>\n<h3><strong>Saveurs pour la cigarette \u00e9lectronique JNR 18K crystal FALCON-X ?<\/strong><\/h3>\n<p>1.Glace \u00e0 la framboise bleue<br \/>\n2.Myrtille Framboise<br \/>\n3.Menthe Fra\u00eeche<br \/>\n4.Kiwi Past\u00e8que Glace<br \/>\n5.Glace au Raisin<br \/>\n6.Fraise Kiwi<br \/>\n7.Glace \u00e0 la Fraise et \u00e0 la Past\u00e8que<br \/>\n8.Glace \u00e0 la Past\u00e8que<br \/>\n9.Glace \u00e0 la Fraise<br \/>\n10.Baies M\u00e9lang\u00e9es<br \/>\n11.Bubblegum Past\u00e8que<br \/>\n12.Pomme Sure Glac\u00e9e<br \/>\n13.P\u00eache Glac\u00e9e<br \/>\n14.Explosion de Baies<br \/>\n15.Myrtille Framboise Cerise<br \/>\n16.Cerise Baie<br \/>\n17.Fraise Banane<br \/>\n18.Myrtille Kiwi<br \/>\n19.Fruit de la Passion Kiwi<br \/>\n20.P\u00eache Blanche Framboise<br \/>\n21.Cerise Framboise Bleue<br \/>\n22.Cerise Past\u00e8que Glac\u00e9e<br \/>\n23.Cerise Cola<br \/>\n24.Banane Glac\u00e9e<br \/>\n25.Skittles<br \/>\n26.Melon Triple<br \/>\n27.M. Bleu<br \/>\n28.Cerise Glac\u00e9e<br \/>\n29.Past\u00e8que Litchi<\/p>\n<h2>Sp\u00e9cifications pour <strong>JNR cristal 18000 <\/strong>Bouff\u00e9es\u00a0:<\/h2>\n<p>\u2013 <span style=\"color: #ff0000\"><em><strong>18k<\/strong><\/em><\/span> Bouff\u00e9es<br \/>\n\u2013 <span style=\"color: #ff0000\"><em><strong>29<\/strong> <\/em><\/span>Saveurs<br \/>\n\u2013 <span style=\"color: #ff0000\"><strong><em>2%<\/em><\/strong><\/span> Teneur en nicotine<br \/>\n\u2013 <span style=\"color: #ff0000\"><strong><em>24 mL<\/em><\/strong><\/span> de la capacit\u00e9 d'e-liquide<br \/>\n\u2013 Capacit\u00e9 de la batterie <span style=\"color: #ff0000\"><em><strong>950 mAh<\/strong><\/em><\/span><\/p>\n<h3>FAQ\u00a0:<\/h3>\n<p>Q: Quel est le MOQ du JNR FALCON-X avec une cigarette \u00e9lectronique jetable 18k ?<\/p>\n<p>R: La quantit\u00e9 minimale de commande (MOQ) pour les bouff\u00e9es de vape JNR 18k est de 100 pi\u00e8ces.<\/p>\n<p>Q: Les vapes JNR jetables crystal 18000 bouff\u00e9es sont-elles s\u00fbres ?<\/p>\n<p>R: Oui, la vape JNR crystal 18k FALCON-X r\u00e9pond \u00e0 toutes les normes de s\u00e9curit\u00e9, contient une petite quantit\u00e9 de nicotine et doit \u00eatre utilis\u00e9e avec mod\u00e9ration.<\/p>\n<p>Q: Combien de temps dois-je laisser ma cigarette \u00e9lectronique en charge ?<\/p>\n<p>R: G\u00e9n\u00e9ralement, 1 \u00e0 2 heures suffisent. Les vapes jetables comme les bouff\u00e9es JNR crystal 18k ont g\u00e9n\u00e9ralement besoin d'environ 1 \u00e0 2 heures pour se recharger. \u00c9vitez la surcharge et d\u00e9branchez-la lorsque le voyant lumineux change.<\/p>\n<p>Q: La vape JNR crystal 18000 peut-elle \u00eatre exp\u00e9di\u00e9e dans mon pays ?<\/p>\n<p>R: Oui, nous pouvons exp\u00e9dier la vape JNR jetable crystal FALCON-X 18000 vers la plupart des pays europ\u00e9ens, y compris, mais sans s'y limiter, les Pays-Bas, l'Allemagne, la France, l'Espagne, l'Italie, la Belgique, le Luxembourg, l'Autriche, la R\u00e9publique tch\u00e8que, la Slovaquie, la Hongrie, la Slov\u00e9nie, la Roumanie, la Bulgarie, la Gr\u00e8ce, la Pologne, la Su\u00e8de, l'Irlande, le Portugal, la Finlande, l'Estonie, la Lettonie et la Lituanie. Si vous avez des questions sp\u00e9cifiques concernant l'exp\u00e9dition vers votre pays, n'h\u00e9sitez pas \u00e0 nous contacter pour une assistance suppl\u00e9mentaire.<\/p>\n<p><strong>Contactez Lyn pour plus de vid\u00e9os de produits\u00a0!<\/strong><\/p>\n<p><a href=\"https:\/\/wa.me\/8617840853976\"><span style=\"color: #ff6600\"><strong><em>Whatsapp : +86 17840853976<\/em><\/strong><\/span><\/a><\/p>\n<p><img loading=\"lazy\" decoding=\"async\" class=\"alignnone size-medium wp-image-1905\" src=\"http:\/\/rmvapebang.com\/wp-content\/uploads\/2024\/03\/whatsapp-vape-2-202x300.jpg\" alt=\"\" width=\"202\" height=\"300\" \/><\/p>\n<p>Trouvez plus de produits que vous pourriez aimer\u00a0:<a href=\"https:\/\/rmvapebang.com\/fr\/shop-page\/\"><strong><em>Achetez maintenant<\/em><\/strong><\/a><\/p>\n<p>autres bouff\u00e9es que vous pourriez aimer\u00a0:<a href=\"https:\/\/rmvapebang.com\/fr\/product\/waspe-20000-puffs-wholesale-price-20k-vape\/\">Waspe 20k bouff\u00e9es\/<\/a><a href=\"https:\/\/rmvapebang.com\/fr\/product\/poco-sl-15000-puffs-bulk-price-cheap-sale\/\">POCO SL 15K VAPE<\/a><a href=\"https:\/\/rmvapebang.com\/fr\/product\/bang-king-25000-puffs-good-price-25k-vape\/\">Bang roi 25k vape<\/a>\/<a href=\"https:\/\/rmvapebang.com\/fr\/product\/bang-vape-30000-pro-bulk-sale-dual-flavors-full-screen\/\">bang vape 30k doubles saveurs plein \u00e9cran<\/a>\/<a href=\"https:\/\/rmvapebang.com\/fr\/product\/bood-twins-46000-puff-discount-price-disposable-vape-hot-sale\/\">BOOD TWINS 46K PUFFS<\/a><\/p>","protected":false},"excerpt":{"rendered":"<p><span style=\"color: #ff0000\"><strong>REMARQUE<\/strong>:\u00a0<em>Les prix sur le site n'incluent pas les frais de port. Veuillez nous envoyer votre code postal et votre adresse afin que nous puissions v\u00e9rifier les frais de livraison pour vous.<\/em><\/span><\/p>\n<p>La cigarette \u00e9lectronique JNR FALCON-X offre 18000 bouff\u00e9es \u00e0 prix de gros, elle est rechargeable et con\u00e7ue avec un motif d'aigle.<br \/>\nLa cigarette \u00e9lectronique JNR crystal 18k bouff\u00e9es est un appareil de vapotage rechargeable de grande capacit\u00e9 offrant 18000 bouff\u00e9es, 29 saveurs et des taux de nicotine de 2%.<\/p>\n<p><a href=\"https:\/\/wa.me\/8617840853976\"><strong><em>Whatsapp : +86 17840853976<\/em><\/strong><\/a><\/p>\n<p>Scannez sur WhatsApp pour un coupon Nouveau Client<\/p>\n<p><img loading=\"lazy\" decoding=\"async\" class=\"alignnone size-medium wp-image-1905\" src=\"http:\/\/rmvapebang.com\/wp-content\/uploads\/2024\/03\/whatsapp-vape-2-202x300.jpg\" alt=\"\" width=\"202\" height=\"300\" \/><\/p>","protected":false},"featured_media":3467,"comment_status":"open","ping_status":"closed","template":"","meta":{"_uag_custom_page_level_css":"","_lmt_disableupdate":"no","_lmt_disable":"","site-sidebar-layout":"no-sidebar","site-content-layout":"boxed-container","ast-site-content-layout":"normal-width-container","site-content-style":"boxed","site-sidebar-style":"boxed","ast-global-header-display":"","ast-banner-title-visibility":"","ast-main-header-display":"","ast-hfb-above-header-display":"","ast-hfb-below-header-display":"","ast-hfb-mobile-header-display":"","site-post-title":"","ast-breadcrumbs-content":"","ast-featured-img":"","footer-sml-layout":"","theme-transparent-header-meta":"default","adv-header-id-meta":"","stick-header-meta":"","header-above-stick-meta":"","header-main-stick-meta":"","header-below-stick-meta":"","astra-migrate-meta-layouts":"set","ast-page-background-enabled":"default","ast-page-background-meta":{"desktop":{"background-color":"","background-image":"","background-repeat":"repeat","background-position":"center center","background-size":"auto","background-attachment":"scroll","background-type":"","background-media":"","overlay-type":"","overlay-color":"","overlay-gradient":""},"tablet":{"background-color":"","background-image":"","background-repeat":"repeat","background-position":"center center","background-size":"auto","background-attachment":"scroll","background-type":"","background-media":"","overlay-type":"","overlay-color":"","overlay-gradient":""},"mobile":{"background-color":"","background-image":"","background-repeat":"repeat","background-position":"center center","background-size":"auto","background-attachment":"scroll","background-type":"","background-media":"","overlay-type":"","overlay-color":"","overlay-gradient":""}},"ast-content-background-meta":{"desktop":{"background-color":"var(--ast-global-color-5)","background-image":"","background-repeat":"repeat","background-position":"center center","background-size":"auto","background-attachment":"scroll","background-type":"","background-media":"","overlay-type":"","overlay-color":"","overlay-gradient":""},"tablet":{"background-color":"var(--ast-global-color-5)","background-image":"","background-repeat":"repeat","background-position":"center center","background-size":"auto","background-attachment":"scroll","background-type":"","background-media":"","overlay-type":"","overlay-color":"","overlay-gradient":""},"mobile":{"background-color":"var(--ast-global-color-5)","background-image":"","background-repeat":"repeat","background-position":"center center","background-size":"auto","background-attachment":"scroll","background-type":"","background-media":"","overlay-type":"","overlay-color":"","overlay-gradient":""}},"_joinchat":[]},"product_brand":[],"product_cat":[115,39,135,41,128,42,40,78,43],"product_tag":[71,72,50,61,49,53,52],"class_list":{"0":"post-3469","1":"product","2":"type-product","3":"status-publish","4":"has-post-thumbnail","6":"product_cat-crystal-vape","7":"product_cat-france-wholesale-vape","8":"product_cat-bulk-sale-jnr-vapes-europe","9":"product_cat-netherlands-wholesale-vape","10":"product_cat-smart-display","11":"product_cat-spain-wholesale-vape","12":"product_cat-germany-wholesale-vape","13":"product_cat-vape-18000-puffs","14":"product_cat-vape-shop","15":"product_tag-18000-puffs","16":"product_tag-18k-puffs","17":"product_tag-bulk-price-vape-shop","18":"product_tag-good-sales-vape","19":"product_tag-minimum-order-quantity-100pcs","20":"product_tag-rechargeable-vape","21":"product_tag-vape-wholesasle-price","22":"desktop-align-left","23":"tablet-align-left","24":"mobile-align-left","26":"first","27":"instock","28":"sale","29":"shipping-taxable","30":"purchasable","31":"product-type-simple"},"yoast_head":"<!-- This site is optimized with the Yoast SEO plugin v23.0 - https:\/\/yoast.com\/wordpress\/plugins\/seo\/ -->\n<title>JNR Falcon-X 18000 PUFFS Factory Price Discount Sale - rmvapebang.com<\/title>\n<meta name=\"description\" content=\"Contact now to get bulk Price of JNR FALCON-X 18k puffs! JNR Crystal Vape 18k have 2% nicotine to choose,and have 29 flavors,min order is 50pcs.\" \/>\n<meta name=\"robots\" content=\"index, follow, max-snippet:-1, max-image-preview:large, max-video-preview:-1\" \/>\n<link rel=\"canonical\" href=\"https:\/\/rmvapebang.com\/fr\/product\/jnr-falcon-x-18000-puffs-factory-price-discount-sale\/\" \/>\n<meta property=\"og:locale\" content=\"fr_FR\" \/>\n<meta property=\"og:type\" content=\"article\" \/>\n<meta property=\"og:title\" content=\"JNR Falcon-X 18000 PUFFS Factory Price Discount Sale - rmvapebang.com\" \/>\n<meta property=\"og:description\" content=\"Contact now to get bulk Price of JNR FALCON-X 18k puffs! JNR Crystal Vape 18k have 2% nicotine to choose,and have 29 flavors,min order is 50pcs.\" \/>\n<meta property=\"og:url\" content=\"https:\/\/rmvapebang.com\/fr\/product\/jnr-falcon-x-18000-puffs-factory-price-discount-sale\/\" \/>\n<meta property=\"og:site_name\" content=\"rmvapebang.com\" \/>\n<meta property=\"article:modified_time\" content=\"2025-09-03T09:48:32+00:00\" \/>\n<meta property=\"og:image\" content=\"https:\/\/rmvapebang.com\/wp-content\/uploads\/2025\/01\/JNR-Falcon-X-vape-18000-PUFFS-top-sale-1.webp\" \/>\n\t<meta property=\"og:image:width\" content=\"800\" \/>\n\t<meta property=\"og:image:height\" content=\"800\" \/>\n\t<meta property=\"og:image:type\" content=\"image\/webp\" \/>\n<meta name=\"twitter:card\" content=\"summary_large_image\" \/>\n<meta name=\"twitter:label1\" content=\"Dur\u00e9e de lecture estim\u00e9e\" \/>\n\t<meta name=\"twitter:data1\" content=\"3 minutes\" \/>\n<script type=\"application\/ld+json\" class=\"yoast-schema-graph\">{\"@context\":\"https:\/\/schema.org\",\"@graph\":[{\"@type\":\"WebPage\",\"@id\":\"https:\/\/rmvapebang.com\/product\/jnr-falcon-x-18000-puffs-factory-price-discount-sale\/\",\"url\":\"https:\/\/rmvapebang.com\/product\/jnr-falcon-x-18000-puffs-factory-price-discount-sale\/\",\"name\":\"JNR Falcon-X 18000 PUFFS Factory Price Discount Sale - rmvapebang.com\",\"isPartOf\":{\"@id\":\"https:\/\/rmvapebang.com\/#website\"},\"primaryImageOfPage\":{\"@id\":\"https:\/\/rmvapebang.com\/product\/jnr-falcon-x-18000-puffs-factory-price-discount-sale\/#primaryimage\"},\"image\":{\"@id\":\"https:\/\/rmvapebang.com\/product\/jnr-falcon-x-18000-puffs-factory-price-discount-sale\/#primaryimage\"},\"thumbnailUrl\":\"https:\/\/rmvapebang.com\/wp-content\/uploads\/2025\/01\/JNR-Falcon-X-vape-18000-PUFFS-top-sale-1.webp\",\"datePublished\":\"2025-01-02T08:18:54+00:00\",\"dateModified\":\"2025-09-03T09:48:32+00:00\",\"description\":\"Contact now to get bulk Price of JNR FALCON-X 18k puffs! JNR Crystal Vape 18k have 2% nicotine to choose,and have 29 flavors,min order is 50pcs.\",\"breadcrumb\":{\"@id\":\"https:\/\/rmvapebang.com\/product\/jnr-falcon-x-18000-puffs-factory-price-discount-sale\/#breadcrumb\"},\"inLanguage\":\"fr-FR\",\"potentialAction\":[{\"@type\":\"ReadAction\",\"target\":[\"https:\/\/rmvapebang.com\/product\/jnr-falcon-x-18000-puffs-factory-price-discount-sale\/\"]}]},{\"@type\":\"ImageObject\",\"inLanguage\":\"fr-FR\",\"@id\":\"https:\/\/rmvapebang.com\/product\/jnr-falcon-x-18000-puffs-factory-price-discount-sale\/#primaryimage\",\"url\":\"https:\/\/rmvapebang.com\/wp-content\/uploads\/2025\/01\/JNR-Falcon-X-vape-18000-PUFFS-top-sale-1.webp\",\"contentUrl\":\"https:\/\/rmvapebang.com\/wp-content\/uploads\/2025\/01\/JNR-Falcon-X-vape-18000-PUFFS-top-sale-1.webp\",\"width\":800,\"height\":800,\"caption\":\"JNR Falcon-X vape 18000 PUFFS top sale\"},{\"@type\":\"BreadcrumbList\",\"@id\":\"https:\/\/rmvapebang.com\/product\/jnr-falcon-x-18000-puffs-factory-price-discount-sale\/#breadcrumb\",\"itemListElement\":[{\"@type\":\"ListItem\",\"position\":1,\"name\":\"Home\",\"item\":\"https:\/\/rmvapebang.com\/\"},{\"@type\":\"ListItem\",\"position\":2,\"name\":\"Hot Vape Shop\",\"item\":\"https:\/\/rmvapebang.com\/shop-page\/\"},{\"@type\":\"ListItem\",\"position\":3,\"name\":\"JNR Falcon-X 18000 PUFFS Factory Price Discount Sale\"}]},{\"@type\":\"WebSite\",\"@id\":\"https:\/\/rmvapebang.com\/#website\",\"url\":\"https:\/\/rmvapebang.com\/\",\"name\":\"rmvapebang.com\",\"description\":\"buy vape cheap\",\"publisher\":{\"@id\":\"https:\/\/rmvapebang.com\/#organization\"},\"potentialAction\":[{\"@type\":\"SearchAction\",\"target\":{\"@type\":\"EntryPoint\",\"urlTemplate\":\"https:\/\/rmvapebang.com\/?s={search_term_string}\"},\"query-input\":\"required name=search_term_string\"}],\"inLanguage\":\"fr-FR\"},{\"@type\":\"Organization\",\"@id\":\"https:\/\/rmvapebang.com\/#organization\",\"name\":\"rmvapebang.com\",\"url\":\"https:\/\/rmvapebang.com\/\",\"logo\":{\"@type\":\"ImageObject\",\"inLanguage\":\"fr-FR\",\"@id\":\"https:\/\/rmvapebang.com\/#\/schema\/logo\/image\/\",\"url\":\"https:\/\/rmvapebang.com\/wp-content\/uploads\/2024\/03\/cropped-RVBlogo.png\",\"contentUrl\":\"https:\/\/rmvapebang.com\/wp-content\/uploads\/2024\/03\/cropped-RVBlogo.png\",\"width\":507,\"height\":169,\"caption\":\"rmvapebang.com\"},\"image\":{\"@id\":\"https:\/\/rmvapebang.com\/#\/schema\/logo\/image\/\"}}]}<\/script>\n<!-- \/ Yoast SEO plugin. -->","yoast_head_json":{"title":"JNR Falcon-X 18000 PUFFS Factory Price Discount Sale - rmvapebang.com","description":"Contact now to get bulk Price of JNR FALCON-X 18k puffs! JNR Crystal Vape 18k have 2% nicotine to choose,and have 29 flavors,min order is 50pcs.","robots":{"index":"index","follow":"follow","max-snippet":"max-snippet:-1","max-image-preview":"max-image-preview:large","max-video-preview":"max-video-preview:-1"},"canonical":"https:\/\/rmvapebang.com\/fr\/product\/jnr-falcon-x-18000-puffs-factory-price-discount-sale\/","og_locale":"fr_FR","og_type":"article","og_title":"JNR Falcon-X 18000 PUFFS Factory Price Discount Sale - rmvapebang.com","og_description":"Contact now to get bulk Price of JNR FALCON-X 18k puffs! JNR Crystal Vape 18k have 2% nicotine to choose,and have 29 flavors,min order is 50pcs.","og_url":"https:\/\/rmvapebang.com\/fr\/product\/jnr-falcon-x-18000-puffs-factory-price-discount-sale\/","og_site_name":"rmvapebang.com","article_modified_time":"2025-09-03T09:48:32+00:00","og_image":[{"width":800,"height":800,"url":"https:\/\/rmvapebang.com\/wp-content\/uploads\/2025\/01\/JNR-Falcon-X-vape-18000-PUFFS-top-sale-1.webp","type":"image\/webp"}],"twitter_card":"summary_large_image","twitter_misc":{"Dur\u00e9e de lecture estim\u00e9e":"3 minutes"},"schema":{"@context":"https:\/\/schema.org","@graph":[{"@type":"WebPage","@id":"https:\/\/rmvapebang.com\/product\/jnr-falcon-x-18000-puffs-factory-price-discount-sale\/","url":"https:\/\/rmvapebang.com\/product\/jnr-falcon-x-18000-puffs-factory-price-discount-sale\/","name":"JNR Falcon-X 18000 PUFFS Factory Price Discount Sale - rmvapebang.com","isPartOf":{"@id":"https:\/\/rmvapebang.com\/#website"},"primaryImageOfPage":{"@id":"https:\/\/rmvapebang.com\/product\/jnr-falcon-x-18000-puffs-factory-price-discount-sale\/#primaryimage"},"image":{"@id":"https:\/\/rmvapebang.com\/product\/jnr-falcon-x-18000-puffs-factory-price-discount-sale\/#primaryimage"},"thumbnailUrl":"https:\/\/rmvapebang.com\/wp-content\/uploads\/2025\/01\/JNR-Falcon-X-vape-18000-PUFFS-top-sale-1.webp","datePublished":"2025-01-02T08:18:54+00:00","dateModified":"2025-09-03T09:48:32+00:00","description":"Contact now to get bulk Price of JNR FALCON-X 18k puffs! JNR Crystal Vape 18k have 2% nicotine to choose,and have 29 flavors,min order is 50pcs.","breadcrumb":{"@id":"https:\/\/rmvapebang.com\/product\/jnr-falcon-x-18000-puffs-factory-price-discount-sale\/#breadcrumb"},"inLanguage":"fr-FR","potentialAction":[{"@type":"ReadAction","target":["https:\/\/rmvapebang.com\/product\/jnr-falcon-x-18000-puffs-factory-price-discount-sale\/"]}]},{"@type":"ImageObject","inLanguage":"fr-FR","@id":"https:\/\/rmvapebang.com\/product\/jnr-falcon-x-18000-puffs-factory-price-discount-sale\/#primaryimage","url":"https:\/\/rmvapebang.com\/wp-content\/uploads\/2025\/01\/JNR-Falcon-X-vape-18000-PUFFS-top-sale-1.webp","contentUrl":"https:\/\/rmvapebang.com\/wp-content\/uploads\/2025\/01\/JNR-Falcon-X-vape-18000-PUFFS-top-sale-1.webp","width":800,"height":800,"caption":"JNR Falcon-X vape 18000 PUFFS top sale"},{"@type":"BreadcrumbList","@id":"https:\/\/rmvapebang.com\/product\/jnr-falcon-x-18000-puffs-factory-price-discount-sale\/#breadcrumb","itemListElement":[{"@type":"ListItem","position":1,"name":"Home","item":"https:\/\/rmvapebang.com\/"},{"@type":"ListItem","position":2,"name":"Hot Vape Shop","item":"https:\/\/rmvapebang.com\/shop-page\/"},{"@type":"ListItem","position":3,"name":"JNR Falcon-X 18000 PUFFS Factory Price Discount Sale"}]},{"@type":"WebSite","@id":"https:\/\/rmvapebang.com\/#website","url":"https:\/\/rmvapebang.com\/","name":"rmvapebang.com","description":"buy vape cheap","publisher":{"@id":"https:\/\/rmvapebang.com\/#organization"},"potentialAction":[{"@type":"SearchAction","target":{"@type":"EntryPoint","urlTemplate":"https:\/\/rmvapebang.com\/?s={search_term_string}"},"query-input":"required name=search_term_string"}],"inLanguage":"fr-FR"},{"@type":"Organization","@id":"https:\/\/rmvapebang.com\/#organization","name":"rmvapebang.com","url":"https:\/\/rmvapebang.com\/","logo":{"@type":"ImageObject","inLanguage":"fr-FR","@id":"https:\/\/rmvapebang.com\/#\/schema\/logo\/image\/","url":"https:\/\/rmvapebang.com\/wp-content\/uploads\/2024\/03\/cropped-RVBlogo.png","contentUrl":"https:\/\/rmvapebang.com\/wp-content\/uploads\/2024\/03\/cropped-RVBlogo.png","width":507,"height":169,"caption":"rmvapebang.com"},"image":{"@id":"https:\/\/rmvapebang.com\/#\/schema\/logo\/image\/"}}]}},"uagb_featured_image_src":{"full":["https:\/\/rmvapebang.com\/wp-content\/uploads\/2025\/01\/JNR-Falcon-X-vape-18000-PUFFS-top-sale-1.webp",800,800,false],"thumbnail":["https:\/\/rmvapebang.com\/wp-content\/uploads\/2025\/01\/JNR-Falcon-X-vape-18000-PUFFS-top-sale-1-150x150.webp",150,150,true],"medium":["https:\/\/rmvapebang.com\/wp-content\/uploads\/2025\/01\/JNR-Falcon-X-vape-18000-PUFFS-top-sale-1-300x300.webp",300,300,true],"medium_large":["https:\/\/rmvapebang.com\/wp-content\/uploads\/2025\/01\/JNR-Falcon-X-vape-18000-PUFFS-top-sale-1-768x768.webp",768,768,true],"large":["https:\/\/rmvapebang.com\/wp-content\/uploads\/2025\/01\/JNR-Falcon-X-vape-18000-PUFFS-top-sale-1.webp",800,800,false],"1536x1536":["https:\/\/rmvapebang.com\/wp-content\/uploads\/2025\/01\/JNR-Falcon-X-vape-18000-PUFFS-top-sale-1.webp",800,800,false],"2048x2048":["https:\/\/rmvapebang.com\/wp-content\/uploads\/2025\/01\/JNR-Falcon-X-vape-18000-PUFFS-top-sale-1.webp",800,800,false],"trp-custom-language-flag":["https:\/\/rmvapebang.com\/wp-content\/uploads\/2025\/01\/JNR-Falcon-X-vape-18000-PUFFS-top-sale-1.webp",12,12,false],"woocommerce_thumbnail":["https:\/\/rmvapebang.com\/wp-content\/uploads\/2025\/01\/JNR-Falcon-X-vape-18000-PUFFS-top-sale-1-300x300.webp",300,300,true],"woocommerce_single":["https:\/\/rmvapebang.com\/wp-content\/uploads\/2025\/01\/JNR-Falcon-X-vape-18000-PUFFS-top-sale-1-600x600.webp",600,600,true],"woocommerce_gallery_thumbnail":["https:\/\/rmvapebang.com\/wp-content\/uploads\/2025\/01\/JNR-Falcon-X-vape-18000-PUFFS-top-sale-1-100x100.webp",100,100,true],"wcpr-photo-reviews":["https:\/\/rmvapebang.com\/wp-content\/uploads\/2025\/01\/JNR-Falcon-X-vape-18000-PUFFS-top-sale-1.webp",500,500,false]},"uagb_author_info":{"display_name":"Lyn","author_link":"https:\/\/rmvapebang.com\/fr\/author\/"},"uagb_comment_info":0,"uagb_excerpt":"NOTE:\u00a0Prices on the website don\u2019t include shipping fee. Please send your zip code and address that we can check shipping costs for you. JNR FALCON-X vape have 18000 Puffs Wholesale Price Vape Rechargeable and design with eagle pattern. JNR crystal electronic vape 18k puffs is a high-capacity rechargeable vape device offering 18000 puffs with 29\u2026","_links":{"self":[{"href":"https:\/\/rmvapebang.com\/fr\/wp-json\/wp\/v2\/product\/3469","targetHints":{"allow":["GET"]}}],"collection":[{"href":"https:\/\/rmvapebang.com\/fr\/wp-json\/wp\/v2\/product"}],"about":[{"href":"https:\/\/rmvapebang.com\/fr\/wp-json\/wp\/v2\/types\/product"}],"replies":[{"embeddable":true,"href":"https:\/\/rmvapebang.com\/fr\/wp-json\/wp\/v2\/comments?post=3469"}],"wp:featuredmedia":[{"embeddable":true,"href":"https:\/\/rmvapebang.com\/fr\/wp-json\/wp\/v2\/media\/3467"}],"wp:attachment":[{"href":"https:\/\/rmvapebang.com\/fr\/wp-json\/wp\/v2\/media?parent=3469"}],"wp:term":[{"taxonomy":"product_brand","embeddable":true,"href":"https:\/\/rmvapebang.com\/fr\/wp-json\/wp\/v2\/product_brand?post=3469"},{"taxonomy":"product_cat","embeddable":true,"href":"https:\/\/rmvapebang.com\/fr\/wp-json\/wp\/v2\/product_cat?post=3469"},{"taxonomy":"product_tag","embeddable":true,"href":"https:\/\/rmvapebang.com\/fr\/wp-json\/wp\/v2\/product_tag?post=3469"}],"curies":[{"name":"wp","href":"https:\/\/api.w.org\/{rel}","templated":true}]}}