{"id":3433,"date":"2024-12-31T16:08:10","date_gmt":"2024-12-31T08:08:10","guid":{"rendered":"https:\/\/rmvapebang.com\/?post_type=product&#038;p=3433"},"modified":"2025-09-03T11:40:45","modified_gmt":"2025-09-03T03:40:45","slug":"bood-twins-46000-puff-discount-price-disposable-vape-hot-sale","status":"publish","type":"product","link":"https:\/\/rmvapebang.com\/fr\/product\/bood-twins-46000-puff-discount-price-disposable-vape-hot-sale\/","title":{"rendered":"BOOD TWINS 46000 BOUFF\u00c9ES Prix r\u00e9duit Vape jetable Vente chaude"},"content":{"rendered":"<h2>BOOD TWINS 46000 BOUFF\u00c9ES Prix r\u00e9duit Vape jetable Vente chaude<\/h2>\n<p>BOOD TWINS 46000 PUFF Prix r\u00e9duit Vape jetable Hot Sale est un tournant dans le monde du vapotage, alliant innovation et performances exceptionnelles. Vape de BOOD TWINS <a href=\"https:\/\/rmvapebang.com\/fr\/product-category\/vape-46000-puffs\/\">46000 vape jetable<\/a> poss\u00e8de une batterie rechargeable de 650 mAh et offre jusqu'\u00e0 46000 bouff\u00e9es, garantissant une exp\u00e9rience durable et satisfaisante.<\/p>\n<p>Le <a href=\"https:\/\/rmvapebang.com\/fr\/product-category\/bood-vapes\/\">BOOD vapotage<\/a> Le 46000 a 10 saveurs irr\u00e9sistibles, chacune \u00e9tant 2 en 1. Cette vape jetable Bood 46000 est con\u00e7ue pour offrir commodit\u00e9 et qualit\u00e9. La double bobine en maille offre une vapeur constante et riche. La nicotine de sel 2 % ou 5 % vous permet de choisir votre taux de nicotine. Compacte et l\u00e9g\u00e8re, la vape BOOD est parfaite pour les d\u00e9butants et les utilisateurs exp\u00e9riment\u00e9s \u00e0 la recherche d'une vape jetable fiable et performante. La fonction de recharge de vape de Bood Twins 46k bouff\u00e9es garantit une utilisation ininterrompue, ce qui en fait un choix exceptionnel pour le vapotage quotidien.<\/p>\n<p>Jumeaux BOOD <a href=\"https:\/\/rmvapebang.com\/fr\/product-category\/vape-46000-puffs\/\">Vape jetable 46000 bouff\u00e9es<\/a> \u00e0 un prix r\u00e9duit, vente chaude. Parfait pour un usage personnel ou des achats en gros, le 46000 bouff\u00e9es de BOOD TWINS offre une valeur et des performances in\u00e9gal\u00e9es. Que vous l'utilisiez ou le vendiez, le BOOD Twins est une option haut de gamme qui allie style, fonctionnalit\u00e9 et prix abordable. Am\u00e9liorez votre exp\u00e9rience de vapotage avec cet appareil de premier ordre d\u00e8s aujourd'hui !<\/p>\n<p><img loading=\"lazy\" decoding=\"async\" class=\"alignnone wp-image-3431 size-full\" src=\"http:\/\/rmvapebang.com\/wp-content\/uploads\/2024\/12\/BOOD-DUAL-FLAVORS-46K-PUFFS-BEST-PRICE.webp\" alt=\"BOOD DOUBLE SAVEURS 46K BOUFF\u00c9ES MEILLEUR PRIX\" width=\"800\" height=\"800\" srcset=\"https:\/\/rmvapebang.com\/wp-content\/uploads\/2024\/12\/BOOD-DUAL-FLAVORS-46K-PUFFS-BEST-PRICE.webp 800w, https:\/\/rmvapebang.com\/wp-content\/uploads\/2024\/12\/BOOD-DUAL-FLAVORS-46K-PUFFS-BEST-PRICE-300x300.webp 300w, https:\/\/rmvapebang.com\/wp-content\/uploads\/2024\/12\/BOOD-DUAL-FLAVORS-46K-PUFFS-BEST-PRICE-150x150.webp 150w, https:\/\/rmvapebang.com\/wp-content\/uploads\/2024\/12\/BOOD-DUAL-FLAVORS-46K-PUFFS-BEST-PRICE-768x768.webp 768w, https:\/\/rmvapebang.com\/wp-content\/uploads\/2024\/12\/BOOD-DUAL-FLAVORS-46K-PUFFS-BEST-PRICE-600x600.webp 600w, https:\/\/rmvapebang.com\/wp-content\/uploads\/2024\/12\/BOOD-DUAL-FLAVORS-46K-PUFFS-BEST-PRICE-100x100.webp 100w\" sizes=\"auto, (max-width: 800px) 100vw, 800px\" \/><\/p>\n<h3><strong>Quelles sont les saveurs pour BOOD twins 46k bouff\u00e9es<\/strong><strong>\u00a0<\/strong><strong>vape ?<\/strong><\/h3>\n<p>1.Past\u00e8que<br \/>\n2.Pomme<br \/>\n3.Citron vert<br \/>\n4.Pomme verte<br \/>\n5.Framboise acide myrtille<br \/>\n6.Framboise cassis<br \/>\n7. P\u00eache Mangue<br \/>\n8. Raisin<br \/>\n9. Limonade Rose<br \/>\n10. Raisin Vert<\/p>\n<h2>Sp\u00e9cifications pour <strong>Bood vape 46000 JUMEAUX <\/strong>Bouff\u00e9es\u00a0:<\/h2>\n<p>\u2013 <span style=\"color: #ff0000\"><em><strong>46000<\/strong><\/em><\/span> Bouff\u00e9es<br \/>\n\u2013 <span style=\"color: #ff0000\"><em><strong>10<\/strong> <\/em><\/span>Saveurs<br \/>\n\u2013 <span style=\"color: #ff0000\"><strong><em>2%\/5%<\/em><\/strong><\/span> Teneur en nicotine<br \/>\n\u2013 <span style=\"color: #ff0000\"><strong><em>30 mL<\/em><\/strong><\/span> de la capacit\u00e9 d'e-liquide<br \/>\n\u2013 Capacit\u00e9 de la batterie <span style=\"color: #ff0000\"><em><strong>650 mAh<\/strong><\/em><\/span><\/p>\n<h3>FAQ\u00a0:<\/h3>\n<p>Q : Quelle est la quantit\u00e9 minimum de commande (MOQ) pour la vape jetable rechargeable TWINS de Bood ?<\/p>\n<p>R : La quantit\u00e9 minimum de commande (MOQ) pour la vape BOOD 46K est de 50 pi\u00e8ces.<\/p>\n<p>Q\u00a0: Quel est le d\u00e9lai de livraison pour la Vape rechargeable que j'ai command\u00e9e\u00a0?<\/p>\n<p>R : G\u00e9n\u00e9ralement, le d\u00e9lai de livraison pour la vape rechargeable est de 10 \u00e0 15 jours apr\u00e8s l'exp\u00e9dition.<\/p>\n<p>Q : Quel est le co\u00fbt d'exp\u00e9dition pour la vape Bood 46k Puffs, une de nos meilleures ventes ?<\/p>\n<p>R : Le co\u00fbt d'exp\u00e9dition varie en fonction du poids de la commande. Des quantit\u00e9s diff\u00e9rentes peuvent avoir des co\u00fbts d'exp\u00e9dition diff\u00e9rents. Veuillez nous contacter pour confirmer le co\u00fbt d'exp\u00e9dition de votre commande sp\u00e9cifique.<\/p>\n<p>Q : La vape jetable TWINS de BOOD 46000 peut-elle \u00eatre exp\u00e9di\u00e9e en France ?<\/p>\n<p>R : Oui, nous pouvons exp\u00e9dier la vape jetable 46000 de Bood vers la plupart des pays europ\u00e9ens, y compris, mais sans s'y limiter, les Pays-Bas, l'Allemagne, la France, l'Espagne, l'Italie, la Belgique, le Luxembourg, l'Autriche, la R\u00e9publique tch\u00e8que, la Slovaquie, la Hongrie, la Slov\u00e9nie, la Roumanie, la Bulgarie, la Gr\u00e8ce, la Pologne, la Su\u00e8de, l'Irlande, le Portugal, la Finlande, l'Estonie, la Lettonie et la Lituanie. Si vous avez des questions sp\u00e9cifiques concernant l'exp\u00e9dition vers votre pays, n'h\u00e9sitez pas \u00e0 nous contacter pour plus d'assistance.<\/p>\n<p><strong>Contactez Lyn pour plus de vid\u00e9os de produits\u00a0!<\/strong><\/p>\n<p><a href=\"https:\/\/wa.me\/8617840853976\"><span style=\"color: #ff6600\"><strong><em>Whatsapp : +86 17840853976<\/em><\/strong><\/span><\/a><\/p>\n<p><img loading=\"lazy\" decoding=\"async\" class=\"alignnone size-medium wp-image-1905\" src=\"http:\/\/rmvapebang.com\/wp-content\/uploads\/2024\/03\/whatsapp-vape-2-202x300.jpg\" alt=\"\" width=\"202\" height=\"300\" \/><\/p>\n<p>Trouvez plus de produits que vous pourriez aimer\u00a0:<a href=\"https:\/\/rmvapebang.com\/fr\/shop-page\/\"><strong><em>Achetez maintenant<\/em><\/strong><\/a><\/p>\n<p>autres bouff\u00e9es que vous pourriez aimer\u00a0:<a href=\"https:\/\/rmvapebang.com\/fr\/product\/bood-infinity-30k-puff-bulk-price-disposable-vape-top-sale\/\">BOOD Infinity 30k bouff\u00e9es<\/a><a href=\"https:\/\/rmvapebang.com\/fr\/product\/waspe-20000-puffs-wholesale-price-20k-vape\/\">\/<\/a><a href=\"https:\/\/rmvapebang.com\/fr\/product\/bang-king-25000-puffs-good-price-25k-vape\/\">Bang roi 25k vape<\/a>\/<a href=\"https:\/\/rmvapebang.com\/fr\/product\/vopk-ultra-30000-puffs-wholesale-large-screen-factory-price-dual-flavors-vape\/\">vopk ultra 30k bouff\u00e9es<\/a>\/<a href=\"https:\/\/rmvapebang.com\/fr\/product\/bang-box-35k-bulk-price-factory-sale-dual-screen-vape\/\">Bangbox 30000 vape \u00e0 double \u00e9cran<\/a>\/<a href=\"https:\/\/rmvapebang.com\/fr\/product\/vozol-gear-power-20000-puffs-disposable-vape-bulk-price-good-sale\/\">vozol gear power 20k bouff\u00e9es<\/a><\/p>","protected":false},"excerpt":{"rendered":"<p>BOOD TWINS 46k vape Puffs prix r\u00e9duit Vape Rechargeable est un appareil de vape de grande capacit\u00e9 offrant 46000 bouff\u00e9es avec 10 saveurs, des niveaux de nicotine 2 %\/5 % \u00e0 un prix de gros, la meilleure vente.<\/p>\n<p><a href=\"https:\/\/wa.me\/8617840853976\"><strong><em>Whatsapp : +86 17840853976<\/em><\/strong><\/a><\/p>\n<p>Scannez sur WhatsApp pour un coupon Nouveau Client<\/p>\n<p><img loading=\"lazy\" decoding=\"async\" class=\"alignnone size-medium wp-image-1905\" src=\"http:\/\/rmvapebang.com\/wp-content\/uploads\/2024\/03\/whatsapp-vape-2-202x300.jpg\" alt=\"\" width=\"202\" height=\"300\" \/><\/p>\n<p><span style=\"color: #ff0000\"><em><strong>REMARQUE<\/strong>: Les prix sur le site web n'incluent pas les frais d'exp\u00e9dition. Veuillez envoyer votre code postal et votre adresse afin que nous puissions v\u00e9rifier les frais d'exp\u00e9dition pour vous.<\/em><\/span><\/p>","protected":false},"featured_media":3428,"comment_status":"open","ping_status":"closed","template":"","meta":{"_uag_custom_page_level_css":"","_lmt_disableupdate":"no","_lmt_disable":"","site-sidebar-layout":"no-sidebar","site-content-layout":"boxed-container","ast-site-content-layout":"normal-width-container","site-content-style":"boxed","site-sidebar-style":"boxed","ast-global-header-display":"","ast-banner-title-visibility":"","ast-main-header-display":"","ast-hfb-above-header-display":"","ast-hfb-below-header-display":"","ast-hfb-mobile-header-display":"","site-post-title":"","ast-breadcrumbs-content":"","ast-featured-img":"","footer-sml-layout":"","theme-transparent-header-meta":"default","adv-header-id-meta":"","stick-header-meta":"","header-above-stick-meta":"","header-main-stick-meta":"","header-below-stick-meta":"","astra-migrate-meta-layouts":"set","ast-page-background-enabled":"default","ast-page-background-meta":{"desktop":{"background-color":"","background-image":"","background-repeat":"repeat","background-position":"center center","background-size":"auto","background-attachment":"scroll","background-type":"","background-media":"","overlay-type":"","overlay-color":"","overlay-gradient":""},"tablet":{"background-color":"","background-image":"","background-repeat":"repeat","background-position":"center center","background-size":"auto","background-attachment":"scroll","background-type":"","background-media":"","overlay-type":"","overlay-color":"","overlay-gradient":""},"mobile":{"background-color":"","background-image":"","background-repeat":"repeat","background-position":"center center","background-size":"auto","background-attachment":"scroll","background-type":"","background-media":"","overlay-type":"","overlay-color":"","overlay-gradient":""}},"ast-content-background-meta":{"desktop":{"background-color":"var(--ast-global-color-5)","background-image":"","background-repeat":"repeat","background-position":"center center","background-size":"auto","background-attachment":"scroll","background-type":"","background-media":"","overlay-type":"","overlay-color":"","overlay-gradient":""},"tablet":{"background-color":"var(--ast-global-color-5)","background-image":"","background-repeat":"repeat","background-position":"center center","background-size":"auto","background-attachment":"scroll","background-type":"","background-media":"","overlay-type":"","overlay-color":"","overlay-gradient":""},"mobile":{"background-color":"var(--ast-global-color-5)","background-image":"","background-repeat":"repeat","background-position":"center center","background-size":"auto","background-attachment":"scroll","background-type":"","background-media":"","overlay-type":"","overlay-color":"","overlay-gradient":""}},"_joinchat":[]},"product_brand":[],"product_cat":[148,39,41,42,40,154,43],"product_tag":[155,156,50,61,58,53,52],"class_list":{"0":"post-3433","1":"product","2":"type-product","3":"status-publish","4":"has-post-thumbnail","6":"product_cat-bood-vapes","7":"product_cat-france-wholesale-vape","8":"product_cat-netherlands-wholesale-vape","9":"product_cat-spain-wholesale-vape","10":"product_cat-germany-wholesale-vape","11":"product_cat-vape-46000-puffs","12":"product_cat-vape-shop","13":"product_tag-46000-puffs","14":"product_tag-46k-puffs","15":"product_tag-bulk-price-vape-shop","16":"product_tag-good-sales-vape","17":"product_tag-moq-50pcs","18":"product_tag-rechargeable-vape","19":"product_tag-vape-wholesasle-price","20":"desktop-align-left","21":"tablet-align-left","22":"mobile-align-left","24":"first","25":"instock","26":"sale","27":"shipping-taxable","28":"purchasable","29":"product-type-simple"},"yoast_head":"<!-- This site is optimized with the Yoast SEO plugin v23.0 - https:\/\/yoast.com\/wordpress\/plugins\/seo\/ -->\n<title>BOOD TWINS 46000 PUFF Discount Price Disposable Vape Hot Sale - rmvapebang.com<\/title>\n<meta name=\"description\" content=\"Contact now to get bulk Price BOOD twins 46k vape!and have 2%\/5% nicotine and 10 flavors to choose,disposable 46000 puffs of bood vape top sale.\" \/>\n<meta name=\"robots\" content=\"index, follow, max-snippet:-1, max-image-preview:large, max-video-preview:-1\" \/>\n<link rel=\"canonical\" href=\"https:\/\/rmvapebang.com\/fr\/product\/bood-twins-46000-puff-discount-price-disposable-vape-hot-sale\/\" \/>\n<meta property=\"og:locale\" content=\"fr_FR\" \/>\n<meta property=\"og:type\" content=\"article\" \/>\n<meta property=\"og:title\" content=\"BOOD TWINS 46000 PUFF Discount Price Disposable Vape Hot Sale - rmvapebang.com\" \/>\n<meta property=\"og:description\" content=\"Contact now to get bulk Price BOOD twins 46k vape!and have 2%\/5% nicotine and 10 flavors to choose,disposable 46000 puffs of bood vape top sale.\" \/>\n<meta property=\"og:url\" content=\"https:\/\/rmvapebang.com\/fr\/product\/bood-twins-46000-puff-discount-price-disposable-vape-hot-sale\/\" \/>\n<meta property=\"og:site_name\" content=\"rmvapebang.com\" \/>\n<meta property=\"article:modified_time\" content=\"2025-09-03T03:40:45+00:00\" \/>\n<meta property=\"og:image\" content=\"https:\/\/rmvapebang.com\/wp-content\/uploads\/2024\/12\/BOOD-DISPOSABLE-46K-PUFFS-TOP-SALE.webp\" \/>\n\t<meta property=\"og:image:width\" content=\"800\" \/>\n\t<meta property=\"og:image:height\" content=\"800\" \/>\n\t<meta property=\"og:image:type\" content=\"image\/webp\" \/>\n<meta name=\"twitter:card\" content=\"summary_large_image\" \/>\n<meta name=\"twitter:label1\" content=\"Dur\u00e9e de lecture estim\u00e9e\" \/>\n\t<meta name=\"twitter:data1\" content=\"3 minutes\" \/>\n<script type=\"application\/ld+json\" class=\"yoast-schema-graph\">{\"@context\":\"https:\/\/schema.org\",\"@graph\":[{\"@type\":\"WebPage\",\"@id\":\"https:\/\/rmvapebang.com\/product\/bood-twins-46000-puff-discount-price-disposable-vape-hot-sale\/\",\"url\":\"https:\/\/rmvapebang.com\/product\/bood-twins-46000-puff-discount-price-disposable-vape-hot-sale\/\",\"name\":\"BOOD TWINS 46000 PUFF Discount Price Disposable Vape Hot Sale - rmvapebang.com\",\"isPartOf\":{\"@id\":\"https:\/\/rmvapebang.com\/#website\"},\"primaryImageOfPage\":{\"@id\":\"https:\/\/rmvapebang.com\/product\/bood-twins-46000-puff-discount-price-disposable-vape-hot-sale\/#primaryimage\"},\"image\":{\"@id\":\"https:\/\/rmvapebang.com\/product\/bood-twins-46000-puff-discount-price-disposable-vape-hot-sale\/#primaryimage\"},\"thumbnailUrl\":\"https:\/\/rmvapebang.com\/wp-content\/uploads\/2024\/12\/BOOD-DISPOSABLE-46K-PUFFS-TOP-SALE.webp\",\"datePublished\":\"2024-12-31T08:08:10+00:00\",\"dateModified\":\"2025-09-03T03:40:45+00:00\",\"description\":\"Contact now to get bulk Price BOOD twins 46k vape!and have 2%\/5% nicotine and 10 flavors to choose,disposable 46000 puffs of bood vape top sale.\",\"breadcrumb\":{\"@id\":\"https:\/\/rmvapebang.com\/product\/bood-twins-46000-puff-discount-price-disposable-vape-hot-sale\/#breadcrumb\"},\"inLanguage\":\"fr-FR\",\"potentialAction\":[{\"@type\":\"ReadAction\",\"target\":[\"https:\/\/rmvapebang.com\/product\/bood-twins-46000-puff-discount-price-disposable-vape-hot-sale\/\"]}]},{\"@type\":\"ImageObject\",\"inLanguage\":\"fr-FR\",\"@id\":\"https:\/\/rmvapebang.com\/product\/bood-twins-46000-puff-discount-price-disposable-vape-hot-sale\/#primaryimage\",\"url\":\"https:\/\/rmvapebang.com\/wp-content\/uploads\/2024\/12\/BOOD-DISPOSABLE-46K-PUFFS-TOP-SALE.webp\",\"contentUrl\":\"https:\/\/rmvapebang.com\/wp-content\/uploads\/2024\/12\/BOOD-DISPOSABLE-46K-PUFFS-TOP-SALE.webp\",\"width\":800,\"height\":800,\"caption\":\"BOOD DISPOSABLE 46K PUFFS TOP SALE\"},{\"@type\":\"BreadcrumbList\",\"@id\":\"https:\/\/rmvapebang.com\/product\/bood-twins-46000-puff-discount-price-disposable-vape-hot-sale\/#breadcrumb\",\"itemListElement\":[{\"@type\":\"ListItem\",\"position\":1,\"name\":\"Home\",\"item\":\"https:\/\/rmvapebang.com\/\"},{\"@type\":\"ListItem\",\"position\":2,\"name\":\"Hot Vape Shop\",\"item\":\"https:\/\/rmvapebang.com\/shop-page\/\"},{\"@type\":\"ListItem\",\"position\":3,\"name\":\"BOOD TWINS 46000 PUFF Discount Price Disposable Vape Hot Sale\"}]},{\"@type\":\"WebSite\",\"@id\":\"https:\/\/rmvapebang.com\/#website\",\"url\":\"https:\/\/rmvapebang.com\/\",\"name\":\"rmvapebang.com\",\"description\":\"buy vape cheap\",\"publisher\":{\"@id\":\"https:\/\/rmvapebang.com\/#organization\"},\"potentialAction\":[{\"@type\":\"SearchAction\",\"target\":{\"@type\":\"EntryPoint\",\"urlTemplate\":\"https:\/\/rmvapebang.com\/?s={search_term_string}\"},\"query-input\":\"required name=search_term_string\"}],\"inLanguage\":\"fr-FR\"},{\"@type\":\"Organization\",\"@id\":\"https:\/\/rmvapebang.com\/#organization\",\"name\":\"rmvapebang.com\",\"url\":\"https:\/\/rmvapebang.com\/\",\"logo\":{\"@type\":\"ImageObject\",\"inLanguage\":\"fr-FR\",\"@id\":\"https:\/\/rmvapebang.com\/#\/schema\/logo\/image\/\",\"url\":\"https:\/\/rmvapebang.com\/wp-content\/uploads\/2024\/03\/cropped-RVBlogo.png\",\"contentUrl\":\"https:\/\/rmvapebang.com\/wp-content\/uploads\/2024\/03\/cropped-RVBlogo.png\",\"width\":507,\"height\":169,\"caption\":\"rmvapebang.com\"},\"image\":{\"@id\":\"https:\/\/rmvapebang.com\/#\/schema\/logo\/image\/\"}}]}<\/script>\n<!-- \/ Yoast SEO plugin. -->","yoast_head_json":{"title":"BOOD TWINS 46000 PUFF Discount Price Disposable Vape Hot Sale - rmvapebang.com","description":"Contact now to get bulk Price BOOD twins 46k vape!and have 2%\/5% nicotine and 10 flavors to choose,disposable 46000 puffs of bood vape top sale.","robots":{"index":"index","follow":"follow","max-snippet":"max-snippet:-1","max-image-preview":"max-image-preview:large","max-video-preview":"max-video-preview:-1"},"canonical":"https:\/\/rmvapebang.com\/fr\/product\/bood-twins-46000-puff-discount-price-disposable-vape-hot-sale\/","og_locale":"fr_FR","og_type":"article","og_title":"BOOD TWINS 46000 PUFF Discount Price Disposable Vape Hot Sale - rmvapebang.com","og_description":"Contact now to get bulk Price BOOD twins 46k vape!and have 2%\/5% nicotine and 10 flavors to choose,disposable 46000 puffs of bood vape top sale.","og_url":"https:\/\/rmvapebang.com\/fr\/product\/bood-twins-46000-puff-discount-price-disposable-vape-hot-sale\/","og_site_name":"rmvapebang.com","article_modified_time":"2025-09-03T03:40:45+00:00","og_image":[{"width":800,"height":800,"url":"https:\/\/rmvapebang.com\/wp-content\/uploads\/2024\/12\/BOOD-DISPOSABLE-46K-PUFFS-TOP-SALE.webp","type":"image\/webp"}],"twitter_card":"summary_large_image","twitter_misc":{"Dur\u00e9e de lecture estim\u00e9e":"3 minutes"},"schema":{"@context":"https:\/\/schema.org","@graph":[{"@type":"WebPage","@id":"https:\/\/rmvapebang.com\/product\/bood-twins-46000-puff-discount-price-disposable-vape-hot-sale\/","url":"https:\/\/rmvapebang.com\/product\/bood-twins-46000-puff-discount-price-disposable-vape-hot-sale\/","name":"BOOD TWINS 46000 PUFF Discount Price Disposable Vape Hot Sale - rmvapebang.com","isPartOf":{"@id":"https:\/\/rmvapebang.com\/#website"},"primaryImageOfPage":{"@id":"https:\/\/rmvapebang.com\/product\/bood-twins-46000-puff-discount-price-disposable-vape-hot-sale\/#primaryimage"},"image":{"@id":"https:\/\/rmvapebang.com\/product\/bood-twins-46000-puff-discount-price-disposable-vape-hot-sale\/#primaryimage"},"thumbnailUrl":"https:\/\/rmvapebang.com\/wp-content\/uploads\/2024\/12\/BOOD-DISPOSABLE-46K-PUFFS-TOP-SALE.webp","datePublished":"2024-12-31T08:08:10+00:00","dateModified":"2025-09-03T03:40:45+00:00","description":"Contact now to get bulk Price BOOD twins 46k vape!and have 2%\/5% nicotine and 10 flavors to choose,disposable 46000 puffs of bood vape top sale.","breadcrumb":{"@id":"https:\/\/rmvapebang.com\/product\/bood-twins-46000-puff-discount-price-disposable-vape-hot-sale\/#breadcrumb"},"inLanguage":"fr-FR","potentialAction":[{"@type":"ReadAction","target":["https:\/\/rmvapebang.com\/product\/bood-twins-46000-puff-discount-price-disposable-vape-hot-sale\/"]}]},{"@type":"ImageObject","inLanguage":"fr-FR","@id":"https:\/\/rmvapebang.com\/product\/bood-twins-46000-puff-discount-price-disposable-vape-hot-sale\/#primaryimage","url":"https:\/\/rmvapebang.com\/wp-content\/uploads\/2024\/12\/BOOD-DISPOSABLE-46K-PUFFS-TOP-SALE.webp","contentUrl":"https:\/\/rmvapebang.com\/wp-content\/uploads\/2024\/12\/BOOD-DISPOSABLE-46K-PUFFS-TOP-SALE.webp","width":800,"height":800,"caption":"BOOD DISPOSABLE 46K PUFFS TOP SALE"},{"@type":"BreadcrumbList","@id":"https:\/\/rmvapebang.com\/product\/bood-twins-46000-puff-discount-price-disposable-vape-hot-sale\/#breadcrumb","itemListElement":[{"@type":"ListItem","position":1,"name":"Home","item":"https:\/\/rmvapebang.com\/"},{"@type":"ListItem","position":2,"name":"Hot Vape Shop","item":"https:\/\/rmvapebang.com\/shop-page\/"},{"@type":"ListItem","position":3,"name":"BOOD TWINS 46000 PUFF Discount Price Disposable Vape Hot Sale"}]},{"@type":"WebSite","@id":"https:\/\/rmvapebang.com\/#website","url":"https:\/\/rmvapebang.com\/","name":"rmvapebang.com","description":"buy vape cheap","publisher":{"@id":"https:\/\/rmvapebang.com\/#organization"},"potentialAction":[{"@type":"SearchAction","target":{"@type":"EntryPoint","urlTemplate":"https:\/\/rmvapebang.com\/?s={search_term_string}"},"query-input":"required name=search_term_string"}],"inLanguage":"fr-FR"},{"@type":"Organization","@id":"https:\/\/rmvapebang.com\/#organization","name":"rmvapebang.com","url":"https:\/\/rmvapebang.com\/","logo":{"@type":"ImageObject","inLanguage":"fr-FR","@id":"https:\/\/rmvapebang.com\/#\/schema\/logo\/image\/","url":"https:\/\/rmvapebang.com\/wp-content\/uploads\/2024\/03\/cropped-RVBlogo.png","contentUrl":"https:\/\/rmvapebang.com\/wp-content\/uploads\/2024\/03\/cropped-RVBlogo.png","width":507,"height":169,"caption":"rmvapebang.com"},"image":{"@id":"https:\/\/rmvapebang.com\/#\/schema\/logo\/image\/"}}]}},"uagb_featured_image_src":{"full":["https:\/\/rmvapebang.com\/wp-content\/uploads\/2024\/12\/BOOD-DISPOSABLE-46K-PUFFS-TOP-SALE.webp",800,800,false],"thumbnail":["https:\/\/rmvapebang.com\/wp-content\/uploads\/2024\/12\/BOOD-DISPOSABLE-46K-PUFFS-TOP-SALE-150x150.webp",150,150,true],"medium":["https:\/\/rmvapebang.com\/wp-content\/uploads\/2024\/12\/BOOD-DISPOSABLE-46K-PUFFS-TOP-SALE-300x300.webp",300,300,true],"medium_large":["https:\/\/rmvapebang.com\/wp-content\/uploads\/2024\/12\/BOOD-DISPOSABLE-46K-PUFFS-TOP-SALE-768x768.webp",768,768,true],"large":["https:\/\/rmvapebang.com\/wp-content\/uploads\/2024\/12\/BOOD-DISPOSABLE-46K-PUFFS-TOP-SALE.webp",800,800,false],"1536x1536":["https:\/\/rmvapebang.com\/wp-content\/uploads\/2024\/12\/BOOD-DISPOSABLE-46K-PUFFS-TOP-SALE.webp",800,800,false],"2048x2048":["https:\/\/rmvapebang.com\/wp-content\/uploads\/2024\/12\/BOOD-DISPOSABLE-46K-PUFFS-TOP-SALE.webp",800,800,false],"trp-custom-language-flag":["https:\/\/rmvapebang.com\/wp-content\/uploads\/2024\/12\/BOOD-DISPOSABLE-46K-PUFFS-TOP-SALE.webp",12,12,false],"woocommerce_thumbnail":["https:\/\/rmvapebang.com\/wp-content\/uploads\/2024\/12\/BOOD-DISPOSABLE-46K-PUFFS-TOP-SALE-300x300.webp",300,300,true],"woocommerce_single":["https:\/\/rmvapebang.com\/wp-content\/uploads\/2024\/12\/BOOD-DISPOSABLE-46K-PUFFS-TOP-SALE-600x600.webp",600,600,true],"woocommerce_gallery_thumbnail":["https:\/\/rmvapebang.com\/wp-content\/uploads\/2024\/12\/BOOD-DISPOSABLE-46K-PUFFS-TOP-SALE-100x100.webp",100,100,true],"wcpr-photo-reviews":["https:\/\/rmvapebang.com\/wp-content\/uploads\/2024\/12\/BOOD-DISPOSABLE-46K-PUFFS-TOP-SALE.webp",500,500,false]},"uagb_author_info":{"display_name":"Lyn","author_link":"https:\/\/rmvapebang.com\/fr\/author\/"},"uagb_comment_info":0,"uagb_excerpt":"BOOD TWINS 46k vape Puffs discount Price Vape Rechargeable is a high-capacity vape device offering 46000 puffs with 10 flavors,2%\/5% nicotine levels in Bulk price best sale. Whatsapp:+86 17840853976 Scan on whatsapp for New Client coupon NOTE: Prices on the website don\u2019t include shipping fee. Please send your zip code and address that we can\u2026","_links":{"self":[{"href":"https:\/\/rmvapebang.com\/fr\/wp-json\/wp\/v2\/product\/3433","targetHints":{"allow":["GET"]}}],"collection":[{"href":"https:\/\/rmvapebang.com\/fr\/wp-json\/wp\/v2\/product"}],"about":[{"href":"https:\/\/rmvapebang.com\/fr\/wp-json\/wp\/v2\/types\/product"}],"replies":[{"embeddable":true,"href":"https:\/\/rmvapebang.com\/fr\/wp-json\/wp\/v2\/comments?post=3433"}],"wp:featuredmedia":[{"embeddable":true,"href":"https:\/\/rmvapebang.com\/fr\/wp-json\/wp\/v2\/media\/3428"}],"wp:attachment":[{"href":"https:\/\/rmvapebang.com\/fr\/wp-json\/wp\/v2\/media?parent=3433"}],"wp:term":[{"taxonomy":"product_brand","embeddable":true,"href":"https:\/\/rmvapebang.com\/fr\/wp-json\/wp\/v2\/product_brand?post=3433"},{"taxonomy":"product_cat","embeddable":true,"href":"https:\/\/rmvapebang.com\/fr\/wp-json\/wp\/v2\/product_cat?post=3433"},{"taxonomy":"product_tag","embeddable":true,"href":"https:\/\/rmvapebang.com\/fr\/wp-json\/wp\/v2\/product_tag?post=3433"}],"curies":[{"name":"wp","href":"https:\/\/api.w.org\/{rel}","templated":true}]}}