{"id":2858,"date":"2024-08-19T15:13:53","date_gmt":"2024-08-19T07:13:53","guid":{"rendered":"https:\/\/rmvapebang.com\/?post_type=product&#038;p=2858"},"modified":"2025-09-01T14:36:55","modified_gmt":"2025-09-01T06:36:55","slug":"bang-box-18000-smart-screen-vape-bulk-price-18k-puffs","status":"publish","type":"product","link":"https:\/\/rmvapebang.com\/fr\/product\/bang-box-18000-smart-screen-vape-bulk-price-18k-puffs\/","title":{"rendered":"Bang Box 18000 \u00c9cran Intelligent Vape Prix de Gros 18k Puffs"},"content":{"rendered":"<h2>Bang Box 18000 \u00c9cran Intelligent Vape Prix de Gros 18k Puffs<\/h2>\n<div class=\"flex-1 overflow-hidden\">\n<div class=\"react-scroll-to-bottom--css-rkeqe-79elbk h-full\">\n<div class=\"react-scroll-to-bottom--css-rkeqe-1n7m0yu\">\n<div class=\"flex flex-col text-sm pb-9\">\n<div class=\"w-full text-token-text-primary\" data-testid=\"conversation-turn-7\">\n<div class=\"px-4 py-2 justify-center text-base md:gap-6 m-auto\">\n<div class=\"flex flex-1 text-base mx-auto gap-3 md:px-5 lg:px-1 xl:px-5 md:max-w-3xl lg:max-w-[40rem] xl:max-w-[48rem] group final-completion\">\n<div class=\"relative flex w-full flex-col agent-turn\">\n<div class=\"flex-col gap-1 md:gap-3\">\n<div class=\"flex flex-grow flex-col max-w-full\">\n<div class=\"min-h-[20px] text-message flex flex-col items-start gap-3 whitespace-pre-wrap break-words [.text-message+&amp;]:mt-5 overflow-x-auto\" data-message-author-role=\"assistant\" data-message-id=\"a1f3b89f-a1c9-497d-a989-579b96e752e6\">\n<div class=\"markdown prose w-full break-words dark:prose-invert light\">\n<p><a href=\"https:\/\/rmvapebang.com\/fr\/product-category\/bang-box-vape\/\">Bo\u00eete Bang<\/a> Le Bangbox 18000 Puffs, une cigarette \u00e9lectronique dot\u00e9e d'un \u00e9cran intelligent, offre une exp\u00e9rience utilisateur fluide et efficace. Avec sa puissante batterie de 850 mAh et son taux de d\u00e9charge de 5 A, le Bangbox 18000 Puffs assure une utilisation continue et fiable tout au long de la journ\u00e9e.<\/p>\n<p>Bo\u00eete <a href=\"https:\/\/rmvapebang.com\/fr\/product-category\/vape-18000-puffs\/\">cigarette \u00e9lectronique 18000 bouff\u00e9es<\/a> Le Bangbox est \u00e9quip\u00e9 d'une r\u00e9sistance \u00e0 mailles de 1,0 ohm, garantissant une vapeur constante et d\u00e9licieuse \u00e0 chaque bouff\u00e9e.<\/p>\n<p>De plus, le Bangbox 18000 Puffs offre une capacit\u00e9 de 26 ml d'e-liquide, 12 saveurs diff\u00e9rentes et des options de teneur en nicotine de 2% et 5%, offrant diversit\u00e9 et commodit\u00e9. Le Bangbox 18000 Puffs peut \u00eatre recharg\u00e9 avec un chargeur Type-C, garantissant une charge rapide et s\u00fbre.<\/p>\n<p>Si vous essayez une cigarette \u00e9lectronique jetable pour la premi\u00e8re fois, le Bangbox 18000 Puffs sera un excellent choix.<\/p>\n<p><img loading=\"lazy\" decoding=\"async\" class=\"wp-image-2846\" src=\"http:\/\/rmvapebang.com\/wp-content\/uploads\/2024\/08\/Bangbox-vape-18000-puffs-good-price-1024x576.jpg\" alt=\"Bon prix pour la vape Bangbox 18000 Puffs\" width=\"956\" height=\"538\" srcset=\"https:\/\/rmvapebang.com\/wp-content\/uploads\/2024\/08\/Bangbox-vape-18000-puffs-good-price-1024x576.jpg 1024w, https:\/\/rmvapebang.com\/wp-content\/uploads\/2024\/08\/Bangbox-vape-18000-puffs-good-price-300x169.jpg 300w, https:\/\/rmvapebang.com\/wp-content\/uploads\/2024\/08\/Bangbox-vape-18000-puffs-good-price-768x432.jpg 768w, https:\/\/rmvapebang.com\/wp-content\/uploads\/2024\/08\/Bangbox-vape-18000-puffs-good-price-600x338.jpg 600w, https:\/\/rmvapebang.com\/wp-content\/uploads\/2024\/08\/Bangbox-vape-18000-puffs-good-price.jpg 1280w\" sizes=\"auto, (max-width: 956px) 100vw, 956px\" \/><\/p>\n<\/div>\n<\/div>\n<\/div>\n<\/div>\n<\/div>\n<\/div>\n<\/div>\n<\/div>\n<\/div>\n<\/div>\n<\/div>\n<\/div>\n<h2><strong>Quelles sont les saveurs pour le Bangbox 18000 Puffs ?<\/strong><\/h2>\n<p>1.Fraise kiwi<br \/>\n2. Myrtille glac\u00e9e<br \/>\n3.Fraise Past\u00e8que<br \/>\n4. glace \u00e0 la past\u00e8que<br \/>\n5. Myrtille framboise acidul\u00e9e glac\u00e9e<br \/>\n6. Framboise past\u00e8que<br \/>\n7. Sang de tigre<br \/>\n8.Glace Triple baie<br \/>\n9. Jus de p\u00eache<br \/>\n10. Fraise mangue<br \/>\n11. Pomme double<br \/>\n12. Mangue p\u00eache past\u00e8que<\/p>\n<p><span style=\"font-size: 1.7em;font-weight: bold\">Sp\u00e9cifications pour le Bangbox 18000 Puffs :<\/span><\/p>\n<p>\u2013\u00a0 <em><strong><span style=\"color: #ff0000\">18k<\/span><\/strong><\/em> Bouff\u00e9es<br \/>\n\u2013<em><strong><span style=\"color: #ff0000\">12<\/span><\/strong><\/em> Saveurs<br \/>\n\u2013 <em><strong><span style=\"color: #ff0000\">2%\/5%<\/span><\/strong><\/em> Teneur en nicotine<br \/>\n\u2013 <em><strong><span style=\"color: #ff0000\">26 mL<\/span><\/strong><\/em> de la capacit\u00e9 d'e-liquide<br \/>\n\u2013 Capacit\u00e9 de la batterie <em><strong><span style=\"color: #ff0000\">850 mAh<\/span><\/strong><\/em><\/p>\n<h3>FAQ\u00a0:<\/h3>\n<p>Q : Quel est le MOQ du Bangbox 18000 Puffs ?<\/p>\n<p>R : La quantit\u00e9 minimale de commande (MOQ) pour le Bangbox 18000 Puffs est de 50 pi\u00e8ces.<\/p>\n<p>Q : Quel est le d\u00e9lai de livraison pour la cigarette \u00e9lectronique Bangbox 18000 Puffs que j'ai command\u00e9e ?<\/p>\n<p>R : En r\u00e8gle g\u00e9n\u00e9rale, le d\u00e9lai de livraison pour les vapes Bang vape 18000 Puffs est de 10 \u00e0 15 jours apr\u00e8s l'exp\u00e9dition.<\/p>\n<p>Q: Combien co\u00fbte l'exp\u00e9dition pour les Vapes Bang 15000?<\/p>\n<p>R : Le co\u00fbt d'exp\u00e9dition varie en fonction du poids de la commande. Des quantit\u00e9s diff\u00e9rentes peuvent avoir des co\u00fbts d'exp\u00e9dition diff\u00e9rents. Veuillez nous contacter pour confirmer le co\u00fbt d'exp\u00e9dition de votre commande sp\u00e9cifique.<\/p>\n<p>Q : La vape Bangbox 18000 Puffs peut-elle \u00eatre exp\u00e9di\u00e9e en France ?<\/p>\n<p>R : Oui, nous pouvons exp\u00e9dier la vape Bangbox 18000 Puffs vers la plupart des pays europ\u00e9ens, y compris, mais sans s'y limiter, les Pays-Bas, l'Allemagne, la France, l'Espagne, l'Italie, la Belgique, le Luxembourg, l'Autriche, la Tch\u00e9quie, la Slovaquie, la Hongrie, la Slov\u00e9nie, la Roumanie, la Bulgarie, la Gr\u00e8ce, la Pologne, la Su\u00e8de, l'Irlande, le Portugal, la Finlande, l'Estonie, la Lettonie et la Lituanie. Si vous avez des questions sp\u00e9cifiques concernant l'exp\u00e9dition vers votre pays, n'h\u00e9sitez pas \u00e0 nous contacter pour plus d'assistance.<\/p>\n<p><strong>Contactez Lyn pour plus de vid\u00e9os de produits\u00a0!<\/strong><\/p>\n<p><a href=\"https:\/\/wa.me\/8617840853976\"><span style=\"color: #ff6600\"><strong><em>Whatsapp : +86 17840853976<\/em><\/strong><\/span><\/a><\/p>\n<p><img loading=\"lazy\" decoding=\"async\" class=\"alignnone size-medium wp-image-1905\" src=\"http:\/\/rmvapebang.com\/wp-content\/uploads\/2024\/03\/whatsapp-vape-2-202x300.jpg\" alt=\"\" width=\"202\" height=\"300\" \/><\/p>\n<p>Trouvez plus de produits que vous pourriez aimer\u00a0:<a href=\"https:\/\/rmvapebang.com\/fr\/shop-page\/\"><strong><em>Achetez maintenant<\/em><\/strong><\/a><\/p>\n<p>autres bouff\u00e9es que vous pourriez aimer\u00a0:<a href=\"https:\/\/rmvapebang.com\/fr\/product\/mrvi-puffing-15k-puffs-wholesale-price-15000\/\">Cigarette \u00e9lectronique MRVI PUFFING 15K<\/a><a href=\"https:\/\/rmvapebang.com\/fr\/product\/randm-tornado-7000-puffs-hot-sales-wholesale-price-7k-vape\/\">\u00a0\/RM 7K Bouff\u00e9es\u00a0<\/a> \/<a href=\"https:\/\/rmvapebang.com\/fr\/product\/bangbox-9k-18k-puffs-geek-bar-with-bulk-price-vapes\/\">Vapes Bang Box 9k 18k<\/a>\/<a href=\"https:\/\/rmvapebang.com\/fr\/product\/aivono-15k-puffs-bulk-price-15000-vapes\/\">aivono 15k vapoteuse<\/a>\/<a href=\"https:\/\/rmvapebang.com\/fr\/product\/elf-box-bar-600-puffs-wholesale-price-vapes\/\">ELF BAR 600 PUFFS<\/a><\/p>\n<p><span style=\"color: #ff0000\"><strong>Remarque: Tous les produits n'incluent pas les frais de port!!!<\/strong><\/span><\/p>","protected":false},"excerpt":{"rendered":"<p>Bang Box vape 18000 Puffs Prix de gros Vape Rechargeable, design de bo\u00eete m\u00eame mod\u00e8le que la bo\u00eete Bang 20k<\/p>\n<p>La Bang Box 18K est un dispositif de vape rechargeable de grande capacit\u00e9 offrant 15000 bouff\u00e9es avec 12 saveurs et des taux de nicotine de 2% \/ 5%.<\/p>\n<p><strong><em>Whatsapp :<a href=\"https:\/\/wa.me\/8617840853976\">+86 17840853976<\/a><\/em><\/strong><\/p>\n<p>Scannez sur WhatsApp pour un coupon Nouveau Client<\/p>\n<p><img loading=\"lazy\" decoding=\"async\" class=\"alignnone size-medium wp-image-1905\" src=\"http:\/\/rmvapebang.com\/wp-content\/uploads\/2024\/03\/whatsapp-vape-2-202x300.jpg\" alt=\"\" width=\"202\" height=\"300\" \/><\/p>","protected":false},"featured_media":2845,"comment_status":"open","ping_status":"closed","template":"","meta":{"_uag_custom_page_level_css":"","_lmt_disableupdate":"no","_lmt_disable":"","site-sidebar-layout":"no-sidebar","site-content-layout":"boxed-container","ast-site-content-layout":"normal-width-container","site-content-style":"boxed","site-sidebar-style":"boxed","ast-global-header-display":"","ast-banner-title-visibility":"","ast-main-header-display":"","ast-hfb-above-header-display":"","ast-hfb-below-header-display":"","ast-hfb-mobile-header-display":"","site-post-title":"","ast-breadcrumbs-content":"","ast-featured-img":"","footer-sml-layout":"","theme-transparent-header-meta":"default","adv-header-id-meta":"","stick-header-meta":"","header-above-stick-meta":"","header-main-stick-meta":"","header-below-stick-meta":"","astra-migrate-meta-layouts":"set","ast-page-background-enabled":"default","ast-page-background-meta":{"desktop":{"background-color":"","background-image":"","background-repeat":"repeat","background-position":"center center","background-size":"auto","background-attachment":"scroll","background-type":"","background-media":"","overlay-type":"","overlay-color":"","overlay-gradient":""},"tablet":{"background-color":"","background-image":"","background-repeat":"repeat","background-position":"center center","background-size":"auto","background-attachment":"scroll","background-type":"","background-media":"","overlay-type":"","overlay-color":"","overlay-gradient":""},"mobile":{"background-color":"","background-image":"","background-repeat":"repeat","background-position":"center center","background-size":"auto","background-attachment":"scroll","background-type":"","background-media":"","overlay-type":"","overlay-color":"","overlay-gradient":""}},"ast-content-background-meta":{"desktop":{"background-color":"var(--ast-global-color-5)","background-image":"","background-repeat":"repeat","background-position":"center center","background-size":"auto","background-attachment":"scroll","background-type":"","background-media":"","overlay-type":"","overlay-color":"","overlay-gradient":""},"tablet":{"background-color":"var(--ast-global-color-5)","background-image":"","background-repeat":"repeat","background-position":"center center","background-size":"auto","background-attachment":"scroll","background-type":"","background-media":"","overlay-type":"","overlay-color":"","overlay-gradient":""},"mobile":{"background-color":"var(--ast-global-color-5)","background-image":"","background-repeat":"repeat","background-position":"center center","background-size":"auto","background-attachment":"scroll","background-type":"","background-media":"","overlay-type":"","overlay-color":"","overlay-gradient":""}},"_joinchat":[]},"product_brand":[],"product_cat":[122,39,41,42,40,78,43],"product_tag":[71,72,50,51,67,57,58,53,52],"class_list":{"0":"post-2858","1":"product","2":"type-product","3":"status-publish","4":"has-post-thumbnail","6":"product_cat-bang-box-vape","7":"product_cat-france-wholesale-vape","8":"product_cat-netherlands-wholesale-vape","9":"product_cat-spain-wholesale-vape","10":"product_cat-germany-wholesale-vape","11":"product_cat-vape-18000-puffs","12":"product_cat-vape-shop","13":"product_tag-18000-puffs","14":"product_tag-18k-puffs","15":"product_tag-bulk-price-vape-shop","16":"product_tag-disposable-vape","17":"product_tag-fast-price-sales","18":"product_tag-minimum-order-quantity-50pcs","19":"product_tag-moq-50pcs","20":"product_tag-rechargeable-vape","21":"product_tag-vape-wholesasle-price","22":"desktop-align-left","23":"tablet-align-left","24":"mobile-align-left","26":"first","27":"instock","28":"sale","29":"shipping-taxable","30":"purchasable","31":"product-type-simple"},"yoast_head":"<!-- This site is optimized with the Yoast SEO plugin v23.0 - https:\/\/yoast.com\/wordpress\/plugins\/seo\/ -->\n<title>Bang Box 18000 Smart Screen Vape Bulk Price 18k Puffs - rmvapebang.com<\/title>\n<meta name=\"description\" content=\"Bang Box 18K Puffs Wholesale Price,2% and 5% nicotine,12 flavors to choose. Contact now to get Wholesale Price of Bang Box 18000 vape! min order is 50pcs\" \/>\n<meta name=\"robots\" content=\"index, follow, max-snippet:-1, max-image-preview:large, max-video-preview:-1\" \/>\n<link rel=\"canonical\" href=\"https:\/\/rmvapebang.com\/fr\/product\/bang-box-18000-smart-screen-vape-bulk-price-18k-puffs\/\" \/>\n<meta property=\"og:locale\" content=\"fr_FR\" \/>\n<meta property=\"og:type\" content=\"article\" \/>\n<meta property=\"og:title\" content=\"Bang Box 18000 Smart Screen Vape Bulk Price 18k Puffs - rmvapebang.com\" \/>\n<meta property=\"og:description\" content=\"Bang Box 18K Puffs Wholesale Price,2% and 5% nicotine,12 flavors to choose. Contact now to get Wholesale Price of Bang Box 18000 vape! min order is 50pcs\" \/>\n<meta property=\"og:url\" content=\"https:\/\/rmvapebang.com\/fr\/product\/bang-box-18000-smart-screen-vape-bulk-price-18k-puffs\/\" \/>\n<meta property=\"og:site_name\" content=\"rmvapebang.com\" \/>\n<meta property=\"article:modified_time\" content=\"2025-09-01T06:36:55+00:00\" \/>\n<meta property=\"og:image\" content=\"https:\/\/rmvapebang.com\/wp-content\/uploads\/2024\/08\/Bangbox-vape-18000-puffs-bulk-price.png\" \/>\n\t<meta property=\"og:image:width\" content=\"1000\" \/>\n\t<meta property=\"og:image:height\" content=\"1000\" \/>\n\t<meta property=\"og:image:type\" content=\"image\/png\" \/>\n<meta name=\"twitter:card\" content=\"summary_large_image\" \/>\n<meta name=\"twitter:label1\" content=\"Dur\u00e9e de lecture estim\u00e9e\" \/>\n\t<meta name=\"twitter:data1\" content=\"3 minutes\" \/>\n<script type=\"application\/ld+json\" class=\"yoast-schema-graph\">{\"@context\":\"https:\/\/schema.org\",\"@graph\":[{\"@type\":\"WebPage\",\"@id\":\"https:\/\/rmvapebang.com\/hu\/product\/bang-box-18000-smart-screen-vape-bulk-price-18k-puffs\/\",\"url\":\"https:\/\/rmvapebang.com\/hu\/product\/bang-box-18000-smart-screen-vape-bulk-price-18k-puffs\/\",\"name\":\"Bang Box 18000 Smart Screen Vape Bulk Price 18k Puffs - rmvapebang.com\",\"isPartOf\":{\"@id\":\"https:\/\/rmvapebang.com\/#website\"},\"primaryImageOfPage\":{\"@id\":\"https:\/\/rmvapebang.com\/hu\/product\/bang-box-18000-smart-screen-vape-bulk-price-18k-puffs\/#primaryimage\"},\"image\":{\"@id\":\"https:\/\/rmvapebang.com\/hu\/product\/bang-box-18000-smart-screen-vape-bulk-price-18k-puffs\/#primaryimage\"},\"thumbnailUrl\":\"https:\/\/rmvapebang.com\/wp-content\/uploads\/2024\/08\/Bangbox-vape-18000-puffs-bulk-price.png\",\"datePublished\":\"2024-08-19T07:13:53+00:00\",\"dateModified\":\"2025-09-01T06:36:55+00:00\",\"description\":\"Bang Box 18K Puffs Wholesale Price,2% and 5% nicotine,12 flavors to choose. Contact now to get Wholesale Price of Bang Box 18000 vape! min order is 50pcs\",\"breadcrumb\":{\"@id\":\"https:\/\/rmvapebang.com\/hu\/product\/bang-box-18000-smart-screen-vape-bulk-price-18k-puffs\/#breadcrumb\"},\"inLanguage\":\"fr-FR\",\"potentialAction\":[{\"@type\":\"ReadAction\",\"target\":[\"https:\/\/rmvapebang.com\/hu\/product\/bang-box-18000-smart-screen-vape-bulk-price-18k-puffs\/\"]}]},{\"@type\":\"ImageObject\",\"inLanguage\":\"fr-FR\",\"@id\":\"https:\/\/rmvapebang.com\/hu\/product\/bang-box-18000-smart-screen-vape-bulk-price-18k-puffs\/#primaryimage\",\"url\":\"https:\/\/rmvapebang.com\/wp-content\/uploads\/2024\/08\/Bangbox-vape-18000-puffs-bulk-price.png\",\"contentUrl\":\"https:\/\/rmvapebang.com\/wp-content\/uploads\/2024\/08\/Bangbox-vape-18000-puffs-bulk-price.png\",\"width\":1000,\"height\":1000,\"caption\":\"Bangbox vape 18000 puffs bulk price\"},{\"@type\":\"BreadcrumbList\",\"@id\":\"https:\/\/rmvapebang.com\/hu\/product\/bang-box-18000-smart-screen-vape-bulk-price-18k-puffs\/#breadcrumb\",\"itemListElement\":[{\"@type\":\"ListItem\",\"position\":1,\"name\":\"Home\",\"item\":\"https:\/\/rmvapebang.com\/\"},{\"@type\":\"ListItem\",\"position\":2,\"name\":\"Hot Vape Shop\",\"item\":\"https:\/\/rmvapebang.com\/shop-page\/\"},{\"@type\":\"ListItem\",\"position\":3,\"name\":\"Bang Box 18000 Smart Screen Vape Bulk Price 18k Puffs\"}]},{\"@type\":\"WebSite\",\"@id\":\"https:\/\/rmvapebang.com\/#website\",\"url\":\"https:\/\/rmvapebang.com\/\",\"name\":\"rmvapebang.com\",\"description\":\"buy vape cheap\",\"publisher\":{\"@id\":\"https:\/\/rmvapebang.com\/#organization\"},\"potentialAction\":[{\"@type\":\"SearchAction\",\"target\":{\"@type\":\"EntryPoint\",\"urlTemplate\":\"https:\/\/rmvapebang.com\/?s={search_term_string}\"},\"query-input\":\"required name=search_term_string\"}],\"inLanguage\":\"fr-FR\"},{\"@type\":\"Organization\",\"@id\":\"https:\/\/rmvapebang.com\/#organization\",\"name\":\"rmvapebang.com\",\"url\":\"https:\/\/rmvapebang.com\/\",\"logo\":{\"@type\":\"ImageObject\",\"inLanguage\":\"fr-FR\",\"@id\":\"https:\/\/rmvapebang.com\/#\/schema\/logo\/image\/\",\"url\":\"https:\/\/rmvapebang.com\/wp-content\/uploads\/2024\/03\/cropped-RVBlogo.png\",\"contentUrl\":\"https:\/\/rmvapebang.com\/wp-content\/uploads\/2024\/03\/cropped-RVBlogo.png\",\"width\":507,\"height\":169,\"caption\":\"rmvapebang.com\"},\"image\":{\"@id\":\"https:\/\/rmvapebang.com\/#\/schema\/logo\/image\/\"}}]}<\/script>\n<!-- \/ Yoast SEO plugin. -->","yoast_head_json":{"title":"Bang Box 18000 Smart Screen Vape Bulk Price 18k Puffs - rmvapebang.com","description":"Bang Box 18K Puffs Wholesale Price,2% and 5% nicotine,12 flavors to choose. Contact now to get Wholesale Price of Bang Box 18000 vape! min order is 50pcs","robots":{"index":"index","follow":"follow","max-snippet":"max-snippet:-1","max-image-preview":"max-image-preview:large","max-video-preview":"max-video-preview:-1"},"canonical":"https:\/\/rmvapebang.com\/fr\/product\/bang-box-18000-smart-screen-vape-bulk-price-18k-puffs\/","og_locale":"fr_FR","og_type":"article","og_title":"Bang Box 18000 Smart Screen Vape Bulk Price 18k Puffs - rmvapebang.com","og_description":"Bang Box 18K Puffs Wholesale Price,2% and 5% nicotine,12 flavors to choose. Contact now to get Wholesale Price of Bang Box 18000 vape! min order is 50pcs","og_url":"https:\/\/rmvapebang.com\/fr\/product\/bang-box-18000-smart-screen-vape-bulk-price-18k-puffs\/","og_site_name":"rmvapebang.com","article_modified_time":"2025-09-01T06:36:55+00:00","og_image":[{"width":1000,"height":1000,"url":"https:\/\/rmvapebang.com\/wp-content\/uploads\/2024\/08\/Bangbox-vape-18000-puffs-bulk-price.png","type":"image\/png"}],"twitter_card":"summary_large_image","twitter_misc":{"Dur\u00e9e de lecture estim\u00e9e":"3 minutes"},"schema":{"@context":"https:\/\/schema.org","@graph":[{"@type":"WebPage","@id":"https:\/\/rmvapebang.com\/hu\/product\/bang-box-18000-smart-screen-vape-bulk-price-18k-puffs\/","url":"https:\/\/rmvapebang.com\/hu\/product\/bang-box-18000-smart-screen-vape-bulk-price-18k-puffs\/","name":"Bang Box 18000 Smart Screen Vape Bulk Price 18k Puffs - rmvapebang.com","isPartOf":{"@id":"https:\/\/rmvapebang.com\/#website"},"primaryImageOfPage":{"@id":"https:\/\/rmvapebang.com\/hu\/product\/bang-box-18000-smart-screen-vape-bulk-price-18k-puffs\/#primaryimage"},"image":{"@id":"https:\/\/rmvapebang.com\/hu\/product\/bang-box-18000-smart-screen-vape-bulk-price-18k-puffs\/#primaryimage"},"thumbnailUrl":"https:\/\/rmvapebang.com\/wp-content\/uploads\/2024\/08\/Bangbox-vape-18000-puffs-bulk-price.png","datePublished":"2024-08-19T07:13:53+00:00","dateModified":"2025-09-01T06:36:55+00:00","description":"Bang Box 18K Puffs Wholesale Price,2% and 5% nicotine,12 flavors to choose. Contact now to get Wholesale Price of Bang Box 18000 vape! min order is 50pcs","breadcrumb":{"@id":"https:\/\/rmvapebang.com\/hu\/product\/bang-box-18000-smart-screen-vape-bulk-price-18k-puffs\/#breadcrumb"},"inLanguage":"fr-FR","potentialAction":[{"@type":"ReadAction","target":["https:\/\/rmvapebang.com\/hu\/product\/bang-box-18000-smart-screen-vape-bulk-price-18k-puffs\/"]}]},{"@type":"ImageObject","inLanguage":"fr-FR","@id":"https:\/\/rmvapebang.com\/hu\/product\/bang-box-18000-smart-screen-vape-bulk-price-18k-puffs\/#primaryimage","url":"https:\/\/rmvapebang.com\/wp-content\/uploads\/2024\/08\/Bangbox-vape-18000-puffs-bulk-price.png","contentUrl":"https:\/\/rmvapebang.com\/wp-content\/uploads\/2024\/08\/Bangbox-vape-18000-puffs-bulk-price.png","width":1000,"height":1000,"caption":"Bangbox vape 18000 puffs bulk price"},{"@type":"BreadcrumbList","@id":"https:\/\/rmvapebang.com\/hu\/product\/bang-box-18000-smart-screen-vape-bulk-price-18k-puffs\/#breadcrumb","itemListElement":[{"@type":"ListItem","position":1,"name":"Home","item":"https:\/\/rmvapebang.com\/"},{"@type":"ListItem","position":2,"name":"Hot Vape Shop","item":"https:\/\/rmvapebang.com\/shop-page\/"},{"@type":"ListItem","position":3,"name":"Bang Box 18000 Smart Screen Vape Bulk Price 18k Puffs"}]},{"@type":"WebSite","@id":"https:\/\/rmvapebang.com\/#website","url":"https:\/\/rmvapebang.com\/","name":"rmvapebang.com","description":"buy vape cheap","publisher":{"@id":"https:\/\/rmvapebang.com\/#organization"},"potentialAction":[{"@type":"SearchAction","target":{"@type":"EntryPoint","urlTemplate":"https:\/\/rmvapebang.com\/?s={search_term_string}"},"query-input":"required name=search_term_string"}],"inLanguage":"fr-FR"},{"@type":"Organization","@id":"https:\/\/rmvapebang.com\/#organization","name":"rmvapebang.com","url":"https:\/\/rmvapebang.com\/","logo":{"@type":"ImageObject","inLanguage":"fr-FR","@id":"https:\/\/rmvapebang.com\/#\/schema\/logo\/image\/","url":"https:\/\/rmvapebang.com\/wp-content\/uploads\/2024\/03\/cropped-RVBlogo.png","contentUrl":"https:\/\/rmvapebang.com\/wp-content\/uploads\/2024\/03\/cropped-RVBlogo.png","width":507,"height":169,"caption":"rmvapebang.com"},"image":{"@id":"https:\/\/rmvapebang.com\/#\/schema\/logo\/image\/"}}]}},"uagb_featured_image_src":{"full":["https:\/\/rmvapebang.com\/wp-content\/uploads\/2024\/08\/Bangbox-vape-18000-puffs-bulk-price.png",1000,1000,false],"thumbnail":["https:\/\/rmvapebang.com\/wp-content\/uploads\/2024\/08\/Bangbox-vape-18000-puffs-bulk-price-150x150.png",150,150,true],"medium":["https:\/\/rmvapebang.com\/wp-content\/uploads\/2024\/08\/Bangbox-vape-18000-puffs-bulk-price-300x300.png",300,300,true],"medium_large":["https:\/\/rmvapebang.com\/wp-content\/uploads\/2024\/08\/Bangbox-vape-18000-puffs-bulk-price-768x768.png",768,768,true],"large":["https:\/\/rmvapebang.com\/wp-content\/uploads\/2024\/08\/Bangbox-vape-18000-puffs-bulk-price.png",1000,1000,false],"1536x1536":["https:\/\/rmvapebang.com\/wp-content\/uploads\/2024\/08\/Bangbox-vape-18000-puffs-bulk-price.png",1000,1000,false],"2048x2048":["https:\/\/rmvapebang.com\/wp-content\/uploads\/2024\/08\/Bangbox-vape-18000-puffs-bulk-price.png",1000,1000,false],"trp-custom-language-flag":["https:\/\/rmvapebang.com\/wp-content\/uploads\/2024\/08\/Bangbox-vape-18000-puffs-bulk-price.png",12,12,false],"woocommerce_thumbnail":["https:\/\/rmvapebang.com\/wp-content\/uploads\/2024\/08\/Bangbox-vape-18000-puffs-bulk-price-300x300.png",300,300,true],"woocommerce_single":["https:\/\/rmvapebang.com\/wp-content\/uploads\/2024\/08\/Bangbox-vape-18000-puffs-bulk-price-600x600.png",600,600,true],"woocommerce_gallery_thumbnail":["https:\/\/rmvapebang.com\/wp-content\/uploads\/2024\/08\/Bangbox-vape-18000-puffs-bulk-price-100x100.png",100,100,true],"wcpr-photo-reviews":["https:\/\/rmvapebang.com\/wp-content\/uploads\/2024\/08\/Bangbox-vape-18000-puffs-bulk-price.png",500,500,false]},"uagb_author_info":{"display_name":"Lyn","author_link":"https:\/\/rmvapebang.com\/fr\/author\/"},"uagb_comment_info":0,"uagb_excerpt":"Bang Box vape 18000 Puffs Wholesale Price Vape Rechargeable,box design same model as Bang 20k box 18K of Bang Box is a high-capacity rechargeable vape device offering 15000 puffs with 12 flavors and 2%\/5% nicotine levels. Whatsapp:+86 17840853976 Scan on whatsapp for New Client coupon","_links":{"self":[{"href":"https:\/\/rmvapebang.com\/fr\/wp-json\/wp\/v2\/product\/2858","targetHints":{"allow":["GET"]}}],"collection":[{"href":"https:\/\/rmvapebang.com\/fr\/wp-json\/wp\/v2\/product"}],"about":[{"href":"https:\/\/rmvapebang.com\/fr\/wp-json\/wp\/v2\/types\/product"}],"replies":[{"embeddable":true,"href":"https:\/\/rmvapebang.com\/fr\/wp-json\/wp\/v2\/comments?post=2858"}],"wp:featuredmedia":[{"embeddable":true,"href":"https:\/\/rmvapebang.com\/fr\/wp-json\/wp\/v2\/media\/2845"}],"wp:attachment":[{"href":"https:\/\/rmvapebang.com\/fr\/wp-json\/wp\/v2\/media?parent=2858"}],"wp:term":[{"taxonomy":"product_brand","embeddable":true,"href":"https:\/\/rmvapebang.com\/fr\/wp-json\/wp\/v2\/product_brand?post=2858"},{"taxonomy":"product_cat","embeddable":true,"href":"https:\/\/rmvapebang.com\/fr\/wp-json\/wp\/v2\/product_cat?post=2858"},{"taxonomy":"product_tag","embeddable":true,"href":"https:\/\/rmvapebang.com\/fr\/wp-json\/wp\/v2\/product_tag?post=2858"}],"curies":[{"name":"wp","href":"https:\/\/api.w.org\/{rel}","templated":true}]}}