{"id":2247,"date":"2024-04-29T17:06:00","date_gmt":"2024-04-29T09:06:00","guid":{"rendered":"https:\/\/rmvapebang.com\/?post_type=product&#038;p=2247"},"modified":"2024-12-14T10:55:58","modified_gmt":"2024-12-14T02:55:58","slug":"vopk-tornado-15k-puffs-wholesale-price-15000-vapes","status":"publish","type":"product","link":"https:\/\/rmvapebang.com\/fr\/product\/vopk-tornado-15k-puffs-wholesale-price-15000-vapes\/","title":{"rendered":"VOPK tornado 15k bouff\u00e9es prix de gros 15000 vapes"},"content":{"rendered":"<h1>VOPK tornado 15k bouff\u00e9es prix de gros 15000 vapes<\/h1>\n<div class=\"flex-1 overflow-hidden\">\n<div class=\"react-scroll-to-bottom--css-rkeqe-79elbk h-full\">\n<div class=\"react-scroll-to-bottom--css-rkeqe-1n7m0yu\">\n<div class=\"flex flex-col text-sm pb-9\">\n<div class=\"w-full text-token-text-primary\" data-testid=\"conversation-turn-7\">\n<div class=\"px-4 py-2 justify-center text-base md:gap-6 m-auto\">\n<div class=\"flex flex-1 text-base mx-auto gap-3 md:px-5 lg:px-1 xl:px-5 md:max-w-3xl lg:max-w-[40rem] xl:max-w-[48rem] group final-completion\">\n<div class=\"relative flex w-full flex-col agent-turn\">\n<div class=\"flex-col gap-1 md:gap-3\">\n<div class=\"flex flex-grow flex-col max-w-full\">\n<div class=\"min-h-[20px] text-message flex flex-col items-start gap-3 whitespace-pre-wrap break-words [.text-message+&amp;]:mt-5 overflow-x-auto\" data-message-author-role=\"assistant\" data-message-id=\"a1f3b89f-a1c9-497d-a989-579b96e752e6\">\n<div class=\"markdown prose w-full break-words dark:prose-invert light\">\n<p>VOPK Tornado est une nouvelle cigarette \u00e9lectronique jetable rechargeable. Elle ressemble beaucoup \u00e0 d'autres marques de Tornados. Elle poss\u00e8de une batterie de 850mAh et une capacit\u00e9 de e-liquide de 25ml, permettant aux utilisateurs de prolonger l'utilisation de la cigarette \u00e9lectronique.<\/p>\n<p>The charger interface of the VOPK 15k electronic cigarette is an ordinary Type-C. When the device is out of power, it is easy to find a suitable charger. It also has 15,000 puffs, and each person\u2019s lung inhalation capacity and duration will affect the number of puffs for the product. Everyone likes the taste and nicotine of VOPK 15k Tornado differently. So there are 10 different flavors and nicotine (2%\/5%) to choose.<\/p>\n<p>La nouvelle cigarette \u00e9lectronique VOPK vaut la peine d'\u00eatre essay\u00e9e.<\/p>\n<p><img loading=\"lazy\" decoding=\"async\" class=\"size-medium wp-image-2244\" src=\"http:\/\/rmvapebang.com\/wp-content\/uploads\/2024\/04\/VOPK-vape-TORANDO-15000-puff-bulk-price-300x300.png\" alt=\"VOPK vape TORANDO 15000 bouff\u00e9es prix en gros\" width=\"300\" height=\"300\" srcset=\"https:\/\/rmvapebang.com\/wp-content\/uploads\/2024\/04\/VOPK-vape-TORANDO-15000-puff-bulk-price-300x300.png 300w, https:\/\/rmvapebang.com\/wp-content\/uploads\/2024\/04\/VOPK-vape-TORANDO-15000-puff-bulk-price-1024x1024.png 1024w, https:\/\/rmvapebang.com\/wp-content\/uploads\/2024\/04\/VOPK-vape-TORANDO-15000-puff-bulk-price-150x150.png 150w, https:\/\/rmvapebang.com\/wp-content\/uploads\/2024\/04\/VOPK-vape-TORANDO-15000-puff-bulk-price-768x768.png 768w, https:\/\/rmvapebang.com\/wp-content\/uploads\/2024\/04\/VOPK-vape-TORANDO-15000-puff-bulk-price-1536x1536.png 1536w, https:\/\/rmvapebang.com\/wp-content\/uploads\/2024\/04\/VOPK-vape-TORANDO-15000-puff-bulk-price-600x600.png 600w, https:\/\/rmvapebang.com\/wp-content\/uploads\/2024\/04\/VOPK-vape-TORANDO-15000-puff-bulk-price-100x100.png 100w, https:\/\/rmvapebang.com\/wp-content\/uploads\/2024\/04\/VOPK-vape-TORANDO-15000-puff-bulk-price.png 2000w\" sizes=\"auto, (max-width: 300px) 100vw, 300px\" \/><\/p>\n<\/div>\n<\/div>\n<\/div>\n<\/div>\n<\/div>\n<\/div>\n<\/div>\n<\/div>\n<\/div>\n<\/div>\n<\/div>\n<\/div>\n<h2><strong>Quelles sont les saveurs pour la vape 15K bouff\u00e9es avec 2% et 5% de nicotine ?<\/strong><\/h2>\n<p>1.Fraise Framboise<br \/>\n2. Fraise Past\u00e8que<br \/>\n3.Glace \u00e0 la past\u00e8que<br \/>\n4.Myrtille Framboise<br \/>\n5.Limonade Bluerazz<br \/>\n6.Kiwi Fruit de la Passion Goyave<br \/>\n7.Myrtille M\u00e9lang\u00e9e<br \/>\n8. Lemonade Rose<br \/>\n9.Mangue Paix<br \/>\n10.Pomme Acidul\u00e9e<\/p>\n<p><span style=\"font-size: 1.7em;font-weight: bold\">Caract\u00e9ristiques techniques pour le VOPK tornado 15k Bouff\u00e9es :<\/span><\/p>\n<p>- 15k bouff\u00e9es<br \/>\n\u2013 10 Saveurs<br \/>\n\u2013 2 %\/5 % Taux de nicotine<br \/>\n\u201325 ml de capacit\u00e9 de e-liquide<br \/>\n\u2013 Capacit\u00e9 de la batterie 850 mAh<\/p>\n<h3>FAQ\u00a0:<\/h3>\n<p>Q: Quel est le MOQ de la vape ?<\/p>\n<p>A : La quantit\u00e9 minimale de commande (MOQ) pour le VOPK tornado 15k Bouff\u00e9es Vape est de 100 pi\u00e8ces.<\/p>\n<p>Q : Quel est le d\u00e9lai de livraison pour la VOPK tornado 15k Bouff\u00e9es Vape que j'ai command\u00e9e ?<\/p>\n<p>R : En g\u00e9n\u00e9ral, le d\u00e9lai de livraison pour la cigarette \u00e9lectronique VOPK tornado 15k Vape est de 10-15 jours apr\u00e8s exp\u00e9dition.<\/p>\n<p>Q : Quel est le co\u00fbt d'exp\u00e9dition pour la VOPK tornado 15000 Vape ?<\/p>\n<p>R : Le co\u00fbt d'exp\u00e9dition varie en fonction du poids de la commande. Des quantit\u00e9s diff\u00e9rentes peuvent avoir des co\u00fbts d'exp\u00e9dition diff\u00e9rents. Veuillez nous contacter pour confirmer le co\u00fbt d'exp\u00e9dition de votre commande sp\u00e9cifique.<\/p>\n<p>Q : La vape VOPK 15000 Bouff\u00e9es peut-elle \u00eatre exp\u00e9di\u00e9e dans mon pays ?<\/p>\n<p>A : Oui, nous pouvons exp\u00e9dier la vape VOPK 15k Bouff\u00e9es dans la plupart des pays europ\u00e9ens, y compris mais sans s'y limiter aux Pays-Bas, Allemagne, France, Espagne, Italie, Belgique, Luxembourg, Autriche, R\u00e9publique tch\u00e8que, Slovaquie, Hongrie, Slov\u00e9nie, Roumanie, Bulgarie, Gr\u00e8ce, Pologne, Su\u00e8de, Irlande, Portugal, Finlande, Estonie, Lettonie et Lituanie. Si vous avez des questions sp\u00e9cifiques concernant l'exp\u00e9dition vers votre pays, n'h\u00e9sitez pas \u00e0 nous contacter.<\/p>\n<p><strong>Contactez Lyn pour plus de vid\u00e9os de produits\u00a0!<\/strong><\/p>\n<p><a href=\"https:\/\/wa.me\/8617840853976\"><span style=\"color: #ff6600\"><strong><em>Whatsapp : +86 17840853976<\/em><\/strong><\/span><\/a><\/p>\n<p><img loading=\"lazy\" decoding=\"async\" class=\"alignnone size-medium wp-image-1905\" src=\"http:\/\/rmvapebang.com\/wp-content\/uploads\/2024\/03\/whatsapp-vape-2-202x300.jpg\" alt=\"\" width=\"202\" height=\"300\" \/><\/p>\n<p>Trouvez plus de produits que vous pourriez aimer\u00a0:<a href=\"https:\/\/rmvapebang.com\/fr\/shop-page\/\"><strong><em>Achetez maintenant<\/em><\/strong><\/a><\/p>\n<p>autres bouff\u00e9es que vous pourriez aimer\u00a0:<a href=\"https:\/\/rmvapebang.com\/fr\/product\/bang-digital-15k-puffs-hot-price-15000-vapes\/\">Bang digital 15000 bouff\u00e9es\/<\/a><a href=\"https:\/\/rmvapebang.com\/fr\/product\/bang-15k-puffs-shisha-15000-vapes\/\">Bang shisha 15k\/<\/a><a href=\"https:\/\/rmvapebang.com\/fr\/product\/fluum-box-15000-puffs-digital-15k-vape\/\">bo\u00eete fluum 15ooo vapoteurs\/<\/a><a href=\"https:\/\/rmvapebang.com\/fr\/product\/bang-rocket-18000-puffs-with-low-18k-vapes\/\">Cigarettes \u00e9lectroniques Vapme Crown Bar 18000<\/a><\/p>\n<p><span style=\"color: #ff0000\"><strong>Remarque: Tous les produits n'incluent pas les frais de port!!!<\/strong><\/span><\/p>","protected":false},"excerpt":{"rendered":"<p>VOPK tornado E-cigarette 15000 Bouff\u00e9es Prix de gros Vape Rechargeable<\/p>\n<p>VOPK tornado E-cigarette 15000 Bouff\u00e9es est un dispositif de vapotage rechargeable haute capacit\u00e9 offrant 15000 bouff\u00e9es avec 10 saveurs et 2%\/5% niveaux de nicotine.<\/p>\n<p><strong><em>Whatsapp :<a href=\"https:\/\/wa.me\/8617840853976\">+86 17840853976<\/a><\/em><\/strong><\/p>\n<p>Scannez sur WhatsApp pour un coupon Nouveau Client<\/p>\n<p><img loading=\"lazy\" decoding=\"async\" class=\"alignnone size-medium wp-image-1905\" src=\"http:\/\/rmvapebang.com\/wp-content\/uploads\/2024\/03\/whatsapp-vape-2-202x300.jpg\" alt=\"\" width=\"202\" height=\"300\" \/><\/p>","protected":false},"featured_media":2242,"comment_status":"open","ping_status":"closed","template":"","meta":{"_uag_custom_page_level_css":"","_lmt_disableupdate":"","_lmt_disable":"","site-sidebar-layout":"no-sidebar","site-content-layout":"boxed-container","ast-site-content-layout":"normal-width-container","site-content-style":"boxed","site-sidebar-style":"boxed","ast-global-header-display":"","ast-banner-title-visibility":"","ast-main-header-display":"","ast-hfb-above-header-display":"","ast-hfb-below-header-display":"","ast-hfb-mobile-header-display":"","site-post-title":"","ast-breadcrumbs-content":"","ast-featured-img":"","footer-sml-layout":"","theme-transparent-header-meta":"default","adv-header-id-meta":"","stick-header-meta":"","header-above-stick-meta":"","header-main-stick-meta":"","header-below-stick-meta":"","astra-migrate-meta-layouts":"set","ast-page-background-enabled":"default","ast-page-background-meta":{"desktop":{"background-color":"","background-image":"","background-repeat":"repeat","background-position":"center center","background-size":"auto","background-attachment":"scroll","background-type":"","background-media":"","overlay-type":"","overlay-color":"","overlay-gradient":""},"tablet":{"background-color":"","background-image":"","background-repeat":"repeat","background-position":"center center","background-size":"auto","background-attachment":"scroll","background-type":"","background-media":"","overlay-type":"","overlay-color":"","overlay-gradient":""},"mobile":{"background-color":"","background-image":"","background-repeat":"repeat","background-position":"center center","background-size":"auto","background-attachment":"scroll","background-type":"","background-media":"","overlay-type":"","overlay-color":"","overlay-gradient":""}},"ast-content-background-meta":{"desktop":{"background-color":"var(--ast-global-color-5)","background-image":"","background-repeat":"repeat","background-position":"center center","background-size":"auto","background-attachment":"scroll","background-type":"","background-media":"","overlay-type":"","overlay-color":"","overlay-gradient":""},"tablet":{"background-color":"var(--ast-global-color-5)","background-image":"","background-repeat":"repeat","background-position":"center center","background-size":"auto","background-attachment":"scroll","background-type":"","background-media":"","overlay-type":"","overlay-color":"","overlay-gradient":""},"mobile":{"background-color":"var(--ast-global-color-5)","background-image":"","background-repeat":"repeat","background-position":"center center","background-size":"auto","background-attachment":"scroll","background-type":"","background-media":"","overlay-type":"","overlay-color":"","overlay-gradient":""}},"_joinchat":[]},"product_brand":[],"product_cat":[39,41,42,40,75,43],"product_tag":[66,65,50,51,67,57,58,73,53,52],"class_list":{"0":"post-2247","1":"product","2":"type-product","3":"status-publish","4":"has-post-thumbnail","6":"product_cat-france-wholesale-vape","7":"product_cat-netherlands-wholesale-vape","8":"product_cat-spain-wholesale-vape","9":"product_cat-germany-wholesale-vape","10":"product_cat-vape-15000-puffs","11":"product_cat-vape-shop","12":"product_tag-15000-puffs","13":"product_tag-15k-puffs","14":"product_tag-bulk-price-vape-shop","15":"product_tag-disposable-vape","16":"product_tag-fast-price-sales","17":"product_tag-minimum-order-quantity-50pcs","18":"product_tag-moq-50pcs","19":"product_tag-new-product","20":"product_tag-rechargeable-vape","21":"product_tag-vape-wholesasle-price","22":"desktop-align-left","23":"tablet-align-left","24":"mobile-align-left","26":"first","27":"instock","28":"sale","29":"shipping-taxable","30":"purchasable","31":"product-type-simple"},"yoast_head":"<!-- This site is optimized with the Yoast SEO plugin v23.0 - https:\/\/yoast.com\/wordpress\/plugins\/seo\/ -->\n<title>VOPK tornado 15k puffs Wholesale Price 15000 vapes - rmvapebang.com<\/title>\n<meta name=\"description\" content=\"VOPK tornado 15000 Puffs Wholesale Price 15K Puffs Vape,2% and 5% nicotine to choose. Contact now to get Wholesale Price of VOPK 15k vape! moq is 100pcs.\" \/>\n<meta name=\"robots\" content=\"index, follow, max-snippet:-1, max-image-preview:large, max-video-preview:-1\" \/>\n<link rel=\"canonical\" href=\"https:\/\/rmvapebang.com\/fr\/product\/vopk-tornado-15k-puffs-wholesale-price-15000-vapes\/\" \/>\n<meta property=\"og:locale\" content=\"fr_FR\" \/>\n<meta property=\"og:type\" content=\"article\" \/>\n<meta property=\"og:title\" content=\"VOPK tornado 15k puffs Wholesale Price 15000 vapes - rmvapebang.com\" \/>\n<meta property=\"og:description\" content=\"VOPK tornado 15000 Puffs Wholesale Price 15K Puffs Vape,2% and 5% nicotine to choose. Contact now to get Wholesale Price of VOPK 15k vape! moq is 100pcs.\" \/>\n<meta property=\"og:url\" content=\"https:\/\/rmvapebang.com\/fr\/product\/vopk-tornado-15k-puffs-wholesale-price-15000-vapes\/\" \/>\n<meta property=\"og:site_name\" content=\"rmvapebang.com\" \/>\n<meta property=\"article:modified_time\" content=\"2024-12-14T02:55:58+00:00\" \/>\n<meta property=\"og:image\" content=\"https:\/\/rmvapebang.com\/wp-content\/uploads\/2024\/04\/VOPK-vape-TORANDO-15K-puffs-bulk-price.png\" \/>\n\t<meta property=\"og:image:width\" content=\"454\" \/>\n\t<meta property=\"og:image:height\" content=\"647\" \/>\n\t<meta property=\"og:image:type\" content=\"image\/png\" \/>\n<meta name=\"twitter:card\" content=\"summary_large_image\" \/>\n<meta name=\"twitter:label1\" content=\"Dur\u00e9e de lecture estim\u00e9e\" \/>\n\t<meta name=\"twitter:data1\" content=\"3 minutes\" \/>\n<script type=\"application\/ld+json\" class=\"yoast-schema-graph\">{\"@context\":\"https:\/\/schema.org\",\"@graph\":[{\"@type\":\"WebPage\",\"@id\":\"https:\/\/rmvapebang.com\/product\/vopk-tornado-15k-puffs-wholesale-price-15000-vapes\/\",\"url\":\"https:\/\/rmvapebang.com\/product\/vopk-tornado-15k-puffs-wholesale-price-15000-vapes\/\",\"name\":\"VOPK tornado 15k puffs Wholesale Price 15000 vapes - rmvapebang.com\",\"isPartOf\":{\"@id\":\"https:\/\/rmvapebang.com\/#website\"},\"primaryImageOfPage\":{\"@id\":\"https:\/\/rmvapebang.com\/product\/vopk-tornado-15k-puffs-wholesale-price-15000-vapes\/#primaryimage\"},\"image\":{\"@id\":\"https:\/\/rmvapebang.com\/product\/vopk-tornado-15k-puffs-wholesale-price-15000-vapes\/#primaryimage\"},\"thumbnailUrl\":\"https:\/\/rmvapebang.com\/wp-content\/uploads\/2024\/04\/VOPK-vape-TORANDO-15K-puffs-bulk-price.png\",\"datePublished\":\"2024-04-29T09:06:00+00:00\",\"dateModified\":\"2024-12-14T02:55:58+00:00\",\"description\":\"VOPK tornado 15000 Puffs Wholesale Price 15K Puffs Vape,2% and 5% nicotine to choose. Contact now to get Wholesale Price of VOPK 15k vape! moq is 100pcs.\",\"breadcrumb\":{\"@id\":\"https:\/\/rmvapebang.com\/product\/vopk-tornado-15k-puffs-wholesale-price-15000-vapes\/#breadcrumb\"},\"inLanguage\":\"fr-FR\",\"potentialAction\":[{\"@type\":\"ReadAction\",\"target\":[\"https:\/\/rmvapebang.com\/product\/vopk-tornado-15k-puffs-wholesale-price-15000-vapes\/\"]}]},{\"@type\":\"ImageObject\",\"inLanguage\":\"fr-FR\",\"@id\":\"https:\/\/rmvapebang.com\/product\/vopk-tornado-15k-puffs-wholesale-price-15000-vapes\/#primaryimage\",\"url\":\"https:\/\/rmvapebang.com\/wp-content\/uploads\/2024\/04\/VOPK-vape-TORANDO-15K-puffs-bulk-price.png\",\"contentUrl\":\"https:\/\/rmvapebang.com\/wp-content\/uploads\/2024\/04\/VOPK-vape-TORANDO-15K-puffs-bulk-price.png\",\"width\":454,\"height\":647,\"caption\":\"VOPK vape TORANDO 15K puffs bulk price\"},{\"@type\":\"BreadcrumbList\",\"@id\":\"https:\/\/rmvapebang.com\/product\/vopk-tornado-15k-puffs-wholesale-price-15000-vapes\/#breadcrumb\",\"itemListElement\":[{\"@type\":\"ListItem\",\"position\":1,\"name\":\"Home\",\"item\":\"https:\/\/rmvapebang.com\/\"},{\"@type\":\"ListItem\",\"position\":2,\"name\":\"Hot Vape Shop\",\"item\":\"https:\/\/rmvapebang.com\/shop-page\/\"},{\"@type\":\"ListItem\",\"position\":3,\"name\":\"VOPK tornado 15k puffs Wholesale Price 15000 vapes\"}]},{\"@type\":\"WebSite\",\"@id\":\"https:\/\/rmvapebang.com\/#website\",\"url\":\"https:\/\/rmvapebang.com\/\",\"name\":\"rmvapebang.com\",\"description\":\"buy vape cheap\",\"publisher\":{\"@id\":\"https:\/\/rmvapebang.com\/#organization\"},\"potentialAction\":[{\"@type\":\"SearchAction\",\"target\":{\"@type\":\"EntryPoint\",\"urlTemplate\":\"https:\/\/rmvapebang.com\/?s={search_term_string}\"},\"query-input\":\"required name=search_term_string\"}],\"inLanguage\":\"fr-FR\"},{\"@type\":\"Organization\",\"@id\":\"https:\/\/rmvapebang.com\/#organization\",\"name\":\"rmvapebang.com\",\"url\":\"https:\/\/rmvapebang.com\/\",\"logo\":{\"@type\":\"ImageObject\",\"inLanguage\":\"fr-FR\",\"@id\":\"https:\/\/rmvapebang.com\/#\/schema\/logo\/image\/\",\"url\":\"https:\/\/rmvapebang.com\/wp-content\/uploads\/2024\/03\/cropped-RVBlogo.png\",\"contentUrl\":\"https:\/\/rmvapebang.com\/wp-content\/uploads\/2024\/03\/cropped-RVBlogo.png\",\"width\":507,\"height\":169,\"caption\":\"rmvapebang.com\"},\"image\":{\"@id\":\"https:\/\/rmvapebang.com\/#\/schema\/logo\/image\/\"}}]}<\/script>\n<!-- \/ Yoast SEO plugin. -->","yoast_head_json":{"title":"VOPK tornado 15k puffs Wholesale Price 15000 vapes - rmvapebang.com","description":"VOPK tornado 15000 Puffs Wholesale Price 15K Puffs Vape,2% and 5% nicotine to choose. Contact now to get Wholesale Price of VOPK 15k vape! moq is 100pcs.","robots":{"index":"index","follow":"follow","max-snippet":"max-snippet:-1","max-image-preview":"max-image-preview:large","max-video-preview":"max-video-preview:-1"},"canonical":"https:\/\/rmvapebang.com\/fr\/product\/vopk-tornado-15k-puffs-wholesale-price-15000-vapes\/","og_locale":"fr_FR","og_type":"article","og_title":"VOPK tornado 15k puffs Wholesale Price 15000 vapes - rmvapebang.com","og_description":"VOPK tornado 15000 Puffs Wholesale Price 15K Puffs Vape,2% and 5% nicotine to choose. Contact now to get Wholesale Price of VOPK 15k vape! moq is 100pcs.","og_url":"https:\/\/rmvapebang.com\/fr\/product\/vopk-tornado-15k-puffs-wholesale-price-15000-vapes\/","og_site_name":"rmvapebang.com","article_modified_time":"2024-12-14T02:55:58+00:00","og_image":[{"width":454,"height":647,"url":"https:\/\/rmvapebang.com\/wp-content\/uploads\/2024\/04\/VOPK-vape-TORANDO-15K-puffs-bulk-price.png","type":"image\/png"}],"twitter_card":"summary_large_image","twitter_misc":{"Dur\u00e9e de lecture estim\u00e9e":"3 minutes"},"schema":{"@context":"https:\/\/schema.org","@graph":[{"@type":"WebPage","@id":"https:\/\/rmvapebang.com\/product\/vopk-tornado-15k-puffs-wholesale-price-15000-vapes\/","url":"https:\/\/rmvapebang.com\/product\/vopk-tornado-15k-puffs-wholesale-price-15000-vapes\/","name":"VOPK tornado 15k puffs Wholesale Price 15000 vapes - rmvapebang.com","isPartOf":{"@id":"https:\/\/rmvapebang.com\/#website"},"primaryImageOfPage":{"@id":"https:\/\/rmvapebang.com\/product\/vopk-tornado-15k-puffs-wholesale-price-15000-vapes\/#primaryimage"},"image":{"@id":"https:\/\/rmvapebang.com\/product\/vopk-tornado-15k-puffs-wholesale-price-15000-vapes\/#primaryimage"},"thumbnailUrl":"https:\/\/rmvapebang.com\/wp-content\/uploads\/2024\/04\/VOPK-vape-TORANDO-15K-puffs-bulk-price.png","datePublished":"2024-04-29T09:06:00+00:00","dateModified":"2024-12-14T02:55:58+00:00","description":"VOPK tornado 15000 Puffs Wholesale Price 15K Puffs Vape,2% and 5% nicotine to choose. Contact now to get Wholesale Price of VOPK 15k vape! moq is 100pcs.","breadcrumb":{"@id":"https:\/\/rmvapebang.com\/product\/vopk-tornado-15k-puffs-wholesale-price-15000-vapes\/#breadcrumb"},"inLanguage":"fr-FR","potentialAction":[{"@type":"ReadAction","target":["https:\/\/rmvapebang.com\/product\/vopk-tornado-15k-puffs-wholesale-price-15000-vapes\/"]}]},{"@type":"ImageObject","inLanguage":"fr-FR","@id":"https:\/\/rmvapebang.com\/product\/vopk-tornado-15k-puffs-wholesale-price-15000-vapes\/#primaryimage","url":"https:\/\/rmvapebang.com\/wp-content\/uploads\/2024\/04\/VOPK-vape-TORANDO-15K-puffs-bulk-price.png","contentUrl":"https:\/\/rmvapebang.com\/wp-content\/uploads\/2024\/04\/VOPK-vape-TORANDO-15K-puffs-bulk-price.png","width":454,"height":647,"caption":"VOPK vape TORANDO 15K puffs bulk price"},{"@type":"BreadcrumbList","@id":"https:\/\/rmvapebang.com\/product\/vopk-tornado-15k-puffs-wholesale-price-15000-vapes\/#breadcrumb","itemListElement":[{"@type":"ListItem","position":1,"name":"Home","item":"https:\/\/rmvapebang.com\/"},{"@type":"ListItem","position":2,"name":"Hot Vape Shop","item":"https:\/\/rmvapebang.com\/shop-page\/"},{"@type":"ListItem","position":3,"name":"VOPK tornado 15k puffs Wholesale Price 15000 vapes"}]},{"@type":"WebSite","@id":"https:\/\/rmvapebang.com\/#website","url":"https:\/\/rmvapebang.com\/","name":"rmvapebang.com","description":"buy vape cheap","publisher":{"@id":"https:\/\/rmvapebang.com\/#organization"},"potentialAction":[{"@type":"SearchAction","target":{"@type":"EntryPoint","urlTemplate":"https:\/\/rmvapebang.com\/?s={search_term_string}"},"query-input":"required name=search_term_string"}],"inLanguage":"fr-FR"},{"@type":"Organization","@id":"https:\/\/rmvapebang.com\/#organization","name":"rmvapebang.com","url":"https:\/\/rmvapebang.com\/","logo":{"@type":"ImageObject","inLanguage":"fr-FR","@id":"https:\/\/rmvapebang.com\/#\/schema\/logo\/image\/","url":"https:\/\/rmvapebang.com\/wp-content\/uploads\/2024\/03\/cropped-RVBlogo.png","contentUrl":"https:\/\/rmvapebang.com\/wp-content\/uploads\/2024\/03\/cropped-RVBlogo.png","width":507,"height":169,"caption":"rmvapebang.com"},"image":{"@id":"https:\/\/rmvapebang.com\/#\/schema\/logo\/image\/"}}]}},"uagb_featured_image_src":{"full":["https:\/\/rmvapebang.com\/wp-content\/uploads\/2024\/04\/VOPK-vape-TORANDO-15K-puffs-bulk-price.png",454,647,false],"thumbnail":["https:\/\/rmvapebang.com\/wp-content\/uploads\/2024\/04\/VOPK-vape-TORANDO-15K-puffs-bulk-price-150x150.png",150,150,true],"medium":["https:\/\/rmvapebang.com\/wp-content\/uploads\/2024\/04\/VOPK-vape-TORANDO-15K-puffs-bulk-price-211x300.png",211,300,true],"medium_large":["https:\/\/rmvapebang.com\/wp-content\/uploads\/2024\/04\/VOPK-vape-TORANDO-15K-puffs-bulk-price.png",454,647,false],"large":["https:\/\/rmvapebang.com\/wp-content\/uploads\/2024\/04\/VOPK-vape-TORANDO-15K-puffs-bulk-price.png",454,647,false],"1536x1536":["https:\/\/rmvapebang.com\/wp-content\/uploads\/2024\/04\/VOPK-vape-TORANDO-15K-puffs-bulk-price.png",454,647,false],"2048x2048":["https:\/\/rmvapebang.com\/wp-content\/uploads\/2024\/04\/VOPK-vape-TORANDO-15K-puffs-bulk-price.png",454,647,false],"trp-custom-language-flag":["https:\/\/rmvapebang.com\/wp-content\/uploads\/2024\/04\/VOPK-vape-TORANDO-15K-puffs-bulk-price.png",8,12,false],"woocommerce_thumbnail":["https:\/\/rmvapebang.com\/wp-content\/uploads\/2024\/04\/VOPK-vape-TORANDO-15K-puffs-bulk-price-300x300.png",300,300,true],"woocommerce_single":["https:\/\/rmvapebang.com\/wp-content\/uploads\/2024\/04\/VOPK-vape-TORANDO-15K-puffs-bulk-price.png",454,647,false],"woocommerce_gallery_thumbnail":["https:\/\/rmvapebang.com\/wp-content\/uploads\/2024\/04\/VOPK-vape-TORANDO-15K-puffs-bulk-price-100x100.png",100,100,true],"wcpr-photo-reviews":["https:\/\/rmvapebang.com\/wp-content\/uploads\/2024\/04\/VOPK-vape-TORANDO-15K-puffs-bulk-price.png",351,500,false]},"uagb_author_info":{"display_name":"Lyn","author_link":"https:\/\/rmvapebang.com\/fr\/author\/"},"uagb_comment_info":0,"uagb_excerpt":"VOPK tornado E-cigarette 15000 Puffs Wholesale Price Vape Rechargeable VOPK tornado E-cigarette 15000 Puff is a high-capacity rechargeable vape device offering 15000 puffs with 10 flavors and 2%\/5% nicotine levels. Whatsapp:+86 17840853976 Scan on whatsapp for New Client coupon","_links":{"self":[{"href":"https:\/\/rmvapebang.com\/fr\/wp-json\/wp\/v2\/product\/2247","targetHints":{"allow":["GET"]}}],"collection":[{"href":"https:\/\/rmvapebang.com\/fr\/wp-json\/wp\/v2\/product"}],"about":[{"href":"https:\/\/rmvapebang.com\/fr\/wp-json\/wp\/v2\/types\/product"}],"replies":[{"embeddable":true,"href":"https:\/\/rmvapebang.com\/fr\/wp-json\/wp\/v2\/comments?post=2247"}],"wp:featuredmedia":[{"embeddable":true,"href":"https:\/\/rmvapebang.com\/fr\/wp-json\/wp\/v2\/media\/2242"}],"wp:attachment":[{"href":"https:\/\/rmvapebang.com\/fr\/wp-json\/wp\/v2\/media?parent=2247"}],"wp:term":[{"taxonomy":"product_brand","embeddable":true,"href":"https:\/\/rmvapebang.com\/fr\/wp-json\/wp\/v2\/product_brand?post=2247"},{"taxonomy":"product_cat","embeddable":true,"href":"https:\/\/rmvapebang.com\/fr\/wp-json\/wp\/v2\/product_cat?post=2247"},{"taxonomy":"product_tag","embeddable":true,"href":"https:\/\/rmvapebang.com\/fr\/wp-json\/wp\/v2\/product_tag?post=2247"}],"curies":[{"name":"wp","href":"https:\/\/api.w.org\/{rel}","templated":true}]}}