{"id":2124,"date":"2024-04-17T15:41:17","date_gmt":"2024-04-17T07:41:17","guid":{"rendered":"https:\/\/rmvapebang.com\/?post_type=product&#038;p=2124"},"modified":"2024-12-14T17:15:04","modified_gmt":"2024-12-14T09:15:04","slug":"utco-e-cigarette-9000-puffs-wholesale-price-9k-vape","status":"publish","type":"product","link":"https:\/\/rmvapebang.com\/fr\/product\/utco-e-cigarette-9000-puffs-wholesale-price-9k-vape\/","title":{"rendered":"Cigarette \u00e9lectronique UTCO 9000 bouff\u00e9es, prix de gros, 9k vapes"},"content":{"rendered":"<h1>Cigarette \u00e9lectronique UTCO 9000 bouff\u00e9es, prix de gros, 9k vapes<\/h1>\n<div class=\"flex-1 overflow-hidden\">\n<div class=\"react-scroll-to-bottom--css-rkeqe-79elbk h-full\">\n<div class=\"react-scroll-to-bottom--css-rkeqe-1n7m0yu\">\n<div class=\"flex flex-col text-sm pb-9\">\n<div class=\"w-full text-token-text-primary\" data-testid=\"conversation-turn-7\">\n<div class=\"px-4 py-2 justify-center text-base md:gap-6 m-auto\">\n<div class=\"flex flex-1 text-base mx-auto gap-3 md:px-5 lg:px-1 xl:px-5 md:max-w-3xl lg:max-w-[40rem] xl:max-w-[48rem] group final-completion\">\n<div class=\"relative flex w-full flex-col agent-turn\">\n<div class=\"flex-col gap-1 md:gap-3\">\n<div class=\"flex flex-grow flex-col max-w-full\">\n<div class=\"min-h-[20px] text-message flex flex-col items-start gap-3 whitespace-pre-wrap break-words [.text-message+&amp;]:mt-5 overflow-x-auto\" data-message-author-role=\"assistant\" data-message-id=\"a1f3b89f-a1c9-497d-a989-579b96e752e6\">\n<div class=\"markdown prose w-full break-words dark:prose-invert light\">\n<p>UTCO E-cigarette 9000 PUFFS Ventes chaudes Vape 9k, la technologie cl\u00e9 d'UTCO est sa formule de sel de nicotine de haute qualit\u00e9, disponible en concentrations de 2% et 5% comme options s\u00e9lectionnables, assurant une exp\u00e9rience douce et confortable dans l'ensemble. La batterie de 850mAh d'UTCO et la grande capacit\u00e9 de 18 ml d'e-liquide vous permettent de profiter de fumer pendant une longue p\u00e9riode sans avoir \u00e0 vous soucier de changer l'e-liquide et de recharger. Laissez-vous profiter de votre exp\u00e9rience de vapotage avec plus de tranquillit\u00e9 d'esprit.<\/p>\n<p>Le syst\u00e8me de flux d'air r\u00e9glable qui contr\u00f4le l'UTCO peut \u00eatre ajust\u00e9 pr\u00e9cis\u00e9ment \u00e0 vos habitudes de vapotage, permettant aux utilisateurs de personnaliser leur style de bouff\u00e9e. En plus de cela, l'\u00e9clairage RGB \u00e0 6 couleurs ajoute une touche de personnalisation et de style \u00e0 votre appareil. Celui-ci a \u00e9galement 50 saveurs au choix. C'est le dernier style et il est maintenant tr\u00e8s populaire sur le march\u00e9.<\/p>\n<p><img loading=\"lazy\" decoding=\"async\" class=\"size-medium wp-image-2128\" src=\"http:\/\/rmvapebang.com\/wp-content\/uploads\/2024\/04\/UTCO-e-cigarette-PUFF-9000-good-price-300x235.jpg\" alt=\"UTCO vape PUFF 9K bon prix\" width=\"300\" height=\"235\" srcset=\"https:\/\/rmvapebang.com\/wp-content\/uploads\/2024\/04\/UTCO-e-cigarette-PUFF-9000-good-price-300x235.jpg 300w, https:\/\/rmvapebang.com\/wp-content\/uploads\/2024\/04\/UTCO-e-cigarette-PUFF-9000-good-price-1024x801.jpg 1024w, https:\/\/rmvapebang.com\/wp-content\/uploads\/2024\/04\/UTCO-e-cigarette-PUFF-9000-good-price-768x601.jpg 768w, https:\/\/rmvapebang.com\/wp-content\/uploads\/2024\/04\/UTCO-e-cigarette-PUFF-9000-good-price-1536x1202.jpg 1536w, https:\/\/rmvapebang.com\/wp-content\/uploads\/2024\/04\/UTCO-e-cigarette-PUFF-9000-good-price-2048x1603.jpg 2048w, https:\/\/rmvapebang.com\/wp-content\/uploads\/2024\/04\/UTCO-e-cigarette-PUFF-9000-good-price-600x470.jpg 600w\" sizes=\"auto, (max-width: 300px) 100vw, 300px\" \/><\/p>\n<\/div>\n<\/div>\n<\/div>\n<\/div>\n<\/div>\n<\/div>\n<\/div>\n<\/div>\n<\/div>\n<\/div>\n<\/div>\n<\/div>\n<h2><strong>Quelles sont les saveurs pour la vape 9K bouff\u00e9es avec 2% et 5% de nicotine?<\/strong><\/h2>\n<p>1 Framboise Bleue<br \/>\n2 Monsieur Bleu<br \/>\n3 Fraise Past\u00e8que<br \/>\n4 Soda \u00e0 l'orange<br \/>\n5 Chewing-gum \u00e0 la past\u00e8que<br \/>\n6 Bonbon arc-en-ciel<br \/>\n7 Limonade rose<br \/>\n8 Ananas Mangue P\u00eache<br \/>\n9 Banane Fraise<br \/>\n10 Glace \u00e0 la past\u00e8que<br \/>\n11 Glace au dragon noir<br \/>\n12 Raisin Alo\u00e8s<br \/>\n13 Raisin Fraise<br \/>\n14 Citron Vert<br \/>\n15 Glace Paillettes<br \/>\n16 Myrtille glac\u00e9e<br \/>\n17 Glace au razz bleu<br \/>\n18 Baies m\u00e9lang\u00e9es<br \/>\n19 Cola cerise<br \/>\n20 Fraise Mangue<br \/>\n21 Kiwi Fruit de la passion Goyave<br \/>\n22 Glace noire<\/p>\n<p><span style=\"font-size: 1.7em;font-weight: bold\">Sp\u00e9cifications pour la cigarette \u00e9lectronique UTCO 9K Puffs :<\/span><\/p>\n<p>\u2013 9k Bouff\u00e9es<br \/>\n\u2013 50 Saveurs<br \/>\n\u2013 2 %\/5 % Taux de nicotine<br \/>\n\u2013 18 ml de capacit\u00e9 d'e-liquide<br \/>\n\u2013 Capacit\u00e9 de la batterie 850 mAh<\/p>\n<h3>FAQ\u00a0:<\/h3>\n<p>Q: Quel est le MOQ de la vape ?<\/p>\n<p>R : La quantit\u00e9 minimale de commande (MOQ) pour la cigarette \u00e9lectronique UTCO 9000 bouff\u00e9es est de 50 pi\u00e8ces.<\/p>\n<p>Q : Quel est le d\u00e9lai de livraison pour la cigarette \u00e9lectronique UTCO 9K bouff\u00e9es que j'ai command\u00e9e ?<\/p>\n<p>R : G\u00e9n\u00e9ralement, le d\u00e9lai de livraison pour la cigarette \u00e9lectronique UTCO 9K bouff\u00e9es est de 10 \u00e0 15 jours apr\u00e8s l'exp\u00e9dition.<\/p>\n<p>Q : Combien co\u00fbte l'exp\u00e9dition pour la cigarette \u00e9lectronique UTCO 9000 ?<\/p>\n<p>R : Le co\u00fbt d'exp\u00e9dition varie en fonction du poids de la commande. Des quantit\u00e9s diff\u00e9rentes peuvent avoir des co\u00fbts d'exp\u00e9dition diff\u00e9rents. Veuillez nous contacter pour confirmer le co\u00fbt d'exp\u00e9dition de votre commande sp\u00e9cifique.<\/p>\n<p>Q : La cigarette \u00e9lectronique UTCO 9000 bouff\u00e9es peut-elle \u00eatre exp\u00e9di\u00e9e dans mon pays ?<\/p>\n<p>R : Oui, nous pouvons exp\u00e9dier la cigarette \u00e9lectronique UTCO 9000 bouff\u00e9es vers la plupart des pays europ\u00e9ens, y compris, mais sans s'y limiter, les Pays-Bas, l'Allemagne, la France, l'Espagne, l'Italie, la Belgique, le Luxembourg, l'Autriche, la Tch\u00e9quie, la Slovaquie, la Hongrie, la Slov\u00e9nie, la Roumanie, la Bulgarie, la Gr\u00e8ce, la Pologne, la Su\u00e8de, l'Irlande, le Portugal, la Finlande, l'Estonie, la Lettonie et la Lituanie. Si vous avez des questions sp\u00e9cifiques concernant l'exp\u00e9dition vers votre pays, n'h\u00e9sitez pas \u00e0 nous contacter.<\/p>\n<p><strong>Contactez Lyn pour plus de vid\u00e9os de produits\u00a0!<\/strong><\/p>\n<p><a href=\"https:\/\/wa.me\/8617840853976\"><span style=\"color: #ff6600\"><strong><em>Whatsapp : +86 17840853976<\/em><\/strong><\/span><\/a><\/p>\n<p><img loading=\"lazy\" decoding=\"async\" class=\"alignnone size-medium wp-image-1905\" src=\"http:\/\/rmvapebang.com\/wp-content\/uploads\/2024\/03\/whatsapp-vape-2-202x300.jpg\" alt=\"\" width=\"202\" height=\"300\" \/><\/p>\n<p>Trouvez plus de produits que vous pourriez aimer\u00a0:<a href=\"https:\/\/rmvapebang.com\/fr\/shop-page\/\"><strong><em>Achetez maintenant<\/em><\/strong><\/a><\/p>\n<p>autres bouff\u00e9es que vous pourriez aimer\u00a0:<\/p>\n<p><span style=\"color: #ff0000\"><strong>Remarque: Tous les produits n'incluent pas les frais de port!!!<\/strong><\/span><\/p>","protected":false},"excerpt":{"rendered":"<p>UTCO E-cigarette 9000 Puffs Prix de gros Cigarette \u00e9lectronique rechargeable<\/p>\n<p>UTCO E-cigarette 9000 Puffs est un dispositif de vapotage rechargeable de grande capacit\u00e9 offrant 9000 bouff\u00e9es avec 50 saveurs et des taux de nicotine de 2% ou 5%.<\/p>\n<p><strong><em>Whatsapp :<a href=\"https:\/\/wa.me\/8617840853976\">+86 17840853976<\/a><\/em><\/strong><\/p>\n<p>Scannez sur WhatsApp pour un coupon Nouveau Client<\/p>\n<p><img loading=\"lazy\" decoding=\"async\" class=\"alignnone size-medium wp-image-1905\" src=\"http:\/\/rmvapebang.com\/wp-content\/uploads\/2024\/03\/whatsapp-vape-2-202x300.jpg\" alt=\"\" width=\"202\" height=\"300\" \/><\/p>","protected":false},"featured_media":2126,"comment_status":"open","ping_status":"closed","template":"","meta":{"_uag_custom_page_level_css":"","_lmt_disableupdate":"no","_lmt_disable":"","site-sidebar-layout":"no-sidebar","site-content-layout":"boxed-container","ast-site-content-layout":"normal-width-container","site-content-style":"boxed","site-sidebar-style":"boxed","ast-global-header-display":"","ast-banner-title-visibility":"","ast-main-header-display":"","ast-hfb-above-header-display":"","ast-hfb-below-header-display":"","ast-hfb-mobile-header-display":"","site-post-title":"","ast-breadcrumbs-content":"","ast-featured-img":"","footer-sml-layout":"","theme-transparent-header-meta":"default","adv-header-id-meta":"","stick-header-meta":"","header-above-stick-meta":"","header-main-stick-meta":"","header-below-stick-meta":"","astra-migrate-meta-layouts":"set","ast-page-background-enabled":"default","ast-page-background-meta":{"desktop":{"background-color":"","background-image":"","background-repeat":"repeat","background-position":"center center","background-size":"auto","background-attachment":"scroll","background-type":"","background-media":"","overlay-type":"","overlay-color":"","overlay-gradient":""},"tablet":{"background-color":"","background-image":"","background-repeat":"repeat","background-position":"center center","background-size":"auto","background-attachment":"scroll","background-type":"","background-media":"","overlay-type":"","overlay-color":"","overlay-gradient":""},"mobile":{"background-color":"","background-image":"","background-repeat":"repeat","background-position":"center center","background-size":"auto","background-attachment":"scroll","background-type":"","background-media":"","overlay-type":"","overlay-color":"","overlay-gradient":""}},"ast-content-background-meta":{"desktop":{"background-color":"var(--ast-global-color-5)","background-image":"","background-repeat":"repeat","background-position":"center center","background-size":"auto","background-attachment":"scroll","background-type":"","background-media":"","overlay-type":"","overlay-color":"","overlay-gradient":""},"tablet":{"background-color":"var(--ast-global-color-5)","background-image":"","background-repeat":"repeat","background-position":"center center","background-size":"auto","background-attachment":"scroll","background-type":"","background-media":"","overlay-type":"","overlay-color":"","overlay-gradient":""},"mobile":{"background-color":"var(--ast-global-color-5)","background-image":"","background-repeat":"repeat","background-position":"center center","background-size":"auto","background-attachment":"scroll","background-type":"","background-media":"","overlay-type":"","overlay-color":"","overlay-gradient":""}},"_joinchat":[]},"product_brand":[],"product_cat":[15],"product_tag":[],"class_list":{"0":"post-2124","1":"product","2":"type-product","3":"status-publish","4":"has-post-thumbnail","6":"product_cat-eu-warehouse","7":"desktop-align-left","8":"tablet-align-left","9":"mobile-align-left","11":"first","12":"outofstock","13":"sale","14":"shipping-taxable","15":"purchasable","16":"product-type-simple"},"yoast_head":"<!-- This site is optimized with the Yoast SEO plugin v23.0 - https:\/\/yoast.com\/wordpress\/plugins\/seo\/ -->\n<title>UTCO E-cigarette 9000 PUFFS Wholesale Price 9k Vape - rmvapebang.com<\/title>\n<meta name=\"description\" content=\"UTCO E-cigarette 9000 Puffs Wholesale Price 9K Puffs Vape\uff0c2% and 5% nicotine to choose. Contact now to get Wholesale Fast Price of UTCO 9000 vape!\" \/>\n<meta name=\"robots\" content=\"index, follow, max-snippet:-1, max-image-preview:large, max-video-preview:-1\" \/>\n<link rel=\"canonical\" href=\"https:\/\/rmvapebang.com\/fr\/product\/utco-e-cigarette-9000-puffs-wholesale-price-9k-vape\/\" \/>\n<meta property=\"og:locale\" content=\"fr_FR\" \/>\n<meta property=\"og:type\" content=\"article\" \/>\n<meta property=\"og:title\" content=\"UTCO E-cigarette 9000 PUFFS Wholesale Price 9k Vape - rmvapebang.com\" \/>\n<meta property=\"og:description\" content=\"UTCO E-cigarette 9000 Puffs Wholesale Price 9K Puffs Vape\uff0c2% and 5% nicotine to choose. Contact now to get Wholesale Fast Price of UTCO 9000 vape!\" \/>\n<meta property=\"og:url\" content=\"https:\/\/rmvapebang.com\/fr\/product\/utco-e-cigarette-9000-puffs-wholesale-price-9k-vape\/\" \/>\n<meta property=\"og:site_name\" content=\"rmvapebang.com\" \/>\n<meta property=\"article:modified_time\" content=\"2024-12-14T09:15:04+00:00\" \/>\n<meta property=\"og:image\" content=\"https:\/\/rmvapebang.com\/wp-content\/uploads\/2024\/04\/UTCO-e-cigarette-9000-PUFFS-good-price.jpg\" \/>\n\t<meta property=\"og:image:width\" content=\"1600\" \/>\n\t<meta property=\"og:image:height\" content=\"1600\" \/>\n\t<meta property=\"og:image:type\" content=\"image\/jpeg\" \/>\n<meta name=\"twitter:card\" content=\"summary_large_image\" \/>\n<meta name=\"twitter:label1\" content=\"Dur\u00e9e de lecture estim\u00e9e\" \/>\n\t<meta name=\"twitter:data1\" content=\"3 minutes\" \/>\n<script type=\"application\/ld+json\" class=\"yoast-schema-graph\">{\"@context\":\"https:\/\/schema.org\",\"@graph\":[{\"@type\":\"WebPage\",\"@id\":\"https:\/\/rmvapebang.com\/product\/utco-e-cigarette-9000-puffs-wholesale-price-9k-vape\/\",\"url\":\"https:\/\/rmvapebang.com\/product\/utco-e-cigarette-9000-puffs-wholesale-price-9k-vape\/\",\"name\":\"UTCO E-cigarette 9000 PUFFS Wholesale Price 9k Vape - rmvapebang.com\",\"isPartOf\":{\"@id\":\"https:\/\/rmvapebang.com\/#website\"},\"primaryImageOfPage\":{\"@id\":\"https:\/\/rmvapebang.com\/product\/utco-e-cigarette-9000-puffs-wholesale-price-9k-vape\/#primaryimage\"},\"image\":{\"@id\":\"https:\/\/rmvapebang.com\/product\/utco-e-cigarette-9000-puffs-wholesale-price-9k-vape\/#primaryimage\"},\"thumbnailUrl\":\"https:\/\/rmvapebang.com\/wp-content\/uploads\/2024\/04\/UTCO-e-cigarette-9000-PUFFS-good-price.jpg\",\"datePublished\":\"2024-04-17T07:41:17+00:00\",\"dateModified\":\"2024-12-14T09:15:04+00:00\",\"description\":\"UTCO E-cigarette 9000 Puffs Wholesale Price 9K Puffs Vape\uff0c2% and 5% nicotine to choose. Contact now to get Wholesale Fast Price of UTCO 9000 vape!\",\"breadcrumb\":{\"@id\":\"https:\/\/rmvapebang.com\/product\/utco-e-cigarette-9000-puffs-wholesale-price-9k-vape\/#breadcrumb\"},\"inLanguage\":\"fr-FR\",\"potentialAction\":[{\"@type\":\"ReadAction\",\"target\":[\"https:\/\/rmvapebang.com\/product\/utco-e-cigarette-9000-puffs-wholesale-price-9k-vape\/\"]}]},{\"@type\":\"ImageObject\",\"inLanguage\":\"fr-FR\",\"@id\":\"https:\/\/rmvapebang.com\/product\/utco-e-cigarette-9000-puffs-wholesale-price-9k-vape\/#primaryimage\",\"url\":\"https:\/\/rmvapebang.com\/wp-content\/uploads\/2024\/04\/UTCO-e-cigarette-9000-PUFFS-good-price.jpg\",\"contentUrl\":\"https:\/\/rmvapebang.com\/wp-content\/uploads\/2024\/04\/UTCO-e-cigarette-9000-PUFFS-good-price.jpg\",\"width\":1600,\"height\":1600,\"caption\":\"UTCO e-cigarette 9000 PUFFS good price\"},{\"@type\":\"BreadcrumbList\",\"@id\":\"https:\/\/rmvapebang.com\/product\/utco-e-cigarette-9000-puffs-wholesale-price-9k-vape\/#breadcrumb\",\"itemListElement\":[{\"@type\":\"ListItem\",\"position\":1,\"name\":\"Home\",\"item\":\"https:\/\/rmvapebang.com\/\"},{\"@type\":\"ListItem\",\"position\":2,\"name\":\"Hot Vape Shop\",\"item\":\"https:\/\/rmvapebang.com\/shop-page\/\"},{\"@type\":\"ListItem\",\"position\":3,\"name\":\"UTCO E-cigarette 9000 PUFFS Wholesale Price 9k Vape\"}]},{\"@type\":\"WebSite\",\"@id\":\"https:\/\/rmvapebang.com\/#website\",\"url\":\"https:\/\/rmvapebang.com\/\",\"name\":\"rmvapebang.com\",\"description\":\"buy vape cheap\",\"publisher\":{\"@id\":\"https:\/\/rmvapebang.com\/#organization\"},\"potentialAction\":[{\"@type\":\"SearchAction\",\"target\":{\"@type\":\"EntryPoint\",\"urlTemplate\":\"https:\/\/rmvapebang.com\/?s={search_term_string}\"},\"query-input\":\"required name=search_term_string\"}],\"inLanguage\":\"fr-FR\"},{\"@type\":\"Organization\",\"@id\":\"https:\/\/rmvapebang.com\/#organization\",\"name\":\"rmvapebang.com\",\"url\":\"https:\/\/rmvapebang.com\/\",\"logo\":{\"@type\":\"ImageObject\",\"inLanguage\":\"fr-FR\",\"@id\":\"https:\/\/rmvapebang.com\/#\/schema\/logo\/image\/\",\"url\":\"https:\/\/rmvapebang.com\/wp-content\/uploads\/2024\/03\/cropped-RVBlogo.png\",\"contentUrl\":\"https:\/\/rmvapebang.com\/wp-content\/uploads\/2024\/03\/cropped-RVBlogo.png\",\"width\":507,\"height\":169,\"caption\":\"rmvapebang.com\"},\"image\":{\"@id\":\"https:\/\/rmvapebang.com\/#\/schema\/logo\/image\/\"}}]}<\/script>\n<!-- \/ Yoast SEO plugin. -->","yoast_head_json":{"title":"UTCO E-cigarette 9000 PUFFS Wholesale Price 9k Vape - rmvapebang.com","description":"UTCO E-cigarette 9000 Puffs Wholesale Price 9K Puffs Vape\uff0c2% and 5% nicotine to choose. Contact now to get Wholesale Fast Price of UTCO 9000 vape!","robots":{"index":"index","follow":"follow","max-snippet":"max-snippet:-1","max-image-preview":"max-image-preview:large","max-video-preview":"max-video-preview:-1"},"canonical":"https:\/\/rmvapebang.com\/fr\/product\/utco-e-cigarette-9000-puffs-wholesale-price-9k-vape\/","og_locale":"fr_FR","og_type":"article","og_title":"UTCO E-cigarette 9000 PUFFS Wholesale Price 9k Vape - rmvapebang.com","og_description":"UTCO E-cigarette 9000 Puffs Wholesale Price 9K Puffs Vape\uff0c2% and 5% nicotine to choose. Contact now to get Wholesale Fast Price of UTCO 9000 vape!","og_url":"https:\/\/rmvapebang.com\/fr\/product\/utco-e-cigarette-9000-puffs-wholesale-price-9k-vape\/","og_site_name":"rmvapebang.com","article_modified_time":"2024-12-14T09:15:04+00:00","og_image":[{"width":1600,"height":1600,"url":"https:\/\/rmvapebang.com\/wp-content\/uploads\/2024\/04\/UTCO-e-cigarette-9000-PUFFS-good-price.jpg","type":"image\/jpeg"}],"twitter_card":"summary_large_image","twitter_misc":{"Dur\u00e9e de lecture estim\u00e9e":"3 minutes"},"schema":{"@context":"https:\/\/schema.org","@graph":[{"@type":"WebPage","@id":"https:\/\/rmvapebang.com\/product\/utco-e-cigarette-9000-puffs-wholesale-price-9k-vape\/","url":"https:\/\/rmvapebang.com\/product\/utco-e-cigarette-9000-puffs-wholesale-price-9k-vape\/","name":"UTCO E-cigarette 9000 PUFFS Wholesale Price 9k Vape - rmvapebang.com","isPartOf":{"@id":"https:\/\/rmvapebang.com\/#website"},"primaryImageOfPage":{"@id":"https:\/\/rmvapebang.com\/product\/utco-e-cigarette-9000-puffs-wholesale-price-9k-vape\/#primaryimage"},"image":{"@id":"https:\/\/rmvapebang.com\/product\/utco-e-cigarette-9000-puffs-wholesale-price-9k-vape\/#primaryimage"},"thumbnailUrl":"https:\/\/rmvapebang.com\/wp-content\/uploads\/2024\/04\/UTCO-e-cigarette-9000-PUFFS-good-price.jpg","datePublished":"2024-04-17T07:41:17+00:00","dateModified":"2024-12-14T09:15:04+00:00","description":"UTCO E-cigarette 9000 Puffs Wholesale Price 9K Puffs Vape\uff0c2% and 5% nicotine to choose. Contact now to get Wholesale Fast Price of UTCO 9000 vape!","breadcrumb":{"@id":"https:\/\/rmvapebang.com\/product\/utco-e-cigarette-9000-puffs-wholesale-price-9k-vape\/#breadcrumb"},"inLanguage":"fr-FR","potentialAction":[{"@type":"ReadAction","target":["https:\/\/rmvapebang.com\/product\/utco-e-cigarette-9000-puffs-wholesale-price-9k-vape\/"]}]},{"@type":"ImageObject","inLanguage":"fr-FR","@id":"https:\/\/rmvapebang.com\/product\/utco-e-cigarette-9000-puffs-wholesale-price-9k-vape\/#primaryimage","url":"https:\/\/rmvapebang.com\/wp-content\/uploads\/2024\/04\/UTCO-e-cigarette-9000-PUFFS-good-price.jpg","contentUrl":"https:\/\/rmvapebang.com\/wp-content\/uploads\/2024\/04\/UTCO-e-cigarette-9000-PUFFS-good-price.jpg","width":1600,"height":1600,"caption":"UTCO e-cigarette 9000 PUFFS good price"},{"@type":"BreadcrumbList","@id":"https:\/\/rmvapebang.com\/product\/utco-e-cigarette-9000-puffs-wholesale-price-9k-vape\/#breadcrumb","itemListElement":[{"@type":"ListItem","position":1,"name":"Home","item":"https:\/\/rmvapebang.com\/"},{"@type":"ListItem","position":2,"name":"Hot Vape Shop","item":"https:\/\/rmvapebang.com\/shop-page\/"},{"@type":"ListItem","position":3,"name":"UTCO E-cigarette 9000 PUFFS Wholesale Price 9k Vape"}]},{"@type":"WebSite","@id":"https:\/\/rmvapebang.com\/#website","url":"https:\/\/rmvapebang.com\/","name":"rmvapebang.com","description":"buy vape cheap","publisher":{"@id":"https:\/\/rmvapebang.com\/#organization"},"potentialAction":[{"@type":"SearchAction","target":{"@type":"EntryPoint","urlTemplate":"https:\/\/rmvapebang.com\/?s={search_term_string}"},"query-input":"required name=search_term_string"}],"inLanguage":"fr-FR"},{"@type":"Organization","@id":"https:\/\/rmvapebang.com\/#organization","name":"rmvapebang.com","url":"https:\/\/rmvapebang.com\/","logo":{"@type":"ImageObject","inLanguage":"fr-FR","@id":"https:\/\/rmvapebang.com\/#\/schema\/logo\/image\/","url":"https:\/\/rmvapebang.com\/wp-content\/uploads\/2024\/03\/cropped-RVBlogo.png","contentUrl":"https:\/\/rmvapebang.com\/wp-content\/uploads\/2024\/03\/cropped-RVBlogo.png","width":507,"height":169,"caption":"rmvapebang.com"},"image":{"@id":"https:\/\/rmvapebang.com\/#\/schema\/logo\/image\/"}}]}},"uagb_featured_image_src":{"full":["https:\/\/rmvapebang.com\/wp-content\/uploads\/2024\/04\/UTCO-e-cigarette-9000-PUFFS-good-price.jpg",1600,1600,false],"thumbnail":["https:\/\/rmvapebang.com\/wp-content\/uploads\/2024\/04\/UTCO-e-cigarette-9000-PUFFS-good-price-150x150.jpg",150,150,true],"medium":["https:\/\/rmvapebang.com\/wp-content\/uploads\/2024\/04\/UTCO-e-cigarette-9000-PUFFS-good-price-300x300.jpg",300,300,true],"medium_large":["https:\/\/rmvapebang.com\/wp-content\/uploads\/2024\/04\/UTCO-e-cigarette-9000-PUFFS-good-price-768x768.jpg",768,768,true],"large":["https:\/\/rmvapebang.com\/wp-content\/uploads\/2024\/04\/UTCO-e-cigarette-9000-PUFFS-good-price-1024x1024.jpg",1024,1024,true],"1536x1536":["https:\/\/rmvapebang.com\/wp-content\/uploads\/2024\/04\/UTCO-e-cigarette-9000-PUFFS-good-price-1536x1536.jpg",1536,1536,true],"2048x2048":["https:\/\/rmvapebang.com\/wp-content\/uploads\/2024\/04\/UTCO-e-cigarette-9000-PUFFS-good-price.jpg",1600,1600,false],"trp-custom-language-flag":["https:\/\/rmvapebang.com\/wp-content\/uploads\/2024\/04\/UTCO-e-cigarette-9000-PUFFS-good-price.jpg",12,12,false],"woocommerce_thumbnail":["https:\/\/rmvapebang.com\/wp-content\/uploads\/2024\/04\/UTCO-e-cigarette-9000-PUFFS-good-price-300x300.jpg",300,300,true],"woocommerce_single":["https:\/\/rmvapebang.com\/wp-content\/uploads\/2024\/04\/UTCO-e-cigarette-9000-PUFFS-good-price-600x600.jpg",600,600,true],"woocommerce_gallery_thumbnail":["https:\/\/rmvapebang.com\/wp-content\/uploads\/2024\/04\/UTCO-e-cigarette-9000-PUFFS-good-price-100x100.jpg",100,100,true],"wcpr-photo-reviews":["https:\/\/rmvapebang.com\/wp-content\/uploads\/2024\/04\/UTCO-e-cigarette-9000-PUFFS-good-price.jpg",500,500,false]},"uagb_author_info":{"display_name":"Lyn","author_link":"https:\/\/rmvapebang.com\/fr\/author\/"},"uagb_comment_info":0,"uagb_excerpt":"UTCO E-cigarette 9000 Puffs Wholesale Price Vape Rechargeable UTCO E-cigarette 9000 Puff is a high-capacity rechargeable vape device offering 9000 puffs with 50 flavors and 2%\/5% nicotine levels. Whatsapp:+86 17840853976 Scan on whatsapp for New Client coupon","_links":{"self":[{"href":"https:\/\/rmvapebang.com\/fr\/wp-json\/wp\/v2\/product\/2124","targetHints":{"allow":["GET"]}}],"collection":[{"href":"https:\/\/rmvapebang.com\/fr\/wp-json\/wp\/v2\/product"}],"about":[{"href":"https:\/\/rmvapebang.com\/fr\/wp-json\/wp\/v2\/types\/product"}],"replies":[{"embeddable":true,"href":"https:\/\/rmvapebang.com\/fr\/wp-json\/wp\/v2\/comments?post=2124"}],"wp:featuredmedia":[{"embeddable":true,"href":"https:\/\/rmvapebang.com\/fr\/wp-json\/wp\/v2\/media\/2126"}],"wp:attachment":[{"href":"https:\/\/rmvapebang.com\/fr\/wp-json\/wp\/v2\/media?parent=2124"}],"wp:term":[{"taxonomy":"product_brand","embeddable":true,"href":"https:\/\/rmvapebang.com\/fr\/wp-json\/wp\/v2\/product_brand?post=2124"},{"taxonomy":"product_cat","embeddable":true,"href":"https:\/\/rmvapebang.com\/fr\/wp-json\/wp\/v2\/product_cat?post=2124"},{"taxonomy":"product_tag","embeddable":true,"href":"https:\/\/rmvapebang.com\/fr\/wp-json\/wp\/v2\/product_tag?post=2124"}],"curies":[{"name":"wp","href":"https:\/\/api.w.org\/{rel}","templated":true}]}}