{"id":5714,"date":"2026-02-26T00:33:39","date_gmt":"2026-02-25T16:33:39","guid":{"rendered":"https:\/\/rmvapebang.com\/?post_type=product&#038;p=5714"},"modified":"2026-04-06T19:39:04","modified_gmt":"2026-04-06T11:39:04","slug":"hifancy-twin-max-60k-puffs-dual-flavor-rechargeable-disposable-vape","status":"publish","type":"product","link":"https:\/\/rmvapebang.com\/es\/product\/hifancy-twin-max-60k-puffs-dual-flavor-rechargeable-disposable-vape\/","title":{"rendered":"HIFANCY Twin Max 60K caladas Vape desechable recargable de doble sabor"},"content":{"rendered":"<h2 data-pm-slice=\"1 1 []\">HIFANCY Twin Max 60K caladas Vape desechable recargable de doble sabor<\/h2>\n<p>HIFANCY Twin Max 60K Puffs Vape Desechable Recargable de Doble Sabor ofrece una potencia <a href=\"https:\/\/rmvapebang.com\/es\/shop-page\/?filter_puff=60000-puff\"><em><strong>Vaporizador desechable de 60000 caladas<\/strong> <\/em><\/a>experiencia con un rendimiento suave y un uso duradero. <a href=\"https:\/\/rmvapebang.com\/es\/product-category\/hifancy-vapes\/\"><em><strong>HIFANCYH vape<\/strong><\/em><\/a>\u00a0dise\u00f1ado con un sistema de doble tanque y un interruptor de sabor de rotaci\u00f3n f\u00e1cil, este vape desechable de doble sabor permite a los usuarios disfrutar de dos sabores en un solo dispositivo.<\/p>\n<p><a href=\"https:\/\/rmvapebang.com\/es\/shop-page\/?filter_puff=60000-puff\"><em><strong>Vape desechable de 60000 caladas<\/strong> <\/em><\/a>Tiene una bater\u00eda recargable de 650mAh Tipo-C que soporta una salida estable, mientras que el <a href=\"https:\/\/rmvapebang.com\/es\/product-category\/smart-display\/\"><strong><em>pantalla LED<\/em> <\/strong><\/a>Mantiene el estado de la bater\u00eda visible a simple vista. Dise\u00f1ado para usuarios adultos que prefieren dispositivos desechables de alta potencia, Twin Max 60K combina la eficiencia de la bobina de malla, una producci\u00f3n de vapor constante y un dise\u00f1o compacto y moderno adecuado para las necesidades diarias de vapeo.<\/p>\n<figure id=\"attachment_5683\" aria-describedby=\"caption-attachment-5683\" style=\"width: 800px\" class=\"wp-caption alignnone\"><img loading=\"lazy\" decoding=\"async\" class=\"wp-image-5683 size-full\" src=\"http:\/\/rmvapebang.com\/wp-content\/uploads\/2026\/02\/HIFANCY-Twin-Max-60000-Puffs-Dual-Flavor-Vape.webp\" alt=\"Dispositivo de vape desechable recargable Twin Max 60K de HIFANCY, doble sabor, 60,000 caladas\" width=\"800\" height=\"800\" srcset=\"https:\/\/rmvapebang.com\/wp-content\/uploads\/2026\/02\/HIFANCY-Twin-Max-60000-Puffs-Dual-Flavor-Vape.webp 800w, https:\/\/rmvapebang.com\/wp-content\/uploads\/2026\/02\/HIFANCY-Twin-Max-60000-Puffs-Dual-Flavor-Vape-300x300.webp 300w, https:\/\/rmvapebang.com\/wp-content\/uploads\/2026\/02\/HIFANCY-Twin-Max-60000-Puffs-Dual-Flavor-Vape-150x150.webp 150w, https:\/\/rmvapebang.com\/wp-content\/uploads\/2026\/02\/HIFANCY-Twin-Max-60000-Puffs-Dual-Flavor-Vape-768x768.webp 768w, https:\/\/rmvapebang.com\/wp-content\/uploads\/2026\/02\/HIFANCY-Twin-Max-60000-Puffs-Dual-Flavor-Vape-12x12.webp 12w, https:\/\/rmvapebang.com\/wp-content\/uploads\/2026\/02\/HIFANCY-Twin-Max-60000-Puffs-Dual-Flavor-Vape-600x600.webp 600w, https:\/\/rmvapebang.com\/wp-content\/uploads\/2026\/02\/HIFANCY-Twin-Max-60000-Puffs-Dual-Flavor-Vape-100x100.webp 100w\" sizes=\"auto, (max-width: 800px) 100vw, 800px\" \/><figcaption id=\"caption-attachment-5683\" class=\"wp-caption-text\">Vape desechable recargable de 60K caladas con dise\u00f1o de interruptor de doble sabor.<\/figcaption><\/figure>\n<h2 data-start=\"815\" data-end=\"866\">Lista de sabores del vaporizador de doble sabor inteligente en venta r\u00e1pida<\/h2>\n<p>Limonada Blue Razz\u2014Lush Ice<br \/>\nNaranja Mango Sand\u00eda\u2014Hielo de Fresa<br \/>\nLemon Lime\u2014Triple Mel\u00f3n<br \/>\nAr\u00e1ndano Frambuesa Cereza\u2014Hielo de Cola<br \/>\nAgua de fresa y sand\u00eda\u2014Doble manzana<br \/>\nPi\u00f1a Mango Durazno\u2014Sue\u00f1o de Verano<br \/>\n7. Fruta del drag\u00f3n cactus\u2014Hielo de Red Bull<br \/>\nChicle de sand\u00eda\u2014Frutas del bosque mezcladas<br \/>\nKiwi, Maracuy\u00e1, Guayaba\u2014Hielo de Ar\u00e1ndano<br \/>\nFruta del drag\u00f3n, pl\u00e1tano, cereza\u2014Amor 66<\/p>\n<h2 data-start=\"1030\" data-end=\"1085\">Clave para Vape Descartable Mayorista de 60K<\/h2>\n<ul>\n<li>\ud83d\udd04 Gira para Cambiar de Sabor \u2013 sistema suave de cambio dual de sabor<\/li>\n<li>\ud83e\uddca Capacidad de 60000 caladas \u2013 vape desechable de larga duraci\u00f3n con muchas caladas<\/li>\n<li>\ud83d\udd0b Bater\u00eda de 650mAh \u2013 potencia estable con recarga Type-C<\/li>\n<li>\u26a1 Carga Type-C \u2013 uso diario r\u00e1pido y conveniente<\/li>\n<li>\ud83e\uddea Dise\u00f1o de Doble Tanque \u2013 dos sabores en un dispositivo compacto<\/li>\n<li>\ud83d\udca8 Bobina de Malla Dual \u2013 vapor consistente y sabor equilibrado<\/li>\n<li>\ud83d\udcca Pantalla LED \u2013 indicaci\u00f3n clara de bater\u00eda y uso<\/li>\n<li>\ud83c\udf00 Estructura Twin Max \u2013 dise\u00f1o compacto con flujo de aire fuerte<\/li>\n<li>\ud83c\udf53 Combinaci\u00f3n de Sabores Premium \u2013 mezclas de fruta y hielo para adultos<\/li>\n<\/ul>\n<h2 data-start=\"1650\" data-end=\"1703\">Por qu\u00e9 Elegir el Vape de 60000 Caladas en Almac\u00e9n de la UE<\/h2>\n<ul>\n<li>Entrega m\u00e1s r\u00e1pida en toda Europa con menor tiempo de espera.<\/li>\n<li>Suministro estable de stock para compradores minoristas y mayoristas.<\/li>\n<li>Menor riesgo de env\u00edo y manejo log\u00edstico m\u00e1s fluido.<\/li>\n<li>Adecuado para usuarios adultos que buscan dispositivos de muchas caladas y larga duraci\u00f3n.<\/li>\n<\/ul>\n<h2 data-start=\"1978\" data-end=\"2027\">Preguntas Frecuentes sobre el Vape Descartable de 60000 Caladas<\/h2>\n<p><strong>Q1: \u00bfQu\u00e9 hace que este vape desechable tenga muchas caladas?<\/strong><br \/>\nA1: Gran capacidad de e-l\u00edquido, tecnolog\u00eda de bobina de malla y salida eficiente de bater\u00eda.<\/p>\n<p><strong>Q2: \u00bfPuedo recargar el Twin Max 60K de HIFANCY?<\/strong><br \/>\nA2: S\u00ed, la pantalla LED del vape de 60k caladas incluye una bater\u00eda recargable de 650mAh con Type-C para uso repetido.<\/p>\n<p><strong>P3: \u00bfC\u00f3mo funciona el interruptor de doble sabor del vape HIFANCY?<\/strong><br \/>\nP4: Simplemente gire la boquilla para cambiar entre los dos sabores al instante.<\/p>\n<p><strong>P5: \u00bfEs \u00fatil la pantalla LED para el dispositivo desechable HIFANCY?<\/strong><br \/>\nP6: La pantalla LED puede mostrar claramente el nivel de bater\u00eda y el estado de funcionamiento.<\/p>\n<p><strong>\u00a1Contacta a Lyn para m\u00e1s videos de productos!<\/strong><\/p>\n<p><a href=\"https:\/\/wa.me\/8617840853976\"><span style=\"color: #ff6600\"><strong><em>Whatsapp:+34 17840853976<\/em><\/strong><\/span><\/a><\/p>\n<p><img loading=\"lazy\" decoding=\"async\" class=\"alignnone size-medium wp-image-1905\" src=\"http:\/\/rmvapebang.com\/wp-content\/uploads\/2024\/03\/whatsapp-vape-2-202x300.jpg\" alt=\"\" width=\"202\" height=\"300\" \/><\/p>\n<p>Encuentra m\u00e1s productos que te puedan gustar:<a href=\"https:\/\/rmvapebang.com\/es\/shop-page\/\"><strong><em>Comprar ahora<\/em><\/strong><\/a><\/p>\n<p>otros vaporizadores que te pueden gustar:<\/p>\n<p><a href=\"https:\/\/rmvapebang.com\/es\/product\/al-fakher-8000-puffs-disposable-vape-2026-best-sale\/\"><em>Vape desechable Al Fakher 8000 caladas, venta en almac\u00e9n de la UE, precio con descuento<\/em><\/a><\/p>\n<p><a href=\"https:\/\/rmvapebang.com\/es\/product\/al-fakher-ice-adjust-15000-puffs-disposable-vape-2026-edition\/\"><em>Vape pen tornado 15000 caladas desechable Al fakher, venta superior en Europa<\/em><\/a><\/p>\n<p><a href=\"https:\/\/rmvapebang.com\/es\/product\/50000-puffs-dual-flavor-disposable-vape-with-smart-screen-type-c-charging\/\"><em>50000 caladas, vaporizador desechable de doble sabor, venta caliente en Europa<\/em><\/a><\/p>","protected":false},"excerpt":{"rendered":"<p><span style=\"color: #ff0000\"><strong>NOTA<\/strong>:\u00a0<em>Los precios en la web no incluyen los gastos de env\u00edo. Por favor, env\u00ede su c\u00f3digo postal y direcci\u00f3n para que podamos verificar los costes de env\u00edo para usted.<\/em>Los precios en el sitio web no incluyen la tarifa de env\u00edo. Por favor, env\u00ede su c\u00f3digo postal y direcci\u00f3n para que podamos verificar los costos de env\u00edo para usted.<\/span><\/p>\n<p data-start=\"126\" data-end=\"385\">HIFANCY Twin Max 60K Puffs Vape desechable de doble sabor con dise\u00f1o de doble tanque, pantalla LED y bater\u00eda recargable Type-C. Dise\u00f1ado para usuarios adultos que desean un rendimiento duradero, producci\u00f3n de vapor suave y cambio de sabor conveniente en un dispositivo compacto.<\/p>\n<p><a href=\"https:\/\/wa.me\/8617840853976\"><strong><em>Whatsapp:+34 17840853976<\/em><\/strong><\/a><br \/>\nEscanea en whatsapp para el cup\u00f3n de nuevo cliente<\/p>\n<p><img loading=\"lazy\" decoding=\"async\" class=\"alignnone size-medium wp-image-1905\" src=\"http:\/\/rmvapebang.com\/wp-content\/uploads\/2024\/03\/whatsapp-vape-2-202x300.jpg\" alt=\"\" width=\"202\" height=\"300\" \/><\/p>","protected":false},"featured_media":5679,"comment_status":"open","ping_status":"closed","template":"","meta":{"_uag_custom_page_level_css":"","_lmt_disableupdate":"no","_lmt_disable":"","site-sidebar-layout":"no-sidebar","site-content-layout":"boxed-container","ast-site-content-layout":"normal-width-container","site-content-style":"boxed","site-sidebar-style":"boxed","ast-global-header-display":"","ast-banner-title-visibility":"","ast-main-header-display":"","ast-hfb-above-header-display":"","ast-hfb-below-header-display":"","ast-hfb-mobile-header-display":"","site-post-title":"","ast-breadcrumbs-content":"","ast-featured-img":"","footer-sml-layout":"","theme-transparent-header-meta":"default","adv-header-id-meta":"","stick-header-meta":"","header-above-stick-meta":"","header-main-stick-meta":"","header-below-stick-meta":"","astra-migrate-meta-layouts":"set","ast-page-background-enabled":"default","ast-page-background-meta":{"desktop":{"background-color":"","background-image":"","background-repeat":"repeat","background-position":"center center","background-size":"auto","background-attachment":"scroll","background-type":"","background-media":"","overlay-type":"","overlay-color":"","overlay-gradient":""},"tablet":{"background-color":"","background-image":"","background-repeat":"repeat","background-position":"center center","background-size":"auto","background-attachment":"scroll","background-type":"","background-media":"","overlay-type":"","overlay-color":"","overlay-gradient":""},"mobile":{"background-color":"","background-image":"","background-repeat":"repeat","background-position":"center center","background-size":"auto","background-attachment":"scroll","background-type":"","background-media":"","overlay-type":"","overlay-color":"","overlay-gradient":""}},"ast-content-background-meta":{"desktop":{"background-color":"var(--ast-global-color-5)","background-image":"","background-repeat":"repeat","background-position":"center center","background-size":"auto","background-attachment":"scroll","background-type":"","background-media":"","overlay-type":"","overlay-color":"","overlay-gradient":""},"tablet":{"background-color":"var(--ast-global-color-5)","background-image":"","background-repeat":"repeat","background-position":"center center","background-size":"auto","background-attachment":"scroll","background-type":"","background-media":"","overlay-type":"","overlay-color":"","overlay-gradient":""},"mobile":{"background-color":"var(--ast-global-color-5)","background-image":"","background-repeat":"repeat","background-position":"center center","background-size":"auto","background-attachment":"scroll","background-type":"","background-media":"","overlay-type":"","overlay-color":"","overlay-gradient":""}},"_joinchat":{"telephone":"+8617840853976"}},"product_brand":[],"product_cat":[15,130,39,293,41,128,42,40,179,43],"product_tag":[178,183,50,61,58,53,52],"class_list":{"0":"post-5714","1":"product","2":"type-product","3":"status-publish","4":"has-post-thumbnail","6":"product_cat-eu-warehouse","7":"product_cat-digital-vapes-in-discount-price","8":"product_cat-france-wholesale-vape","9":"product_cat-hifancy-vapes","10":"product_cat-netherlands-wholesale-vape","11":"product_cat-smart-display","12":"product_cat-spain-wholesale-vape","13":"product_cat-germany-wholesale-vape","14":"product_cat-vape-60000-puffs","15":"product_cat-vape-shop","16":"product_tag-60000-puffs","17":"product_tag-60k-puffs","18":"product_tag-bulk-price-vape-shop","19":"product_tag-good-sales-vape","20":"product_tag-moq-50pcs","21":"product_tag-rechargeable-vape","22":"product_tag-vape-wholesasle-price","23":"desktop-align-left","24":"tablet-align-left","25":"mobile-align-left","27":"first","28":"instock","29":"sale","30":"shipping-taxable","31":"purchasable","32":"product-type-simple"},"yoast_head":"<!-- This site is optimized with the Yoast SEO plugin v23.0 - https:\/\/yoast.com\/wordpress\/plugins\/seo\/ -->\n<title>HIFANCY Twin Max 60K Puffs Dual Flavor Rechargeable Disposable Vape - rmvapebang.com<\/title>\n<meta name=\"description\" content=\"HIFANCY Twin Max 60K dual flavor rechargeable disposable vape with 60000 puffs, LED display, dual tank system and premium high puff performance.\" \/>\n<meta name=\"robots\" content=\"index, follow, max-snippet:-1, max-image-preview:large, max-video-preview:-1\" \/>\n<link rel=\"canonical\" href=\"https:\/\/rmvapebang.com\/es\/product\/hifancy-twin-max-60k-puffs-dual-flavor-rechargeable-disposable-vape\/\" \/>\n<meta property=\"og:locale\" content=\"es_ES\" \/>\n<meta property=\"og:type\" content=\"article\" \/>\n<meta property=\"og:title\" content=\"HIFANCY Twin Max 60K Puffs Dual Flavor Rechargeable Disposable Vape - rmvapebang.com\" \/>\n<meta property=\"og:description\" content=\"HIFANCY Twin Max 60K dual flavor rechargeable disposable vape with 60000 puffs, LED display, dual tank system and premium high puff performance.\" \/>\n<meta property=\"og:url\" content=\"https:\/\/rmvapebang.com\/es\/product\/hifancy-twin-max-60k-puffs-dual-flavor-rechargeable-disposable-vape\/\" \/>\n<meta property=\"og:site_name\" content=\"rmvapebang.com\" \/>\n<meta property=\"article:modified_time\" content=\"2026-04-06T11:39:04+00:00\" \/>\n<meta property=\"og:image\" content=\"http:\/\/rmvapebang.com\/wp-content\/uploads\/2026\/02\/Rotate-Flavor-Dual-Tank-Vape-60K.webp\" \/>\n\t<meta property=\"og:image:width\" content=\"800\" \/>\n\t<meta property=\"og:image:height\" content=\"800\" \/>\n\t<meta property=\"og:image:type\" content=\"image\/webp\" \/>\n<meta name=\"twitter:card\" content=\"summary_large_image\" \/>\n<meta name=\"twitter:label1\" content=\"Tiempo de lectura\" \/>\n\t<meta name=\"twitter:data1\" content=\"3 minutos\" \/>\n<script type=\"application\/ld+json\" class=\"yoast-schema-graph\">{\"@context\":\"https:\/\/schema.org\",\"@graph\":[{\"@type\":\"WebPage\",\"@id\":\"https:\/\/rmvapebang.com\/product\/hifancy-twin-max-60k-puffs-dual-flavor-rechargeable-disposable-vape\/\",\"url\":\"https:\/\/rmvapebang.com\/product\/hifancy-twin-max-60k-puffs-dual-flavor-rechargeable-disposable-vape\/\",\"name\":\"HIFANCY Twin Max 60K Puffs Dual Flavor Rechargeable Disposable Vape - rmvapebang.com\",\"isPartOf\":{\"@id\":\"https:\/\/rmvapebang.com\/#website\"},\"primaryImageOfPage\":{\"@id\":\"https:\/\/rmvapebang.com\/product\/hifancy-twin-max-60k-puffs-dual-flavor-rechargeable-disposable-vape\/#primaryimage\"},\"image\":{\"@id\":\"https:\/\/rmvapebang.com\/product\/hifancy-twin-max-60k-puffs-dual-flavor-rechargeable-disposable-vape\/#primaryimage\"},\"thumbnailUrl\":\"https:\/\/rmvapebang.com\/wp-content\/uploads\/2026\/02\/Rotate-Flavor-Dual-Tank-Vape-60K.webp\",\"datePublished\":\"2026-02-25T16:33:39+00:00\",\"dateModified\":\"2026-04-06T11:39:04+00:00\",\"description\":\"HIFANCY Twin Max 60K dual flavor rechargeable disposable vape with 60000 puffs, LED display, dual tank system and premium high puff performance.\",\"breadcrumb\":{\"@id\":\"https:\/\/rmvapebang.com\/product\/hifancy-twin-max-60k-puffs-dual-flavor-rechargeable-disposable-vape\/#breadcrumb\"},\"inLanguage\":\"es\",\"potentialAction\":[{\"@type\":\"ReadAction\",\"target\":[\"https:\/\/rmvapebang.com\/product\/hifancy-twin-max-60k-puffs-dual-flavor-rechargeable-disposable-vape\/\"]}]},{\"@type\":\"ImageObject\",\"inLanguage\":\"es\",\"@id\":\"https:\/\/rmvapebang.com\/product\/hifancy-twin-max-60k-puffs-dual-flavor-rechargeable-disposable-vape\/#primaryimage\",\"url\":\"https:\/\/rmvapebang.com\/wp-content\/uploads\/2026\/02\/Rotate-Flavor-Dual-Tank-Vape-60K.webp\",\"contentUrl\":\"https:\/\/rmvapebang.com\/wp-content\/uploads\/2026\/02\/Rotate-Flavor-Dual-Tank-Vape-60K.webp\",\"width\":800,\"height\":800,\"caption\":\"Two flavors in one device with easy rotation switching.\"},{\"@type\":\"BreadcrumbList\",\"@id\":\"https:\/\/rmvapebang.com\/product\/hifancy-twin-max-60k-puffs-dual-flavor-rechargeable-disposable-vape\/#breadcrumb\",\"itemListElement\":[{\"@type\":\"ListItem\",\"position\":1,\"name\":\"Home\",\"item\":\"https:\/\/rmvapebang.com\/\"},{\"@type\":\"ListItem\",\"position\":2,\"name\":\"Hot Vape Shop\",\"item\":\"https:\/\/rmvapebang.com\/shop-page\/\"},{\"@type\":\"ListItem\",\"position\":3,\"name\":\"HIFANCY Twin Max 60K Puffs Dual Flavor Rechargeable Disposable Vape\"}]},{\"@type\":\"WebSite\",\"@id\":\"https:\/\/rmvapebang.com\/#website\",\"url\":\"https:\/\/rmvapebang.com\/\",\"name\":\"rmvapebang.com\",\"description\":\"buy vape cheap\",\"publisher\":{\"@id\":\"https:\/\/rmvapebang.com\/#organization\"},\"potentialAction\":[{\"@type\":\"SearchAction\",\"target\":{\"@type\":\"EntryPoint\",\"urlTemplate\":\"https:\/\/rmvapebang.com\/?s={search_term_string}\"},\"query-input\":\"required name=search_term_string\"}],\"inLanguage\":\"es\"},{\"@type\":\"Organization\",\"@id\":\"https:\/\/rmvapebang.com\/#organization\",\"name\":\"rmvapebang.com\",\"url\":\"https:\/\/rmvapebang.com\/\",\"logo\":{\"@type\":\"ImageObject\",\"inLanguage\":\"es\",\"@id\":\"https:\/\/rmvapebang.com\/#\/schema\/logo\/image\/\",\"url\":\"https:\/\/rmvapebang.com\/wp-content\/uploads\/2024\/03\/cropped-RVBlogo.png\",\"contentUrl\":\"https:\/\/rmvapebang.com\/wp-content\/uploads\/2024\/03\/cropped-RVBlogo.png\",\"width\":507,\"height\":169,\"caption\":\"rmvapebang.com\"},\"image\":{\"@id\":\"https:\/\/rmvapebang.com\/#\/schema\/logo\/image\/\"}}]}<\/script>\n<!-- \/ Yoast SEO plugin. -->","yoast_head_json":{"title":"HIFANCY Twin Max 60K Puffs Dual Flavor Rechargeable Disposable Vape - rmvapebang.com","description":"HIFANCY Twin Max 60K dual flavor rechargeable disposable vape with 60000 puffs, LED display, dual tank system and premium high puff performance.","robots":{"index":"index","follow":"follow","max-snippet":"max-snippet:-1","max-image-preview":"max-image-preview:large","max-video-preview":"max-video-preview:-1"},"canonical":"https:\/\/rmvapebang.com\/es\/product\/hifancy-twin-max-60k-puffs-dual-flavor-rechargeable-disposable-vape\/","og_locale":"es_ES","og_type":"article","og_title":"HIFANCY Twin Max 60K Puffs Dual Flavor Rechargeable Disposable Vape - rmvapebang.com","og_description":"HIFANCY Twin Max 60K dual flavor rechargeable disposable vape with 60000 puffs, LED display, dual tank system and premium high puff performance.","og_url":"https:\/\/rmvapebang.com\/es\/product\/hifancy-twin-max-60k-puffs-dual-flavor-rechargeable-disposable-vape\/","og_site_name":"rmvapebang.com","article_modified_time":"2026-04-06T11:39:04+00:00","og_image":[{"width":800,"height":800,"url":"http:\/\/rmvapebang.com\/wp-content\/uploads\/2026\/02\/Rotate-Flavor-Dual-Tank-Vape-60K.webp","type":"image\/webp"}],"twitter_card":"summary_large_image","twitter_misc":{"Tiempo de lectura":"3 minutos"},"schema":{"@context":"https:\/\/schema.org","@graph":[{"@type":"WebPage","@id":"https:\/\/rmvapebang.com\/product\/hifancy-twin-max-60k-puffs-dual-flavor-rechargeable-disposable-vape\/","url":"https:\/\/rmvapebang.com\/product\/hifancy-twin-max-60k-puffs-dual-flavor-rechargeable-disposable-vape\/","name":"HIFANCY Twin Max 60K Puffs Dual Flavor Rechargeable Disposable Vape - rmvapebang.com","isPartOf":{"@id":"https:\/\/rmvapebang.com\/#website"},"primaryImageOfPage":{"@id":"https:\/\/rmvapebang.com\/product\/hifancy-twin-max-60k-puffs-dual-flavor-rechargeable-disposable-vape\/#primaryimage"},"image":{"@id":"https:\/\/rmvapebang.com\/product\/hifancy-twin-max-60k-puffs-dual-flavor-rechargeable-disposable-vape\/#primaryimage"},"thumbnailUrl":"https:\/\/rmvapebang.com\/wp-content\/uploads\/2026\/02\/Rotate-Flavor-Dual-Tank-Vape-60K.webp","datePublished":"2026-02-25T16:33:39+00:00","dateModified":"2026-04-06T11:39:04+00:00","description":"HIFANCY Twin Max 60K dual flavor rechargeable disposable vape with 60000 puffs, LED display, dual tank system and premium high puff performance.","breadcrumb":{"@id":"https:\/\/rmvapebang.com\/product\/hifancy-twin-max-60k-puffs-dual-flavor-rechargeable-disposable-vape\/#breadcrumb"},"inLanguage":"es","potentialAction":[{"@type":"ReadAction","target":["https:\/\/rmvapebang.com\/product\/hifancy-twin-max-60k-puffs-dual-flavor-rechargeable-disposable-vape\/"]}]},{"@type":"ImageObject","inLanguage":"es","@id":"https:\/\/rmvapebang.com\/product\/hifancy-twin-max-60k-puffs-dual-flavor-rechargeable-disposable-vape\/#primaryimage","url":"https:\/\/rmvapebang.com\/wp-content\/uploads\/2026\/02\/Rotate-Flavor-Dual-Tank-Vape-60K.webp","contentUrl":"https:\/\/rmvapebang.com\/wp-content\/uploads\/2026\/02\/Rotate-Flavor-Dual-Tank-Vape-60K.webp","width":800,"height":800,"caption":"Two flavors in one device with easy rotation switching."},{"@type":"BreadcrumbList","@id":"https:\/\/rmvapebang.com\/product\/hifancy-twin-max-60k-puffs-dual-flavor-rechargeable-disposable-vape\/#breadcrumb","itemListElement":[{"@type":"ListItem","position":1,"name":"Home","item":"https:\/\/rmvapebang.com\/"},{"@type":"ListItem","position":2,"name":"Hot Vape Shop","item":"https:\/\/rmvapebang.com\/shop-page\/"},{"@type":"ListItem","position":3,"name":"HIFANCY Twin Max 60K Puffs Dual Flavor Rechargeable Disposable Vape"}]},{"@type":"WebSite","@id":"https:\/\/rmvapebang.com\/#website","url":"https:\/\/rmvapebang.com\/","name":"rmvapebang.com","description":"buy vape cheap","publisher":{"@id":"https:\/\/rmvapebang.com\/#organization"},"potentialAction":[{"@type":"SearchAction","target":{"@type":"EntryPoint","urlTemplate":"https:\/\/rmvapebang.com\/?s={search_term_string}"},"query-input":"required name=search_term_string"}],"inLanguage":"es"},{"@type":"Organization","@id":"https:\/\/rmvapebang.com\/#organization","name":"rmvapebang.com","url":"https:\/\/rmvapebang.com\/","logo":{"@type":"ImageObject","inLanguage":"es","@id":"https:\/\/rmvapebang.com\/#\/schema\/logo\/image\/","url":"https:\/\/rmvapebang.com\/wp-content\/uploads\/2024\/03\/cropped-RVBlogo.png","contentUrl":"https:\/\/rmvapebang.com\/wp-content\/uploads\/2024\/03\/cropped-RVBlogo.png","width":507,"height":169,"caption":"rmvapebang.com"},"image":{"@id":"https:\/\/rmvapebang.com\/#\/schema\/logo\/image\/"}}]}},"uagb_featured_image_src":{"full":["https:\/\/rmvapebang.com\/wp-content\/uploads\/2026\/02\/Rotate-Flavor-Dual-Tank-Vape-60K.webp",800,800,false],"thumbnail":["https:\/\/rmvapebang.com\/wp-content\/uploads\/2026\/02\/Rotate-Flavor-Dual-Tank-Vape-60K-150x150.webp",150,150,true],"medium":["https:\/\/rmvapebang.com\/wp-content\/uploads\/2026\/02\/Rotate-Flavor-Dual-Tank-Vape-60K-300x300.webp",300,300,true],"medium_large":["https:\/\/rmvapebang.com\/wp-content\/uploads\/2026\/02\/Rotate-Flavor-Dual-Tank-Vape-60K-768x768.webp",768,768,true],"large":["https:\/\/rmvapebang.com\/wp-content\/uploads\/2026\/02\/Rotate-Flavor-Dual-Tank-Vape-60K.webp",800,800,false],"1536x1536":["https:\/\/rmvapebang.com\/wp-content\/uploads\/2026\/02\/Rotate-Flavor-Dual-Tank-Vape-60K.webp",800,800,false],"2048x2048":["https:\/\/rmvapebang.com\/wp-content\/uploads\/2026\/02\/Rotate-Flavor-Dual-Tank-Vape-60K.webp",800,800,false],"trp-custom-language-flag":["https:\/\/rmvapebang.com\/wp-content\/uploads\/2026\/02\/Rotate-Flavor-Dual-Tank-Vape-60K-12x12.webp",12,12,true],"woocommerce_thumbnail":["https:\/\/rmvapebang.com\/wp-content\/uploads\/2026\/02\/Rotate-Flavor-Dual-Tank-Vape-60K-300x300.webp",300,300,true],"woocommerce_single":["https:\/\/rmvapebang.com\/wp-content\/uploads\/2026\/02\/Rotate-Flavor-Dual-Tank-Vape-60K-600x600.webp",600,600,true],"woocommerce_gallery_thumbnail":["https:\/\/rmvapebang.com\/wp-content\/uploads\/2026\/02\/Rotate-Flavor-Dual-Tank-Vape-60K-100x100.webp",100,100,true],"wcpr-photo-reviews":["https:\/\/rmvapebang.com\/wp-content\/uploads\/2026\/02\/Rotate-Flavor-Dual-Tank-Vape-60K.webp",500,500,false]},"uagb_author_info":{"display_name":"Lyn","author_link":"https:\/\/rmvapebang.com\/es\/author\/"},"uagb_comment_info":0,"uagb_excerpt":"NOTE:\u00a0Prices on the website don\u2019t include shipping fee. Please send your zip code and address that we can check shipping costs for you. HIFANCY Twin Max 60K Puffs Dual Flavor Disposable Vape features a dual tank design, LED display and Type-C rechargeable battery. Built for adult users who want long lasting performance, smooth vapor production&hellip;","_links":{"self":[{"href":"https:\/\/rmvapebang.com\/es\/wp-json\/wp\/v2\/product\/5714","targetHints":{"allow":["GET"]}}],"collection":[{"href":"https:\/\/rmvapebang.com\/es\/wp-json\/wp\/v2\/product"}],"about":[{"href":"https:\/\/rmvapebang.com\/es\/wp-json\/wp\/v2\/types\/product"}],"replies":[{"embeddable":true,"href":"https:\/\/rmvapebang.com\/es\/wp-json\/wp\/v2\/comments?post=5714"}],"wp:featuredmedia":[{"embeddable":true,"href":"https:\/\/rmvapebang.com\/es\/wp-json\/wp\/v2\/media\/5679"}],"wp:attachment":[{"href":"https:\/\/rmvapebang.com\/es\/wp-json\/wp\/v2\/media?parent=5714"}],"wp:term":[{"taxonomy":"product_brand","embeddable":true,"href":"https:\/\/rmvapebang.com\/es\/wp-json\/wp\/v2\/product_brand?post=5714"},{"taxonomy":"product_cat","embeddable":true,"href":"https:\/\/rmvapebang.com\/es\/wp-json\/wp\/v2\/product_cat?post=5714"},{"taxonomy":"product_tag","embeddable":true,"href":"https:\/\/rmvapebang.com\/es\/wp-json\/wp\/v2\/product_tag?post=5714"}],"curies":[{"name":"wp","href":"https:\/\/api.w.org\/{rel}","templated":true}]}}