{"id":5234,"date":"2025-11-24T16:28:51","date_gmt":"2025-11-24T08:28:51","guid":{"rendered":"https:\/\/rmvapebang.com\/?post_type=product&#038;p=5234"},"modified":"2025-11-14T16:44:07","modified_gmt":"2025-11-14T08:44:07","slug":"vapme-crystal-30000-puffs-vape-bulk-sale-price-for-eu-vape-shops","status":"publish","type":"product","link":"https:\/\/rmvapebang.com\/es\/product\/vapme-crystal-30000-puffs-vape-bulk-sale-price-for-eu-vape-shops\/","title":{"rendered":"Vapme Crystal 30000 Caladas Precio de Venta al por Mayor para Tiendas de Vapeo en Espa\u00f1a"},"content":{"rendered":"<h2>Vapme Crystal 30000 Caladas Precio de Venta al por Mayor para Tiendas de Vapeo en Espa\u00f1a<\/h2>\n<p>Vapme Crystal 30000 caladas de vapeo en venta al por mayor para tiendas de vapeo en la UE combina perfectamente un dise\u00f1o limpio con un rendimiento potente, brindando una experiencia completamente nueva al mercado europeo. <strong><em><a href=\"https:\/\/rmvapebang.com\/es\/product-category\/smart-display\/\">Pantalla inteligente<\/a> <\/em><\/strong>30000 vape equipado con 30ml de e-l\u00edquido y una bater\u00eda recargable de 650mAh, <a href=\"https:\/\/rmvapebang.com\/es\/shop-page\/?filter_puff=30000-puff\"><em><strong>vape desechable de 30k caladas<\/strong><\/em><\/a> ofrece m\u00e1s de 30,000 caladas, siendo ideal para usuarios diarios y minoristas que buscan inventario a largo plazo.<\/p>\n<p><a href=\"https:\/\/rmvapebang.com\/es\/product-category\/vapme-vape\/\"><em><strong>Vapeador Vapme<\/strong> <\/em><\/a>Las 30000 caladas de Crystal tienen funci\u00f3n de sabor 3 en 1 que permite a los vapear disfrutar de m\u00faltiples sabores en un solo dispositivo, ofreciendo a los minoristas m\u00e1s opciones sin aumentar la variedad de productos. <a href=\"https:\/\/rmvapebang.com\/es\/product-category\/vape-30000\/\"><em><strong>30000 caladas de vape desechable<\/strong> <\/em><\/a>El puerto de carga Tipo-C garantiza un uso r\u00e1pido y f\u00e1cil, satisfaciendo las necesidades de los usuarios modernos de cigarrillos electr\u00f3nicos.<\/p>\n<p>Como producto directo de f\u00e1brica, las Vapme Crystal 30000 caladas ofrecen precios mayoristas altamente competitivos y descuentos para distribuidores en toda Europa. El dise\u00f1o cristalino mejora la visibilidad en estanter\u00eda, ayudando a los minoristas a atraer m\u00e1s clientes.<\/p>\n<figure id=\"attachment_5177\" aria-describedby=\"caption-attachment-5177\" style=\"width: 800px\" class=\"wp-caption alignnone\"><img loading=\"lazy\" decoding=\"async\" class=\"wp-image-5177 size-full\" src=\"http:\/\/rmvapebang.com\/wp-content\/uploads\/2025\/10\/Vapme-Crystal-Vape-30000-puffs-Discount-Sale.webp\" alt=\"Venta con descuento de Vapme Crystal Vape 30000 caladas\" width=\"800\" height=\"585\" srcset=\"https:\/\/rmvapebang.com\/wp-content\/uploads\/2025\/10\/Vapme-Crystal-Vape-30000-puffs-Discount-Sale.webp 800w, https:\/\/rmvapebang.com\/wp-content\/uploads\/2025\/10\/Vapme-Crystal-Vape-30000-puffs-Discount-Sale-300x219.webp 300w, https:\/\/rmvapebang.com\/wp-content\/uploads\/2025\/10\/Vapme-Crystal-Vape-30000-puffs-Discount-Sale-768x562.webp 768w, https:\/\/rmvapebang.com\/wp-content\/uploads\/2025\/10\/Vapme-Crystal-Vape-30000-puffs-Discount-Sale-16x12.webp 16w, https:\/\/rmvapebang.com\/wp-content\/uploads\/2025\/10\/Vapme-Crystal-Vape-30000-puffs-Discount-Sale-600x439.webp 600w\" sizes=\"auto, (max-width: 800px) 100vw, 800px\" \/><figcaption id=\"caption-attachment-5177\" class=\"wp-caption-text\">Venta con descuento de Vapme Crystal Vape 30000 caladas<\/figcaption><\/figure>\n<h2><strong data-start=\"1150\" data-end=\"1172\">Vapme Crystal 30000 caladas de vapeo <\/strong><strong data-start=\"1150\" data-end=\"1172\">Destacados<\/strong><strong data-start=\"1150\" data-end=\"1172\">:<\/strong><\/h2>\n<p>\ud83d\udca8 <strong><em><span style=\"color: #ff0000\">30.000 caladas<\/span><\/em><\/strong> \u2014 uso diario consistente<br \/>\n\ud83d\udc8e Acabado cristalino \u2014 presencia premium en estanter\u00eda<br \/>\n\ud83d\udd0b <em><strong><span style=\"color: #ff0000\">650mAh<\/span> <\/strong><\/em>recargable \u2014 conveniencia Tipo-C<br \/>\n\ud83c\udf08 <em><strong><span style=\"color: #ff0000\">Dispositivo con sabor 3 en 1<\/span><\/strong><\/em> \u2014 variedad en una sola unidad<br \/>\n\ud83d\udd27 Bobina de malla \u2014 entrega de sabor suave<\/p>\n<h2><strong><b>Lista de sabores de vapeo Crystal 30000 caladas<\/b><\/strong><\/h2>\n<p>1. Ar\u00e1ndano con frambuesa\u2014Sand\u00eda con hielo\u2014Limonada de fresa<br \/>\n2. Agua de fresa sand\u00eda\u2014Mel\u00f3n con fruta de la pasi\u00f3n hielo\u2014Ar\u00e1ndano frambuesa<br \/>\n3. Hielo de cereza\u2014Limonada de ar\u00e1ndano azul\u2014Mel\u00f3n con fruta de la pasi\u00f3n hielo<br \/>\n4. Hielo de uva\u2014Fresa kiwi\u2014Durazno mango pi\u00f1a<br \/>\n5. Fresa pl\u00e1tano\u2014Doble manzana\u2014Agua de sand\u00eda hielo<br \/>\n6. Hielo de frutos rojos mixtos\u2014Durazno mango pi\u00f1a\u2014Frambuesa sand\u00eda<br \/>\n7. Hielo de fresa\u2014Hielo de sand\u00eda kiwi\u2014Hielo de cereza<br \/>\n8. Red Bull\u2014Cola de cereza\u2014Durazno jugoso<br \/>\n9. Caramelo de fresa frambuesa\u2014Hielo de durazno\u2014Kiwi fruta de la pasi\u00f3n guayaba<br \/>\n10. Fresa mango\u2014Kiwi fruta de la pasi\u00f3n guayaba\u2014Agua de sand\u00eda hielo<br \/>\n11. Ponche de fruta tropical\u2014Uva fresa\u2014Limonada de ar\u00e1ndano azul<br \/>\n12. Chicle de sand\u00eda fresa\u2014Baya de cereza\u2014Hielo de Red Bull<br \/>\n13. Se\u00f1or azul\u2014Dama asesina\u2014Amor 66<br \/>\n14. Toro de sand\u00eda\u2014Pi\u00f1a kiwi hielo\u2014Hielo de fresa<br \/>\n15. Hielo de fruta drag\u00f3n de fresa\u2014Lemon de sand\u00eda\u2014Ponche de fruta tropical<br \/>\n16. Hielo de triple mel\u00f3n\u2014Ar\u00e1ndano frambuesa durazno\u2014Hielo de fresa<br \/>\n17. Hielo de ar\u00e1ndano cranberry\u2014Hielo de pl\u00e1tano\u2014Frutos rojos mixtos<br \/>\n18. Skittle de sand\u00eda\u2014Osito de goma de fresa\u2014Caramelo de ar\u00e1ndano azul y frambuesa<br \/>\n19. Cereza efervescente\u2014Lim\u00f3n y lima\u2014Ar\u00e1ndano azul en hielo<br \/>\n20. Red Bull de fresa\u2014Hielo de drag\u00f3n negro\u2014Baya de cereza<\/p>\n<h2>PREGUNTAS FRECUENTES:<\/h2>\n<p><strong>Q1: \u00bfEs Vapme Crystal 30000 caladas un \u00e9xito de ventas en Europa?<\/strong><br \/>\nA1: S\u00ed, tiene un rendimiento fuerte en muchas regiones de la UE debido a su dise\u00f1o de cristal, triple sabor y 30,000 caladas estables.<\/p>\n<p><strong>Q2: \u00bfEl Crystal de 30,000 caladas se env\u00eda directamente desde la f\u00e1brica o desde el almac\u00e9n de la UE?<\/strong><br \/>\nA2: Actualmente solo podemos enviar vapme vape desechable de 30k desde nuestro almac\u00e9n en China. Los productos de otras marcas pueden enviarse desde nuestro almac\u00e9n en la UE, como Waspe, Poco, Stagbar y Fizzy.<\/p>\n<p><strong>Q3: \u00bfQu\u00e9 hace que el Vapme Crystal de 30,000 sea diferente de los vapes desechables est\u00e1ndar?<\/strong><br \/>\nA3: El tornado crystal de 30k caladas presenta tres c\u00e1psulas de sabor integradas en un solo dispositivo, permitiendo a los usuarios cambiar de sabores f\u00e1cilmente, y proporciona un uso m\u00e1s prolongado y una mejor consistencia de sabor que la mayor\u00eda de los vapes de un solo sabor.<\/p>\n<p><strong>Q4: \u00bfEs el Vapme Crystal adecuado para compradores mayoristas al por mayor?<\/strong><br \/>\nA4: S\u00ed, nuestras cotizaciones se basan en precios al por mayor, y el pedido m\u00ednimo es de 50 unidades.<\/p>\n<p><strong>\u00a1Contacta a Lyn para m\u00e1s videos de productos!<\/strong><\/p>\n<p><a href=\"https:\/\/wa.me\/8617840853976\"><span style=\"color: #ff6600\"><strong><em>Whatsapp:+86 178 4085 3976<\/em><\/strong><\/span><\/a><\/p>\n<p><img loading=\"lazy\" decoding=\"async\" class=\"alignnone size-medium wp-image-1905\" src=\"http:\/\/rmvapebang.com\/wp-content\/uploads\/2024\/03\/whatsapp-vape-2-202x300.jpg\" alt=\"\" width=\"202\" height=\"300\" \/><\/p>\n<p>Encuentra m\u00e1s productos que te puedan gustar:<a href=\"https:\/\/rmvapebang.com\/es\/shop-page\/\"><strong><em>Comprar ahora<\/em><\/strong><\/a><\/p>\n<p>otros vaporizadores que te pueden gustar: <a href=\"https:\/\/rmvapebang.com\/es\/product\/uzy-crystal-100000-puffs-disposable-vape-4-in-1-bulk-sale\/\">Vaporizador cristal UZY 100000 puffs<\/a>\/<a href=\"https:\/\/rmvapebang.com\/es\/product\/vopk-80000-puff-disposable-vape-4-in-1-flavor-bulk-offer\/\">vopk 80k caladas 4 en 1 sabores vape<\/a>\/<a href=\"https:\/\/rmvapebang.com\/es\/product\/wholesale-disposable-vape-mr-goodie-80000-puff-best-sale\/\">Mr.goodie vape de shisha de 80000 caladas<\/a>\/<a href=\"https:\/\/rmvapebang.com\/es\/product\/best-bulk-sale-razzbar-40000-puffs-disposable-wholesale-vape\/\">RAZZBAR de 40K caladas<\/a><\/p>","protected":false},"excerpt":{"rendered":"<p><span style=\"color: #ff0000\"><strong>NOTA<\/strong>:\u00a0<em>Los precios en la p\u00e1gina web no incluyen los gastos de env\u00edo. Por favor, env\u00ede su c\u00f3digo postal y direcci\u00f3n para que podamos comprobar los costes de env\u00edo para usted.<\/em><\/span><br \/>\nVapme Crystal 30K ofrece un fuerte atractivo visual y un rendimiento constante\u2014una opci\u00f3n ideal a precio de f\u00e1brica para tiendas que desean alta rotaci\u00f3n y clientes leales que repiten.<\/p>\n<p><strong><em>WhatsApp:<a href=\"https:\/\/wa.me\/8617840853976\">+86 17840853976<\/a><br \/>\n<\/em><\/strong>Escanea en whatsapp para el cup\u00f3n de nuevo cliente<\/p>\n<p><img loading=\"lazy\" decoding=\"async\" class=\"alignnone size-medium wp-image-1905\" src=\"http:\/\/rmvapebang.com\/wp-content\/uploads\/2024\/03\/whatsapp-vape-2-202x300.jpg\" alt=\"\" width=\"202\" height=\"300\" \/><\/p>","protected":false},"featured_media":5184,"comment_status":"open","ping_status":"closed","template":"","meta":{"_uag_custom_page_level_css":"","_lmt_disableupdate":"no","_lmt_disable":"","site-sidebar-layout":"no-sidebar","site-content-layout":"boxed-container","ast-site-content-layout":"normal-width-container","site-content-style":"boxed","site-sidebar-style":"boxed","ast-global-header-display":"","ast-banner-title-visibility":"","ast-main-header-display":"","ast-hfb-above-header-display":"","ast-hfb-below-header-display":"","ast-hfb-mobile-header-display":"","site-post-title":"","ast-breadcrumbs-content":"","ast-featured-img":"","footer-sml-layout":"","theme-transparent-header-meta":"default","adv-header-id-meta":"","stick-header-meta":"","header-above-stick-meta":"","header-main-stick-meta":"","header-below-stick-meta":"","astra-migrate-meta-layouts":"set","ast-page-background-enabled":"default","ast-page-background-meta":{"desktop":{"background-color":"","background-image":"","background-repeat":"repeat","background-position":"center center","background-size":"auto","background-attachment":"scroll","background-type":"","background-media":"","overlay-type":"","overlay-color":"","overlay-gradient":""},"tablet":{"background-color":"","background-image":"","background-repeat":"repeat","background-position":"center center","background-size":"auto","background-attachment":"scroll","background-type":"","background-media":"","overlay-type":"","overlay-color":"","overlay-gradient":""},"mobile":{"background-color":"","background-image":"","background-repeat":"repeat","background-position":"center center","background-size":"auto","background-attachment":"scroll","background-type":"","background-media":"","overlay-type":"","overlay-color":"","overlay-gradient":""}},"ast-content-background-meta":{"desktop":{"background-color":"var(--ast-global-color-5)","background-image":"","background-repeat":"repeat","background-position":"center center","background-size":"auto","background-attachment":"scroll","background-type":"","background-media":"","overlay-type":"","overlay-color":"","overlay-gradient":""},"tablet":{"background-color":"var(--ast-global-color-5)","background-image":"","background-repeat":"repeat","background-position":"center center","background-size":"auto","background-attachment":"scroll","background-type":"","background-media":"","overlay-type":"","overlay-color":"","overlay-gradient":""},"mobile":{"background-color":"var(--ast-global-color-5)","background-image":"","background-repeat":"repeat","background-position":"center center","background-size":"auto","background-attachment":"scroll","background-type":"","background-media":"","overlay-type":"","overlay-color":"","overlay-gradient":""}},"_joinchat":[]},"product_brand":[],"product_cat":[115,39,41,128,42,40,131,129,101,43,81],"product_tag":[102,103,50,51,67,132,53,52],"class_list":{"0":"post-5234","1":"product","2":"type-product","3":"status-publish","4":"has-post-thumbnail","6":"product_cat-crystal-vape","7":"product_cat-france-wholesale-vape","8":"product_cat-netherlands-wholesale-vape","9":"product_cat-smart-display","10":"product_cat-spain-wholesale-vape","11":"product_cat-germany-wholesale-vape","12":"product_cat-tornado-vape-wholesale-price-hot-sale","13":"product_cat-tornado-vapes","14":"product_cat-vape-30000-puffs","15":"product_cat-vape-shop","16":"product_cat-vapme-vape","17":"product_tag-30000-puffs","18":"product_tag-30k-puffs","19":"product_tag-bulk-price-vape-shop","20":"product_tag-disposable-vape","21":"product_tag-fast-price-sales","22":"product_tag-min-order-50pcs","23":"product_tag-rechargeable-vape","24":"product_tag-vape-wholesasle-price","25":"desktop-align-left","26":"tablet-align-left","27":"mobile-align-left","29":"first","30":"instock","31":"sale","32":"shipping-taxable","33":"purchasable","34":"product-type-simple"},"yoast_head":"<!-- This site is optimized with the Yoast SEO plugin v23.0 - https:\/\/yoast.com\/wordpress\/plugins\/seo\/ -->\n<title>Vapme Crystal 30000 Puffs Vape Bulk Sale Price for EU Vape Shops - rmvapebang.com<\/title>\n<meta name=\"description\" content=\"Vapme Crystal 30K puffs disposable \u2014 3-in-1 flavors, Type-C recharge, and crystal design. Order bulk for EU stores today.\" \/>\n<meta name=\"robots\" content=\"index, follow, max-snippet:-1, max-image-preview:large, max-video-preview:-1\" \/>\n<link rel=\"canonical\" href=\"https:\/\/rmvapebang.com\/es\/product\/vapme-crystal-30000-puffs-vape-bulk-sale-price-for-eu-vape-shops\/\" \/>\n<meta property=\"og:locale\" content=\"es_ES\" \/>\n<meta property=\"og:type\" content=\"article\" \/>\n<meta property=\"og:title\" content=\"Vapme Crystal 30000 Puffs Vape Bulk Sale Price for EU Vape Shops - rmvapebang.com\" \/>\n<meta property=\"og:description\" content=\"Vapme Crystal 30K puffs disposable \u2014 3-in-1 flavors, Type-C recharge, and crystal design. Order bulk for EU stores today.\" \/>\n<meta property=\"og:url\" content=\"https:\/\/rmvapebang.com\/es\/product\/vapme-crystal-30000-puffs-vape-bulk-sale-price-for-eu-vape-shops\/\" \/>\n<meta property=\"og:site_name\" content=\"rmvapebang.com\" \/>\n<meta property=\"article:modified_time\" content=\"2025-11-14T08:44:07+00:00\" \/>\n<meta property=\"og:image\" content=\"https:\/\/rmvapebang.com\/wp-content\/uploads\/2025\/10\/Vapme-Crystal-Vape-30000-puffs-Bulk-Sale.webp\" \/>\n\t<meta property=\"og:image:width\" content=\"800\" \/>\n\t<meta property=\"og:image:height\" content=\"800\" \/>\n\t<meta property=\"og:image:type\" content=\"image\/webp\" \/>\n<meta name=\"twitter:card\" content=\"summary_large_image\" \/>\n<meta name=\"twitter:label1\" content=\"Tiempo de lectura\" \/>\n\t<meta name=\"twitter:data1\" content=\"3 minutos\" \/>\n<script type=\"application\/ld+json\" class=\"yoast-schema-graph\">{\"@context\":\"https:\/\/schema.org\",\"@graph\":[{\"@type\":\"WebPage\",\"@id\":\"https:\/\/rmvapebang.com\/product\/vapme-crystal-30000-puffs-vape-bulk-sale-price-for-eu-vape-shops\/\",\"url\":\"https:\/\/rmvapebang.com\/product\/vapme-crystal-30000-puffs-vape-bulk-sale-price-for-eu-vape-shops\/\",\"name\":\"Vapme Crystal 30000 Puffs Vape Bulk Sale Price for EU Vape Shops - rmvapebang.com\",\"isPartOf\":{\"@id\":\"https:\/\/rmvapebang.com\/#website\"},\"primaryImageOfPage\":{\"@id\":\"https:\/\/rmvapebang.com\/product\/vapme-crystal-30000-puffs-vape-bulk-sale-price-for-eu-vape-shops\/#primaryimage\"},\"image\":{\"@id\":\"https:\/\/rmvapebang.com\/product\/vapme-crystal-30000-puffs-vape-bulk-sale-price-for-eu-vape-shops\/#primaryimage\"},\"thumbnailUrl\":\"https:\/\/rmvapebang.com\/wp-content\/uploads\/2025\/10\/Vapme-Crystal-Vape-30000-puffs-Bulk-Sale.webp\",\"datePublished\":\"2025-11-24T08:28:51+00:00\",\"dateModified\":\"2025-11-14T08:44:07+00:00\",\"description\":\"Vapme Crystal 30K puffs disposable \u2014 3-in-1 flavors, Type-C recharge, and crystal design. Order bulk for EU stores today.\",\"breadcrumb\":{\"@id\":\"https:\/\/rmvapebang.com\/product\/vapme-crystal-30000-puffs-vape-bulk-sale-price-for-eu-vape-shops\/#breadcrumb\"},\"inLanguage\":\"es\",\"potentialAction\":[{\"@type\":\"ReadAction\",\"target\":[\"https:\/\/rmvapebang.com\/product\/vapme-crystal-30000-puffs-vape-bulk-sale-price-for-eu-vape-shops\/\"]}]},{\"@type\":\"ImageObject\",\"inLanguage\":\"es\",\"@id\":\"https:\/\/rmvapebang.com\/product\/vapme-crystal-30000-puffs-vape-bulk-sale-price-for-eu-vape-shops\/#primaryimage\",\"url\":\"https:\/\/rmvapebang.com\/wp-content\/uploads\/2025\/10\/Vapme-Crystal-Vape-30000-puffs-Bulk-Sale.webp\",\"contentUrl\":\"https:\/\/rmvapebang.com\/wp-content\/uploads\/2025\/10\/Vapme-Crystal-Vape-30000-puffs-Bulk-Sale.webp\",\"width\":800,\"height\":800,\"caption\":\"Vapme Crystal Vape 30000 puffs Bulk Sale\"},{\"@type\":\"BreadcrumbList\",\"@id\":\"https:\/\/rmvapebang.com\/product\/vapme-crystal-30000-puffs-vape-bulk-sale-price-for-eu-vape-shops\/#breadcrumb\",\"itemListElement\":[{\"@type\":\"ListItem\",\"position\":1,\"name\":\"Home\",\"item\":\"https:\/\/rmvapebang.com\/\"},{\"@type\":\"ListItem\",\"position\":2,\"name\":\"Hot Vape Shop\",\"item\":\"https:\/\/rmvapebang.com\/shop-page\/\"},{\"@type\":\"ListItem\",\"position\":3,\"name\":\"Vapme Crystal 30000 Puffs Vape Bulk Sale Price for EU Vape Shops\"}]},{\"@type\":\"WebSite\",\"@id\":\"https:\/\/rmvapebang.com\/#website\",\"url\":\"https:\/\/rmvapebang.com\/\",\"name\":\"rmvapebang.com\",\"description\":\"buy vape cheap\",\"publisher\":{\"@id\":\"https:\/\/rmvapebang.com\/#organization\"},\"potentialAction\":[{\"@type\":\"SearchAction\",\"target\":{\"@type\":\"EntryPoint\",\"urlTemplate\":\"https:\/\/rmvapebang.com\/?s={search_term_string}\"},\"query-input\":\"required name=search_term_string\"}],\"inLanguage\":\"es\"},{\"@type\":\"Organization\",\"@id\":\"https:\/\/rmvapebang.com\/#organization\",\"name\":\"rmvapebang.com\",\"url\":\"https:\/\/rmvapebang.com\/\",\"logo\":{\"@type\":\"ImageObject\",\"inLanguage\":\"es\",\"@id\":\"https:\/\/rmvapebang.com\/#\/schema\/logo\/image\/\",\"url\":\"https:\/\/rmvapebang.com\/wp-content\/uploads\/2024\/03\/cropped-RVBlogo.png\",\"contentUrl\":\"https:\/\/rmvapebang.com\/wp-content\/uploads\/2024\/03\/cropped-RVBlogo.png\",\"width\":507,\"height\":169,\"caption\":\"rmvapebang.com\"},\"image\":{\"@id\":\"https:\/\/rmvapebang.com\/#\/schema\/logo\/image\/\"}}]}<\/script>\n<!-- \/ Yoast SEO plugin. -->","yoast_head_json":{"title":"Vapme Crystal 30000 Puffs Vape Bulk Sale Price for EU Vape Shops - rmvapebang.com","description":"Vapme Crystal 30K puffs disposable \u2014 3-in-1 flavors, Type-C recharge, and crystal design. Order bulk for EU stores today.","robots":{"index":"index","follow":"follow","max-snippet":"max-snippet:-1","max-image-preview":"max-image-preview:large","max-video-preview":"max-video-preview:-1"},"canonical":"https:\/\/rmvapebang.com\/es\/product\/vapme-crystal-30000-puffs-vape-bulk-sale-price-for-eu-vape-shops\/","og_locale":"es_ES","og_type":"article","og_title":"Vapme Crystal 30000 Puffs Vape Bulk Sale Price for EU Vape Shops - rmvapebang.com","og_description":"Vapme Crystal 30K puffs disposable \u2014 3-in-1 flavors, Type-C recharge, and crystal design. Order bulk for EU stores today.","og_url":"https:\/\/rmvapebang.com\/es\/product\/vapme-crystal-30000-puffs-vape-bulk-sale-price-for-eu-vape-shops\/","og_site_name":"rmvapebang.com","article_modified_time":"2025-11-14T08:44:07+00:00","og_image":[{"width":800,"height":800,"url":"https:\/\/rmvapebang.com\/wp-content\/uploads\/2025\/10\/Vapme-Crystal-Vape-30000-puffs-Bulk-Sale.webp","type":"image\/webp"}],"twitter_card":"summary_large_image","twitter_misc":{"Tiempo de lectura":"3 minutos"},"schema":{"@context":"https:\/\/schema.org","@graph":[{"@type":"WebPage","@id":"https:\/\/rmvapebang.com\/product\/vapme-crystal-30000-puffs-vape-bulk-sale-price-for-eu-vape-shops\/","url":"https:\/\/rmvapebang.com\/product\/vapme-crystal-30000-puffs-vape-bulk-sale-price-for-eu-vape-shops\/","name":"Vapme Crystal 30000 Puffs Vape Bulk Sale Price for EU Vape Shops - rmvapebang.com","isPartOf":{"@id":"https:\/\/rmvapebang.com\/#website"},"primaryImageOfPage":{"@id":"https:\/\/rmvapebang.com\/product\/vapme-crystal-30000-puffs-vape-bulk-sale-price-for-eu-vape-shops\/#primaryimage"},"image":{"@id":"https:\/\/rmvapebang.com\/product\/vapme-crystal-30000-puffs-vape-bulk-sale-price-for-eu-vape-shops\/#primaryimage"},"thumbnailUrl":"https:\/\/rmvapebang.com\/wp-content\/uploads\/2025\/10\/Vapme-Crystal-Vape-30000-puffs-Bulk-Sale.webp","datePublished":"2025-11-24T08:28:51+00:00","dateModified":"2025-11-14T08:44:07+00:00","description":"Vapme Crystal 30K puffs disposable \u2014 3-in-1 flavors, Type-C recharge, and crystal design. Order bulk for EU stores today.","breadcrumb":{"@id":"https:\/\/rmvapebang.com\/product\/vapme-crystal-30000-puffs-vape-bulk-sale-price-for-eu-vape-shops\/#breadcrumb"},"inLanguage":"es","potentialAction":[{"@type":"ReadAction","target":["https:\/\/rmvapebang.com\/product\/vapme-crystal-30000-puffs-vape-bulk-sale-price-for-eu-vape-shops\/"]}]},{"@type":"ImageObject","inLanguage":"es","@id":"https:\/\/rmvapebang.com\/product\/vapme-crystal-30000-puffs-vape-bulk-sale-price-for-eu-vape-shops\/#primaryimage","url":"https:\/\/rmvapebang.com\/wp-content\/uploads\/2025\/10\/Vapme-Crystal-Vape-30000-puffs-Bulk-Sale.webp","contentUrl":"https:\/\/rmvapebang.com\/wp-content\/uploads\/2025\/10\/Vapme-Crystal-Vape-30000-puffs-Bulk-Sale.webp","width":800,"height":800,"caption":"Vapme Crystal Vape 30000 puffs Bulk Sale"},{"@type":"BreadcrumbList","@id":"https:\/\/rmvapebang.com\/product\/vapme-crystal-30000-puffs-vape-bulk-sale-price-for-eu-vape-shops\/#breadcrumb","itemListElement":[{"@type":"ListItem","position":1,"name":"Home","item":"https:\/\/rmvapebang.com\/"},{"@type":"ListItem","position":2,"name":"Hot Vape Shop","item":"https:\/\/rmvapebang.com\/shop-page\/"},{"@type":"ListItem","position":3,"name":"Vapme Crystal 30000 Puffs Vape Bulk Sale Price for EU Vape Shops"}]},{"@type":"WebSite","@id":"https:\/\/rmvapebang.com\/#website","url":"https:\/\/rmvapebang.com\/","name":"rmvapebang.com","description":"buy vape cheap","publisher":{"@id":"https:\/\/rmvapebang.com\/#organization"},"potentialAction":[{"@type":"SearchAction","target":{"@type":"EntryPoint","urlTemplate":"https:\/\/rmvapebang.com\/?s={search_term_string}"},"query-input":"required name=search_term_string"}],"inLanguage":"es"},{"@type":"Organization","@id":"https:\/\/rmvapebang.com\/#organization","name":"rmvapebang.com","url":"https:\/\/rmvapebang.com\/","logo":{"@type":"ImageObject","inLanguage":"es","@id":"https:\/\/rmvapebang.com\/#\/schema\/logo\/image\/","url":"https:\/\/rmvapebang.com\/wp-content\/uploads\/2024\/03\/cropped-RVBlogo.png","contentUrl":"https:\/\/rmvapebang.com\/wp-content\/uploads\/2024\/03\/cropped-RVBlogo.png","width":507,"height":169,"caption":"rmvapebang.com"},"image":{"@id":"https:\/\/rmvapebang.com\/#\/schema\/logo\/image\/"}}]}},"uagb_featured_image_src":{"full":["https:\/\/rmvapebang.com\/wp-content\/uploads\/2025\/10\/Vapme-Crystal-Vape-30000-puffs-Bulk-Sale.webp",800,800,false],"thumbnail":["https:\/\/rmvapebang.com\/wp-content\/uploads\/2025\/10\/Vapme-Crystal-Vape-30000-puffs-Bulk-Sale-150x150.webp",150,150,true],"medium":["https:\/\/rmvapebang.com\/wp-content\/uploads\/2025\/10\/Vapme-Crystal-Vape-30000-puffs-Bulk-Sale-300x300.webp",300,300,true],"medium_large":["https:\/\/rmvapebang.com\/wp-content\/uploads\/2025\/10\/Vapme-Crystal-Vape-30000-puffs-Bulk-Sale-768x768.webp",768,768,true],"large":["https:\/\/rmvapebang.com\/wp-content\/uploads\/2025\/10\/Vapme-Crystal-Vape-30000-puffs-Bulk-Sale.webp",800,800,false],"1536x1536":["https:\/\/rmvapebang.com\/wp-content\/uploads\/2025\/10\/Vapme-Crystal-Vape-30000-puffs-Bulk-Sale.webp",800,800,false],"2048x2048":["https:\/\/rmvapebang.com\/wp-content\/uploads\/2025\/10\/Vapme-Crystal-Vape-30000-puffs-Bulk-Sale.webp",800,800,false],"trp-custom-language-flag":["https:\/\/rmvapebang.com\/wp-content\/uploads\/2025\/10\/Vapme-Crystal-Vape-30000-puffs-Bulk-Sale-12x12.webp",12,12,true],"woocommerce_thumbnail":["https:\/\/rmvapebang.com\/wp-content\/uploads\/2025\/10\/Vapme-Crystal-Vape-30000-puffs-Bulk-Sale-300x300.webp",300,300,true],"woocommerce_single":["https:\/\/rmvapebang.com\/wp-content\/uploads\/2025\/10\/Vapme-Crystal-Vape-30000-puffs-Bulk-Sale-600x600.webp",600,600,true],"woocommerce_gallery_thumbnail":["https:\/\/rmvapebang.com\/wp-content\/uploads\/2025\/10\/Vapme-Crystal-Vape-30000-puffs-Bulk-Sale-100x100.webp",100,100,true],"wcpr-photo-reviews":["https:\/\/rmvapebang.com\/wp-content\/uploads\/2025\/10\/Vapme-Crystal-Vape-30000-puffs-Bulk-Sale.webp",500,500,false]},"uagb_author_info":{"display_name":"Lyn","author_link":"https:\/\/rmvapebang.com\/es\/author\/"},"uagb_comment_info":0,"uagb_excerpt":"NOTE:\u00a0Prices on the website don\u2019t include shipping fee. Please send your zip code and address that we can check shipping costs for you. Vapme Crystal 30K offers strong visual appeal and steady performance\u2014an ideal factory-priced option for shops wanting high rotation and loyal repeat customers. Whatsapp:+86 17840853976 Scan on whatsapp for New Client coupon","_links":{"self":[{"href":"https:\/\/rmvapebang.com\/es\/wp-json\/wp\/v2\/product\/5234","targetHints":{"allow":["GET"]}}],"collection":[{"href":"https:\/\/rmvapebang.com\/es\/wp-json\/wp\/v2\/product"}],"about":[{"href":"https:\/\/rmvapebang.com\/es\/wp-json\/wp\/v2\/types\/product"}],"replies":[{"embeddable":true,"href":"https:\/\/rmvapebang.com\/es\/wp-json\/wp\/v2\/comments?post=5234"}],"wp:featuredmedia":[{"embeddable":true,"href":"https:\/\/rmvapebang.com\/es\/wp-json\/wp\/v2\/media\/5184"}],"wp:attachment":[{"href":"https:\/\/rmvapebang.com\/es\/wp-json\/wp\/v2\/media?parent=5234"}],"wp:term":[{"taxonomy":"product_brand","embeddable":true,"href":"https:\/\/rmvapebang.com\/es\/wp-json\/wp\/v2\/product_brand?post=5234"},{"taxonomy":"product_cat","embeddable":true,"href":"https:\/\/rmvapebang.com\/es\/wp-json\/wp\/v2\/product_cat?post=5234"},{"taxonomy":"product_tag","embeddable":true,"href":"https:\/\/rmvapebang.com\/es\/wp-json\/wp\/v2\/product_tag?post=5234"}],"curies":[{"name":"wp","href":"https:\/\/api.w.org\/{rel}","templated":true}]}}