{"id":4511,"date":"2025-07-09T10:15:47","date_gmt":"2025-07-09T02:15:47","guid":{"rendered":"https:\/\/rmvapebang.com\/?post_type=product&#038;p=4511"},"modified":"2025-09-03T11:36:00","modified_gmt":"2025-09-03T03:36:00","slug":"best-deal-factory-rate-guaranteed-on-bood-lumo-60k-puffs","status":"publish","type":"product","link":"https:\/\/rmvapebang.com\/es\/product\/best-deal-factory-rate-guaranteed-on-bood-lumo-60k-puffs\/","title":{"rendered":"Mejor oferta de f\u00e1brica garantizada en BOOD LUMO 60k Puffs"},"content":{"rendered":"<h2 style=\"text-align: left\">Mejor oferta de f\u00e1brica garantizada en BOOD LUMO 60k Puffs<\/h2>\n<p>Mejor precio de f\u00e1brica garantizado en <a href=\"https:\/\/rmvapebang.com\/es\/product-category\/bood-vapes\/\">BOOD<\/a> LUMO 60k Puffs combina elegancia minimalista con rendimiento avanzado.<\/p>\n<p>El BOOD LUMO 60k dise\u00f1ado para vapeo de gran volumen, y viene con 18 ml de l\u00edquido electr\u00f3nico, el vaporizador BOOD LUMO 60k tiene una bater\u00eda de 550 mAh y hasta 60.000 caladas, todo dentro de un elegante marco estilo caja. Adem\u00e1s, el vaporizador de bood<a href=\"https:\/\/rmvapebang.com\/es\/product-category\/vape-60000-puffs\/\"> vaporizador desechable de 60000 caladas<\/a> tiene una pantalla inteligente que mantiene a los usuarios informados sobre los niveles de bater\u00eda y l\u00edquido electr\u00f3nico, mejorando tanto el control como la confianza.<\/p>\n<p>Disponible en 10 opciones de sabores y niveles de nicotina de 2% y 5%, el vaporizador BOOD LUMO 60k satisface las diversas necesidades de los clientes en todo el mercado mayorista europeo. BOOD LUMO es elegante, eficiente y est\u00e1 dise\u00f1ado para el \u00e9xito masivo en tiendas, especialmente a su inmejorable precio de f\u00e1brica.<\/p>\n<p><img loading=\"lazy\" decoding=\"async\" class=\"alignnone wp-image-4501 size-full\" src=\"http:\/\/rmvapebang.com\/wp-content\/uploads\/2025\/07\/BOOD-DISPOSABLE-VAPE-60000-puffs-Top-sala.webp\" alt=\"VAPEADOR DESECHABLE BOOD 60000 caladas M\u00e1s vendido\" width=\"800\" height=\"800\" srcset=\"https:\/\/rmvapebang.com\/wp-content\/uploads\/2025\/07\/BOOD-DISPOSABLE-VAPE-60000-puffs-Top-sala.webp 800w, https:\/\/rmvapebang.com\/wp-content\/uploads\/2025\/07\/BOOD-DISPOSABLE-VAPE-60000-puffs-Top-sala-300x300.webp 300w, https:\/\/rmvapebang.com\/wp-content\/uploads\/2025\/07\/BOOD-DISPOSABLE-VAPE-60000-puffs-Top-sala-150x150.webp 150w, https:\/\/rmvapebang.com\/wp-content\/uploads\/2025\/07\/BOOD-DISPOSABLE-VAPE-60000-puffs-Top-sala-768x768.webp 768w, https:\/\/rmvapebang.com\/wp-content\/uploads\/2025\/07\/BOOD-DISPOSABLE-VAPE-60000-puffs-Top-sala-600x600.webp 600w, https:\/\/rmvapebang.com\/wp-content\/uploads\/2025\/07\/BOOD-DISPOSABLE-VAPE-60000-puffs-Top-sala-100x100.webp 100w\" sizes=\"auto, (max-width: 800px) 100vw, 800px\" \/><\/p>\n<h3><strong>\u00bfSabores del vaporizador Bood Lumo 60000?<\/strong><\/h3>\n<p>1. sand\u00eda helada<br \/>\n2.Fresa Sand\u00eda Helado<br \/>\n3.Frambuesa Azul Helado<br \/>\n4.Hielo de uva<br \/>\n5.Lim\u00f3n Lima<br \/>\n6.Mel\u00f3n Triple<br \/>\n7.Ar\u00e1ndano Frambuesa<br \/>\n8.Kiwi Maracuy\u00e1 Guayaba<br \/>\n9.Hielo de fresa<br \/>\n10.Melocot\u00f3n Baya<\/p>\n<h2>Especificaciones para <strong>Vaporizador Bood 60k <\/strong>Caladas:<\/h2>\n<p>\u2013 <span style=\"color: #ff0000\"><em><strong>60 mil<\/strong><\/em><\/span> Caladas<br \/>\n\u2013 <span style=\"color: #ff0000\"><em><strong>10<\/strong> <\/em><\/span>Sabores<br \/>\n\u2013 <span style=\"color: #ff0000\"><strong><em>2%\/5%<\/em><\/strong><\/span> Concentraci\u00f3n de Nicotina<br \/>\n\u2013 <span style=\"color: #ff0000\"><strong><em>18 mL<\/em><\/strong><\/span> de Capacidad de L\u00edquido Electr\u00f3nico<br \/>\n\u2013 Capacidad de Bater\u00eda <span style=\"color: #ff0000\"><em><strong>550 mAh<\/strong><\/em><\/span><\/p>\n<h3>PREGUNTAS FRECUENTES:<\/h3>\n<p><strong>P: \u00bfCu\u00e1l es la cantidad m\u00ednima de pedido del vaporizador recargable desechable Bood 60k?<\/strong><\/p>\n<p>R: La cantidad m\u00ednima de pedido del vaporizador BOOD LUMO 60000 caladas es de 50 unidades.<\/p>\n<p><strong>P: \u00bfCu\u00e1l es el tiempo de entrega para el Vape Recargable que ped\u00ed?<\/strong><\/p>\n<p>R: Por lo general, el tiempo de entrega para el Vape Recargable es de 10 a 15 d\u00edas despu\u00e9s del env\u00edo.<\/p>\n<p><strong>P: \u00bfVapear es mejor que fumar?<\/strong><\/p>\n<p>R: Vapear es menos da\u00f1ino que fumar pero no est\u00e1 exento de riesgos. Reduce la exposici\u00f3n al alquitr\u00e1n pero a\u00fan contiene nicotina. Pero no importa, tambi\u00e9n tenemos vaporizador de 0% de nicotina.<\/p>\n<p><strong>P: \u00bfC\u00f3mo hacer que el vapeador bood lumo 60k dure m\u00e1s?<\/strong><\/p>\n<p>R: La intensidad de la calada afecta el tiempo de uso. El uso intenso lo agota m\u00e1s r\u00e1pido; no hay forma de extender la vida \u00fatil m\u00e1s all\u00e1 del uso normal.<\/p>\n<p><strong>\u00a1Contacta a Lyn para m\u00e1s videos de productos!<\/strong><\/p>\n<p><a href=\"https:\/\/wa.me\/8617840853976\"><span style=\"color: #ff6600\"><strong><em>Whatsapp:+34 17840853976<\/em><\/strong><\/span><\/a><\/p>\n<p><img loading=\"lazy\" decoding=\"async\" class=\"alignnone size-medium wp-image-1905\" src=\"http:\/\/rmvapebang.com\/wp-content\/uploads\/2024\/03\/whatsapp-vape-2-202x300.jpg\" alt=\"\" width=\"202\" height=\"300\" \/><\/p>\n<p>Encuentra m\u00e1s productos que te puedan gustar:<a href=\"https:\/\/rmvapebang.com\/es\/shop-page\/\"><strong><em>Comprar ahora<\/em><\/strong><\/a><\/p>\n<p>otros vaporizadores que te pueden gustar:<a href=\"https:\/\/rmvapebang.com\/es\/product\/bang-box-35k-bulk-price-factory-sale-dual-screen-vape\/\">Vaper de doble pantalla Bangbox 30000<\/a>\/<a href=\"https:\/\/rmvapebang.com\/es\/product\/bang-box-50k-double-flavors-limited-bulk-today-bangbox-80k-with-smart-power-hit\/\">Caja Bang 80k caladas<\/a>\/<a href=\"https:\/\/rmvapebang.com\/es\/product\/okso-crystal-bar-800-puffs-vape-wholesale-price-hot-pick-for-retailers\/\">okso crystal 800 caladas<\/a>\/<a href=\"https:\/\/rmvapebang.com\/es\/product\/hot-sale-now-bood-hybrid-12000-with-premium-flavor\/\">vapeador bood hybird 12k<\/a><\/p>","protected":false},"excerpt":{"rendered":"<p>Pantalla inteligente, dise\u00f1o de caja y 60k de potencia de calada: BOOD LUMO es su vaporizador de precio de f\u00e1brica ideal para el impacto en el mercado masivo.<\/p>\n<p><a href=\"https:\/\/wa.me\/8617840853976\"><strong><em>Whatsapp:+34 17840853976<\/em><\/strong><\/a><\/p>\n<p>Escanea en whatsapp para el cup\u00f3n de nuevo cliente<\/p>\n<p><img loading=\"lazy\" decoding=\"async\" class=\"alignnone size-medium wp-image-1905\" src=\"http:\/\/rmvapebang.com\/wp-content\/uploads\/2024\/03\/whatsapp-vape-2-202x300.jpg\" alt=\"\" width=\"202\" height=\"300\" \/><\/p>\n<p><span style=\"color: #ff0000\"><em><strong>NOTA<\/strong>: Los precios en el sitio web no incluyen la tarifa de env\u00edo. Por favor, env\u00ede su c\u00f3digo postal y direcci\u00f3n para que podamos calcular los gastos de env\u00edo.<\/em><\/span><\/p>","protected":false},"featured_media":4496,"comment_status":"open","ping_status":"closed","template":"","meta":{"_uag_custom_page_level_css":"","_lmt_disableupdate":"no","_lmt_disable":"","site-sidebar-layout":"no-sidebar","site-content-layout":"boxed-container","ast-site-content-layout":"normal-width-container","site-content-style":"boxed","site-sidebar-style":"boxed","ast-global-header-display":"","ast-banner-title-visibility":"","ast-main-header-display":"","ast-hfb-above-header-display":"","ast-hfb-below-header-display":"","ast-hfb-mobile-header-display":"","site-post-title":"","ast-breadcrumbs-content":"","ast-featured-img":"","footer-sml-layout":"","theme-transparent-header-meta":"default","adv-header-id-meta":"","stick-header-meta":"","header-above-stick-meta":"","header-main-stick-meta":"","header-below-stick-meta":"","astra-migrate-meta-layouts":"set","ast-page-background-enabled":"default","ast-page-background-meta":{"desktop":{"background-color":"","background-image":"","background-repeat":"repeat","background-position":"center center","background-size":"auto","background-attachment":"scroll","background-type":"","background-media":"","overlay-type":"","overlay-color":"","overlay-gradient":""},"tablet":{"background-color":"","background-image":"","background-repeat":"repeat","background-position":"center center","background-size":"auto","background-attachment":"scroll","background-type":"","background-media":"","overlay-type":"","overlay-color":"","overlay-gradient":""},"mobile":{"background-color":"","background-image":"","background-repeat":"repeat","background-position":"center center","background-size":"auto","background-attachment":"scroll","background-type":"","background-media":"","overlay-type":"","overlay-color":"","overlay-gradient":""}},"ast-content-background-meta":{"desktop":{"background-color":"var(--ast-global-color-5)","background-image":"","background-repeat":"repeat","background-position":"center center","background-size":"auto","background-attachment":"scroll","background-type":"","background-media":"","overlay-type":"","overlay-color":"","overlay-gradient":""},"tablet":{"background-color":"var(--ast-global-color-5)","background-image":"","background-repeat":"repeat","background-position":"center center","background-size":"auto","background-attachment":"scroll","background-type":"","background-media":"","overlay-type":"","overlay-color":"","overlay-gradient":""},"mobile":{"background-color":"var(--ast-global-color-5)","background-image":"","background-repeat":"repeat","background-position":"center center","background-size":"auto","background-attachment":"scroll","background-type":"","background-media":"","overlay-type":"","overlay-color":"","overlay-gradient":""}},"_joinchat":[]},"product_brand":[],"product_cat":[148,130,39,41,42,40,179,43],"product_tag":[178,183,50,61,58,53,52],"class_list":{"0":"post-4511","1":"product","2":"type-product","3":"status-publish","4":"has-post-thumbnail","6":"product_cat-bood-vapes","7":"product_cat-digital-vapes-in-discount-price","8":"product_cat-france-wholesale-vape","9":"product_cat-netherlands-wholesale-vape","10":"product_cat-spain-wholesale-vape","11":"product_cat-germany-wholesale-vape","12":"product_cat-vape-60000-puffs","13":"product_cat-vape-shop","14":"product_tag-60000-puffs","15":"product_tag-60k-puffs","16":"product_tag-bulk-price-vape-shop","17":"product_tag-good-sales-vape","18":"product_tag-moq-50pcs","19":"product_tag-rechargeable-vape","20":"product_tag-vape-wholesasle-price","21":"desktop-align-left","22":"tablet-align-left","23":"mobile-align-left","25":"first","26":"instock","27":"sale","28":"shipping-taxable","29":"purchasable","30":"product-type-simple"},"yoast_head":"<!-- This site is optimized with the Yoast SEO plugin v23.0 - https:\/\/yoast.com\/wordpress\/plugins\/seo\/ -->\n<title>Best Deal Factory Rate Guaranteed on BOOD LUMO 60k Puffs - rmvapebang.com<\/title>\n<meta name=\"description\" content=\"BOOD LUMO 60k puffs vape with 18ml juice, box design, smart display, and factory-direct pricing. Perfect bulk deal for wholesalers.\" \/>\n<meta name=\"robots\" content=\"index, follow, max-snippet:-1, max-image-preview:large, max-video-preview:-1\" \/>\n<link rel=\"canonical\" href=\"https:\/\/rmvapebang.com\/es\/product\/best-deal-factory-rate-guaranteed-on-bood-lumo-60k-puffs\/\" \/>\n<meta property=\"og:locale\" content=\"es_ES\" \/>\n<meta property=\"og:type\" content=\"article\" \/>\n<meta property=\"og:title\" content=\"Best Deal Factory Rate Guaranteed on BOOD LUMO 60k Puffs - rmvapebang.com\" \/>\n<meta property=\"og:description\" content=\"BOOD LUMO 60k puffs vape with 18ml juice, box design, smart display, and factory-direct pricing. Perfect bulk deal for wholesalers.\" \/>\n<meta property=\"og:url\" content=\"https:\/\/rmvapebang.com\/es\/product\/best-deal-factory-rate-guaranteed-on-bood-lumo-60k-puffs\/\" \/>\n<meta property=\"og:site_name\" content=\"rmvapebang.com\" \/>\n<meta property=\"article:modified_time\" content=\"2025-09-03T03:36:00+00:00\" \/>\n<meta property=\"og:image\" content=\"https:\/\/rmvapebang.com\/wp-content\/uploads\/2025\/07\/BOOD-DISPOSABLE-VAPE-puffs-60k-Wholesale-price.webp\" \/>\n\t<meta property=\"og:image:width\" content=\"800\" \/>\n\t<meta property=\"og:image:height\" content=\"800\" \/>\n\t<meta property=\"og:image:type\" content=\"image\/webp\" \/>\n<meta name=\"twitter:card\" content=\"summary_large_image\" \/>\n<meta name=\"twitter:label1\" content=\"Tiempo de lectura\" \/>\n\t<meta name=\"twitter:data1\" content=\"3 minutos\" \/>\n<script type=\"application\/ld+json\" class=\"yoast-schema-graph\">{\"@context\":\"https:\/\/schema.org\",\"@graph\":[{\"@type\":\"WebPage\",\"@id\":\"https:\/\/rmvapebang.com\/product\/best-deal-factory-rate-guaranteed-on-bood-lumo-60k-puffs\/\",\"url\":\"https:\/\/rmvapebang.com\/product\/best-deal-factory-rate-guaranteed-on-bood-lumo-60k-puffs\/\",\"name\":\"Best Deal Factory Rate Guaranteed on BOOD LUMO 60k Puffs - rmvapebang.com\",\"isPartOf\":{\"@id\":\"https:\/\/rmvapebang.com\/#website\"},\"primaryImageOfPage\":{\"@id\":\"https:\/\/rmvapebang.com\/product\/best-deal-factory-rate-guaranteed-on-bood-lumo-60k-puffs\/#primaryimage\"},\"image\":{\"@id\":\"https:\/\/rmvapebang.com\/product\/best-deal-factory-rate-guaranteed-on-bood-lumo-60k-puffs\/#primaryimage\"},\"thumbnailUrl\":\"https:\/\/rmvapebang.com\/wp-content\/uploads\/2025\/07\/BOOD-DISPOSABLE-VAPE-puffs-60k-Wholesale-price.webp\",\"datePublished\":\"2025-07-09T02:15:47+00:00\",\"dateModified\":\"2025-09-03T03:36:00+00:00\",\"description\":\"BOOD LUMO 60k puffs vape with 18ml juice, box design, smart display, and factory-direct pricing. Perfect bulk deal for wholesalers.\",\"breadcrumb\":{\"@id\":\"https:\/\/rmvapebang.com\/product\/best-deal-factory-rate-guaranteed-on-bood-lumo-60k-puffs\/#breadcrumb\"},\"inLanguage\":\"es\",\"potentialAction\":[{\"@type\":\"ReadAction\",\"target\":[\"https:\/\/rmvapebang.com\/product\/best-deal-factory-rate-guaranteed-on-bood-lumo-60k-puffs\/\"]}]},{\"@type\":\"ImageObject\",\"inLanguage\":\"es\",\"@id\":\"https:\/\/rmvapebang.com\/product\/best-deal-factory-rate-guaranteed-on-bood-lumo-60k-puffs\/#primaryimage\",\"url\":\"https:\/\/rmvapebang.com\/wp-content\/uploads\/2025\/07\/BOOD-DISPOSABLE-VAPE-puffs-60k-Wholesale-price.webp\",\"contentUrl\":\"https:\/\/rmvapebang.com\/wp-content\/uploads\/2025\/07\/BOOD-DISPOSABLE-VAPE-puffs-60k-Wholesale-price.webp\",\"width\":800,\"height\":800,\"caption\":\"BOOD DISPOSABLE VAPE puffs 60k Wholesale price\"},{\"@type\":\"BreadcrumbList\",\"@id\":\"https:\/\/rmvapebang.com\/product\/best-deal-factory-rate-guaranteed-on-bood-lumo-60k-puffs\/#breadcrumb\",\"itemListElement\":[{\"@type\":\"ListItem\",\"position\":1,\"name\":\"Home\",\"item\":\"https:\/\/rmvapebang.com\/\"},{\"@type\":\"ListItem\",\"position\":2,\"name\":\"Hot Vape Shop\",\"item\":\"https:\/\/rmvapebang.com\/shop-page\/\"},{\"@type\":\"ListItem\",\"position\":3,\"name\":\"Best Deal Factory Rate Guaranteed on BOOD LUMO 60k Puffs\"}]},{\"@type\":\"WebSite\",\"@id\":\"https:\/\/rmvapebang.com\/#website\",\"url\":\"https:\/\/rmvapebang.com\/\",\"name\":\"rmvapebang.com\",\"description\":\"buy vape cheap\",\"publisher\":{\"@id\":\"https:\/\/rmvapebang.com\/#organization\"},\"potentialAction\":[{\"@type\":\"SearchAction\",\"target\":{\"@type\":\"EntryPoint\",\"urlTemplate\":\"https:\/\/rmvapebang.com\/?s={search_term_string}\"},\"query-input\":\"required name=search_term_string\"}],\"inLanguage\":\"es\"},{\"@type\":\"Organization\",\"@id\":\"https:\/\/rmvapebang.com\/#organization\",\"name\":\"rmvapebang.com\",\"url\":\"https:\/\/rmvapebang.com\/\",\"logo\":{\"@type\":\"ImageObject\",\"inLanguage\":\"es\",\"@id\":\"https:\/\/rmvapebang.com\/#\/schema\/logo\/image\/\",\"url\":\"https:\/\/rmvapebang.com\/wp-content\/uploads\/2024\/03\/cropped-RVBlogo.png\",\"contentUrl\":\"https:\/\/rmvapebang.com\/wp-content\/uploads\/2024\/03\/cropped-RVBlogo.png\",\"width\":507,\"height\":169,\"caption\":\"rmvapebang.com\"},\"image\":{\"@id\":\"https:\/\/rmvapebang.com\/#\/schema\/logo\/image\/\"}}]}<\/script>\n<!-- \/ Yoast SEO plugin. -->","yoast_head_json":{"title":"Best Deal Factory Rate Guaranteed on BOOD LUMO 60k Puffs - rmvapebang.com","description":"BOOD LUMO 60k puffs vape with 18ml juice, box design, smart display, and factory-direct pricing. Perfect bulk deal for wholesalers.","robots":{"index":"index","follow":"follow","max-snippet":"max-snippet:-1","max-image-preview":"max-image-preview:large","max-video-preview":"max-video-preview:-1"},"canonical":"https:\/\/rmvapebang.com\/es\/product\/best-deal-factory-rate-guaranteed-on-bood-lumo-60k-puffs\/","og_locale":"es_ES","og_type":"article","og_title":"Best Deal Factory Rate Guaranteed on BOOD LUMO 60k Puffs - rmvapebang.com","og_description":"BOOD LUMO 60k puffs vape with 18ml juice, box design, smart display, and factory-direct pricing. Perfect bulk deal for wholesalers.","og_url":"https:\/\/rmvapebang.com\/es\/product\/best-deal-factory-rate-guaranteed-on-bood-lumo-60k-puffs\/","og_site_name":"rmvapebang.com","article_modified_time":"2025-09-03T03:36:00+00:00","og_image":[{"width":800,"height":800,"url":"https:\/\/rmvapebang.com\/wp-content\/uploads\/2025\/07\/BOOD-DISPOSABLE-VAPE-puffs-60k-Wholesale-price.webp","type":"image\/webp"}],"twitter_card":"summary_large_image","twitter_misc":{"Tiempo de lectura":"3 minutos"},"schema":{"@context":"https:\/\/schema.org","@graph":[{"@type":"WebPage","@id":"https:\/\/rmvapebang.com\/product\/best-deal-factory-rate-guaranteed-on-bood-lumo-60k-puffs\/","url":"https:\/\/rmvapebang.com\/product\/best-deal-factory-rate-guaranteed-on-bood-lumo-60k-puffs\/","name":"Best Deal Factory Rate Guaranteed on BOOD LUMO 60k Puffs - rmvapebang.com","isPartOf":{"@id":"https:\/\/rmvapebang.com\/#website"},"primaryImageOfPage":{"@id":"https:\/\/rmvapebang.com\/product\/best-deal-factory-rate-guaranteed-on-bood-lumo-60k-puffs\/#primaryimage"},"image":{"@id":"https:\/\/rmvapebang.com\/product\/best-deal-factory-rate-guaranteed-on-bood-lumo-60k-puffs\/#primaryimage"},"thumbnailUrl":"https:\/\/rmvapebang.com\/wp-content\/uploads\/2025\/07\/BOOD-DISPOSABLE-VAPE-puffs-60k-Wholesale-price.webp","datePublished":"2025-07-09T02:15:47+00:00","dateModified":"2025-09-03T03:36:00+00:00","description":"BOOD LUMO 60k puffs vape with 18ml juice, box design, smart display, and factory-direct pricing. Perfect bulk deal for wholesalers.","breadcrumb":{"@id":"https:\/\/rmvapebang.com\/product\/best-deal-factory-rate-guaranteed-on-bood-lumo-60k-puffs\/#breadcrumb"},"inLanguage":"es","potentialAction":[{"@type":"ReadAction","target":["https:\/\/rmvapebang.com\/product\/best-deal-factory-rate-guaranteed-on-bood-lumo-60k-puffs\/"]}]},{"@type":"ImageObject","inLanguage":"es","@id":"https:\/\/rmvapebang.com\/product\/best-deal-factory-rate-guaranteed-on-bood-lumo-60k-puffs\/#primaryimage","url":"https:\/\/rmvapebang.com\/wp-content\/uploads\/2025\/07\/BOOD-DISPOSABLE-VAPE-puffs-60k-Wholesale-price.webp","contentUrl":"https:\/\/rmvapebang.com\/wp-content\/uploads\/2025\/07\/BOOD-DISPOSABLE-VAPE-puffs-60k-Wholesale-price.webp","width":800,"height":800,"caption":"BOOD DISPOSABLE VAPE puffs 60k Wholesale price"},{"@type":"BreadcrumbList","@id":"https:\/\/rmvapebang.com\/product\/best-deal-factory-rate-guaranteed-on-bood-lumo-60k-puffs\/#breadcrumb","itemListElement":[{"@type":"ListItem","position":1,"name":"Home","item":"https:\/\/rmvapebang.com\/"},{"@type":"ListItem","position":2,"name":"Hot Vape Shop","item":"https:\/\/rmvapebang.com\/shop-page\/"},{"@type":"ListItem","position":3,"name":"Best Deal Factory Rate Guaranteed on BOOD LUMO 60k Puffs"}]},{"@type":"WebSite","@id":"https:\/\/rmvapebang.com\/#website","url":"https:\/\/rmvapebang.com\/","name":"rmvapebang.com","description":"buy vape cheap","publisher":{"@id":"https:\/\/rmvapebang.com\/#organization"},"potentialAction":[{"@type":"SearchAction","target":{"@type":"EntryPoint","urlTemplate":"https:\/\/rmvapebang.com\/?s={search_term_string}"},"query-input":"required name=search_term_string"}],"inLanguage":"es"},{"@type":"Organization","@id":"https:\/\/rmvapebang.com\/#organization","name":"rmvapebang.com","url":"https:\/\/rmvapebang.com\/","logo":{"@type":"ImageObject","inLanguage":"es","@id":"https:\/\/rmvapebang.com\/#\/schema\/logo\/image\/","url":"https:\/\/rmvapebang.com\/wp-content\/uploads\/2024\/03\/cropped-RVBlogo.png","contentUrl":"https:\/\/rmvapebang.com\/wp-content\/uploads\/2024\/03\/cropped-RVBlogo.png","width":507,"height":169,"caption":"rmvapebang.com"},"image":{"@id":"https:\/\/rmvapebang.com\/#\/schema\/logo\/image\/"}}]}},"uagb_featured_image_src":{"full":["https:\/\/rmvapebang.com\/wp-content\/uploads\/2025\/07\/BOOD-DISPOSABLE-VAPE-puffs-60k-Wholesale-price.webp",800,800,false],"thumbnail":["https:\/\/rmvapebang.com\/wp-content\/uploads\/2025\/07\/BOOD-DISPOSABLE-VAPE-puffs-60k-Wholesale-price-150x150.webp",150,150,true],"medium":["https:\/\/rmvapebang.com\/wp-content\/uploads\/2025\/07\/BOOD-DISPOSABLE-VAPE-puffs-60k-Wholesale-price-300x300.webp",300,300,true],"medium_large":["https:\/\/rmvapebang.com\/wp-content\/uploads\/2025\/07\/BOOD-DISPOSABLE-VAPE-puffs-60k-Wholesale-price-768x768.webp",768,768,true],"large":["https:\/\/rmvapebang.com\/wp-content\/uploads\/2025\/07\/BOOD-DISPOSABLE-VAPE-puffs-60k-Wholesale-price.webp",800,800,false],"1536x1536":["https:\/\/rmvapebang.com\/wp-content\/uploads\/2025\/07\/BOOD-DISPOSABLE-VAPE-puffs-60k-Wholesale-price.webp",800,800,false],"2048x2048":["https:\/\/rmvapebang.com\/wp-content\/uploads\/2025\/07\/BOOD-DISPOSABLE-VAPE-puffs-60k-Wholesale-price.webp",800,800,false],"trp-custom-language-flag":["https:\/\/rmvapebang.com\/wp-content\/uploads\/2025\/07\/BOOD-DISPOSABLE-VAPE-puffs-60k-Wholesale-price.webp",12,12,false],"woocommerce_thumbnail":["https:\/\/rmvapebang.com\/wp-content\/uploads\/2025\/07\/BOOD-DISPOSABLE-VAPE-puffs-60k-Wholesale-price-300x300.webp",300,300,true],"woocommerce_single":["https:\/\/rmvapebang.com\/wp-content\/uploads\/2025\/07\/BOOD-DISPOSABLE-VAPE-puffs-60k-Wholesale-price-600x600.webp",600,600,true],"woocommerce_gallery_thumbnail":["https:\/\/rmvapebang.com\/wp-content\/uploads\/2025\/07\/BOOD-DISPOSABLE-VAPE-puffs-60k-Wholesale-price-100x100.webp",100,100,true],"wcpr-photo-reviews":["https:\/\/rmvapebang.com\/wp-content\/uploads\/2025\/07\/BOOD-DISPOSABLE-VAPE-puffs-60k-Wholesale-price.webp",500,500,false]},"uagb_author_info":{"display_name":"Lyn","author_link":"https:\/\/rmvapebang.com\/es\/author\/"},"uagb_comment_info":0,"uagb_excerpt":"Smart display, box-style design, and 60k puff strength\u2014BOOD LUMO is your go-to factory-rate vape for mass market impact. Whatsapp:+86 17840853976 Scan on whatsapp for New Client coupon NOTE: Prices on the website don\u2019t include shipping fee. Please send your zip code and address that we can check shipping costs for you.","_links":{"self":[{"href":"https:\/\/rmvapebang.com\/es\/wp-json\/wp\/v2\/product\/4511","targetHints":{"allow":["GET"]}}],"collection":[{"href":"https:\/\/rmvapebang.com\/es\/wp-json\/wp\/v2\/product"}],"about":[{"href":"https:\/\/rmvapebang.com\/es\/wp-json\/wp\/v2\/types\/product"}],"replies":[{"embeddable":true,"href":"https:\/\/rmvapebang.com\/es\/wp-json\/wp\/v2\/comments?post=4511"}],"wp:featuredmedia":[{"embeddable":true,"href":"https:\/\/rmvapebang.com\/es\/wp-json\/wp\/v2\/media\/4496"}],"wp:attachment":[{"href":"https:\/\/rmvapebang.com\/es\/wp-json\/wp\/v2\/media?parent=4511"}],"wp:term":[{"taxonomy":"product_brand","embeddable":true,"href":"https:\/\/rmvapebang.com\/es\/wp-json\/wp\/v2\/product_brand?post=4511"},{"taxonomy":"product_cat","embeddable":true,"href":"https:\/\/rmvapebang.com\/es\/wp-json\/wp\/v2\/product_cat?post=4511"},{"taxonomy":"product_tag","embeddable":true,"href":"https:\/\/rmvapebang.com\/es\/wp-json\/wp\/v2\/product_tag?post=4511"}],"curies":[{"name":"wp","href":"https:\/\/api.w.org\/{rel}","templated":true}]}}