{"id":4373,"date":"2025-06-12T16:35:47","date_gmt":"2025-06-12T08:35:47","guid":{"rendered":"https:\/\/rmvapebang.com\/?post_type=product&#038;p=4373"},"modified":"2025-09-01T17:24:36","modified_gmt":"2025-09-01T09:24:36","slug":"disposable-vape-bulk-purchase-bang-kindomes-rex-double-flavors-30000-puffs-save-big-on-high-puff-vapes","status":"publish","type":"product","link":"https:\/\/rmvapebang.com\/es\/product\/disposable-vape-bulk-purchase-bang-kindomes-rex-double-flavors-30000-puffs-save-big-on-high-puff-vapes\/","title":{"rendered":"Compra a granel de vapes desechables Bang Kindomes Rex, sabores dobles, 30000 caladas, grandes ahorros en vapes de alta cantidad de caladas"},"content":{"rendered":"<h2 style=\"text-align: center\">Compra a granel de vapes desechables Bang Kindomes Rex, sabores dobles, 30000 caladas, grandes ahorros en vapes de alta cantidad de caladas<\/h2>\n<p><a href=\"https:\/\/rmvapebang.com\/es\/product-category\/bang-vapes\/\">Compra al por mayor de vaporizadores desechables Bang<\/a> Vaporizador desechable Kindomes Rex Double Flavors 30000 Puffs Ahorra en grande en vaporizadores de alta calada que ofrecen 30,000 caladas de sabrosa satisfacci\u00f3n con un sistema de sabor dual que hace que los clientes regresen.<\/p>\n<p>Kindomes Rex de 30k caladas cada unidad contiene 2*15ml de e-l\u00edquido y cuenta con bobinas de malla dual para una mejor producci\u00f3n de vapor y un sabor m\u00e1s suave. <a href=\"https:\/\/rmvapebang.com\/es\/product-category\/30000-vapes\/\">Desechable de 30000 caladas<\/a> El dise\u00f1o compacto y la bater\u00eda de 650mAh lo hacen port\u00e1til pero potente. El vaporizador Bang kindomes, disponible en 12 sabores que complacen a la multitud, el vaporizador de 30k es una adici\u00f3n inteligente a tu cat\u00e1logo al por mayor.<\/p>\n<p>30k caladas de Bang Kindomes Rex, perfectos para minoristas que buscan opciones de vaporizador de alta calada y bajo costo que no sacrifican la calidad. Compra al por mayor ahora y asegura un producto popular para los estantes de tu tienda.<\/p>\n<p><img loading=\"lazy\" decoding=\"async\" class=\"alignnone wp-image-4368 size-full\" src=\"http:\/\/rmvapebang.com\/wp-content\/uploads\/2025\/06\/Bang-Kindomes-Rex-rechargable-vape-30000-puffs-New-Design.webp\" alt=\"Bang Kindomes Rex vaporizador recargable 30000 caladas Nuevo Dise\u00f1o\" width=\"800\" height=\"800\" srcset=\"https:\/\/rmvapebang.com\/wp-content\/uploads\/2025\/06\/Bang-Kindomes-Rex-rechargable-vape-30000-puffs-New-Design.webp 800w, https:\/\/rmvapebang.com\/wp-content\/uploads\/2025\/06\/Bang-Kindomes-Rex-rechargable-vape-30000-puffs-New-Design-300x300.webp 300w, https:\/\/rmvapebang.com\/wp-content\/uploads\/2025\/06\/Bang-Kindomes-Rex-rechargable-vape-30000-puffs-New-Design-150x150.webp 150w, https:\/\/rmvapebang.com\/wp-content\/uploads\/2025\/06\/Bang-Kindomes-Rex-rechargable-vape-30000-puffs-New-Design-768x768.webp 768w, https:\/\/rmvapebang.com\/wp-content\/uploads\/2025\/06\/Bang-Kindomes-Rex-rechargable-vape-30000-puffs-New-Design-600x600.webp 600w, https:\/\/rmvapebang.com\/wp-content\/uploads\/2025\/06\/Bang-Kindomes-Rex-rechargable-vape-30000-puffs-New-Design-100x100.webp 100w\" sizes=\"auto, (max-width: 800px) 100vw, 800px\" \/><\/p>\n<h3><strong>\u00bfCu\u00e1les son los sabores del vaporizador desechable BangKindoms rex 30k?<\/strong><\/h3>\n<p>1. AR\u00c1NDANO FRAMBUESA \/ FRESA KIWI<br \/>\n2. HIELO DE SAND\u00cdA \/ FRESA Y MANGO<br \/>\n3. FRESA Y SAND\u00cdA \/ KIWI MARACUY\u00c1 GUAYABA<br \/>\n4. FRESA Y SAND\u00cdA \/ HIELO DE UVA<br \/>\n5. AR\u00c1NDANO SAND\u00cdA FRAMBUESA \/ HIELO DE UVA<br \/>\n6. AR\u00c1NDANO SAND\u00cdA \/ FRESA MANGO<br \/>\n7. HIELO DE AR\u00c1NDANO \/ HIELO DE DRAG\u00d3N NEGRO<br \/>\n8. SAND\u00cdA FRESA MANGO \/ FRESA Y PL\u00c1TANO<br \/>\n9. RED BULL \/ AR\u00c1NDANO SAND\u00cdA<br \/>\n10. RED BULL \/ CARAMELO DE BURBUJAS DE SAND\u00cdA<br \/>\n11. FRESA KIWI \/ HIELO DE MELOCOT\u00d3N<br \/>\n12. HIELO DE AR\u00c1NDANO \/ FRESA Y PL\u00c1TANO<\/p>\n<h2>Especificaciones para <strong>Bangkindomes rex 30000 <\/strong>Caladas:<\/h2>\n<p>\u2013 <span style=\"color: #ff0000\"><em><strong>30 mil<\/strong><\/em><\/span> Caladas<br \/>\n\u2013 <span style=\"color: #ff0000\"><em><strong>12<\/strong> <\/em><\/span>Sabores<br \/>\n\u2013 <span style=\"color: #ff0000\"><strong><em>2%\/5%<\/em><\/strong><\/span> Concentraci\u00f3n de Nicotina<br \/>\n\u2013 <span style=\"color: #ff0000\"><strong><em>15*2<\/em><\/strong><\/span><span style=\"color: #ff0000\"><strong><em>mL <\/em><\/strong><\/span>de Capacidad de L\u00edquido Electr\u00f3nico<br \/>\n\u2013 Capacidad de Bater\u00eda <span style=\"color: #ff0000\"><em><strong>650 mAh<\/strong><\/em><\/span><\/p>\n<h3>PREGUNTAS FRECUENTES:<\/h3>\n<p>P: \u00bfCu\u00e1l es el MOQ del vaporizador desechable recargable de doble sabor 30k de doble sabor?<\/p>\n<p>R: La cantidad m\u00ednima de pedido (MOQ) para el vaporizador desechable rex de 30k caladas es de 50 unidades.<\/p>\n<p>P: \u00bfCu\u00e1l es el tiempo de entrega para el Vape Recargable que ped\u00ed?<\/p>\n<p>R: Por lo general, el tiempo de entrega para el Vape Recargable es de 10 a 15 d\u00edas despu\u00e9s del env\u00edo.<\/p>\n<p>P: \u00bfCu\u00e1nto cuesta el env\u00edo del vaporizador Bangkingdomes rex de 30k caladas?<\/p>\n<p>A: El costo de env\u00edo var\u00eda seg\u00fan el peso del pedido. Diferentes cantidades pueden tener diferentes costos de env\u00edo. Por favor, cont\u00e1ctanos para confirmar el costo de env\u00edo de tu pedido espec\u00edfico.<\/p>\n<p>P: \u00bfSe puede enviar el vaporizador de doble sabor 30000 a mi pa\u00eds?<\/p>\n<p>R: S\u00ed, podemos enviar el vaporizador Bangkingdoms 30000 a la mayor\u00eda de los pa\u00edses europeos, incluidos, entre otros, los Pa\u00edses Bajos, Alemania, Francia, Espa\u00f1a, Italia, B\u00e9lgica, Luxemburgo, Austria, Rep\u00fablica Checa, Eslovaquia, Hungr\u00eda, Eslovenia, Rumania, Bulgaria, Grecia, Polonia, Suecia, Irlanda, Portugal, Finlandia, Estonia, Letonia y Lituania. Si tiene alguna consulta espec\u00edfica sobre el env\u00edo a su pa\u00eds, no dude en contactarnos para obtener m\u00e1s ayuda.<\/p>\n<p><strong>\u00a1Contacta a Lyn para m\u00e1s videos de productos!<\/strong><\/p>\n<p><a href=\"https:\/\/wa.me\/8617840853976\"><span style=\"color: #ff6600\"><strong><em>Whatsapp:+34 17840853976<\/em><\/strong><\/span><\/a><\/p>\n<p><img loading=\"lazy\" decoding=\"async\" class=\"alignnone size-medium wp-image-1905\" src=\"http:\/\/rmvapebang.com\/wp-content\/uploads\/2024\/03\/whatsapp-vape-2-202x300.jpg\" alt=\"\" width=\"202\" height=\"300\" \/><\/p>\n<p>Encuentra m\u00e1s productos que te puedan gustar:<a href=\"https:\/\/rmvapebang.com\/es\/shop-page\/\"><strong><em>Comprar ahora<\/em><\/strong><\/a><\/p>\n<p>otros vaporizadores que te pueden gustar:<a href=\"https:\/\/rmvapebang.com\/es\/product\/waspe-20000-puffs-wholesale-price-20k-vape\/\">Waspe 20000 caladas\/<\/a><a href=\"https:\/\/rmvapebang.com\/es\/product\/bang-king-25000-puffs-good-price-25k-vape\/\">vaporizador Bang king 25k<\/a>\/<a href=\"https:\/\/rmvapebang.com\/es\/product\/wga-pro-max-crystal-10k-wholesale-price-vapes\/\">WGA 10K PRO PLUS VAPE CRISTAL<\/a>\/<a href=\"https:\/\/rmvapebang.com\/es\/product\/waspe-3-in-1-60k-puffs-factory-direct-supply-great-sale\/\">waspe 60k triple sabores<\/a>\/<a href=\"https:\/\/rmvapebang.com\/es\/product\/wholesale-vape-price-bang-blaze-60000-puffs-4-in-1-flavors-hot-sale\/\">Bang blaze 4 en 1 puffs 60k\u00a0<\/a><\/p>","protected":false},"excerpt":{"rendered":"<p>\u00a1Impulsa tu inventario con Bang Kindomes Rex 30K! Los sabores duales, el rico vapor y la gran cantidad de caladas lo convierten en el favorito de los compradores mayoristas que buscan satisfacer la demanda del mercado europeo con facilidad.<\/p>\n<p><a href=\"https:\/\/wa.me\/8617840853976\"><strong><em>Whatsapp:+34 17840853976<\/em><\/strong><\/a><\/p>\n<p>Escanea en whatsapp para el cup\u00f3n de nuevo cliente<\/p>\n<p><img loading=\"lazy\" decoding=\"async\" class=\"alignnone size-medium wp-image-1905\" src=\"http:\/\/rmvapebang.com\/wp-content\/uploads\/2024\/03\/whatsapp-vape-2-202x300.jpg\" alt=\"\" width=\"202\" height=\"300\" \/><\/p>\n<p><span style=\"color: #ff0000\"><em><strong>NOTA<\/strong>: Los precios en el sitio web no incluyen la tarifa de env\u00edo. Por favor, env\u00ede su c\u00f3digo postal y direcci\u00f3n para que podamos calcular los gastos de env\u00edo.<\/em><\/span><\/p>","protected":false},"featured_media":4370,"comment_status":"open","ping_status":"closed","template":"","meta":{"_uag_custom_page_level_css":"","_lmt_disableupdate":"no","_lmt_disable":"","site-sidebar-layout":"no-sidebar","site-content-layout":"boxed-container","ast-site-content-layout":"normal-width-container","site-content-style":"boxed","site-sidebar-style":"boxed","ast-global-header-display":"","ast-banner-title-visibility":"","ast-main-header-display":"","ast-hfb-above-header-display":"","ast-hfb-below-header-display":"","ast-hfb-mobile-header-display":"","site-post-title":"","ast-breadcrumbs-content":"","ast-featured-img":"","footer-sml-layout":"","theme-transparent-header-meta":"default","adv-header-id-meta":"","stick-header-meta":"","header-above-stick-meta":"","header-main-stick-meta":"","header-below-stick-meta":"","astra-migrate-meta-layouts":"set","ast-page-background-enabled":"default","ast-page-background-meta":{"desktop":{"background-color":"","background-image":"","background-repeat":"repeat","background-position":"center center","background-size":"auto","background-attachment":"scroll","background-type":"","background-media":"","overlay-type":"","overlay-color":"","overlay-gradient":""},"tablet":{"background-color":"","background-image":"","background-repeat":"repeat","background-position":"center center","background-size":"auto","background-attachment":"scroll","background-type":"","background-media":"","overlay-type":"","overlay-color":"","overlay-gradient":""},"mobile":{"background-color":"","background-image":"","background-repeat":"repeat","background-position":"center center","background-size":"auto","background-attachment":"scroll","background-type":"","background-media":"","overlay-type":"","overlay-color":"","overlay-gradient":""}},"ast-content-background-meta":{"desktop":{"background-color":"var(--ast-global-color-5)","background-image":"","background-repeat":"repeat","background-position":"center center","background-size":"auto","background-attachment":"scroll","background-type":"","background-media":"","overlay-type":"","overlay-color":"","overlay-gradient":""},"tablet":{"background-color":"var(--ast-global-color-5)","background-image":"","background-repeat":"repeat","background-position":"center center","background-size":"auto","background-attachment":"scroll","background-type":"","background-media":"","overlay-type":"","overlay-color":"","overlay-gradient":""},"mobile":{"background-color":"var(--ast-global-color-5)","background-image":"","background-repeat":"repeat","background-position":"center center","background-size":"auto","background-attachment":"scroll","background-type":"","background-media":"","overlay-type":"","overlay-color":"","overlay-gradient":""}},"_joinchat":[]},"product_brand":[],"product_cat":[76,39,41,42,40,43],"product_tag":[102,103,50,61,58,53,52],"class_list":{"0":"post-4373","1":"product","2":"type-product","3":"status-publish","4":"has-post-thumbnail","6":"product_cat-bang-vapes","7":"product_cat-france-wholesale-vape","8":"product_cat-netherlands-wholesale-vape","9":"product_cat-spain-wholesale-vape","10":"product_cat-germany-wholesale-vape","11":"product_cat-vape-shop","12":"product_tag-30000-puffs","13":"product_tag-30k-puffs","14":"product_tag-bulk-price-vape-shop","15":"product_tag-good-sales-vape","16":"product_tag-moq-50pcs","17":"product_tag-rechargeable-vape","18":"product_tag-vape-wholesasle-price","19":"desktop-align-left","20":"tablet-align-left","21":"mobile-align-left","23":"first","24":"instock","25":"sale","26":"shipping-taxable","27":"purchasable","28":"product-type-simple"},"yoast_head":"<!-- This site is optimized with the Yoast SEO plugin v23.0 - https:\/\/yoast.com\/wordpress\/plugins\/seo\/ -->\n<title>Disposable Vape Bulk Purchase Bang Kindomes Rex Double Flavors 30000 Puffs Save Big on High Puff Vapes - rmvapebang.com<\/title>\n<meta name=\"description\" content=\"Bang Kindomes Rex 30k puffs vape with dual mesh coils, double flavors, and 2\u00d715ml tanks. Best choice for European wholesale vape buyers.\" \/>\n<meta name=\"robots\" content=\"index, follow, max-snippet:-1, max-image-preview:large, max-video-preview:-1\" \/>\n<link rel=\"canonical\" href=\"https:\/\/rmvapebang.com\/es\/product\/disposable-vape-bulk-purchase-bang-kindomes-rex-double-flavors-30000-puffs-save-big-on-high-puff-vapes\/\" \/>\n<meta property=\"og:locale\" content=\"es_ES\" \/>\n<meta property=\"og:type\" content=\"article\" \/>\n<meta property=\"og:title\" content=\"Disposable Vape Bulk Purchase Bang Kindomes Rex Double Flavors 30000 Puffs Save Big on High Puff Vapes - rmvapebang.com\" \/>\n<meta property=\"og:description\" content=\"Bang Kindomes Rex 30k puffs vape with dual mesh coils, double flavors, and 2\u00d715ml tanks. Best choice for European wholesale vape buyers.\" \/>\n<meta property=\"og:url\" content=\"https:\/\/rmvapebang.com\/es\/product\/disposable-vape-bulk-purchase-bang-kindomes-rex-double-flavors-30000-puffs-save-big-on-high-puff-vapes\/\" \/>\n<meta property=\"og:site_name\" content=\"rmvapebang.com\" \/>\n<meta property=\"article:modified_time\" content=\"2025-09-01T09:24:36+00:00\" \/>\n<meta property=\"og:image\" content=\"https:\/\/rmvapebang.com\/wp-content\/uploads\/2025\/06\/Bang-Kindomes-Rex-double-flavors-vape-30k-puffs-New-Design.webp\" \/>\n\t<meta property=\"og:image:width\" content=\"800\" \/>\n\t<meta property=\"og:image:height\" content=\"800\" \/>\n\t<meta property=\"og:image:type\" content=\"image\/webp\" \/>\n<meta name=\"twitter:card\" content=\"summary_large_image\" \/>\n<meta name=\"twitter:label1\" content=\"Tiempo de lectura\" \/>\n\t<meta name=\"twitter:data1\" content=\"3 minutos\" \/>\n<script type=\"application\/ld+json\" class=\"yoast-schema-graph\">{\"@context\":\"https:\/\/schema.org\",\"@graph\":[{\"@type\":\"WebPage\",\"@id\":\"https:\/\/rmvapebang.com\/it\/product\/disposable-vape-bulk-purchase-bang-kindomes-rex-double-flavors-30000-puffs-save-big-on-high-puff-vapes\/\",\"url\":\"https:\/\/rmvapebang.com\/it\/product\/disposable-vape-bulk-purchase-bang-kindomes-rex-double-flavors-30000-puffs-save-big-on-high-puff-vapes\/\",\"name\":\"Disposable Vape Bulk Purchase Bang Kindomes Rex Double Flavors 30000 Puffs Save Big on High Puff Vapes - rmvapebang.com\",\"isPartOf\":{\"@id\":\"https:\/\/rmvapebang.com\/#website\"},\"primaryImageOfPage\":{\"@id\":\"https:\/\/rmvapebang.com\/it\/product\/disposable-vape-bulk-purchase-bang-kindomes-rex-double-flavors-30000-puffs-save-big-on-high-puff-vapes\/#primaryimage\"},\"image\":{\"@id\":\"https:\/\/rmvapebang.com\/it\/product\/disposable-vape-bulk-purchase-bang-kindomes-rex-double-flavors-30000-puffs-save-big-on-high-puff-vapes\/#primaryimage\"},\"thumbnailUrl\":\"https:\/\/rmvapebang.com\/wp-content\/uploads\/2025\/06\/Bang-Kindomes-Rex-double-flavors-vape-30k-puffs-New-Design.webp\",\"datePublished\":\"2025-06-12T08:35:47+00:00\",\"dateModified\":\"2025-09-01T09:24:36+00:00\",\"description\":\"Bang Kindomes Rex 30k puffs vape with dual mesh coils, double flavors, and 2\u00d715ml tanks. Best choice for European wholesale vape buyers.\",\"breadcrumb\":{\"@id\":\"https:\/\/rmvapebang.com\/it\/product\/disposable-vape-bulk-purchase-bang-kindomes-rex-double-flavors-30000-puffs-save-big-on-high-puff-vapes\/#breadcrumb\"},\"inLanguage\":\"es\",\"potentialAction\":[{\"@type\":\"ReadAction\",\"target\":[\"https:\/\/rmvapebang.com\/it\/product\/disposable-vape-bulk-purchase-bang-kindomes-rex-double-flavors-30000-puffs-save-big-on-high-puff-vapes\/\"]}]},{\"@type\":\"ImageObject\",\"inLanguage\":\"es\",\"@id\":\"https:\/\/rmvapebang.com\/it\/product\/disposable-vape-bulk-purchase-bang-kindomes-rex-double-flavors-30000-puffs-save-big-on-high-puff-vapes\/#primaryimage\",\"url\":\"https:\/\/rmvapebang.com\/wp-content\/uploads\/2025\/06\/Bang-Kindomes-Rex-double-flavors-vape-30k-puffs-New-Design.webp\",\"contentUrl\":\"https:\/\/rmvapebang.com\/wp-content\/uploads\/2025\/06\/Bang-Kindomes-Rex-double-flavors-vape-30k-puffs-New-Design.webp\",\"width\":800,\"height\":800,\"caption\":\"Bang Kindomes Rex double flavors vape 30k puffs New Design\"},{\"@type\":\"BreadcrumbList\",\"@id\":\"https:\/\/rmvapebang.com\/it\/product\/disposable-vape-bulk-purchase-bang-kindomes-rex-double-flavors-30000-puffs-save-big-on-high-puff-vapes\/#breadcrumb\",\"itemListElement\":[{\"@type\":\"ListItem\",\"position\":1,\"name\":\"Home\",\"item\":\"https:\/\/rmvapebang.com\/\"},{\"@type\":\"ListItem\",\"position\":2,\"name\":\"Hot Vape Shop\",\"item\":\"https:\/\/rmvapebang.com\/shop-page\/\"},{\"@type\":\"ListItem\",\"position\":3,\"name\":\"Disposable Vape Bulk Purchase Bang Kindomes Rex Double Flavors 30000 Puffs Save Big on High Puff Vapes\"}]},{\"@type\":\"WebSite\",\"@id\":\"https:\/\/rmvapebang.com\/#website\",\"url\":\"https:\/\/rmvapebang.com\/\",\"name\":\"rmvapebang.com\",\"description\":\"buy vape cheap\",\"publisher\":{\"@id\":\"https:\/\/rmvapebang.com\/#organization\"},\"potentialAction\":[{\"@type\":\"SearchAction\",\"target\":{\"@type\":\"EntryPoint\",\"urlTemplate\":\"https:\/\/rmvapebang.com\/?s={search_term_string}\"},\"query-input\":\"required name=search_term_string\"}],\"inLanguage\":\"es\"},{\"@type\":\"Organization\",\"@id\":\"https:\/\/rmvapebang.com\/#organization\",\"name\":\"rmvapebang.com\",\"url\":\"https:\/\/rmvapebang.com\/\",\"logo\":{\"@type\":\"ImageObject\",\"inLanguage\":\"es\",\"@id\":\"https:\/\/rmvapebang.com\/#\/schema\/logo\/image\/\",\"url\":\"https:\/\/rmvapebang.com\/wp-content\/uploads\/2024\/03\/cropped-RVBlogo.png\",\"contentUrl\":\"https:\/\/rmvapebang.com\/wp-content\/uploads\/2024\/03\/cropped-RVBlogo.png\",\"width\":507,\"height\":169,\"caption\":\"rmvapebang.com\"},\"image\":{\"@id\":\"https:\/\/rmvapebang.com\/#\/schema\/logo\/image\/\"}}]}<\/script>\n<!-- \/ Yoast SEO plugin. -->","yoast_head_json":{"title":"Disposable Vape Bulk Purchase Bang Kindomes Rex Double Flavors 30000 Puffs Save Big on High Puff Vapes - rmvapebang.com","description":"Bang Kindomes Rex 30k puffs vape with dual mesh coils, double flavors, and 2\u00d715ml tanks. Best choice for European wholesale vape buyers.","robots":{"index":"index","follow":"follow","max-snippet":"max-snippet:-1","max-image-preview":"max-image-preview:large","max-video-preview":"max-video-preview:-1"},"canonical":"https:\/\/rmvapebang.com\/es\/product\/disposable-vape-bulk-purchase-bang-kindomes-rex-double-flavors-30000-puffs-save-big-on-high-puff-vapes\/","og_locale":"es_ES","og_type":"article","og_title":"Disposable Vape Bulk Purchase Bang Kindomes Rex Double Flavors 30000 Puffs Save Big on High Puff Vapes - rmvapebang.com","og_description":"Bang Kindomes Rex 30k puffs vape with dual mesh coils, double flavors, and 2\u00d715ml tanks. Best choice for European wholesale vape buyers.","og_url":"https:\/\/rmvapebang.com\/es\/product\/disposable-vape-bulk-purchase-bang-kindomes-rex-double-flavors-30000-puffs-save-big-on-high-puff-vapes\/","og_site_name":"rmvapebang.com","article_modified_time":"2025-09-01T09:24:36+00:00","og_image":[{"width":800,"height":800,"url":"https:\/\/rmvapebang.com\/wp-content\/uploads\/2025\/06\/Bang-Kindomes-Rex-double-flavors-vape-30k-puffs-New-Design.webp","type":"image\/webp"}],"twitter_card":"summary_large_image","twitter_misc":{"Tiempo de lectura":"3 minutos"},"schema":{"@context":"https:\/\/schema.org","@graph":[{"@type":"WebPage","@id":"https:\/\/rmvapebang.com\/it\/product\/disposable-vape-bulk-purchase-bang-kindomes-rex-double-flavors-30000-puffs-save-big-on-high-puff-vapes\/","url":"https:\/\/rmvapebang.com\/it\/product\/disposable-vape-bulk-purchase-bang-kindomes-rex-double-flavors-30000-puffs-save-big-on-high-puff-vapes\/","name":"Disposable Vape Bulk Purchase Bang Kindomes Rex Double Flavors 30000 Puffs Save Big on High Puff Vapes - rmvapebang.com","isPartOf":{"@id":"https:\/\/rmvapebang.com\/#website"},"primaryImageOfPage":{"@id":"https:\/\/rmvapebang.com\/it\/product\/disposable-vape-bulk-purchase-bang-kindomes-rex-double-flavors-30000-puffs-save-big-on-high-puff-vapes\/#primaryimage"},"image":{"@id":"https:\/\/rmvapebang.com\/it\/product\/disposable-vape-bulk-purchase-bang-kindomes-rex-double-flavors-30000-puffs-save-big-on-high-puff-vapes\/#primaryimage"},"thumbnailUrl":"https:\/\/rmvapebang.com\/wp-content\/uploads\/2025\/06\/Bang-Kindomes-Rex-double-flavors-vape-30k-puffs-New-Design.webp","datePublished":"2025-06-12T08:35:47+00:00","dateModified":"2025-09-01T09:24:36+00:00","description":"Bang Kindomes Rex 30k puffs vape with dual mesh coils, double flavors, and 2\u00d715ml tanks. Best choice for European wholesale vape buyers.","breadcrumb":{"@id":"https:\/\/rmvapebang.com\/it\/product\/disposable-vape-bulk-purchase-bang-kindomes-rex-double-flavors-30000-puffs-save-big-on-high-puff-vapes\/#breadcrumb"},"inLanguage":"es","potentialAction":[{"@type":"ReadAction","target":["https:\/\/rmvapebang.com\/it\/product\/disposable-vape-bulk-purchase-bang-kindomes-rex-double-flavors-30000-puffs-save-big-on-high-puff-vapes\/"]}]},{"@type":"ImageObject","inLanguage":"es","@id":"https:\/\/rmvapebang.com\/it\/product\/disposable-vape-bulk-purchase-bang-kindomes-rex-double-flavors-30000-puffs-save-big-on-high-puff-vapes\/#primaryimage","url":"https:\/\/rmvapebang.com\/wp-content\/uploads\/2025\/06\/Bang-Kindomes-Rex-double-flavors-vape-30k-puffs-New-Design.webp","contentUrl":"https:\/\/rmvapebang.com\/wp-content\/uploads\/2025\/06\/Bang-Kindomes-Rex-double-flavors-vape-30k-puffs-New-Design.webp","width":800,"height":800,"caption":"Bang Kindomes Rex double flavors vape 30k puffs New Design"},{"@type":"BreadcrumbList","@id":"https:\/\/rmvapebang.com\/it\/product\/disposable-vape-bulk-purchase-bang-kindomes-rex-double-flavors-30000-puffs-save-big-on-high-puff-vapes\/#breadcrumb","itemListElement":[{"@type":"ListItem","position":1,"name":"Home","item":"https:\/\/rmvapebang.com\/"},{"@type":"ListItem","position":2,"name":"Hot Vape Shop","item":"https:\/\/rmvapebang.com\/shop-page\/"},{"@type":"ListItem","position":3,"name":"Disposable Vape Bulk Purchase Bang Kindomes Rex Double Flavors 30000 Puffs Save Big on High Puff Vapes"}]},{"@type":"WebSite","@id":"https:\/\/rmvapebang.com\/#website","url":"https:\/\/rmvapebang.com\/","name":"rmvapebang.com","description":"buy vape cheap","publisher":{"@id":"https:\/\/rmvapebang.com\/#organization"},"potentialAction":[{"@type":"SearchAction","target":{"@type":"EntryPoint","urlTemplate":"https:\/\/rmvapebang.com\/?s={search_term_string}"},"query-input":"required name=search_term_string"}],"inLanguage":"es"},{"@type":"Organization","@id":"https:\/\/rmvapebang.com\/#organization","name":"rmvapebang.com","url":"https:\/\/rmvapebang.com\/","logo":{"@type":"ImageObject","inLanguage":"es","@id":"https:\/\/rmvapebang.com\/#\/schema\/logo\/image\/","url":"https:\/\/rmvapebang.com\/wp-content\/uploads\/2024\/03\/cropped-RVBlogo.png","contentUrl":"https:\/\/rmvapebang.com\/wp-content\/uploads\/2024\/03\/cropped-RVBlogo.png","width":507,"height":169,"caption":"rmvapebang.com"},"image":{"@id":"https:\/\/rmvapebang.com\/#\/schema\/logo\/image\/"}}]}},"uagb_featured_image_src":{"full":["https:\/\/rmvapebang.com\/wp-content\/uploads\/2025\/06\/Bang-Kindomes-Rex-double-flavors-vape-30k-puffs-New-Design.webp",800,800,false],"thumbnail":["https:\/\/rmvapebang.com\/wp-content\/uploads\/2025\/06\/Bang-Kindomes-Rex-double-flavors-vape-30k-puffs-New-Design-150x150.webp",150,150,true],"medium":["https:\/\/rmvapebang.com\/wp-content\/uploads\/2025\/06\/Bang-Kindomes-Rex-double-flavors-vape-30k-puffs-New-Design-300x300.webp",300,300,true],"medium_large":["https:\/\/rmvapebang.com\/wp-content\/uploads\/2025\/06\/Bang-Kindomes-Rex-double-flavors-vape-30k-puffs-New-Design-768x768.webp",768,768,true],"large":["https:\/\/rmvapebang.com\/wp-content\/uploads\/2025\/06\/Bang-Kindomes-Rex-double-flavors-vape-30k-puffs-New-Design.webp",800,800,false],"1536x1536":["https:\/\/rmvapebang.com\/wp-content\/uploads\/2025\/06\/Bang-Kindomes-Rex-double-flavors-vape-30k-puffs-New-Design.webp",800,800,false],"2048x2048":["https:\/\/rmvapebang.com\/wp-content\/uploads\/2025\/06\/Bang-Kindomes-Rex-double-flavors-vape-30k-puffs-New-Design.webp",800,800,false],"trp-custom-language-flag":["https:\/\/rmvapebang.com\/wp-content\/uploads\/2025\/06\/Bang-Kindomes-Rex-double-flavors-vape-30k-puffs-New-Design.webp",12,12,false],"woocommerce_thumbnail":["https:\/\/rmvapebang.com\/wp-content\/uploads\/2025\/06\/Bang-Kindomes-Rex-double-flavors-vape-30k-puffs-New-Design-300x300.webp",300,300,true],"woocommerce_single":["https:\/\/rmvapebang.com\/wp-content\/uploads\/2025\/06\/Bang-Kindomes-Rex-double-flavors-vape-30k-puffs-New-Design-600x600.webp",600,600,true],"woocommerce_gallery_thumbnail":["https:\/\/rmvapebang.com\/wp-content\/uploads\/2025\/06\/Bang-Kindomes-Rex-double-flavors-vape-30k-puffs-New-Design-100x100.webp",100,100,true],"wcpr-photo-reviews":["https:\/\/rmvapebang.com\/wp-content\/uploads\/2025\/06\/Bang-Kindomes-Rex-double-flavors-vape-30k-puffs-New-Design.webp",500,500,false]},"uagb_author_info":{"display_name":"Lyn","author_link":"https:\/\/rmvapebang.com\/es\/author\/"},"uagb_comment_info":0,"uagb_excerpt":"Boost your inventory with Bang Kindomes Rex 30K! Dual flavors, rich vapor, and high puff count make it a favorite for wholesale buyers aiming to satisfy European market demand with ease. Whatsapp:+86 17840853976 Scan on whatsapp for New Client coupon NOTE: Prices on the website don\u2019t include shipping fee. Please send your zip code and&hellip;","_links":{"self":[{"href":"https:\/\/rmvapebang.com\/es\/wp-json\/wp\/v2\/product\/4373","targetHints":{"allow":["GET"]}}],"collection":[{"href":"https:\/\/rmvapebang.com\/es\/wp-json\/wp\/v2\/product"}],"about":[{"href":"https:\/\/rmvapebang.com\/es\/wp-json\/wp\/v2\/types\/product"}],"replies":[{"embeddable":true,"href":"https:\/\/rmvapebang.com\/es\/wp-json\/wp\/v2\/comments?post=4373"}],"wp:featuredmedia":[{"embeddable":true,"href":"https:\/\/rmvapebang.com\/es\/wp-json\/wp\/v2\/media\/4370"}],"wp:attachment":[{"href":"https:\/\/rmvapebang.com\/es\/wp-json\/wp\/v2\/media?parent=4373"}],"wp:term":[{"taxonomy":"product_brand","embeddable":true,"href":"https:\/\/rmvapebang.com\/es\/wp-json\/wp\/v2\/product_brand?post=4373"},{"taxonomy":"product_cat","embeddable":true,"href":"https:\/\/rmvapebang.com\/es\/wp-json\/wp\/v2\/product_cat?post=4373"},{"taxonomy":"product_tag","embeddable":true,"href":"https:\/\/rmvapebang.com\/es\/wp-json\/wp\/v2\/product_tag?post=4373"}],"curies":[{"name":"wp","href":"https:\/\/api.w.org\/{rel}","templated":true}]}}