{"id":4346,"date":"2025-06-09T15:36:34","date_gmt":"2025-06-09T07:36:34","guid":{"rendered":"https:\/\/rmvapebang.com\/?post_type=product&#038;p=4346"},"modified":"2025-09-03T14:30:45","modified_gmt":"2025-09-03T06:30:45","slug":"best-price-for-bulk-vape-order-bang-blaze-60k-puffs-shisha-vape-bulk-buyers","status":"publish","type":"product","link":"https:\/\/rmvapebang.com\/es\/product\/best-price-for-bulk-vape-order-bang-blaze-60k-puffs-shisha-vape-bulk-buyers\/","title":{"rendered":"Mejor precio para pedido de vape al por mayor Bang Blaze 60k puffs shisha vape Compradores a granel"},"content":{"rendered":"<h2 style=\"text-align: left\">Mejor precio para pedido de vape al por mayor Bang Blaze 60k puffs shisha vape Compradores a granel<\/h2>\n<p>Mejor precio para pedidos de vape al por mayor <strong><a href=\"https:\/\/rmvapebang.com\/es\/product-category\/disposable-bang-blaze-vape\/\">Bang Blaze<\/a> <\/strong>60k caladas de vape shisha para compradores al por mayor es su producto ideal para un vapeo de alto rendimiento y estilo narguile \u00fanico. Con un enorme dep\u00f3sito de e-l\u00edquido de 40 ml y una potente bater\u00eda de 1000 mAh, el vape de shisha Bang Blaze 60k ofrece 60,000 caladas ultrasuaves.<\/p>\n<p>El Vape Shisha 60k tiene una pantalla inteligente que a\u00f1ade un toque premium, mostrando el uso de la bater\u00eda y las caladas. Adem\u00e1s, Blaze <strong><a href=\"https:\/\/rmvapebang.com\/es\/product-category\/vape-60000-puffs\/\">Vapeador desechable de 60000 caladas<\/a><\/strong> de BANG disponible en 10 sabores audaces y con una concentraci\u00f3n de nicotina del 2% \/ 5%. El vape desechable bangblaze 60k combina calidad, longevidad y dise\u00f1o, lo que lo convierte en uno de los favoritos para los minoristas en toda Europa.<\/p>\n<p>Perfecto para grandes compradores que buscan almacenar productos de primera calidad a precios inmejorables.<\/p>\n<p><img loading=\"lazy\" decoding=\"async\" class=\"alignnone wp-image-4337\" src=\"http:\/\/rmvapebang.com\/wp-content\/uploads\/2025\/06\/Bang-Blaze-disposable-device-puffs-60000-Hot-Sale.webp\" alt=\"Dispositivo desechable Bang Blaze puffs 60000 Venta Caliente\" width=\"750\" height=\"750\" srcset=\"https:\/\/rmvapebang.com\/wp-content\/uploads\/2025\/06\/Bang-Blaze-disposable-device-puffs-60000-Hot-Sale.webp 800w, https:\/\/rmvapebang.com\/wp-content\/uploads\/2025\/06\/Bang-Blaze-disposable-device-puffs-60000-Hot-Sale-300x300.webp 300w, https:\/\/rmvapebang.com\/wp-content\/uploads\/2025\/06\/Bang-Blaze-disposable-device-puffs-60000-Hot-Sale-150x150.webp 150w, https:\/\/rmvapebang.com\/wp-content\/uploads\/2025\/06\/Bang-Blaze-disposable-device-puffs-60000-Hot-Sale-768x768.webp 768w, https:\/\/rmvapebang.com\/wp-content\/uploads\/2025\/06\/Bang-Blaze-disposable-device-puffs-60000-Hot-Sale-600x600.webp 600w, https:\/\/rmvapebang.com\/wp-content\/uploads\/2025\/06\/Bang-Blaze-disposable-device-puffs-60000-Hot-Sale-100x100.webp 100w\" sizes=\"auto, (max-width: 750px) 100vw, 750px\" \/><\/p>\n<h3><strong>\u00bfCu\u00e1les son los sabores para el vapeador Bang BLAZE shisha 60K?<\/strong><\/h3>\n<p>1. Menta fresca<br \/>\n2. Cerveza de doble malta<br \/>\n3. Menta doble<br \/>\n5. fresa kiwi<br \/>\n6. Melocot\u00f3n Mango Sand\u00eda<br \/>\n7. Sand\u00eda Fresa Mel\u00f3n<br \/>\n8. Frambuesa Azul<br \/>\n9. Bayas mixtas<br \/>\n10. Maracuy\u00e1<\/p>\n<h2>Especificaciones para vape de <strong>Vapeador narguile Bang blaze 60000 <\/strong>Caladas:<\/h2>\n<p>\u2013 <em><strong><span style=\"color: #ff0000\">60 mil<\/span><\/strong><\/em> Caladas<br \/>\n\u2013<em><strong><span style=\"color: #ff0000\"> 10<\/span> <\/strong><\/em>Sabores<br \/>\n\u2013 <em><strong><span style=\"color: #ff0000\">2%\/5%<\/span> <\/strong><\/em>Nicotina<br \/>\n\u2013 <em><strong><span style=\"color: #ff0000\">40ml<\/span><\/strong><\/em> de Capacidad de L\u00edquido Electr\u00f3nico<br \/>\n\u2013 Capacidad de Bater\u00eda <em><strong><span style=\"color: #ff0000\">1000 mAh<\/span><\/strong><\/em><\/p>\n<h3>PREGUNTAS FRECUENTES:<\/h3>\n<p>P: \u00bfCu\u00e1l es el MOQ del vaper desechable recargable Bang blaze 60k?<\/p>\n<p>R: La cantidad m\u00ednima de pedido (MOQ) para el vape shisha BANG blaze de 60k caladas es de 50 unidades.<\/p>\n<p>P: \u00bfCu\u00e1l es el tiempo de entrega para el Vape Recargable que ped\u00ed?<\/p>\n<p>R: Por lo general, el tiempo de entrega para el Vape Recargable es de 10 a 15 d\u00edas despu\u00e9s del env\u00edo.<\/p>\n<p>P: \u00bfCu\u00e1nto cuesta el env\u00edo del vapeador shisha de 60000 caladas?<\/p>\n<p>A: El costo de env\u00edo var\u00eda seg\u00fan el peso del pedido. Diferentes cantidades pueden tener diferentes costos de env\u00edo. Por favor, cont\u00e1ctanos para confirmar el costo de env\u00edo de tu pedido espec\u00edfico.<\/p>\n<p>P: \u00bfSe puede enviar el vapeador desechable de narguile bang blaze 60000 a mi pa\u00eds?<\/p>\n<p>A: S\u00ed, podemos enviar el vapeador bang blaze hookah 60000 a la mayor\u00eda de los pa\u00edses europeos, incluidos, entre otros: Pa\u00edses Bajos, Alemania, Francia, Espa\u00f1a, Italia, B\u00e9lgica, Luxemburgo, Austria, Rep\u00fablica Checa, Eslovaquia, Hungr\u00eda, Eslovenia, Rumania, Bulgaria, Grecia, Polonia, Suecia, Irlanda, Portugal, Finlandia, Estonia, Letonia y Lituania. Si tiene alguna consulta espec\u00edfica sobre el env\u00edo a su pa\u00eds, no dude en contactarnos para obtener m\u00e1s ayuda.<\/p>\n<p><strong>\u00a1Contacta a Lyn para m\u00e1s videos de productos!<\/strong><\/p>\n<p><a href=\"https:\/\/wa.me\/8617840853976\"><span style=\"color: #ff6600\"><strong><em>Whatsapp:+34 17840853976<\/em><\/strong><\/span><\/a><\/p>\n<p><img loading=\"lazy\" decoding=\"async\" class=\"alignnone size-medium wp-image-1905\" src=\"http:\/\/rmvapebang.com\/wp-content\/uploads\/2024\/03\/whatsapp-vape-2-202x300.jpg\" alt=\"\" width=\"202\" height=\"300\" \/><\/p>\n<p>Encuentra m\u00e1s productos que te puedan gustar:<a href=\"https:\/\/rmvapebang.com\/es\/shop-page\/\"><strong><em>Comprar ahora<\/em><\/strong><\/a><\/p>\n<p>otros vaporizadores que te pueden gustar: <a href=\"https:\/\/rmvapebang.com\/es\/product\/vozol-star-disposable-20k-puffs-wholesale-affordable-disposable-vape\/\">VOZOL STAR 20000 CALADAS<\/a>\/<a href=\"https:\/\/rmvapebang.com\/es\/product\/waspe-crystal-40000-puffs-disposabl-vape-good-price-bulk-sale\/\">waspe 40k sabores duales<\/a>\/<a href=\"https:\/\/rmvapebang.com\/es\/product\/uwin-twins-crystal-40k-disposable-vape-top-sale\/\">Uwin twins cristal 40k<\/a>\/<a href=\"https:\/\/rmvapebang.com\/es\/product\/bangking-triple-75k-vapen-wholesale-price-bulk-sale-vape\/\">Vaper Bangking triple 75k<\/a>\/<a href=\"https:\/\/rmvapebang.com\/es\/product\/vopk-triple-pro-75000-puffs-best-value-bulk-sale\/\">vapeador vopk triple pro 75k puffs<\/a><\/p>","protected":false},"excerpt":{"rendered":"<p><span style=\"color: #ff0000\"><strong>NOTA:<\/strong><em>Los precios en la p\u00e1gina web no incluyen los gastos de env\u00edo. Por favor, env\u00ede su c\u00f3digo postal y direcci\u00f3n para que podamos comprobar los costes de env\u00edo para usted.<\/em><\/span><\/p>\n<p>Ofrezca un potente sabor a shisha y un dise\u00f1o inteligente a sus clientes: compre al por mayor hoy mismo y disfrute de un rendimiento de primer nivel, tarifas exclusivas y env\u00edo prioritario para pedidos grandes.<\/p>\n<p><a href=\"https:\/\/wa.me\/8617840853976\"><strong><em>Whatsapp:+34 17840853976<\/em><\/strong><\/a><\/p>\n<p>Escanea en whatsapp para el cup\u00f3n de nuevo cliente<\/p>\n<p><img loading=\"lazy\" decoding=\"async\" class=\"alignnone size-medium wp-image-1905\" src=\"http:\/\/rmvapebang.com\/wp-content\/uploads\/2024\/03\/whatsapp-vape-2-202x300.jpg\" alt=\"\" width=\"202\" height=\"300\" \/><\/p>","protected":false},"featured_media":4343,"comment_status":"open","ping_status":"closed","template":"","meta":{"_uag_custom_page_level_css":"","_lmt_disableupdate":"no","_lmt_disable":"","site-sidebar-layout":"no-sidebar","site-content-layout":"boxed-container","ast-site-content-layout":"normal-width-container","site-content-style":"boxed","site-sidebar-style":"boxed","ast-global-header-display":"","ast-banner-title-visibility":"","ast-main-header-display":"","ast-hfb-above-header-display":"","ast-hfb-below-header-display":"","ast-hfb-mobile-header-display":"","site-post-title":"","ast-breadcrumbs-content":"","ast-featured-img":"","footer-sml-layout":"","theme-transparent-header-meta":"default","adv-header-id-meta":"","stick-header-meta":"","header-above-stick-meta":"","header-main-stick-meta":"","header-below-stick-meta":"","astra-migrate-meta-layouts":"set","ast-page-background-enabled":"default","ast-page-background-meta":{"desktop":{"background-color":"","background-image":"","background-repeat":"repeat","background-position":"center center","background-size":"auto","background-attachment":"scroll","background-type":"","background-media":"","overlay-type":"","overlay-color":"","overlay-gradient":""},"tablet":{"background-color":"","background-image":"","background-repeat":"repeat","background-position":"center center","background-size":"auto","background-attachment":"scroll","background-type":"","background-media":"","overlay-type":"","overlay-color":"","overlay-gradient":""},"mobile":{"background-color":"","background-image":"","background-repeat":"repeat","background-position":"center center","background-size":"auto","background-attachment":"scroll","background-type":"","background-media":"","overlay-type":"","overlay-color":"","overlay-gradient":""}},"ast-content-background-meta":{"desktop":{"background-color":"var(--ast-global-color-5)","background-image":"","background-repeat":"repeat","background-position":"center center","background-size":"auto","background-attachment":"scroll","background-type":"","background-media":"","overlay-type":"","overlay-color":"","overlay-gradient":""},"tablet":{"background-color":"var(--ast-global-color-5)","background-image":"","background-repeat":"repeat","background-position":"center center","background-size":"auto","background-attachment":"scroll","background-type":"","background-media":"","overlay-type":"","overlay-color":"","overlay-gradient":""},"mobile":{"background-color":"var(--ast-global-color-5)","background-image":"","background-repeat":"repeat","background-position":"center center","background-size":"auto","background-attachment":"scroll","background-type":"","background-media":"","overlay-type":"","overlay-color":"","overlay-gradient":""}},"_joinchat":[]},"product_brand":[],"product_cat":[193,39,41,128,42,40,131,129,179,43],"product_tag":[178,183,50,61,98,53,52],"class_list":{"0":"post-4346","1":"product","2":"type-product","3":"status-publish","4":"has-post-thumbnail","6":"product_cat-disposable-bang-blaze-vape","7":"product_cat-france-wholesale-vape","8":"product_cat-netherlands-wholesale-vape","9":"product_cat-smart-display","10":"product_cat-spain-wholesale-vape","11":"product_cat-germany-wholesale-vape","12":"product_cat-tornado-vape-wholesale-price-hot-sale","13":"product_cat-tornado-vapes","14":"product_cat-vape-60000-puffs","15":"product_cat-vape-shop","16":"product_tag-60000-puffs","17":"product_tag-60k-puffs","18":"product_tag-bulk-price-vape-shop","19":"product_tag-good-sales-vape","20":"product_tag-moq-is-50pcs","21":"product_tag-rechargeable-vape","22":"product_tag-vape-wholesasle-price","23":"desktop-align-left","24":"tablet-align-left","25":"mobile-align-left","27":"first","28":"instock","29":"sale","30":"shipping-taxable","31":"purchasable","32":"product-type-simple"},"yoast_head":"<!-- This site is optimized with the Yoast SEO plugin v23.0 - https:\/\/yoast.com\/wordpress\/plugins\/seo\/ -->\n<title>Best Price for Bulk Vape Order Bang Blaze 60k puffs shisha vape Bulk Buyers - rmvapebang.com<\/title>\n<meta name=\"description\" content=\"Bang Blaze 60k puffs hookah vape with 40ml tank, 1000mAh battery, smart screen, 10 flavours. Bulk vape offer with fast delivery across Europe.\" \/>\n<meta name=\"robots\" content=\"index, follow, max-snippet:-1, max-image-preview:large, max-video-preview:-1\" \/>\n<link rel=\"canonical\" href=\"https:\/\/rmvapebang.com\/es\/product\/best-price-for-bulk-vape-order-bang-blaze-60k-puffs-shisha-vape-bulk-buyers\/\" \/>\n<meta property=\"og:locale\" content=\"es_ES\" \/>\n<meta property=\"og:type\" content=\"article\" \/>\n<meta property=\"og:title\" content=\"Best Price for Bulk Vape Order Bang Blaze 60k puffs shisha vape Bulk Buyers - rmvapebang.com\" \/>\n<meta property=\"og:description\" content=\"Bang Blaze 60k puffs hookah vape with 40ml tank, 1000mAh battery, smart screen, 10 flavours. Bulk vape offer with fast delivery across Europe.\" \/>\n<meta property=\"og:url\" content=\"https:\/\/rmvapebang.com\/es\/product\/best-price-for-bulk-vape-order-bang-blaze-60k-puffs-shisha-vape-bulk-buyers\/\" \/>\n<meta property=\"og:site_name\" content=\"rmvapebang.com\" \/>\n<meta property=\"article:modified_time\" content=\"2025-09-03T06:30:45+00:00\" \/>\n<meta property=\"og:image\" content=\"https:\/\/rmvapebang.com\/wp-content\/uploads\/2025\/06\/Bang-Blaze-disposable-device-60k-puffs-Hot-Sale.webp\" \/>\n\t<meta property=\"og:image:width\" content=\"800\" \/>\n\t<meta property=\"og:image:height\" content=\"800\" \/>\n\t<meta property=\"og:image:type\" content=\"image\/webp\" \/>\n<meta name=\"twitter:card\" content=\"summary_large_image\" \/>\n<meta name=\"twitter:label1\" content=\"Tiempo de lectura\" \/>\n\t<meta name=\"twitter:data1\" content=\"3 minutos\" \/>\n<script type=\"application\/ld+json\" class=\"yoast-schema-graph\">{\"@context\":\"https:\/\/schema.org\",\"@graph\":[{\"@type\":\"WebPage\",\"@id\":\"https:\/\/rmvapebang.com\/hu\/product\/best-price-for-bulk-vape-order-bang-blaze-60k-puffs-shisha-vape-bulk-buyers\/\",\"url\":\"https:\/\/rmvapebang.com\/hu\/product\/best-price-for-bulk-vape-order-bang-blaze-60k-puffs-shisha-vape-bulk-buyers\/\",\"name\":\"Best Price for Bulk Vape Order Bang Blaze 60k puffs shisha vape Bulk Buyers - rmvapebang.com\",\"isPartOf\":{\"@id\":\"https:\/\/rmvapebang.com\/#website\"},\"primaryImageOfPage\":{\"@id\":\"https:\/\/rmvapebang.com\/hu\/product\/best-price-for-bulk-vape-order-bang-blaze-60k-puffs-shisha-vape-bulk-buyers\/#primaryimage\"},\"image\":{\"@id\":\"https:\/\/rmvapebang.com\/hu\/product\/best-price-for-bulk-vape-order-bang-blaze-60k-puffs-shisha-vape-bulk-buyers\/#primaryimage\"},\"thumbnailUrl\":\"https:\/\/rmvapebang.com\/wp-content\/uploads\/2025\/06\/Bang-Blaze-disposable-device-60k-puffs-Hot-Sale.webp\",\"datePublished\":\"2025-06-09T07:36:34+00:00\",\"dateModified\":\"2025-09-03T06:30:45+00:00\",\"description\":\"Bang Blaze 60k puffs hookah vape with 40ml tank, 1000mAh battery, smart screen, 10 flavours. Bulk vape offer with fast delivery across Europe.\",\"breadcrumb\":{\"@id\":\"https:\/\/rmvapebang.com\/hu\/product\/best-price-for-bulk-vape-order-bang-blaze-60k-puffs-shisha-vape-bulk-buyers\/#breadcrumb\"},\"inLanguage\":\"es\",\"potentialAction\":[{\"@type\":\"ReadAction\",\"target\":[\"https:\/\/rmvapebang.com\/hu\/product\/best-price-for-bulk-vape-order-bang-blaze-60k-puffs-shisha-vape-bulk-buyers\/\"]}]},{\"@type\":\"ImageObject\",\"inLanguage\":\"es\",\"@id\":\"https:\/\/rmvapebang.com\/hu\/product\/best-price-for-bulk-vape-order-bang-blaze-60k-puffs-shisha-vape-bulk-buyers\/#primaryimage\",\"url\":\"https:\/\/rmvapebang.com\/wp-content\/uploads\/2025\/06\/Bang-Blaze-disposable-device-60k-puffs-Hot-Sale.webp\",\"contentUrl\":\"https:\/\/rmvapebang.com\/wp-content\/uploads\/2025\/06\/Bang-Blaze-disposable-device-60k-puffs-Hot-Sale.webp\",\"width\":800,\"height\":800,\"caption\":\"Bang Blaze disposable device 60k puffs Hot Sale\"},{\"@type\":\"BreadcrumbList\",\"@id\":\"https:\/\/rmvapebang.com\/hu\/product\/best-price-for-bulk-vape-order-bang-blaze-60k-puffs-shisha-vape-bulk-buyers\/#breadcrumb\",\"itemListElement\":[{\"@type\":\"ListItem\",\"position\":1,\"name\":\"Home\",\"item\":\"https:\/\/rmvapebang.com\/\"},{\"@type\":\"ListItem\",\"position\":2,\"name\":\"Hot Vape Shop\",\"item\":\"https:\/\/rmvapebang.com\/shop-page\/\"},{\"@type\":\"ListItem\",\"position\":3,\"name\":\"Best Price for Bulk Vape Order Bang Blaze 60k puffs shisha vape Bulk Buyers\"}]},{\"@type\":\"WebSite\",\"@id\":\"https:\/\/rmvapebang.com\/#website\",\"url\":\"https:\/\/rmvapebang.com\/\",\"name\":\"rmvapebang.com\",\"description\":\"buy vape cheap\",\"publisher\":{\"@id\":\"https:\/\/rmvapebang.com\/#organization\"},\"potentialAction\":[{\"@type\":\"SearchAction\",\"target\":{\"@type\":\"EntryPoint\",\"urlTemplate\":\"https:\/\/rmvapebang.com\/?s={search_term_string}\"},\"query-input\":\"required name=search_term_string\"}],\"inLanguage\":\"es\"},{\"@type\":\"Organization\",\"@id\":\"https:\/\/rmvapebang.com\/#organization\",\"name\":\"rmvapebang.com\",\"url\":\"https:\/\/rmvapebang.com\/\",\"logo\":{\"@type\":\"ImageObject\",\"inLanguage\":\"es\",\"@id\":\"https:\/\/rmvapebang.com\/#\/schema\/logo\/image\/\",\"url\":\"https:\/\/rmvapebang.com\/wp-content\/uploads\/2024\/03\/cropped-RVBlogo.png\",\"contentUrl\":\"https:\/\/rmvapebang.com\/wp-content\/uploads\/2024\/03\/cropped-RVBlogo.png\",\"width\":507,\"height\":169,\"caption\":\"rmvapebang.com\"},\"image\":{\"@id\":\"https:\/\/rmvapebang.com\/#\/schema\/logo\/image\/\"}}]}<\/script>\n<!-- \/ Yoast SEO plugin. -->","yoast_head_json":{"title":"Best Price for Bulk Vape Order Bang Blaze 60k puffs shisha vape Bulk Buyers - rmvapebang.com","description":"Bang Blaze 60k puffs hookah vape with 40ml tank, 1000mAh battery, smart screen, 10 flavours. Bulk vape offer with fast delivery across Europe.","robots":{"index":"index","follow":"follow","max-snippet":"max-snippet:-1","max-image-preview":"max-image-preview:large","max-video-preview":"max-video-preview:-1"},"canonical":"https:\/\/rmvapebang.com\/es\/product\/best-price-for-bulk-vape-order-bang-blaze-60k-puffs-shisha-vape-bulk-buyers\/","og_locale":"es_ES","og_type":"article","og_title":"Best Price for Bulk Vape Order Bang Blaze 60k puffs shisha vape Bulk Buyers - rmvapebang.com","og_description":"Bang Blaze 60k puffs hookah vape with 40ml tank, 1000mAh battery, smart screen, 10 flavours. Bulk vape offer with fast delivery across Europe.","og_url":"https:\/\/rmvapebang.com\/es\/product\/best-price-for-bulk-vape-order-bang-blaze-60k-puffs-shisha-vape-bulk-buyers\/","og_site_name":"rmvapebang.com","article_modified_time":"2025-09-03T06:30:45+00:00","og_image":[{"width":800,"height":800,"url":"https:\/\/rmvapebang.com\/wp-content\/uploads\/2025\/06\/Bang-Blaze-disposable-device-60k-puffs-Hot-Sale.webp","type":"image\/webp"}],"twitter_card":"summary_large_image","twitter_misc":{"Tiempo de lectura":"3 minutos"},"schema":{"@context":"https:\/\/schema.org","@graph":[{"@type":"WebPage","@id":"https:\/\/rmvapebang.com\/hu\/product\/best-price-for-bulk-vape-order-bang-blaze-60k-puffs-shisha-vape-bulk-buyers\/","url":"https:\/\/rmvapebang.com\/hu\/product\/best-price-for-bulk-vape-order-bang-blaze-60k-puffs-shisha-vape-bulk-buyers\/","name":"Best Price for Bulk Vape Order Bang Blaze 60k puffs shisha vape Bulk Buyers - rmvapebang.com","isPartOf":{"@id":"https:\/\/rmvapebang.com\/#website"},"primaryImageOfPage":{"@id":"https:\/\/rmvapebang.com\/hu\/product\/best-price-for-bulk-vape-order-bang-blaze-60k-puffs-shisha-vape-bulk-buyers\/#primaryimage"},"image":{"@id":"https:\/\/rmvapebang.com\/hu\/product\/best-price-for-bulk-vape-order-bang-blaze-60k-puffs-shisha-vape-bulk-buyers\/#primaryimage"},"thumbnailUrl":"https:\/\/rmvapebang.com\/wp-content\/uploads\/2025\/06\/Bang-Blaze-disposable-device-60k-puffs-Hot-Sale.webp","datePublished":"2025-06-09T07:36:34+00:00","dateModified":"2025-09-03T06:30:45+00:00","description":"Bang Blaze 60k puffs hookah vape with 40ml tank, 1000mAh battery, smart screen, 10 flavours. Bulk vape offer with fast delivery across Europe.","breadcrumb":{"@id":"https:\/\/rmvapebang.com\/hu\/product\/best-price-for-bulk-vape-order-bang-blaze-60k-puffs-shisha-vape-bulk-buyers\/#breadcrumb"},"inLanguage":"es","potentialAction":[{"@type":"ReadAction","target":["https:\/\/rmvapebang.com\/hu\/product\/best-price-for-bulk-vape-order-bang-blaze-60k-puffs-shisha-vape-bulk-buyers\/"]}]},{"@type":"ImageObject","inLanguage":"es","@id":"https:\/\/rmvapebang.com\/hu\/product\/best-price-for-bulk-vape-order-bang-blaze-60k-puffs-shisha-vape-bulk-buyers\/#primaryimage","url":"https:\/\/rmvapebang.com\/wp-content\/uploads\/2025\/06\/Bang-Blaze-disposable-device-60k-puffs-Hot-Sale.webp","contentUrl":"https:\/\/rmvapebang.com\/wp-content\/uploads\/2025\/06\/Bang-Blaze-disposable-device-60k-puffs-Hot-Sale.webp","width":800,"height":800,"caption":"Bang Blaze disposable device 60k puffs Hot Sale"},{"@type":"BreadcrumbList","@id":"https:\/\/rmvapebang.com\/hu\/product\/best-price-for-bulk-vape-order-bang-blaze-60k-puffs-shisha-vape-bulk-buyers\/#breadcrumb","itemListElement":[{"@type":"ListItem","position":1,"name":"Home","item":"https:\/\/rmvapebang.com\/"},{"@type":"ListItem","position":2,"name":"Hot Vape Shop","item":"https:\/\/rmvapebang.com\/shop-page\/"},{"@type":"ListItem","position":3,"name":"Best Price for Bulk Vape Order Bang Blaze 60k puffs shisha vape Bulk Buyers"}]},{"@type":"WebSite","@id":"https:\/\/rmvapebang.com\/#website","url":"https:\/\/rmvapebang.com\/","name":"rmvapebang.com","description":"buy vape cheap","publisher":{"@id":"https:\/\/rmvapebang.com\/#organization"},"potentialAction":[{"@type":"SearchAction","target":{"@type":"EntryPoint","urlTemplate":"https:\/\/rmvapebang.com\/?s={search_term_string}"},"query-input":"required name=search_term_string"}],"inLanguage":"es"},{"@type":"Organization","@id":"https:\/\/rmvapebang.com\/#organization","name":"rmvapebang.com","url":"https:\/\/rmvapebang.com\/","logo":{"@type":"ImageObject","inLanguage":"es","@id":"https:\/\/rmvapebang.com\/#\/schema\/logo\/image\/","url":"https:\/\/rmvapebang.com\/wp-content\/uploads\/2024\/03\/cropped-RVBlogo.png","contentUrl":"https:\/\/rmvapebang.com\/wp-content\/uploads\/2024\/03\/cropped-RVBlogo.png","width":507,"height":169,"caption":"rmvapebang.com"},"image":{"@id":"https:\/\/rmvapebang.com\/#\/schema\/logo\/image\/"}}]}},"uagb_featured_image_src":{"full":["https:\/\/rmvapebang.com\/wp-content\/uploads\/2025\/06\/Bang-Blaze-disposable-device-60k-puffs-Hot-Sale.webp",800,800,false],"thumbnail":["https:\/\/rmvapebang.com\/wp-content\/uploads\/2025\/06\/Bang-Blaze-disposable-device-60k-puffs-Hot-Sale-150x150.webp",150,150,true],"medium":["https:\/\/rmvapebang.com\/wp-content\/uploads\/2025\/06\/Bang-Blaze-disposable-device-60k-puffs-Hot-Sale-300x300.webp",300,300,true],"medium_large":["https:\/\/rmvapebang.com\/wp-content\/uploads\/2025\/06\/Bang-Blaze-disposable-device-60k-puffs-Hot-Sale-768x768.webp",768,768,true],"large":["https:\/\/rmvapebang.com\/wp-content\/uploads\/2025\/06\/Bang-Blaze-disposable-device-60k-puffs-Hot-Sale.webp",800,800,false],"1536x1536":["https:\/\/rmvapebang.com\/wp-content\/uploads\/2025\/06\/Bang-Blaze-disposable-device-60k-puffs-Hot-Sale.webp",800,800,false],"2048x2048":["https:\/\/rmvapebang.com\/wp-content\/uploads\/2025\/06\/Bang-Blaze-disposable-device-60k-puffs-Hot-Sale.webp",800,800,false],"trp-custom-language-flag":["https:\/\/rmvapebang.com\/wp-content\/uploads\/2025\/06\/Bang-Blaze-disposable-device-60k-puffs-Hot-Sale.webp",12,12,false],"woocommerce_thumbnail":["https:\/\/rmvapebang.com\/wp-content\/uploads\/2025\/06\/Bang-Blaze-disposable-device-60k-puffs-Hot-Sale-300x300.webp",300,300,true],"woocommerce_single":["https:\/\/rmvapebang.com\/wp-content\/uploads\/2025\/06\/Bang-Blaze-disposable-device-60k-puffs-Hot-Sale-600x600.webp",600,600,true],"woocommerce_gallery_thumbnail":["https:\/\/rmvapebang.com\/wp-content\/uploads\/2025\/06\/Bang-Blaze-disposable-device-60k-puffs-Hot-Sale-100x100.webp",100,100,true],"wcpr-photo-reviews":["https:\/\/rmvapebang.com\/wp-content\/uploads\/2025\/06\/Bang-Blaze-disposable-device-60k-puffs-Hot-Sale.webp",500,500,false]},"uagb_author_info":{"display_name":"Lyn","author_link":"https:\/\/rmvapebang.com\/es\/author\/"},"uagb_comment_info":0,"uagb_excerpt":"NOTE\uff1aPrices on the website don\u2019t include shipping fee. Please send your zip code and address that we can check shipping costs for you. Deliver powerful shisha flavour and smart design to your customers\u2014buy in bulk today and enjoy top-tier performance, exclusive rates, and priority shipping for large orders. Whatsapp:+86 17840853976 Scan on whatsapp for New&hellip;","_links":{"self":[{"href":"https:\/\/rmvapebang.com\/es\/wp-json\/wp\/v2\/product\/4346","targetHints":{"allow":["GET"]}}],"collection":[{"href":"https:\/\/rmvapebang.com\/es\/wp-json\/wp\/v2\/product"}],"about":[{"href":"https:\/\/rmvapebang.com\/es\/wp-json\/wp\/v2\/types\/product"}],"replies":[{"embeddable":true,"href":"https:\/\/rmvapebang.com\/es\/wp-json\/wp\/v2\/comments?post=4346"}],"wp:featuredmedia":[{"embeddable":true,"href":"https:\/\/rmvapebang.com\/es\/wp-json\/wp\/v2\/media\/4343"}],"wp:attachment":[{"href":"https:\/\/rmvapebang.com\/es\/wp-json\/wp\/v2\/media?parent=4346"}],"wp:term":[{"taxonomy":"product_brand","embeddable":true,"href":"https:\/\/rmvapebang.com\/es\/wp-json\/wp\/v2\/product_brand?post=4346"},{"taxonomy":"product_cat","embeddable":true,"href":"https:\/\/rmvapebang.com\/es\/wp-json\/wp\/v2\/product_cat?post=4346"},{"taxonomy":"product_tag","embeddable":true,"href":"https:\/\/rmvapebang.com\/es\/wp-json\/wp\/v2\/product_tag?post=4346"}],"curies":[{"name":"wp","href":"https:\/\/api.w.org\/{rel}","templated":true}]}}