{"id":3139,"date":"2024-10-29T16:24:35","date_gmt":"2024-10-29T08:24:35","guid":{"rendered":"https:\/\/rmvapebang.com\/?post_type=product&#038;p=3139"},"modified":"2024-12-14T16:26:15","modified_gmt":"2024-12-14T08:26:15","slug":"cold-moutain-alps-30000-wholesale-promotion-sale","status":"publish","type":"product","link":"https:\/\/rmvapebang.com\/es\/product\/cold-moutain-alps-30000-wholesale-promotion-sale\/","title":{"rendered":"Cold Moutain ALPS 30000 Venta Promocional al por Mayor"},"content":{"rendered":"<h1>Cold Moutain ALPS 30000 Venta Promocional al por Mayor<\/h1>\n<p>La oferta promocional al por mayor de Cold Moutain ALPS 30000 es la mejor opci\u00f3n para aquellos que buscan una experiencia de vapeo potente y duradera. Con una impresionante capacidad de 35 ml de e-l\u00edquido y una vida \u00fatil de 30,000 caladas, este dispositivo, tambi\u00e9n conocido como Cold Mountain ALPS desechable 30k caladas, asegura que disfrutar\u00e1s de cada calada sin necesidad de reemplazos frecuentes.<\/p>\n<p>Empaquetado con 2% de nicotina y con tecnolog\u00eda de bobina de malla con resistencia de 0.5\u03a9, el Cold Mountain ALPS proporciona un vapor suave y sabroso que satisface cada vez. La bater\u00eda de 850mAh y la carga tipo-C ofrecen energ\u00eda r\u00e1pida y confiable, lo que hace que los vapes Cold Mountain ALPS 30000 sean perfectos para usar en movimiento.<\/p>\n<p>Disponible en una variedad de sabores deliciosos, como Drag\u00f3n Mel\u00f3n, Fresa Sand\u00eda, Limonada Rosa, Fresa Cremosa y Maracuy\u00e1 Kiwi, el Cold Mountain ALPS 30k caladas ofrece una experiencia personalizable para que coincida con tu gusto. Este vape desechable combina alta capacidad, conveniencia y un rico sabor, lo que lo convierte en una opci\u00f3n ideal para los vapeadores modernos.<\/p>\n<p><img loading=\"lazy\" decoding=\"async\" class=\"alignnone wp-image-3123\" src=\"http:\/\/rmvapebang.com\/wp-content\/uploads\/2024\/10\/Cold-Moutain-disposable-vape-30000-PUFFS-discount-price.jpg\" alt=\"Vaporizador desechable Cold Moutain 30000 PUFFS precio de descuento\" width=\"775\" height=\"437\" srcset=\"https:\/\/rmvapebang.com\/wp-content\/uploads\/2024\/10\/Cold-Moutain-disposable-vape-30000-PUFFS-discount-price.jpg 1023w, https:\/\/rmvapebang.com\/wp-content\/uploads\/2024\/10\/Cold-Moutain-disposable-vape-30000-PUFFS-discount-price-300x169.jpg 300w, https:\/\/rmvapebang.com\/wp-content\/uploads\/2024\/10\/Cold-Moutain-disposable-vape-30000-PUFFS-discount-price-768x433.jpg 768w, https:\/\/rmvapebang.com\/wp-content\/uploads\/2024\/10\/Cold-Moutain-disposable-vape-30000-PUFFS-discount-price-600x338.jpg 600w\" sizes=\"auto, (max-width: 775px) 100vw, 775px\" \/><\/p>\n<h3><strong>\u00bfCu\u00e1les son los sabores para Cold Moutain feemo alps?<\/strong><strong>\u00a0?<\/strong><\/h3>\n<p>1. Mel\u00f3n Drag\u00f3n<br \/>\n2. Fresa Sand\u00eda<br \/>\n3. Limonada Rosa<br \/>\n4. Pitahaya Fresa Helada<br \/>\n5. Maracuy\u00e1 Kiwi<br \/>\n6. Sand\u00eda<br \/>\n7. Fresa Pl\u00e1tano<br \/>\n8. Uva Aloe<br \/>\n9. Coca Cola Cereza Ar\u00e1ndano<br \/>\n10. Mango<\/p>\n<h2>Especificaciones para el vape desechable 30k Cold Moutain:<\/h2>\n<p>\u2013\u00a0 <em><strong><span style=\"color: #ff0000\">30 mil<\/span><\/strong><\/em> Caladas<br \/>\n\u2013 <em><strong><span style=\"color: #ff0000\">12<\/span> <\/strong><\/em>Sabores<br \/>\n\u2013 <em><strong><span style=\"color: #ff0000\">2%<\/span>\u00a0<\/strong><\/em>Concentraci\u00f3n de Nicotina<br \/>\n\u2013Capacidad del tanque: <strong><em><span style=\"color: #ff0000\">35ml<\/span><\/em><\/strong><br \/>\n\u2013 Capacidad de Bater\u00eda<em><strong><span style=\"color: #ff0000\"> 850 mAh <\/span><\/strong><\/em><\/p>\n<h3>PREGUNTAS FRECUENTES:<\/h3>\n<p>P: \u00bfCu\u00e1l es el MOQ del vape feemo alps de 30000 caladas?<\/p>\n<p>R: La cantidad m\u00ednima de pedido (MOQ) para el vaporizador desechable Cold Moutain <span class=\"___SText_anxqe-kmt_\" data-ui-name=\"Link.Text\">vape 30k<\/span> es de 50 unidades.<\/p>\n<p>P: \u00bfCu\u00e1l es el tiempo de entrega para el Vape Recargable que ped\u00ed?<\/p>\n<p>R: Por lo general, el tiempo de entrega para el Vape Recargable es de 10 a 15 d\u00edas despu\u00e9s del env\u00edo.<\/p>\n<p>P: \u00bfCu\u00e1nto cuesta el env\u00edo del vaporizador ALPS 30K Cold Moutain Puffs?<\/p>\n<p>A: El costo de env\u00edo var\u00eda seg\u00fan el peso del pedido. Diferentes cantidades pueden tener diferentes costos de env\u00edo. Por favor, cont\u00e1ctanos para confirmar el costo de env\u00edo de tu pedido espec\u00edfico.<\/p>\n<p>P: \u00bfSe puede enviar el vaporizador Cold Moutain ALPS 30k Puffs a mi pa\u00eds?<\/p>\n<p>R: S\u00ed, podemos enviar el vaporizador Cold Moutain ALPS 30000 Puffs a la mayor\u00eda de los pa\u00edses europeos, incluidos, entre otros, los Pa\u00edses Bajos, Alemania, Francia, Espa\u00f1a, Italia, B\u00e9lgica, Luxemburgo, Austria, Rep\u00fablica Checa, Eslovaquia, Hungr\u00eda, Eslovenia, Rumania, Bulgaria, Grecia, Polonia, Suecia, Irlanda, Portugal, Finlandia, Estonia, Letonia y Lituania. Si tiene alguna pregunta espec\u00edfica sobre el env\u00edo a su pa\u00eds, no dude en contactarnos para obtener m\u00e1s ayuda.<\/p>\n<p><strong>\u00a1Contacta a Lyn para m\u00e1s videos de productos!<\/strong><\/p>\n<p><a href=\"https:\/\/wa.me\/8617840853976\"><span style=\"color: #ff6600\"><strong><em>Whatsapp:+34 17840853976<\/em><\/strong><\/span><\/a><\/p>\n<p><img loading=\"lazy\" decoding=\"async\" class=\"alignnone size-medium wp-image-1905\" src=\"http:\/\/rmvapebang.com\/wp-content\/uploads\/2024\/03\/whatsapp-vape-2-202x300.jpg\" alt=\"\" width=\"202\" height=\"300\" \/><\/p>\n<p>Encuentra m\u00e1s productos que te puedan gustar:<a href=\"https:\/\/rmvapebang.com\/es\/shop-page\/\"><strong><em>Comprar ahora<\/em><\/strong><\/a><\/p>\n<p>otros vaporizadores que te pueden gustar:<a href=\"https:\/\/rmvapebang.com\/es\/product\/waspe-20000-puffs-wholesale-price-20k-vape\/\">Waspe 20000 caladas\/<\/a><a href=\"https:\/\/rmvapebang.com\/es\/product\/waspe-30k-puffs-fihp-vape-bulk-price-discount-sale\/\">vape waspe 30k caladas<\/a>\/<a href=\"https:\/\/rmvapebang.com\/es\/product\/vapme-crystal-20k-puff-vape-wholesale-best-sale\/\">vapes vapme crystal 20000<\/a>\/<a href=\"https:\/\/rmvapebang.com\/es\/product\/uwin-crystal-10k-wholesale-vape-good-sale\/\">Uwin crystal 10k caladas\u00a0<\/a><\/p>","protected":false},"excerpt":{"rendered":"<p><span style=\"color: #ff0000\"><strong>NOTA<\/strong>:\u00a0<em>Los precios en la p\u00e1gina web no incluyen los gastos de env\u00edo. Por favor, env\u00ede su c\u00f3digo postal y direcci\u00f3n para que podamos comprobar los costes de env\u00edo para usted.<\/em><\/span><\/p>\n<p><span class=\"___SText_anxqe-kmt_\" data-ui-name=\"Link.Text\">Vape desechable Cold Moutain ALPS 30000<\/span> Puffs al por mayor precio vape recargable.<\/p>\n<p><span class=\"___SText_anxqe-kmt_\" data-ui-name=\"Link.Text\">Monta\u00f1a Fr\u00eda ALPES <\/span>El vape de 30k caladas es un dispositivo de vape recargable de alta capacidad que ofrece 30000 caladas con 10 sabores y 2% de nicotina.<\/p>\n<p><a href=\"https:\/\/wa.me\/8617840853976\"><strong><em>Whatsapp:+34 17840853976<\/em><\/strong><\/a><\/p>\n<p>Escanea en whatsapp para el cup\u00f3n de nuevo cliente<\/p>\n<p><img loading=\"lazy\" decoding=\"async\" class=\"alignnone size-medium wp-image-1905\" src=\"http:\/\/rmvapebang.com\/wp-content\/uploads\/2024\/03\/whatsapp-vape-2-202x300.jpg\" alt=\"\" width=\"202\" height=\"300\" \/><\/p>","protected":false},"featured_media":3127,"comment_status":"open","ping_status":"closed","template":"","meta":{"_uag_custom_page_level_css":"","_lmt_disableupdate":"no","_lmt_disable":"","site-sidebar-layout":"no-sidebar","site-content-layout":"boxed-container","ast-site-content-layout":"normal-width-container","site-content-style":"boxed","site-sidebar-style":"boxed","ast-global-header-display":"","ast-banner-title-visibility":"","ast-main-header-display":"","ast-hfb-above-header-display":"","ast-hfb-below-header-display":"","ast-hfb-mobile-header-display":"","site-post-title":"","ast-breadcrumbs-content":"","ast-featured-img":"","footer-sml-layout":"","theme-transparent-header-meta":"default","adv-header-id-meta":"","stick-header-meta":"","header-above-stick-meta":"","header-main-stick-meta":"","header-below-stick-meta":"","astra-migrate-meta-layouts":"set","ast-page-background-enabled":"default","ast-page-background-meta":{"desktop":{"background-color":"","background-image":"","background-repeat":"repeat","background-position":"center center","background-size":"auto","background-attachment":"scroll","background-type":"","background-media":"","overlay-type":"","overlay-color":"","overlay-gradient":""},"tablet":{"background-color":"","background-image":"","background-repeat":"repeat","background-position":"center center","background-size":"auto","background-attachment":"scroll","background-type":"","background-media":"","overlay-type":"","overlay-color":"","overlay-gradient":""},"mobile":{"background-color":"","background-image":"","background-repeat":"repeat","background-position":"center center","background-size":"auto","background-attachment":"scroll","background-type":"","background-media":"","overlay-type":"","overlay-color":"","overlay-gradient":""}},"ast-content-background-meta":{"desktop":{"background-color":"var(--ast-global-color-5)","background-image":"","background-repeat":"repeat","background-position":"center center","background-size":"auto","background-attachment":"scroll","background-type":"","background-media":"","overlay-type":"","overlay-color":"","overlay-gradient":""},"tablet":{"background-color":"var(--ast-global-color-5)","background-image":"","background-repeat":"repeat","background-position":"center center","background-size":"auto","background-attachment":"scroll","background-type":"","background-media":"","overlay-type":"","overlay-color":"","overlay-gradient":""},"mobile":{"background-color":"var(--ast-global-color-5)","background-image":"","background-repeat":"repeat","background-position":"center center","background-size":"auto","background-attachment":"scroll","background-type":"","background-media":"","overlay-type":"","overlay-color":"","overlay-gradient":""}},"_joinchat":[]},"product_brand":[],"product_cat":[39,41,128,42,40,131,101,43],"product_tag":[102,103,50,61,57,58,53,52],"class_list":{"0":"post-3139","1":"product","2":"type-product","3":"status-publish","4":"has-post-thumbnail","6":"product_cat-france-wholesale-vape","7":"product_cat-netherlands-wholesale-vape","8":"product_cat-smart-display","9":"product_cat-spain-wholesale-vape","10":"product_cat-germany-wholesale-vape","11":"product_cat-tornado-vape-wholesale-price-hot-sale","12":"product_cat-vape-30000-puffs","13":"product_cat-vape-shop","14":"product_tag-30000-puffs","15":"product_tag-30k-puffs","16":"product_tag-bulk-price-vape-shop","17":"product_tag-good-sales-vape","18":"product_tag-minimum-order-quantity-50pcs","19":"product_tag-moq-50pcs","20":"product_tag-rechargeable-vape","21":"product_tag-vape-wholesasle-price","22":"desktop-align-left","23":"tablet-align-left","24":"mobile-align-left","26":"first","27":"instock","28":"sale","29":"shipping-taxable","30":"purchasable","31":"product-type-simple"},"yoast_head":"<!-- This site is optimized with the Yoast SEO plugin v23.0 - https:\/\/yoast.com\/wordpress\/plugins\/seo\/ -->\n<title>Cold Moutain ALPS 30000 Wholesale Promotion Sale - rmvapebang.com<\/title>\n<meta name=\"description\" content=\"Contact now to get Wholesale bulk Price of Cold Moutain ALPS 30k vape! 30000-puffs-wholesale-price have 2% and 5% nicotine to choose,\" \/>\n<meta name=\"robots\" content=\"index, follow, max-snippet:-1, max-image-preview:large, max-video-preview:-1\" \/>\n<link rel=\"canonical\" href=\"https:\/\/rmvapebang.com\/es\/product\/cold-moutain-alps-30000-wholesale-promotion-sale\/\" \/>\n<meta property=\"og:locale\" content=\"es_ES\" \/>\n<meta property=\"og:type\" content=\"article\" \/>\n<meta property=\"og:title\" content=\"Cold Moutain ALPS 30000 Wholesale Promotion Sale - rmvapebang.com\" \/>\n<meta property=\"og:description\" content=\"Contact now to get Wholesale bulk Price of Cold Moutain ALPS 30k vape! 30000-puffs-wholesale-price have 2% and 5% nicotine to choose,\" \/>\n<meta property=\"og:url\" content=\"https:\/\/rmvapebang.com\/es\/product\/cold-moutain-alps-30000-wholesale-promotion-sale\/\" \/>\n<meta property=\"og:site_name\" content=\"rmvapebang.com\" \/>\n<meta property=\"article:modified_time\" content=\"2024-12-14T08:26:15+00:00\" \/>\n<meta property=\"og:image\" content=\"https:\/\/rmvapebang.com\/wp-content\/uploads\/2024\/10\/Cold-Moutain-ALPS-vape-30000-PUFFS-discount-price.jpg\" \/>\n\t<meta property=\"og:image:width\" content=\"1036\" \/>\n\t<meta property=\"og:image:height\" content=\"1037\" \/>\n\t<meta property=\"og:image:type\" content=\"image\/jpeg\" \/>\n<meta name=\"twitter:card\" content=\"summary_large_image\" \/>\n<meta name=\"twitter:label1\" content=\"Tiempo de lectura\" \/>\n\t<meta name=\"twitter:data1\" content=\"3 minutos\" \/>\n<script type=\"application\/ld+json\" class=\"yoast-schema-graph\">{\"@context\":\"https:\/\/schema.org\",\"@graph\":[{\"@type\":\"WebPage\",\"@id\":\"https:\/\/rmvapebang.com\/product\/cold-moutain-alps-30000-wholesale-promotion-sale\/\",\"url\":\"https:\/\/rmvapebang.com\/product\/cold-moutain-alps-30000-wholesale-promotion-sale\/\",\"name\":\"Cold Moutain ALPS 30000 Wholesale Promotion Sale - rmvapebang.com\",\"isPartOf\":{\"@id\":\"https:\/\/rmvapebang.com\/#website\"},\"primaryImageOfPage\":{\"@id\":\"https:\/\/rmvapebang.com\/product\/cold-moutain-alps-30000-wholesale-promotion-sale\/#primaryimage\"},\"image\":{\"@id\":\"https:\/\/rmvapebang.com\/product\/cold-moutain-alps-30000-wholesale-promotion-sale\/#primaryimage\"},\"thumbnailUrl\":\"https:\/\/rmvapebang.com\/wp-content\/uploads\/2024\/10\/Cold-Moutain-ALPS-vape-30000-PUFFS-discount-price.jpg\",\"datePublished\":\"2024-10-29T08:24:35+00:00\",\"dateModified\":\"2024-12-14T08:26:15+00:00\",\"description\":\"Contact now to get Wholesale bulk Price of Cold Moutain ALPS 30k vape! 30000-puffs-wholesale-price have 2% and 5% nicotine to choose,\",\"breadcrumb\":{\"@id\":\"https:\/\/rmvapebang.com\/product\/cold-moutain-alps-30000-wholesale-promotion-sale\/#breadcrumb\"},\"inLanguage\":\"es\",\"potentialAction\":[{\"@type\":\"ReadAction\",\"target\":[\"https:\/\/rmvapebang.com\/product\/cold-moutain-alps-30000-wholesale-promotion-sale\/\"]}]},{\"@type\":\"ImageObject\",\"inLanguage\":\"es\",\"@id\":\"https:\/\/rmvapebang.com\/product\/cold-moutain-alps-30000-wholesale-promotion-sale\/#primaryimage\",\"url\":\"https:\/\/rmvapebang.com\/wp-content\/uploads\/2024\/10\/Cold-Moutain-ALPS-vape-30000-PUFFS-discount-price.jpg\",\"contentUrl\":\"https:\/\/rmvapebang.com\/wp-content\/uploads\/2024\/10\/Cold-Moutain-ALPS-vape-30000-PUFFS-discount-price.jpg\",\"width\":1036,\"height\":1037,\"caption\":\"Cold Moutain ALPS vape 30000 PUFFS discount price\"},{\"@type\":\"BreadcrumbList\",\"@id\":\"https:\/\/rmvapebang.com\/product\/cold-moutain-alps-30000-wholesale-promotion-sale\/#breadcrumb\",\"itemListElement\":[{\"@type\":\"ListItem\",\"position\":1,\"name\":\"Home\",\"item\":\"https:\/\/rmvapebang.com\/\"},{\"@type\":\"ListItem\",\"position\":2,\"name\":\"Hot Vape Shop\",\"item\":\"https:\/\/rmvapebang.com\/shop-page\/\"},{\"@type\":\"ListItem\",\"position\":3,\"name\":\"Cold Moutain ALPS 30000 Wholesale Promotion Sale\"}]},{\"@type\":\"WebSite\",\"@id\":\"https:\/\/rmvapebang.com\/#website\",\"url\":\"https:\/\/rmvapebang.com\/\",\"name\":\"rmvapebang.com\",\"description\":\"buy vape cheap\",\"publisher\":{\"@id\":\"https:\/\/rmvapebang.com\/#organization\"},\"potentialAction\":[{\"@type\":\"SearchAction\",\"target\":{\"@type\":\"EntryPoint\",\"urlTemplate\":\"https:\/\/rmvapebang.com\/?s={search_term_string}\"},\"query-input\":\"required name=search_term_string\"}],\"inLanguage\":\"es\"},{\"@type\":\"Organization\",\"@id\":\"https:\/\/rmvapebang.com\/#organization\",\"name\":\"rmvapebang.com\",\"url\":\"https:\/\/rmvapebang.com\/\",\"logo\":{\"@type\":\"ImageObject\",\"inLanguage\":\"es\",\"@id\":\"https:\/\/rmvapebang.com\/#\/schema\/logo\/image\/\",\"url\":\"https:\/\/rmvapebang.com\/wp-content\/uploads\/2024\/03\/cropped-RVBlogo.png\",\"contentUrl\":\"https:\/\/rmvapebang.com\/wp-content\/uploads\/2024\/03\/cropped-RVBlogo.png\",\"width\":507,\"height\":169,\"caption\":\"rmvapebang.com\"},\"image\":{\"@id\":\"https:\/\/rmvapebang.com\/#\/schema\/logo\/image\/\"}}]}<\/script>\n<!-- \/ Yoast SEO plugin. -->","yoast_head_json":{"title":"Cold Moutain ALPS 30000 Wholesale Promotion Sale - rmvapebang.com","description":"Contact now to get Wholesale bulk Price of Cold Moutain ALPS 30k vape! 30000-puffs-wholesale-price have 2% and 5% nicotine to choose,","robots":{"index":"index","follow":"follow","max-snippet":"max-snippet:-1","max-image-preview":"max-image-preview:large","max-video-preview":"max-video-preview:-1"},"canonical":"https:\/\/rmvapebang.com\/es\/product\/cold-moutain-alps-30000-wholesale-promotion-sale\/","og_locale":"es_ES","og_type":"article","og_title":"Cold Moutain ALPS 30000 Wholesale Promotion Sale - rmvapebang.com","og_description":"Contact now to get Wholesale bulk Price of Cold Moutain ALPS 30k vape! 30000-puffs-wholesale-price have 2% and 5% nicotine to choose,","og_url":"https:\/\/rmvapebang.com\/es\/product\/cold-moutain-alps-30000-wholesale-promotion-sale\/","og_site_name":"rmvapebang.com","article_modified_time":"2024-12-14T08:26:15+00:00","og_image":[{"width":1036,"height":1037,"url":"https:\/\/rmvapebang.com\/wp-content\/uploads\/2024\/10\/Cold-Moutain-ALPS-vape-30000-PUFFS-discount-price.jpg","type":"image\/jpeg"}],"twitter_card":"summary_large_image","twitter_misc":{"Tiempo de lectura":"3 minutos"},"schema":{"@context":"https:\/\/schema.org","@graph":[{"@type":"WebPage","@id":"https:\/\/rmvapebang.com\/product\/cold-moutain-alps-30000-wholesale-promotion-sale\/","url":"https:\/\/rmvapebang.com\/product\/cold-moutain-alps-30000-wholesale-promotion-sale\/","name":"Cold Moutain ALPS 30000 Wholesale Promotion Sale - rmvapebang.com","isPartOf":{"@id":"https:\/\/rmvapebang.com\/#website"},"primaryImageOfPage":{"@id":"https:\/\/rmvapebang.com\/product\/cold-moutain-alps-30000-wholesale-promotion-sale\/#primaryimage"},"image":{"@id":"https:\/\/rmvapebang.com\/product\/cold-moutain-alps-30000-wholesale-promotion-sale\/#primaryimage"},"thumbnailUrl":"https:\/\/rmvapebang.com\/wp-content\/uploads\/2024\/10\/Cold-Moutain-ALPS-vape-30000-PUFFS-discount-price.jpg","datePublished":"2024-10-29T08:24:35+00:00","dateModified":"2024-12-14T08:26:15+00:00","description":"Contact now to get Wholesale bulk Price of Cold Moutain ALPS 30k vape! 30000-puffs-wholesale-price have 2% and 5% nicotine to choose,","breadcrumb":{"@id":"https:\/\/rmvapebang.com\/product\/cold-moutain-alps-30000-wholesale-promotion-sale\/#breadcrumb"},"inLanguage":"es","potentialAction":[{"@type":"ReadAction","target":["https:\/\/rmvapebang.com\/product\/cold-moutain-alps-30000-wholesale-promotion-sale\/"]}]},{"@type":"ImageObject","inLanguage":"es","@id":"https:\/\/rmvapebang.com\/product\/cold-moutain-alps-30000-wholesale-promotion-sale\/#primaryimage","url":"https:\/\/rmvapebang.com\/wp-content\/uploads\/2024\/10\/Cold-Moutain-ALPS-vape-30000-PUFFS-discount-price.jpg","contentUrl":"https:\/\/rmvapebang.com\/wp-content\/uploads\/2024\/10\/Cold-Moutain-ALPS-vape-30000-PUFFS-discount-price.jpg","width":1036,"height":1037,"caption":"Cold Moutain ALPS vape 30000 PUFFS discount price"},{"@type":"BreadcrumbList","@id":"https:\/\/rmvapebang.com\/product\/cold-moutain-alps-30000-wholesale-promotion-sale\/#breadcrumb","itemListElement":[{"@type":"ListItem","position":1,"name":"Home","item":"https:\/\/rmvapebang.com\/"},{"@type":"ListItem","position":2,"name":"Hot Vape Shop","item":"https:\/\/rmvapebang.com\/shop-page\/"},{"@type":"ListItem","position":3,"name":"Cold Moutain ALPS 30000 Wholesale Promotion Sale"}]},{"@type":"WebSite","@id":"https:\/\/rmvapebang.com\/#website","url":"https:\/\/rmvapebang.com\/","name":"rmvapebang.com","description":"buy vape cheap","publisher":{"@id":"https:\/\/rmvapebang.com\/#organization"},"potentialAction":[{"@type":"SearchAction","target":{"@type":"EntryPoint","urlTemplate":"https:\/\/rmvapebang.com\/?s={search_term_string}"},"query-input":"required name=search_term_string"}],"inLanguage":"es"},{"@type":"Organization","@id":"https:\/\/rmvapebang.com\/#organization","name":"rmvapebang.com","url":"https:\/\/rmvapebang.com\/","logo":{"@type":"ImageObject","inLanguage":"es","@id":"https:\/\/rmvapebang.com\/#\/schema\/logo\/image\/","url":"https:\/\/rmvapebang.com\/wp-content\/uploads\/2024\/03\/cropped-RVBlogo.png","contentUrl":"https:\/\/rmvapebang.com\/wp-content\/uploads\/2024\/03\/cropped-RVBlogo.png","width":507,"height":169,"caption":"rmvapebang.com"},"image":{"@id":"https:\/\/rmvapebang.com\/#\/schema\/logo\/image\/"}}]}},"uagb_featured_image_src":{"full":["https:\/\/rmvapebang.com\/wp-content\/uploads\/2024\/10\/Cold-Moutain-ALPS-vape-30000-PUFFS-discount-price.jpg",1036,1037,false],"thumbnail":["https:\/\/rmvapebang.com\/wp-content\/uploads\/2024\/10\/Cold-Moutain-ALPS-vape-30000-PUFFS-discount-price-150x150.jpg",150,150,true],"medium":["https:\/\/rmvapebang.com\/wp-content\/uploads\/2024\/10\/Cold-Moutain-ALPS-vape-30000-PUFFS-discount-price-300x300.jpg",300,300,true],"medium_large":["https:\/\/rmvapebang.com\/wp-content\/uploads\/2024\/10\/Cold-Moutain-ALPS-vape-30000-PUFFS-discount-price-768x769.jpg",768,769,true],"large":["https:\/\/rmvapebang.com\/wp-content\/uploads\/2024\/10\/Cold-Moutain-ALPS-vape-30000-PUFFS-discount-price-1024x1024.jpg",1024,1024,true],"1536x1536":["https:\/\/rmvapebang.com\/wp-content\/uploads\/2024\/10\/Cold-Moutain-ALPS-vape-30000-PUFFS-discount-price.jpg",1036,1037,false],"2048x2048":["https:\/\/rmvapebang.com\/wp-content\/uploads\/2024\/10\/Cold-Moutain-ALPS-vape-30000-PUFFS-discount-price.jpg",1036,1037,false],"trp-custom-language-flag":["https:\/\/rmvapebang.com\/wp-content\/uploads\/2024\/10\/Cold-Moutain-ALPS-vape-30000-PUFFS-discount-price.jpg",12,12,false],"woocommerce_thumbnail":["https:\/\/rmvapebang.com\/wp-content\/uploads\/2024\/10\/Cold-Moutain-ALPS-vape-30000-PUFFS-discount-price-300x300.jpg",300,300,true],"woocommerce_single":["https:\/\/rmvapebang.com\/wp-content\/uploads\/2024\/10\/Cold-Moutain-ALPS-vape-30000-PUFFS-discount-price-600x601.jpg",600,601,true],"woocommerce_gallery_thumbnail":["https:\/\/rmvapebang.com\/wp-content\/uploads\/2024\/10\/Cold-Moutain-ALPS-vape-30000-PUFFS-discount-price-100x100.jpg",100,100,true],"wcpr-photo-reviews":["https:\/\/rmvapebang.com\/wp-content\/uploads\/2024\/10\/Cold-Moutain-ALPS-vape-30000-PUFFS-discount-price.jpg",500,500,false]},"uagb_author_info":{"display_name":"Lyn","author_link":"https:\/\/rmvapebang.com\/es\/author\/"},"uagb_comment_info":0,"uagb_excerpt":"NOTE:\u00a0Prices on the website don\u2019t include shipping fee. Please send your zip code and address that we can check shipping costs for you. Cold Moutain ALPS 30000 disposable vape Puffs Wholesale Price Vape Rechargeable. Cold Moutain ALPS 30k puff vape is a high-capacity rechargeable vape device offering 30000 puffs with 10 flavors and 2% nicotine&hellip;","_links":{"self":[{"href":"https:\/\/rmvapebang.com\/es\/wp-json\/wp\/v2\/product\/3139","targetHints":{"allow":["GET"]}}],"collection":[{"href":"https:\/\/rmvapebang.com\/es\/wp-json\/wp\/v2\/product"}],"about":[{"href":"https:\/\/rmvapebang.com\/es\/wp-json\/wp\/v2\/types\/product"}],"replies":[{"embeddable":true,"href":"https:\/\/rmvapebang.com\/es\/wp-json\/wp\/v2\/comments?post=3139"}],"wp:featuredmedia":[{"embeddable":true,"href":"https:\/\/rmvapebang.com\/es\/wp-json\/wp\/v2\/media\/3127"}],"wp:attachment":[{"href":"https:\/\/rmvapebang.com\/es\/wp-json\/wp\/v2\/media?parent=3139"}],"wp:term":[{"taxonomy":"product_brand","embeddable":true,"href":"https:\/\/rmvapebang.com\/es\/wp-json\/wp\/v2\/product_brand?post=3139"},{"taxonomy":"product_cat","embeddable":true,"href":"https:\/\/rmvapebang.com\/es\/wp-json\/wp\/v2\/product_cat?post=3139"},{"taxonomy":"product_tag","embeddable":true,"href":"https:\/\/rmvapebang.com\/es\/wp-json\/wp\/v2\/product_tag?post=3139"}],"curies":[{"name":"wp","href":"https:\/\/api.w.org\/{rel}","templated":true}]}}