{"id":2879,"date":"2024-08-23T10:28:22","date_gmt":"2024-08-23T02:28:22","guid":{"rendered":"https:\/\/rmvapebang.com\/?post_type=product&#038;p=2879"},"modified":"2024-12-14T12:53:19","modified_gmt":"2024-12-14T04:53:19","slug":"bangbox-tornado-12000-puffs-discount-price-vape-bulk-sale","status":"publish","type":"product","link":"https:\/\/rmvapebang.com\/es\/product\/bangbox-tornado-12000-puffs-discount-price-vape-bulk-sale\/","title":{"rendered":"BangBox Tornado 12000 Puffs Precio con Descuento Vape Venta a Granel"},"content":{"rendered":"<h1>BangBox Tornado 12000 Puffs Precio con Descuento Vape Venta a Granel<\/h1>\n<div class=\"flex-1 overflow-hidden\">\n<div class=\"react-scroll-to-bottom--css-rkeqe-79elbk h-full\">\n<div class=\"react-scroll-to-bottom--css-rkeqe-1n7m0yu\">\n<div class=\"flex flex-col text-sm pb-9\">\n<div class=\"w-full text-token-text-primary\" data-testid=\"conversation-turn-7\">\n<div class=\"px-4 py-2 justify-center text-base md:gap-6 m-auto\">\n<div class=\"flex flex-1 text-base mx-auto gap-3 md:px-5 lg:px-1 xl:px-5 md:max-w-3xl lg:max-w-[40rem] xl:max-w-[48rem] group final-completion\">\n<div class=\"relative flex w-full flex-col agent-turn\">\n<div class=\"flex-col gap-1 md:gap-3\">\n<div class=\"flex flex-grow flex-col max-w-full\">\n<div class=\"min-h-[20px] text-message flex flex-col items-start gap-3 whitespace-pre-wrap break-words [.text-message+&amp;]:mt-5 overflow-x-auto\" data-message-author-role=\"assistant\" data-message-id=\"a1f3b89f-a1c9-497d-a989-579b96e752e6\">\n<div class=\"markdown prose w-full break-words dark:prose-invert light\">\n<p>El vapeador BangBox Tornado 12000 Puffs con precio de descuento por venta al por mayor es un producto dise\u00f1ado para j\u00f3venes que buscan comodidad y rendimiento. La superficie y la sensaci\u00f3n del vapeador Bangbox 12k son similares a las del vapeador Wasp 9K, que es moderno y pr\u00e1ctico.<\/p>\n<p>El vapeador tornado box 12k puff de Bang est\u00e1 equipado con un puerto de carga tipo C, que se carga m\u00e1s r\u00e1pido (en unos 30 minutos), lo que te permite mantener la bater\u00eda completamente cargada en cualquier momento y lugar. Gracias a su tecnolog\u00eda de n\u00facleo de malla, este vapeador ofrece un humo consistente y abundante, asegurando que cada calada sea una agradable sorpresa.<\/p>\n<p>El vapeador Bangbox tornado 12k puffs est\u00e1 equipado con una bater\u00eda de cobalto puro de 650 mAh y admite una descarga de 5 A para su uso. Puedes usarlo durante mucho tiempo sin preocuparte por la duraci\u00f3n de la bater\u00eda. El vapeador tornado de 12000 caladas tiene una gran capacidad de l\u00edquido de 20 ml y viene con 12 sabores para que elijas.<\/p>\n<p><img loading=\"lazy\" decoding=\"async\" class=\"alignnone wp-image-2871\" src=\"http:\/\/rmvapebang.com\/wp-content\/uploads\/2024\/08\/Bangbox-LED-light-vape-12k-puffs-cheaper-sale-price.jpg\" alt=\"Vape Bangbox LED 12k caladas precio de venta m\u00e1s barato\" width=\"823\" height=\"700\" srcset=\"https:\/\/rmvapebang.com\/wp-content\/uploads\/2024\/08\/Bangbox-LED-light-vape-12k-puffs-cheaper-sale-price.jpg 1000w, https:\/\/rmvapebang.com\/wp-content\/uploads\/2024\/08\/Bangbox-LED-light-vape-12k-puffs-cheaper-sale-price-300x255.jpg 300w, https:\/\/rmvapebang.com\/wp-content\/uploads\/2024\/08\/Bangbox-LED-light-vape-12k-puffs-cheaper-sale-price-768x654.jpg 768w, https:\/\/rmvapebang.com\/wp-content\/uploads\/2024\/08\/Bangbox-LED-light-vape-12k-puffs-cheaper-sale-price-600x511.jpg 600w\" sizes=\"auto, (max-width: 823px) 100vw, 823px\" \/><\/p>\n<\/div>\n<\/div>\n<\/div>\n<\/div>\n<\/div>\n<\/div>\n<\/div>\n<\/div>\n<\/div>\n<\/div>\n<\/div>\n<\/div>\n<h2><strong>\u00bfCu\u00e1les son los sabores del vapeador tornado 12K puffs de Bang Box?<\/strong><\/h2>\n<p>1. Fresa Pl\u00e1tano<br \/>\n2.Kiwi fruta de la pasi\u00f3n guayaba<br \/>\n3. Fresa kiwi<br \/>\n4. hielo de ar\u00e1ndanos azules<br \/>\n5. frambuesa de manzana agria<br \/>\n6. chicle de sand\u00eda<br \/>\n7.Fresa sand\u00eda<br \/>\n8. zumo de fresa<br \/>\n9. hielo de drag\u00f3n negro<br \/>\n10.sand\u00eda helada<br \/>\n11. mango, melocot\u00f3n y sand\u00eda<br \/>\n12.ar\u00e1ndano helado<\/p>\n<p><span style=\"font-size: 1.7em;font-weight: bold\">Especificaciones para Bang Box tornado 12K Puffs:<\/span><\/p>\n<p>\u2013\u00a0 <em><strong><span style=\"color: #ff0000\">12 mil<\/span><\/strong><\/em> Caladas<br \/>\n\u2013<em><strong><span style=\"color: #ff0000\">12<\/span><\/strong><\/em> Sabores<br \/>\n\u2013 <em><strong><span style=\"color: #ff0000\">2%\/5%<\/span><\/strong><\/em> Concentraci\u00f3n de Nicotina<br \/>\n\u2013 <em><strong><span style=\"color: #ff0000\">20 mL<\/span><\/strong><\/em> de Capacidad de L\u00edquido Electr\u00f3nico<br \/>\n\u2013 Capacidad de Bater\u00eda <em><strong><span style=\"color: #ff0000\">650 mAh<\/span><\/strong><\/em><\/p>\n<h3>PREGUNTAS FRECUENTES:<\/h3>\n<p>P: \u00bfCu\u00e1l es el MOQ del vapeador tornado de caja Bang 12k?<\/p>\n<p>R: La cantidad m\u00ednima de pedido (MOQ) para el vapeador bangbox 12000 Puffs es de 50 unidades.<\/p>\n<p>P: \u00bfCu\u00e1l es el tiempo de entrega para el vapeador BangBox 12K Puffs que ped\u00ed?<\/p>\n<p>R: Por lo general, el tiempo de entrega para los vapeadores 12000 Puff de bang tornado es de 10 a 15 d\u00edas despu\u00e9s del env\u00edo.<\/p>\n<p>P: \u00bfCu\u00e1nto cuesta el env\u00edo de los vapeadores Bang 12000 box?<\/p>\n<p>A: El costo de env\u00edo var\u00eda seg\u00fan el peso del pedido. Diferentes cantidades pueden tener diferentes costos de env\u00edo. Por favor, cont\u00e1ctanos para confirmar el costo de env\u00edo de tu pedido espec\u00edfico.<\/p>\n<p>P: \u00bfPuede el vapeador tornado box Bang 12000 Puffs enviarse a mi pa\u00eds?<\/p>\n<p>R: S\u00ed, podemos enviar el vapeador Bangbox 12000 Puffs a la mayor\u00eda de los pa\u00edses europeos, incluidos, entre otros, Pa\u00edses Bajos, Alemania, Francia, Espa\u00f1a, Italia, B\u00e9lgica, Luxemburgo, Austria, Rep\u00fablica Checa, Eslovaquia, Hungr\u00eda, Eslovenia, Rumania, Bulgaria, Grecia, Polonia, Suecia, Irlanda, Portugal, Finlandia, Estonia, Letonia y Lituania. Si tienes alguna pregunta espec\u00edfica sobre el env\u00edo a tu pa\u00eds, no dudes en contactarnos para obtener m\u00e1s ayuda.<\/p>\n<p><strong>\u00a1Contacta a Lyn para m\u00e1s videos de productos!<\/strong><\/p>\n<p><a href=\"https:\/\/wa.me\/8617840853976\"><span style=\"color: #ff6600\"><strong><em>Whatsapp:+34 17840853976<\/em><\/strong><\/span><\/a><\/p>\n<p><img loading=\"lazy\" decoding=\"async\" class=\"alignnone size-medium wp-image-1905\" src=\"http:\/\/rmvapebang.com\/wp-content\/uploads\/2024\/03\/whatsapp-vape-2-202x300.jpg\" alt=\"\" width=\"202\" height=\"300\" \/><\/p>\n<p>Encuentra m\u00e1s productos que te puedan gustar:<a href=\"https:\/\/rmvapebang.com\/es\/shop-page\/\"><strong><em>Comprar ahora<\/em><\/strong><\/a><\/p>\n<p>otros vaporizadores que te pueden gustar:<a href=\"https:\/\/rmvapebang.com\/es\/product\/mrvi-puffing-15k-puffs-wholesale-price-15000\/\">VAPE MRVI PUFFING 15K<\/a> \/<a href=\"https:\/\/sigvape.com\/product\/bulk-price-bang-disposable-vapes-15000-puffs-hot-sales\/\">Bang 15k caladas<\/a>\/<a href=\"https:\/\/sigvape.com\/product\/wholesale-price-uzy-vaper-tornado-9000-vapes-9k-good-sales\/\">Vape UZY 9k <\/a>\/<a href=\"https:\/\/rmvapebang.com\/es\/product\/elf-box-bar-600-puffs-wholesale-price-vapes\/\">ELF BAR 600 PUFFS<\/a>\/<a href=\"https:\/\/sigvape.com\/product\/waspe-digital-12k-puffs-wholesale-price-discount-vapes\/\">Waspe digital 12k caladas<\/a><\/p>\n<p><span style=\"color: #ff0000\"><strong>Nota: \u00a1Todos los productos no incluyen gastos de env\u00edo!<\/strong><\/span><\/p>","protected":false},"excerpt":{"rendered":"<p>Precio de mayorista del vapeador recargable Bang Box tornado 12000 Puffs.<\/p>\n<p>El tornado 12K de BangBox vape es un dispositivo vapeador recargable de alta capacidad que ofrece 12000 caladas con 12 sabores y niveles de nicotina del 2% o 5%.<\/p>\n<p><strong><em>WhatsApp:<a href=\"https:\/\/wa.me\/8617840853976\">+86 17840853976<\/a><\/em><\/strong><\/p>\n<p>Escanea en whatsapp para el cup\u00f3n de nuevo cliente<\/p>\n<p><img loading=\"lazy\" decoding=\"async\" class=\"alignnone size-medium wp-image-1905\" src=\"http:\/\/rmvapebang.com\/wp-content\/uploads\/2024\/03\/whatsapp-vape-2-202x300.jpg\" alt=\"\" width=\"202\" height=\"300\" \/><\/p>","protected":false},"featured_media":2874,"comment_status":"open","ping_status":"closed","template":"","meta":{"_uag_custom_page_level_css":"","_lmt_disableupdate":"no","_lmt_disable":"","site-sidebar-layout":"no-sidebar","site-content-layout":"boxed-container","ast-site-content-layout":"normal-width-container","site-content-style":"boxed","site-sidebar-style":"boxed","ast-global-header-display":"","ast-banner-title-visibility":"","ast-main-header-display":"","ast-hfb-above-header-display":"","ast-hfb-below-header-display":"","ast-hfb-mobile-header-display":"","site-post-title":"","ast-breadcrumbs-content":"","ast-featured-img":"","footer-sml-layout":"","theme-transparent-header-meta":"default","adv-header-id-meta":"","stick-header-meta":"","header-above-stick-meta":"","header-main-stick-meta":"","header-below-stick-meta":"","astra-migrate-meta-layouts":"set","ast-page-background-enabled":"default","ast-page-background-meta":{"desktop":{"background-color":"","background-image":"","background-repeat":"repeat","background-position":"center center","background-size":"auto","background-attachment":"scroll","background-type":"","background-media":"","overlay-type":"","overlay-color":"","overlay-gradient":""},"tablet":{"background-color":"","background-image":"","background-repeat":"repeat","background-position":"center center","background-size":"auto","background-attachment":"scroll","background-type":"","background-media":"","overlay-type":"","overlay-color":"","overlay-gradient":""},"mobile":{"background-color":"","background-image":"","background-repeat":"repeat","background-position":"center center","background-size":"auto","background-attachment":"scroll","background-type":"","background-media":"","overlay-type":"","overlay-color":"","overlay-gradient":""}},"ast-content-background-meta":{"desktop":{"background-color":"var(--ast-global-color-5)","background-image":"","background-repeat":"repeat","background-position":"center center","background-size":"auto","background-attachment":"scroll","background-type":"","background-media":"","overlay-type":"","overlay-color":"","overlay-gradient":""},"tablet":{"background-color":"var(--ast-global-color-5)","background-image":"","background-repeat":"repeat","background-position":"center center","background-size":"auto","background-attachment":"scroll","background-type":"","background-media":"","overlay-type":"","overlay-color":"","overlay-gradient":""},"mobile":{"background-color":"var(--ast-global-color-5)","background-image":"","background-repeat":"repeat","background-position":"center center","background-size":"auto","background-attachment":"scroll","background-type":"","background-media":"","overlay-type":"","overlay-color":"","overlay-gradient":""}},"_joinchat":[]},"product_brand":[],"product_cat":[122,39,41,42,40,83,43],"product_tag":[63,62,50,51,67,57,58,53,52],"class_list":{"0":"post-2879","1":"product","2":"type-product","3":"status-publish","4":"has-post-thumbnail","6":"product_cat-bang-box-vape","7":"product_cat-france-wholesale-vape","8":"product_cat-netherlands-wholesale-vape","9":"product_cat-spain-wholesale-vape","10":"product_cat-germany-wholesale-vape","11":"product_cat-vape-12000-puffs","12":"product_cat-vape-shop","13":"product_tag-12000-puffs","14":"product_tag-12k-puffs","15":"product_tag-bulk-price-vape-shop","16":"product_tag-disposable-vape","17":"product_tag-fast-price-sales","18":"product_tag-minimum-order-quantity-50pcs","19":"product_tag-moq-50pcs","20":"product_tag-rechargeable-vape","21":"product_tag-vape-wholesasle-price","22":"desktop-align-left","23":"tablet-align-left","24":"mobile-align-left","26":"first","27":"instock","28":"sale","29":"shipping-taxable","30":"purchasable","31":"product-type-simple"},"yoast_head":"<!-- This site is optimized with the Yoast SEO plugin v23.0 - https:\/\/yoast.com\/wordpress\/plugins\/seo\/ -->\n<title>BangBox Tornado 12000 Puffs Discount Price Vape Bulk Sale - rmvapebang.com<\/title>\n<meta name=\"description\" content=\"Bang Box 15K Puffs bulk Price,2% and 5% nicotine,12 flavors to choose. Contact now to get Wholesale Price! min order is 50pcs.\" \/>\n<meta name=\"robots\" content=\"index, follow, max-snippet:-1, max-image-preview:large, max-video-preview:-1\" \/>\n<link rel=\"canonical\" href=\"https:\/\/rmvapebang.com\/es\/product\/bangbox-tornado-12000-puffs-discount-price-vape-bulk-sale\/\" \/>\n<meta property=\"og:locale\" content=\"es_ES\" \/>\n<meta property=\"og:type\" content=\"article\" \/>\n<meta property=\"og:title\" content=\"BangBox Tornado 12000 Puffs Discount Price Vape Bulk Sale - rmvapebang.com\" \/>\n<meta property=\"og:description\" content=\"Bang Box 15K Puffs bulk Price,2% and 5% nicotine,12 flavors to choose. Contact now to get Wholesale Price! min order is 50pcs.\" \/>\n<meta property=\"og:url\" content=\"https:\/\/rmvapebang.com\/es\/product\/bangbox-tornado-12000-puffs-discount-price-vape-bulk-sale\/\" \/>\n<meta property=\"og:site_name\" content=\"rmvapebang.com\" \/>\n<meta property=\"article:modified_time\" content=\"2024-12-14T04:53:19+00:00\" \/>\n<meta property=\"og:image\" content=\"https:\/\/rmvapebang.com\/wp-content\/uploads\/2024\/08\/Bangbox-tornado-vape-12000-puffs-discount-sale-price.png\" \/>\n\t<meta property=\"og:image:width\" content=\"855\" \/>\n\t<meta property=\"og:image:height\" content=\"853\" \/>\n\t<meta property=\"og:image:type\" content=\"image\/png\" \/>\n<meta name=\"twitter:card\" content=\"summary_large_image\" \/>\n<meta name=\"twitter:label1\" content=\"Tiempo de lectura\" \/>\n\t<meta name=\"twitter:data1\" content=\"3 minutos\" \/>\n<script type=\"application\/ld+json\" class=\"yoast-schema-graph\">{\"@context\":\"https:\/\/schema.org\",\"@graph\":[{\"@type\":\"WebPage\",\"@id\":\"https:\/\/rmvapebang.com\/product\/bangbox-tornado-12000-puffs-discount-price-vape-bulk-sale\/\",\"url\":\"https:\/\/rmvapebang.com\/product\/bangbox-tornado-12000-puffs-discount-price-vape-bulk-sale\/\",\"name\":\"BangBox Tornado 12000 Puffs Discount Price Vape Bulk Sale - rmvapebang.com\",\"isPartOf\":{\"@id\":\"https:\/\/rmvapebang.com\/#website\"},\"primaryImageOfPage\":{\"@id\":\"https:\/\/rmvapebang.com\/product\/bangbox-tornado-12000-puffs-discount-price-vape-bulk-sale\/#primaryimage\"},\"image\":{\"@id\":\"https:\/\/rmvapebang.com\/product\/bangbox-tornado-12000-puffs-discount-price-vape-bulk-sale\/#primaryimage\"},\"thumbnailUrl\":\"https:\/\/rmvapebang.com\/wp-content\/uploads\/2024\/08\/Bangbox-tornado-vape-12000-puffs-discount-sale-price.png\",\"datePublished\":\"2024-08-23T02:28:22+00:00\",\"dateModified\":\"2024-12-14T04:53:19+00:00\",\"description\":\"Bang Box 15K Puffs bulk Price,2% and 5% nicotine,12 flavors to choose. Contact now to get Wholesale Price! min order is 50pcs.\",\"breadcrumb\":{\"@id\":\"https:\/\/rmvapebang.com\/product\/bangbox-tornado-12000-puffs-discount-price-vape-bulk-sale\/#breadcrumb\"},\"inLanguage\":\"es\",\"potentialAction\":[{\"@type\":\"ReadAction\",\"target\":[\"https:\/\/rmvapebang.com\/product\/bangbox-tornado-12000-puffs-discount-price-vape-bulk-sale\/\"]}]},{\"@type\":\"ImageObject\",\"inLanguage\":\"es\",\"@id\":\"https:\/\/rmvapebang.com\/product\/bangbox-tornado-12000-puffs-discount-price-vape-bulk-sale\/#primaryimage\",\"url\":\"https:\/\/rmvapebang.com\/wp-content\/uploads\/2024\/08\/Bangbox-tornado-vape-12000-puffs-discount-sale-price.png\",\"contentUrl\":\"https:\/\/rmvapebang.com\/wp-content\/uploads\/2024\/08\/Bangbox-tornado-vape-12000-puffs-discount-sale-price.png\",\"width\":855,\"height\":853,\"caption\":\"Bangbox tornado vape 12000 puffs discount sale price\"},{\"@type\":\"BreadcrumbList\",\"@id\":\"https:\/\/rmvapebang.com\/product\/bangbox-tornado-12000-puffs-discount-price-vape-bulk-sale\/#breadcrumb\",\"itemListElement\":[{\"@type\":\"ListItem\",\"position\":1,\"name\":\"Home\",\"item\":\"https:\/\/rmvapebang.com\/\"},{\"@type\":\"ListItem\",\"position\":2,\"name\":\"Hot Vape Shop\",\"item\":\"https:\/\/rmvapebang.com\/shop-page\/\"},{\"@type\":\"ListItem\",\"position\":3,\"name\":\"BangBox Tornado 12000 Puffs Discount Price Vape Bulk Sale\"}]},{\"@type\":\"WebSite\",\"@id\":\"https:\/\/rmvapebang.com\/#website\",\"url\":\"https:\/\/rmvapebang.com\/\",\"name\":\"rmvapebang.com\",\"description\":\"buy vape cheap\",\"publisher\":{\"@id\":\"https:\/\/rmvapebang.com\/#organization\"},\"potentialAction\":[{\"@type\":\"SearchAction\",\"target\":{\"@type\":\"EntryPoint\",\"urlTemplate\":\"https:\/\/rmvapebang.com\/?s={search_term_string}\"},\"query-input\":\"required name=search_term_string\"}],\"inLanguage\":\"es\"},{\"@type\":\"Organization\",\"@id\":\"https:\/\/rmvapebang.com\/#organization\",\"name\":\"rmvapebang.com\",\"url\":\"https:\/\/rmvapebang.com\/\",\"logo\":{\"@type\":\"ImageObject\",\"inLanguage\":\"es\",\"@id\":\"https:\/\/rmvapebang.com\/#\/schema\/logo\/image\/\",\"url\":\"https:\/\/rmvapebang.com\/wp-content\/uploads\/2024\/03\/cropped-RVBlogo.png\",\"contentUrl\":\"https:\/\/rmvapebang.com\/wp-content\/uploads\/2024\/03\/cropped-RVBlogo.png\",\"width\":507,\"height\":169,\"caption\":\"rmvapebang.com\"},\"image\":{\"@id\":\"https:\/\/rmvapebang.com\/#\/schema\/logo\/image\/\"}}]}<\/script>\n<!-- \/ Yoast SEO plugin. -->","yoast_head_json":{"title":"BangBox Tornado 12000 Puffs Discount Price Vape Bulk Sale - rmvapebang.com","description":"Bang Box 15K Puffs bulk Price,2% and 5% nicotine,12 flavors to choose. Contact now to get Wholesale Price! min order is 50pcs.","robots":{"index":"index","follow":"follow","max-snippet":"max-snippet:-1","max-image-preview":"max-image-preview:large","max-video-preview":"max-video-preview:-1"},"canonical":"https:\/\/rmvapebang.com\/es\/product\/bangbox-tornado-12000-puffs-discount-price-vape-bulk-sale\/","og_locale":"es_ES","og_type":"article","og_title":"BangBox Tornado 12000 Puffs Discount Price Vape Bulk Sale - rmvapebang.com","og_description":"Bang Box 15K Puffs bulk Price,2% and 5% nicotine,12 flavors to choose. Contact now to get Wholesale Price! min order is 50pcs.","og_url":"https:\/\/rmvapebang.com\/es\/product\/bangbox-tornado-12000-puffs-discount-price-vape-bulk-sale\/","og_site_name":"rmvapebang.com","article_modified_time":"2024-12-14T04:53:19+00:00","og_image":[{"width":855,"height":853,"url":"https:\/\/rmvapebang.com\/wp-content\/uploads\/2024\/08\/Bangbox-tornado-vape-12000-puffs-discount-sale-price.png","type":"image\/png"}],"twitter_card":"summary_large_image","twitter_misc":{"Tiempo de lectura":"3 minutos"},"schema":{"@context":"https:\/\/schema.org","@graph":[{"@type":"WebPage","@id":"https:\/\/rmvapebang.com\/product\/bangbox-tornado-12000-puffs-discount-price-vape-bulk-sale\/","url":"https:\/\/rmvapebang.com\/product\/bangbox-tornado-12000-puffs-discount-price-vape-bulk-sale\/","name":"BangBox Tornado 12000 Puffs Discount Price Vape Bulk Sale - rmvapebang.com","isPartOf":{"@id":"https:\/\/rmvapebang.com\/#website"},"primaryImageOfPage":{"@id":"https:\/\/rmvapebang.com\/product\/bangbox-tornado-12000-puffs-discount-price-vape-bulk-sale\/#primaryimage"},"image":{"@id":"https:\/\/rmvapebang.com\/product\/bangbox-tornado-12000-puffs-discount-price-vape-bulk-sale\/#primaryimage"},"thumbnailUrl":"https:\/\/rmvapebang.com\/wp-content\/uploads\/2024\/08\/Bangbox-tornado-vape-12000-puffs-discount-sale-price.png","datePublished":"2024-08-23T02:28:22+00:00","dateModified":"2024-12-14T04:53:19+00:00","description":"Bang Box 15K Puffs bulk Price,2% and 5% nicotine,12 flavors to choose. Contact now to get Wholesale Price! min order is 50pcs.","breadcrumb":{"@id":"https:\/\/rmvapebang.com\/product\/bangbox-tornado-12000-puffs-discount-price-vape-bulk-sale\/#breadcrumb"},"inLanguage":"es","potentialAction":[{"@type":"ReadAction","target":["https:\/\/rmvapebang.com\/product\/bangbox-tornado-12000-puffs-discount-price-vape-bulk-sale\/"]}]},{"@type":"ImageObject","inLanguage":"es","@id":"https:\/\/rmvapebang.com\/product\/bangbox-tornado-12000-puffs-discount-price-vape-bulk-sale\/#primaryimage","url":"https:\/\/rmvapebang.com\/wp-content\/uploads\/2024\/08\/Bangbox-tornado-vape-12000-puffs-discount-sale-price.png","contentUrl":"https:\/\/rmvapebang.com\/wp-content\/uploads\/2024\/08\/Bangbox-tornado-vape-12000-puffs-discount-sale-price.png","width":855,"height":853,"caption":"Bangbox tornado vape 12000 puffs discount sale price"},{"@type":"BreadcrumbList","@id":"https:\/\/rmvapebang.com\/product\/bangbox-tornado-12000-puffs-discount-price-vape-bulk-sale\/#breadcrumb","itemListElement":[{"@type":"ListItem","position":1,"name":"Home","item":"https:\/\/rmvapebang.com\/"},{"@type":"ListItem","position":2,"name":"Hot Vape Shop","item":"https:\/\/rmvapebang.com\/shop-page\/"},{"@type":"ListItem","position":3,"name":"BangBox Tornado 12000 Puffs Discount Price Vape Bulk Sale"}]},{"@type":"WebSite","@id":"https:\/\/rmvapebang.com\/#website","url":"https:\/\/rmvapebang.com\/","name":"rmvapebang.com","description":"buy vape cheap","publisher":{"@id":"https:\/\/rmvapebang.com\/#organization"},"potentialAction":[{"@type":"SearchAction","target":{"@type":"EntryPoint","urlTemplate":"https:\/\/rmvapebang.com\/?s={search_term_string}"},"query-input":"required name=search_term_string"}],"inLanguage":"es"},{"@type":"Organization","@id":"https:\/\/rmvapebang.com\/#organization","name":"rmvapebang.com","url":"https:\/\/rmvapebang.com\/","logo":{"@type":"ImageObject","inLanguage":"es","@id":"https:\/\/rmvapebang.com\/#\/schema\/logo\/image\/","url":"https:\/\/rmvapebang.com\/wp-content\/uploads\/2024\/03\/cropped-RVBlogo.png","contentUrl":"https:\/\/rmvapebang.com\/wp-content\/uploads\/2024\/03\/cropped-RVBlogo.png","width":507,"height":169,"caption":"rmvapebang.com"},"image":{"@id":"https:\/\/rmvapebang.com\/#\/schema\/logo\/image\/"}}]}},"uagb_featured_image_src":{"full":["https:\/\/rmvapebang.com\/wp-content\/uploads\/2024\/08\/Bangbox-tornado-vape-12000-puffs-discount-sale-price.png",855,853,false],"thumbnail":["https:\/\/rmvapebang.com\/wp-content\/uploads\/2024\/08\/Bangbox-tornado-vape-12000-puffs-discount-sale-price-150x150.png",150,150,true],"medium":["https:\/\/rmvapebang.com\/wp-content\/uploads\/2024\/08\/Bangbox-tornado-vape-12000-puffs-discount-sale-price-300x300.png",300,300,true],"medium_large":["https:\/\/rmvapebang.com\/wp-content\/uploads\/2024\/08\/Bangbox-tornado-vape-12000-puffs-discount-sale-price-768x766.png",768,766,true],"large":["https:\/\/rmvapebang.com\/wp-content\/uploads\/2024\/08\/Bangbox-tornado-vape-12000-puffs-discount-sale-price.png",855,853,false],"1536x1536":["https:\/\/rmvapebang.com\/wp-content\/uploads\/2024\/08\/Bangbox-tornado-vape-12000-puffs-discount-sale-price.png",855,853,false],"2048x2048":["https:\/\/rmvapebang.com\/wp-content\/uploads\/2024\/08\/Bangbox-tornado-vape-12000-puffs-discount-sale-price.png",855,853,false],"trp-custom-language-flag":["https:\/\/rmvapebang.com\/wp-content\/uploads\/2024\/08\/Bangbox-tornado-vape-12000-puffs-discount-sale-price.png",12,12,false],"woocommerce_thumbnail":["https:\/\/rmvapebang.com\/wp-content\/uploads\/2024\/08\/Bangbox-tornado-vape-12000-puffs-discount-sale-price-300x300.png",300,300,true],"woocommerce_single":["https:\/\/rmvapebang.com\/wp-content\/uploads\/2024\/08\/Bangbox-tornado-vape-12000-puffs-discount-sale-price-600x599.png",600,599,true],"woocommerce_gallery_thumbnail":["https:\/\/rmvapebang.com\/wp-content\/uploads\/2024\/08\/Bangbox-tornado-vape-12000-puffs-discount-sale-price-100x100.png",100,100,true],"wcpr-photo-reviews":["https:\/\/rmvapebang.com\/wp-content\/uploads\/2024\/08\/Bangbox-tornado-vape-12000-puffs-discount-sale-price.png",500,500,false]},"uagb_author_info":{"display_name":"Lyn","author_link":"https:\/\/rmvapebang.com\/es\/author\/"},"uagb_comment_info":0,"uagb_excerpt":"Bang Box tornado vape 12000 Puffs Wholesale Price Vape Rechargeable. 12K tornado of BangBox vape is a high-capacity rechargeable vape device offering 12000 puffs with 12 flavors and 2%\/5% nicotine levels. Whatsapp:+86 17840853976 Scan on whatsapp for New Client coupon","_links":{"self":[{"href":"https:\/\/rmvapebang.com\/es\/wp-json\/wp\/v2\/product\/2879","targetHints":{"allow":["GET"]}}],"collection":[{"href":"https:\/\/rmvapebang.com\/es\/wp-json\/wp\/v2\/product"}],"about":[{"href":"https:\/\/rmvapebang.com\/es\/wp-json\/wp\/v2\/types\/product"}],"replies":[{"embeddable":true,"href":"https:\/\/rmvapebang.com\/es\/wp-json\/wp\/v2\/comments?post=2879"}],"wp:featuredmedia":[{"embeddable":true,"href":"https:\/\/rmvapebang.com\/es\/wp-json\/wp\/v2\/media\/2874"}],"wp:attachment":[{"href":"https:\/\/rmvapebang.com\/es\/wp-json\/wp\/v2\/media?parent=2879"}],"wp:term":[{"taxonomy":"product_brand","embeddable":true,"href":"https:\/\/rmvapebang.com\/es\/wp-json\/wp\/v2\/product_brand?post=2879"},{"taxonomy":"product_cat","embeddable":true,"href":"https:\/\/rmvapebang.com\/es\/wp-json\/wp\/v2\/product_cat?post=2879"},{"taxonomy":"product_tag","embeddable":true,"href":"https:\/\/rmvapebang.com\/es\/wp-json\/wp\/v2\/product_tag?post=2879"}],"curies":[{"name":"wp","href":"https:\/\/api.w.org\/{rel}","templated":true}]}}