{"id":5867,"date":"2026-04-01T16:41:34","date_gmt":"2026-04-01T08:41:34","guid":{"rendered":"https:\/\/rmvapebang.com\/?post_type=product&#038;p=5867"},"modified":"2026-04-23T10:43:23","modified_gmt":"2026-04-23T02:43:23","slug":"mr-goodie-60k-puffs-disposable-vape-smart-screen-rechargeable-device","status":"publish","type":"product","link":"https:\/\/rmvapebang.com\/de\/product\/mr-goodie-60k-puffs-disposable-vape-smart-screen-rechargeable-device\/","title":{"rendered":"Mr Goodie 60K Z\u00fcge Einweg-Vape mit intelligentem Bildschirm, wiederaufladbares Ger\u00e4t"},"content":{"rendered":"<h2 style=\"text-align: left\">Mr Goodie 60K Z\u00fcge Einweg-Vape mit intelligentem Bildschirm, wiederaufladbares Ger\u00e4t<\/h2>\n<p>Mr Goodie 60K Puffs Einweg-Vape Smart Screen Wiederaufladbares Ger\u00e4t mit einer Kapazit\u00e4t von 60000 Z\u00fcgen, 60k Z\u00fcge unterst\u00fctzen l\u00e4ngeren t\u00e4glichen Gebrauch ohne h\u00e4ufigen Austausch.<\/p>\n<p>Der <a href=\"https:\/\/rmvapebang.com\/de\/produkt-kategorie\/mr-goodie-vapes\/\"><em><strong>Mr Goodie Vape<\/strong><\/em><\/a> Ger\u00e4tespezifikation: <a href=\"https:\/\/rmvapebang.com\/de\/produkt-kategorie\/smart-display\/\"><em><strong>Smart-Display<\/strong> <\/em><\/a>und wiederaufladbare 850mAh Batterie, au\u00dferdem mit Type-C-Ladung f\u00fcr Komfort. Doppel-Mesh-Spulen sorgen f\u00fcr sanften Dampf und gleichbleibenden Geschmack. Einstellbare Luftzufuhr und 2 Modi in 1 (Soft &amp; Boost) erm\u00f6glichen flexiblen Dampfkontrolle.<\/p>\n<p>Diese <a href=\"https:\/\/rmvapebang.com\/de\/produkt-kategorie\/vape-60000-puffs\/\"><em><strong>Einweg-Vape 60.000 Z\u00fcge<\/strong><\/em><\/a> passt gut f\u00fcr Nutzer, die nach einem Einweg-Vape mit hoher Zugzahl, wiederaufladbarem Vape mit Bildschirm und langlebigem Ger\u00e4t f\u00fcr den t\u00e4glichen Gebrauch auf dem europ\u00e4ischen Markt suchen.<\/p>\n<figure id=\"attachment_5863\" aria-describedby=\"caption-attachment-5863\" style=\"width: 800px\" class=\"wp-caption alignnone\"><img loading=\"lazy\" decoding=\"async\" class=\"wp-image-5863 size-full\" src=\"http:\/\/rmvapebang.com\/wp-content\/uploads\/2026\/03\/Stable-Single-Flavor-E-liquid-System-in-60K-Puffs-Vape.webp\" alt=\"Mr. Goodie 60000 Z\u00fcge Einweg Vape mit Einzelsorte E-Liquid-System\" width=\"800\" height=\"800\" srcset=\"https:\/\/rmvapebang.com\/wp-content\/uploads\/2026\/03\/Stable-Single-Flavor-E-liquid-System-in-60K-Puffs-Vape.webp 800w, https:\/\/rmvapebang.com\/wp-content\/uploads\/2026\/03\/Stable-Single-Flavor-E-liquid-System-in-60K-Puffs-Vape-300x300.webp 300w, https:\/\/rmvapebang.com\/wp-content\/uploads\/2026\/03\/Stable-Single-Flavor-E-liquid-System-in-60K-Puffs-Vape-150x150.webp 150w, https:\/\/rmvapebang.com\/wp-content\/uploads\/2026\/03\/Stable-Single-Flavor-E-liquid-System-in-60K-Puffs-Vape-768x768.webp 768w, https:\/\/rmvapebang.com\/wp-content\/uploads\/2026\/03\/Stable-Single-Flavor-E-liquid-System-in-60K-Puffs-Vape-12x12.webp 12w, https:\/\/rmvapebang.com\/wp-content\/uploads\/2026\/03\/Stable-Single-Flavor-E-liquid-System-in-60K-Puffs-Vape-600x600.webp 600w, https:\/\/rmvapebang.com\/wp-content\/uploads\/2026\/03\/Stable-Single-Flavor-E-liquid-System-in-60K-Puffs-Vape-100x100.webp 100w\" sizes=\"auto, (max-width: 800px) 100vw, 800px\" \/><figcaption id=\"caption-attachment-5863\" class=\"wp-caption-text\">Entwickelt mit einem Single-Flavor-Tank-System, um durchgehend gleichbleibenden Geschmack und sanften Dampf w\u00e4hrend der Nutzung zu gew\u00e4hrleisten.<\/figcaption><\/figure>\n<h2><strong>Geschmackslisten f\u00fcr Mr.Goodie 2-Modi-Vape<\/strong><\/h2>\n<p>1. Erdbeere Kiwi<br \/>\n2. Traube Kaugummi<br \/>\n3. Kirsch-Cola<br \/>\n4. Gr\u00fcner Apfel Traube<br \/>\n5. Saure Gummib\u00e4rchen<br \/>\n6. Doppel Mango<br \/>\n7. Blaue Razz<br \/>\n8. Wassermeloneneis<br \/>\n9. Erdbeer-Limonade Eis<br \/>\n10. Honigmelone Eis<br \/>\n11. Miami Minze<br \/>\n12. Pfirsich Limette<\/p>\n<h2>Wichtige Merkmale des Mr Goodie 60K Puffs Einweg-Vape<\/h2>\n<ul>\n<li>\ud83d\udd0b 850mAh Akku \u2013 Langanhaltende Power f\u00fcr ausgedehnte Dampfsitzungen<\/li>\n<li>\ud83d\udca8 60000 Z\u00fcge Kapazit\u00e4t \u2013 Hochzug-Disposable-Vape f\u00fcr lange Nutzung<\/li>\n<li>\ud83e\uddf4 20ML E-Liquid \u2013 Gro\u00dfe Kapazit\u00e4t f\u00fcr stabile Geschmacksabgabe<\/li>\n<li>\u2699\ufe0f Dual Mesh-Coils \u2013 Sanfter Dampf und verbesserte Geschmacksstabilit\u00e4t<\/li>\n<li>\ud83d\udcca Intelligentes Bildschirm-Display \u2013 Batteriestatus und Zugz\u00e4hlung in Echtzeit<\/li>\n<li>\ud83d\udd0c Type-C-Ladeanschluss \u2013 Schnelles und stabiles wiederaufladbares System<\/li>\n<li>\ud83c\udf2c\ufe0f Einstellbare Luftzufuhr \u2013 Anpassbarer Zugwiderstand<\/li>\n<li>\u26a1 2 Modi (Soft &amp; Boost) \u2013 Flexibler Dampfst\u00e4rkeregler<\/li>\n<\/ul>\n<h2>Warum den Mr Goodie 60K Einstellbare Luftzufuhr Vape w\u00e4hlen<\/h2>\n<ul>\n<li>Langanhaltende 60000 Z\u00fcge reduzieren die Kosten f\u00fcr h\u00e4ufigen Austausch<\/li>\n<li>Das intelligente Display hilft, die Nutzung in Echtzeit klar zu \u00fcberwachen<\/li>\n<li>Dual Mesh-Coil sorgt f\u00fcr stabilen Dampf und sanfte Geschmacksabgabe<\/li>\n<li>Wiederaufladbares Design unterst\u00fctzt kontinuierlichen t\u00e4glichen Gebrauch<\/li>\n<\/ul>\n<h2>FAQ \u2013 Mr Goodie Stabiler Geschmacksger\u00e4t 60K Z\u00fcge Einweg-Vape<\/h2>\n<p><strong>Q1: Wie lange h\u00e4lt 60000 Z\u00fcge?<\/strong><br \/>\nA: Je nach Dampfer kann der Mr Goodie 60k bei regelm\u00e4\u00dfigem Dampfen mehrere Wochen halten.<\/p>\n<p><strong>Q2: Unterst\u00fctzt das Ger\u00e4t das Aufladen?<\/strong><br \/>\nA: Ja, 60 Z\u00fcge Vape verwendet eine wiederaufladbare Type-C 850mAh Batterie.<\/p>\n<p><strong>Q3: Was zeigt das intelligente Display an?<\/strong><br \/>\nA: Dual-Modus 60k Vape zeigt Batteriestand und Zugverbrauchsstatus deutlich an.<\/p>\n<p><strong>Q4: Kann die Luftzufuhr bei Einweg-Mr.Goodie 60k Vape angepasst werden?<\/strong><br \/>\nA: Ja, einstellbare Luftzufuhr erm\u00f6glicht ein personalisierteres Dampferlebnis.<\/p>\n<p><strong>Kontaktieren Sie Lyn f\u00fcr weitere Produktvideos!<\/strong><\/p>\n<p><a href=\"https:\/\/wa.me\/8617840853976\"><span style=\"color: #ff6600\"><strong><em>Whatsapp:+86 17840853976<\/em><\/strong><\/span><\/a><\/p>\n<p><img loading=\"lazy\" decoding=\"async\" class=\"alignnone size-medium wp-image-1905\" src=\"http:\/\/rmvapebang.com\/wp-content\/uploads\/2024\/03\/whatsapp-vape-2-202x300.jpg\" alt=\"\" width=\"202\" height=\"300\" \/><\/p>\n<p>Finden Sie weitere Produkte, die Ihnen gefallen k\u00f6nnten:<a href=\"https:\/\/rmvapebang.com\/de\/shop-page\/\"><strong><em>Jetzt einkaufen<\/em><\/strong><\/a><\/p>","protected":false},"excerpt":{"rendered":"<p class=\"\" data-start=\"1244\" data-end=\"1417\"><span style=\"color: #ff0000\"><em><strong>HINWEIS<\/strong>: Die Preise auf der Website enthalten keine Versandkosten. Bitte senden Sie uns Ihre Postleitzahl und Adresse, damit wir die Versandkosten f\u00fcr Sie \u00fcberpr\u00fcfen k\u00f6nnen.<\/em><\/span><br \/>\nMr Goodie 60K Puffs Einweg-Vape liefert stabilen Geschmack, intelligente Bildschirm\u00fcberwachung und wiederaufladbares Type-C-Design. Mit Doppel-Mesh-Spulen f\u00fcr sanften Dampf und gleichbleibende Leistung, ideal f\u00fcr langlebigen t\u00e4glichen Gebrauch auf dem europ\u00e4ischen Erwachsenen-Vape-Markt.<\/p>\n<p><a href=\"https:\/\/wa.me\/8617840853976\"><strong><em>Whatsapp:+86 17840853976<\/em><\/strong><\/a><\/p>\n<p>F\u00fcr einen Neukunden-Coupon auf WhatsApp scannen<\/p>\n<p><img loading=\"lazy\" decoding=\"async\" class=\"alignnone size-medium wp-image-1905\" src=\"http:\/\/rmvapebang.com\/wp-content\/uploads\/2024\/03\/whatsapp-vape-2-202x300.jpg\" alt=\"\" width=\"202\" height=\"300\" \/><\/p>","protected":false},"featured_media":5862,"comment_status":"open","ping_status":"closed","template":"","meta":{"_uag_custom_page_level_css":"","_lmt_disableupdate":"no","_lmt_disable":"","site-sidebar-layout":"no-sidebar","site-content-layout":"boxed-container","ast-site-content-layout":"normal-width-container","site-content-style":"boxed","site-sidebar-style":"boxed","ast-global-header-display":"","ast-banner-title-visibility":"","ast-main-header-display":"","ast-hfb-above-header-display":"","ast-hfb-below-header-display":"","ast-hfb-mobile-header-display":"","site-post-title":"","ast-breadcrumbs-content":"","ast-featured-img":"","footer-sml-layout":"","ast-disable-related-posts":"","theme-transparent-header-meta":"default","adv-header-id-meta":"","stick-header-meta":"","header-above-stick-meta":"","header-main-stick-meta":"","header-below-stick-meta":"","astra-migrate-meta-layouts":"set","ast-page-background-enabled":"default","ast-page-background-meta":{"desktop":{"background-color":"","background-image":"","background-repeat":"repeat","background-position":"center center","background-size":"auto","background-attachment":"scroll","background-type":"","background-media":"","overlay-type":"","overlay-color":"","overlay-opacity":"","overlay-gradient":""},"tablet":{"background-color":"","background-image":"","background-repeat":"repeat","background-position":"center center","background-size":"auto","background-attachment":"scroll","background-type":"","background-media":"","overlay-type":"","overlay-color":"","overlay-opacity":"","overlay-gradient":""},"mobile":{"background-color":"","background-image":"","background-repeat":"repeat","background-position":"center center","background-size":"auto","background-attachment":"scroll","background-type":"","background-media":"","overlay-type":"","overlay-color":"","overlay-opacity":"","overlay-gradient":""}},"ast-content-background-meta":{"desktop":{"background-color":"var(--ast-global-color-4)","background-image":"","background-repeat":"repeat","background-position":"center center","background-size":"auto","background-attachment":"scroll","background-type":"","background-media":"","overlay-type":"","overlay-color":"","overlay-opacity":"","overlay-gradient":""},"tablet":{"background-color":"var(--ast-global-color-4)","background-image":"","background-repeat":"repeat","background-position":"center center","background-size":"auto","background-attachment":"scroll","background-type":"","background-media":"","overlay-type":"","overlay-color":"","overlay-opacity":"","overlay-gradient":""},"mobile":{"background-color":"var(--ast-global-color-4)","background-image":"","background-repeat":"repeat","background-position":"center center","background-size":"auto","background-attachment":"scroll","background-type":"","background-media":"","overlay-type":"","overlay-color":"","overlay-opacity":"","overlay-gradient":""}},"_joinchat":[]},"product_brand":[],"product_cat":[130,39,185,41,42,40,179,43],"product_tag":[178,183,50,61,58,53,52],"class_list":{"0":"post-5867","1":"product","2":"type-product","3":"status-publish","4":"has-post-thumbnail","6":"product_cat-digital-vapes-in-discount-price","7":"product_cat-france-wholesale-vape","8":"product_cat-mr-goodie-vapes","9":"product_cat-netherlands-wholesale-vape","10":"product_cat-spain-wholesale-vape","11":"product_cat-germany-wholesale-vape","12":"product_cat-vape-60000-puffs","13":"product_cat-vape-shop","14":"product_tag-60000-puffs","15":"product_tag-60k-puffs","16":"product_tag-bulk-price-vape-shop","17":"product_tag-good-sales-vape","18":"product_tag-moq-50pcs","19":"product_tag-rechargeable-vape","20":"product_tag-vape-wholesasle-price","21":"desktop-align-left","22":"tablet-align-left","23":"mobile-align-left","25":"first","26":"instock","27":"sale","28":"shipping-taxable","29":"purchasable","30":"product-type-simple"},"yoast_head":"<!-- This site is optimized with the Yoast SEO plugin v27.4 - https:\/\/yoast.com\/product\/yoast-seo-wordpress\/ -->\n<title>Mr Goodie 60K Puffs Disposable Vape Smart Screen Rechargeable Device - rmvapebang.com<\/title>\n<meta name=\"description\" content=\"Mr Goodie 60K Puffs vape with smart screen, rechargeable battery, dual mesh coils, long-lasting smooth vaping performance.\" \/>\n<meta name=\"robots\" content=\"index, follow, max-snippet:-1, max-image-preview:large, max-video-preview:-1\" \/>\n<link rel=\"canonical\" href=\"https:\/\/rmvapebang.com\/de\/produkt\/mr-goodie-60k-puffs-disposable-vape-smart-screen-rechargeable-device\/\" \/>\n<meta property=\"og:locale\" content=\"de_DE\" \/>\n<meta property=\"og:type\" content=\"article\" \/>\n<meta property=\"og:title\" content=\"Mr Goodie 60K Puffs Disposable Vape Smart Screen Rechargeable Device - rmvapebang.com\" \/>\n<meta property=\"og:description\" content=\"Mr Goodie 60K Puffs vape with smart screen, rechargeable battery, dual mesh coils, long-lasting smooth vaping performance.\" \/>\n<meta property=\"og:url\" content=\"https:\/\/rmvapebang.com\/de\/produkt\/mr-goodie-60k-puffs-disposable-vape-smart-screen-rechargeable-device\/\" \/>\n<meta property=\"og:site_name\" content=\"rmvapebang.com\" \/>\n<meta property=\"article:modified_time\" content=\"2026-04-23T02:43:23+00:00\" \/>\n<meta property=\"og:image\" content=\"http:\/\/rmvapebang.com\/wp-content\/uploads\/2026\/03\/Smooth-Adjustable-Airflow-for-Better-Vaping-Experience.webp\" \/>\n\t<meta property=\"og:image:width\" content=\"800\" \/>\n\t<meta property=\"og:image:height\" content=\"800\" \/>\n\t<meta property=\"og:image:type\" content=\"image\/webp\" \/>\n<meta name=\"twitter:card\" content=\"summary_large_image\" \/>\n<meta name=\"twitter:label1\" content=\"Gesch\u00e4tzte Lesezeit\" \/>\n\t<meta name=\"twitter:data1\" content=\"3\u00a0Minuten\" \/>\n<script type=\"application\/ld+json\" class=\"yoast-schema-graph\">{\"@context\":\"https:\\\/\\\/schema.org\",\"@graph\":[{\"@type\":\"WebPage\",\"@id\":\"https:\\\/\\\/rmvapebang.com\\\/product\\\/mr-goodie-60k-puffs-disposable-vape-smart-screen-rechargeable-device\\\/\",\"url\":\"https:\\\/\\\/rmvapebang.com\\\/product\\\/mr-goodie-60k-puffs-disposable-vape-smart-screen-rechargeable-device\\\/\",\"name\":\"Mr Goodie 60K Puffs Disposable Vape Smart Screen Rechargeable Device - rmvapebang.com\",\"isPartOf\":{\"@id\":\"https:\\\/\\\/rmvapebang.com\\\/#website\"},\"primaryImageOfPage\":{\"@id\":\"https:\\\/\\\/rmvapebang.com\\\/product\\\/mr-goodie-60k-puffs-disposable-vape-smart-screen-rechargeable-device\\\/#primaryimage\"},\"image\":{\"@id\":\"https:\\\/\\\/rmvapebang.com\\\/product\\\/mr-goodie-60k-puffs-disposable-vape-smart-screen-rechargeable-device\\\/#primaryimage\"},\"thumbnailUrl\":\"https:\\\/\\\/rmvapebang.com\\\/wp-content\\\/uploads\\\/2026\\\/03\\\/Smooth-Adjustable-Airflow-for-Better-Vaping-Experience.webp\",\"datePublished\":\"2026-04-01T08:41:34+00:00\",\"dateModified\":\"2026-04-23T02:43:23+00:00\",\"description\":\"Mr Goodie 60K Puffs vape with smart screen, rechargeable battery, dual mesh coils, long-lasting smooth vaping performance.\",\"breadcrumb\":{\"@id\":\"https:\\\/\\\/rmvapebang.com\\\/product\\\/mr-goodie-60k-puffs-disposable-vape-smart-screen-rechargeable-device\\\/#breadcrumb\"},\"inLanguage\":\"de\",\"potentialAction\":[{\"@type\":\"ReadAction\",\"target\":[\"https:\\\/\\\/rmvapebang.com\\\/product\\\/mr-goodie-60k-puffs-disposable-vape-smart-screen-rechargeable-device\\\/\"]}]},{\"@type\":\"ImageObject\",\"inLanguage\":\"de\",\"@id\":\"https:\\\/\\\/rmvapebang.com\\\/product\\\/mr-goodie-60k-puffs-disposable-vape-smart-screen-rechargeable-device\\\/#primaryimage\",\"url\":\"https:\\\/\\\/rmvapebang.com\\\/wp-content\\\/uploads\\\/2026\\\/03\\\/Smooth-Adjustable-Airflow-for-Better-Vaping-Experience.webp\",\"contentUrl\":\"https:\\\/\\\/rmvapebang.com\\\/wp-content\\\/uploads\\\/2026\\\/03\\\/Smooth-Adjustable-Airflow-for-Better-Vaping-Experience.webp\",\"width\":800,\"height\":800,\"caption\":\"Optimized airflow system delivers smooth draw and stable vapor output for daily use.\"},{\"@type\":\"BreadcrumbList\",\"@id\":\"https:\\\/\\\/rmvapebang.com\\\/product\\\/mr-goodie-60k-puffs-disposable-vape-smart-screen-rechargeable-device\\\/#breadcrumb\",\"itemListElement\":[{\"@type\":\"ListItem\",\"position\":1,\"name\":\"Home\",\"item\":\"https:\\\/\\\/rmvapebang.com\\\/\"},{\"@type\":\"ListItem\",\"position\":2,\"name\":\"Hot Vape Shop\",\"item\":\"https:\\\/\\\/rmvapebang.com\\\/shop-page\\\/\"},{\"@type\":\"ListItem\",\"position\":3,\"name\":\"Mr Goodie 60K Puffs Disposable Vape Smart Screen Rechargeable Device\"}]},{\"@type\":\"WebSite\",\"@id\":\"https:\\\/\\\/rmvapebang.com\\\/#website\",\"url\":\"https:\\\/\\\/rmvapebang.com\\\/\",\"name\":\"rmvapebang.com\",\"description\":\"buy vape cheap\",\"publisher\":{\"@id\":\"https:\\\/\\\/rmvapebang.com\\\/#organization\"},\"potentialAction\":[{\"@type\":\"SearchAction\",\"target\":{\"@type\":\"EntryPoint\",\"urlTemplate\":\"https:\\\/\\\/rmvapebang.com\\\/?s={search_term_string}\"},\"query-input\":{\"@type\":\"PropertyValueSpecification\",\"valueRequired\":true,\"valueName\":\"search_term_string\"}}],\"inLanguage\":\"de\"},{\"@type\":\"Organization\",\"@id\":\"https:\\\/\\\/rmvapebang.com\\\/#organization\",\"name\":\"rmvapebang.com\",\"url\":\"https:\\\/\\\/rmvapebang.com\\\/\",\"logo\":{\"@type\":\"ImageObject\",\"inLanguage\":\"de\",\"@id\":\"https:\\\/\\\/rmvapebang.com\\\/#\\\/schema\\\/logo\\\/image\\\/\",\"url\":\"https:\\\/\\\/rmvapebang.com\\\/wp-content\\\/uploads\\\/2024\\\/03\\\/cropped-RVBlogo.png\",\"contentUrl\":\"https:\\\/\\\/rmvapebang.com\\\/wp-content\\\/uploads\\\/2024\\\/03\\\/cropped-RVBlogo.png\",\"width\":507,\"height\":169,\"caption\":\"rmvapebang.com\"},\"image\":{\"@id\":\"https:\\\/\\\/rmvapebang.com\\\/#\\\/schema\\\/logo\\\/image\\\/\"}}]}<\/script>\n<!-- \/ Yoast SEO plugin. -->","yoast_head_json":{"title":"Mr. Goodie 60K Z\u00fcge Einweg Vape Smart Screen wiederaufladbares Ger\u00e4t - rmvapebang.com","description":"Mr Goodie 60K Z\u00fcge Vape mit intelligentem Bildschirm, wiederaufladbarer Batterie, dualen Mesh-Spulen, langlebiger, sanfter Dampfleistung.","robots":{"index":"index","follow":"follow","max-snippet":"max-snippet:-1","max-image-preview":"max-image-preview:large","max-video-preview":"max-video-preview:-1"},"canonical":"https:\/\/rmvapebang.com\/de\/produkt\/mr-goodie-60k-puffs-disposable-vape-smart-screen-rechargeable-device\/","og_locale":"de_DE","og_type":"article","og_title":"Mr Goodie 60K Puffs Disposable Vape Smart Screen Rechargeable Device - rmvapebang.com","og_description":"Mr Goodie 60K Puffs vape with smart screen, rechargeable battery, dual mesh coils, long-lasting smooth vaping performance.","og_url":"https:\/\/rmvapebang.com\/de\/produkt\/mr-goodie-60k-puffs-disposable-vape-smart-screen-rechargeable-device\/","og_site_name":"rmvapebang.com","article_modified_time":"2026-04-23T02:43:23+00:00","og_image":[{"width":800,"height":800,"url":"http:\/\/rmvapebang.com\/wp-content\/uploads\/2026\/03\/Smooth-Adjustable-Airflow-for-Better-Vaping-Experience.webp","type":"image\/webp"}],"twitter_card":"summary_large_image","twitter_misc":{"Gesch\u00e4tzte Lesezeit":"3\u00a0Minuten"},"schema":{"@context":"https:\/\/schema.org","@graph":[{"@type":"WebPage","@id":"https:\/\/rmvapebang.com\/product\/mr-goodie-60k-puffs-disposable-vape-smart-screen-rechargeable-device\/","url":"https:\/\/rmvapebang.com\/product\/mr-goodie-60k-puffs-disposable-vape-smart-screen-rechargeable-device\/","name":"Mr. Goodie 60K Z\u00fcge Einweg Vape Smart Screen wiederaufladbares Ger\u00e4t - rmvapebang.com","isPartOf":{"@id":"https:\/\/rmvapebang.com\/#website"},"primaryImageOfPage":{"@id":"https:\/\/rmvapebang.com\/product\/mr-goodie-60k-puffs-disposable-vape-smart-screen-rechargeable-device\/#primaryimage"},"image":{"@id":"https:\/\/rmvapebang.com\/product\/mr-goodie-60k-puffs-disposable-vape-smart-screen-rechargeable-device\/#primaryimage"},"thumbnailUrl":"https:\/\/rmvapebang.com\/wp-content\/uploads\/2026\/03\/Smooth-Adjustable-Airflow-for-Better-Vaping-Experience.webp","datePublished":"2026-04-01T08:41:34+00:00","dateModified":"2026-04-23T02:43:23+00:00","description":"Mr Goodie 60K Z\u00fcge Vape mit intelligentem Bildschirm, wiederaufladbarer Batterie, dualen Mesh-Spulen, langlebiger, sanfter Dampfleistung.","breadcrumb":{"@id":"https:\/\/rmvapebang.com\/product\/mr-goodie-60k-puffs-disposable-vape-smart-screen-rechargeable-device\/#breadcrumb"},"inLanguage":"de","potentialAction":[{"@type":"ReadAction","target":["https:\/\/rmvapebang.com\/product\/mr-goodie-60k-puffs-disposable-vape-smart-screen-rechargeable-device\/"]}]},{"@type":"ImageObject","inLanguage":"de","@id":"https:\/\/rmvapebang.com\/product\/mr-goodie-60k-puffs-disposable-vape-smart-screen-rechargeable-device\/#primaryimage","url":"https:\/\/rmvapebang.com\/wp-content\/uploads\/2026\/03\/Smooth-Adjustable-Airflow-for-Better-Vaping-Experience.webp","contentUrl":"https:\/\/rmvapebang.com\/wp-content\/uploads\/2026\/03\/Smooth-Adjustable-Airflow-for-Better-Vaping-Experience.webp","width":800,"height":800,"caption":"Optimized airflow system delivers smooth draw and stable vapor output for daily use."},{"@type":"BreadcrumbList","@id":"https:\/\/rmvapebang.com\/product\/mr-goodie-60k-puffs-disposable-vape-smart-screen-rechargeable-device\/#breadcrumb","itemListElement":[{"@type":"ListItem","position":1,"name":"Home","item":"https:\/\/rmvapebang.com\/"},{"@type":"ListItem","position":2,"name":"Hot Vape Shop","item":"https:\/\/rmvapebang.com\/shop-page\/"},{"@type":"ListItem","position":3,"name":"Mr Goodie 60K Puffs Disposable Vape Smart Screen Rechargeable Device"}]},{"@type":"WebSite","@id":"https:\/\/rmvapebang.com\/#website","url":"https:\/\/rmvapebang.com\/","name":"rmvapebang.com","description":"Vape g\u00fcnstig kaufen","publisher":{"@id":"https:\/\/rmvapebang.com\/#organization"},"potentialAction":[{"@type":"SearchAction","target":{"@type":"EntryPoint","urlTemplate":"https:\/\/rmvapebang.com\/?s={search_term_string}"},"query-input":{"@type":"PropertyValueSpecification","valueRequired":true,"valueName":"search_term_string"}}],"inLanguage":"de"},{"@type":"Organization","@id":"https:\/\/rmvapebang.com\/#organization","name":"rmvapebang.com","url":"https:\/\/rmvapebang.com\/","logo":{"@type":"ImageObject","inLanguage":"de","@id":"https:\/\/rmvapebang.com\/#\/schema\/logo\/image\/","url":"https:\/\/rmvapebang.com\/wp-content\/uploads\/2024\/03\/cropped-RVBlogo.png","contentUrl":"https:\/\/rmvapebang.com\/wp-content\/uploads\/2024\/03\/cropped-RVBlogo.png","width":507,"height":169,"caption":"rmvapebang.com"},"image":{"@id":"https:\/\/rmvapebang.com\/#\/schema\/logo\/image\/"}}]}},"uagb_featured_image_src":{"full":["https:\/\/rmvapebang.com\/wp-content\/uploads\/2026\/03\/Smooth-Adjustable-Airflow-for-Better-Vaping-Experience.webp",800,800,false],"thumbnail":["https:\/\/rmvapebang.com\/wp-content\/uploads\/2026\/03\/Smooth-Adjustable-Airflow-for-Better-Vaping-Experience-150x150.webp",150,150,true],"medium":["https:\/\/rmvapebang.com\/wp-content\/uploads\/2026\/03\/Smooth-Adjustable-Airflow-for-Better-Vaping-Experience-300x300.webp",300,300,true],"medium_large":["https:\/\/rmvapebang.com\/wp-content\/uploads\/2026\/03\/Smooth-Adjustable-Airflow-for-Better-Vaping-Experience-768x768.webp",768,768,true],"large":["https:\/\/rmvapebang.com\/wp-content\/uploads\/2026\/03\/Smooth-Adjustable-Airflow-for-Better-Vaping-Experience.webp",800,800,false],"1536x1536":["https:\/\/rmvapebang.com\/wp-content\/uploads\/2026\/03\/Smooth-Adjustable-Airflow-for-Better-Vaping-Experience.webp",800,800,false],"2048x2048":["https:\/\/rmvapebang.com\/wp-content\/uploads\/2026\/03\/Smooth-Adjustable-Airflow-for-Better-Vaping-Experience.webp",800,800,false],"trp-custom-language-flag":["https:\/\/rmvapebang.com\/wp-content\/uploads\/2026\/03\/Smooth-Adjustable-Airflow-for-Better-Vaping-Experience-12x12.webp",12,12,true],"woocommerce_thumbnail":["https:\/\/rmvapebang.com\/wp-content\/uploads\/2026\/03\/Smooth-Adjustable-Airflow-for-Better-Vaping-Experience-300x300.webp",300,300,true],"woocommerce_single":["https:\/\/rmvapebang.com\/wp-content\/uploads\/2026\/03\/Smooth-Adjustable-Airflow-for-Better-Vaping-Experience-600x600.webp",600,600,true],"woocommerce_gallery_thumbnail":["https:\/\/rmvapebang.com\/wp-content\/uploads\/2026\/03\/Smooth-Adjustable-Airflow-for-Better-Vaping-Experience-100x100.webp",100,100,true],"wcpr-photo-reviews":["https:\/\/rmvapebang.com\/wp-content\/uploads\/2026\/03\/Smooth-Adjustable-Airflow-for-Better-Vaping-Experience.webp",500,500,false]},"uagb_author_info":{"display_name":"Lyn","author_link":"https:\/\/rmvapebang.com\/de\/author\/"},"uagb_comment_info":0,"uagb_excerpt":"NOTE: Prices on the website don\u2019t include shipping fee. Please send your zip code and address that we can check shipping costs for you. Mr Goodie 60K Puffs Disposable Vape delivers stable flavor, smart screen monitoring, and rechargeable Type-C design. Built with dual mesh coils for smooth vapor and consistent performance, ideal for long-lasting daily&hellip;","_links":{"self":[{"href":"https:\/\/rmvapebang.com\/de\/wp-json\/wp\/v2\/product\/5867","targetHints":{"allow":["GET"]}}],"collection":[{"href":"https:\/\/rmvapebang.com\/de\/wp-json\/wp\/v2\/product"}],"about":[{"href":"https:\/\/rmvapebang.com\/de\/wp-json\/wp\/v2\/types\/product"}],"replies":[{"embeddable":true,"href":"https:\/\/rmvapebang.com\/de\/wp-json\/wp\/v2\/comments?post=5867"}],"wp:featuredmedia":[{"embeddable":true,"href":"https:\/\/rmvapebang.com\/de\/wp-json\/wp\/v2\/media\/5862"}],"wp:attachment":[{"href":"https:\/\/rmvapebang.com\/de\/wp-json\/wp\/v2\/media?parent=5867"}],"wp:term":[{"taxonomy":"product_brand","embeddable":true,"href":"https:\/\/rmvapebang.com\/de\/wp-json\/wp\/v2\/product_brand?post=5867"},{"taxonomy":"product_cat","embeddable":true,"href":"https:\/\/rmvapebang.com\/de\/wp-json\/wp\/v2\/product_cat?post=5867"},{"taxonomy":"product_tag","embeddable":true,"href":"https:\/\/rmvapebang.com\/de\/wp-json\/wp\/v2\/product_tag?post=5867"}],"curies":[{"name":"wp","href":"https:\/\/api.w.org\/{rel}","templated":true}]}}