{"id":5810,"date":"2026-03-20T10:40:56","date_gmt":"2026-03-20T02:40:56","guid":{"rendered":"https:\/\/rmvapebang.com\/?post_type=product&#038;p=5810"},"modified":"2026-03-19T16:18:23","modified_gmt":"2026-03-19T08:18:23","slug":"bnag-king-200k-disposable-vape-8-in-1-rechargeable-bulk-wholesale","status":"publish","type":"product","link":"https:\/\/rmvapebang.com\/de\/product\/bnag-king-200k-disposable-vape-8-in-1-rechargeable-bulk-wholesale\/","title":{"rendered":"BNAG KING 200K Einweg-Vape 8-in-1 wiederaufladbar Gro\u00dfhandel"},"content":{"rendered":"<h2 style=\"text-align: left\">BNAG KING 200K Einweg-Vape 8-in-1 wiederaufladbar Gro\u00dfhandel<\/h2>\n<p>BNAG KING 200K Einweg-Vape 8-in-1 Wiederaufladbar Gro\u00dfhandel f\u00fcr den hochnachfragenden deutschen Gro\u00dfhandelsmarkt, kombiniert ultra-lange Leistung mit flexiblem Geschmacksmanagement.<\/p>\n<p>Dieses 8-in-1-Einweg-Vape mit bis zu 200.000 Z\u00fcgen erm\u00f6glicht es den Nutzern, zwischen mehreren Geschmacksrichtungen in einem Ger\u00e4t zu wechseln und bietet ein einzigartiges Multi-Geschmacks-Dampferlebnis. <a href=\"https:\/\/rmvapebang.com\/de\/product-category\/bang-vapes\/\"><strong><em>Vape von BNAG KING<\/em><\/strong> <\/a>betrieben von einer wiederaufladbaren 650mAh Batterie mit Typ-C-Ladung und ausgestattet mit einem<a href=\"https:\/\/rmvapebang.com\/de\/product-category\/smart-display\/\"> <strong><em>LED-Display<\/em><\/strong><\/a>, <a href=\"https:\/\/rmvapebang.com\/de\/product-category\/vape-200000-puffs\/\"><strong><em>200k Z\u00fcge Vape<\/em> <\/strong><\/a>sichert eine konstante Leistung und Bequemlichkeit.<\/p>\n<p><a href=\"https:\/\/rmvapebang.com\/de\/product-category\/vape-200000-puffs\/\"><em><strong>200.000 Z\u00fcge Einweg-Vape<\/strong> <\/em><\/a>Entwickelt f\u00fcr Gro\u00dfabnehmer, bietet dieses Hoch-Puff-Einweg-Vape starke Preisvorteile, stabile Versorgung und schnellen Versand aus dem Lager in Deutschland.<\/p>\n<figure id=\"attachment_5817\" aria-describedby=\"caption-attachment-5817\" style=\"width: 800px\" class=\"wp-caption alignnone\"><img loading=\"lazy\" decoding=\"async\" class=\"wp-image-5817 size-full\" src=\"http:\/\/rmvapebang.com\/wp-content\/uploads\/2026\/03\/BNAG-KING-200K-Flavor-Selection-Overview.webp\" alt=\"Mehrfachgeschmacks-Einweg-Vape, Frucht-Candy-Eis-Geschmacksrichtungen, 200k Z\u00fcge\" width=\"800\" height=\"653\" srcset=\"https:\/\/rmvapebang.com\/wp-content\/uploads\/2026\/03\/BNAG-KING-200K-Flavor-Selection-Overview.webp 800w, https:\/\/rmvapebang.com\/wp-content\/uploads\/2026\/03\/BNAG-KING-200K-Flavor-Selection-Overview-300x245.webp 300w, https:\/\/rmvapebang.com\/wp-content\/uploads\/2026\/03\/BNAG-KING-200K-Flavor-Selection-Overview-768x627.webp 768w, https:\/\/rmvapebang.com\/wp-content\/uploads\/2026\/03\/BNAG-KING-200K-Flavor-Selection-Overview-15x12.webp 15w, https:\/\/rmvapebang.com\/wp-content\/uploads\/2026\/03\/BNAG-KING-200K-Flavor-Selection-Overview-600x490.webp 600w\" sizes=\"auto, (max-width: 800px) 100vw, 800px\" \/><figcaption id=\"caption-attachment-5817\" class=\"wp-caption-text\">Gro\u00dfe Auswahl an Frucht-, S\u00fc\u00dfigkeiten- und Eisgeschmacksrichtungen im 8-in-1-Vape-System<\/figcaption><\/figure>\n<h3><strong>Geschmackslisten f\u00fcr Bangking 200k Puff\u00a0<\/strong><\/h3>\n<p>1. Blue Razz Ice \/ Pfirsich Ice \/ Trauben Ice \/ Mango Ice<br \/>\n2. Pfirsich Mango Wassermelone \/ Red Bull \/ Erdbeer Red Bull \/ Erdbeer Kiwi<br \/>\n3. Erdbeer Mango \/ Erdbeer Eiscreme \/ Banane Ice \/ Erdbeer Litschi<br \/>\n4. Doppelter Apfel \/ Mango Pfirsich \/ Erdbeer Wassermelone \/ Erdbeer Vanille Coke<br \/>\n5. Schwarzer Drache Ice \/ Love 66 \/ Mr Blue \/ Erdbeer Limonade<br \/>\n6. Kiwi Passionsfrucht Guave \/ Gummib\u00e4rchen \/ Regenbogen Bonbon \/ Zuckerwatte<br \/>\n7. Wassermelone Ice \/ Zitrone &amp; Minze \/ Erdbeer Ice \/ Blue Razz Kirsche<br \/>\n8. Dreifach Beere \/ Tropische Frucht \/ Erdbeer Banane \/ Pinke Limonade<br \/>\n9. Dreifacher Melone \/ Blaubeer-Eis \/ Kirschbombe \/ Ananas-Kokos<br \/>\n10. Wassermelonen-Bubblegum \/ Blaubeeren Himbeeren \/ Himbeer-Wassermelone \/ Wassermelone-Blaubeere<br \/>\n11. Frische Minze \/ Pfirsich-Kirsche \/ Pfirsich-Beere-Zitrone \/ Kiwi-Wassermelone-Eis<br \/>\n12. Spritzige Zitrone &amp; Limette \/ Apfel-Mojito \/ Ananas-Eis \/ Cola-Eis<\/p>\n<h2>Features f\u00fcr Einweg-Vape mit 200.000 Z\u00fcgen<\/h2>\n<ul>\n<li>\ud83d\udd25 200.000 Ultra-Hochz\u00fcge\uff1aLanganhaltende Leistung f\u00fcr Vielraucher und M\u00e4rkte mit hoher Nachfrage.<\/li>\n<li>\ud83c\udf9b\ufe0f 8-in-1 Geschmackswechsel\uff1aMehrere Geschmacksrichtungen in einem Ger\u00e4t f\u00fcr ein flexibleres Dampferlebnis.<\/li>\n<li>\ud83d\udd0b Wiederaufladbar + LED-Anzeige\uff1aType-C-Ladung mit klarer Batteriestatus- und Nutzungsanzeige.<\/li>\n<li>\u2699\ufe0f Quad-Coil Glatter Output\uff1aStabile Dampfproduktion mit reichhaltigem und konstantem Geschmack.<\/li>\n<li>\ud83d\ude9a Verf\u00fcgbar im EU-Lager\uff1aSchnelle Lieferung mit zuverl\u00e4ssiger lokaler Lagerbestandsversorgung.<\/li>\n<\/ul>\n<h3>Warum BNAG KING 200K w\u00e4hlen<\/h3>\n<ul>\n<li data-start=\"2486\" data-end=\"2622\">Starker Gro\u00dfhandelspreisvorteil\uff1aDirekte Gro\u00dflieferung zu wettbewerbsf\u00e4higen Preisen, ideal f\u00fcr H\u00e4ndler und Gro\u00dfabnehmer.<\/li>\n<li data-start=\"2624\" data-end=\"2745\">Hohe Nachfrage im 200K-Z\u00fcge-Markttrend\uff1aUltra-hoch-Z\u00fcge-Einweg-Vape-Ger\u00e4te dominieren schnell den EU-Markt.<\/li>\n<li data-start=\"2747\" data-end=\"2871\">Multi-Geschmacks-Innovation (8-in-1)\uff1aAttraktiver als Standard-Ger\u00e4te mit Einzelgeschmack, erh\u00f6ht die Verkaufsrate.<\/li>\n<li data-start=\"2873\" data-end=\"2978\">Stabile EU-Lagerbest\u00e4nde\uff1aLokaler Vorrat reduziert die Lieferzeit und erh\u00f6ht die Kundenzufriedenheit.<\/li>\n<li data-start=\"2980\" data-end=\"3096\">Hohe Wiederkaufsrate\uff1aBreite Geschmacksvielfalt + langlebige Nutzung = st\u00e4rkere Kundenbindung.<\/li>\n<\/ul>\n<h3>FAQ f\u00fcr BNAG KING 200K 8-in-1 Einweg-Vape<\/h3>\n<p><strong>Q1. Was ist BNAG KING 200K 8-in-1 Einweg-Vape?<\/strong><br \/>\nA1: BNAG KING 200K ist eine Hoch-Zug-Einweg-Vape mit bis zu 200.000 Z\u00fcgen und einem 8-in-1-Geschmackswechselsystem.<\/p>\n<p><strong>F2. Ist BNAG KING 200K wiederaufladbar?<\/strong><br \/>\nA2: Ja. 200.000 Vape-Z\u00fcge werden mit einer integrierten 650mAh wiederaufladbaren Batterie und einem Typ-C-Ladeanschluss f\u00fcr schnelles und bequemes Aufladen geliefert.<\/p>\n<p><strong>F3. Hat Puff 200k Smart-LED ein Display?<\/strong><br \/>\nA3: Ja. Das Ger\u00e4t ist mit einem LED-Display ausgestattet, das den Batteriestatus und Nutzungsinformationen f\u00fcr bessere Kontrolle und Komfort anzeigt.<\/p>\n<p><strong>F4. F\u00fcr wen ist dieses Gro\u00dfhandelsprodukt mit 200.000 Z\u00fcgen geeignet?<\/strong><br \/>\nA4: Bang king 200k ist ideal f\u00fcr Vape-Gro\u00dfh\u00e4ndler, H\u00e4ndler und Einzelh\u00e4ndler, die nach hochpuffigen, nachgefragten Einweg-Vape-Produkten mit starkem Marktwachstumspotenzial suchen.<\/p>\n<p><strong>Kontaktieren Sie Lyn f\u00fcr weitere Produktvideos!<\/strong><\/p>\n<p><a href=\"https:\/\/wa.me\/8617840853976\"><span style=\"color: #ff6600\"><strong><em>WhatsApp:+86 17840853976<\/em><\/strong><\/span><\/a><\/p>\n<p><img loading=\"lazy\" decoding=\"async\" class=\"alignnone size-medium wp-image-1905\" src=\"http:\/\/rmvapebang.com\/wp-content\/uploads\/2024\/03\/whatsapp-vape-2-202x300.jpg\" alt=\"\" width=\"202\" height=\"300\" \/><\/p>\n<p>Finden Sie weitere Produkte, die Ihnen gefallen k\u00f6nnten:<a href=\"https:\/\/rmvapebang.com\/de\/shop-page\/\"><strong><em>Jetzt einkaufen<\/em><\/strong><\/a><\/p>\n<p>Andere Puffs, die Ihnen gefallen k\u00f6nnten:<\/p>\n<p><em><a href=\"https:\/\/rmvapebang.com\/de\/product\/wasbar-60k-rechargeable-disposable-vape-wholesale\/\"><span class=\"BZ_Pyq_fadeIn\">WASBAR\u00a0<\/span><span class=\"BZ_Pyq_fadeIn\">60K Z\u00fcge <\/span><span class=\"BZ_Pyq_fadeIn\">Einweg\u00a0<\/span><span class=\"BZ_Pyq_fadeIn\">Vape mit intelligentem Display, hei\u00dfer Verkauf im EU-Lager<\/span><\/a><\/em><\/p>\n<p><em><a href=\"https:\/\/rmvapebang.com\/de\/product\/vapen-titan-10k-puffs-disposable-vape-wholesale\/\">10.000 Z\u00fcge Einweg-Vape Tornado-Design, einfach f\u00fcr den Alltag zu tragen<\/a><\/em><\/p>\n<p><em><a href=\"https:\/\/rmvapebang.com\/de\/product\/bang-leader-350000-puffs-multi-flavor-rechargeable-disposable-vape-8-in-1-high-puff-vape\/\">Bang Leader 350.000 Z\u00fcge, 8-in-1-Geschmacksrabatt, Sonderangebot<\/a><\/em><\/p>","protected":false},"excerpt":{"rendered":"<p><span style=\"color: #ff0000\"><strong>HINWEIS\uff1a<\/strong><em>Die Preise auf der Website enthalten keine Versandkosten. Bitte senden Sie uns Ihre Postleitzahl und Adresse, damit wir die Versandkosten f\u00fcr Sie pr\u00fcfen k\u00f6nnen.<\/em><\/span><\/p>\n<p>High Puff 200K Einweg-Vape mit 8-in-1-Geschmackswechsel-System, das ein sanftes und anpassbares Dampferlebnis bietet. Entwickelt f\u00fcr den Gro\u00dfhandelsmarkt in Deutschland mit stabiler Leistung, wiederaufladbarer Energie und schnellem Versand aus dem Lager.<\/p>\n<p><a href=\"https:\/\/wa.me\/8617840853976\"><strong><em>WhatsApp:+86 17840853976<\/em><\/strong><\/a><br \/>\n<img loading=\"lazy\" decoding=\"async\" class=\"alignnone size-medium wp-image-1905\" src=\"http:\/\/rmvapebang.com\/wp-content\/uploads\/2024\/03\/whatsapp-vape-2-202x300.jpg\" alt=\"\" width=\"202\" height=\"300\" \/><\/p>\n<p>F\u00fcr einen Neukunden-Coupon auf WhatsApp scannen<\/p>","protected":false},"featured_media":5816,"comment_status":"open","ping_status":"closed","template":"","meta":{"_uag_custom_page_level_css":"","_lmt_disableupdate":"no","_lmt_disable":"","site-sidebar-layout":"no-sidebar","site-content-layout":"boxed-container","ast-site-content-layout":"normal-width-container","site-content-style":"boxed","site-sidebar-style":"boxed","ast-global-header-display":"","ast-banner-title-visibility":"","ast-main-header-display":"","ast-hfb-above-header-display":"","ast-hfb-below-header-display":"","ast-hfb-mobile-header-display":"","site-post-title":"","ast-breadcrumbs-content":"","ast-featured-img":"","footer-sml-layout":"","theme-transparent-header-meta":"default","adv-header-id-meta":"","stick-header-meta":"","header-above-stick-meta":"","header-main-stick-meta":"","header-below-stick-meta":"","astra-migrate-meta-layouts":"set","ast-page-background-enabled":"default","ast-page-background-meta":{"desktop":{"background-color":"","background-image":"","background-repeat":"repeat","background-position":"center center","background-size":"auto","background-attachment":"scroll","background-type":"","background-media":"","overlay-type":"","overlay-color":"","overlay-gradient":""},"tablet":{"background-color":"","background-image":"","background-repeat":"repeat","background-position":"center center","background-size":"auto","background-attachment":"scroll","background-type":"","background-media":"","overlay-type":"","overlay-color":"","overlay-gradient":""},"mobile":{"background-color":"","background-image":"","background-repeat":"repeat","background-position":"center center","background-size":"auto","background-attachment":"scroll","background-type":"","background-media":"","overlay-type":"","overlay-color":"","overlay-gradient":""}},"ast-content-background-meta":{"desktop":{"background-color":"var(--ast-global-color-5)","background-image":"","background-repeat":"repeat","background-position":"center center","background-size":"auto","background-attachment":"scroll","background-type":"","background-media":"","overlay-type":"","overlay-color":"","overlay-gradient":""},"tablet":{"background-color":"var(--ast-global-color-5)","background-image":"","background-repeat":"repeat","background-position":"center center","background-size":"auto","background-attachment":"scroll","background-type":"","background-media":"","overlay-type":"","overlay-color":"","overlay-gradient":""},"mobile":{"background-color":"var(--ast-global-color-5)","background-image":"","background-repeat":"repeat","background-position":"center center","background-size":"auto","background-attachment":"scroll","background-type":"","background-media":"","overlay-type":"","overlay-color":"","overlay-gradient":""}},"_joinchat":[]},"product_brand":[],"product_cat":[76,39,41,128,42,40,131,129,264,43],"product_tag":[265,266,50,67,61,58,98,53,52],"class_list":{"0":"post-5810","1":"product","2":"type-product","3":"status-publish","4":"has-post-thumbnail","6":"product_cat-bang-vapes","7":"product_cat-france-wholesale-vape","8":"product_cat-netherlands-wholesale-vape","9":"product_cat-smart-display","10":"product_cat-spain-wholesale-vape","11":"product_cat-germany-wholesale-vape","12":"product_cat-tornado-vape-wholesale-price-hot-sale","13":"product_cat-tornado-vapes","14":"product_cat-vape-200000-puffs","15":"product_cat-vape-shop","16":"product_tag-200000-puffs","17":"product_tag-200k-puffs","18":"product_tag-bulk-price-vape-shop","19":"product_tag-fast-price-sales","20":"product_tag-good-sales-vape","21":"product_tag-moq-50pcs","22":"product_tag-moq-is-50pcs","23":"product_tag-rechargeable-vape","24":"product_tag-vape-wholesasle-price","25":"desktop-align-left","26":"tablet-align-left","27":"mobile-align-left","29":"first","30":"instock","31":"sale","32":"shipping-taxable","33":"purchasable","34":"product-type-simple"},"yoast_head":"<!-- This site is optimized with the Yoast SEO plugin v23.0 - https:\/\/yoast.com\/wordpress\/plugins\/seo\/ -->\n<title>BNAG KING 200K Disposable Vape 8 in 1 Rechargeable Bulk Wholesale - rmvapebang.com<\/title>\n<meta name=\"description\" content=\"BNAG KING 200K 8 in 1 disposable vape with 200000 puffs, rechargeable battery, LED display, EU wholesale stock and multi flavor system.\" \/>\n<meta name=\"robots\" content=\"index, follow, max-snippet:-1, max-image-preview:large, max-video-preview:-1\" \/>\n<link rel=\"canonical\" href=\"https:\/\/rmvapebang.com\/de\/product\/bnag-king-200k-disposable-vape-8-in-1-rechargeable-bulk-wholesale\/\" \/>\n<meta property=\"og:locale\" content=\"de_DE\" \/>\n<meta property=\"og:type\" content=\"article\" \/>\n<meta property=\"og:title\" content=\"BNAG KING 200K Disposable Vape 8 in 1 Rechargeable Bulk Wholesale - rmvapebang.com\" \/>\n<meta property=\"og:description\" content=\"BNAG KING 200K 8 in 1 disposable vape with 200000 puffs, rechargeable battery, LED display, EU wholesale stock and multi flavor system.\" \/>\n<meta property=\"og:url\" content=\"https:\/\/rmvapebang.com\/de\/product\/bnag-king-200k-disposable-vape-8-in-1-rechargeable-bulk-wholesale\/\" \/>\n<meta property=\"og:site_name\" content=\"rmvapebang.com\" \/>\n<meta property=\"article:modified_time\" content=\"2026-03-19T08:18:23+00:00\" \/>\n<meta property=\"og:image\" content=\"https:\/\/rmvapebang.com\/wp-content\/uploads\/2026\/03\/BNAG-KING-200K-8-in-1-Disposable-Vape-Full-Device-View.webp\" \/>\n\t<meta property=\"og:image:width\" content=\"800\" \/>\n\t<meta property=\"og:image:height\" content=\"800\" \/>\n\t<meta property=\"og:image:type\" content=\"image\/webp\" \/>\n<meta name=\"twitter:card\" content=\"summary_large_image\" \/>\n<meta name=\"twitter:label1\" content=\"Gesch\u00e4tzte Lesezeit\" \/>\n\t<meta name=\"twitter:data1\" content=\"4\u00a0Minuten\" \/>\n<script type=\"application\/ld+json\" class=\"yoast-schema-graph\">{\"@context\":\"https:\/\/schema.org\",\"@graph\":[{\"@type\":\"WebPage\",\"@id\":\"https:\/\/rmvapebang.com\/product\/bnag-king-200k-disposable-vape-8-in-1-rechargeable-bulk-wholesale\/\",\"url\":\"https:\/\/rmvapebang.com\/product\/bnag-king-200k-disposable-vape-8-in-1-rechargeable-bulk-wholesale\/\",\"name\":\"BNAG KING 200K Disposable Vape 8 in 1 Rechargeable Bulk Wholesale - rmvapebang.com\",\"isPartOf\":{\"@id\":\"https:\/\/rmvapebang.com\/#website\"},\"primaryImageOfPage\":{\"@id\":\"https:\/\/rmvapebang.com\/product\/bnag-king-200k-disposable-vape-8-in-1-rechargeable-bulk-wholesale\/#primaryimage\"},\"image\":{\"@id\":\"https:\/\/rmvapebang.com\/product\/bnag-king-200k-disposable-vape-8-in-1-rechargeable-bulk-wholesale\/#primaryimage\"},\"thumbnailUrl\":\"https:\/\/rmvapebang.com\/wp-content\/uploads\/2026\/03\/BNAG-KING-200K-8-in-1-Disposable-Vape-Full-Device-View.webp\",\"datePublished\":\"2026-03-20T02:40:56+00:00\",\"dateModified\":\"2026-03-19T08:18:23+00:00\",\"description\":\"BNAG KING 200K 8 in 1 disposable vape with 200000 puffs, rechargeable battery, LED display, EU wholesale stock and multi flavor system.\",\"breadcrumb\":{\"@id\":\"https:\/\/rmvapebang.com\/product\/bnag-king-200k-disposable-vape-8-in-1-rechargeable-bulk-wholesale\/#breadcrumb\"},\"inLanguage\":\"de\",\"potentialAction\":[{\"@type\":\"ReadAction\",\"target\":[\"https:\/\/rmvapebang.com\/product\/bnag-king-200k-disposable-vape-8-in-1-rechargeable-bulk-wholesale\/\"]}]},{\"@type\":\"ImageObject\",\"inLanguage\":\"de\",\"@id\":\"https:\/\/rmvapebang.com\/product\/bnag-king-200k-disposable-vape-8-in-1-rechargeable-bulk-wholesale\/#primaryimage\",\"url\":\"https:\/\/rmvapebang.com\/wp-content\/uploads\/2026\/03\/BNAG-KING-200K-8-in-1-Disposable-Vape-Full-Device-View.webp\",\"contentUrl\":\"https:\/\/rmvapebang.com\/wp-content\/uploads\/2026\/03\/BNAG-KING-200K-8-in-1-Disposable-Vape-Full-Device-View.webp\",\"width\":800,\"height\":800,\"caption\":\"High puff 200000 disposable vape with 8 in 1 flavor switching system\"},{\"@type\":\"BreadcrumbList\",\"@id\":\"https:\/\/rmvapebang.com\/product\/bnag-king-200k-disposable-vape-8-in-1-rechargeable-bulk-wholesale\/#breadcrumb\",\"itemListElement\":[{\"@type\":\"ListItem\",\"position\":1,\"name\":\"Home\",\"item\":\"https:\/\/rmvapebang.com\/\"},{\"@type\":\"ListItem\",\"position\":2,\"name\":\"Hot Vape Shop\",\"item\":\"https:\/\/rmvapebang.com\/shop-page\/\"},{\"@type\":\"ListItem\",\"position\":3,\"name\":\"BNAG KING 200K Disposable Vape 8 in 1 Rechargeable Bulk Wholesale\"}]},{\"@type\":\"WebSite\",\"@id\":\"https:\/\/rmvapebang.com\/#website\",\"url\":\"https:\/\/rmvapebang.com\/\",\"name\":\"rmvapebang.com\",\"description\":\"buy vape cheap\",\"publisher\":{\"@id\":\"https:\/\/rmvapebang.com\/#organization\"},\"potentialAction\":[{\"@type\":\"SearchAction\",\"target\":{\"@type\":\"EntryPoint\",\"urlTemplate\":\"https:\/\/rmvapebang.com\/?s={search_term_string}\"},\"query-input\":\"required name=search_term_string\"}],\"inLanguage\":\"de\"},{\"@type\":\"Organization\",\"@id\":\"https:\/\/rmvapebang.com\/#organization\",\"name\":\"rmvapebang.com\",\"url\":\"https:\/\/rmvapebang.com\/\",\"logo\":{\"@type\":\"ImageObject\",\"inLanguage\":\"de\",\"@id\":\"https:\/\/rmvapebang.com\/#\/schema\/logo\/image\/\",\"url\":\"https:\/\/rmvapebang.com\/wp-content\/uploads\/2024\/03\/cropped-RVBlogo.png\",\"contentUrl\":\"https:\/\/rmvapebang.com\/wp-content\/uploads\/2024\/03\/cropped-RVBlogo.png\",\"width\":507,\"height\":169,\"caption\":\"rmvapebang.com\"},\"image\":{\"@id\":\"https:\/\/rmvapebang.com\/#\/schema\/logo\/image\/\"}}]}<\/script>\n<!-- \/ Yoast SEO plugin. -->","yoast_head_json":{"title":"BNAG KING 200K Disposable Vape 8 in 1 Rechargeable Bulk Wholesale - rmvapebang.com","description":"BNAG KING 200K 8 in 1 disposable vape with 200000 puffs, rechargeable battery, LED display, EU wholesale stock and multi flavor system.","robots":{"index":"index","follow":"follow","max-snippet":"max-snippet:-1","max-image-preview":"max-image-preview:large","max-video-preview":"max-video-preview:-1"},"canonical":"https:\/\/rmvapebang.com\/de\/product\/bnag-king-200k-disposable-vape-8-in-1-rechargeable-bulk-wholesale\/","og_locale":"de_DE","og_type":"article","og_title":"BNAG KING 200K Disposable Vape 8 in 1 Rechargeable Bulk Wholesale - rmvapebang.com","og_description":"BNAG KING 200K 8 in 1 disposable vape with 200000 puffs, rechargeable battery, LED display, EU wholesale stock and multi flavor system.","og_url":"https:\/\/rmvapebang.com\/de\/product\/bnag-king-200k-disposable-vape-8-in-1-rechargeable-bulk-wholesale\/","og_site_name":"rmvapebang.com","article_modified_time":"2026-03-19T08:18:23+00:00","og_image":[{"width":800,"height":800,"url":"https:\/\/rmvapebang.com\/wp-content\/uploads\/2026\/03\/BNAG-KING-200K-8-in-1-Disposable-Vape-Full-Device-View.webp","type":"image\/webp"}],"twitter_card":"summary_large_image","twitter_misc":{"Gesch\u00e4tzte Lesezeit":"4\u00a0Minuten"},"schema":{"@context":"https:\/\/schema.org","@graph":[{"@type":"WebPage","@id":"https:\/\/rmvapebang.com\/product\/bnag-king-200k-disposable-vape-8-in-1-rechargeable-bulk-wholesale\/","url":"https:\/\/rmvapebang.com\/product\/bnag-king-200k-disposable-vape-8-in-1-rechargeable-bulk-wholesale\/","name":"BNAG KING 200K Disposable Vape 8 in 1 Rechargeable Bulk Wholesale - rmvapebang.com","isPartOf":{"@id":"https:\/\/rmvapebang.com\/#website"},"primaryImageOfPage":{"@id":"https:\/\/rmvapebang.com\/product\/bnag-king-200k-disposable-vape-8-in-1-rechargeable-bulk-wholesale\/#primaryimage"},"image":{"@id":"https:\/\/rmvapebang.com\/product\/bnag-king-200k-disposable-vape-8-in-1-rechargeable-bulk-wholesale\/#primaryimage"},"thumbnailUrl":"https:\/\/rmvapebang.com\/wp-content\/uploads\/2026\/03\/BNAG-KING-200K-8-in-1-Disposable-Vape-Full-Device-View.webp","datePublished":"2026-03-20T02:40:56+00:00","dateModified":"2026-03-19T08:18:23+00:00","description":"BNAG KING 200K 8 in 1 disposable vape with 200000 puffs, rechargeable battery, LED display, EU wholesale stock and multi flavor system.","breadcrumb":{"@id":"https:\/\/rmvapebang.com\/product\/bnag-king-200k-disposable-vape-8-in-1-rechargeable-bulk-wholesale\/#breadcrumb"},"inLanguage":"de","potentialAction":[{"@type":"ReadAction","target":["https:\/\/rmvapebang.com\/product\/bnag-king-200k-disposable-vape-8-in-1-rechargeable-bulk-wholesale\/"]}]},{"@type":"ImageObject","inLanguage":"de","@id":"https:\/\/rmvapebang.com\/product\/bnag-king-200k-disposable-vape-8-in-1-rechargeable-bulk-wholesale\/#primaryimage","url":"https:\/\/rmvapebang.com\/wp-content\/uploads\/2026\/03\/BNAG-KING-200K-8-in-1-Disposable-Vape-Full-Device-View.webp","contentUrl":"https:\/\/rmvapebang.com\/wp-content\/uploads\/2026\/03\/BNAG-KING-200K-8-in-1-Disposable-Vape-Full-Device-View.webp","width":800,"height":800,"caption":"High puff 200000 disposable vape with 8 in 1 flavor switching system"},{"@type":"BreadcrumbList","@id":"https:\/\/rmvapebang.com\/product\/bnag-king-200k-disposable-vape-8-in-1-rechargeable-bulk-wholesale\/#breadcrumb","itemListElement":[{"@type":"ListItem","position":1,"name":"Home","item":"https:\/\/rmvapebang.com\/"},{"@type":"ListItem","position":2,"name":"Hot Vape Shop","item":"https:\/\/rmvapebang.com\/shop-page\/"},{"@type":"ListItem","position":3,"name":"BNAG KING 200K Disposable Vape 8 in 1 Rechargeable Bulk Wholesale"}]},{"@type":"WebSite","@id":"https:\/\/rmvapebang.com\/#website","url":"https:\/\/rmvapebang.com\/","name":"rmvapebang.com","description":"buy vape cheap","publisher":{"@id":"https:\/\/rmvapebang.com\/#organization"},"potentialAction":[{"@type":"SearchAction","target":{"@type":"EntryPoint","urlTemplate":"https:\/\/rmvapebang.com\/?s={search_term_string}"},"query-input":"required name=search_term_string"}],"inLanguage":"de"},{"@type":"Organization","@id":"https:\/\/rmvapebang.com\/#organization","name":"rmvapebang.com","url":"https:\/\/rmvapebang.com\/","logo":{"@type":"ImageObject","inLanguage":"de","@id":"https:\/\/rmvapebang.com\/#\/schema\/logo\/image\/","url":"https:\/\/rmvapebang.com\/wp-content\/uploads\/2024\/03\/cropped-RVBlogo.png","contentUrl":"https:\/\/rmvapebang.com\/wp-content\/uploads\/2024\/03\/cropped-RVBlogo.png","width":507,"height":169,"caption":"rmvapebang.com"},"image":{"@id":"https:\/\/rmvapebang.com\/#\/schema\/logo\/image\/"}}]}},"uagb_featured_image_src":{"full":["https:\/\/rmvapebang.com\/wp-content\/uploads\/2026\/03\/BNAG-KING-200K-8-in-1-Disposable-Vape-Full-Device-View.webp",800,800,false],"thumbnail":["https:\/\/rmvapebang.com\/wp-content\/uploads\/2026\/03\/BNAG-KING-200K-8-in-1-Disposable-Vape-Full-Device-View-150x150.webp",150,150,true],"medium":["https:\/\/rmvapebang.com\/wp-content\/uploads\/2026\/03\/BNAG-KING-200K-8-in-1-Disposable-Vape-Full-Device-View-300x300.webp",300,300,true],"medium_large":["https:\/\/rmvapebang.com\/wp-content\/uploads\/2026\/03\/BNAG-KING-200K-8-in-1-Disposable-Vape-Full-Device-View-768x768.webp",768,768,true],"large":["https:\/\/rmvapebang.com\/wp-content\/uploads\/2026\/03\/BNAG-KING-200K-8-in-1-Disposable-Vape-Full-Device-View.webp",800,800,false],"1536x1536":["https:\/\/rmvapebang.com\/wp-content\/uploads\/2026\/03\/BNAG-KING-200K-8-in-1-Disposable-Vape-Full-Device-View.webp",800,800,false],"2048x2048":["https:\/\/rmvapebang.com\/wp-content\/uploads\/2026\/03\/BNAG-KING-200K-8-in-1-Disposable-Vape-Full-Device-View.webp",800,800,false],"trp-custom-language-flag":["https:\/\/rmvapebang.com\/wp-content\/uploads\/2026\/03\/BNAG-KING-200K-8-in-1-Disposable-Vape-Full-Device-View-12x12.webp",12,12,true],"woocommerce_thumbnail":["https:\/\/rmvapebang.com\/wp-content\/uploads\/2026\/03\/BNAG-KING-200K-8-in-1-Disposable-Vape-Full-Device-View-300x300.webp",300,300,true],"woocommerce_single":["https:\/\/rmvapebang.com\/wp-content\/uploads\/2026\/03\/BNAG-KING-200K-8-in-1-Disposable-Vape-Full-Device-View-600x600.webp",600,600,true],"woocommerce_gallery_thumbnail":["https:\/\/rmvapebang.com\/wp-content\/uploads\/2026\/03\/BNAG-KING-200K-8-in-1-Disposable-Vape-Full-Device-View-100x100.webp",100,100,true],"wcpr-photo-reviews":["https:\/\/rmvapebang.com\/wp-content\/uploads\/2026\/03\/BNAG-KING-200K-8-in-1-Disposable-Vape-Full-Device-View.webp",500,500,false]},"uagb_author_info":{"display_name":"Lyn","author_link":"https:\/\/rmvapebang.com\/de\/author\/"},"uagb_comment_info":0,"uagb_excerpt":"NOTE\uff1aPrices on the website don\u2019t include shipping fee. Please send your zip code and address that we can check shipping costs for you. High puff 200K disposable vape with 8 in 1 flavor switching system, delivering a smooth and customizable vaping experience. Designed for EU wholesale market with stable performance, rechargeable power, and fast warehouse&hellip;","_links":{"self":[{"href":"https:\/\/rmvapebang.com\/de\/wp-json\/wp\/v2\/product\/5810","targetHints":{"allow":["GET"]}}],"collection":[{"href":"https:\/\/rmvapebang.com\/de\/wp-json\/wp\/v2\/product"}],"about":[{"href":"https:\/\/rmvapebang.com\/de\/wp-json\/wp\/v2\/types\/product"}],"replies":[{"embeddable":true,"href":"https:\/\/rmvapebang.com\/de\/wp-json\/wp\/v2\/comments?post=5810"}],"wp:featuredmedia":[{"embeddable":true,"href":"https:\/\/rmvapebang.com\/de\/wp-json\/wp\/v2\/media\/5816"}],"wp:attachment":[{"href":"https:\/\/rmvapebang.com\/de\/wp-json\/wp\/v2\/media?parent=5810"}],"wp:term":[{"taxonomy":"product_brand","embeddable":true,"href":"https:\/\/rmvapebang.com\/de\/wp-json\/wp\/v2\/product_brand?post=5810"},{"taxonomy":"product_cat","embeddable":true,"href":"https:\/\/rmvapebang.com\/de\/wp-json\/wp\/v2\/product_cat?post=5810"},{"taxonomy":"product_tag","embeddable":true,"href":"https:\/\/rmvapebang.com\/de\/wp-json\/wp\/v2\/product_tag?post=5810"}],"curies":[{"name":"wp","href":"https:\/\/api.w.org\/{rel}","templated":true}]}}