{"id":5716,"date":"2026-02-28T01:23:28","date_gmt":"2026-02-27T17:23:28","guid":{"rendered":"https:\/\/rmvapebang.com\/?post_type=product&#038;p=5716"},"modified":"2026-04-06T19:39:11","modified_gmt":"2026-04-06T11:39:11","slug":"hifancy-twins-35k-dual-flavor-disposable-vape","status":"publish","type":"product","link":"https:\/\/rmvapebang.com\/de\/product\/hifancy-twins-35k-dual-flavor-disposable-vape\/","title":{"rendered":"HIFANCY ZWILLINGE 35K Dual Geschmacks Einweg-Vape"},"content":{"rendered":"<h2 data-pm-slice=\"1 1 []\">HIFANCY ZWILLINGE 35K Dual Geschmacks Einweg-Vape<\/h2>\n<p>HIFANCY TWINS 35K Dual Flavor Einweg-Vape ist f\u00fcr Dampfer konzipiert, die langlebige Leistung mit einem modernen Dual-\u00d6ltank-System w\u00fcnschen. Dieses <a href=\"https:\/\/rmvapebang.com\/de\/shop-page\/?filter_puff=35000-puff\"><em><strong>wiederaufladbare Einweg-Vape 35000 Z\u00fcge<\/strong><\/em><\/a> mit sanfter Luftzufuhr und stabiler Geschmacksabgabe. Einweg-Vape mit <a href=\"https:\/\/rmvapebang.com\/de\/product-category\/smart-display\/\"><em><strong>LED-Bildschirm<\/strong> <\/em><\/a>entwickelt mit \u00d6l-Kern-Trennungstechnologie, h\u00e4lt es jeden Geschmack rein und erm\u00f6glicht einen bequemen Wechsel zwischen Kombinationen.<\/p>\n<p><a href=\"https:\/\/rmvapebang.com\/de\/shop-page\/?filter_puff=35000-puff\"><em><strong>35000 Z\u00fcge Einweg-Vape<\/strong><\/em><\/a> haben kompakte Bauform, USB-C-Ladeanschluss und 650mAh Akku, machen 35k geeignet f\u00fcr den t\u00e4glichen Gebrauch und die Gro\u00dfhandelsversorgung in ganz Europa. F\u00fcr H\u00e4ndler, die nach einem hochpuffigen Einweg-Vape mit starker Nachfrage suchen, <a href=\"https:\/\/rmvapebang.com\/de\/product-category\/hifancy-vapes\/\"><em><strong>HIFANCY<\/strong> <\/em><\/a>TWINS 35K Z\u00fcge hebt sich durch ausgewogenes Design, Haltbarkeit und gleichbleibende Dampferzeugung hervor.<\/p>\n<figure id=\"attachment_5691\" aria-describedby=\"caption-attachment-5691\" style=\"width: 800px\" class=\"wp-caption alignnone\"><img loading=\"lazy\" decoding=\"async\" class=\"wp-image-5691 size-full\" src=\"http:\/\/rmvapebang.com\/wp-content\/uploads\/2026\/02\/Dual-Flavor-Combinations-Vape.webp\" alt=\"HIFANCY TWINS 35K Z\u00fcge Dual-Geschmacks Vape-Optionen\" width=\"800\" height=\"800\" srcset=\"https:\/\/rmvapebang.com\/wp-content\/uploads\/2026\/02\/Dual-Flavor-Combinations-Vape.webp 800w, https:\/\/rmvapebang.com\/wp-content\/uploads\/2026\/02\/Dual-Flavor-Combinations-Vape-300x300.webp 300w, https:\/\/rmvapebang.com\/wp-content\/uploads\/2026\/02\/Dual-Flavor-Combinations-Vape-150x150.webp 150w, https:\/\/rmvapebang.com\/wp-content\/uploads\/2026\/02\/Dual-Flavor-Combinations-Vape-768x768.webp 768w, https:\/\/rmvapebang.com\/wp-content\/uploads\/2026\/02\/Dual-Flavor-Combinations-Vape-12x12.webp 12w, https:\/\/rmvapebang.com\/wp-content\/uploads\/2026\/02\/Dual-Flavor-Combinations-Vape-600x600.webp 600w, https:\/\/rmvapebang.com\/wp-content\/uploads\/2026\/02\/Dual-Flavor-Combinations-Vape-100x100.webp 100w\" sizes=\"auto, (max-width: 800px) 100vw, 800px\" \/><figcaption id=\"caption-attachment-5691\" class=\"wp-caption-text\">Frucht- und Energy-Drink-Geschmacksrichtungen erh\u00e4ltlich<\/figcaption><\/figure>\n<h2 data-start=\"815\" data-end=\"866\">Geschmackslisten des Smart LED Dual Flavor 35k Vape<\/h2>\n<p>1. Zitrone Limette\u2014 Brombeere Traube<br \/>\n2. Himbeer Kirsche Eis\u2014Pfirsich Mango Wassermelone<br \/>\n3. Erdbeere Kiwi\u2014Cola Eis<br \/>\n4. Heidelbeere Eis\u2014Orange Passionsfrucht<br \/>\n5. Erdbeere Wassermelone\u2014Saurer Apfel<br \/>\n6. Wassermelone Eis\u2014Blau Razz Limonade<br \/>\n7. Banane Eis\u2014Energy Redbull<br \/>\n8. Skittles\u2014Gemischte Beeren<br \/>\n9. Mamba\u2014Dreifacher Melone<br \/>\n10. Vanille-Eiscreme\u2014Fizz Kirsche<\/p>\n<h2 data-start=\"1030\" data-end=\"1085\">Schl\u00fcssel f\u00fcr Gro\u00dfhandel Einweg-Display 35k Vape<\/h2>\n<ul>\n<li>\ud83d\udd0b Puffs: 35000 Puffs \u2014 langlebige Leistung<\/li>\n<li>\ud83d\udca7 E-Liquid: 35ml \u2014 stabiler Dampfoutput<\/li>\n<li>\u26a1 Batterie: 650mAh \u2014 zuverl\u00e4ssiges Energiegleichgewicht<\/li>\n<li>\ud83d\udd0c Laden: Typ-C Wiederaufladbar \u2014 Schnelllade-Design<\/li>\n<li>\ud83e\uddca Doppelter Geschmack: Doppel\u00f6l-Tank \u2014 sanfter Wechsel<\/li>\n<li>\ud83e\uddec \u00d6l-Kern-Trennung: sauberere Geschmacks\u00fcbertragung<\/li>\n<li>\ud83d\udcf1 Vollbild: klarer Batteriestatus- und Puff-Anzeige<\/li>\n<li>\ud83c\udf2c Luftstrom: ausgewogener Zug f\u00fcr t\u00e4gliches Vaping<\/li>\n<\/ul>\n<h2 data-start=\"1650\" data-end=\"1703\">Warum Gro\u00dfhandel HIFANCY TWINS 35K w\u00e4hlen<\/h2>\n<ul>\n<li>Schneller EU-Versand mit verk\u00fcrter Wartezeit<\/li>\n<li>Doppelter Geschmack erh\u00f6ht die Wiederkaufrate<\/li>\n<li>Ger\u00e4te mit hoher Puff-Anzahl ziehen Langzeitnutzer an<\/li>\n<li>Geeignet f\u00fcr Gro\u00dfhandelskan\u00e4le und Verkaufsregale<\/li>\n<\/ul>\n<h2 data-start=\"1978\" data-end=\"2027\">FAQ f\u00fcr den besten 35K Einweg-Vape 2026<\/h2>\n<p><strong>Q1: Ist es f\u00fcr Gro\u00dfbestellungen in Europa geeignet?<\/strong><br \/>\nA1: Ja, Hoch-Puff-Design und EU-Lagerbestand passen zum Einzelhandelsbedarf.<\/p>\n<p><strong>Q2: Ist das Boxendesign des Ger\u00e4ts wiederaufladbar?<\/strong><br \/>\nQ2: Ja, 35k Doppelgeschmack verwendet einen Typ-C-Anschluss f\u00fcr stabiles und bequemes Laden.<\/p>\n<p><strong>F3: Was macht das Dual-Geschmacksystem anders?<\/strong><br \/>\nF3: Doppel\u00f6lbeh\u00e4lter halten die Geschmacksrichtungen getrennt f\u00fcr einen saubereren Geschmack.<\/p>\n<p><strong>F4: Welche Nikotinoptionen gibt es f\u00fcr kleine Einweg-Vapes?<\/strong><br \/>\nF4: In der Regel 2% und 5% Optionen f\u00fcr unterschiedliche Vorlieben.<\/p>\n<p><strong>Kontaktieren Sie Lyn f\u00fcr weitere Produktvideos!<\/strong><\/p>\n<p><a href=\"https:\/\/wa.me\/8617840853976\"><span style=\"color: #ff6600\"><strong><em>WhatsApp:+86 17840853976<\/em><\/strong><\/span><\/a><\/p>\n<p><img loading=\"lazy\" decoding=\"async\" class=\"alignnone size-medium wp-image-1905\" src=\"http:\/\/rmvapebang.com\/wp-content\/uploads\/2024\/03\/whatsapp-vape-2-202x300.jpg\" alt=\"\" width=\"202\" height=\"300\" \/><\/p>\n<p>Finden Sie weitere Produkte, die Ihnen gefallen k\u00f6nnten:<a href=\"https:\/\/rmvapebang.com\/de\/shop-page\/\"><strong><em>Jetzt einkaufen<\/em><\/strong><\/a><\/p>\n<p>Andere Puffs, die Ihnen gefallen k\u00f6nnten:<\/p>\n<p><a href=\"https:\/\/rmvapebang.com\/de\/product\/al-fakher-8000-puffs-disposable-vape-2026-best-sale\/\"><em>Al Fakher 8000 Z\u00fcge Einweg-Vape EU-Lagerverkauf Rabattpreis<\/em><\/a><\/p>\n<p><a href=\"https:\/\/rmvapebang.com\/de\/product\/uwin-digital-68000-puffs-disposable-vape-with-smart-screen-type-c-rechargeable\/\">Uwin Digital 68000 Z\u00fcge Einweg-Vape mit Smart Screen, besseres Verkaufsprodukt<\/a><\/p>\n<p><a href=\"https:\/\/rmvapebang.com\/de\/product\/vapme-crystal-48000-puffs-long-lasting-rechargeable-disposable-vape\/\">48000 Z\u00fcge mit wiederaufladbarer Batterie, Vape zu gutem Preis<\/a><\/p>","protected":false},"excerpt":{"rendered":"<p><span style=\"color: #ff0000\"><strong>HINWEIS<\/strong>:\u00a0<em>Die<\/em>Die Preise auf der Website enthalten keine Versandkosten. Bitte senden Sie uns Ihre Postleitzahl und Adresse, damit wir die Versandkosten f\u00fcr Sie \u00fcberpr\u00fcfen k\u00f6nnen.<\/span><\/p>\n<p data-start=\"126\" data-end=\"385\">HIFANCY TWINS 35K Dual Flavor Einweg-Vape kombiniert eine Kapazit\u00e4t von 35000 Z\u00fcgen, Dual-\u00d6ltank-Technologie und ein wiederaufladbares Type-C-Design. F\u00fcr die europ\u00e4ische Gro\u00dfhandelsnachfrage entwickelt, bietet es stabile Leistung, starke Geschmackskonstanz und ein modernes Vollbildschirm-Erlebnis.<\/p>\n<p><a href=\"https:\/\/wa.me\/8617840853976\"><strong><em>WhatsApp:+86 17840853976<\/em><\/strong><\/a><br \/>\nF\u00fcr einen Neukunden-Coupon auf WhatsApp scannen<\/p>\n<p><img loading=\"lazy\" decoding=\"async\" class=\"alignnone size-medium wp-image-1905\" src=\"http:\/\/rmvapebang.com\/wp-content\/uploads\/2024\/03\/whatsapp-vape-2-202x300.jpg\" alt=\"\" width=\"202\" height=\"300\" \/><\/p>","protected":false},"featured_media":5687,"comment_status":"open","ping_status":"closed","template":"","meta":{"_uag_custom_page_level_css":"","_lmt_disableupdate":"no","_lmt_disable":"","site-sidebar-layout":"no-sidebar","site-content-layout":"boxed-container","ast-site-content-layout":"normal-width-container","site-content-style":"boxed","site-sidebar-style":"boxed","ast-global-header-display":"","ast-banner-title-visibility":"","ast-main-header-display":"","ast-hfb-above-header-display":"","ast-hfb-below-header-display":"","ast-hfb-mobile-header-display":"","site-post-title":"","ast-breadcrumbs-content":"","ast-featured-img":"","footer-sml-layout":"","theme-transparent-header-meta":"default","adv-header-id-meta":"","stick-header-meta":"","header-above-stick-meta":"","header-main-stick-meta":"","header-below-stick-meta":"","astra-migrate-meta-layouts":"set","ast-page-background-enabled":"default","ast-page-background-meta":{"desktop":{"background-color":"","background-image":"","background-repeat":"repeat","background-position":"center center","background-size":"auto","background-attachment":"scroll","background-type":"","background-media":"","overlay-type":"","overlay-color":"","overlay-gradient":""},"tablet":{"background-color":"","background-image":"","background-repeat":"repeat","background-position":"center center","background-size":"auto","background-attachment":"scroll","background-type":"","background-media":"","overlay-type":"","overlay-color":"","overlay-gradient":""},"mobile":{"background-color":"","background-image":"","background-repeat":"repeat","background-position":"center center","background-size":"auto","background-attachment":"scroll","background-type":"","background-media":"","overlay-type":"","overlay-color":"","overlay-gradient":""}},"ast-content-background-meta":{"desktop":{"background-color":"var(--ast-global-color-5)","background-image":"","background-repeat":"repeat","background-position":"center center","background-size":"auto","background-attachment":"scroll","background-type":"","background-media":"","overlay-type":"","overlay-color":"","overlay-gradient":""},"tablet":{"background-color":"var(--ast-global-color-5)","background-image":"","background-repeat":"repeat","background-position":"center center","background-size":"auto","background-attachment":"scroll","background-type":"","background-media":"","overlay-type":"","overlay-color":"","overlay-gradient":""},"mobile":{"background-color":"var(--ast-global-color-5)","background-image":"","background-repeat":"repeat","background-position":"center center","background-size":"auto","background-attachment":"scroll","background-type":"","background-media":"","overlay-type":"","overlay-color":"","overlay-gradient":""}},"_joinchat":{"telephone":"+8617840853976"}},"product_brand":[],"product_cat":[15,130,39,293,41,128,42,40,140,43],"product_tag":[142,141,50,61,58,53,52],"class_list":{"0":"post-5716","1":"product","2":"type-product","3":"status-publish","4":"has-post-thumbnail","6":"product_cat-eu-warehouse","7":"product_cat-digital-vapes-in-discount-price","8":"product_cat-france-wholesale-vape","9":"product_cat-hifancy-vapes","10":"product_cat-netherlands-wholesale-vape","11":"product_cat-smart-display","12":"product_cat-spain-wholesale-vape","13":"product_cat-germany-wholesale-vape","14":"product_cat-vape-35000-puffs","15":"product_cat-vape-shop","16":"product_tag-35000-puffs","17":"product_tag-35k-puffs","18":"product_tag-bulk-price-vape-shop","19":"product_tag-good-sales-vape","20":"product_tag-moq-50pcs","21":"product_tag-rechargeable-vape","22":"product_tag-vape-wholesasle-price","23":"desktop-align-left","24":"tablet-align-left","25":"mobile-align-left","27":"first","28":"instock","29":"sale","30":"shipping-taxable","31":"purchasable","32":"product-type-simple"},"yoast_head":"<!-- This site is optimized with the Yoast SEO plugin v23.0 - https:\/\/yoast.com\/wordpress\/plugins\/seo\/ -->\n<title>HIFANCY TWINS 35K Dual Flavor Disposable Vape - rmvapebang.com<\/title>\n<meta name=\"description\" content=\"HIFANCY TWINS 35K Dual Flavor Disposable Vape with 35000 puffs, rechargeable Type-C battery, dual oil tank design, ideal for EU wholesale markets.\" \/>\n<meta name=\"robots\" content=\"index, follow, max-snippet:-1, max-image-preview:large, max-video-preview:-1\" \/>\n<link rel=\"canonical\" href=\"https:\/\/rmvapebang.com\/de\/product\/hifancy-twins-35k-dual-flavor-disposable-vape\/\" \/>\n<meta property=\"og:locale\" content=\"de_DE\" \/>\n<meta property=\"og:type\" content=\"article\" \/>\n<meta property=\"og:title\" content=\"HIFANCY TWINS 35K Dual Flavor Disposable Vape - rmvapebang.com\" \/>\n<meta property=\"og:description\" content=\"HIFANCY TWINS 35K Dual Flavor Disposable Vape with 35000 puffs, rechargeable Type-C battery, dual oil tank design, ideal for EU wholesale markets.\" \/>\n<meta property=\"og:url\" content=\"https:\/\/rmvapebang.com\/de\/product\/hifancy-twins-35k-dual-flavor-disposable-vape\/\" \/>\n<meta property=\"og:site_name\" content=\"rmvapebang.com\" \/>\n<meta property=\"article:modified_time\" content=\"2026-04-06T11:39:11+00:00\" \/>\n<meta property=\"og:image\" content=\"http:\/\/rmvapebang.com\/wp-content\/uploads\/2026\/02\/HIFANCY-TWINS-35K-Puffs-Disposable-Vape.webp\" \/>\n\t<meta property=\"og:image:width\" content=\"800\" \/>\n\t<meta property=\"og:image:height\" content=\"800\" \/>\n\t<meta property=\"og:image:type\" content=\"image\/webp\" \/>\n<meta name=\"twitter:card\" content=\"summary_large_image\" \/>\n<meta name=\"twitter:label1\" content=\"Gesch\u00e4tzte Lesezeit\" \/>\n\t<meta name=\"twitter:data1\" content=\"3\u00a0Minuten\" \/>\n<script type=\"application\/ld+json\" class=\"yoast-schema-graph\">{\"@context\":\"https:\/\/schema.org\",\"@graph\":[{\"@type\":\"WebPage\",\"@id\":\"https:\/\/rmvapebang.com\/product\/hifancy-twins-35k-dual-flavor-disposable-vape\/\",\"url\":\"https:\/\/rmvapebang.com\/product\/hifancy-twins-35k-dual-flavor-disposable-vape\/\",\"name\":\"HIFANCY TWINS 35K Dual Flavor Disposable Vape - rmvapebang.com\",\"isPartOf\":{\"@id\":\"https:\/\/rmvapebang.com\/#website\"},\"primaryImageOfPage\":{\"@id\":\"https:\/\/rmvapebang.com\/product\/hifancy-twins-35k-dual-flavor-disposable-vape\/#primaryimage\"},\"image\":{\"@id\":\"https:\/\/rmvapebang.com\/product\/hifancy-twins-35k-dual-flavor-disposable-vape\/#primaryimage\"},\"thumbnailUrl\":\"https:\/\/rmvapebang.com\/wp-content\/uploads\/2026\/02\/HIFANCY-TWINS-35K-Puffs-Disposable-Vape.webp\",\"datePublished\":\"2026-02-27T17:23:28+00:00\",\"dateModified\":\"2026-04-06T11:39:11+00:00\",\"description\":\"HIFANCY TWINS 35K Dual Flavor Disposable Vape with 35000 puffs, rechargeable Type-C battery, dual oil tank design, ideal for EU wholesale markets.\",\"breadcrumb\":{\"@id\":\"https:\/\/rmvapebang.com\/product\/hifancy-twins-35k-dual-flavor-disposable-vape\/#breadcrumb\"},\"inLanguage\":\"de\",\"potentialAction\":[{\"@type\":\"ReadAction\",\"target\":[\"https:\/\/rmvapebang.com\/product\/hifancy-twins-35k-dual-flavor-disposable-vape\/\"]}]},{\"@type\":\"ImageObject\",\"inLanguage\":\"de\",\"@id\":\"https:\/\/rmvapebang.com\/product\/hifancy-twins-35k-dual-flavor-disposable-vape\/#primaryimage\",\"url\":\"https:\/\/rmvapebang.com\/wp-content\/uploads\/2026\/02\/HIFANCY-TWINS-35K-Puffs-Disposable-Vape.webp\",\"contentUrl\":\"https:\/\/rmvapebang.com\/wp-content\/uploads\/2026\/02\/HIFANCY-TWINS-35K-Puffs-Disposable-Vape.webp\",\"width\":800,\"height\":800,\"caption\":\"Sleek Dual Flavor 35K Puffs Vape with Rechargeable Battery\"},{\"@type\":\"BreadcrumbList\",\"@id\":\"https:\/\/rmvapebang.com\/product\/hifancy-twins-35k-dual-flavor-disposable-vape\/#breadcrumb\",\"itemListElement\":[{\"@type\":\"ListItem\",\"position\":1,\"name\":\"Home\",\"item\":\"https:\/\/rmvapebang.com\/\"},{\"@type\":\"ListItem\",\"position\":2,\"name\":\"Hot Vape Shop\",\"item\":\"https:\/\/rmvapebang.com\/shop-page\/\"},{\"@type\":\"ListItem\",\"position\":3,\"name\":\"HIFANCY TWINS 35K Dual Flavor Disposable Vape\"}]},{\"@type\":\"WebSite\",\"@id\":\"https:\/\/rmvapebang.com\/#website\",\"url\":\"https:\/\/rmvapebang.com\/\",\"name\":\"rmvapebang.com\",\"description\":\"buy vape cheap\",\"publisher\":{\"@id\":\"https:\/\/rmvapebang.com\/#organization\"},\"potentialAction\":[{\"@type\":\"SearchAction\",\"target\":{\"@type\":\"EntryPoint\",\"urlTemplate\":\"https:\/\/rmvapebang.com\/?s={search_term_string}\"},\"query-input\":\"required name=search_term_string\"}],\"inLanguage\":\"de\"},{\"@type\":\"Organization\",\"@id\":\"https:\/\/rmvapebang.com\/#organization\",\"name\":\"rmvapebang.com\",\"url\":\"https:\/\/rmvapebang.com\/\",\"logo\":{\"@type\":\"ImageObject\",\"inLanguage\":\"de\",\"@id\":\"https:\/\/rmvapebang.com\/#\/schema\/logo\/image\/\",\"url\":\"https:\/\/rmvapebang.com\/wp-content\/uploads\/2024\/03\/cropped-RVBlogo.png\",\"contentUrl\":\"https:\/\/rmvapebang.com\/wp-content\/uploads\/2024\/03\/cropped-RVBlogo.png\",\"width\":507,\"height\":169,\"caption\":\"rmvapebang.com\"},\"image\":{\"@id\":\"https:\/\/rmvapebang.com\/#\/schema\/logo\/image\/\"}}]}<\/script>\n<!-- \/ Yoast SEO plugin. -->","yoast_head_json":{"title":"HIFANCY TWINS 35K Dual Flavor Disposable Vape - rmvapebang.com","description":"HIFANCY TWINS 35K Dual Flavor Disposable Vape with 35000 puffs, rechargeable Type-C battery, dual oil tank design, ideal for EU wholesale markets.","robots":{"index":"index","follow":"follow","max-snippet":"max-snippet:-1","max-image-preview":"max-image-preview:large","max-video-preview":"max-video-preview:-1"},"canonical":"https:\/\/rmvapebang.com\/de\/product\/hifancy-twins-35k-dual-flavor-disposable-vape\/","og_locale":"de_DE","og_type":"article","og_title":"HIFANCY TWINS 35K Dual Flavor Disposable Vape - rmvapebang.com","og_description":"HIFANCY TWINS 35K Dual Flavor Disposable Vape with 35000 puffs, rechargeable Type-C battery, dual oil tank design, ideal for EU wholesale markets.","og_url":"https:\/\/rmvapebang.com\/de\/product\/hifancy-twins-35k-dual-flavor-disposable-vape\/","og_site_name":"rmvapebang.com","article_modified_time":"2026-04-06T11:39:11+00:00","og_image":[{"width":800,"height":800,"url":"http:\/\/rmvapebang.com\/wp-content\/uploads\/2026\/02\/HIFANCY-TWINS-35K-Puffs-Disposable-Vape.webp","type":"image\/webp"}],"twitter_card":"summary_large_image","twitter_misc":{"Gesch\u00e4tzte Lesezeit":"3\u00a0Minuten"},"schema":{"@context":"https:\/\/schema.org","@graph":[{"@type":"WebPage","@id":"https:\/\/rmvapebang.com\/product\/hifancy-twins-35k-dual-flavor-disposable-vape\/","url":"https:\/\/rmvapebang.com\/product\/hifancy-twins-35k-dual-flavor-disposable-vape\/","name":"HIFANCY TWINS 35K Dual Flavor Disposable Vape - rmvapebang.com","isPartOf":{"@id":"https:\/\/rmvapebang.com\/#website"},"primaryImageOfPage":{"@id":"https:\/\/rmvapebang.com\/product\/hifancy-twins-35k-dual-flavor-disposable-vape\/#primaryimage"},"image":{"@id":"https:\/\/rmvapebang.com\/product\/hifancy-twins-35k-dual-flavor-disposable-vape\/#primaryimage"},"thumbnailUrl":"https:\/\/rmvapebang.com\/wp-content\/uploads\/2026\/02\/HIFANCY-TWINS-35K-Puffs-Disposable-Vape.webp","datePublished":"2026-02-27T17:23:28+00:00","dateModified":"2026-04-06T11:39:11+00:00","description":"HIFANCY TWINS 35K Dual Flavor Disposable Vape with 35000 puffs, rechargeable Type-C battery, dual oil tank design, ideal for EU wholesale markets.","breadcrumb":{"@id":"https:\/\/rmvapebang.com\/product\/hifancy-twins-35k-dual-flavor-disposable-vape\/#breadcrumb"},"inLanguage":"de","potentialAction":[{"@type":"ReadAction","target":["https:\/\/rmvapebang.com\/product\/hifancy-twins-35k-dual-flavor-disposable-vape\/"]}]},{"@type":"ImageObject","inLanguage":"de","@id":"https:\/\/rmvapebang.com\/product\/hifancy-twins-35k-dual-flavor-disposable-vape\/#primaryimage","url":"https:\/\/rmvapebang.com\/wp-content\/uploads\/2026\/02\/HIFANCY-TWINS-35K-Puffs-Disposable-Vape.webp","contentUrl":"https:\/\/rmvapebang.com\/wp-content\/uploads\/2026\/02\/HIFANCY-TWINS-35K-Puffs-Disposable-Vape.webp","width":800,"height":800,"caption":"Sleek Dual Flavor 35K Puffs Vape with Rechargeable Battery"},{"@type":"BreadcrumbList","@id":"https:\/\/rmvapebang.com\/product\/hifancy-twins-35k-dual-flavor-disposable-vape\/#breadcrumb","itemListElement":[{"@type":"ListItem","position":1,"name":"Home","item":"https:\/\/rmvapebang.com\/"},{"@type":"ListItem","position":2,"name":"Hot Vape Shop","item":"https:\/\/rmvapebang.com\/shop-page\/"},{"@type":"ListItem","position":3,"name":"HIFANCY TWINS 35K Dual Flavor Disposable Vape"}]},{"@type":"WebSite","@id":"https:\/\/rmvapebang.com\/#website","url":"https:\/\/rmvapebang.com\/","name":"rmvapebang.com","description":"buy vape cheap","publisher":{"@id":"https:\/\/rmvapebang.com\/#organization"},"potentialAction":[{"@type":"SearchAction","target":{"@type":"EntryPoint","urlTemplate":"https:\/\/rmvapebang.com\/?s={search_term_string}"},"query-input":"required name=search_term_string"}],"inLanguage":"de"},{"@type":"Organization","@id":"https:\/\/rmvapebang.com\/#organization","name":"rmvapebang.com","url":"https:\/\/rmvapebang.com\/","logo":{"@type":"ImageObject","inLanguage":"de","@id":"https:\/\/rmvapebang.com\/#\/schema\/logo\/image\/","url":"https:\/\/rmvapebang.com\/wp-content\/uploads\/2024\/03\/cropped-RVBlogo.png","contentUrl":"https:\/\/rmvapebang.com\/wp-content\/uploads\/2024\/03\/cropped-RVBlogo.png","width":507,"height":169,"caption":"rmvapebang.com"},"image":{"@id":"https:\/\/rmvapebang.com\/#\/schema\/logo\/image\/"}}]}},"uagb_featured_image_src":{"full":["https:\/\/rmvapebang.com\/wp-content\/uploads\/2026\/02\/HIFANCY-TWINS-35K-Puffs-Disposable-Vape.webp",800,800,false],"thumbnail":["https:\/\/rmvapebang.com\/wp-content\/uploads\/2026\/02\/HIFANCY-TWINS-35K-Puffs-Disposable-Vape-150x150.webp",150,150,true],"medium":["https:\/\/rmvapebang.com\/wp-content\/uploads\/2026\/02\/HIFANCY-TWINS-35K-Puffs-Disposable-Vape-300x300.webp",300,300,true],"medium_large":["https:\/\/rmvapebang.com\/wp-content\/uploads\/2026\/02\/HIFANCY-TWINS-35K-Puffs-Disposable-Vape-768x768.webp",768,768,true],"large":["https:\/\/rmvapebang.com\/wp-content\/uploads\/2026\/02\/HIFANCY-TWINS-35K-Puffs-Disposable-Vape.webp",800,800,false],"1536x1536":["https:\/\/rmvapebang.com\/wp-content\/uploads\/2026\/02\/HIFANCY-TWINS-35K-Puffs-Disposable-Vape.webp",800,800,false],"2048x2048":["https:\/\/rmvapebang.com\/wp-content\/uploads\/2026\/02\/HIFANCY-TWINS-35K-Puffs-Disposable-Vape.webp",800,800,false],"trp-custom-language-flag":["https:\/\/rmvapebang.com\/wp-content\/uploads\/2026\/02\/HIFANCY-TWINS-35K-Puffs-Disposable-Vape-12x12.webp",12,12,true],"woocommerce_thumbnail":["https:\/\/rmvapebang.com\/wp-content\/uploads\/2026\/02\/HIFANCY-TWINS-35K-Puffs-Disposable-Vape-300x300.webp",300,300,true],"woocommerce_single":["https:\/\/rmvapebang.com\/wp-content\/uploads\/2026\/02\/HIFANCY-TWINS-35K-Puffs-Disposable-Vape-600x600.webp",600,600,true],"woocommerce_gallery_thumbnail":["https:\/\/rmvapebang.com\/wp-content\/uploads\/2026\/02\/HIFANCY-TWINS-35K-Puffs-Disposable-Vape-100x100.webp",100,100,true],"wcpr-photo-reviews":["https:\/\/rmvapebang.com\/wp-content\/uploads\/2026\/02\/HIFANCY-TWINS-35K-Puffs-Disposable-Vape.webp",500,500,false]},"uagb_author_info":{"display_name":"Lyn","author_link":"https:\/\/rmvapebang.com\/de\/author\/"},"uagb_comment_info":0,"uagb_excerpt":"NOTE:\u00a0Prices on the website don\u2019t include shipping fee. Please send your zip code and address that we can check shipping costs for you. HIFANCY TWINS 35K Dual Flavor Disposable Vape combines 35000 puffs capacity, dual oil tank technology, and Type-C rechargeable design. Built for European wholesale demand, it delivers stable performance, strong flavor consistency, and&hellip;","_links":{"self":[{"href":"https:\/\/rmvapebang.com\/de\/wp-json\/wp\/v2\/product\/5716","targetHints":{"allow":["GET"]}}],"collection":[{"href":"https:\/\/rmvapebang.com\/de\/wp-json\/wp\/v2\/product"}],"about":[{"href":"https:\/\/rmvapebang.com\/de\/wp-json\/wp\/v2\/types\/product"}],"replies":[{"embeddable":true,"href":"https:\/\/rmvapebang.com\/de\/wp-json\/wp\/v2\/comments?post=5716"}],"wp:featuredmedia":[{"embeddable":true,"href":"https:\/\/rmvapebang.com\/de\/wp-json\/wp\/v2\/media\/5687"}],"wp:attachment":[{"href":"https:\/\/rmvapebang.com\/de\/wp-json\/wp\/v2\/media?parent=5716"}],"wp:term":[{"taxonomy":"product_brand","embeddable":true,"href":"https:\/\/rmvapebang.com\/de\/wp-json\/wp\/v2\/product_brand?post=5716"},{"taxonomy":"product_cat","embeddable":true,"href":"https:\/\/rmvapebang.com\/de\/wp-json\/wp\/v2\/product_cat?post=5716"},{"taxonomy":"product_tag","embeddable":true,"href":"https:\/\/rmvapebang.com\/de\/wp-json\/wp\/v2\/product_tag?post=5716"}],"curies":[{"name":"wp","href":"https:\/\/api.w.org\/{rel}","templated":true}]}}