{"id":5425,"date":"2026-01-03T10:18:44","date_gmt":"2026-01-03T02:18:44","guid":{"rendered":"https:\/\/rmvapebang.com\/?post_type=product&#038;p=5425"},"modified":"2026-04-06T19:41:11","modified_gmt":"2026-04-06T11:41:11","slug":"50000-puffs-dual-flavor-disposable-vape-with-smart-screen-type-c-charging","status":"publish","type":"product","link":"https:\/\/rmvapebang.com\/de\/product\/50000-puffs-dual-flavor-disposable-vape-with-smart-screen-type-c-charging\/","title":{"rendered":"50000 Z\u00fcge Dual-Geschmacks Einweg-Vape mit Smart Screen Typ-C-Ladung"},"content":{"rendered":"<h2>50000 Z\u00fcge Dual-Geschmacks Einweg-Vape mit Smart Screen Typ-C-Ladung<\/h2>\n<p>50000 Z\u00fcge Dual-Geschmacks-Einweg-Vape mit <strong><em><a href=\"https:\/\/rmvapebang.com\/de\/produkt-kategorie\/smart-display\/\">Intelligentem Bildschirm<\/a><\/em><\/strong> Type-C-Ladung mit einem Dual-Geschmacks-System, 10ml + 10ml Kapazit\u00e4t, Vape mit digital 50k Z\u00fcgen erm\u00f6glicht ein sanftes Wechseln zwischen den Geschmacksrichtungen durch einen rotierenden Mundst\u00fcck.<\/p>\n<p><em><strong><a href=\"https:\/\/rmvapebang.com\/de\/produkt-kategorie\/vape-50000-puffs\/\">Einweg-Vape mit 50000 Z\u00fcgen<\/a><\/strong><\/em> Digitales Geh\u00e4use betrieben von einer wiederaufladbaren 950mAh-Batterie mit Type-C-Schnellladung, sorgt f\u00fcr zuverl\u00e4ssigen t\u00e4glichen Gebrauch. Die 0,9\u03a9 Mesh-Spule liefert gleichm\u00e4\u00dfigen Dampf und reinen Geschmack, w\u00e4hrend das<a href=\"https:\/\/rmvapebang.com\/de\/produkt-kategorie\/smart-display\/\"><strong><em> intelligente Display<\/em><\/strong><\/a> deutlich Batteriestand und E-Liquid-Level anzeigt.<br \/>\nDer <a href=\"https:\/\/rmvapebang.com\/de\/produkt-kategorie\/digital-vapes-in-discount-price\/\"><em><strong>Digitales Geh\u00e4use-Ger\u00e4t<\/strong><\/em><\/a> 50k Z\u00fcge Vape mit optionalem 2% oder 5% Nikotin, und der doppelte Geschmacks-Einweg-Vape ist f\u00fcr erwachsene Dampfer konzipiert, die Bequemlichkeit, Haltbarkeit und ein Premium-Dampferlebnis suchen.<\/p>\n<figure id=\"attachment_5421\" aria-describedby=\"caption-attachment-5421\" style=\"width: 800px\" class=\"wp-caption alignnone\"><img loading=\"lazy\" decoding=\"async\" class=\"wp-image-5421 size-full\" src=\"http:\/\/rmvapebang.com\/wp-content\/uploads\/2025\/12\/fumot-eco-50k-dual-flavor-vape-device.png\" alt=\"fumot-eco-50k-dual-flavor-vape-ger\u00e4t\" width=\"800\" height=\"630\" srcset=\"https:\/\/rmvapebang.com\/wp-content\/uploads\/2025\/12\/fumot-eco-50k-dual-flavor-vape-device.png 800w, https:\/\/rmvapebang.com\/wp-content\/uploads\/2025\/12\/fumot-eco-50k-dual-flavor-vape-device-300x236.png 300w, https:\/\/rmvapebang.com\/wp-content\/uploads\/2025\/12\/fumot-eco-50k-dual-flavor-vape-device-768x605.png 768w, https:\/\/rmvapebang.com\/wp-content\/uploads\/2025\/12\/fumot-eco-50k-dual-flavor-vape-device-15x12.png 15w, https:\/\/rmvapebang.com\/wp-content\/uploads\/2025\/12\/fumot-eco-50k-dual-flavor-vape-device-600x473.png 600w\" sizes=\"auto, (max-width: 800px) 100vw, 800px\" \/><figcaption id=\"caption-attachment-5421\" class=\"wp-caption-text\">fumot-eco-50k-dual-flavor-vape-ger\u00e4t<\/figcaption><\/figure>\n<h2><strong> Eigenschaften\u00a0d<\/strong><strong>Einweg-Digital 50k Z\u00fcge<\/strong><\/h2>\n<p>\ud83d\udd0b Bis zu 50000 Z\u00fcge\u2014Langlebige Leistung f\u00fcr l\u00e4ngeren t\u00e4glichen Gebrauch ohne h\u00e4ufigen Austausch.<br \/>\n\ud83d\udd04 Dual-Geschmacks-System\u2014Doppelter Geschmack mit rotierendem Mundst\u00fcck f\u00fcr einfaches Wechseln zwischen zwei Geschmacksrichtungen.<br \/>\n\u26a1 950mAh wiederaufladbare Batterie\u2014Hochkapazit\u00e4tsbatterie sorgt f\u00fcr stabile Leistung und lange Nutzungsdauer.<br \/>\n\ud83d\udd0c Type-C-Schnellladung\u2014Moderner Type-C-Ladeanschluss f\u00fcr schnellere, sicherere und effizientere Ladung.<br \/>\n\ud83d\udd25 0,9\u03a9 Mesh-Spule\u2014Erzeugt sanften Dampf und gleichbleibenden Geschmack.<br \/>\n\ud83d\udcf1 Intelligenter Bildschirm\u2014Echtzeit-Anzeige zeigt Batteriestand und Ger\u00e4testatus deutlich.<br \/>\n\ud83c\udfa8 Modernes transparentes Design\u2014Stilvoller transparenter K\u00f6rper mit auff\u00e4lligen Farboptionen, f\u00fcr visuelle Attraktivit\u00e4t gebaut.<\/p>\n<h2><strong>Geschmacksliste f\u00fcr 50000 Z\u00fcge<\/strong><\/h2>\n<p>1. Schwarze Mamba &amp; Herr Blau<br \/>\n2. Schwarzes Eis &amp; Trauben-Eis<br \/>\n3. Pfirsich-Eis &amp; Wei\u00dfe Mamba<br \/>\n4. Lady Killer &amp; Love 66<br \/>\n5. Blaubeer Hubba Bubba &amp; Wassermelonen Hubba Bubba<br \/>\n6. Trauben-Gummib\u00e4rchen &amp; Erdbeer-Gummib\u00e4rchen<br \/>\n7. Saure Apfel &amp; Saftiger Pfirsich<br \/>\n8. Fanta &amp; Cola Eis<br \/>\n9. Gummib\u00e4rchen &amp; Skittles<br \/>\n10. Kaktus-Eis &amp; Kaktus-Kiwi<br \/>\n11. Pfirsich-Mango-Wassermelone &amp; Pina Colada<br \/>\n12. Kirsche-Eis &amp; Blaue Himbeere Kirsche<br \/>\n13. Frische Minze &amp; Wassermelonen-Eis<br \/>\n14. Zitrone &amp; Limette &amp; Erdbeer-Wassermelone<br \/>\n15. Pinke Limonade &amp; Saure S\u00fc\u00dfigkeiten<br \/>\n16. Vimto &amp; Wassermelonen-Kaugummi<br \/>\n17. Bananen-Eis &amp; Schwarzer Drache-Eis<br \/>\n18. Blaue Himbeere Gummib\u00e4rchen &amp; Blaue Himbeere Eispop<br \/>\n19. Eispop &amp; Kiwi-Passionsfrucht Guave<br \/>\n20. Erdbeer-Eis &amp; Huckleberry<br \/>\n21. Gemischte Beeren &amp; Blue Razz Limonade<br \/>\n22. Redbull Eis &amp; Blaubeer-Pfirsich-Eis<br \/>\n23. Erdbeer-Kiwi &amp; Blaubeer-Sauer-Raspberry<br \/>\n24. Cola-Zitrone &amp; Ananas-Zitrone-Gr\u00fcnapfel<\/p>\n<h2><strong>FAQ\u2013Digital 50000 Z\u00fcge Bildschirm-Vape<\/strong><\/h2>\n<p><strong>Q1: Hat die Einweg-Vape mit 50k eine Anzeige?<\/strong><br \/>\nA1: Ja, ein intelligenter Bildschirm zeigt Batteriestatus und Ger\u00e4teinformationen.<\/p>\n<p><strong>Q2: Unterst\u00fctzt die digitale Box Doppelgeschmacksrichtungen?<\/strong><br \/>\nA2: Ja, sie verf\u00fcgt \u00fcber ein Doppelgeschmacksystem mit rotierendem Mundst\u00fcck.<\/p>\n<p><strong>Q3: Ist die Einweg-Box-Vape mit 50000 Z\u00fcgen wiederaufladbar?<\/strong><br \/>\nA3: Ja, digitale Vape mit 50k Z\u00fcgen hat eine 950mAh Batterie mit Typ-C-Ladung.<\/p>\n<p><strong>Q4: Welche Nikotinoptionen gibt es f\u00fcr die digitale Box 50k Vape?<\/strong><br \/>\nA4: Verf\u00fcgbar in den Optionen 2% und 5%.<\/p>\n<p><em>Kontaktieren Sie Lyn f\u00fcr weitere Vape-Videos!<\/em><br \/>\n<a href=\"https:\/\/wa.me\/8617840853976\"><span style=\"color: #ff6600\"><strong><em>Whatsapp: +86 17840853976<\/em><\/strong><\/span><\/a><\/p>\n<p><img loading=\"lazy\" decoding=\"async\" class=\"alignnone size-medium wp-image-1905\" src=\"http:\/\/rmvapebang.com\/wp-content\/uploads\/2024\/03\/whatsapp-vape-2-202x300.jpg\" alt=\"WhatsApp-Kontakt Vape\" width=\"202\" height=\"300\" \/><\/p>\n<p>Weitere Produkte, die Ihnen gefallen k\u00f6nnten: <a href=\"https:\/\/rmvapebang.com\/de\/\"><strong><em>Jetzt kaufen<\/em><\/strong><\/a><\/p>\n<p>Das k\u00f6nnte Ihnen auch gefallen:<\/p>\n<p><a href=\"https:\/\/rmvapebang.com\/de\/produkt\/okso-120k-puffs-6-in-1-flavors-disposable-vape-with-led-display\/\">OKSO 6-in-1 Einweg-Vape 120000 Z\u00fcge<\/a><\/p>\n<p><a href=\"https:\/\/rmvapebang.com\/de\/produkt\/buy-airmez-fox-2-in-1-80000-puffs-eu-warehouse-fast-shipping\/\">Airmez Kristall 80000 Vape Eu Lagerhauspreis<\/a><\/p>\n<p><a href=\"https:\/\/rmvapebang.com\/de\/produkt\/razzbar-crystal-10000-puff-vape-hot-bulk-sale-travel-friendly\/\">RAZZBAR Kristall 10000 Z\u00fcge Vape Stift Gro\u00dfhandelspreis<\/a><\/p>\n<p><a href=\"https:\/\/rmvapebang.com\/de\/produkt\/bang-beach-38000-diposable-vape-discount-price-good-sale-vape\/\">Bang Beach 38000 Z\u00fcge Smart Display Vape<\/a><\/p>","protected":false},"excerpt":{"rendered":"<p><span style=\"color: #ff0000\"><strong>HINWEIS<\/strong>: <em>Die Preise auf der Website enthalten keine Versandkosten. Bitte senden Sie uns Ihre Postleitzahl und Adresse, damit wir die Versandkosten f\u00fcr Sie \u00fcberpr\u00fcfen k\u00f6nnen.<\/em><\/span><\/p>\n<div class=\"dad65929\">\n<div class=\"f9bf7997 d7dc56a8 c05b5566\">\n<div class=\"ds-markdown ds-markdown--block\">\n<p>Ein Einweg-Vape mit 50000 Z\u00fcgen ist f\u00fcr Nutzer konzipiert, die langlebige Leistung, doppelte Geschmackswechsel und zuverl\u00e4ssige Batterielebensdauer suchen. Mit einem intelligenten Display und Type-C-Ladung bietet es ein modernes Dampferlebnis, das f\u00fcr den t\u00e4glichen Gebrauch geeignet ist.<\/p>\n<\/div>\n<\/div>\n<\/div>\n<p><strong><em><span style=\"vertical-align: inherit\"><span style=\"vertical-align: inherit\">Whatsapp: <\/span><\/span><a href=\"https:\/\/wa.me\/8617840853976\"><span style=\"vertical-align: inherit\"><span style=\"vertical-align: inherit\">+86 17840853976<\/span><\/span><\/a><br \/>\n<\/em><\/strong><img loading=\"lazy\" decoding=\"async\" class=\"alignnone wp-image-1905\" src=\"http:\/\/rmvapebang.com\/wp-content\/uploads\/2024\/03\/whatsapp-vape-2-202x300.jpg\" alt=\"\" width=\"213\" height=\"316\" \/><br \/>\n<em><span style=\"vertical-align: inherit\"><span style=\"vertical-align: inherit\">Scannen Sie WhatsApp, um Kunden-Coupons zu erhalten\uff08Wenn Sie nur 50 St\u00fcck m\u00f6chten, <a href=\"https:\/\/wa.me\/8617840853976\">kontaktieren Sie mich bitte \u00fcber WhatsApp.<\/a><\/span><\/span><a href=\"https:\/\/wa.me\/8617840853976\"><span style=\"vertical-align: inherit\"><span style=\"vertical-align: inherit\">\uff09<\/span><\/span><\/a><\/em><\/p>","protected":false},"featured_media":5418,"comment_status":"open","ping_status":"closed","template":"","meta":{"_uag_custom_page_level_css":"","_lmt_disableupdate":"no","_lmt_disable":"","site-sidebar-layout":"no-sidebar","site-content-layout":"boxed-container","ast-site-content-layout":"normal-width-container","site-content-style":"boxed","site-sidebar-style":"boxed","ast-global-header-display":"","ast-banner-title-visibility":"","ast-main-header-display":"","ast-hfb-above-header-display":"","ast-hfb-below-header-display":"","ast-hfb-mobile-header-display":"","site-post-title":"","ast-breadcrumbs-content":"","ast-featured-img":"","footer-sml-layout":"","ast-disable-related-posts":"","theme-transparent-header-meta":"default","adv-header-id-meta":"","stick-header-meta":"","header-above-stick-meta":"","header-main-stick-meta":"","header-below-stick-meta":"","astra-migrate-meta-layouts":"set","ast-page-background-enabled":"default","ast-page-background-meta":{"desktop":{"background-color":"","background-image":"","background-repeat":"repeat","background-position":"center center","background-size":"auto","background-attachment":"scroll","background-type":"","background-media":"","overlay-type":"","overlay-color":"","overlay-opacity":"","overlay-gradient":""},"tablet":{"background-color":"","background-image":"","background-repeat":"repeat","background-position":"center center","background-size":"auto","background-attachment":"scroll","background-type":"","background-media":"","overlay-type":"","overlay-color":"","overlay-opacity":"","overlay-gradient":""},"mobile":{"background-color":"","background-image":"","background-repeat":"repeat","background-position":"center center","background-size":"auto","background-attachment":"scroll","background-type":"","background-media":"","overlay-type":"","overlay-color":"","overlay-opacity":"","overlay-gradient":""}},"ast-content-background-meta":{"desktop":{"background-color":"var(--ast-global-color-4)","background-image":"","background-repeat":"repeat","background-position":"center center","background-size":"auto","background-attachment":"scroll","background-type":"","background-media":"","overlay-type":"","overlay-color":"","overlay-opacity":"","overlay-gradient":""},"tablet":{"background-color":"var(--ast-global-color-4)","background-image":"","background-repeat":"repeat","background-position":"center center","background-size":"auto","background-attachment":"scroll","background-type":"","background-media":"","overlay-type":"","overlay-color":"","overlay-opacity":"","overlay-gradient":""},"mobile":{"background-color":"var(--ast-global-color-4)","background-image":"","background-repeat":"repeat","background-position":"center center","background-size":"auto","background-attachment":"scroll","background-type":"","background-media":"","overlay-type":"","overlay-color":"","overlay-opacity":"","overlay-gradient":""}},"_joinchat":[]},"product_brand":[],"product_cat":[130,15,39,41,128,42,40,131,129,163,43],"product_tag":[165,166,51,67,57,58,73,53,52],"class_list":{"0":"post-5425","1":"product","2":"type-product","3":"status-publish","4":"has-post-thumbnail","6":"product_cat-digital-vapes-in-discount-price","7":"product_cat-eu-warehouse","8":"product_cat-france-wholesale-vape","9":"product_cat-netherlands-wholesale-vape","10":"product_cat-smart-display","11":"product_cat-spain-wholesale-vape","12":"product_cat-germany-wholesale-vape","13":"product_cat-tornado-vape-wholesale-price-hot-sale","14":"product_cat-tornado-vapes","15":"product_cat-vape-50000-puffs","16":"product_cat-vape-shop","17":"product_tag-50000-puffs","18":"product_tag-50k-puffs","19":"product_tag-disposable-vape","20":"product_tag-fast-price-sales","21":"product_tag-minimum-order-quantity-50pcs","22":"product_tag-moq-50pcs","23":"product_tag-new-product","24":"product_tag-rechargeable-vape","25":"product_tag-vape-wholesasle-price","26":"desktop-align-left","27":"tablet-align-left","28":"mobile-align-left","30":"first","31":"instock","32":"sale","33":"shipping-taxable","34":"purchasable","35":"product-type-simple"},"yoast_head":"<!-- This site is optimized with the Yoast SEO plugin v27.4 - https:\/\/yoast.com\/product\/yoast-seo-wordpress\/ -->\n<title>50000 Puffs Dual Flavor Disposable Vape with Smart Screen Type-C Charging - rmvapebang.com<\/title>\n<meta name=\"description\" content=\"50000 puffs disposable vape with dual flavor system, 950mAh battery, smart display and Type-C charging. Designed for smooth, long-lasting performance.\" \/>\n<meta name=\"robots\" content=\"index, follow, max-snippet:-1, max-image-preview:large, max-video-preview:-1\" \/>\n<link rel=\"canonical\" href=\"https:\/\/rmvapebang.com\/de\/produkt\/50000-puffs-dual-flavor-disposable-vape-with-smart-screen-type-c-charging\/\" \/>\n<meta property=\"og:locale\" content=\"de_DE\" \/>\n<meta property=\"og:type\" content=\"article\" \/>\n<meta property=\"og:title\" content=\"50000 Puffs Dual Flavor Disposable Vape with Smart Screen Type-C Charging - rmvapebang.com\" \/>\n<meta property=\"og:description\" content=\"50000 puffs disposable vape with dual flavor system, 950mAh battery, smart display and Type-C charging. Designed for smooth, long-lasting performance.\" \/>\n<meta property=\"og:url\" content=\"https:\/\/rmvapebang.com\/de\/produkt\/50000-puffs-dual-flavor-disposable-vape-with-smart-screen-type-c-charging\/\" \/>\n<meta property=\"og:site_name\" content=\"rmvapebang.com\" \/>\n<meta property=\"article:modified_time\" content=\"2026-04-06T11:41:11+00:00\" \/>\n<meta property=\"og:image\" content=\"http:\/\/rmvapebang.com\/wp-content\/uploads\/2025\/12\/fumot-eco-2in1-50000-puffs-disposable-vape.png\" \/>\n\t<meta property=\"og:image:width\" content=\"800\" \/>\n\t<meta property=\"og:image:height\" content=\"800\" \/>\n\t<meta property=\"og:image:type\" content=\"image\/png\" \/>\n<meta name=\"twitter:card\" content=\"summary_large_image\" \/>\n<meta name=\"twitter:label1\" content=\"Gesch\u00e4tzte Lesezeit\" \/>\n\t<meta name=\"twitter:data1\" content=\"3\u00a0Minuten\" \/>\n<script type=\"application\/ld+json\" class=\"yoast-schema-graph\">{\"@context\":\"https:\\\/\\\/schema.org\",\"@graph\":[{\"@type\":\"WebPage\",\"@id\":\"https:\\\/\\\/rmvapebang.com\\\/product\\\/50000-puffs-dual-flavor-disposable-vape-with-smart-screen-type-c-charging\\\/\",\"url\":\"https:\\\/\\\/rmvapebang.com\\\/product\\\/50000-puffs-dual-flavor-disposable-vape-with-smart-screen-type-c-charging\\\/\",\"name\":\"50000 Puffs Dual Flavor Disposable Vape with Smart Screen Type-C Charging - rmvapebang.com\",\"isPartOf\":{\"@id\":\"https:\\\/\\\/rmvapebang.com\\\/#website\"},\"primaryImageOfPage\":{\"@id\":\"https:\\\/\\\/rmvapebang.com\\\/product\\\/50000-puffs-dual-flavor-disposable-vape-with-smart-screen-type-c-charging\\\/#primaryimage\"},\"image\":{\"@id\":\"https:\\\/\\\/rmvapebang.com\\\/product\\\/50000-puffs-dual-flavor-disposable-vape-with-smart-screen-type-c-charging\\\/#primaryimage\"},\"thumbnailUrl\":\"https:\\\/\\\/rmvapebang.com\\\/wp-content\\\/uploads\\\/2025\\\/12\\\/fumot-eco-2in1-50000-puffs-disposable-vape.png\",\"datePublished\":\"2026-01-03T02:18:44+00:00\",\"dateModified\":\"2026-04-06T11:41:11+00:00\",\"description\":\"50000 puffs disposable vape with dual flavor system, 950mAh battery, smart display and Type-C charging. Designed for smooth, long-lasting performance.\",\"breadcrumb\":{\"@id\":\"https:\\\/\\\/rmvapebang.com\\\/product\\\/50000-puffs-dual-flavor-disposable-vape-with-smart-screen-type-c-charging\\\/#breadcrumb\"},\"inLanguage\":\"de\",\"potentialAction\":[{\"@type\":\"ReadAction\",\"target\":[\"https:\\\/\\\/rmvapebang.com\\\/product\\\/50000-puffs-dual-flavor-disposable-vape-with-smart-screen-type-c-charging\\\/\"]}]},{\"@type\":\"ImageObject\",\"inLanguage\":\"de\",\"@id\":\"https:\\\/\\\/rmvapebang.com\\\/product\\\/50000-puffs-dual-flavor-disposable-vape-with-smart-screen-type-c-charging\\\/#primaryimage\",\"url\":\"https:\\\/\\\/rmvapebang.com\\\/wp-content\\\/uploads\\\/2025\\\/12\\\/fumot-eco-2in1-50000-puffs-disposable-vape.png\",\"contentUrl\":\"https:\\\/\\\/rmvapebang.com\\\/wp-content\\\/uploads\\\/2025\\\/12\\\/fumot-eco-2in1-50000-puffs-disposable-vape.png\",\"width\":800,\"height\":800,\"caption\":\"fumot-eco-2in1-50000-puffs-disposable-vape\"},{\"@type\":\"BreadcrumbList\",\"@id\":\"https:\\\/\\\/rmvapebang.com\\\/product\\\/50000-puffs-dual-flavor-disposable-vape-with-smart-screen-type-c-charging\\\/#breadcrumb\",\"itemListElement\":[{\"@type\":\"ListItem\",\"position\":1,\"name\":\"Home\",\"item\":\"https:\\\/\\\/rmvapebang.com\\\/\"},{\"@type\":\"ListItem\",\"position\":2,\"name\":\"Hot Vape Shop\",\"item\":\"https:\\\/\\\/rmvapebang.com\\\/shop-page\\\/\"},{\"@type\":\"ListItem\",\"position\":3,\"name\":\"50000 Puffs Dual Flavor Disposable Vape with Smart Screen Type-C Charging\"}]},{\"@type\":\"WebSite\",\"@id\":\"https:\\\/\\\/rmvapebang.com\\\/#website\",\"url\":\"https:\\\/\\\/rmvapebang.com\\\/\",\"name\":\"rmvapebang.com\",\"description\":\"buy vape cheap\",\"publisher\":{\"@id\":\"https:\\\/\\\/rmvapebang.com\\\/#organization\"},\"potentialAction\":[{\"@type\":\"SearchAction\",\"target\":{\"@type\":\"EntryPoint\",\"urlTemplate\":\"https:\\\/\\\/rmvapebang.com\\\/?s={search_term_string}\"},\"query-input\":{\"@type\":\"PropertyValueSpecification\",\"valueRequired\":true,\"valueName\":\"search_term_string\"}}],\"inLanguage\":\"de\"},{\"@type\":\"Organization\",\"@id\":\"https:\\\/\\\/rmvapebang.com\\\/#organization\",\"name\":\"rmvapebang.com\",\"url\":\"https:\\\/\\\/rmvapebang.com\\\/\",\"logo\":{\"@type\":\"ImageObject\",\"inLanguage\":\"de\",\"@id\":\"https:\\\/\\\/rmvapebang.com\\\/#\\\/schema\\\/logo\\\/image\\\/\",\"url\":\"https:\\\/\\\/rmvapebang.com\\\/wp-content\\\/uploads\\\/2024\\\/03\\\/cropped-RVBlogo.png\",\"contentUrl\":\"https:\\\/\\\/rmvapebang.com\\\/wp-content\\\/uploads\\\/2024\\\/03\\\/cropped-RVBlogo.png\",\"width\":507,\"height\":169,\"caption\":\"rmvapebang.com\"},\"image\":{\"@id\":\"https:\\\/\\\/rmvapebang.com\\\/#\\\/schema\\\/logo\\\/image\\\/\"}}]}<\/script>\n<!-- \/ Yoast SEO plugin. -->","yoast_head_json":{"title":"50000 Z\u00fcge Dual-Geschmack-Einweg-Dampf mit intelligentem Bildschirm Type-C-Ladung - rmvapebang.com","description":"Einweg-Vape mit 50000 Z\u00fcgen und Dual-Flavor-System, 950mAh Akku, Smart-Display und Type-C Ladeanschluss. Entwickelt f\u00fcr reibungslose, langlebige Leistung.","robots":{"index":"index","follow":"follow","max-snippet":"max-snippet:-1","max-image-preview":"max-image-preview:large","max-video-preview":"max-video-preview:-1"},"canonical":"https:\/\/rmvapebang.com\/de\/produkt\/50000-puffs-dual-flavor-disposable-vape-with-smart-screen-type-c-charging\/","og_locale":"de_DE","og_type":"article","og_title":"50000 Puffs Dual Flavor Disposable Vape with Smart Screen Type-C Charging - rmvapebang.com","og_description":"50000 puffs disposable vape with dual flavor system, 950mAh battery, smart display and Type-C charging. Designed for smooth, long-lasting performance.","og_url":"https:\/\/rmvapebang.com\/de\/produkt\/50000-puffs-dual-flavor-disposable-vape-with-smart-screen-type-c-charging\/","og_site_name":"rmvapebang.com","article_modified_time":"2026-04-06T11:41:11+00:00","og_image":[{"width":800,"height":800,"url":"http:\/\/rmvapebang.com\/wp-content\/uploads\/2025\/12\/fumot-eco-2in1-50000-puffs-disposable-vape.png","type":"image\/png"}],"twitter_card":"summary_large_image","twitter_misc":{"Gesch\u00e4tzte Lesezeit":"3\u00a0Minuten"},"schema":{"@context":"https:\/\/schema.org","@graph":[{"@type":"WebPage","@id":"https:\/\/rmvapebang.com\/product\/50000-puffs-dual-flavor-disposable-vape-with-smart-screen-type-c-charging\/","url":"https:\/\/rmvapebang.com\/product\/50000-puffs-dual-flavor-disposable-vape-with-smart-screen-type-c-charging\/","name":"50000 Z\u00fcge Dual-Geschmack-Einweg-Dampf mit intelligentem Bildschirm Type-C-Ladung - rmvapebang.com","isPartOf":{"@id":"https:\/\/rmvapebang.com\/#website"},"primaryImageOfPage":{"@id":"https:\/\/rmvapebang.com\/product\/50000-puffs-dual-flavor-disposable-vape-with-smart-screen-type-c-charging\/#primaryimage"},"image":{"@id":"https:\/\/rmvapebang.com\/product\/50000-puffs-dual-flavor-disposable-vape-with-smart-screen-type-c-charging\/#primaryimage"},"thumbnailUrl":"https:\/\/rmvapebang.com\/wp-content\/uploads\/2025\/12\/fumot-eco-2in1-50000-puffs-disposable-vape.png","datePublished":"2026-01-03T02:18:44+00:00","dateModified":"2026-04-06T11:41:11+00:00","description":"Einweg-Vape mit 50000 Z\u00fcgen und Dual-Flavor-System, 950mAh Akku, Smart-Display und Type-C Ladeanschluss. Entwickelt f\u00fcr reibungslose, langlebige Leistung.","breadcrumb":{"@id":"https:\/\/rmvapebang.com\/product\/50000-puffs-dual-flavor-disposable-vape-with-smart-screen-type-c-charging\/#breadcrumb"},"inLanguage":"de","potentialAction":[{"@type":"ReadAction","target":["https:\/\/rmvapebang.com\/product\/50000-puffs-dual-flavor-disposable-vape-with-smart-screen-type-c-charging\/"]}]},{"@type":"ImageObject","inLanguage":"de","@id":"https:\/\/rmvapebang.com\/product\/50000-puffs-dual-flavor-disposable-vape-with-smart-screen-type-c-charging\/#primaryimage","url":"https:\/\/rmvapebang.com\/wp-content\/uploads\/2025\/12\/fumot-eco-2in1-50000-puffs-disposable-vape.png","contentUrl":"https:\/\/rmvapebang.com\/wp-content\/uploads\/2025\/12\/fumot-eco-2in1-50000-puffs-disposable-vape.png","width":800,"height":800,"caption":"fumot-eco-2in1-50000-puffs-disposable-vape"},{"@type":"BreadcrumbList","@id":"https:\/\/rmvapebang.com\/product\/50000-puffs-dual-flavor-disposable-vape-with-smart-screen-type-c-charging\/#breadcrumb","itemListElement":[{"@type":"ListItem","position":1,"name":"Home","item":"https:\/\/rmvapebang.com\/"},{"@type":"ListItem","position":2,"name":"Hot Vape Shop","item":"https:\/\/rmvapebang.com\/shop-page\/"},{"@type":"ListItem","position":3,"name":"50000 Puffs Dual Flavor Disposable Vape with Smart Screen Type-C Charging"}]},{"@type":"WebSite","@id":"https:\/\/rmvapebang.com\/#website","url":"https:\/\/rmvapebang.com\/","name":"rmvapebang.com","description":"Vape g\u00fcnstig kaufen","publisher":{"@id":"https:\/\/rmvapebang.com\/#organization"},"potentialAction":[{"@type":"SearchAction","target":{"@type":"EntryPoint","urlTemplate":"https:\/\/rmvapebang.com\/?s={search_term_string}"},"query-input":{"@type":"PropertyValueSpecification","valueRequired":true,"valueName":"search_term_string"}}],"inLanguage":"de"},{"@type":"Organization","@id":"https:\/\/rmvapebang.com\/#organization","name":"rmvapebang.com","url":"https:\/\/rmvapebang.com\/","logo":{"@type":"ImageObject","inLanguage":"de","@id":"https:\/\/rmvapebang.com\/#\/schema\/logo\/image\/","url":"https:\/\/rmvapebang.com\/wp-content\/uploads\/2024\/03\/cropped-RVBlogo.png","contentUrl":"https:\/\/rmvapebang.com\/wp-content\/uploads\/2024\/03\/cropped-RVBlogo.png","width":507,"height":169,"caption":"rmvapebang.com"},"image":{"@id":"https:\/\/rmvapebang.com\/#\/schema\/logo\/image\/"}}]}},"uagb_featured_image_src":{"full":["https:\/\/rmvapebang.com\/wp-content\/uploads\/2025\/12\/fumot-eco-2in1-50000-puffs-disposable-vape.png",800,800,false],"thumbnail":["https:\/\/rmvapebang.com\/wp-content\/uploads\/2025\/12\/fumot-eco-2in1-50000-puffs-disposable-vape-150x150.png",150,150,true],"medium":["https:\/\/rmvapebang.com\/wp-content\/uploads\/2025\/12\/fumot-eco-2in1-50000-puffs-disposable-vape-300x300.png",300,300,true],"medium_large":["https:\/\/rmvapebang.com\/wp-content\/uploads\/2025\/12\/fumot-eco-2in1-50000-puffs-disposable-vape-768x768.png",768,768,true],"large":["https:\/\/rmvapebang.com\/wp-content\/uploads\/2025\/12\/fumot-eco-2in1-50000-puffs-disposable-vape.png",800,800,false],"1536x1536":["https:\/\/rmvapebang.com\/wp-content\/uploads\/2025\/12\/fumot-eco-2in1-50000-puffs-disposable-vape.png",800,800,false],"2048x2048":["https:\/\/rmvapebang.com\/wp-content\/uploads\/2025\/12\/fumot-eco-2in1-50000-puffs-disposable-vape.png",800,800,false],"trp-custom-language-flag":["https:\/\/rmvapebang.com\/wp-content\/uploads\/2025\/12\/fumot-eco-2in1-50000-puffs-disposable-vape-12x12.png",12,12,true],"woocommerce_thumbnail":["https:\/\/rmvapebang.com\/wp-content\/uploads\/2025\/12\/fumot-eco-2in1-50000-puffs-disposable-vape-300x300.png",300,300,true],"woocommerce_single":["https:\/\/rmvapebang.com\/wp-content\/uploads\/2025\/12\/fumot-eco-2in1-50000-puffs-disposable-vape-600x600.png",600,600,true],"woocommerce_gallery_thumbnail":["https:\/\/rmvapebang.com\/wp-content\/uploads\/2025\/12\/fumot-eco-2in1-50000-puffs-disposable-vape-100x100.png",100,100,true],"wcpr-photo-reviews":["https:\/\/rmvapebang.com\/wp-content\/uploads\/2025\/12\/fumot-eco-2in1-50000-puffs-disposable-vape.png",500,500,false]},"uagb_author_info":{"display_name":"Lyn","author_link":"https:\/\/rmvapebang.com\/de\/author\/"},"uagb_comment_info":0,"uagb_excerpt":"NOTE: Prices on the website don't include shipping fee. Please send your zip code and address that we can check shipping costs for you. 50000 puffs disposable vape is designed for users looking for long-lasting performance, dual flavor switching, and reliable battery life. With a smart display and Type-C charging, it offers a modern vaping&hellip;","_links":{"self":[{"href":"https:\/\/rmvapebang.com\/de\/wp-json\/wp\/v2\/product\/5425","targetHints":{"allow":["GET"]}}],"collection":[{"href":"https:\/\/rmvapebang.com\/de\/wp-json\/wp\/v2\/product"}],"about":[{"href":"https:\/\/rmvapebang.com\/de\/wp-json\/wp\/v2\/types\/product"}],"replies":[{"embeddable":true,"href":"https:\/\/rmvapebang.com\/de\/wp-json\/wp\/v2\/comments?post=5425"}],"wp:featuredmedia":[{"embeddable":true,"href":"https:\/\/rmvapebang.com\/de\/wp-json\/wp\/v2\/media\/5418"}],"wp:attachment":[{"href":"https:\/\/rmvapebang.com\/de\/wp-json\/wp\/v2\/media?parent=5425"}],"wp:term":[{"taxonomy":"product_brand","embeddable":true,"href":"https:\/\/rmvapebang.com\/de\/wp-json\/wp\/v2\/product_brand?post=5425"},{"taxonomy":"product_cat","embeddable":true,"href":"https:\/\/rmvapebang.com\/de\/wp-json\/wp\/v2\/product_cat?post=5425"},{"taxonomy":"product_tag","embeddable":true,"href":"https:\/\/rmvapebang.com\/de\/wp-json\/wp\/v2\/product_tag?post=5425"}],"curies":[{"name":"wp","href":"https:\/\/api.w.org\/{rel}","templated":true}]}}