{"id":5266,"date":"2025-12-01T15:39:47","date_gmt":"2025-12-01T07:39:47","guid":{"rendered":"https:\/\/rmvapebang.com\/?post_type=product&#038;p=5266"},"modified":"2025-12-01T17:57:32","modified_gmt":"2025-12-01T09:57:32","slug":"uzy-150000-puffs-disposable-vape-six-flavors-wholesale-price","status":"publish","type":"product","link":"https:\/\/rmvapebang.com\/de\/product\/uzy-150000-puffs-disposable-vape-six-flavors-wholesale-price\/","title":{"rendered":"UZY 150000 Z\u00fcge Einweg-Vape sechs Geschmacksrichtungen Gro\u00dfhandelspreis"},"content":{"rendered":"<h2 style=\"text-align: left\">UZY 150000 Z\u00fcge Einweg-Vape sechs Geschmacksrichtungen Gro\u00dfhandelspreis<\/h2>\n<div class=\"flex-1 overflow-hidden\">\n<div class=\"react-scroll-to-bottom--css-rkeqe-79elbk h-full\">\n<div class=\"react-scroll-to-bottom--css-rkeqe-1n7m0yu\">\n<div class=\"flex flex-col text-sm pb-9\">\n<div class=\"w-full text-token-text-primary\" data-testid=\"conversation-turn-7\">\n<div class=\"px-4 py-2 justify-center text-base md:gap-6 m-auto\">\n<div class=\"flex flex-1 text-base mx-auto gap-3 md:px-5 lg:px-1 xl:px-5 md:max-w-3xl lg:max-w-[40rem] xl:max-w-[48rem] group final-completion\">\n<div class=\"relative flex w-full flex-col agent-turn\">\n<div class=\"flex-col gap-1 md:gap-3\">\n<div class=\"flex flex-grow flex-col max-w-full\">\n<div class=\"min-h-[20px] text-message flex flex-col items-start gap-3 whitespace-pre-wrap break-words [.text-message+&amp;]:mt-5 overflow-x-auto\" data-message-author-role=\"assistant\" data-message-id=\"a1f3b89f-a1c9-497d-a989-579b96e752e6\">\n<div class=\"markdown prose w-full break-words dark:prose-invert light\">\n<p>UZY 150000 Z\u00fcge Einweg-Vape Sechs Geschmacksrichtungen Gro\u00dfhandelspreis ist f\u00fcr Dampfer konzipiert, die Kapazit\u00e4t, Stabilit\u00e4t und reichen Geschmack in einem Ger\u00e4t w\u00fcnschen. <a href=\"https:\/\/rmvapebang.com\/de\/product-category\/uzy-vapes\/\"><em><strong>Vape von UZY<\/strong><\/em><\/a> 150000 Z\u00fcge Einweg-Vape mit 150K Z\u00fcgen, sechs schaltbaren Geschmacksrichtungen, einer Quad-Mesh-Spule und einem Typ-C-Aufladesystem, <a href=\"https:\/\/rmvapebang.com\/de\/product-category\/vape-150000-puffs\/\"><em><strong>Einweg 150000 Z\u00fcge Vape<\/strong><\/em><\/a> bietet langlebige Leistung, die sowohl f\u00fcr Alltagsnutzer als auch f\u00fcr Ladenbesitzer geeignet ist, die zuverl\u00e4ssigen Vorrat ben\u00f6tigen. Das Smart Screen 6-in-1 Vape 150K mit aufger\u00fcsteter LED <strong><em><a href=\"https:\/\/rmvapebang.com\/de\/product-category\/smart-display\/\">intelligente Bildschirm<\/a><\/em><\/strong> zeigt deutlich Batteriestand und E-Liquid-Level an, was es f\u00fcr Verbraucher einfacher macht, den Verbrauch zu \u00fcberwachen.<\/p>\n<p>Beste 150K Z\u00fcge Vape f\u00fcr Gro\u00dfhandel 64ml echtes E-Liquid-Volumen und 2%\/5% Nikotinauswahl sorgen f\u00fcr eine konsistente Geschmacksabgabe, die den europ\u00e4ischen Vorlieben f\u00fcr ein sanftes Rachengef\u00fchl und sauberen Dampf entspricht. F\u00fcr den Gro\u00dfhandelsmarkt entwickelt, aber ebenso attraktiv f\u00fcr Einzelk\u00e4ufer, hebt sich dieses Modell als eine hochwertige Option f\u00fcr H\u00e4ndler hervor, die ein Premium-Produkt suchen. <strong><em><a href=\"https:\/\/rmvapebang.com\/de\/product-category\/vape-150000-puffs\/\">150K Z\u00fcge Ger\u00e4t<\/a> <\/em><\/strong>mit Mehrgeschmacks-Attraktivit\u00e4t.<\/p>\n<figure id=\"attachment_5257\" aria-describedby=\"caption-attachment-5257\" style=\"width: 800px\" class=\"wp-caption alignnone\"><img loading=\"lazy\" decoding=\"async\" class=\"wp-image-5257 size-full\" src=\"http:\/\/rmvapebang.com\/wp-content\/uploads\/2025\/12\/150K-Disposable-Vape-Bulk-Buy-Big-Discount.webp\" alt=\"150K Einweg-Vape Gro\u00dfbestellung Gro\u00dfer Rabatt\" width=\"800\" height=\"530\" srcset=\"https:\/\/rmvapebang.com\/wp-content\/uploads\/2025\/12\/150K-Disposable-Vape-Bulk-Buy-Big-Discount.webp 800w, https:\/\/rmvapebang.com\/wp-content\/uploads\/2025\/12\/150K-Disposable-Vape-Bulk-Buy-Big-Discount-300x199.webp 300w, https:\/\/rmvapebang.com\/wp-content\/uploads\/2025\/12\/150K-Disposable-Vape-Bulk-Buy-Big-Discount-768x509.webp 768w, https:\/\/rmvapebang.com\/wp-content\/uploads\/2025\/12\/150K-Disposable-Vape-Bulk-Buy-Big-Discount-18x12.webp 18w, https:\/\/rmvapebang.com\/wp-content\/uploads\/2025\/12\/150K-Disposable-Vape-Bulk-Buy-Big-Discount-600x398.webp 600w\" sizes=\"auto, (max-width: 800px) 100vw, 800px\" \/><figcaption id=\"caption-attachment-5257\" class=\"wp-caption-text\">150K Einweg-Vape Gro\u00dfbestellung Gro\u00dfer Rabatt<\/figcaption><\/figure>\n<\/div>\n<\/div>\n<\/div>\n<\/div>\n<\/div>\n<\/div>\n<\/div>\n<\/div>\n<\/div>\n<\/div>\n<\/div>\n<\/div>\n<h2><strong>Geschmackslisten-UZY 150K Z\u00fcge Sechs-Geschmacks-Vape<\/strong><\/h2>\n<p>1. Wassermelone Eis \/ Erdbeer Mamba \/ Erdbeer-Wassermelone<br \/>\n2. Blaubeer Eis \/ Himbeer-Zitrone \/ Wassermelone Kaugummi<br \/>\n3. Erdbeer Kiwi \/ Blaubeer Kokosnuss \/ Gemischte Beeren<br \/>\n4. Traube Eis \/ Mango Pfirsich \/ Blaubeer-Wassermelone<br \/>\n5. Blaubeer-Himbeer \/ Dreifach-Melone \/ Erdbeer Eis<br \/>\n6. Erdbeer Kiwi \/ Blaubeer Eis \/ Kirsch Eis<br \/>\n7. Kiwi Passionsfrucht Guave \/ Pfirsich Zitrone \/ Love 66<br \/>\n8. Erdbeer Drachenfrucht \/ Red Bull \/ Himbeer-Wassermelone<br \/>\n9. Pfirsich Eis \/ Zwei \u00c4pfel \/ Dreifach Mango<br \/>\n10. Gemischte Beeren \/ Sprudelnde Kirsche \/ Pfirsich Zitrone<\/p>\n<h2>Produkt-Highlights<\/h2>\n<p>\ud83d\udd0b 150.000 Z\u00fcge \u2014 Super lange Batterielebensdauer<br \/>\n\ud83c\udfa8 Sechs Geschmacksrichtungen \u2014 Wechseln Sie jederzeit zwischen sechs Geschmacksrichtungen<br \/>\n\ud83d\udd25 Quad Mesh Coil 1,0\u03a9 \u2014 Erw\u00e4rmt sich schneller, Geschmack ist reicher<br \/>\n\ud83d\udca7 64ml echtes E-Liquid \u2014 Ausreichend E-Liquid f\u00fcr langanhaltende Nutzung<br \/>\n\u26a1 2% \/ 5% Nikotin \u2014 Erf\u00fcllt unterschiedliche Marktanforderungen<br \/>\n\ud83d\udd0b 650mAh Akku \u2014 Stabile Batterielebensdauer<br \/>\n\ud83d\udd0c Typ-C Wiederaufladbar \u2014 Schnelles Aufladen<br \/>\n\ud83d\udda5 LED-Smart-Display \u2014 Zeigt deutlich Batteriestand und E-Liquid-Level an<br \/>\n\ud83e\udded Echtzeit-Indikatoren \u2014 Intuitivere Nutzungsanzeige<\/p>\n<h2>FAQ:<\/h2>\n<p><strong>Q1: Ist das UZY 150K Z\u00fcge Modell zuverl\u00e4ssig f\u00fcr den langfristigen Einzelhandel?<\/strong><br \/>\nA1: Ja. Das UZY 150K Z\u00fcge Ger\u00e4t ist langlebig und eine gute Wahl.<\/p>\n<p><strong>Q2: Was macht den UZY 6-in-1 Einweg-Vape f\u00fcr Kunden in Deutschland geeignet?<\/strong><br \/>\nA2: Das UZY 6-in-1 Einweg-Vape bietet sechs sofort wechselbare Geschmacksrichtungen, ein klares LED-Display und sanfte Nikotin-Schl\u00e4ge \u2014 perfekt f\u00fcr europ\u00e4ische Nutzer, die reinen Geschmack und einfache, moderne Funktionen w\u00fcnschen.<\/p>\n<p><strong>Q3: Ben\u00f6tigt der 150000 Z\u00fcge Einweg-Vape h\u00e4ufiges Aufladen?<\/strong><br \/>\nA3: Nein. Der 150000 Z\u00fcge Einweg-Vape ist f\u00fcr mehrere Ladezyklen und effizienten Energieverbrauch ausgelegt.<\/p>\n<p><strong>Q4: Sind die sechs Geschmacksrichtungen im 6 Geschmacksrichtungen-in-1 Vape w\u00e4hrend des Gebrauchs leicht zu wechseln?<\/strong><br \/>\nA4: Ja. Das 6 Geschmacksrichtungen-in-1 Vape-System erm\u00f6glicht einen reibungslosen, schnellen Wechsel ohne Leckagen und bietet den Nutzern Vielfalt, ohne mehrere separate Ger\u00e4te zu ben\u00f6tigen.<\/p>\n<p><strong>Kontaktieren Sie Lyn f\u00fcr weitere Produktvideos!<\/strong><\/p>\n<p><a href=\"https:\/\/wa.me\/8617840853976\"><span style=\"color: #ff6600\"><strong><em>WhatsApp:+86 17840853976<\/em><\/strong><\/span><\/a><\/p>\n<p><img loading=\"lazy\" decoding=\"async\" class=\"alignnone size-medium wp-image-1905\" src=\"http:\/\/rmvapebang.com\/wp-content\/uploads\/2024\/03\/whatsapp-vape-2-202x300.jpg\" alt=\"\" width=\"202\" height=\"300\" \/><\/p>\n<p>Finden Sie weitere Produkte, die Ihnen gefallen k\u00f6nnten:<a href=\"https:\/\/rmvapebang.com\/de\/shop-page\/\"><strong><em>Jetzt einkaufen<\/em><\/strong><\/a><\/p>\n<p>andere Z\u00fcge, die Sie m\u00f6gen k\u00f6nnten: \/<a href=\"https:\/\/rmvapebang.com\/de\/product\/adalya-16000-puffs-disposable-top-sale-bulk-price-vape\/\">Adalya 16000 Z\u00fcge Einweg-Vape<\/a>\/<a href=\"https:\/\/rmvapebang.com\/de\/product\/fihp-smart-disposable-120000-puffs-bulk-price-best-sale-vape\/\">FIHP 120k Gro\u00dfhandelspreis Vape<\/a>\/ <a href=\"https:\/\/rmvapebang.com\/de\/product\/hot-sale-disposable-aivono-avn-vape-150000-puffs-bulk-price\/\">AIVONO Einweg-Vape mit 150000 Z\u00fcgen<\/a>\/<a href=\"https:\/\/rmvapebang.com\/de\/product\/airmez-fox-4-in-1-disposable-120000-puff-wholesale-bulk-price-eu-warehouse\/\">Airmez 120k Z\u00fcge Einweg-Vape<\/a><\/p>","protected":false},"excerpt":{"rendered":"<p><span style=\"color: #ff0000\"><strong>HINWEIS<\/strong><em>: Die Preise auf der Website enthalten keine Versandkosten. Bitte senden Sie uns Ihre Postleitzahl und Adresse, damit wir die Versandkosten f\u00fcr Sie \u00fcberpr\u00fcfen k\u00f6nnen.<br \/>\n<\/em><\/span>F\u00fcr Leistung und Einzelhandelswirkung entwickelt, bietet dieses 150K 6-in-1 Modell starke Margen und zuverl\u00e4ssige Versorgung\u2014ideal f\u00fcr europ\u00e4ische Gesch\u00e4fte, die hochwertige Hochpuff-Produkte suchen.<\/p>\n<p><strong><em>Whatsapp:<a href=\"https:\/\/wa.me\/8617840853976\">+86 17840853976<\/a><br \/>\n<\/em><\/strong>F\u00fcr einen Neukunden-Coupon auf WhatsApp scannen<\/p>\n<p><img loading=\"lazy\" decoding=\"async\" class=\"alignnone size-medium wp-image-1905\" src=\"http:\/\/rmvapebang.com\/wp-content\/uploads\/2024\/03\/whatsapp-vape-2-202x300.jpg\" alt=\"\" width=\"202\" height=\"300\" \/><\/p>","protected":false},"featured_media":5260,"comment_status":"open","ping_status":"closed","template":"","meta":{"_uag_custom_page_level_css":"","_lmt_disableupdate":"no","_lmt_disable":"","site-sidebar-layout":"no-sidebar","site-content-layout":"boxed-container","ast-site-content-layout":"normal-width-container","site-content-style":"boxed","site-sidebar-style":"boxed","ast-global-header-display":"","ast-banner-title-visibility":"","ast-main-header-display":"","ast-hfb-above-header-display":"","ast-hfb-below-header-display":"","ast-hfb-mobile-header-display":"","site-post-title":"","ast-breadcrumbs-content":"","ast-featured-img":"","footer-sml-layout":"","theme-transparent-header-meta":"default","adv-header-id-meta":"","stick-header-meta":"","header-above-stick-meta":"","header-main-stick-meta":"","header-below-stick-meta":"","astra-migrate-meta-layouts":"set","ast-page-background-enabled":"default","ast-page-background-meta":{"desktop":{"background-color":"","background-image":"","background-repeat":"repeat","background-position":"center center","background-size":"auto","background-attachment":"scroll","background-type":"","background-media":"","overlay-type":"","overlay-color":"","overlay-gradient":""},"tablet":{"background-color":"","background-image":"","background-repeat":"repeat","background-position":"center center","background-size":"auto","background-attachment":"scroll","background-type":"","background-media":"","overlay-type":"","overlay-color":"","overlay-gradient":""},"mobile":{"background-color":"","background-image":"","background-repeat":"repeat","background-position":"center center","background-size":"auto","background-attachment":"scroll","background-type":"","background-media":"","overlay-type":"","overlay-color":"","overlay-gradient":""}},"ast-content-background-meta":{"desktop":{"background-color":"var(--ast-global-color-5)","background-image":"","background-repeat":"repeat","background-position":"center center","background-size":"auto","background-attachment":"scroll","background-type":"","background-media":"","overlay-type":"","overlay-color":"","overlay-gradient":""},"tablet":{"background-color":"var(--ast-global-color-5)","background-image":"","background-repeat":"repeat","background-position":"center center","background-size":"auto","background-attachment":"scroll","background-type":"","background-media":"","overlay-type":"","overlay-color":"","overlay-gradient":""},"mobile":{"background-color":"var(--ast-global-color-5)","background-image":"","background-repeat":"repeat","background-position":"center center","background-size":"auto","background-attachment":"scroll","background-type":"","background-media":"","overlay-type":"","overlay-color":"","overlay-gradient":""}},"_joinchat":[]},"product_brand":[],"product_cat":[130,39,41,128,42,40,131,129,87,256,43],"product_tag":[257,254,50,51,67,49,53,52],"class_list":{"0":"post-5266","1":"product","2":"type-product","3":"status-publish","4":"has-post-thumbnail","6":"product_cat-digital-vapes-in-discount-price","7":"product_cat-france-wholesale-vape","8":"product_cat-netherlands-wholesale-vape","9":"product_cat-smart-display","10":"product_cat-spain-wholesale-vape","11":"product_cat-germany-wholesale-vape","12":"product_cat-tornado-vape-wholesale-price-hot-sale","13":"product_cat-tornado-vapes","14":"product_cat-uzy-vapes","15":"product_cat-vape-150000-puffs","16":"product_cat-vape-shop","17":"product_tag-150000-puffs","18":"product_tag-150k-puffs","19":"product_tag-bulk-price-vape-shop","20":"product_tag-disposable-vape","21":"product_tag-fast-price-sales","22":"product_tag-minimum-order-quantity-100pcs","23":"product_tag-rechargeable-vape","24":"product_tag-vape-wholesasle-price","25":"desktop-align-left","26":"tablet-align-left","27":"mobile-align-left","29":"first","30":"instock","31":"sale","32":"shipping-taxable","33":"purchasable","34":"product-type-simple"},"yoast_head":"<!-- This site is optimized with the Yoast SEO plugin v23.0 - https:\/\/yoast.com\/wordpress\/plugins\/seo\/ -->\n<title>UZY 150000 Puffs Disposable Vape Six Flavors Wholesale Price - rmvapebang.com<\/title>\n<meta name=\"description\" content=\"High-capacity UZY 150000 Puffs 6-in-1 disposable vape with mesh coil and smart screen. Order today for strong wholesale value.\" \/>\n<meta name=\"robots\" content=\"index, follow, max-snippet:-1, max-image-preview:large, max-video-preview:-1\" \/>\n<link rel=\"canonical\" href=\"https:\/\/rmvapebang.com\/de\/product\/uzy-150000-puffs-disposable-vape-six-flavors-wholesale-price\/\" \/>\n<meta property=\"og:locale\" content=\"de_DE\" \/>\n<meta property=\"og:type\" content=\"article\" \/>\n<meta property=\"og:title\" content=\"UZY 150000 Puffs Disposable Vape Six Flavors Wholesale Price - rmvapebang.com\" \/>\n<meta property=\"og:description\" content=\"High-capacity UZY 150000 Puffs 6-in-1 disposable vape with mesh coil and smart screen. Order today for strong wholesale value.\" \/>\n<meta property=\"og:url\" content=\"https:\/\/rmvapebang.com\/de\/product\/uzy-150000-puffs-disposable-vape-six-flavors-wholesale-price\/\" \/>\n<meta property=\"og:site_name\" content=\"rmvapebang.com\" \/>\n<meta property=\"article:modified_time\" content=\"2025-12-01T09:57:32+00:00\" \/>\n<meta property=\"og:image\" content=\"http:\/\/rmvapebang.com\/wp-content\/uploads\/2025\/12\/Rechargeable-150K-Mesh-Coil-Vape-Hot-Deal.webp\" \/>\n\t<meta property=\"og:image:width\" content=\"800\" \/>\n\t<meta property=\"og:image:height\" content=\"800\" \/>\n\t<meta property=\"og:image:type\" content=\"image\/webp\" \/>\n<meta name=\"twitter:card\" content=\"summary_large_image\" \/>\n<meta name=\"twitter:label1\" content=\"Gesch\u00e4tzte Lesezeit\" \/>\n\t<meta name=\"twitter:data1\" content=\"3\u00a0Minuten\" \/>\n<script type=\"application\/ld+json\" class=\"yoast-schema-graph\">{\"@context\":\"https:\/\/schema.org\",\"@graph\":[{\"@type\":\"WebPage\",\"@id\":\"https:\/\/rmvapebang.com\/product\/uzy-150000-puffs-disposable-vape-six-flavors-wholesale-price\/\",\"url\":\"https:\/\/rmvapebang.com\/product\/uzy-150000-puffs-disposable-vape-six-flavors-wholesale-price\/\",\"name\":\"UZY 150000 Puffs Disposable Vape Six Flavors Wholesale Price - rmvapebang.com\",\"isPartOf\":{\"@id\":\"https:\/\/rmvapebang.com\/#website\"},\"primaryImageOfPage\":{\"@id\":\"https:\/\/rmvapebang.com\/product\/uzy-150000-puffs-disposable-vape-six-flavors-wholesale-price\/#primaryimage\"},\"image\":{\"@id\":\"https:\/\/rmvapebang.com\/product\/uzy-150000-puffs-disposable-vape-six-flavors-wholesale-price\/#primaryimage\"},\"thumbnailUrl\":\"https:\/\/rmvapebang.com\/wp-content\/uploads\/2025\/12\/Rechargeable-150K-Mesh-Coil-Vape-Hot-Deal.webp\",\"datePublished\":\"2025-12-01T07:39:47+00:00\",\"dateModified\":\"2025-12-01T09:57:32+00:00\",\"description\":\"High-capacity UZY 150000 Puffs 6-in-1 disposable vape with mesh coil and smart screen. Order today for strong wholesale value.\",\"breadcrumb\":{\"@id\":\"https:\/\/rmvapebang.com\/product\/uzy-150000-puffs-disposable-vape-six-flavors-wholesale-price\/#breadcrumb\"},\"inLanguage\":\"de\",\"potentialAction\":[{\"@type\":\"ReadAction\",\"target\":[\"https:\/\/rmvapebang.com\/product\/uzy-150000-puffs-disposable-vape-six-flavors-wholesale-price\/\"]}]},{\"@type\":\"ImageObject\",\"inLanguage\":\"de\",\"@id\":\"https:\/\/rmvapebang.com\/product\/uzy-150000-puffs-disposable-vape-six-flavors-wholesale-price\/#primaryimage\",\"url\":\"https:\/\/rmvapebang.com\/wp-content\/uploads\/2025\/12\/Rechargeable-150K-Mesh-Coil-Vape-Hot-Deal.webp\",\"contentUrl\":\"https:\/\/rmvapebang.com\/wp-content\/uploads\/2025\/12\/Rechargeable-150K-Mesh-Coil-Vape-Hot-Deal.webp\",\"width\":800,\"height\":800,\"caption\":\"Rechargeable 150K Mesh Coil Vape Hot Deal\"},{\"@type\":\"BreadcrumbList\",\"@id\":\"https:\/\/rmvapebang.com\/product\/uzy-150000-puffs-disposable-vape-six-flavors-wholesale-price\/#breadcrumb\",\"itemListElement\":[{\"@type\":\"ListItem\",\"position\":1,\"name\":\"Home\",\"item\":\"https:\/\/rmvapebang.com\/\"},{\"@type\":\"ListItem\",\"position\":2,\"name\":\"Hot Vape Shop\",\"item\":\"https:\/\/rmvapebang.com\/shop-page\/\"},{\"@type\":\"ListItem\",\"position\":3,\"name\":\"UZY 150000 Puffs Disposable Vape Six Flavors Wholesale Price\"}]},{\"@type\":\"WebSite\",\"@id\":\"https:\/\/rmvapebang.com\/#website\",\"url\":\"https:\/\/rmvapebang.com\/\",\"name\":\"rmvapebang.com\",\"description\":\"buy vape cheap\",\"publisher\":{\"@id\":\"https:\/\/rmvapebang.com\/#organization\"},\"potentialAction\":[{\"@type\":\"SearchAction\",\"target\":{\"@type\":\"EntryPoint\",\"urlTemplate\":\"https:\/\/rmvapebang.com\/?s={search_term_string}\"},\"query-input\":\"required name=search_term_string\"}],\"inLanguage\":\"de\"},{\"@type\":\"Organization\",\"@id\":\"https:\/\/rmvapebang.com\/#organization\",\"name\":\"rmvapebang.com\",\"url\":\"https:\/\/rmvapebang.com\/\",\"logo\":{\"@type\":\"ImageObject\",\"inLanguage\":\"de\",\"@id\":\"https:\/\/rmvapebang.com\/#\/schema\/logo\/image\/\",\"url\":\"https:\/\/rmvapebang.com\/wp-content\/uploads\/2024\/03\/cropped-RVBlogo.png\",\"contentUrl\":\"https:\/\/rmvapebang.com\/wp-content\/uploads\/2024\/03\/cropped-RVBlogo.png\",\"width\":507,\"height\":169,\"caption\":\"rmvapebang.com\"},\"image\":{\"@id\":\"https:\/\/rmvapebang.com\/#\/schema\/logo\/image\/\"}}]}<\/script>\n<!-- \/ Yoast SEO plugin. -->","yoast_head_json":{"title":"UZY 150000 Puffs Disposable Vape Six Flavors Wholesale Price - rmvapebang.com","description":"High-capacity UZY 150000 Puffs 6-in-1 disposable vape with mesh coil and smart screen. Order today for strong wholesale value.","robots":{"index":"index","follow":"follow","max-snippet":"max-snippet:-1","max-image-preview":"max-image-preview:large","max-video-preview":"max-video-preview:-1"},"canonical":"https:\/\/rmvapebang.com\/de\/product\/uzy-150000-puffs-disposable-vape-six-flavors-wholesale-price\/","og_locale":"de_DE","og_type":"article","og_title":"UZY 150000 Puffs Disposable Vape Six Flavors Wholesale Price - rmvapebang.com","og_description":"High-capacity UZY 150000 Puffs 6-in-1 disposable vape with mesh coil and smart screen. Order today for strong wholesale value.","og_url":"https:\/\/rmvapebang.com\/de\/product\/uzy-150000-puffs-disposable-vape-six-flavors-wholesale-price\/","og_site_name":"rmvapebang.com","article_modified_time":"2025-12-01T09:57:32+00:00","og_image":[{"width":800,"height":800,"url":"http:\/\/rmvapebang.com\/wp-content\/uploads\/2025\/12\/Rechargeable-150K-Mesh-Coil-Vape-Hot-Deal.webp","type":"image\/webp"}],"twitter_card":"summary_large_image","twitter_misc":{"Gesch\u00e4tzte Lesezeit":"3\u00a0Minuten"},"schema":{"@context":"https:\/\/schema.org","@graph":[{"@type":"WebPage","@id":"https:\/\/rmvapebang.com\/product\/uzy-150000-puffs-disposable-vape-six-flavors-wholesale-price\/","url":"https:\/\/rmvapebang.com\/product\/uzy-150000-puffs-disposable-vape-six-flavors-wholesale-price\/","name":"UZY 150000 Puffs Disposable Vape Six Flavors Wholesale Price - rmvapebang.com","isPartOf":{"@id":"https:\/\/rmvapebang.com\/#website"},"primaryImageOfPage":{"@id":"https:\/\/rmvapebang.com\/product\/uzy-150000-puffs-disposable-vape-six-flavors-wholesale-price\/#primaryimage"},"image":{"@id":"https:\/\/rmvapebang.com\/product\/uzy-150000-puffs-disposable-vape-six-flavors-wholesale-price\/#primaryimage"},"thumbnailUrl":"https:\/\/rmvapebang.com\/wp-content\/uploads\/2025\/12\/Rechargeable-150K-Mesh-Coil-Vape-Hot-Deal.webp","datePublished":"2025-12-01T07:39:47+00:00","dateModified":"2025-12-01T09:57:32+00:00","description":"High-capacity UZY 150000 Puffs 6-in-1 disposable vape with mesh coil and smart screen. Order today for strong wholesale value.","breadcrumb":{"@id":"https:\/\/rmvapebang.com\/product\/uzy-150000-puffs-disposable-vape-six-flavors-wholesale-price\/#breadcrumb"},"inLanguage":"de","potentialAction":[{"@type":"ReadAction","target":["https:\/\/rmvapebang.com\/product\/uzy-150000-puffs-disposable-vape-six-flavors-wholesale-price\/"]}]},{"@type":"ImageObject","inLanguage":"de","@id":"https:\/\/rmvapebang.com\/product\/uzy-150000-puffs-disposable-vape-six-flavors-wholesale-price\/#primaryimage","url":"https:\/\/rmvapebang.com\/wp-content\/uploads\/2025\/12\/Rechargeable-150K-Mesh-Coil-Vape-Hot-Deal.webp","contentUrl":"https:\/\/rmvapebang.com\/wp-content\/uploads\/2025\/12\/Rechargeable-150K-Mesh-Coil-Vape-Hot-Deal.webp","width":800,"height":800,"caption":"Rechargeable 150K Mesh Coil Vape Hot Deal"},{"@type":"BreadcrumbList","@id":"https:\/\/rmvapebang.com\/product\/uzy-150000-puffs-disposable-vape-six-flavors-wholesale-price\/#breadcrumb","itemListElement":[{"@type":"ListItem","position":1,"name":"Home","item":"https:\/\/rmvapebang.com\/"},{"@type":"ListItem","position":2,"name":"Hot Vape Shop","item":"https:\/\/rmvapebang.com\/shop-page\/"},{"@type":"ListItem","position":3,"name":"UZY 150000 Puffs Disposable Vape Six Flavors Wholesale Price"}]},{"@type":"WebSite","@id":"https:\/\/rmvapebang.com\/#website","url":"https:\/\/rmvapebang.com\/","name":"rmvapebang.com","description":"buy vape cheap","publisher":{"@id":"https:\/\/rmvapebang.com\/#organization"},"potentialAction":[{"@type":"SearchAction","target":{"@type":"EntryPoint","urlTemplate":"https:\/\/rmvapebang.com\/?s={search_term_string}"},"query-input":"required name=search_term_string"}],"inLanguage":"de"},{"@type":"Organization","@id":"https:\/\/rmvapebang.com\/#organization","name":"rmvapebang.com","url":"https:\/\/rmvapebang.com\/","logo":{"@type":"ImageObject","inLanguage":"de","@id":"https:\/\/rmvapebang.com\/#\/schema\/logo\/image\/","url":"https:\/\/rmvapebang.com\/wp-content\/uploads\/2024\/03\/cropped-RVBlogo.png","contentUrl":"https:\/\/rmvapebang.com\/wp-content\/uploads\/2024\/03\/cropped-RVBlogo.png","width":507,"height":169,"caption":"rmvapebang.com"},"image":{"@id":"https:\/\/rmvapebang.com\/#\/schema\/logo\/image\/"}}]}},"uagb_featured_image_src":{"full":["https:\/\/rmvapebang.com\/wp-content\/uploads\/2025\/12\/Rechargeable-150K-Mesh-Coil-Vape-Hot-Deal.webp",800,800,false],"thumbnail":["https:\/\/rmvapebang.com\/wp-content\/uploads\/2025\/12\/Rechargeable-150K-Mesh-Coil-Vape-Hot-Deal-150x150.webp",150,150,true],"medium":["https:\/\/rmvapebang.com\/wp-content\/uploads\/2025\/12\/Rechargeable-150K-Mesh-Coil-Vape-Hot-Deal-300x300.webp",300,300,true],"medium_large":["https:\/\/rmvapebang.com\/wp-content\/uploads\/2025\/12\/Rechargeable-150K-Mesh-Coil-Vape-Hot-Deal-768x768.webp",768,768,true],"large":["https:\/\/rmvapebang.com\/wp-content\/uploads\/2025\/12\/Rechargeable-150K-Mesh-Coil-Vape-Hot-Deal.webp",800,800,false],"1536x1536":["https:\/\/rmvapebang.com\/wp-content\/uploads\/2025\/12\/Rechargeable-150K-Mesh-Coil-Vape-Hot-Deal.webp",800,800,false],"2048x2048":["https:\/\/rmvapebang.com\/wp-content\/uploads\/2025\/12\/Rechargeable-150K-Mesh-Coil-Vape-Hot-Deal.webp",800,800,false],"trp-custom-language-flag":["https:\/\/rmvapebang.com\/wp-content\/uploads\/2025\/12\/Rechargeable-150K-Mesh-Coil-Vape-Hot-Deal-12x12.webp",12,12,true],"woocommerce_thumbnail":["https:\/\/rmvapebang.com\/wp-content\/uploads\/2025\/12\/Rechargeable-150K-Mesh-Coil-Vape-Hot-Deal-300x300.webp",300,300,true],"woocommerce_single":["https:\/\/rmvapebang.com\/wp-content\/uploads\/2025\/12\/Rechargeable-150K-Mesh-Coil-Vape-Hot-Deal-600x600.webp",600,600,true],"woocommerce_gallery_thumbnail":["https:\/\/rmvapebang.com\/wp-content\/uploads\/2025\/12\/Rechargeable-150K-Mesh-Coil-Vape-Hot-Deal-100x100.webp",100,100,true],"wcpr-photo-reviews":["https:\/\/rmvapebang.com\/wp-content\/uploads\/2025\/12\/Rechargeable-150K-Mesh-Coil-Vape-Hot-Deal.webp",500,500,false]},"uagb_author_info":{"display_name":"Lyn","author_link":"https:\/\/rmvapebang.com\/de\/author\/"},"uagb_comment_info":0,"uagb_excerpt":"NOTE: Prices on the website don\u2019t include shipping fee. Please send your zip code and address that we can check shipping costs for you. Built for performance and retail impact, this 150K 6-in-1 model offers strong margins and reliable supply\u2014ideal for European shops seeking premium high-puff products. Whatsapp:+86 17840853976 Scan on whatsapp for New Client&hellip;","_links":{"self":[{"href":"https:\/\/rmvapebang.com\/de\/wp-json\/wp\/v2\/product\/5266","targetHints":{"allow":["GET"]}}],"collection":[{"href":"https:\/\/rmvapebang.com\/de\/wp-json\/wp\/v2\/product"}],"about":[{"href":"https:\/\/rmvapebang.com\/de\/wp-json\/wp\/v2\/types\/product"}],"replies":[{"embeddable":true,"href":"https:\/\/rmvapebang.com\/de\/wp-json\/wp\/v2\/comments?post=5266"}],"wp:featuredmedia":[{"embeddable":true,"href":"https:\/\/rmvapebang.com\/de\/wp-json\/wp\/v2\/media\/5260"}],"wp:attachment":[{"href":"https:\/\/rmvapebang.com\/de\/wp-json\/wp\/v2\/media?parent=5266"}],"wp:term":[{"taxonomy":"product_brand","embeddable":true,"href":"https:\/\/rmvapebang.com\/de\/wp-json\/wp\/v2\/product_brand?post=5266"},{"taxonomy":"product_cat","embeddable":true,"href":"https:\/\/rmvapebang.com\/de\/wp-json\/wp\/v2\/product_cat?post=5266"},{"taxonomy":"product_tag","embeddable":true,"href":"https:\/\/rmvapebang.com\/de\/wp-json\/wp\/v2\/product_tag?post=5266"}],"curies":[{"name":"wp","href":"https:\/\/api.w.org\/{rel}","templated":true}]}}