{"id":3137,"date":"2024-10-29T15:57:42","date_gmt":"2024-10-29T07:57:42","guid":{"rendered":"https:\/\/rmvapebang.com\/?post_type=product&#038;p=3137"},"modified":"2025-09-02T12:08:15","modified_gmt":"2025-09-02T04:08:15","slug":"bang-vape-36k-tune-ice-wholesable-hot-sale","status":"publish","type":"product","link":"https:\/\/rmvapebang.com\/de\/product\/bang-vape-36k-tune-ice-wholesable-hot-sale\/","title":{"rendered":"Bang Vape 36k Tune Ice Gro\u00dfhandel Hei\u00dfer Verkauf"},"content":{"rendered":"<h1>Bang Vape 36k Tune Ice Gro\u00dfhandel Hei\u00dfer Verkauf<\/h1>\n<p><strong data-start=\"68\" data-end=\"106\"><a href=\"https:\/\/rmvapebang.com\/de\/product-category\/bang-vapes\/\">Bang Vape<\/a> 36k Tune Ice Gro\u00dfhandel Hei\u00dfer Verkauf<\/strong>\u00a0ist f\u00fcr langlebige Leistung und auf die modernen Anforderungen des Dampfens zugeschnitten. Ausgestattet mit <strong data-start=\"198\" data-end=\"233\">Druckregulierung per Fingerabdruck<\/strong>, erm\u00f6glicht es den Benutzern, die Dampfintensit\u00e4t f\u00fcr ein pers\u00f6nliches Erlebnis fein abzustimmen. Mit seiner <strong data-start=\"320\" data-end=\"351\">850mAh wiederaufladbaren Akku<\/strong> und <strong data-start=\"356\" data-end=\"380\">Type-C Schnellladefunktion<\/strong>liefert dieses Ger\u00e4t <a href=\"https:\/\/rmvapebang.com\/de\/product-category\/vape-36000\/\"><strong data-start=\"387\" data-end=\"418\">36000 Z\u00fcge Einweg-Vape<\/strong><\/a> gew\u00e4hrleistet er schnelles Wiederaufladen und ununterbrochene Nutzung.<\/p>\n<p>Entwickelt f\u00fcr junge europ\u00e4ische Verbraucher, liefert er bei jedem Zug sanften Geschmack, konstante Leistung und zuverl\u00e4ssige Bequemlichkeit. F\u00fcr H\u00e4ndler bietet der <strong data-start=\"614\" data-end=\"646\">wiederaufladbare 36000 Z\u00fcge Vape<\/strong> starkes Nachfragepotenzial und exzellente Margen, was ihn zu einem Muss auf dem Markt macht. Mit seinem schlanken Design und den fortschrittlichen Funktionen ist der<strong data-start=\"788\" data-end=\"817\">hei\u00df verkaufte 36000 Z\u00fcge Vape<\/strong> die perfekte Wahl f\u00fcr Gro\u00dfh\u00e4ndler, die einen hohen Umsatz und zufriedene Kunden suchen.<\/p>\n<p><img loading=\"lazy\" decoding=\"async\" class=\"alignnone wp-image-3134\" src=\"http:\/\/rmvapebang.com\/wp-content\/uploads\/2024\/10\/BANG-DISPOSABLE-DEUICE-36000-PUFFS-BEST-price.jpg\" alt=\"BANG EINWEG-GER\u00c4T 36000 Z\u00dcGE BESTER Preis\" width=\"670\" height=\"663\" srcset=\"https:\/\/rmvapebang.com\/wp-content\/uploads\/2024\/10\/BANG-DISPOSABLE-DEUICE-36000-PUFFS-BEST-price.jpg 1000w, https:\/\/rmvapebang.com\/wp-content\/uploads\/2024\/10\/BANG-DISPOSABLE-DEUICE-36000-PUFFS-BEST-price-300x297.jpg 300w, https:\/\/rmvapebang.com\/wp-content\/uploads\/2024\/10\/BANG-DISPOSABLE-DEUICE-36000-PUFFS-BEST-price-768x760.jpg 768w, https:\/\/rmvapebang.com\/wp-content\/uploads\/2024\/10\/BANG-DISPOSABLE-DEUICE-36000-PUFFS-BEST-price-600x594.jpg 600w, https:\/\/rmvapebang.com\/wp-content\/uploads\/2024\/10\/BANG-DISPOSABLE-DEUICE-36000-PUFFS-BEST-price-100x100.jpg 100w\" sizes=\"auto, (max-width: 670px) 100vw, 670px\" \/><\/p>\n<h3><strong>Was sind die Geschmacksrichtungen f\u00fcr Bang Einweg-Vape 36k?<\/strong><\/h3>\n<p>1.WASSERMELONEN-EIS<br \/>\n2. ERDBEERE KIWI<br \/>\n3. ERDBEERE MANGO<br \/>\n4. Red Bull<br \/>\n5. DREIFACHE BEERE<br \/>\n6. ERDBEERE WASSERMELONE<br \/>\n7.ERDBEEREIS<br \/>\n8. BLAUBEERE EIS<br \/>\n9. BLAUBEERE HIMBEERE<br \/>\n10. ERDBEERE BANANE<br \/>\n11.LOVE66<br \/>\n12. Ananas-Kokosnuss<\/p>\n<h2>Spezifikationen f\u00fcr Tune Ice of <strong>Bang Einweg 36000 <\/strong>Z\u00fcge:<\/h2>\n<p>\u2013 <em><strong><span style=\"color: #ff0000\">36.000<\/span><\/strong><\/em> Z\u00fcge<br \/>\n\u2013<em><strong><span style=\"color: #ff0000\"> 12<\/span> <\/strong><\/em>Geschmacksrichtungen<br \/>\n\u2013 <em><strong><span style=\"color: #ff0000\">2%\/5%<\/span> <\/strong><\/em>Nikotinst\u00e4rke<br \/>\n\u2013 <em><strong><span style=\"color: #ff0000\">30mL+10mL<\/span><\/strong><\/em> des E-Liquid-Fassungsverm\u00f6gens<br \/>\n\u2013 Akkukapazit\u00e4t <em><strong><span style=\"color: #ff0000\">850 mAh<\/span><\/strong><\/em><\/p>\n<h3>FAQ:<\/h3>\n<p>F: Was ist die Mindestbestellmenge f\u00fcr den Bang Dual Oil Tank 36k Einweg-Vape?<\/p>\n<p>A: Die Mindestbestellmenge (MOQ) f\u00fcr den Bang Einweg 36k Puffs betr\u00e4gt 50 St\u00fcck.<\/p>\n<p>F: Wie lange ist die Lieferzeit f\u00fcr den wiederaufladbaren Vape, den ich bestellt habe?<\/p>\n<p>A: Normalerweise betr\u00e4gt die Lieferzeit f\u00fcr den wiederaufladbaren Vape 10-15 Tage nach dem Versand.<\/p>\n<p>F: Wie hoch sind die Versandkosten f\u00fcr die Bang Einweg-36k Z\u00fcge Vape?<\/p>\n<p>A: Die Versandkosten variieren je nach Gewicht der Bestellung. Unterschiedliche Mengen k\u00f6nnen unterschiedliche Versandkosten haben. Bitte kontaktieren Sie uns, um die Versandkosten f\u00fcr Ihre spezifische Bestellung zu best\u00e4tigen.<\/p>\n<p>F: Kann der Bang Einweg 36000 Vape in mein Land geliefert werden?<\/p>\n<p>A: Ja, wir k\u00f6nnen den Bang Einweg 36000 Vape in die meisten europ\u00e4ischen L\u00e4nder versenden, einschlie\u00dflich, aber nicht beschr\u00e4nkt auf die Niederlande, Deutschland, Frankreich, Spanien, Italien, Belgien, Luxemburg, \u00d6sterreich, Tschechische Republik, Slowakei, Ungarn, Slowenien, Rum\u00e4nien, Bulgarien, Griechenland, Polen, Schweden, Irland, Portugal, Finnland, Estland, Lettland und Litauen. Wenn Sie spezifische Fragen zum Versand in Ihr Land haben, k\u00f6nnen Sie sich gerne an uns wenden, um weitere Unterst\u00fctzung zu erhalten.<\/p>\n<p><strong>Kontaktieren Sie Lyn f\u00fcr weitere Produktvideos!<\/strong><\/p>\n<p><a href=\"https:\/\/wa.me\/8617840853976\"><span style=\"color: #ff6600\"><strong><em>WhatsApp:+86 17840853976<\/em><\/strong><\/span><\/a><\/p>\n<p><img loading=\"lazy\" decoding=\"async\" class=\"alignnone size-medium wp-image-1905\" src=\"http:\/\/rmvapebang.com\/wp-content\/uploads\/2024\/03\/whatsapp-vape-2-202x300.jpg\" alt=\"\" width=\"202\" height=\"300\" \/><\/p>\n<p>Finden Sie weitere Produkte, die Ihnen gefallen k\u00f6nnten:<a href=\"https:\/\/rmvapebang.com\/de\/shop-page\/\"><strong><em>Jetzt einkaufen<\/em><\/strong><\/a><\/p>\n<p>Andere Puffs, die Ihnen gefallen k\u00f6nnten:<a href=\"https:\/\/rmvapebang.com\/de\/product\/waspe-20000-puffs-wholesale-price-20k-vape\/\">Waspe 20000 Z\u00fcge\/<\/a><a href=\"https:\/\/rmvapebang.com\/de\/product\/poco-pt-12000-puffs-wholesale-price-discount-sale\/\">POCO PT Vape 12k Z\u00fcge\/<\/a><a href=\"https:\/\/rmvapebang.com\/de\/product\/bang-king-25000-puffs-good-price-25k-vape\/\">Bang K\u00f6nig 25k Verdampfer<\/a>\/<a href=\"https:\/\/rmvapebang.com\/de\/product\/bang-with-a-vape-25k-puffs-wholesale-price\/\">Bang 25k Vape<\/a><\/p>","protected":false},"excerpt":{"rendered":"<p><em><span style=\"color: #ff0000\"><strong>HINWEIS<\/strong>: Die Preise auf der Website enthalten keine Versandkosten. Bitte senden Sie uns Ihre Postleitzahl und Adresse, damit wir die Versandkosten f\u00fcr Sie \u00fcberpr\u00fcfen k\u00f6nnen.<\/span><\/em><\/p>\n<p>Bang mit einem Vape 36000 Z\u00fcge Gro\u00dfhandelspreis Vape Wiederaufladbar, hat einen dualen \u00d6ltank und man kann das Eis-Gef\u00fchl nach Belieben einstellen. Der Einweg-Vape mit dualem \u00d6ltank und 36k Z\u00fcgen ist ein wiederaufladbares Vape-Ger\u00e4t mit hoher Kapazit\u00e4t, das 36000 Z\u00fcge mit 12 Geschmacksrichtungen und 2%\/5% Nikotingehalt bietet.<\/p>\n<p><a href=\"https:\/\/wa.me\/8617840853976\"><strong><em>WhatsApp:+86 17840853976<\/em><\/strong><\/a><\/p>\n<p>F\u00fcr einen Neukunden-Coupon auf WhatsApp scannen<\/p>\n<p><img loading=\"lazy\" decoding=\"async\" class=\"alignnone size-medium wp-image-1905\" src=\"http:\/\/rmvapebang.com\/wp-content\/uploads\/2024\/03\/whatsapp-vape-2-202x300.jpg\" alt=\"\" width=\"202\" height=\"300\" \/><\/p>","protected":false},"featured_media":3129,"comment_status":"open","ping_status":"closed","template":"","meta":{"_uag_custom_page_level_css":"","_lmt_disableupdate":"no","_lmt_disable":"","site-sidebar-layout":"no-sidebar","site-content-layout":"boxed-container","ast-site-content-layout":"normal-width-container","site-content-style":"boxed","site-sidebar-style":"boxed","ast-global-header-display":"","ast-banner-title-visibility":"","ast-main-header-display":"","ast-hfb-above-header-display":"","ast-hfb-below-header-display":"","ast-hfb-mobile-header-display":"","site-post-title":"","ast-breadcrumbs-content":"","ast-featured-img":"","footer-sml-layout":"","theme-transparent-header-meta":"default","adv-header-id-meta":"","stick-header-meta":"","header-above-stick-meta":"","header-main-stick-meta":"","header-below-stick-meta":"","astra-migrate-meta-layouts":"set","ast-page-background-enabled":"default","ast-page-background-meta":{"desktop":{"background-color":"","background-image":"","background-repeat":"repeat","background-position":"center center","background-size":"auto","background-attachment":"scroll","background-type":"","background-media":"","overlay-type":"","overlay-color":"","overlay-gradient":""},"tablet":{"background-color":"","background-image":"","background-repeat":"repeat","background-position":"center center","background-size":"auto","background-attachment":"scroll","background-type":"","background-media":"","overlay-type":"","overlay-color":"","overlay-gradient":""},"mobile":{"background-color":"","background-image":"","background-repeat":"repeat","background-position":"center center","background-size":"auto","background-attachment":"scroll","background-type":"","background-media":"","overlay-type":"","overlay-color":"","overlay-gradient":""}},"ast-content-background-meta":{"desktop":{"background-color":"var(--ast-global-color-5)","background-image":"","background-repeat":"repeat","background-position":"center center","background-size":"auto","background-attachment":"scroll","background-type":"","background-media":"","overlay-type":"","overlay-color":"","overlay-gradient":""},"tablet":{"background-color":"var(--ast-global-color-5)","background-image":"","background-repeat":"repeat","background-position":"center center","background-size":"auto","background-attachment":"scroll","background-type":"","background-media":"","overlay-type":"","overlay-color":"","overlay-gradient":""},"mobile":{"background-color":"var(--ast-global-color-5)","background-image":"","background-repeat":"repeat","background-position":"center center","background-size":"auto","background-attachment":"scroll","background-type":"","background-media":"","overlay-type":"","overlay-color":"","overlay-gradient":""}},"_joinchat":[]},"product_brand":[],"product_cat":[76,130,39,41,128,42,40,95,43],"product_tag":[97,96,50,61,98,53,52],"class_list":{"0":"post-3137","1":"product","2":"type-product","3":"status-publish","4":"has-post-thumbnail","6":"product_cat-bang-vapes","7":"product_cat-digital-vapes-in-discount-price","8":"product_cat-france-wholesale-vape","9":"product_cat-netherlands-wholesale-vape","10":"product_cat-smart-display","11":"product_cat-spain-wholesale-vape","12":"product_cat-germany-wholesale-vape","13":"product_cat-vape-36000","14":"product_cat-vape-shop","15":"product_tag-36000-puffs","16":"product_tag-36k-puffs","17":"product_tag-bulk-price-vape-shop","18":"product_tag-good-sales-vape","19":"product_tag-moq-is-50pcs","20":"product_tag-rechargeable-vape","21":"product_tag-vape-wholesasle-price","22":"desktop-align-left","23":"tablet-align-left","24":"mobile-align-left","26":"first","27":"instock","28":"sale","29":"shipping-taxable","30":"purchasable","31":"product-type-simple"},"yoast_head":"<!-- This site is optimized with the Yoast SEO plugin v23.0 - https:\/\/yoast.com\/wordpress\/plugins\/seo\/ -->\n<title>Bang Vape 36k Tune Ice Wholesable Hot Sale - rmvapebang.com<\/title>\n<meta name=\"description\" content=\"Get the Digital 36000 vape puffs with fingerprint control, Type-C charging, and smooth flavor. Order the hot sale 36000 puffs vape at wholesale price.\" \/>\n<meta name=\"robots\" content=\"index, follow, max-snippet:-1, max-image-preview:large, max-video-preview:-1\" \/>\n<link rel=\"canonical\" href=\"https:\/\/rmvapebang.com\/de\/product\/bang-vape-36k-tune-ice-wholesable-hot-sale\/\" \/>\n<meta property=\"og:locale\" content=\"de_DE\" \/>\n<meta property=\"og:type\" content=\"article\" \/>\n<meta property=\"og:title\" content=\"Bang Vape 36k Tune Ice Wholesable Hot Sale - rmvapebang.com\" \/>\n<meta property=\"og:description\" content=\"Get the Digital 36000 vape puffs with fingerprint control, Type-C charging, and smooth flavor. Order the hot sale 36000 puffs vape at wholesale price.\" \/>\n<meta property=\"og:url\" content=\"https:\/\/rmvapebang.com\/de\/product\/bang-vape-36k-tune-ice-wholesable-hot-sale\/\" \/>\n<meta property=\"og:site_name\" content=\"rmvapebang.com\" \/>\n<meta property=\"article:modified_time\" content=\"2025-09-02T04:08:15+00:00\" \/>\n<meta property=\"og:image\" content=\"https:\/\/rmvapebang.com\/wp-content\/uploads\/2024\/10\/BANG-DISPOSABLE-DEUICE-puffs-36k-GOOD-price.jpg\" \/>\n\t<meta property=\"og:image:width\" content=\"992\" \/>\n\t<meta property=\"og:image:height\" content=\"996\" \/>\n\t<meta property=\"og:image:type\" content=\"image\/jpeg\" \/>\n<meta name=\"twitter:card\" content=\"summary_large_image\" \/>\n<meta name=\"twitter:label1\" content=\"Gesch\u00e4tzte Lesezeit\" \/>\n\t<meta name=\"twitter:data1\" content=\"3\u00a0Minuten\" \/>\n<script type=\"application\/ld+json\" class=\"yoast-schema-graph\">{\"@context\":\"https:\/\/schema.org\",\"@graph\":[{\"@type\":\"WebPage\",\"@id\":\"https:\/\/rmvapebang.com\/product\/bang-vape-36k-tune-ice-wholesable-hot-sale\/\",\"url\":\"https:\/\/rmvapebang.com\/product\/bang-vape-36k-tune-ice-wholesable-hot-sale\/\",\"name\":\"Bang Vape 36k Tune Ice Wholesable Hot Sale - rmvapebang.com\",\"isPartOf\":{\"@id\":\"https:\/\/rmvapebang.com\/#website\"},\"primaryImageOfPage\":{\"@id\":\"https:\/\/rmvapebang.com\/product\/bang-vape-36k-tune-ice-wholesable-hot-sale\/#primaryimage\"},\"image\":{\"@id\":\"https:\/\/rmvapebang.com\/product\/bang-vape-36k-tune-ice-wholesable-hot-sale\/#primaryimage\"},\"thumbnailUrl\":\"https:\/\/rmvapebang.com\/wp-content\/uploads\/2024\/10\/BANG-DISPOSABLE-DEUICE-puffs-36k-GOOD-price.jpg\",\"datePublished\":\"2024-10-29T07:57:42+00:00\",\"dateModified\":\"2025-09-02T04:08:15+00:00\",\"description\":\"Get the Digital 36000 vape puffs with fingerprint control, Type-C charging, and smooth flavor. Order the hot sale 36000 puffs vape at wholesale price.\",\"breadcrumb\":{\"@id\":\"https:\/\/rmvapebang.com\/product\/bang-vape-36k-tune-ice-wholesable-hot-sale\/#breadcrumb\"},\"inLanguage\":\"de\",\"potentialAction\":[{\"@type\":\"ReadAction\",\"target\":[\"https:\/\/rmvapebang.com\/product\/bang-vape-36k-tune-ice-wholesable-hot-sale\/\"]}]},{\"@type\":\"ImageObject\",\"inLanguage\":\"de\",\"@id\":\"https:\/\/rmvapebang.com\/product\/bang-vape-36k-tune-ice-wholesable-hot-sale\/#primaryimage\",\"url\":\"https:\/\/rmvapebang.com\/wp-content\/uploads\/2024\/10\/BANG-DISPOSABLE-DEUICE-puffs-36k-GOOD-price.jpg\",\"contentUrl\":\"https:\/\/rmvapebang.com\/wp-content\/uploads\/2024\/10\/BANG-DISPOSABLE-DEUICE-puffs-36k-GOOD-price.jpg\",\"width\":992,\"height\":996,\"caption\":\"BANG DISPOSABLE DEUICE puffs 36k GOOD price\"},{\"@type\":\"BreadcrumbList\",\"@id\":\"https:\/\/rmvapebang.com\/product\/bang-vape-36k-tune-ice-wholesable-hot-sale\/#breadcrumb\",\"itemListElement\":[{\"@type\":\"ListItem\",\"position\":1,\"name\":\"Home\",\"item\":\"https:\/\/rmvapebang.com\/\"},{\"@type\":\"ListItem\",\"position\":2,\"name\":\"Hot Vape Shop\",\"item\":\"https:\/\/rmvapebang.com\/shop-page\/\"},{\"@type\":\"ListItem\",\"position\":3,\"name\":\"Bang Vape 36k Tune Ice Wholesable Hot Sale\"}]},{\"@type\":\"WebSite\",\"@id\":\"https:\/\/rmvapebang.com\/#website\",\"url\":\"https:\/\/rmvapebang.com\/\",\"name\":\"rmvapebang.com\",\"description\":\"buy vape cheap\",\"publisher\":{\"@id\":\"https:\/\/rmvapebang.com\/#organization\"},\"potentialAction\":[{\"@type\":\"SearchAction\",\"target\":{\"@type\":\"EntryPoint\",\"urlTemplate\":\"https:\/\/rmvapebang.com\/?s={search_term_string}\"},\"query-input\":\"required name=search_term_string\"}],\"inLanguage\":\"de\"},{\"@type\":\"Organization\",\"@id\":\"https:\/\/rmvapebang.com\/#organization\",\"name\":\"rmvapebang.com\",\"url\":\"https:\/\/rmvapebang.com\/\",\"logo\":{\"@type\":\"ImageObject\",\"inLanguage\":\"de\",\"@id\":\"https:\/\/rmvapebang.com\/#\/schema\/logo\/image\/\",\"url\":\"https:\/\/rmvapebang.com\/wp-content\/uploads\/2024\/03\/cropped-RVBlogo.png\",\"contentUrl\":\"https:\/\/rmvapebang.com\/wp-content\/uploads\/2024\/03\/cropped-RVBlogo.png\",\"width\":507,\"height\":169,\"caption\":\"rmvapebang.com\"},\"image\":{\"@id\":\"https:\/\/rmvapebang.com\/#\/schema\/logo\/image\/\"}}]}<\/script>\n<!-- \/ Yoast SEO plugin. -->","yoast_head_json":{"title":"Bang Vape 36k Tune Ice Wholesable Hot Sale - rmvapebang.com","description":"Get the Digital 36000 vape puffs with fingerprint control, Type-C charging, and smooth flavor. Order the hot sale 36000 puffs vape at wholesale price.","robots":{"index":"index","follow":"follow","max-snippet":"max-snippet:-1","max-image-preview":"max-image-preview:large","max-video-preview":"max-video-preview:-1"},"canonical":"https:\/\/rmvapebang.com\/de\/product\/bang-vape-36k-tune-ice-wholesable-hot-sale\/","og_locale":"de_DE","og_type":"article","og_title":"Bang Vape 36k Tune Ice Wholesable Hot Sale - rmvapebang.com","og_description":"Get the Digital 36000 vape puffs with fingerprint control, Type-C charging, and smooth flavor. Order the hot sale 36000 puffs vape at wholesale price.","og_url":"https:\/\/rmvapebang.com\/de\/product\/bang-vape-36k-tune-ice-wholesable-hot-sale\/","og_site_name":"rmvapebang.com","article_modified_time":"2025-09-02T04:08:15+00:00","og_image":[{"width":992,"height":996,"url":"https:\/\/rmvapebang.com\/wp-content\/uploads\/2024\/10\/BANG-DISPOSABLE-DEUICE-puffs-36k-GOOD-price.jpg","type":"image\/jpeg"}],"twitter_card":"summary_large_image","twitter_misc":{"Gesch\u00e4tzte Lesezeit":"3\u00a0Minuten"},"schema":{"@context":"https:\/\/schema.org","@graph":[{"@type":"WebPage","@id":"https:\/\/rmvapebang.com\/product\/bang-vape-36k-tune-ice-wholesable-hot-sale\/","url":"https:\/\/rmvapebang.com\/product\/bang-vape-36k-tune-ice-wholesable-hot-sale\/","name":"Bang Vape 36k Tune Ice Wholesable Hot Sale - rmvapebang.com","isPartOf":{"@id":"https:\/\/rmvapebang.com\/#website"},"primaryImageOfPage":{"@id":"https:\/\/rmvapebang.com\/product\/bang-vape-36k-tune-ice-wholesable-hot-sale\/#primaryimage"},"image":{"@id":"https:\/\/rmvapebang.com\/product\/bang-vape-36k-tune-ice-wholesable-hot-sale\/#primaryimage"},"thumbnailUrl":"https:\/\/rmvapebang.com\/wp-content\/uploads\/2024\/10\/BANG-DISPOSABLE-DEUICE-puffs-36k-GOOD-price.jpg","datePublished":"2024-10-29T07:57:42+00:00","dateModified":"2025-09-02T04:08:15+00:00","description":"Get the Digital 36000 vape puffs with fingerprint control, Type-C charging, and smooth flavor. Order the hot sale 36000 puffs vape at wholesale price.","breadcrumb":{"@id":"https:\/\/rmvapebang.com\/product\/bang-vape-36k-tune-ice-wholesable-hot-sale\/#breadcrumb"},"inLanguage":"de","potentialAction":[{"@type":"ReadAction","target":["https:\/\/rmvapebang.com\/product\/bang-vape-36k-tune-ice-wholesable-hot-sale\/"]}]},{"@type":"ImageObject","inLanguage":"de","@id":"https:\/\/rmvapebang.com\/product\/bang-vape-36k-tune-ice-wholesable-hot-sale\/#primaryimage","url":"https:\/\/rmvapebang.com\/wp-content\/uploads\/2024\/10\/BANG-DISPOSABLE-DEUICE-puffs-36k-GOOD-price.jpg","contentUrl":"https:\/\/rmvapebang.com\/wp-content\/uploads\/2024\/10\/BANG-DISPOSABLE-DEUICE-puffs-36k-GOOD-price.jpg","width":992,"height":996,"caption":"BANG DISPOSABLE DEUICE puffs 36k GOOD price"},{"@type":"BreadcrumbList","@id":"https:\/\/rmvapebang.com\/product\/bang-vape-36k-tune-ice-wholesable-hot-sale\/#breadcrumb","itemListElement":[{"@type":"ListItem","position":1,"name":"Home","item":"https:\/\/rmvapebang.com\/"},{"@type":"ListItem","position":2,"name":"Hot Vape Shop","item":"https:\/\/rmvapebang.com\/shop-page\/"},{"@type":"ListItem","position":3,"name":"Bang Vape 36k Tune Ice Wholesable Hot Sale"}]},{"@type":"WebSite","@id":"https:\/\/rmvapebang.com\/#website","url":"https:\/\/rmvapebang.com\/","name":"rmvapebang.com","description":"buy vape cheap","publisher":{"@id":"https:\/\/rmvapebang.com\/#organization"},"potentialAction":[{"@type":"SearchAction","target":{"@type":"EntryPoint","urlTemplate":"https:\/\/rmvapebang.com\/?s={search_term_string}"},"query-input":"required name=search_term_string"}],"inLanguage":"de"},{"@type":"Organization","@id":"https:\/\/rmvapebang.com\/#organization","name":"rmvapebang.com","url":"https:\/\/rmvapebang.com\/","logo":{"@type":"ImageObject","inLanguage":"de","@id":"https:\/\/rmvapebang.com\/#\/schema\/logo\/image\/","url":"https:\/\/rmvapebang.com\/wp-content\/uploads\/2024\/03\/cropped-RVBlogo.png","contentUrl":"https:\/\/rmvapebang.com\/wp-content\/uploads\/2024\/03\/cropped-RVBlogo.png","width":507,"height":169,"caption":"rmvapebang.com"},"image":{"@id":"https:\/\/rmvapebang.com\/#\/schema\/logo\/image\/"}}]}},"uagb_featured_image_src":{"full":["https:\/\/rmvapebang.com\/wp-content\/uploads\/2024\/10\/BANG-DISPOSABLE-DEUICE-puffs-36k-GOOD-price.jpg",992,996,false],"thumbnail":["https:\/\/rmvapebang.com\/wp-content\/uploads\/2024\/10\/BANG-DISPOSABLE-DEUICE-puffs-36k-GOOD-price-150x150.jpg",150,150,true],"medium":["https:\/\/rmvapebang.com\/wp-content\/uploads\/2024\/10\/BANG-DISPOSABLE-DEUICE-puffs-36k-GOOD-price-300x300.jpg",300,300,true],"medium_large":["https:\/\/rmvapebang.com\/wp-content\/uploads\/2024\/10\/BANG-DISPOSABLE-DEUICE-puffs-36k-GOOD-price-768x771.jpg",768,771,true],"large":["https:\/\/rmvapebang.com\/wp-content\/uploads\/2024\/10\/BANG-DISPOSABLE-DEUICE-puffs-36k-GOOD-price.jpg",992,996,false],"1536x1536":["https:\/\/rmvapebang.com\/wp-content\/uploads\/2024\/10\/BANG-DISPOSABLE-DEUICE-puffs-36k-GOOD-price.jpg",992,996,false],"2048x2048":["https:\/\/rmvapebang.com\/wp-content\/uploads\/2024\/10\/BANG-DISPOSABLE-DEUICE-puffs-36k-GOOD-price.jpg",992,996,false],"trp-custom-language-flag":["https:\/\/rmvapebang.com\/wp-content\/uploads\/2024\/10\/BANG-DISPOSABLE-DEUICE-puffs-36k-GOOD-price.jpg",12,12,false],"woocommerce_thumbnail":["https:\/\/rmvapebang.com\/wp-content\/uploads\/2024\/10\/BANG-DISPOSABLE-DEUICE-puffs-36k-GOOD-price-300x300.jpg",300,300,true],"woocommerce_single":["https:\/\/rmvapebang.com\/wp-content\/uploads\/2024\/10\/BANG-DISPOSABLE-DEUICE-puffs-36k-GOOD-price-600x602.jpg",600,602,true],"woocommerce_gallery_thumbnail":["https:\/\/rmvapebang.com\/wp-content\/uploads\/2024\/10\/BANG-DISPOSABLE-DEUICE-puffs-36k-GOOD-price-100x100.jpg",100,100,true],"wcpr-photo-reviews":["https:\/\/rmvapebang.com\/wp-content\/uploads\/2024\/10\/BANG-DISPOSABLE-DEUICE-puffs-36k-GOOD-price.jpg",498,500,false]},"uagb_author_info":{"display_name":"Lyn","author_link":"https:\/\/rmvapebang.com\/de\/author\/"},"uagb_comment_info":0,"uagb_excerpt":"NOTE: Prices on the website don\u2019t include shipping fee. Please send your zip code and address that we can check shipping costs for you. Bang with a vape 36000 Puffs bulk Price Vape Rechargeable,have dual oil tank,and could tune ice sensation to your like. Vape of disposable dual oil tank 36k puffs is a high-capacity&hellip;","_links":{"self":[{"href":"https:\/\/rmvapebang.com\/de\/wp-json\/wp\/v2\/product\/3137","targetHints":{"allow":["GET"]}}],"collection":[{"href":"https:\/\/rmvapebang.com\/de\/wp-json\/wp\/v2\/product"}],"about":[{"href":"https:\/\/rmvapebang.com\/de\/wp-json\/wp\/v2\/types\/product"}],"replies":[{"embeddable":true,"href":"https:\/\/rmvapebang.com\/de\/wp-json\/wp\/v2\/comments?post=3137"}],"wp:featuredmedia":[{"embeddable":true,"href":"https:\/\/rmvapebang.com\/de\/wp-json\/wp\/v2\/media\/3129"}],"wp:attachment":[{"href":"https:\/\/rmvapebang.com\/de\/wp-json\/wp\/v2\/media?parent=3137"}],"wp:term":[{"taxonomy":"product_brand","embeddable":true,"href":"https:\/\/rmvapebang.com\/de\/wp-json\/wp\/v2\/product_brand?post=3137"},{"taxonomy":"product_cat","embeddable":true,"href":"https:\/\/rmvapebang.com\/de\/wp-json\/wp\/v2\/product_cat?post=3137"},{"taxonomy":"product_tag","embeddable":true,"href":"https:\/\/rmvapebang.com\/de\/wp-json\/wp\/v2\/product_tag?post=3137"}],"curies":[{"name":"wp","href":"https:\/\/api.w.org\/{rel}","templated":true}]}}