{"id":2247,"date":"2024-04-29T17:06:00","date_gmt":"2024-04-29T09:06:00","guid":{"rendered":"https:\/\/rmvapebang.com\/?post_type=product&#038;p=2247"},"modified":"2024-12-14T10:55:58","modified_gmt":"2024-12-14T02:55:58","slug":"vopk-tornado-15k-puffs-wholesale-price-15000-vapes","status":"publish","type":"product","link":"https:\/\/rmvapebang.com\/de\/product\/vopk-tornado-15k-puffs-wholesale-price-15000-vapes\/","title":{"rendered":"VOPK Tornado 15k Puffs Gro\u00dfhandelspreis 15000 Vapes"},"content":{"rendered":"<h1>VOPK Tornado 15k Puffs Gro\u00dfhandelspreis 15000 Vapes<\/h1>\n<div class=\"flex-1 overflow-hidden\">\n<div class=\"react-scroll-to-bottom--css-rkeqe-79elbk h-full\">\n<div class=\"react-scroll-to-bottom--css-rkeqe-1n7m0yu\">\n<div class=\"flex flex-col text-sm pb-9\">\n<div class=\"w-full text-token-text-primary\" data-testid=\"conversation-turn-7\">\n<div class=\"px-4 py-2 justify-center text-base md:gap-6 m-auto\">\n<div class=\"flex flex-1 text-base mx-auto gap-3 md:px-5 lg:px-1 xl:px-5 md:max-w-3xl lg:max-w-[40rem] xl:max-w-[48rem] group final-completion\">\n<div class=\"relative flex w-full flex-col agent-turn\">\n<div class=\"flex-col gap-1 md:gap-3\">\n<div class=\"flex flex-grow flex-col max-w-full\">\n<div class=\"min-h-[20px] text-message flex flex-col items-start gap-3 whitespace-pre-wrap break-words [.text-message+&amp;]:mt-5 overflow-x-auto\" data-message-author-role=\"assistant\" data-message-id=\"a1f3b89f-a1c9-497d-a989-579b96e752e6\">\n<div class=\"markdown prose w-full break-words dark:prose-invert light\">\n<p>Die VOPK Tornado ist eine neue wiederaufladbare Einweg-E-Zigarette. Sie sieht anderen Tornado-Marken sehr \u00e4hnlich. Sie hat eine 850mAh-Batterie und eine 25ml E-Liquid-Kapazit\u00e4t, was den Benutzern eine l\u00e4ngere Nutzung der E-Zigaretten erm\u00f6glicht.<\/p>\n<p>Die Ladeschnittstelle der VOPK 15k E-Zigarette ist ein gew\u00f6hnlicher Type-C. Wenn das Ger\u00e4t keinen Strom mehr hat, ist es einfach, ein passendes Ladeger\u00e4t zu finden. Sie hat auch 15.000 Z\u00fcge, und die Lungeninhalationskapazit\u00e4t und -dauer jeder Person beeinflusst die Anzahl der Z\u00fcge des Produkts. Jeder mag den Geschmack und das Nikotin der VOPK 15k Tornado anders. Daher gibt es 10 verschiedene Geschmacksrichtungen und Nikotin (2% \/ 5%) zur Auswahl.<\/p>\n<p>Die neue E-Zigarette VOPK ist es wert, probiert zu werden.<\/p>\n<p><img loading=\"lazy\" decoding=\"async\" class=\"size-medium wp-image-2244\" src=\"http:\/\/rmvapebang.com\/wp-content\/uploads\/2024\/04\/VOPK-vape-TORANDO-15000-puff-bulk-price-300x300.png\" alt=\"VOPK Vape TORANDO 15000 Z\u00fcge Gro\u00dfhandelspreis\" width=\"300\" height=\"300\" srcset=\"https:\/\/rmvapebang.com\/wp-content\/uploads\/2024\/04\/VOPK-vape-TORANDO-15000-puff-bulk-price-300x300.png 300w, https:\/\/rmvapebang.com\/wp-content\/uploads\/2024\/04\/VOPK-vape-TORANDO-15000-puff-bulk-price-1024x1024.png 1024w, https:\/\/rmvapebang.com\/wp-content\/uploads\/2024\/04\/VOPK-vape-TORANDO-15000-puff-bulk-price-150x150.png 150w, https:\/\/rmvapebang.com\/wp-content\/uploads\/2024\/04\/VOPK-vape-TORANDO-15000-puff-bulk-price-768x768.png 768w, https:\/\/rmvapebang.com\/wp-content\/uploads\/2024\/04\/VOPK-vape-TORANDO-15000-puff-bulk-price-1536x1536.png 1536w, https:\/\/rmvapebang.com\/wp-content\/uploads\/2024\/04\/VOPK-vape-TORANDO-15000-puff-bulk-price-600x600.png 600w, https:\/\/rmvapebang.com\/wp-content\/uploads\/2024\/04\/VOPK-vape-TORANDO-15000-puff-bulk-price-100x100.png 100w, https:\/\/rmvapebang.com\/wp-content\/uploads\/2024\/04\/VOPK-vape-TORANDO-15000-puff-bulk-price.png 2000w\" sizes=\"auto, (max-width: 300px) 100vw, 300px\" \/><\/p>\n<\/div>\n<\/div>\n<\/div>\n<\/div>\n<\/div>\n<\/div>\n<\/div>\n<\/div>\n<\/div>\n<\/div>\n<\/div>\n<\/div>\n<h2><strong>Welche Geschmacksrichtungen gibt es f\u00fcr das Vape 15k Z\u00fcge mit 2% und 5% Nikotin?<\/strong><\/h2>\n<p>1.Erdbeere Himbeere<br \/>\n2.Erdbeere Wassermelone<br \/>\n3.Wassermeloneneis<br \/>\n4.Blaubeere Himbeere<br \/>\n5.Blaue Himbeerlimonade<br \/>\n6.Kiwi Passionsfrucht Guave<br \/>\n7.Beerenmix<br \/>\n8.Pinke Limonade<br \/>\n9.Pfirsich Mango<br \/>\n10.Saurer Apfel<\/p>\n<p><span style=\"font-size: 1.7em;font-weight: bold\">Spezifikationen f\u00fcr die VOPK Tornado 15k Z\u00fcge:<\/span><\/p>\n<p>\u2013 15k Z\u00fcge<br \/>\n\u2013 10 Geschmacksrichtungen<br \/>\n\u2013 2%\/5% Nikotinst\u00e4rke<br \/>\n\u2013 25 ml E-Liquid-Kapazit\u00e4t<br \/>\n\u2013 Akkukapazit\u00e4t 850 mAh<\/p>\n<h3>FAQ:<\/h3>\n<p>F: Was ist die Mindestbestellmenge (MOQ) f\u00fcr den Vape?<\/p>\n<p>A: Die Mindestbestellmenge (MOQ) f\u00fcr den VOPK Tornado 15k Z\u00fcge Vape betr\u00e4gt 100 St\u00fcck.<\/p>\n<p>F: Wie lange ist die Lieferzeit f\u00fcr den VOPK Tornado 15k Z\u00fcge Vape, den ich bestellt habe?<\/p>\n<p>A: Typischerweise betr\u00e4gt die Lieferzeit f\u00fcr die VOPK Tornado E-Zigarette 15k Vape 10-15 Tage nach dem Versand.<\/p>\n<p>F: Wie hoch sind die Versandkosten f\u00fcr den VOPK Tornado 15000 Vape?<\/p>\n<p>A: Die Versandkosten variieren je nach Gewicht der Bestellung. Unterschiedliche Mengen k\u00f6nnen unterschiedliche Versandkosten haben. Bitte kontaktieren Sie uns, um die Versandkosten f\u00fcr Ihre spezifische Bestellung zu best\u00e4tigen.<\/p>\n<p>F: Kann der VOPK 15000 Puffs Vape in mein Land versandt werden?<\/p>\n<p>A: Ja, wir k\u00f6nnen den VOPK 15k Puffs Vape in die meisten europ\u00e4ischen L\u00e4nder versenden, einschlie\u00dflich, aber nicht beschr\u00e4nkt auf die Niederlande, Deutschland, Frankreich, Spanien, Italien, Belgien, Luxemburg, \u00d6sterreich, Tschechische Republik, Slowakei, Ungarn, Slowenien, Rum\u00e4nien, Bulgarien, Griechenland, Polen, Schweden, Irland, Portugal, Finnland, Estland, Lettland und Litauen. Wenn Sie spezifische Fragen zum Versand in Ihr Land haben, k\u00f6nnen Sie uns gerne kontaktieren.<\/p>\n<p><strong>Kontaktieren Sie Lyn f\u00fcr weitere Produktvideos!<\/strong><\/p>\n<p><a href=\"https:\/\/wa.me\/8617840853976\"><span style=\"color: #ff6600\"><strong><em>WhatsApp:+86 17840853976<\/em><\/strong><\/span><\/a><\/p>\n<p><img loading=\"lazy\" decoding=\"async\" class=\"alignnone size-medium wp-image-1905\" src=\"http:\/\/rmvapebang.com\/wp-content\/uploads\/2024\/03\/whatsapp-vape-2-202x300.jpg\" alt=\"\" width=\"202\" height=\"300\" \/><\/p>\n<p>Finden Sie weitere Produkte, die Ihnen gefallen k\u00f6nnten:<a href=\"https:\/\/rmvapebang.com\/de\/shop-page\/\"><strong><em>Jetzt einkaufen<\/em><\/strong><\/a><\/p>\n<p>Andere Puffs, die Ihnen gefallen k\u00f6nnten:<a href=\"https:\/\/rmvapebang.com\/de\/product\/bang-digital-15k-puffs-hot-price-15000-vapes\/\">Bang digital 15000 Z\u00fcge\/<\/a><a href=\"https:\/\/rmvapebang.com\/de\/product\/bang-15k-puffs-shisha-15000-vapes\/\">Bang Shisha 15k\/<\/a><a href=\"https:\/\/rmvapebang.com\/de\/product\/fluum-box-15000-puffs-digital-15k-vape\/\">fluum box 15.000 Vapes\/<\/a><a href=\"https:\/\/rmvapebang.com\/de\/product\/bang-rocket-18000-puffs-with-low-18k-vapes\/\">Vapme Crown Bar 18000 Zigaretten<\/a><\/p>\n<p><span style=\"color: #ff0000\"><strong>Hinweis: Alle Produkte sind exklusive Versandkosten!!!<\/strong><\/span><\/p>","protected":false},"excerpt":{"rendered":"<p>VOPK Tornado E-Zigarette 15000 Z\u00fcge Gro\u00dfhandelspreis Vape Wiederaufladbar<\/p>\n<p>Die VOPK Tornado E-Zigarette 15000 Z\u00fcge ist ein wiederaufladbares Vape-Ger\u00e4t mit hoher Kapazit\u00e4t, das 15000 Z\u00fcge mit 10 Geschmacksrichtungen und Nikotingehalten von 2% \/ 5% bietet.<\/p>\n<p><strong><em>Whatsapp:<a href=\"https:\/\/wa.me\/8617840853976\">+86 17840853976<\/a><\/em><\/strong><\/p>\n<p>F\u00fcr einen Neukunden-Coupon auf WhatsApp scannen<\/p>\n<p><img loading=\"lazy\" decoding=\"async\" class=\"alignnone size-medium wp-image-1905\" src=\"http:\/\/rmvapebang.com\/wp-content\/uploads\/2024\/03\/whatsapp-vape-2-202x300.jpg\" alt=\"\" width=\"202\" height=\"300\" \/><\/p>","protected":false},"featured_media":2242,"comment_status":"open","ping_status":"closed","template":"","meta":{"_uag_custom_page_level_css":"","_lmt_disableupdate":"","_lmt_disable":"","site-sidebar-layout":"no-sidebar","site-content-layout":"boxed-container","ast-site-content-layout":"normal-width-container","site-content-style":"boxed","site-sidebar-style":"boxed","ast-global-header-display":"","ast-banner-title-visibility":"","ast-main-header-display":"","ast-hfb-above-header-display":"","ast-hfb-below-header-display":"","ast-hfb-mobile-header-display":"","site-post-title":"","ast-breadcrumbs-content":"","ast-featured-img":"","footer-sml-layout":"","theme-transparent-header-meta":"default","adv-header-id-meta":"","stick-header-meta":"","header-above-stick-meta":"","header-main-stick-meta":"","header-below-stick-meta":"","astra-migrate-meta-layouts":"set","ast-page-background-enabled":"default","ast-page-background-meta":{"desktop":{"background-color":"","background-image":"","background-repeat":"repeat","background-position":"center center","background-size":"auto","background-attachment":"scroll","background-type":"","background-media":"","overlay-type":"","overlay-color":"","overlay-gradient":""},"tablet":{"background-color":"","background-image":"","background-repeat":"repeat","background-position":"center center","background-size":"auto","background-attachment":"scroll","background-type":"","background-media":"","overlay-type":"","overlay-color":"","overlay-gradient":""},"mobile":{"background-color":"","background-image":"","background-repeat":"repeat","background-position":"center center","background-size":"auto","background-attachment":"scroll","background-type":"","background-media":"","overlay-type":"","overlay-color":"","overlay-gradient":""}},"ast-content-background-meta":{"desktop":{"background-color":"var(--ast-global-color-5)","background-image":"","background-repeat":"repeat","background-position":"center center","background-size":"auto","background-attachment":"scroll","background-type":"","background-media":"","overlay-type":"","overlay-color":"","overlay-gradient":""},"tablet":{"background-color":"var(--ast-global-color-5)","background-image":"","background-repeat":"repeat","background-position":"center center","background-size":"auto","background-attachment":"scroll","background-type":"","background-media":"","overlay-type":"","overlay-color":"","overlay-gradient":""},"mobile":{"background-color":"var(--ast-global-color-5)","background-image":"","background-repeat":"repeat","background-position":"center center","background-size":"auto","background-attachment":"scroll","background-type":"","background-media":"","overlay-type":"","overlay-color":"","overlay-gradient":""}},"_joinchat":[]},"product_brand":[],"product_cat":[39,41,42,40,75,43],"product_tag":[66,65,50,51,67,57,58,73,53,52],"class_list":{"0":"post-2247","1":"product","2":"type-product","3":"status-publish","4":"has-post-thumbnail","6":"product_cat-france-wholesale-vape","7":"product_cat-netherlands-wholesale-vape","8":"product_cat-spain-wholesale-vape","9":"product_cat-germany-wholesale-vape","10":"product_cat-vape-15000-puffs","11":"product_cat-vape-shop","12":"product_tag-15000-puffs","13":"product_tag-15k-puffs","14":"product_tag-bulk-price-vape-shop","15":"product_tag-disposable-vape","16":"product_tag-fast-price-sales","17":"product_tag-minimum-order-quantity-50pcs","18":"product_tag-moq-50pcs","19":"product_tag-new-product","20":"product_tag-rechargeable-vape","21":"product_tag-vape-wholesasle-price","22":"desktop-align-left","23":"tablet-align-left","24":"mobile-align-left","26":"first","27":"instock","28":"sale","29":"shipping-taxable","30":"purchasable","31":"product-type-simple"},"yoast_head":"<!-- This site is optimized with the Yoast SEO plugin v23.0 - https:\/\/yoast.com\/wordpress\/plugins\/seo\/ -->\n<title>VOPK tornado 15k puffs Wholesale Price 15000 vapes - rmvapebang.com<\/title>\n<meta name=\"description\" content=\"VOPK tornado 15000 Puffs Wholesale Price 15K Puffs Vape,2% and 5% nicotine to choose. Contact now to get Wholesale Price of VOPK 15k vape! moq is 100pcs.\" \/>\n<meta name=\"robots\" content=\"index, follow, max-snippet:-1, max-image-preview:large, max-video-preview:-1\" \/>\n<link rel=\"canonical\" href=\"https:\/\/rmvapebang.com\/de\/product\/vopk-tornado-15k-puffs-wholesale-price-15000-vapes\/\" \/>\n<meta property=\"og:locale\" content=\"de_DE\" \/>\n<meta property=\"og:type\" content=\"article\" \/>\n<meta property=\"og:title\" content=\"VOPK tornado 15k puffs Wholesale Price 15000 vapes - rmvapebang.com\" \/>\n<meta property=\"og:description\" content=\"VOPK tornado 15000 Puffs Wholesale Price 15K Puffs Vape,2% and 5% nicotine to choose. Contact now to get Wholesale Price of VOPK 15k vape! moq is 100pcs.\" \/>\n<meta property=\"og:url\" content=\"https:\/\/rmvapebang.com\/de\/product\/vopk-tornado-15k-puffs-wholesale-price-15000-vapes\/\" \/>\n<meta property=\"og:site_name\" content=\"rmvapebang.com\" \/>\n<meta property=\"article:modified_time\" content=\"2024-12-14T02:55:58+00:00\" \/>\n<meta property=\"og:image\" content=\"https:\/\/rmvapebang.com\/wp-content\/uploads\/2024\/04\/VOPK-vape-TORANDO-15K-puffs-bulk-price.png\" \/>\n\t<meta property=\"og:image:width\" content=\"454\" \/>\n\t<meta property=\"og:image:height\" content=\"647\" \/>\n\t<meta property=\"og:image:type\" content=\"image\/png\" \/>\n<meta name=\"twitter:card\" content=\"summary_large_image\" \/>\n<meta name=\"twitter:label1\" content=\"Gesch\u00e4tzte Lesezeit\" \/>\n\t<meta name=\"twitter:data1\" content=\"3\u00a0Minuten\" \/>\n<script type=\"application\/ld+json\" class=\"yoast-schema-graph\">{\"@context\":\"https:\/\/schema.org\",\"@graph\":[{\"@type\":\"WebPage\",\"@id\":\"https:\/\/rmvapebang.com\/product\/vopk-tornado-15k-puffs-wholesale-price-15000-vapes\/\",\"url\":\"https:\/\/rmvapebang.com\/product\/vopk-tornado-15k-puffs-wholesale-price-15000-vapes\/\",\"name\":\"VOPK tornado 15k puffs Wholesale Price 15000 vapes - rmvapebang.com\",\"isPartOf\":{\"@id\":\"https:\/\/rmvapebang.com\/#website\"},\"primaryImageOfPage\":{\"@id\":\"https:\/\/rmvapebang.com\/product\/vopk-tornado-15k-puffs-wholesale-price-15000-vapes\/#primaryimage\"},\"image\":{\"@id\":\"https:\/\/rmvapebang.com\/product\/vopk-tornado-15k-puffs-wholesale-price-15000-vapes\/#primaryimage\"},\"thumbnailUrl\":\"https:\/\/rmvapebang.com\/wp-content\/uploads\/2024\/04\/VOPK-vape-TORANDO-15K-puffs-bulk-price.png\",\"datePublished\":\"2024-04-29T09:06:00+00:00\",\"dateModified\":\"2024-12-14T02:55:58+00:00\",\"description\":\"VOPK tornado 15000 Puffs Wholesale Price 15K Puffs Vape,2% and 5% nicotine to choose. Contact now to get Wholesale Price of VOPK 15k vape! moq is 100pcs.\",\"breadcrumb\":{\"@id\":\"https:\/\/rmvapebang.com\/product\/vopk-tornado-15k-puffs-wholesale-price-15000-vapes\/#breadcrumb\"},\"inLanguage\":\"de\",\"potentialAction\":[{\"@type\":\"ReadAction\",\"target\":[\"https:\/\/rmvapebang.com\/product\/vopk-tornado-15k-puffs-wholesale-price-15000-vapes\/\"]}]},{\"@type\":\"ImageObject\",\"inLanguage\":\"de\",\"@id\":\"https:\/\/rmvapebang.com\/product\/vopk-tornado-15k-puffs-wholesale-price-15000-vapes\/#primaryimage\",\"url\":\"https:\/\/rmvapebang.com\/wp-content\/uploads\/2024\/04\/VOPK-vape-TORANDO-15K-puffs-bulk-price.png\",\"contentUrl\":\"https:\/\/rmvapebang.com\/wp-content\/uploads\/2024\/04\/VOPK-vape-TORANDO-15K-puffs-bulk-price.png\",\"width\":454,\"height\":647,\"caption\":\"VOPK vape TORANDO 15K puffs bulk price\"},{\"@type\":\"BreadcrumbList\",\"@id\":\"https:\/\/rmvapebang.com\/product\/vopk-tornado-15k-puffs-wholesale-price-15000-vapes\/#breadcrumb\",\"itemListElement\":[{\"@type\":\"ListItem\",\"position\":1,\"name\":\"Home\",\"item\":\"https:\/\/rmvapebang.com\/\"},{\"@type\":\"ListItem\",\"position\":2,\"name\":\"Hot Vape Shop\",\"item\":\"https:\/\/rmvapebang.com\/shop-page\/\"},{\"@type\":\"ListItem\",\"position\":3,\"name\":\"VOPK tornado 15k puffs Wholesale Price 15000 vapes\"}]},{\"@type\":\"WebSite\",\"@id\":\"https:\/\/rmvapebang.com\/#website\",\"url\":\"https:\/\/rmvapebang.com\/\",\"name\":\"rmvapebang.com\",\"description\":\"buy vape cheap\",\"publisher\":{\"@id\":\"https:\/\/rmvapebang.com\/#organization\"},\"potentialAction\":[{\"@type\":\"SearchAction\",\"target\":{\"@type\":\"EntryPoint\",\"urlTemplate\":\"https:\/\/rmvapebang.com\/?s={search_term_string}\"},\"query-input\":\"required name=search_term_string\"}],\"inLanguage\":\"de\"},{\"@type\":\"Organization\",\"@id\":\"https:\/\/rmvapebang.com\/#organization\",\"name\":\"rmvapebang.com\",\"url\":\"https:\/\/rmvapebang.com\/\",\"logo\":{\"@type\":\"ImageObject\",\"inLanguage\":\"de\",\"@id\":\"https:\/\/rmvapebang.com\/#\/schema\/logo\/image\/\",\"url\":\"https:\/\/rmvapebang.com\/wp-content\/uploads\/2024\/03\/cropped-RVBlogo.png\",\"contentUrl\":\"https:\/\/rmvapebang.com\/wp-content\/uploads\/2024\/03\/cropped-RVBlogo.png\",\"width\":507,\"height\":169,\"caption\":\"rmvapebang.com\"},\"image\":{\"@id\":\"https:\/\/rmvapebang.com\/#\/schema\/logo\/image\/\"}}]}<\/script>\n<!-- \/ Yoast SEO plugin. -->","yoast_head_json":{"title":"VOPK tornado 15k puffs Wholesale Price 15000 vapes - rmvapebang.com","description":"VOPK tornado 15000 Puffs Wholesale Price 15K Puffs Vape,2% and 5% nicotine to choose. Contact now to get Wholesale Price of VOPK 15k vape! moq is 100pcs.","robots":{"index":"index","follow":"follow","max-snippet":"max-snippet:-1","max-image-preview":"max-image-preview:large","max-video-preview":"max-video-preview:-1"},"canonical":"https:\/\/rmvapebang.com\/de\/product\/vopk-tornado-15k-puffs-wholesale-price-15000-vapes\/","og_locale":"de_DE","og_type":"article","og_title":"VOPK tornado 15k puffs Wholesale Price 15000 vapes - rmvapebang.com","og_description":"VOPK tornado 15000 Puffs Wholesale Price 15K Puffs Vape,2% and 5% nicotine to choose. Contact now to get Wholesale Price of VOPK 15k vape! moq is 100pcs.","og_url":"https:\/\/rmvapebang.com\/de\/product\/vopk-tornado-15k-puffs-wholesale-price-15000-vapes\/","og_site_name":"rmvapebang.com","article_modified_time":"2024-12-14T02:55:58+00:00","og_image":[{"width":454,"height":647,"url":"https:\/\/rmvapebang.com\/wp-content\/uploads\/2024\/04\/VOPK-vape-TORANDO-15K-puffs-bulk-price.png","type":"image\/png"}],"twitter_card":"summary_large_image","twitter_misc":{"Gesch\u00e4tzte Lesezeit":"3\u00a0Minuten"},"schema":{"@context":"https:\/\/schema.org","@graph":[{"@type":"WebPage","@id":"https:\/\/rmvapebang.com\/product\/vopk-tornado-15k-puffs-wholesale-price-15000-vapes\/","url":"https:\/\/rmvapebang.com\/product\/vopk-tornado-15k-puffs-wholesale-price-15000-vapes\/","name":"VOPK tornado 15k puffs Wholesale Price 15000 vapes - rmvapebang.com","isPartOf":{"@id":"https:\/\/rmvapebang.com\/#website"},"primaryImageOfPage":{"@id":"https:\/\/rmvapebang.com\/product\/vopk-tornado-15k-puffs-wholesale-price-15000-vapes\/#primaryimage"},"image":{"@id":"https:\/\/rmvapebang.com\/product\/vopk-tornado-15k-puffs-wholesale-price-15000-vapes\/#primaryimage"},"thumbnailUrl":"https:\/\/rmvapebang.com\/wp-content\/uploads\/2024\/04\/VOPK-vape-TORANDO-15K-puffs-bulk-price.png","datePublished":"2024-04-29T09:06:00+00:00","dateModified":"2024-12-14T02:55:58+00:00","description":"VOPK tornado 15000 Puffs Wholesale Price 15K Puffs Vape,2% and 5% nicotine to choose. Contact now to get Wholesale Price of VOPK 15k vape! moq is 100pcs.","breadcrumb":{"@id":"https:\/\/rmvapebang.com\/product\/vopk-tornado-15k-puffs-wholesale-price-15000-vapes\/#breadcrumb"},"inLanguage":"de","potentialAction":[{"@type":"ReadAction","target":["https:\/\/rmvapebang.com\/product\/vopk-tornado-15k-puffs-wholesale-price-15000-vapes\/"]}]},{"@type":"ImageObject","inLanguage":"de","@id":"https:\/\/rmvapebang.com\/product\/vopk-tornado-15k-puffs-wholesale-price-15000-vapes\/#primaryimage","url":"https:\/\/rmvapebang.com\/wp-content\/uploads\/2024\/04\/VOPK-vape-TORANDO-15K-puffs-bulk-price.png","contentUrl":"https:\/\/rmvapebang.com\/wp-content\/uploads\/2024\/04\/VOPK-vape-TORANDO-15K-puffs-bulk-price.png","width":454,"height":647,"caption":"VOPK vape TORANDO 15K puffs bulk price"},{"@type":"BreadcrumbList","@id":"https:\/\/rmvapebang.com\/product\/vopk-tornado-15k-puffs-wholesale-price-15000-vapes\/#breadcrumb","itemListElement":[{"@type":"ListItem","position":1,"name":"Home","item":"https:\/\/rmvapebang.com\/"},{"@type":"ListItem","position":2,"name":"Hot Vape Shop","item":"https:\/\/rmvapebang.com\/shop-page\/"},{"@type":"ListItem","position":3,"name":"VOPK tornado 15k puffs Wholesale Price 15000 vapes"}]},{"@type":"WebSite","@id":"https:\/\/rmvapebang.com\/#website","url":"https:\/\/rmvapebang.com\/","name":"rmvapebang.com","description":"buy vape cheap","publisher":{"@id":"https:\/\/rmvapebang.com\/#organization"},"potentialAction":[{"@type":"SearchAction","target":{"@type":"EntryPoint","urlTemplate":"https:\/\/rmvapebang.com\/?s={search_term_string}"},"query-input":"required name=search_term_string"}],"inLanguage":"de"},{"@type":"Organization","@id":"https:\/\/rmvapebang.com\/#organization","name":"rmvapebang.com","url":"https:\/\/rmvapebang.com\/","logo":{"@type":"ImageObject","inLanguage":"de","@id":"https:\/\/rmvapebang.com\/#\/schema\/logo\/image\/","url":"https:\/\/rmvapebang.com\/wp-content\/uploads\/2024\/03\/cropped-RVBlogo.png","contentUrl":"https:\/\/rmvapebang.com\/wp-content\/uploads\/2024\/03\/cropped-RVBlogo.png","width":507,"height":169,"caption":"rmvapebang.com"},"image":{"@id":"https:\/\/rmvapebang.com\/#\/schema\/logo\/image\/"}}]}},"uagb_featured_image_src":{"full":["https:\/\/rmvapebang.com\/wp-content\/uploads\/2024\/04\/VOPK-vape-TORANDO-15K-puffs-bulk-price.png",454,647,false],"thumbnail":["https:\/\/rmvapebang.com\/wp-content\/uploads\/2024\/04\/VOPK-vape-TORANDO-15K-puffs-bulk-price-150x150.png",150,150,true],"medium":["https:\/\/rmvapebang.com\/wp-content\/uploads\/2024\/04\/VOPK-vape-TORANDO-15K-puffs-bulk-price-211x300.png",211,300,true],"medium_large":["https:\/\/rmvapebang.com\/wp-content\/uploads\/2024\/04\/VOPK-vape-TORANDO-15K-puffs-bulk-price.png",454,647,false],"large":["https:\/\/rmvapebang.com\/wp-content\/uploads\/2024\/04\/VOPK-vape-TORANDO-15K-puffs-bulk-price.png",454,647,false],"1536x1536":["https:\/\/rmvapebang.com\/wp-content\/uploads\/2024\/04\/VOPK-vape-TORANDO-15K-puffs-bulk-price.png",454,647,false],"2048x2048":["https:\/\/rmvapebang.com\/wp-content\/uploads\/2024\/04\/VOPK-vape-TORANDO-15K-puffs-bulk-price.png",454,647,false],"trp-custom-language-flag":["https:\/\/rmvapebang.com\/wp-content\/uploads\/2024\/04\/VOPK-vape-TORANDO-15K-puffs-bulk-price.png",8,12,false],"woocommerce_thumbnail":["https:\/\/rmvapebang.com\/wp-content\/uploads\/2024\/04\/VOPK-vape-TORANDO-15K-puffs-bulk-price-300x300.png",300,300,true],"woocommerce_single":["https:\/\/rmvapebang.com\/wp-content\/uploads\/2024\/04\/VOPK-vape-TORANDO-15K-puffs-bulk-price.png",454,647,false],"woocommerce_gallery_thumbnail":["https:\/\/rmvapebang.com\/wp-content\/uploads\/2024\/04\/VOPK-vape-TORANDO-15K-puffs-bulk-price-100x100.png",100,100,true],"wcpr-photo-reviews":["https:\/\/rmvapebang.com\/wp-content\/uploads\/2024\/04\/VOPK-vape-TORANDO-15K-puffs-bulk-price.png",351,500,false]},"uagb_author_info":{"display_name":"Lyn","author_link":"https:\/\/rmvapebang.com\/de\/author\/"},"uagb_comment_info":0,"uagb_excerpt":"VOPK tornado E-cigarette 15000 Puffs Wholesale Price Vape Rechargeable VOPK tornado E-cigarette 15000 Puff is a high-capacity rechargeable vape device offering 15000 puffs with 10 flavors and 2%\/5% nicotine levels. Whatsapp:+86 17840853976 Scan on whatsapp for New Client coupon","_links":{"self":[{"href":"https:\/\/rmvapebang.com\/de\/wp-json\/wp\/v2\/product\/2247","targetHints":{"allow":["GET"]}}],"collection":[{"href":"https:\/\/rmvapebang.com\/de\/wp-json\/wp\/v2\/product"}],"about":[{"href":"https:\/\/rmvapebang.com\/de\/wp-json\/wp\/v2\/types\/product"}],"replies":[{"embeddable":true,"href":"https:\/\/rmvapebang.com\/de\/wp-json\/wp\/v2\/comments?post=2247"}],"wp:featuredmedia":[{"embeddable":true,"href":"https:\/\/rmvapebang.com\/de\/wp-json\/wp\/v2\/media\/2242"}],"wp:attachment":[{"href":"https:\/\/rmvapebang.com\/de\/wp-json\/wp\/v2\/media?parent=2247"}],"wp:term":[{"taxonomy":"product_brand","embeddable":true,"href":"https:\/\/rmvapebang.com\/de\/wp-json\/wp\/v2\/product_brand?post=2247"},{"taxonomy":"product_cat","embeddable":true,"href":"https:\/\/rmvapebang.com\/de\/wp-json\/wp\/v2\/product_cat?post=2247"},{"taxonomy":"product_tag","embeddable":true,"href":"https:\/\/rmvapebang.com\/de\/wp-json\/wp\/v2\/product_tag?post=2247"}],"curies":[{"name":"wp","href":"https:\/\/api.w.org\/{rel}","templated":true}]}}