{"id":2216,"date":"2024-04-24T15:57:10","date_gmt":"2024-04-24T07:57:10","guid":{"rendered":"https:\/\/rmvapebang.com\/?post_type=product&#038;p=2216"},"modified":"2026-04-23T11:06:38","modified_gmt":"2026-04-23T03:06:38","slug":"bang-digital-15k-puffs-bulk-price-15000-vapes","status":"publish","type":"product","link":"https:\/\/rmvapebang.com\/de\/product\/bang-digital-15k-puffs-bulk-price-15000-vapes\/","title":{"rendered":"Bang digital 15k Puffs Gro\u00dfhandelspreis 15000 Vapes"},"content":{"rendered":"<h2>Bang digital 15k Puffs Gro\u00dfhandelspreis 15000 Vapes<\/h2>\n<p>\u00dcber Bang Digital 15000, Bang E-Zigarette hat einen leistungsstarken 500mAh Akku, der eine lange Nutzungsdauer gew\u00e4hrleistet. Die E-Fl\u00fcssigkeitskapazit\u00e4t von digital15k erreicht 23ml, damit Sie lange rauchen k\u00f6nnen.<\/p>\n<p>Zus\u00e4tzlich ist dieses Produkt in 2% und 5% Nikotin erh\u00e4ltlich, und der Smart-Bildschirm erm\u00f6glicht es Ihnen, die verbleibende E-Fl\u00fcssigkeit und Akkulaufzeit intuitiv zu sehen. Sein Erscheinungsbild ist haupts\u00e4chlich niedlich, und sein gut aussehendes \u00c4u\u00dferes kann K\u00e4ufer dazu bringen, daf\u00fcr zu bezahlen.<\/p>\n<p>Bang mit einem Vape Digital hat 15.000 Puffs, damit Sie beim Rauchen Spa\u00df haben k\u00f6nnen.<\/p>\n<p><img loading=\"lazy\" decoding=\"async\" class=\"size-medium wp-image-2194\" src=\"http:\/\/rmvapebang.com\/wp-content\/uploads\/2024\/04\/Bang-tornado-vape-15k-puffs-good-price-300x300.jpg\" alt=\"Bang Tornado Vape 15k Puffs Guter Preis\" width=\"300\" height=\"300\" srcset=\"https:\/\/rmvapebang.com\/wp-content\/uploads\/2024\/04\/Bang-tornado-vape-15k-puffs-good-price-300x300.jpg 300w, https:\/\/rmvapebang.com\/wp-content\/uploads\/2024\/04\/Bang-tornado-vape-15k-puffs-good-price-1024x1024.jpg 1024w, https:\/\/rmvapebang.com\/wp-content\/uploads\/2024\/04\/Bang-tornado-vape-15k-puffs-good-price-150x150.jpg 150w, https:\/\/rmvapebang.com\/wp-content\/uploads\/2024\/04\/Bang-tornado-vape-15k-puffs-good-price-768x768.jpg 768w, https:\/\/rmvapebang.com\/wp-content\/uploads\/2024\/04\/Bang-tornado-vape-15k-puffs-good-price-600x600.jpg 600w, https:\/\/rmvapebang.com\/wp-content\/uploads\/2024\/04\/Bang-tornado-vape-15k-puffs-good-price-100x100.jpg 100w, https:\/\/rmvapebang.com\/wp-content\/uploads\/2024\/04\/Bang-tornado-vape-15k-puffs-good-price.jpg 1500w\" sizes=\"auto, (max-width: 300px) 100vw, 300px\" \/><\/p>\n<h3><strong>Was sind die Geschmacksrichtungen f\u00fcr Bang Digital 15k Vape?<\/strong><\/h3>\n<p style=\"text-align: left\">1. Blue Freeze<br \/>\n2. Berry Blast<br \/>\n3. Blue Cherry Lemon<br \/>\n4. Peach Freeze<br \/>\n5. Grape Freeze<br \/>\n6. Peach Berry<br \/>\n7. Sour Apple Razberry<br \/>\n8. Troiple Fruit<br \/>\n9. Lush Ice<br \/>\n10. Strawberry Watermelon<br \/>\n11.K\u00fchle Minze<br \/>\n12.Erdbeere Litschi<\/p>\n<h2>Spezifikationen f\u00fcr die Bang Digital 15k Puffs:<\/h2>\n<p>\u2013 15k Z\u00fcge<br \/>\n\u2013 12 Geschmacksrichtungen<br \/>\n\u2013 2%\/5% Nikotinst\u00e4rke<br \/>\n\u2013 23ml E-Fl\u00fcssigkeitskapazit\u00e4t<br \/>\n\u2013 Batteriekapazit\u00e4t 650 mAh<\/p>\n<h3>FAQ:<\/h3>\n<p>F: Was ist die MOQ der Bang Digital 15k elektronischen Zigarette Vape?<\/p>\n<p>A: Die Mindestbestellmenge (MOQ) f\u00fcr die Bang Digital 15k Puffs betr\u00e4gt 50 St\u00fcck.<\/p>\n<p>F: Wie lange ist die Lieferzeit f\u00fcr den wiederaufladbaren Vape, den ich bestellt habe?<\/p>\n<p>A: Normalerweise betr\u00e4gt die Lieferzeit f\u00fcr den wiederaufladbaren Vape 10-15 Tage nach dem Versand.<\/p>\n<p>F: Wie hoch sind die Versandkosten f\u00fcr die Bang Digital 15k Puffs Vape?<\/p>\n<p>A: Die Versandkosten variieren je nach Gewicht der Bestellung. Unterschiedliche Mengen k\u00f6nnen unterschiedliche Versandkosten haben. Bitte kontaktieren Sie uns, um die Versandkosten f\u00fcr Ihre spezifische Bestellung zu best\u00e4tigen.<\/p>\n<p>F: Kann die Bang Digital 15000 Puffs Vape in mein Land versendet werden?<\/p>\n<p>A: Ja, wir k\u00f6nnen die Bang Digital 15000 Puffs Vape in die meisten europ\u00e4ischen L\u00e4nder versenden, darunter unter anderem die Niederlande, Deutschland, Frankreich, Spanien, Italien, Belgien, Luxemburg, \u00d6sterreich, Tschechien, Slowakei, Ungarn, Slowenien, Rum\u00e4nien, Bulgarien, Griechenland, Polen, Schweden, Irland, Portugal, Finnland, Estland, Lettland und Litauen. Wenn Sie spezielle Fragen zum Versand in Ihr Land haben, k\u00f6nnen Sie sich gerne an uns wenden, um weitere Unterst\u00fctzung zu erhalten.<\/p>\n<p><strong>Kontaktieren Sie Lyn f\u00fcr weitere Produktvideos!<\/strong><\/p>\n<p><a href=\"https:\/\/wa.me\/8617840853976\"><span style=\"color: #ff6600\"><strong><em>Whatsapp:+86 17840853976<\/em><\/strong><\/span><\/a><\/p>\n<p><img loading=\"lazy\" decoding=\"async\" class=\"alignnone size-medium wp-image-1905\" src=\"http:\/\/rmvapebang.com\/wp-content\/uploads\/2024\/03\/whatsapp-vape-2-202x300.jpg\" alt=\"\" width=\"202\" height=\"300\" \/><\/p>\n<p>Finden Sie weitere Produkte, die Ihnen gefallen k\u00f6nnten:<a href=\"https:\/\/rmvapebang.com\/de\/shop-page\/\"><strong><em>Jetzt einkaufen<\/em><\/strong><\/a><\/p>\n<p>Andere Puffs, die Ihnen gefallen k\u00f6nnten:<a href=\"https:\/\/rmvapebang.com\/de\/produkt\/waspe-20000-puffs-wholesale-price-20k-vape\/\">Waspe 20.000 Z\u00fcge<\/a>\uff0c<a href=\"https:\/\/rmvapebang.com\/de\/produkt\/fluum-box-15000-puffs-digital-15k-vape\/\">FLUUM BOX 15K E-Zigaretten<\/a>\uff0c<a href=\"https:\/\/rmvapebang.com\/de\/produkt\/bang-15k-puffs-shisha-wholesale-15000-vapes\/\">Bang Shisha 15000 Z\u00fcge<\/a>\uff0c<a href=\"https:\/\/rmvapebang.com\/de\/produkt\/vapme-shisha-15k-puffs-best-price-15000-vapes\/\">Vapme Shisha 15k E-Zigaretten<\/a><\/p>\n<p><span style=\"color: #ff0000\"><strong>Hinweis: Alle Produkte sind exklusive Versandkosten!!!<\/strong><\/span><\/p>","protected":false},"excerpt":{"rendered":"<p>Bang digital 15000 Puffs Hei\u00dfer Preis Vape Wiederaufladbar<\/p>\n<p>Bang digital elektronische Zigarette 15k Puffs ist ein wiederaufladbares Vape-Ger\u00e4t mit hoher Kapazit\u00e4t, das 15000 Puffs mit 12 Geschmacksrichtungen und 2%\/5% Nikotinst\u00e4rken bietet.<\/p>\n<p><a href=\"https:\/\/wa.me\/8617840853976\"><strong><em>Whatsapp:+86 17840853976<\/em><\/strong><\/a><\/p>\n<p>F\u00fcr einen Neukunden-Coupon auf WhatsApp scannen<\/p>\n<p><img loading=\"lazy\" decoding=\"async\" class=\"alignnone size-medium wp-image-1905\" src=\"http:\/\/rmvapebang.com\/wp-content\/uploads\/2024\/03\/whatsapp-vape-2-202x300.jpg\" alt=\"\" width=\"202\" height=\"300\" \/><\/p>","protected":false},"featured_media":2193,"comment_status":"open","ping_status":"closed","template":"","meta":{"_uag_custom_page_level_css":"","_lmt_disableupdate":"no","_lmt_disable":"","site-sidebar-layout":"no-sidebar","site-content-layout":"boxed-container","ast-site-content-layout":"normal-width-container","site-content-style":"boxed","site-sidebar-style":"boxed","ast-global-header-display":"","ast-banner-title-visibility":"","ast-main-header-display":"","ast-hfb-above-header-display":"","ast-hfb-below-header-display":"","ast-hfb-mobile-header-display":"","site-post-title":"","ast-breadcrumbs-content":"","ast-featured-img":"","footer-sml-layout":"","ast-disable-related-posts":"","theme-transparent-header-meta":"default","adv-header-id-meta":"","stick-header-meta":"","header-above-stick-meta":"","header-main-stick-meta":"","header-below-stick-meta":"","astra-migrate-meta-layouts":"set","ast-page-background-enabled":"default","ast-page-background-meta":{"desktop":{"background-color":"","background-image":"","background-repeat":"repeat","background-position":"center center","background-size":"auto","background-attachment":"scroll","background-type":"","background-media":"","overlay-type":"","overlay-color":"","overlay-opacity":"","overlay-gradient":""},"tablet":{"background-color":"","background-image":"","background-repeat":"repeat","background-position":"center center","background-size":"auto","background-attachment":"scroll","background-type":"","background-media":"","overlay-type":"","overlay-color":"","overlay-opacity":"","overlay-gradient":""},"mobile":{"background-color":"","background-image":"","background-repeat":"repeat","background-position":"center center","background-size":"auto","background-attachment":"scroll","background-type":"","background-media":"","overlay-type":"","overlay-color":"","overlay-opacity":"","overlay-gradient":""}},"ast-content-background-meta":{"desktop":{"background-color":"var(--ast-global-color-4)","background-image":"","background-repeat":"repeat","background-position":"center center","background-size":"auto","background-attachment":"scroll","background-type":"","background-media":"","overlay-type":"","overlay-color":"","overlay-opacity":"","overlay-gradient":""},"tablet":{"background-color":"var(--ast-global-color-4)","background-image":"","background-repeat":"repeat","background-position":"center center","background-size":"auto","background-attachment":"scroll","background-type":"","background-media":"","overlay-type":"","overlay-color":"","overlay-opacity":"","overlay-gradient":""},"mobile":{"background-color":"var(--ast-global-color-4)","background-image":"","background-repeat":"repeat","background-position":"center center","background-size":"auto","background-attachment":"scroll","background-type":"","background-media":"","overlay-type":"","overlay-color":"","overlay-opacity":"","overlay-gradient":""}},"_joinchat":[]},"product_brand":[],"product_cat":[76,130,39,41,42,40,75,43],"product_tag":[66,65,50,61,49,53,70,52],"class_list":{"0":"post-2216","1":"product","2":"type-product","3":"status-publish","4":"has-post-thumbnail","6":"product_cat-bang-vapes","7":"product_cat-digital-vapes-in-discount-price","8":"product_cat-france-wholesale-vape","9":"product_cat-netherlands-wholesale-vape","10":"product_cat-spain-wholesale-vape","11":"product_cat-germany-wholesale-vape","12":"product_cat-vape-15000-puffs","13":"product_cat-vape-shop","14":"product_tag-15000-puffs","15":"product_tag-15k-puffs","16":"product_tag-bulk-price-vape-shop","17":"product_tag-good-sales-vape","18":"product_tag-minimum-order-quantity-100pcs","19":"product_tag-rechargeable-vape","20":"product_tag-the-moq-is-100","21":"product_tag-vape-wholesasle-price","22":"desktop-align-left","23":"tablet-align-left","24":"mobile-align-left","26":"first","27":"instock","28":"sale","29":"shipping-taxable","30":"purchasable","31":"product-type-simple"},"yoast_head":"<!-- This site is optimized with the Yoast SEO plugin v27.4 - https:\/\/yoast.com\/product\/yoast-seo-wordpress\/ -->\n<title>Bang digital 15k Puffs Bulk Price 15000 Vapes - rmvapebang.com<\/title>\n<meta name=\"description\" content=\"Contact now to get best Price of Bang 15k vape! Bang-digital-15k -puffs-hot-price-15k-vape,2% and 5% nicotine to choose. and the moq is 100pcs.\" \/>\n<meta name=\"robots\" content=\"index, follow, max-snippet:-1, max-image-preview:large, max-video-preview:-1\" \/>\n<link rel=\"canonical\" href=\"https:\/\/rmvapebang.com\/de\/produkt\/bang-digital-15k-puffs-bulk-price-15000-vapes\/\" \/>\n<meta property=\"og:locale\" content=\"de_DE\" \/>\n<meta property=\"og:type\" content=\"article\" \/>\n<meta property=\"og:title\" content=\"Bang digital 15k Puffs Bulk Price 15000 Vapes - rmvapebang.com\" \/>\n<meta property=\"og:description\" content=\"Contact now to get best Price of Bang 15k vape! Bang-digital-15k -puffs-hot-price-15k-vape,2% and 5% nicotine to choose. and the moq is 100pcs.\" \/>\n<meta property=\"og:url\" content=\"https:\/\/rmvapebang.com\/de\/produkt\/bang-digital-15k-puffs-bulk-price-15000-vapes\/\" \/>\n<meta property=\"og:site_name\" content=\"rmvapebang.com\" \/>\n<meta property=\"article:modified_time\" content=\"2026-04-23T03:06:38+00:00\" \/>\n<meta property=\"og:image\" content=\"http:\/\/rmvapebang.com\/wp-content\/uploads\/2024\/04\/Bang-digital-vape-15000-PUFFS-wholesale-price.jpg\" \/>\n\t<meta property=\"og:image:width\" content=\"1500\" \/>\n\t<meta property=\"og:image:height\" content=\"1500\" \/>\n\t<meta property=\"og:image:type\" content=\"image\/jpeg\" \/>\n<meta name=\"twitter:card\" content=\"summary_large_image\" \/>\n<meta name=\"twitter:label1\" content=\"Gesch\u00e4tzte Lesezeit\" \/>\n\t<meta name=\"twitter:data1\" content=\"3\u00a0Minuten\" \/>\n<script type=\"application\/ld+json\" class=\"yoast-schema-graph\">{\"@context\":\"https:\\\/\\\/schema.org\",\"@graph\":[{\"@type\":\"WebPage\",\"@id\":\"https:\\\/\\\/rmvapebang.com\\\/product\\\/bang-digital-15k-puffs-bulk-price-15000-vapes\\\/\",\"url\":\"https:\\\/\\\/rmvapebang.com\\\/product\\\/bang-digital-15k-puffs-bulk-price-15000-vapes\\\/\",\"name\":\"Bang digital 15k Puffs Bulk Price 15000 Vapes - rmvapebang.com\",\"isPartOf\":{\"@id\":\"https:\\\/\\\/rmvapebang.com\\\/#website\"},\"primaryImageOfPage\":{\"@id\":\"https:\\\/\\\/rmvapebang.com\\\/product\\\/bang-digital-15k-puffs-bulk-price-15000-vapes\\\/#primaryimage\"},\"image\":{\"@id\":\"https:\\\/\\\/rmvapebang.com\\\/product\\\/bang-digital-15k-puffs-bulk-price-15000-vapes\\\/#primaryimage\"},\"thumbnailUrl\":\"https:\\\/\\\/rmvapebang.com\\\/wp-content\\\/uploads\\\/2024\\\/04\\\/Bang-digital-vape-15000-PUFFS-wholesale-price.jpg\",\"datePublished\":\"2024-04-24T07:57:10+00:00\",\"dateModified\":\"2026-04-23T03:06:38+00:00\",\"description\":\"Contact now to get best Price of Bang 15k vape! Bang-digital-15k -puffs-hot-price-15k-vape,2% and 5% nicotine to choose. and the moq is 100pcs.\",\"breadcrumb\":{\"@id\":\"https:\\\/\\\/rmvapebang.com\\\/product\\\/bang-digital-15k-puffs-bulk-price-15000-vapes\\\/#breadcrumb\"},\"inLanguage\":\"de\",\"potentialAction\":[{\"@type\":\"ReadAction\",\"target\":[\"https:\\\/\\\/rmvapebang.com\\\/product\\\/bang-digital-15k-puffs-bulk-price-15000-vapes\\\/\"]}]},{\"@type\":\"ImageObject\",\"inLanguage\":\"de\",\"@id\":\"https:\\\/\\\/rmvapebang.com\\\/product\\\/bang-digital-15k-puffs-bulk-price-15000-vapes\\\/#primaryimage\",\"url\":\"https:\\\/\\\/rmvapebang.com\\\/wp-content\\\/uploads\\\/2024\\\/04\\\/Bang-digital-vape-15000-PUFFS-wholesale-price.jpg\",\"contentUrl\":\"https:\\\/\\\/rmvapebang.com\\\/wp-content\\\/uploads\\\/2024\\\/04\\\/Bang-digital-vape-15000-PUFFS-wholesale-price.jpg\",\"width\":1500,\"height\":1500,\"caption\":\"Bang digital vape 15000 PUFFS wholesale price\"},{\"@type\":\"BreadcrumbList\",\"@id\":\"https:\\\/\\\/rmvapebang.com\\\/product\\\/bang-digital-15k-puffs-bulk-price-15000-vapes\\\/#breadcrumb\",\"itemListElement\":[{\"@type\":\"ListItem\",\"position\":1,\"name\":\"Home\",\"item\":\"https:\\\/\\\/rmvapebang.com\\\/\"},{\"@type\":\"ListItem\",\"position\":2,\"name\":\"Hot Vape Shop\",\"item\":\"https:\\\/\\\/rmvapebang.com\\\/shop-page\\\/\"},{\"@type\":\"ListItem\",\"position\":3,\"name\":\"Bang digital 15k Puffs Bulk Price 15000 Vapes\"}]},{\"@type\":\"WebSite\",\"@id\":\"https:\\\/\\\/rmvapebang.com\\\/#website\",\"url\":\"https:\\\/\\\/rmvapebang.com\\\/\",\"name\":\"rmvapebang.com\",\"description\":\"buy vape cheap\",\"publisher\":{\"@id\":\"https:\\\/\\\/rmvapebang.com\\\/#organization\"},\"potentialAction\":[{\"@type\":\"SearchAction\",\"target\":{\"@type\":\"EntryPoint\",\"urlTemplate\":\"https:\\\/\\\/rmvapebang.com\\\/?s={search_term_string}\"},\"query-input\":{\"@type\":\"PropertyValueSpecification\",\"valueRequired\":true,\"valueName\":\"search_term_string\"}}],\"inLanguage\":\"de\"},{\"@type\":\"Organization\",\"@id\":\"https:\\\/\\\/rmvapebang.com\\\/#organization\",\"name\":\"rmvapebang.com\",\"url\":\"https:\\\/\\\/rmvapebang.com\\\/\",\"logo\":{\"@type\":\"ImageObject\",\"inLanguage\":\"de\",\"@id\":\"https:\\\/\\\/rmvapebang.com\\\/#\\\/schema\\\/logo\\\/image\\\/\",\"url\":\"https:\\\/\\\/rmvapebang.com\\\/wp-content\\\/uploads\\\/2024\\\/03\\\/cropped-RVBlogo.png\",\"contentUrl\":\"https:\\\/\\\/rmvapebang.com\\\/wp-content\\\/uploads\\\/2024\\\/03\\\/cropped-RVBlogo.png\",\"width\":507,\"height\":169,\"caption\":\"rmvapebang.com\"},\"image\":{\"@id\":\"https:\\\/\\\/rmvapebang.com\\\/#\\\/schema\\\/logo\\\/image\\\/\"}}]}<\/script>\n<!-- \/ Yoast SEO plugin. -->","yoast_head_json":{"title":"Bang digital 15k Puffs Gro\u00dfhandelspreis 15000 Vapes - rmvapebang.com","description":"Kontaktieren Sie uns jetzt f\u00fcr den besten Preis der Bang 15k Vape! Bang-digital-15k -Z\u00fcge-hei\u00dfer-Preis-15k-Vape, 21mg und 51mg Nikotin zur Auswahl. Und die Mindestbestellmenge betr\u00e4gt 100 St\u00fcck.","robots":{"index":"index","follow":"follow","max-snippet":"max-snippet:-1","max-image-preview":"max-image-preview:large","max-video-preview":"max-video-preview:-1"},"canonical":"https:\/\/rmvapebang.com\/de\/produkt\/bang-digital-15k-puffs-bulk-price-15000-vapes\/","og_locale":"de_DE","og_type":"article","og_title":"Bang digital 15k Puffs Bulk Price 15000 Vapes - rmvapebang.com","og_description":"Contact now to get best Price of Bang 15k vape! Bang-digital-15k -puffs-hot-price-15k-vape,2% and 5% nicotine to choose. and the moq is 100pcs.","og_url":"https:\/\/rmvapebang.com\/de\/produkt\/bang-digital-15k-puffs-bulk-price-15000-vapes\/","og_site_name":"rmvapebang.com","article_modified_time":"2026-04-23T03:06:38+00:00","og_image":[{"width":1500,"height":1500,"url":"http:\/\/rmvapebang.com\/wp-content\/uploads\/2024\/04\/Bang-digital-vape-15000-PUFFS-wholesale-price.jpg","type":"image\/jpeg"}],"twitter_card":"summary_large_image","twitter_misc":{"Gesch\u00e4tzte Lesezeit":"3\u00a0Minuten"},"schema":{"@context":"https:\/\/schema.org","@graph":[{"@type":"WebPage","@id":"https:\/\/rmvapebang.com\/product\/bang-digital-15k-puffs-bulk-price-15000-vapes\/","url":"https:\/\/rmvapebang.com\/product\/bang-digital-15k-puffs-bulk-price-15000-vapes\/","name":"Bang digital 15k Puffs Gro\u00dfhandelspreis 15000 Vapes - rmvapebang.com","isPartOf":{"@id":"https:\/\/rmvapebang.com\/#website"},"primaryImageOfPage":{"@id":"https:\/\/rmvapebang.com\/product\/bang-digital-15k-puffs-bulk-price-15000-vapes\/#primaryimage"},"image":{"@id":"https:\/\/rmvapebang.com\/product\/bang-digital-15k-puffs-bulk-price-15000-vapes\/#primaryimage"},"thumbnailUrl":"https:\/\/rmvapebang.com\/wp-content\/uploads\/2024\/04\/Bang-digital-vape-15000-PUFFS-wholesale-price.jpg","datePublished":"2024-04-24T07:57:10+00:00","dateModified":"2026-04-23T03:06:38+00:00","description":"Kontaktieren Sie uns jetzt f\u00fcr den besten Preis der Bang 15k Vape! Bang-digital-15k -Z\u00fcge-hei\u00dfer-Preis-15k-Vape, 21mg und 51mg Nikotin zur Auswahl. Und die Mindestbestellmenge betr\u00e4gt 100 St\u00fcck.","breadcrumb":{"@id":"https:\/\/rmvapebang.com\/product\/bang-digital-15k-puffs-bulk-price-15000-vapes\/#breadcrumb"},"inLanguage":"de","potentialAction":[{"@type":"ReadAction","target":["https:\/\/rmvapebang.com\/product\/bang-digital-15k-puffs-bulk-price-15000-vapes\/"]}]},{"@type":"ImageObject","inLanguage":"de","@id":"https:\/\/rmvapebang.com\/product\/bang-digital-15k-puffs-bulk-price-15000-vapes\/#primaryimage","url":"https:\/\/rmvapebang.com\/wp-content\/uploads\/2024\/04\/Bang-digital-vape-15000-PUFFS-wholesale-price.jpg","contentUrl":"https:\/\/rmvapebang.com\/wp-content\/uploads\/2024\/04\/Bang-digital-vape-15000-PUFFS-wholesale-price.jpg","width":1500,"height":1500,"caption":"Bang digital vape 15000 PUFFS wholesale price"},{"@type":"BreadcrumbList","@id":"https:\/\/rmvapebang.com\/product\/bang-digital-15k-puffs-bulk-price-15000-vapes\/#breadcrumb","itemListElement":[{"@type":"ListItem","position":1,"name":"Home","item":"https:\/\/rmvapebang.com\/"},{"@type":"ListItem","position":2,"name":"Hot Vape Shop","item":"https:\/\/rmvapebang.com\/shop-page\/"},{"@type":"ListItem","position":3,"name":"Bang digital 15k Puffs Bulk Price 15000 Vapes"}]},{"@type":"WebSite","@id":"https:\/\/rmvapebang.com\/#website","url":"https:\/\/rmvapebang.com\/","name":"rmvapebang.com","description":"Vape g\u00fcnstig kaufen","publisher":{"@id":"https:\/\/rmvapebang.com\/#organization"},"potentialAction":[{"@type":"SearchAction","target":{"@type":"EntryPoint","urlTemplate":"https:\/\/rmvapebang.com\/?s={search_term_string}"},"query-input":{"@type":"PropertyValueSpecification","valueRequired":true,"valueName":"search_term_string"}}],"inLanguage":"de"},{"@type":"Organization","@id":"https:\/\/rmvapebang.com\/#organization","name":"rmvapebang.com","url":"https:\/\/rmvapebang.com\/","logo":{"@type":"ImageObject","inLanguage":"de","@id":"https:\/\/rmvapebang.com\/#\/schema\/logo\/image\/","url":"https:\/\/rmvapebang.com\/wp-content\/uploads\/2024\/03\/cropped-RVBlogo.png","contentUrl":"https:\/\/rmvapebang.com\/wp-content\/uploads\/2024\/03\/cropped-RVBlogo.png","width":507,"height":169,"caption":"rmvapebang.com"},"image":{"@id":"https:\/\/rmvapebang.com\/#\/schema\/logo\/image\/"}}]}},"uagb_featured_image_src":{"full":["https:\/\/rmvapebang.com\/wp-content\/uploads\/2024\/04\/Bang-digital-vape-15000-PUFFS-wholesale-price.jpg",1500,1500,false],"thumbnail":["https:\/\/rmvapebang.com\/wp-content\/uploads\/2024\/04\/Bang-digital-vape-15000-PUFFS-wholesale-price-150x150.jpg",150,150,true],"medium":["https:\/\/rmvapebang.com\/wp-content\/uploads\/2024\/04\/Bang-digital-vape-15000-PUFFS-wholesale-price-300x300.jpg",300,300,true],"medium_large":["https:\/\/rmvapebang.com\/wp-content\/uploads\/2024\/04\/Bang-digital-vape-15000-PUFFS-wholesale-price-768x768.jpg",768,768,true],"large":["https:\/\/rmvapebang.com\/wp-content\/uploads\/2024\/04\/Bang-digital-vape-15000-PUFFS-wholesale-price-1024x1024.jpg",1024,1024,true],"1536x1536":["https:\/\/rmvapebang.com\/wp-content\/uploads\/2024\/04\/Bang-digital-vape-15000-PUFFS-wholesale-price.jpg",1500,1500,false],"2048x2048":["https:\/\/rmvapebang.com\/wp-content\/uploads\/2024\/04\/Bang-digital-vape-15000-PUFFS-wholesale-price.jpg",1500,1500,false],"trp-custom-language-flag":["https:\/\/rmvapebang.com\/wp-content\/uploads\/2024\/04\/Bang-digital-vape-15000-PUFFS-wholesale-price.jpg",12,12,false],"woocommerce_thumbnail":["https:\/\/rmvapebang.com\/wp-content\/uploads\/2024\/04\/Bang-digital-vape-15000-PUFFS-wholesale-price-300x300.jpg",300,300,true],"woocommerce_single":["https:\/\/rmvapebang.com\/wp-content\/uploads\/2024\/04\/Bang-digital-vape-15000-PUFFS-wholesale-price-600x600.jpg",600,600,true],"woocommerce_gallery_thumbnail":["https:\/\/rmvapebang.com\/wp-content\/uploads\/2024\/04\/Bang-digital-vape-15000-PUFFS-wholesale-price-100x100.jpg",100,100,true],"wcpr-photo-reviews":["https:\/\/rmvapebang.com\/wp-content\/uploads\/2024\/04\/Bang-digital-vape-15000-PUFFS-wholesale-price.jpg",500,500,false]},"uagb_author_info":{"display_name":"Lyn","author_link":"https:\/\/rmvapebang.com\/de\/author\/"},"uagb_comment_info":0,"uagb_excerpt":"Bang digital 15000 Puffs Hot Price Vape Rechargeable Bang digital electronic cigarette 15k puffs is a high-capacity rechargeable vape device offering 15000 puffs with 12 flavors and 2%\/5% nicotine levels. Whatsapp:+86 17840853976 Scan on whatsapp for New Client coupon","_links":{"self":[{"href":"https:\/\/rmvapebang.com\/de\/wp-json\/wp\/v2\/product\/2216","targetHints":{"allow":["GET"]}}],"collection":[{"href":"https:\/\/rmvapebang.com\/de\/wp-json\/wp\/v2\/product"}],"about":[{"href":"https:\/\/rmvapebang.com\/de\/wp-json\/wp\/v2\/types\/product"}],"replies":[{"embeddable":true,"href":"https:\/\/rmvapebang.com\/de\/wp-json\/wp\/v2\/comments?post=2216"}],"wp:featuredmedia":[{"embeddable":true,"href":"https:\/\/rmvapebang.com\/de\/wp-json\/wp\/v2\/media\/2193"}],"wp:attachment":[{"href":"https:\/\/rmvapebang.com\/de\/wp-json\/wp\/v2\/media?parent=2216"}],"wp:term":[{"taxonomy":"product_brand","embeddable":true,"href":"https:\/\/rmvapebang.com\/de\/wp-json\/wp\/v2\/product_brand?post=2216"},{"taxonomy":"product_cat","embeddable":true,"href":"https:\/\/rmvapebang.com\/de\/wp-json\/wp\/v2\/product_cat?post=2216"},{"taxonomy":"product_tag","embeddable":true,"href":"https:\/\/rmvapebang.com\/de\/wp-json\/wp\/v2\/product_tag?post=2216"}],"curies":[{"name":"wp","href":"https:\/\/api.w.org\/{rel}","templated":true}]}}