{"id":1943,"date":"2025-05-07T16:00:33","date_gmt":"2025-05-07T08:00:33","guid":{"rendered":"https:\/\/rmvapebang.com\/?post_type=product&#038;p=1943"},"modified":"2026-04-06T20:05:36","modified_gmt":"2026-04-06T12:05:36","slug":"disposable-12k-digital-puffs-wholesale-price-12000-vape","status":"publish","type":"product","link":"https:\/\/rmvapebang.com\/de\/product\/disposable-12k-digital-puffs-wholesale-price-12000-vape\/","title":{"rendered":"Einweg 12k Digital Puffs Gro\u00dfhandelspreis 12000 Vape"},"content":{"rendered":"<h2>Einweg 12k Digital Puffs Gro\u00dfhandelspreis 12000 Vape<\/h2>\n<p>Einweg-Digital-Vape mit 12.000 Z\u00fcgen zum Gro\u00dfhandelspreis: 12.000 Vape setzen mit ihrem reduzierten Preis einen neuen Standard f\u00fcr Zufriedenheit beim Dampfen.<\/p>\n<p>Diese E-Zigarette hat eine Nikotinkonzentration von 2%\/5% und jede E-Zigarette kann bis zu 12.000 Z\u00fcge halten, was einen lang anhaltenden Genuss gew\u00e4hrleistet, bevor sie ausgetauscht werden muss. Gleichzeitig reduziert die gro\u00dfe Kapazit\u00e4t von 20 ml E-Liquid die durch h\u00e4ufiges Nachf\u00fcllen verursachten Probleme, sodass Sie ungest\u00f6rtes Rauchvergn\u00fcgen genie\u00dfen k\u00f6nnen.<\/p>\n<p>Die Batteriekapazit\u00e4t dieses Produkts betr\u00e4gt 850 mAh, sodass Benutzer sicher sein k\u00f6nnen, dass es die Nutzungsdauer verl\u00e4ngern kann. 12.000 Z\u00fcge bieten eine Auswahl an 40 reichhaltigen Geschmacksrichtungen, und es gibt immer einen Geschmack, der zu Ihnen passt.<\/p>\n<p>Steigern Sie Ihre Raucherzufriedenheit mit Digital 12000 Puffs E-Zigaretten<\/p>\n<p><img loading=\"lazy\" decoding=\"async\" class=\"alignnone wp-image-4104\" src=\"http:\/\/rmvapebang.com\/wp-content\/uploads\/2025\/04\/Digital-box-12k-puffs-vape-smart-display-low-price.webp\" alt=\"Digitalbox 12k Z\u00fcge Vape Smart Display niedriger Preis\" width=\"700\" height=\"700\" srcset=\"https:\/\/rmvapebang.com\/wp-content\/uploads\/2025\/04\/Digital-box-12k-puffs-vape-smart-display-low-price.webp 800w, https:\/\/rmvapebang.com\/wp-content\/uploads\/2025\/04\/Digital-box-12k-puffs-vape-smart-display-low-price-300x300.webp 300w, https:\/\/rmvapebang.com\/wp-content\/uploads\/2025\/04\/Digital-box-12k-puffs-vape-smart-display-low-price-150x150.webp 150w, https:\/\/rmvapebang.com\/wp-content\/uploads\/2025\/04\/Digital-box-12k-puffs-vape-smart-display-low-price-768x768.webp 768w, https:\/\/rmvapebang.com\/wp-content\/uploads\/2025\/04\/Digital-box-12k-puffs-vape-smart-display-low-price-600x600.webp 600w, https:\/\/rmvapebang.com\/wp-content\/uploads\/2025\/04\/Digital-box-12k-puffs-vape-smart-display-low-price-100x100.webp 100w\" sizes=\"auto, (max-width: 700px) 100vw, 700px\" \/><\/p>\n<h3><strong>Welche Geschmacksrichtungen gibt es f\u00fcr 12000 Vape?<\/strong><\/h3>\n<p>1 K\u00fchle Minze<br \/>\n2 Wassermelone-Eis<br \/>\n3 Trauben-Eis<br \/>\n4 Blaubeer-Himbeere<br \/>\n5 Erdbeer-Wassermelone<br \/>\n6 Erdbeer-Banane<br \/>\n7 \u00dcppiges Eis<br \/>\n8 Kirsche<br \/>\n9 Erdbeer-Eis<br \/>\n10 Eis am Stiel<br \/>\n11 Rosa Limonade<br \/>\n12 Mango auf Eis<br \/>\n13 Gemischte Beeren<br \/>\n14 Erdbeer-Donut<br \/>\n15 Erdbeer-Traube<br \/>\n16 Kirsch-Cola<br \/>\n17 Dr. Blue<br \/>\n18 Blaubeere auf Eis<br \/>\n19 Kiwi-Passionsfrucht-Guave<br \/>\n20 Erdbeer-Kiwi<br \/>\n21 Pfirsich-Mango<br \/>\n22 Pfirsich-Eis<br \/>\n23 Roter Apfel Eis<br \/>\n24 Blaubeer-Kaugummi<br \/>\n25 Beeren-Limonade<br \/>\n26 Blaue Himbeer-Limonade<br \/>\n27 Saure blaue Himbeere<br \/>\n28 Erdbeer-Red Bull<br \/>\n29 Apfel-Beeren-Explosion<br \/>\n30 Wassermelonen-Kaugummi<br \/>\n31 Himbeer-Wassermelone<br \/>\n32 Schwarzes Eis<br \/>\n33 Blaubeer-Kirsch-Cranberry<br \/>\n34 Erdbeer-Granatapfel<br \/>\n35 Vimto<br \/>\n36 Kirschbeere<br \/>\n37 Zitrone<br \/>\n38 Bingo Crush<br \/>\n39 Blaubeer-Kiwi<br \/>\n40 Apfel-Zimt<\/p>\n<p><span style=\"font-size: 1.7em;font-weight: bold\">Spezifikationen f\u00fcr die Digital Box 12K Puffs:<\/span><\/p>\n<p>\u2013\u00a0 <em><strong><span style=\"color: #ff0000\">12k<\/span> <\/strong><\/em>Z\u00fcge<br \/>\n\u2013 <em><strong><span style=\"color: #ff0000\">40<\/span><\/strong><\/em> Geschmacksrichtungen<br \/>\n\u2013 <em><strong><span style=\"color: #ff0000\">2\/5%<\/span> <\/strong><\/em>Nikotinst\u00e4rke<br \/>\n\u2013 <em><strong><span style=\"color: #ff0000\">20mL<\/span><\/strong><\/em> des E-Liquid-Fassungsverm\u00f6gens<br \/>\n\u2013 Akkukapazit\u00e4t <em><strong><span style=\"color: #ff0000\">850<\/span><\/strong><\/em> mAh<\/p>\n<h3>FAQ:<\/h3>\n<p>F: Was ist die Mindestbestellmenge (MOQ) f\u00fcr die elektronische Box 12k Vape?<\/p>\n<p>A: Die Mindestbestellmenge (MOQ) f\u00fcr die elektronische Zigarette 12k Puffs betr\u00e4gt 50 St\u00fcck.<\/p>\n<p>F: Wie lange ist die Lieferzeit f\u00fcr den wiederaufladbaren Vape, den ich bestellt habe?<\/p>\n<p>A: Normalerweise betr\u00e4gt die Lieferzeit f\u00fcr den wiederaufladbaren Vape 10-15 Tage nach dem Versand.<\/p>\n<p>F: Wie hoch sind die Versandkosten f\u00fcr die digitale Einweg-Vape mit 12000 Puffs?<\/p>\n<p>A: Die Versandkosten variieren je nach Gewicht der Bestellung. Unterschiedliche Mengen k\u00f6nnen unterschiedliche Versandkosten haben. Bitte kontaktieren Sie uns, um die Versandkosten f\u00fcr Ihre spezifische Bestellung zu best\u00e4tigen.<\/p>\n<p>F: Kann der Digital 12000 PuffS Vape in mein Land versendet werden?<\/p>\n<p>A: Ja, wir k\u00f6nnen den Digital 12k Puffs Vape in die meisten europ\u00e4ischen L\u00e4nder versenden, einschlie\u00dflich, aber nicht beschr\u00e4nkt auf die Niederlande, Deutschland, Frankreich, Spanien, Italien, Belgien, Luxemburg, \u00d6sterreich, die Tschechische Republik, die Slowakei, Ungarn, Slowenien, Rum\u00e4nien, Bulgarien, Griechenland, Polen, Schweden, Irland, Portugal, Finnland, Estland, Lettland und Litauen. Wenn Sie spezielle Fragen zum Versand in Ihr Land haben, k\u00f6nnen Sie sich gerne an uns wenden, um weitere Unterst\u00fctzung zu erhalten.<\/p>\n<p><strong>Kontaktieren Sie Lyn f\u00fcr weitere Produktvideos!<\/strong><\/p>\n<p><a href=\"https:\/\/wa.me\/8617840853976\"><span style=\"color: #ff6600\"><strong><em>WhatsApp:+86 17840853976<\/em><\/strong><\/span><\/a><\/p>\n<p><img loading=\"lazy\" decoding=\"async\" class=\"alignnone size-medium wp-image-1905\" src=\"http:\/\/rmvapebang.com\/wp-content\/uploads\/2024\/03\/whatsapp-vape-2-202x300.jpg\" alt=\"\" width=\"202\" height=\"300\" \/><\/p>\n<p>Finden Sie weitere Produkte, die Ihnen gefallen k\u00f6nnten:<a href=\"https:\/\/rmvapebang.com\/de\/shop-page\/\"><strong><em>Jetzt einkaufen<\/em><\/strong><\/a><\/p>\n<p>Andere Puffs, die Ihnen gefallen k\u00f6nnten:<a href=\"https:\/\/rmvapebang.com\/de\/product\/waspe-12000-puff-wholesale-price-vape-tornado-12k\/\">Waspe 12000 Z\u00fcge\/<\/a><a href=\"https:\/\/rmvapebang.com\/de\/product\/waspe-20000-puffs-wholesale-price-20k-vape\/\">Waspe 20000 Z\u00fcge\/<\/a><a href=\"https:\/\/rmvapebang.com\/de\/product\/cloud-bar-9000-puffs-wholesale-price-9k-vape\/\">Cloud Bar 9k Z\u00fcge<\/a>\/<a href=\"https:\/\/rmvapebang.com\/de\/product\/bang-digital-15k-puffs-bulk-price-15000-vapes\/\">Bang digital 15k Vape<\/a>\/<a href=\"https:\/\/rmvapebang.com\/de\/product\/waspe-3-in-1-60k-puffs-factory-direct-supply-great-sale\/\">Waspe 60 Z\u00fcge 3 Geschmacksrichtungen<\/a><\/p>","protected":false},"excerpt":{"rendered":"<p><span style=\"color: #ff0000\"><strong>HINWEIS<\/strong><em>: Die Preise auf der Website enthalten keine Versandkosten. Bitte senden Sie uns Ihre Postleitzahl und Adresse, damit wir die Versandkosten f\u00fcr Sie \u00fcberpr\u00fcfen k\u00f6nnen.<\/em><\/span><\/p>\n<p>Vape der elektronischen Zigarette mit 12.000 Z\u00fcgen ist ein wiederaufladbares Vape-Ger\u00e4t mit hoher Kapazit\u00e4t, das 12.000 Z\u00fcge mit 40 Geschmacksrichtungen und 2%\/5% Nikotingehalt bietet.<\/p>\n<p><a href=\"https:\/\/wa.me\/8617840853976\"><strong><em>WhatsApp:+86 17840853976<\/em><\/strong><\/a><\/p>\n<p>F\u00fcr einen Neukunden-Coupon auf WhatsApp scannen<\/p>\n<p><img loading=\"lazy\" decoding=\"async\" class=\"alignnone size-medium wp-image-1905\" src=\"http:\/\/rmvapebang.com\/wp-content\/uploads\/2024\/03\/whatsapp-vape-2-202x300.jpg\" alt=\"\" width=\"202\" height=\"300\" \/><\/p>","protected":false},"featured_media":4106,"comment_status":"open","ping_status":"closed","template":"","meta":{"_uag_custom_page_level_css":"","_lmt_disableupdate":"no","_lmt_disable":"","site-sidebar-layout":"no-sidebar","site-content-layout":"boxed-container","ast-site-content-layout":"normal-width-container","site-content-style":"boxed","site-sidebar-style":"boxed","ast-global-header-display":"","ast-banner-title-visibility":"","ast-main-header-display":"","ast-hfb-above-header-display":"","ast-hfb-below-header-display":"","ast-hfb-mobile-header-display":"","site-post-title":"","ast-breadcrumbs-content":"","ast-featured-img":"","footer-sml-layout":"","theme-transparent-header-meta":"default","adv-header-id-meta":"","stick-header-meta":"","header-above-stick-meta":"","header-main-stick-meta":"","header-below-stick-meta":"","astra-migrate-meta-layouts":"set","ast-page-background-enabled":"default","ast-page-background-meta":{"desktop":{"background-color":"","background-image":"","background-repeat":"repeat","background-position":"center center","background-size":"auto","background-attachment":"scroll","background-type":"","background-media":"","overlay-type":"","overlay-color":"","overlay-gradient":""},"tablet":{"background-color":"","background-image":"","background-repeat":"repeat","background-position":"center center","background-size":"auto","background-attachment":"scroll","background-type":"","background-media":"","overlay-type":"","overlay-color":"","overlay-gradient":""},"mobile":{"background-color":"","background-image":"","background-repeat":"repeat","background-position":"center center","background-size":"auto","background-attachment":"scroll","background-type":"","background-media":"","overlay-type":"","overlay-color":"","overlay-gradient":""}},"ast-content-background-meta":{"desktop":{"background-color":"var(--ast-global-color-5)","background-image":"","background-repeat":"repeat","background-position":"center center","background-size":"auto","background-attachment":"scroll","background-type":"","background-media":"","overlay-type":"","overlay-color":"","overlay-gradient":""},"tablet":{"background-color":"var(--ast-global-color-5)","background-image":"","background-repeat":"repeat","background-position":"center center","background-size":"auto","background-attachment":"scroll","background-type":"","background-media":"","overlay-type":"","overlay-color":"","overlay-gradient":""},"mobile":{"background-color":"var(--ast-global-color-5)","background-image":"","background-repeat":"repeat","background-position":"center center","background-size":"auto","background-attachment":"scroll","background-type":"","background-media":"","overlay-type":"","overlay-color":"","overlay-gradient":""}},"_joinchat":[]},"product_brand":[],"product_cat":[15,130,39,41,128,42,40,83,43],"product_tag":[63,62,50,61,64,49,58,53,52],"class_list":{"0":"post-1943","1":"product","2":"type-product","3":"status-publish","4":"has-post-thumbnail","6":"product_cat-eu-warehouse","7":"product_cat-digital-vapes-in-discount-price","8":"product_cat-france-wholesale-vape","9":"product_cat-netherlands-wholesale-vape","10":"product_cat-smart-display","11":"product_cat-spain-wholesale-vape","12":"product_cat-germany-wholesale-vape","13":"product_cat-vape-12000-puffs","14":"product_cat-vape-shop","15":"product_tag-12000-puffs","16":"product_tag-12k-puffs","17":"product_tag-bulk-price-vape-shop","18":"product_tag-good-sales-vape","19":"product_tag-low-price","20":"product_tag-minimum-order-quantity-100pcs","21":"product_tag-moq-50pcs","22":"product_tag-rechargeable-vape","23":"product_tag-vape-wholesasle-price","24":"desktop-align-left","25":"tablet-align-left","26":"mobile-align-left","28":"first","29":"instock","30":"sale","31":"shipping-taxable","32":"purchasable","33":"product-type-simple"},"yoast_head":"<!-- This site is optimized with the Yoast SEO plugin v23.0 - https:\/\/yoast.com\/wordpress\/plugins\/seo\/ -->\n<title>Disposable 12k Digital Puffs Wholesale Price 12000 Vape - rmvapebang.com<\/title>\n<meta name=\"description\" content=\"Contact now to get Low Price of digital 12k vape! 12000-puffs-wholesale-price-12k-vape, 2% and 5% nicotine to choose.which have good price.\" \/>\n<meta name=\"robots\" content=\"index, follow, max-snippet:-1, max-image-preview:large, max-video-preview:-1\" \/>\n<link rel=\"canonical\" href=\"https:\/\/rmvapebang.com\/de\/product\/disposable-12k-digital-puffs-wholesale-price-12000-vape\/\" \/>\n<meta property=\"og:locale\" content=\"de_DE\" \/>\n<meta property=\"og:type\" content=\"article\" \/>\n<meta property=\"og:title\" content=\"Disposable 12k Digital Puffs Wholesale Price 12000 Vape - rmvapebang.com\" \/>\n<meta property=\"og:description\" content=\"Contact now to get Low Price of digital 12k vape! 12000-puffs-wholesale-price-12k-vape, 2% and 5% nicotine to choose.which have good price.\" \/>\n<meta property=\"og:url\" content=\"https:\/\/rmvapebang.com\/de\/product\/disposable-12k-digital-puffs-wholesale-price-12000-vape\/\" \/>\n<meta property=\"og:site_name\" content=\"rmvapebang.com\" \/>\n<meta property=\"article:modified_time\" content=\"2026-04-06T12:05:36+00:00\" \/>\n<meta property=\"og:image\" content=\"http:\/\/rmvapebang.com\/wp-content\/uploads\/2025\/04\/Digital-box-12000-puffs-vape-good-quality-low-price.webp\" \/>\n\t<meta property=\"og:image:width\" content=\"800\" \/>\n\t<meta property=\"og:image:height\" content=\"800\" \/>\n\t<meta property=\"og:image:type\" content=\"image\/webp\" \/>\n<meta name=\"twitter:card\" content=\"summary_large_image\" \/>\n<meta name=\"twitter:label1\" content=\"Gesch\u00e4tzte Lesezeit\" \/>\n\t<meta name=\"twitter:data1\" content=\"3\u00a0Minuten\" \/>\n<script type=\"application\/ld+json\" class=\"yoast-schema-graph\">{\"@context\":\"https:\/\/schema.org\",\"@graph\":[{\"@type\":\"WebPage\",\"@id\":\"https:\/\/rmvapebang.com\/product\/disposable-12k-digital-puffs-wholesale-price-12000-vape\/\",\"url\":\"https:\/\/rmvapebang.com\/product\/disposable-12k-digital-puffs-wholesale-price-12000-vape\/\",\"name\":\"Disposable 12k Digital Puffs Wholesale Price 12000 Vape - rmvapebang.com\",\"isPartOf\":{\"@id\":\"https:\/\/rmvapebang.com\/#website\"},\"primaryImageOfPage\":{\"@id\":\"https:\/\/rmvapebang.com\/product\/disposable-12k-digital-puffs-wholesale-price-12000-vape\/#primaryimage\"},\"image\":{\"@id\":\"https:\/\/rmvapebang.com\/product\/disposable-12k-digital-puffs-wholesale-price-12000-vape\/#primaryimage\"},\"thumbnailUrl\":\"https:\/\/rmvapebang.com\/wp-content\/uploads\/2025\/04\/Digital-box-12000-puffs-vape-good-quality-low-price.webp\",\"datePublished\":\"2025-05-07T08:00:33+00:00\",\"dateModified\":\"2026-04-06T12:05:36+00:00\",\"description\":\"Contact now to get Low Price of digital 12k vape! 12000-puffs-wholesale-price-12k-vape, 2% and 5% nicotine to choose.which have good price.\",\"breadcrumb\":{\"@id\":\"https:\/\/rmvapebang.com\/product\/disposable-12k-digital-puffs-wholesale-price-12000-vape\/#breadcrumb\"},\"inLanguage\":\"de\",\"potentialAction\":[{\"@type\":\"ReadAction\",\"target\":[\"https:\/\/rmvapebang.com\/product\/disposable-12k-digital-puffs-wholesale-price-12000-vape\/\"]}]},{\"@type\":\"ImageObject\",\"inLanguage\":\"de\",\"@id\":\"https:\/\/rmvapebang.com\/product\/disposable-12k-digital-puffs-wholesale-price-12000-vape\/#primaryimage\",\"url\":\"https:\/\/rmvapebang.com\/wp-content\/uploads\/2025\/04\/Digital-box-12000-puffs-vape-good-quality-low-price.webp\",\"contentUrl\":\"https:\/\/rmvapebang.com\/wp-content\/uploads\/2025\/04\/Digital-box-12000-puffs-vape-good-quality-low-price.webp\",\"width\":800,\"height\":800,\"caption\":\"Digital box 12000 puffs vape good quality low price\"},{\"@type\":\"BreadcrumbList\",\"@id\":\"https:\/\/rmvapebang.com\/product\/disposable-12k-digital-puffs-wholesale-price-12000-vape\/#breadcrumb\",\"itemListElement\":[{\"@type\":\"ListItem\",\"position\":1,\"name\":\"Home\",\"item\":\"https:\/\/rmvapebang.com\/\"},{\"@type\":\"ListItem\",\"position\":2,\"name\":\"Hot Vape Shop\",\"item\":\"https:\/\/rmvapebang.com\/shop-page\/\"},{\"@type\":\"ListItem\",\"position\":3,\"name\":\"Disposable 12k Digital Puffs Wholesale Price 12000 Vape\"}]},{\"@type\":\"WebSite\",\"@id\":\"https:\/\/rmvapebang.com\/#website\",\"url\":\"https:\/\/rmvapebang.com\/\",\"name\":\"rmvapebang.com\",\"description\":\"buy vape cheap\",\"publisher\":{\"@id\":\"https:\/\/rmvapebang.com\/#organization\"},\"potentialAction\":[{\"@type\":\"SearchAction\",\"target\":{\"@type\":\"EntryPoint\",\"urlTemplate\":\"https:\/\/rmvapebang.com\/?s={search_term_string}\"},\"query-input\":\"required name=search_term_string\"}],\"inLanguage\":\"de\"},{\"@type\":\"Organization\",\"@id\":\"https:\/\/rmvapebang.com\/#organization\",\"name\":\"rmvapebang.com\",\"url\":\"https:\/\/rmvapebang.com\/\",\"logo\":{\"@type\":\"ImageObject\",\"inLanguage\":\"de\",\"@id\":\"https:\/\/rmvapebang.com\/#\/schema\/logo\/image\/\",\"url\":\"https:\/\/rmvapebang.com\/wp-content\/uploads\/2024\/03\/cropped-RVBlogo.png\",\"contentUrl\":\"https:\/\/rmvapebang.com\/wp-content\/uploads\/2024\/03\/cropped-RVBlogo.png\",\"width\":507,\"height\":169,\"caption\":\"rmvapebang.com\"},\"image\":{\"@id\":\"https:\/\/rmvapebang.com\/#\/schema\/logo\/image\/\"}}]}<\/script>\n<!-- \/ Yoast SEO plugin. -->","yoast_head_json":{"title":"Disposable 12k Digital Puffs Wholesale Price 12000 Vape - rmvapebang.com","description":"Contact now to get Low Price of digital 12k vape! 12000-puffs-wholesale-price-12k-vape, 2% and 5% nicotine to choose.which have good price.","robots":{"index":"index","follow":"follow","max-snippet":"max-snippet:-1","max-image-preview":"max-image-preview:large","max-video-preview":"max-video-preview:-1"},"canonical":"https:\/\/rmvapebang.com\/de\/product\/disposable-12k-digital-puffs-wholesale-price-12000-vape\/","og_locale":"de_DE","og_type":"article","og_title":"Disposable 12k Digital Puffs Wholesale Price 12000 Vape - rmvapebang.com","og_description":"Contact now to get Low Price of digital 12k vape! 12000-puffs-wholesale-price-12k-vape, 2% and 5% nicotine to choose.which have good price.","og_url":"https:\/\/rmvapebang.com\/de\/product\/disposable-12k-digital-puffs-wholesale-price-12000-vape\/","og_site_name":"rmvapebang.com","article_modified_time":"2026-04-06T12:05:36+00:00","og_image":[{"width":800,"height":800,"url":"http:\/\/rmvapebang.com\/wp-content\/uploads\/2025\/04\/Digital-box-12000-puffs-vape-good-quality-low-price.webp","type":"image\/webp"}],"twitter_card":"summary_large_image","twitter_misc":{"Gesch\u00e4tzte Lesezeit":"3\u00a0Minuten"},"schema":{"@context":"https:\/\/schema.org","@graph":[{"@type":"WebPage","@id":"https:\/\/rmvapebang.com\/product\/disposable-12k-digital-puffs-wholesale-price-12000-vape\/","url":"https:\/\/rmvapebang.com\/product\/disposable-12k-digital-puffs-wholesale-price-12000-vape\/","name":"Disposable 12k Digital Puffs Wholesale Price 12000 Vape - rmvapebang.com","isPartOf":{"@id":"https:\/\/rmvapebang.com\/#website"},"primaryImageOfPage":{"@id":"https:\/\/rmvapebang.com\/product\/disposable-12k-digital-puffs-wholesale-price-12000-vape\/#primaryimage"},"image":{"@id":"https:\/\/rmvapebang.com\/product\/disposable-12k-digital-puffs-wholesale-price-12000-vape\/#primaryimage"},"thumbnailUrl":"https:\/\/rmvapebang.com\/wp-content\/uploads\/2025\/04\/Digital-box-12000-puffs-vape-good-quality-low-price.webp","datePublished":"2025-05-07T08:00:33+00:00","dateModified":"2026-04-06T12:05:36+00:00","description":"Contact now to get Low Price of digital 12k vape! 12000-puffs-wholesale-price-12k-vape, 2% and 5% nicotine to choose.which have good price.","breadcrumb":{"@id":"https:\/\/rmvapebang.com\/product\/disposable-12k-digital-puffs-wholesale-price-12000-vape\/#breadcrumb"},"inLanguage":"de","potentialAction":[{"@type":"ReadAction","target":["https:\/\/rmvapebang.com\/product\/disposable-12k-digital-puffs-wholesale-price-12000-vape\/"]}]},{"@type":"ImageObject","inLanguage":"de","@id":"https:\/\/rmvapebang.com\/product\/disposable-12k-digital-puffs-wholesale-price-12000-vape\/#primaryimage","url":"https:\/\/rmvapebang.com\/wp-content\/uploads\/2025\/04\/Digital-box-12000-puffs-vape-good-quality-low-price.webp","contentUrl":"https:\/\/rmvapebang.com\/wp-content\/uploads\/2025\/04\/Digital-box-12000-puffs-vape-good-quality-low-price.webp","width":800,"height":800,"caption":"Digital box 12000 puffs vape good quality low price"},{"@type":"BreadcrumbList","@id":"https:\/\/rmvapebang.com\/product\/disposable-12k-digital-puffs-wholesale-price-12000-vape\/#breadcrumb","itemListElement":[{"@type":"ListItem","position":1,"name":"Home","item":"https:\/\/rmvapebang.com\/"},{"@type":"ListItem","position":2,"name":"Hot Vape Shop","item":"https:\/\/rmvapebang.com\/shop-page\/"},{"@type":"ListItem","position":3,"name":"Disposable 12k Digital Puffs Wholesale Price 12000 Vape"}]},{"@type":"WebSite","@id":"https:\/\/rmvapebang.com\/#website","url":"https:\/\/rmvapebang.com\/","name":"rmvapebang.com","description":"buy vape cheap","publisher":{"@id":"https:\/\/rmvapebang.com\/#organization"},"potentialAction":[{"@type":"SearchAction","target":{"@type":"EntryPoint","urlTemplate":"https:\/\/rmvapebang.com\/?s={search_term_string}"},"query-input":"required name=search_term_string"}],"inLanguage":"de"},{"@type":"Organization","@id":"https:\/\/rmvapebang.com\/#organization","name":"rmvapebang.com","url":"https:\/\/rmvapebang.com\/","logo":{"@type":"ImageObject","inLanguage":"de","@id":"https:\/\/rmvapebang.com\/#\/schema\/logo\/image\/","url":"https:\/\/rmvapebang.com\/wp-content\/uploads\/2024\/03\/cropped-RVBlogo.png","contentUrl":"https:\/\/rmvapebang.com\/wp-content\/uploads\/2024\/03\/cropped-RVBlogo.png","width":507,"height":169,"caption":"rmvapebang.com"},"image":{"@id":"https:\/\/rmvapebang.com\/#\/schema\/logo\/image\/"}}]}},"uagb_featured_image_src":{"full":["https:\/\/rmvapebang.com\/wp-content\/uploads\/2025\/04\/Digital-box-12000-puffs-vape-good-quality-low-price.webp",800,800,false],"thumbnail":["https:\/\/rmvapebang.com\/wp-content\/uploads\/2025\/04\/Digital-box-12000-puffs-vape-good-quality-low-price-150x150.webp",150,150,true],"medium":["https:\/\/rmvapebang.com\/wp-content\/uploads\/2025\/04\/Digital-box-12000-puffs-vape-good-quality-low-price-300x300.webp",300,300,true],"medium_large":["https:\/\/rmvapebang.com\/wp-content\/uploads\/2025\/04\/Digital-box-12000-puffs-vape-good-quality-low-price-768x768.webp",768,768,true],"large":["https:\/\/rmvapebang.com\/wp-content\/uploads\/2025\/04\/Digital-box-12000-puffs-vape-good-quality-low-price.webp",800,800,false],"1536x1536":["https:\/\/rmvapebang.com\/wp-content\/uploads\/2025\/04\/Digital-box-12000-puffs-vape-good-quality-low-price.webp",800,800,false],"2048x2048":["https:\/\/rmvapebang.com\/wp-content\/uploads\/2025\/04\/Digital-box-12000-puffs-vape-good-quality-low-price.webp",800,800,false],"trp-custom-language-flag":["https:\/\/rmvapebang.com\/wp-content\/uploads\/2025\/04\/Digital-box-12000-puffs-vape-good-quality-low-price.webp",12,12,false],"woocommerce_thumbnail":["https:\/\/rmvapebang.com\/wp-content\/uploads\/2025\/04\/Digital-box-12000-puffs-vape-good-quality-low-price-300x300.webp",300,300,true],"woocommerce_single":["https:\/\/rmvapebang.com\/wp-content\/uploads\/2025\/04\/Digital-box-12000-puffs-vape-good-quality-low-price-600x600.webp",600,600,true],"woocommerce_gallery_thumbnail":["https:\/\/rmvapebang.com\/wp-content\/uploads\/2025\/04\/Digital-box-12000-puffs-vape-good-quality-low-price-100x100.webp",100,100,true],"wcpr-photo-reviews":["https:\/\/rmvapebang.com\/wp-content\/uploads\/2025\/04\/Digital-box-12000-puffs-vape-good-quality-low-price.webp",500,500,false]},"uagb_author_info":{"display_name":"Lyn","author_link":"https:\/\/rmvapebang.com\/de\/author\/"},"uagb_comment_info":5,"uagb_excerpt":"NOTE: Prices on the website don\u2019t include shipping fee. Please send your zip code and address that we can check shipping costs for you. Vape of electronic cigarette 12k puffs is a high-capacity rechargeable vape device offering 12000 puffs with 40 flavors and 2%\/5% nicotine levels. Whatsapp:+86 17840853976 Scan on whatsapp for New Client coupon","_links":{"self":[{"href":"https:\/\/rmvapebang.com\/de\/wp-json\/wp\/v2\/product\/1943","targetHints":{"allow":["GET"]}}],"collection":[{"href":"https:\/\/rmvapebang.com\/de\/wp-json\/wp\/v2\/product"}],"about":[{"href":"https:\/\/rmvapebang.com\/de\/wp-json\/wp\/v2\/types\/product"}],"replies":[{"embeddable":true,"href":"https:\/\/rmvapebang.com\/de\/wp-json\/wp\/v2\/comments?post=1943"}],"wp:featuredmedia":[{"embeddable":true,"href":"https:\/\/rmvapebang.com\/de\/wp-json\/wp\/v2\/media\/4106"}],"wp:attachment":[{"href":"https:\/\/rmvapebang.com\/de\/wp-json\/wp\/v2\/media?parent=1943"}],"wp:term":[{"taxonomy":"product_brand","embeddable":true,"href":"https:\/\/rmvapebang.com\/de\/wp-json\/wp\/v2\/product_brand?post=1943"},{"taxonomy":"product_cat","embeddable":true,"href":"https:\/\/rmvapebang.com\/de\/wp-json\/wp\/v2\/product_cat?post=1943"},{"taxonomy":"product_tag","embeddable":true,"href":"https:\/\/rmvapebang.com\/de\/wp-json\/wp\/v2\/product_tag?post=1943"}],"curies":[{"name":"wp","href":"https:\/\/api.w.org\/{rel}","templated":true}]}}