{"id":5578,"date":"2026-02-06T16:16:59","date_gmt":"2026-02-06T08:16:59","guid":{"rendered":"https:\/\/rmvapebang.com\/?post_type=product&#038;p=5578"},"modified":"2026-02-04T17:35:24","modified_gmt":"2026-02-04T09:35:24","slug":"airmez-160000-puffs-8-in-1-vape-bulk-supply","status":"publish","type":"product","link":"https:\/\/rmvapebang.com\/da\/product\/airmez-160000-puffs-8-in-1-vape-bulk-supply\/","title":{"rendered":"Airmez 160000 Puffs 8 i 1 Vape Bulk Forsyning"},"content":{"rendered":"<h2 data-start=\"499\" data-end=\"563\"><strong data-start=\"499\" data-end=\"563\">Airmez 160K Puf 8-i-1 Engangs Vape til Engros K\u00f8bere<\/strong><\/h2>\n<p>Airmez 160K Puf 8-i-1 Engangs Vape til Engros K\u00f8bere som en popul\u00e6r 160K engangs vape p\u00e5 det europ\u00e6iske marked, denne smarte <a href=\"https:\/\/rmvapebang.com\/da\/product-category\/airmez-vapes\/\"><strong><em>Airmez vape<\/em><\/strong><\/a> enhed kombinerer et avanceret 8-i-1 smagskiftesystem med en klar <a href=\"https:\/\/rmvapebang.com\/da\/product-category\/smart-display\/\"><em><strong>smart display<\/strong><\/em><\/a> til nem overv\u00e5gning.<\/p>\n<p>Vape af <strong><em>160k puf engangs vape<\/em><\/strong> har stor 4\u00d715ml e-v\u00e6skekapacitet, der underst\u00f8tter l\u00e6ngere brugscyklusser, mens det p\u00e5lidelige 650mAh Type-C genopladelige batteri sikrer konstant output. Den <a href=\"https:\/\/rmvapebang.com\/da\/product-category\/smart-display\/\"><em><strong>smarte display vape<\/strong><\/em><\/a> bygget som en moderne mega puff vape-enhed, leverer ultralangvarende ydeevne med glidende luftstr\u00f8m og afbalanceret dampproduktion til voksne brugere.<\/p>\n<figure id=\"attachment_5572\" aria-describedby=\"caption-attachment-5572\" style=\"width: 800px\" class=\"wp-caption alignnone\"><img loading=\"lazy\" decoding=\"async\" class=\"wp-image-5572 size-full\" src=\"http:\/\/rmvapebang.com\/wp-content\/uploads\/2026\/02\/airmez-160000-puffs-rechargeable-8-in-1-flavor-switch-vape.webp\" alt=\"airmez-160000-puffs-genopladelig-8-i-1-smagskiftesystem-vape\" width=\"800\" height=\"800\" srcset=\"https:\/\/rmvapebang.com\/wp-content\/uploads\/2026\/02\/airmez-160000-puffs-rechargeable-8-in-1-flavor-switch-vape.webp 800w, https:\/\/rmvapebang.com\/wp-content\/uploads\/2026\/02\/airmez-160000-puffs-rechargeable-8-in-1-flavor-switch-vape-300x300.webp 300w, https:\/\/rmvapebang.com\/wp-content\/uploads\/2026\/02\/airmez-160000-puffs-rechargeable-8-in-1-flavor-switch-vape-150x150.webp 150w, https:\/\/rmvapebang.com\/wp-content\/uploads\/2026\/02\/airmez-160000-puffs-rechargeable-8-in-1-flavor-switch-vape-768x768.webp 768w, https:\/\/rmvapebang.com\/wp-content\/uploads\/2026\/02\/airmez-160000-puffs-rechargeable-8-in-1-flavor-switch-vape-12x12.webp 12w, https:\/\/rmvapebang.com\/wp-content\/uploads\/2026\/02\/airmez-160000-puffs-rechargeable-8-in-1-flavor-switch-vape-600x600.webp 600w, https:\/\/rmvapebang.com\/wp-content\/uploads\/2026\/02\/airmez-160000-puffs-rechargeable-8-in-1-flavor-switch-vape-100x100.webp 100w\" sizes=\"auto, (max-width: 800px) 100vw, 800px\" \/><figcaption id=\"caption-attachment-5572\" class=\"wp-caption-text\">airmez-160000-puffs-genopladelig-8-i-1-smagskiftesystem-vape<\/figcaption><\/figure>\n<h2>Smagsliste Airmez 160k puffs<\/h2>\n<p data-start=\"638\" data-end=\"689\">1. Bingo Crush\u2014Triple Mango\u2014Blandede B\u00e6r\u2014Vandmelon Is<br \/>\n2. Love66\u2014Jordb\u00e6r Is\u2014Bl\u00e5 Razz Lemonade\u2014Ananas Is<br \/>\n3. Vandmelon Is\u2014Love66\u2014Dobbelt \u00c6ble\u2014Mango Fersken<br \/>\n4. Blandede B\u00e6r\u2014Bl\u00e5b\u00e6r Ribs\u2014Vandmelon Is\u2014Cola Is<br \/>\n5. Mango Fersken\u2014Tropisk Frugt\u2014B\u00e6r Lemonade\u2014Jordb\u00e6r Vandmelon<br \/>\n6. Kirseb\u00e6r Is\u2014Jordb\u00e6r Dragefrugt\u2014Triple Mango\u2014Bl\u00e5 Razz<br \/>\n7. Dragefrugt Is\u2014Bingo Crush\u2014Love66\u2014Ananas Mango Fersken<br \/>\n8. Dr Blue\u2014Kirseb\u00e6r B\u00e6r\u2014Jordb\u00e6r Vandmelon\u2014Fersken B\u00e6r<br \/>\n9. Fersken Is\u2014Blandede B\u00e6r\u2014Melon Passion Frugt\u2014Triple Mango<br \/>\n10. Mango Is\u2014Fizzy Kirseb\u00e6r Cola\u2014Jordb\u00e6r Ribs\u2014Blandede B\u00e6r<\/p>\n<h2 data-start=\"638\" data-end=\"689\">N\u00f8glefunktioner af Airmez 160000 Puffs 8 i 1 Vape<\/h2>\n<p>\ud83d\udca8 160000 Sug \u2013 Ultra langvarig high puff engangs vape<br \/>\n\ud83d\udca7 4\u00d715ml E-v\u00e6skekapacitet \u2013 Flersmagssammens\u00e6tningsdesign<br \/>\n\ud83d\udd0b 650mAh Batteri \u2013 Stabil str\u00f8m til langvarig daglig brug<br \/>\n\ud83d\udd0c Type-C Genopladelig \u2013 Hurtig opladning med p\u00e5lidelig ydeevne<br \/>\n\ud83d\udcca Smart Display Sk\u00e6rm \u2013 Klar batteri- og brugsvisning<br \/>\n\ud83e\uddea 2% \/ 5% Nikotinalternativer \u2013 Fleksibel styrkevalg<br \/>\n\ud83c\udf9b 8-i-1 Smagsveksling \u2013 Flermodus engangs vapeoplevelse<\/p>\n<h2>Hvorfor v\u00e6lge Airmez 160K Engangs Vape til Bulkforsyning<\/h2>\n<ul>\n<li>Designet til bulkforsyning med st\u00e6rk mega puff vape eftersp\u00f8rgsel i Europa<\/li>\n<li>8 i 1 smagsudskiftning matcher nuv\u00e6rende multi-smags engangs vape-trends<\/li>\n<li>Smart displaydesign forbedrer daglig bekvemmelighed og enheds kontrol<\/li>\n<\/ul>\n<h2 data-start=\"864\" data-end=\"920\">FAQ om Airmez 160000 Puffs 8 i 1 Engangs Vape<\/h2>\n<p><strong>Q1: Hvor mange puffs giver Airmez 160K?<\/strong><br \/>\nA1: Den leverer op til 160000 puffs afh\u00e6ngigt af individuelle brugsvaner.<\/p>\n<p><strong>Q2: Hvad er den samlede e-v\u00e6skekapacitet?<\/strong><br \/>\nA2: Airmez 160k-enheden inkluderer fire tanke, hver med 20ml e-v\u00e6ske.<\/p>\n<p><strong>Q3: Er Airmez 160K genopladelig?<\/strong><br \/>\nA3: Ja, den bruger et Type-C genopladeligt system til effektiv opladning.<\/p>\n<p><strong>Q4: Har den en display sk\u00e6rm?<\/strong><br \/>\nA4: Ja, den smarte sk\u00e6rm viser batteristatus tydeligt under brug.<\/p>\n<p><strong>Kontakt Lyn for flere produktvideoer!<\/strong><\/p>\n<p><a href=\"https:\/\/wa.me\/8617840853976\"><span style=\"color: #ff6600\"><strong><em>Whatsapp:+86 17840853976<\/em><\/strong><\/span><\/a><\/p>\n<p><img loading=\"lazy\" decoding=\"async\" class=\"alignnone size-medium wp-image-1905\" src=\"http:\/\/rmvapebang.com\/wp-content\/uploads\/2024\/03\/whatsapp-vape-2-202x300.jpg\" alt=\"\" width=\"202\" height=\"300\" \/><\/p>\n<p>Find flere produkter, du m\u00e5ske kan lide:<a href=\"https:\/\/rmvapebang.com\/da\/shop-page\/\"><strong><em>K\u00f8b nu<\/em><\/strong><\/a><\/p>\n<p>Andre puff du m\u00e5ske kan lide:<\/p>\n<p><a href=\"https:\/\/rmvapebang.com\/da\/product\/al-fakher-ice-adjust-15000-puffs-disposable-vape-2026-edition\/\">AL Fakher Ice Juster 15000 Puffs Eu hot salg shisha vape<\/a><\/p>\n<p><a href=\"https:\/\/rmvapebang.com\/da\/product\/waspe-180000-puffs-disposable-vape-crystal\/\">180k puff engangs af Waspe Crystal vape bulkpris i Europa<\/a><\/p>\n<p><a href=\"https:\/\/rmvapebang.com\/da\/product\/vapme-crystal-48000-puffs-long-lasting-rechargeable-disposable-vape\/\">genopladelig 48000 puffs til vapme vape<\/a><\/p>","protected":false},"excerpt":{"rendered":"<p data-start=\"1244\" data-end=\"1417\"><span style=\"color: #ff0000\"><em><strong>BEM\u00c6RK<\/strong>: Priserne p\u00e5 hjemmesiden inkluderer ikke forsendelsesgebyr. Send venligst dit postnummer og adresse, s\u00e5 vi kan tjekke forsendelsesomkostningerne for dig.<\/em><\/span><br \/>\nAirmez 160K engangs vape tilbyder ultra langvarig ydeevne med et 8-i-1 smagsvekseldesign, smart display-visibility og p\u00e5lidelig genopladelig str\u00f8m, hvilket g\u00f8r det egnet til engrosdistribution i Europa og bulkforsyningsbehov.<\/p>\n<p data-start=\"1244\" data-end=\"1417\"><a href=\"https:\/\/wa.me\/8617840853976\"><strong><em>Whatsapp:+86 17840853976<\/em><\/strong><\/a><br \/>\n<img loading=\"lazy\" decoding=\"async\" class=\"alignnone size-medium wp-image-1905\" src=\"http:\/\/rmvapebang.com\/wp-content\/uploads\/2024\/03\/whatsapp-vape-2-202x300.jpg\" alt=\"\" width=\"202\" height=\"300\" \/><br \/>\n<strong>Scan p\u00e5 whatsapp for Ny Kunde kupon<\/strong><\/p>","protected":false},"featured_media":5570,"comment_status":"open","ping_status":"closed","template":"","meta":{"_uag_custom_page_level_css":"","_lmt_disableupdate":"no","_lmt_disable":"","site-sidebar-layout":"no-sidebar","site-content-layout":"boxed-container","ast-site-content-layout":"normal-width-container","site-content-style":"boxed","site-sidebar-style":"boxed","ast-global-header-display":"","ast-banner-title-visibility":"","ast-main-header-display":"","ast-hfb-above-header-display":"","ast-hfb-below-header-display":"","ast-hfb-mobile-header-display":"","site-post-title":"","ast-breadcrumbs-content":"","ast-featured-img":"","footer-sml-layout":"","theme-transparent-header-meta":"default","adv-header-id-meta":"","stick-header-meta":"","header-above-stick-meta":"","header-main-stick-meta":"","header-below-stick-meta":"","astra-migrate-meta-layouts":"set","ast-page-background-enabled":"default","ast-page-background-meta":{"desktop":{"background-color":"","background-image":"","background-repeat":"repeat","background-position":"center center","background-size":"auto","background-attachment":"scroll","background-type":"","background-media":"","overlay-type":"","overlay-color":"","overlay-gradient":""},"tablet":{"background-color":"","background-image":"","background-repeat":"repeat","background-position":"center center","background-size":"auto","background-attachment":"scroll","background-type":"","background-media":"","overlay-type":"","overlay-color":"","overlay-gradient":""},"mobile":{"background-color":"","background-image":"","background-repeat":"repeat","background-position":"center center","background-size":"auto","background-attachment":"scroll","background-type":"","background-media":"","overlay-type":"","overlay-color":"","overlay-gradient":""}},"ast-content-background-meta":{"desktop":{"background-color":"var(--ast-global-color-5)","background-image":"","background-repeat":"repeat","background-position":"center center","background-size":"auto","background-attachment":"scroll","background-type":"","background-media":"","overlay-type":"","overlay-color":"","overlay-gradient":""},"tablet":{"background-color":"var(--ast-global-color-5)","background-image":"","background-repeat":"repeat","background-position":"center center","background-size":"auto","background-attachment":"scroll","background-type":"","background-media":"","overlay-type":"","overlay-color":"","overlay-gradient":""},"mobile":{"background-color":"var(--ast-global-color-5)","background-image":"","background-repeat":"repeat","background-position":"center center","background-size":"auto","background-attachment":"scroll","background-type":"","background-media":"","overlay-type":"","overlay-color":"","overlay-gradient":""}},"_joinchat":[]},"product_brand":[],"product_cat":[252,130,39,41,128,42,40,289,43],"product_tag":[291,292,50,61,58,53,52],"class_list":{"0":"post-5578","1":"product","2":"type-product","3":"status-publish","4":"has-post-thumbnail","6":"product_cat-airmez-vapes","7":"product_cat-digital-vapes-in-discount-price","8":"product_cat-france-wholesale-vape","9":"product_cat-netherlands-wholesale-vape","10":"product_cat-smart-display","11":"product_cat-spain-wholesale-vape","12":"product_cat-germany-wholesale-vape","13":"product_cat-vape-160000-puffs","14":"product_cat-vape-shop","15":"product_tag-160000-puffs","16":"product_tag-160k-puff","17":"product_tag-bulk-price-vape-shop","18":"product_tag-good-sales-vape","19":"product_tag-moq-50pcs","20":"product_tag-rechargeable-vape","21":"product_tag-vape-wholesasle-price","22":"desktop-align-left","23":"tablet-align-left","24":"mobile-align-left","26":"first","27":"instock","28":"sale","29":"shipping-taxable","30":"purchasable","31":"product-type-simple"},"yoast_head":"<!-- This site is optimized with the Yoast SEO plugin v23.0 - https:\/\/yoast.com\/wordpress\/plugins\/seo\/ -->\n<title>Airmez 160000 Puffs 8 in 1 Vape Bulk Supply - rmvapebang.com<\/title>\n<meta name=\"description\" content=\"Airmez 160K puff 8 in 1 disposable vape bulk supply with smart display, multi flavor mode and Type-C rechargeable design for European wholesale buyers.\" \/>\n<meta name=\"robots\" content=\"index, follow, max-snippet:-1, max-image-preview:large, max-video-preview:-1\" \/>\n<link rel=\"canonical\" href=\"https:\/\/rmvapebang.com\/da\/product\/airmez-160000-puffs-8-in-1-vape-bulk-supply\/\" \/>\n<meta property=\"og:locale\" content=\"da_DK\" \/>\n<meta property=\"og:type\" content=\"article\" \/>\n<meta property=\"og:title\" content=\"Airmez 160000 Puffs 8 in 1 Vape Bulk Supply - rmvapebang.com\" \/>\n<meta property=\"og:description\" content=\"Airmez 160K puff 8 in 1 disposable vape bulk supply with smart display, multi flavor mode and Type-C rechargeable design for European wholesale buyers.\" \/>\n<meta property=\"og:url\" content=\"https:\/\/rmvapebang.com\/da\/product\/airmez-160000-puffs-8-in-1-vape-bulk-supply\/\" \/>\n<meta property=\"og:site_name\" content=\"rmvapebang.com\" \/>\n<meta property=\"article:modified_time\" content=\"2026-02-04T09:35:24+00:00\" \/>\n<meta property=\"og:image\" content=\"https:\/\/rmvapebang.com\/wp-content\/uploads\/2026\/02\/airmez-160k-puff-8-in-1-disposable-vape-adjustable-flavors.webp\" \/>\n\t<meta property=\"og:image:width\" content=\"800\" \/>\n\t<meta property=\"og:image:height\" content=\"800\" \/>\n\t<meta property=\"og:image:type\" content=\"image\/webp\" \/>\n<meta name=\"twitter:card\" content=\"summary_large_image\" \/>\n<meta name=\"twitter:label1\" content=\"Estimeret l\u00e6setid\" \/>\n\t<meta name=\"twitter:data1\" content=\"3 minutter\" \/>\n<script type=\"application\/ld+json\" class=\"yoast-schema-graph\">{\"@context\":\"https:\/\/schema.org\",\"@graph\":[{\"@type\":\"WebPage\",\"@id\":\"https:\/\/rmvapebang.com\/product\/airmez-160000-puffs-8-in-1-vape-bulk-supply\/\",\"url\":\"https:\/\/rmvapebang.com\/product\/airmez-160000-puffs-8-in-1-vape-bulk-supply\/\",\"name\":\"Airmez 160000 Puffs 8 in 1 Vape Bulk Supply - rmvapebang.com\",\"isPartOf\":{\"@id\":\"https:\/\/rmvapebang.com\/#website\"},\"primaryImageOfPage\":{\"@id\":\"https:\/\/rmvapebang.com\/product\/airmez-160000-puffs-8-in-1-vape-bulk-supply\/#primaryimage\"},\"image\":{\"@id\":\"https:\/\/rmvapebang.com\/product\/airmez-160000-puffs-8-in-1-vape-bulk-supply\/#primaryimage\"},\"thumbnailUrl\":\"https:\/\/rmvapebang.com\/wp-content\/uploads\/2026\/02\/airmez-160k-puff-8-in-1-disposable-vape-adjustable-flavors.webp\",\"datePublished\":\"2026-02-06T08:16:59+00:00\",\"dateModified\":\"2026-02-04T09:35:24+00:00\",\"description\":\"Airmez 160K puff 8 in 1 disposable vape bulk supply with smart display, multi flavor mode and Type-C rechargeable design for European wholesale buyers.\",\"breadcrumb\":{\"@id\":\"https:\/\/rmvapebang.com\/product\/airmez-160000-puffs-8-in-1-vape-bulk-supply\/#breadcrumb\"},\"inLanguage\":\"da-DK\",\"potentialAction\":[{\"@type\":\"ReadAction\",\"target\":[\"https:\/\/rmvapebang.com\/product\/airmez-160000-puffs-8-in-1-vape-bulk-supply\/\"]}]},{\"@type\":\"ImageObject\",\"inLanguage\":\"da-DK\",\"@id\":\"https:\/\/rmvapebang.com\/product\/airmez-160000-puffs-8-in-1-vape-bulk-supply\/#primaryimage\",\"url\":\"https:\/\/rmvapebang.com\/wp-content\/uploads\/2026\/02\/airmez-160k-puff-8-in-1-disposable-vape-adjustable-flavors.webp\",\"contentUrl\":\"https:\/\/rmvapebang.com\/wp-content\/uploads\/2026\/02\/airmez-160k-puff-8-in-1-disposable-vape-adjustable-flavors.webp\",\"width\":800,\"height\":800,\"caption\":\"airmez-160k-puff-8-in-1-disposable-vape-adjustable-flavors\"},{\"@type\":\"BreadcrumbList\",\"@id\":\"https:\/\/rmvapebang.com\/product\/airmez-160000-puffs-8-in-1-vape-bulk-supply\/#breadcrumb\",\"itemListElement\":[{\"@type\":\"ListItem\",\"position\":1,\"name\":\"Home\",\"item\":\"https:\/\/rmvapebang.com\/\"},{\"@type\":\"ListItem\",\"position\":2,\"name\":\"Hot Vape Shop\",\"item\":\"https:\/\/rmvapebang.com\/shop-page\/\"},{\"@type\":\"ListItem\",\"position\":3,\"name\":\"Airmez 160000 Puffs 8 in 1 Vape Bulk Supply\"}]},{\"@type\":\"WebSite\",\"@id\":\"https:\/\/rmvapebang.com\/#website\",\"url\":\"https:\/\/rmvapebang.com\/\",\"name\":\"rmvapebang.com\",\"description\":\"buy vape cheap\",\"publisher\":{\"@id\":\"https:\/\/rmvapebang.com\/#organization\"},\"potentialAction\":[{\"@type\":\"SearchAction\",\"target\":{\"@type\":\"EntryPoint\",\"urlTemplate\":\"https:\/\/rmvapebang.com\/?s={search_term_string}\"},\"query-input\":\"required name=search_term_string\"}],\"inLanguage\":\"da-DK\"},{\"@type\":\"Organization\",\"@id\":\"https:\/\/rmvapebang.com\/#organization\",\"name\":\"rmvapebang.com\",\"url\":\"https:\/\/rmvapebang.com\/\",\"logo\":{\"@type\":\"ImageObject\",\"inLanguage\":\"da-DK\",\"@id\":\"https:\/\/rmvapebang.com\/#\/schema\/logo\/image\/\",\"url\":\"https:\/\/rmvapebang.com\/wp-content\/uploads\/2024\/03\/cropped-RVBlogo.png\",\"contentUrl\":\"https:\/\/rmvapebang.com\/wp-content\/uploads\/2024\/03\/cropped-RVBlogo.png\",\"width\":507,\"height\":169,\"caption\":\"rmvapebang.com\"},\"image\":{\"@id\":\"https:\/\/rmvapebang.com\/#\/schema\/logo\/image\/\"}}]}<\/script>\n<!-- \/ Yoast SEO plugin. -->","yoast_head_json":{"title":"Airmez 160000 Puffs 8 in 1 Vape Bulk Supply - rmvapebang.com","description":"Airmez 160K puff 8 in 1 disposable vape bulk supply with smart display, multi flavor mode and Type-C rechargeable design for European wholesale buyers.","robots":{"index":"index","follow":"follow","max-snippet":"max-snippet:-1","max-image-preview":"max-image-preview:large","max-video-preview":"max-video-preview:-1"},"canonical":"https:\/\/rmvapebang.com\/da\/product\/airmez-160000-puffs-8-in-1-vape-bulk-supply\/","og_locale":"da_DK","og_type":"article","og_title":"Airmez 160000 Puffs 8 in 1 Vape Bulk Supply - rmvapebang.com","og_description":"Airmez 160K puff 8 in 1 disposable vape bulk supply with smart display, multi flavor mode and Type-C rechargeable design for European wholesale buyers.","og_url":"https:\/\/rmvapebang.com\/da\/product\/airmez-160000-puffs-8-in-1-vape-bulk-supply\/","og_site_name":"rmvapebang.com","article_modified_time":"2026-02-04T09:35:24+00:00","og_image":[{"width":800,"height":800,"url":"https:\/\/rmvapebang.com\/wp-content\/uploads\/2026\/02\/airmez-160k-puff-8-in-1-disposable-vape-adjustable-flavors.webp","type":"image\/webp"}],"twitter_card":"summary_large_image","twitter_misc":{"Estimeret l\u00e6setid":"3 minutter"},"schema":{"@context":"https:\/\/schema.org","@graph":[{"@type":"WebPage","@id":"https:\/\/rmvapebang.com\/product\/airmez-160000-puffs-8-in-1-vape-bulk-supply\/","url":"https:\/\/rmvapebang.com\/product\/airmez-160000-puffs-8-in-1-vape-bulk-supply\/","name":"Airmez 160000 Puffs 8 in 1 Vape Bulk Supply - rmvapebang.com","isPartOf":{"@id":"https:\/\/rmvapebang.com\/#website"},"primaryImageOfPage":{"@id":"https:\/\/rmvapebang.com\/product\/airmez-160000-puffs-8-in-1-vape-bulk-supply\/#primaryimage"},"image":{"@id":"https:\/\/rmvapebang.com\/product\/airmez-160000-puffs-8-in-1-vape-bulk-supply\/#primaryimage"},"thumbnailUrl":"https:\/\/rmvapebang.com\/wp-content\/uploads\/2026\/02\/airmez-160k-puff-8-in-1-disposable-vape-adjustable-flavors.webp","datePublished":"2026-02-06T08:16:59+00:00","dateModified":"2026-02-04T09:35:24+00:00","description":"Airmez 160K puff 8 in 1 disposable vape bulk supply with smart display, multi flavor mode and Type-C rechargeable design for European wholesale buyers.","breadcrumb":{"@id":"https:\/\/rmvapebang.com\/product\/airmez-160000-puffs-8-in-1-vape-bulk-supply\/#breadcrumb"},"inLanguage":"da-DK","potentialAction":[{"@type":"ReadAction","target":["https:\/\/rmvapebang.com\/product\/airmez-160000-puffs-8-in-1-vape-bulk-supply\/"]}]},{"@type":"ImageObject","inLanguage":"da-DK","@id":"https:\/\/rmvapebang.com\/product\/airmez-160000-puffs-8-in-1-vape-bulk-supply\/#primaryimage","url":"https:\/\/rmvapebang.com\/wp-content\/uploads\/2026\/02\/airmez-160k-puff-8-in-1-disposable-vape-adjustable-flavors.webp","contentUrl":"https:\/\/rmvapebang.com\/wp-content\/uploads\/2026\/02\/airmez-160k-puff-8-in-1-disposable-vape-adjustable-flavors.webp","width":800,"height":800,"caption":"airmez-160k-puff-8-in-1-disposable-vape-adjustable-flavors"},{"@type":"BreadcrumbList","@id":"https:\/\/rmvapebang.com\/product\/airmez-160000-puffs-8-in-1-vape-bulk-supply\/#breadcrumb","itemListElement":[{"@type":"ListItem","position":1,"name":"Home","item":"https:\/\/rmvapebang.com\/"},{"@type":"ListItem","position":2,"name":"Hot Vape Shop","item":"https:\/\/rmvapebang.com\/shop-page\/"},{"@type":"ListItem","position":3,"name":"Airmez 160000 Puffs 8 in 1 Vape Bulk Supply"}]},{"@type":"WebSite","@id":"https:\/\/rmvapebang.com\/#website","url":"https:\/\/rmvapebang.com\/","name":"rmvapebang.com","description":"buy vape cheap","publisher":{"@id":"https:\/\/rmvapebang.com\/#organization"},"potentialAction":[{"@type":"SearchAction","target":{"@type":"EntryPoint","urlTemplate":"https:\/\/rmvapebang.com\/?s={search_term_string}"},"query-input":"required name=search_term_string"}],"inLanguage":"da-DK"},{"@type":"Organization","@id":"https:\/\/rmvapebang.com\/#organization","name":"rmvapebang.com","url":"https:\/\/rmvapebang.com\/","logo":{"@type":"ImageObject","inLanguage":"da-DK","@id":"https:\/\/rmvapebang.com\/#\/schema\/logo\/image\/","url":"https:\/\/rmvapebang.com\/wp-content\/uploads\/2024\/03\/cropped-RVBlogo.png","contentUrl":"https:\/\/rmvapebang.com\/wp-content\/uploads\/2024\/03\/cropped-RVBlogo.png","width":507,"height":169,"caption":"rmvapebang.com"},"image":{"@id":"https:\/\/rmvapebang.com\/#\/schema\/logo\/image\/"}}]}},"uagb_featured_image_src":{"full":["https:\/\/rmvapebang.com\/wp-content\/uploads\/2026\/02\/airmez-160k-puff-8-in-1-disposable-vape-adjustable-flavors.webp",800,800,false],"thumbnail":["https:\/\/rmvapebang.com\/wp-content\/uploads\/2026\/02\/airmez-160k-puff-8-in-1-disposable-vape-adjustable-flavors-150x150.webp",150,150,true],"medium":["https:\/\/rmvapebang.com\/wp-content\/uploads\/2026\/02\/airmez-160k-puff-8-in-1-disposable-vape-adjustable-flavors-300x300.webp",300,300,true],"medium_large":["https:\/\/rmvapebang.com\/wp-content\/uploads\/2026\/02\/airmez-160k-puff-8-in-1-disposable-vape-adjustable-flavors-768x768.webp",768,768,true],"large":["https:\/\/rmvapebang.com\/wp-content\/uploads\/2026\/02\/airmez-160k-puff-8-in-1-disposable-vape-adjustable-flavors.webp",800,800,false],"1536x1536":["https:\/\/rmvapebang.com\/wp-content\/uploads\/2026\/02\/airmez-160k-puff-8-in-1-disposable-vape-adjustable-flavors.webp",800,800,false],"2048x2048":["https:\/\/rmvapebang.com\/wp-content\/uploads\/2026\/02\/airmez-160k-puff-8-in-1-disposable-vape-adjustable-flavors.webp",800,800,false],"trp-custom-language-flag":["https:\/\/rmvapebang.com\/wp-content\/uploads\/2026\/02\/airmez-160k-puff-8-in-1-disposable-vape-adjustable-flavors-12x12.webp",12,12,true],"woocommerce_thumbnail":["https:\/\/rmvapebang.com\/wp-content\/uploads\/2026\/02\/airmez-160k-puff-8-in-1-disposable-vape-adjustable-flavors-300x300.webp",300,300,true],"woocommerce_single":["https:\/\/rmvapebang.com\/wp-content\/uploads\/2026\/02\/airmez-160k-puff-8-in-1-disposable-vape-adjustable-flavors-600x600.webp",600,600,true],"woocommerce_gallery_thumbnail":["https:\/\/rmvapebang.com\/wp-content\/uploads\/2026\/02\/airmez-160k-puff-8-in-1-disposable-vape-adjustable-flavors-100x100.webp",100,100,true],"wcpr-photo-reviews":["https:\/\/rmvapebang.com\/wp-content\/uploads\/2026\/02\/airmez-160k-puff-8-in-1-disposable-vape-adjustable-flavors.webp",500,500,false]},"uagb_author_info":{"display_name":"Lyn","author_link":"https:\/\/rmvapebang.com\/da\/author\/"},"uagb_comment_info":0,"uagb_excerpt":"NOTE: Prices on the website don\u2019t include shipping fee. Please send your zip code and address that we can check shipping costs for you. Airmez 160K disposable vape offers ultra long lasting performance with an 8 in 1 flavor switch design, smart display visibility and reliable rechargeable power, making it suitable for European wholesale distribution&hellip;","_links":{"self":[{"href":"https:\/\/rmvapebang.com\/da\/wp-json\/wp\/v2\/product\/5578","targetHints":{"allow":["GET"]}}],"collection":[{"href":"https:\/\/rmvapebang.com\/da\/wp-json\/wp\/v2\/product"}],"about":[{"href":"https:\/\/rmvapebang.com\/da\/wp-json\/wp\/v2\/types\/product"}],"replies":[{"embeddable":true,"href":"https:\/\/rmvapebang.com\/da\/wp-json\/wp\/v2\/comments?post=5578"}],"wp:featuredmedia":[{"embeddable":true,"href":"https:\/\/rmvapebang.com\/da\/wp-json\/wp\/v2\/media\/5570"}],"wp:attachment":[{"href":"https:\/\/rmvapebang.com\/da\/wp-json\/wp\/v2\/media?parent=5578"}],"wp:term":[{"taxonomy":"product_brand","embeddable":true,"href":"https:\/\/rmvapebang.com\/da\/wp-json\/wp\/v2\/product_brand?post=5578"},{"taxonomy":"product_cat","embeddable":true,"href":"https:\/\/rmvapebang.com\/da\/wp-json\/wp\/v2\/product_cat?post=5578"},{"taxonomy":"product_tag","embeddable":true,"href":"https:\/\/rmvapebang.com\/da\/wp-json\/wp\/v2\/product_tag?post=5578"}],"curies":[{"name":"wp","href":"https:\/\/api.w.org\/{rel}","templated":true}]}}