{"id":5266,"date":"2025-12-01T15:39:47","date_gmt":"2025-12-01T07:39:47","guid":{"rendered":"https:\/\/rmvapebang.com\/?post_type=product&#038;p=5266"},"modified":"2025-12-01T17:57:32","modified_gmt":"2025-12-01T09:57:32","slug":"uzy-150000-puffs-disposable-vape-six-flavors-wholesale-price","status":"publish","type":"product","link":"https:\/\/rmvapebang.com\/da\/product\/uzy-150000-puffs-disposable-vape-six-flavors-wholesale-price\/","title":{"rendered":"UZY 150000 Puffs Engangs Vape Seks Smagsvarianter Engrospris"},"content":{"rendered":"<h2 style=\"text-align: left\">UZY 150000 Puffs Engangs Vape Seks Smagsvarianter Engrospris<\/h2>\n<div class=\"flex-1 overflow-hidden\">\n<div class=\"react-scroll-to-bottom--css-rkeqe-79elbk h-full\">\n<div class=\"react-scroll-to-bottom--css-rkeqe-1n7m0yu\">\n<div class=\"flex flex-col text-sm pb-9\">\n<div class=\"w-full text-token-text-primary\" data-testid=\"conversation-turn-7\">\n<div class=\"px-4 py-2 justify-center text-base md:gap-6 m-auto\">\n<div class=\"flex flex-1 text-base mx-auto gap-3 md:px-5 lg:px-1 xl:px-5 md:max-w-3xl lg:max-w-[40rem] xl:max-w-[48rem] group final-completion\">\n<div class=\"relative flex w-full flex-col agent-turn\">\n<div class=\"flex-col gap-1 md:gap-3\">\n<div class=\"flex flex-grow flex-col max-w-full\">\n<div class=\"min-h-[20px] text-message flex flex-col items-start gap-3 whitespace-pre-wrap break-words [.text-message+&amp;]:mt-5 overflow-x-auto\" data-message-author-role=\"assistant\" data-message-id=\"a1f3b89f-a1c9-497d-a989-579b96e752e6\">\n<div class=\"markdown prose w-full break-words dark:prose-invert light\">\n<p>UZY 150000 Puffs Engangs Vape Seks Smags Engrospris er designet til vapere, der \u00f8nsker kapacitet, stabilitet og rig smag i \u00e9n enhed. <a href=\"https:\/\/rmvapebang.com\/da\/product-category\/uzy-vapes\/\"><em><strong>Vape af UZY<\/strong><\/em><\/a> 150000 Puffs Engangs Vape med 150K puffs, seks skiftbare smagsvarianter, en quad mesh coil og et Type-C genopladeligt system, <a href=\"https:\/\/rmvapebang.com\/da\/product-category\/vape-150000-puffs\/\"><em><strong>engangs 150000 puffs vape<\/strong><\/em><\/a> tilbyder langvarig ydeevne, der er egnet til b\u00e5de daglige brugere og butiksejere, der har brug for p\u00e5lidelig lagerbeholdning. Den Smart Screen 6-i-1 Vape 150K opgraderede LED <strong><em><a href=\"https:\/\/rmvapebang.com\/da\/product-category\/smart-display\/\">smart sk\u00e6rm<\/a><\/em><\/strong> viser tydeligt batteri- og e-v\u00e6skestanden, hvilket g\u00f8r det lettere for forbrugerne at overv\u00e5ge brugen.<\/p>\n<p>Bedste 150K Puffs Vape til Engros 64ml \u00e6gte e-v\u00e6skekapacitet og 2%\/5% nikotinalternativer sikrer konsekvent smagslevering, der opfylder europ\u00e6iske pr\u00e6ferencer for glat halsfornemmelse og ren dampudgang. Bygget til engrosmarkedet, men lige s\u00e5 tiltalende for individuelle k\u00f8bere, skiller denne model sig ud som en h\u00f8jv\u00e6rdi mulighed for detailhandlere, der s\u00f8ger et premium <strong><em><a href=\"https:\/\/rmvapebang.com\/da\/product-category\/vape-150000-puffs\/\">150K puffs enhed<\/a> <\/em><\/strong>med fler-smags appel.<\/p>\n<figure id=\"attachment_5257\" aria-describedby=\"caption-attachment-5257\" style=\"width: 800px\" class=\"wp-caption alignnone\"><img loading=\"lazy\" decoding=\"async\" class=\"wp-image-5257 size-full\" src=\"http:\/\/rmvapebang.com\/wp-content\/uploads\/2025\/12\/150K-Disposable-Vape-Bulk-Buy-Big-Discount.webp\" alt=\"150K Engangs Vape Stork\u00f8b Stor Rabat\" width=\"800\" height=\"530\" srcset=\"https:\/\/rmvapebang.com\/wp-content\/uploads\/2025\/12\/150K-Disposable-Vape-Bulk-Buy-Big-Discount.webp 800w, https:\/\/rmvapebang.com\/wp-content\/uploads\/2025\/12\/150K-Disposable-Vape-Bulk-Buy-Big-Discount-300x199.webp 300w, https:\/\/rmvapebang.com\/wp-content\/uploads\/2025\/12\/150K-Disposable-Vape-Bulk-Buy-Big-Discount-768x509.webp 768w, https:\/\/rmvapebang.com\/wp-content\/uploads\/2025\/12\/150K-Disposable-Vape-Bulk-Buy-Big-Discount-18x12.webp 18w, https:\/\/rmvapebang.com\/wp-content\/uploads\/2025\/12\/150K-Disposable-Vape-Bulk-Buy-Big-Discount-600x398.webp 600w\" sizes=\"auto, (max-width: 800px) 100vw, 800px\" \/><figcaption id=\"caption-attachment-5257\" class=\"wp-caption-text\">150K Engangs Vape Stork\u00f8b Stor Rabat<\/figcaption><\/figure>\n<\/div>\n<\/div>\n<\/div>\n<\/div>\n<\/div>\n<\/div>\n<\/div>\n<\/div>\n<\/div>\n<\/div>\n<\/div>\n<\/div>\n<h2><strong>Smagsliste-UZY 150K Puffs Seks-Smags Skift Vape<\/strong><\/h2>\n<p>1. vandmelon is \/ jordb\u00e6r mamba \/ jordb\u00e6r vandmelon<br \/>\n2. bl\u00e5b\u00e6r is \/ hindb\u00e6r citron \/ vandmelon tyggegummi<br \/>\n3. jordb\u00e6r kiwi \/ bl\u00e5b\u00e6r kokos \/ blandede b\u00e6r<br \/>\n4. drue is \/ mango fersken \/ bl\u00e5b\u00e6r vandmelon<br \/>\n5. bl\u00e5b\u00e6r hindb\u00e6r \/ triple melon \/ jordb\u00e6r is<br \/>\n6. jordb\u00e6r kiwi \/ bl\u00e5b\u00e6r is \/ kirseb\u00e6r is<br \/>\n7. kiwi passionsfrugt guava \/ fersken citron \/ Love 66<br \/>\n8. jordb\u00e6r dragefrugt \/ Red Bull \/ hindb\u00e6r vandmelon<br \/>\n9. fersken is \/ to \u00e6bler \/ triple mango<br \/>\n10. Blandet B\u00e6r \/ Brusende Kirseb\u00e6r \/ Peach Lemon<\/p>\n<h2>Produkt H\u00f8jdepunkter<\/h2>\n<p>\ud83d\udd0b 150K Puffs \u2014 Super lang batterilevetid<br \/>\n\ud83c\udfa8 Seks Smagsvarianter \u2014 Skift mellem seks smage n\u00e5r som helst<br \/>\n\ud83d\udd25 Quad Mesh Coil 1.0\u03a9 \u2014 Varmer op hurtigere, smagen er rigere<br \/>\n\ud83d\udca7 64ml \u00c6gte E-v\u00e6ske \u2014 Tilstr\u00e6kkelig e-v\u00e6ske til langvarig brug<br \/>\n\u26a1 2% \/ 5% Nikotin \u2014 Opfylder forskellige markedsbehov<br \/>\n\ud83d\udd0b 650mAh Batteri \u2014 Stabil batterilevetid<br \/>\n\ud83d\udd0c Type-C Genopladelig \u2014 Hurtig genopladning<br \/>\n\ud83d\udda5 LED Smart Sk\u00e6rm \u2014 Viser tydeligt batteri- og e-v\u00e6skeniveauer<br \/>\n\ud83e\udded Real-Time Indikatorer \u2014 Mere intuitiv brugstilstand<\/p>\n<h2>FAQ:<\/h2>\n<p><strong>Q1: Er UZY 150K Puffs modellen p\u00e5lidelig til langvarig detailhandel?<\/strong><br \/>\nA1: Ja. UZY 150K Puffs enheden er holdbar og et godt valg.<\/p>\n<p><strong>Q2: Hvad g\u00f8r UZY 6 i 1 Engangs Vape egnet til EU-kunder?<\/strong><br \/>\nA2: UZY 6 i 1 Engangs Vape leverer seks \u00f8jeblikkelige skiftende smage, en skarp LED-sk\u00e6rm og glatte nikotinslag \u2014 perfekt for europ\u00e6iske brugere, der \u00f8nsker ren smag og nem, moderne funktionalitet.<\/p>\n<p><strong>Q3: Kr\u00e6ver 150000 Puffs Engangs Vape hyppig opladning?<\/strong><br \/>\nA3: Nej. 150000 Puffs Engangs Vape er designet til flere opladningscyklusser og effektiv str\u00f8mforbrug.<\/p>\n<p><strong>Q4: Er de seks smage i 6 Smagsvarianter i 1 Vape nemme at skifte under brug?<\/strong><br \/>\nA4: Ja. Systemet med 6 Smagsvarianter i 1 Vape tillader glidende, hurtige skift uden l\u00e6kage, hvilket giver brugerne variation uden behov for flere separate enheder.<\/p>\n<p><strong>Kontakt Lyn for flere produktvideoer!<\/strong><\/p>\n<p><a href=\"https:\/\/wa.me\/8617840853976\"><span style=\"color: #ff6600\"><strong><em>Whatsapp:+86 17840853976<\/em><\/strong><\/span><\/a><\/p>\n<p><img loading=\"lazy\" decoding=\"async\" class=\"alignnone size-medium wp-image-1905\" src=\"http:\/\/rmvapebang.com\/wp-content\/uploads\/2024\/03\/whatsapp-vape-2-202x300.jpg\" alt=\"\" width=\"202\" height=\"300\" \/><\/p>\n<p>Find flere produkter, du m\u00e5ske kan lide:<a href=\"https:\/\/rmvapebang.com\/da\/shop-page\/\"><strong><em>K\u00f8b nu<\/em><\/strong><\/a><\/p>\n<p>andre puffs du m\u00e5ske kan lide: \/<a href=\"https:\/\/rmvapebang.com\/da\/product\/adalya-16000-puffs-disposable-top-sale-bulk-price-vape\/\">Adalya 16000 Sug engangs vape<\/a>\/<a href=\"https:\/\/rmvapebang.com\/da\/product\/fihp-smart-disposable-120000-puffs-bulk-price-best-sale-vape\/\">FIHP 120k engrospris Vape<\/a>\/ <a href=\"https:\/\/rmvapebang.com\/da\/product\/hot-sale-disposable-aivono-avn-vape-150000-puffs-bulk-price\/\">AIVONO engangs 150000 puffs vape<\/a>\/<a href=\"https:\/\/rmvapebang.com\/da\/product\/airmez-fox-4-in-1-disposable-120000-puff-wholesale-bulk-price-eu-warehouse\/\">Airmez 120k sugede engangs vape<\/a><\/p>","protected":false},"excerpt":{"rendered":"<p><span style=\"color: #ff0000\"><strong>BEM\u00c6RK<\/strong><em>: Priserne p\u00e5 hjemmesiden inkluderer ikke forsendelsesgebyr. Send venligst dit postnummer og adresse, s\u00e5 vi kan tjekke forsendelsesomkostningerne for dig.<br \/>\n<\/em><\/span>Bygget til ydeevne og detailp\u00e5virkning, denne 150K 6-i-1 model tilbyder st\u00e6rke marginer og p\u00e5lidelig forsyning\u2014ideel til europ\u00e6iske butikker, der s\u00f8ger premium high-puff produkter.<\/p>\n<p><strong><em>Whatsapp:<a href=\"https:\/\/wa.me\/8617840853976\">+86 17840853976<\/a><br \/>\n<\/em><\/strong>Scan p\u00e5 whatsapp for Ny Kunde kupon<\/p>\n<p><img loading=\"lazy\" decoding=\"async\" class=\"alignnone size-medium wp-image-1905\" src=\"http:\/\/rmvapebang.com\/wp-content\/uploads\/2024\/03\/whatsapp-vape-2-202x300.jpg\" alt=\"\" width=\"202\" height=\"300\" \/><\/p>","protected":false},"featured_media":5260,"comment_status":"open","ping_status":"closed","template":"","meta":{"_uag_custom_page_level_css":"","_lmt_disableupdate":"no","_lmt_disable":"","site-sidebar-layout":"no-sidebar","site-content-layout":"boxed-container","ast-site-content-layout":"normal-width-container","site-content-style":"boxed","site-sidebar-style":"boxed","ast-global-header-display":"","ast-banner-title-visibility":"","ast-main-header-display":"","ast-hfb-above-header-display":"","ast-hfb-below-header-display":"","ast-hfb-mobile-header-display":"","site-post-title":"","ast-breadcrumbs-content":"","ast-featured-img":"","footer-sml-layout":"","theme-transparent-header-meta":"default","adv-header-id-meta":"","stick-header-meta":"","header-above-stick-meta":"","header-main-stick-meta":"","header-below-stick-meta":"","astra-migrate-meta-layouts":"set","ast-page-background-enabled":"default","ast-page-background-meta":{"desktop":{"background-color":"","background-image":"","background-repeat":"repeat","background-position":"center center","background-size":"auto","background-attachment":"scroll","background-type":"","background-media":"","overlay-type":"","overlay-color":"","overlay-gradient":""},"tablet":{"background-color":"","background-image":"","background-repeat":"repeat","background-position":"center center","background-size":"auto","background-attachment":"scroll","background-type":"","background-media":"","overlay-type":"","overlay-color":"","overlay-gradient":""},"mobile":{"background-color":"","background-image":"","background-repeat":"repeat","background-position":"center center","background-size":"auto","background-attachment":"scroll","background-type":"","background-media":"","overlay-type":"","overlay-color":"","overlay-gradient":""}},"ast-content-background-meta":{"desktop":{"background-color":"var(--ast-global-color-5)","background-image":"","background-repeat":"repeat","background-position":"center center","background-size":"auto","background-attachment":"scroll","background-type":"","background-media":"","overlay-type":"","overlay-color":"","overlay-gradient":""},"tablet":{"background-color":"var(--ast-global-color-5)","background-image":"","background-repeat":"repeat","background-position":"center center","background-size":"auto","background-attachment":"scroll","background-type":"","background-media":"","overlay-type":"","overlay-color":"","overlay-gradient":""},"mobile":{"background-color":"var(--ast-global-color-5)","background-image":"","background-repeat":"repeat","background-position":"center center","background-size":"auto","background-attachment":"scroll","background-type":"","background-media":"","overlay-type":"","overlay-color":"","overlay-gradient":""}},"_joinchat":[]},"product_brand":[],"product_cat":[130,39,41,128,42,40,131,129,87,256,43],"product_tag":[257,254,50,51,67,49,53,52],"class_list":{"0":"post-5266","1":"product","2":"type-product","3":"status-publish","4":"has-post-thumbnail","6":"product_cat-digital-vapes-in-discount-price","7":"product_cat-france-wholesale-vape","8":"product_cat-netherlands-wholesale-vape","9":"product_cat-smart-display","10":"product_cat-spain-wholesale-vape","11":"product_cat-germany-wholesale-vape","12":"product_cat-tornado-vape-wholesale-price-hot-sale","13":"product_cat-tornado-vapes","14":"product_cat-uzy-vapes","15":"product_cat-vape-150000-puffs","16":"product_cat-vape-shop","17":"product_tag-150000-puffs","18":"product_tag-150k-puffs","19":"product_tag-bulk-price-vape-shop","20":"product_tag-disposable-vape","21":"product_tag-fast-price-sales","22":"product_tag-minimum-order-quantity-100pcs","23":"product_tag-rechargeable-vape","24":"product_tag-vape-wholesasle-price","25":"desktop-align-left","26":"tablet-align-left","27":"mobile-align-left","29":"first","30":"instock","31":"sale","32":"shipping-taxable","33":"purchasable","34":"product-type-simple"},"yoast_head":"<!-- This site is optimized with the Yoast SEO plugin v23.0 - https:\/\/yoast.com\/wordpress\/plugins\/seo\/ -->\n<title>UZY 150000 Puffs Disposable Vape Six Flavors Wholesale Price - rmvapebang.com<\/title>\n<meta name=\"description\" content=\"High-capacity UZY 150000 Puffs 6-in-1 disposable vape with mesh coil and smart screen. Order today for strong wholesale value.\" \/>\n<meta name=\"robots\" content=\"index, follow, max-snippet:-1, max-image-preview:large, max-video-preview:-1\" \/>\n<link rel=\"canonical\" href=\"https:\/\/rmvapebang.com\/da\/product\/uzy-150000-puffs-disposable-vape-six-flavors-wholesale-price\/\" \/>\n<meta property=\"og:locale\" content=\"da_DK\" \/>\n<meta property=\"og:type\" content=\"article\" \/>\n<meta property=\"og:title\" content=\"UZY 150000 Puffs Disposable Vape Six Flavors Wholesale Price - rmvapebang.com\" \/>\n<meta property=\"og:description\" content=\"High-capacity UZY 150000 Puffs 6-in-1 disposable vape with mesh coil and smart screen. Order today for strong wholesale value.\" \/>\n<meta property=\"og:url\" content=\"https:\/\/rmvapebang.com\/da\/product\/uzy-150000-puffs-disposable-vape-six-flavors-wholesale-price\/\" \/>\n<meta property=\"og:site_name\" content=\"rmvapebang.com\" \/>\n<meta property=\"article:modified_time\" content=\"2025-12-01T09:57:32+00:00\" \/>\n<meta property=\"og:image\" content=\"http:\/\/rmvapebang.com\/wp-content\/uploads\/2025\/12\/Rechargeable-150K-Mesh-Coil-Vape-Hot-Deal.webp\" \/>\n\t<meta property=\"og:image:width\" content=\"800\" \/>\n\t<meta property=\"og:image:height\" content=\"800\" \/>\n\t<meta property=\"og:image:type\" content=\"image\/webp\" \/>\n<meta name=\"twitter:card\" content=\"summary_large_image\" \/>\n<meta name=\"twitter:label1\" content=\"Estimeret l\u00e6setid\" \/>\n\t<meta name=\"twitter:data1\" content=\"3 minutter\" \/>\n<script type=\"application\/ld+json\" class=\"yoast-schema-graph\">{\"@context\":\"https:\/\/schema.org\",\"@graph\":[{\"@type\":\"WebPage\",\"@id\":\"https:\/\/rmvapebang.com\/product\/uzy-150000-puffs-disposable-vape-six-flavors-wholesale-price\/\",\"url\":\"https:\/\/rmvapebang.com\/product\/uzy-150000-puffs-disposable-vape-six-flavors-wholesale-price\/\",\"name\":\"UZY 150000 Puffs Disposable Vape Six Flavors Wholesale Price - rmvapebang.com\",\"isPartOf\":{\"@id\":\"https:\/\/rmvapebang.com\/#website\"},\"primaryImageOfPage\":{\"@id\":\"https:\/\/rmvapebang.com\/product\/uzy-150000-puffs-disposable-vape-six-flavors-wholesale-price\/#primaryimage\"},\"image\":{\"@id\":\"https:\/\/rmvapebang.com\/product\/uzy-150000-puffs-disposable-vape-six-flavors-wholesale-price\/#primaryimage\"},\"thumbnailUrl\":\"https:\/\/rmvapebang.com\/wp-content\/uploads\/2025\/12\/Rechargeable-150K-Mesh-Coil-Vape-Hot-Deal.webp\",\"datePublished\":\"2025-12-01T07:39:47+00:00\",\"dateModified\":\"2025-12-01T09:57:32+00:00\",\"description\":\"High-capacity UZY 150000 Puffs 6-in-1 disposable vape with mesh coil and smart screen. Order today for strong wholesale value.\",\"breadcrumb\":{\"@id\":\"https:\/\/rmvapebang.com\/product\/uzy-150000-puffs-disposable-vape-six-flavors-wholesale-price\/#breadcrumb\"},\"inLanguage\":\"da-DK\",\"potentialAction\":[{\"@type\":\"ReadAction\",\"target\":[\"https:\/\/rmvapebang.com\/product\/uzy-150000-puffs-disposable-vape-six-flavors-wholesale-price\/\"]}]},{\"@type\":\"ImageObject\",\"inLanguage\":\"da-DK\",\"@id\":\"https:\/\/rmvapebang.com\/product\/uzy-150000-puffs-disposable-vape-six-flavors-wholesale-price\/#primaryimage\",\"url\":\"https:\/\/rmvapebang.com\/wp-content\/uploads\/2025\/12\/Rechargeable-150K-Mesh-Coil-Vape-Hot-Deal.webp\",\"contentUrl\":\"https:\/\/rmvapebang.com\/wp-content\/uploads\/2025\/12\/Rechargeable-150K-Mesh-Coil-Vape-Hot-Deal.webp\",\"width\":800,\"height\":800,\"caption\":\"Rechargeable 150K Mesh Coil Vape Hot Deal\"},{\"@type\":\"BreadcrumbList\",\"@id\":\"https:\/\/rmvapebang.com\/product\/uzy-150000-puffs-disposable-vape-six-flavors-wholesale-price\/#breadcrumb\",\"itemListElement\":[{\"@type\":\"ListItem\",\"position\":1,\"name\":\"Home\",\"item\":\"https:\/\/rmvapebang.com\/\"},{\"@type\":\"ListItem\",\"position\":2,\"name\":\"Hot Vape Shop\",\"item\":\"https:\/\/rmvapebang.com\/shop-page\/\"},{\"@type\":\"ListItem\",\"position\":3,\"name\":\"UZY 150000 Puffs Disposable Vape Six Flavors Wholesale Price\"}]},{\"@type\":\"WebSite\",\"@id\":\"https:\/\/rmvapebang.com\/#website\",\"url\":\"https:\/\/rmvapebang.com\/\",\"name\":\"rmvapebang.com\",\"description\":\"buy vape cheap\",\"publisher\":{\"@id\":\"https:\/\/rmvapebang.com\/#organization\"},\"potentialAction\":[{\"@type\":\"SearchAction\",\"target\":{\"@type\":\"EntryPoint\",\"urlTemplate\":\"https:\/\/rmvapebang.com\/?s={search_term_string}\"},\"query-input\":\"required name=search_term_string\"}],\"inLanguage\":\"da-DK\"},{\"@type\":\"Organization\",\"@id\":\"https:\/\/rmvapebang.com\/#organization\",\"name\":\"rmvapebang.com\",\"url\":\"https:\/\/rmvapebang.com\/\",\"logo\":{\"@type\":\"ImageObject\",\"inLanguage\":\"da-DK\",\"@id\":\"https:\/\/rmvapebang.com\/#\/schema\/logo\/image\/\",\"url\":\"https:\/\/rmvapebang.com\/wp-content\/uploads\/2024\/03\/cropped-RVBlogo.png\",\"contentUrl\":\"https:\/\/rmvapebang.com\/wp-content\/uploads\/2024\/03\/cropped-RVBlogo.png\",\"width\":507,\"height\":169,\"caption\":\"rmvapebang.com\"},\"image\":{\"@id\":\"https:\/\/rmvapebang.com\/#\/schema\/logo\/image\/\"}}]}<\/script>\n<!-- \/ Yoast SEO plugin. -->","yoast_head_json":{"title":"UZY 150000 Puffs Disposable Vape Six Flavors Wholesale Price - rmvapebang.com","description":"High-capacity UZY 150000 Puffs 6-in-1 disposable vape with mesh coil and smart screen. Order today for strong wholesale value.","robots":{"index":"index","follow":"follow","max-snippet":"max-snippet:-1","max-image-preview":"max-image-preview:large","max-video-preview":"max-video-preview:-1"},"canonical":"https:\/\/rmvapebang.com\/da\/product\/uzy-150000-puffs-disposable-vape-six-flavors-wholesale-price\/","og_locale":"da_DK","og_type":"article","og_title":"UZY 150000 Puffs Disposable Vape Six Flavors Wholesale Price - rmvapebang.com","og_description":"High-capacity UZY 150000 Puffs 6-in-1 disposable vape with mesh coil and smart screen. Order today for strong wholesale value.","og_url":"https:\/\/rmvapebang.com\/da\/product\/uzy-150000-puffs-disposable-vape-six-flavors-wholesale-price\/","og_site_name":"rmvapebang.com","article_modified_time":"2025-12-01T09:57:32+00:00","og_image":[{"width":800,"height":800,"url":"http:\/\/rmvapebang.com\/wp-content\/uploads\/2025\/12\/Rechargeable-150K-Mesh-Coil-Vape-Hot-Deal.webp","type":"image\/webp"}],"twitter_card":"summary_large_image","twitter_misc":{"Estimeret l\u00e6setid":"3 minutter"},"schema":{"@context":"https:\/\/schema.org","@graph":[{"@type":"WebPage","@id":"https:\/\/rmvapebang.com\/product\/uzy-150000-puffs-disposable-vape-six-flavors-wholesale-price\/","url":"https:\/\/rmvapebang.com\/product\/uzy-150000-puffs-disposable-vape-six-flavors-wholesale-price\/","name":"UZY 150000 Puffs Disposable Vape Six Flavors Wholesale Price - rmvapebang.com","isPartOf":{"@id":"https:\/\/rmvapebang.com\/#website"},"primaryImageOfPage":{"@id":"https:\/\/rmvapebang.com\/product\/uzy-150000-puffs-disposable-vape-six-flavors-wholesale-price\/#primaryimage"},"image":{"@id":"https:\/\/rmvapebang.com\/product\/uzy-150000-puffs-disposable-vape-six-flavors-wholesale-price\/#primaryimage"},"thumbnailUrl":"https:\/\/rmvapebang.com\/wp-content\/uploads\/2025\/12\/Rechargeable-150K-Mesh-Coil-Vape-Hot-Deal.webp","datePublished":"2025-12-01T07:39:47+00:00","dateModified":"2025-12-01T09:57:32+00:00","description":"High-capacity UZY 150000 Puffs 6-in-1 disposable vape with mesh coil and smart screen. Order today for strong wholesale value.","breadcrumb":{"@id":"https:\/\/rmvapebang.com\/product\/uzy-150000-puffs-disposable-vape-six-flavors-wholesale-price\/#breadcrumb"},"inLanguage":"da-DK","potentialAction":[{"@type":"ReadAction","target":["https:\/\/rmvapebang.com\/product\/uzy-150000-puffs-disposable-vape-six-flavors-wholesale-price\/"]}]},{"@type":"ImageObject","inLanguage":"da-DK","@id":"https:\/\/rmvapebang.com\/product\/uzy-150000-puffs-disposable-vape-six-flavors-wholesale-price\/#primaryimage","url":"https:\/\/rmvapebang.com\/wp-content\/uploads\/2025\/12\/Rechargeable-150K-Mesh-Coil-Vape-Hot-Deal.webp","contentUrl":"https:\/\/rmvapebang.com\/wp-content\/uploads\/2025\/12\/Rechargeable-150K-Mesh-Coil-Vape-Hot-Deal.webp","width":800,"height":800,"caption":"Rechargeable 150K Mesh Coil Vape Hot Deal"},{"@type":"BreadcrumbList","@id":"https:\/\/rmvapebang.com\/product\/uzy-150000-puffs-disposable-vape-six-flavors-wholesale-price\/#breadcrumb","itemListElement":[{"@type":"ListItem","position":1,"name":"Home","item":"https:\/\/rmvapebang.com\/"},{"@type":"ListItem","position":2,"name":"Hot Vape Shop","item":"https:\/\/rmvapebang.com\/shop-page\/"},{"@type":"ListItem","position":3,"name":"UZY 150000 Puffs Disposable Vape Six Flavors Wholesale Price"}]},{"@type":"WebSite","@id":"https:\/\/rmvapebang.com\/#website","url":"https:\/\/rmvapebang.com\/","name":"rmvapebang.com","description":"buy vape cheap","publisher":{"@id":"https:\/\/rmvapebang.com\/#organization"},"potentialAction":[{"@type":"SearchAction","target":{"@type":"EntryPoint","urlTemplate":"https:\/\/rmvapebang.com\/?s={search_term_string}"},"query-input":"required name=search_term_string"}],"inLanguage":"da-DK"},{"@type":"Organization","@id":"https:\/\/rmvapebang.com\/#organization","name":"rmvapebang.com","url":"https:\/\/rmvapebang.com\/","logo":{"@type":"ImageObject","inLanguage":"da-DK","@id":"https:\/\/rmvapebang.com\/#\/schema\/logo\/image\/","url":"https:\/\/rmvapebang.com\/wp-content\/uploads\/2024\/03\/cropped-RVBlogo.png","contentUrl":"https:\/\/rmvapebang.com\/wp-content\/uploads\/2024\/03\/cropped-RVBlogo.png","width":507,"height":169,"caption":"rmvapebang.com"},"image":{"@id":"https:\/\/rmvapebang.com\/#\/schema\/logo\/image\/"}}]}},"uagb_featured_image_src":{"full":["https:\/\/rmvapebang.com\/wp-content\/uploads\/2025\/12\/Rechargeable-150K-Mesh-Coil-Vape-Hot-Deal.webp",800,800,false],"thumbnail":["https:\/\/rmvapebang.com\/wp-content\/uploads\/2025\/12\/Rechargeable-150K-Mesh-Coil-Vape-Hot-Deal-150x150.webp",150,150,true],"medium":["https:\/\/rmvapebang.com\/wp-content\/uploads\/2025\/12\/Rechargeable-150K-Mesh-Coil-Vape-Hot-Deal-300x300.webp",300,300,true],"medium_large":["https:\/\/rmvapebang.com\/wp-content\/uploads\/2025\/12\/Rechargeable-150K-Mesh-Coil-Vape-Hot-Deal-768x768.webp",768,768,true],"large":["https:\/\/rmvapebang.com\/wp-content\/uploads\/2025\/12\/Rechargeable-150K-Mesh-Coil-Vape-Hot-Deal.webp",800,800,false],"1536x1536":["https:\/\/rmvapebang.com\/wp-content\/uploads\/2025\/12\/Rechargeable-150K-Mesh-Coil-Vape-Hot-Deal.webp",800,800,false],"2048x2048":["https:\/\/rmvapebang.com\/wp-content\/uploads\/2025\/12\/Rechargeable-150K-Mesh-Coil-Vape-Hot-Deal.webp",800,800,false],"trp-custom-language-flag":["https:\/\/rmvapebang.com\/wp-content\/uploads\/2025\/12\/Rechargeable-150K-Mesh-Coil-Vape-Hot-Deal-12x12.webp",12,12,true],"woocommerce_thumbnail":["https:\/\/rmvapebang.com\/wp-content\/uploads\/2025\/12\/Rechargeable-150K-Mesh-Coil-Vape-Hot-Deal-300x300.webp",300,300,true],"woocommerce_single":["https:\/\/rmvapebang.com\/wp-content\/uploads\/2025\/12\/Rechargeable-150K-Mesh-Coil-Vape-Hot-Deal-600x600.webp",600,600,true],"woocommerce_gallery_thumbnail":["https:\/\/rmvapebang.com\/wp-content\/uploads\/2025\/12\/Rechargeable-150K-Mesh-Coil-Vape-Hot-Deal-100x100.webp",100,100,true],"wcpr-photo-reviews":["https:\/\/rmvapebang.com\/wp-content\/uploads\/2025\/12\/Rechargeable-150K-Mesh-Coil-Vape-Hot-Deal.webp",500,500,false]},"uagb_author_info":{"display_name":"Lyn","author_link":"https:\/\/rmvapebang.com\/da\/author\/"},"uagb_comment_info":0,"uagb_excerpt":"NOTE: Prices on the website don\u2019t include shipping fee. Please send your zip code and address that we can check shipping costs for you. Built for performance and retail impact, this 150K 6-in-1 model offers strong margins and reliable supply\u2014ideal for European shops seeking premium high-puff products. Whatsapp:+86 17840853976 Scan on whatsapp for New Client&hellip;","_links":{"self":[{"href":"https:\/\/rmvapebang.com\/da\/wp-json\/wp\/v2\/product\/5266","targetHints":{"allow":["GET"]}}],"collection":[{"href":"https:\/\/rmvapebang.com\/da\/wp-json\/wp\/v2\/product"}],"about":[{"href":"https:\/\/rmvapebang.com\/da\/wp-json\/wp\/v2\/types\/product"}],"replies":[{"embeddable":true,"href":"https:\/\/rmvapebang.com\/da\/wp-json\/wp\/v2\/comments?post=5266"}],"wp:featuredmedia":[{"embeddable":true,"href":"https:\/\/rmvapebang.com\/da\/wp-json\/wp\/v2\/media\/5260"}],"wp:attachment":[{"href":"https:\/\/rmvapebang.com\/da\/wp-json\/wp\/v2\/media?parent=5266"}],"wp:term":[{"taxonomy":"product_brand","embeddable":true,"href":"https:\/\/rmvapebang.com\/da\/wp-json\/wp\/v2\/product_brand?post=5266"},{"taxonomy":"product_cat","embeddable":true,"href":"https:\/\/rmvapebang.com\/da\/wp-json\/wp\/v2\/product_cat?post=5266"},{"taxonomy":"product_tag","embeddable":true,"href":"https:\/\/rmvapebang.com\/da\/wp-json\/wp\/v2\/product_tag?post=5266"}],"curies":[{"name":"wp","href":"https:\/\/api.w.org\/{rel}","templated":true}]}}