{"id":5237,"date":"2025-11-20T15:34:55","date_gmt":"2025-11-20T07:34:55","guid":{"rendered":"https:\/\/rmvapebang.com\/?post_type=product&#038;p=5237"},"modified":"2025-11-12T16:48:08","modified_gmt":"2025-11-12T08:48:08","slug":"merrymi-16000-disposable-vape-puffs-bulk-discount-top-seller","status":"publish","type":"product","link":"https:\/\/rmvapebang.com\/da\/product\/merrymi-16000-disposable-vape-puffs-bulk-discount-top-seller\/","title":{"rendered":"MERRYMi 16000 engangs vape skud bulk rabat top s\u00e6lger"},"content":{"rendered":"<h2 style=\"text-align: left\">MERRYMi 16000 engangs vape skud bulk rabat top s\u00e6lger<\/h2>\n<p>MERRYMi 16000 Engangs Vape Puffs Bulk Rabat Top-s\u00e6lger har et kompakt design med overlegen ydeevne, hvilket g\u00f8r digital 16k vape egnet til b\u00e5de individuelle brugere og europ\u00e6iske distribut\u00f8rer. <a href=\"https:\/\/rmvapebang.com\/da\/product-category\/vape-16000-puffs\/\"><em><strong>16000 engangs vape puffs<\/strong> <\/em><\/a>rummer en batterilevetid p\u00e5 op til 16.000 puffs, et indbygget 620mAh genopladeligt batteri og en Type-C gr\u00e6nseflade, hvilket sikrer stabil str\u00f8m og en glattere vapingoplevelse.<\/p>\n<p>Vapen med <a href=\"https:\/\/rmvapebang.com\/da\/product-category\/vape-16000-puffs\/\"><em><strong>engangs 16000 vape<\/strong><\/em><\/a> har et dual-tilstand design, der giver brugerne mulighed for fleksibelt at v\u00e6lge mellem stram tr\u00e6kmodstand og rig dampudgang, hvilket im\u00f8dekommer b\u00e5de MTL- og DTL-vaping behov, og den 20ml e-v\u00e6skebeholder sikrer, at dampere kan nyde lang tid.<\/p>\n<p>Desuden er alt vores Merrymi 16000 puffs vape-lager i vores EU-lager, hvilket g\u00f8r det muligt at <em><strong>MERRYMI vape<\/strong><\/em>\u00a0<span style=\"font-size: 20px\">hurtigt kan arrangere levering efter din ordre er afgivet, hvilket reducerer leveringstiden og giver dig mulighed for at nyde din perfekte engangs vape hurtigere. P\u00e5 det europ\u00e6iske marked er MERRYMi 16000 ikke kun til personlig brug eller detailhandel, men ogs\u00e5 et ideelt valg med fremragende v\u00e6rdi for pengene i markedet for 16000 puff engangs vapes.<\/span><\/p>\n<figure id=\"attachment_5206\" aria-describedby=\"caption-attachment-5206\" style=\"width: 800px\" class=\"wp-caption alignnone\"><img loading=\"lazy\" decoding=\"async\" class=\"wp-image-5206 size-full\" src=\"http:\/\/rmvapebang.com\/wp-content\/uploads\/2025\/10\/merrymi-Disposable-vape-puffs-16000-Bulk-Price.webp\" alt=\"merrymi Engangs vape puffs 16000 Bulk Pris\" width=\"800\" height=\"800\" srcset=\"https:\/\/rmvapebang.com\/wp-content\/uploads\/2025\/10\/merrymi-Disposable-vape-puffs-16000-Bulk-Price.webp 800w, https:\/\/rmvapebang.com\/wp-content\/uploads\/2025\/10\/merrymi-Disposable-vape-puffs-16000-Bulk-Price-300x300.webp 300w, https:\/\/rmvapebang.com\/wp-content\/uploads\/2025\/10\/merrymi-Disposable-vape-puffs-16000-Bulk-Price-150x150.webp 150w, https:\/\/rmvapebang.com\/wp-content\/uploads\/2025\/10\/merrymi-Disposable-vape-puffs-16000-Bulk-Price-768x768.webp 768w, https:\/\/rmvapebang.com\/wp-content\/uploads\/2025\/10\/merrymi-Disposable-vape-puffs-16000-Bulk-Price-12x12.webp 12w, https:\/\/rmvapebang.com\/wp-content\/uploads\/2025\/10\/merrymi-Disposable-vape-puffs-16000-Bulk-Price-600x600.webp 600w, https:\/\/rmvapebang.com\/wp-content\/uploads\/2025\/10\/merrymi-Disposable-vape-puffs-16000-Bulk-Price-100x100.webp 100w\" sizes=\"auto, (max-width: 800px) 100vw, 800px\" \/><figcaption id=\"caption-attachment-5206\" class=\"wp-caption-text\">merrymi Engangs vape puffs 16000 Bulk Pris<\/figcaption><\/figure>\n<h2>Digital vape merrymi 30000 puffs H\u00f8jdepunkter<\/h2>\n<p>\ud83c\udf08 <em><strong><span style=\"color: #ff0000\">16.000 sug<\/span><\/strong><\/em> \u2014 afbalanceret daglig ydeevne til l\u00e6ngerevarende brug<br \/>\n\ud83d\udca7 <em><strong><span style=\"color: #ff0000\">20ml e-v\u00e6ske<\/span><\/strong><\/em> \u2014 gener\u00f8s smagsforsyning i en kompakt krop<br \/>\n\ud83d\udd0b <em><strong><span style=\"color: #ff0000\">620mAh<\/span> <\/strong><\/em>genopladeligt \u2014 p\u00e5lideligt batteri med Type-C hurtigopladning<br \/>\n\u2699\ufe0f Dual-tilstand \u2014 skift nemt mellem MTL &amp; DTL vaping<br \/>\n\ud83d\udca1 LED-display \u2014 klart overblik over batteri- og puffstatus<\/p>\n<h2><strong>Smagsvarianter til MERRYMI 16000 puffs engangs vape<\/strong><\/h2>\n<p>1. Jagermaister<br \/>\n2. Miami mint<br \/>\n3. Vandmelon is<br \/>\n4. Jordb\u00e6r kiwi<br \/>\n5. Gummy bj\u00f8rn<br \/>\n6. Pink fersken<br \/>\n7. Sort kirseb\u00e6r Lime<br \/>\n8. Kaktusslik<br \/>\n9. Bl\u00e5b\u00e6r vandmelon<br \/>\n10. Litchi is<br \/>\n11. Aloe sortcurrant<br \/>\n12. B\u00e6rmix<br \/>\n13. R\u00f8d energi<br \/>\n14. Kiwi passion<br \/>\n15. Drue is<br \/>\n16. Sur \u00e6ble<br \/>\n17. Bl\u00e5 razz is<br \/>\n18. Kirseb\u00e6r cola<br \/>\n19. Dragefrugt<br \/>\n20. Simrer flam<br \/>\n21. Lemonade cucu<br \/>\n22. Georgie fersken<br \/>\n23. Appelsin is kiwi<br \/>\n24. Pink lemonade<br \/>\n25. Ananas Appelsin sodavand<\/p>\n<h2>FAQ:<\/h2>\n<p><strong>Q1: Er den engangs MERRYMi 16000 vape egnet til b\u00e5de personlig og detailbrug?<\/strong><br \/>\nA1: Ja, kapaciteten p\u00e5 16000 skud og dobbelt-tilstand ops\u00e6tning g\u00f8r merrymi vape ideel til personlige vapere og forhandlere.<\/p>\n<p><strong>Q2: Viser merrymi vape LED-sk\u00e6rmen str\u00f8m- og e-v\u00e6skestandsm\u00e5ling?<\/strong><br \/>\nA2: Ja, den smarte LED-sk\u00e6rm hj\u00e6lper brugere med at overv\u00e5ge opladning og vape-brug for optimal bekvemmelighed.<\/p>\n<p><strong>Q3: Er den engangs merrymi 16000 skud genopladelig?<\/strong><br \/>\nA: Selvf\u00f8lgelig. 16000 skud med et 620mAh batteri underst\u00f8tter Type-C opladning, hvilket reducerer nedetid under daglig brug.<\/p>\n<p><strong>Q4: Hvordan fungerer merrymi 16k skud dual mode vape?<\/strong><br \/>\nA4: Vapere kan skifte mellem MTL og DTL oplevelser \u2014 den ene for strammere tr\u00e6k, den anden for rigere damp.<\/p>\n<p><strong>Kontakt Lyn for flere produktvideoer!<\/strong><\/p>\n<p><a href=\"https:\/\/wa.me\/8617840853976\"><span style=\"color: #ff6600\"><strong><em>Whatsapp:+86 17840853976<\/em><\/strong><\/span><\/a><\/p>\n<p><img loading=\"lazy\" decoding=\"async\" class=\"alignnone size-medium wp-image-1905\" src=\"http:\/\/rmvapebang.com\/wp-content\/uploads\/2024\/03\/whatsapp-vape-2-202x300.jpg\" alt=\"\" width=\"202\" height=\"300\" \/><\/p>\n<p>Find flere produkter, du m\u00e5ske kan lide:<a href=\"https:\/\/rmvapebang.com\/da\/shop-page\/\"><strong><em>K\u00f8b nu<\/em><\/strong><\/a><\/p>\n<p>Andre puff du m\u00e5ske kan lide:\u00a0<a href=\"https:\/\/rmvapebang.com\/da\/product\/top-sale-disposable-bang-leader-vape-110000-puffs\/\">Bang leder 110k vape sug<\/a>\/ <a href=\"https:\/\/rmvapebang.com\/da\/product\/adalya-16000-puffs-disposable-top-sale-bulk-price-vape\/\">Adalya 16000 Sug engangs vape<\/a>\/ <a href=\"https:\/\/rmvapebang.com\/da\/product\/digital-screen-uwin-tornado-60000-puff-vape-bulk-triple-flavor\/\">Digital Uwin 60000 sug<\/a>\/<a href=\"https:\/\/rmvapebang.com\/da\/product\/fizzy-pandora-12000-smart-vape-hot-sale-wholesale\/\"> FIZZY Pandora 12000 skud vape<\/a><\/p>","protected":false},"excerpt":{"rendered":"<p data-start=\"1244\" data-end=\"1417\"><span style=\"color: #ff0000\"><em><strong>BEM\u00c6RK<\/strong>: Priserne p\u00e5 hjemmesiden inkluderer ikke forsendelsesgebyr. Send venligst dit postnummer og adresse, s\u00e5 vi kan tjekke forsendelsesomkostningerne for dig.<\/em><\/span><br \/>\n<strong data-start=\"2282\" data-end=\"2299\">MERRYMi 16000<\/strong> skiller sig ud med kraft, dual luftstr\u00f8m og moderne design. En p\u00e5lidelig <strong data-start=\"2366\" data-end=\"2404\">engangs vape til EU-heleksporter<\/strong>, der tilbyder b\u00e5de h\u00f8je marginer og st\u00e6rk kundetiltr\u00e6kning.<\/p>\n<p><a href=\"https:\/\/wa.me\/8617840853976\"><strong><em>Whatsapp:+86 17840853976<\/em><\/strong><\/a><\/p>\n<p><img loading=\"lazy\" decoding=\"async\" class=\"alignnone size-medium wp-image-1905\" src=\"http:\/\/rmvapebang.com\/wp-content\/uploads\/2024\/03\/whatsapp-vape-2-202x300.jpg\" alt=\"\" width=\"202\" height=\"300\" \/><br \/>\n<strong>Scan p\u00e5 whatsapp for Ny Kunde kupon<\/strong><\/p>","protected":false},"featured_media":5208,"comment_status":"open","ping_status":"closed","template":"","meta":{"_uag_custom_page_level_css":"","_lmt_disableupdate":"no","_lmt_disable":"","site-sidebar-layout":"no-sidebar","site-content-layout":"boxed-container","ast-site-content-layout":"normal-width-container","site-content-style":"boxed","site-sidebar-style":"boxed","ast-global-header-display":"","ast-banner-title-visibility":"","ast-main-header-display":"","ast-hfb-above-header-display":"","ast-hfb-below-header-display":"","ast-hfb-mobile-header-display":"","site-post-title":"","ast-breadcrumbs-content":"","ast-featured-img":"","footer-sml-layout":"","theme-transparent-header-meta":"default","adv-header-id-meta":"","stick-header-meta":"","header-above-stick-meta":"","header-main-stick-meta":"","header-below-stick-meta":"","astra-migrate-meta-layouts":"set","ast-page-background-enabled":"default","ast-page-background-meta":{"desktop":{"background-color":"","background-image":"","background-repeat":"repeat","background-position":"center center","background-size":"auto","background-attachment":"scroll","background-type":"","background-media":"","overlay-type":"","overlay-color":"","overlay-gradient":""},"tablet":{"background-color":"","background-image":"","background-repeat":"repeat","background-position":"center center","background-size":"auto","background-attachment":"scroll","background-type":"","background-media":"","overlay-type":"","overlay-color":"","overlay-gradient":""},"mobile":{"background-color":"","background-image":"","background-repeat":"repeat","background-position":"center center","background-size":"auto","background-attachment":"scroll","background-type":"","background-media":"","overlay-type":"","overlay-color":"","overlay-gradient":""}},"ast-content-background-meta":{"desktop":{"background-color":"var(--ast-global-color-5)","background-image":"","background-repeat":"repeat","background-position":"center center","background-size":"auto","background-attachment":"scroll","background-type":"","background-media":"","overlay-type":"","overlay-color":"","overlay-gradient":""},"tablet":{"background-color":"var(--ast-global-color-5)","background-image":"","background-repeat":"repeat","background-position":"center center","background-size":"auto","background-attachment":"scroll","background-type":"","background-media":"","overlay-type":"","overlay-color":"","overlay-gradient":""},"mobile":{"background-color":"var(--ast-global-color-5)","background-image":"","background-repeat":"repeat","background-position":"center center","background-size":"auto","background-attachment":"scroll","background-type":"","background-media":"","overlay-type":"","overlay-color":"","overlay-gradient":""}},"_joinchat":[]},"product_brand":[],"product_cat":[39,255,41,42,40,112,43],"product_tag":[113,114,50,61,58,53,52],"class_list":{"0":"post-5237","1":"product","2":"type-product","3":"status-publish","4":"has-post-thumbnail","6":"product_cat-france-wholesale-vape","7":"product_cat-merrymi-vapes","8":"product_cat-netherlands-wholesale-vape","9":"product_cat-spain-wholesale-vape","10":"product_cat-germany-wholesale-vape","11":"product_cat-vape-16000-puffs","12":"product_cat-vape-shop","13":"product_tag-16000-puffs","14":"product_tag-16k-puffs","15":"product_tag-bulk-price-vape-shop","16":"product_tag-good-sales-vape","17":"product_tag-moq-50pcs","18":"product_tag-rechargeable-vape","19":"product_tag-vape-wholesasle-price","20":"desktop-align-left","21":"tablet-align-left","22":"mobile-align-left","24":"first","25":"instock","26":"sale","27":"shipping-taxable","28":"purchasable","29":"product-type-simple"},"yoast_head":"<!-- This site is optimized with the Yoast SEO plugin v23.0 - https:\/\/yoast.com\/wordpress\/plugins\/seo\/ -->\n<title>MERRYMi 16000 Disposable Vape Puffs Bulk Discount Top Seller - rmvapebang.com<\/title>\n<meta name=\"description\" content=\"Order MERRYMi 16000 Disposable Vape at bulk discount. Dual mode, Type-C charging, and EU fast shipping\u2014perfect for retailers!\" \/>\n<meta name=\"robots\" content=\"index, follow, max-snippet:-1, max-image-preview:large, max-video-preview:-1\" \/>\n<link rel=\"canonical\" href=\"https:\/\/rmvapebang.com\/da\/product\/merrymi-16000-disposable-vape-puffs-bulk-discount-top-seller\/\" \/>\n<meta property=\"og:locale\" content=\"da_DK\" \/>\n<meta property=\"og:type\" content=\"article\" \/>\n<meta property=\"og:title\" content=\"MERRYMi 16000 Disposable Vape Puffs Bulk Discount Top Seller - rmvapebang.com\" \/>\n<meta property=\"og:description\" content=\"Order MERRYMi 16000 Disposable Vape at bulk discount. Dual mode, Type-C charging, and EU fast shipping\u2014perfect for retailers!\" \/>\n<meta property=\"og:url\" content=\"https:\/\/rmvapebang.com\/da\/product\/merrymi-16000-disposable-vape-puffs-bulk-discount-top-seller\/\" \/>\n<meta property=\"og:site_name\" content=\"rmvapebang.com\" \/>\n<meta property=\"article:modified_time\" content=\"2025-11-12T08:48:08+00:00\" \/>\n<meta property=\"og:image\" content=\"https:\/\/rmvapebang.com\/wp-content\/uploads\/2025\/10\/merrymi-Digital-Vape-16000-puffs-Discount-Sale.webp\" \/>\n\t<meta property=\"og:image:width\" content=\"800\" \/>\n\t<meta property=\"og:image:height\" content=\"800\" \/>\n\t<meta property=\"og:image:type\" content=\"image\/webp\" \/>\n<meta name=\"twitter:card\" content=\"summary_large_image\" \/>\n<meta name=\"twitter:label1\" content=\"Estimeret l\u00e6setid\" \/>\n\t<meta name=\"twitter:data1\" content=\"3 minutter\" \/>\n<script type=\"application\/ld+json\" class=\"yoast-schema-graph\">{\"@context\":\"https:\/\/schema.org\",\"@graph\":[{\"@type\":\"WebPage\",\"@id\":\"https:\/\/rmvapebang.com\/product\/merrymi-16000-disposable-vape-puffs-bulk-discount-top-seller\/\",\"url\":\"https:\/\/rmvapebang.com\/product\/merrymi-16000-disposable-vape-puffs-bulk-discount-top-seller\/\",\"name\":\"MERRYMi 16000 Disposable Vape Puffs Bulk Discount Top Seller - rmvapebang.com\",\"isPartOf\":{\"@id\":\"https:\/\/rmvapebang.com\/#website\"},\"primaryImageOfPage\":{\"@id\":\"https:\/\/rmvapebang.com\/product\/merrymi-16000-disposable-vape-puffs-bulk-discount-top-seller\/#primaryimage\"},\"image\":{\"@id\":\"https:\/\/rmvapebang.com\/product\/merrymi-16000-disposable-vape-puffs-bulk-discount-top-seller\/#primaryimage\"},\"thumbnailUrl\":\"https:\/\/rmvapebang.com\/wp-content\/uploads\/2025\/10\/merrymi-Digital-Vape-16000-puffs-Discount-Sale.webp\",\"datePublished\":\"2025-11-20T07:34:55+00:00\",\"dateModified\":\"2025-11-12T08:48:08+00:00\",\"description\":\"Order MERRYMi 16000 Disposable Vape at bulk discount. Dual mode, Type-C charging, and EU fast shipping\u2014perfect for retailers!\",\"breadcrumb\":{\"@id\":\"https:\/\/rmvapebang.com\/product\/merrymi-16000-disposable-vape-puffs-bulk-discount-top-seller\/#breadcrumb\"},\"inLanguage\":\"da-DK\",\"potentialAction\":[{\"@type\":\"ReadAction\",\"target\":[\"https:\/\/rmvapebang.com\/product\/merrymi-16000-disposable-vape-puffs-bulk-discount-top-seller\/\"]}]},{\"@type\":\"ImageObject\",\"inLanguage\":\"da-DK\",\"@id\":\"https:\/\/rmvapebang.com\/product\/merrymi-16000-disposable-vape-puffs-bulk-discount-top-seller\/#primaryimage\",\"url\":\"https:\/\/rmvapebang.com\/wp-content\/uploads\/2025\/10\/merrymi-Digital-Vape-16000-puffs-Discount-Sale.webp\",\"contentUrl\":\"https:\/\/rmvapebang.com\/wp-content\/uploads\/2025\/10\/merrymi-Digital-Vape-16000-puffs-Discount-Sale.webp\",\"width\":800,\"height\":800,\"caption\":\"merrymi Digital Vape 16000 puffs Discount Sale\"},{\"@type\":\"BreadcrumbList\",\"@id\":\"https:\/\/rmvapebang.com\/product\/merrymi-16000-disposable-vape-puffs-bulk-discount-top-seller\/#breadcrumb\",\"itemListElement\":[{\"@type\":\"ListItem\",\"position\":1,\"name\":\"Home\",\"item\":\"https:\/\/rmvapebang.com\/\"},{\"@type\":\"ListItem\",\"position\":2,\"name\":\"Hot Vape Shop\",\"item\":\"https:\/\/rmvapebang.com\/shop-page\/\"},{\"@type\":\"ListItem\",\"position\":3,\"name\":\"MERRYMi 16000 Disposable Vape Puffs Bulk Discount Top Seller\"}]},{\"@type\":\"WebSite\",\"@id\":\"https:\/\/rmvapebang.com\/#website\",\"url\":\"https:\/\/rmvapebang.com\/\",\"name\":\"rmvapebang.com\",\"description\":\"buy vape cheap\",\"publisher\":{\"@id\":\"https:\/\/rmvapebang.com\/#organization\"},\"potentialAction\":[{\"@type\":\"SearchAction\",\"target\":{\"@type\":\"EntryPoint\",\"urlTemplate\":\"https:\/\/rmvapebang.com\/?s={search_term_string}\"},\"query-input\":\"required name=search_term_string\"}],\"inLanguage\":\"da-DK\"},{\"@type\":\"Organization\",\"@id\":\"https:\/\/rmvapebang.com\/#organization\",\"name\":\"rmvapebang.com\",\"url\":\"https:\/\/rmvapebang.com\/\",\"logo\":{\"@type\":\"ImageObject\",\"inLanguage\":\"da-DK\",\"@id\":\"https:\/\/rmvapebang.com\/#\/schema\/logo\/image\/\",\"url\":\"https:\/\/rmvapebang.com\/wp-content\/uploads\/2024\/03\/cropped-RVBlogo.png\",\"contentUrl\":\"https:\/\/rmvapebang.com\/wp-content\/uploads\/2024\/03\/cropped-RVBlogo.png\",\"width\":507,\"height\":169,\"caption\":\"rmvapebang.com\"},\"image\":{\"@id\":\"https:\/\/rmvapebang.com\/#\/schema\/logo\/image\/\"}}]}<\/script>\n<!-- \/ Yoast SEO plugin. -->","yoast_head_json":{"title":"MERRYMi 16000 Disposable Vape Puffs Bulk Discount Top Seller - rmvapebang.com","description":"Order MERRYMi 16000 Disposable Vape at bulk discount. Dual mode, Type-C charging, and EU fast shipping\u2014perfect for retailers!","robots":{"index":"index","follow":"follow","max-snippet":"max-snippet:-1","max-image-preview":"max-image-preview:large","max-video-preview":"max-video-preview:-1"},"canonical":"https:\/\/rmvapebang.com\/da\/product\/merrymi-16000-disposable-vape-puffs-bulk-discount-top-seller\/","og_locale":"da_DK","og_type":"article","og_title":"MERRYMi 16000 Disposable Vape Puffs Bulk Discount Top Seller - rmvapebang.com","og_description":"Order MERRYMi 16000 Disposable Vape at bulk discount. Dual mode, Type-C charging, and EU fast shipping\u2014perfect for retailers!","og_url":"https:\/\/rmvapebang.com\/da\/product\/merrymi-16000-disposable-vape-puffs-bulk-discount-top-seller\/","og_site_name":"rmvapebang.com","article_modified_time":"2025-11-12T08:48:08+00:00","og_image":[{"width":800,"height":800,"url":"https:\/\/rmvapebang.com\/wp-content\/uploads\/2025\/10\/merrymi-Digital-Vape-16000-puffs-Discount-Sale.webp","type":"image\/webp"}],"twitter_card":"summary_large_image","twitter_misc":{"Estimeret l\u00e6setid":"3 minutter"},"schema":{"@context":"https:\/\/schema.org","@graph":[{"@type":"WebPage","@id":"https:\/\/rmvapebang.com\/product\/merrymi-16000-disposable-vape-puffs-bulk-discount-top-seller\/","url":"https:\/\/rmvapebang.com\/product\/merrymi-16000-disposable-vape-puffs-bulk-discount-top-seller\/","name":"MERRYMi 16000 Disposable Vape Puffs Bulk Discount Top Seller - rmvapebang.com","isPartOf":{"@id":"https:\/\/rmvapebang.com\/#website"},"primaryImageOfPage":{"@id":"https:\/\/rmvapebang.com\/product\/merrymi-16000-disposable-vape-puffs-bulk-discount-top-seller\/#primaryimage"},"image":{"@id":"https:\/\/rmvapebang.com\/product\/merrymi-16000-disposable-vape-puffs-bulk-discount-top-seller\/#primaryimage"},"thumbnailUrl":"https:\/\/rmvapebang.com\/wp-content\/uploads\/2025\/10\/merrymi-Digital-Vape-16000-puffs-Discount-Sale.webp","datePublished":"2025-11-20T07:34:55+00:00","dateModified":"2025-11-12T08:48:08+00:00","description":"Order MERRYMi 16000 Disposable Vape at bulk discount. Dual mode, Type-C charging, and EU fast shipping\u2014perfect for retailers!","breadcrumb":{"@id":"https:\/\/rmvapebang.com\/product\/merrymi-16000-disposable-vape-puffs-bulk-discount-top-seller\/#breadcrumb"},"inLanguage":"da-DK","potentialAction":[{"@type":"ReadAction","target":["https:\/\/rmvapebang.com\/product\/merrymi-16000-disposable-vape-puffs-bulk-discount-top-seller\/"]}]},{"@type":"ImageObject","inLanguage":"da-DK","@id":"https:\/\/rmvapebang.com\/product\/merrymi-16000-disposable-vape-puffs-bulk-discount-top-seller\/#primaryimage","url":"https:\/\/rmvapebang.com\/wp-content\/uploads\/2025\/10\/merrymi-Digital-Vape-16000-puffs-Discount-Sale.webp","contentUrl":"https:\/\/rmvapebang.com\/wp-content\/uploads\/2025\/10\/merrymi-Digital-Vape-16000-puffs-Discount-Sale.webp","width":800,"height":800,"caption":"merrymi Digital Vape 16000 puffs Discount Sale"},{"@type":"BreadcrumbList","@id":"https:\/\/rmvapebang.com\/product\/merrymi-16000-disposable-vape-puffs-bulk-discount-top-seller\/#breadcrumb","itemListElement":[{"@type":"ListItem","position":1,"name":"Home","item":"https:\/\/rmvapebang.com\/"},{"@type":"ListItem","position":2,"name":"Hot Vape Shop","item":"https:\/\/rmvapebang.com\/shop-page\/"},{"@type":"ListItem","position":3,"name":"MERRYMi 16000 Disposable Vape Puffs Bulk Discount Top Seller"}]},{"@type":"WebSite","@id":"https:\/\/rmvapebang.com\/#website","url":"https:\/\/rmvapebang.com\/","name":"rmvapebang.com","description":"buy vape cheap","publisher":{"@id":"https:\/\/rmvapebang.com\/#organization"},"potentialAction":[{"@type":"SearchAction","target":{"@type":"EntryPoint","urlTemplate":"https:\/\/rmvapebang.com\/?s={search_term_string}"},"query-input":"required name=search_term_string"}],"inLanguage":"da-DK"},{"@type":"Organization","@id":"https:\/\/rmvapebang.com\/#organization","name":"rmvapebang.com","url":"https:\/\/rmvapebang.com\/","logo":{"@type":"ImageObject","inLanguage":"da-DK","@id":"https:\/\/rmvapebang.com\/#\/schema\/logo\/image\/","url":"https:\/\/rmvapebang.com\/wp-content\/uploads\/2024\/03\/cropped-RVBlogo.png","contentUrl":"https:\/\/rmvapebang.com\/wp-content\/uploads\/2024\/03\/cropped-RVBlogo.png","width":507,"height":169,"caption":"rmvapebang.com"},"image":{"@id":"https:\/\/rmvapebang.com\/#\/schema\/logo\/image\/"}}]}},"uagb_featured_image_src":{"full":["https:\/\/rmvapebang.com\/wp-content\/uploads\/2025\/10\/merrymi-Digital-Vape-16000-puffs-Discount-Sale.webp",800,800,false],"thumbnail":["https:\/\/rmvapebang.com\/wp-content\/uploads\/2025\/10\/merrymi-Digital-Vape-16000-puffs-Discount-Sale-150x150.webp",150,150,true],"medium":["https:\/\/rmvapebang.com\/wp-content\/uploads\/2025\/10\/merrymi-Digital-Vape-16000-puffs-Discount-Sale-300x300.webp",300,300,true],"medium_large":["https:\/\/rmvapebang.com\/wp-content\/uploads\/2025\/10\/merrymi-Digital-Vape-16000-puffs-Discount-Sale-768x768.webp",768,768,true],"large":["https:\/\/rmvapebang.com\/wp-content\/uploads\/2025\/10\/merrymi-Digital-Vape-16000-puffs-Discount-Sale.webp",800,800,false],"1536x1536":["https:\/\/rmvapebang.com\/wp-content\/uploads\/2025\/10\/merrymi-Digital-Vape-16000-puffs-Discount-Sale.webp",800,800,false],"2048x2048":["https:\/\/rmvapebang.com\/wp-content\/uploads\/2025\/10\/merrymi-Digital-Vape-16000-puffs-Discount-Sale.webp",800,800,false],"trp-custom-language-flag":["https:\/\/rmvapebang.com\/wp-content\/uploads\/2025\/10\/merrymi-Digital-Vape-16000-puffs-Discount-Sale-12x12.webp",12,12,true],"woocommerce_thumbnail":["https:\/\/rmvapebang.com\/wp-content\/uploads\/2025\/10\/merrymi-Digital-Vape-16000-puffs-Discount-Sale-300x300.webp",300,300,true],"woocommerce_single":["https:\/\/rmvapebang.com\/wp-content\/uploads\/2025\/10\/merrymi-Digital-Vape-16000-puffs-Discount-Sale-600x600.webp",600,600,true],"woocommerce_gallery_thumbnail":["https:\/\/rmvapebang.com\/wp-content\/uploads\/2025\/10\/merrymi-Digital-Vape-16000-puffs-Discount-Sale-100x100.webp",100,100,true],"wcpr-photo-reviews":["https:\/\/rmvapebang.com\/wp-content\/uploads\/2025\/10\/merrymi-Digital-Vape-16000-puffs-Discount-Sale.webp",500,500,false]},"uagb_author_info":{"display_name":"Lyn","author_link":"https:\/\/rmvapebang.com\/da\/author\/"},"uagb_comment_info":0,"uagb_excerpt":"NOTE: Prices on the website don\u2019t include shipping fee. Please send your zip code and address that we can check shipping costs for you. MERRYMi 16000 stands out with power, dual airflow, and modern design. A trusted disposable vape for EU wholesalers, offering both high margins and strong customer appeal. Whatsapp:+86 17840853976 Scan on whatsapp&hellip;","_links":{"self":[{"href":"https:\/\/rmvapebang.com\/da\/wp-json\/wp\/v2\/product\/5237","targetHints":{"allow":["GET"]}}],"collection":[{"href":"https:\/\/rmvapebang.com\/da\/wp-json\/wp\/v2\/product"}],"about":[{"href":"https:\/\/rmvapebang.com\/da\/wp-json\/wp\/v2\/types\/product"}],"replies":[{"embeddable":true,"href":"https:\/\/rmvapebang.com\/da\/wp-json\/wp\/v2\/comments?post=5237"}],"wp:featuredmedia":[{"embeddable":true,"href":"https:\/\/rmvapebang.com\/da\/wp-json\/wp\/v2\/media\/5208"}],"wp:attachment":[{"href":"https:\/\/rmvapebang.com\/da\/wp-json\/wp\/v2\/media?parent=5237"}],"wp:term":[{"taxonomy":"product_brand","embeddable":true,"href":"https:\/\/rmvapebang.com\/da\/wp-json\/wp\/v2\/product_brand?post=5237"},{"taxonomy":"product_cat","embeddable":true,"href":"https:\/\/rmvapebang.com\/da\/wp-json\/wp\/v2\/product_cat?post=5237"},{"taxonomy":"product_tag","embeddable":true,"href":"https:\/\/rmvapebang.com\/da\/wp-json\/wp\/v2\/product_tag?post=5237"}],"curies":[{"name":"wp","href":"https:\/\/api.w.org\/{rel}","templated":true}]}}