{"id":5100,"date":"2025-10-09T15:32:46","date_gmt":"2025-10-09T07:32:46","guid":{"rendered":"https:\/\/rmvapebang.com\/?post_type=product&#038;p=5100"},"modified":"2026-04-06T19:44:12","modified_gmt":"2026-04-06T11:44:12","slug":"uzy-crystal-100000-puffs-disposable-vape-4-in-1-bulk-sale","status":"publish","type":"product","link":"https:\/\/rmvapebang.com\/da\/product\/uzy-crystal-100000-puffs-disposable-vape-4-in-1-bulk-sale\/","title":{"rendered":"UZY Crystal 100000 Puffs engangs vape 4 i 1 engros salg"},"content":{"rendered":"<h2 style=\"text-align: left\">UZY Crystal 100000 Puffs engangs vape 4 i 1 engros salg<\/h2>\n<p>UZY Crystal 100000 Puffs engangs vape 4 i 1 bulk salg er designet til vapere, der \u00f8nsker maksimal ydeevne, og forhandlere, der s\u00f8ger st\u00e6rke grossistmuligheder i Europa. Crystal 100000 vape har op til 100000 puffs kapacitet, digital sk\u00e6rm, 100000 puffs vape sikrer langvarig brug, mens quad mesh coil 1.0ohm giver glat smagslevering i alle sessioner.<\/p>\n<p>Vapen med <a href=\"https:\/\/rmvapebang.com\/da\/product-category\/uzy-vapes\/\"><strong>vape fra UZY<\/strong><\/a> digital 100000 puffs crystal vape innovativt 4 i 1 smagsystem giver brugerne fleksibilitet til nemt at skifte mellem smage, hvilket g\u00f8r UZY 100k vape til en af de mest solgte 100000 puffs vape i Europa. En smart digital sk\u00e6rm <a href=\"https:\/\/rmvapebang.com\/da\/shop-page\/?filter_puff=100000-puff\"><strong>engangs vape 100000 puffs<\/strong><\/a> viser tydeligt e-v\u00e6ske- og batteriniveauer, hvilket fjerner g\u00e6tteri. Det krystalklare design tilf\u00f8jer stil, mens det genopladelige 650mAh Type-C batteri opretholder ydeevnen konsekvent.<\/p>\n<p>Bulkpris med bulk-venlig emballage og p\u00e5lidelig konstruktion, denne crystal 100000 puffs engangs vape appellerer til b\u00e5de daglige brugere og bulk-k\u00f8bere, der s\u00f8ger profitklar lagerbeholdning.<\/p>\n<p><img loading=\"lazy\" decoding=\"async\" class=\"alignnone wp-image-5051\" src=\"http:\/\/rmvapebang.com\/wp-content\/uploads\/2025\/09\/UZY-4-in-1-digital-display-100k-PUFFS-Top-Seller-Vape-Wholesale.webp\" alt=\"UZY 4 i 1 digital display 100k PUFFERe Top-s\u00e6lger Vape Engros\" width=\"900\" height=\"551\" srcset=\"https:\/\/rmvapebang.com\/wp-content\/uploads\/2025\/09\/UZY-4-in-1-digital-display-100k-PUFFS-Top-Seller-Vape-Wholesale.webp 800w, https:\/\/rmvapebang.com\/wp-content\/uploads\/2025\/09\/UZY-4-in-1-digital-display-100k-PUFFS-Top-Seller-Vape-Wholesale-300x184.webp 300w, https:\/\/rmvapebang.com\/wp-content\/uploads\/2025\/09\/UZY-4-in-1-digital-display-100k-PUFFS-Top-Seller-Vape-Wholesale-768x470.webp 768w, https:\/\/rmvapebang.com\/wp-content\/uploads\/2025\/09\/UZY-4-in-1-digital-display-100k-PUFFS-Top-Seller-Vape-Wholesale-18x12.webp 18w, https:\/\/rmvapebang.com\/wp-content\/uploads\/2025\/09\/UZY-4-in-1-digital-display-100k-PUFFS-Top-Seller-Vape-Wholesale-600x368.webp 600w\" sizes=\"auto, (max-width: 900px) 100vw, 900px\" \/><\/p>\n<h2>Digital UZY 100000 puffs h\u00f8jdepunkter<\/h2>\n<p>\ud83d\udc8e Krystaldesign med moderne stil<br \/>\n\ud83d\udcf1 Smart sk\u00e6rm til e-v\u00e6ske- og batterioverv\u00e5gning<br \/>\n\ud83c\udf53 4-i-1 smagsvarianter, 10 unikke muligheder<br \/>\n\ud83d\udd0b Genopladeligt 650mAh med Type-C port<br \/>\n\ud83c\udf2c\ufe0f Quad mesh coil for glattere damp<\/p>\n<h2><strong>Smage til Crystal 100000 puffs engangs vape?<\/strong><\/h2>\n<p>1. Jordb\u00e6r vandmelon &amp; Blue RazzIce &amp; Bl\u00e5b\u00e6r Hindb\u00e6r &amp; Kirseb\u00e6r &amp; Fizzcherry is<br \/>\n2. Fersk ice &amp; Bl\u00e5b\u00e6r Kirseb\u00e6r &amp; Energidrik &amp; Vandmelon Litchi<br \/>\n3. Bl\u00e5b\u00e6r ice &amp; Jordb\u00e6r Banan &amp; To \u00e6bler &amp; Skittles<br \/>\n4. Kirseb\u00e6r ice &amp; Drue ice &amp; Passionfrugt Mango &amp; Love 66<br \/>\n5. Bl\u00e5b\u00e6r ice &amp; Mango Fersken Aprikos &amp; Kiwi Passionfrugt Guava &amp; Hvid Fersken Razz<br \/>\n6. Fersken Mango Ananas &amp; Bl\u00e5b\u00e6r Hindb\u00e6r &amp; Citron Lime &amp; Vandmelon BubbleGum<br \/>\n7.Blandet B\u00e6r &amp; Passionfrugt Kiwi Lime &amp; Traneb\u00e6r Drupe &amp; Jordb\u00e6r Kiwi<br \/>\n8.Jordb\u00e6r is &amp; Gumny Bear &amp; Vandmelon Dragefrugt &amp; Bl\u00e5b\u00e6r Kiwwi<br \/>\n9.Vandmelon is &amp; Bl\u00e5 Razz Kirseb\u00e6r &amp; Vandmelon Sur Pebermynte &amp; Passionfrugt Kiwi<br \/>\n10.Jordb\u00e6r Mango &amp; MR Blue &amp; Sommerpeach is &amp; Sort is<\/p>\n<h2>Specifikationer for UZY Crystal <strong>100000 <\/strong>Pust:<\/h2>\n<ul>\n<li>Pust: <em><strong><span style=\"color: #ff0000\">100000<\/span><\/strong><\/em><\/li>\n<li><span style=\"color: #ff0000\"><em><strong>10<\/strong> <\/em><\/span>Smagsvarianter<\/li>\n<li><span style=\"color: #ff0000\"><strong><em>2%\/5%<\/em><\/strong><\/span> Nikotinstyrke<\/li>\n<li>E-v\u00e6ske: <em><strong><span style=\"color: #ff0000\">56ml<\/span><\/strong><\/em><\/li>\n<li>Smagsvarianter: 4-i-1 smagsvarianter*10<\/li>\n<li>Batteri: <span style=\"color: #ff0000\"><em><strong>650mAh<\/strong> <\/em><\/span>Genopladelig (Type-C)<\/li>\n<\/ul>\n<h2>FAQ:<\/h2>\n<p><strong>Q: Er denne UZY crystal 100k sug model egnet til bulkindk\u00f8b i Danmark?<br \/>\n<\/strong><\/p>\n<p>A: Ja, 100k sug om UZY crystal digitale vape er designet til bulkbestillinger med stabil kvalitet og h\u00f8je eftersp\u00f8rgsels smagsmuligheder.<\/p>\n<p><strong>Q: Hvor lang tid varer opladningen af engangs UZY 100k vape?<\/strong><\/p>\n<p>A: Det 650mAh batteri varer gennem lange sessioner og oplades hurtigt med Type-C.<\/p>\n<p><strong>Q: Hvor mange smagsvarianter er inkluderet i UZY digitale 100000 sug vape?<\/strong><\/p>\n<p>A: Hver krystalvep af 100000 sug kommer med 4 smagsvarianter i \u00e9n enhed, der tilbyder 10 s\u00e6t variationer.<\/p>\n<p><strong>Q: Hvad g\u00f8r engangs vape 100000 sug attraktiv for forhandlere?<\/strong><\/p>\n<p>A: Det store sugantal, stilfuldt design og konsistent ydeevne maksimerer profitmarginerne.<\/p>\n<p><strong>Kontakt Lyn for flere produktvideoer!<\/strong><\/p>\n<p><a href=\"https:\/\/wa.me\/8617840853976\"><span style=\"color: #ff6600\"><strong><em>Whatsapp:+86 17840853976<\/em><\/strong><\/span><\/a><\/p>\n<p><img loading=\"lazy\" decoding=\"async\" class=\"alignnone size-medium wp-image-1905\" src=\"http:\/\/rmvapebang.com\/wp-content\/uploads\/2024\/03\/whatsapp-vape-2-202x300.jpg\" alt=\"\" width=\"202\" height=\"300\" \/><\/p>\n<p>Find flere produkter, du m\u00e5ske kan lide:<a href=\"https:\/\/rmvapebang.com\/da\/shop-page\/\"><strong><em>K\u00f8b nu<\/em><\/strong><\/a><\/p>\n<p>Andre puff du m\u00e5ske kan lide:<a href=\"https:\/\/rmvapebang.com\/da\/product\/waspe-3-in-1-60k-puffs-factory-direct-supply-great-sale\/\">waspe 60k tredobbelte smage<\/a><a href=\"https:\/\/rmvapebang.com\/da\/product\/bangking-triple-45k-puffs-best-price-for-bulk-orders-hot-sale\/\">\/<\/a><a href=\"https:\/\/rmvapebang.com\/da\/product\/bang-legend-disposable-vape-120000-puffs-bulk-sale\/\">bang legend 120000 pust vape<\/a>\/<a href=\"https:\/\/rmvapebang.com\/da\/product\/uzy-crystal-twin-50k-dual-flavors-high-repurchase-rate-special-offer\/\">UZY crystal 50000 pust<\/a>\/<a href=\"https:\/\/rmvapebang.com\/da\/product\/posh-pro-max-30000-puff-smart-display-disposable-vape-bulk-sale\/\">posh 30000 sug vape<\/a>\/<a href=\"https:\/\/rmvapebang.com\/da\/product\/bang-blaze-disposable-wholesael-sale-1000000-puffs-digital-vape\/\">bang blaze 100000 tornado vape<\/a><\/p>","protected":false},"excerpt":{"rendered":"<p data-start=\"1244\" data-end=\"1417\"><a href=\"https:\/\/youtube.com\/shorts\/EoW6zL6xJbw?feature=share\"><img loading=\"lazy\" decoding=\"async\" class=\"alignnone wp-image-5186\" src=\"http:\/\/rmvapebang.com\/wp-content\/uploads\/2025\/10\/a4c354e0-4ce5-4b6c-bd3b-1346a98f21131.png\" alt=\"\" width=\"540\" height=\"108\" srcset=\"https:\/\/rmvapebang.com\/wp-content\/uploads\/2025\/10\/a4c354e0-4ce5-4b6c-bd3b-1346a98f21131.png 800w, https:\/\/rmvapebang.com\/wp-content\/uploads\/2025\/10\/a4c354e0-4ce5-4b6c-bd3b-1346a98f21131-300x60.png 300w, https:\/\/rmvapebang.com\/wp-content\/uploads\/2025\/10\/a4c354e0-4ce5-4b6c-bd3b-1346a98f21131-768x154.png 768w, https:\/\/rmvapebang.com\/wp-content\/uploads\/2025\/10\/a4c354e0-4ce5-4b6c-bd3b-1346a98f21131-18x4.png 18w, https:\/\/rmvapebang.com\/wp-content\/uploads\/2025\/10\/a4c354e0-4ce5-4b6c-bd3b-1346a98f21131-600x120.png 600w\" sizes=\"auto, (max-width: 540px) 100vw, 540px\" \/><\/a><\/p>\n<p data-start=\"1244\" data-end=\"1417\"><span style=\"color: #ff0000\"><em><strong>BEM\u00c6RK<\/strong>: Priserne p\u00e5 hjemmesiden inkluderer ikke forsendelsesgebyr. Send venligst dit postnummer og adresse, s\u00e5 vi kan tjekke forsendelsesomkostningerne for dig.<\/em><\/span><br \/>\nFor europ\u00e6iske grossister leverer UZY Crystal 100000 puffs vape stil, variation og langvarig kraft\u2014perfekt til at \u00f8ge detailappellen og sikre stabile, rentable salg i bulk.<\/p>\n<p><a href=\"https:\/\/wa.me\/8617840853976\"><strong><em>Whatsapp:+86 17840853976<\/em><\/strong><\/a><\/p>\n<p><img loading=\"lazy\" decoding=\"async\" class=\"alignnone size-medium wp-image-1905\" src=\"http:\/\/rmvapebang.com\/wp-content\/uploads\/2024\/03\/whatsapp-vape-2-202x300.jpg\" alt=\"\" width=\"202\" height=\"300\" \/><br \/>\n<strong>Scan p\u00e5 whatsapp for Ny Kunde kupon<\/strong><\/p>","protected":false},"featured_media":5054,"comment_status":"open","ping_status":"closed","template":"","meta":{"_uag_custom_page_level_css":"","_lmt_disableupdate":"no","_lmt_disable":"","site-sidebar-layout":"no-sidebar","site-content-layout":"boxed-container","ast-site-content-layout":"normal-width-container","site-content-style":"boxed","site-sidebar-style":"boxed","ast-global-header-display":"","ast-banner-title-visibility":"","ast-main-header-display":"","ast-hfb-above-header-display":"","ast-hfb-below-header-display":"","ast-hfb-mobile-header-display":"","site-post-title":"","ast-breadcrumbs-content":"","ast-featured-img":"","footer-sml-layout":"","theme-transparent-header-meta":"default","adv-header-id-meta":"","stick-header-meta":"","header-above-stick-meta":"","header-main-stick-meta":"","header-below-stick-meta":"","astra-migrate-meta-layouts":"set","ast-page-background-enabled":"default","ast-page-background-meta":{"desktop":{"background-color":"","background-image":"","background-repeat":"repeat","background-position":"center center","background-size":"auto","background-attachment":"scroll","background-type":"","background-media":"","overlay-type":"","overlay-color":"","overlay-gradient":""},"tablet":{"background-color":"","background-image":"","background-repeat":"repeat","background-position":"center center","background-size":"auto","background-attachment":"scroll","background-type":"","background-media":"","overlay-type":"","overlay-color":"","overlay-gradient":""},"mobile":{"background-color":"","background-image":"","background-repeat":"repeat","background-position":"center center","background-size":"auto","background-attachment":"scroll","background-type":"","background-media":"","overlay-type":"","overlay-color":"","overlay-gradient":""}},"ast-content-background-meta":{"desktop":{"background-color":"var(--ast-global-color-5)","background-image":"","background-repeat":"repeat","background-position":"center center","background-size":"auto","background-attachment":"scroll","background-type":"","background-media":"","overlay-type":"","overlay-color":"","overlay-gradient":""},"tablet":{"background-color":"var(--ast-global-color-5)","background-image":"","background-repeat":"repeat","background-position":"center center","background-size":"auto","background-attachment":"scroll","background-type":"","background-media":"","overlay-type":"","overlay-color":"","overlay-gradient":""},"mobile":{"background-color":"var(--ast-global-color-5)","background-image":"","background-repeat":"repeat","background-position":"center center","background-size":"auto","background-attachment":"scroll","background-type":"","background-media":"","overlay-type":"","overlay-color":"","overlay-gradient":""}},"_joinchat":[]},"product_brand":[],"product_cat":[15,115,130,39,41,42,40,131,129,87,159,43],"product_tag":[161,160,50,61,58,53,52],"class_list":{"0":"post-5100","1":"product","2":"type-product","3":"status-publish","4":"has-post-thumbnail","6":"product_cat-eu-warehouse","7":"product_cat-crystal-vape","8":"product_cat-digital-vapes-in-discount-price","9":"product_cat-france-wholesale-vape","10":"product_cat-netherlands-wholesale-vape","11":"product_cat-spain-wholesale-vape","12":"product_cat-germany-wholesale-vape","13":"product_cat-tornado-vape-wholesale-price-hot-sale","14":"product_cat-tornado-vapes","15":"product_cat-uzy-vapes","16":"product_cat-vape-100000-puffs","17":"product_cat-vape-shop","18":"product_tag-100000-puffs","19":"product_tag-100k-puffs","20":"product_tag-bulk-price-vape-shop","21":"product_tag-good-sales-vape","22":"product_tag-moq-50pcs","23":"product_tag-rechargeable-vape","24":"product_tag-vape-wholesasle-price","25":"desktop-align-left","26":"tablet-align-left","27":"mobile-align-left","29":"first","30":"instock","31":"sale","32":"shipping-taxable","33":"purchasable","34":"product-type-simple"},"yoast_head":"<!-- This site is optimized with the Yoast SEO plugin v23.0 - https:\/\/yoast.com\/wordpress\/plugins\/seo\/ -->\n<title>UZY Crystal 100000 Puffs Disposable Vape 4 in 1 Bulk Sale - rmvapebang.com<\/title>\n<meta name=\"description\" content=\"Order UZY Crystal 100000 puffs disposable vape with smart screen and 4-in-1 flavors. Best bulk sale deal for European wholesale buyers today.\" \/>\n<meta name=\"robots\" content=\"index, follow, max-snippet:-1, max-image-preview:large, max-video-preview:-1\" \/>\n<link rel=\"canonical\" href=\"https:\/\/rmvapebang.com\/da\/product\/uzy-crystal-100000-puffs-disposable-vape-4-in-1-bulk-sale\/\" \/>\n<meta property=\"og:locale\" content=\"da_DK\" \/>\n<meta property=\"og:type\" content=\"article\" \/>\n<meta property=\"og:title\" content=\"UZY Crystal 100000 Puffs Disposable Vape 4 in 1 Bulk Sale - rmvapebang.com\" \/>\n<meta property=\"og:description\" content=\"Order UZY Crystal 100000 puffs disposable vape with smart screen and 4-in-1 flavors. Best bulk sale deal for European wholesale buyers today.\" \/>\n<meta property=\"og:url\" content=\"https:\/\/rmvapebang.com\/da\/product\/uzy-crystal-100000-puffs-disposable-vape-4-in-1-bulk-sale\/\" \/>\n<meta property=\"og:site_name\" content=\"rmvapebang.com\" \/>\n<meta property=\"article:modified_time\" content=\"2026-04-06T11:44:12+00:00\" \/>\n<meta property=\"og:image\" content=\"http:\/\/rmvapebang.com\/wp-content\/uploads\/2025\/09\/UZY-4-in-1-digital-display-puffs-100000-Best-Disposable-Vape-for-Sale.webp\" \/>\n\t<meta property=\"og:image:width\" content=\"800\" \/>\n\t<meta property=\"og:image:height\" content=\"800\" \/>\n\t<meta property=\"og:image:type\" content=\"image\/webp\" \/>\n<meta name=\"twitter:card\" content=\"summary_large_image\" \/>\n<meta name=\"twitter:label1\" content=\"Estimeret l\u00e6setid\" \/>\n\t<meta name=\"twitter:data1\" content=\"3 minutter\" \/>\n<script type=\"application\/ld+json\" class=\"yoast-schema-graph\">{\"@context\":\"https:\/\/schema.org\",\"@graph\":[{\"@type\":\"WebPage\",\"@id\":\"https:\/\/rmvapebang.com\/product\/uzy-crystal-100000-puffs-disposable-vape-4-in-1-bulk-sale\/\",\"url\":\"https:\/\/rmvapebang.com\/product\/uzy-crystal-100000-puffs-disposable-vape-4-in-1-bulk-sale\/\",\"name\":\"UZY Crystal 100000 Puffs Disposable Vape 4 in 1 Bulk Sale - rmvapebang.com\",\"isPartOf\":{\"@id\":\"https:\/\/rmvapebang.com\/#website\"},\"primaryImageOfPage\":{\"@id\":\"https:\/\/rmvapebang.com\/product\/uzy-crystal-100000-puffs-disposable-vape-4-in-1-bulk-sale\/#primaryimage\"},\"image\":{\"@id\":\"https:\/\/rmvapebang.com\/product\/uzy-crystal-100000-puffs-disposable-vape-4-in-1-bulk-sale\/#primaryimage\"},\"thumbnailUrl\":\"https:\/\/rmvapebang.com\/wp-content\/uploads\/2025\/09\/UZY-4-in-1-digital-display-puffs-100000-Best-Disposable-Vape-for-Sale.webp\",\"datePublished\":\"2025-10-09T07:32:46+00:00\",\"dateModified\":\"2026-04-06T11:44:12+00:00\",\"description\":\"Order UZY Crystal 100000 puffs disposable vape with smart screen and 4-in-1 flavors. Best bulk sale deal for European wholesale buyers today.\",\"breadcrumb\":{\"@id\":\"https:\/\/rmvapebang.com\/product\/uzy-crystal-100000-puffs-disposable-vape-4-in-1-bulk-sale\/#breadcrumb\"},\"inLanguage\":\"da-DK\",\"potentialAction\":[{\"@type\":\"ReadAction\",\"target\":[\"https:\/\/rmvapebang.com\/product\/uzy-crystal-100000-puffs-disposable-vape-4-in-1-bulk-sale\/\"]}]},{\"@type\":\"ImageObject\",\"inLanguage\":\"da-DK\",\"@id\":\"https:\/\/rmvapebang.com\/product\/uzy-crystal-100000-puffs-disposable-vape-4-in-1-bulk-sale\/#primaryimage\",\"url\":\"https:\/\/rmvapebang.com\/wp-content\/uploads\/2025\/09\/UZY-4-in-1-digital-display-puffs-100000-Best-Disposable-Vape-for-Sale.webp\",\"contentUrl\":\"https:\/\/rmvapebang.com\/wp-content\/uploads\/2025\/09\/UZY-4-in-1-digital-display-puffs-100000-Best-Disposable-Vape-for-Sale.webp\",\"width\":800,\"height\":800,\"caption\":\"UZY 4 in 1 digital display puffs 100000 Best Disposable Vape for Sale\"},{\"@type\":\"BreadcrumbList\",\"@id\":\"https:\/\/rmvapebang.com\/product\/uzy-crystal-100000-puffs-disposable-vape-4-in-1-bulk-sale\/#breadcrumb\",\"itemListElement\":[{\"@type\":\"ListItem\",\"position\":1,\"name\":\"Home\",\"item\":\"https:\/\/rmvapebang.com\/\"},{\"@type\":\"ListItem\",\"position\":2,\"name\":\"Hot Vape Shop\",\"item\":\"https:\/\/rmvapebang.com\/shop-page\/\"},{\"@type\":\"ListItem\",\"position\":3,\"name\":\"UZY Crystal 100000 Puffs Disposable Vape 4 in 1 Bulk Sale\"}]},{\"@type\":\"WebSite\",\"@id\":\"https:\/\/rmvapebang.com\/#website\",\"url\":\"https:\/\/rmvapebang.com\/\",\"name\":\"rmvapebang.com\",\"description\":\"buy vape cheap\",\"publisher\":{\"@id\":\"https:\/\/rmvapebang.com\/#organization\"},\"potentialAction\":[{\"@type\":\"SearchAction\",\"target\":{\"@type\":\"EntryPoint\",\"urlTemplate\":\"https:\/\/rmvapebang.com\/?s={search_term_string}\"},\"query-input\":\"required name=search_term_string\"}],\"inLanguage\":\"da-DK\"},{\"@type\":\"Organization\",\"@id\":\"https:\/\/rmvapebang.com\/#organization\",\"name\":\"rmvapebang.com\",\"url\":\"https:\/\/rmvapebang.com\/\",\"logo\":{\"@type\":\"ImageObject\",\"inLanguage\":\"da-DK\",\"@id\":\"https:\/\/rmvapebang.com\/#\/schema\/logo\/image\/\",\"url\":\"https:\/\/rmvapebang.com\/wp-content\/uploads\/2024\/03\/cropped-RVBlogo.png\",\"contentUrl\":\"https:\/\/rmvapebang.com\/wp-content\/uploads\/2024\/03\/cropped-RVBlogo.png\",\"width\":507,\"height\":169,\"caption\":\"rmvapebang.com\"},\"image\":{\"@id\":\"https:\/\/rmvapebang.com\/#\/schema\/logo\/image\/\"}}]}<\/script>\n<!-- \/ Yoast SEO plugin. -->","yoast_head_json":{"title":"UZY Crystal 100000 Puffs Disposable Vape 4 in 1 Bulk Sale - rmvapebang.com","description":"Order UZY Crystal 100000 puffs disposable vape with smart screen and 4-in-1 flavors. Best bulk sale deal for European wholesale buyers today.","robots":{"index":"index","follow":"follow","max-snippet":"max-snippet:-1","max-image-preview":"max-image-preview:large","max-video-preview":"max-video-preview:-1"},"canonical":"https:\/\/rmvapebang.com\/da\/product\/uzy-crystal-100000-puffs-disposable-vape-4-in-1-bulk-sale\/","og_locale":"da_DK","og_type":"article","og_title":"UZY Crystal 100000 Puffs Disposable Vape 4 in 1 Bulk Sale - rmvapebang.com","og_description":"Order UZY Crystal 100000 puffs disposable vape with smart screen and 4-in-1 flavors. Best bulk sale deal for European wholesale buyers today.","og_url":"https:\/\/rmvapebang.com\/da\/product\/uzy-crystal-100000-puffs-disposable-vape-4-in-1-bulk-sale\/","og_site_name":"rmvapebang.com","article_modified_time":"2026-04-06T11:44:12+00:00","og_image":[{"width":800,"height":800,"url":"http:\/\/rmvapebang.com\/wp-content\/uploads\/2025\/09\/UZY-4-in-1-digital-display-puffs-100000-Best-Disposable-Vape-for-Sale.webp","type":"image\/webp"}],"twitter_card":"summary_large_image","twitter_misc":{"Estimeret l\u00e6setid":"3 minutter"},"schema":{"@context":"https:\/\/schema.org","@graph":[{"@type":"WebPage","@id":"https:\/\/rmvapebang.com\/product\/uzy-crystal-100000-puffs-disposable-vape-4-in-1-bulk-sale\/","url":"https:\/\/rmvapebang.com\/product\/uzy-crystal-100000-puffs-disposable-vape-4-in-1-bulk-sale\/","name":"UZY Crystal 100000 Puffs Disposable Vape 4 in 1 Bulk Sale - rmvapebang.com","isPartOf":{"@id":"https:\/\/rmvapebang.com\/#website"},"primaryImageOfPage":{"@id":"https:\/\/rmvapebang.com\/product\/uzy-crystal-100000-puffs-disposable-vape-4-in-1-bulk-sale\/#primaryimage"},"image":{"@id":"https:\/\/rmvapebang.com\/product\/uzy-crystal-100000-puffs-disposable-vape-4-in-1-bulk-sale\/#primaryimage"},"thumbnailUrl":"https:\/\/rmvapebang.com\/wp-content\/uploads\/2025\/09\/UZY-4-in-1-digital-display-puffs-100000-Best-Disposable-Vape-for-Sale.webp","datePublished":"2025-10-09T07:32:46+00:00","dateModified":"2026-04-06T11:44:12+00:00","description":"Order UZY Crystal 100000 puffs disposable vape with smart screen and 4-in-1 flavors. Best bulk sale deal for European wholesale buyers today.","breadcrumb":{"@id":"https:\/\/rmvapebang.com\/product\/uzy-crystal-100000-puffs-disposable-vape-4-in-1-bulk-sale\/#breadcrumb"},"inLanguage":"da-DK","potentialAction":[{"@type":"ReadAction","target":["https:\/\/rmvapebang.com\/product\/uzy-crystal-100000-puffs-disposable-vape-4-in-1-bulk-sale\/"]}]},{"@type":"ImageObject","inLanguage":"da-DK","@id":"https:\/\/rmvapebang.com\/product\/uzy-crystal-100000-puffs-disposable-vape-4-in-1-bulk-sale\/#primaryimage","url":"https:\/\/rmvapebang.com\/wp-content\/uploads\/2025\/09\/UZY-4-in-1-digital-display-puffs-100000-Best-Disposable-Vape-for-Sale.webp","contentUrl":"https:\/\/rmvapebang.com\/wp-content\/uploads\/2025\/09\/UZY-4-in-1-digital-display-puffs-100000-Best-Disposable-Vape-for-Sale.webp","width":800,"height":800,"caption":"UZY 4 in 1 digital display puffs 100000 Best Disposable Vape for Sale"},{"@type":"BreadcrumbList","@id":"https:\/\/rmvapebang.com\/product\/uzy-crystal-100000-puffs-disposable-vape-4-in-1-bulk-sale\/#breadcrumb","itemListElement":[{"@type":"ListItem","position":1,"name":"Home","item":"https:\/\/rmvapebang.com\/"},{"@type":"ListItem","position":2,"name":"Hot Vape Shop","item":"https:\/\/rmvapebang.com\/shop-page\/"},{"@type":"ListItem","position":3,"name":"UZY Crystal 100000 Puffs Disposable Vape 4 in 1 Bulk Sale"}]},{"@type":"WebSite","@id":"https:\/\/rmvapebang.com\/#website","url":"https:\/\/rmvapebang.com\/","name":"rmvapebang.com","description":"buy vape cheap","publisher":{"@id":"https:\/\/rmvapebang.com\/#organization"},"potentialAction":[{"@type":"SearchAction","target":{"@type":"EntryPoint","urlTemplate":"https:\/\/rmvapebang.com\/?s={search_term_string}"},"query-input":"required name=search_term_string"}],"inLanguage":"da-DK"},{"@type":"Organization","@id":"https:\/\/rmvapebang.com\/#organization","name":"rmvapebang.com","url":"https:\/\/rmvapebang.com\/","logo":{"@type":"ImageObject","inLanguage":"da-DK","@id":"https:\/\/rmvapebang.com\/#\/schema\/logo\/image\/","url":"https:\/\/rmvapebang.com\/wp-content\/uploads\/2024\/03\/cropped-RVBlogo.png","contentUrl":"https:\/\/rmvapebang.com\/wp-content\/uploads\/2024\/03\/cropped-RVBlogo.png","width":507,"height":169,"caption":"rmvapebang.com"},"image":{"@id":"https:\/\/rmvapebang.com\/#\/schema\/logo\/image\/"}}]}},"uagb_featured_image_src":{"full":["https:\/\/rmvapebang.com\/wp-content\/uploads\/2025\/09\/UZY-4-in-1-digital-display-puffs-100000-Best-Disposable-Vape-for-Sale.webp",800,800,false],"thumbnail":["https:\/\/rmvapebang.com\/wp-content\/uploads\/2025\/09\/UZY-4-in-1-digital-display-puffs-100000-Best-Disposable-Vape-for-Sale-150x150.webp",150,150,true],"medium":["https:\/\/rmvapebang.com\/wp-content\/uploads\/2025\/09\/UZY-4-in-1-digital-display-puffs-100000-Best-Disposable-Vape-for-Sale-300x300.webp",300,300,true],"medium_large":["https:\/\/rmvapebang.com\/wp-content\/uploads\/2025\/09\/UZY-4-in-1-digital-display-puffs-100000-Best-Disposable-Vape-for-Sale-768x768.webp",768,768,true],"large":["https:\/\/rmvapebang.com\/wp-content\/uploads\/2025\/09\/UZY-4-in-1-digital-display-puffs-100000-Best-Disposable-Vape-for-Sale.webp",800,800,false],"1536x1536":["https:\/\/rmvapebang.com\/wp-content\/uploads\/2025\/09\/UZY-4-in-1-digital-display-puffs-100000-Best-Disposable-Vape-for-Sale.webp",800,800,false],"2048x2048":["https:\/\/rmvapebang.com\/wp-content\/uploads\/2025\/09\/UZY-4-in-1-digital-display-puffs-100000-Best-Disposable-Vape-for-Sale.webp",800,800,false],"trp-custom-language-flag":["https:\/\/rmvapebang.com\/wp-content\/uploads\/2025\/09\/UZY-4-in-1-digital-display-puffs-100000-Best-Disposable-Vape-for-Sale-12x12.webp",12,12,true],"woocommerce_thumbnail":["https:\/\/rmvapebang.com\/wp-content\/uploads\/2025\/09\/UZY-4-in-1-digital-display-puffs-100000-Best-Disposable-Vape-for-Sale-300x300.webp",300,300,true],"woocommerce_single":["https:\/\/rmvapebang.com\/wp-content\/uploads\/2025\/09\/UZY-4-in-1-digital-display-puffs-100000-Best-Disposable-Vape-for-Sale-600x600.webp",600,600,true],"woocommerce_gallery_thumbnail":["https:\/\/rmvapebang.com\/wp-content\/uploads\/2025\/09\/UZY-4-in-1-digital-display-puffs-100000-Best-Disposable-Vape-for-Sale-100x100.webp",100,100,true],"wcpr-photo-reviews":["https:\/\/rmvapebang.com\/wp-content\/uploads\/2025\/09\/UZY-4-in-1-digital-display-puffs-100000-Best-Disposable-Vape-for-Sale.webp",500,500,false]},"uagb_author_info":{"display_name":"Lyn","author_link":"https:\/\/rmvapebang.com\/da\/author\/"},"uagb_comment_info":0,"uagb_excerpt":"NOTE: Prices on the website don\u2019t include shipping fee. Please send your zip code and address that we can check shipping costs for you. For European wholesalers, the UZY Crystal 100000 puffs vape delivers style, variety, and lasting power\u2014perfect for boosting retail appeal and ensuring steady, profitable sales in bulk. Whatsapp:+86 17840853976 Scan on whatsapp&hellip;","_links":{"self":[{"href":"https:\/\/rmvapebang.com\/da\/wp-json\/wp\/v2\/product\/5100","targetHints":{"allow":["GET"]}}],"collection":[{"href":"https:\/\/rmvapebang.com\/da\/wp-json\/wp\/v2\/product"}],"about":[{"href":"https:\/\/rmvapebang.com\/da\/wp-json\/wp\/v2\/types\/product"}],"replies":[{"embeddable":true,"href":"https:\/\/rmvapebang.com\/da\/wp-json\/wp\/v2\/comments?post=5100"}],"wp:featuredmedia":[{"embeddable":true,"href":"https:\/\/rmvapebang.com\/da\/wp-json\/wp\/v2\/media\/5054"}],"wp:attachment":[{"href":"https:\/\/rmvapebang.com\/da\/wp-json\/wp\/v2\/media?parent=5100"}],"wp:term":[{"taxonomy":"product_brand","embeddable":true,"href":"https:\/\/rmvapebang.com\/da\/wp-json\/wp\/v2\/product_brand?post=5100"},{"taxonomy":"product_cat","embeddable":true,"href":"https:\/\/rmvapebang.com\/da\/wp-json\/wp\/v2\/product_cat?post=5100"},{"taxonomy":"product_tag","embeddable":true,"href":"https:\/\/rmvapebang.com\/da\/wp-json\/wp\/v2\/product_tag?post=5100"}],"curies":[{"name":"wp","href":"https:\/\/api.w.org\/{rel}","templated":true}]}}